{"id":7291,"date":"2024-11-20T16:29:05","date_gmt":"2024-11-20T16:29:05","guid":{"rendered":"https:\/\/recambiosecogas.com\/producto\/aeb119b-conmutador-para-omvl-dream-bigas-sigas-zavoli-alisei-king-etc\/"},"modified":"2026-02-23T11:58:46","modified_gmt":"2026-02-23T10:58:46","slug":"aeb119b-conmutador-para-omvl-dream-bigas-sigas-zavoli-alisei-king-etc","status":"publish","type":"product","link":"https:\/\/recambiosecogas.com\/it\/producto\/aeb119b-conmutador-para-omvl-dream-bigas-sigas-zavoli-alisei-king-etc\/","title":{"rendered":"AEB119B Conmutador para OMVL Dream, BIGAS Sigas, ZAVOLI Alisei, KING etc."},"content":{"rendered":"<h1 data-start=\"276\" data-end=\"350\">AEB119B conmutador OMVL Dream Bigas Sigas Zavoli Alisei GLP gasolina gas<\/h1>\n<p data-start=\"352\" data-end=\"650\">El <strong data-start=\"355\" data-end=\"431\">AEB119B conmutador OMVL Dream Bigas Sigas Zavoli Alisei GLP gasolina gas<\/strong> es un interruptor dise\u00f1ado para gestionar el cambio de combustible en sistemas Autogas que utilizan electr\u00f3nica AEB119B. Permite seleccionar entre gasolina y gas y controlar el estado del sistema durante la conducci\u00f3n.<\/p>\n<p data-start=\"652\" data-end=\"795\">Se emplea como recambio compatible con plataformas OMVL Dream, Bigas Sigas, Zavoli Alisei, King y otras que integren este modelo de conmutador.<\/p>\n<hr data-start=\"797\" data-end=\"800\" \/>\n<h2 data-start=\"802\" data-end=\"858\">Interruptor AEB119B compatible con m\u00faltiples sistemas<\/h2>\n<div class=\"TyagGW_tableContainer\">\n<div class=\"group TyagGW_tableWrapper flex flex-col-reverse w-fit\" tabindex=\"-1\">\n<table class=\"w-fit min-w-(--thread-content-width)\" data-start=\"860\" data-end=\"1185\">\n<thead data-start=\"860\" data-end=\"888\">\n<tr data-start=\"860\" data-end=\"888\">\n<th class=\"\" data-start=\"860\" data-end=\"877\" data-col-size=\"sm\">Caracter\u00edstica<\/th>\n<th class=\"\" data-start=\"877\" data-end=\"888\" data-col-size=\"md\">Detalle<\/th>\n<\/tr>\n<\/thead>\n<tbody data-start=\"918\" data-end=\"1185\">\n<tr data-start=\"918\" data-end=\"958\">\n<td data-start=\"918\" data-end=\"929\" data-col-size=\"sm\">Producto<\/td>\n<td data-start=\"929\" data-end=\"958\" data-col-size=\"md\">Conmutador de combustible<\/td>\n<\/tr>\n<tr data-start=\"959\" data-end=\"986\">\n<td data-start=\"959\" data-end=\"979\" data-col-size=\"sm\">Marca electr\u00f3nica<\/td>\n<td data-start=\"979\" data-end=\"986\" data-col-size=\"md\">AEB<\/td>\n<\/tr>\n<tr data-start=\"987\" data-end=\"1004\">\n<td data-start=\"987\" data-end=\"996\" data-col-size=\"sm\">Modelo<\/td>\n<td data-start=\"996\" data-end=\"1004\" data-col-size=\"md\">119B<\/td>\n<\/tr>\n<tr data-start=\"1005\" data-end=\"1079\">\n<td data-start=\"1005\" data-end=\"1028\" data-col-size=\"sm\">Sistemas compatibles<\/td>\n<td data-start=\"1028\" data-end=\"1079\" data-col-size=\"md\">OMVL Dream \/ Bigas Sigas \/ Zavoli Alisei \/ King<\/td>\n<\/tr>\n<tr data-start=\"1080\" data-end=\"1115\">\n<td data-start=\"1080\" data-end=\"1090\" data-col-size=\"sm\">Funci\u00f3n<\/td>\n<td data-start=\"1090\" data-end=\"1115\" data-col-size=\"md\">Cambio gasolina \/ gas<\/td>\n<\/tr>\n<tr data-start=\"1116\" data-end=\"1145\">\n<td data-start=\"1116\" data-end=\"1129\" data-col-size=\"sm\">Aplicaci\u00f3n<\/td>\n<td data-start=\"1129\" data-end=\"1145\" data-col-size=\"md\">Sistemas GLP<\/td>\n<\/tr>\n<tr data-start=\"1146\" data-end=\"1185\">\n<td data-start=\"1146\" data-end=\"1160\" data-col-size=\"sm\">Instalaci\u00f3n<\/td>\n<td data-start=\"1160\" data-end=\"1185\" data-col-size=\"md\">Interior del veh\u00edculo<\/td>\n<\/tr>\n<\/tbody>\n<\/table>\n<\/div>\n<\/div>\n<hr data-start=\"1187\" data-end=\"1190\" \/>\n<h2 data-start=\"1192\" data-end=\"1246\">Compatibilidad con plataformas OMVL, Bigas y Zavoli<\/h2>\n<p data-start=\"1248\" data-end=\"1341\">Compatible con instalaciones Autogas que utilicen centralitas basadas en electr\u00f3nica AEB119B.<\/p>\n<p data-start=\"1343\" data-end=\"1437\">Antes de la sustituci\u00f3n, verificar referencia exacta y tipo de conexi\u00f3n del sistema instalado.<\/p>\n<hr data-start=\"1439\" data-end=\"1442\" \/>\n<h2 data-start=\"1444\" data-end=\"1474\">Ventajas del switch AEB119B<\/h2>\n<ul data-start=\"1476\" data-end=\"1688\">\n<li data-start=\"1476\" data-end=\"1512\">\n<p data-start=\"1478\" data-end=\"1512\">Cambio r\u00e1pido entre combustibles<\/p>\n<\/li>\n<li data-start=\"1513\" data-end=\"1560\">\n<p data-start=\"1515\" data-end=\"1560\">Amplia compatibilidad con diferentes marcas<\/p>\n<\/li>\n<li data-start=\"1561\" data-end=\"1616\">\n<p data-start=\"1563\" data-end=\"1616\">Integraci\u00f3n con sistemas basados en electr\u00f3nica AEB<\/p>\n<\/li>\n<li data-start=\"1617\" data-end=\"1648\">\n<p data-start=\"1619\" data-end=\"1648\">Manejo sencillo e intuitivo<\/p>\n<\/li>\n<li data-start=\"1649\" data-end=\"1688\">\n<p data-start=\"1651\" data-end=\"1688\">Recambio t\u00e9cnico para mantenimiento<\/p>\n<\/li>\n<\/ul>\n<hr data-start=\"1690\" data-end=\"1693\" \/>\n<h2 data-start=\"1695\" data-end=\"1701\">FAQ<\/h2>\n<p data-start=\"1703\" data-end=\"1810\"><strong data-start=\"1703\" data-end=\"1744\">\u00bfPara qu\u00e9 sirve este conmutador 119B?<\/strong><br data-start=\"1744\" data-end=\"1747\" \/>Permite gestionar el cambio entre gasolina y gas en el sistema.<\/p>\n<p data-start=\"1812\" data-end=\"1939\"><strong data-start=\"1812\" data-end=\"1846\">\u00bfCon qu\u00e9 marcas es compatible?<\/strong><br data-start=\"1846\" data-end=\"1849\" \/>Con OMVL Dream, Bigas Sigas, Zavoli Alisei, King y otras plataformas que utilicen AEB119B.<\/p>\n<p data-start=\"1941\" data-end=\"2002\"><strong data-start=\"1941\" data-end=\"1963\">\u00bfFunciona con GLP?<\/strong><br data-start=\"1963\" data-end=\"1966\" \/>S\u00ed, en sistemas Autogas compatibles.<\/p>\n<p data-start=\"2004\" data-end=\"2097\"><strong data-start=\"2004\" data-end=\"2042\">\u00bfRequiere instalaci\u00f3n profesional?<\/strong><br data-start=\"2042\" data-end=\"2045\" \/>Se recomienda instalaci\u00f3n por t\u00e9cnico especializado.<\/p>\n","protected":false},"excerpt":{"rendered":"<p>AEB119B Conmutador para OMVL Dream, BIGAS Sigas, ZAVOLI Alisei, KING etc.<\/p>\n","protected":false},"featured_media":7716,"comment_status":"closed","ping_status":"closed","template":"","meta":{"googlesitekit_rrm_CAowud7EDA:productID":"","_uag_custom_page_level_css":""},"product_brand":[959,608,1002,999],"product_cat":[93,297,300,38,471],"product_tag":[],"class_list":{"0":"post-7291","1":"product","2":"type-product","3":"status-publish","4":"has-post-thumbnail","6":"product_brand-aeb-electronics","7":"product_brand-bigas-bigas","8":"product_brand-omvl","9":"product_brand-zavoli","10":"product_cat-bigas","11":"product_cat-electronica","12":"product_cat-interruptores","13":"product_cat-omvl","14":"product_cat-zavoli","16":"first","17":"onbackorder","18":"taxable","19":"shipping-taxable","20":"purchasable","21":"product-type-simple"},"ct_brands":[{"id":959,"name":"AEB ELECTRONICS","slug":"aeb-electronics"},{"id":608,"name":"BIGAS","slug":"bigas-bigas"},{"id":1002,"name":"OMVL","slug":"omvl"},{"id":999,"name":"ZAVOLI","slug":"zavoli"}],"yoast_head":"<!-- This site is optimized with the Yoast SEO Premium plugin v27.3 (Yoast SEO v27.3) - https:\/\/yoast.com\/product\/yoast-seo-premium-wordpress\/ -->\n<title>AEB119B conmutador OMVL Dream Bigas Sigas GLP | Recambios EcoGas<\/title>\n<meta name=\"description\" content=\"Conmutador AEB119B compatible con OMVL Dream, Bigas Sigas, Zavoli Alisei y King. Interruptor para sistemas Autogas GLP.\" \/>\n<meta name=\"robots\" content=\"index, follow, max-snippet:-1, max-image-preview:large, max-video-preview:-1\" \/>\n<link rel=\"canonical\" href=\"https:\/\/recambiosecogas.com\/it\/producto\/aeb119b-conmutador-para-omvl-dream-bigas-sigas-zavoli-alisei-king-etc\/\" \/>\n<meta property=\"og:locale\" content=\"it_IT\" \/>\n<meta property=\"og:type\" content=\"article\" \/>\n<meta property=\"og:title\" content=\"AEB119B Conmutador para OMVL Dream, BIGAS Sigas, ZAVOLI Alisei, KING etc.\" \/>\n<meta property=\"og:description\" content=\"Conmutador AEB119B compatible con OMVL Dream, Bigas Sigas, Zavoli Alisei y King. Interruptor para sistemas Autogas GLP.\" \/>\n<meta property=\"og:url\" content=\"https:\/\/recambiosecogas.com\/it\/producto\/aeb119b-conmutador-para-omvl-dream-bigas-sigas-zavoli-alisei-king-etc\/\" \/>\n<meta property=\"og:site_name\" content=\"Recambios EcoGas\" \/>\n<meta property=\"article:publisher\" content=\"https:\/\/www.facebook.com\/profile.php?id=100062419705358\" \/>\n<meta property=\"article:modified_time\" content=\"2026-02-23T10:58:46+00:00\" \/>\n<meta property=\"og:image\" content=\"https:\/\/recambiosecogas.com\/wp-content\/uploads\/2024\/11\/AEB119B-Conmutador-para-OMVL-Dream-BIGAS-Sigas-ZAVOLI-Alisei-KING-etc-png.webp\" \/>\n\t<meta property=\"og:image:width\" content=\"1000\" \/>\n\t<meta property=\"og:image:height\" content=\"1000\" \/>\n\t<meta property=\"og:image:type\" content=\"image\/png\" \/>\n<meta name=\"twitter:card\" content=\"summary_large_image\" \/>\n<meta name=\"twitter:label1\" content=\"Prezzo\" \/>\n\t<meta name=\"twitter:data1\" content=\"15,10&nbsp;&euro; (IVA incl.: 18,27&nbsp;&euro;)\" \/>\n\t<meta name=\"twitter:label2\" content=\"Disponibilit\u00e0\" \/>\n\t<meta name=\"twitter:data2\" content=\"Su ordinazione\" \/>\n<script type=\"application\/ld+json\" class=\"yoast-schema-graph\">{\"@context\":\"https:\\\/\\\/schema.org\",\"@graph\":[{\"@type\":\"WebPage\",\"@id\":\"https:\\\/\\\/recambiosecogas.com\\\/it\\\/producto\\\/aeb119b-conmutador-para-omvl-dream-bigas-sigas-zavoli-alisei-king-etc\\\/\",\"url\":\"https:\\\/\\\/recambiosecogas.com\\\/it\\\/producto\\\/aeb119b-conmutador-para-omvl-dream-bigas-sigas-zavoli-alisei-king-etc\\\/\",\"name\":\"AEB119B conmutador OMVL Dream Bigas Sigas GLP | Recambios EcoGas\",\"isPartOf\":{\"@id\":\"https:\\\/\\\/recambiosecogas.com\\\/it\\\/#website\"},\"primaryImageOfPage\":{\"@id\":\"https:\\\/\\\/recambiosecogas.com\\\/it\\\/producto\\\/aeb119b-conmutador-para-omvl-dream-bigas-sigas-zavoli-alisei-king-etc\\\/#primaryimage\"},\"image\":{\"@id\":\"https:\\\/\\\/recambiosecogas.com\\\/it\\\/producto\\\/aeb119b-conmutador-para-omvl-dream-bigas-sigas-zavoli-alisei-king-etc\\\/#primaryimage\"},\"thumbnailUrl\":\"https:\\\/\\\/recambiosecogas.com\\\/wp-content\\\/uploads\\\/2024\\\/11\\\/AEB119B-Conmutador-para-OMVL-Dream-BIGAS-Sigas-ZAVOLI-Alisei-KING-etc-png.webp\",\"datePublished\":\"2024-11-20T16:29:05+00:00\",\"dateModified\":\"2026-02-23T10:58:46+00:00\",\"description\":\"Conmutador AEB119B compatible con OMVL Dream, Bigas Sigas, Zavoli Alisei y King. Interruptor para sistemas Autogas GLP.\",\"breadcrumb\":{\"@id\":\"https:\\\/\\\/recambiosecogas.com\\\/it\\\/producto\\\/aeb119b-conmutador-para-omvl-dream-bigas-sigas-zavoli-alisei-king-etc\\\/#breadcrumb\"},\"inLanguage\":\"it-IT\",\"potentialAction\":[{\"@type\":\"ReadAction\",\"target\":[\"https:\\\/\\\/recambiosecogas.com\\\/it\\\/producto\\\/aeb119b-conmutador-para-omvl-dream-bigas-sigas-zavoli-alisei-king-etc\\\/\"]}]},{\"@type\":\"ImageObject\",\"inLanguage\":\"it-IT\",\"@id\":\"https:\\\/\\\/recambiosecogas.com\\\/it\\\/producto\\\/aeb119b-conmutador-para-omvl-dream-bigas-sigas-zavoli-alisei-king-etc\\\/#primaryimage\",\"url\":\"https:\\\/\\\/recambiosecogas.com\\\/wp-content\\\/uploads\\\/2024\\\/11\\\/AEB119B-Conmutador-para-OMVL-Dream-BIGAS-Sigas-ZAVOLI-Alisei-KING-etc-png.webp\",\"contentUrl\":\"https:\\\/\\\/recambiosecogas.com\\\/wp-content\\\/uploads\\\/2024\\\/11\\\/AEB119B-Conmutador-para-OMVL-Dream-BIGAS-Sigas-ZAVOLI-Alisei-KING-etc-png.webp\",\"width\":1000,\"height\":1000},{\"@type\":\"BreadcrumbList\",\"@id\":\"https:\\\/\\\/recambiosecogas.com\\\/it\\\/producto\\\/aeb119b-conmutador-para-omvl-dream-bigas-sigas-zavoli-alisei-king-etc\\\/#breadcrumb\",\"itemListElement\":[{\"@type\":\"ListItem\",\"position\":1,\"name\":\"Portada\",\"item\":\"https:\\\/\\\/recambiosecogas.com\\\/it\\\/\"},{\"@type\":\"ListItem\",\"position\":2,\"name\":\"Negozio\",\"item\":\"https:\\\/\\\/recambiosecogas.com\\\/it\\\/?page_id=46382\"},{\"@type\":\"ListItem\",\"position\":3,\"name\":\"AEB119B Conmutador para OMVL Dream, BIGAS Sigas, ZAVOLI Alisei, KING etc.\"}]},{\"@type\":\"WebSite\",\"@id\":\"https:\\\/\\\/recambiosecogas.com\\\/it\\\/#website\",\"url\":\"https:\\\/\\\/recambiosecogas.com\\\/it\\\/\",\"name\":\"Recambios EcoGas\",\"description\":\"Recambios Multimarca para sistemas de GLP\\\/GNC\\\/GNL\\\/Hidr\u00f3geno\",\"publisher\":{\"@id\":\"https:\\\/\\\/recambiosecogas.com\\\/it\\\/#organization\"},\"alternateName\":\"Recambios Autogas GLP\",\"potentialAction\":[{\"@type\":\"SearchAction\",\"target\":{\"@type\":\"EntryPoint\",\"urlTemplate\":\"https:\\\/\\\/recambiosecogas.com\\\/it\\\/?s={search_term_string}\"},\"query-input\":{\"@type\":\"PropertyValueSpecification\",\"valueRequired\":true,\"valueName\":\"search_term_string\"}}],\"inLanguage\":\"it-IT\"},{\"@type\":[\"Organization\",\"Place\"],\"@id\":\"https:\\\/\\\/recambiosecogas.com\\\/it\\\/#organization\",\"name\":\"Recambios EcoGas\",\"alternateName\":\"Tienda Online GLP Espa\u00f1a\",\"url\":\"https:\\\/\\\/recambiosecogas.com\\\/it\\\/\",\"logo\":{\"@id\":\"https:\\\/\\\/recambiosecogas.com\\\/it\\\/producto\\\/aeb119b-conmutador-para-omvl-dream-bigas-sigas-zavoli-alisei-king-etc\\\/#local-main-organization-logo\"},\"image\":{\"@id\":\"https:\\\/\\\/recambiosecogas.com\\\/it\\\/producto\\\/aeb119b-conmutador-para-omvl-dream-bigas-sigas-zavoli-alisei-king-etc\\\/#local-main-organization-logo\"},\"sameAs\":[\"https:\\\/\\\/www.facebook.com\\\/profile.php?id=100062419705358\",\"https:\\\/\\\/www.instagram.com\\\/segimon_automocio\"],\"description\":\"Recambios EcoGas \u2013 Venta y distribuci\u00f3n de sistemas GLP y GNC en Espa\u00f1a y Portugal. Env\u00edos 24 h, soporte t\u00e9cnico a talleres y distribuidores.\",\"hasMerchantReturnPolicy\":{\"@type\":\"MerchantReturnPolicy\",\"merchantReturnLink\":\"https:\\\/\\\/recambiosecogas.com\\\/politicas-privacidad\\\/\"},\"address\":{\"@id\":\"https:\\\/\\\/recambiosecogas.com\\\/it\\\/producto\\\/aeb119b-conmutador-para-omvl-dream-bigas-sigas-zavoli-alisei-king-etc\\\/#local-main-place-address\"},\"telephone\":[\"616250633\"],\"contactPoint\":{\"@type\":\"ContactPoint\",\"email\":\"export@recambiosecogas.com\"},\"openingHoursSpecification\":[{\"@type\":\"OpeningHoursSpecification\",\"dayOfWeek\":[\"Monday\",\"Tuesday\",\"Wednesday\",\"Thursday\",\"Friday\",\"Saturday\",\"Sunday\"],\"opens\":\"09:00\",\"closes\":\"17:00\"}],\"email\":\"info@recambiosecogas.com\",\"faxNumber\":\"SEGIMON AUTOMOCION SL\",\"vatID\":\"ESB19819861\",\"globalLocationNumber\":\"938 616 339\"},{\"@type\":\"PostalAddress\",\"@id\":\"https:\\\/\\\/recambiosecogas.com\\\/it\\\/producto\\\/aeb119b-conmutador-para-omvl-dream-bigas-sigas-zavoli-alisei-king-etc\\\/#local-main-place-address\",\"streetAddress\":\"cami antic de vic, 29 (Nave 3), Pol\u00edgono Industrial Congost\",\"addressLocality\":\"CORRO D`AVALL\",\"postalCode\":\"08520\",\"addressRegion\":\"Barcelona\",\"addressCountry\":\"ES\"},{\"@type\":\"ImageObject\",\"inLanguage\":\"it-IT\",\"@id\":\"https:\\\/\\\/recambiosecogas.com\\\/it\\\/producto\\\/aeb119b-conmutador-para-omvl-dream-bigas-sigas-zavoli-alisei-king-etc\\\/#local-main-organization-logo\",\"url\":\"https:\\\/\\\/recambiosecogas.com\\\/wp-content\\\/uploads\\\/2024\\\/11\\\/cropped-RECAMBIOS-GLP-png.webp\",\"contentUrl\":\"https:\\\/\\\/recambiosecogas.com\\\/wp-content\\\/uploads\\\/2024\\\/11\\\/cropped-RECAMBIOS-GLP-png.webp\",\"width\":512,\"height\":512,\"caption\":\"Recambios EcoGas\"}]}<\/script>\n<meta property=\"product:brand\" content=\"AEB ELECTRONICS\" \/>\n<meta property=\"product:price:amount\" content=\"15.10\" \/>\n<meta property=\"product:price:currency\" content=\"EUR\" \/>\n<meta property=\"og:availability\" content=\"backorder\" \/>\n<meta property=\"product:availability\" content=\"available for order\" \/>\n<meta property=\"product:retailer_item_id\" content=\"100059\" \/>\n<meta property=\"product:condition\" content=\"new\" \/>\n<meta name=\"geo.placename\" content=\"CORRO D`AVALL\" \/>\n<meta name=\"geo.region\" content=\"Spagna\" \/>\n<!-- \/ Yoast SEO Premium plugin. -->","yoast_head_json":{"title":"AEB119B conmutador OMVL Dream Bigas Sigas GLP | Recambios EcoGas","description":"Conmutador AEB119B compatible con OMVL Dream, Bigas Sigas, Zavoli Alisei y King. Interruptor para sistemas Autogas GLP.","robots":{"index":"index","follow":"follow","max-snippet":"max-snippet:-1","max-image-preview":"max-image-preview:large","max-video-preview":"max-video-preview:-1"},"canonical":"https:\/\/recambiosecogas.com\/it\/producto\/aeb119b-conmutador-para-omvl-dream-bigas-sigas-zavoli-alisei-king-etc\/","og_locale":"it_IT","og_type":"article","og_title":"AEB119B Conmutador para OMVL Dream, BIGAS Sigas, ZAVOLI Alisei, KING etc.","og_description":"Conmutador AEB119B compatible con OMVL Dream, Bigas Sigas, Zavoli Alisei y King. Interruptor para sistemas Autogas GLP.","og_url":"https:\/\/recambiosecogas.com\/it\/producto\/aeb119b-conmutador-para-omvl-dream-bigas-sigas-zavoli-alisei-king-etc\/","og_site_name":"Recambios EcoGas","article_publisher":"https:\/\/www.facebook.com\/profile.php?id=100062419705358","article_modified_time":"2026-02-23T10:58:46+00:00","og_image":[{"width":1000,"height":1000,"url":"https:\/\/recambiosecogas.com\/wp-content\/uploads\/2024\/11\/AEB119B-Conmutador-para-OMVL-Dream-BIGAS-Sigas-ZAVOLI-Alisei-KING-etc-png.webp","type":"image\/png"}],"twitter_card":"summary_large_image","twitter_misc":{"Prezzo":"15,10&nbsp;&euro; (IVA incl.: 18,27&nbsp;&euro;)","Disponibilit\u00e0":"Su ordinazione"},"schema":{"@context":"https:\/\/schema.org","@graph":[{"@type":"WebPage","@id":"https:\/\/recambiosecogas.com\/it\/producto\/aeb119b-conmutador-para-omvl-dream-bigas-sigas-zavoli-alisei-king-etc\/","url":"https:\/\/recambiosecogas.com\/it\/producto\/aeb119b-conmutador-para-omvl-dream-bigas-sigas-zavoli-alisei-king-etc\/","name":"AEB119B conmutador OMVL Dream Bigas Sigas GLP | Recambios EcoGas","isPartOf":{"@id":"https:\/\/recambiosecogas.com\/it\/#website"},"primaryImageOfPage":{"@id":"https:\/\/recambiosecogas.com\/it\/producto\/aeb119b-conmutador-para-omvl-dream-bigas-sigas-zavoli-alisei-king-etc\/#primaryimage"},"image":{"@id":"https:\/\/recambiosecogas.com\/it\/producto\/aeb119b-conmutador-para-omvl-dream-bigas-sigas-zavoli-alisei-king-etc\/#primaryimage"},"thumbnailUrl":"https:\/\/recambiosecogas.com\/wp-content\/uploads\/2024\/11\/AEB119B-Conmutador-para-OMVL-Dream-BIGAS-Sigas-ZAVOLI-Alisei-KING-etc-png.webp","datePublished":"2024-11-20T16:29:05+00:00","dateModified":"2026-02-23T10:58:46+00:00","description":"Conmutador AEB119B compatible con OMVL Dream, Bigas Sigas, Zavoli Alisei y King. Interruptor para sistemas Autogas GLP.","breadcrumb":{"@id":"https:\/\/recambiosecogas.com\/it\/producto\/aeb119b-conmutador-para-omvl-dream-bigas-sigas-zavoli-alisei-king-etc\/#breadcrumb"},"inLanguage":"it-IT","potentialAction":[{"@type":"ReadAction","target":["https:\/\/recambiosecogas.com\/it\/producto\/aeb119b-conmutador-para-omvl-dream-bigas-sigas-zavoli-alisei-king-etc\/"]}]},{"@type":"ImageObject","inLanguage":"it-IT","@id":"https:\/\/recambiosecogas.com\/it\/producto\/aeb119b-conmutador-para-omvl-dream-bigas-sigas-zavoli-alisei-king-etc\/#primaryimage","url":"https:\/\/recambiosecogas.com\/wp-content\/uploads\/2024\/11\/AEB119B-Conmutador-para-OMVL-Dream-BIGAS-Sigas-ZAVOLI-Alisei-KING-etc-png.webp","contentUrl":"https:\/\/recambiosecogas.com\/wp-content\/uploads\/2024\/11\/AEB119B-Conmutador-para-OMVL-Dream-BIGAS-Sigas-ZAVOLI-Alisei-KING-etc-png.webp","width":1000,"height":1000},{"@type":"BreadcrumbList","@id":"https:\/\/recambiosecogas.com\/it\/producto\/aeb119b-conmutador-para-omvl-dream-bigas-sigas-zavoli-alisei-king-etc\/#breadcrumb","itemListElement":[{"@type":"ListItem","position":1,"name":"Portada","item":"https:\/\/recambiosecogas.com\/it\/"},{"@type":"ListItem","position":2,"name":"Negozio","item":"https:\/\/recambiosecogas.com\/it\/?page_id=46382"},{"@type":"ListItem","position":3,"name":"AEB119B Conmutador para OMVL Dream, BIGAS Sigas, ZAVOLI Alisei, KING etc."}]},{"@type":"WebSite","@id":"https:\/\/recambiosecogas.com\/it\/#website","url":"https:\/\/recambiosecogas.com\/it\/","name":"Recambios EcoGas","description":"Recambios Multimarca para sistemas de GLP\/GNC\/GNL\/Hidr\u00f3geno","publisher":{"@id":"https:\/\/recambiosecogas.com\/it\/#organization"},"alternateName":"Recambios Autogas GLP","potentialAction":[{"@type":"SearchAction","target":{"@type":"EntryPoint","urlTemplate":"https:\/\/recambiosecogas.com\/it\/?s={search_term_string}"},"query-input":{"@type":"PropertyValueSpecification","valueRequired":true,"valueName":"search_term_string"}}],"inLanguage":"it-IT"},{"@type":["Organization","Place"],"@id":"https:\/\/recambiosecogas.com\/it\/#organization","name":"Recambios EcoGas","alternateName":"Tienda Online GLP Espa\u00f1a","url":"https:\/\/recambiosecogas.com\/it\/","logo":{"@id":"https:\/\/recambiosecogas.com\/it\/producto\/aeb119b-conmutador-para-omvl-dream-bigas-sigas-zavoli-alisei-king-etc\/#local-main-organization-logo"},"image":{"@id":"https:\/\/recambiosecogas.com\/it\/producto\/aeb119b-conmutador-para-omvl-dream-bigas-sigas-zavoli-alisei-king-etc\/#local-main-organization-logo"},"sameAs":["https:\/\/www.facebook.com\/profile.php?id=100062419705358","https:\/\/www.instagram.com\/segimon_automocio"],"description":"Recambios EcoGas \u2013 Venta y distribuci\u00f3n de sistemas GLP y GNC en Espa\u00f1a y Portugal. Env\u00edos 24 h, soporte t\u00e9cnico a talleres y distribuidores.","hasMerchantReturnPolicy":{"@type":"MerchantReturnPolicy","merchantReturnLink":"https:\/\/recambiosecogas.com\/politicas-privacidad\/"},"address":{"@id":"https:\/\/recambiosecogas.com\/it\/producto\/aeb119b-conmutador-para-omvl-dream-bigas-sigas-zavoli-alisei-king-etc\/#local-main-place-address"},"telephone":["616250633"],"contactPoint":{"@type":"ContactPoint","email":"export@recambiosecogas.com"},"openingHoursSpecification":[{"@type":"OpeningHoursSpecification","dayOfWeek":["Monday","Tuesday","Wednesday","Thursday","Friday","Saturday","Sunday"],"opens":"09:00","closes":"17:00"}],"email":"info@recambiosecogas.com","faxNumber":"SEGIMON AUTOMOCION SL","vatID":"ESB19819861","globalLocationNumber":"938 616 339"},{"@type":"PostalAddress","@id":"https:\/\/recambiosecogas.com\/it\/producto\/aeb119b-conmutador-para-omvl-dream-bigas-sigas-zavoli-alisei-king-etc\/#local-main-place-address","streetAddress":"cami antic de vic, 29 (Nave 3), Pol\u00edgono Industrial Congost","addressLocality":"CORRO D`AVALL","postalCode":"08520","addressRegion":"Barcelona","addressCountry":"ES"},{"@type":"ImageObject","inLanguage":"it-IT","@id":"https:\/\/recambiosecogas.com\/it\/producto\/aeb119b-conmutador-para-omvl-dream-bigas-sigas-zavoli-alisei-king-etc\/#local-main-organization-logo","url":"https:\/\/recambiosecogas.com\/wp-content\/uploads\/2024\/11\/cropped-RECAMBIOS-GLP-png.webp","contentUrl":"https:\/\/recambiosecogas.com\/wp-content\/uploads\/2024\/11\/cropped-RECAMBIOS-GLP-png.webp","width":512,"height":512,"caption":"Recambios EcoGas"}]},"product_brand":"AEB ELECTRONICS","product_price_amount":"15.10","product_price_currency":"EUR","og_availability":"backorder","product_availability":"available for order","product_retailer_item_id":"100059","product_condition":"new","geo.placename":"CORRO D`AVALL","geo.region":"Spagna"},"uagb_featured_image_src":{"full":["https:\/\/recambiosecogas.com\/wp-content\/uploads\/2024\/11\/AEB119B-Conmutador-para-OMVL-Dream-BIGAS-Sigas-ZAVOLI-Alisei-KING-etc-png.webp",1000,1000,false],"thumbnail":["https:\/\/recambiosecogas.com\/wp-content\/uploads\/2024\/11\/AEB119B-Conmutador-para-OMVL-Dream-BIGAS-Sigas-ZAVOLI-Alisei-KING-etc-150x150.webp",150,150,true],"medium":["https:\/\/recambiosecogas.com\/wp-content\/uploads\/2024\/11\/AEB119B-Conmutador-para-OMVL-Dream-BIGAS-Sigas-ZAVOLI-Alisei-KING-etc-300x300.webp",300,300,true],"medium_large":["https:\/\/recambiosecogas.com\/wp-content\/uploads\/2024\/11\/AEB119B-Conmutador-para-OMVL-Dream-BIGAS-Sigas-ZAVOLI-Alisei-KING-etc-768x768.webp",768,768,true],"large":["https:\/\/recambiosecogas.com\/wp-content\/uploads\/2024\/11\/AEB119B-Conmutador-para-OMVL-Dream-BIGAS-Sigas-ZAVOLI-Alisei-KING-etc-png.webp",1000,1000,false],"1536x1536":["https:\/\/recambiosecogas.com\/wp-content\/uploads\/2024\/11\/AEB119B-Conmutador-para-OMVL-Dream-BIGAS-Sigas-ZAVOLI-Alisei-KING-etc-png.webp",1000,1000,false],"2048x2048":["https:\/\/recambiosecogas.com\/wp-content\/uploads\/2024\/11\/AEB119B-Conmutador-para-OMVL-Dream-BIGAS-Sigas-ZAVOLI-Alisei-KING-etc-png.webp",1000,1000,false],"woocommerce_archive_thumbnail":["https:\/\/recambiosecogas.com\/wp-content\/uploads\/2024\/11\/AEB119B-Conmutador-para-OMVL-Dream-BIGAS-Sigas-ZAVOLI-Alisei-KING-etc-png.webp",1000,1000,false],"woocommerce_thumbnail":["https:\/\/recambiosecogas.com\/wp-content\/uploads\/2024\/11\/AEB119B-Conmutador-para-OMVL-Dream-BIGAS-Sigas-ZAVOLI-Alisei-KING-etc-png-300x300.webp",300,300,true],"woocommerce_single":["https:\/\/recambiosecogas.com\/wp-content\/uploads\/2024\/11\/AEB119B-Conmutador-para-OMVL-Dream-BIGAS-Sigas-ZAVOLI-Alisei-KING-etc-png.webp",1000,1000,false],"woocommerce_gallery_thumbnail":["https:\/\/recambiosecogas.com\/wp-content\/uploads\/2024\/11\/AEB119B-Conmutador-para-OMVL-Dream-BIGAS-Sigas-ZAVOLI-Alisei-KING-etc-png.webp",1000,1000,false],"dgwt-wcas-product-suggestion":["https:\/\/recambiosecogas.com\/wp-content\/uploads\/2024\/11\/AEB119B-Conmutador-para-OMVL-Dream-BIGAS-Sigas-ZAVOLI-Alisei-KING-etc-png-64x64.webp",64,64,true]},"uagb_author_info":{"display_name":"Fran - Soporte T\u00e9cnico","author_link":"https:\/\/recambiosecogas.com\/it\/author\/"},"uagb_comment_info":0,"uagb_excerpt":"AEB119B Conmutador para OMVL Dream, BIGAS Sigas, ZAVOLI Alisei, KING etc.","_links":{"self":[{"href":"https:\/\/recambiosecogas.com\/it\/wp-json\/wp\/v2\/product\/7291","targetHints":{"allow":["GET"]}}],"collection":[{"href":"https:\/\/recambiosecogas.com\/it\/wp-json\/wp\/v2\/product"}],"about":[{"href":"https:\/\/recambiosecogas.com\/it\/wp-json\/wp\/v2\/types\/product"}],"replies":[{"embeddable":true,"href":"https:\/\/recambiosecogas.com\/it\/wp-json\/wp\/v2\/comments?post=7291"}],"wp:featuredmedia":[{"embeddable":true,"href":"https:\/\/recambiosecogas.com\/it\/wp-json\/wp\/v2\/media\/7716"}],"wp:attachment":[{"href":"https:\/\/recambiosecogas.com\/it\/wp-json\/wp\/v2\/media?parent=7291"}],"wp:term":[{"taxonomy":"product_brand","embeddable":true,"href":"https:\/\/recambiosecogas.com\/it\/wp-json\/wp\/v2\/product_brand?post=7291"},{"taxonomy":"product_cat","embeddable":true,"href":"https:\/\/recambiosecogas.com\/it\/wp-json\/wp\/v2\/product_cat?post=7291"},{"taxonomy":"product_tag","embeddable":true,"href":"https:\/\/recambiosecogas.com\/it\/wp-json\/wp\/v2\/product_tag?post=7291"}],"curies":[{"name":"wp","href":"https:\/\/api.w.org\/{rel}","templated":true}]}}