{"id":7265,"date":"2024-11-20T17:28:18","date_gmt":"2024-11-20T16:28:18","guid":{"rendered":"https:\/\/recambiosecogas.com\/producto\/landi-renzo-omegas-direct-1-0-3-0-arnes-de-cables-de-4-cilindros-gi25\/"},"modified":"2026-03-18T10:58:17","modified_gmt":"2026-03-18T09:58:17","slug":"landi-renzo-omegas-direct-1-0-3-0-arnes-de-cables-de-4-cilindros-gi25","status":"publish","type":"product","link":"https:\/\/recambiosecogas.com\/it\/producto\/landi-renzo-omegas-direct-1-0-3-0-arnes-de-cables-de-4-cilindros-gi25\/","title":{"rendered":"Landi Renzo Omegas DIRECT 1.0 &#038; 3.0 &#8211; arn\u00e9s de cables de 4 cilindros (GI25)"},"content":{"rendered":"<p>Arn\u00e9s de cables Landi Renzo Omegas DIRECT 1.0 &#038; 3.0 es un componente esencial para sistemas de gas GLP, dise\u00f1ado espec\u00edficamente para veh\u00edculos con configuraciones de 4 cilindros. Este arn\u00e9s permite una conexi\u00f3n adecuada entre los diferentes elementos del sistema, asegurando un funcionamiento \u00f3ptimo y seguro.<\/p>\n<p>Este arn\u00e9s de cables es fundamental para la correcta integraci\u00f3n de los sistemas de inyecci\u00f3n de gas, facilitando la comunicaci\u00f3n entre los inyectores y el sistema de control. Su dise\u00f1o est\u00e1 optimizado para minimizar interferencias y garantizar una transmisi\u00f3n de se\u00f1ales eficiente, lo que es crucial para el rendimiento del motor y la seguridad del sistema de Autogas.<\/p>\n<p>El uso de un arn\u00e9s de cables adecuado es vital en situaciones de reemplazo o instalaci\u00f3n de sistemas GLP, ya que asegura que todos los componentes funcionen de manera coordinada. Es recomendable verificar la referencia original antes de realizar la compra para asegurar la compatibilidad con el sistema existente.<\/p>\n<p>Compatibilidad<br \/>\nCompatible con veh\u00edculos equipados con sistemas GLP de 4 cilindros. Se recomienda verificar la referencia original antes de realizar la compra.<\/p>\n","protected":false},"excerpt":{"rendered":"<p>Arn\u00e9s de cables Landi Renzo Omegas DIRECT 1.0 &#038; 3.0 para sistemas GLP de 4 cilindros. Garantiza una conexi\u00f3n segura y eficiente.<\/p>\n","protected":false},"featured_media":7742,"comment_status":"closed","ping_status":"closed","template":"","meta":{"googlesitekit_rrm_CAowud7EDA:productID":"","_uag_custom_page_level_css":""},"product_brand":[997],"product_cat":[297,299],"product_tag":[],"class_list":{"0":"post-7265","1":"product","2":"type-product","3":"status-publish","4":"has-post-thumbnail","6":"product_brand-landi-renzo","7":"product_cat-electronica","8":"product_cat-mazos-de-cables","10":"first","11":"onbackorder","12":"taxable","13":"shipping-taxable","14":"purchasable","15":"product-type-simple"},"ct_brands":[{"id":997,"name":"Landi Renzo","slug":"landi-renzo"}],"yoast_head":"<!-- This site is optimized with the Yoast SEO Premium plugin v27.4 (Yoast SEO v27.4) - https:\/\/yoast.com\/product\/yoast-seo-premium-wordpress\/ -->\n<title>Landi Renzo Omegas DIRECT 1.0 &amp; 3.0 arn\u00e9s de cables | Recambios Ecogas<\/title>\n<meta name=\"description\" content=\"Arn\u00e9s de cables Landi Renzo Omegas DIRECT 1.0 &amp; 3.0 para sistemas GLP de 4 cilindros. Garantiza una conexi\u00f3n segura y eficiente.\" \/>\n<meta name=\"robots\" content=\"index, follow, max-snippet:-1, max-image-preview:large, max-video-preview:-1\" \/>\n<link rel=\"canonical\" href=\"https:\/\/recambiosecogas.com\/it\/producto\/landi-renzo-omegas-direct-1-0-3-0-arnes-de-cables-de-4-cilindros-gi25\/\" \/>\n<meta property=\"og:locale\" content=\"it_IT\" \/>\n<meta property=\"og:type\" content=\"article\" \/>\n<meta property=\"og:title\" content=\"Landi Renzo Omegas DIRECT 1.0 &amp; 3.0 - arn\u00e9s de cables de 4 cilindros (GI25)\" \/>\n<meta property=\"og:description\" content=\"Arn\u00e9s de cables Landi Renzo Omegas DIRECT 1.0 &amp; 3.0 para sistemas GLP de 4 cilindros. Garantiza una conexi\u00f3n segura y eficiente.\" \/>\n<meta property=\"og:url\" content=\"https:\/\/recambiosecogas.com\/it\/producto\/landi-renzo-omegas-direct-1-0-3-0-arnes-de-cables-de-4-cilindros-gi25\/\" \/>\n<meta property=\"og:site_name\" content=\"Recambios EcoGas\" \/>\n<meta property=\"article:publisher\" content=\"https:\/\/www.facebook.com\/profile.php?id=100062419705358\" \/>\n<meta property=\"article:modified_time\" content=\"2026-03-18T09:58:17+00:00\" \/>\n<meta property=\"og:image\" content=\"https:\/\/recambiosecogas.com\/wp-content\/uploads\/2024\/11\/Landi-Renzo-Omegas-DIRECT-1.0-3.0-arnes-de-cables-de-4-cilindros-GI25-png.webp\" \/>\n\t<meta property=\"og:image:width\" content=\"1000\" \/>\n\t<meta property=\"og:image:height\" content=\"1000\" \/>\n\t<meta property=\"og:image:type\" content=\"image\/png\" \/>\n<meta name=\"twitter:card\" content=\"summary_large_image\" \/>\n<meta name=\"twitter:label1\" content=\"Prezzo\" \/>\n\t<meta name=\"twitter:data1\" content=\"103,25&nbsp;&euro; (IVA incl.: 124,93&nbsp;&euro;)\" \/>\n\t<meta name=\"twitter:label2\" content=\"Disponibilit\u00e0\" \/>\n\t<meta name=\"twitter:data2\" content=\"Su ordinazione\" \/>\n<script type=\"application\/ld+json\" class=\"yoast-schema-graph\">{\"@context\":\"https:\\\/\\\/schema.org\",\"@graph\":[{\"@type\":\"WebPage\",\"@id\":\"https:\\\/\\\/recambiosecogas.com\\\/it\\\/producto\\\/landi-renzo-omegas-direct-1-0-3-0-arnes-de-cables-de-4-cilindros-gi25\\\/\",\"url\":\"https:\\\/\\\/recambiosecogas.com\\\/it\\\/producto\\\/landi-renzo-omegas-direct-1-0-3-0-arnes-de-cables-de-4-cilindros-gi25\\\/\",\"name\":\"Landi Renzo Omegas DIRECT 1.0 & 3.0 arn\u00e9s de cables | Recambios Ecogas\",\"isPartOf\":{\"@id\":\"https:\\\/\\\/recambiosecogas.com\\\/it\\\/#website\"},\"primaryImageOfPage\":{\"@id\":\"https:\\\/\\\/recambiosecogas.com\\\/it\\\/producto\\\/landi-renzo-omegas-direct-1-0-3-0-arnes-de-cables-de-4-cilindros-gi25\\\/#primaryimage\"},\"image\":{\"@id\":\"https:\\\/\\\/recambiosecogas.com\\\/it\\\/producto\\\/landi-renzo-omegas-direct-1-0-3-0-arnes-de-cables-de-4-cilindros-gi25\\\/#primaryimage\"},\"thumbnailUrl\":\"https:\\\/\\\/recambiosecogas.com\\\/wp-content\\\/uploads\\\/2024\\\/11\\\/Landi-Renzo-Omegas-DIRECT-1.0-3.0-arnes-de-cables-de-4-cilindros-GI25-png.webp\",\"datePublished\":\"2024-11-20T16:28:18+00:00\",\"dateModified\":\"2026-03-18T09:58:17+00:00\",\"description\":\"Arn\u00e9s de cables Landi Renzo Omegas DIRECT 1.0 & 3.0 para sistemas GLP de 4 cilindros. Garantiza una conexi\u00f3n segura y eficiente.\",\"breadcrumb\":{\"@id\":\"https:\\\/\\\/recambiosecogas.com\\\/it\\\/producto\\\/landi-renzo-omegas-direct-1-0-3-0-arnes-de-cables-de-4-cilindros-gi25\\\/#breadcrumb\"},\"inLanguage\":\"it-IT\",\"potentialAction\":[{\"@type\":\"ReadAction\",\"target\":[\"https:\\\/\\\/recambiosecogas.com\\\/it\\\/producto\\\/landi-renzo-omegas-direct-1-0-3-0-arnes-de-cables-de-4-cilindros-gi25\\\/\"]}]},{\"@type\":\"ImageObject\",\"inLanguage\":\"it-IT\",\"@id\":\"https:\\\/\\\/recambiosecogas.com\\\/it\\\/producto\\\/landi-renzo-omegas-direct-1-0-3-0-arnes-de-cables-de-4-cilindros-gi25\\\/#primaryimage\",\"url\":\"https:\\\/\\\/recambiosecogas.com\\\/wp-content\\\/uploads\\\/2024\\\/11\\\/Landi-Renzo-Omegas-DIRECT-1.0-3.0-arnes-de-cables-de-4-cilindros-GI25-png.webp\",\"contentUrl\":\"https:\\\/\\\/recambiosecogas.com\\\/wp-content\\\/uploads\\\/2024\\\/11\\\/Landi-Renzo-Omegas-DIRECT-1.0-3.0-arnes-de-cables-de-4-cilindros-GI25-png.webp\",\"width\":1000,\"height\":1000},{\"@type\":\"BreadcrumbList\",\"@id\":\"https:\\\/\\\/recambiosecogas.com\\\/it\\\/producto\\\/landi-renzo-omegas-direct-1-0-3-0-arnes-de-cables-de-4-cilindros-gi25\\\/#breadcrumb\",\"itemListElement\":[{\"@type\":\"ListItem\",\"position\":1,\"name\":\"Portada\",\"item\":\"https:\\\/\\\/recambiosecogas.com\\\/it\\\/\"},{\"@type\":\"ListItem\",\"position\":2,\"name\":\"Negozio\",\"item\":\"https:\\\/\\\/recambiosecogas.com\\\/it\\\/?page_id=46382\"},{\"@type\":\"ListItem\",\"position\":3,\"name\":\"Landi Renzo Omegas DIRECT 1.0 &#038; 3.0 &#8211; arn\u00e9s de cables de 4 cilindros (GI25)\"}]},{\"@type\":\"WebSite\",\"@id\":\"https:\\\/\\\/recambiosecogas.com\\\/it\\\/#website\",\"url\":\"https:\\\/\\\/recambiosecogas.com\\\/it\\\/\",\"name\":\"Recambios EcoGas\",\"description\":\"Recambios Multimarca para sistemas de GLP\\\/GNC\\\/GNL\\\/Hidr\u00f3geno\",\"publisher\":{\"@id\":\"https:\\\/\\\/recambiosecogas.com\\\/it\\\/#organization\"},\"alternateName\":\"Recambios Autogas GLP\",\"potentialAction\":[{\"@type\":\"SearchAction\",\"target\":{\"@type\":\"EntryPoint\",\"urlTemplate\":\"https:\\\/\\\/recambiosecogas.com\\\/it\\\/?s={search_term_string}\"},\"query-input\":{\"@type\":\"PropertyValueSpecification\",\"valueRequired\":true,\"valueName\":\"search_term_string\"}}],\"inLanguage\":\"it-IT\"},{\"@type\":[\"Organization\",\"Place\"],\"@id\":\"https:\\\/\\\/recambiosecogas.com\\\/it\\\/#organization\",\"name\":\"Recambios EcoGas\",\"alternateName\":\"Tienda Online GLP Espa\u00f1a\",\"url\":\"https:\\\/\\\/recambiosecogas.com\\\/it\\\/\",\"logo\":{\"@id\":\"https:\\\/\\\/recambiosecogas.com\\\/it\\\/producto\\\/landi-renzo-omegas-direct-1-0-3-0-arnes-de-cables-de-4-cilindros-gi25\\\/#local-main-organization-logo\"},\"image\":{\"@id\":\"https:\\\/\\\/recambiosecogas.com\\\/it\\\/producto\\\/landi-renzo-omegas-direct-1-0-3-0-arnes-de-cables-de-4-cilindros-gi25\\\/#local-main-organization-logo\"},\"sameAs\":[\"https:\\\/\\\/www.facebook.com\\\/profile.php?id=100062419705358\",\"https:\\\/\\\/www.instagram.com\\\/segimon_automocio\"],\"description\":\"Recambios EcoGas \u2013 Venta y distribuci\u00f3n de sistemas GLP y GNC en Espa\u00f1a y Portugal. Env\u00edos 24 h, soporte t\u00e9cnico a talleres y distribuidores.\",\"hasMerchantReturnPolicy\":{\"@type\":\"MerchantReturnPolicy\",\"merchantReturnLink\":\"https:\\\/\\\/recambiosecogas.com\\\/politicas-privacidad\\\/\"},\"address\":{\"@id\":\"https:\\\/\\\/recambiosecogas.com\\\/it\\\/producto\\\/landi-renzo-omegas-direct-1-0-3-0-arnes-de-cables-de-4-cilindros-gi25\\\/#local-main-place-address\"},\"telephone\":[\"616250633\"],\"contactPoint\":{\"@type\":\"ContactPoint\",\"email\":\"export@recambiosecogas.com\"},\"openingHoursSpecification\":[{\"@type\":\"OpeningHoursSpecification\",\"dayOfWeek\":[\"Monday\",\"Tuesday\",\"Wednesday\",\"Thursday\",\"Friday\",\"Saturday\",\"Sunday\"],\"opens\":\"09:00\",\"closes\":\"17:00\"}],\"email\":\"info@recambiosecogas.com\",\"faxNumber\":\"SEGIMON AUTOMOCION SL\",\"vatID\":\"ESB19819861\",\"globalLocationNumber\":\"938 616 339\"},{\"@type\":\"PostalAddress\",\"@id\":\"https:\\\/\\\/recambiosecogas.com\\\/it\\\/producto\\\/landi-renzo-omegas-direct-1-0-3-0-arnes-de-cables-de-4-cilindros-gi25\\\/#local-main-place-address\",\"streetAddress\":\"cami antic de vic, 29 (Nave 3), Pol\u00edgono Industrial Congost\",\"addressLocality\":\"CORRO D`AVALL\",\"postalCode\":\"08520\",\"addressRegion\":\"Barcelona\",\"addressCountry\":\"ES\"},{\"@type\":\"ImageObject\",\"inLanguage\":\"it-IT\",\"@id\":\"https:\\\/\\\/recambiosecogas.com\\\/it\\\/producto\\\/landi-renzo-omegas-direct-1-0-3-0-arnes-de-cables-de-4-cilindros-gi25\\\/#local-main-organization-logo\",\"url\":\"https:\\\/\\\/recambiosecogas.com\\\/wp-content\\\/uploads\\\/2024\\\/11\\\/cropped-RECAMBIOS-GLP-png.webp\",\"contentUrl\":\"https:\\\/\\\/recambiosecogas.com\\\/wp-content\\\/uploads\\\/2024\\\/11\\\/cropped-RECAMBIOS-GLP-png.webp\",\"width\":512,\"height\":512,\"caption\":\"Recambios EcoGas\"}]}<\/script>\n<meta property=\"product:brand\" content=\"Landi Renzo\" \/>\n<meta property=\"product:price:amount\" content=\"103.25\" \/>\n<meta property=\"product:price:currency\" content=\"EUR\" \/>\n<meta property=\"og:availability\" content=\"backorder\" \/>\n<meta property=\"product:availability\" content=\"available for order\" \/>\n<meta property=\"product:retailer_item_id\" content=\"106683P\" \/>\n<meta property=\"product:condition\" content=\"new\" \/>\n<meta name=\"geo.placename\" content=\"CORRO D`AVALL\" \/>\n<meta name=\"geo.region\" content=\"Spagna\" \/>\n<!-- \/ Yoast SEO Premium plugin. -->","yoast_head_json":{"title":"Landi Renzo Omegas DIRECT 1.0 & 3.0 arn\u00e9s de cables | Recambios Ecogas","description":"Arn\u00e9s de cables Landi Renzo Omegas DIRECT 1.0 & 3.0 para sistemas GLP de 4 cilindros. Garantiza una conexi\u00f3n segura y eficiente.","robots":{"index":"index","follow":"follow","max-snippet":"max-snippet:-1","max-image-preview":"max-image-preview:large","max-video-preview":"max-video-preview:-1"},"canonical":"https:\/\/recambiosecogas.com\/it\/producto\/landi-renzo-omegas-direct-1-0-3-0-arnes-de-cables-de-4-cilindros-gi25\/","og_locale":"it_IT","og_type":"article","og_title":"Landi Renzo Omegas DIRECT 1.0 & 3.0 - arn\u00e9s de cables de 4 cilindros (GI25)","og_description":"Arn\u00e9s de cables Landi Renzo Omegas DIRECT 1.0 & 3.0 para sistemas GLP de 4 cilindros. Garantiza una conexi\u00f3n segura y eficiente.","og_url":"https:\/\/recambiosecogas.com\/it\/producto\/landi-renzo-omegas-direct-1-0-3-0-arnes-de-cables-de-4-cilindros-gi25\/","og_site_name":"Recambios EcoGas","article_publisher":"https:\/\/www.facebook.com\/profile.php?id=100062419705358","article_modified_time":"2026-03-18T09:58:17+00:00","og_image":[{"width":1000,"height":1000,"url":"https:\/\/recambiosecogas.com\/wp-content\/uploads\/2024\/11\/Landi-Renzo-Omegas-DIRECT-1.0-3.0-arnes-de-cables-de-4-cilindros-GI25-png.webp","type":"image\/png"}],"twitter_card":"summary_large_image","twitter_misc":{"Prezzo":"103,25&nbsp;&euro; (IVA incl.: 124,93&nbsp;&euro;)","Disponibilit\u00e0":"Su ordinazione"},"schema":{"@context":"https:\/\/schema.org","@graph":[{"@type":"WebPage","@id":"https:\/\/recambiosecogas.com\/it\/producto\/landi-renzo-omegas-direct-1-0-3-0-arnes-de-cables-de-4-cilindros-gi25\/","url":"https:\/\/recambiosecogas.com\/it\/producto\/landi-renzo-omegas-direct-1-0-3-0-arnes-de-cables-de-4-cilindros-gi25\/","name":"Landi Renzo Omegas DIRECT 1.0 & 3.0 arn\u00e9s de cables | Recambios Ecogas","isPartOf":{"@id":"https:\/\/recambiosecogas.com\/it\/#website"},"primaryImageOfPage":{"@id":"https:\/\/recambiosecogas.com\/it\/producto\/landi-renzo-omegas-direct-1-0-3-0-arnes-de-cables-de-4-cilindros-gi25\/#primaryimage"},"image":{"@id":"https:\/\/recambiosecogas.com\/it\/producto\/landi-renzo-omegas-direct-1-0-3-0-arnes-de-cables-de-4-cilindros-gi25\/#primaryimage"},"thumbnailUrl":"https:\/\/recambiosecogas.com\/wp-content\/uploads\/2024\/11\/Landi-Renzo-Omegas-DIRECT-1.0-3.0-arnes-de-cables-de-4-cilindros-GI25-png.webp","datePublished":"2024-11-20T16:28:18+00:00","dateModified":"2026-03-18T09:58:17+00:00","description":"Arn\u00e9s de cables Landi Renzo Omegas DIRECT 1.0 & 3.0 para sistemas GLP de 4 cilindros. Garantiza una conexi\u00f3n segura y eficiente.","breadcrumb":{"@id":"https:\/\/recambiosecogas.com\/it\/producto\/landi-renzo-omegas-direct-1-0-3-0-arnes-de-cables-de-4-cilindros-gi25\/#breadcrumb"},"inLanguage":"it-IT","potentialAction":[{"@type":"ReadAction","target":["https:\/\/recambiosecogas.com\/it\/producto\/landi-renzo-omegas-direct-1-0-3-0-arnes-de-cables-de-4-cilindros-gi25\/"]}]},{"@type":"ImageObject","inLanguage":"it-IT","@id":"https:\/\/recambiosecogas.com\/it\/producto\/landi-renzo-omegas-direct-1-0-3-0-arnes-de-cables-de-4-cilindros-gi25\/#primaryimage","url":"https:\/\/recambiosecogas.com\/wp-content\/uploads\/2024\/11\/Landi-Renzo-Omegas-DIRECT-1.0-3.0-arnes-de-cables-de-4-cilindros-GI25-png.webp","contentUrl":"https:\/\/recambiosecogas.com\/wp-content\/uploads\/2024\/11\/Landi-Renzo-Omegas-DIRECT-1.0-3.0-arnes-de-cables-de-4-cilindros-GI25-png.webp","width":1000,"height":1000},{"@type":"BreadcrumbList","@id":"https:\/\/recambiosecogas.com\/it\/producto\/landi-renzo-omegas-direct-1-0-3-0-arnes-de-cables-de-4-cilindros-gi25\/#breadcrumb","itemListElement":[{"@type":"ListItem","position":1,"name":"Portada","item":"https:\/\/recambiosecogas.com\/it\/"},{"@type":"ListItem","position":2,"name":"Negozio","item":"https:\/\/recambiosecogas.com\/it\/?page_id=46382"},{"@type":"ListItem","position":3,"name":"Landi Renzo Omegas DIRECT 1.0 &#038; 3.0 &#8211; arn\u00e9s de cables de 4 cilindros (GI25)"}]},{"@type":"WebSite","@id":"https:\/\/recambiosecogas.com\/it\/#website","url":"https:\/\/recambiosecogas.com\/it\/","name":"Recambios EcoGas","description":"Recambios Multimarca para sistemas de GLP\/GNC\/GNL\/Hidr\u00f3geno","publisher":{"@id":"https:\/\/recambiosecogas.com\/it\/#organization"},"alternateName":"Recambios Autogas GLP","potentialAction":[{"@type":"SearchAction","target":{"@type":"EntryPoint","urlTemplate":"https:\/\/recambiosecogas.com\/it\/?s={search_term_string}"},"query-input":{"@type":"PropertyValueSpecification","valueRequired":true,"valueName":"search_term_string"}}],"inLanguage":"it-IT"},{"@type":["Organization","Place"],"@id":"https:\/\/recambiosecogas.com\/it\/#organization","name":"Recambios EcoGas","alternateName":"Tienda Online GLP Espa\u00f1a","url":"https:\/\/recambiosecogas.com\/it\/","logo":{"@id":"https:\/\/recambiosecogas.com\/it\/producto\/landi-renzo-omegas-direct-1-0-3-0-arnes-de-cables-de-4-cilindros-gi25\/#local-main-organization-logo"},"image":{"@id":"https:\/\/recambiosecogas.com\/it\/producto\/landi-renzo-omegas-direct-1-0-3-0-arnes-de-cables-de-4-cilindros-gi25\/#local-main-organization-logo"},"sameAs":["https:\/\/www.facebook.com\/profile.php?id=100062419705358","https:\/\/www.instagram.com\/segimon_automocio"],"description":"Recambios EcoGas \u2013 Venta y distribuci\u00f3n de sistemas GLP y GNC en Espa\u00f1a y Portugal. Env\u00edos 24 h, soporte t\u00e9cnico a talleres y distribuidores.","hasMerchantReturnPolicy":{"@type":"MerchantReturnPolicy","merchantReturnLink":"https:\/\/recambiosecogas.com\/politicas-privacidad\/"},"address":{"@id":"https:\/\/recambiosecogas.com\/it\/producto\/landi-renzo-omegas-direct-1-0-3-0-arnes-de-cables-de-4-cilindros-gi25\/#local-main-place-address"},"telephone":["616250633"],"contactPoint":{"@type":"ContactPoint","email":"export@recambiosecogas.com"},"openingHoursSpecification":[{"@type":"OpeningHoursSpecification","dayOfWeek":["Monday","Tuesday","Wednesday","Thursday","Friday","Saturday","Sunday"],"opens":"09:00","closes":"17:00"}],"email":"info@recambiosecogas.com","faxNumber":"SEGIMON AUTOMOCION SL","vatID":"ESB19819861","globalLocationNumber":"938 616 339"},{"@type":"PostalAddress","@id":"https:\/\/recambiosecogas.com\/it\/producto\/landi-renzo-omegas-direct-1-0-3-0-arnes-de-cables-de-4-cilindros-gi25\/#local-main-place-address","streetAddress":"cami antic de vic, 29 (Nave 3), Pol\u00edgono Industrial Congost","addressLocality":"CORRO D`AVALL","postalCode":"08520","addressRegion":"Barcelona","addressCountry":"ES"},{"@type":"ImageObject","inLanguage":"it-IT","@id":"https:\/\/recambiosecogas.com\/it\/producto\/landi-renzo-omegas-direct-1-0-3-0-arnes-de-cables-de-4-cilindros-gi25\/#local-main-organization-logo","url":"https:\/\/recambiosecogas.com\/wp-content\/uploads\/2024\/11\/cropped-RECAMBIOS-GLP-png.webp","contentUrl":"https:\/\/recambiosecogas.com\/wp-content\/uploads\/2024\/11\/cropped-RECAMBIOS-GLP-png.webp","width":512,"height":512,"caption":"Recambios EcoGas"}]},"product_brand":"Landi Renzo","product_price_amount":"103.25","product_price_currency":"EUR","og_availability":"backorder","product_availability":"available for order","product_retailer_item_id":"106683P","product_condition":"new","geo.placename":"CORRO D`AVALL","geo.region":"Spagna"},"uagb_featured_image_src":{"full":["https:\/\/recambiosecogas.com\/wp-content\/uploads\/2024\/11\/Landi-Renzo-Omegas-DIRECT-1.0-3.0-arnes-de-cables-de-4-cilindros-GI25-png.webp",1000,1000,false],"thumbnail":["https:\/\/recambiosecogas.com\/wp-content\/uploads\/2024\/11\/Landi-Renzo-Omegas-DIRECT-1.0-3.0-arnes-de-cables-de-4-cilindros-GI25-150x150.webp",150,150,true],"medium":["https:\/\/recambiosecogas.com\/wp-content\/uploads\/2024\/11\/Landi-Renzo-Omegas-DIRECT-1.0-3.0-arnes-de-cables-de-4-cilindros-GI25-300x300.webp",300,300,true],"medium_large":["https:\/\/recambiosecogas.com\/wp-content\/uploads\/2024\/11\/Landi-Renzo-Omegas-DIRECT-1.0-3.0-arnes-de-cables-de-4-cilindros-GI25-768x768.webp",768,768,true],"large":["https:\/\/recambiosecogas.com\/wp-content\/uploads\/2024\/11\/Landi-Renzo-Omegas-DIRECT-1.0-3.0-arnes-de-cables-de-4-cilindros-GI25-png.webp",1000,1000,false],"1536x1536":["https:\/\/recambiosecogas.com\/wp-content\/uploads\/2024\/11\/Landi-Renzo-Omegas-DIRECT-1.0-3.0-arnes-de-cables-de-4-cilindros-GI25-png.webp",1000,1000,false],"2048x2048":["https:\/\/recambiosecogas.com\/wp-content\/uploads\/2024\/11\/Landi-Renzo-Omegas-DIRECT-1.0-3.0-arnes-de-cables-de-4-cilindros-GI25-png.webp",1000,1000,false],"woocommerce_archive_thumbnail":["https:\/\/recambiosecogas.com\/wp-content\/uploads\/2024\/11\/Landi-Renzo-Omegas-DIRECT-1.0-3.0-arnes-de-cables-de-4-cilindros-GI25-png.webp",1000,1000,false],"woocommerce_thumbnail":["https:\/\/recambiosecogas.com\/wp-content\/uploads\/2024\/11\/Landi-Renzo-Omegas-DIRECT-1.0-3.0-arnes-de-cables-de-4-cilindros-GI25-png-300x300.webp",300,300,true],"woocommerce_single":["https:\/\/recambiosecogas.com\/wp-content\/uploads\/2024\/11\/Landi-Renzo-Omegas-DIRECT-1.0-3.0-arnes-de-cables-de-4-cilindros-GI25-png.webp",1000,1000,false],"woocommerce_gallery_thumbnail":["https:\/\/recambiosecogas.com\/wp-content\/uploads\/2024\/11\/Landi-Renzo-Omegas-DIRECT-1.0-3.0-arnes-de-cables-de-4-cilindros-GI25-png.webp",1000,1000,false],"dgwt-wcas-product-suggestion":["https:\/\/recambiosecogas.com\/wp-content\/uploads\/2024\/11\/Landi-Renzo-Omegas-DIRECT-1.0-3.0-arnes-de-cables-de-4-cilindros-GI25-png-64x64.webp",64,64,true]},"uagb_author_info":{"display_name":"Fran - Soporte T\u00e9cnico","author_link":"https:\/\/recambiosecogas.com\/it\/author\/"},"uagb_comment_info":0,"uagb_excerpt":"Arn\u00e9s de cables Landi Renzo Omegas DIRECT 1.0 & 3.0 para sistemas GLP de 4 cilindros. Garantiza una conexi\u00f3n segura y eficiente.","_links":{"self":[{"href":"https:\/\/recambiosecogas.com\/it\/wp-json\/wp\/v2\/product\/7265","targetHints":{"allow":["GET"]}}],"collection":[{"href":"https:\/\/recambiosecogas.com\/it\/wp-json\/wp\/v2\/product"}],"about":[{"href":"https:\/\/recambiosecogas.com\/it\/wp-json\/wp\/v2\/types\/product"}],"replies":[{"embeddable":true,"href":"https:\/\/recambiosecogas.com\/it\/wp-json\/wp\/v2\/comments?post=7265"}],"wp:featuredmedia":[{"embeddable":true,"href":"https:\/\/recambiosecogas.com\/it\/wp-json\/wp\/v2\/media\/7742"}],"wp:attachment":[{"href":"https:\/\/recambiosecogas.com\/it\/wp-json\/wp\/v2\/media?parent=7265"}],"wp:term":[{"taxonomy":"product_brand","embeddable":true,"href":"https:\/\/recambiosecogas.com\/it\/wp-json\/wp\/v2\/product_brand?post=7265"},{"taxonomy":"product_cat","embeddable":true,"href":"https:\/\/recambiosecogas.com\/it\/wp-json\/wp\/v2\/product_cat?post=7265"},{"taxonomy":"product_tag","embeddable":true,"href":"https:\/\/recambiosecogas.com\/it\/wp-json\/wp\/v2\/product_tag?post=7265"}],"curies":[{"name":"wp","href":"https:\/\/api.w.org\/{rel}","templated":true}]}}