{"id":7218,"date":"2024-11-20T16:26:53","date_gmt":"2024-11-20T16:26:53","guid":{"rendered":"https:\/\/recambiosecogas.com\/producto\/lovato-smart-centralita-4-cilindros\/"},"modified":"2026-05-01T10:33:16","modified_gmt":"2026-05-01T09:33:16","slug":"lovato-smart-centralita-4-cilindros","status":"publish","type":"product","link":"https:\/\/recambiosecogas.com\/it\/producto\/lovato-smart-centralita-4-cilindros\/","title":{"rendered":"Lovato Smart centralita 4 cilindros"},"content":{"rendered":"<h1 data-start=\"163\" data-end=\"200\">Lovato Smart centralita 4 cilindros<\/h1>\n<p data-start=\"202\" data-end=\"508\">La <strong data-start=\"205\" data-end=\"244\">Lovato Smart centralita 4 cilindros<\/strong> es una unidad electr\u00f3nica dise\u00f1ada para la gesti\u00f3n de sistemas Autogas en motores de 4 cilindros. Esta ECU permite controlar la inyecci\u00f3n secuencial de gas dentro de la plataforma Lovato Smart, garantizando compatibilidad con la electr\u00f3nica original del veh\u00edculo.<\/p>\n<p data-start=\"510\" data-end=\"596\">Est\u00e1 destinada a configuraciones espec\u00edficas Lovato Smart para motores de 4 cilindros.<\/p>\n<hr data-start=\"598\" data-end=\"601\" \/>\n<h2 data-start=\"603\" data-end=\"655\">Unidad electr\u00f3nica Smart para motores 4 cilindros<\/h2>\n<div class=\"TyagGW_tableContainer\">\n<div class=\"group TyagGW_tableWrapper flex flex-col-reverse w-fit\" tabindex=\"-1\">\n<table class=\"w-fit min-w-(--thread-content-width)\" data-start=\"657\" data-end=\"922\">\n<thead data-start=\"657\" data-end=\"685\">\n<tr data-start=\"657\" data-end=\"685\">\n<th class=\"\" data-start=\"657\" data-end=\"674\" data-col-size=\"sm\">Caracter\u00edstica<\/th>\n<th class=\"\" data-start=\"674\" data-end=\"685\" data-col-size=\"sm\">Detalle<\/th>\n<\/tr>\n<\/thead>\n<tbody data-start=\"715\" data-end=\"922\">\n<tr data-start=\"715\" data-end=\"758\">\n<td data-start=\"715\" data-end=\"726\" data-col-size=\"sm\">Producto<\/td>\n<td data-start=\"726\" data-end=\"758\" data-col-size=\"sm\">ECU \/ Centralita electr\u00f3nica<\/td>\n<\/tr>\n<tr data-start=\"759\" data-end=\"777\">\n<td data-start=\"759\" data-end=\"767\" data-col-size=\"sm\">Marca<\/td>\n<td data-start=\"767\" data-end=\"777\" data-col-size=\"sm\">Lovato<\/td>\n<\/tr>\n<tr data-start=\"778\" data-end=\"796\">\n<td data-start=\"778\" data-end=\"787\" data-col-size=\"sm\">Modelo<\/td>\n<td data-start=\"787\" data-end=\"796\" data-col-size=\"sm\">Smart<\/td>\n<\/tr>\n<tr data-start=\"797\" data-end=\"827\">\n<td data-start=\"797\" data-end=\"812\" data-col-size=\"sm\">N\u00ba cilindros<\/td>\n<td data-start=\"812\" data-end=\"827\" data-col-size=\"sm\">4 cilindros<\/td>\n<\/tr>\n<tr data-start=\"828\" data-end=\"870\">\n<td data-start=\"828\" data-end=\"846\" data-col-size=\"sm\">Tipo de sistema<\/td>\n<td data-start=\"846\" data-end=\"870\" data-col-size=\"sm\">Inyecci\u00f3n secuencial<\/td>\n<\/tr>\n<tr data-start=\"871\" data-end=\"892\">\n<td data-start=\"871\" data-end=\"885\" data-col-size=\"sm\">Combustible<\/td>\n<td data-start=\"885\" data-end=\"892\" data-col-size=\"sm\">GLP<\/td>\n<\/tr>\n<tr data-start=\"893\" data-end=\"922\">\n<td data-start=\"893\" data-end=\"907\" data-col-size=\"sm\">Instalaci\u00f3n<\/td>\n<td data-start=\"907\" data-end=\"922\" data-col-size=\"sm\">Profesional<\/td>\n<\/tr>\n<\/tbody>\n<\/table>\n<\/div>\n<\/div>\n<hr data-start=\"924\" data-end=\"927\" \/>\n<h2 data-start=\"929\" data-end=\"974\">Compatibilidad con sistemas Autogas Lovato<\/h2>\n<p data-start=\"976\" data-end=\"1059\">Compatible con instalaciones Lovato Smart configuradas para motores de 4 cilindros.<\/p>\n<p data-start=\"1061\" data-end=\"1145\">Antes de la sustituci\u00f3n, verificar versi\u00f3n del sistema y configuraci\u00f3n del veh\u00edculo.<\/p>\n<hr data-start=\"1147\" data-end=\"1150\" \/>\n<h2 data-start=\"1152\" data-end=\"1172\">Ventajas t\u00e9cnicas<\/h2>\n<ul data-start=\"1174\" data-end=\"1375\">\n<li data-start=\"1174\" data-end=\"1213\">\n<p data-start=\"1176\" data-end=\"1213\">Gesti\u00f3n secuencial para 4 cilindros<\/p>\n<\/li>\n<li data-start=\"1214\" data-end=\"1257\">\n<p data-start=\"1216\" data-end=\"1257\">Integraci\u00f3n con plataforma Lovato Smart<\/p>\n<\/li>\n<li data-start=\"1258\" data-end=\"1296\">\n<p data-start=\"1260\" data-end=\"1296\">Unidad electr\u00f3nica original Lovato<\/p>\n<\/li>\n<li data-start=\"1297\" data-end=\"1336\">\n<p data-start=\"1299\" data-end=\"1336\">Recambio t\u00e9cnico para mantenimiento<\/p>\n<\/li>\n<li data-start=\"1337\" data-end=\"1375\">\n<p data-start=\"1339\" data-end=\"1375\">Dise\u00f1ada para sistemas Autogas GLP<\/p>\n<\/li>\n<\/ul>\n<hr data-start=\"1377\" data-end=\"1380\" \/>\n<h2 data-start=\"1382\" data-end=\"1388\">FAQ<\/h2>\n<p data-start=\"1390\" data-end=\"1490\"><strong data-start=\"1390\" data-end=\"1432\">\u00bfPara qu\u00e9 sirve esta centralita Smart?<\/strong><br data-start=\"1432\" data-end=\"1435\" \/>Gestiona la inyecci\u00f3n de gas en motores de 4 cilindros.<\/p>\n<p data-start=\"1492\" data-end=\"1586\"><strong data-start=\"1492\" data-end=\"1531\">\u00bfEs v\u00e1lida para 3, 5 o 6 cilindros?<\/strong><br data-start=\"1531\" data-end=\"1534\" \/>No, est\u00e1 destinada a configuraciones de 4 cilindros.<\/p>\n<p data-start=\"1588\" data-end=\"1656\"><strong data-start=\"1588\" data-end=\"1610\">\u00bfFunciona con GLP?<\/strong><br data-start=\"1610\" data-end=\"1613\" \/>S\u00ed, en sistemas Autogas Lovato compatibles.<\/p>\n<p data-start=\"1658\" data-end=\"1749\"><strong data-start=\"1658\" data-end=\"1685\">\u00bfRequiere programaci\u00f3n?<\/strong><br data-start=\"1685\" data-end=\"1688\" \/>S\u00ed, debe instalarse y configurarse por t\u00e9cnico especializado.<\/p>\n","protected":false},"excerpt":{"rendered":"<p data-start=\"2176\" data-end=\"2267\">Lovato Smart centralita 4 cilindros. Unidad electr\u00f3nica original para sistemas Autogas GLP.<\/p>\n","protected":false},"featured_media":10213,"comment_status":"closed","ping_status":"closed","template":"","meta":{"_uag_custom_page_level_css":""},"product_brand":[2095],"product_cat":[480,297,76],"product_tag":[],"class_list":{"0":"post-7218","1":"product","2":"type-product","3":"status-publish","4":"has-post-thumbnail","6":"product_brand-lovato","7":"product_cat-centralitas-electronicas","8":"product_cat-electronica","9":"product_cat-lovato","11":"first","12":"onbackorder","13":"taxable","14":"shipping-taxable","15":"purchasable","16":"product-type-simple"},"ct_brands":[{"id":2095,"name":"Lovato","slug":"lovato"}],"yoast_head":"<!-- This site is optimized with the Yoast SEO Premium plugin v27.5 (Yoast SEO v27.5) - https:\/\/yoast.com\/product\/yoast-seo-premium-wordpress\/ -->\n<title>Lovato Smart centralita 4 cilindros | Recambios EcoGas | Sistemas GLP y GNC<\/title>\n<meta name=\"description\" content=\"Lovato Smart centralita 4 cilindros para sistemas Autogas GLP. Unidad electr\u00f3nica original Lovato.\" \/>\n<meta name=\"robots\" content=\"index, follow, max-snippet:-1, max-image-preview:large, max-video-preview:-1\" \/>\n<link rel=\"canonical\" href=\"https:\/\/recambiosecogas.com\/it\/producto\/lovato-smart-centralita-4-cilindros\/\" \/>\n<meta property=\"og:locale\" content=\"it_IT\" \/>\n<meta property=\"og:type\" content=\"article\" \/>\n<meta property=\"og:title\" content=\"Lovato Smart centralita 4 cilindros\" \/>\n<meta property=\"og:description\" content=\"Lovato Smart centralita 4 cilindros para sistemas Autogas GLP. Unidad electr\u00f3nica original Lovato.\" \/>\n<meta property=\"og:url\" content=\"https:\/\/recambiosecogas.com\/it\/producto\/lovato-smart-centralita-4-cilindros\/\" \/>\n<meta property=\"og:site_name\" content=\"Recambios EcoGas\" \/>\n<meta property=\"article:publisher\" content=\"https:\/\/www.facebook.com\/profile.php?id=100062419705358\" \/>\n<meta property=\"article:modified_time\" content=\"2026-05-01T09:33:16+00:00\" \/>\n<meta property=\"og:image\" content=\"https:\/\/recambiosecogas.com\/wp-content\/uploads\/2024\/11\/Lovato-Smart-centralita-4-cilindros-png.webp\" \/>\n\t<meta property=\"og:image:width\" content=\"1000\" \/>\n\t<meta property=\"og:image:height\" content=\"1000\" \/>\n\t<meta property=\"og:image:type\" content=\"image\/png\" \/>\n<meta name=\"twitter:card\" content=\"summary_large_image\" \/>\n<meta name=\"twitter:label1\" content=\"Prezzo\" \/>\n\t<meta name=\"twitter:data1\" content=\"149,99&nbsp;&euro; (Sin IVA: 123,96&nbsp;&euro;)\" \/>\n\t<meta name=\"twitter:label2\" content=\"Disponibilit\u00e0\" \/>\n\t<meta name=\"twitter:data2\" content=\"Su ordinazione\" \/>\n<script type=\"application\/ld+json\" class=\"yoast-schema-graph\">{\"@context\":\"https:\\\/\\\/schema.org\",\"@graph\":[{\"@type\":\"WebPage\",\"@id\":\"https:\\\/\\\/recambiosecogas.com\\\/it\\\/producto\\\/lovato-smart-centralita-4-cilindros\\\/\",\"url\":\"https:\\\/\\\/recambiosecogas.com\\\/it\\\/producto\\\/lovato-smart-centralita-4-cilindros\\\/\",\"name\":\"Lovato Smart centralita 4 cilindros | Recambios EcoGas | Sistemas GLP y GNC\",\"isPartOf\":{\"@id\":\"https:\\\/\\\/recambiosecogas.com\\\/it\\\/#website\"},\"primaryImageOfPage\":{\"@id\":\"https:\\\/\\\/recambiosecogas.com\\\/it\\\/producto\\\/lovato-smart-centralita-4-cilindros\\\/#primaryimage\"},\"image\":{\"@id\":\"https:\\\/\\\/recambiosecogas.com\\\/it\\\/producto\\\/lovato-smart-centralita-4-cilindros\\\/#primaryimage\"},\"thumbnailUrl\":\"https:\\\/\\\/recambiosecogas.com\\\/wp-content\\\/uploads\\\/2024\\\/11\\\/Lovato-Smart-centralita-4-cilindros-png.webp\",\"datePublished\":\"2024-11-20T16:26:53+00:00\",\"dateModified\":\"2026-05-01T09:33:16+00:00\",\"description\":\"Lovato Smart centralita 4 cilindros para sistemas Autogas GLP. Unidad electr\u00f3nica original Lovato.\",\"breadcrumb\":{\"@id\":\"https:\\\/\\\/recambiosecogas.com\\\/it\\\/producto\\\/lovato-smart-centralita-4-cilindros\\\/#breadcrumb\"},\"inLanguage\":\"it-IT\",\"potentialAction\":[{\"@type\":\"ReadAction\",\"target\":[\"https:\\\/\\\/recambiosecogas.com\\\/it\\\/producto\\\/lovato-smart-centralita-4-cilindros\\\/\"]}]},{\"@type\":\"ImageObject\",\"inLanguage\":\"it-IT\",\"@id\":\"https:\\\/\\\/recambiosecogas.com\\\/it\\\/producto\\\/lovato-smart-centralita-4-cilindros\\\/#primaryimage\",\"url\":\"https:\\\/\\\/recambiosecogas.com\\\/wp-content\\\/uploads\\\/2024\\\/11\\\/Lovato-Smart-centralita-4-cilindros-png.webp\",\"contentUrl\":\"https:\\\/\\\/recambiosecogas.com\\\/wp-content\\\/uploads\\\/2024\\\/11\\\/Lovato-Smart-centralita-4-cilindros-png.webp\",\"width\":1000,\"height\":1000},{\"@type\":\"BreadcrumbList\",\"@id\":\"https:\\\/\\\/recambiosecogas.com\\\/it\\\/producto\\\/lovato-smart-centralita-4-cilindros\\\/#breadcrumb\",\"itemListElement\":[{\"@type\":\"ListItem\",\"position\":1,\"name\":\"Portada\",\"item\":\"https:\\\/\\\/recambiosecogas.com\\\/it\\\/\"},{\"@type\":\"ListItem\",\"position\":2,\"name\":\"Negozio\",\"item\":\"https:\\\/\\\/recambiosecogas.com\\\/it\\\/?page_id=46382\"},{\"@type\":\"ListItem\",\"position\":3,\"name\":\"Lovato Smart centralita 4 cilindros\"}]},{\"@type\":\"WebSite\",\"@id\":\"https:\\\/\\\/recambiosecogas.com\\\/it\\\/#website\",\"url\":\"https:\\\/\\\/recambiosecogas.com\\\/it\\\/\",\"name\":\"Recambios EcoGas\",\"description\":\"Recambios Multimarca para sistemas de GLP\\\/GNC\\\/GNL\\\/Hidr\u00f3geno\",\"publisher\":{\"@id\":\"https:\\\/\\\/recambiosecogas.com\\\/it\\\/#organization\"},\"alternateName\":\"Recambios Autogas GLP\",\"potentialAction\":[{\"@type\":\"SearchAction\",\"target\":{\"@type\":\"EntryPoint\",\"urlTemplate\":\"https:\\\/\\\/recambiosecogas.com\\\/it\\\/?s={search_term_string}\"},\"query-input\":{\"@type\":\"PropertyValueSpecification\",\"valueRequired\":true,\"valueName\":\"search_term_string\"}}],\"inLanguage\":\"it-IT\"},{\"@type\":[\"Organization\",\"Place\"],\"@id\":\"https:\\\/\\\/recambiosecogas.com\\\/it\\\/#organization\",\"name\":\"Recambios EcoGas\",\"alternateName\":\"Tienda Online GLP Espa\u00f1a\",\"url\":\"https:\\\/\\\/recambiosecogas.com\\\/it\\\/\",\"logo\":{\"@id\":\"https:\\\/\\\/recambiosecogas.com\\\/it\\\/producto\\\/lovato-smart-centralita-4-cilindros\\\/#local-main-organization-logo\"},\"image\":{\"@id\":\"https:\\\/\\\/recambiosecogas.com\\\/it\\\/producto\\\/lovato-smart-centralita-4-cilindros\\\/#local-main-organization-logo\"},\"sameAs\":[\"https:\\\/\\\/www.facebook.com\\\/profile.php?id=100062419705358\",\"https:\\\/\\\/www.instagram.com\\\/segimon_automocio\"],\"description\":\"Recambios EcoGas \u2013 Venta y distribuci\u00f3n de sistemas GLP y GNC en Espa\u00f1a y Portugal. Env\u00edos 24 h, soporte t\u00e9cnico a talleres y distribuidores.\",\"hasMerchantReturnPolicy\":{\"@type\":\"MerchantReturnPolicy\",\"merchantReturnLink\":\"https:\\\/\\\/recambiosecogas.com\\\/politicas-privacidad\\\/\"},\"address\":{\"@id\":\"https:\\\/\\\/recambiosecogas.com\\\/it\\\/producto\\\/lovato-smart-centralita-4-cilindros\\\/#local-main-place-address\"},\"telephone\":[\"616250633\"],\"contactPoint\":{\"@type\":\"ContactPoint\",\"email\":\"export@recambiosecogas.com\"},\"openingHoursSpecification\":[{\"@type\":\"OpeningHoursSpecification\",\"dayOfWeek\":[\"Monday\",\"Tuesday\",\"Wednesday\",\"Thursday\",\"Friday\",\"Saturday\",\"Sunday\"],\"opens\":\"09:00\",\"closes\":\"17:00\"}],\"email\":\"info@recambiosecogas.com\",\"faxNumber\":\"SEGIMON AUTOMOCION SL\",\"vatID\":\"ESB19819861\",\"globalLocationNumber\":\"938 616 339\"},{\"@type\":\"PostalAddress\",\"@id\":\"https:\\\/\\\/recambiosecogas.com\\\/it\\\/producto\\\/lovato-smart-centralita-4-cilindros\\\/#local-main-place-address\",\"streetAddress\":\"cami antic de vic, 29 (Nave 3), Pol\u00edgono Industrial Congost\",\"addressLocality\":\"CORRO D`AVALL\",\"postalCode\":\"08520\",\"addressRegion\":\"Barcelona\",\"addressCountry\":\"ES\"},{\"@type\":\"ImageObject\",\"inLanguage\":\"it-IT\",\"@id\":\"https:\\\/\\\/recambiosecogas.com\\\/it\\\/producto\\\/lovato-smart-centralita-4-cilindros\\\/#local-main-organization-logo\",\"url\":\"https:\\\/\\\/recambiosecogas.com\\\/wp-content\\\/uploads\\\/2024\\\/11\\\/cropped-RECAMBIOS-GLP-png.webp\",\"contentUrl\":\"https:\\\/\\\/recambiosecogas.com\\\/wp-content\\\/uploads\\\/2024\\\/11\\\/cropped-RECAMBIOS-GLP-png.webp\",\"width\":512,\"height\":512,\"caption\":\"Recambios EcoGas\"}]}<\/script>\n<meta property=\"product:brand\" content=\"Lovato\" \/>\n<meta property=\"product:price:amount\" content=\"149.99\" \/>\n<meta property=\"product:price:currency\" content=\"EUR\" \/>\n<meta property=\"og:availability\" content=\"backorder\" \/>\n<meta property=\"product:availability\" content=\"available for order\" \/>\n<meta property=\"product:retailer_item_id\" content=\"106553A\" \/>\n<meta property=\"product:condition\" content=\"new\" \/>\n<meta name=\"geo.placename\" content=\"CORRO D`AVALL\" \/>\n<meta name=\"geo.region\" content=\"Spagna\" \/>\n<!-- \/ Yoast SEO Premium plugin. -->","yoast_head_json":{"title":"Lovato Smart centralita 4 cilindros | Recambios EcoGas | Sistemas GLP y GNC","description":"Lovato Smart centralita 4 cilindros para sistemas Autogas GLP. Unidad electr\u00f3nica original Lovato.","robots":{"index":"index","follow":"follow","max-snippet":"max-snippet:-1","max-image-preview":"max-image-preview:large","max-video-preview":"max-video-preview:-1"},"canonical":"https:\/\/recambiosecogas.com\/it\/producto\/lovato-smart-centralita-4-cilindros\/","og_locale":"it_IT","og_type":"article","og_title":"Lovato Smart centralita 4 cilindros","og_description":"Lovato Smart centralita 4 cilindros para sistemas Autogas GLP. Unidad electr\u00f3nica original Lovato.","og_url":"https:\/\/recambiosecogas.com\/it\/producto\/lovato-smart-centralita-4-cilindros\/","og_site_name":"Recambios EcoGas","article_publisher":"https:\/\/www.facebook.com\/profile.php?id=100062419705358","article_modified_time":"2026-05-01T09:33:16+00:00","og_image":[{"width":1000,"height":1000,"url":"https:\/\/recambiosecogas.com\/wp-content\/uploads\/2024\/11\/Lovato-Smart-centralita-4-cilindros-png.webp","type":"image\/png"}],"twitter_card":"summary_large_image","twitter_misc":{"Prezzo":"149,99&nbsp;&euro; (Sin IVA: 123,96&nbsp;&euro;)","Disponibilit\u00e0":"Su ordinazione"},"schema":{"@context":"https:\/\/schema.org","@graph":[{"@type":"WebPage","@id":"https:\/\/recambiosecogas.com\/it\/producto\/lovato-smart-centralita-4-cilindros\/","url":"https:\/\/recambiosecogas.com\/it\/producto\/lovato-smart-centralita-4-cilindros\/","name":"Lovato Smart centralita 4 cilindros | Recambios EcoGas | Sistemas GLP y GNC","isPartOf":{"@id":"https:\/\/recambiosecogas.com\/it\/#website"},"primaryImageOfPage":{"@id":"https:\/\/recambiosecogas.com\/it\/producto\/lovato-smart-centralita-4-cilindros\/#primaryimage"},"image":{"@id":"https:\/\/recambiosecogas.com\/it\/producto\/lovato-smart-centralita-4-cilindros\/#primaryimage"},"thumbnailUrl":"https:\/\/recambiosecogas.com\/wp-content\/uploads\/2024\/11\/Lovato-Smart-centralita-4-cilindros-png.webp","datePublished":"2024-11-20T16:26:53+00:00","dateModified":"2026-05-01T09:33:16+00:00","description":"Lovato Smart centralita 4 cilindros para sistemas Autogas GLP. Unidad electr\u00f3nica original Lovato.","breadcrumb":{"@id":"https:\/\/recambiosecogas.com\/it\/producto\/lovato-smart-centralita-4-cilindros\/#breadcrumb"},"inLanguage":"it-IT","potentialAction":[{"@type":"ReadAction","target":["https:\/\/recambiosecogas.com\/it\/producto\/lovato-smart-centralita-4-cilindros\/"]}]},{"@type":"ImageObject","inLanguage":"it-IT","@id":"https:\/\/recambiosecogas.com\/it\/producto\/lovato-smart-centralita-4-cilindros\/#primaryimage","url":"https:\/\/recambiosecogas.com\/wp-content\/uploads\/2024\/11\/Lovato-Smart-centralita-4-cilindros-png.webp","contentUrl":"https:\/\/recambiosecogas.com\/wp-content\/uploads\/2024\/11\/Lovato-Smart-centralita-4-cilindros-png.webp","width":1000,"height":1000},{"@type":"BreadcrumbList","@id":"https:\/\/recambiosecogas.com\/it\/producto\/lovato-smart-centralita-4-cilindros\/#breadcrumb","itemListElement":[{"@type":"ListItem","position":1,"name":"Portada","item":"https:\/\/recambiosecogas.com\/it\/"},{"@type":"ListItem","position":2,"name":"Negozio","item":"https:\/\/recambiosecogas.com\/it\/?page_id=46382"},{"@type":"ListItem","position":3,"name":"Lovato Smart centralita 4 cilindros"}]},{"@type":"WebSite","@id":"https:\/\/recambiosecogas.com\/it\/#website","url":"https:\/\/recambiosecogas.com\/it\/","name":"Recambios EcoGas","description":"Recambios Multimarca para sistemas de GLP\/GNC\/GNL\/Hidr\u00f3geno","publisher":{"@id":"https:\/\/recambiosecogas.com\/it\/#organization"},"alternateName":"Recambios Autogas GLP","potentialAction":[{"@type":"SearchAction","target":{"@type":"EntryPoint","urlTemplate":"https:\/\/recambiosecogas.com\/it\/?s={search_term_string}"},"query-input":{"@type":"PropertyValueSpecification","valueRequired":true,"valueName":"search_term_string"}}],"inLanguage":"it-IT"},{"@type":["Organization","Place"],"@id":"https:\/\/recambiosecogas.com\/it\/#organization","name":"Recambios EcoGas","alternateName":"Tienda Online GLP Espa\u00f1a","url":"https:\/\/recambiosecogas.com\/it\/","logo":{"@id":"https:\/\/recambiosecogas.com\/it\/producto\/lovato-smart-centralita-4-cilindros\/#local-main-organization-logo"},"image":{"@id":"https:\/\/recambiosecogas.com\/it\/producto\/lovato-smart-centralita-4-cilindros\/#local-main-organization-logo"},"sameAs":["https:\/\/www.facebook.com\/profile.php?id=100062419705358","https:\/\/www.instagram.com\/segimon_automocio"],"description":"Recambios EcoGas \u2013 Venta y distribuci\u00f3n de sistemas GLP y GNC en Espa\u00f1a y Portugal. Env\u00edos 24 h, soporte t\u00e9cnico a talleres y distribuidores.","hasMerchantReturnPolicy":{"@type":"MerchantReturnPolicy","merchantReturnLink":"https:\/\/recambiosecogas.com\/politicas-privacidad\/"},"address":{"@id":"https:\/\/recambiosecogas.com\/it\/producto\/lovato-smart-centralita-4-cilindros\/#local-main-place-address"},"telephone":["616250633"],"contactPoint":{"@type":"ContactPoint","email":"export@recambiosecogas.com"},"openingHoursSpecification":[{"@type":"OpeningHoursSpecification","dayOfWeek":["Monday","Tuesday","Wednesday","Thursday","Friday","Saturday","Sunday"],"opens":"09:00","closes":"17:00"}],"email":"info@recambiosecogas.com","faxNumber":"SEGIMON AUTOMOCION SL","vatID":"ESB19819861","globalLocationNumber":"938 616 339"},{"@type":"PostalAddress","@id":"https:\/\/recambiosecogas.com\/it\/producto\/lovato-smart-centralita-4-cilindros\/#local-main-place-address","streetAddress":"cami antic de vic, 29 (Nave 3), Pol\u00edgono Industrial Congost","addressLocality":"CORRO D`AVALL","postalCode":"08520","addressRegion":"Barcelona","addressCountry":"ES"},{"@type":"ImageObject","inLanguage":"it-IT","@id":"https:\/\/recambiosecogas.com\/it\/producto\/lovato-smart-centralita-4-cilindros\/#local-main-organization-logo","url":"https:\/\/recambiosecogas.com\/wp-content\/uploads\/2024\/11\/cropped-RECAMBIOS-GLP-png.webp","contentUrl":"https:\/\/recambiosecogas.com\/wp-content\/uploads\/2024\/11\/cropped-RECAMBIOS-GLP-png.webp","width":512,"height":512,"caption":"Recambios EcoGas"}]},"product_brand":"Lovato","product_price_amount":"149.99","product_price_currency":"EUR","og_availability":"backorder","product_availability":"available for order","product_retailer_item_id":"106553A","product_condition":"new","geo.placename":"CORRO D`AVALL","geo.region":"Spagna"},"uagb_featured_image_src":{"full":["https:\/\/recambiosecogas.com\/wp-content\/uploads\/2024\/11\/Lovato-Smart-centralita-4-cilindros-png.webp",1000,1000,false],"thumbnail":["https:\/\/recambiosecogas.com\/wp-content\/uploads\/2024\/11\/Lovato-Smart-centralita-4-cilindros-150x150.webp",150,150,true],"medium":["https:\/\/recambiosecogas.com\/wp-content\/uploads\/2024\/11\/Lovato-Smart-centralita-4-cilindros-300x300.webp",300,300,true],"medium_large":["https:\/\/recambiosecogas.com\/wp-content\/uploads\/2024\/11\/Lovato-Smart-centralita-4-cilindros-768x768.webp",768,768,true],"large":["https:\/\/recambiosecogas.com\/wp-content\/uploads\/2024\/11\/Lovato-Smart-centralita-4-cilindros-png.webp",1000,1000,false],"1536x1536":["https:\/\/recambiosecogas.com\/wp-content\/uploads\/2024\/11\/Lovato-Smart-centralita-4-cilindros-png.webp",1000,1000,false],"2048x2048":["https:\/\/recambiosecogas.com\/wp-content\/uploads\/2024\/11\/Lovato-Smart-centralita-4-cilindros-png.webp",1000,1000,false],"woocommerce_archive_thumbnail":["https:\/\/recambiosecogas.com\/wp-content\/uploads\/2024\/11\/Lovato-Smart-centralita-4-cilindros-png.webp",1000,1000,false],"woocommerce_thumbnail":["https:\/\/recambiosecogas.com\/wp-content\/uploads\/2024\/11\/Lovato-Smart-centralita-4-cilindros-png-300x300.webp",300,300,true],"woocommerce_single":["https:\/\/recambiosecogas.com\/wp-content\/uploads\/2024\/11\/Lovato-Smart-centralita-4-cilindros-png.webp",1000,1000,false],"woocommerce_gallery_thumbnail":["https:\/\/recambiosecogas.com\/wp-content\/uploads\/2024\/11\/Lovato-Smart-centralita-4-cilindros-png.webp",1000,1000,false],"dgwt-wcas-product-suggestion":["https:\/\/recambiosecogas.com\/wp-content\/uploads\/2024\/11\/Lovato-Smart-centralita-4-cilindros-png-64x64.webp",64,64,true]},"uagb_author_info":{"display_name":"Fran - Soporte T\u00e9cnico","author_link":"https:\/\/recambiosecogas.com\/it\/author\/"},"uagb_comment_info":0,"uagb_excerpt":"Lovato Smart centralita 4 cilindros. Unidad electr\u00f3nica original para sistemas Autogas GLP.","_links":{"self":[{"href":"https:\/\/recambiosecogas.com\/it\/wp-json\/wp\/v2\/product\/7218","targetHints":{"allow":["GET"]}}],"collection":[{"href":"https:\/\/recambiosecogas.com\/it\/wp-json\/wp\/v2\/product"}],"about":[{"href":"https:\/\/recambiosecogas.com\/it\/wp-json\/wp\/v2\/types\/product"}],"replies":[{"embeddable":true,"href":"https:\/\/recambiosecogas.com\/it\/wp-json\/wp\/v2\/comments?post=7218"}],"wp:featuredmedia":[{"embeddable":true,"href":"https:\/\/recambiosecogas.com\/it\/wp-json\/wp\/v2\/media\/10213"}],"wp:attachment":[{"href":"https:\/\/recambiosecogas.com\/it\/wp-json\/wp\/v2\/media?parent=7218"}],"wp:term":[{"taxonomy":"product_brand","embeddable":true,"href":"https:\/\/recambiosecogas.com\/it\/wp-json\/wp\/v2\/product_brand?post=7218"},{"taxonomy":"product_cat","embeddable":true,"href":"https:\/\/recambiosecogas.com\/it\/wp-json\/wp\/v2\/product_cat?post=7218"},{"taxonomy":"product_tag","embeddable":true,"href":"https:\/\/recambiosecogas.com\/it\/wp-json\/wp\/v2\/product_tag?post=7218"}],"curies":[{"name":"wp","href":"https:\/\/api.w.org\/{rel}","templated":true}]}}