{"id":7211,"date":"2024-11-20T16:26:40","date_gmt":"2024-11-20T16:26:40","guid":{"rendered":"https:\/\/recambiosecogas.com\/producto\/prins-vsi-afc-2-1-full-8d-im2-can-centralita-4-6-8-cilindros\/"},"modified":"2026-02-23T12:37:56","modified_gmt":"2026-02-23T11:37:56","slug":"prins-vsi-afc-2-1-full-8d-im2-can-centralita-4-6-8-cilindros","status":"publish","type":"product","link":"https:\/\/recambiosecogas.com\/it\/producto\/prins-vsi-afc-2-1-full-8d-im2-can-centralita-4-6-8-cilindros\/","title":{"rendered":"Prins VSI AFC-2.1 Full 8D IM2 CAN centralita 4\/6\/8 cilindros"},"content":{"rendered":"<h1 data-start=\"188\" data-end=\"250\">Prins VSI AFC-2.1 Full 8D IM2 CAN centralita 4\/6\/8 cilindros<\/h1>\n<p data-start=\"252\" data-end=\"591\">La <strong data-start=\"255\" data-end=\"319\">Prins VSI AFC-2.1 Full 8D IM2 CAN centralita 4\/6\/8 cilindros<\/strong> es una unidad electr\u00f3nica dise\u00f1ada para la gesti\u00f3n de sistemas Autogas en motores de 4, 6 y 8 cilindros. Esta ECU integra comunicaci\u00f3n CAN y est\u00e1 desarrollada para la plataforma VSI, permitiendo el control secuencial de la inyecci\u00f3n de gas en configuraciones compatibles.<\/p>\n<p data-start=\"593\" data-end=\"678\">Est\u00e1 destinada a aplicaciones espec\u00edficas Prins VSI con arquitectura Full 8D IM2 CAN.<\/p>\n<hr data-start=\"680\" data-end=\"683\" \/>\n<h2 data-start=\"685\" data-end=\"738\">Unidad electr\u00f3nica VSI AFC-2.1 Full 8D IM2 con CAN<\/h2>\n<div class=\"TyagGW_tableContainer\">\n<div class=\"group TyagGW_tableWrapper flex flex-col-reverse w-fit\" tabindex=\"-1\">\n<table class=\"w-fit min-w-(--thread-content-width)\" data-start=\"740\" data-end=\"1067\">\n<thead data-start=\"740\" data-end=\"768\">\n<tr data-start=\"740\" data-end=\"768\">\n<th class=\"\" data-start=\"740\" data-end=\"757\" data-col-size=\"sm\">Caracter\u00edstica<\/th>\n<th class=\"\" data-start=\"757\" data-end=\"768\" data-col-size=\"sm\">Detalle<\/th>\n<\/tr>\n<\/thead>\n<tbody data-start=\"798\" data-end=\"1067\">\n<tr data-start=\"798\" data-end=\"841\">\n<td data-start=\"798\" data-end=\"809\" data-col-size=\"sm\">Producto<\/td>\n<td data-start=\"809\" data-end=\"841\" data-col-size=\"sm\">ECU \/ Centralita electr\u00f3nica<\/td>\n<\/tr>\n<tr data-start=\"842\" data-end=\"859\">\n<td data-start=\"842\" data-end=\"850\" data-col-size=\"sm\">Marca<\/td>\n<td data-start=\"850\" data-end=\"859\" data-col-size=\"sm\">Prins<\/td>\n<\/tr>\n<tr data-start=\"860\" data-end=\"900\">\n<td data-start=\"860\" data-end=\"869\" data-col-size=\"sm\">Modelo<\/td>\n<td data-start=\"869\" data-end=\"900\" data-col-size=\"sm\">VSI AFC-2.1 Full 8D IM2 CAN<\/td>\n<\/tr>\n<tr data-start=\"901\" data-end=\"939\">\n<td data-start=\"901\" data-end=\"916\" data-col-size=\"sm\">N\u00ba cilindros<\/td>\n<td data-start=\"916\" data-end=\"939\" data-col-size=\"sm\">4 \/ 6 \/ 8 cilindros<\/td>\n<\/tr>\n<tr data-start=\"940\" data-end=\"972\">\n<td data-start=\"940\" data-end=\"955\" data-col-size=\"sm\">Comunicaci\u00f3n<\/td>\n<td data-start=\"955\" data-end=\"972\" data-col-size=\"sm\">CAN integrada<\/td>\n<\/tr>\n<tr data-start=\"973\" data-end=\"1015\">\n<td data-start=\"973\" data-end=\"991\" data-col-size=\"sm\">Tipo de sistema<\/td>\n<td data-start=\"991\" data-end=\"1015\" data-col-size=\"sm\">Inyecci\u00f3n secuencial<\/td>\n<\/tr>\n<tr data-start=\"1016\" data-end=\"1037\">\n<td data-start=\"1016\" data-end=\"1030\" data-col-size=\"sm\">Combustible<\/td>\n<td data-start=\"1030\" data-end=\"1037\" data-col-size=\"sm\">GLP<\/td>\n<\/tr>\n<tr data-start=\"1038\" data-end=\"1067\">\n<td data-start=\"1038\" data-end=\"1052\" data-col-size=\"sm\">Instalaci\u00f3n<\/td>\n<td data-col-size=\"sm\" data-start=\"1052\" data-end=\"1067\">Profesional<\/td>\n<\/tr>\n<\/tbody>\n<\/table>\n<\/div>\n<\/div>\n<hr data-start=\"1069\" data-end=\"1072\" \/>\n<h2 data-start=\"1074\" data-end=\"1118\">Compatibilidad con sistemas Autogas Prins<\/h2>\n<p data-start=\"1120\" data-end=\"1250\">Compatible con instalaciones Prins VSI configuradas para motores de 4, 6 u 8 cilindros con comunicaci\u00f3n CAN y versi\u00f3n Full 8D IM2.<\/p>\n<p data-start=\"1252\" data-end=\"1343\">Antes de la sustituci\u00f3n, verificar versi\u00f3n exacta del sistema y configuraci\u00f3n del veh\u00edculo.<\/p>\n<hr data-start=\"1345\" data-end=\"1348\" \/>\n<h2 data-start=\"1350\" data-end=\"1370\">Ventajas t\u00e9cnicas<\/h2>\n<ul data-start=\"1372\" data-end=\"1557\">\n<li data-start=\"1372\" data-end=\"1418\">\n<p data-start=\"1374\" data-end=\"1418\">Gesti\u00f3n para motores de 4, 6 y 8 cilindros<\/p>\n<\/li>\n<li data-start=\"1419\" data-end=\"1449\">\n<p data-start=\"1421\" data-end=\"1449\">Comunicaci\u00f3n CAN integrada<\/p>\n<\/li>\n<li data-start=\"1450\" data-end=\"1478\">\n<p data-start=\"1452\" data-end=\"1478\">Arquitectura Full 8D IM2<\/p>\n<\/li>\n<li data-start=\"1479\" data-end=\"1519\">\n<p data-start=\"1481\" data-end=\"1519\">Integraci\u00f3n con plataforma Prins VSI<\/p>\n<\/li>\n<li data-start=\"1520\" data-end=\"1557\">\n<p data-start=\"1522\" data-end=\"1557\">Unidad electr\u00f3nica original Prins<\/p>\n<\/li>\n<\/ul>\n<hr data-start=\"1559\" data-end=\"1562\" \/>\n<h2 data-start=\"1564\" data-end=\"1570\">FAQ<\/h2>\n<p data-start=\"1572\" data-end=\"1715\"><strong data-start=\"1572\" data-end=\"1632\">\u00bfPara qu\u00e9 sirve esta centralita VSI AFC-2.1 Full 8D IM2?<\/strong><br data-start=\"1632\" data-end=\"1635\" \/>Gestiona la inyecci\u00f3n de gas en motores compatibles con la plataforma Prins VSI.<\/p>\n<p data-start=\"1717\" data-end=\"1841\"><strong data-start=\"1717\" data-end=\"1753\">\u00bfEs v\u00e1lida para sistemas VSI-DI?<\/strong><br data-start=\"1753\" data-end=\"1756\" \/>Est\u00e1 destinada a configuraciones de la gama VSI; verificar compatibilidad espec\u00edfica.<\/p>\n<p data-start=\"1843\" data-end=\"1910\"><strong data-start=\"1843\" data-end=\"1865\">\u00bfFunciona con GLP?<\/strong><br data-start=\"1865\" data-end=\"1868\" \/>S\u00ed, en sistemas Autogas Prins compatibles.<\/p>\n<p data-start=\"1912\" data-end=\"2003\"><strong data-start=\"1912\" data-end=\"1939\">\u00bfRequiere programaci\u00f3n?<\/strong><br data-start=\"1939\" data-end=\"1942\" \/>S\u00ed, debe instalarse y configurarse por t\u00e9cnico especializado.<\/p>\n","protected":false},"excerpt":{"rendered":"<p data-start=\"2539\" data-end=\"2659\">Prins VSI AFC-2.1 Full 8D IM2 CAN centralita para motores 4\/6\/8 cilindros. Unidad electr\u00f3nica para sistemas Autogas GLP.<\/p>\n","protected":false},"featured_media":10224,"comment_status":"closed","ping_status":"closed","template":"","meta":{"googlesitekit_rrm_CAowud7EDA:productID":"","_uag_custom_page_level_css":""},"product_brand":[1003],"product_cat":[480,297],"product_tag":[],"class_list":{"0":"post-7211","1":"product","2":"type-product","3":"status-publish","4":"has-post-thumbnail","6":"product_brand-prins","7":"product_cat-centralitas-electronicas","8":"product_cat-electronica","10":"first","11":"onbackorder","12":"taxable","13":"shipping-taxable","14":"purchasable","15":"product-type-simple"},"ct_brands":[{"id":1003,"name":"PRINS","slug":"prins"}],"yoast_head":"<!-- This site is optimized with the Yoast SEO Premium plugin v27.4 (Yoast SEO v27.4) - https:\/\/yoast.com\/product\/yoast-seo-premium-wordpress\/ -->\n<title>Prins VSI AFC-2.1 Full 8D IM2 CAN centralita 4\/6\/8 cilindros | Recambios EcoGas<\/title>\n<meta name=\"description\" content=\"Prins VSI AFC-2.1 Full 8D IM2 CAN centralita para motores 4\/6\/8 cilindros. ECU para sistemas Autogas GLP con comunicaci\u00f3n CAN.\" \/>\n<meta name=\"robots\" content=\"index, follow, max-snippet:-1, max-image-preview:large, max-video-preview:-1\" \/>\n<link rel=\"canonical\" href=\"https:\/\/recambiosecogas.com\/it\/producto\/prins-vsi-afc-2-1-full-8d-im2-can-centralita-4-6-8-cilindros\/\" \/>\n<meta property=\"og:locale\" content=\"it_IT\" \/>\n<meta property=\"og:type\" content=\"article\" \/>\n<meta property=\"og:title\" content=\"Prins VSI AFC-2.1 Full 8D IM2 CAN centralita 4\/6\/8 cilindros\" \/>\n<meta property=\"og:description\" content=\"Prins VSI AFC-2.1 Full 8D IM2 CAN centralita para motores 4\/6\/8 cilindros. ECU para sistemas Autogas GLP con comunicaci\u00f3n CAN.\" \/>\n<meta property=\"og:url\" content=\"https:\/\/recambiosecogas.com\/it\/producto\/prins-vsi-afc-2-1-full-8d-im2-can-centralita-4-6-8-cilindros\/\" \/>\n<meta property=\"og:site_name\" content=\"Recambios EcoGas\" \/>\n<meta property=\"article:publisher\" content=\"https:\/\/www.facebook.com\/profile.php?id=100062419705358\" \/>\n<meta property=\"article:modified_time\" content=\"2026-02-23T11:37:56+00:00\" \/>\n<meta property=\"og:image\" content=\"https:\/\/recambiosecogas.com\/wp-content\/uploads\/2024\/11\/Prins-VSI-AFC-2.1-Full-8D-IM2-CAN-centralita-4-6-8-cilindros-png.webp\" \/>\n\t<meta property=\"og:image:width\" content=\"1000\" \/>\n\t<meta property=\"og:image:height\" content=\"1000\" \/>\n\t<meta property=\"og:image:type\" content=\"image\/png\" \/>\n<meta name=\"twitter:card\" content=\"summary_large_image\" \/>\n<meta name=\"twitter:label1\" content=\"Prezzo\" \/>\n\t<meta name=\"twitter:data1\" content=\"782,71&nbsp;&euro; (IVA incl.: 947,08&nbsp;&euro;)\" \/>\n\t<meta name=\"twitter:label2\" content=\"Disponibilit\u00e0\" \/>\n\t<meta name=\"twitter:data2\" content=\"Su ordinazione\" \/>\n<script type=\"application\/ld+json\" class=\"yoast-schema-graph\">{\"@context\":\"https:\\\/\\\/schema.org\",\"@graph\":[{\"@type\":\"WebPage\",\"@id\":\"https:\\\/\\\/recambiosecogas.com\\\/it\\\/producto\\\/prins-vsi-afc-2-1-full-8d-im2-can-centralita-4-6-8-cilindros\\\/\",\"url\":\"https:\\\/\\\/recambiosecogas.com\\\/it\\\/producto\\\/prins-vsi-afc-2-1-full-8d-im2-can-centralita-4-6-8-cilindros\\\/\",\"name\":\"Prins VSI AFC-2.1 Full 8D IM2 CAN centralita 4\\\/6\\\/8 cilindros | Recambios EcoGas\",\"isPartOf\":{\"@id\":\"https:\\\/\\\/recambiosecogas.com\\\/it\\\/#website\"},\"primaryImageOfPage\":{\"@id\":\"https:\\\/\\\/recambiosecogas.com\\\/it\\\/producto\\\/prins-vsi-afc-2-1-full-8d-im2-can-centralita-4-6-8-cilindros\\\/#primaryimage\"},\"image\":{\"@id\":\"https:\\\/\\\/recambiosecogas.com\\\/it\\\/producto\\\/prins-vsi-afc-2-1-full-8d-im2-can-centralita-4-6-8-cilindros\\\/#primaryimage\"},\"thumbnailUrl\":\"https:\\\/\\\/recambiosecogas.com\\\/wp-content\\\/uploads\\\/2024\\\/11\\\/Prins-VSI-AFC-2.1-Full-8D-IM2-CAN-centralita-4-6-8-cilindros-png.webp\",\"datePublished\":\"2024-11-20T16:26:40+00:00\",\"dateModified\":\"2026-02-23T11:37:56+00:00\",\"description\":\"Prins VSI AFC-2.1 Full 8D IM2 CAN centralita para motores 4\\\/6\\\/8 cilindros. ECU para sistemas Autogas GLP con comunicaci\u00f3n CAN.\",\"breadcrumb\":{\"@id\":\"https:\\\/\\\/recambiosecogas.com\\\/it\\\/producto\\\/prins-vsi-afc-2-1-full-8d-im2-can-centralita-4-6-8-cilindros\\\/#breadcrumb\"},\"inLanguage\":\"it-IT\",\"potentialAction\":[{\"@type\":\"ReadAction\",\"target\":[\"https:\\\/\\\/recambiosecogas.com\\\/it\\\/producto\\\/prins-vsi-afc-2-1-full-8d-im2-can-centralita-4-6-8-cilindros\\\/\"]}]},{\"@type\":\"ImageObject\",\"inLanguage\":\"it-IT\",\"@id\":\"https:\\\/\\\/recambiosecogas.com\\\/it\\\/producto\\\/prins-vsi-afc-2-1-full-8d-im2-can-centralita-4-6-8-cilindros\\\/#primaryimage\",\"url\":\"https:\\\/\\\/recambiosecogas.com\\\/wp-content\\\/uploads\\\/2024\\\/11\\\/Prins-VSI-AFC-2.1-Full-8D-IM2-CAN-centralita-4-6-8-cilindros-png.webp\",\"contentUrl\":\"https:\\\/\\\/recambiosecogas.com\\\/wp-content\\\/uploads\\\/2024\\\/11\\\/Prins-VSI-AFC-2.1-Full-8D-IM2-CAN-centralita-4-6-8-cilindros-png.webp\",\"width\":1000,\"height\":1000},{\"@type\":\"BreadcrumbList\",\"@id\":\"https:\\\/\\\/recambiosecogas.com\\\/it\\\/producto\\\/prins-vsi-afc-2-1-full-8d-im2-can-centralita-4-6-8-cilindros\\\/#breadcrumb\",\"itemListElement\":[{\"@type\":\"ListItem\",\"position\":1,\"name\":\"Portada\",\"item\":\"https:\\\/\\\/recambiosecogas.com\\\/it\\\/\"},{\"@type\":\"ListItem\",\"position\":2,\"name\":\"Negozio\",\"item\":\"https:\\\/\\\/recambiosecogas.com\\\/it\\\/?page_id=46382\"},{\"@type\":\"ListItem\",\"position\":3,\"name\":\"Prins VSI AFC-2.1 Full 8D IM2 CAN centralita 4\\\/6\\\/8 cilindros\"}]},{\"@type\":\"WebSite\",\"@id\":\"https:\\\/\\\/recambiosecogas.com\\\/it\\\/#website\",\"url\":\"https:\\\/\\\/recambiosecogas.com\\\/it\\\/\",\"name\":\"Recambios EcoGas\",\"description\":\"Recambios Multimarca para sistemas de GLP\\\/GNC\\\/GNL\\\/Hidr\u00f3geno\",\"publisher\":{\"@id\":\"https:\\\/\\\/recambiosecogas.com\\\/it\\\/#organization\"},\"alternateName\":\"Recambios Autogas GLP\",\"potentialAction\":[{\"@type\":\"SearchAction\",\"target\":{\"@type\":\"EntryPoint\",\"urlTemplate\":\"https:\\\/\\\/recambiosecogas.com\\\/it\\\/?s={search_term_string}\"},\"query-input\":{\"@type\":\"PropertyValueSpecification\",\"valueRequired\":true,\"valueName\":\"search_term_string\"}}],\"inLanguage\":\"it-IT\"},{\"@type\":[\"Organization\",\"Place\"],\"@id\":\"https:\\\/\\\/recambiosecogas.com\\\/it\\\/#organization\",\"name\":\"Recambios EcoGas\",\"alternateName\":\"Tienda Online GLP Espa\u00f1a\",\"url\":\"https:\\\/\\\/recambiosecogas.com\\\/it\\\/\",\"logo\":{\"@id\":\"https:\\\/\\\/recambiosecogas.com\\\/it\\\/producto\\\/prins-vsi-afc-2-1-full-8d-im2-can-centralita-4-6-8-cilindros\\\/#local-main-organization-logo\"},\"image\":{\"@id\":\"https:\\\/\\\/recambiosecogas.com\\\/it\\\/producto\\\/prins-vsi-afc-2-1-full-8d-im2-can-centralita-4-6-8-cilindros\\\/#local-main-organization-logo\"},\"sameAs\":[\"https:\\\/\\\/www.facebook.com\\\/profile.php?id=100062419705358\",\"https:\\\/\\\/www.instagram.com\\\/segimon_automocio\"],\"description\":\"Recambios EcoGas \u2013 Venta y distribuci\u00f3n de sistemas GLP y GNC en Espa\u00f1a y Portugal. Env\u00edos 24 h, soporte t\u00e9cnico a talleres y distribuidores.\",\"hasMerchantReturnPolicy\":{\"@type\":\"MerchantReturnPolicy\",\"merchantReturnLink\":\"https:\\\/\\\/recambiosecogas.com\\\/politicas-privacidad\\\/\"},\"address\":{\"@id\":\"https:\\\/\\\/recambiosecogas.com\\\/it\\\/producto\\\/prins-vsi-afc-2-1-full-8d-im2-can-centralita-4-6-8-cilindros\\\/#local-main-place-address\"},\"telephone\":[\"616250633\"],\"contactPoint\":{\"@type\":\"ContactPoint\",\"email\":\"export@recambiosecogas.com\"},\"openingHoursSpecification\":[{\"@type\":\"OpeningHoursSpecification\",\"dayOfWeek\":[\"Monday\",\"Tuesday\",\"Wednesday\",\"Thursday\",\"Friday\",\"Saturday\",\"Sunday\"],\"opens\":\"09:00\",\"closes\":\"17:00\"}],\"email\":\"info@recambiosecogas.com\",\"faxNumber\":\"SEGIMON AUTOMOCION SL\",\"vatID\":\"ESB19819861\",\"globalLocationNumber\":\"938 616 339\"},{\"@type\":\"PostalAddress\",\"@id\":\"https:\\\/\\\/recambiosecogas.com\\\/it\\\/producto\\\/prins-vsi-afc-2-1-full-8d-im2-can-centralita-4-6-8-cilindros\\\/#local-main-place-address\",\"streetAddress\":\"cami antic de vic, 29 (Nave 3), Pol\u00edgono Industrial Congost\",\"addressLocality\":\"CORRO D`AVALL\",\"postalCode\":\"08520\",\"addressRegion\":\"Barcelona\",\"addressCountry\":\"ES\"},{\"@type\":\"ImageObject\",\"inLanguage\":\"it-IT\",\"@id\":\"https:\\\/\\\/recambiosecogas.com\\\/it\\\/producto\\\/prins-vsi-afc-2-1-full-8d-im2-can-centralita-4-6-8-cilindros\\\/#local-main-organization-logo\",\"url\":\"https:\\\/\\\/recambiosecogas.com\\\/wp-content\\\/uploads\\\/2024\\\/11\\\/cropped-RECAMBIOS-GLP-png.webp\",\"contentUrl\":\"https:\\\/\\\/recambiosecogas.com\\\/wp-content\\\/uploads\\\/2024\\\/11\\\/cropped-RECAMBIOS-GLP-png.webp\",\"width\":512,\"height\":512,\"caption\":\"Recambios EcoGas\"}]}<\/script>\n<meta property=\"product:brand\" content=\"PRINS\" \/>\n<meta property=\"product:price:amount\" content=\"782.71\" \/>\n<meta property=\"product:price:currency\" content=\"EUR\" \/>\n<meta property=\"og:availability\" content=\"backorder\" \/>\n<meta property=\"product:availability\" content=\"available for order\" \/>\n<meta property=\"product:retailer_item_id\" content=\"106466A\" \/>\n<meta property=\"product:condition\" content=\"new\" \/>\n<meta name=\"geo.placename\" content=\"CORRO D`AVALL\" \/>\n<meta name=\"geo.region\" content=\"Spagna\" \/>\n<!-- \/ Yoast SEO Premium plugin. -->","yoast_head_json":{"title":"Prins VSI AFC-2.1 Full 8D IM2 CAN centralita 4\/6\/8 cilindros | Recambios EcoGas","description":"Prins VSI AFC-2.1 Full 8D IM2 CAN centralita para motores 4\/6\/8 cilindros. ECU para sistemas Autogas GLP con comunicaci\u00f3n CAN.","robots":{"index":"index","follow":"follow","max-snippet":"max-snippet:-1","max-image-preview":"max-image-preview:large","max-video-preview":"max-video-preview:-1"},"canonical":"https:\/\/recambiosecogas.com\/it\/producto\/prins-vsi-afc-2-1-full-8d-im2-can-centralita-4-6-8-cilindros\/","og_locale":"it_IT","og_type":"article","og_title":"Prins VSI AFC-2.1 Full 8D IM2 CAN centralita 4\/6\/8 cilindros","og_description":"Prins VSI AFC-2.1 Full 8D IM2 CAN centralita para motores 4\/6\/8 cilindros. ECU para sistemas Autogas GLP con comunicaci\u00f3n CAN.","og_url":"https:\/\/recambiosecogas.com\/it\/producto\/prins-vsi-afc-2-1-full-8d-im2-can-centralita-4-6-8-cilindros\/","og_site_name":"Recambios EcoGas","article_publisher":"https:\/\/www.facebook.com\/profile.php?id=100062419705358","article_modified_time":"2026-02-23T11:37:56+00:00","og_image":[{"width":1000,"height":1000,"url":"https:\/\/recambiosecogas.com\/wp-content\/uploads\/2024\/11\/Prins-VSI-AFC-2.1-Full-8D-IM2-CAN-centralita-4-6-8-cilindros-png.webp","type":"image\/png"}],"twitter_card":"summary_large_image","twitter_misc":{"Prezzo":"782,71&nbsp;&euro; (IVA incl.: 947,08&nbsp;&euro;)","Disponibilit\u00e0":"Su ordinazione"},"schema":{"@context":"https:\/\/schema.org","@graph":[{"@type":"WebPage","@id":"https:\/\/recambiosecogas.com\/it\/producto\/prins-vsi-afc-2-1-full-8d-im2-can-centralita-4-6-8-cilindros\/","url":"https:\/\/recambiosecogas.com\/it\/producto\/prins-vsi-afc-2-1-full-8d-im2-can-centralita-4-6-8-cilindros\/","name":"Prins VSI AFC-2.1 Full 8D IM2 CAN centralita 4\/6\/8 cilindros | Recambios EcoGas","isPartOf":{"@id":"https:\/\/recambiosecogas.com\/it\/#website"},"primaryImageOfPage":{"@id":"https:\/\/recambiosecogas.com\/it\/producto\/prins-vsi-afc-2-1-full-8d-im2-can-centralita-4-6-8-cilindros\/#primaryimage"},"image":{"@id":"https:\/\/recambiosecogas.com\/it\/producto\/prins-vsi-afc-2-1-full-8d-im2-can-centralita-4-6-8-cilindros\/#primaryimage"},"thumbnailUrl":"https:\/\/recambiosecogas.com\/wp-content\/uploads\/2024\/11\/Prins-VSI-AFC-2.1-Full-8D-IM2-CAN-centralita-4-6-8-cilindros-png.webp","datePublished":"2024-11-20T16:26:40+00:00","dateModified":"2026-02-23T11:37:56+00:00","description":"Prins VSI AFC-2.1 Full 8D IM2 CAN centralita para motores 4\/6\/8 cilindros. ECU para sistemas Autogas GLP con comunicaci\u00f3n CAN.","breadcrumb":{"@id":"https:\/\/recambiosecogas.com\/it\/producto\/prins-vsi-afc-2-1-full-8d-im2-can-centralita-4-6-8-cilindros\/#breadcrumb"},"inLanguage":"it-IT","potentialAction":[{"@type":"ReadAction","target":["https:\/\/recambiosecogas.com\/it\/producto\/prins-vsi-afc-2-1-full-8d-im2-can-centralita-4-6-8-cilindros\/"]}]},{"@type":"ImageObject","inLanguage":"it-IT","@id":"https:\/\/recambiosecogas.com\/it\/producto\/prins-vsi-afc-2-1-full-8d-im2-can-centralita-4-6-8-cilindros\/#primaryimage","url":"https:\/\/recambiosecogas.com\/wp-content\/uploads\/2024\/11\/Prins-VSI-AFC-2.1-Full-8D-IM2-CAN-centralita-4-6-8-cilindros-png.webp","contentUrl":"https:\/\/recambiosecogas.com\/wp-content\/uploads\/2024\/11\/Prins-VSI-AFC-2.1-Full-8D-IM2-CAN-centralita-4-6-8-cilindros-png.webp","width":1000,"height":1000},{"@type":"BreadcrumbList","@id":"https:\/\/recambiosecogas.com\/it\/producto\/prins-vsi-afc-2-1-full-8d-im2-can-centralita-4-6-8-cilindros\/#breadcrumb","itemListElement":[{"@type":"ListItem","position":1,"name":"Portada","item":"https:\/\/recambiosecogas.com\/it\/"},{"@type":"ListItem","position":2,"name":"Negozio","item":"https:\/\/recambiosecogas.com\/it\/?page_id=46382"},{"@type":"ListItem","position":3,"name":"Prins VSI AFC-2.1 Full 8D IM2 CAN centralita 4\/6\/8 cilindros"}]},{"@type":"WebSite","@id":"https:\/\/recambiosecogas.com\/it\/#website","url":"https:\/\/recambiosecogas.com\/it\/","name":"Recambios EcoGas","description":"Recambios Multimarca para sistemas de GLP\/GNC\/GNL\/Hidr\u00f3geno","publisher":{"@id":"https:\/\/recambiosecogas.com\/it\/#organization"},"alternateName":"Recambios Autogas GLP","potentialAction":[{"@type":"SearchAction","target":{"@type":"EntryPoint","urlTemplate":"https:\/\/recambiosecogas.com\/it\/?s={search_term_string}"},"query-input":{"@type":"PropertyValueSpecification","valueRequired":true,"valueName":"search_term_string"}}],"inLanguage":"it-IT"},{"@type":["Organization","Place"],"@id":"https:\/\/recambiosecogas.com\/it\/#organization","name":"Recambios EcoGas","alternateName":"Tienda Online GLP Espa\u00f1a","url":"https:\/\/recambiosecogas.com\/it\/","logo":{"@id":"https:\/\/recambiosecogas.com\/it\/producto\/prins-vsi-afc-2-1-full-8d-im2-can-centralita-4-6-8-cilindros\/#local-main-organization-logo"},"image":{"@id":"https:\/\/recambiosecogas.com\/it\/producto\/prins-vsi-afc-2-1-full-8d-im2-can-centralita-4-6-8-cilindros\/#local-main-organization-logo"},"sameAs":["https:\/\/www.facebook.com\/profile.php?id=100062419705358","https:\/\/www.instagram.com\/segimon_automocio"],"description":"Recambios EcoGas \u2013 Venta y distribuci\u00f3n de sistemas GLP y GNC en Espa\u00f1a y Portugal. Env\u00edos 24 h, soporte t\u00e9cnico a talleres y distribuidores.","hasMerchantReturnPolicy":{"@type":"MerchantReturnPolicy","merchantReturnLink":"https:\/\/recambiosecogas.com\/politicas-privacidad\/"},"address":{"@id":"https:\/\/recambiosecogas.com\/it\/producto\/prins-vsi-afc-2-1-full-8d-im2-can-centralita-4-6-8-cilindros\/#local-main-place-address"},"telephone":["616250633"],"contactPoint":{"@type":"ContactPoint","email":"export@recambiosecogas.com"},"openingHoursSpecification":[{"@type":"OpeningHoursSpecification","dayOfWeek":["Monday","Tuesday","Wednesday","Thursday","Friday","Saturday","Sunday"],"opens":"09:00","closes":"17:00"}],"email":"info@recambiosecogas.com","faxNumber":"SEGIMON AUTOMOCION SL","vatID":"ESB19819861","globalLocationNumber":"938 616 339"},{"@type":"PostalAddress","@id":"https:\/\/recambiosecogas.com\/it\/producto\/prins-vsi-afc-2-1-full-8d-im2-can-centralita-4-6-8-cilindros\/#local-main-place-address","streetAddress":"cami antic de vic, 29 (Nave 3), Pol\u00edgono Industrial Congost","addressLocality":"CORRO D`AVALL","postalCode":"08520","addressRegion":"Barcelona","addressCountry":"ES"},{"@type":"ImageObject","inLanguage":"it-IT","@id":"https:\/\/recambiosecogas.com\/it\/producto\/prins-vsi-afc-2-1-full-8d-im2-can-centralita-4-6-8-cilindros\/#local-main-organization-logo","url":"https:\/\/recambiosecogas.com\/wp-content\/uploads\/2024\/11\/cropped-RECAMBIOS-GLP-png.webp","contentUrl":"https:\/\/recambiosecogas.com\/wp-content\/uploads\/2024\/11\/cropped-RECAMBIOS-GLP-png.webp","width":512,"height":512,"caption":"Recambios EcoGas"}]},"product_brand":"PRINS","product_price_amount":"782.71","product_price_currency":"EUR","og_availability":"backorder","product_availability":"available for order","product_retailer_item_id":"106466A","product_condition":"new","geo.placename":"CORRO D`AVALL","geo.region":"Spagna"},"uagb_featured_image_src":{"full":["https:\/\/recambiosecogas.com\/wp-content\/uploads\/2024\/11\/Prins-VSI-AFC-2.1-Full-8D-IM2-CAN-centralita-4-6-8-cilindros-png.webp",1000,1000,false],"thumbnail":["https:\/\/recambiosecogas.com\/wp-content\/uploads\/2024\/11\/Prins-VSI-AFC-2.1-Full-8D-IM2-CAN-centralita-4-6-8-cilindros-150x150.webp",150,150,true],"medium":["https:\/\/recambiosecogas.com\/wp-content\/uploads\/2024\/11\/Prins-VSI-AFC-2.1-Full-8D-IM2-CAN-centralita-4-6-8-cilindros-300x300.webp",300,300,true],"medium_large":["https:\/\/recambiosecogas.com\/wp-content\/uploads\/2024\/11\/Prins-VSI-AFC-2.1-Full-8D-IM2-CAN-centralita-4-6-8-cilindros-768x768.webp",768,768,true],"large":["https:\/\/recambiosecogas.com\/wp-content\/uploads\/2024\/11\/Prins-VSI-AFC-2.1-Full-8D-IM2-CAN-centralita-4-6-8-cilindros-png.webp",1000,1000,false],"1536x1536":["https:\/\/recambiosecogas.com\/wp-content\/uploads\/2024\/11\/Prins-VSI-AFC-2.1-Full-8D-IM2-CAN-centralita-4-6-8-cilindros-png.webp",1000,1000,false],"2048x2048":["https:\/\/recambiosecogas.com\/wp-content\/uploads\/2024\/11\/Prins-VSI-AFC-2.1-Full-8D-IM2-CAN-centralita-4-6-8-cilindros-png.webp",1000,1000,false],"woocommerce_archive_thumbnail":["https:\/\/recambiosecogas.com\/wp-content\/uploads\/2024\/11\/Prins-VSI-AFC-2.1-Full-8D-IM2-CAN-centralita-4-6-8-cilindros-png.webp",1000,1000,false],"woocommerce_thumbnail":["https:\/\/recambiosecogas.com\/wp-content\/uploads\/2024\/11\/Prins-VSI-AFC-2.1-Full-8D-IM2-CAN-centralita-4-6-8-cilindros-png-300x300.webp",300,300,true],"woocommerce_single":["https:\/\/recambiosecogas.com\/wp-content\/uploads\/2024\/11\/Prins-VSI-AFC-2.1-Full-8D-IM2-CAN-centralita-4-6-8-cilindros-png.webp",1000,1000,false],"woocommerce_gallery_thumbnail":["https:\/\/recambiosecogas.com\/wp-content\/uploads\/2024\/11\/Prins-VSI-AFC-2.1-Full-8D-IM2-CAN-centralita-4-6-8-cilindros-png.webp",1000,1000,false],"dgwt-wcas-product-suggestion":["https:\/\/recambiosecogas.com\/wp-content\/uploads\/2024\/11\/Prins-VSI-AFC-2.1-Full-8D-IM2-CAN-centralita-4-6-8-cilindros-png-64x64.webp",64,64,true]},"uagb_author_info":{"display_name":"Fran - Soporte T\u00e9cnico","author_link":"https:\/\/recambiosecogas.com\/it\/author\/"},"uagb_comment_info":0,"uagb_excerpt":"Prins VSI AFC-2.1 Full 8D IM2 CAN centralita para motores 4\/6\/8 cilindros. Unidad electr\u00f3nica para sistemas Autogas GLP.","_links":{"self":[{"href":"https:\/\/recambiosecogas.com\/it\/wp-json\/wp\/v2\/product\/7211","targetHints":{"allow":["GET"]}}],"collection":[{"href":"https:\/\/recambiosecogas.com\/it\/wp-json\/wp\/v2\/product"}],"about":[{"href":"https:\/\/recambiosecogas.com\/it\/wp-json\/wp\/v2\/types\/product"}],"replies":[{"embeddable":true,"href":"https:\/\/recambiosecogas.com\/it\/wp-json\/wp\/v2\/comments?post=7211"}],"wp:featuredmedia":[{"embeddable":true,"href":"https:\/\/recambiosecogas.com\/it\/wp-json\/wp\/v2\/media\/10224"}],"wp:attachment":[{"href":"https:\/\/recambiosecogas.com\/it\/wp-json\/wp\/v2\/media?parent=7211"}],"wp:term":[{"taxonomy":"product_brand","embeddable":true,"href":"https:\/\/recambiosecogas.com\/it\/wp-json\/wp\/v2\/product_brand?post=7211"},{"taxonomy":"product_cat","embeddable":true,"href":"https:\/\/recambiosecogas.com\/it\/wp-json\/wp\/v2\/product_cat?post=7211"},{"taxonomy":"product_tag","embeddable":true,"href":"https:\/\/recambiosecogas.com\/it\/wp-json\/wp\/v2\/product_tag?post=7211"}],"curies":[{"name":"wp","href":"https:\/\/api.w.org\/{rel}","templated":true}]}}