{"id":7204,"date":"2024-11-20T16:26:28","date_gmt":"2024-11-20T16:26:28","guid":{"rendered":"https:\/\/recambiosecogas.com\/producto\/landi-renzo-centralita-evo12-3-4-cilindros\/"},"modified":"2026-02-23T12:45:18","modified_gmt":"2026-02-23T11:45:18","slug":"landi-renzo-centralita-evo12-3-4-cilindros","status":"publish","type":"product","link":"https:\/\/recambiosecogas.com\/it\/producto\/landi-renzo-centralita-evo12-3-4-cilindros\/","title":{"rendered":"Landi Renzo centralita EVO12 &#8211; 3\/4 cilindros"},"content":{"rendered":"<h1 data-start=\"170\" data-end=\"214\">Landi Renzo EVO12 centralita 3\/4 cilindros<\/h1>\n<p data-start=\"216\" data-end=\"523\">La <strong data-start=\"219\" data-end=\"265\">Landi Renzo EVO12 centralita 3\/4 cilindros<\/strong> es una unidad electr\u00f3nica dise\u00f1ada para la gesti\u00f3n de sistemas Autogas en motores de 3 y 4 cilindros. Esta ECU permite controlar la inyecci\u00f3n secuencial de gas dentro de la plataforma EVO12, garantizando integraci\u00f3n con la electr\u00f3nica original del veh\u00edculo.<\/p>\n<p data-start=\"525\" data-end=\"620\">Est\u00e1 destinada a configuraciones espec\u00edficas Landi Renzo EVO12 para motores de 3 y 4 cilindros.<\/p>\n<hr data-start=\"622\" data-end=\"625\" \/>\n<h2 data-start=\"627\" data-end=\"683\">Unidad electr\u00f3nica EVO12 para motores 3 y 4 cilindros<\/h2>\n<div class=\"TyagGW_tableContainer\">\n<div class=\"group TyagGW_tableWrapper flex flex-col-reverse w-fit\" tabindex=\"-1\">\n<table class=\"w-fit min-w-(--thread-content-width)\" data-start=\"685\" data-end=\"959\">\n<thead data-start=\"685\" data-end=\"713\">\n<tr data-start=\"685\" data-end=\"713\">\n<th class=\"\" data-start=\"685\" data-end=\"702\" data-col-size=\"sm\">Caracter\u00edstica<\/th>\n<th class=\"\" data-start=\"702\" data-end=\"713\" data-col-size=\"sm\">Detalle<\/th>\n<\/tr>\n<\/thead>\n<tbody data-start=\"743\" data-end=\"959\">\n<tr data-start=\"743\" data-end=\"786\">\n<td data-start=\"743\" data-end=\"754\" data-col-size=\"sm\">Producto<\/td>\n<td data-start=\"754\" data-end=\"786\" data-col-size=\"sm\">ECU \/ Centralita electr\u00f3nica<\/td>\n<\/tr>\n<tr data-start=\"787\" data-end=\"810\">\n<td data-start=\"787\" data-end=\"795\" data-col-size=\"sm\">Marca<\/td>\n<td data-start=\"795\" data-end=\"810\" data-col-size=\"sm\">Landi Renzo<\/td>\n<\/tr>\n<tr data-start=\"811\" data-end=\"829\">\n<td data-start=\"811\" data-end=\"820\" data-col-size=\"sm\">Modelo<\/td>\n<td data-start=\"820\" data-end=\"829\" data-col-size=\"sm\">EVO12<\/td>\n<\/tr>\n<tr data-start=\"830\" data-end=\"864\">\n<td data-start=\"830\" data-end=\"845\" data-col-size=\"sm\">N\u00ba cilindros<\/td>\n<td data-start=\"845\" data-end=\"864\" data-col-size=\"sm\">3 \/ 4 cilindros<\/td>\n<\/tr>\n<tr data-start=\"865\" data-end=\"907\">\n<td data-start=\"865\" data-end=\"883\" data-col-size=\"sm\">Tipo de sistema<\/td>\n<td data-start=\"883\" data-end=\"907\" data-col-size=\"sm\">Inyecci\u00f3n secuencial<\/td>\n<\/tr>\n<tr data-start=\"908\" data-end=\"929\">\n<td data-start=\"908\" data-end=\"922\" data-col-size=\"sm\">Combustible<\/td>\n<td data-start=\"922\" data-end=\"929\" data-col-size=\"sm\">GLP<\/td>\n<\/tr>\n<tr data-start=\"930\" data-end=\"959\">\n<td data-start=\"930\" data-end=\"944\" data-col-size=\"sm\">Instalaci\u00f3n<\/td>\n<td data-start=\"944\" data-end=\"959\" data-col-size=\"sm\">Profesional<\/td>\n<\/tr>\n<\/tbody>\n<\/table>\n<\/div>\n<\/div>\n<hr data-start=\"961\" data-end=\"964\" \/>\n<h2 data-start=\"966\" data-end=\"1016\">Compatibilidad con sistemas Autogas Landi Renzo<\/h2>\n<p data-start=\"1018\" data-end=\"1110\">Compatible con instalaciones Landi Renzo EVO12 configuradas para motores de 3 y 4 cilindros.<\/p>\n<p data-start=\"1112\" data-end=\"1196\">Antes de la sustituci\u00f3n, verificar versi\u00f3n del sistema y configuraci\u00f3n del veh\u00edculo.<\/p>\n<hr data-start=\"1198\" data-end=\"1201\" \/>\n<h2 data-start=\"1203\" data-end=\"1223\">Ventajas t\u00e9cnicas<\/h2>\n<ul data-start=\"1225\" data-end=\"1428\">\n<li data-start=\"1225\" data-end=\"1268\">\n<p data-start=\"1227\" data-end=\"1268\">Gesti\u00f3n secuencial para 3 y 4 cilindros<\/p>\n<\/li>\n<li data-start=\"1269\" data-end=\"1305\">\n<p data-start=\"1271\" data-end=\"1305\">Integraci\u00f3n con plataforma EVO12<\/p>\n<\/li>\n<li data-start=\"1306\" data-end=\"1349\">\n<p data-start=\"1308\" data-end=\"1349\">Unidad electr\u00f3nica original Landi Renzo<\/p>\n<\/li>\n<li data-start=\"1350\" data-end=\"1389\">\n<p data-start=\"1352\" data-end=\"1389\">Recambio t\u00e9cnico para mantenimiento<\/p>\n<\/li>\n<li data-start=\"1390\" data-end=\"1428\">\n<p data-start=\"1392\" data-end=\"1428\">Dise\u00f1ada para sistemas Autogas GLP<\/p>\n<\/li>\n<\/ul>\n<hr data-start=\"1430\" data-end=\"1433\" \/>\n<h2 data-start=\"1435\" data-end=\"1441\">FAQ<\/h2>\n<p data-start=\"1443\" data-end=\"1547\"><strong data-start=\"1443\" data-end=\"1485\">\u00bfPara qu\u00e9 sirve esta centralita EVO12?<\/strong><br data-start=\"1485\" data-end=\"1488\" \/>Gestiona la inyecci\u00f3n de gas en motores de 3 y 4 cilindros.<\/p>\n<p data-start=\"1549\" data-end=\"1646\"><strong data-start=\"1549\" data-end=\"1587\">\u00bfEs v\u00e1lida para 5\/6 u 8 cilindros?<\/strong><br data-start=\"1587\" data-end=\"1590\" \/>No, est\u00e1 destinada a configuraciones de 3 o 4 cilindros.<\/p>\n<p data-start=\"1648\" data-end=\"1721\"><strong data-start=\"1648\" data-end=\"1670\">\u00bfFunciona con GLP?<\/strong><br data-start=\"1670\" data-end=\"1673\" \/>S\u00ed, en sistemas Autogas Landi Renzo compatibles.<\/p>\n<p data-start=\"1723\" data-end=\"1814\"><strong data-start=\"1723\" data-end=\"1750\">\u00bfRequiere programaci\u00f3n?<\/strong><br data-start=\"1750\" data-end=\"1753\" \/>S\u00ed, debe instalarse y configurarse por t\u00e9cnico especializado.<\/p>\n","protected":false},"excerpt":{"rendered":"<p data-start=\"2277\" data-end=\"2375\">Landi Renzo EVO12 centralita 3\/4 cilindros. Unidad electr\u00f3nica original para sistemas Autogas GLP.<\/p>\n","protected":false},"featured_media":10239,"comment_status":"closed","ping_status":"closed","template":"","meta":{"googlesitekit_rrm_CAowud7EDA:productID":"","_uag_custom_page_level_css":""},"product_brand":[997],"product_cat":[480,297],"product_tag":[],"class_list":{"0":"post-7204","1":"product","2":"type-product","3":"status-publish","4":"has-post-thumbnail","6":"product_brand-landi-renzo","7":"product_cat-centralitas-electronicas","8":"product_cat-electronica","10":"first","11":"onbackorder","12":"taxable","13":"shipping-taxable","14":"purchasable","15":"product-type-simple"},"ct_brands":[{"id":997,"name":"Landi Renzo","slug":"landi-renzo"}],"yoast_head":"<!-- This site is optimized with the Yoast SEO Premium plugin v27.4 (Yoast SEO v27.4) - https:\/\/yoast.com\/product\/yoast-seo-premium-wordpress\/ -->\n<title>Landi Renzo centralita EVO12 - 3\/4 cilindros | Recambios EcoGas | Sistemas GLP y GNC<\/title>\n<meta name=\"description\" content=\"Landi Renzo EVO12 centralita 3\/4 cilindros para sistemas Autogas GLP. Unidad electr\u00f3nica original Landi Renzo.\" \/>\n<meta name=\"robots\" content=\"index, follow, max-snippet:-1, max-image-preview:large, max-video-preview:-1\" \/>\n<link rel=\"canonical\" href=\"https:\/\/recambiosecogas.com\/it\/producto\/landi-renzo-centralita-evo12-3-4-cilindros\/\" \/>\n<meta property=\"og:locale\" content=\"it_IT\" \/>\n<meta property=\"og:type\" content=\"article\" \/>\n<meta property=\"og:title\" content=\"Landi Renzo centralita EVO12 - 3\/4 cilindros\" \/>\n<meta property=\"og:description\" content=\"Landi Renzo EVO12 centralita 3\/4 cilindros para sistemas Autogas GLP. Unidad electr\u00f3nica original Landi Renzo.\" \/>\n<meta property=\"og:url\" content=\"https:\/\/recambiosecogas.com\/it\/producto\/landi-renzo-centralita-evo12-3-4-cilindros\/\" \/>\n<meta property=\"og:site_name\" content=\"Recambios EcoGas\" \/>\n<meta property=\"article:publisher\" content=\"https:\/\/www.facebook.com\/profile.php?id=100062419705358\" \/>\n<meta property=\"article:modified_time\" content=\"2026-02-23T11:45:18+00:00\" \/>\n<meta property=\"og:image\" content=\"https:\/\/recambiosecogas.com\/wp-content\/uploads\/2024\/11\/Landi-Renzo-centralita-EVO12-3-4-cilindros-png.webp\" \/>\n\t<meta property=\"og:image:width\" content=\"1000\" \/>\n\t<meta property=\"og:image:height\" content=\"1000\" \/>\n\t<meta property=\"og:image:type\" content=\"image\/png\" \/>\n<meta name=\"twitter:card\" content=\"summary_large_image\" \/>\n<meta name=\"twitter:label1\" content=\"Prezzo\" \/>\n\t<meta name=\"twitter:data1\" content=\"120,75&nbsp;&euro; (IVA incl.: 146,11&nbsp;&euro;)\" \/>\n\t<meta name=\"twitter:label2\" content=\"Disponibilit\u00e0\" \/>\n\t<meta name=\"twitter:data2\" content=\"Su ordinazione\" \/>\n<script type=\"application\/ld+json\" class=\"yoast-schema-graph\">{\"@context\":\"https:\\\/\\\/schema.org\",\"@graph\":[{\"@type\":\"WebPage\",\"@id\":\"https:\\\/\\\/recambiosecogas.com\\\/it\\\/producto\\\/landi-renzo-centralita-evo12-3-4-cilindros\\\/\",\"url\":\"https:\\\/\\\/recambiosecogas.com\\\/it\\\/producto\\\/landi-renzo-centralita-evo12-3-4-cilindros\\\/\",\"name\":\"Landi Renzo centralita EVO12 - 3\\\/4 cilindros | Recambios EcoGas | Sistemas GLP y GNC\",\"isPartOf\":{\"@id\":\"https:\\\/\\\/recambiosecogas.com\\\/it\\\/#website\"},\"primaryImageOfPage\":{\"@id\":\"https:\\\/\\\/recambiosecogas.com\\\/it\\\/producto\\\/landi-renzo-centralita-evo12-3-4-cilindros\\\/#primaryimage\"},\"image\":{\"@id\":\"https:\\\/\\\/recambiosecogas.com\\\/it\\\/producto\\\/landi-renzo-centralita-evo12-3-4-cilindros\\\/#primaryimage\"},\"thumbnailUrl\":\"https:\\\/\\\/recambiosecogas.com\\\/wp-content\\\/uploads\\\/2024\\\/11\\\/Landi-Renzo-centralita-EVO12-3-4-cilindros-png.webp\",\"datePublished\":\"2024-11-20T16:26:28+00:00\",\"dateModified\":\"2026-02-23T11:45:18+00:00\",\"description\":\"Landi Renzo EVO12 centralita 3\\\/4 cilindros para sistemas Autogas GLP. Unidad electr\u00f3nica original Landi Renzo.\",\"breadcrumb\":{\"@id\":\"https:\\\/\\\/recambiosecogas.com\\\/it\\\/producto\\\/landi-renzo-centralita-evo12-3-4-cilindros\\\/#breadcrumb\"},\"inLanguage\":\"it-IT\",\"potentialAction\":[{\"@type\":\"ReadAction\",\"target\":[\"https:\\\/\\\/recambiosecogas.com\\\/it\\\/producto\\\/landi-renzo-centralita-evo12-3-4-cilindros\\\/\"]}]},{\"@type\":\"ImageObject\",\"inLanguage\":\"it-IT\",\"@id\":\"https:\\\/\\\/recambiosecogas.com\\\/it\\\/producto\\\/landi-renzo-centralita-evo12-3-4-cilindros\\\/#primaryimage\",\"url\":\"https:\\\/\\\/recambiosecogas.com\\\/wp-content\\\/uploads\\\/2024\\\/11\\\/Landi-Renzo-centralita-EVO12-3-4-cilindros-png.webp\",\"contentUrl\":\"https:\\\/\\\/recambiosecogas.com\\\/wp-content\\\/uploads\\\/2024\\\/11\\\/Landi-Renzo-centralita-EVO12-3-4-cilindros-png.webp\",\"width\":1000,\"height\":1000},{\"@type\":\"BreadcrumbList\",\"@id\":\"https:\\\/\\\/recambiosecogas.com\\\/it\\\/producto\\\/landi-renzo-centralita-evo12-3-4-cilindros\\\/#breadcrumb\",\"itemListElement\":[{\"@type\":\"ListItem\",\"position\":1,\"name\":\"Portada\",\"item\":\"https:\\\/\\\/recambiosecogas.com\\\/it\\\/\"},{\"@type\":\"ListItem\",\"position\":2,\"name\":\"Negozio\",\"item\":\"https:\\\/\\\/recambiosecogas.com\\\/it\\\/?page_id=46382\"},{\"@type\":\"ListItem\",\"position\":3,\"name\":\"Landi Renzo centralita EVO12 &#8211; 3\\\/4 cilindros\"}]},{\"@type\":\"WebSite\",\"@id\":\"https:\\\/\\\/recambiosecogas.com\\\/it\\\/#website\",\"url\":\"https:\\\/\\\/recambiosecogas.com\\\/it\\\/\",\"name\":\"Recambios EcoGas\",\"description\":\"Recambios Multimarca para sistemas de GLP\\\/GNC\\\/GNL\\\/Hidr\u00f3geno\",\"publisher\":{\"@id\":\"https:\\\/\\\/recambiosecogas.com\\\/it\\\/#organization\"},\"alternateName\":\"Recambios Autogas GLP\",\"potentialAction\":[{\"@type\":\"SearchAction\",\"target\":{\"@type\":\"EntryPoint\",\"urlTemplate\":\"https:\\\/\\\/recambiosecogas.com\\\/it\\\/?s={search_term_string}\"},\"query-input\":{\"@type\":\"PropertyValueSpecification\",\"valueRequired\":true,\"valueName\":\"search_term_string\"}}],\"inLanguage\":\"it-IT\"},{\"@type\":[\"Organization\",\"Place\"],\"@id\":\"https:\\\/\\\/recambiosecogas.com\\\/it\\\/#organization\",\"name\":\"Recambios EcoGas\",\"alternateName\":\"Tienda Online GLP Espa\u00f1a\",\"url\":\"https:\\\/\\\/recambiosecogas.com\\\/it\\\/\",\"logo\":{\"@id\":\"https:\\\/\\\/recambiosecogas.com\\\/it\\\/producto\\\/landi-renzo-centralita-evo12-3-4-cilindros\\\/#local-main-organization-logo\"},\"image\":{\"@id\":\"https:\\\/\\\/recambiosecogas.com\\\/it\\\/producto\\\/landi-renzo-centralita-evo12-3-4-cilindros\\\/#local-main-organization-logo\"},\"sameAs\":[\"https:\\\/\\\/www.facebook.com\\\/profile.php?id=100062419705358\",\"https:\\\/\\\/www.instagram.com\\\/segimon_automocio\"],\"description\":\"Recambios EcoGas \u2013 Venta y distribuci\u00f3n de sistemas GLP y GNC en Espa\u00f1a y Portugal. Env\u00edos 24 h, soporte t\u00e9cnico a talleres y distribuidores.\",\"hasMerchantReturnPolicy\":{\"@type\":\"MerchantReturnPolicy\",\"merchantReturnLink\":\"https:\\\/\\\/recambiosecogas.com\\\/politicas-privacidad\\\/\"},\"address\":{\"@id\":\"https:\\\/\\\/recambiosecogas.com\\\/it\\\/producto\\\/landi-renzo-centralita-evo12-3-4-cilindros\\\/#local-main-place-address\"},\"telephone\":[\"616250633\"],\"contactPoint\":{\"@type\":\"ContactPoint\",\"email\":\"export@recambiosecogas.com\"},\"openingHoursSpecification\":[{\"@type\":\"OpeningHoursSpecification\",\"dayOfWeek\":[\"Monday\",\"Tuesday\",\"Wednesday\",\"Thursday\",\"Friday\",\"Saturday\",\"Sunday\"],\"opens\":\"09:00\",\"closes\":\"17:00\"}],\"email\":\"info@recambiosecogas.com\",\"faxNumber\":\"SEGIMON AUTOMOCION SL\",\"vatID\":\"ESB19819861\",\"globalLocationNumber\":\"938 616 339\"},{\"@type\":\"PostalAddress\",\"@id\":\"https:\\\/\\\/recambiosecogas.com\\\/it\\\/producto\\\/landi-renzo-centralita-evo12-3-4-cilindros\\\/#local-main-place-address\",\"streetAddress\":\"cami antic de vic, 29 (Nave 3), Pol\u00edgono Industrial Congost\",\"addressLocality\":\"CORRO D`AVALL\",\"postalCode\":\"08520\",\"addressRegion\":\"Barcelona\",\"addressCountry\":\"ES\"},{\"@type\":\"ImageObject\",\"inLanguage\":\"it-IT\",\"@id\":\"https:\\\/\\\/recambiosecogas.com\\\/it\\\/producto\\\/landi-renzo-centralita-evo12-3-4-cilindros\\\/#local-main-organization-logo\",\"url\":\"https:\\\/\\\/recambiosecogas.com\\\/wp-content\\\/uploads\\\/2024\\\/11\\\/cropped-RECAMBIOS-GLP-png.webp\",\"contentUrl\":\"https:\\\/\\\/recambiosecogas.com\\\/wp-content\\\/uploads\\\/2024\\\/11\\\/cropped-RECAMBIOS-GLP-png.webp\",\"width\":512,\"height\":512,\"caption\":\"Recambios EcoGas\"}]}<\/script>\n<meta property=\"product:brand\" content=\"Landi Renzo\" \/>\n<meta property=\"product:price:amount\" content=\"120.75\" \/>\n<meta property=\"product:price:currency\" content=\"EUR\" \/>\n<meta property=\"og:availability\" content=\"backorder\" \/>\n<meta property=\"product:availability\" content=\"available for order\" \/>\n<meta property=\"product:retailer_item_id\" content=\"105805P\" \/>\n<meta property=\"product:condition\" content=\"new\" \/>\n<meta name=\"geo.placename\" content=\"CORRO D`AVALL\" \/>\n<meta name=\"geo.region\" content=\"Spagna\" \/>\n<!-- \/ Yoast SEO Premium plugin. -->","yoast_head_json":{"title":"Landi Renzo centralita EVO12 - 3\/4 cilindros | Recambios EcoGas | Sistemas GLP y GNC","description":"Landi Renzo EVO12 centralita 3\/4 cilindros para sistemas Autogas GLP. Unidad electr\u00f3nica original Landi Renzo.","robots":{"index":"index","follow":"follow","max-snippet":"max-snippet:-1","max-image-preview":"max-image-preview:large","max-video-preview":"max-video-preview:-1"},"canonical":"https:\/\/recambiosecogas.com\/it\/producto\/landi-renzo-centralita-evo12-3-4-cilindros\/","og_locale":"it_IT","og_type":"article","og_title":"Landi Renzo centralita EVO12 - 3\/4 cilindros","og_description":"Landi Renzo EVO12 centralita 3\/4 cilindros para sistemas Autogas GLP. Unidad electr\u00f3nica original Landi Renzo.","og_url":"https:\/\/recambiosecogas.com\/it\/producto\/landi-renzo-centralita-evo12-3-4-cilindros\/","og_site_name":"Recambios EcoGas","article_publisher":"https:\/\/www.facebook.com\/profile.php?id=100062419705358","article_modified_time":"2026-02-23T11:45:18+00:00","og_image":[{"width":1000,"height":1000,"url":"https:\/\/recambiosecogas.com\/wp-content\/uploads\/2024\/11\/Landi-Renzo-centralita-EVO12-3-4-cilindros-png.webp","type":"image\/png"}],"twitter_card":"summary_large_image","twitter_misc":{"Prezzo":"120,75&nbsp;&euro; (IVA incl.: 146,11&nbsp;&euro;)","Disponibilit\u00e0":"Su ordinazione"},"schema":{"@context":"https:\/\/schema.org","@graph":[{"@type":"WebPage","@id":"https:\/\/recambiosecogas.com\/it\/producto\/landi-renzo-centralita-evo12-3-4-cilindros\/","url":"https:\/\/recambiosecogas.com\/it\/producto\/landi-renzo-centralita-evo12-3-4-cilindros\/","name":"Landi Renzo centralita EVO12 - 3\/4 cilindros | Recambios EcoGas | Sistemas GLP y GNC","isPartOf":{"@id":"https:\/\/recambiosecogas.com\/it\/#website"},"primaryImageOfPage":{"@id":"https:\/\/recambiosecogas.com\/it\/producto\/landi-renzo-centralita-evo12-3-4-cilindros\/#primaryimage"},"image":{"@id":"https:\/\/recambiosecogas.com\/it\/producto\/landi-renzo-centralita-evo12-3-4-cilindros\/#primaryimage"},"thumbnailUrl":"https:\/\/recambiosecogas.com\/wp-content\/uploads\/2024\/11\/Landi-Renzo-centralita-EVO12-3-4-cilindros-png.webp","datePublished":"2024-11-20T16:26:28+00:00","dateModified":"2026-02-23T11:45:18+00:00","description":"Landi Renzo EVO12 centralita 3\/4 cilindros para sistemas Autogas GLP. Unidad electr\u00f3nica original Landi Renzo.","breadcrumb":{"@id":"https:\/\/recambiosecogas.com\/it\/producto\/landi-renzo-centralita-evo12-3-4-cilindros\/#breadcrumb"},"inLanguage":"it-IT","potentialAction":[{"@type":"ReadAction","target":["https:\/\/recambiosecogas.com\/it\/producto\/landi-renzo-centralita-evo12-3-4-cilindros\/"]}]},{"@type":"ImageObject","inLanguage":"it-IT","@id":"https:\/\/recambiosecogas.com\/it\/producto\/landi-renzo-centralita-evo12-3-4-cilindros\/#primaryimage","url":"https:\/\/recambiosecogas.com\/wp-content\/uploads\/2024\/11\/Landi-Renzo-centralita-EVO12-3-4-cilindros-png.webp","contentUrl":"https:\/\/recambiosecogas.com\/wp-content\/uploads\/2024\/11\/Landi-Renzo-centralita-EVO12-3-4-cilindros-png.webp","width":1000,"height":1000},{"@type":"BreadcrumbList","@id":"https:\/\/recambiosecogas.com\/it\/producto\/landi-renzo-centralita-evo12-3-4-cilindros\/#breadcrumb","itemListElement":[{"@type":"ListItem","position":1,"name":"Portada","item":"https:\/\/recambiosecogas.com\/it\/"},{"@type":"ListItem","position":2,"name":"Negozio","item":"https:\/\/recambiosecogas.com\/it\/?page_id=46382"},{"@type":"ListItem","position":3,"name":"Landi Renzo centralita EVO12 &#8211; 3\/4 cilindros"}]},{"@type":"WebSite","@id":"https:\/\/recambiosecogas.com\/it\/#website","url":"https:\/\/recambiosecogas.com\/it\/","name":"Recambios EcoGas","description":"Recambios Multimarca para sistemas de GLP\/GNC\/GNL\/Hidr\u00f3geno","publisher":{"@id":"https:\/\/recambiosecogas.com\/it\/#organization"},"alternateName":"Recambios Autogas GLP","potentialAction":[{"@type":"SearchAction","target":{"@type":"EntryPoint","urlTemplate":"https:\/\/recambiosecogas.com\/it\/?s={search_term_string}"},"query-input":{"@type":"PropertyValueSpecification","valueRequired":true,"valueName":"search_term_string"}}],"inLanguage":"it-IT"},{"@type":["Organization","Place"],"@id":"https:\/\/recambiosecogas.com\/it\/#organization","name":"Recambios EcoGas","alternateName":"Tienda Online GLP Espa\u00f1a","url":"https:\/\/recambiosecogas.com\/it\/","logo":{"@id":"https:\/\/recambiosecogas.com\/it\/producto\/landi-renzo-centralita-evo12-3-4-cilindros\/#local-main-organization-logo"},"image":{"@id":"https:\/\/recambiosecogas.com\/it\/producto\/landi-renzo-centralita-evo12-3-4-cilindros\/#local-main-organization-logo"},"sameAs":["https:\/\/www.facebook.com\/profile.php?id=100062419705358","https:\/\/www.instagram.com\/segimon_automocio"],"description":"Recambios EcoGas \u2013 Venta y distribuci\u00f3n de sistemas GLP y GNC en Espa\u00f1a y Portugal. Env\u00edos 24 h, soporte t\u00e9cnico a talleres y distribuidores.","hasMerchantReturnPolicy":{"@type":"MerchantReturnPolicy","merchantReturnLink":"https:\/\/recambiosecogas.com\/politicas-privacidad\/"},"address":{"@id":"https:\/\/recambiosecogas.com\/it\/producto\/landi-renzo-centralita-evo12-3-4-cilindros\/#local-main-place-address"},"telephone":["616250633"],"contactPoint":{"@type":"ContactPoint","email":"export@recambiosecogas.com"},"openingHoursSpecification":[{"@type":"OpeningHoursSpecification","dayOfWeek":["Monday","Tuesday","Wednesday","Thursday","Friday","Saturday","Sunday"],"opens":"09:00","closes":"17:00"}],"email":"info@recambiosecogas.com","faxNumber":"SEGIMON AUTOMOCION SL","vatID":"ESB19819861","globalLocationNumber":"938 616 339"},{"@type":"PostalAddress","@id":"https:\/\/recambiosecogas.com\/it\/producto\/landi-renzo-centralita-evo12-3-4-cilindros\/#local-main-place-address","streetAddress":"cami antic de vic, 29 (Nave 3), Pol\u00edgono Industrial Congost","addressLocality":"CORRO D`AVALL","postalCode":"08520","addressRegion":"Barcelona","addressCountry":"ES"},{"@type":"ImageObject","inLanguage":"it-IT","@id":"https:\/\/recambiosecogas.com\/it\/producto\/landi-renzo-centralita-evo12-3-4-cilindros\/#local-main-organization-logo","url":"https:\/\/recambiosecogas.com\/wp-content\/uploads\/2024\/11\/cropped-RECAMBIOS-GLP-png.webp","contentUrl":"https:\/\/recambiosecogas.com\/wp-content\/uploads\/2024\/11\/cropped-RECAMBIOS-GLP-png.webp","width":512,"height":512,"caption":"Recambios EcoGas"}]},"product_brand":"Landi Renzo","product_price_amount":"120.75","product_price_currency":"EUR","og_availability":"backorder","product_availability":"available for order","product_retailer_item_id":"105805P","product_condition":"new","geo.placename":"CORRO D`AVALL","geo.region":"Spagna"},"uagb_featured_image_src":{"full":["https:\/\/recambiosecogas.com\/wp-content\/uploads\/2024\/11\/Landi-Renzo-centralita-EVO12-3-4-cilindros-png.webp",1000,1000,false],"thumbnail":["https:\/\/recambiosecogas.com\/wp-content\/uploads\/2024\/11\/Landi-Renzo-centralita-EVO12-3-4-cilindros-150x150.webp",150,150,true],"medium":["https:\/\/recambiosecogas.com\/wp-content\/uploads\/2024\/11\/Landi-Renzo-centralita-EVO12-3-4-cilindros-300x300.webp",300,300,true],"medium_large":["https:\/\/recambiosecogas.com\/wp-content\/uploads\/2024\/11\/Landi-Renzo-centralita-EVO12-3-4-cilindros-768x768.webp",768,768,true],"large":["https:\/\/recambiosecogas.com\/wp-content\/uploads\/2024\/11\/Landi-Renzo-centralita-EVO12-3-4-cilindros-png.webp",1000,1000,false],"1536x1536":["https:\/\/recambiosecogas.com\/wp-content\/uploads\/2024\/11\/Landi-Renzo-centralita-EVO12-3-4-cilindros-png.webp",1000,1000,false],"2048x2048":["https:\/\/recambiosecogas.com\/wp-content\/uploads\/2024\/11\/Landi-Renzo-centralita-EVO12-3-4-cilindros-png.webp",1000,1000,false],"woocommerce_archive_thumbnail":["https:\/\/recambiosecogas.com\/wp-content\/uploads\/2024\/11\/Landi-Renzo-centralita-EVO12-3-4-cilindros-png.webp",1000,1000,false],"woocommerce_thumbnail":["https:\/\/recambiosecogas.com\/wp-content\/uploads\/2024\/11\/Landi-Renzo-centralita-EVO12-3-4-cilindros-png-300x300.webp",300,300,true],"woocommerce_single":["https:\/\/recambiosecogas.com\/wp-content\/uploads\/2024\/11\/Landi-Renzo-centralita-EVO12-3-4-cilindros-png.webp",1000,1000,false],"woocommerce_gallery_thumbnail":["https:\/\/recambiosecogas.com\/wp-content\/uploads\/2024\/11\/Landi-Renzo-centralita-EVO12-3-4-cilindros-png.webp",1000,1000,false],"dgwt-wcas-product-suggestion":["https:\/\/recambiosecogas.com\/wp-content\/uploads\/2024\/11\/Landi-Renzo-centralita-EVO12-3-4-cilindros-png-64x64.webp",64,64,true]},"uagb_author_info":{"display_name":"Fran - Soporte T\u00e9cnico","author_link":"https:\/\/recambiosecogas.com\/it\/author\/"},"uagb_comment_info":0,"uagb_excerpt":"Landi Renzo EVO12 centralita 3\/4 cilindros. Unidad electr\u00f3nica original para sistemas Autogas GLP.","_links":{"self":[{"href":"https:\/\/recambiosecogas.com\/it\/wp-json\/wp\/v2\/product\/7204","targetHints":{"allow":["GET"]}}],"collection":[{"href":"https:\/\/recambiosecogas.com\/it\/wp-json\/wp\/v2\/product"}],"about":[{"href":"https:\/\/recambiosecogas.com\/it\/wp-json\/wp\/v2\/types\/product"}],"replies":[{"embeddable":true,"href":"https:\/\/recambiosecogas.com\/it\/wp-json\/wp\/v2\/comments?post=7204"}],"wp:featuredmedia":[{"embeddable":true,"href":"https:\/\/recambiosecogas.com\/it\/wp-json\/wp\/v2\/media\/10239"}],"wp:attachment":[{"href":"https:\/\/recambiosecogas.com\/it\/wp-json\/wp\/v2\/media?parent=7204"}],"wp:term":[{"taxonomy":"product_brand","embeddable":true,"href":"https:\/\/recambiosecogas.com\/it\/wp-json\/wp\/v2\/product_brand?post=7204"},{"taxonomy":"product_cat","embeddable":true,"href":"https:\/\/recambiosecogas.com\/it\/wp-json\/wp\/v2\/product_cat?post=7204"},{"taxonomy":"product_tag","embeddable":true,"href":"https:\/\/recambiosecogas.com\/it\/wp-json\/wp\/v2\/product_tag?post=7204"}],"curies":[{"name":"wp","href":"https:\/\/api.w.org\/{rel}","templated":true}]}}