{"id":7203,"date":"2024-11-20T16:26:26","date_gmt":"2024-11-20T16:26:26","guid":{"rendered":"https:\/\/recambiosecogas.com\/producto\/landi-renzo-centralita-evo-3-4-cilindros\/"},"modified":"2026-02-23T12:47:46","modified_gmt":"2026-02-23T11:47:46","slug":"landi-renzo-centralita-evo-3-4-cilindros","status":"publish","type":"product","link":"https:\/\/recambiosecogas.com\/it\/producto\/landi-renzo-centralita-evo-3-4-cilindros\/","title":{"rendered":"Landi Renzo centralita EVO 3\/4 cilindros"},"content":{"rendered":"<h1 data-start=\"168\" data-end=\"210\">Landi Renzo EVO centralita 3\/4 cilindros<\/h1>\n<p data-start=\"212\" data-end=\"515\">La <strong data-start=\"215\" data-end=\"259\">Landi Renzo EVO centralita 3\/4 cilindros<\/strong> es una unidad electr\u00f3nica dise\u00f1ada para la gesti\u00f3n de sistemas Autogas en motores de 3 y 4 cilindros. Esta ECU permite controlar la inyecci\u00f3n secuencial de gas dentro de la plataforma EVO, garantizando integraci\u00f3n con la electr\u00f3nica original del veh\u00edculo.<\/p>\n<p data-start=\"517\" data-end=\"610\">Est\u00e1 destinada a configuraciones espec\u00edficas Landi Renzo EVO para motores de 3 y 4 cilindros.<\/p>\n<hr data-start=\"612\" data-end=\"615\" \/>\n<h2 data-start=\"617\" data-end=\"671\">Unidad electr\u00f3nica EVO para motores 3 y 4 cilindros<\/h2>\n<div class=\"TyagGW_tableContainer\">\n<div class=\"group TyagGW_tableWrapper flex flex-col-reverse w-fit\" tabindex=\"-1\">\n<table class=\"w-fit min-w-(--thread-content-width)\" data-start=\"673\" data-end=\"945\">\n<thead data-start=\"673\" data-end=\"701\">\n<tr data-start=\"673\" data-end=\"701\">\n<th class=\"\" data-start=\"673\" data-end=\"690\" data-col-size=\"sm\">Caracter\u00edstica<\/th>\n<th class=\"\" data-start=\"690\" data-end=\"701\" data-col-size=\"sm\">Detalle<\/th>\n<\/tr>\n<\/thead>\n<tbody data-start=\"731\" data-end=\"945\">\n<tr data-start=\"731\" data-end=\"774\">\n<td data-start=\"731\" data-end=\"742\" data-col-size=\"sm\">Producto<\/td>\n<td data-start=\"742\" data-end=\"774\" data-col-size=\"sm\">ECU \/ Centralita electr\u00f3nica<\/td>\n<\/tr>\n<tr data-start=\"775\" data-end=\"798\">\n<td data-start=\"775\" data-end=\"783\" data-col-size=\"sm\">Marca<\/td>\n<td data-start=\"783\" data-end=\"798\" data-col-size=\"sm\">Landi Renzo<\/td>\n<\/tr>\n<tr data-start=\"799\" data-end=\"815\">\n<td data-start=\"799\" data-end=\"808\" data-col-size=\"sm\">Modelo<\/td>\n<td data-start=\"808\" data-end=\"815\" data-col-size=\"sm\">EVO<\/td>\n<\/tr>\n<tr data-start=\"816\" data-end=\"850\">\n<td data-start=\"816\" data-end=\"831\" data-col-size=\"sm\">N\u00ba cilindros<\/td>\n<td data-start=\"831\" data-end=\"850\" data-col-size=\"sm\">3 \/ 4 cilindros<\/td>\n<\/tr>\n<tr data-start=\"851\" data-end=\"893\">\n<td data-start=\"851\" data-end=\"869\" data-col-size=\"sm\">Tipo de sistema<\/td>\n<td data-start=\"869\" data-end=\"893\" data-col-size=\"sm\">Inyecci\u00f3n secuencial<\/td>\n<\/tr>\n<tr data-start=\"894\" data-end=\"915\">\n<td data-start=\"894\" data-end=\"908\" data-col-size=\"sm\">Combustible<\/td>\n<td data-start=\"908\" data-end=\"915\" data-col-size=\"sm\">GLP<\/td>\n<\/tr>\n<tr data-start=\"916\" data-end=\"945\">\n<td data-start=\"916\" data-end=\"930\" data-col-size=\"sm\">Instalaci\u00f3n<\/td>\n<td data-start=\"930\" data-end=\"945\" data-col-size=\"sm\">Profesional<\/td>\n<\/tr>\n<\/tbody>\n<\/table>\n<\/div>\n<\/div>\n<hr data-start=\"947\" data-end=\"950\" \/>\n<h2 data-start=\"952\" data-end=\"1002\">Compatibilidad con sistemas Autogas Landi Renzo<\/h2>\n<p data-start=\"1004\" data-end=\"1094\">Compatible con instalaciones Landi Renzo EVO configuradas para motores de 3 y 4 cilindros.<\/p>\n<p data-start=\"1096\" data-end=\"1180\">Antes de la sustituci\u00f3n, verificar versi\u00f3n del sistema y configuraci\u00f3n del veh\u00edculo.<\/p>\n<hr data-start=\"1182\" data-end=\"1185\" \/>\n<h2 data-start=\"1187\" data-end=\"1207\">Ventajas t\u00e9cnicas<\/h2>\n<ul data-start=\"1209\" data-end=\"1410\">\n<li data-start=\"1209\" data-end=\"1252\">\n<p data-start=\"1211\" data-end=\"1252\">Gesti\u00f3n secuencial para 3 y 4 cilindros<\/p>\n<\/li>\n<li data-start=\"1253\" data-end=\"1287\">\n<p data-start=\"1255\" data-end=\"1287\">Integraci\u00f3n con plataforma EVO<\/p>\n<\/li>\n<li data-start=\"1288\" data-end=\"1331\">\n<p data-start=\"1290\" data-end=\"1331\">Unidad electr\u00f3nica original Landi Renzo<\/p>\n<\/li>\n<li data-start=\"1332\" data-end=\"1371\">\n<p data-start=\"1334\" data-end=\"1371\">Recambio t\u00e9cnico para mantenimiento<\/p>\n<\/li>\n<li data-start=\"1372\" data-end=\"1410\">\n<p data-start=\"1374\" data-end=\"1410\">Dise\u00f1ada para sistemas Autogas GLP<\/p>\n<\/li>\n<\/ul>\n<hr data-start=\"1412\" data-end=\"1415\" \/>\n<h2 data-start=\"1417\" data-end=\"1423\">FAQ<\/h2>\n<p data-start=\"1425\" data-end=\"1527\"><strong data-start=\"1425\" data-end=\"1465\">\u00bfPara qu\u00e9 sirve esta centralita EVO?<\/strong><br data-start=\"1465\" data-end=\"1468\" \/>Gestiona la inyecci\u00f3n de gas en motores de 3 y 4 cilindros.<\/p>\n<p data-start=\"1529\" data-end=\"1626\"><strong data-start=\"1529\" data-end=\"1567\">\u00bfEs v\u00e1lida para 5\/6 u 8 cilindros?<\/strong><br data-start=\"1567\" data-end=\"1570\" \/>No, est\u00e1 destinada a configuraciones de 3 o 4 cilindros.<\/p>\n<p data-start=\"1628\" data-end=\"1701\"><strong data-start=\"1628\" data-end=\"1650\">\u00bfFunciona con GLP?<\/strong><br data-start=\"1650\" data-end=\"1653\" \/>S\u00ed, en sistemas Autogas Landi Renzo compatibles.<\/p>\n<p data-start=\"1703\" data-end=\"1794\"><strong data-start=\"1703\" data-end=\"1730\">\u00bfRequiere programaci\u00f3n?<\/strong><br data-start=\"1730\" data-end=\"1733\" \/>S\u00ed, debe instalarse y configurarse por t\u00e9cnico especializado.<\/p>\n","protected":false},"excerpt":{"rendered":"<p data-start=\"2247\" data-end=\"2343\">Landi Renzo EVO centralita 3\/4 cilindros. Unidad electr\u00f3nica original para sistemas Autogas GLP.<\/p>\n","protected":false},"featured_media":10242,"comment_status":"closed","ping_status":"closed","template":"","meta":{"_uag_custom_page_level_css":""},"product_brand":[997],"product_cat":[480,297],"product_tag":[],"class_list":{"0":"post-7203","1":"product","2":"type-product","3":"status-publish","4":"has-post-thumbnail","6":"product_brand-landi-renzo","7":"product_cat-centralitas-electronicas","8":"product_cat-electronica","10":"first","11":"onbackorder","12":"taxable","13":"shipping-taxable","14":"purchasable","15":"product-type-simple"},"ct_brands":[{"id":997,"name":"Landi Renzo","slug":"landi-renzo"}],"yoast_head":"<!-- This site is optimized with the Yoast SEO Premium plugin v27.5 (Yoast SEO v27.5) - https:\/\/yoast.com\/product\/yoast-seo-premium-wordpress\/ -->\n<title>Landi Renzo centralita EVO 3\/4 cilindros | Recambios EcoGas | Sistemas GLP y GNC<\/title>\n<meta name=\"description\" content=\"Landi Renzo EVO centralita 3\/4 cilindros para sistemas Autogas GLP. Unidad electr\u00f3nica original Landi Renzo.\" \/>\n<meta name=\"robots\" content=\"index, follow, max-snippet:-1, max-image-preview:large, max-video-preview:-1\" \/>\n<link rel=\"canonical\" href=\"https:\/\/recambiosecogas.com\/it\/producto\/landi-renzo-centralita-evo-3-4-cilindros\/\" \/>\n<meta property=\"og:locale\" content=\"it_IT\" \/>\n<meta property=\"og:type\" content=\"article\" \/>\n<meta property=\"og:title\" content=\"Landi Renzo centralita EVO 3\/4 cilindros\" \/>\n<meta property=\"og:description\" content=\"Landi Renzo EVO centralita 3\/4 cilindros para sistemas Autogas GLP. Unidad electr\u00f3nica original Landi Renzo.\" \/>\n<meta property=\"og:url\" content=\"https:\/\/recambiosecogas.com\/it\/producto\/landi-renzo-centralita-evo-3-4-cilindros\/\" \/>\n<meta property=\"og:site_name\" content=\"Recambios EcoGas\" \/>\n<meta property=\"article:publisher\" content=\"https:\/\/www.facebook.com\/profile.php?id=100062419705358\" \/>\n<meta property=\"article:modified_time\" content=\"2026-02-23T11:47:46+00:00\" \/>\n<meta property=\"og:image\" content=\"https:\/\/recambiosecogas.com\/wp-content\/uploads\/2024\/11\/Landi-Renzo-centralita-EVO-3-4-cilindros-png.webp\" \/>\n\t<meta property=\"og:image:width\" content=\"1000\" \/>\n\t<meta property=\"og:image:height\" content=\"1000\" \/>\n\t<meta property=\"og:image:type\" content=\"image\/png\" \/>\n<meta name=\"twitter:card\" content=\"summary_large_image\" \/>\n<meta name=\"twitter:label1\" content=\"Prezzo\" \/>\n\t<meta name=\"twitter:data1\" content=\"167,65&nbsp;&euro; (Sin IVA: 138,55&nbsp;&euro;)\" \/>\n\t<meta name=\"twitter:label2\" content=\"Disponibilit\u00e0\" \/>\n\t<meta name=\"twitter:data2\" content=\"Su ordinazione\" \/>\n<script type=\"application\/ld+json\" class=\"yoast-schema-graph\">{\"@context\":\"https:\\\/\\\/schema.org\",\"@graph\":[{\"@type\":\"WebPage\",\"@id\":\"https:\\\/\\\/recambiosecogas.com\\\/it\\\/producto\\\/landi-renzo-centralita-evo-3-4-cilindros\\\/\",\"url\":\"https:\\\/\\\/recambiosecogas.com\\\/it\\\/producto\\\/landi-renzo-centralita-evo-3-4-cilindros\\\/\",\"name\":\"Landi Renzo centralita EVO 3\\\/4 cilindros | Recambios EcoGas | Sistemas GLP y GNC\",\"isPartOf\":{\"@id\":\"https:\\\/\\\/recambiosecogas.com\\\/it\\\/#website\"},\"primaryImageOfPage\":{\"@id\":\"https:\\\/\\\/recambiosecogas.com\\\/it\\\/producto\\\/landi-renzo-centralita-evo-3-4-cilindros\\\/#primaryimage\"},\"image\":{\"@id\":\"https:\\\/\\\/recambiosecogas.com\\\/it\\\/producto\\\/landi-renzo-centralita-evo-3-4-cilindros\\\/#primaryimage\"},\"thumbnailUrl\":\"https:\\\/\\\/recambiosecogas.com\\\/wp-content\\\/uploads\\\/2024\\\/11\\\/Landi-Renzo-centralita-EVO-3-4-cilindros-png.webp\",\"datePublished\":\"2024-11-20T16:26:26+00:00\",\"dateModified\":\"2026-02-23T11:47:46+00:00\",\"description\":\"Landi Renzo EVO centralita 3\\\/4 cilindros para sistemas Autogas GLP. Unidad electr\u00f3nica original Landi Renzo.\",\"breadcrumb\":{\"@id\":\"https:\\\/\\\/recambiosecogas.com\\\/it\\\/producto\\\/landi-renzo-centralita-evo-3-4-cilindros\\\/#breadcrumb\"},\"inLanguage\":\"it-IT\",\"potentialAction\":[{\"@type\":\"ReadAction\",\"target\":[\"https:\\\/\\\/recambiosecogas.com\\\/it\\\/producto\\\/landi-renzo-centralita-evo-3-4-cilindros\\\/\"]}]},{\"@type\":\"ImageObject\",\"inLanguage\":\"it-IT\",\"@id\":\"https:\\\/\\\/recambiosecogas.com\\\/it\\\/producto\\\/landi-renzo-centralita-evo-3-4-cilindros\\\/#primaryimage\",\"url\":\"https:\\\/\\\/recambiosecogas.com\\\/wp-content\\\/uploads\\\/2024\\\/11\\\/Landi-Renzo-centralita-EVO-3-4-cilindros-png.webp\",\"contentUrl\":\"https:\\\/\\\/recambiosecogas.com\\\/wp-content\\\/uploads\\\/2024\\\/11\\\/Landi-Renzo-centralita-EVO-3-4-cilindros-png.webp\",\"width\":1000,\"height\":1000},{\"@type\":\"BreadcrumbList\",\"@id\":\"https:\\\/\\\/recambiosecogas.com\\\/it\\\/producto\\\/landi-renzo-centralita-evo-3-4-cilindros\\\/#breadcrumb\",\"itemListElement\":[{\"@type\":\"ListItem\",\"position\":1,\"name\":\"Portada\",\"item\":\"https:\\\/\\\/recambiosecogas.com\\\/it\\\/\"},{\"@type\":\"ListItem\",\"position\":2,\"name\":\"Negozio\",\"item\":\"https:\\\/\\\/recambiosecogas.com\\\/it\\\/?page_id=46382\"},{\"@type\":\"ListItem\",\"position\":3,\"name\":\"Landi Renzo centralita EVO 3\\\/4 cilindros\"}]},{\"@type\":\"WebSite\",\"@id\":\"https:\\\/\\\/recambiosecogas.com\\\/it\\\/#website\",\"url\":\"https:\\\/\\\/recambiosecogas.com\\\/it\\\/\",\"name\":\"Recambios EcoGas\",\"description\":\"Recambios Multimarca para sistemas de GLP\\\/GNC\\\/GNL\\\/Hidr\u00f3geno\",\"publisher\":{\"@id\":\"https:\\\/\\\/recambiosecogas.com\\\/it\\\/#organization\"},\"alternateName\":\"Recambios Autogas GLP\",\"potentialAction\":[{\"@type\":\"SearchAction\",\"target\":{\"@type\":\"EntryPoint\",\"urlTemplate\":\"https:\\\/\\\/recambiosecogas.com\\\/it\\\/?s={search_term_string}\"},\"query-input\":{\"@type\":\"PropertyValueSpecification\",\"valueRequired\":true,\"valueName\":\"search_term_string\"}}],\"inLanguage\":\"it-IT\"},{\"@type\":[\"Organization\",\"Place\"],\"@id\":\"https:\\\/\\\/recambiosecogas.com\\\/it\\\/#organization\",\"name\":\"Recambios EcoGas\",\"alternateName\":\"Tienda Online GLP Espa\u00f1a\",\"url\":\"https:\\\/\\\/recambiosecogas.com\\\/it\\\/\",\"logo\":{\"@id\":\"https:\\\/\\\/recambiosecogas.com\\\/it\\\/producto\\\/landi-renzo-centralita-evo-3-4-cilindros\\\/#local-main-organization-logo\"},\"image\":{\"@id\":\"https:\\\/\\\/recambiosecogas.com\\\/it\\\/producto\\\/landi-renzo-centralita-evo-3-4-cilindros\\\/#local-main-organization-logo\"},\"sameAs\":[\"https:\\\/\\\/www.facebook.com\\\/profile.php?id=100062419705358\",\"https:\\\/\\\/www.instagram.com\\\/segimon_automocio\"],\"description\":\"Recambios EcoGas \u2013 Venta y distribuci\u00f3n de sistemas GLP y GNC en Espa\u00f1a y Portugal. Env\u00edos 24 h, soporte t\u00e9cnico a talleres y distribuidores.\",\"hasMerchantReturnPolicy\":{\"@type\":\"MerchantReturnPolicy\",\"merchantReturnLink\":\"https:\\\/\\\/recambiosecogas.com\\\/politicas-privacidad\\\/\"},\"address\":{\"@id\":\"https:\\\/\\\/recambiosecogas.com\\\/it\\\/producto\\\/landi-renzo-centralita-evo-3-4-cilindros\\\/#local-main-place-address\"},\"telephone\":[\"616250633\"],\"contactPoint\":{\"@type\":\"ContactPoint\",\"email\":\"export@recambiosecogas.com\"},\"openingHoursSpecification\":[{\"@type\":\"OpeningHoursSpecification\",\"dayOfWeek\":[\"Monday\",\"Tuesday\",\"Wednesday\",\"Thursday\",\"Friday\",\"Saturday\",\"Sunday\"],\"opens\":\"09:00\",\"closes\":\"17:00\"}],\"email\":\"info@recambiosecogas.com\",\"faxNumber\":\"SEGIMON AUTOMOCION SL\",\"vatID\":\"ESB19819861\",\"globalLocationNumber\":\"938 616 339\"},{\"@type\":\"PostalAddress\",\"@id\":\"https:\\\/\\\/recambiosecogas.com\\\/it\\\/producto\\\/landi-renzo-centralita-evo-3-4-cilindros\\\/#local-main-place-address\",\"streetAddress\":\"cami antic de vic, 29 (Nave 3), Pol\u00edgono Industrial Congost\",\"addressLocality\":\"CORRO D`AVALL\",\"postalCode\":\"08520\",\"addressRegion\":\"Barcelona\",\"addressCountry\":\"ES\"},{\"@type\":\"ImageObject\",\"inLanguage\":\"it-IT\",\"@id\":\"https:\\\/\\\/recambiosecogas.com\\\/it\\\/producto\\\/landi-renzo-centralita-evo-3-4-cilindros\\\/#local-main-organization-logo\",\"url\":\"https:\\\/\\\/recambiosecogas.com\\\/wp-content\\\/uploads\\\/2024\\\/11\\\/cropped-RECAMBIOS-GLP-png.webp\",\"contentUrl\":\"https:\\\/\\\/recambiosecogas.com\\\/wp-content\\\/uploads\\\/2024\\\/11\\\/cropped-RECAMBIOS-GLP-png.webp\",\"width\":512,\"height\":512,\"caption\":\"Recambios EcoGas\"}]}<\/script>\n<meta property=\"product:brand\" content=\"Landi Renzo\" \/>\n<meta property=\"product:price:amount\" content=\"167.65\" \/>\n<meta property=\"product:price:currency\" content=\"EUR\" \/>\n<meta property=\"og:availability\" content=\"backorder\" \/>\n<meta property=\"product:availability\" content=\"available for order\" \/>\n<meta property=\"product:retailer_item_id\" content=\"105799A\" \/>\n<meta property=\"product:condition\" content=\"new\" \/>\n<meta name=\"geo.placename\" content=\"CORRO D`AVALL\" \/>\n<meta name=\"geo.region\" content=\"Spagna\" \/>\n<!-- \/ Yoast SEO Premium plugin. -->","yoast_head_json":{"title":"Landi Renzo centralita EVO 3\/4 cilindros | Recambios EcoGas | Sistemas GLP y GNC","description":"Landi Renzo EVO centralita 3\/4 cilindros para sistemas Autogas GLP. Unidad electr\u00f3nica original Landi Renzo.","robots":{"index":"index","follow":"follow","max-snippet":"max-snippet:-1","max-image-preview":"max-image-preview:large","max-video-preview":"max-video-preview:-1"},"canonical":"https:\/\/recambiosecogas.com\/it\/producto\/landi-renzo-centralita-evo-3-4-cilindros\/","og_locale":"it_IT","og_type":"article","og_title":"Landi Renzo centralita EVO 3\/4 cilindros","og_description":"Landi Renzo EVO centralita 3\/4 cilindros para sistemas Autogas GLP. Unidad electr\u00f3nica original Landi Renzo.","og_url":"https:\/\/recambiosecogas.com\/it\/producto\/landi-renzo-centralita-evo-3-4-cilindros\/","og_site_name":"Recambios EcoGas","article_publisher":"https:\/\/www.facebook.com\/profile.php?id=100062419705358","article_modified_time":"2026-02-23T11:47:46+00:00","og_image":[{"width":1000,"height":1000,"url":"https:\/\/recambiosecogas.com\/wp-content\/uploads\/2024\/11\/Landi-Renzo-centralita-EVO-3-4-cilindros-png.webp","type":"image\/png"}],"twitter_card":"summary_large_image","twitter_misc":{"Prezzo":"167,65&nbsp;&euro; (Sin IVA: 138,55&nbsp;&euro;)","Disponibilit\u00e0":"Su ordinazione"},"schema":{"@context":"https:\/\/schema.org","@graph":[{"@type":"WebPage","@id":"https:\/\/recambiosecogas.com\/it\/producto\/landi-renzo-centralita-evo-3-4-cilindros\/","url":"https:\/\/recambiosecogas.com\/it\/producto\/landi-renzo-centralita-evo-3-4-cilindros\/","name":"Landi Renzo centralita EVO 3\/4 cilindros | Recambios EcoGas | Sistemas GLP y GNC","isPartOf":{"@id":"https:\/\/recambiosecogas.com\/it\/#website"},"primaryImageOfPage":{"@id":"https:\/\/recambiosecogas.com\/it\/producto\/landi-renzo-centralita-evo-3-4-cilindros\/#primaryimage"},"image":{"@id":"https:\/\/recambiosecogas.com\/it\/producto\/landi-renzo-centralita-evo-3-4-cilindros\/#primaryimage"},"thumbnailUrl":"https:\/\/recambiosecogas.com\/wp-content\/uploads\/2024\/11\/Landi-Renzo-centralita-EVO-3-4-cilindros-png.webp","datePublished":"2024-11-20T16:26:26+00:00","dateModified":"2026-02-23T11:47:46+00:00","description":"Landi Renzo EVO centralita 3\/4 cilindros para sistemas Autogas GLP. Unidad electr\u00f3nica original Landi Renzo.","breadcrumb":{"@id":"https:\/\/recambiosecogas.com\/it\/producto\/landi-renzo-centralita-evo-3-4-cilindros\/#breadcrumb"},"inLanguage":"it-IT","potentialAction":[{"@type":"ReadAction","target":["https:\/\/recambiosecogas.com\/it\/producto\/landi-renzo-centralita-evo-3-4-cilindros\/"]}]},{"@type":"ImageObject","inLanguage":"it-IT","@id":"https:\/\/recambiosecogas.com\/it\/producto\/landi-renzo-centralita-evo-3-4-cilindros\/#primaryimage","url":"https:\/\/recambiosecogas.com\/wp-content\/uploads\/2024\/11\/Landi-Renzo-centralita-EVO-3-4-cilindros-png.webp","contentUrl":"https:\/\/recambiosecogas.com\/wp-content\/uploads\/2024\/11\/Landi-Renzo-centralita-EVO-3-4-cilindros-png.webp","width":1000,"height":1000},{"@type":"BreadcrumbList","@id":"https:\/\/recambiosecogas.com\/it\/producto\/landi-renzo-centralita-evo-3-4-cilindros\/#breadcrumb","itemListElement":[{"@type":"ListItem","position":1,"name":"Portada","item":"https:\/\/recambiosecogas.com\/it\/"},{"@type":"ListItem","position":2,"name":"Negozio","item":"https:\/\/recambiosecogas.com\/it\/?page_id=46382"},{"@type":"ListItem","position":3,"name":"Landi Renzo centralita EVO 3\/4 cilindros"}]},{"@type":"WebSite","@id":"https:\/\/recambiosecogas.com\/it\/#website","url":"https:\/\/recambiosecogas.com\/it\/","name":"Recambios EcoGas","description":"Recambios Multimarca para sistemas de GLP\/GNC\/GNL\/Hidr\u00f3geno","publisher":{"@id":"https:\/\/recambiosecogas.com\/it\/#organization"},"alternateName":"Recambios Autogas GLP","potentialAction":[{"@type":"SearchAction","target":{"@type":"EntryPoint","urlTemplate":"https:\/\/recambiosecogas.com\/it\/?s={search_term_string}"},"query-input":{"@type":"PropertyValueSpecification","valueRequired":true,"valueName":"search_term_string"}}],"inLanguage":"it-IT"},{"@type":["Organization","Place"],"@id":"https:\/\/recambiosecogas.com\/it\/#organization","name":"Recambios EcoGas","alternateName":"Tienda Online GLP Espa\u00f1a","url":"https:\/\/recambiosecogas.com\/it\/","logo":{"@id":"https:\/\/recambiosecogas.com\/it\/producto\/landi-renzo-centralita-evo-3-4-cilindros\/#local-main-organization-logo"},"image":{"@id":"https:\/\/recambiosecogas.com\/it\/producto\/landi-renzo-centralita-evo-3-4-cilindros\/#local-main-organization-logo"},"sameAs":["https:\/\/www.facebook.com\/profile.php?id=100062419705358","https:\/\/www.instagram.com\/segimon_automocio"],"description":"Recambios EcoGas \u2013 Venta y distribuci\u00f3n de sistemas GLP y GNC en Espa\u00f1a y Portugal. Env\u00edos 24 h, soporte t\u00e9cnico a talleres y distribuidores.","hasMerchantReturnPolicy":{"@type":"MerchantReturnPolicy","merchantReturnLink":"https:\/\/recambiosecogas.com\/politicas-privacidad\/"},"address":{"@id":"https:\/\/recambiosecogas.com\/it\/producto\/landi-renzo-centralita-evo-3-4-cilindros\/#local-main-place-address"},"telephone":["616250633"],"contactPoint":{"@type":"ContactPoint","email":"export@recambiosecogas.com"},"openingHoursSpecification":[{"@type":"OpeningHoursSpecification","dayOfWeek":["Monday","Tuesday","Wednesday","Thursday","Friday","Saturday","Sunday"],"opens":"09:00","closes":"17:00"}],"email":"info@recambiosecogas.com","faxNumber":"SEGIMON AUTOMOCION SL","vatID":"ESB19819861","globalLocationNumber":"938 616 339"},{"@type":"PostalAddress","@id":"https:\/\/recambiosecogas.com\/it\/producto\/landi-renzo-centralita-evo-3-4-cilindros\/#local-main-place-address","streetAddress":"cami antic de vic, 29 (Nave 3), Pol\u00edgono Industrial Congost","addressLocality":"CORRO D`AVALL","postalCode":"08520","addressRegion":"Barcelona","addressCountry":"ES"},{"@type":"ImageObject","inLanguage":"it-IT","@id":"https:\/\/recambiosecogas.com\/it\/producto\/landi-renzo-centralita-evo-3-4-cilindros\/#local-main-organization-logo","url":"https:\/\/recambiosecogas.com\/wp-content\/uploads\/2024\/11\/cropped-RECAMBIOS-GLP-png.webp","contentUrl":"https:\/\/recambiosecogas.com\/wp-content\/uploads\/2024\/11\/cropped-RECAMBIOS-GLP-png.webp","width":512,"height":512,"caption":"Recambios EcoGas"}]},"product_brand":"Landi Renzo","product_price_amount":"167.65","product_price_currency":"EUR","og_availability":"backorder","product_availability":"available for order","product_retailer_item_id":"105799A","product_condition":"new","geo.placename":"CORRO D`AVALL","geo.region":"Spagna"},"uagb_featured_image_src":{"full":["https:\/\/recambiosecogas.com\/wp-content\/uploads\/2024\/11\/Landi-Renzo-centralita-EVO-3-4-cilindros-png.webp",1000,1000,false],"thumbnail":["https:\/\/recambiosecogas.com\/wp-content\/uploads\/2024\/11\/Landi-Renzo-centralita-EVO-3-4-cilindros-150x150.webp",150,150,true],"medium":["https:\/\/recambiosecogas.com\/wp-content\/uploads\/2024\/11\/Landi-Renzo-centralita-EVO-3-4-cilindros-300x300.webp",300,300,true],"medium_large":["https:\/\/recambiosecogas.com\/wp-content\/uploads\/2024\/11\/Landi-Renzo-centralita-EVO-3-4-cilindros-768x768.webp",768,768,true],"large":["https:\/\/recambiosecogas.com\/wp-content\/uploads\/2024\/11\/Landi-Renzo-centralita-EVO-3-4-cilindros-png.webp",1000,1000,false],"1536x1536":["https:\/\/recambiosecogas.com\/wp-content\/uploads\/2024\/11\/Landi-Renzo-centralita-EVO-3-4-cilindros-png.webp",1000,1000,false],"2048x2048":["https:\/\/recambiosecogas.com\/wp-content\/uploads\/2024\/11\/Landi-Renzo-centralita-EVO-3-4-cilindros-png.webp",1000,1000,false],"woocommerce_archive_thumbnail":["https:\/\/recambiosecogas.com\/wp-content\/uploads\/2024\/11\/Landi-Renzo-centralita-EVO-3-4-cilindros-png.webp",1000,1000,false],"woocommerce_thumbnail":["https:\/\/recambiosecogas.com\/wp-content\/uploads\/2024\/11\/Landi-Renzo-centralita-EVO-3-4-cilindros-png-300x300.webp",300,300,true],"woocommerce_single":["https:\/\/recambiosecogas.com\/wp-content\/uploads\/2024\/11\/Landi-Renzo-centralita-EVO-3-4-cilindros-png.webp",1000,1000,false],"woocommerce_gallery_thumbnail":["https:\/\/recambiosecogas.com\/wp-content\/uploads\/2024\/11\/Landi-Renzo-centralita-EVO-3-4-cilindros-png.webp",1000,1000,false],"dgwt-wcas-product-suggestion":["https:\/\/recambiosecogas.com\/wp-content\/uploads\/2024\/11\/Landi-Renzo-centralita-EVO-3-4-cilindros-png-64x64.webp",64,64,true]},"uagb_author_info":{"display_name":"Fran - Soporte T\u00e9cnico","author_link":"https:\/\/recambiosecogas.com\/it\/author\/"},"uagb_comment_info":0,"uagb_excerpt":"Landi Renzo EVO centralita 3\/4 cilindros. Unidad electr\u00f3nica original para sistemas Autogas GLP.","_links":{"self":[{"href":"https:\/\/recambiosecogas.com\/it\/wp-json\/wp\/v2\/product\/7203","targetHints":{"allow":["GET"]}}],"collection":[{"href":"https:\/\/recambiosecogas.com\/it\/wp-json\/wp\/v2\/product"}],"about":[{"href":"https:\/\/recambiosecogas.com\/it\/wp-json\/wp\/v2\/types\/product"}],"replies":[{"embeddable":true,"href":"https:\/\/recambiosecogas.com\/it\/wp-json\/wp\/v2\/comments?post=7203"}],"wp:featuredmedia":[{"embeddable":true,"href":"https:\/\/recambiosecogas.com\/it\/wp-json\/wp\/v2\/media\/10242"}],"wp:attachment":[{"href":"https:\/\/recambiosecogas.com\/it\/wp-json\/wp\/v2\/media?parent=7203"}],"wp:term":[{"taxonomy":"product_brand","embeddable":true,"href":"https:\/\/recambiosecogas.com\/it\/wp-json\/wp\/v2\/product_brand?post=7203"},{"taxonomy":"product_cat","embeddable":true,"href":"https:\/\/recambiosecogas.com\/it\/wp-json\/wp\/v2\/product_cat?post=7203"},{"taxonomy":"product_tag","embeddable":true,"href":"https:\/\/recambiosecogas.com\/it\/wp-json\/wp\/v2\/product_tag?post=7203"}],"curies":[{"name":"wp","href":"https:\/\/api.w.org\/{rel}","templated":true}]}}