{"id":7190,"date":"2024-11-20T16:14:31","date_gmt":"2024-11-20T16:14:31","guid":{"rendered":"https:\/\/recambiosecogas.com\/producto\/brc-sequent24-centralita-mj04-de814000-conmutador-cuadrado-e367r011006\/"},"modified":"2026-02-24T09:09:07","modified_gmt":"2026-02-24T08:09:07","slug":"brc-sequent24-centralita-mj04-de814000-conmutador-cuadrado-e367r011006","status":"publish","type":"product","link":"https:\/\/recambiosecogas.com\/it\/producto\/brc-sequent24-centralita-mj04-de814000-conmutador-cuadrado-e367r011006\/","title":{"rendered":"BRC Sequent24 centralita MJ04 DE814000 (conmutador cuadrado E3*67R01*1006*)"},"content":{"rendered":"<h1 data-start=\"167\" data-end=\"207\">BRC Sequent24 centralita MJ04 DE814000<\/h1>\n<p data-start=\"209\" data-end=\"516\">La <strong data-start=\"212\" data-end=\"254\">BRC Sequent24 centralita MJ04 DE814000<\/strong> es una unidad electr\u00f3nica dise\u00f1ada para la gesti\u00f3n de sistemas Autogas BRC Sequent24. Esta ECU permite el control secuencial de la inyecci\u00f3n de gas dentro de la plataforma MJ04 y est\u00e1 asociada a configuraciones con conmutador cuadrado homologado E3<em data-start=\"503\" data-end=\"510\">67R01<\/em>1006*.<\/p>\n<p data-start=\"518\" data-end=\"600\">Est\u00e1 destinada a aplicaciones espec\u00edficas BRC Sequent24 seg\u00fan referencia DE814000.<\/p>\n<hr data-start=\"602\" data-end=\"605\" \/>\n<h2 data-start=\"607\" data-end=\"660\">ECU Sequent24 versi\u00f3n MJ04 con conmutador cuadrado<\/h2>\n<div class=\"TyagGW_tableContainer\">\n<div class=\"group TyagGW_tableWrapper flex flex-col-reverse w-fit\" tabindex=\"-1\">\n<table class=\"w-fit min-w-(--thread-content-width)\" data-start=\"662\" data-end=\"990\">\n<thead data-start=\"662\" data-end=\"690\">\n<tr data-start=\"662\" data-end=\"690\">\n<th class=\"\" data-start=\"662\" data-end=\"679\" data-col-size=\"sm\">Caracter\u00edstica<\/th>\n<th class=\"\" data-start=\"679\" data-end=\"690\" data-col-size=\"sm\">Detalle<\/th>\n<\/tr>\n<\/thead>\n<tbody data-start=\"720\" data-end=\"990\">\n<tr data-start=\"720\" data-end=\"763\">\n<td data-start=\"720\" data-end=\"731\" data-col-size=\"sm\">Producto<\/td>\n<td data-start=\"731\" data-end=\"763\" data-col-size=\"sm\">ECU \/ Centralita electr\u00f3nica<\/td>\n<\/tr>\n<tr data-start=\"764\" data-end=\"779\">\n<td data-start=\"764\" data-end=\"772\" data-col-size=\"sm\">Marca<\/td>\n<td data-start=\"772\" data-end=\"779\" data-col-size=\"sm\">BRC<\/td>\n<\/tr>\n<tr data-start=\"780\" data-end=\"806\">\n<td data-start=\"780\" data-end=\"793\" data-col-size=\"sm\">Plataforma<\/td>\n<td data-start=\"793\" data-end=\"806\" data-col-size=\"sm\">Sequent24<\/td>\n<\/tr>\n<tr data-start=\"807\" data-end=\"825\">\n<td data-start=\"807\" data-end=\"817\" data-col-size=\"sm\">Versi\u00f3n<\/td>\n<td data-start=\"817\" data-end=\"825\" data-col-size=\"sm\">MJ04<\/td>\n<\/tr>\n<tr data-start=\"826\" data-end=\"851\">\n<td data-start=\"826\" data-end=\"839\" data-col-size=\"sm\">Referencia<\/td>\n<td data-start=\"839\" data-end=\"851\" data-col-size=\"sm\">DE814000<\/td>\n<\/tr>\n<tr data-start=\"852\" data-end=\"903\">\n<td data-start=\"852\" data-end=\"876\" data-col-size=\"sm\">Conmutador compatible<\/td>\n<td data-start=\"876\" data-end=\"903\" data-col-size=\"sm\">Cuadrado E3<em data-start=\"889\" data-end=\"896\">67R01<\/em>1006*<\/td>\n<\/tr>\n<tr data-start=\"904\" data-end=\"938\">\n<td data-start=\"904\" data-end=\"914\" data-col-size=\"sm\">Sistema<\/td>\n<td data-start=\"914\" data-end=\"938\" data-col-size=\"sm\">Inyecci\u00f3n secuencial<\/td>\n<\/tr>\n<tr data-start=\"939\" data-end=\"960\">\n<td data-start=\"939\" data-end=\"953\" data-col-size=\"sm\">Combustible<\/td>\n<td data-start=\"953\" data-end=\"960\" data-col-size=\"sm\">GLP<\/td>\n<\/tr>\n<tr data-start=\"961\" data-end=\"990\">\n<td data-start=\"961\" data-end=\"975\" data-col-size=\"sm\">Instalaci\u00f3n<\/td>\n<td data-start=\"975\" data-end=\"990\" data-col-size=\"sm\">Profesional<\/td>\n<\/tr>\n<\/tbody>\n<\/table>\n<\/div>\n<\/div>\n<hr data-start=\"992\" data-end=\"995\" \/>\n<h2 data-start=\"997\" data-end=\"1039\">Compatibilidad con sistemas Autogas BRC<\/h2>\n<p data-start=\"1041\" data-end=\"1159\">Compatible con instalaciones BRC Sequent24 equipadas con versi\u00f3n MJ04 y conmutador cuadrado homologado E3<em data-start=\"1146\" data-end=\"1153\">67R01<\/em>1006*.<\/p>\n<p data-start=\"1161\" data-end=\"1247\">Antes de la sustituci\u00f3n, verificar referencia DE814000 y tipo de conmutador instalado.<\/p>\n<hr data-start=\"1249\" data-end=\"1252\" \/>\n<h2 data-start=\"1254\" data-end=\"1274\">Ventajas t\u00e9cnicas<\/h2>\n<ul data-start=\"1276\" data-end=\"1454\">\n<li data-start=\"1276\" data-end=\"1312\">\n<p data-start=\"1278\" data-end=\"1312\">Plataforma electr\u00f3nica Sequent24<\/p>\n<\/li>\n<li data-start=\"1313\" data-end=\"1340\">\n<p data-start=\"1315\" data-end=\"1340\">Versi\u00f3n MJ04 espec\u00edfica<\/p>\n<\/li>\n<li data-start=\"1341\" data-end=\"1390\">\n<p data-start=\"1343\" data-end=\"1390\">Compatible con conmutador cuadrado homologado<\/p>\n<\/li>\n<li data-start=\"1391\" data-end=\"1414\">\n<p data-start=\"1393\" data-end=\"1414\">Unidad original BRC<\/p>\n<\/li>\n<li data-start=\"1415\" data-end=\"1454\">\n<p data-start=\"1417\" data-end=\"1454\">Recambio t\u00e9cnico para mantenimiento<\/p>\n<\/li>\n<\/ul>\n<hr data-start=\"1456\" data-end=\"1459\" \/>\n<h2 data-start=\"1461\" data-end=\"1467\">FAQ<\/h2>\n<p data-start=\"1469\" data-end=\"1583\"><strong data-start=\"1469\" data-end=\"1513\">\u00bfPara qu\u00e9 sirve esta ECU Sequent24 MJ04?<\/strong><br data-start=\"1513\" data-end=\"1516\" \/>Gestiona la inyecci\u00f3n de gas en sistemas BRC Sequent24 compatibles.<\/p>\n<p data-start=\"1585\" data-end=\"1727\"><strong data-start=\"1585\" data-end=\"1627\">\u00bfEs compatible con otros conmutadores?<\/strong><br data-start=\"1627\" data-end=\"1630\" \/>Est\u00e1 asociada a configuraciones con conmutador cuadrado E3<em data-start=\"1688\" data-end=\"1695\">67R01<\/em>1006*; verificar compatibilidad.<\/p>\n<p data-start=\"1729\" data-end=\"1792\"><strong data-start=\"1729\" data-end=\"1751\">\u00bfFunciona con GLP?<\/strong><br data-start=\"1751\" data-end=\"1754\" \/>S\u00ed, en sistemas Autogas BRC Sequent24.<\/p>\n<p data-start=\"1794\" data-end=\"1885\"><strong data-start=\"1794\" data-end=\"1821\">\u00bfRequiere programaci\u00f3n?<\/strong><br data-start=\"1821\" data-end=\"1824\" \/>S\u00ed, debe instalarse y configurarse por t\u00e9cnico especializado.<\/p>\n","protected":false},"excerpt":{"rendered":"<p data-start=\"2335\" data-end=\"2454\">Unidad electr\u00f3nica BRC Sequent24 MJ04 referencia DE814000 para sistemas Autogas GLP con conmutador cuadrado homologado.<\/p>\n","protected":false},"featured_media":10266,"comment_status":"closed","ping_status":"closed","template":"","meta":{"_uag_custom_page_level_css":""},"product_brand":[979],"product_cat":[37,480,297],"product_tag":[],"class_list":{"0":"post-7190","1":"product","2":"type-product","3":"status-publish","4":"has-post-thumbnail","6":"product_brand-brc-mtm-glp","7":"product_cat-brc","8":"product_cat-centralitas-electronicas","9":"product_cat-electronica","11":"first","12":"onbackorder","13":"taxable","14":"shipping-taxable","15":"purchasable","16":"product-type-simple"},"ct_brands":[{"id":979,"name":"BRC","slug":"brc-mtm-glp"}],"yoast_head":"<!-- This site is optimized with the Yoast SEO Premium plugin v27.5 (Yoast SEO v27.6) - https:\/\/yoast.com\/product\/yoast-seo-premium-wordpress\/ -->\n<title>BRC Sequent24 centralita MJ04 DE814000 | Recambios EcoGas<\/title>\n<meta name=\"description\" content=\"BRC Sequent24 centralita MJ04 DE814000 para sistemas Autogas GLP. Compatible con conmutador cuadrado E367R011006*.\" \/>\n<meta name=\"robots\" content=\"index, follow, max-snippet:-1, max-image-preview:large, max-video-preview:-1\" \/>\n<link rel=\"canonical\" href=\"https:\/\/recambiosecogas.com\/it\/producto\/brc-sequent24-centralita-mj04-de814000-conmutador-cuadrado-e367r011006\/\" \/>\n<meta property=\"og:locale\" content=\"it_IT\" \/>\n<meta property=\"og:type\" content=\"article\" \/>\n<meta property=\"og:title\" content=\"BRC Sequent24 centralita MJ04 DE814000 (conmutador cuadrado E3*67R01*1006*)\" \/>\n<meta property=\"og:description\" content=\"BRC Sequent24 centralita MJ04 DE814000 para sistemas Autogas GLP. Compatible con conmutador cuadrado E367R011006*.\" \/>\n<meta property=\"og:url\" content=\"https:\/\/recambiosecogas.com\/it\/producto\/brc-sequent24-centralita-mj04-de814000-conmutador-cuadrado-e367r011006\/\" \/>\n<meta property=\"og:site_name\" content=\"Recambios EcoGas\" \/>\n<meta property=\"article:publisher\" content=\"https:\/\/www.facebook.com\/profile.php?id=100062419705358\" \/>\n<meta property=\"article:modified_time\" content=\"2026-02-24T08:09:07+00:00\" \/>\n<meta property=\"og:image\" content=\"https:\/\/recambiosecogas.com\/wp-content\/uploads\/2024\/11\/BRC-Sequent24-centralita-MJ04-DE814000-conmutador-cuadrado-E3-67R01-1006-png.webp\" \/>\n\t<meta property=\"og:image:width\" content=\"1000\" \/>\n\t<meta property=\"og:image:height\" content=\"1000\" \/>\n\t<meta property=\"og:image:type\" content=\"image\/png\" \/>\n<meta name=\"twitter:card\" content=\"summary_large_image\" \/>\n<meta name=\"twitter:label1\" content=\"Prezzo\" \/>\n\t<meta name=\"twitter:data1\" content=\"306,25&nbsp;&euro; (Sin IVA: 253,10&nbsp;&euro;)\" \/>\n\t<meta name=\"twitter:label2\" content=\"Disponibilit\u00e0\" \/>\n\t<meta name=\"twitter:data2\" content=\"Su ordinazione\" \/>\n<script type=\"application\/ld+json\" class=\"yoast-schema-graph\">{\"@context\":\"https:\\\/\\\/schema.org\",\"@graph\":[{\"@type\":\"WebPage\",\"@id\":\"https:\\\/\\\/recambiosecogas.com\\\/it\\\/producto\\\/brc-sequent24-centralita-mj04-de814000-conmutador-cuadrado-e367r011006\\\/\",\"url\":\"https:\\\/\\\/recambiosecogas.com\\\/it\\\/producto\\\/brc-sequent24-centralita-mj04-de814000-conmutador-cuadrado-e367r011006\\\/\",\"name\":\"BRC Sequent24 centralita MJ04 DE814000 | Recambios EcoGas\",\"isPartOf\":{\"@id\":\"https:\\\/\\\/recambiosecogas.com\\\/it\\\/#website\"},\"primaryImageOfPage\":{\"@id\":\"https:\\\/\\\/recambiosecogas.com\\\/it\\\/producto\\\/brc-sequent24-centralita-mj04-de814000-conmutador-cuadrado-e367r011006\\\/#primaryimage\"},\"image\":{\"@id\":\"https:\\\/\\\/recambiosecogas.com\\\/it\\\/producto\\\/brc-sequent24-centralita-mj04-de814000-conmutador-cuadrado-e367r011006\\\/#primaryimage\"},\"thumbnailUrl\":\"https:\\\/\\\/recambiosecogas.com\\\/wp-content\\\/uploads\\\/2024\\\/11\\\/BRC-Sequent24-centralita-MJ04-DE814000-conmutador-cuadrado-E3-67R01-1006-png.webp\",\"datePublished\":\"2024-11-20T16:14:31+00:00\",\"dateModified\":\"2026-02-24T08:09:07+00:00\",\"description\":\"BRC Sequent24 centralita MJ04 DE814000 para sistemas Autogas GLP. Compatible con conmutador cuadrado E367R011006*.\",\"breadcrumb\":{\"@id\":\"https:\\\/\\\/recambiosecogas.com\\\/it\\\/producto\\\/brc-sequent24-centralita-mj04-de814000-conmutador-cuadrado-e367r011006\\\/#breadcrumb\"},\"inLanguage\":\"it-IT\",\"potentialAction\":[{\"@type\":\"ReadAction\",\"target\":[\"https:\\\/\\\/recambiosecogas.com\\\/it\\\/producto\\\/brc-sequent24-centralita-mj04-de814000-conmutador-cuadrado-e367r011006\\\/\"]}]},{\"@type\":\"ImageObject\",\"inLanguage\":\"it-IT\",\"@id\":\"https:\\\/\\\/recambiosecogas.com\\\/it\\\/producto\\\/brc-sequent24-centralita-mj04-de814000-conmutador-cuadrado-e367r011006\\\/#primaryimage\",\"url\":\"https:\\\/\\\/recambiosecogas.com\\\/wp-content\\\/uploads\\\/2024\\\/11\\\/BRC-Sequent24-centralita-MJ04-DE814000-conmutador-cuadrado-E3-67R01-1006-png.webp\",\"contentUrl\":\"https:\\\/\\\/recambiosecogas.com\\\/wp-content\\\/uploads\\\/2024\\\/11\\\/BRC-Sequent24-centralita-MJ04-DE814000-conmutador-cuadrado-E3-67R01-1006-png.webp\",\"width\":1000,\"height\":1000},{\"@type\":\"BreadcrumbList\",\"@id\":\"https:\\\/\\\/recambiosecogas.com\\\/it\\\/producto\\\/brc-sequent24-centralita-mj04-de814000-conmutador-cuadrado-e367r011006\\\/#breadcrumb\",\"itemListElement\":[{\"@type\":\"ListItem\",\"position\":1,\"name\":\"Portada\",\"item\":\"https:\\\/\\\/recambiosecogas.com\\\/it\\\/\"},{\"@type\":\"ListItem\",\"position\":2,\"name\":\"Negozio\",\"item\":\"https:\\\/\\\/recambiosecogas.com\\\/it\\\/?page_id=46382\"},{\"@type\":\"ListItem\",\"position\":3,\"name\":\"BRC Sequent24 centralita MJ04 DE814000 (conmutador cuadrado E3*67R01*1006*)\"}]},{\"@type\":\"WebSite\",\"@id\":\"https:\\\/\\\/recambiosecogas.com\\\/it\\\/#website\",\"url\":\"https:\\\/\\\/recambiosecogas.com\\\/it\\\/\",\"name\":\"Recambios EcoGas\",\"description\":\"Recambios Multimarca para sistemas de GLP\\\/GNC\\\/GNL\\\/Hidr\u00f3geno\",\"publisher\":{\"@id\":\"https:\\\/\\\/recambiosecogas.com\\\/it\\\/#organization\"},\"alternateName\":\"Recambios Autogas GLP\",\"potentialAction\":[{\"@type\":\"SearchAction\",\"target\":{\"@type\":\"EntryPoint\",\"urlTemplate\":\"https:\\\/\\\/recambiosecogas.com\\\/it\\\/?s={search_term_string}\"},\"query-input\":{\"@type\":\"PropertyValueSpecification\",\"valueRequired\":true,\"valueName\":\"search_term_string\"}}],\"inLanguage\":\"it-IT\"},{\"@type\":[\"Organization\",\"Place\"],\"@id\":\"https:\\\/\\\/recambiosecogas.com\\\/it\\\/#organization\",\"name\":\"Recambios EcoGas\",\"alternateName\":\"Tienda Online GLP Espa\u00f1a\",\"url\":\"https:\\\/\\\/recambiosecogas.com\\\/it\\\/\",\"logo\":{\"@id\":\"https:\\\/\\\/recambiosecogas.com\\\/it\\\/producto\\\/brc-sequent24-centralita-mj04-de814000-conmutador-cuadrado-e367r011006\\\/#local-main-organization-logo\"},\"image\":{\"@id\":\"https:\\\/\\\/recambiosecogas.com\\\/it\\\/producto\\\/brc-sequent24-centralita-mj04-de814000-conmutador-cuadrado-e367r011006\\\/#local-main-organization-logo\"},\"sameAs\":[\"https:\\\/\\\/www.facebook.com\\\/profile.php?id=100062419705358\",\"https:\\\/\\\/www.instagram.com\\\/segimon_automocio\"],\"description\":\"Recambios EcoGas \u2013 Venta y distribuci\u00f3n de sistemas GLP y GNC en Espa\u00f1a y Portugal. Env\u00edos 24 h, soporte t\u00e9cnico a talleres y distribuidores.\",\"hasMerchantReturnPolicy\":{\"@type\":\"MerchantReturnPolicy\",\"merchantReturnLink\":\"https:\\\/\\\/recambiosecogas.com\\\/politicas-privacidad\\\/\"},\"address\":{\"@id\":\"https:\\\/\\\/recambiosecogas.com\\\/it\\\/producto\\\/brc-sequent24-centralita-mj04-de814000-conmutador-cuadrado-e367r011006\\\/#local-main-place-address\"},\"telephone\":[\"616250633\"],\"contactPoint\":{\"@type\":\"ContactPoint\",\"email\":\"export@recambiosecogas.com\"},\"openingHoursSpecification\":[{\"@type\":\"OpeningHoursSpecification\",\"dayOfWeek\":[\"Monday\",\"Tuesday\",\"Wednesday\",\"Thursday\",\"Friday\",\"Saturday\",\"Sunday\"],\"opens\":\"09:00\",\"closes\":\"17:00\"}],\"email\":\"info@recambiosecogas.com\",\"faxNumber\":\"SEGIMON AUTOMOCION SL\",\"vatID\":\"ESB19819861\",\"globalLocationNumber\":\"938 616 339\"},{\"@type\":\"PostalAddress\",\"@id\":\"https:\\\/\\\/recambiosecogas.com\\\/it\\\/producto\\\/brc-sequent24-centralita-mj04-de814000-conmutador-cuadrado-e367r011006\\\/#local-main-place-address\",\"streetAddress\":\"cami antic de vic, 29 (Nave 3), Pol\u00edgono Industrial Congost\",\"addressLocality\":\"CORRO D`AVALL\",\"postalCode\":\"08520\",\"addressRegion\":\"Barcelona\",\"addressCountry\":\"ES\"},{\"@type\":\"ImageObject\",\"inLanguage\":\"it-IT\",\"@id\":\"https:\\\/\\\/recambiosecogas.com\\\/it\\\/producto\\\/brc-sequent24-centralita-mj04-de814000-conmutador-cuadrado-e367r011006\\\/#local-main-organization-logo\",\"url\":\"https:\\\/\\\/recambiosecogas.com\\\/wp-content\\\/uploads\\\/2024\\\/11\\\/cropped-RECAMBIOS-GLP-png.webp\",\"contentUrl\":\"https:\\\/\\\/recambiosecogas.com\\\/wp-content\\\/uploads\\\/2024\\\/11\\\/cropped-RECAMBIOS-GLP-png.webp\",\"width\":512,\"height\":512,\"caption\":\"Recambios EcoGas\"}]}<\/script>\n<meta property=\"product:brand\" content=\"BRC\" \/>\n<meta property=\"product:price:amount\" content=\"306.25\" \/>\n<meta property=\"product:price:currency\" content=\"EUR\" \/>\n<meta property=\"og:availability\" content=\"backorder\" \/>\n<meta property=\"product:availability\" content=\"available for order\" \/>\n<meta property=\"product:retailer_item_id\" content=\"104279P\" \/>\n<meta property=\"product:condition\" content=\"new\" \/>\n<meta name=\"geo.placename\" content=\"CORRO D`AVALL\" \/>\n<meta name=\"geo.region\" content=\"Spagna\" \/>\n<!-- \/ Yoast SEO Premium plugin. -->","yoast_head_json":{"title":"BRC Sequent24 centralita MJ04 DE814000 | Recambios EcoGas","description":"BRC Sequent24 centralita MJ04 DE814000 para sistemas Autogas GLP. Compatible con conmutador cuadrado E367R011006*.","robots":{"index":"index","follow":"follow","max-snippet":"max-snippet:-1","max-image-preview":"max-image-preview:large","max-video-preview":"max-video-preview:-1"},"canonical":"https:\/\/recambiosecogas.com\/it\/producto\/brc-sequent24-centralita-mj04-de814000-conmutador-cuadrado-e367r011006\/","og_locale":"it_IT","og_type":"article","og_title":"BRC Sequent24 centralita MJ04 DE814000 (conmutador cuadrado E3*67R01*1006*)","og_description":"BRC Sequent24 centralita MJ04 DE814000 para sistemas Autogas GLP. Compatible con conmutador cuadrado E367R011006*.","og_url":"https:\/\/recambiosecogas.com\/it\/producto\/brc-sequent24-centralita-mj04-de814000-conmutador-cuadrado-e367r011006\/","og_site_name":"Recambios EcoGas","article_publisher":"https:\/\/www.facebook.com\/profile.php?id=100062419705358","article_modified_time":"2026-02-24T08:09:07+00:00","og_image":[{"width":1000,"height":1000,"url":"https:\/\/recambiosecogas.com\/wp-content\/uploads\/2024\/11\/BRC-Sequent24-centralita-MJ04-DE814000-conmutador-cuadrado-E3-67R01-1006-png.webp","type":"image\/png"}],"twitter_card":"summary_large_image","twitter_misc":{"Prezzo":"306,25&nbsp;&euro; (Sin IVA: 253,10&nbsp;&euro;)","Disponibilit\u00e0":"Su ordinazione"},"schema":{"@context":"https:\/\/schema.org","@graph":[{"@type":"WebPage","@id":"https:\/\/recambiosecogas.com\/it\/producto\/brc-sequent24-centralita-mj04-de814000-conmutador-cuadrado-e367r011006\/","url":"https:\/\/recambiosecogas.com\/it\/producto\/brc-sequent24-centralita-mj04-de814000-conmutador-cuadrado-e367r011006\/","name":"BRC Sequent24 centralita MJ04 DE814000 | Recambios EcoGas","isPartOf":{"@id":"https:\/\/recambiosecogas.com\/it\/#website"},"primaryImageOfPage":{"@id":"https:\/\/recambiosecogas.com\/it\/producto\/brc-sequent24-centralita-mj04-de814000-conmutador-cuadrado-e367r011006\/#primaryimage"},"image":{"@id":"https:\/\/recambiosecogas.com\/it\/producto\/brc-sequent24-centralita-mj04-de814000-conmutador-cuadrado-e367r011006\/#primaryimage"},"thumbnailUrl":"https:\/\/recambiosecogas.com\/wp-content\/uploads\/2024\/11\/BRC-Sequent24-centralita-MJ04-DE814000-conmutador-cuadrado-E3-67R01-1006-png.webp","datePublished":"2024-11-20T16:14:31+00:00","dateModified":"2026-02-24T08:09:07+00:00","description":"BRC Sequent24 centralita MJ04 DE814000 para sistemas Autogas GLP. Compatible con conmutador cuadrado E367R011006*.","breadcrumb":{"@id":"https:\/\/recambiosecogas.com\/it\/producto\/brc-sequent24-centralita-mj04-de814000-conmutador-cuadrado-e367r011006\/#breadcrumb"},"inLanguage":"it-IT","potentialAction":[{"@type":"ReadAction","target":["https:\/\/recambiosecogas.com\/it\/producto\/brc-sequent24-centralita-mj04-de814000-conmutador-cuadrado-e367r011006\/"]}]},{"@type":"ImageObject","inLanguage":"it-IT","@id":"https:\/\/recambiosecogas.com\/it\/producto\/brc-sequent24-centralita-mj04-de814000-conmutador-cuadrado-e367r011006\/#primaryimage","url":"https:\/\/recambiosecogas.com\/wp-content\/uploads\/2024\/11\/BRC-Sequent24-centralita-MJ04-DE814000-conmutador-cuadrado-E3-67R01-1006-png.webp","contentUrl":"https:\/\/recambiosecogas.com\/wp-content\/uploads\/2024\/11\/BRC-Sequent24-centralita-MJ04-DE814000-conmutador-cuadrado-E3-67R01-1006-png.webp","width":1000,"height":1000},{"@type":"BreadcrumbList","@id":"https:\/\/recambiosecogas.com\/it\/producto\/brc-sequent24-centralita-mj04-de814000-conmutador-cuadrado-e367r011006\/#breadcrumb","itemListElement":[{"@type":"ListItem","position":1,"name":"Portada","item":"https:\/\/recambiosecogas.com\/it\/"},{"@type":"ListItem","position":2,"name":"Negozio","item":"https:\/\/recambiosecogas.com\/it\/?page_id=46382"},{"@type":"ListItem","position":3,"name":"BRC Sequent24 centralita MJ04 DE814000 (conmutador cuadrado E3*67R01*1006*)"}]},{"@type":"WebSite","@id":"https:\/\/recambiosecogas.com\/it\/#website","url":"https:\/\/recambiosecogas.com\/it\/","name":"Recambios EcoGas","description":"Recambios Multimarca para sistemas de GLP\/GNC\/GNL\/Hidr\u00f3geno","publisher":{"@id":"https:\/\/recambiosecogas.com\/it\/#organization"},"alternateName":"Recambios Autogas GLP","potentialAction":[{"@type":"SearchAction","target":{"@type":"EntryPoint","urlTemplate":"https:\/\/recambiosecogas.com\/it\/?s={search_term_string}"},"query-input":{"@type":"PropertyValueSpecification","valueRequired":true,"valueName":"search_term_string"}}],"inLanguage":"it-IT"},{"@type":["Organization","Place"],"@id":"https:\/\/recambiosecogas.com\/it\/#organization","name":"Recambios EcoGas","alternateName":"Tienda Online GLP Espa\u00f1a","url":"https:\/\/recambiosecogas.com\/it\/","logo":{"@id":"https:\/\/recambiosecogas.com\/it\/producto\/brc-sequent24-centralita-mj04-de814000-conmutador-cuadrado-e367r011006\/#local-main-organization-logo"},"image":{"@id":"https:\/\/recambiosecogas.com\/it\/producto\/brc-sequent24-centralita-mj04-de814000-conmutador-cuadrado-e367r011006\/#local-main-organization-logo"},"sameAs":["https:\/\/www.facebook.com\/profile.php?id=100062419705358","https:\/\/www.instagram.com\/segimon_automocio"],"description":"Recambios EcoGas \u2013 Venta y distribuci\u00f3n de sistemas GLP y GNC en Espa\u00f1a y Portugal. Env\u00edos 24 h, soporte t\u00e9cnico a talleres y distribuidores.","hasMerchantReturnPolicy":{"@type":"MerchantReturnPolicy","merchantReturnLink":"https:\/\/recambiosecogas.com\/politicas-privacidad\/"},"address":{"@id":"https:\/\/recambiosecogas.com\/it\/producto\/brc-sequent24-centralita-mj04-de814000-conmutador-cuadrado-e367r011006\/#local-main-place-address"},"telephone":["616250633"],"contactPoint":{"@type":"ContactPoint","email":"export@recambiosecogas.com"},"openingHoursSpecification":[{"@type":"OpeningHoursSpecification","dayOfWeek":["Monday","Tuesday","Wednesday","Thursday","Friday","Saturday","Sunday"],"opens":"09:00","closes":"17:00"}],"email":"info@recambiosecogas.com","faxNumber":"SEGIMON AUTOMOCION SL","vatID":"ESB19819861","globalLocationNumber":"938 616 339"},{"@type":"PostalAddress","@id":"https:\/\/recambiosecogas.com\/it\/producto\/brc-sequent24-centralita-mj04-de814000-conmutador-cuadrado-e367r011006\/#local-main-place-address","streetAddress":"cami antic de vic, 29 (Nave 3), Pol\u00edgono Industrial Congost","addressLocality":"CORRO D`AVALL","postalCode":"08520","addressRegion":"Barcelona","addressCountry":"ES"},{"@type":"ImageObject","inLanguage":"it-IT","@id":"https:\/\/recambiosecogas.com\/it\/producto\/brc-sequent24-centralita-mj04-de814000-conmutador-cuadrado-e367r011006\/#local-main-organization-logo","url":"https:\/\/recambiosecogas.com\/wp-content\/uploads\/2024\/11\/cropped-RECAMBIOS-GLP-png.webp","contentUrl":"https:\/\/recambiosecogas.com\/wp-content\/uploads\/2024\/11\/cropped-RECAMBIOS-GLP-png.webp","width":512,"height":512,"caption":"Recambios EcoGas"}]},"product_brand":"BRC","product_price_amount":"306.25","product_price_currency":"EUR","og_availability":"backorder","product_availability":"available for order","product_retailer_item_id":"104279P","product_condition":"new","geo.placename":"CORRO D`AVALL","geo.region":"Spagna"},"uagb_featured_image_src":{"full":["https:\/\/recambiosecogas.com\/wp-content\/uploads\/2024\/11\/BRC-Sequent24-centralita-MJ04-DE814000-conmutador-cuadrado-E3-67R01-1006-png.webp",1000,1000,false],"thumbnail":["https:\/\/recambiosecogas.com\/wp-content\/uploads\/2024\/11\/BRC-Sequent24-centralita-MJ04-DE814000-conmutador-cuadrado-E3-67R01-1006-150x150.webp",150,150,true],"medium":["https:\/\/recambiosecogas.com\/wp-content\/uploads\/2024\/11\/BRC-Sequent24-centralita-MJ04-DE814000-conmutador-cuadrado-E3-67R01-1006-300x300.webp",300,300,true],"medium_large":["https:\/\/recambiosecogas.com\/wp-content\/uploads\/2024\/11\/BRC-Sequent24-centralita-MJ04-DE814000-conmutador-cuadrado-E3-67R01-1006-768x768.webp",768,768,true],"large":["https:\/\/recambiosecogas.com\/wp-content\/uploads\/2024\/11\/BRC-Sequent24-centralita-MJ04-DE814000-conmutador-cuadrado-E3-67R01-1006-png.webp",1000,1000,false],"1536x1536":["https:\/\/recambiosecogas.com\/wp-content\/uploads\/2024\/11\/BRC-Sequent24-centralita-MJ04-DE814000-conmutador-cuadrado-E3-67R01-1006-png.webp",1000,1000,false],"2048x2048":["https:\/\/recambiosecogas.com\/wp-content\/uploads\/2024\/11\/BRC-Sequent24-centralita-MJ04-DE814000-conmutador-cuadrado-E3-67R01-1006-png.webp",1000,1000,false],"woocommerce_archive_thumbnail":["https:\/\/recambiosecogas.com\/wp-content\/uploads\/2024\/11\/BRC-Sequent24-centralita-MJ04-DE814000-conmutador-cuadrado-E3-67R01-1006-png.webp",1000,1000,false],"woocommerce_thumbnail":["https:\/\/recambiosecogas.com\/wp-content\/uploads\/2024\/11\/BRC-Sequent24-centralita-MJ04-DE814000-conmutador-cuadrado-E3-67R01-1006-png-300x300.webp",300,300,true],"woocommerce_single":["https:\/\/recambiosecogas.com\/wp-content\/uploads\/2024\/11\/BRC-Sequent24-centralita-MJ04-DE814000-conmutador-cuadrado-E3-67R01-1006-png.webp",1000,1000,false],"woocommerce_gallery_thumbnail":["https:\/\/recambiosecogas.com\/wp-content\/uploads\/2024\/11\/BRC-Sequent24-centralita-MJ04-DE814000-conmutador-cuadrado-E3-67R01-1006-png.webp",1000,1000,false],"dgwt-wcas-product-suggestion":["https:\/\/recambiosecogas.com\/wp-content\/uploads\/2024\/11\/BRC-Sequent24-centralita-MJ04-DE814000-conmutador-cuadrado-E3-67R01-1006-png-64x64.webp",64,64,true]},"uagb_author_info":{"display_name":"Fran - Soporte T\u00e9cnico","author_link":"https:\/\/recambiosecogas.com\/it\/author\/"},"uagb_comment_info":0,"uagb_excerpt":"Unidad electr\u00f3nica BRC Sequent24 MJ04 referencia DE814000 para sistemas Autogas GLP con conmutador cuadrado homologado.","_links":{"self":[{"href":"https:\/\/recambiosecogas.com\/it\/wp-json\/wp\/v2\/product\/7190","targetHints":{"allow":["GET"]}}],"collection":[{"href":"https:\/\/recambiosecogas.com\/it\/wp-json\/wp\/v2\/product"}],"about":[{"href":"https:\/\/recambiosecogas.com\/it\/wp-json\/wp\/v2\/types\/product"}],"replies":[{"embeddable":true,"href":"https:\/\/recambiosecogas.com\/it\/wp-json\/wp\/v2\/comments?post=7190"}],"wp:featuredmedia":[{"embeddable":true,"href":"https:\/\/recambiosecogas.com\/it\/wp-json\/wp\/v2\/media\/10266"}],"wp:attachment":[{"href":"https:\/\/recambiosecogas.com\/it\/wp-json\/wp\/v2\/media?parent=7190"}],"wp:term":[{"taxonomy":"product_brand","embeddable":true,"href":"https:\/\/recambiosecogas.com\/it\/wp-json\/wp\/v2\/product_brand?post=7190"},{"taxonomy":"product_cat","embeddable":true,"href":"https:\/\/recambiosecogas.com\/it\/wp-json\/wp\/v2\/product_cat?post=7190"},{"taxonomy":"product_tag","embeddable":true,"href":"https:\/\/recambiosecogas.com\/it\/wp-json\/wp\/v2\/product_tag?post=7190"}],"curies":[{"name":"wp","href":"https:\/\/api.w.org\/{rel}","templated":true}]}}