{"id":7185,"date":"2024-11-20T16:14:23","date_gmt":"2024-11-20T16:14:23","guid":{"rendered":"https:\/\/recambiosecogas.com\/producto\/lovato-easyfast-obdii-centralita-4-cilindros\/"},"modified":"2026-03-02T10:20:37","modified_gmt":"2026-03-02T09:20:37","slug":"lovato-easyfast-obdii-centralita-4-cilindros","status":"publish","type":"product","link":"https:\/\/recambiosecogas.com\/it\/producto\/lovato-easyfast-obdii-centralita-4-cilindros\/","title":{"rendered":"Lovato EasyFast OBDII centralita 4 cilindros"},"content":{"rendered":"<h1 data-start=\"173\" data-end=\"219\">Lovato EasyFast OBDII centralita 4 cilindros<\/h1>\n<p data-start=\"221\" data-end=\"565\">La <strong data-start=\"224\" data-end=\"272\">Lovato EasyFast OBDII centralita 4 cilindros<\/strong> es una unidad electr\u00f3nica dise\u00f1ada para la gesti\u00f3n de sistemas Autogas en motores de cuatro cilindros. Esta ECU incorpora comunicaci\u00f3n OBDII, permitiendo la integraci\u00f3n con el sistema de diagn\u00f3stico del veh\u00edculo y el control secuencial de la inyecci\u00f3n de gas dentro de la plataforma EasyFast.<\/p>\n<p data-start=\"567\" data-end=\"647\">Est\u00e1 destinada a configuraciones espec\u00edficas Lovato para motores de 4 cilindros.<\/p>\n<hr data-start=\"649\" data-end=\"652\" \/>\n<h2 data-start=\"654\" data-end=\"717\">ECU EasyFast con comunicaci\u00f3n OBDII para motores 4 cilindros<\/h2>\n<div class=\"TyagGW_tableContainer\">\n<div class=\"group TyagGW_tableWrapper flex flex-col-reverse w-fit\" tabindex=\"-1\">\n<table class=\"w-fit min-w-(--thread-content-width)\" data-start=\"719\" data-end=\"1020\">\n<thead data-start=\"719\" data-end=\"747\">\n<tr data-start=\"719\" data-end=\"747\">\n<th class=\"\" data-start=\"719\" data-end=\"736\" data-col-size=\"sm\">Caracter\u00edstica<\/th>\n<th class=\"\" data-start=\"736\" data-end=\"747\" data-col-size=\"sm\">Detalle<\/th>\n<\/tr>\n<\/thead>\n<tbody data-start=\"777\" data-end=\"1020\">\n<tr data-start=\"777\" data-end=\"820\">\n<td data-start=\"777\" data-end=\"788\" data-col-size=\"sm\">Producto<\/td>\n<td data-start=\"788\" data-end=\"820\" data-col-size=\"sm\">ECU \/ Centralita electr\u00f3nica<\/td>\n<\/tr>\n<tr data-start=\"821\" data-end=\"839\">\n<td data-start=\"821\" data-end=\"829\" data-col-size=\"sm\">Marca<\/td>\n<td data-start=\"829\" data-end=\"839\" data-col-size=\"sm\">Lovato<\/td>\n<\/tr>\n<tr data-start=\"840\" data-end=\"867\">\n<td data-start=\"840\" data-end=\"849\" data-col-size=\"sm\">Modelo<\/td>\n<td data-start=\"849\" data-end=\"867\" data-col-size=\"sm\">EasyFast OBDII<\/td>\n<\/tr>\n<tr data-start=\"868\" data-end=\"898\">\n<td data-start=\"868\" data-end=\"883\" data-col-size=\"sm\">N\u00ba cilindros<\/td>\n<td data-start=\"883\" data-end=\"898\" data-col-size=\"sm\">4 cilindros<\/td>\n<\/tr>\n<tr data-start=\"899\" data-end=\"933\">\n<td data-start=\"899\" data-end=\"914\" data-col-size=\"sm\">Comunicaci\u00f3n<\/td>\n<td data-start=\"914\" data-end=\"933\" data-col-size=\"sm\">OBDII integrada<\/td>\n<\/tr>\n<tr data-start=\"934\" data-end=\"968\">\n<td data-start=\"934\" data-end=\"944\" data-col-size=\"sm\">Sistema<\/td>\n<td data-start=\"944\" data-end=\"968\" data-col-size=\"sm\">Inyecci\u00f3n secuencial<\/td>\n<\/tr>\n<tr data-start=\"969\" data-end=\"990\">\n<td data-start=\"969\" data-end=\"983\" data-col-size=\"sm\">Combustible<\/td>\n<td data-start=\"983\" data-end=\"990\" data-col-size=\"sm\">GLP<\/td>\n<\/tr>\n<tr data-start=\"991\" data-end=\"1020\">\n<td data-start=\"991\" data-end=\"1005\" data-col-size=\"sm\">Instalaci\u00f3n<\/td>\n<td data-start=\"1005\" data-end=\"1020\" data-col-size=\"sm\">Profesional<\/td>\n<\/tr>\n<\/tbody>\n<\/table>\n<\/div>\n<\/div>\n<hr data-start=\"1022\" data-end=\"1025\" \/>\n<h2 data-start=\"1027\" data-end=\"1072\">Compatibilidad con sistemas Autogas Lovato<\/h2>\n<p data-start=\"1074\" data-end=\"1183\">Compatible con instalaciones Lovato EasyFast configuradas para motores de 4 cilindros con comunicaci\u00f3n OBDII.<\/p>\n<p data-start=\"1185\" data-end=\"1280\">Antes de la sustituci\u00f3n, verificar versi\u00f3n del sistema y configuraci\u00f3n espec\u00edfica del veh\u00edculo.<\/p>\n<hr data-start=\"1282\" data-end=\"1285\" \/>\n<h2 data-start=\"1287\" data-end=\"1307\">Ventajas t\u00e9cnicas<\/h2>\n<ul data-start=\"1309\" data-end=\"1495\">\n<li data-start=\"1309\" data-end=\"1359\">\n<p data-start=\"1311\" data-end=\"1359\">Gesti\u00f3n secuencial para motores de 4 cilindros<\/p>\n<\/li>\n<li data-start=\"1360\" data-end=\"1392\">\n<p data-start=\"1362\" data-end=\"1392\">Comunicaci\u00f3n OBDII integrada<\/p>\n<\/li>\n<li data-start=\"1393\" data-end=\"1428\">\n<p data-start=\"1395\" data-end=\"1428\">Plataforma electr\u00f3nica EasyFast<\/p>\n<\/li>\n<li data-start=\"1429\" data-end=\"1455\">\n<p data-start=\"1431\" data-end=\"1455\">Unidad original Lovato<\/p>\n<\/li>\n<li data-start=\"1456\" data-end=\"1495\">\n<p data-start=\"1458\" data-end=\"1495\">Recambio t\u00e9cnico para mantenimiento<\/p>\n<\/li>\n<\/ul>\n<hr data-start=\"1497\" data-end=\"1500\" \/>\n<h2 data-start=\"1502\" data-end=\"1508\">FAQ<\/h2>\n<p data-start=\"1510\" data-end=\"1658\"><strong data-start=\"1510\" data-end=\"1554\">\u00bfPara qu\u00e9 sirve esta ECU EasyFast OBDII?<\/strong><br data-start=\"1554\" data-end=\"1557\" \/>Gestiona la inyecci\u00f3n de gas en motores de 4 cilindros compatibles con la plataforma Lovato EasyFast.<\/p>\n<p data-start=\"1660\" data-end=\"1756\"><strong data-start=\"1660\" data-end=\"1696\">\u00bfEs v\u00e1lida para 6 u 8 cilindros?<\/strong><br data-start=\"1696\" data-end=\"1699\" \/>No, est\u00e1 destinada a configuraciones de cuatro cilindros.<\/p>\n<p data-start=\"1758\" data-end=\"1826\"><strong data-start=\"1758\" data-end=\"1780\">\u00bfFunciona con GLP?<\/strong><br data-start=\"1780\" data-end=\"1783\" \/>S\u00ed, en sistemas Autogas Lovato compatibles.<\/p>\n<p data-start=\"1828\" data-end=\"1919\"><strong data-start=\"1828\" data-end=\"1855\">\u00bfRequiere programaci\u00f3n?<\/strong><br data-start=\"1855\" data-end=\"1858\" \/>S\u00ed, debe instalarse y configurarse por t\u00e9cnico especializado.<\/p>\n","protected":false},"excerpt":{"rendered":"<p data-start=\"2391\" data-end=\"2484\">Unidad electr\u00f3nica Lovato EasyFast OBDII para motores de 4 cilindros en sistemas Autogas GLP.<\/p>\n","protected":false},"featured_media":10278,"comment_status":"closed","ping_status":"closed","template":"","meta":{"_uag_custom_page_level_css":""},"product_brand":[2095],"product_cat":[480,297,76],"product_tag":[],"class_list":{"0":"post-7185","1":"product","2":"type-product","3":"status-publish","4":"has-post-thumbnail","6":"product_brand-lovato","7":"product_cat-centralitas-electronicas","8":"product_cat-electronica","9":"product_cat-lovato","11":"first","12":"onbackorder","13":"taxable","14":"shipping-taxable","15":"purchasable","16":"product-type-simple"},"ct_brands":[{"id":2095,"name":"Lovato","slug":"lovato"}],"yoast_head":"<!-- This site is optimized with the Yoast SEO Premium plugin v27.5 (Yoast SEO v27.5) - https:\/\/yoast.com\/product\/yoast-seo-premium-wordpress\/ -->\n<title>Lovato EasyFast OBDII centralita 4 cilindros | Recambios EcoGas | Sistemas GLP y GNC<\/title>\n<meta name=\"description\" content=\"Lovato EasyFast OBDII centralita 4 cilindros para sistemas Autogas GLP. ECU original con comunicaci\u00f3n OBDII integrada.\" \/>\n<meta name=\"robots\" content=\"index, follow, max-snippet:-1, max-image-preview:large, max-video-preview:-1\" \/>\n<link rel=\"canonical\" href=\"https:\/\/recambiosecogas.com\/it\/producto\/lovato-easyfast-obdii-centralita-4-cilindros\/\" \/>\n<meta property=\"og:locale\" content=\"it_IT\" \/>\n<meta property=\"og:type\" content=\"article\" \/>\n<meta property=\"og:title\" content=\"Lovato EasyFast OBDII centralita 4 cilindros\" \/>\n<meta property=\"og:description\" content=\"Lovato EasyFast OBDII centralita 4 cilindros para sistemas Autogas GLP. ECU original con comunicaci\u00f3n OBDII integrada.\" \/>\n<meta property=\"og:url\" content=\"https:\/\/recambiosecogas.com\/it\/producto\/lovato-easyfast-obdii-centralita-4-cilindros\/\" \/>\n<meta property=\"og:site_name\" content=\"Recambios EcoGas\" \/>\n<meta property=\"article:publisher\" content=\"https:\/\/www.facebook.com\/profile.php?id=100062419705358\" \/>\n<meta property=\"article:modified_time\" content=\"2026-03-02T09:20:37+00:00\" \/>\n<meta property=\"og:image\" content=\"https:\/\/recambiosecogas.com\/wp-content\/uploads\/2024\/11\/Lovato-EasyFast-OBDII-centralita-4-cilindros-png.webp\" \/>\n\t<meta property=\"og:image:width\" content=\"1000\" \/>\n\t<meta property=\"og:image:height\" content=\"1000\" \/>\n\t<meta property=\"og:image:type\" content=\"image\/png\" \/>\n<meta name=\"twitter:card\" content=\"summary_large_image\" \/>\n<meta name=\"twitter:label1\" content=\"Prezzo\" \/>\n\t<meta name=\"twitter:data1\" content=\"205,19&nbsp;&euro; (Sin IVA: 169,58&nbsp;&euro;)\" \/>\n\t<meta name=\"twitter:label2\" content=\"Disponibilit\u00e0\" \/>\n\t<meta name=\"twitter:data2\" content=\"Su ordinazione\" \/>\n<script type=\"application\/ld+json\" class=\"yoast-schema-graph\">{\"@context\":\"https:\\\/\\\/schema.org\",\"@graph\":[{\"@type\":\"WebPage\",\"@id\":\"https:\\\/\\\/recambiosecogas.com\\\/it\\\/producto\\\/lovato-easyfast-obdii-centralita-4-cilindros\\\/\",\"url\":\"https:\\\/\\\/recambiosecogas.com\\\/it\\\/producto\\\/lovato-easyfast-obdii-centralita-4-cilindros\\\/\",\"name\":\"Lovato EasyFast OBDII centralita 4 cilindros | Recambios EcoGas | Sistemas GLP y GNC\",\"isPartOf\":{\"@id\":\"https:\\\/\\\/recambiosecogas.com\\\/it\\\/#website\"},\"primaryImageOfPage\":{\"@id\":\"https:\\\/\\\/recambiosecogas.com\\\/it\\\/producto\\\/lovato-easyfast-obdii-centralita-4-cilindros\\\/#primaryimage\"},\"image\":{\"@id\":\"https:\\\/\\\/recambiosecogas.com\\\/it\\\/producto\\\/lovato-easyfast-obdii-centralita-4-cilindros\\\/#primaryimage\"},\"thumbnailUrl\":\"https:\\\/\\\/recambiosecogas.com\\\/wp-content\\\/uploads\\\/2024\\\/11\\\/Lovato-EasyFast-OBDII-centralita-4-cilindros-png.webp\",\"datePublished\":\"2024-11-20T16:14:23+00:00\",\"dateModified\":\"2026-03-02T09:20:37+00:00\",\"description\":\"Lovato EasyFast OBDII centralita 4 cilindros para sistemas Autogas GLP. ECU original con comunicaci\u00f3n OBDII integrada.\",\"breadcrumb\":{\"@id\":\"https:\\\/\\\/recambiosecogas.com\\\/it\\\/producto\\\/lovato-easyfast-obdii-centralita-4-cilindros\\\/#breadcrumb\"},\"inLanguage\":\"it-IT\",\"potentialAction\":[{\"@type\":\"ReadAction\",\"target\":[\"https:\\\/\\\/recambiosecogas.com\\\/it\\\/producto\\\/lovato-easyfast-obdii-centralita-4-cilindros\\\/\"]}]},{\"@type\":\"ImageObject\",\"inLanguage\":\"it-IT\",\"@id\":\"https:\\\/\\\/recambiosecogas.com\\\/it\\\/producto\\\/lovato-easyfast-obdii-centralita-4-cilindros\\\/#primaryimage\",\"url\":\"https:\\\/\\\/recambiosecogas.com\\\/wp-content\\\/uploads\\\/2024\\\/11\\\/Lovato-EasyFast-OBDII-centralita-4-cilindros-png.webp\",\"contentUrl\":\"https:\\\/\\\/recambiosecogas.com\\\/wp-content\\\/uploads\\\/2024\\\/11\\\/Lovato-EasyFast-OBDII-centralita-4-cilindros-png.webp\",\"width\":1000,\"height\":1000},{\"@type\":\"BreadcrumbList\",\"@id\":\"https:\\\/\\\/recambiosecogas.com\\\/it\\\/producto\\\/lovato-easyfast-obdii-centralita-4-cilindros\\\/#breadcrumb\",\"itemListElement\":[{\"@type\":\"ListItem\",\"position\":1,\"name\":\"Portada\",\"item\":\"https:\\\/\\\/recambiosecogas.com\\\/it\\\/\"},{\"@type\":\"ListItem\",\"position\":2,\"name\":\"Negozio\",\"item\":\"https:\\\/\\\/recambiosecogas.com\\\/it\\\/?page_id=46382\"},{\"@type\":\"ListItem\",\"position\":3,\"name\":\"Lovato EasyFast OBDII centralita 4 cilindros\"}]},{\"@type\":\"WebSite\",\"@id\":\"https:\\\/\\\/recambiosecogas.com\\\/it\\\/#website\",\"url\":\"https:\\\/\\\/recambiosecogas.com\\\/it\\\/\",\"name\":\"Recambios EcoGas\",\"description\":\"Recambios Multimarca para sistemas de GLP\\\/GNC\\\/GNL\\\/Hidr\u00f3geno\",\"publisher\":{\"@id\":\"https:\\\/\\\/recambiosecogas.com\\\/it\\\/#organization\"},\"alternateName\":\"Recambios Autogas GLP\",\"potentialAction\":[{\"@type\":\"SearchAction\",\"target\":{\"@type\":\"EntryPoint\",\"urlTemplate\":\"https:\\\/\\\/recambiosecogas.com\\\/it\\\/?s={search_term_string}\"},\"query-input\":{\"@type\":\"PropertyValueSpecification\",\"valueRequired\":true,\"valueName\":\"search_term_string\"}}],\"inLanguage\":\"it-IT\"},{\"@type\":[\"Organization\",\"Place\"],\"@id\":\"https:\\\/\\\/recambiosecogas.com\\\/it\\\/#organization\",\"name\":\"Recambios EcoGas\",\"alternateName\":\"Tienda Online GLP Espa\u00f1a\",\"url\":\"https:\\\/\\\/recambiosecogas.com\\\/it\\\/\",\"logo\":{\"@id\":\"https:\\\/\\\/recambiosecogas.com\\\/it\\\/producto\\\/lovato-easyfast-obdii-centralita-4-cilindros\\\/#local-main-organization-logo\"},\"image\":{\"@id\":\"https:\\\/\\\/recambiosecogas.com\\\/it\\\/producto\\\/lovato-easyfast-obdii-centralita-4-cilindros\\\/#local-main-organization-logo\"},\"sameAs\":[\"https:\\\/\\\/www.facebook.com\\\/profile.php?id=100062419705358\",\"https:\\\/\\\/www.instagram.com\\\/segimon_automocio\"],\"description\":\"Recambios EcoGas \u2013 Venta y distribuci\u00f3n de sistemas GLP y GNC en Espa\u00f1a y Portugal. Env\u00edos 24 h, soporte t\u00e9cnico a talleres y distribuidores.\",\"hasMerchantReturnPolicy\":{\"@type\":\"MerchantReturnPolicy\",\"merchantReturnLink\":\"https:\\\/\\\/recambiosecogas.com\\\/politicas-privacidad\\\/\"},\"address\":{\"@id\":\"https:\\\/\\\/recambiosecogas.com\\\/it\\\/producto\\\/lovato-easyfast-obdii-centralita-4-cilindros\\\/#local-main-place-address\"},\"telephone\":[\"616250633\"],\"contactPoint\":{\"@type\":\"ContactPoint\",\"email\":\"export@recambiosecogas.com\"},\"openingHoursSpecification\":[{\"@type\":\"OpeningHoursSpecification\",\"dayOfWeek\":[\"Monday\",\"Tuesday\",\"Wednesday\",\"Thursday\",\"Friday\",\"Saturday\",\"Sunday\"],\"opens\":\"09:00\",\"closes\":\"17:00\"}],\"email\":\"info@recambiosecogas.com\",\"faxNumber\":\"SEGIMON AUTOMOCION SL\",\"vatID\":\"ESB19819861\",\"globalLocationNumber\":\"938 616 339\"},{\"@type\":\"PostalAddress\",\"@id\":\"https:\\\/\\\/recambiosecogas.com\\\/it\\\/producto\\\/lovato-easyfast-obdii-centralita-4-cilindros\\\/#local-main-place-address\",\"streetAddress\":\"cami antic de vic, 29 (Nave 3), Pol\u00edgono Industrial Congost\",\"addressLocality\":\"CORRO D`AVALL\",\"postalCode\":\"08520\",\"addressRegion\":\"Barcelona\",\"addressCountry\":\"ES\"},{\"@type\":\"ImageObject\",\"inLanguage\":\"it-IT\",\"@id\":\"https:\\\/\\\/recambiosecogas.com\\\/it\\\/producto\\\/lovato-easyfast-obdii-centralita-4-cilindros\\\/#local-main-organization-logo\",\"url\":\"https:\\\/\\\/recambiosecogas.com\\\/wp-content\\\/uploads\\\/2024\\\/11\\\/cropped-RECAMBIOS-GLP-png.webp\",\"contentUrl\":\"https:\\\/\\\/recambiosecogas.com\\\/wp-content\\\/uploads\\\/2024\\\/11\\\/cropped-RECAMBIOS-GLP-png.webp\",\"width\":512,\"height\":512,\"caption\":\"Recambios EcoGas\"}]}<\/script>\n<meta property=\"product:brand\" content=\"Lovato\" \/>\n<meta property=\"product:price:amount\" content=\"205.19\" \/>\n<meta property=\"product:price:currency\" content=\"EUR\" \/>\n<meta property=\"og:availability\" content=\"backorder\" \/>\n<meta property=\"product:availability\" content=\"available for order\" \/>\n<meta property=\"product:retailer_item_id\" content=\"102485\" \/>\n<meta property=\"product:condition\" content=\"new\" \/>\n<meta name=\"geo.placename\" content=\"CORRO D`AVALL\" \/>\n<meta name=\"geo.region\" content=\"Spagna\" \/>\n<!-- \/ Yoast SEO Premium plugin. -->","yoast_head_json":{"title":"Lovato EasyFast OBDII centralita 4 cilindros | Recambios EcoGas | Sistemas GLP y GNC","description":"Lovato EasyFast OBDII centralita 4 cilindros para sistemas Autogas GLP. ECU original con comunicaci\u00f3n OBDII integrada.","robots":{"index":"index","follow":"follow","max-snippet":"max-snippet:-1","max-image-preview":"max-image-preview:large","max-video-preview":"max-video-preview:-1"},"canonical":"https:\/\/recambiosecogas.com\/it\/producto\/lovato-easyfast-obdii-centralita-4-cilindros\/","og_locale":"it_IT","og_type":"article","og_title":"Lovato EasyFast OBDII centralita 4 cilindros","og_description":"Lovato EasyFast OBDII centralita 4 cilindros para sistemas Autogas GLP. ECU original con comunicaci\u00f3n OBDII integrada.","og_url":"https:\/\/recambiosecogas.com\/it\/producto\/lovato-easyfast-obdii-centralita-4-cilindros\/","og_site_name":"Recambios EcoGas","article_publisher":"https:\/\/www.facebook.com\/profile.php?id=100062419705358","article_modified_time":"2026-03-02T09:20:37+00:00","og_image":[{"width":1000,"height":1000,"url":"https:\/\/recambiosecogas.com\/wp-content\/uploads\/2024\/11\/Lovato-EasyFast-OBDII-centralita-4-cilindros-png.webp","type":"image\/png"}],"twitter_card":"summary_large_image","twitter_misc":{"Prezzo":"205,19&nbsp;&euro; (Sin IVA: 169,58&nbsp;&euro;)","Disponibilit\u00e0":"Su ordinazione"},"schema":{"@context":"https:\/\/schema.org","@graph":[{"@type":"WebPage","@id":"https:\/\/recambiosecogas.com\/it\/producto\/lovato-easyfast-obdii-centralita-4-cilindros\/","url":"https:\/\/recambiosecogas.com\/it\/producto\/lovato-easyfast-obdii-centralita-4-cilindros\/","name":"Lovato EasyFast OBDII centralita 4 cilindros | Recambios EcoGas | Sistemas GLP y GNC","isPartOf":{"@id":"https:\/\/recambiosecogas.com\/it\/#website"},"primaryImageOfPage":{"@id":"https:\/\/recambiosecogas.com\/it\/producto\/lovato-easyfast-obdii-centralita-4-cilindros\/#primaryimage"},"image":{"@id":"https:\/\/recambiosecogas.com\/it\/producto\/lovato-easyfast-obdii-centralita-4-cilindros\/#primaryimage"},"thumbnailUrl":"https:\/\/recambiosecogas.com\/wp-content\/uploads\/2024\/11\/Lovato-EasyFast-OBDII-centralita-4-cilindros-png.webp","datePublished":"2024-11-20T16:14:23+00:00","dateModified":"2026-03-02T09:20:37+00:00","description":"Lovato EasyFast OBDII centralita 4 cilindros para sistemas Autogas GLP. ECU original con comunicaci\u00f3n OBDII integrada.","breadcrumb":{"@id":"https:\/\/recambiosecogas.com\/it\/producto\/lovato-easyfast-obdii-centralita-4-cilindros\/#breadcrumb"},"inLanguage":"it-IT","potentialAction":[{"@type":"ReadAction","target":["https:\/\/recambiosecogas.com\/it\/producto\/lovato-easyfast-obdii-centralita-4-cilindros\/"]}]},{"@type":"ImageObject","inLanguage":"it-IT","@id":"https:\/\/recambiosecogas.com\/it\/producto\/lovato-easyfast-obdii-centralita-4-cilindros\/#primaryimage","url":"https:\/\/recambiosecogas.com\/wp-content\/uploads\/2024\/11\/Lovato-EasyFast-OBDII-centralita-4-cilindros-png.webp","contentUrl":"https:\/\/recambiosecogas.com\/wp-content\/uploads\/2024\/11\/Lovato-EasyFast-OBDII-centralita-4-cilindros-png.webp","width":1000,"height":1000},{"@type":"BreadcrumbList","@id":"https:\/\/recambiosecogas.com\/it\/producto\/lovato-easyfast-obdii-centralita-4-cilindros\/#breadcrumb","itemListElement":[{"@type":"ListItem","position":1,"name":"Portada","item":"https:\/\/recambiosecogas.com\/it\/"},{"@type":"ListItem","position":2,"name":"Negozio","item":"https:\/\/recambiosecogas.com\/it\/?page_id=46382"},{"@type":"ListItem","position":3,"name":"Lovato EasyFast OBDII centralita 4 cilindros"}]},{"@type":"WebSite","@id":"https:\/\/recambiosecogas.com\/it\/#website","url":"https:\/\/recambiosecogas.com\/it\/","name":"Recambios EcoGas","description":"Recambios Multimarca para sistemas de GLP\/GNC\/GNL\/Hidr\u00f3geno","publisher":{"@id":"https:\/\/recambiosecogas.com\/it\/#organization"},"alternateName":"Recambios Autogas GLP","potentialAction":[{"@type":"SearchAction","target":{"@type":"EntryPoint","urlTemplate":"https:\/\/recambiosecogas.com\/it\/?s={search_term_string}"},"query-input":{"@type":"PropertyValueSpecification","valueRequired":true,"valueName":"search_term_string"}}],"inLanguage":"it-IT"},{"@type":["Organization","Place"],"@id":"https:\/\/recambiosecogas.com\/it\/#organization","name":"Recambios EcoGas","alternateName":"Tienda Online GLP Espa\u00f1a","url":"https:\/\/recambiosecogas.com\/it\/","logo":{"@id":"https:\/\/recambiosecogas.com\/it\/producto\/lovato-easyfast-obdii-centralita-4-cilindros\/#local-main-organization-logo"},"image":{"@id":"https:\/\/recambiosecogas.com\/it\/producto\/lovato-easyfast-obdii-centralita-4-cilindros\/#local-main-organization-logo"},"sameAs":["https:\/\/www.facebook.com\/profile.php?id=100062419705358","https:\/\/www.instagram.com\/segimon_automocio"],"description":"Recambios EcoGas \u2013 Venta y distribuci\u00f3n de sistemas GLP y GNC en Espa\u00f1a y Portugal. Env\u00edos 24 h, soporte t\u00e9cnico a talleres y distribuidores.","hasMerchantReturnPolicy":{"@type":"MerchantReturnPolicy","merchantReturnLink":"https:\/\/recambiosecogas.com\/politicas-privacidad\/"},"address":{"@id":"https:\/\/recambiosecogas.com\/it\/producto\/lovato-easyfast-obdii-centralita-4-cilindros\/#local-main-place-address"},"telephone":["616250633"],"contactPoint":{"@type":"ContactPoint","email":"export@recambiosecogas.com"},"openingHoursSpecification":[{"@type":"OpeningHoursSpecification","dayOfWeek":["Monday","Tuesday","Wednesday","Thursday","Friday","Saturday","Sunday"],"opens":"09:00","closes":"17:00"}],"email":"info@recambiosecogas.com","faxNumber":"SEGIMON AUTOMOCION SL","vatID":"ESB19819861","globalLocationNumber":"938 616 339"},{"@type":"PostalAddress","@id":"https:\/\/recambiosecogas.com\/it\/producto\/lovato-easyfast-obdii-centralita-4-cilindros\/#local-main-place-address","streetAddress":"cami antic de vic, 29 (Nave 3), Pol\u00edgono Industrial Congost","addressLocality":"CORRO D`AVALL","postalCode":"08520","addressRegion":"Barcelona","addressCountry":"ES"},{"@type":"ImageObject","inLanguage":"it-IT","@id":"https:\/\/recambiosecogas.com\/it\/producto\/lovato-easyfast-obdii-centralita-4-cilindros\/#local-main-organization-logo","url":"https:\/\/recambiosecogas.com\/wp-content\/uploads\/2024\/11\/cropped-RECAMBIOS-GLP-png.webp","contentUrl":"https:\/\/recambiosecogas.com\/wp-content\/uploads\/2024\/11\/cropped-RECAMBIOS-GLP-png.webp","width":512,"height":512,"caption":"Recambios EcoGas"}]},"product_brand":"Lovato","product_price_amount":"205.19","product_price_currency":"EUR","og_availability":"backorder","product_availability":"available for order","product_retailer_item_id":"102485","product_condition":"new","geo.placename":"CORRO D`AVALL","geo.region":"Spagna"},"uagb_featured_image_src":{"full":["https:\/\/recambiosecogas.com\/wp-content\/uploads\/2024\/11\/Lovato-EasyFast-OBDII-centralita-4-cilindros-png.webp",1000,1000,false],"thumbnail":["https:\/\/recambiosecogas.com\/wp-content\/uploads\/2024\/11\/Lovato-EasyFast-OBDII-centralita-4-cilindros-150x150.webp",150,150,true],"medium":["https:\/\/recambiosecogas.com\/wp-content\/uploads\/2024\/11\/Lovato-EasyFast-OBDII-centralita-4-cilindros-300x300.webp",300,300,true],"medium_large":["https:\/\/recambiosecogas.com\/wp-content\/uploads\/2024\/11\/Lovato-EasyFast-OBDII-centralita-4-cilindros-768x768.webp",768,768,true],"large":["https:\/\/recambiosecogas.com\/wp-content\/uploads\/2024\/11\/Lovato-EasyFast-OBDII-centralita-4-cilindros-png.webp",1000,1000,false],"1536x1536":["https:\/\/recambiosecogas.com\/wp-content\/uploads\/2024\/11\/Lovato-EasyFast-OBDII-centralita-4-cilindros-png.webp",1000,1000,false],"2048x2048":["https:\/\/recambiosecogas.com\/wp-content\/uploads\/2024\/11\/Lovato-EasyFast-OBDII-centralita-4-cilindros-png.webp",1000,1000,false],"woocommerce_archive_thumbnail":["https:\/\/recambiosecogas.com\/wp-content\/uploads\/2024\/11\/Lovato-EasyFast-OBDII-centralita-4-cilindros-png.webp",1000,1000,false],"woocommerce_thumbnail":["https:\/\/recambiosecogas.com\/wp-content\/uploads\/2024\/11\/Lovato-EasyFast-OBDII-centralita-4-cilindros-png-300x300.webp",300,300,true],"woocommerce_single":["https:\/\/recambiosecogas.com\/wp-content\/uploads\/2024\/11\/Lovato-EasyFast-OBDII-centralita-4-cilindros-png.webp",1000,1000,false],"woocommerce_gallery_thumbnail":["https:\/\/recambiosecogas.com\/wp-content\/uploads\/2024\/11\/Lovato-EasyFast-OBDII-centralita-4-cilindros-png.webp",1000,1000,false],"dgwt-wcas-product-suggestion":["https:\/\/recambiosecogas.com\/wp-content\/uploads\/2024\/11\/Lovato-EasyFast-OBDII-centralita-4-cilindros-png-64x64.webp",64,64,true]},"uagb_author_info":{"display_name":"Fran - Soporte T\u00e9cnico","author_link":"https:\/\/recambiosecogas.com\/it\/author\/"},"uagb_comment_info":0,"uagb_excerpt":"Unidad electr\u00f3nica Lovato EasyFast OBDII para motores de 4 cilindros en sistemas Autogas GLP.","_links":{"self":[{"href":"https:\/\/recambiosecogas.com\/it\/wp-json\/wp\/v2\/product\/7185","targetHints":{"allow":["GET"]}}],"collection":[{"href":"https:\/\/recambiosecogas.com\/it\/wp-json\/wp\/v2\/product"}],"about":[{"href":"https:\/\/recambiosecogas.com\/it\/wp-json\/wp\/v2\/types\/product"}],"replies":[{"embeddable":true,"href":"https:\/\/recambiosecogas.com\/it\/wp-json\/wp\/v2\/comments?post=7185"}],"wp:featuredmedia":[{"embeddable":true,"href":"https:\/\/recambiosecogas.com\/it\/wp-json\/wp\/v2\/media\/10278"}],"wp:attachment":[{"href":"https:\/\/recambiosecogas.com\/it\/wp-json\/wp\/v2\/media?parent=7185"}],"wp:term":[{"taxonomy":"product_brand","embeddable":true,"href":"https:\/\/recambiosecogas.com\/it\/wp-json\/wp\/v2\/product_brand?post=7185"},{"taxonomy":"product_cat","embeddable":true,"href":"https:\/\/recambiosecogas.com\/it\/wp-json\/wp\/v2\/product_cat?post=7185"},{"taxonomy":"product_tag","embeddable":true,"href":"https:\/\/recambiosecogas.com\/it\/wp-json\/wp\/v2\/product_tag?post=7185"}],"curies":[{"name":"wp","href":"https:\/\/api.w.org\/{rel}","templated":true}]}}