{"id":7181,"date":"2024-11-20T16:14:15","date_gmt":"2024-11-20T16:14:15","guid":{"rendered":"https:\/\/recambiosecogas.com\/producto\/aeb-centralita-n-d-5-6-8-cilindros-obd-2568d-410747\/"},"modified":"2026-02-24T09:23:33","modified_gmt":"2026-02-24T08:23:33","slug":"aeb-centralita-n-d-5-6-8-cilindros-obd-2568d-410747","status":"publish","type":"product","link":"https:\/\/recambiosecogas.com\/it\/producto\/aeb-centralita-n-d-5-6-8-cilindros-obd-2568d-410747\/","title":{"rendered":"AEB centralita N D 5\/6\/8 cilindros OBD 2568D (410747)"},"content":{"rendered":"<h1 data-start=\"180\" data-end=\"233\">AEB centralita N D 5\/6\/8 cilindros OBD 2568D 410747<\/h1>\n<p data-start=\"235\" data-end=\"543\">La <strong data-start=\"238\" data-end=\"293\">AEB centralita N D 5\/6\/8 cilindros OBD 2568D 410747<\/strong> es una unidad electr\u00f3nica dise\u00f1ada para la gesti\u00f3n de sistemas Autogas en motores de 5, 6 y 8 cilindros. Esta ECU incorpora comunicaci\u00f3n OBD y permite el control secuencial de la inyecci\u00f3n de gas en configuraciones compatibles con la plataforma AEB.<\/p>\n<p data-start=\"545\" data-end=\"598\">Corresponde a la versi\u00f3n 2568D con referencia 410747.<\/p>\n<hr data-start=\"600\" data-end=\"603\" \/>\n<h2 data-start=\"605\" data-end=\"642\">ECU AEB 2568D con comunicaci\u00f3n OBD<\/h2>\n<div class=\"TyagGW_tableContainer\">\n<div class=\"group TyagGW_tableWrapper flex flex-col-reverse w-fit\" tabindex=\"-1\">\n<table class=\"w-fit min-w-(--thread-content-width)\" data-start=\"644\" data-end=\"967\">\n<thead data-start=\"644\" data-end=\"672\">\n<tr data-start=\"644\" data-end=\"672\">\n<th class=\"\" data-start=\"644\" data-end=\"661\" data-col-size=\"sm\">Caracter\u00edstica<\/th>\n<th class=\"\" data-start=\"661\" data-end=\"672\" data-col-size=\"sm\">Detalle<\/th>\n<\/tr>\n<\/thead>\n<tbody data-start=\"702\" data-end=\"967\">\n<tr data-start=\"702\" data-end=\"745\">\n<td data-start=\"702\" data-end=\"713\" data-col-size=\"sm\">Producto<\/td>\n<td data-start=\"713\" data-end=\"745\" data-col-size=\"sm\">ECU \/ Centralita electr\u00f3nica<\/td>\n<\/tr>\n<tr data-start=\"746\" data-end=\"761\">\n<td data-start=\"746\" data-end=\"754\" data-col-size=\"sm\">Marca<\/td>\n<td data-start=\"754\" data-end=\"761\" data-col-size=\"sm\">AEB<\/td>\n<\/tr>\n<tr data-start=\"762\" data-end=\"784\">\n<td data-start=\"762\" data-end=\"771\" data-col-size=\"sm\">Modelo<\/td>\n<td data-start=\"771\" data-end=\"784\" data-col-size=\"sm\">N D 2568D<\/td>\n<\/tr>\n<tr data-start=\"785\" data-end=\"808\">\n<td data-start=\"785\" data-end=\"798\" data-col-size=\"sm\">Referencia<\/td>\n<td data-start=\"798\" data-end=\"808\" data-col-size=\"sm\">410747<\/td>\n<\/tr>\n<tr data-start=\"809\" data-end=\"847\">\n<td data-start=\"809\" data-end=\"824\" data-col-size=\"sm\">N\u00ba cilindros<\/td>\n<td data-start=\"824\" data-end=\"847\" data-col-size=\"sm\">5 \/ 6 \/ 8 cilindros<\/td>\n<\/tr>\n<tr data-start=\"848\" data-end=\"880\">\n<td data-start=\"848\" data-end=\"863\" data-col-size=\"sm\">Comunicaci\u00f3n<\/td>\n<td data-start=\"863\" data-end=\"880\" data-col-size=\"sm\">OBD integrada<\/td>\n<\/tr>\n<tr data-start=\"881\" data-end=\"915\">\n<td data-start=\"881\" data-end=\"891\" data-col-size=\"sm\">Sistema<\/td>\n<td data-start=\"891\" data-end=\"915\" data-col-size=\"sm\">Inyecci\u00f3n secuencial<\/td>\n<\/tr>\n<tr data-start=\"916\" data-end=\"937\">\n<td data-start=\"916\" data-end=\"930\" data-col-size=\"sm\">Combustible<\/td>\n<td data-start=\"930\" data-end=\"937\" data-col-size=\"sm\">GLP<\/td>\n<\/tr>\n<tr data-start=\"938\" data-end=\"967\">\n<td data-start=\"938\" data-end=\"952\" data-col-size=\"sm\">Instalaci\u00f3n<\/td>\n<td data-start=\"952\" data-end=\"967\" data-col-size=\"sm\">Profesional<\/td>\n<\/tr>\n<\/tbody>\n<\/table>\n<\/div>\n<\/div>\n<hr data-start=\"969\" data-end=\"972\" \/>\n<h2 data-start=\"974\" data-end=\"1016\">Compatibilidad con sistemas Autogas AEB<\/h2>\n<p data-start=\"1018\" data-end=\"1133\">Compatible con instalaciones que utilicen unidad AEB 2568D para motores de 5, 6 u 8 cilindros con comunicaci\u00f3n OBD.<\/p>\n<p data-start=\"1135\" data-end=\"1237\">Antes de la sustituci\u00f3n, verificar referencia 410747 y configuraci\u00f3n espec\u00edfica del sistema instalado.<\/p>\n<hr data-start=\"1239\" data-end=\"1242\" \/>\n<h2 data-start=\"1244\" data-end=\"1264\">Ventajas t\u00e9cnicas<\/h2>\n<ul data-start=\"1266\" data-end=\"1442\">\n<li data-start=\"1266\" data-end=\"1320\">\n<p data-start=\"1268\" data-end=\"1320\">Gesti\u00f3n secuencial para motores de 5 a 8 cilindros<\/p>\n<\/li>\n<li data-start=\"1321\" data-end=\"1351\">\n<p data-start=\"1323\" data-end=\"1351\">Comunicaci\u00f3n OBD integrada<\/p>\n<\/li>\n<li data-start=\"1352\" data-end=\"1382\">\n<p data-start=\"1354\" data-end=\"1382\">Plataforma electr\u00f3nica AEB<\/p>\n<\/li>\n<li data-start=\"1383\" data-end=\"1402\">\n<p data-start=\"1385\" data-end=\"1402\">Unidad original<\/p>\n<\/li>\n<li data-start=\"1403\" data-end=\"1442\">\n<p data-start=\"1405\" data-end=\"1442\">Recambio t\u00e9cnico para mantenimiento<\/p>\n<\/li>\n<\/ul>\n<hr data-start=\"1444\" data-end=\"1447\" \/>\n<h2 data-start=\"1449\" data-end=\"1455\">FAQ<\/h2>\n<p data-start=\"1457\" data-end=\"1573\"><strong data-start=\"1457\" data-end=\"1496\">\u00bfPara qu\u00e9 sirve esta ECU AEB 2568D?<\/strong><br data-start=\"1496\" data-end=\"1499\" \/>Gestiona la inyecci\u00f3n de gas en motores compatibles con la plataforma AEB.<\/p>\n<p data-start=\"1575\" data-end=\"1673\"><strong data-start=\"1575\" data-end=\"1611\">\u00bfEs v\u00e1lida para 3 o 4 cilindros?<\/strong><br data-start=\"1611\" data-end=\"1614\" \/>No, est\u00e1 destinada a configuraciones de 5, 6 u 8 cilindros.<\/p>\n<p data-start=\"1675\" data-end=\"1736\"><strong data-start=\"1675\" data-end=\"1697\">\u00bfFunciona con GLP?<\/strong><br data-start=\"1697\" data-end=\"1700\" \/>S\u00ed, en sistemas Autogas compatibles.<\/p>\n<p data-start=\"1738\" data-end=\"1829\"><strong data-start=\"1738\" data-end=\"1765\">\u00bfRequiere programaci\u00f3n?<\/strong><br data-start=\"1765\" data-end=\"1768\" \/>S\u00ed, debe instalarse y configurarse por t\u00e9cnico especializado.<\/p>\n","protected":false},"excerpt":{"rendered":"<p data-start=\"2286\" data-end=\"2400\">Unidad electr\u00f3nica AEB 2568D referencia 410747 con OBD para motores de 5, 6 y 8 cilindros en sistemas Autogas GLP.<\/p>\n","protected":false},"featured_media":10301,"comment_status":"closed","ping_status":"closed","template":"","meta":{"_uag_custom_page_level_css":""},"product_brand":[959],"product_cat":[480,297],"product_tag":[],"class_list":{"0":"post-7181","1":"product","2":"type-product","3":"status-publish","4":"has-post-thumbnail","6":"product_brand-aeb-electronics","7":"product_cat-centralitas-electronicas","8":"product_cat-electronica","10":"first","11":"onbackorder","12":"taxable","13":"shipping-taxable","14":"purchasable","15":"product-type-simple"},"ct_brands":[{"id":959,"name":"AEB ELECTRONICS","slug":"aeb-electronics"}],"yoast_head":"<!-- This site is optimized with the Yoast SEO Premium plugin v27.5 (Yoast SEO v27.5) - https:\/\/yoast.com\/product\/yoast-seo-premium-wordpress\/ -->\n<title>AEB centralita N D 5\/6\/8 cilindros OBD 2568D (410747) | Recambios EcoGas | Sistemas GLP y GNC<\/title>\n<meta name=\"description\" content=\"AEB centralita N D 2568D referencia 410747 para motores 5\/6\/8 cilindros con OBD. ECU para sistemas Autogas GLP.\" \/>\n<meta name=\"robots\" content=\"index, follow, max-snippet:-1, max-image-preview:large, max-video-preview:-1\" \/>\n<link rel=\"canonical\" href=\"https:\/\/recambiosecogas.com\/it\/producto\/aeb-centralita-n-d-5-6-8-cilindros-obd-2568d-410747\/\" \/>\n<meta property=\"og:locale\" content=\"it_IT\" \/>\n<meta property=\"og:type\" content=\"article\" \/>\n<meta property=\"og:title\" content=\"AEB centralita N D 5\/6\/8 cilindros OBD 2568D (410747)\" \/>\n<meta property=\"og:description\" content=\"AEB centralita N D 2568D referencia 410747 para motores 5\/6\/8 cilindros con OBD. ECU para sistemas Autogas GLP.\" \/>\n<meta property=\"og:url\" content=\"https:\/\/recambiosecogas.com\/it\/producto\/aeb-centralita-n-d-5-6-8-cilindros-obd-2568d-410747\/\" \/>\n<meta property=\"og:site_name\" content=\"Recambios EcoGas\" \/>\n<meta property=\"article:publisher\" content=\"https:\/\/www.facebook.com\/profile.php?id=100062419705358\" \/>\n<meta property=\"article:modified_time\" content=\"2026-02-24T08:23:33+00:00\" \/>\n<meta property=\"og:image\" content=\"https:\/\/recambiosecogas.com\/wp-content\/uploads\/2024\/11\/AEB-centralita-N-D-5-6-8-cilindros-OBD-2568D-410747-png.webp\" \/>\n\t<meta property=\"og:image:width\" content=\"1000\" \/>\n\t<meta property=\"og:image:height\" content=\"1000\" \/>\n\t<meta property=\"og:image:type\" content=\"image\/png\" \/>\n<meta name=\"twitter:card\" content=\"summary_large_image\" \/>\n<meta name=\"twitter:label1\" content=\"Prezzo\" \/>\n\t<meta name=\"twitter:data1\" content=\"254,80&nbsp;&euro; (Sin IVA: 210,58&nbsp;&euro;)\" \/>\n\t<meta name=\"twitter:label2\" content=\"Disponibilit\u00e0\" \/>\n\t<meta name=\"twitter:data2\" content=\"Su ordinazione\" \/>\n<script type=\"application\/ld+json\" class=\"yoast-schema-graph\">{\"@context\":\"https:\\\/\\\/schema.org\",\"@graph\":[{\"@type\":\"WebPage\",\"@id\":\"https:\\\/\\\/recambiosecogas.com\\\/it\\\/producto\\\/aeb-centralita-n-d-5-6-8-cilindros-obd-2568d-410747\\\/\",\"url\":\"https:\\\/\\\/recambiosecogas.com\\\/it\\\/producto\\\/aeb-centralita-n-d-5-6-8-cilindros-obd-2568d-410747\\\/\",\"name\":\"AEB centralita N D 5\\\/6\\\/8 cilindros OBD 2568D (410747) | Recambios EcoGas | Sistemas GLP y GNC\",\"isPartOf\":{\"@id\":\"https:\\\/\\\/recambiosecogas.com\\\/it\\\/#website\"},\"primaryImageOfPage\":{\"@id\":\"https:\\\/\\\/recambiosecogas.com\\\/it\\\/producto\\\/aeb-centralita-n-d-5-6-8-cilindros-obd-2568d-410747\\\/#primaryimage\"},\"image\":{\"@id\":\"https:\\\/\\\/recambiosecogas.com\\\/it\\\/producto\\\/aeb-centralita-n-d-5-6-8-cilindros-obd-2568d-410747\\\/#primaryimage\"},\"thumbnailUrl\":\"https:\\\/\\\/recambiosecogas.com\\\/wp-content\\\/uploads\\\/2024\\\/11\\\/AEB-centralita-N-D-5-6-8-cilindros-OBD-2568D-410747-png.webp\",\"datePublished\":\"2024-11-20T16:14:15+00:00\",\"dateModified\":\"2026-02-24T08:23:33+00:00\",\"description\":\"AEB centralita N D 2568D referencia 410747 para motores 5\\\/6\\\/8 cilindros con OBD. ECU para sistemas Autogas GLP.\",\"breadcrumb\":{\"@id\":\"https:\\\/\\\/recambiosecogas.com\\\/it\\\/producto\\\/aeb-centralita-n-d-5-6-8-cilindros-obd-2568d-410747\\\/#breadcrumb\"},\"inLanguage\":\"it-IT\",\"potentialAction\":[{\"@type\":\"ReadAction\",\"target\":[\"https:\\\/\\\/recambiosecogas.com\\\/it\\\/producto\\\/aeb-centralita-n-d-5-6-8-cilindros-obd-2568d-410747\\\/\"]}]},{\"@type\":\"ImageObject\",\"inLanguage\":\"it-IT\",\"@id\":\"https:\\\/\\\/recambiosecogas.com\\\/it\\\/producto\\\/aeb-centralita-n-d-5-6-8-cilindros-obd-2568d-410747\\\/#primaryimage\",\"url\":\"https:\\\/\\\/recambiosecogas.com\\\/wp-content\\\/uploads\\\/2024\\\/11\\\/AEB-centralita-N-D-5-6-8-cilindros-OBD-2568D-410747-png.webp\",\"contentUrl\":\"https:\\\/\\\/recambiosecogas.com\\\/wp-content\\\/uploads\\\/2024\\\/11\\\/AEB-centralita-N-D-5-6-8-cilindros-OBD-2568D-410747-png.webp\",\"width\":1000,\"height\":1000},{\"@type\":\"BreadcrumbList\",\"@id\":\"https:\\\/\\\/recambiosecogas.com\\\/it\\\/producto\\\/aeb-centralita-n-d-5-6-8-cilindros-obd-2568d-410747\\\/#breadcrumb\",\"itemListElement\":[{\"@type\":\"ListItem\",\"position\":1,\"name\":\"Portada\",\"item\":\"https:\\\/\\\/recambiosecogas.com\\\/it\\\/\"},{\"@type\":\"ListItem\",\"position\":2,\"name\":\"Negozio\",\"item\":\"https:\\\/\\\/recambiosecogas.com\\\/it\\\/?page_id=46382\"},{\"@type\":\"ListItem\",\"position\":3,\"name\":\"AEB centralita N D 5\\\/6\\\/8 cilindros OBD 2568D (410747)\"}]},{\"@type\":\"WebSite\",\"@id\":\"https:\\\/\\\/recambiosecogas.com\\\/it\\\/#website\",\"url\":\"https:\\\/\\\/recambiosecogas.com\\\/it\\\/\",\"name\":\"Recambios EcoGas\",\"description\":\"Recambios Multimarca para sistemas de GLP\\\/GNC\\\/GNL\\\/Hidr\u00f3geno\",\"publisher\":{\"@id\":\"https:\\\/\\\/recambiosecogas.com\\\/it\\\/#organization\"},\"alternateName\":\"Recambios Autogas GLP\",\"potentialAction\":[{\"@type\":\"SearchAction\",\"target\":{\"@type\":\"EntryPoint\",\"urlTemplate\":\"https:\\\/\\\/recambiosecogas.com\\\/it\\\/?s={search_term_string}\"},\"query-input\":{\"@type\":\"PropertyValueSpecification\",\"valueRequired\":true,\"valueName\":\"search_term_string\"}}],\"inLanguage\":\"it-IT\"},{\"@type\":[\"Organization\",\"Place\"],\"@id\":\"https:\\\/\\\/recambiosecogas.com\\\/it\\\/#organization\",\"name\":\"Recambios EcoGas\",\"alternateName\":\"Tienda Online GLP Espa\u00f1a\",\"url\":\"https:\\\/\\\/recambiosecogas.com\\\/it\\\/\",\"logo\":{\"@id\":\"https:\\\/\\\/recambiosecogas.com\\\/it\\\/producto\\\/aeb-centralita-n-d-5-6-8-cilindros-obd-2568d-410747\\\/#local-main-organization-logo\"},\"image\":{\"@id\":\"https:\\\/\\\/recambiosecogas.com\\\/it\\\/producto\\\/aeb-centralita-n-d-5-6-8-cilindros-obd-2568d-410747\\\/#local-main-organization-logo\"},\"sameAs\":[\"https:\\\/\\\/www.facebook.com\\\/profile.php?id=100062419705358\",\"https:\\\/\\\/www.instagram.com\\\/segimon_automocio\"],\"description\":\"Recambios EcoGas \u2013 Venta y distribuci\u00f3n de sistemas GLP y GNC en Espa\u00f1a y Portugal. Env\u00edos 24 h, soporte t\u00e9cnico a talleres y distribuidores.\",\"hasMerchantReturnPolicy\":{\"@type\":\"MerchantReturnPolicy\",\"merchantReturnLink\":\"https:\\\/\\\/recambiosecogas.com\\\/politicas-privacidad\\\/\"},\"address\":{\"@id\":\"https:\\\/\\\/recambiosecogas.com\\\/it\\\/producto\\\/aeb-centralita-n-d-5-6-8-cilindros-obd-2568d-410747\\\/#local-main-place-address\"},\"telephone\":[\"616250633\"],\"contactPoint\":{\"@type\":\"ContactPoint\",\"email\":\"export@recambiosecogas.com\"},\"openingHoursSpecification\":[{\"@type\":\"OpeningHoursSpecification\",\"dayOfWeek\":[\"Monday\",\"Tuesday\",\"Wednesday\",\"Thursday\",\"Friday\",\"Saturday\",\"Sunday\"],\"opens\":\"09:00\",\"closes\":\"17:00\"}],\"email\":\"info@recambiosecogas.com\",\"faxNumber\":\"SEGIMON AUTOMOCION SL\",\"vatID\":\"ESB19819861\",\"globalLocationNumber\":\"938 616 339\"},{\"@type\":\"PostalAddress\",\"@id\":\"https:\\\/\\\/recambiosecogas.com\\\/it\\\/producto\\\/aeb-centralita-n-d-5-6-8-cilindros-obd-2568d-410747\\\/#local-main-place-address\",\"streetAddress\":\"cami antic de vic, 29 (Nave 3), Pol\u00edgono Industrial Congost\",\"addressLocality\":\"CORRO D`AVALL\",\"postalCode\":\"08520\",\"addressRegion\":\"Barcelona\",\"addressCountry\":\"ES\"},{\"@type\":\"ImageObject\",\"inLanguage\":\"it-IT\",\"@id\":\"https:\\\/\\\/recambiosecogas.com\\\/it\\\/producto\\\/aeb-centralita-n-d-5-6-8-cilindros-obd-2568d-410747\\\/#local-main-organization-logo\",\"url\":\"https:\\\/\\\/recambiosecogas.com\\\/wp-content\\\/uploads\\\/2024\\\/11\\\/cropped-RECAMBIOS-GLP-png.webp\",\"contentUrl\":\"https:\\\/\\\/recambiosecogas.com\\\/wp-content\\\/uploads\\\/2024\\\/11\\\/cropped-RECAMBIOS-GLP-png.webp\",\"width\":512,\"height\":512,\"caption\":\"Recambios EcoGas\"}]}<\/script>\n<meta property=\"product:brand\" content=\"AEB ELECTRONICS\" \/>\n<meta property=\"product:price:amount\" content=\"254.80\" \/>\n<meta property=\"product:price:currency\" content=\"EUR\" \/>\n<meta property=\"og:availability\" content=\"backorder\" \/>\n<meta property=\"product:availability\" content=\"available for order\" \/>\n<meta property=\"product:retailer_item_id\" content=\"100895A\" \/>\n<meta property=\"product:condition\" content=\"new\" \/>\n<meta name=\"geo.placename\" content=\"CORRO D`AVALL\" \/>\n<meta name=\"geo.region\" content=\"Spagna\" \/>\n<!-- \/ Yoast SEO Premium plugin. -->","yoast_head_json":{"title":"AEB centralita N D 5\/6\/8 cilindros OBD 2568D (410747) | Recambios EcoGas | Sistemas GLP y GNC","description":"AEB centralita N D 2568D referencia 410747 para motores 5\/6\/8 cilindros con OBD. ECU para sistemas Autogas GLP.","robots":{"index":"index","follow":"follow","max-snippet":"max-snippet:-1","max-image-preview":"max-image-preview:large","max-video-preview":"max-video-preview:-1"},"canonical":"https:\/\/recambiosecogas.com\/it\/producto\/aeb-centralita-n-d-5-6-8-cilindros-obd-2568d-410747\/","og_locale":"it_IT","og_type":"article","og_title":"AEB centralita N D 5\/6\/8 cilindros OBD 2568D (410747)","og_description":"AEB centralita N D 2568D referencia 410747 para motores 5\/6\/8 cilindros con OBD. ECU para sistemas Autogas GLP.","og_url":"https:\/\/recambiosecogas.com\/it\/producto\/aeb-centralita-n-d-5-6-8-cilindros-obd-2568d-410747\/","og_site_name":"Recambios EcoGas","article_publisher":"https:\/\/www.facebook.com\/profile.php?id=100062419705358","article_modified_time":"2026-02-24T08:23:33+00:00","og_image":[{"width":1000,"height":1000,"url":"https:\/\/recambiosecogas.com\/wp-content\/uploads\/2024\/11\/AEB-centralita-N-D-5-6-8-cilindros-OBD-2568D-410747-png.webp","type":"image\/png"}],"twitter_card":"summary_large_image","twitter_misc":{"Prezzo":"254,80&nbsp;&euro; (Sin IVA: 210,58&nbsp;&euro;)","Disponibilit\u00e0":"Su ordinazione"},"schema":{"@context":"https:\/\/schema.org","@graph":[{"@type":"WebPage","@id":"https:\/\/recambiosecogas.com\/it\/producto\/aeb-centralita-n-d-5-6-8-cilindros-obd-2568d-410747\/","url":"https:\/\/recambiosecogas.com\/it\/producto\/aeb-centralita-n-d-5-6-8-cilindros-obd-2568d-410747\/","name":"AEB centralita N D 5\/6\/8 cilindros OBD 2568D (410747) | Recambios EcoGas | Sistemas GLP y GNC","isPartOf":{"@id":"https:\/\/recambiosecogas.com\/it\/#website"},"primaryImageOfPage":{"@id":"https:\/\/recambiosecogas.com\/it\/producto\/aeb-centralita-n-d-5-6-8-cilindros-obd-2568d-410747\/#primaryimage"},"image":{"@id":"https:\/\/recambiosecogas.com\/it\/producto\/aeb-centralita-n-d-5-6-8-cilindros-obd-2568d-410747\/#primaryimage"},"thumbnailUrl":"https:\/\/recambiosecogas.com\/wp-content\/uploads\/2024\/11\/AEB-centralita-N-D-5-6-8-cilindros-OBD-2568D-410747-png.webp","datePublished":"2024-11-20T16:14:15+00:00","dateModified":"2026-02-24T08:23:33+00:00","description":"AEB centralita N D 2568D referencia 410747 para motores 5\/6\/8 cilindros con OBD. ECU para sistemas Autogas GLP.","breadcrumb":{"@id":"https:\/\/recambiosecogas.com\/it\/producto\/aeb-centralita-n-d-5-6-8-cilindros-obd-2568d-410747\/#breadcrumb"},"inLanguage":"it-IT","potentialAction":[{"@type":"ReadAction","target":["https:\/\/recambiosecogas.com\/it\/producto\/aeb-centralita-n-d-5-6-8-cilindros-obd-2568d-410747\/"]}]},{"@type":"ImageObject","inLanguage":"it-IT","@id":"https:\/\/recambiosecogas.com\/it\/producto\/aeb-centralita-n-d-5-6-8-cilindros-obd-2568d-410747\/#primaryimage","url":"https:\/\/recambiosecogas.com\/wp-content\/uploads\/2024\/11\/AEB-centralita-N-D-5-6-8-cilindros-OBD-2568D-410747-png.webp","contentUrl":"https:\/\/recambiosecogas.com\/wp-content\/uploads\/2024\/11\/AEB-centralita-N-D-5-6-8-cilindros-OBD-2568D-410747-png.webp","width":1000,"height":1000},{"@type":"BreadcrumbList","@id":"https:\/\/recambiosecogas.com\/it\/producto\/aeb-centralita-n-d-5-6-8-cilindros-obd-2568d-410747\/#breadcrumb","itemListElement":[{"@type":"ListItem","position":1,"name":"Portada","item":"https:\/\/recambiosecogas.com\/it\/"},{"@type":"ListItem","position":2,"name":"Negozio","item":"https:\/\/recambiosecogas.com\/it\/?page_id=46382"},{"@type":"ListItem","position":3,"name":"AEB centralita N D 5\/6\/8 cilindros OBD 2568D (410747)"}]},{"@type":"WebSite","@id":"https:\/\/recambiosecogas.com\/it\/#website","url":"https:\/\/recambiosecogas.com\/it\/","name":"Recambios EcoGas","description":"Recambios Multimarca para sistemas de GLP\/GNC\/GNL\/Hidr\u00f3geno","publisher":{"@id":"https:\/\/recambiosecogas.com\/it\/#organization"},"alternateName":"Recambios Autogas GLP","potentialAction":[{"@type":"SearchAction","target":{"@type":"EntryPoint","urlTemplate":"https:\/\/recambiosecogas.com\/it\/?s={search_term_string}"},"query-input":{"@type":"PropertyValueSpecification","valueRequired":true,"valueName":"search_term_string"}}],"inLanguage":"it-IT"},{"@type":["Organization","Place"],"@id":"https:\/\/recambiosecogas.com\/it\/#organization","name":"Recambios EcoGas","alternateName":"Tienda Online GLP Espa\u00f1a","url":"https:\/\/recambiosecogas.com\/it\/","logo":{"@id":"https:\/\/recambiosecogas.com\/it\/producto\/aeb-centralita-n-d-5-6-8-cilindros-obd-2568d-410747\/#local-main-organization-logo"},"image":{"@id":"https:\/\/recambiosecogas.com\/it\/producto\/aeb-centralita-n-d-5-6-8-cilindros-obd-2568d-410747\/#local-main-organization-logo"},"sameAs":["https:\/\/www.facebook.com\/profile.php?id=100062419705358","https:\/\/www.instagram.com\/segimon_automocio"],"description":"Recambios EcoGas \u2013 Venta y distribuci\u00f3n de sistemas GLP y GNC en Espa\u00f1a y Portugal. Env\u00edos 24 h, soporte t\u00e9cnico a talleres y distribuidores.","hasMerchantReturnPolicy":{"@type":"MerchantReturnPolicy","merchantReturnLink":"https:\/\/recambiosecogas.com\/politicas-privacidad\/"},"address":{"@id":"https:\/\/recambiosecogas.com\/it\/producto\/aeb-centralita-n-d-5-6-8-cilindros-obd-2568d-410747\/#local-main-place-address"},"telephone":["616250633"],"contactPoint":{"@type":"ContactPoint","email":"export@recambiosecogas.com"},"openingHoursSpecification":[{"@type":"OpeningHoursSpecification","dayOfWeek":["Monday","Tuesday","Wednesday","Thursday","Friday","Saturday","Sunday"],"opens":"09:00","closes":"17:00"}],"email":"info@recambiosecogas.com","faxNumber":"SEGIMON AUTOMOCION SL","vatID":"ESB19819861","globalLocationNumber":"938 616 339"},{"@type":"PostalAddress","@id":"https:\/\/recambiosecogas.com\/it\/producto\/aeb-centralita-n-d-5-6-8-cilindros-obd-2568d-410747\/#local-main-place-address","streetAddress":"cami antic de vic, 29 (Nave 3), Pol\u00edgono Industrial Congost","addressLocality":"CORRO D`AVALL","postalCode":"08520","addressRegion":"Barcelona","addressCountry":"ES"},{"@type":"ImageObject","inLanguage":"it-IT","@id":"https:\/\/recambiosecogas.com\/it\/producto\/aeb-centralita-n-d-5-6-8-cilindros-obd-2568d-410747\/#local-main-organization-logo","url":"https:\/\/recambiosecogas.com\/wp-content\/uploads\/2024\/11\/cropped-RECAMBIOS-GLP-png.webp","contentUrl":"https:\/\/recambiosecogas.com\/wp-content\/uploads\/2024\/11\/cropped-RECAMBIOS-GLP-png.webp","width":512,"height":512,"caption":"Recambios EcoGas"}]},"product_brand":"AEB ELECTRONICS","product_price_amount":"254.80","product_price_currency":"EUR","og_availability":"backorder","product_availability":"available for order","product_retailer_item_id":"100895A","product_condition":"new","geo.placename":"CORRO D`AVALL","geo.region":"Spagna"},"uagb_featured_image_src":{"full":["https:\/\/recambiosecogas.com\/wp-content\/uploads\/2024\/11\/AEB-centralita-N-D-5-6-8-cilindros-OBD-2568D-410747-png.webp",1000,1000,false],"thumbnail":["https:\/\/recambiosecogas.com\/wp-content\/uploads\/2024\/11\/AEB-centralita-N-D-5-6-8-cilindros-OBD-2568D-410747-150x150.webp",150,150,true],"medium":["https:\/\/recambiosecogas.com\/wp-content\/uploads\/2024\/11\/AEB-centralita-N-D-5-6-8-cilindros-OBD-2568D-410747-300x300.webp",300,300,true],"medium_large":["https:\/\/recambiosecogas.com\/wp-content\/uploads\/2024\/11\/AEB-centralita-N-D-5-6-8-cilindros-OBD-2568D-410747-768x768.webp",768,768,true],"large":["https:\/\/recambiosecogas.com\/wp-content\/uploads\/2024\/11\/AEB-centralita-N-D-5-6-8-cilindros-OBD-2568D-410747-png.webp",1000,1000,false],"1536x1536":["https:\/\/recambiosecogas.com\/wp-content\/uploads\/2024\/11\/AEB-centralita-N-D-5-6-8-cilindros-OBD-2568D-410747-png.webp",1000,1000,false],"2048x2048":["https:\/\/recambiosecogas.com\/wp-content\/uploads\/2024\/11\/AEB-centralita-N-D-5-6-8-cilindros-OBD-2568D-410747-png.webp",1000,1000,false],"woocommerce_archive_thumbnail":["https:\/\/recambiosecogas.com\/wp-content\/uploads\/2024\/11\/AEB-centralita-N-D-5-6-8-cilindros-OBD-2568D-410747-png.webp",1000,1000,false],"woocommerce_thumbnail":["https:\/\/recambiosecogas.com\/wp-content\/uploads\/2024\/11\/AEB-centralita-N-D-5-6-8-cilindros-OBD-2568D-410747-png-300x300.webp",300,300,true],"woocommerce_single":["https:\/\/recambiosecogas.com\/wp-content\/uploads\/2024\/11\/AEB-centralita-N-D-5-6-8-cilindros-OBD-2568D-410747-png.webp",1000,1000,false],"woocommerce_gallery_thumbnail":["https:\/\/recambiosecogas.com\/wp-content\/uploads\/2024\/11\/AEB-centralita-N-D-5-6-8-cilindros-OBD-2568D-410747-png.webp",1000,1000,false],"dgwt-wcas-product-suggestion":["https:\/\/recambiosecogas.com\/wp-content\/uploads\/2024\/11\/AEB-centralita-N-D-5-6-8-cilindros-OBD-2568D-410747-png-64x64.webp",64,64,true]},"uagb_author_info":{"display_name":"Fran - Soporte T\u00e9cnico","author_link":"https:\/\/recambiosecogas.com\/it\/author\/"},"uagb_comment_info":0,"uagb_excerpt":"Unidad electr\u00f3nica AEB 2568D referencia 410747 con OBD para motores de 5, 6 y 8 cilindros en sistemas Autogas GLP.","_links":{"self":[{"href":"https:\/\/recambiosecogas.com\/it\/wp-json\/wp\/v2\/product\/7181","targetHints":{"allow":["GET"]}}],"collection":[{"href":"https:\/\/recambiosecogas.com\/it\/wp-json\/wp\/v2\/product"}],"about":[{"href":"https:\/\/recambiosecogas.com\/it\/wp-json\/wp\/v2\/types\/product"}],"replies":[{"embeddable":true,"href":"https:\/\/recambiosecogas.com\/it\/wp-json\/wp\/v2\/comments?post=7181"}],"wp:featuredmedia":[{"embeddable":true,"href":"https:\/\/recambiosecogas.com\/it\/wp-json\/wp\/v2\/media\/10301"}],"wp:attachment":[{"href":"https:\/\/recambiosecogas.com\/it\/wp-json\/wp\/v2\/media?parent=7181"}],"wp:term":[{"taxonomy":"product_brand","embeddable":true,"href":"https:\/\/recambiosecogas.com\/it\/wp-json\/wp\/v2\/product_brand?post=7181"},{"taxonomy":"product_cat","embeddable":true,"href":"https:\/\/recambiosecogas.com\/it\/wp-json\/wp\/v2\/product_cat?post=7181"},{"taxonomy":"product_tag","embeddable":true,"href":"https:\/\/recambiosecogas.com\/it\/wp-json\/wp\/v2\/product_tag?post=7181"}],"curies":[{"name":"wp","href":"https:\/\/api.w.org\/{rel}","templated":true}]}}