{"id":7144,"date":"2024-11-20T16:45:23","date_gmt":"2024-11-20T15:45:23","guid":{"rendered":"https:\/\/recambiosecogas.com\/producto\/landi-renzo-salida-para-gas-para-reductor-se81-19-mm\/"},"modified":"2026-04-30T10:35:52","modified_gmt":"2026-04-30T09:35:52","slug":"landi-renzo-salida-para-gas-para-reductor-se81-19-mm","status":"publish","type":"product","link":"https:\/\/recambiosecogas.com\/it\/producto\/landi-renzo-salida-para-gas-para-reductor-se81-19-mm\/","title":{"rendered":"Landi Renzo salida para gas para reductor SE81 19 mm"},"content":{"rendered":"<p>Salida para gas reductor SE81 19 mm es un componente esencial en sistemas de Autogas, dise\u00f1ado para optimizar el flujo de gas en reductores SE81. Este accesorio permite una conexi\u00f3n segura y eficiente, asegurando que el gas fluya adecuadamente hacia el sistema de inyecci\u00f3n.<\/p>\n<p>El funcionamiento de esta salida es crucial para el rendimiento del sistema de Autogas, ya que regula el paso del gas desde el reductor hacia el motor. Un flujo adecuado es fundamental para mantener la eficiencia y la seguridad del sistema, evitando problemas de rendimiento que pueden surgir de conexiones inadecuadas.<\/p>\n<p>Este componente es necesario cuando se reemplaza un reductor o se realizan modificaciones en el sistema de gas. Asegura que el reductor SE81 funcione correctamente, manteniendo la presi\u00f3n y el flujo de gas necesarios para un rendimiento \u00f3ptimo.<\/p>\n<p>Compatibilidad<br \/>\nCompatible con reductores SE81 en sistemas GLP. Se recomienda verificar la referencia original antes de realizar la compra.<\/p>\n","protected":false},"excerpt":{"rendered":"<p>Landi Renzo salida para gas para reductor SE81 19 mm<\/p>\n","protected":false},"featured_media":10373,"comment_status":"closed","ping_status":"closed","template":"","meta":{"_uag_custom_page_level_css":""},"product_brand":[997],"product_cat":[295,207],"product_tag":[],"class_list":{"0":"post-7144","1":"product","2":"type-product","3":"status-publish","4":"has-post-thumbnail","6":"product_brand-landi-renzo","7":"product_cat-accesorios","8":"product_cat-reguladores-de-presion","10":"first","11":"onbackorder","12":"taxable","13":"shipping-taxable","14":"purchasable","15":"product-type-simple"},"ct_brands":[{"id":997,"name":"Landi Renzo","slug":"landi-renzo"}],"yoast_head":"<!-- This site is optimized with the Yoast SEO Premium plugin v27.5 (Yoast SEO v27.6) - https:\/\/yoast.com\/product\/yoast-seo-premium-wordpress\/ -->\n<title>Salida para gas reductor SE81 19 mm | Recambios Ecogas<\/title>\n<meta name=\"description\" content=\"Salida para gas de 19 mm para reductor SE81, ideal para sistemas GLP. Garantiza un flujo adecuado en el sistema de Autogas.\" \/>\n<meta name=\"robots\" content=\"index, follow, max-snippet:-1, max-image-preview:large, max-video-preview:-1\" \/>\n<link rel=\"canonical\" href=\"https:\/\/recambiosecogas.com\/it\/producto\/landi-renzo-salida-para-gas-para-reductor-se81-19-mm\/\" \/>\n<meta property=\"og:locale\" content=\"it_IT\" \/>\n<meta property=\"og:type\" content=\"article\" \/>\n<meta property=\"og:title\" content=\"Landi Renzo salida para gas para reductor SE81 19 mm\" \/>\n<meta property=\"og:description\" content=\"Salida para gas de 19 mm para reductor SE81, ideal para sistemas GLP. Garantiza un flujo adecuado en el sistema de Autogas.\" \/>\n<meta property=\"og:url\" content=\"https:\/\/recambiosecogas.com\/it\/producto\/landi-renzo-salida-para-gas-para-reductor-se81-19-mm\/\" \/>\n<meta property=\"og:site_name\" content=\"Recambios EcoGas\" \/>\n<meta property=\"article:publisher\" content=\"https:\/\/www.facebook.com\/profile.php?id=100062419705358\" \/>\n<meta property=\"article:modified_time\" content=\"2026-04-30T09:35:52+00:00\" \/>\n<meta property=\"og:image\" content=\"https:\/\/recambiosecogas.com\/wp-content\/uploads\/2024\/11\/Landi-Renzo-salida-para-gas-para-reductor-SE81-19-mm-1-png.webp\" \/>\n\t<meta property=\"og:image:width\" content=\"1000\" \/>\n\t<meta property=\"og:image:height\" content=\"1000\" \/>\n\t<meta property=\"og:image:type\" content=\"image\/png\" \/>\n<meta name=\"twitter:card\" content=\"summary_large_image\" \/>\n<meta name=\"twitter:label1\" content=\"Prezzo\" \/>\n\t<meta name=\"twitter:data1\" content=\"12,49&nbsp;&euro; (Sin IVA: 10,32&nbsp;&euro;)\" \/>\n\t<meta name=\"twitter:label2\" content=\"Disponibilit\u00e0\" \/>\n\t<meta name=\"twitter:data2\" content=\"Su ordinazione\" \/>\n<script type=\"application\/ld+json\" class=\"yoast-schema-graph\">{\"@context\":\"https:\\\/\\\/schema.org\",\"@graph\":[{\"@type\":\"WebPage\",\"@id\":\"https:\\\/\\\/recambiosecogas.com\\\/it\\\/producto\\\/landi-renzo-salida-para-gas-para-reductor-se81-19-mm\\\/\",\"url\":\"https:\\\/\\\/recambiosecogas.com\\\/it\\\/producto\\\/landi-renzo-salida-para-gas-para-reductor-se81-19-mm\\\/\",\"name\":\"Salida para gas reductor SE81 19 mm | Recambios Ecogas\",\"isPartOf\":{\"@id\":\"https:\\\/\\\/recambiosecogas.com\\\/it\\\/#website\"},\"primaryImageOfPage\":{\"@id\":\"https:\\\/\\\/recambiosecogas.com\\\/it\\\/producto\\\/landi-renzo-salida-para-gas-para-reductor-se81-19-mm\\\/#primaryimage\"},\"image\":{\"@id\":\"https:\\\/\\\/recambiosecogas.com\\\/it\\\/producto\\\/landi-renzo-salida-para-gas-para-reductor-se81-19-mm\\\/#primaryimage\"},\"thumbnailUrl\":\"https:\\\/\\\/recambiosecogas.com\\\/wp-content\\\/uploads\\\/2024\\\/11\\\/Landi-Renzo-salida-para-gas-para-reductor-SE81-19-mm-1-png.webp\",\"datePublished\":\"2024-11-20T15:45:23+00:00\",\"dateModified\":\"2026-04-30T09:35:52+00:00\",\"description\":\"Salida para gas de 19 mm para reductor SE81, ideal para sistemas GLP. Garantiza un flujo adecuado en el sistema de Autogas.\",\"breadcrumb\":{\"@id\":\"https:\\\/\\\/recambiosecogas.com\\\/it\\\/producto\\\/landi-renzo-salida-para-gas-para-reductor-se81-19-mm\\\/#breadcrumb\"},\"inLanguage\":\"it-IT\",\"potentialAction\":[{\"@type\":\"ReadAction\",\"target\":[\"https:\\\/\\\/recambiosecogas.com\\\/it\\\/producto\\\/landi-renzo-salida-para-gas-para-reductor-se81-19-mm\\\/\"]}]},{\"@type\":\"ImageObject\",\"inLanguage\":\"it-IT\",\"@id\":\"https:\\\/\\\/recambiosecogas.com\\\/it\\\/producto\\\/landi-renzo-salida-para-gas-para-reductor-se81-19-mm\\\/#primaryimage\",\"url\":\"https:\\\/\\\/recambiosecogas.com\\\/wp-content\\\/uploads\\\/2024\\\/11\\\/Landi-Renzo-salida-para-gas-para-reductor-SE81-19-mm-1-png.webp\",\"contentUrl\":\"https:\\\/\\\/recambiosecogas.com\\\/wp-content\\\/uploads\\\/2024\\\/11\\\/Landi-Renzo-salida-para-gas-para-reductor-SE81-19-mm-1-png.webp\",\"width\":1000,\"height\":1000},{\"@type\":\"BreadcrumbList\",\"@id\":\"https:\\\/\\\/recambiosecogas.com\\\/it\\\/producto\\\/landi-renzo-salida-para-gas-para-reductor-se81-19-mm\\\/#breadcrumb\",\"itemListElement\":[{\"@type\":\"ListItem\",\"position\":1,\"name\":\"Portada\",\"item\":\"https:\\\/\\\/recambiosecogas.com\\\/it\\\/\"},{\"@type\":\"ListItem\",\"position\":2,\"name\":\"Negozio\",\"item\":\"https:\\\/\\\/recambiosecogas.com\\\/it\\\/?page_id=46382\"},{\"@type\":\"ListItem\",\"position\":3,\"name\":\"Landi Renzo salida para gas para reductor SE81 19 mm\"}]},{\"@type\":\"WebSite\",\"@id\":\"https:\\\/\\\/recambiosecogas.com\\\/it\\\/#website\",\"url\":\"https:\\\/\\\/recambiosecogas.com\\\/it\\\/\",\"name\":\"Recambios EcoGas\",\"description\":\"Recambios Multimarca para sistemas de GLP\\\/GNC\\\/GNL\\\/Hidr\u00f3geno\",\"publisher\":{\"@id\":\"https:\\\/\\\/recambiosecogas.com\\\/it\\\/#organization\"},\"alternateName\":\"Recambios Autogas GLP\",\"potentialAction\":[{\"@type\":\"SearchAction\",\"target\":{\"@type\":\"EntryPoint\",\"urlTemplate\":\"https:\\\/\\\/recambiosecogas.com\\\/it\\\/?s={search_term_string}\"},\"query-input\":{\"@type\":\"PropertyValueSpecification\",\"valueRequired\":true,\"valueName\":\"search_term_string\"}}],\"inLanguage\":\"it-IT\"},{\"@type\":[\"Organization\",\"Place\"],\"@id\":\"https:\\\/\\\/recambiosecogas.com\\\/it\\\/#organization\",\"name\":\"Recambios EcoGas\",\"alternateName\":\"Tienda Online GLP Espa\u00f1a\",\"url\":\"https:\\\/\\\/recambiosecogas.com\\\/it\\\/\",\"logo\":{\"@id\":\"https:\\\/\\\/recambiosecogas.com\\\/it\\\/producto\\\/landi-renzo-salida-para-gas-para-reductor-se81-19-mm\\\/#local-main-organization-logo\"},\"image\":{\"@id\":\"https:\\\/\\\/recambiosecogas.com\\\/it\\\/producto\\\/landi-renzo-salida-para-gas-para-reductor-se81-19-mm\\\/#local-main-organization-logo\"},\"sameAs\":[\"https:\\\/\\\/www.facebook.com\\\/profile.php?id=100062419705358\",\"https:\\\/\\\/www.instagram.com\\\/segimon_automocio\"],\"description\":\"Recambios EcoGas \u2013 Venta y distribuci\u00f3n de sistemas GLP y GNC en Espa\u00f1a y Portugal. Env\u00edos 24 h, soporte t\u00e9cnico a talleres y distribuidores.\",\"hasMerchantReturnPolicy\":{\"@type\":\"MerchantReturnPolicy\",\"merchantReturnLink\":\"https:\\\/\\\/recambiosecogas.com\\\/politicas-privacidad\\\/\"},\"address\":{\"@id\":\"https:\\\/\\\/recambiosecogas.com\\\/it\\\/producto\\\/landi-renzo-salida-para-gas-para-reductor-se81-19-mm\\\/#local-main-place-address\"},\"telephone\":[\"616250633\"],\"contactPoint\":{\"@type\":\"ContactPoint\",\"email\":\"export@recambiosecogas.com\"},\"openingHoursSpecification\":[{\"@type\":\"OpeningHoursSpecification\",\"dayOfWeek\":[\"Monday\",\"Tuesday\",\"Wednesday\",\"Thursday\",\"Friday\",\"Saturday\",\"Sunday\"],\"opens\":\"09:00\",\"closes\":\"17:00\"}],\"email\":\"info@recambiosecogas.com\",\"faxNumber\":\"SEGIMON AUTOMOCION SL\",\"vatID\":\"ESB19819861\",\"globalLocationNumber\":\"938 616 339\"},{\"@type\":\"PostalAddress\",\"@id\":\"https:\\\/\\\/recambiosecogas.com\\\/it\\\/producto\\\/landi-renzo-salida-para-gas-para-reductor-se81-19-mm\\\/#local-main-place-address\",\"streetAddress\":\"cami antic de vic, 29 (Nave 3), Pol\u00edgono Industrial Congost\",\"addressLocality\":\"CORRO D`AVALL\",\"postalCode\":\"08520\",\"addressRegion\":\"Barcelona\",\"addressCountry\":\"ES\"},{\"@type\":\"ImageObject\",\"inLanguage\":\"it-IT\",\"@id\":\"https:\\\/\\\/recambiosecogas.com\\\/it\\\/producto\\\/landi-renzo-salida-para-gas-para-reductor-se81-19-mm\\\/#local-main-organization-logo\",\"url\":\"https:\\\/\\\/recambiosecogas.com\\\/wp-content\\\/uploads\\\/2024\\\/11\\\/cropped-RECAMBIOS-GLP-png.webp\",\"contentUrl\":\"https:\\\/\\\/recambiosecogas.com\\\/wp-content\\\/uploads\\\/2024\\\/11\\\/cropped-RECAMBIOS-GLP-png.webp\",\"width\":512,\"height\":512,\"caption\":\"Recambios EcoGas\"}]}<\/script>\n<meta property=\"product:brand\" content=\"Landi Renzo\" \/>\n<meta property=\"product:price:amount\" content=\"12.49\" \/>\n<meta property=\"product:price:currency\" content=\"EUR\" \/>\n<meta property=\"og:availability\" content=\"backorder\" \/>\n<meta property=\"product:availability\" content=\"available for order\" \/>\n<meta property=\"product:retailer_item_id\" content=\"107744P\" \/>\n<meta property=\"product:condition\" content=\"new\" \/>\n<meta name=\"geo.placename\" content=\"CORRO D`AVALL\" \/>\n<meta name=\"geo.region\" content=\"Spagna\" \/>\n<!-- \/ Yoast SEO Premium plugin. -->","yoast_head_json":{"title":"Salida para gas reductor SE81 19 mm | Recambios Ecogas","description":"Salida para gas de 19 mm para reductor SE81, ideal para sistemas GLP. Garantiza un flujo adecuado en el sistema de Autogas.","robots":{"index":"index","follow":"follow","max-snippet":"max-snippet:-1","max-image-preview":"max-image-preview:large","max-video-preview":"max-video-preview:-1"},"canonical":"https:\/\/recambiosecogas.com\/it\/producto\/landi-renzo-salida-para-gas-para-reductor-se81-19-mm\/","og_locale":"it_IT","og_type":"article","og_title":"Landi Renzo salida para gas para reductor SE81 19 mm","og_description":"Salida para gas de 19 mm para reductor SE81, ideal para sistemas GLP. Garantiza un flujo adecuado en el sistema de Autogas.","og_url":"https:\/\/recambiosecogas.com\/it\/producto\/landi-renzo-salida-para-gas-para-reductor-se81-19-mm\/","og_site_name":"Recambios EcoGas","article_publisher":"https:\/\/www.facebook.com\/profile.php?id=100062419705358","article_modified_time":"2026-04-30T09:35:52+00:00","og_image":[{"width":1000,"height":1000,"url":"https:\/\/recambiosecogas.com\/wp-content\/uploads\/2024\/11\/Landi-Renzo-salida-para-gas-para-reductor-SE81-19-mm-1-png.webp","type":"image\/png"}],"twitter_card":"summary_large_image","twitter_misc":{"Prezzo":"12,49&nbsp;&euro; (Sin IVA: 10,32&nbsp;&euro;)","Disponibilit\u00e0":"Su ordinazione"},"schema":{"@context":"https:\/\/schema.org","@graph":[{"@type":"WebPage","@id":"https:\/\/recambiosecogas.com\/it\/producto\/landi-renzo-salida-para-gas-para-reductor-se81-19-mm\/","url":"https:\/\/recambiosecogas.com\/it\/producto\/landi-renzo-salida-para-gas-para-reductor-se81-19-mm\/","name":"Salida para gas reductor SE81 19 mm | Recambios Ecogas","isPartOf":{"@id":"https:\/\/recambiosecogas.com\/it\/#website"},"primaryImageOfPage":{"@id":"https:\/\/recambiosecogas.com\/it\/producto\/landi-renzo-salida-para-gas-para-reductor-se81-19-mm\/#primaryimage"},"image":{"@id":"https:\/\/recambiosecogas.com\/it\/producto\/landi-renzo-salida-para-gas-para-reductor-se81-19-mm\/#primaryimage"},"thumbnailUrl":"https:\/\/recambiosecogas.com\/wp-content\/uploads\/2024\/11\/Landi-Renzo-salida-para-gas-para-reductor-SE81-19-mm-1-png.webp","datePublished":"2024-11-20T15:45:23+00:00","dateModified":"2026-04-30T09:35:52+00:00","description":"Salida para gas de 19 mm para reductor SE81, ideal para sistemas GLP. Garantiza un flujo adecuado en el sistema de Autogas.","breadcrumb":{"@id":"https:\/\/recambiosecogas.com\/it\/producto\/landi-renzo-salida-para-gas-para-reductor-se81-19-mm\/#breadcrumb"},"inLanguage":"it-IT","potentialAction":[{"@type":"ReadAction","target":["https:\/\/recambiosecogas.com\/it\/producto\/landi-renzo-salida-para-gas-para-reductor-se81-19-mm\/"]}]},{"@type":"ImageObject","inLanguage":"it-IT","@id":"https:\/\/recambiosecogas.com\/it\/producto\/landi-renzo-salida-para-gas-para-reductor-se81-19-mm\/#primaryimage","url":"https:\/\/recambiosecogas.com\/wp-content\/uploads\/2024\/11\/Landi-Renzo-salida-para-gas-para-reductor-SE81-19-mm-1-png.webp","contentUrl":"https:\/\/recambiosecogas.com\/wp-content\/uploads\/2024\/11\/Landi-Renzo-salida-para-gas-para-reductor-SE81-19-mm-1-png.webp","width":1000,"height":1000},{"@type":"BreadcrumbList","@id":"https:\/\/recambiosecogas.com\/it\/producto\/landi-renzo-salida-para-gas-para-reductor-se81-19-mm\/#breadcrumb","itemListElement":[{"@type":"ListItem","position":1,"name":"Portada","item":"https:\/\/recambiosecogas.com\/it\/"},{"@type":"ListItem","position":2,"name":"Negozio","item":"https:\/\/recambiosecogas.com\/it\/?page_id=46382"},{"@type":"ListItem","position":3,"name":"Landi Renzo salida para gas para reductor SE81 19 mm"}]},{"@type":"WebSite","@id":"https:\/\/recambiosecogas.com\/it\/#website","url":"https:\/\/recambiosecogas.com\/it\/","name":"Recambios EcoGas","description":"Recambios Multimarca para sistemas de GLP\/GNC\/GNL\/Hidr\u00f3geno","publisher":{"@id":"https:\/\/recambiosecogas.com\/it\/#organization"},"alternateName":"Recambios Autogas GLP","potentialAction":[{"@type":"SearchAction","target":{"@type":"EntryPoint","urlTemplate":"https:\/\/recambiosecogas.com\/it\/?s={search_term_string}"},"query-input":{"@type":"PropertyValueSpecification","valueRequired":true,"valueName":"search_term_string"}}],"inLanguage":"it-IT"},{"@type":["Organization","Place"],"@id":"https:\/\/recambiosecogas.com\/it\/#organization","name":"Recambios EcoGas","alternateName":"Tienda Online GLP Espa\u00f1a","url":"https:\/\/recambiosecogas.com\/it\/","logo":{"@id":"https:\/\/recambiosecogas.com\/it\/producto\/landi-renzo-salida-para-gas-para-reductor-se81-19-mm\/#local-main-organization-logo"},"image":{"@id":"https:\/\/recambiosecogas.com\/it\/producto\/landi-renzo-salida-para-gas-para-reductor-se81-19-mm\/#local-main-organization-logo"},"sameAs":["https:\/\/www.facebook.com\/profile.php?id=100062419705358","https:\/\/www.instagram.com\/segimon_automocio"],"description":"Recambios EcoGas \u2013 Venta y distribuci\u00f3n de sistemas GLP y GNC en Espa\u00f1a y Portugal. Env\u00edos 24 h, soporte t\u00e9cnico a talleres y distribuidores.","hasMerchantReturnPolicy":{"@type":"MerchantReturnPolicy","merchantReturnLink":"https:\/\/recambiosecogas.com\/politicas-privacidad\/"},"address":{"@id":"https:\/\/recambiosecogas.com\/it\/producto\/landi-renzo-salida-para-gas-para-reductor-se81-19-mm\/#local-main-place-address"},"telephone":["616250633"],"contactPoint":{"@type":"ContactPoint","email":"export@recambiosecogas.com"},"openingHoursSpecification":[{"@type":"OpeningHoursSpecification","dayOfWeek":["Monday","Tuesday","Wednesday","Thursday","Friday","Saturday","Sunday"],"opens":"09:00","closes":"17:00"}],"email":"info@recambiosecogas.com","faxNumber":"SEGIMON AUTOMOCION SL","vatID":"ESB19819861","globalLocationNumber":"938 616 339"},{"@type":"PostalAddress","@id":"https:\/\/recambiosecogas.com\/it\/producto\/landi-renzo-salida-para-gas-para-reductor-se81-19-mm\/#local-main-place-address","streetAddress":"cami antic de vic, 29 (Nave 3), Pol\u00edgono Industrial Congost","addressLocality":"CORRO D`AVALL","postalCode":"08520","addressRegion":"Barcelona","addressCountry":"ES"},{"@type":"ImageObject","inLanguage":"it-IT","@id":"https:\/\/recambiosecogas.com\/it\/producto\/landi-renzo-salida-para-gas-para-reductor-se81-19-mm\/#local-main-organization-logo","url":"https:\/\/recambiosecogas.com\/wp-content\/uploads\/2024\/11\/cropped-RECAMBIOS-GLP-png.webp","contentUrl":"https:\/\/recambiosecogas.com\/wp-content\/uploads\/2024\/11\/cropped-RECAMBIOS-GLP-png.webp","width":512,"height":512,"caption":"Recambios EcoGas"}]},"product_brand":"Landi Renzo","product_price_amount":"12.49","product_price_currency":"EUR","og_availability":"backorder","product_availability":"available for order","product_retailer_item_id":"107744P","product_condition":"new","geo.placename":"CORRO D`AVALL","geo.region":"Spagna"},"uagb_featured_image_src":{"full":["https:\/\/recambiosecogas.com\/wp-content\/uploads\/2024\/11\/Landi-Renzo-salida-para-gas-para-reductor-SE81-19-mm-1-png.webp",1000,1000,false],"thumbnail":["https:\/\/recambiosecogas.com\/wp-content\/uploads\/2024\/11\/Landi-Renzo-salida-para-gas-para-reductor-SE81-19-mm-1-150x150.webp",150,150,true],"medium":["https:\/\/recambiosecogas.com\/wp-content\/uploads\/2024\/11\/Landi-Renzo-salida-para-gas-para-reductor-SE81-19-mm-1-300x300.webp",300,300,true],"medium_large":["https:\/\/recambiosecogas.com\/wp-content\/uploads\/2024\/11\/Landi-Renzo-salida-para-gas-para-reductor-SE81-19-mm-1-768x768.webp",768,768,true],"large":["https:\/\/recambiosecogas.com\/wp-content\/uploads\/2024\/11\/Landi-Renzo-salida-para-gas-para-reductor-SE81-19-mm-1-png.webp",1000,1000,false],"1536x1536":["https:\/\/recambiosecogas.com\/wp-content\/uploads\/2024\/11\/Landi-Renzo-salida-para-gas-para-reductor-SE81-19-mm-1-png.webp",1000,1000,false],"2048x2048":["https:\/\/recambiosecogas.com\/wp-content\/uploads\/2024\/11\/Landi-Renzo-salida-para-gas-para-reductor-SE81-19-mm-1-png.webp",1000,1000,false],"woocommerce_archive_thumbnail":["https:\/\/recambiosecogas.com\/wp-content\/uploads\/2024\/11\/Landi-Renzo-salida-para-gas-para-reductor-SE81-19-mm-1-png.webp",1000,1000,false],"woocommerce_thumbnail":["https:\/\/recambiosecogas.com\/wp-content\/uploads\/2024\/11\/Landi-Renzo-salida-para-gas-para-reductor-SE81-19-mm-1-png-300x300.webp",300,300,true],"woocommerce_single":["https:\/\/recambiosecogas.com\/wp-content\/uploads\/2024\/11\/Landi-Renzo-salida-para-gas-para-reductor-SE81-19-mm-1-png.webp",1000,1000,false],"woocommerce_gallery_thumbnail":["https:\/\/recambiosecogas.com\/wp-content\/uploads\/2024\/11\/Landi-Renzo-salida-para-gas-para-reductor-SE81-19-mm-1-png.webp",1000,1000,false],"dgwt-wcas-product-suggestion":["https:\/\/recambiosecogas.com\/wp-content\/uploads\/2024\/11\/Landi-Renzo-salida-para-gas-para-reductor-SE81-19-mm-1-png-64x64.webp",64,64,true]},"uagb_author_info":{"display_name":"Fran - Soporte T\u00e9cnico","author_link":"https:\/\/recambiosecogas.com\/it\/author\/"},"uagb_comment_info":0,"uagb_excerpt":"Landi Renzo salida para gas para reductor SE81 19 mm","_links":{"self":[{"href":"https:\/\/recambiosecogas.com\/it\/wp-json\/wp\/v2\/product\/7144","targetHints":{"allow":["GET"]}}],"collection":[{"href":"https:\/\/recambiosecogas.com\/it\/wp-json\/wp\/v2\/product"}],"about":[{"href":"https:\/\/recambiosecogas.com\/it\/wp-json\/wp\/v2\/types\/product"}],"replies":[{"embeddable":true,"href":"https:\/\/recambiosecogas.com\/it\/wp-json\/wp\/v2\/comments?post=7144"}],"wp:featuredmedia":[{"embeddable":true,"href":"https:\/\/recambiosecogas.com\/it\/wp-json\/wp\/v2\/media\/10373"}],"wp:attachment":[{"href":"https:\/\/recambiosecogas.com\/it\/wp-json\/wp\/v2\/media?parent=7144"}],"wp:term":[{"taxonomy":"product_brand","embeddable":true,"href":"https:\/\/recambiosecogas.com\/it\/wp-json\/wp\/v2\/product_brand?post=7144"},{"taxonomy":"product_cat","embeddable":true,"href":"https:\/\/recambiosecogas.com\/it\/wp-json\/wp\/v2\/product_cat?post=7144"},{"taxonomy":"product_tag","embeddable":true,"href":"https:\/\/recambiosecogas.com\/it\/wp-json\/wp\/v2\/product_tag?post=7144"}],"curies":[{"name":"wp","href":"https:\/\/api.w.org\/{rel}","templated":true}]}}