{"id":6774,"date":"2024-11-18T09:56:39","date_gmt":"2024-11-18T08:56:39","guid":{"rendered":"https:\/\/recambiosecogas.com\/producto\/tomasetto-boquilla-de-suministro-mini-m10-adaptador-dish-corto\/"},"modified":"2026-03-18T11:07:07","modified_gmt":"2026-03-18T10:07:07","slug":"tomasetto-boquilla-de-suministro-mini-m10-adaptador-dish-corto","status":"publish","type":"product","link":"https:\/\/recambiosecogas.com\/it\/producto\/tomasetto-boquilla-de-suministro-mini-m10-adaptador-dish-corto\/","title":{"rendered":"Tomasetto boquilla de suministro mini M10 + adaptador DISH corto"},"content":{"rendered":"<p>Boquilla Tomasetto M10 + Adaptador DISH<br \/>\nAdaptador de llenado GLP Tomasetto con boquilla de suministro M10<\/p>\n<p>La boquilla de suministro Tomasetto M10 con adaptador DISH corto es un componente esencial para el llenado de sistemas GLP en veh\u00edculos. Dise\u00f1ada para conexiones M10, esta boquilla facilita el proceso de repostaje en estaciones de servicio compatibles.<\/p>\n<p>Este adaptador funciona asegurando una conexi\u00f3n segura y eficiente entre el sistema de llenado del veh\u00edculo y la estaci\u00f3n de servicio. Su dise\u00f1o compacto permite una instalaci\u00f3n sencilla y un uso c\u00f3modo, garantizando un flujo de gas constante y seguro.<\/p>\n<p>Ideal para veh\u00edculos que requieren un adaptador espec\u00edfico para conexiones M10, este producto es una soluci\u00f3n pr\u00e1ctica para el repostaje de GLP. Es compatible con sistemas de llenado GLP est\u00e1ndar, proporcionando versatilidad en su aplicaci\u00f3n.<\/p>\n<p>Compatibilidad<br \/>\nCompatible con veh\u00edculos que utilizan sistemas de llenado GLP con conexi\u00f3n M10. Se recomienda verificar la compatibilidad con el sistema del veh\u00edculo antes de la compra.<\/p>\n","protected":false},"excerpt":{"rendered":"<p>Boquilla Tomasetto M10 con adaptador DISH corto para sistemas de llenado GLP. Compatible con veh\u00edculos con conexi\u00f3n M10.<\/p>\n","protected":false},"featured_media":6980,"comment_status":"closed","ping_status":"closed","template":"","meta":{"_uag_custom_page_level_css":""},"product_brand":[1009],"product_cat":[329,328,45],"product_tag":[1022,1023,1024,1032,1027,1042,1043,1028,1029,1030,1031,1033,1034,1035,1036,1038,1037,1026,1039,1040,1041,1017,1044,1045],"class_list":{"0":"post-6774","1":"product","2":"type-product","3":"status-publish","4":"has-post-thumbnail","6":"product_brand-tomasetto-achille","7":"product_cat-llenado-de-glp","8":"product_cat-repostar","9":"product_cat-tomaseto-achile","10":"product_tag-adaptador-glp-austria","11":"product_tag-adaptador-glp-bosnia","12":"product_tag-adaptador-glp-bulgaria","13":"product_tag-adaptador-glp-croacia","14":"product_tag-adaptador-glp-dinamarca","15":"product_tag-adaptador-glp-eslovaquia","16":"product_tag-adaptador-glp-eslovenia","17":"product_tag-adaptador-glp-estonia","18":"product_tag-adaptador-glp-francia","19":"product_tag-adaptador-glp-grecia","20":"product_tag-adaptador-glp-hungria","21":"product_tag-adaptador-glp-italia","22":"product_tag-adaptador-glp-letonia","23":"product_tag-adaptador-glp-lituania","24":"product_tag-adaptador-glp-macedonia","25":"product_tag-adaptador-glp-polonia","26":"product_tag-adaptador-glp-portugal","27":"product_tag-adaptador-glp-republica-checa","28":"product_tag-adaptador-glp-rumania","29":"product_tag-adaptador-glp-rusia","30":"product_tag-adaptador-glp-suecia","31":"product_tag-adaptador-glp-suiza","32":"product_tag-adaptador-glp-turquia","33":"product_tag-adaptador-glp-ucrania","35":"first","36":"onbackorder","37":"taxable","38":"shipping-taxable","39":"purchasable","40":"product-type-simple"},"ct_brands":[{"id":1009,"name":"Tomasetto Achille","slug":"tomasetto-achille"}],"yoast_head":"<!-- This site is optimized with the Yoast SEO Premium plugin v27.5 (Yoast SEO v27.6) - https:\/\/yoast.com\/product\/yoast-seo-premium-wordpress\/ -->\n<title>Boquilla Tomasetto M10 + Adaptador DISH | Recambios Ecogas<\/title>\n<meta name=\"description\" content=\"Boquilla Tomasetto M10 con adaptador DISH corto para sistemas de llenado GLP. Ideal para veh\u00edculos con conexi\u00f3n M10.\" \/>\n<meta name=\"robots\" content=\"index, follow, max-snippet:-1, max-image-preview:large, max-video-preview:-1\" \/>\n<link rel=\"canonical\" href=\"https:\/\/recambiosecogas.com\/it\/producto\/tomasetto-boquilla-de-suministro-mini-m10-adaptador-dish-corto\/\" \/>\n<meta property=\"og:locale\" content=\"it_IT\" \/>\n<meta property=\"og:type\" content=\"article\" \/>\n<meta property=\"og:title\" content=\"Tomasetto boquilla de suministro mini M10 + adaptador DISH corto\" \/>\n<meta property=\"og:description\" content=\"Boquilla Tomasetto M10 con adaptador DISH corto para sistemas de llenado GLP. Ideal para veh\u00edculos con conexi\u00f3n M10.\" \/>\n<meta property=\"og:url\" content=\"https:\/\/recambiosecogas.com\/it\/producto\/tomasetto-boquilla-de-suministro-mini-m10-adaptador-dish-corto\/\" \/>\n<meta property=\"og:site_name\" content=\"Recambios EcoGas\" \/>\n<meta property=\"article:publisher\" content=\"https:\/\/www.facebook.com\/profile.php?id=100062419705358\" \/>\n<meta property=\"article:modified_time\" content=\"2026-03-18T10:07:07+00:00\" \/>\n<meta property=\"og:image\" content=\"https:\/\/recambiosecogas.com\/wp-content\/uploads\/2024\/11\/Tomasetto-boquilla-de-suministro-mini-M10-adaptador-DISH-corto-1-png.webp\" \/>\n\t<meta property=\"og:image:width\" content=\"1000\" \/>\n\t<meta property=\"og:image:height\" content=\"1000\" \/>\n\t<meta property=\"og:image:type\" content=\"image\/png\" \/>\n<meta name=\"twitter:card\" content=\"summary_large_image\" \/>\n<meta name=\"twitter:label1\" content=\"Prezzo\" \/>\n\t<meta name=\"twitter:data1\" content=\"15,58&nbsp;&euro; (Sin IVA: 12,87&nbsp;&euro;)\" \/>\n\t<meta name=\"twitter:label2\" content=\"Disponibilit\u00e0\" \/>\n\t<meta name=\"twitter:data2\" content=\"Su ordinazione\" \/>\n<script type=\"application\/ld+json\" class=\"yoast-schema-graph\">{\"@context\":\"https:\\\/\\\/schema.org\",\"@graph\":[{\"@type\":\"WebPage\",\"@id\":\"https:\\\/\\\/recambiosecogas.com\\\/it\\\/producto\\\/tomasetto-boquilla-de-suministro-mini-m10-adaptador-dish-corto\\\/\",\"url\":\"https:\\\/\\\/recambiosecogas.com\\\/it\\\/producto\\\/tomasetto-boquilla-de-suministro-mini-m10-adaptador-dish-corto\\\/\",\"name\":\"Boquilla Tomasetto M10 + Adaptador DISH | Recambios Ecogas\",\"isPartOf\":{\"@id\":\"https:\\\/\\\/recambiosecogas.com\\\/it\\\/#website\"},\"primaryImageOfPage\":{\"@id\":\"https:\\\/\\\/recambiosecogas.com\\\/it\\\/producto\\\/tomasetto-boquilla-de-suministro-mini-m10-adaptador-dish-corto\\\/#primaryimage\"},\"image\":{\"@id\":\"https:\\\/\\\/recambiosecogas.com\\\/it\\\/producto\\\/tomasetto-boquilla-de-suministro-mini-m10-adaptador-dish-corto\\\/#primaryimage\"},\"thumbnailUrl\":\"https:\\\/\\\/recambiosecogas.com\\\/wp-content\\\/uploads\\\/2024\\\/11\\\/Tomasetto-boquilla-de-suministro-mini-M10-adaptador-DISH-corto-1-png.webp\",\"datePublished\":\"2024-11-18T08:56:39+00:00\",\"dateModified\":\"2026-03-18T10:07:07+00:00\",\"description\":\"Boquilla Tomasetto M10 con adaptador DISH corto para sistemas de llenado GLP. Ideal para veh\u00edculos con conexi\u00f3n M10.\",\"breadcrumb\":{\"@id\":\"https:\\\/\\\/recambiosecogas.com\\\/it\\\/producto\\\/tomasetto-boquilla-de-suministro-mini-m10-adaptador-dish-corto\\\/#breadcrumb\"},\"inLanguage\":\"it-IT\",\"potentialAction\":[{\"@type\":\"ReadAction\",\"target\":[\"https:\\\/\\\/recambiosecogas.com\\\/it\\\/producto\\\/tomasetto-boquilla-de-suministro-mini-m10-adaptador-dish-corto\\\/\"]}]},{\"@type\":\"ImageObject\",\"inLanguage\":\"it-IT\",\"@id\":\"https:\\\/\\\/recambiosecogas.com\\\/it\\\/producto\\\/tomasetto-boquilla-de-suministro-mini-m10-adaptador-dish-corto\\\/#primaryimage\",\"url\":\"https:\\\/\\\/recambiosecogas.com\\\/wp-content\\\/uploads\\\/2024\\\/11\\\/Tomasetto-boquilla-de-suministro-mini-M10-adaptador-DISH-corto-1-png.webp\",\"contentUrl\":\"https:\\\/\\\/recambiosecogas.com\\\/wp-content\\\/uploads\\\/2024\\\/11\\\/Tomasetto-boquilla-de-suministro-mini-M10-adaptador-DISH-corto-1-png.webp\",\"width\":1000,\"height\":1000},{\"@type\":\"BreadcrumbList\",\"@id\":\"https:\\\/\\\/recambiosecogas.com\\\/it\\\/producto\\\/tomasetto-boquilla-de-suministro-mini-m10-adaptador-dish-corto\\\/#breadcrumb\",\"itemListElement\":[{\"@type\":\"ListItem\",\"position\":1,\"name\":\"Portada\",\"item\":\"https:\\\/\\\/recambiosecogas.com\\\/it\\\/\"},{\"@type\":\"ListItem\",\"position\":2,\"name\":\"Negozio\",\"item\":\"https:\\\/\\\/recambiosecogas.com\\\/it\\\/?page_id=46382\"},{\"@type\":\"ListItem\",\"position\":3,\"name\":\"Tomasetto boquilla de suministro mini M10 + adaptador DISH corto\"}]},{\"@type\":\"WebSite\",\"@id\":\"https:\\\/\\\/recambiosecogas.com\\\/it\\\/#website\",\"url\":\"https:\\\/\\\/recambiosecogas.com\\\/it\\\/\",\"name\":\"Recambios EcoGas\",\"description\":\"Recambios Multimarca para sistemas de GLP\\\/GNC\\\/GNL\\\/Hidr\u00f3geno\",\"publisher\":{\"@id\":\"https:\\\/\\\/recambiosecogas.com\\\/it\\\/#organization\"},\"alternateName\":\"Recambios Autogas GLP\",\"potentialAction\":[{\"@type\":\"SearchAction\",\"target\":{\"@type\":\"EntryPoint\",\"urlTemplate\":\"https:\\\/\\\/recambiosecogas.com\\\/it\\\/?s={search_term_string}\"},\"query-input\":{\"@type\":\"PropertyValueSpecification\",\"valueRequired\":true,\"valueName\":\"search_term_string\"}}],\"inLanguage\":\"it-IT\"},{\"@type\":[\"Organization\",\"Place\"],\"@id\":\"https:\\\/\\\/recambiosecogas.com\\\/it\\\/#organization\",\"name\":\"Recambios EcoGas\",\"alternateName\":\"Tienda Online GLP Espa\u00f1a\",\"url\":\"https:\\\/\\\/recambiosecogas.com\\\/it\\\/\",\"logo\":{\"@id\":\"https:\\\/\\\/recambiosecogas.com\\\/it\\\/producto\\\/tomasetto-boquilla-de-suministro-mini-m10-adaptador-dish-corto\\\/#local-main-organization-logo\"},\"image\":{\"@id\":\"https:\\\/\\\/recambiosecogas.com\\\/it\\\/producto\\\/tomasetto-boquilla-de-suministro-mini-m10-adaptador-dish-corto\\\/#local-main-organization-logo\"},\"sameAs\":[\"https:\\\/\\\/www.facebook.com\\\/profile.php?id=100062419705358\",\"https:\\\/\\\/www.instagram.com\\\/segimon_automocio\"],\"description\":\"Recambios EcoGas \u2013 Venta y distribuci\u00f3n de sistemas GLP y GNC en Espa\u00f1a y Portugal. Env\u00edos 24 h, soporte t\u00e9cnico a talleres y distribuidores.\",\"hasMerchantReturnPolicy\":{\"@type\":\"MerchantReturnPolicy\",\"merchantReturnLink\":\"https:\\\/\\\/recambiosecogas.com\\\/politicas-privacidad\\\/\"},\"address\":{\"@id\":\"https:\\\/\\\/recambiosecogas.com\\\/it\\\/producto\\\/tomasetto-boquilla-de-suministro-mini-m10-adaptador-dish-corto\\\/#local-main-place-address\"},\"telephone\":[\"616250633\"],\"contactPoint\":{\"@type\":\"ContactPoint\",\"email\":\"export@recambiosecogas.com\"},\"openingHoursSpecification\":[{\"@type\":\"OpeningHoursSpecification\",\"dayOfWeek\":[\"Monday\",\"Tuesday\",\"Wednesday\",\"Thursday\",\"Friday\",\"Saturday\",\"Sunday\"],\"opens\":\"09:00\",\"closes\":\"17:00\"}],\"email\":\"info@recambiosecogas.com\",\"faxNumber\":\"SEGIMON AUTOMOCION SL\",\"vatID\":\"ESB19819861\",\"globalLocationNumber\":\"938 616 339\"},{\"@type\":\"PostalAddress\",\"@id\":\"https:\\\/\\\/recambiosecogas.com\\\/it\\\/producto\\\/tomasetto-boquilla-de-suministro-mini-m10-adaptador-dish-corto\\\/#local-main-place-address\",\"streetAddress\":\"cami antic de vic, 29 (Nave 3), Pol\u00edgono Industrial Congost\",\"addressLocality\":\"CORRO D`AVALL\",\"postalCode\":\"08520\",\"addressRegion\":\"Barcelona\",\"addressCountry\":\"ES\"},{\"@type\":\"ImageObject\",\"inLanguage\":\"it-IT\",\"@id\":\"https:\\\/\\\/recambiosecogas.com\\\/it\\\/producto\\\/tomasetto-boquilla-de-suministro-mini-m10-adaptador-dish-corto\\\/#local-main-organization-logo\",\"url\":\"https:\\\/\\\/recambiosecogas.com\\\/wp-content\\\/uploads\\\/2024\\\/11\\\/cropped-RECAMBIOS-GLP-png.webp\",\"contentUrl\":\"https:\\\/\\\/recambiosecogas.com\\\/wp-content\\\/uploads\\\/2024\\\/11\\\/cropped-RECAMBIOS-GLP-png.webp\",\"width\":512,\"height\":512,\"caption\":\"Recambios EcoGas\"}]}<\/script>\n<meta property=\"product:brand\" content=\"Tomasetto Achille\" \/>\n<meta property=\"product:price:amount\" content=\"15.58\" \/>\n<meta property=\"product:price:currency\" content=\"EUR\" \/>\n<meta property=\"og:availability\" content=\"backorder\" \/>\n<meta property=\"product:availability\" content=\"available for order\" \/>\n<meta property=\"product:retailer_item_id\" content=\"101525\" \/>\n<meta property=\"product:condition\" content=\"new\" \/>\n<meta name=\"geo.placename\" content=\"CORRO D`AVALL\" \/>\n<meta name=\"geo.region\" content=\"Spagna\" \/>\n<!-- \/ Yoast SEO Premium plugin. -->","yoast_head_json":{"title":"Boquilla Tomasetto M10 + Adaptador DISH | Recambios Ecogas","description":"Boquilla Tomasetto M10 con adaptador DISH corto para sistemas de llenado GLP. Ideal para veh\u00edculos con conexi\u00f3n M10.","robots":{"index":"index","follow":"follow","max-snippet":"max-snippet:-1","max-image-preview":"max-image-preview:large","max-video-preview":"max-video-preview:-1"},"canonical":"https:\/\/recambiosecogas.com\/it\/producto\/tomasetto-boquilla-de-suministro-mini-m10-adaptador-dish-corto\/","og_locale":"it_IT","og_type":"article","og_title":"Tomasetto boquilla de suministro mini M10 + adaptador DISH corto","og_description":"Boquilla Tomasetto M10 con adaptador DISH corto para sistemas de llenado GLP. Ideal para veh\u00edculos con conexi\u00f3n M10.","og_url":"https:\/\/recambiosecogas.com\/it\/producto\/tomasetto-boquilla-de-suministro-mini-m10-adaptador-dish-corto\/","og_site_name":"Recambios EcoGas","article_publisher":"https:\/\/www.facebook.com\/profile.php?id=100062419705358","article_modified_time":"2026-03-18T10:07:07+00:00","og_image":[{"width":1000,"height":1000,"url":"https:\/\/recambiosecogas.com\/wp-content\/uploads\/2024\/11\/Tomasetto-boquilla-de-suministro-mini-M10-adaptador-DISH-corto-1-png.webp","type":"image\/png"}],"twitter_card":"summary_large_image","twitter_misc":{"Prezzo":"15,58&nbsp;&euro; (Sin IVA: 12,87&nbsp;&euro;)","Disponibilit\u00e0":"Su ordinazione"},"schema":{"@context":"https:\/\/schema.org","@graph":[{"@type":"WebPage","@id":"https:\/\/recambiosecogas.com\/it\/producto\/tomasetto-boquilla-de-suministro-mini-m10-adaptador-dish-corto\/","url":"https:\/\/recambiosecogas.com\/it\/producto\/tomasetto-boquilla-de-suministro-mini-m10-adaptador-dish-corto\/","name":"Boquilla Tomasetto M10 + Adaptador DISH | Recambios Ecogas","isPartOf":{"@id":"https:\/\/recambiosecogas.com\/it\/#website"},"primaryImageOfPage":{"@id":"https:\/\/recambiosecogas.com\/it\/producto\/tomasetto-boquilla-de-suministro-mini-m10-adaptador-dish-corto\/#primaryimage"},"image":{"@id":"https:\/\/recambiosecogas.com\/it\/producto\/tomasetto-boquilla-de-suministro-mini-m10-adaptador-dish-corto\/#primaryimage"},"thumbnailUrl":"https:\/\/recambiosecogas.com\/wp-content\/uploads\/2024\/11\/Tomasetto-boquilla-de-suministro-mini-M10-adaptador-DISH-corto-1-png.webp","datePublished":"2024-11-18T08:56:39+00:00","dateModified":"2026-03-18T10:07:07+00:00","description":"Boquilla Tomasetto M10 con adaptador DISH corto para sistemas de llenado GLP. Ideal para veh\u00edculos con conexi\u00f3n M10.","breadcrumb":{"@id":"https:\/\/recambiosecogas.com\/it\/producto\/tomasetto-boquilla-de-suministro-mini-m10-adaptador-dish-corto\/#breadcrumb"},"inLanguage":"it-IT","potentialAction":[{"@type":"ReadAction","target":["https:\/\/recambiosecogas.com\/it\/producto\/tomasetto-boquilla-de-suministro-mini-m10-adaptador-dish-corto\/"]}]},{"@type":"ImageObject","inLanguage":"it-IT","@id":"https:\/\/recambiosecogas.com\/it\/producto\/tomasetto-boquilla-de-suministro-mini-m10-adaptador-dish-corto\/#primaryimage","url":"https:\/\/recambiosecogas.com\/wp-content\/uploads\/2024\/11\/Tomasetto-boquilla-de-suministro-mini-M10-adaptador-DISH-corto-1-png.webp","contentUrl":"https:\/\/recambiosecogas.com\/wp-content\/uploads\/2024\/11\/Tomasetto-boquilla-de-suministro-mini-M10-adaptador-DISH-corto-1-png.webp","width":1000,"height":1000},{"@type":"BreadcrumbList","@id":"https:\/\/recambiosecogas.com\/it\/producto\/tomasetto-boquilla-de-suministro-mini-m10-adaptador-dish-corto\/#breadcrumb","itemListElement":[{"@type":"ListItem","position":1,"name":"Portada","item":"https:\/\/recambiosecogas.com\/it\/"},{"@type":"ListItem","position":2,"name":"Negozio","item":"https:\/\/recambiosecogas.com\/it\/?page_id=46382"},{"@type":"ListItem","position":3,"name":"Tomasetto boquilla de suministro mini M10 + adaptador DISH corto"}]},{"@type":"WebSite","@id":"https:\/\/recambiosecogas.com\/it\/#website","url":"https:\/\/recambiosecogas.com\/it\/","name":"Recambios EcoGas","description":"Recambios Multimarca para sistemas de GLP\/GNC\/GNL\/Hidr\u00f3geno","publisher":{"@id":"https:\/\/recambiosecogas.com\/it\/#organization"},"alternateName":"Recambios Autogas GLP","potentialAction":[{"@type":"SearchAction","target":{"@type":"EntryPoint","urlTemplate":"https:\/\/recambiosecogas.com\/it\/?s={search_term_string}"},"query-input":{"@type":"PropertyValueSpecification","valueRequired":true,"valueName":"search_term_string"}}],"inLanguage":"it-IT"},{"@type":["Organization","Place"],"@id":"https:\/\/recambiosecogas.com\/it\/#organization","name":"Recambios EcoGas","alternateName":"Tienda Online GLP Espa\u00f1a","url":"https:\/\/recambiosecogas.com\/it\/","logo":{"@id":"https:\/\/recambiosecogas.com\/it\/producto\/tomasetto-boquilla-de-suministro-mini-m10-adaptador-dish-corto\/#local-main-organization-logo"},"image":{"@id":"https:\/\/recambiosecogas.com\/it\/producto\/tomasetto-boquilla-de-suministro-mini-m10-adaptador-dish-corto\/#local-main-organization-logo"},"sameAs":["https:\/\/www.facebook.com\/profile.php?id=100062419705358","https:\/\/www.instagram.com\/segimon_automocio"],"description":"Recambios EcoGas \u2013 Venta y distribuci\u00f3n de sistemas GLP y GNC en Espa\u00f1a y Portugal. Env\u00edos 24 h, soporte t\u00e9cnico a talleres y distribuidores.","hasMerchantReturnPolicy":{"@type":"MerchantReturnPolicy","merchantReturnLink":"https:\/\/recambiosecogas.com\/politicas-privacidad\/"},"address":{"@id":"https:\/\/recambiosecogas.com\/it\/producto\/tomasetto-boquilla-de-suministro-mini-m10-adaptador-dish-corto\/#local-main-place-address"},"telephone":["616250633"],"contactPoint":{"@type":"ContactPoint","email":"export@recambiosecogas.com"},"openingHoursSpecification":[{"@type":"OpeningHoursSpecification","dayOfWeek":["Monday","Tuesday","Wednesday","Thursday","Friday","Saturday","Sunday"],"opens":"09:00","closes":"17:00"}],"email":"info@recambiosecogas.com","faxNumber":"SEGIMON AUTOMOCION SL","vatID":"ESB19819861","globalLocationNumber":"938 616 339"},{"@type":"PostalAddress","@id":"https:\/\/recambiosecogas.com\/it\/producto\/tomasetto-boquilla-de-suministro-mini-m10-adaptador-dish-corto\/#local-main-place-address","streetAddress":"cami antic de vic, 29 (Nave 3), Pol\u00edgono Industrial Congost","addressLocality":"CORRO D`AVALL","postalCode":"08520","addressRegion":"Barcelona","addressCountry":"ES"},{"@type":"ImageObject","inLanguage":"it-IT","@id":"https:\/\/recambiosecogas.com\/it\/producto\/tomasetto-boquilla-de-suministro-mini-m10-adaptador-dish-corto\/#local-main-organization-logo","url":"https:\/\/recambiosecogas.com\/wp-content\/uploads\/2024\/11\/cropped-RECAMBIOS-GLP-png.webp","contentUrl":"https:\/\/recambiosecogas.com\/wp-content\/uploads\/2024\/11\/cropped-RECAMBIOS-GLP-png.webp","width":512,"height":512,"caption":"Recambios EcoGas"}]},"product_brand":"Tomasetto Achille","product_price_amount":"15.58","product_price_currency":"EUR","og_availability":"backorder","product_availability":"available for order","product_retailer_item_id":"101525","product_condition":"new","geo.placename":"CORRO D`AVALL","geo.region":"Spagna"},"uagb_featured_image_src":{"full":["https:\/\/recambiosecogas.com\/wp-content\/uploads\/2024\/11\/Tomasetto-boquilla-de-suministro-mini-M10-adaptador-DISH-corto-1-png.webp",1000,1000,false],"thumbnail":["https:\/\/recambiosecogas.com\/wp-content\/uploads\/2024\/11\/Tomasetto-boquilla-de-suministro-mini-M10-adaptador-DISH-corto-1-150x150.webp",150,150,true],"medium":["https:\/\/recambiosecogas.com\/wp-content\/uploads\/2024\/11\/Tomasetto-boquilla-de-suministro-mini-M10-adaptador-DISH-corto-1-300x300.webp",300,300,true],"medium_large":["https:\/\/recambiosecogas.com\/wp-content\/uploads\/2024\/11\/Tomasetto-boquilla-de-suministro-mini-M10-adaptador-DISH-corto-1-768x768.webp",768,768,true],"large":["https:\/\/recambiosecogas.com\/wp-content\/uploads\/2024\/11\/Tomasetto-boquilla-de-suministro-mini-M10-adaptador-DISH-corto-1-png.webp",1000,1000,false],"1536x1536":["https:\/\/recambiosecogas.com\/wp-content\/uploads\/2024\/11\/Tomasetto-boquilla-de-suministro-mini-M10-adaptador-DISH-corto-1-png.webp",1000,1000,false],"2048x2048":["https:\/\/recambiosecogas.com\/wp-content\/uploads\/2024\/11\/Tomasetto-boquilla-de-suministro-mini-M10-adaptador-DISH-corto-1-png.webp",1000,1000,false],"woocommerce_archive_thumbnail":["https:\/\/recambiosecogas.com\/wp-content\/uploads\/2024\/11\/Tomasetto-boquilla-de-suministro-mini-M10-adaptador-DISH-corto-1-png.webp",1000,1000,false],"woocommerce_thumbnail":["https:\/\/recambiosecogas.com\/wp-content\/uploads\/2024\/11\/Tomasetto-boquilla-de-suministro-mini-M10-adaptador-DISH-corto-1-png-300x300.webp",300,300,true],"woocommerce_single":["https:\/\/recambiosecogas.com\/wp-content\/uploads\/2024\/11\/Tomasetto-boquilla-de-suministro-mini-M10-adaptador-DISH-corto-1-png.webp",1000,1000,false],"woocommerce_gallery_thumbnail":["https:\/\/recambiosecogas.com\/wp-content\/uploads\/2024\/11\/Tomasetto-boquilla-de-suministro-mini-M10-adaptador-DISH-corto-1-png.webp",1000,1000,false],"dgwt-wcas-product-suggestion":["https:\/\/recambiosecogas.com\/wp-content\/uploads\/2024\/11\/Tomasetto-boquilla-de-suministro-mini-M10-adaptador-DISH-corto-1-png-64x64.webp",64,64,true]},"uagb_author_info":{"display_name":"Fran - Soporte T\u00e9cnico","author_link":"https:\/\/recambiosecogas.com\/it\/author\/"},"uagb_comment_info":0,"uagb_excerpt":"Boquilla Tomasetto M10 con adaptador DISH corto para sistemas de llenado GLP. Compatible con veh\u00edculos con conexi\u00f3n M10.","_links":{"self":[{"href":"https:\/\/recambiosecogas.com\/it\/wp-json\/wp\/v2\/product\/6774","targetHints":{"allow":["GET"]}}],"collection":[{"href":"https:\/\/recambiosecogas.com\/it\/wp-json\/wp\/v2\/product"}],"about":[{"href":"https:\/\/recambiosecogas.com\/it\/wp-json\/wp\/v2\/types\/product"}],"replies":[{"embeddable":true,"href":"https:\/\/recambiosecogas.com\/it\/wp-json\/wp\/v2\/comments?post=6774"}],"wp:featuredmedia":[{"embeddable":true,"href":"https:\/\/recambiosecogas.com\/it\/wp-json\/wp\/v2\/media\/6980"}],"wp:attachment":[{"href":"https:\/\/recambiosecogas.com\/it\/wp-json\/wp\/v2\/media?parent=6774"}],"wp:term":[{"taxonomy":"product_brand","embeddable":true,"href":"https:\/\/recambiosecogas.com\/it\/wp-json\/wp\/v2\/product_brand?post=6774"},{"taxonomy":"product_cat","embeddable":true,"href":"https:\/\/recambiosecogas.com\/it\/wp-json\/wp\/v2\/product_cat?post=6774"},{"taxonomy":"product_tag","embeddable":true,"href":"https:\/\/recambiosecogas.com\/it\/wp-json\/wp\/v2\/product_tag?post=6774"}],"curies":[{"name":"wp","href":"https:\/\/api.w.org\/{rel}","templated":true}]}}