{"id":6524,"date":"2024-11-08T17:12:36","date_gmt":"2024-11-08T16:12:36","guid":{"rendered":"https:\/\/recambiosecogas.com\/producto\/tomasetto-kit-de-reparacion-del-regulador-de-presion-at12-gnc-solo-para-no-de-serie-542200\/"},"modified":"2026-04-27T09:22:21","modified_gmt":"2026-04-27T08:22:21","slug":"tomasetto-kit-de-reparacion-del-regulador-de-presion-at12-gnc-solo-para-no-de-serie-542200","status":"publish","type":"product","link":"https:\/\/recambiosecogas.com\/it\/producto\/tomasetto-kit-de-reparacion-del-regulador-de-presion-at12-gnc-solo-para-no-de-serie-542200\/","title":{"rendered":"Tomasetto kit de reparaci\u00f3n del regulador de presi\u00f3n AT12 GNC (s\u00f3lo para n\u00ba de serie < 542200)"},"content":{"rendered":"<p>Kit de reparaci\u00f3n Tomasetto regulador de presi\u00f3n AT12 GNC<br \/>\nKit de reparaci\u00f3n para regulador de presi\u00f3n Tomasetto AT12 GNC<\/p>\n<p>Este kit de reparaci\u00f3n est\u00e1 dise\u00f1ado espec\u00edficamente para el regulador de presi\u00f3n Tomasetto AT12 utilizado en sistemas de gas natural comprimido (GNC). Es adecuado solo para reguladores con n\u00fameros de serie inferiores a 542200. El kit incluye todos los componentes necesarios para restaurar el funcionamiento \u00f3ptimo del regulador.<\/p>\n<p>El regulador de presi\u00f3n es un componente cr\u00edtico en los sistemas GNC, ya que asegura que el gas se entregue al motor a la presi\u00f3n correcta. Un regulador en mal estado puede causar problemas de rendimiento y seguridad, por lo que es esencial mantenerlo en buen estado.<\/p>\n<p>La instalaci\u00f3n de este kit de reparaci\u00f3n es necesaria cuando se detectan problemas de presi\u00f3n inadecuada o fugas en el sistema. Es compatible con sistemas GNC que utilizan el regulador Tomasetto AT12.<\/p>\n<p>Se recomienda verificar el n\u00famero de serie del regulador antes de la compra para asegurar la compatibilidad del kit.<\/p>\n","protected":false},"excerpt":{"rendered":"<p>Kit de reparaci\u00f3n para regulador de presi\u00f3n Tomasetto AT12 GNC, solo para n\u00fameros de serie < 542200.\n<\/p>\n","protected":false},"featured_media":6529,"comment_status":"closed","ping_status":"closed","template":"","meta":{"_uag_custom_page_level_css":""},"product_brand":[1009],"product_cat":[293,45],"product_tag":[],"class_list":{"0":"post-6524","1":"product","2":"type-product","3":"status-publish","4":"has-post-thumbnail","6":"product_brand-tomasetto-achille","7":"product_cat-juegos-de-reparacion-gnc","8":"product_cat-tomaseto-achile","10":"first","11":"instock","12":"taxable","13":"shipping-taxable","14":"purchasable","15":"product-type-simple"},"ct_brands":[{"id":1009,"name":"Tomasetto Achille","slug":"tomasetto-achille"}],"yoast_head":"<!-- This site is optimized with the Yoast SEO Premium plugin v27.5 (Yoast SEO v27.6) - https:\/\/yoast.com\/product\/yoast-seo-premium-wordpress\/ -->\n<title>Kit reparaci\u00f3n regulador Tomasetto GNC | Recambios Ecogas<\/title>\n<meta name=\"description\" content=\"Kit de reparaci\u00f3n para regulador de presi\u00f3n Tomasetto AT12 GNC. Compatible con n\u00fameros de serie &lt; 542200.\" \/>\n<meta name=\"robots\" content=\"index, follow, max-snippet:-1, max-image-preview:large, max-video-preview:-1\" \/>\n<link rel=\"canonical\" href=\"https:\/\/recambiosecogas.com\/it\/producto\/tomasetto-kit-de-reparacion-del-regulador-de-presion-at12-gnc-solo-para-no-de-serie-542200\/\" \/>\n<meta property=\"og:locale\" content=\"it_IT\" \/>\n<meta property=\"og:type\" content=\"article\" \/>\n<meta property=\"og:title\" content=\"Tomasetto kit de reparaci\u00f3n del regulador de presi\u00f3n AT12 GNC (s\u00f3lo para n\u00ba de serie &lt; 542200)\" \/>\n<meta property=\"og:description\" content=\"Kit de reparaci\u00f3n para regulador de presi\u00f3n Tomasetto AT12 GNC. Compatible con n\u00fameros de serie &lt; 542200.\" \/>\n<meta property=\"og:url\" content=\"https:\/\/recambiosecogas.com\/it\/producto\/tomasetto-kit-de-reparacion-del-regulador-de-presion-at12-gnc-solo-para-no-de-serie-542200\/\" \/>\n<meta property=\"og:site_name\" content=\"Recambios EcoGas\" \/>\n<meta property=\"article:publisher\" content=\"https:\/\/www.facebook.com\/profile.php?id=100062419705358\" \/>\n<meta property=\"article:modified_time\" content=\"2026-04-27T08:22:21+00:00\" \/>\n<meta property=\"og:image\" content=\"https:\/\/recambiosecogas.com\/wp-content\/uploads\/2024\/11\/Tomasetto-kit-de-reparacion-del-regulador-de-presion-AT12-GNC-solo-para-n-de-serie-542200-1-png.webp\" \/>\n\t<meta property=\"og:image:width\" content=\"1000\" \/>\n\t<meta property=\"og:image:height\" content=\"1000\" \/>\n\t<meta property=\"og:image:type\" content=\"image\/png\" \/>\n<meta name=\"twitter:card\" content=\"summary_large_image\" \/>\n<meta name=\"twitter:label1\" content=\"Prezzo\" \/>\n\t<meta name=\"twitter:data1\" content=\"23,13&nbsp;&euro; (Sin IVA: 19,12&nbsp;&euro;)\" \/>\n\t<meta name=\"twitter:label2\" content=\"Disponibilit\u00e0\" \/>\n\t<meta name=\"twitter:data2\" content=\"In stock\" \/>\n<script type=\"application\/ld+json\" class=\"yoast-schema-graph\">{\"@context\":\"https:\\\/\\\/schema.org\",\"@graph\":[{\"@type\":\"WebPage\",\"@id\":\"https:\\\/\\\/recambiosecogas.com\\\/it\\\/producto\\\/tomasetto-kit-de-reparacion-del-regulador-de-presion-at12-gnc-solo-para-no-de-serie-542200\\\/\",\"url\":\"https:\\\/\\\/recambiosecogas.com\\\/it\\\/producto\\\/tomasetto-kit-de-reparacion-del-regulador-de-presion-at12-gnc-solo-para-no-de-serie-542200\\\/\",\"name\":\"Kit reparaci\u00f3n regulador Tomasetto GNC | Recambios Ecogas\",\"isPartOf\":{\"@id\":\"https:\\\/\\\/recambiosecogas.com\\\/it\\\/#website\"},\"primaryImageOfPage\":{\"@id\":\"https:\\\/\\\/recambiosecogas.com\\\/it\\\/producto\\\/tomasetto-kit-de-reparacion-del-regulador-de-presion-at12-gnc-solo-para-no-de-serie-542200\\\/#primaryimage\"},\"image\":{\"@id\":\"https:\\\/\\\/recambiosecogas.com\\\/it\\\/producto\\\/tomasetto-kit-de-reparacion-del-regulador-de-presion-at12-gnc-solo-para-no-de-serie-542200\\\/#primaryimage\"},\"thumbnailUrl\":\"https:\\\/\\\/recambiosecogas.com\\\/wp-content\\\/uploads\\\/2024\\\/11\\\/Tomasetto-kit-de-reparacion-del-regulador-de-presion-AT12-GNC-solo-para-n-de-serie-542200-1-png.webp\",\"datePublished\":\"2024-11-08T16:12:36+00:00\",\"dateModified\":\"2026-04-27T08:22:21+00:00\",\"description\":\"Kit de reparaci\u00f3n para regulador de presi\u00f3n Tomasetto AT12 GNC. Compatible con n\u00fameros de serie &lt; 542200.\",\"breadcrumb\":{\"@id\":\"https:\\\/\\\/recambiosecogas.com\\\/it\\\/producto\\\/tomasetto-kit-de-reparacion-del-regulador-de-presion-at12-gnc-solo-para-no-de-serie-542200\\\/#breadcrumb\"},\"inLanguage\":\"it-IT\",\"potentialAction\":[{\"@type\":\"ReadAction\",\"target\":[\"https:\\\/\\\/recambiosecogas.com\\\/it\\\/producto\\\/tomasetto-kit-de-reparacion-del-regulador-de-presion-at12-gnc-solo-para-no-de-serie-542200\\\/\"]}]},{\"@type\":\"ImageObject\",\"inLanguage\":\"it-IT\",\"@id\":\"https:\\\/\\\/recambiosecogas.com\\\/it\\\/producto\\\/tomasetto-kit-de-reparacion-del-regulador-de-presion-at12-gnc-solo-para-no-de-serie-542200\\\/#primaryimage\",\"url\":\"https:\\\/\\\/recambiosecogas.com\\\/wp-content\\\/uploads\\\/2024\\\/11\\\/Tomasetto-kit-de-reparacion-del-regulador-de-presion-AT12-GNC-solo-para-n-de-serie-542200-1-png.webp\",\"contentUrl\":\"https:\\\/\\\/recambiosecogas.com\\\/wp-content\\\/uploads\\\/2024\\\/11\\\/Tomasetto-kit-de-reparacion-del-regulador-de-presion-AT12-GNC-solo-para-n-de-serie-542200-1-png.webp\",\"width\":1000,\"height\":1000},{\"@type\":\"BreadcrumbList\",\"@id\":\"https:\\\/\\\/recambiosecogas.com\\\/it\\\/producto\\\/tomasetto-kit-de-reparacion-del-regulador-de-presion-at12-gnc-solo-para-no-de-serie-542200\\\/#breadcrumb\",\"itemListElement\":[{\"@type\":\"ListItem\",\"position\":1,\"name\":\"Portada\",\"item\":\"https:\\\/\\\/recambiosecogas.com\\\/it\\\/\"},{\"@type\":\"ListItem\",\"position\":2,\"name\":\"Negozio\",\"item\":\"https:\\\/\\\/recambiosecogas.com\\\/it\\\/?page_id=46382\"},{\"@type\":\"ListItem\",\"position\":3,\"name\":\"Tomasetto kit de reparaci\u00f3n del regulador de presi\u00f3n AT12 GNC (s\u00f3lo para n\u00ba de serie < 542200)\"}]},{\"@type\":\"WebSite\",\"@id\":\"https:\\\/\\\/recambiosecogas.com\\\/it\\\/#website\",\"url\":\"https:\\\/\\\/recambiosecogas.com\\\/it\\\/\",\"name\":\"Recambios EcoGas\",\"description\":\"Recambios Multimarca para sistemas de GLP\\\/GNC\\\/GNL\\\/Hidr\u00f3geno\",\"publisher\":{\"@id\":\"https:\\\/\\\/recambiosecogas.com\\\/it\\\/#organization\"},\"alternateName\":\"Recambios Autogas GLP\",\"potentialAction\":[{\"@type\":\"SearchAction\",\"target\":{\"@type\":\"EntryPoint\",\"urlTemplate\":\"https:\\\/\\\/recambiosecogas.com\\\/it\\\/?s={search_term_string}\"},\"query-input\":{\"@type\":\"PropertyValueSpecification\",\"valueRequired\":true,\"valueName\":\"search_term_string\"}}],\"inLanguage\":\"it-IT\"},{\"@type\":[\"Organization\",\"Place\"],\"@id\":\"https:\\\/\\\/recambiosecogas.com\\\/it\\\/#organization\",\"name\":\"Recambios EcoGas\",\"alternateName\":\"Tienda Online GLP Espa\u00f1a\",\"url\":\"https:\\\/\\\/recambiosecogas.com\\\/it\\\/\",\"logo\":{\"@id\":\"https:\\\/\\\/recambiosecogas.com\\\/it\\\/producto\\\/tomasetto-kit-de-reparacion-del-regulador-de-presion-at12-gnc-solo-para-no-de-serie-542200\\\/#local-main-organization-logo\"},\"image\":{\"@id\":\"https:\\\/\\\/recambiosecogas.com\\\/it\\\/producto\\\/tomasetto-kit-de-reparacion-del-regulador-de-presion-at12-gnc-solo-para-no-de-serie-542200\\\/#local-main-organization-logo\"},\"sameAs\":[\"https:\\\/\\\/www.facebook.com\\\/profile.php?id=100062419705358\",\"https:\\\/\\\/www.instagram.com\\\/segimon_automocio\"],\"description\":\"Recambios EcoGas \u2013 Venta y distribuci\u00f3n de sistemas GLP y GNC en Espa\u00f1a y Portugal. Env\u00edos 24 h, soporte t\u00e9cnico a talleres y distribuidores.\",\"hasMerchantReturnPolicy\":{\"@type\":\"MerchantReturnPolicy\",\"merchantReturnLink\":\"https:\\\/\\\/recambiosecogas.com\\\/politicas-privacidad\\\/\"},\"address\":{\"@id\":\"https:\\\/\\\/recambiosecogas.com\\\/it\\\/producto\\\/tomasetto-kit-de-reparacion-del-regulador-de-presion-at12-gnc-solo-para-no-de-serie-542200\\\/#local-main-place-address\"},\"telephone\":[\"616250633\"],\"contactPoint\":{\"@type\":\"ContactPoint\",\"email\":\"export@recambiosecogas.com\"},\"openingHoursSpecification\":[{\"@type\":\"OpeningHoursSpecification\",\"dayOfWeek\":[\"Monday\",\"Tuesday\",\"Wednesday\",\"Thursday\",\"Friday\",\"Saturday\",\"Sunday\"],\"opens\":\"09:00\",\"closes\":\"17:00\"}],\"email\":\"info@recambiosecogas.com\",\"faxNumber\":\"SEGIMON AUTOMOCION SL\",\"vatID\":\"ESB19819861\",\"globalLocationNumber\":\"938 616 339\"},{\"@type\":\"PostalAddress\",\"@id\":\"https:\\\/\\\/recambiosecogas.com\\\/it\\\/producto\\\/tomasetto-kit-de-reparacion-del-regulador-de-presion-at12-gnc-solo-para-no-de-serie-542200\\\/#local-main-place-address\",\"streetAddress\":\"cami antic de vic, 29 (Nave 3), Pol\u00edgono Industrial Congost\",\"addressLocality\":\"CORRO D`AVALL\",\"postalCode\":\"08520\",\"addressRegion\":\"Barcelona\",\"addressCountry\":\"ES\"},{\"@type\":\"ImageObject\",\"inLanguage\":\"it-IT\",\"@id\":\"https:\\\/\\\/recambiosecogas.com\\\/it\\\/producto\\\/tomasetto-kit-de-reparacion-del-regulador-de-presion-at12-gnc-solo-para-no-de-serie-542200\\\/#local-main-organization-logo\",\"url\":\"https:\\\/\\\/recambiosecogas.com\\\/wp-content\\\/uploads\\\/2024\\\/11\\\/cropped-RECAMBIOS-GLP-png.webp\",\"contentUrl\":\"https:\\\/\\\/recambiosecogas.com\\\/wp-content\\\/uploads\\\/2024\\\/11\\\/cropped-RECAMBIOS-GLP-png.webp\",\"width\":512,\"height\":512,\"caption\":\"Recambios EcoGas\"}]}<\/script>\n<meta property=\"product:brand\" content=\"Tomasetto Achille\" \/>\n<meta property=\"product:price:amount\" content=\"23.13\" \/>\n<meta property=\"product:price:currency\" content=\"EUR\" \/>\n<meta property=\"og:availability\" content=\"instock\" \/>\n<meta property=\"product:availability\" content=\"instock\" \/>\n<meta property=\"product:retailer_item_id\" content=\"105356P\" \/>\n<meta property=\"product:condition\" content=\"new\" \/>\n<meta name=\"geo.placename\" content=\"CORRO D`AVALL\" \/>\n<meta name=\"geo.region\" content=\"Spagna\" \/>\n<!-- \/ Yoast SEO Premium plugin. -->","yoast_head_json":{"title":"Kit reparaci\u00f3n regulador Tomasetto GNC | Recambios Ecogas","description":"Kit de reparaci\u00f3n para regulador de presi\u00f3n Tomasetto AT12 GNC. Compatible con n\u00fameros de serie &lt; 542200.","robots":{"index":"index","follow":"follow","max-snippet":"max-snippet:-1","max-image-preview":"max-image-preview:large","max-video-preview":"max-video-preview:-1"},"canonical":"https:\/\/recambiosecogas.com\/it\/producto\/tomasetto-kit-de-reparacion-del-regulador-de-presion-at12-gnc-solo-para-no-de-serie-542200\/","og_locale":"it_IT","og_type":"article","og_title":"Tomasetto kit de reparaci\u00f3n del regulador de presi\u00f3n AT12 GNC (s\u00f3lo para n\u00ba de serie < 542200)","og_description":"Kit de reparaci\u00f3n para regulador de presi\u00f3n Tomasetto AT12 GNC. Compatible con n\u00fameros de serie &lt; 542200.","og_url":"https:\/\/recambiosecogas.com\/it\/producto\/tomasetto-kit-de-reparacion-del-regulador-de-presion-at12-gnc-solo-para-no-de-serie-542200\/","og_site_name":"Recambios EcoGas","article_publisher":"https:\/\/www.facebook.com\/profile.php?id=100062419705358","article_modified_time":"2026-04-27T08:22:21+00:00","og_image":[{"width":1000,"height":1000,"url":"https:\/\/recambiosecogas.com\/wp-content\/uploads\/2024\/11\/Tomasetto-kit-de-reparacion-del-regulador-de-presion-AT12-GNC-solo-para-n-de-serie-542200-1-png.webp","type":"image\/png"}],"twitter_card":"summary_large_image","twitter_misc":{"Prezzo":"23,13&nbsp;&euro; (Sin IVA: 19,12&nbsp;&euro;)","Disponibilit\u00e0":"In stock"},"schema":{"@context":"https:\/\/schema.org","@graph":[{"@type":"WebPage","@id":"https:\/\/recambiosecogas.com\/it\/producto\/tomasetto-kit-de-reparacion-del-regulador-de-presion-at12-gnc-solo-para-no-de-serie-542200\/","url":"https:\/\/recambiosecogas.com\/it\/producto\/tomasetto-kit-de-reparacion-del-regulador-de-presion-at12-gnc-solo-para-no-de-serie-542200\/","name":"Kit reparaci\u00f3n regulador Tomasetto GNC | Recambios Ecogas","isPartOf":{"@id":"https:\/\/recambiosecogas.com\/it\/#website"},"primaryImageOfPage":{"@id":"https:\/\/recambiosecogas.com\/it\/producto\/tomasetto-kit-de-reparacion-del-regulador-de-presion-at12-gnc-solo-para-no-de-serie-542200\/#primaryimage"},"image":{"@id":"https:\/\/recambiosecogas.com\/it\/producto\/tomasetto-kit-de-reparacion-del-regulador-de-presion-at12-gnc-solo-para-no-de-serie-542200\/#primaryimage"},"thumbnailUrl":"https:\/\/recambiosecogas.com\/wp-content\/uploads\/2024\/11\/Tomasetto-kit-de-reparacion-del-regulador-de-presion-AT12-GNC-solo-para-n-de-serie-542200-1-png.webp","datePublished":"2024-11-08T16:12:36+00:00","dateModified":"2026-04-27T08:22:21+00:00","description":"Kit de reparaci\u00f3n para regulador de presi\u00f3n Tomasetto AT12 GNC. Compatible con n\u00fameros de serie &lt; 542200.","breadcrumb":{"@id":"https:\/\/recambiosecogas.com\/it\/producto\/tomasetto-kit-de-reparacion-del-regulador-de-presion-at12-gnc-solo-para-no-de-serie-542200\/#breadcrumb"},"inLanguage":"it-IT","potentialAction":[{"@type":"ReadAction","target":["https:\/\/recambiosecogas.com\/it\/producto\/tomasetto-kit-de-reparacion-del-regulador-de-presion-at12-gnc-solo-para-no-de-serie-542200\/"]}]},{"@type":"ImageObject","inLanguage":"it-IT","@id":"https:\/\/recambiosecogas.com\/it\/producto\/tomasetto-kit-de-reparacion-del-regulador-de-presion-at12-gnc-solo-para-no-de-serie-542200\/#primaryimage","url":"https:\/\/recambiosecogas.com\/wp-content\/uploads\/2024\/11\/Tomasetto-kit-de-reparacion-del-regulador-de-presion-AT12-GNC-solo-para-n-de-serie-542200-1-png.webp","contentUrl":"https:\/\/recambiosecogas.com\/wp-content\/uploads\/2024\/11\/Tomasetto-kit-de-reparacion-del-regulador-de-presion-AT12-GNC-solo-para-n-de-serie-542200-1-png.webp","width":1000,"height":1000},{"@type":"BreadcrumbList","@id":"https:\/\/recambiosecogas.com\/it\/producto\/tomasetto-kit-de-reparacion-del-regulador-de-presion-at12-gnc-solo-para-no-de-serie-542200\/#breadcrumb","itemListElement":[{"@type":"ListItem","position":1,"name":"Portada","item":"https:\/\/recambiosecogas.com\/it\/"},{"@type":"ListItem","position":2,"name":"Negozio","item":"https:\/\/recambiosecogas.com\/it\/?page_id=46382"},{"@type":"ListItem","position":3,"name":"Tomasetto kit de reparaci\u00f3n del regulador de presi\u00f3n AT12 GNC (s\u00f3lo para n\u00ba de serie < 542200)"}]},{"@type":"WebSite","@id":"https:\/\/recambiosecogas.com\/it\/#website","url":"https:\/\/recambiosecogas.com\/it\/","name":"Recambios EcoGas","description":"Recambios Multimarca para sistemas de GLP\/GNC\/GNL\/Hidr\u00f3geno","publisher":{"@id":"https:\/\/recambiosecogas.com\/it\/#organization"},"alternateName":"Recambios Autogas GLP","potentialAction":[{"@type":"SearchAction","target":{"@type":"EntryPoint","urlTemplate":"https:\/\/recambiosecogas.com\/it\/?s={search_term_string}"},"query-input":{"@type":"PropertyValueSpecification","valueRequired":true,"valueName":"search_term_string"}}],"inLanguage":"it-IT"},{"@type":["Organization","Place"],"@id":"https:\/\/recambiosecogas.com\/it\/#organization","name":"Recambios EcoGas","alternateName":"Tienda Online GLP Espa\u00f1a","url":"https:\/\/recambiosecogas.com\/it\/","logo":{"@id":"https:\/\/recambiosecogas.com\/it\/producto\/tomasetto-kit-de-reparacion-del-regulador-de-presion-at12-gnc-solo-para-no-de-serie-542200\/#local-main-organization-logo"},"image":{"@id":"https:\/\/recambiosecogas.com\/it\/producto\/tomasetto-kit-de-reparacion-del-regulador-de-presion-at12-gnc-solo-para-no-de-serie-542200\/#local-main-organization-logo"},"sameAs":["https:\/\/www.facebook.com\/profile.php?id=100062419705358","https:\/\/www.instagram.com\/segimon_automocio"],"description":"Recambios EcoGas \u2013 Venta y distribuci\u00f3n de sistemas GLP y GNC en Espa\u00f1a y Portugal. Env\u00edos 24 h, soporte t\u00e9cnico a talleres y distribuidores.","hasMerchantReturnPolicy":{"@type":"MerchantReturnPolicy","merchantReturnLink":"https:\/\/recambiosecogas.com\/politicas-privacidad\/"},"address":{"@id":"https:\/\/recambiosecogas.com\/it\/producto\/tomasetto-kit-de-reparacion-del-regulador-de-presion-at12-gnc-solo-para-no-de-serie-542200\/#local-main-place-address"},"telephone":["616250633"],"contactPoint":{"@type":"ContactPoint","email":"export@recambiosecogas.com"},"openingHoursSpecification":[{"@type":"OpeningHoursSpecification","dayOfWeek":["Monday","Tuesday","Wednesday","Thursday","Friday","Saturday","Sunday"],"opens":"09:00","closes":"17:00"}],"email":"info@recambiosecogas.com","faxNumber":"SEGIMON AUTOMOCION SL","vatID":"ESB19819861","globalLocationNumber":"938 616 339"},{"@type":"PostalAddress","@id":"https:\/\/recambiosecogas.com\/it\/producto\/tomasetto-kit-de-reparacion-del-regulador-de-presion-at12-gnc-solo-para-no-de-serie-542200\/#local-main-place-address","streetAddress":"cami antic de vic, 29 (Nave 3), Pol\u00edgono Industrial Congost","addressLocality":"CORRO D`AVALL","postalCode":"08520","addressRegion":"Barcelona","addressCountry":"ES"},{"@type":"ImageObject","inLanguage":"it-IT","@id":"https:\/\/recambiosecogas.com\/it\/producto\/tomasetto-kit-de-reparacion-del-regulador-de-presion-at12-gnc-solo-para-no-de-serie-542200\/#local-main-organization-logo","url":"https:\/\/recambiosecogas.com\/wp-content\/uploads\/2024\/11\/cropped-RECAMBIOS-GLP-png.webp","contentUrl":"https:\/\/recambiosecogas.com\/wp-content\/uploads\/2024\/11\/cropped-RECAMBIOS-GLP-png.webp","width":512,"height":512,"caption":"Recambios EcoGas"}]},"product_brand":"Tomasetto Achille","product_price_amount":"23.13","product_price_currency":"EUR","og_availability":"instock","product_availability":"instock","product_retailer_item_id":"105356P","product_condition":"new","geo.placename":"CORRO D`AVALL","geo.region":"Spagna"},"uagb_featured_image_src":{"full":["https:\/\/recambiosecogas.com\/wp-content\/uploads\/2024\/11\/Tomasetto-kit-de-reparacion-del-regulador-de-presion-AT12-GNC-solo-para-n-de-serie-542200-1-png.webp",1000,1000,false],"thumbnail":["https:\/\/recambiosecogas.com\/wp-content\/uploads\/2024\/11\/Tomasetto-kit-de-reparacion-del-regulador-de-presion-AT12-GNC-solo-para-n-de-serie-542200-1-150x150.webp",150,150,true],"medium":["https:\/\/recambiosecogas.com\/wp-content\/uploads\/2024\/11\/Tomasetto-kit-de-reparacion-del-regulador-de-presion-AT12-GNC-solo-para-n-de-serie-542200-1-300x300.webp",300,300,true],"medium_large":["https:\/\/recambiosecogas.com\/wp-content\/uploads\/2024\/11\/Tomasetto-kit-de-reparacion-del-regulador-de-presion-AT12-GNC-solo-para-n-de-serie-542200-1-768x768.webp",768,768,true],"large":["https:\/\/recambiosecogas.com\/wp-content\/uploads\/2024\/11\/Tomasetto-kit-de-reparacion-del-regulador-de-presion-AT12-GNC-solo-para-n-de-serie-542200-1-png.webp",1000,1000,false],"1536x1536":["https:\/\/recambiosecogas.com\/wp-content\/uploads\/2024\/11\/Tomasetto-kit-de-reparacion-del-regulador-de-presion-AT12-GNC-solo-para-n-de-serie-542200-1-png.webp",1000,1000,false],"2048x2048":["https:\/\/recambiosecogas.com\/wp-content\/uploads\/2024\/11\/Tomasetto-kit-de-reparacion-del-regulador-de-presion-AT12-GNC-solo-para-n-de-serie-542200-1-png.webp",1000,1000,false],"woocommerce_archive_thumbnail":["https:\/\/recambiosecogas.com\/wp-content\/uploads\/2024\/11\/Tomasetto-kit-de-reparacion-del-regulador-de-presion-AT12-GNC-solo-para-n-de-serie-542200-1-png.webp",1000,1000,false],"woocommerce_thumbnail":["https:\/\/recambiosecogas.com\/wp-content\/uploads\/2024\/11\/Tomasetto-kit-de-reparacion-del-regulador-de-presion-AT12-GNC-solo-para-n-de-serie-542200-1-png-300x300.webp",300,300,true],"woocommerce_single":["https:\/\/recambiosecogas.com\/wp-content\/uploads\/2024\/11\/Tomasetto-kit-de-reparacion-del-regulador-de-presion-AT12-GNC-solo-para-n-de-serie-542200-1-png.webp",1000,1000,false],"woocommerce_gallery_thumbnail":["https:\/\/recambiosecogas.com\/wp-content\/uploads\/2024\/11\/Tomasetto-kit-de-reparacion-del-regulador-de-presion-AT12-GNC-solo-para-n-de-serie-542200-1-png.webp",1000,1000,false],"dgwt-wcas-product-suggestion":["https:\/\/recambiosecogas.com\/wp-content\/uploads\/2024\/11\/Tomasetto-kit-de-reparacion-del-regulador-de-presion-AT12-GNC-solo-para-n-de-serie-542200-1-png-64x64.webp",64,64,true]},"uagb_author_info":{"display_name":"Fran - Soporte T\u00e9cnico","author_link":"https:\/\/recambiosecogas.com\/it\/author\/"},"uagb_comment_info":0,"uagb_excerpt":"Kit de reparaci\u00f3n para regulador de presi\u00f3n Tomasetto AT12 GNC, solo para n\u00fameros de serie < 542200.","_links":{"self":[{"href":"https:\/\/recambiosecogas.com\/it\/wp-json\/wp\/v2\/product\/6524","targetHints":{"allow":["GET"]}}],"collection":[{"href":"https:\/\/recambiosecogas.com\/it\/wp-json\/wp\/v2\/product"}],"about":[{"href":"https:\/\/recambiosecogas.com\/it\/wp-json\/wp\/v2\/types\/product"}],"replies":[{"embeddable":true,"href":"https:\/\/recambiosecogas.com\/it\/wp-json\/wp\/v2\/comments?post=6524"}],"wp:featuredmedia":[{"embeddable":true,"href":"https:\/\/recambiosecogas.com\/it\/wp-json\/wp\/v2\/media\/6529"}],"wp:attachment":[{"href":"https:\/\/recambiosecogas.com\/it\/wp-json\/wp\/v2\/media?parent=6524"}],"wp:term":[{"taxonomy":"product_brand","embeddable":true,"href":"https:\/\/recambiosecogas.com\/it\/wp-json\/wp\/v2\/product_brand?post=6524"},{"taxonomy":"product_cat","embeddable":true,"href":"https:\/\/recambiosecogas.com\/it\/wp-json\/wp\/v2\/product_cat?post=6524"},{"taxonomy":"product_tag","embeddable":true,"href":"https:\/\/recambiosecogas.com\/it\/wp-json\/wp\/v2\/product_tag?post=6524"}],"curies":[{"name":"wp","href":"https:\/\/api.w.org\/{rel}","templated":true}]}}