{"id":48931,"date":"2026-04-30T08:32:04","date_gmt":"2026-04-30T07:32:04","guid":{"rendered":"https:\/\/recambiosecogas.com\/?post_type=product&#038;p=48931"},"modified":"2026-04-30T08:43:15","modified_gmt":"2026-04-30T07:43:15","slug":"omb-sensor-de-nivel-del-tanque-10-50-ohm","status":"publish","type":"product","link":"https:\/\/recambiosecogas.com\/it\/producto\/omb-sensor-de-nivel-del-tanque-10-50-ohm\/","title":{"rendered":"OMB Sensor de nivel del tanque 10-50 OHM"},"content":{"rendered":"<p>El <strong>Sensor de nivel del tanque 10-50 OHM<\/strong> es un componente esencial para sistemas de <strong>Autogas<\/strong>, dise\u00f1ado para monitorear el nivel de combustible en el tanque. Este sensor proporciona lecturas precisas del nivel de gas, lo que permite a los conductores y talleres gestionar el suministro de combustible de manera eficiente.<\/p>\n<p>Este sensor funciona mediante la medici\u00f3n de la resistencia el\u00e9ctrica en el rango de <strong>10 a 50 OHM<\/strong>, lo que permite determinar el nivel de combustible en el tanque. Su correcta operaci\u00f3n es crucial para evitar problemas de suministro de gas y garantizar que el veh\u00edculo funcione de manera \u00f3ptima. Un sensor defectuoso puede llevar a lecturas inexactas, lo que podr\u00eda resultar en un mal rendimiento del motor o en la falta de combustible en momentos cr\u00edticos.<\/p>\n<p>La instalaci\u00f3n de este sensor es necesaria cuando se presentan fallos en la medici\u00f3n del nivel de combustible, como lecturas err\u00e1ticas o la incapacidad de mostrar el nivel real del gas en el tanque. Es recomendable que los talleres verifiquen la compatibilidad del sensor con el sistema de Autogas existente antes de proceder con la compra.<\/p>\n<p>Si el sensor no se reemplaza a tiempo, pueden surgir problemas significativos, como un aumento en el consumo de combustible, emisiones contaminantes elevadas y un rendimiento del motor deficiente. Por lo tanto, es crucial realizar un mantenimiento regular y estar atento a cualquier s\u00edntoma de fallo en el sistema de gas.<\/p>\n<h4>Datos t\u00e9cnicos<\/h4>\n<p>No se aplican especificaciones t\u00e9cnicas espec\u00edficas a este sensor.<\/p>\n<h4>S\u00edntomas de fallo<\/h4>\n<ul>\n<li>Lecturas inexactas del nivel de combustible.<\/li>\n<li>Falta de respuesta en el indicador de nivel.<\/li>\n<li>Problemas en el suministro de gas.<\/li>\n<li>Rendimiento del motor disminuido.<\/li>\n<\/ul>\n<h4>Compatibilidad<\/h4>\n<p>Compatible con sistemas de <strong>Autogas<\/strong>. Se recomienda verificar la referencia original antes de realizar la compra.<\/p>\n","protected":false},"excerpt":{"rendered":"<p>Sensor de nivel del tanque 10-50 OHM para sistemas de Autogas. Monitorea el nivel de combustible, asegurando un funcionamiento eficiente.<\/p>\n","protected":false},"featured_media":48932,"comment_status":"open","ping_status":"closed","template":"","meta":{"googlesitekit_rrm_CAowud7EDA:productID":"","_uag_custom_page_level_css":""},"product_brand":[],"product_cat":[120,320,324],"product_tag":[],"class_list":{"0":"post-48931","1":"product","2":"type-product","3":"status-publish","4":"has-post-thumbnail","6":"product_cat-omb","7":"product_cat-sensores-2","8":"product_cat-sensores-del-depositos","10":"first","11":"onbackorder","12":"taxable","13":"shipping-taxable","14":"purchasable","15":"product-type-simple"},"ct_brands":[],"yoast_head":"<!-- This site is optimized with the Yoast SEO Premium plugin v27.4 (Yoast SEO v27.5) - https:\/\/yoast.com\/product\/yoast-seo-premium-wordpress\/ -->\n<title>Sensor de nivel del tanque 10-50 OHM | Recambios Ecogas<\/title>\n<meta name=\"description\" content=\"Sensor de nivel del tanque 10-50 OHM para sistemas de Autogas. Monitorea el nivel de combustible, asegurando un funcionamiento eficiente.\" \/>\n<meta name=\"robots\" content=\"index, follow, max-snippet:-1, max-image-preview:large, max-video-preview:-1\" \/>\n<link rel=\"canonical\" href=\"https:\/\/recambiosecogas.com\/it\/producto\/omb-sensor-de-nivel-del-tanque-10-50-ohm\/\" \/>\n<meta property=\"og:locale\" content=\"it_IT\" \/>\n<meta property=\"og:type\" content=\"article\" \/>\n<meta property=\"og:title\" content=\"OMB Sensor de nivel del tanque 10-50 OHM\" \/>\n<meta property=\"og:description\" content=\"Sensor de nivel del tanque 10-50 OHM para sistemas de Autogas. Monitorea el nivel de combustible, asegurando un funcionamiento eficiente.\" \/>\n<meta property=\"og:url\" content=\"https:\/\/recambiosecogas.com\/it\/producto\/omb-sensor-de-nivel-del-tanque-10-50-ohm\/\" \/>\n<meta property=\"og:site_name\" content=\"Recambios EcoGas\" \/>\n<meta property=\"article:publisher\" content=\"https:\/\/www.facebook.com\/profile.php?id=100062419705358\" \/>\n<meta property=\"article:modified_time\" content=\"2026-04-30T07:43:15+00:00\" \/>\n<meta property=\"og:image\" content=\"https:\/\/recambiosecogas.com\/wp-content\/uploads\/2026\/04\/100862-omb-tankgeber-0-90-ohm_miniatura.png\" \/>\n\t<meta property=\"og:image:width\" content=\"1000\" \/>\n\t<meta property=\"og:image:height\" content=\"1000\" \/>\n\t<meta property=\"og:image:type\" content=\"image\/png\" \/>\n<meta name=\"twitter:card\" content=\"summary_large_image\" \/>\n<meta name=\"twitter:label1\" content=\"Prezzo\" \/>\n\t<meta name=\"twitter:data1\" content=\"12,99&nbsp;&euro; (Sin IVA: 10,74&nbsp;&euro;)\" \/>\n\t<meta name=\"twitter:label2\" content=\"Disponibilit\u00e0\" \/>\n\t<meta name=\"twitter:data2\" content=\"Su ordinazione\" \/>\n<script type=\"application\/ld+json\" class=\"yoast-schema-graph\">{\"@context\":\"https:\\\/\\\/schema.org\",\"@graph\":[{\"@type\":\"WebPage\",\"@id\":\"https:\\\/\\\/recambiosecogas.com\\\/it\\\/producto\\\/omb-sensor-de-nivel-del-tanque-10-50-ohm\\\/\",\"url\":\"https:\\\/\\\/recambiosecogas.com\\\/it\\\/producto\\\/omb-sensor-de-nivel-del-tanque-10-50-ohm\\\/\",\"name\":\"Sensor de nivel del tanque 10-50 OHM | Recambios Ecogas\",\"isPartOf\":{\"@id\":\"https:\\\/\\\/recambiosecogas.com\\\/it\\\/#website\"},\"primaryImageOfPage\":{\"@id\":\"https:\\\/\\\/recambiosecogas.com\\\/it\\\/producto\\\/omb-sensor-de-nivel-del-tanque-10-50-ohm\\\/#primaryimage\"},\"image\":{\"@id\":\"https:\\\/\\\/recambiosecogas.com\\\/it\\\/producto\\\/omb-sensor-de-nivel-del-tanque-10-50-ohm\\\/#primaryimage\"},\"thumbnailUrl\":\"https:\\\/\\\/recambiosecogas.com\\\/wp-content\\\/uploads\\\/2026\\\/04\\\/100862-omb-tankgeber-0-90-ohm_miniatura.png\",\"datePublished\":\"2026-04-30T07:32:04+00:00\",\"dateModified\":\"2026-04-30T07:43:15+00:00\",\"description\":\"Sensor de nivel del tanque 10-50 OHM para sistemas de Autogas. Monitorea el nivel de combustible, asegurando un funcionamiento eficiente.\",\"breadcrumb\":{\"@id\":\"https:\\\/\\\/recambiosecogas.com\\\/it\\\/producto\\\/omb-sensor-de-nivel-del-tanque-10-50-ohm\\\/#breadcrumb\"},\"inLanguage\":\"it-IT\",\"potentialAction\":[{\"@type\":\"ReadAction\",\"target\":[\"https:\\\/\\\/recambiosecogas.com\\\/it\\\/producto\\\/omb-sensor-de-nivel-del-tanque-10-50-ohm\\\/\"]}]},{\"@type\":\"ImageObject\",\"inLanguage\":\"it-IT\",\"@id\":\"https:\\\/\\\/recambiosecogas.com\\\/it\\\/producto\\\/omb-sensor-de-nivel-del-tanque-10-50-ohm\\\/#primaryimage\",\"url\":\"https:\\\/\\\/recambiosecogas.com\\\/wp-content\\\/uploads\\\/2026\\\/04\\\/100862-omb-tankgeber-0-90-ohm_miniatura.png\",\"contentUrl\":\"https:\\\/\\\/recambiosecogas.com\\\/wp-content\\\/uploads\\\/2026\\\/04\\\/100862-omb-tankgeber-0-90-ohm_miniatura.png\",\"width\":1000,\"height\":1000},{\"@type\":\"BreadcrumbList\",\"@id\":\"https:\\\/\\\/recambiosecogas.com\\\/it\\\/producto\\\/omb-sensor-de-nivel-del-tanque-10-50-ohm\\\/#breadcrumb\",\"itemListElement\":[{\"@type\":\"ListItem\",\"position\":1,\"name\":\"Portada\",\"item\":\"https:\\\/\\\/recambiosecogas.com\\\/it\\\/\"},{\"@type\":\"ListItem\",\"position\":2,\"name\":\"Negozio\",\"item\":\"https:\\\/\\\/recambiosecogas.com\\\/it\\\/?page_id=46382\"},{\"@type\":\"ListItem\",\"position\":3,\"name\":\"OMB Sensor de nivel del tanque 10-50 OHM\"}]},{\"@type\":\"WebSite\",\"@id\":\"https:\\\/\\\/recambiosecogas.com\\\/it\\\/#website\",\"url\":\"https:\\\/\\\/recambiosecogas.com\\\/it\\\/\",\"name\":\"Recambios EcoGas\",\"description\":\"Recambios Multimarca para sistemas de GLP\\\/GNC\\\/GNL\\\/Hidr\u00f3geno\",\"publisher\":{\"@id\":\"https:\\\/\\\/recambiosecogas.com\\\/it\\\/#organization\"},\"alternateName\":\"Recambios Autogas GLP\",\"potentialAction\":[{\"@type\":\"SearchAction\",\"target\":{\"@type\":\"EntryPoint\",\"urlTemplate\":\"https:\\\/\\\/recambiosecogas.com\\\/it\\\/?s={search_term_string}\"},\"query-input\":{\"@type\":\"PropertyValueSpecification\",\"valueRequired\":true,\"valueName\":\"search_term_string\"}}],\"inLanguage\":\"it-IT\"},{\"@type\":[\"Organization\",\"Place\"],\"@id\":\"https:\\\/\\\/recambiosecogas.com\\\/it\\\/#organization\",\"name\":\"Recambios EcoGas\",\"alternateName\":\"Tienda Online GLP Espa\u00f1a\",\"url\":\"https:\\\/\\\/recambiosecogas.com\\\/it\\\/\",\"logo\":{\"@id\":\"https:\\\/\\\/recambiosecogas.com\\\/it\\\/producto\\\/omb-sensor-de-nivel-del-tanque-10-50-ohm\\\/#local-main-organization-logo\"},\"image\":{\"@id\":\"https:\\\/\\\/recambiosecogas.com\\\/it\\\/producto\\\/omb-sensor-de-nivel-del-tanque-10-50-ohm\\\/#local-main-organization-logo\"},\"sameAs\":[\"https:\\\/\\\/www.facebook.com\\\/profile.php?id=100062419705358\",\"https:\\\/\\\/www.instagram.com\\\/segimon_automocio\"],\"description\":\"Recambios EcoGas \u2013 Venta y distribuci\u00f3n de sistemas GLP y GNC en Espa\u00f1a y Portugal. Env\u00edos 24 h, soporte t\u00e9cnico a talleres y distribuidores.\",\"hasMerchantReturnPolicy\":{\"@type\":\"MerchantReturnPolicy\",\"merchantReturnLink\":\"https:\\\/\\\/recambiosecogas.com\\\/politicas-privacidad\\\/\"},\"address\":{\"@id\":\"https:\\\/\\\/recambiosecogas.com\\\/it\\\/producto\\\/omb-sensor-de-nivel-del-tanque-10-50-ohm\\\/#local-main-place-address\"},\"telephone\":[\"616250633\"],\"contactPoint\":{\"@type\":\"ContactPoint\",\"email\":\"export@recambiosecogas.com\"},\"openingHoursSpecification\":[{\"@type\":\"OpeningHoursSpecification\",\"dayOfWeek\":[\"Monday\",\"Tuesday\",\"Wednesday\",\"Thursday\",\"Friday\",\"Saturday\",\"Sunday\"],\"opens\":\"09:00\",\"closes\":\"17:00\"}],\"email\":\"info@recambiosecogas.com\",\"faxNumber\":\"SEGIMON AUTOMOCION SL\",\"vatID\":\"ESB19819861\",\"globalLocationNumber\":\"938 616 339\"},{\"@type\":\"PostalAddress\",\"@id\":\"https:\\\/\\\/recambiosecogas.com\\\/it\\\/producto\\\/omb-sensor-de-nivel-del-tanque-10-50-ohm\\\/#local-main-place-address\",\"streetAddress\":\"cami antic de vic, 29 (Nave 3), Pol\u00edgono Industrial Congost\",\"addressLocality\":\"CORRO D`AVALL\",\"postalCode\":\"08520\",\"addressRegion\":\"Barcelona\",\"addressCountry\":\"ES\"},{\"@type\":\"ImageObject\",\"inLanguage\":\"it-IT\",\"@id\":\"https:\\\/\\\/recambiosecogas.com\\\/it\\\/producto\\\/omb-sensor-de-nivel-del-tanque-10-50-ohm\\\/#local-main-organization-logo\",\"url\":\"https:\\\/\\\/recambiosecogas.com\\\/wp-content\\\/uploads\\\/2024\\\/11\\\/cropped-RECAMBIOS-GLP-png.webp\",\"contentUrl\":\"https:\\\/\\\/recambiosecogas.com\\\/wp-content\\\/uploads\\\/2024\\\/11\\\/cropped-RECAMBIOS-GLP-png.webp\",\"width\":512,\"height\":512,\"caption\":\"Recambios EcoGas\"}]}<\/script>\n<meta property=\"product:price:amount\" content=\"12.99\" \/>\n<meta property=\"product:price:currency\" content=\"EUR\" \/>\n<meta property=\"og:availability\" content=\"backorder\" \/>\n<meta property=\"product:availability\" content=\"available for order\" \/>\n<meta property=\"product:retailer_item_id\" content=\"105139\" \/>\n<meta property=\"product:condition\" content=\"new\" \/>\n<meta name=\"geo.placename\" content=\"CORRO D`AVALL\" \/>\n<meta name=\"geo.region\" content=\"Spagna\" \/>\n<!-- \/ Yoast SEO Premium plugin. -->","yoast_head_json":{"title":"Sensor de nivel del tanque 10-50 OHM | Recambios Ecogas","description":"Sensor de nivel del tanque 10-50 OHM para sistemas de Autogas. Monitorea el nivel de combustible, asegurando un funcionamiento eficiente.","robots":{"index":"index","follow":"follow","max-snippet":"max-snippet:-1","max-image-preview":"max-image-preview:large","max-video-preview":"max-video-preview:-1"},"canonical":"https:\/\/recambiosecogas.com\/it\/producto\/omb-sensor-de-nivel-del-tanque-10-50-ohm\/","og_locale":"it_IT","og_type":"article","og_title":"OMB Sensor de nivel del tanque 10-50 OHM","og_description":"Sensor de nivel del tanque 10-50 OHM para sistemas de Autogas. Monitorea el nivel de combustible, asegurando un funcionamiento eficiente.","og_url":"https:\/\/recambiosecogas.com\/it\/producto\/omb-sensor-de-nivel-del-tanque-10-50-ohm\/","og_site_name":"Recambios EcoGas","article_publisher":"https:\/\/www.facebook.com\/profile.php?id=100062419705358","article_modified_time":"2026-04-30T07:43:15+00:00","og_image":[{"width":1000,"height":1000,"url":"https:\/\/recambiosecogas.com\/wp-content\/uploads\/2026\/04\/100862-omb-tankgeber-0-90-ohm_miniatura.png","type":"image\/png"}],"twitter_card":"summary_large_image","twitter_misc":{"Prezzo":"12,99&nbsp;&euro; (Sin IVA: 10,74&nbsp;&euro;)","Disponibilit\u00e0":"Su ordinazione"},"schema":{"@context":"https:\/\/schema.org","@graph":[{"@type":"WebPage","@id":"https:\/\/recambiosecogas.com\/it\/producto\/omb-sensor-de-nivel-del-tanque-10-50-ohm\/","url":"https:\/\/recambiosecogas.com\/it\/producto\/omb-sensor-de-nivel-del-tanque-10-50-ohm\/","name":"Sensor de nivel del tanque 10-50 OHM | Recambios Ecogas","isPartOf":{"@id":"https:\/\/recambiosecogas.com\/it\/#website"},"primaryImageOfPage":{"@id":"https:\/\/recambiosecogas.com\/it\/producto\/omb-sensor-de-nivel-del-tanque-10-50-ohm\/#primaryimage"},"image":{"@id":"https:\/\/recambiosecogas.com\/it\/producto\/omb-sensor-de-nivel-del-tanque-10-50-ohm\/#primaryimage"},"thumbnailUrl":"https:\/\/recambiosecogas.com\/wp-content\/uploads\/2026\/04\/100862-omb-tankgeber-0-90-ohm_miniatura.png","datePublished":"2026-04-30T07:32:04+00:00","dateModified":"2026-04-30T07:43:15+00:00","description":"Sensor de nivel del tanque 10-50 OHM para sistemas de Autogas. Monitorea el nivel de combustible, asegurando un funcionamiento eficiente.","breadcrumb":{"@id":"https:\/\/recambiosecogas.com\/it\/producto\/omb-sensor-de-nivel-del-tanque-10-50-ohm\/#breadcrumb"},"inLanguage":"it-IT","potentialAction":[{"@type":"ReadAction","target":["https:\/\/recambiosecogas.com\/it\/producto\/omb-sensor-de-nivel-del-tanque-10-50-ohm\/"]}]},{"@type":"ImageObject","inLanguage":"it-IT","@id":"https:\/\/recambiosecogas.com\/it\/producto\/omb-sensor-de-nivel-del-tanque-10-50-ohm\/#primaryimage","url":"https:\/\/recambiosecogas.com\/wp-content\/uploads\/2026\/04\/100862-omb-tankgeber-0-90-ohm_miniatura.png","contentUrl":"https:\/\/recambiosecogas.com\/wp-content\/uploads\/2026\/04\/100862-omb-tankgeber-0-90-ohm_miniatura.png","width":1000,"height":1000},{"@type":"BreadcrumbList","@id":"https:\/\/recambiosecogas.com\/it\/producto\/omb-sensor-de-nivel-del-tanque-10-50-ohm\/#breadcrumb","itemListElement":[{"@type":"ListItem","position":1,"name":"Portada","item":"https:\/\/recambiosecogas.com\/it\/"},{"@type":"ListItem","position":2,"name":"Negozio","item":"https:\/\/recambiosecogas.com\/it\/?page_id=46382"},{"@type":"ListItem","position":3,"name":"OMB Sensor de nivel del tanque 10-50 OHM"}]},{"@type":"WebSite","@id":"https:\/\/recambiosecogas.com\/it\/#website","url":"https:\/\/recambiosecogas.com\/it\/","name":"Recambios EcoGas","description":"Recambios Multimarca para sistemas de GLP\/GNC\/GNL\/Hidr\u00f3geno","publisher":{"@id":"https:\/\/recambiosecogas.com\/it\/#organization"},"alternateName":"Recambios Autogas GLP","potentialAction":[{"@type":"SearchAction","target":{"@type":"EntryPoint","urlTemplate":"https:\/\/recambiosecogas.com\/it\/?s={search_term_string}"},"query-input":{"@type":"PropertyValueSpecification","valueRequired":true,"valueName":"search_term_string"}}],"inLanguage":"it-IT"},{"@type":["Organization","Place"],"@id":"https:\/\/recambiosecogas.com\/it\/#organization","name":"Recambios EcoGas","alternateName":"Tienda Online GLP Espa\u00f1a","url":"https:\/\/recambiosecogas.com\/it\/","logo":{"@id":"https:\/\/recambiosecogas.com\/it\/producto\/omb-sensor-de-nivel-del-tanque-10-50-ohm\/#local-main-organization-logo"},"image":{"@id":"https:\/\/recambiosecogas.com\/it\/producto\/omb-sensor-de-nivel-del-tanque-10-50-ohm\/#local-main-organization-logo"},"sameAs":["https:\/\/www.facebook.com\/profile.php?id=100062419705358","https:\/\/www.instagram.com\/segimon_automocio"],"description":"Recambios EcoGas \u2013 Venta y distribuci\u00f3n de sistemas GLP y GNC en Espa\u00f1a y Portugal. Env\u00edos 24 h, soporte t\u00e9cnico a talleres y distribuidores.","hasMerchantReturnPolicy":{"@type":"MerchantReturnPolicy","merchantReturnLink":"https:\/\/recambiosecogas.com\/politicas-privacidad\/"},"address":{"@id":"https:\/\/recambiosecogas.com\/it\/producto\/omb-sensor-de-nivel-del-tanque-10-50-ohm\/#local-main-place-address"},"telephone":["616250633"],"contactPoint":{"@type":"ContactPoint","email":"export@recambiosecogas.com"},"openingHoursSpecification":[{"@type":"OpeningHoursSpecification","dayOfWeek":["Monday","Tuesday","Wednesday","Thursday","Friday","Saturday","Sunday"],"opens":"09:00","closes":"17:00"}],"email":"info@recambiosecogas.com","faxNumber":"SEGIMON AUTOMOCION SL","vatID":"ESB19819861","globalLocationNumber":"938 616 339"},{"@type":"PostalAddress","@id":"https:\/\/recambiosecogas.com\/it\/producto\/omb-sensor-de-nivel-del-tanque-10-50-ohm\/#local-main-place-address","streetAddress":"cami antic de vic, 29 (Nave 3), Pol\u00edgono Industrial Congost","addressLocality":"CORRO D`AVALL","postalCode":"08520","addressRegion":"Barcelona","addressCountry":"ES"},{"@type":"ImageObject","inLanguage":"it-IT","@id":"https:\/\/recambiosecogas.com\/it\/producto\/omb-sensor-de-nivel-del-tanque-10-50-ohm\/#local-main-organization-logo","url":"https:\/\/recambiosecogas.com\/wp-content\/uploads\/2024\/11\/cropped-RECAMBIOS-GLP-png.webp","contentUrl":"https:\/\/recambiosecogas.com\/wp-content\/uploads\/2024\/11\/cropped-RECAMBIOS-GLP-png.webp","width":512,"height":512,"caption":"Recambios EcoGas"}]},"product_price_amount":"12.99","product_price_currency":"EUR","og_availability":"backorder","product_availability":"available for order","product_retailer_item_id":"105139","product_condition":"new","geo.placename":"CORRO D`AVALL","geo.region":"Spagna"},"uagb_featured_image_src":{"full":["https:\/\/recambiosecogas.com\/wp-content\/uploads\/2026\/04\/100862-omb-tankgeber-0-90-ohm_miniatura.png",1000,1000,false],"thumbnail":["https:\/\/recambiosecogas.com\/wp-content\/uploads\/2026\/04\/100862-omb-tankgeber-0-90-ohm_miniatura-150x150.png",150,150,true],"medium":["https:\/\/recambiosecogas.com\/wp-content\/uploads\/2026\/04\/100862-omb-tankgeber-0-90-ohm_miniatura-300x300.png",300,300,true],"medium_large":["https:\/\/recambiosecogas.com\/wp-content\/uploads\/2026\/04\/100862-omb-tankgeber-0-90-ohm_miniatura-768x768.png",768,768,true],"large":["https:\/\/recambiosecogas.com\/wp-content\/uploads\/2026\/04\/100862-omb-tankgeber-0-90-ohm_miniatura.png",1000,1000,false],"1536x1536":["https:\/\/recambiosecogas.com\/wp-content\/uploads\/2026\/04\/100862-omb-tankgeber-0-90-ohm_miniatura.png",1000,1000,false],"2048x2048":["https:\/\/recambiosecogas.com\/wp-content\/uploads\/2026\/04\/100862-omb-tankgeber-0-90-ohm_miniatura.png",1000,1000,false],"woocommerce_archive_thumbnail":["https:\/\/recambiosecogas.com\/wp-content\/uploads\/2026\/04\/100862-omb-tankgeber-0-90-ohm_miniatura.png",1000,1000,false],"woocommerce_thumbnail":["https:\/\/recambiosecogas.com\/wp-content\/uploads\/2026\/04\/100862-omb-tankgeber-0-90-ohm_miniatura-300x300.png",300,300,true],"woocommerce_single":["https:\/\/recambiosecogas.com\/wp-content\/uploads\/2026\/04\/100862-omb-tankgeber-0-90-ohm_miniatura.png",1000,1000,false],"woocommerce_gallery_thumbnail":["https:\/\/recambiosecogas.com\/wp-content\/uploads\/2026\/04\/100862-omb-tankgeber-0-90-ohm_miniatura.png",1000,1000,false],"dgwt-wcas-product-suggestion":["https:\/\/recambiosecogas.com\/wp-content\/uploads\/2026\/04\/100862-omb-tankgeber-0-90-ohm_miniatura-64x64.png",64,64,true]},"uagb_author_info":{"display_name":"Gertjan Recambios EcoGas","author_link":"https:\/\/recambiosecogas.com\/it\/author\/"},"uagb_comment_info":0,"uagb_excerpt":"Sensor de nivel del tanque 10-50 OHM para sistemas de Autogas. Monitorea el nivel de combustible, asegurando un funcionamiento eficiente.","_links":{"self":[{"href":"https:\/\/recambiosecogas.com\/it\/wp-json\/wp\/v2\/product\/48931","targetHints":{"allow":["GET"]}}],"collection":[{"href":"https:\/\/recambiosecogas.com\/it\/wp-json\/wp\/v2\/product"}],"about":[{"href":"https:\/\/recambiosecogas.com\/it\/wp-json\/wp\/v2\/types\/product"}],"replies":[{"embeddable":true,"href":"https:\/\/recambiosecogas.com\/it\/wp-json\/wp\/v2\/comments?post=48931"}],"wp:featuredmedia":[{"embeddable":true,"href":"https:\/\/recambiosecogas.com\/it\/wp-json\/wp\/v2\/media\/48932"}],"wp:attachment":[{"href":"https:\/\/recambiosecogas.com\/it\/wp-json\/wp\/v2\/media?parent=48931"}],"wp:term":[{"taxonomy":"product_brand","embeddable":true,"href":"https:\/\/recambiosecogas.com\/it\/wp-json\/wp\/v2\/product_brand?post=48931"},{"taxonomy":"product_cat","embeddable":true,"href":"https:\/\/recambiosecogas.com\/it\/wp-json\/wp\/v2\/product_cat?post=48931"},{"taxonomy":"product_tag","embeddable":true,"href":"https:\/\/recambiosecogas.com\/it\/wp-json\/wp\/v2\/product_tag?post=48931"}],"curies":[{"name":"wp","href":"https:\/\/api.w.org\/{rel}","templated":true}]}}