{"id":48722,"date":"2024-12-23T15:32:03","date_gmt":"2024-12-23T14:32:03","guid":{"rendered":"https:\/\/recambiosecogas.com\/producto\/inyector-individual-landirenzo-gi25-65-medio-bosch-negro\/"},"modified":"2026-04-15T11:51:46","modified_gmt":"2026-04-15T10:51:46","slug":"inyector-individual-landirenzo-gi25-65-medio-bosch-negro","status":"publish","type":"product","link":"https:\/\/recambiosecogas.com\/it\/producto\/inyector-individual-landirenzo-gi25-65-medio-bosch-negro\/","title":{"rendered":"Landi Renzo GI25-65 Medium LPG\/CNG Iniettore Singolo Bosch (Nero)"},"content":{"rendered":"<h3 class=\"\" style=\"text-align: center;\" data-start=\"186\" data-end=\"258\">Landi Renzo GI25-65 Medium LPG\/CNG Iniettore Singolo Bosch (Nero)<\/h3>\n<p class=\"\" data-start=\"260\" data-end=\"747\">Il <strong data-start=\"263\" data-end=\"325\">Landirenzo GI25-65 Medium Bosch Single Injector (Nero)<\/strong> \u00e8 una soluzione avanzata e ad alte prestazioni per sistemi di iniezione di gas GPL e CNG. Progettato con tecnologia OEM di Landirenzo, leader mondiale nei sistemi a carburante alternativo, questo iniettore garantisce un&#8217;iniezione accurata, costante ed efficiente di benzina nei motori a combustione interna. Il suo connettore tipo Bosch garantisce compatibilit\u00e0 con una vasta gamma di veicoli e un&#8217;installazione sicura e semplice.    <span style=\"color: #ffffff;\">\u00a9RecambiosEcoGas<\/span><\/p>\n<p class=\"\" data-start=\"749\" data-end=\"1091\">Questo iniettore \u00e8 ideale sia per la manutenzione che per la sostituzione nei sistemi Landirenzo che utilizzano connessioni Bosch. Grazie alla sua capacit\u00e0 di mantenere un flusso controllato ed efficiente, migliora significativamente l&#8217;efficienza dei carburanti, la potenza del motore e contribuisce a una notevole riduzione delle emissioni inquinanti.   <span style=\"color: #ffffff;\">\u00a9RecambiosEcoGas<\/span><\/p>\n<p class=\"\" data-start=\"1093\" data-end=\"1389\">Compatibile con veicoli di marchi riconosciuti come <strong data-start=\"1145\" data-end=\"1258\">Fiat, Renault, Peugeot, Ford, Audi, BMW, Volkswagen, Toyota, Nissan, Kia, Hyundai, Mercedes-Benz, tra gli altri<\/strong>. Il suo design compatto e i materiali ad alta resistenza garantiscono una lunga durata operativa e affidabilit\u00e0 anche in condizioni difficili.   <span style=\"color: #ffffff;\">\u00a9RecambiosEcoGas<\/span><\/p>\n<h4 data-start=\"1391\" data-end=\"1419\">Caratteristiche tecniche &#8211; <span style=\"color: #ffffff;\">Ricambi \u00a9<\/span> Landi Renzo Singolo Iniettore LPG\/CNG EcoGas<\/h4>\n<div class=\"pointer-events-none relative left-[50%]! flex w-[100cqw] translate-x-[-50%] justify-center *:pointer-events-auto\">\n<div class=\"tableContainer horzScrollShadows\">\n<table class=\"min-w-full\" data-start=\"1421\" data-end=\"2422\">\n<thead data-start=\"1421\" data-end=\"1512\">\n<tr data-start=\"1421\" data-end=\"1512\">\n<th data-start=\"1421\" data-end=\"1463\">Caratteristiche<\/th>\n<th data-start=\"1463\" data-end=\"1512\">Dettagli<\/th>\n<\/tr>\n<\/thead>\n<tbody data-start=\"1604\" data-end=\"2422\">\n<tr data-start=\"1604\" data-end=\"1694\">\n<td class=\"max-w-[calc(var(--thread-content-max-width)*2\/3)]\" data-start=\"1604\" data-end=\"1645\">Tipo di iniettore<\/td>\n<td class=\"max-w-[calc(var(--thread-content-max-width)*2\/3)]\" data-start=\"1645\" data-end=\"1694\">Singolo LPG\/CNG<\/td>\n<\/tr>\n<tr data-start=\"1695\" data-end=\"1785\">\n<td class=\"max-w-[calc(var(--thread-content-max-width)*2\/3)]\" data-start=\"1695\" data-end=\"1736\">Modello<\/td>\n<td class=\"max-w-[calc(var(--thread-content-max-width)*2\/3)]\" data-start=\"1736\" data-end=\"1785\">Ricarica Media <span style=\"color: #ffffff;\">\u00a9GI25-65EcoGas<\/span><\/td>\n<\/tr>\n<tr data-start=\"1786\" data-end=\"1876\">\n<td class=\"max-w-[calc(var(--thread-content-max-width)*2\/3)]\" data-start=\"1786\" data-end=\"1827\">Colore<\/td>\n<td class=\"max-w-[calc(var(--thread-content-max-width)*2\/3)]\" data-start=\"1827\" data-end=\"1876\"><span style=\"color: #ffffff;\">Ricarichi Black \u00a9EcoGas<\/span><\/td>\n<\/tr>\n<tr data-start=\"1877\" data-end=\"1967\">\n<td class=\"max-w-[calc(var(--thread-content-max-width)*2\/3)]\" data-start=\"1877\" data-end=\"1918\">Connettore<\/td>\n<td class=\"max-w-[calc(var(--thread-content-max-width)*2\/3)]\" data-start=\"1918\" data-end=\"1967\"><span style=\"color: #ffffff;\">Ricariche Bosch \u00a9EcoGas<\/span><\/td>\n<\/tr>\n<tr data-start=\"1968\" data-end=\"2058\">\n<td class=\"max-w-[calc(var(--thread-content-max-width)*2\/3)]\" data-start=\"1968\" data-end=\"2009\">Applicazione<\/td>\n<td class=\"max-w-[calc(var(--thread-content-max-width)*2\/3)]\" data-start=\"2009\" data-end=\"2058\">Motori a GPL o <span style=\"color: #ffffff;\">GNC \u00a9Ricambi Ecogas<\/span><\/td>\n<\/tr>\n<tr data-start=\"2059\" data-end=\"2149\">\n<td class=\"max-w-[calc(var(--thread-content-max-width)*2\/3)]\" data-start=\"2059\" data-end=\"2100\">Compatibile con<\/td>\n<td class=\"max-w-[calc(var(--thread-content-max-width)*2\/3)]\" data-start=\"2100\" data-end=\"2149\">Fiat, Renault, Ford, Peugeot, Audi, ecc.<\/td>\n<\/tr>\n<tr data-start=\"2150\" data-end=\"2240\">\n<td class=\"max-w-[calc(var(--thread-content-max-width)*2\/3)]\" data-start=\"2150\" data-end=\"2191\">Tipo di utilizzo<\/td>\n<td class=\"max-w-[calc(var(--thread-content-max-width)*2\/3)]\" data-start=\"2191\" data-end=\"2240\">Sostituzione o manutenzione dell&#8217;iniettore<\/td>\n<\/tr>\n<tr data-start=\"2241\" data-end=\"2331\">\n<td class=\"max-w-[calc(var(--thread-content-max-width)*2\/3)]\" data-start=\"2241\" data-end=\"2282\">Tecnologia<\/td>\n<td class=\"max-w-[calc(var(--thread-content-max-width)*2\/3)]\" data-start=\"2282\" data-end=\"2331\">Ricambi OEM Landirenzo <span style=\"color: #ffffff;\">\u00a9EcoGas<\/span><\/td>\n<\/tr>\n<tr data-start=\"2332\" data-end=\"2422\">\n<td class=\"max-w-[calc(var(--thread-content-max-width)*2\/3)]\" data-start=\"2332\" data-end=\"2373\">Produttore<\/td>\n<td class=\"max-w-[calc(var(--thread-content-max-width)*2\/3)]\" data-start=\"2373\" data-end=\"2422\"><span style=\"color: #ffffff;\">Ricambi Landirenzo \u00a9EcoGas<\/span><\/td>\n<\/tr>\n<\/tbody>\n<\/table>\n<p class=\"\" data-start=\"2815\" data-end=\"2954\">Landirenzo GI25-65 iniettore singolo medio, connessione Bosch, per sistemi a GPL e CNG. Alta precisione, durata ed efficienza energetica. <\/p>\n<p><a href=\"https:\/\/recambiosecogas.com\/it\/categoria-producto\/inyectores-menu\/inyectores-rail\/\">Il nostro catalogo di iniettori.<\/a><\/p>\n<p><a href=\"https:\/\/segimonautomocio.com\/\">Cambia i tuoi iniettori nel nostro laboratorio specializzato.<\/a><\/p>\n<\/div>\n<\/div>\n<p>L&#8217;iniettore Landirenzo GI25-65 \u00e8 essenziale per chi desidera ottimizzare le prestazioni del proprio veicolo a benzina. Il suo design e la sua tecnologia garantiscono un&#8217;iniezione efficiente, con conseguente migliore prestazione del motore e un consumo di carburante inferiore. Ideale per chi effettua conversioni a Autogas o necessita di sostituire iniettori difettosi, questo componente \u00e8 compatibile con un&#8217;ampia gamma di veicoli, garantendo un&#8217;installazione semplice ed efficace.  <\/p>\n","protected":false},"excerpt":{"rendered":"<p>Landi Renzo GI25-65 Medium LPG\/CNG Iniettore Singolo Bosch (Nero) Il Landirenzo GI25-65 Medium Bosch Single Injector (Nero) \u00e8 una soluzione avanzata e ad alte prestazioni per sistemi di iniezione di gas GPL e CNG. Progettato con tecnologia OEM di Landirenzo, leader mondiale nei sistemi a carburante alternativo, questo iniettore garantisce un&#8217;iniezione accurata, costante ed efficiente [&hellip;]<\/p>\n","protected":false},"featured_media":48723,"comment_status":"open","ping_status":"closed","template":"","meta":{"_uag_custom_page_level_css":""},"product_brand":[],"product_cat":[2121,2122,2154],"product_tag":[2441,2442],"class_list":{"0":"post-48722","1":"product","2":"type-product","3":"status-publish","4":"has-post-thumbnail","6":"product_cat-inyectores-menu","7":"product_cat-inyectores-rail","8":"product_cat-inyectores-individuales","9":"product_tag-gi25-65","10":"product_tag-nero","12":"first","13":"onbackorder","14":"featured","15":"taxable","16":"shipping-taxable","17":"purchasable","18":"product-type-simple"},"ct_brands":[],"yoast_head":"<!-- This site is optimized with the Yoast SEO Premium plugin v27.5 (Yoast SEO v27.6) - https:\/\/yoast.com\/product\/yoast-seo-premium-wordpress\/ -->\n<title>Landi Renzo GI25-65 Iniettore Singolo LPG\/CNG Medium Bosch (Nero) | Pezzi di ricambio Ecogas<\/title>\n<meta name=\"description\" content=\"Landi Renzo GI25-65 Iniettore singolo a GPL\/CNG, collegamento Bosch, ideale per mantenere l&#039;efficienza del motore e ridurre le emissioni. Compatibile con diversi marchi.\" \/>\n<meta name=\"robots\" content=\"index, follow, max-snippet:-1, max-image-preview:large, max-video-preview:-1\" \/>\n<link rel=\"canonical\" href=\"https:\/\/recambiosecogas.com\/it\/producto\/inyector-individual-landirenzo-gi25-65-medio-bosch-negro\/\" \/>\n<meta property=\"og:locale\" content=\"it_IT\" \/>\n<meta property=\"og:type\" content=\"article\" \/>\n<meta property=\"og:title\" content=\"Landi Renzo GI25-65 Medium LPG\/CNG Iniettore Singolo Bosch (Nero)\" \/>\n<meta property=\"og:description\" content=\"Landi Renzo GI25-65 Iniettore singolo a GPL\/CNG, collegamento Bosch, ideale per mantenere l&#039;efficienza del motore e ridurre le emissioni. Compatibile con diversi marchi.\" \/>\n<meta property=\"og:url\" content=\"https:\/\/recambiosecogas.com\/it\/producto\/inyector-individual-landirenzo-gi25-65-medio-bosch-negro\/\" \/>\n<meta property=\"og:site_name\" content=\"Recambios EcoGas\" \/>\n<meta property=\"article:publisher\" content=\"https:\/\/www.facebook.com\/profile.php?id=100062419705358\" \/>\n<meta property=\"article:modified_time\" content=\"2026-04-15T10:51:46+00:00\" \/>\n<meta property=\"og:image\" content=\"https:\/\/recambiosecogas.com\/wp-content\/uploads\/2024\/12\/injectores-glp-landi-renzo-negros-gi-25-65.webp\" \/>\n\t<meta property=\"og:image:width\" content=\"1000\" \/>\n\t<meta property=\"og:image:height\" content=\"1000\" \/>\n\t<meta property=\"og:image:type\" content=\"image\/png\" \/>\n<meta name=\"twitter:card\" content=\"summary_large_image\" \/>\n<meta name=\"twitter:label1\" content=\"Prezzo\" \/>\n\t<meta name=\"twitter:data1\" content=\"91,20&nbsp;&euro; (Sin IVA: 75,37&nbsp;&euro;)\" \/>\n\t<meta name=\"twitter:label2\" content=\"Disponibilit\u00e0\" \/>\n\t<meta name=\"twitter:data2\" content=\"Su ordinazione\" \/>\n<script type=\"application\/ld+json\" class=\"yoast-schema-graph\">{\"@context\":\"https:\\\/\\\/schema.org\",\"@graph\":[{\"@type\":\"WebPage\",\"@id\":\"https:\\\/\\\/recambiosecogas.com\\\/it\\\/producto\\\/inyector-individual-landirenzo-gi25-65-medio-bosch-negro\\\/\",\"url\":\"https:\\\/\\\/recambiosecogas.com\\\/it\\\/producto\\\/inyector-individual-landirenzo-gi25-65-medio-bosch-negro\\\/\",\"name\":\"Landi Renzo GI25-65 Iniettore Singolo LPG\\\/CNG Medium Bosch (Nero) | Pezzi di ricambio Ecogas\",\"isPartOf\":{\"@id\":\"https:\\\/\\\/recambiosecogas.com\\\/it\\\/#website\"},\"primaryImageOfPage\":{\"@id\":\"https:\\\/\\\/recambiosecogas.com\\\/it\\\/producto\\\/inyector-individual-landirenzo-gi25-65-medio-bosch-negro\\\/#primaryimage\"},\"image\":{\"@id\":\"https:\\\/\\\/recambiosecogas.com\\\/it\\\/producto\\\/inyector-individual-landirenzo-gi25-65-medio-bosch-negro\\\/#primaryimage\"},\"thumbnailUrl\":\"https:\\\/\\\/recambiosecogas.com\\\/wp-content\\\/uploads\\\/2024\\\/12\\\/injectores-glp-landi-renzo-negros-gi-25-65.webp\",\"datePublished\":\"2024-12-23T14:32:03+00:00\",\"dateModified\":\"2026-04-15T10:51:46+00:00\",\"description\":\"Landi Renzo GI25-65 Iniettore singolo a GPL\\\/CNG, collegamento Bosch, ideale per mantenere l'efficienza del motore e ridurre le emissioni. Compatibile con diversi marchi.\",\"breadcrumb\":{\"@id\":\"https:\\\/\\\/recambiosecogas.com\\\/it\\\/producto\\\/inyector-individual-landirenzo-gi25-65-medio-bosch-negro\\\/#breadcrumb\"},\"inLanguage\":\"it-IT\",\"potentialAction\":[{\"@type\":\"ReadAction\",\"target\":[\"https:\\\/\\\/recambiosecogas.com\\\/it\\\/producto\\\/inyector-individual-landirenzo-gi25-65-medio-bosch-negro\\\/\"]}]},{\"@type\":\"ImageObject\",\"inLanguage\":\"it-IT\",\"@id\":\"https:\\\/\\\/recambiosecogas.com\\\/it\\\/producto\\\/inyector-individual-landirenzo-gi25-65-medio-bosch-negro\\\/#primaryimage\",\"url\":\"https:\\\/\\\/recambiosecogas.com\\\/wp-content\\\/uploads\\\/2024\\\/12\\\/injectores-glp-landi-renzo-negros-gi-25-65.webp\",\"contentUrl\":\"https:\\\/\\\/recambiosecogas.com\\\/wp-content\\\/uploads\\\/2024\\\/12\\\/injectores-glp-landi-renzo-negros-gi-25-65.webp\",\"width\":1000,\"height\":1000},{\"@type\":\"BreadcrumbList\",\"@id\":\"https:\\\/\\\/recambiosecogas.com\\\/it\\\/producto\\\/inyector-individual-landirenzo-gi25-65-medio-bosch-negro\\\/#breadcrumb\",\"itemListElement\":[{\"@type\":\"ListItem\",\"position\":1,\"name\":\"Portada\",\"item\":\"https:\\\/\\\/recambiosecogas.com\\\/it\\\/\"},{\"@type\":\"ListItem\",\"position\":2,\"name\":\"Negozio\",\"item\":\"https:\\\/\\\/recambiosecogas.com\\\/it\\\/?page_id=46382\"},{\"@type\":\"ListItem\",\"position\":3,\"name\":\"Landi Renzo GI25-65 Medium LPG\\\/CNG Iniettore Singolo Bosch (Nero)\"}]},{\"@type\":\"WebSite\",\"@id\":\"https:\\\/\\\/recambiosecogas.com\\\/it\\\/#website\",\"url\":\"https:\\\/\\\/recambiosecogas.com\\\/it\\\/\",\"name\":\"Recambios EcoGas\",\"description\":\"Recambios Multimarca para sistemas de GLP\\\/GNC\\\/GNL\\\/Hidr\u00f3geno\",\"publisher\":{\"@id\":\"https:\\\/\\\/recambiosecogas.com\\\/it\\\/#organization\"},\"alternateName\":\"Recambios Autogas GLP\",\"potentialAction\":[{\"@type\":\"SearchAction\",\"target\":{\"@type\":\"EntryPoint\",\"urlTemplate\":\"https:\\\/\\\/recambiosecogas.com\\\/it\\\/?s={search_term_string}\"},\"query-input\":{\"@type\":\"PropertyValueSpecification\",\"valueRequired\":true,\"valueName\":\"search_term_string\"}}],\"inLanguage\":\"it-IT\"},{\"@type\":[\"Organization\",\"Place\"],\"@id\":\"https:\\\/\\\/recambiosecogas.com\\\/it\\\/#organization\",\"name\":\"Recambios EcoGas\",\"alternateName\":\"Tienda Online GLP Espa\u00f1a\",\"url\":\"https:\\\/\\\/recambiosecogas.com\\\/it\\\/\",\"logo\":{\"@id\":\"https:\\\/\\\/recambiosecogas.com\\\/it\\\/producto\\\/inyector-individual-landirenzo-gi25-65-medio-bosch-negro\\\/#local-main-organization-logo\"},\"image\":{\"@id\":\"https:\\\/\\\/recambiosecogas.com\\\/it\\\/producto\\\/inyector-individual-landirenzo-gi25-65-medio-bosch-negro\\\/#local-main-organization-logo\"},\"sameAs\":[\"https:\\\/\\\/www.facebook.com\\\/profile.php?id=100062419705358\",\"https:\\\/\\\/www.instagram.com\\\/segimon_automocio\"],\"description\":\"Recambios EcoGas \u2013 Venta y distribuci\u00f3n de sistemas GLP y GNC en Espa\u00f1a y Portugal. Env\u00edos 24 h, soporte t\u00e9cnico a talleres y distribuidores.\",\"hasMerchantReturnPolicy\":{\"@type\":\"MerchantReturnPolicy\",\"merchantReturnLink\":\"https:\\\/\\\/recambiosecogas.com\\\/politicas-privacidad\\\/\"},\"address\":{\"@id\":\"https:\\\/\\\/recambiosecogas.com\\\/it\\\/producto\\\/inyector-individual-landirenzo-gi25-65-medio-bosch-negro\\\/#local-main-place-address\"},\"telephone\":[\"616250633\"],\"contactPoint\":{\"@type\":\"ContactPoint\",\"email\":\"export@recambiosecogas.com\"},\"openingHoursSpecification\":[{\"@type\":\"OpeningHoursSpecification\",\"dayOfWeek\":[\"Monday\",\"Tuesday\",\"Wednesday\",\"Thursday\",\"Friday\",\"Saturday\",\"Sunday\"],\"opens\":\"09:00\",\"closes\":\"17:00\"}],\"email\":\"info@recambiosecogas.com\",\"faxNumber\":\"SEGIMON AUTOMOCION SL\",\"vatID\":\"ESB19819861\",\"globalLocationNumber\":\"938 616 339\"},{\"@type\":\"PostalAddress\",\"@id\":\"https:\\\/\\\/recambiosecogas.com\\\/it\\\/producto\\\/inyector-individual-landirenzo-gi25-65-medio-bosch-negro\\\/#local-main-place-address\",\"streetAddress\":\"cami antic de vic, 29 (Nave 3), Pol\u00edgono Industrial Congost\",\"addressLocality\":\"CORRO D`AVALL\",\"postalCode\":\"08520\",\"addressRegion\":\"Barcelona\",\"addressCountry\":\"ES\"},{\"@type\":\"ImageObject\",\"inLanguage\":\"it-IT\",\"@id\":\"https:\\\/\\\/recambiosecogas.com\\\/it\\\/producto\\\/inyector-individual-landirenzo-gi25-65-medio-bosch-negro\\\/#local-main-organization-logo\",\"url\":\"https:\\\/\\\/recambiosecogas.com\\\/wp-content\\\/uploads\\\/2024\\\/11\\\/cropped-RECAMBIOS-GLP-png.webp\",\"contentUrl\":\"https:\\\/\\\/recambiosecogas.com\\\/wp-content\\\/uploads\\\/2024\\\/11\\\/cropped-RECAMBIOS-GLP-png.webp\",\"width\":512,\"height\":512,\"caption\":\"Recambios EcoGas\"}]}<\/script>\n<meta property=\"product:price:amount\" content=\"91.20\" \/>\n<meta property=\"product:price:currency\" content=\"EUR\" \/>\n<meta property=\"og:availability\" content=\"backorder\" \/>\n<meta property=\"product:availability\" content=\"available for order\" \/>\n<meta property=\"product:retailer_item_id\" content=\"720007010\" \/>\n<meta property=\"product:condition\" content=\"new\" \/>\n<meta name=\"geo.placename\" content=\"CORRO D`AVALL\" \/>\n<meta name=\"geo.region\" content=\"Spagna\" \/>\n<!-- \/ Yoast SEO Premium plugin. -->","yoast_head_json":{"title":"Landi Renzo GI25-65 Iniettore Singolo LPG\/CNG Medium Bosch (Nero) | Pezzi di ricambio Ecogas","description":"Landi Renzo GI25-65 Iniettore singolo a GPL\/CNG, collegamento Bosch, ideale per mantenere l'efficienza del motore e ridurre le emissioni. Compatibile con diversi marchi.","robots":{"index":"index","follow":"follow","max-snippet":"max-snippet:-1","max-image-preview":"max-image-preview:large","max-video-preview":"max-video-preview:-1"},"canonical":"https:\/\/recambiosecogas.com\/it\/producto\/inyector-individual-landirenzo-gi25-65-medio-bosch-negro\/","og_locale":"it_IT","og_type":"article","og_title":"Landi Renzo GI25-65 Medium LPG\/CNG Iniettore Singolo Bosch (Nero)","og_description":"Landi Renzo GI25-65 Iniettore singolo a GPL\/CNG, collegamento Bosch, ideale per mantenere l'efficienza del motore e ridurre le emissioni. Compatibile con diversi marchi.","og_url":"https:\/\/recambiosecogas.com\/it\/producto\/inyector-individual-landirenzo-gi25-65-medio-bosch-negro\/","og_site_name":"Recambios EcoGas","article_publisher":"https:\/\/www.facebook.com\/profile.php?id=100062419705358","article_modified_time":"2026-04-15T10:51:46+00:00","og_image":[{"width":1000,"height":1000,"url":"https:\/\/recambiosecogas.com\/wp-content\/uploads\/2024\/12\/injectores-glp-landi-renzo-negros-gi-25-65.webp","type":"image\/png"}],"twitter_card":"summary_large_image","twitter_misc":{"Prezzo":"91,20&nbsp;&euro; (Sin IVA: 75,37&nbsp;&euro;)","Disponibilit\u00e0":"Su ordinazione"},"schema":{"@context":"https:\/\/schema.org","@graph":[{"@type":"WebPage","@id":"https:\/\/recambiosecogas.com\/it\/producto\/inyector-individual-landirenzo-gi25-65-medio-bosch-negro\/","url":"https:\/\/recambiosecogas.com\/it\/producto\/inyector-individual-landirenzo-gi25-65-medio-bosch-negro\/","name":"Landi Renzo GI25-65 Iniettore Singolo LPG\/CNG Medium Bosch (Nero) | Pezzi di ricambio Ecogas","isPartOf":{"@id":"https:\/\/recambiosecogas.com\/it\/#website"},"primaryImageOfPage":{"@id":"https:\/\/recambiosecogas.com\/it\/producto\/inyector-individual-landirenzo-gi25-65-medio-bosch-negro\/#primaryimage"},"image":{"@id":"https:\/\/recambiosecogas.com\/it\/producto\/inyector-individual-landirenzo-gi25-65-medio-bosch-negro\/#primaryimage"},"thumbnailUrl":"https:\/\/recambiosecogas.com\/wp-content\/uploads\/2024\/12\/injectores-glp-landi-renzo-negros-gi-25-65.webp","datePublished":"2024-12-23T14:32:03+00:00","dateModified":"2026-04-15T10:51:46+00:00","description":"Landi Renzo GI25-65 Iniettore singolo a GPL\/CNG, collegamento Bosch, ideale per mantenere l'efficienza del motore e ridurre le emissioni. Compatibile con diversi marchi.","breadcrumb":{"@id":"https:\/\/recambiosecogas.com\/it\/producto\/inyector-individual-landirenzo-gi25-65-medio-bosch-negro\/#breadcrumb"},"inLanguage":"it-IT","potentialAction":[{"@type":"ReadAction","target":["https:\/\/recambiosecogas.com\/it\/producto\/inyector-individual-landirenzo-gi25-65-medio-bosch-negro\/"]}]},{"@type":"ImageObject","inLanguage":"it-IT","@id":"https:\/\/recambiosecogas.com\/it\/producto\/inyector-individual-landirenzo-gi25-65-medio-bosch-negro\/#primaryimage","url":"https:\/\/recambiosecogas.com\/wp-content\/uploads\/2024\/12\/injectores-glp-landi-renzo-negros-gi-25-65.webp","contentUrl":"https:\/\/recambiosecogas.com\/wp-content\/uploads\/2024\/12\/injectores-glp-landi-renzo-negros-gi-25-65.webp","width":1000,"height":1000},{"@type":"BreadcrumbList","@id":"https:\/\/recambiosecogas.com\/it\/producto\/inyector-individual-landirenzo-gi25-65-medio-bosch-negro\/#breadcrumb","itemListElement":[{"@type":"ListItem","position":1,"name":"Portada","item":"https:\/\/recambiosecogas.com\/it\/"},{"@type":"ListItem","position":2,"name":"Negozio","item":"https:\/\/recambiosecogas.com\/it\/?page_id=46382"},{"@type":"ListItem","position":3,"name":"Landi Renzo GI25-65 Medium LPG\/CNG Iniettore Singolo Bosch (Nero)"}]},{"@type":"WebSite","@id":"https:\/\/recambiosecogas.com\/it\/#website","url":"https:\/\/recambiosecogas.com\/it\/","name":"Recambios EcoGas","description":"Recambios Multimarca para sistemas de GLP\/GNC\/GNL\/Hidr\u00f3geno","publisher":{"@id":"https:\/\/recambiosecogas.com\/it\/#organization"},"alternateName":"Recambios Autogas GLP","potentialAction":[{"@type":"SearchAction","target":{"@type":"EntryPoint","urlTemplate":"https:\/\/recambiosecogas.com\/it\/?s={search_term_string}"},"query-input":{"@type":"PropertyValueSpecification","valueRequired":true,"valueName":"search_term_string"}}],"inLanguage":"it-IT"},{"@type":["Organization","Place"],"@id":"https:\/\/recambiosecogas.com\/it\/#organization","name":"Recambios EcoGas","alternateName":"Tienda Online GLP Espa\u00f1a","url":"https:\/\/recambiosecogas.com\/it\/","logo":{"@id":"https:\/\/recambiosecogas.com\/it\/producto\/inyector-individual-landirenzo-gi25-65-medio-bosch-negro\/#local-main-organization-logo"},"image":{"@id":"https:\/\/recambiosecogas.com\/it\/producto\/inyector-individual-landirenzo-gi25-65-medio-bosch-negro\/#local-main-organization-logo"},"sameAs":["https:\/\/www.facebook.com\/profile.php?id=100062419705358","https:\/\/www.instagram.com\/segimon_automocio"],"description":"Recambios EcoGas \u2013 Venta y distribuci\u00f3n de sistemas GLP y GNC en Espa\u00f1a y Portugal. Env\u00edos 24 h, soporte t\u00e9cnico a talleres y distribuidores.","hasMerchantReturnPolicy":{"@type":"MerchantReturnPolicy","merchantReturnLink":"https:\/\/recambiosecogas.com\/politicas-privacidad\/"},"address":{"@id":"https:\/\/recambiosecogas.com\/it\/producto\/inyector-individual-landirenzo-gi25-65-medio-bosch-negro\/#local-main-place-address"},"telephone":["616250633"],"contactPoint":{"@type":"ContactPoint","email":"export@recambiosecogas.com"},"openingHoursSpecification":[{"@type":"OpeningHoursSpecification","dayOfWeek":["Monday","Tuesday","Wednesday","Thursday","Friday","Saturday","Sunday"],"opens":"09:00","closes":"17:00"}],"email":"info@recambiosecogas.com","faxNumber":"SEGIMON AUTOMOCION SL","vatID":"ESB19819861","globalLocationNumber":"938 616 339"},{"@type":"PostalAddress","@id":"https:\/\/recambiosecogas.com\/it\/producto\/inyector-individual-landirenzo-gi25-65-medio-bosch-negro\/#local-main-place-address","streetAddress":"cami antic de vic, 29 (Nave 3), Pol\u00edgono Industrial Congost","addressLocality":"CORRO D`AVALL","postalCode":"08520","addressRegion":"Barcelona","addressCountry":"ES"},{"@type":"ImageObject","inLanguage":"it-IT","@id":"https:\/\/recambiosecogas.com\/it\/producto\/inyector-individual-landirenzo-gi25-65-medio-bosch-negro\/#local-main-organization-logo","url":"https:\/\/recambiosecogas.com\/wp-content\/uploads\/2024\/11\/cropped-RECAMBIOS-GLP-png.webp","contentUrl":"https:\/\/recambiosecogas.com\/wp-content\/uploads\/2024\/11\/cropped-RECAMBIOS-GLP-png.webp","width":512,"height":512,"caption":"Recambios EcoGas"}]},"product_price_amount":"91.20","product_price_currency":"EUR","og_availability":"backorder","product_availability":"available for order","product_retailer_item_id":"720007010","product_condition":"new","geo.placename":"CORRO D`AVALL","geo.region":"Spagna"},"uagb_featured_image_src":{"full":["https:\/\/recambiosecogas.com\/wp-content\/uploads\/2024\/12\/injectores-glp-landi-renzo-negros-gi-25-65.webp",1000,1000,false],"thumbnail":["https:\/\/recambiosecogas.com\/wp-content\/uploads\/2024\/12\/injectores-glp-landi-renzo-negros-gi-25-65-150x150.webp",150,150,true],"medium":["https:\/\/recambiosecogas.com\/wp-content\/uploads\/2024\/12\/injectores-glp-landi-renzo-negros-gi-25-65-300x300.webp",300,300,true],"medium_large":["https:\/\/recambiosecogas.com\/wp-content\/uploads\/2024\/12\/injectores-glp-landi-renzo-negros-gi-25-65-768x768.webp",768,768,true],"large":["https:\/\/recambiosecogas.com\/wp-content\/uploads\/2024\/12\/injectores-glp-landi-renzo-negros-gi-25-65.webp",1000,1000,false],"1536x1536":["https:\/\/recambiosecogas.com\/wp-content\/uploads\/2024\/12\/injectores-glp-landi-renzo-negros-gi-25-65.webp",1000,1000,false],"2048x2048":["https:\/\/recambiosecogas.com\/wp-content\/uploads\/2024\/12\/injectores-glp-landi-renzo-negros-gi-25-65.webp",1000,1000,false],"woocommerce_archive_thumbnail":["https:\/\/recambiosecogas.com\/wp-content\/uploads\/2024\/12\/injectores-glp-landi-renzo-negros-gi-25-65.webp",1000,1000,false],"woocommerce_thumbnail":["https:\/\/recambiosecogas.com\/wp-content\/uploads\/2024\/12\/injectores-glp-landi-renzo-negros-gi-25-65-300x300.webp",300,300,true],"woocommerce_single":["https:\/\/recambiosecogas.com\/wp-content\/uploads\/2024\/12\/injectores-glp-landi-renzo-negros-gi-25-65.webp",1000,1000,false],"woocommerce_gallery_thumbnail":["https:\/\/recambiosecogas.com\/wp-content\/uploads\/2024\/12\/injectores-glp-landi-renzo-negros-gi-25-65.webp",1000,1000,false],"dgwt-wcas-product-suggestion":["https:\/\/recambiosecogas.com\/wp-content\/uploads\/2024\/12\/injectores-glp-landi-renzo-negros-gi-25-65-64x64.webp",64,64,true]},"uagb_author_info":{"display_name":"Fran - Soporte T\u00e9cnico","author_link":"https:\/\/recambiosecogas.com\/it\/author\/"},"uagb_comment_info":0,"uagb_excerpt":"Landi Renzo GI25-65 Medium LPG\/CNG Iniettore Singolo Bosch (Nero) Il Landirenzo GI25-65 Medium Bosch Single Injector (Nero) \u00e8 una soluzione avanzata e ad alte prestazioni per sistemi di iniezione di gas GPL e CNG. Progettato con tecnologia OEM di Landirenzo, leader mondiale nei sistemi a carburante alternativo, questo iniettore garantisce un&#8217;iniezione accurata, costante ed efficiente&hellip;","_links":{"self":[{"href":"https:\/\/recambiosecogas.com\/it\/wp-json\/wp\/v2\/product\/48722","targetHints":{"allow":["GET"]}}],"collection":[{"href":"https:\/\/recambiosecogas.com\/it\/wp-json\/wp\/v2\/product"}],"about":[{"href":"https:\/\/recambiosecogas.com\/it\/wp-json\/wp\/v2\/types\/product"}],"replies":[{"embeddable":true,"href":"https:\/\/recambiosecogas.com\/it\/wp-json\/wp\/v2\/comments?post=48722"}],"wp:featuredmedia":[{"embeddable":true,"href":"https:\/\/recambiosecogas.com\/it\/wp-json\/wp\/v2\/media\/48723"}],"wp:attachment":[{"href":"https:\/\/recambiosecogas.com\/it\/wp-json\/wp\/v2\/media?parent=48722"}],"wp:term":[{"taxonomy":"product_brand","embeddable":true,"href":"https:\/\/recambiosecogas.com\/it\/wp-json\/wp\/v2\/product_brand?post=48722"},{"taxonomy":"product_cat","embeddable":true,"href":"https:\/\/recambiosecogas.com\/it\/wp-json\/wp\/v2\/product_cat?post=48722"},{"taxonomy":"product_tag","embeddable":true,"href":"https:\/\/recambiosecogas.com\/it\/wp-json\/wp\/v2\/product_tag?post=48722"}],"curies":[{"name":"wp","href":"https:\/\/api.w.org\/{rel}","templated":true}]}}