{"id":48637,"date":"2024-12-23T14:32:52","date_gmt":"2024-12-23T14:32:52","guid":{"rendered":"https:\/\/recambiosecogas.com\/producto\/inyector-glp-landi-renzo-girs-3-cyl\/"},"modified":"2026-04-15T11:51:28","modified_gmt":"2026-04-15T10:51:28","slug":"inyector-glp-landi-renzo-girs-3-cyl","status":"publish","type":"product","link":"https:\/\/recambiosecogas.com\/it\/producto\/inyector-glp-landi-renzo-girs-3-cyl\/","title":{"rendered":"Iniettore a GPL Landi Renzo GIRS12 | 3 cilindri"},"content":{"rendered":"<h3 class=\"h1 product-detail-name\" style=\"text-align: center;\">Landi Renzo GIRS12 Iniettore di GPL 3 cilindro. Verde (Piccolo) con sensore di pressione per Renault Dacia OEM <a class=\"image-container slick-slide loading-xxl-1 loading-xl-1 loading-md-1 loading-sm-1 loading-xs-1 loading-sp-1\" style=\"font-size: 16px;\" tabindex=\"-1\" href=\"https:\/\/lpgwebshop.com\/7960-medium_default\/landi-girs-3-cyl-injector-rail-green-small-incl-press-sensor-for-renault-dacia-oem.jpg\" rel=\"product-images-1038\" data-slick-index=\"1\" aria-hidden=\"true\"><img decoding=\"async\" class=\"deo-js-qv-product-cover deo-lazyload-img img-fluid\" title=\"Iniettore Landi GIRS 3 cilindri. Verde (Piccolo) con sensore di pressione per Renault Dacia OEM\" src=\"data:image\/gif;base64,R0lGODlhAQABAAAAACH5BAEKAAEALAAAAAABAAEAAAICTAEAOw==\" alt=\"Iniettore Landi GIRS 3 cilindri. Verde (Piccolo) con sensore di pressione per Renault Dacia OEM\" data-lazy=\"https:\/\/lpgwebshop.com\/7960-medium_default\/landi-girs-3-cyl-injector-rail-green-small-incl-press-sensor-for-renault-dacia-oem.jpg\"><\/a><\/h3>\n<section id=\"content\" class=\"page-content\" data-col-loading=\"loading-xl-6 loading-lg-5 loading-md-4 loading-sm-5 loading-xs-4\" data-type=\"thumbnail\" data-lazyload=\"1\" data-thumb=\"bottom\" data-breakpoints=\"[[1500, 6],[1200, 5],[992, 4],[768, 5], [576, 4]]\" data-modal=\"1\" data-column_xxl=\"2\" data-column_xl=\"2\" data-column_lg=\"1\" data-column_md=\"1\" data-column_sm=\"1\" data-column_xs=\"1\" data-column_sp=\"1\" data-size=\"cart_default\" data-zoom=\"none\" data-active=\"1\">\n<div class=\"images-container js-images-container images-for-detail\" data-initialslide=\"0\">\n<div class=\"product-cover\">\n<div class=\"slick-row hide-loading\">\n<div class=\"product-images slick-slider deo-carousel slick-initialized has-arrows slick-loaded\">\n<div class=\"slick-arrows \">\n<p><strong>Landi Renzo GIRS 3 cilindri iniettore di GPL. Verde (Piccolo) con sensore di pressione per Renault Dacia OEM <\/strong>  \u00c8 progettato specificamente per motori a 3 cilindri che utilizzano sistemi a gas GPL nei veicoli Renault e Dacia. Questo iniettore ad alta precisione garantisce una dosaggio accurato del carburante, migliorando le prestazioni del motore e riducendo il consumo di carburante. L&#8217;iniettore include un sensore di pressione integrato che monitora continuamente la pressione del gas, garantendo un flusso costante e regolando l&#8217;iniezione in tempo reale per ottimizzare l&#8217;efficienza del motore. Compatibile con un&#8217;ampia gamma di modelli Renault e Dacia che utilizzano sistemi a gas OEM Landi Renzo, \u00e8 ideale per aggiornamenti o sostituzioni su veicoli di piccola cilindrata.   <\/p>\n<p><strong>Caratteristiche:<\/strong><\/p>\n<ul>\n<li><strong>Iniezione precisa per motori a 3 cilindri:<\/strong> Fornisce una dosaggio esatta di gas GPL, garantendo combustione efficiente e prestazioni ottimali del motore.<\/li>\n<li><strong>Sensore di pressione integrato:<\/strong> Monitora e regola la pressione del gas in tempo reale, garantendo un apporto costante e stabile al motore.<\/li>\n<li><strong>Design compatto e durabile:<\/strong> Dimensioni ridotte e materiali durevoli garantiscono una lunga durata operativa e un funzionamento affidabile.<\/li>\n<li><strong>Compatibilit\u00e0 OEM con Renault e Dacia:<\/strong> Progettato specificamente per veicoli di questi marchi che utilizzano sistemi di iniezione a GPL OEM Landi Renzo.<\/li>\n<\/ul>\n<p><strong>Acquista ora l&#8217;iniettore LPG Landi Renzo GIRS 3 cilindri. Verde (Small) con sensore di pressione per Renault Dacia OEM e garantisce prestazioni superiori e un&#8217;iniezione di gas precisa nel tuo veicolo a 3 cilindri. Compatibile con una vasta gamma di modelli Renault e Dacia dotati di sistemi OEM Landi Renzo.  <\/strong><\/p>\n<\/div>\n<\/div>\n<\/div>\n<\/div>\n<\/div>\n<\/section>\n<p>&nbsp;<\/p>\n<h4>Iniettore Landi GIRS 3 cilindri. Verde (Piccola) con sensore di pressione (5,5 bar) per Renault Dacia OEM <\/h4>\n<p><strong>Nota:<\/strong> Il colore (dimensione dell&#8217;iniettore) \u00e8 indicato dal colore del tappo di plastica sulla parte superiore dell&#8217;iniettore.<\/p>\n<p><strong>Tipo: Iniettore a 3 cilindri ECO EVO GIRS di piccole dimensioni (con tappo verde)<\/strong><br \/>\n<strong>Applicazione:<\/strong> Dacia TCe Bi-Fuel<\/p>\n<p>Per i sistemi di fabbrica Landi Renzo sui modelli Renault e Dacia GPL.<br \/>\n<strong>Omologazione:<\/strong> E13 67R-01 0323 &#8211; E13 110R-000201<\/p>\n<p><span style=\"color: #ff0000;\">( <strong>PER FAVORE, NOTA!<\/strong> Questo \u00e8 un numero di approvazione e pu\u00f2 essere valido per diversi prodotti\/famiglie. Quindi, NON \u00e8 un numero di tipo! Controlla attentamente il Codice Modello\/Numero di Tipo\/Dimensione del prodotto desiderato).  <\/span><\/p>\n<p>L&#8217;iniettore su rotaia GIRS \u00e8 progettato per garantire alte prestazioni e precisione nella distribuzione del gas.<br \/>\nLe dimensioni pi\u00f9 piccole rendono facili da inserire nelle rotaie degli iniettori nel vano motore.<\/p>\n<p><span lang=\"en\" xml:lang=\"en\">Questi iniettori sono caratterizzati da un livello di rumore estremamente basso.<br \/>\nGrazie al connettore IP6K9K, garantisce un&#8217;ottima tenuta anche in condizioni estreme.<\/span><\/p>\n<section id=\"content\" class=\"page-content\" data-col-loading=\"loading-xl-6 loading-lg-5 loading-md-4 loading-sm-5 loading-xs-4\" data-type=\"thumbnail\" data-lazyload=\"1\" data-thumb=\"bottom\" data-breakpoints=\"[[1500, 6],[1200, 5],[992, 4],[768, 5], [576, 4]]\" data-modal=\"1\" data-column_xxl=\"2\" data-column_xl=\"2\" data-column_lg=\"1\" data-column_md=\"1\" data-column_sm=\"1\" data-column_xs=\"1\" data-column_sp=\"1\" data-size=\"cart_default\" data-zoom=\"none\" data-active=\"1\">\n<div class=\"images-container js-images-container images-for-detail\" data-initialslide=\"0\">\n<div class=\"product-cover\" style=\"text-align: left;\">\n<div class=\"pointer-events-none relative left-[50%] flex w-[100cqw] translate-x-[-50%] justify-center *:pointer-events-auto\">\n<div class=\"tableContainer horzScrollShadows\">\n<p style=\"padding-left: 40px;\"><a href=\"https:\/\/segimonautomocio.com\/\">Cambia i tuoi iniettori nel nostro laboratorio specializzato.<\/a><br \/>\n<a href=\"https:\/\/recambiosecogas.com\/it\/categoria-producto\/inyectores-menu\/inyectores-rail\/\">Il nostro catalogo di iniettori.<\/a><\/p>\n<\/div>\n<\/div>\n<\/div>\n<\/div>\n<\/section>\n","protected":false},"excerpt":{"rendered":"<h6 style=\"text-align: center;\">Landi Renzo GIRS 3 cilindri iniettore di GPL.<span style=\"color: #008000;\">  Verde (Piccolo) con sensore di pressione per Renault Dacia OEM<\/span><\/h6>\n<p><strong>Marchio:<\/strong> Landi Renzo<br \/>\n<strong>Tipo<\/strong> : ECO EVO GIRS 3 Piccolo Spostamento (coperchio verde)<br \/>\n<strong>Osservazione:<\/strong> Numero di articolo OEM della Renault Dacia:<br \/>\n<strong>Approvazioni:<\/strong> E13 67R-01 0323 &#8211; E13 110R-000201<br \/>\n<strong>Indice:<\/strong> Rotaia con 3x Green Injector (Piccolo) + sensore di pressione da 5,5 bar<br \/>\n<strong>Applicazione:<\/strong> Dacia TCe Bi-Fuel<\/p>\n","protected":false},"featured_media":12339,"comment_status":"open","ping_status":"closed","template":"","meta":{"_uag_custom_page_level_css":""},"product_brand":[],"product_cat":[2121,2122,2123,2124],"product_tag":[2405,2127],"class_list":{"0":"post-48637","1":"product","2":"type-product","3":"status-publish","4":"has-post-thumbnail","6":"product_cat-inyectores-menu","7":"product_cat-inyectores-rail","8":"product_cat-landirenzo","9":"product_cat-rail-riel-rampa-inyectora","10":"product_tag-iniezione-a-3-cilindri","11":"product_tag-oem","13":"first","14":"onbackorder","15":"sale","16":"taxable","17":"shipping-taxable","18":"purchasable","19":"product-type-simple"},"ct_brands":[],"yoast_head":"<!-- This site is optimized with the Yoast SEO Premium plugin v27.5 (Yoast SEO v27.5) - https:\/\/yoast.com\/product\/yoast-seo-premium-wordpress\/ -->\n<title>Iniettore a GPL Landi Renzo GIRS12 | 3 cilindri | Recambios EcoGas | Sistemas GLP y GNC<\/title>\n<meta name=\"description\" content=\"Landi Renzo GIRS 3 cilindri iniettore di GPL. Iniezione precisa ed efficiente per sistemi a gas GPL. Compatibile con Audi, BMW, Ford e altri.\" \/>\n<meta name=\"robots\" content=\"index, follow, max-snippet:-1, max-image-preview:large, max-video-preview:-1\" \/>\n<link rel=\"canonical\" href=\"https:\/\/recambiosecogas.com\/it\/producto\/inyector-glp-landi-renzo-girs-3-cyl\/\" \/>\n<meta property=\"og:locale\" content=\"it_IT\" \/>\n<meta property=\"og:type\" content=\"article\" \/>\n<meta property=\"og:title\" content=\"Iniettore a GPL Landi Renzo GIRS12 | 3 cilindri\" \/>\n<meta property=\"og:description\" content=\"Landi Renzo GIRS 3 cilindri iniettore di GPL. Iniezione precisa ed efficiente per sistemi a gas GPL. Compatibile con Audi, BMW, Ford e altri.\" \/>\n<meta property=\"og:url\" content=\"https:\/\/recambiosecogas.com\/it\/producto\/inyector-glp-landi-renzo-girs-3-cyl\/\" \/>\n<meta property=\"og:site_name\" content=\"Recambios EcoGas\" \/>\n<meta property=\"article:publisher\" content=\"https:\/\/www.facebook.com\/profile.php?id=100062419705358\" \/>\n<meta property=\"article:modified_time\" content=\"2026-04-15T10:51:28+00:00\" \/>\n<meta property=\"og:image\" content=\"https:\/\/recambiosecogas.com\/wp-content\/uploads\/2024\/12\/Inyector-Landi-GIRS-3-Cyl.-Verde-Pequeno-con-sensor-de-presion-para-Renault-Dacia-OEM-png.webp\" \/>\n\t<meta property=\"og:image:width\" content=\"1000\" \/>\n\t<meta property=\"og:image:height\" content=\"1000\" \/>\n\t<meta property=\"og:image:type\" content=\"image\/png\" \/>\n<meta name=\"twitter:card\" content=\"summary_large_image\" \/>\n<meta name=\"twitter:label1\" content=\"Prezzo\" \/>\n\t<meta name=\"twitter:data1\" content=\"245,63&nbsp;&euro; (Sin IVA: 203,00&nbsp;&euro;)\" \/>\n\t<meta name=\"twitter:label2\" content=\"Disponibilit\u00e0\" \/>\n\t<meta name=\"twitter:data2\" content=\"Su ordinazione\" \/>\n<script type=\"application\/ld+json\" class=\"yoast-schema-graph\">{\"@context\":\"https:\\\/\\\/schema.org\",\"@graph\":[{\"@type\":\"WebPage\",\"@id\":\"https:\\\/\\\/recambiosecogas.com\\\/it\\\/producto\\\/inyector-glp-landi-renzo-girs-3-cyl\\\/\",\"url\":\"https:\\\/\\\/recambiosecogas.com\\\/it\\\/producto\\\/inyector-glp-landi-renzo-girs-3-cyl\\\/\",\"name\":\"Iniettore a GPL Landi Renzo GIRS12 | 3 cilindri | Recambios EcoGas | Sistemas GLP y GNC\",\"isPartOf\":{\"@id\":\"https:\\\/\\\/recambiosecogas.com\\\/it\\\/#website\"},\"primaryImageOfPage\":{\"@id\":\"https:\\\/\\\/recambiosecogas.com\\\/it\\\/producto\\\/inyector-glp-landi-renzo-girs-3-cyl\\\/#primaryimage\"},\"image\":{\"@id\":\"https:\\\/\\\/recambiosecogas.com\\\/it\\\/producto\\\/inyector-glp-landi-renzo-girs-3-cyl\\\/#primaryimage\"},\"thumbnailUrl\":\"https:\\\/\\\/recambiosecogas.com\\\/wp-content\\\/uploads\\\/2024\\\/12\\\/Inyector-Landi-GIRS-3-Cyl.-Verde-Pequeno-con-sensor-de-presion-para-Renault-Dacia-OEM-png.webp\",\"datePublished\":\"2024-12-23T14:32:52+00:00\",\"dateModified\":\"2026-04-15T10:51:28+00:00\",\"description\":\"Landi Renzo GIRS 3 cilindri iniettore di GPL. Iniezione precisa ed efficiente per sistemi a gas GPL. Compatibile con Audi, BMW, Ford e altri.\",\"breadcrumb\":{\"@id\":\"https:\\\/\\\/recambiosecogas.com\\\/it\\\/producto\\\/inyector-glp-landi-renzo-girs-3-cyl\\\/#breadcrumb\"},\"inLanguage\":\"it-IT\",\"potentialAction\":[{\"@type\":\"ReadAction\",\"target\":[\"https:\\\/\\\/recambiosecogas.com\\\/it\\\/producto\\\/inyector-glp-landi-renzo-girs-3-cyl\\\/\"]}]},{\"@type\":\"ImageObject\",\"inLanguage\":\"it-IT\",\"@id\":\"https:\\\/\\\/recambiosecogas.com\\\/it\\\/producto\\\/inyector-glp-landi-renzo-girs-3-cyl\\\/#primaryimage\",\"url\":\"https:\\\/\\\/recambiosecogas.com\\\/wp-content\\\/uploads\\\/2024\\\/12\\\/Inyector-Landi-GIRS-3-Cyl.-Verde-Pequeno-con-sensor-de-presion-para-Renault-Dacia-OEM-png.webp\",\"contentUrl\":\"https:\\\/\\\/recambiosecogas.com\\\/wp-content\\\/uploads\\\/2024\\\/12\\\/Inyector-Landi-GIRS-3-Cyl.-Verde-Pequeno-con-sensor-de-presion-para-Renault-Dacia-OEM-png.webp\",\"width\":1000,\"height\":1000},{\"@type\":\"BreadcrumbList\",\"@id\":\"https:\\\/\\\/recambiosecogas.com\\\/it\\\/producto\\\/inyector-glp-landi-renzo-girs-3-cyl\\\/#breadcrumb\",\"itemListElement\":[{\"@type\":\"ListItem\",\"position\":1,\"name\":\"Portada\",\"item\":\"https:\\\/\\\/recambiosecogas.com\\\/it\\\/\"},{\"@type\":\"ListItem\",\"position\":2,\"name\":\"Negozio\",\"item\":\"https:\\\/\\\/recambiosecogas.com\\\/it\\\/?page_id=46382\"},{\"@type\":\"ListItem\",\"position\":3,\"name\":\"Iniettore a GPL Landi Renzo GIRS12 | 3 cilindri\"}]},{\"@type\":\"WebSite\",\"@id\":\"https:\\\/\\\/recambiosecogas.com\\\/it\\\/#website\",\"url\":\"https:\\\/\\\/recambiosecogas.com\\\/it\\\/\",\"name\":\"Recambios EcoGas\",\"description\":\"Recambios Multimarca para sistemas de GLP\\\/GNC\\\/GNL\\\/Hidr\u00f3geno\",\"publisher\":{\"@id\":\"https:\\\/\\\/recambiosecogas.com\\\/it\\\/#organization\"},\"alternateName\":\"Recambios Autogas GLP\",\"potentialAction\":[{\"@type\":\"SearchAction\",\"target\":{\"@type\":\"EntryPoint\",\"urlTemplate\":\"https:\\\/\\\/recambiosecogas.com\\\/it\\\/?s={search_term_string}\"},\"query-input\":{\"@type\":\"PropertyValueSpecification\",\"valueRequired\":true,\"valueName\":\"search_term_string\"}}],\"inLanguage\":\"it-IT\"},{\"@type\":[\"Organization\",\"Place\"],\"@id\":\"https:\\\/\\\/recambiosecogas.com\\\/it\\\/#organization\",\"name\":\"Recambios EcoGas\",\"alternateName\":\"Tienda Online GLP Espa\u00f1a\",\"url\":\"https:\\\/\\\/recambiosecogas.com\\\/it\\\/\",\"logo\":{\"@id\":\"https:\\\/\\\/recambiosecogas.com\\\/it\\\/producto\\\/inyector-glp-landi-renzo-girs-3-cyl\\\/#local-main-organization-logo\"},\"image\":{\"@id\":\"https:\\\/\\\/recambiosecogas.com\\\/it\\\/producto\\\/inyector-glp-landi-renzo-girs-3-cyl\\\/#local-main-organization-logo\"},\"sameAs\":[\"https:\\\/\\\/www.facebook.com\\\/profile.php?id=100062419705358\",\"https:\\\/\\\/www.instagram.com\\\/segimon_automocio\"],\"description\":\"Recambios EcoGas \u2013 Venta y distribuci\u00f3n de sistemas GLP y GNC en Espa\u00f1a y Portugal. Env\u00edos 24 h, soporte t\u00e9cnico a talleres y distribuidores.\",\"hasMerchantReturnPolicy\":{\"@type\":\"MerchantReturnPolicy\",\"merchantReturnLink\":\"https:\\\/\\\/recambiosecogas.com\\\/politicas-privacidad\\\/\"},\"address\":{\"@id\":\"https:\\\/\\\/recambiosecogas.com\\\/it\\\/producto\\\/inyector-glp-landi-renzo-girs-3-cyl\\\/#local-main-place-address\"},\"telephone\":[\"616250633\"],\"contactPoint\":{\"@type\":\"ContactPoint\",\"email\":\"export@recambiosecogas.com\"},\"openingHoursSpecification\":[{\"@type\":\"OpeningHoursSpecification\",\"dayOfWeek\":[\"Monday\",\"Tuesday\",\"Wednesday\",\"Thursday\",\"Friday\",\"Saturday\",\"Sunday\"],\"opens\":\"09:00\",\"closes\":\"17:00\"}],\"email\":\"info@recambiosecogas.com\",\"faxNumber\":\"SEGIMON AUTOMOCION SL\",\"vatID\":\"ESB19819861\",\"globalLocationNumber\":\"938 616 339\"},{\"@type\":\"PostalAddress\",\"@id\":\"https:\\\/\\\/recambiosecogas.com\\\/it\\\/producto\\\/inyector-glp-landi-renzo-girs-3-cyl\\\/#local-main-place-address\",\"streetAddress\":\"cami antic de vic, 29 (Nave 3), Pol\u00edgono Industrial Congost\",\"addressLocality\":\"CORRO D`AVALL\",\"postalCode\":\"08520\",\"addressRegion\":\"Barcelona\",\"addressCountry\":\"ES\"},{\"@type\":\"ImageObject\",\"inLanguage\":\"it-IT\",\"@id\":\"https:\\\/\\\/recambiosecogas.com\\\/it\\\/producto\\\/inyector-glp-landi-renzo-girs-3-cyl\\\/#local-main-organization-logo\",\"url\":\"https:\\\/\\\/recambiosecogas.com\\\/wp-content\\\/uploads\\\/2024\\\/11\\\/cropped-RECAMBIOS-GLP-png.webp\",\"contentUrl\":\"https:\\\/\\\/recambiosecogas.com\\\/wp-content\\\/uploads\\\/2024\\\/11\\\/cropped-RECAMBIOS-GLP-png.webp\",\"width\":512,\"height\":512,\"caption\":\"Recambios EcoGas\"}]}<\/script>\n<meta property=\"product:price:amount\" content=\"245.63\" \/>\n<meta property=\"product:price:currency\" content=\"EUR\" \/>\n<meta property=\"og:availability\" content=\"backorder\" \/>\n<meta property=\"product:availability\" content=\"available for order\" \/>\n<meta property=\"product:retailer_item_id\" content=\"238000132\" \/>\n<meta property=\"product:condition\" content=\"new\" \/>\n<meta name=\"geo.placename\" content=\"CORRO D`AVALL\" \/>\n<meta name=\"geo.region\" content=\"Spagna\" \/>\n<!-- \/ Yoast SEO Premium plugin. -->","yoast_head_json":{"title":"Iniettore a GPL Landi Renzo GIRS12 | 3 cilindri | Recambios EcoGas | Sistemas GLP y GNC","description":"Landi Renzo GIRS 3 cilindri iniettore di GPL. Iniezione precisa ed efficiente per sistemi a gas GPL. Compatibile con Audi, BMW, Ford e altri.","robots":{"index":"index","follow":"follow","max-snippet":"max-snippet:-1","max-image-preview":"max-image-preview:large","max-video-preview":"max-video-preview:-1"},"canonical":"https:\/\/recambiosecogas.com\/it\/producto\/inyector-glp-landi-renzo-girs-3-cyl\/","og_locale":"it_IT","og_type":"article","og_title":"Iniettore a GPL Landi Renzo GIRS12 | 3 cilindri","og_description":"Landi Renzo GIRS 3 cilindri iniettore di GPL. Iniezione precisa ed efficiente per sistemi a gas GPL. Compatibile con Audi, BMW, Ford e altri.","og_url":"https:\/\/recambiosecogas.com\/it\/producto\/inyector-glp-landi-renzo-girs-3-cyl\/","og_site_name":"Recambios EcoGas","article_publisher":"https:\/\/www.facebook.com\/profile.php?id=100062419705358","article_modified_time":"2026-04-15T10:51:28+00:00","og_image":[{"width":1000,"height":1000,"url":"https:\/\/recambiosecogas.com\/wp-content\/uploads\/2024\/12\/Inyector-Landi-GIRS-3-Cyl.-Verde-Pequeno-con-sensor-de-presion-para-Renault-Dacia-OEM-png.webp","type":"image\/png"}],"twitter_card":"summary_large_image","twitter_misc":{"Prezzo":"245,63&nbsp;&euro; (Sin IVA: 203,00&nbsp;&euro;)","Disponibilit\u00e0":"Su ordinazione"},"schema":{"@context":"https:\/\/schema.org","@graph":[{"@type":"WebPage","@id":"https:\/\/recambiosecogas.com\/it\/producto\/inyector-glp-landi-renzo-girs-3-cyl\/","url":"https:\/\/recambiosecogas.com\/it\/producto\/inyector-glp-landi-renzo-girs-3-cyl\/","name":"Iniettore a GPL Landi Renzo GIRS12 | 3 cilindri | Recambios EcoGas | Sistemas GLP y GNC","isPartOf":{"@id":"https:\/\/recambiosecogas.com\/it\/#website"},"primaryImageOfPage":{"@id":"https:\/\/recambiosecogas.com\/it\/producto\/inyector-glp-landi-renzo-girs-3-cyl\/#primaryimage"},"image":{"@id":"https:\/\/recambiosecogas.com\/it\/producto\/inyector-glp-landi-renzo-girs-3-cyl\/#primaryimage"},"thumbnailUrl":"https:\/\/recambiosecogas.com\/wp-content\/uploads\/2024\/12\/Inyector-Landi-GIRS-3-Cyl.-Verde-Pequeno-con-sensor-de-presion-para-Renault-Dacia-OEM-png.webp","datePublished":"2024-12-23T14:32:52+00:00","dateModified":"2026-04-15T10:51:28+00:00","description":"Landi Renzo GIRS 3 cilindri iniettore di GPL. Iniezione precisa ed efficiente per sistemi a gas GPL. Compatibile con Audi, BMW, Ford e altri.","breadcrumb":{"@id":"https:\/\/recambiosecogas.com\/it\/producto\/inyector-glp-landi-renzo-girs-3-cyl\/#breadcrumb"},"inLanguage":"it-IT","potentialAction":[{"@type":"ReadAction","target":["https:\/\/recambiosecogas.com\/it\/producto\/inyector-glp-landi-renzo-girs-3-cyl\/"]}]},{"@type":"ImageObject","inLanguage":"it-IT","@id":"https:\/\/recambiosecogas.com\/it\/producto\/inyector-glp-landi-renzo-girs-3-cyl\/#primaryimage","url":"https:\/\/recambiosecogas.com\/wp-content\/uploads\/2024\/12\/Inyector-Landi-GIRS-3-Cyl.-Verde-Pequeno-con-sensor-de-presion-para-Renault-Dacia-OEM-png.webp","contentUrl":"https:\/\/recambiosecogas.com\/wp-content\/uploads\/2024\/12\/Inyector-Landi-GIRS-3-Cyl.-Verde-Pequeno-con-sensor-de-presion-para-Renault-Dacia-OEM-png.webp","width":1000,"height":1000},{"@type":"BreadcrumbList","@id":"https:\/\/recambiosecogas.com\/it\/producto\/inyector-glp-landi-renzo-girs-3-cyl\/#breadcrumb","itemListElement":[{"@type":"ListItem","position":1,"name":"Portada","item":"https:\/\/recambiosecogas.com\/it\/"},{"@type":"ListItem","position":2,"name":"Negozio","item":"https:\/\/recambiosecogas.com\/it\/?page_id=46382"},{"@type":"ListItem","position":3,"name":"Iniettore a GPL Landi Renzo GIRS12 | 3 cilindri"}]},{"@type":"WebSite","@id":"https:\/\/recambiosecogas.com\/it\/#website","url":"https:\/\/recambiosecogas.com\/it\/","name":"Recambios EcoGas","description":"Recambios Multimarca para sistemas de GLP\/GNC\/GNL\/Hidr\u00f3geno","publisher":{"@id":"https:\/\/recambiosecogas.com\/it\/#organization"},"alternateName":"Recambios Autogas GLP","potentialAction":[{"@type":"SearchAction","target":{"@type":"EntryPoint","urlTemplate":"https:\/\/recambiosecogas.com\/it\/?s={search_term_string}"},"query-input":{"@type":"PropertyValueSpecification","valueRequired":true,"valueName":"search_term_string"}}],"inLanguage":"it-IT"},{"@type":["Organization","Place"],"@id":"https:\/\/recambiosecogas.com\/it\/#organization","name":"Recambios EcoGas","alternateName":"Tienda Online GLP Espa\u00f1a","url":"https:\/\/recambiosecogas.com\/it\/","logo":{"@id":"https:\/\/recambiosecogas.com\/it\/producto\/inyector-glp-landi-renzo-girs-3-cyl\/#local-main-organization-logo"},"image":{"@id":"https:\/\/recambiosecogas.com\/it\/producto\/inyector-glp-landi-renzo-girs-3-cyl\/#local-main-organization-logo"},"sameAs":["https:\/\/www.facebook.com\/profile.php?id=100062419705358","https:\/\/www.instagram.com\/segimon_automocio"],"description":"Recambios EcoGas \u2013 Venta y distribuci\u00f3n de sistemas GLP y GNC en Espa\u00f1a y Portugal. Env\u00edos 24 h, soporte t\u00e9cnico a talleres y distribuidores.","hasMerchantReturnPolicy":{"@type":"MerchantReturnPolicy","merchantReturnLink":"https:\/\/recambiosecogas.com\/politicas-privacidad\/"},"address":{"@id":"https:\/\/recambiosecogas.com\/it\/producto\/inyector-glp-landi-renzo-girs-3-cyl\/#local-main-place-address"},"telephone":["616250633"],"contactPoint":{"@type":"ContactPoint","email":"export@recambiosecogas.com"},"openingHoursSpecification":[{"@type":"OpeningHoursSpecification","dayOfWeek":["Monday","Tuesday","Wednesday","Thursday","Friday","Saturday","Sunday"],"opens":"09:00","closes":"17:00"}],"email":"info@recambiosecogas.com","faxNumber":"SEGIMON AUTOMOCION SL","vatID":"ESB19819861","globalLocationNumber":"938 616 339"},{"@type":"PostalAddress","@id":"https:\/\/recambiosecogas.com\/it\/producto\/inyector-glp-landi-renzo-girs-3-cyl\/#local-main-place-address","streetAddress":"cami antic de vic, 29 (Nave 3), Pol\u00edgono Industrial Congost","addressLocality":"CORRO D`AVALL","postalCode":"08520","addressRegion":"Barcelona","addressCountry":"ES"},{"@type":"ImageObject","inLanguage":"it-IT","@id":"https:\/\/recambiosecogas.com\/it\/producto\/inyector-glp-landi-renzo-girs-3-cyl\/#local-main-organization-logo","url":"https:\/\/recambiosecogas.com\/wp-content\/uploads\/2024\/11\/cropped-RECAMBIOS-GLP-png.webp","contentUrl":"https:\/\/recambiosecogas.com\/wp-content\/uploads\/2024\/11\/cropped-RECAMBIOS-GLP-png.webp","width":512,"height":512,"caption":"Recambios EcoGas"}]},"product_price_amount":"245.63","product_price_currency":"EUR","og_availability":"backorder","product_availability":"available for order","product_retailer_item_id":"238000132","product_condition":"new","geo.placename":"CORRO D`AVALL","geo.region":"Spagna"},"uagb_featured_image_src":{"full":["https:\/\/recambiosecogas.com\/wp-content\/uploads\/2024\/12\/Inyector-Landi-GIRS-3-Cyl.-Verde-Pequeno-con-sensor-de-presion-para-Renault-Dacia-OEM-png.webp",1000,1000,false],"thumbnail":["https:\/\/recambiosecogas.com\/wp-content\/uploads\/2024\/12\/Inyector-Landi-GIRS-3-Cyl.-Verde-Pequeno-con-sensor-de-presion-para-Renault-Dacia-OEM-150x150.webp",150,150,true],"medium":["https:\/\/recambiosecogas.com\/wp-content\/uploads\/2024\/12\/Inyector-Landi-GIRS-3-Cyl.-Verde-Pequeno-con-sensor-de-presion-para-Renault-Dacia-OEM-300x300.webp",300,300,true],"medium_large":["https:\/\/recambiosecogas.com\/wp-content\/uploads\/2024\/12\/Inyector-Landi-GIRS-3-Cyl.-Verde-Pequeno-con-sensor-de-presion-para-Renault-Dacia-OEM-768x768.webp",768,768,true],"large":["https:\/\/recambiosecogas.com\/wp-content\/uploads\/2024\/12\/Inyector-Landi-GIRS-3-Cyl.-Verde-Pequeno-con-sensor-de-presion-para-Renault-Dacia-OEM-png.webp",1000,1000,false],"1536x1536":["https:\/\/recambiosecogas.com\/wp-content\/uploads\/2024\/12\/Inyector-Landi-GIRS-3-Cyl.-Verde-Pequeno-con-sensor-de-presion-para-Renault-Dacia-OEM-png.webp",1000,1000,false],"2048x2048":["https:\/\/recambiosecogas.com\/wp-content\/uploads\/2024\/12\/Inyector-Landi-GIRS-3-Cyl.-Verde-Pequeno-con-sensor-de-presion-para-Renault-Dacia-OEM-png.webp",1000,1000,false],"woocommerce_archive_thumbnail":["https:\/\/recambiosecogas.com\/wp-content\/uploads\/2024\/12\/Inyector-Landi-GIRS-3-Cyl.-Verde-Pequeno-con-sensor-de-presion-para-Renault-Dacia-OEM-png.webp",1000,1000,false],"woocommerce_thumbnail":["https:\/\/recambiosecogas.com\/wp-content\/uploads\/2024\/12\/Inyector-Landi-GIRS-3-Cyl.-Verde-Pequeno-con-sensor-de-presion-para-Renault-Dacia-OEM-300x300.webp",300,300,true],"woocommerce_single":["https:\/\/recambiosecogas.com\/wp-content\/uploads\/2024\/12\/Inyector-Landi-GIRS-3-Cyl.-Verde-Pequeno-con-sensor-de-presion-para-Renault-Dacia-OEM-png.webp",1000,1000,false],"woocommerce_gallery_thumbnail":["https:\/\/recambiosecogas.com\/wp-content\/uploads\/2024\/12\/Inyector-Landi-GIRS-3-Cyl.-Verde-Pequeno-con-sensor-de-presion-para-Renault-Dacia-OEM-png.webp",1000,1000,false],"dgwt-wcas-product-suggestion":["https:\/\/recambiosecogas.com\/wp-content\/uploads\/2024\/12\/Inyector-Landi-GIRS-3-Cyl.-Verde-Pequeno-con-sensor-de-presion-para-Renault-Dacia-OEM-64x64.webp",64,64,true]},"uagb_author_info":{"display_name":"Fran - Soporte T\u00e9cnico","author_link":"https:\/\/recambiosecogas.com\/it\/author\/"},"uagb_comment_info":0,"uagb_excerpt":"Landi Renzo GIRS 3 cilindri iniettore di GPL. Verde (Piccolo) con sensore di pressione per Renault Dacia OEM Marchio: Landi Renzo Tipo : ECO EVO GIRS 3 Piccolo Spostamento (coperchio verde) Osservazione: Numero di articolo OEM della Renault Dacia: Approvazioni: E13 67R-01 0323 - E13 110R-000201 Indice: Rotaia con 3x Green Injector (Piccolo) + sensore&hellip;","_links":{"self":[{"href":"https:\/\/recambiosecogas.com\/it\/wp-json\/wp\/v2\/product\/48637","targetHints":{"allow":["GET"]}}],"collection":[{"href":"https:\/\/recambiosecogas.com\/it\/wp-json\/wp\/v2\/product"}],"about":[{"href":"https:\/\/recambiosecogas.com\/it\/wp-json\/wp\/v2\/types\/product"}],"replies":[{"embeddable":true,"href":"https:\/\/recambiosecogas.com\/it\/wp-json\/wp\/v2\/comments?post=48637"}],"wp:featuredmedia":[{"embeddable":true,"href":"https:\/\/recambiosecogas.com\/it\/wp-json\/wp\/v2\/media\/12339"}],"wp:attachment":[{"href":"https:\/\/recambiosecogas.com\/it\/wp-json\/wp\/v2\/media?parent=48637"}],"wp:term":[{"taxonomy":"product_brand","embeddable":true,"href":"https:\/\/recambiosecogas.com\/it\/wp-json\/wp\/v2\/product_brand?post=48637"},{"taxonomy":"product_cat","embeddable":true,"href":"https:\/\/recambiosecogas.com\/it\/wp-json\/wp\/v2\/product_cat?post=48637"},{"taxonomy":"product_tag","embeddable":true,"href":"https:\/\/recambiosecogas.com\/it\/wp-json\/wp\/v2\/product_tag?post=48637"}],"curies":[{"name":"wp","href":"https:\/\/api.w.org\/{rel}","templated":true}]}}