{"id":48613,"date":"2024-12-23T14:32:32","date_gmt":"2024-12-23T14:32:32","guid":{"rendered":"https:\/\/recambiosecogas.com\/producto\/inyector-de-glp-landi-renzo-rgi-med-4x-inyectores\/"},"modified":"2026-04-15T11:51:11","modified_gmt":"2026-04-15T10:51:11","slug":"inyector-de-glp-landi-renzo-rgi-med-4x-inyectores","status":"publish","type":"product","link":"https:\/\/recambiosecogas.com\/it\/producto\/inyector-de-glp-landi-renzo-rgi-med-4x-inyectores\/","title":{"rendered":"Landi Renzo RGI MED Rail &#8211; 4x Iniettori (Aperti)"},"content":{"rendered":"<h4 class=\"h1 product-detail-name\" style=\"text-align: center;\">Iniettore Landi Renzo RGI MED LPG &#8211; 4x iniettori &#8211; <span style=\"color: #008000;\">Con collegamento sensore di pressione &#8211; Aperto<\/span><\/h4>\n<p><strong>L&#8217;iniettore Landi Renzo RGI MED LPG &#8211; 4x iniettori<\/strong> \u00e8 un componente progettato per ottimizzare le prestazioni dei sistemi di iniezione di gas GPL nei veicoli a 4 cilindri. Prodotti con tecnologia avanzata, questi iniettori Landi Renzo garantiscono una fornitura precisa di carburante, migliorando l&#8217;efficienza del motore e riducendo le emissioni inquinanti. Grazie al loro design compatto e alla costruzione durevole, gli iniettori RGI MED garantiscono una combustione pulita e prestazioni superiori. Compatibile con un&#8217;ampia gamma di marchi di veicoli.   <\/p>\n<p><strong>Caratteristiche:<\/strong><\/p>\n<ul>\n<li><strong>Iniezione ad alta precisione:<\/strong> Fornisce un flusso costante e accurato di gas GPL, garantendo una combustione efficiente e prestazioni ottimali del motore.<\/li>\n<li><strong>Kit di 4 iniettori:<\/strong> Include quattro iniettori Landi Renzo RGI MED progettati specificamente per motori a 4 cilindri.<\/li>\n<li><strong>Produzione di alta qualit\u00e0:<\/strong> Componenti realizzati con materiali durevoli e tecnologia avanzata, garantendo un funzionamento affidabile e una lunga durata operativa.<\/li>\n<li><strong>Compatibilit\u00e0 universale:<\/strong> Compatibile con i sistemi a gas GPL in veicoli a 4 cilindri di vari marchi come Audi, BMW, Ford, Mercedes-Benz, Peugeot, Renault, Volkswagen, Toyota, Nissan, Kia, Hyundai, Fiat, tra gli altri.<\/li>\n<li><strong>Installazione semplice:<\/strong> Il design compatto e leggero rende facile installare e mantenere il sistema di iniezione, ideale per aggiornamenti e sostituzioni.<\/li>\n<\/ul>\n<p><strong>Acquista ora l&#8217;iniettore Landi Renzo RGI MED LPG &#8211; 4x iniettori e assicurati prestazioni superiori e un&#8217;iniezione di benzina precisa nel tuo veicolo a 4 cilindri. Compatibile con una vasta gamma di marchi di veicoli riconosciuti.<br \/>\n<\/strong><\/p>\n<p><strong>Per i sistemi a gas:<\/strong> Motori a 4\/8 cilindri con<br \/>\n<strong>Landi Renzo Omegas, Eurogas Omegas, Landi LSI Sistemi OEM:<\/strong> Citro\u00ebn, Dacia, Opel, Peugeot, Renault, Skoda, VW<\/p>\n<p><span style=\"color: #ff0000;\"><strong>NON ADATTO PER FIAT ALFA LANCIA<\/strong><\/span><\/p>\n<p><strong>Nota:<\/strong> Il colore (dimensione dell&#8217;ugello) \u00e8 indicato dal colore del tappo di plastica sulla parte superiore dell&#8217;ugello.<br \/>\nScegli la misura\/colore dell&#8217;ugello: Verde\/Nero\/Bianco\/Arancione\/Blu\/Viola<\/p>\n<p>(Piccolo) Landi MED GI25-22 iniettore verde fino a 20 kW per cilindro<br \/>\n (Medium) Landi MED GI25-65 iniettore nero fino a 28 kW per cilindro<br \/>\n (Large) Landi MED GI25-80 iniettore bianco fino a 37 kW per cilindro<\/p>\n<p>(Piccolo) Landi MED GI25-22 iniettore arancione fino a 20 kW per cilindro<br \/>\n (Medium) Landi MED GI25-65 iniettore blu fino a 28 kW per cilindro<br \/>\n (Big) Landi MED GI25-80 iniettore viola fino a 37 kW per cilindro<\/p>\n<p><strong>Attenzione! Alcuni sistemi di fabbrica OPEL (Landi Renzo OEM) utilizzano un sensore di pressione da 5,5 bar. Le rotaie degli iniettori standard di Landi Renzo utilizzano un sensore di pressione da 3,5 bar e quindi potrebbero non essere compatibili con la tua Opel.  <\/strong><\/p>\n<p><strong>Controlla attentamente che tipo di sensore di pressione viene utilizzato nella tua Opel (3,5 bar \/ 5,5 bar). Questo \u00e8 solitamente indicato sul sensore di pressione (T-MAPC96 = 3,5 bar \/ T-MAPC97 = 5,5 bar). <\/strong><\/p>\n<p><a href=\"https:\/\/segimonautomocio.com\/\">Cambia i tuoi iniettori nel nostro laboratorio specializzato.<\/a><br \/>\n<a href=\"https:\/\/recambiosecogas.com\/it\/categoria-producto\/inyectores-menu\/inyectores-rail\/\">Il nostro catalogo di iniettori.<\/a><\/p>\n","protected":false},"excerpt":{"rendered":"<h6 class=\"h1 product-detail-name\" style=\"text-align: center;\">Iniettore Landi Renzo RGI MED LPG &#8211; 4x iniettori &#8211;<span style=\"color: #008000;\"> Con collegamento sensore di pressione &#8211; Aperto<\/span><\/h6>\n<p><strong>Marchio:<\/strong> Landi Renzo<br \/>\n<strong>Numero di tipo:<\/strong> RGI-25-4C-CS <strong>con connessione sensore (=Open)<\/strong><br \/>\n<strong>Approvazione iniettore:<\/strong> (GPL) E13 67R-010234 &#8211; (CNG) E13 110R-000058<br \/>\n<strong>Approvazione rotaia iniettore (Supporto):<\/strong> (GPL) E13 67R-010233 &#8211; (CNG) E13 110R-000057<br \/>\n<strong>Dimensione dell&#8217;iniettore:<\/strong> Questa \u00e8 un&#8217;opzione opzionale<br \/>\n<strong>Connessione elettrica:<\/strong> Bosch AMP 2 poli<br \/>\n<span style=\"color: #ff0000;\"><strong>NOTA! Nessun sensore di pressione. Pu\u00f2 essere ordinato separatamente (3,5 bar \/ 5,5 bar).  <\/strong><\/span><\/p>\n<p>La dimensione dell&#8217;iniettore \u00e8 indicata dal colore del tappo di plastica e dal codice sulla sommit\u00e0 dell&#8217;iniettore accanto alla connessione.<\/p>\n","protected":false},"featured_media":12347,"comment_status":"open","ping_status":"closed","template":"","meta":{"_uag_custom_page_level_css":""},"product_brand":[],"product_cat":[2121,2122,2123,2124,2125,2181,2126,2182],"product_tag":[2127],"class_list":{"0":"post-48613","1":"product","2":"type-product","3":"status-publish","4":"has-post-thumbnail","6":"product_cat-inyectores-menu","7":"product_cat-inyectores-rail","8":"product_cat-landirenzo","9":"product_cat-rail-riel-rampa-inyectora","10":"product_cat-recambios-oem","11":"product_cat-recambios-oem-dacia","12":"product_cat-recambios-oem-opel","13":"product_cat-recambios-oem-renault","14":"product_tag-oem","16":"first","17":"onbackorder","18":"taxable","19":"shipping-taxable","20":"purchasable","21":"product-type-simple"},"ct_brands":[],"yoast_head":"<!-- This site is optimized with the Yoast SEO Premium plugin v27.5 (Yoast SEO v27.5) - https:\/\/yoast.com\/product\/yoast-seo-premium-wordpress\/ -->\n<title>Landi Renzo RGI MED Rail - 4x Iniettori (Aperti) | Recambios EcoGas | Sistemas GLP y GNC<\/title>\n<meta name=\"description\" content=\"Landi Renzo RGI MED LPG Injector - 4x Iniettori. Iniezione precisa ed efficiente per sistemi a gas GPL. Compatibile con Audi, BMW, Ford e altri.\" \/>\n<meta name=\"robots\" content=\"index, follow, max-snippet:-1, max-image-preview:large, max-video-preview:-1\" \/>\n<link rel=\"canonical\" href=\"https:\/\/recambiosecogas.com\/it\/producto\/inyector-de-glp-landi-renzo-rgi-med-4x-inyectores\/\" \/>\n<meta property=\"og:locale\" content=\"it_IT\" \/>\n<meta property=\"og:type\" content=\"article\" \/>\n<meta property=\"og:title\" content=\"Landi Renzo RGI MED Rail - 4x Iniettori (Aperti)\" \/>\n<meta property=\"og:description\" content=\"Landi Renzo RGI MED LPG Injector - 4x Iniettori. Iniezione precisa ed efficiente per sistemi a gas GPL. Compatibile con Audi, BMW, Ford e altri.\" \/>\n<meta property=\"og:url\" content=\"https:\/\/recambiosecogas.com\/it\/producto\/inyector-de-glp-landi-renzo-rgi-med-4x-inyectores\/\" \/>\n<meta property=\"og:site_name\" content=\"Recambios EcoGas\" \/>\n<meta property=\"article:publisher\" content=\"https:\/\/www.facebook.com\/profile.php?id=100062419705358\" \/>\n<meta property=\"article:modified_time\" content=\"2026-04-15T10:51:11+00:00\" \/>\n<meta property=\"og:image\" content=\"https:\/\/recambiosecogas.com\/wp-content\/uploads\/2024\/12\/Inyector-de-GLP-Landi-Renzo-RGI-MED-4x-Inyectore-1-png.webp\" \/>\n\t<meta property=\"og:image:width\" content=\"1000\" \/>\n\t<meta property=\"og:image:height\" content=\"1000\" \/>\n\t<meta property=\"og:image:type\" content=\"image\/png\" \/>\n<meta name=\"twitter:card\" content=\"summary_large_image\" \/>\n<meta name=\"twitter:label1\" content=\"Prezzo\" \/>\n\t<meta name=\"twitter:data1\" content=\"293,41&nbsp;&euro; (Sin IVA: 242,49&nbsp;&euro;)\" \/>\n\t<meta name=\"twitter:label2\" content=\"Disponibilit\u00e0\" \/>\n\t<meta name=\"twitter:data2\" content=\"Su ordinazione\" \/>\n<script type=\"application\/ld+json\" class=\"yoast-schema-graph\">{\"@context\":\"https:\\\/\\\/schema.org\",\"@graph\":[{\"@type\":\"WebPage\",\"@id\":\"https:\\\/\\\/recambiosecogas.com\\\/it\\\/producto\\\/inyector-de-glp-landi-renzo-rgi-med-4x-inyectores\\\/\",\"url\":\"https:\\\/\\\/recambiosecogas.com\\\/it\\\/producto\\\/inyector-de-glp-landi-renzo-rgi-med-4x-inyectores\\\/\",\"name\":\"Landi Renzo RGI MED Rail - 4x Iniettori (Aperti) | Recambios EcoGas | Sistemas GLP y GNC\",\"isPartOf\":{\"@id\":\"https:\\\/\\\/recambiosecogas.com\\\/it\\\/#website\"},\"primaryImageOfPage\":{\"@id\":\"https:\\\/\\\/recambiosecogas.com\\\/it\\\/producto\\\/inyector-de-glp-landi-renzo-rgi-med-4x-inyectores\\\/#primaryimage\"},\"image\":{\"@id\":\"https:\\\/\\\/recambiosecogas.com\\\/it\\\/producto\\\/inyector-de-glp-landi-renzo-rgi-med-4x-inyectores\\\/#primaryimage\"},\"thumbnailUrl\":\"https:\\\/\\\/recambiosecogas.com\\\/wp-content\\\/uploads\\\/2024\\\/12\\\/Inyector-de-GLP-Landi-Renzo-RGI-MED-4x-Inyectore-1-png.webp\",\"datePublished\":\"2024-12-23T14:32:32+00:00\",\"dateModified\":\"2026-04-15T10:51:11+00:00\",\"description\":\"Landi Renzo RGI MED LPG Injector - 4x Iniettori. Iniezione precisa ed efficiente per sistemi a gas GPL. Compatibile con Audi, BMW, Ford e altri.\",\"breadcrumb\":{\"@id\":\"https:\\\/\\\/recambiosecogas.com\\\/it\\\/producto\\\/inyector-de-glp-landi-renzo-rgi-med-4x-inyectores\\\/#breadcrumb\"},\"inLanguage\":\"it-IT\",\"potentialAction\":[{\"@type\":\"ReadAction\",\"target\":[\"https:\\\/\\\/recambiosecogas.com\\\/it\\\/producto\\\/inyector-de-glp-landi-renzo-rgi-med-4x-inyectores\\\/\"]}]},{\"@type\":\"ImageObject\",\"inLanguage\":\"it-IT\",\"@id\":\"https:\\\/\\\/recambiosecogas.com\\\/it\\\/producto\\\/inyector-de-glp-landi-renzo-rgi-med-4x-inyectores\\\/#primaryimage\",\"url\":\"https:\\\/\\\/recambiosecogas.com\\\/wp-content\\\/uploads\\\/2024\\\/12\\\/Inyector-de-GLP-Landi-Renzo-RGI-MED-4x-Inyectore-1-png.webp\",\"contentUrl\":\"https:\\\/\\\/recambiosecogas.com\\\/wp-content\\\/uploads\\\/2024\\\/12\\\/Inyector-de-GLP-Landi-Renzo-RGI-MED-4x-Inyectore-1-png.webp\",\"width\":1000,\"height\":1000},{\"@type\":\"BreadcrumbList\",\"@id\":\"https:\\\/\\\/recambiosecogas.com\\\/it\\\/producto\\\/inyector-de-glp-landi-renzo-rgi-med-4x-inyectores\\\/#breadcrumb\",\"itemListElement\":[{\"@type\":\"ListItem\",\"position\":1,\"name\":\"Portada\",\"item\":\"https:\\\/\\\/recambiosecogas.com\\\/it\\\/\"},{\"@type\":\"ListItem\",\"position\":2,\"name\":\"Negozio\",\"item\":\"https:\\\/\\\/recambiosecogas.com\\\/it\\\/?page_id=46382\"},{\"@type\":\"ListItem\",\"position\":3,\"name\":\"Landi Renzo RGI MED Rail &#8211; 4x Iniettori (Aperti)\"}]},{\"@type\":\"WebSite\",\"@id\":\"https:\\\/\\\/recambiosecogas.com\\\/it\\\/#website\",\"url\":\"https:\\\/\\\/recambiosecogas.com\\\/it\\\/\",\"name\":\"Recambios EcoGas\",\"description\":\"Recambios Multimarca para sistemas de GLP\\\/GNC\\\/GNL\\\/Hidr\u00f3geno\",\"publisher\":{\"@id\":\"https:\\\/\\\/recambiosecogas.com\\\/it\\\/#organization\"},\"alternateName\":\"Recambios Autogas GLP\",\"potentialAction\":[{\"@type\":\"SearchAction\",\"target\":{\"@type\":\"EntryPoint\",\"urlTemplate\":\"https:\\\/\\\/recambiosecogas.com\\\/it\\\/?s={search_term_string}\"},\"query-input\":{\"@type\":\"PropertyValueSpecification\",\"valueRequired\":true,\"valueName\":\"search_term_string\"}}],\"inLanguage\":\"it-IT\"},{\"@type\":[\"Organization\",\"Place\"],\"@id\":\"https:\\\/\\\/recambiosecogas.com\\\/it\\\/#organization\",\"name\":\"Recambios EcoGas\",\"alternateName\":\"Tienda Online GLP Espa\u00f1a\",\"url\":\"https:\\\/\\\/recambiosecogas.com\\\/it\\\/\",\"logo\":{\"@id\":\"https:\\\/\\\/recambiosecogas.com\\\/it\\\/producto\\\/inyector-de-glp-landi-renzo-rgi-med-4x-inyectores\\\/#local-main-organization-logo\"},\"image\":{\"@id\":\"https:\\\/\\\/recambiosecogas.com\\\/it\\\/producto\\\/inyector-de-glp-landi-renzo-rgi-med-4x-inyectores\\\/#local-main-organization-logo\"},\"sameAs\":[\"https:\\\/\\\/www.facebook.com\\\/profile.php?id=100062419705358\",\"https:\\\/\\\/www.instagram.com\\\/segimon_automocio\"],\"description\":\"Recambios EcoGas \u2013 Venta y distribuci\u00f3n de sistemas GLP y GNC en Espa\u00f1a y Portugal. Env\u00edos 24 h, soporte t\u00e9cnico a talleres y distribuidores.\",\"hasMerchantReturnPolicy\":{\"@type\":\"MerchantReturnPolicy\",\"merchantReturnLink\":\"https:\\\/\\\/recambiosecogas.com\\\/politicas-privacidad\\\/\"},\"address\":{\"@id\":\"https:\\\/\\\/recambiosecogas.com\\\/it\\\/producto\\\/inyector-de-glp-landi-renzo-rgi-med-4x-inyectores\\\/#local-main-place-address\"},\"telephone\":[\"616250633\"],\"contactPoint\":{\"@type\":\"ContactPoint\",\"email\":\"export@recambiosecogas.com\"},\"openingHoursSpecification\":[{\"@type\":\"OpeningHoursSpecification\",\"dayOfWeek\":[\"Monday\",\"Tuesday\",\"Wednesday\",\"Thursday\",\"Friday\",\"Saturday\",\"Sunday\"],\"opens\":\"09:00\",\"closes\":\"17:00\"}],\"email\":\"info@recambiosecogas.com\",\"faxNumber\":\"SEGIMON AUTOMOCION SL\",\"vatID\":\"ESB19819861\",\"globalLocationNumber\":\"938 616 339\"},{\"@type\":\"PostalAddress\",\"@id\":\"https:\\\/\\\/recambiosecogas.com\\\/it\\\/producto\\\/inyector-de-glp-landi-renzo-rgi-med-4x-inyectores\\\/#local-main-place-address\",\"streetAddress\":\"cami antic de vic, 29 (Nave 3), Pol\u00edgono Industrial Congost\",\"addressLocality\":\"CORRO D`AVALL\",\"postalCode\":\"08520\",\"addressRegion\":\"Barcelona\",\"addressCountry\":\"ES\"},{\"@type\":\"ImageObject\",\"inLanguage\":\"it-IT\",\"@id\":\"https:\\\/\\\/recambiosecogas.com\\\/it\\\/producto\\\/inyector-de-glp-landi-renzo-rgi-med-4x-inyectores\\\/#local-main-organization-logo\",\"url\":\"https:\\\/\\\/recambiosecogas.com\\\/wp-content\\\/uploads\\\/2024\\\/11\\\/cropped-RECAMBIOS-GLP-png.webp\",\"contentUrl\":\"https:\\\/\\\/recambiosecogas.com\\\/wp-content\\\/uploads\\\/2024\\\/11\\\/cropped-RECAMBIOS-GLP-png.webp\",\"width\":512,\"height\":512,\"caption\":\"Recambios EcoGas\"}]}<\/script>\n<meta property=\"product:price:amount\" content=\"293.41\" \/>\n<meta property=\"product:price:currency\" content=\"EUR\" \/>\n<meta property=\"og:availability\" content=\"backorder\" \/>\n<meta property=\"product:availability\" content=\"available for order\" \/>\n<meta property=\"product:retailer_item_id\" content=\"238132000-1\" \/>\n<meta property=\"product:condition\" content=\"new\" \/>\n<meta name=\"geo.placename\" content=\"CORRO D`AVALL\" \/>\n<meta name=\"geo.region\" content=\"Spagna\" \/>\n<!-- \/ Yoast SEO Premium plugin. -->","yoast_head_json":{"title":"Landi Renzo RGI MED Rail - 4x Iniettori (Aperti) | Recambios EcoGas | Sistemas GLP y GNC","description":"Landi Renzo RGI MED LPG Injector - 4x Iniettori. Iniezione precisa ed efficiente per sistemi a gas GPL. Compatibile con Audi, BMW, Ford e altri.","robots":{"index":"index","follow":"follow","max-snippet":"max-snippet:-1","max-image-preview":"max-image-preview:large","max-video-preview":"max-video-preview:-1"},"canonical":"https:\/\/recambiosecogas.com\/it\/producto\/inyector-de-glp-landi-renzo-rgi-med-4x-inyectores\/","og_locale":"it_IT","og_type":"article","og_title":"Landi Renzo RGI MED Rail - 4x Iniettori (Aperti)","og_description":"Landi Renzo RGI MED LPG Injector - 4x Iniettori. Iniezione precisa ed efficiente per sistemi a gas GPL. Compatibile con Audi, BMW, Ford e altri.","og_url":"https:\/\/recambiosecogas.com\/it\/producto\/inyector-de-glp-landi-renzo-rgi-med-4x-inyectores\/","og_site_name":"Recambios EcoGas","article_publisher":"https:\/\/www.facebook.com\/profile.php?id=100062419705358","article_modified_time":"2026-04-15T10:51:11+00:00","og_image":[{"width":1000,"height":1000,"url":"https:\/\/recambiosecogas.com\/wp-content\/uploads\/2024\/12\/Inyector-de-GLP-Landi-Renzo-RGI-MED-4x-Inyectore-1-png.webp","type":"image\/png"}],"twitter_card":"summary_large_image","twitter_misc":{"Prezzo":"293,41&nbsp;&euro; (Sin IVA: 242,49&nbsp;&euro;)","Disponibilit\u00e0":"Su ordinazione"},"schema":{"@context":"https:\/\/schema.org","@graph":[{"@type":"WebPage","@id":"https:\/\/recambiosecogas.com\/it\/producto\/inyector-de-glp-landi-renzo-rgi-med-4x-inyectores\/","url":"https:\/\/recambiosecogas.com\/it\/producto\/inyector-de-glp-landi-renzo-rgi-med-4x-inyectores\/","name":"Landi Renzo RGI MED Rail - 4x Iniettori (Aperti) | Recambios EcoGas | Sistemas GLP y GNC","isPartOf":{"@id":"https:\/\/recambiosecogas.com\/it\/#website"},"primaryImageOfPage":{"@id":"https:\/\/recambiosecogas.com\/it\/producto\/inyector-de-glp-landi-renzo-rgi-med-4x-inyectores\/#primaryimage"},"image":{"@id":"https:\/\/recambiosecogas.com\/it\/producto\/inyector-de-glp-landi-renzo-rgi-med-4x-inyectores\/#primaryimage"},"thumbnailUrl":"https:\/\/recambiosecogas.com\/wp-content\/uploads\/2024\/12\/Inyector-de-GLP-Landi-Renzo-RGI-MED-4x-Inyectore-1-png.webp","datePublished":"2024-12-23T14:32:32+00:00","dateModified":"2026-04-15T10:51:11+00:00","description":"Landi Renzo RGI MED LPG Injector - 4x Iniettori. Iniezione precisa ed efficiente per sistemi a gas GPL. Compatibile con Audi, BMW, Ford e altri.","breadcrumb":{"@id":"https:\/\/recambiosecogas.com\/it\/producto\/inyector-de-glp-landi-renzo-rgi-med-4x-inyectores\/#breadcrumb"},"inLanguage":"it-IT","potentialAction":[{"@type":"ReadAction","target":["https:\/\/recambiosecogas.com\/it\/producto\/inyector-de-glp-landi-renzo-rgi-med-4x-inyectores\/"]}]},{"@type":"ImageObject","inLanguage":"it-IT","@id":"https:\/\/recambiosecogas.com\/it\/producto\/inyector-de-glp-landi-renzo-rgi-med-4x-inyectores\/#primaryimage","url":"https:\/\/recambiosecogas.com\/wp-content\/uploads\/2024\/12\/Inyector-de-GLP-Landi-Renzo-RGI-MED-4x-Inyectore-1-png.webp","contentUrl":"https:\/\/recambiosecogas.com\/wp-content\/uploads\/2024\/12\/Inyector-de-GLP-Landi-Renzo-RGI-MED-4x-Inyectore-1-png.webp","width":1000,"height":1000},{"@type":"BreadcrumbList","@id":"https:\/\/recambiosecogas.com\/it\/producto\/inyector-de-glp-landi-renzo-rgi-med-4x-inyectores\/#breadcrumb","itemListElement":[{"@type":"ListItem","position":1,"name":"Portada","item":"https:\/\/recambiosecogas.com\/it\/"},{"@type":"ListItem","position":2,"name":"Negozio","item":"https:\/\/recambiosecogas.com\/it\/?page_id=46382"},{"@type":"ListItem","position":3,"name":"Landi Renzo RGI MED Rail &#8211; 4x Iniettori (Aperti)"}]},{"@type":"WebSite","@id":"https:\/\/recambiosecogas.com\/it\/#website","url":"https:\/\/recambiosecogas.com\/it\/","name":"Recambios EcoGas","description":"Recambios Multimarca para sistemas de GLP\/GNC\/GNL\/Hidr\u00f3geno","publisher":{"@id":"https:\/\/recambiosecogas.com\/it\/#organization"},"alternateName":"Recambios Autogas GLP","potentialAction":[{"@type":"SearchAction","target":{"@type":"EntryPoint","urlTemplate":"https:\/\/recambiosecogas.com\/it\/?s={search_term_string}"},"query-input":{"@type":"PropertyValueSpecification","valueRequired":true,"valueName":"search_term_string"}}],"inLanguage":"it-IT"},{"@type":["Organization","Place"],"@id":"https:\/\/recambiosecogas.com\/it\/#organization","name":"Recambios EcoGas","alternateName":"Tienda Online GLP Espa\u00f1a","url":"https:\/\/recambiosecogas.com\/it\/","logo":{"@id":"https:\/\/recambiosecogas.com\/it\/producto\/inyector-de-glp-landi-renzo-rgi-med-4x-inyectores\/#local-main-organization-logo"},"image":{"@id":"https:\/\/recambiosecogas.com\/it\/producto\/inyector-de-glp-landi-renzo-rgi-med-4x-inyectores\/#local-main-organization-logo"},"sameAs":["https:\/\/www.facebook.com\/profile.php?id=100062419705358","https:\/\/www.instagram.com\/segimon_automocio"],"description":"Recambios EcoGas \u2013 Venta y distribuci\u00f3n de sistemas GLP y GNC en Espa\u00f1a y Portugal. Env\u00edos 24 h, soporte t\u00e9cnico a talleres y distribuidores.","hasMerchantReturnPolicy":{"@type":"MerchantReturnPolicy","merchantReturnLink":"https:\/\/recambiosecogas.com\/politicas-privacidad\/"},"address":{"@id":"https:\/\/recambiosecogas.com\/it\/producto\/inyector-de-glp-landi-renzo-rgi-med-4x-inyectores\/#local-main-place-address"},"telephone":["616250633"],"contactPoint":{"@type":"ContactPoint","email":"export@recambiosecogas.com"},"openingHoursSpecification":[{"@type":"OpeningHoursSpecification","dayOfWeek":["Monday","Tuesday","Wednesday","Thursday","Friday","Saturday","Sunday"],"opens":"09:00","closes":"17:00"}],"email":"info@recambiosecogas.com","faxNumber":"SEGIMON AUTOMOCION SL","vatID":"ESB19819861","globalLocationNumber":"938 616 339"},{"@type":"PostalAddress","@id":"https:\/\/recambiosecogas.com\/it\/producto\/inyector-de-glp-landi-renzo-rgi-med-4x-inyectores\/#local-main-place-address","streetAddress":"cami antic de vic, 29 (Nave 3), Pol\u00edgono Industrial Congost","addressLocality":"CORRO D`AVALL","postalCode":"08520","addressRegion":"Barcelona","addressCountry":"ES"},{"@type":"ImageObject","inLanguage":"it-IT","@id":"https:\/\/recambiosecogas.com\/it\/producto\/inyector-de-glp-landi-renzo-rgi-med-4x-inyectores\/#local-main-organization-logo","url":"https:\/\/recambiosecogas.com\/wp-content\/uploads\/2024\/11\/cropped-RECAMBIOS-GLP-png.webp","contentUrl":"https:\/\/recambiosecogas.com\/wp-content\/uploads\/2024\/11\/cropped-RECAMBIOS-GLP-png.webp","width":512,"height":512,"caption":"Recambios EcoGas"}]},"product_price_amount":"293.41","product_price_currency":"EUR","og_availability":"backorder","product_availability":"available for order","product_retailer_item_id":"238132000-1","product_condition":"new","geo.placename":"CORRO D`AVALL","geo.region":"Spagna"},"uagb_featured_image_src":{"full":["https:\/\/recambiosecogas.com\/wp-content\/uploads\/2024\/12\/Inyector-de-GLP-Landi-Renzo-RGI-MED-4x-Inyectore-1-png.webp",1000,1000,false],"thumbnail":["https:\/\/recambiosecogas.com\/wp-content\/uploads\/2024\/12\/Inyector-de-GLP-Landi-Renzo-RGI-MED-4x-Inyectore-1-150x150.webp",150,150,true],"medium":["https:\/\/recambiosecogas.com\/wp-content\/uploads\/2024\/12\/Inyector-de-GLP-Landi-Renzo-RGI-MED-4x-Inyectore-1-300x300.webp",300,300,true],"medium_large":["https:\/\/recambiosecogas.com\/wp-content\/uploads\/2024\/12\/Inyector-de-GLP-Landi-Renzo-RGI-MED-4x-Inyectore-1-768x768.webp",768,768,true],"large":["https:\/\/recambiosecogas.com\/wp-content\/uploads\/2024\/12\/Inyector-de-GLP-Landi-Renzo-RGI-MED-4x-Inyectore-1-png.webp",1000,1000,false],"1536x1536":["https:\/\/recambiosecogas.com\/wp-content\/uploads\/2024\/12\/Inyector-de-GLP-Landi-Renzo-RGI-MED-4x-Inyectore-1-png.webp",1000,1000,false],"2048x2048":["https:\/\/recambiosecogas.com\/wp-content\/uploads\/2024\/12\/Inyector-de-GLP-Landi-Renzo-RGI-MED-4x-Inyectore-1-png.webp",1000,1000,false],"woocommerce_archive_thumbnail":["https:\/\/recambiosecogas.com\/wp-content\/uploads\/2024\/12\/Inyector-de-GLP-Landi-Renzo-RGI-MED-4x-Inyectore-1-png.webp",1000,1000,false],"woocommerce_thumbnail":["https:\/\/recambiosecogas.com\/wp-content\/uploads\/2024\/12\/Inyector-de-GLP-Landi-Renzo-RGI-MED-4x-Inyectore-1-300x300.webp",300,300,true],"woocommerce_single":["https:\/\/recambiosecogas.com\/wp-content\/uploads\/2024\/12\/Inyector-de-GLP-Landi-Renzo-RGI-MED-4x-Inyectore-1-png.webp",1000,1000,false],"woocommerce_gallery_thumbnail":["https:\/\/recambiosecogas.com\/wp-content\/uploads\/2024\/12\/Inyector-de-GLP-Landi-Renzo-RGI-MED-4x-Inyectore-1-png.webp",1000,1000,false],"dgwt-wcas-product-suggestion":["https:\/\/recambiosecogas.com\/wp-content\/uploads\/2024\/12\/Inyector-de-GLP-Landi-Renzo-RGI-MED-4x-Inyectore-1-64x64.webp",64,64,true]},"uagb_author_info":{"display_name":"Fran - Soporte T\u00e9cnico","author_link":"https:\/\/recambiosecogas.com\/it\/author\/"},"uagb_comment_info":0,"uagb_excerpt":"Iniettore Landi Renzo RGI MED LPG - 4x iniettori - Con collegamento sensore di pressione - Aperto Marchio: Landi Renzo Numero di tipo: RGI-25-4C-CS con connessione sensore (=Open) Approvazione iniettore: (GPL) E13 67R-010234 - (CNG) E13 110R-000058 Approvazione rotaia iniettore (Supporto): (GPL) E13 67R-010233 - (CNG) E13 110R-000057 Dimensione dell'iniettore: Questa \u00e8 un'opzione opzionale Connessione&hellip;","_links":{"self":[{"href":"https:\/\/recambiosecogas.com\/it\/wp-json\/wp\/v2\/product\/48613","targetHints":{"allow":["GET"]}}],"collection":[{"href":"https:\/\/recambiosecogas.com\/it\/wp-json\/wp\/v2\/product"}],"about":[{"href":"https:\/\/recambiosecogas.com\/it\/wp-json\/wp\/v2\/types\/product"}],"replies":[{"embeddable":true,"href":"https:\/\/recambiosecogas.com\/it\/wp-json\/wp\/v2\/comments?post=48613"}],"wp:featuredmedia":[{"embeddable":true,"href":"https:\/\/recambiosecogas.com\/it\/wp-json\/wp\/v2\/media\/12347"}],"wp:attachment":[{"href":"https:\/\/recambiosecogas.com\/it\/wp-json\/wp\/v2\/media?parent=48613"}],"wp:term":[{"taxonomy":"product_brand","embeddable":true,"href":"https:\/\/recambiosecogas.com\/it\/wp-json\/wp\/v2\/product_brand?post=48613"},{"taxonomy":"product_cat","embeddable":true,"href":"https:\/\/recambiosecogas.com\/it\/wp-json\/wp\/v2\/product_cat?post=48613"},{"taxonomy":"product_tag","embeddable":true,"href":"https:\/\/recambiosecogas.com\/it\/wp-json\/wp\/v2\/product_tag?post=48613"}],"curies":[{"name":"wp","href":"https:\/\/api.w.org\/{rel}","templated":true}]}}