{"id":48580,"date":"2024-12-09T09:46:16","date_gmt":"2024-12-09T09:46:16","guid":{"rendered":"https:\/\/recambiosecogas.com\/producto\/barracuda-inyector-glp-gnc\/"},"modified":"2026-04-15T11:50:49","modified_gmt":"2026-04-15T10:50:49","slug":"barracuda-inyector-glp-gnc","status":"publish","type":"product","link":"https:\/\/recambiosecogas.com\/it\/producto\/barracuda-inyector-glp-gnc\/","title":{"rendered":"Iniettore a GNC GPL Barracuda"},"content":{"rendered":"<h1 data-start=\"218\" data-end=\"266\">Iniettore GNC ad alte prestazioni Barracuda<\/h1>\n<p data-start=\"268\" data-end=\"603\"><strong data-start=\"271\" data-end=\"301\">L&#8217;iniettore a GNC GPL Barracuda<\/strong> \u00e8 un iniettore di gas ad alte prestazioni progettato per sistemi di iniezione sequenziale che richiedono <strong data-start=\"405\" data-end=\"448\">la massima precisione, velocit\u00e0 e durata<\/strong>. \u00c8 rivolto a installazioni professionali sia in <strong data-start=\"504\" data-end=\"523\">GPL che in CNG<\/strong>, offrendo un controllo del flusso molto preciso anche in condizioni impegnative. <\/p>\n<p data-start=\"605\" data-end=\"807\">Grazie al suo design avanzato, questo iniettore si distingue per la <strong data-start=\"664\" data-end=\"683\">sua lunga durata operativa<\/strong>, tempi di risposta rapidi e eccellente stabilit\u00e0 operativa su un&#8217;ampia gamma di pressioni e temperature.<\/p>\n<hr data-start=\"809\" data-end=\"812\">\n<h2 data-start=\"814\" data-end=\"865\">Iniettore di gas ad alta precisione per GPL e GNC<\/h2>\n<p data-start=\"867\" data-end=\"1106\">L&#8217;iniettore Barracuda \u00e8 progettato per garantire una dosaggio accurato dei gas, con conseguente combustione efficiente, funzionamento fluido del motore e riduzione dell&#8217;usura dei componenti del sistema di iniezione.<\/p>\n<p data-start=\"1108\" data-end=\"1240\">Il suo elevato numero di cicli di vita lo rende una soluzione ideale per veicoli pesanti e applicazioni professionali.<\/p>\n<hr data-start=\"1242\" data-end=\"1245\">\n<h2 data-start=\"1247\" data-end=\"1288\">Prestazioni stabili e risposta rapida<\/h2>\n<p data-start=\"1290\" data-end=\"1574\">Con tempi di apertura e chiusura molto brevi, questo iniettore consente una risposta immediata ai comandi dell&#8217;unit\u00e0 di controllo. Questo \u00e8 particolarmente importante nei motori moderni, dove la precisione dell&#8217;iniezione \u00e8 fondamentale per mantenere sotto controllo prestazioni e consumi. <\/p>\n<hr data-start=\"1576\" data-end=\"1579\">\n<h2 data-start=\"1581\" data-end=\"1616\">Progettazione robusta e uso professionale<\/h2>\n<p data-start=\"1618\" data-end=\"1833\">Prodotto per resistere ad alte pressioni e temperature, l&#8217;iniettore Barracuda ha le approvazioni ufficiali per GPL e GNC e utilizza un connettore <strong data-start=\"1766\" data-end=\"1779\">SuperSeal<\/strong>, garantendo una connessione elettrica sicura e affidabile.<\/p>\n<hr data-start=\"1835\" data-end=\"1838\">\n<h3 data-start=\"1840\" data-end=\"1871\">Caratteristiche principali<\/h3>\n<ul data-start=\"1872\" data-end=\"2069\">\n<li data-start=\"1872\" data-end=\"1911\">\n<p data-start=\"1874\" data-end=\"1911\">Iniettore di gas ad alte prestazioni<\/p>\n<\/li>\n<li data-start=\"1912\" data-end=\"1940\">\n<p data-start=\"1914\" data-end=\"1940\">Compatibile con GPL e CNG<\/p>\n<\/li>\n<li data-start=\"1941\" data-end=\"1977\">\n<p data-start=\"1943\" data-end=\"1977\">Funzionamento preciso e stabile<\/p>\n<\/li>\n<li data-start=\"1978\" data-end=\"1998\">\n<p data-start=\"1980\" data-end=\"1998\">Risposta rapida<\/p>\n<\/li>\n<li data-start=\"1999\" data-end=\"2018\">\n<p data-start=\"2001\" data-end=\"2018\">Lunga durata operativa<\/p>\n<\/li>\n<li data-start=\"2019\" data-end=\"2038\">\n<p data-start=\"2021\" data-end=\"2038\">Uso professionale<\/p>\n<\/li>\n<li data-start=\"2039\" data-end=\"2069\">\n<p data-start=\"2041\" data-end=\"2069\">Approvato per l&#8217;automobili<\/p>\n<\/li>\n<\/ul>\n<hr data-start=\"2071\" data-end=\"2074\">\n<h3 data-start=\"2076\" data-end=\"2105\">Specifiche tecniche<\/h3>\n<div class=\"TyagGW_tableContainer\">\n<div class=\"group TyagGW_tableWrapper flex flex-col-reverse w-fit\" tabindex=\"-1\">\n<table class=\"w-fit min-w-(--thread-content-width)\" data-start=\"2107\" data-end=\"2803\">\n<thead data-start=\"2107\" data-end=\"2135\">\n<tr data-start=\"2107\" data-end=\"2135\">\n<th data-start=\"2107\" data-end=\"2124\" data-col-size=\"sm\">Caratteristiche<\/th>\n<th data-start=\"2124\" data-end=\"2135\" data-col-size=\"sm\">Dettagli<\/th>\n<\/tr>\n<\/thead>\n<tbody data-start=\"2163\" data-end=\"2803\">\n<tr data-start=\"2163\" data-end=\"2193\">\n<td data-start=\"2163\" data-end=\"2174\" data-col-size=\"sm\">Prodotto<\/td>\n<td data-start=\"2174\" data-end=\"2193\" data-col-size=\"sm\">Iniettore di gas<\/td>\n<\/tr>\n<tr data-start=\"2194\" data-end=\"2215\">\n<td data-start=\"2194\" data-end=\"2202\" data-col-size=\"sm\">Marchio<\/td>\n<td data-start=\"2202\" data-end=\"2215\" data-col-size=\"sm\">Barracuda<\/td>\n<\/tr>\n<tr data-start=\"2216\" data-end=\"2243\">\n<td data-start=\"2216\" data-end=\"2230\" data-col-size=\"sm\">Carburante<\/td>\n<td data-start=\"2230\" data-end=\"2243\" data-col-size=\"sm\">GPL \/ GNC<\/td>\n<\/tr>\n<tr data-start=\"2244\" data-end=\"2285\">\n<td data-start=\"2244\" data-end=\"2268\" data-col-size=\"sm\">Portata massima a 1,0 bar<\/td>\n<td data-start=\"2268\" data-end=\"2285\" data-col-size=\"sm\">115 \u00b11 Nl\/min<\/td>\n<\/tr>\n<tr data-start=\"2286\" data-end=\"2319\">\n<td data-start=\"2286\" data-end=\"2309\" data-col-size=\"sm\">Dimensione massima dell&#8217;ugello<\/td>\n<td data-start=\"2309\" data-end=\"2319\" data-col-size=\"sm\">2,8 mm<\/td>\n<\/tr>\n<tr data-start=\"2320\" data-end=\"2357\">\nResistenza <\/p>\n<td data-start=\"2320\" data-end=\"2344\" data-col-size=\"sm\">della bobina<\/td>\n<td data-start=\"2344\" data-end=\"2357\" data-col-size=\"sm\">1,9 \u03a9 \u00b15%<\/td>\n<\/tr>\n<tr data-start=\"2358\" data-end=\"2389\">\n<td data-start=\"2358\" data-end=\"2379\" data-col-size=\"sm\">Orario di apertura<\/td>\n<td data-start=\"2379\" data-end=\"2389\" data-col-size=\"sm\">1,9 ms<\/td>\n<\/tr>\n<tr data-start=\"2390\" data-end=\"2419\">\n<td data-start=\"2390\" data-end=\"2409\" data-col-size=\"sm\">Orario di chiusura<\/td>\n<td data-start=\"2409\" data-end=\"2419\" data-col-size=\"sm\">1,2 ms<\/td>\n<\/tr>\n<tr data-start=\"2420\" data-end=\"2451\">\n<td data-start=\"2420\" data-end=\"2442\" data-col-size=\"sm\">Corrente massima<\/td>\n<p> di picco<\/p>\n<td data-start=\"2442\" data-end=\"2451\" data-col-size=\"sm\">4.0 A<\/td>\n<\/tr>\n<tr data-start=\"2452\" data-end=\"2491\">\n<td data-start=\"2452\" data-end=\"2482\" data-col-size=\"sm\">Corrente massima di mantenimento<\/td>\n<td data-col-size=\"sm\" data-start=\"2482\" data-end=\"2491\">2.0 A<\/td>\n<\/tr>\n<tr data-start=\"2492\" data-end=\"2532\">\n<td data-start=\"2492\" data-end=\"2515\" data-col-size=\"sm\">Pressione operativa<\/td>\n<td data-start=\"2515\" data-end=\"2532\" data-col-size=\"sm\">0,2 \u2013 4,2 bar<\/td>\n<\/tr>\n<tr data-start=\"2533\" data-end=\"2570\">\n<td data-start=\"2533\" data-end=\"2559\" data-col-size=\"sm\">Massima pressione di lavoro<\/td>\n<td data-start=\"2559\" data-end=\"2570\" data-col-size=\"sm\">4,5 bar<\/td>\n<\/tr>\n<tr data-start=\"2571\" data-end=\"2618\">\n<td data-start=\"2571\" data-end=\"2598\" data-col-size=\"sm\">Temperatura di funzionamento<\/td>\n<td data-start=\"2598\" data-end=\"2618\" data-col-size=\"sm\">-20\u00b0C a +120\u00b0C<\/td>\n<\/tr>\n<tr data-start=\"2619\" data-end=\"2657\">\n<td data-start=\"2619\" data-end=\"2642\" data-col-size=\"sm\">Tensione di funzionamento<\/td>\n<td data-start=\"2642\" data-end=\"2657\" data-col-size=\"sm\">6 \u2013 18 V DC<\/td>\n<\/tr>\n<tr data-start=\"2658\" data-end=\"2698\">\n<td data-start=\"2658\" data-end=\"2670\" data-col-size=\"sm\">Durata<\/td>\n<p> di vita<\/p>\n<td data-start=\"2670\" data-end=\"2698\" data-col-size=\"sm\">&gt; 500 milioni di cicli<\/td>\n<\/tr>\n<tr data-start=\"2699\" data-end=\"2724\">\n<td data-start=\"2699\" data-end=\"2710\" data-col-size=\"sm\">Garanzia<\/td>\n<td data-start=\"2710\" data-end=\"2724\" data-col-size=\"sm\">100.000 km<\/td>\n<\/tr>\n<tr data-start=\"2725\" data-end=\"2749\">\n<td data-start=\"2725\" data-end=\"2736\" data-col-size=\"sm\">Connettore<\/td>\n<td data-start=\"2736\" data-end=\"2749\" data-col-size=\"sm\">SuperSeal<\/td>\n<\/tr>\n<tr data-start=\"2750\" data-end=\"2803\">\n<td data-start=\"2750\" data-end=\"2767\" data-col-size=\"sm\">Approvazioni<\/td>\n<td data-start=\"2767\" data-end=\"2803\" data-col-size=\"sm\">E8 67R-01 6407 \/ E8 110R-00 6408<\/td>\n<\/tr>\n<\/tbody>\n<\/table>\n<\/div>\n<\/div>\n<div class=\"TyagGW_tableContainer\"><\/div>\n","protected":false},"excerpt":{"rendered":"<p data-start=\"3326\" data-end=\"3435\">Iniettore GNC Barracuda di alte prestazioni, con dosaggio preciso, risposta rapida e lunga durata operativa.<\/p>\n","protected":false},"featured_media":9326,"comment_status":"open","ping_status":"closed","template":"","meta":{"_uag_custom_page_level_css":""},"product_brand":[],"product_cat":[2403,2122,2154,2372],"product_tag":[],"class_list":{"0":"post-48580","1":"product","2":"type-product","3":"status-publish","4":"has-post-thumbnail","6":"product_cat-iniettori-a-gnc","7":"product_cat-inyectores-rail","8":"product_cat-inyectores-individuales","9":"product_cat-prodotti-a-gng","11":"first","12":"onbackorder","13":"taxable","14":"shipping-taxable","15":"purchasable","16":"product-type-simple"},"ct_brands":[],"yoast_head":"<!-- This site is optimized with the Yoast SEO Premium plugin v27.5 (Yoast SEO v27.5) - https:\/\/yoast.com\/product\/yoast-seo-premium-wordpress\/ -->\n<title>Iniettore a GNC GPL Barracuda | Recambios EcoGas | Sistemas GLP y GNC<\/title>\n<meta name=\"description\" content=\"Iniettore GNC Barracuda ad alte prestazioni, approvato, preciso e duraturo per sistemi di iniezione sequenziale.\" \/>\n<meta name=\"robots\" content=\"index, follow, max-snippet:-1, max-image-preview:large, max-video-preview:-1\" \/>\n<link rel=\"canonical\" href=\"https:\/\/recambiosecogas.com\/it\/producto\/barracuda-inyector-glp-gnc\/\" \/>\n<meta property=\"og:locale\" content=\"it_IT\" \/>\n<meta property=\"og:type\" content=\"article\" \/>\n<meta property=\"og:title\" content=\"Iniettore a GNC GPL Barracuda\" \/>\n<meta property=\"og:description\" content=\"Iniettore GNC Barracuda ad alte prestazioni, approvato, preciso e duraturo per sistemi di iniezione sequenziale.\" \/>\n<meta property=\"og:url\" content=\"https:\/\/recambiosecogas.com\/it\/producto\/barracuda-inyector-glp-gnc\/\" \/>\n<meta property=\"og:site_name\" content=\"Recambios EcoGas\" \/>\n<meta property=\"article:publisher\" content=\"https:\/\/www.facebook.com\/profile.php?id=100062419705358\" \/>\n<meta property=\"article:modified_time\" content=\"2026-04-15T10:50:49+00:00\" \/>\n<meta property=\"og:image\" content=\"https:\/\/recambiosecogas.com\/wp-content\/uploads\/2024\/12\/Barracuda-inyector-GLP-GNC-png.webp\" \/>\n\t<meta property=\"og:image:width\" content=\"1000\" \/>\n\t<meta property=\"og:image:height\" content=\"1000\" \/>\n\t<meta property=\"og:image:type\" content=\"image\/png\" \/>\n<meta name=\"twitter:card\" content=\"summary_large_image\" \/>\n<meta name=\"twitter:label1\" content=\"Prezzo\" \/>\n\t<meta name=\"twitter:data1\" content=\"39,99&nbsp;&euro; (Sin IVA: 33,05&nbsp;&euro;)\" \/>\n\t<meta name=\"twitter:label2\" content=\"Disponibilit\u00e0\" \/>\n\t<meta name=\"twitter:data2\" content=\"Su ordinazione\" \/>\n<script type=\"application\/ld+json\" class=\"yoast-schema-graph\">{\"@context\":\"https:\\\/\\\/schema.org\",\"@graph\":[{\"@type\":\"WebPage\",\"@id\":\"https:\\\/\\\/recambiosecogas.com\\\/it\\\/producto\\\/barracuda-inyector-glp-gnc\\\/\",\"url\":\"https:\\\/\\\/recambiosecogas.com\\\/it\\\/producto\\\/barracuda-inyector-glp-gnc\\\/\",\"name\":\"Iniettore a GNC GPL Barracuda | Recambios EcoGas | Sistemas GLP y GNC\",\"isPartOf\":{\"@id\":\"https:\\\/\\\/recambiosecogas.com\\\/it\\\/#website\"},\"primaryImageOfPage\":{\"@id\":\"https:\\\/\\\/recambiosecogas.com\\\/it\\\/producto\\\/barracuda-inyector-glp-gnc\\\/#primaryimage\"},\"image\":{\"@id\":\"https:\\\/\\\/recambiosecogas.com\\\/it\\\/producto\\\/barracuda-inyector-glp-gnc\\\/#primaryimage\"},\"thumbnailUrl\":\"https:\\\/\\\/recambiosecogas.com\\\/wp-content\\\/uploads\\\/2024\\\/12\\\/Barracuda-inyector-GLP-GNC-png.webp\",\"datePublished\":\"2024-12-09T09:46:16+00:00\",\"dateModified\":\"2026-04-15T10:50:49+00:00\",\"description\":\"Iniettore GNC Barracuda ad alte prestazioni, approvato, preciso e duraturo per sistemi di iniezione sequenziale.\",\"breadcrumb\":{\"@id\":\"https:\\\/\\\/recambiosecogas.com\\\/it\\\/producto\\\/barracuda-inyector-glp-gnc\\\/#breadcrumb\"},\"inLanguage\":\"it-IT\",\"potentialAction\":[{\"@type\":\"ReadAction\",\"target\":[\"https:\\\/\\\/recambiosecogas.com\\\/it\\\/producto\\\/barracuda-inyector-glp-gnc\\\/\"]}]},{\"@type\":\"ImageObject\",\"inLanguage\":\"it-IT\",\"@id\":\"https:\\\/\\\/recambiosecogas.com\\\/it\\\/producto\\\/barracuda-inyector-glp-gnc\\\/#primaryimage\",\"url\":\"https:\\\/\\\/recambiosecogas.com\\\/wp-content\\\/uploads\\\/2024\\\/12\\\/Barracuda-inyector-GLP-GNC-png.webp\",\"contentUrl\":\"https:\\\/\\\/recambiosecogas.com\\\/wp-content\\\/uploads\\\/2024\\\/12\\\/Barracuda-inyector-GLP-GNC-png.webp\",\"width\":1000,\"height\":1000},{\"@type\":\"BreadcrumbList\",\"@id\":\"https:\\\/\\\/recambiosecogas.com\\\/it\\\/producto\\\/barracuda-inyector-glp-gnc\\\/#breadcrumb\",\"itemListElement\":[{\"@type\":\"ListItem\",\"position\":1,\"name\":\"Portada\",\"item\":\"https:\\\/\\\/recambiosecogas.com\\\/it\\\/\"},{\"@type\":\"ListItem\",\"position\":2,\"name\":\"Negozio\",\"item\":\"https:\\\/\\\/recambiosecogas.com\\\/it\\\/?page_id=46382\"},{\"@type\":\"ListItem\",\"position\":3,\"name\":\"Iniettore a GNC GPL Barracuda\"}]},{\"@type\":\"WebSite\",\"@id\":\"https:\\\/\\\/recambiosecogas.com\\\/it\\\/#website\",\"url\":\"https:\\\/\\\/recambiosecogas.com\\\/it\\\/\",\"name\":\"Recambios EcoGas\",\"description\":\"Recambios Multimarca para sistemas de GLP\\\/GNC\\\/GNL\\\/Hidr\u00f3geno\",\"publisher\":{\"@id\":\"https:\\\/\\\/recambiosecogas.com\\\/it\\\/#organization\"},\"alternateName\":\"Recambios Autogas GLP\",\"potentialAction\":[{\"@type\":\"SearchAction\",\"target\":{\"@type\":\"EntryPoint\",\"urlTemplate\":\"https:\\\/\\\/recambiosecogas.com\\\/it\\\/?s={search_term_string}\"},\"query-input\":{\"@type\":\"PropertyValueSpecification\",\"valueRequired\":true,\"valueName\":\"search_term_string\"}}],\"inLanguage\":\"it-IT\"},{\"@type\":[\"Organization\",\"Place\"],\"@id\":\"https:\\\/\\\/recambiosecogas.com\\\/it\\\/#organization\",\"name\":\"Recambios EcoGas\",\"alternateName\":\"Tienda Online GLP Espa\u00f1a\",\"url\":\"https:\\\/\\\/recambiosecogas.com\\\/it\\\/\",\"logo\":{\"@id\":\"https:\\\/\\\/recambiosecogas.com\\\/it\\\/producto\\\/barracuda-inyector-glp-gnc\\\/#local-main-organization-logo\"},\"image\":{\"@id\":\"https:\\\/\\\/recambiosecogas.com\\\/it\\\/producto\\\/barracuda-inyector-glp-gnc\\\/#local-main-organization-logo\"},\"sameAs\":[\"https:\\\/\\\/www.facebook.com\\\/profile.php?id=100062419705358\",\"https:\\\/\\\/www.instagram.com\\\/segimon_automocio\"],\"description\":\"Recambios EcoGas \u2013 Venta y distribuci\u00f3n de sistemas GLP y GNC en Espa\u00f1a y Portugal. Env\u00edos 24 h, soporte t\u00e9cnico a talleres y distribuidores.\",\"hasMerchantReturnPolicy\":{\"@type\":\"MerchantReturnPolicy\",\"merchantReturnLink\":\"https:\\\/\\\/recambiosecogas.com\\\/politicas-privacidad\\\/\"},\"address\":{\"@id\":\"https:\\\/\\\/recambiosecogas.com\\\/it\\\/producto\\\/barracuda-inyector-glp-gnc\\\/#local-main-place-address\"},\"telephone\":[\"616250633\"],\"contactPoint\":{\"@type\":\"ContactPoint\",\"email\":\"export@recambiosecogas.com\"},\"openingHoursSpecification\":[{\"@type\":\"OpeningHoursSpecification\",\"dayOfWeek\":[\"Monday\",\"Tuesday\",\"Wednesday\",\"Thursday\",\"Friday\",\"Saturday\",\"Sunday\"],\"opens\":\"09:00\",\"closes\":\"17:00\"}],\"email\":\"info@recambiosecogas.com\",\"faxNumber\":\"SEGIMON AUTOMOCION SL\",\"vatID\":\"ESB19819861\",\"globalLocationNumber\":\"938 616 339\"},{\"@type\":\"PostalAddress\",\"@id\":\"https:\\\/\\\/recambiosecogas.com\\\/it\\\/producto\\\/barracuda-inyector-glp-gnc\\\/#local-main-place-address\",\"streetAddress\":\"cami antic de vic, 29 (Nave 3), Pol\u00edgono Industrial Congost\",\"addressLocality\":\"CORRO D`AVALL\",\"postalCode\":\"08520\",\"addressRegion\":\"Barcelona\",\"addressCountry\":\"ES\"},{\"@type\":\"ImageObject\",\"inLanguage\":\"it-IT\",\"@id\":\"https:\\\/\\\/recambiosecogas.com\\\/it\\\/producto\\\/barracuda-inyector-glp-gnc\\\/#local-main-organization-logo\",\"url\":\"https:\\\/\\\/recambiosecogas.com\\\/wp-content\\\/uploads\\\/2024\\\/11\\\/cropped-RECAMBIOS-GLP-png.webp\",\"contentUrl\":\"https:\\\/\\\/recambiosecogas.com\\\/wp-content\\\/uploads\\\/2024\\\/11\\\/cropped-RECAMBIOS-GLP-png.webp\",\"width\":512,\"height\":512,\"caption\":\"Recambios EcoGas\"}]}<\/script>\n<meta property=\"product:price:amount\" content=\"39.99\" \/>\n<meta property=\"product:price:currency\" content=\"EUR\" \/>\n<meta property=\"og:availability\" content=\"backorder\" \/>\n<meta property=\"product:availability\" content=\"available for order\" \/>\n<meta property=\"product:retailer_item_id\" content=\"105685A\" \/>\n<meta property=\"product:condition\" content=\"new\" \/>\n<meta name=\"geo.placename\" content=\"CORRO D`AVALL\" \/>\n<meta name=\"geo.region\" content=\"Spagna\" \/>\n<!-- \/ Yoast SEO Premium plugin. -->","yoast_head_json":{"title":"Iniettore a GNC GPL Barracuda | Recambios EcoGas | Sistemas GLP y GNC","description":"Iniettore GNC Barracuda ad alte prestazioni, approvato, preciso e duraturo per sistemi di iniezione sequenziale.","robots":{"index":"index","follow":"follow","max-snippet":"max-snippet:-1","max-image-preview":"max-image-preview:large","max-video-preview":"max-video-preview:-1"},"canonical":"https:\/\/recambiosecogas.com\/it\/producto\/barracuda-inyector-glp-gnc\/","og_locale":"it_IT","og_type":"article","og_title":"Iniettore a GNC GPL Barracuda","og_description":"Iniettore GNC Barracuda ad alte prestazioni, approvato, preciso e duraturo per sistemi di iniezione sequenziale.","og_url":"https:\/\/recambiosecogas.com\/it\/producto\/barracuda-inyector-glp-gnc\/","og_site_name":"Recambios EcoGas","article_publisher":"https:\/\/www.facebook.com\/profile.php?id=100062419705358","article_modified_time":"2026-04-15T10:50:49+00:00","og_image":[{"width":1000,"height":1000,"url":"https:\/\/recambiosecogas.com\/wp-content\/uploads\/2024\/12\/Barracuda-inyector-GLP-GNC-png.webp","type":"image\/png"}],"twitter_card":"summary_large_image","twitter_misc":{"Prezzo":"39,99&nbsp;&euro; (Sin IVA: 33,05&nbsp;&euro;)","Disponibilit\u00e0":"Su ordinazione"},"schema":{"@context":"https:\/\/schema.org","@graph":[{"@type":"WebPage","@id":"https:\/\/recambiosecogas.com\/it\/producto\/barracuda-inyector-glp-gnc\/","url":"https:\/\/recambiosecogas.com\/it\/producto\/barracuda-inyector-glp-gnc\/","name":"Iniettore a GNC GPL Barracuda | Recambios EcoGas | Sistemas GLP y GNC","isPartOf":{"@id":"https:\/\/recambiosecogas.com\/it\/#website"},"primaryImageOfPage":{"@id":"https:\/\/recambiosecogas.com\/it\/producto\/barracuda-inyector-glp-gnc\/#primaryimage"},"image":{"@id":"https:\/\/recambiosecogas.com\/it\/producto\/barracuda-inyector-glp-gnc\/#primaryimage"},"thumbnailUrl":"https:\/\/recambiosecogas.com\/wp-content\/uploads\/2024\/12\/Barracuda-inyector-GLP-GNC-png.webp","datePublished":"2024-12-09T09:46:16+00:00","dateModified":"2026-04-15T10:50:49+00:00","description":"Iniettore GNC Barracuda ad alte prestazioni, approvato, preciso e duraturo per sistemi di iniezione sequenziale.","breadcrumb":{"@id":"https:\/\/recambiosecogas.com\/it\/producto\/barracuda-inyector-glp-gnc\/#breadcrumb"},"inLanguage":"it-IT","potentialAction":[{"@type":"ReadAction","target":["https:\/\/recambiosecogas.com\/it\/producto\/barracuda-inyector-glp-gnc\/"]}]},{"@type":"ImageObject","inLanguage":"it-IT","@id":"https:\/\/recambiosecogas.com\/it\/producto\/barracuda-inyector-glp-gnc\/#primaryimage","url":"https:\/\/recambiosecogas.com\/wp-content\/uploads\/2024\/12\/Barracuda-inyector-GLP-GNC-png.webp","contentUrl":"https:\/\/recambiosecogas.com\/wp-content\/uploads\/2024\/12\/Barracuda-inyector-GLP-GNC-png.webp","width":1000,"height":1000},{"@type":"BreadcrumbList","@id":"https:\/\/recambiosecogas.com\/it\/producto\/barracuda-inyector-glp-gnc\/#breadcrumb","itemListElement":[{"@type":"ListItem","position":1,"name":"Portada","item":"https:\/\/recambiosecogas.com\/it\/"},{"@type":"ListItem","position":2,"name":"Negozio","item":"https:\/\/recambiosecogas.com\/it\/?page_id=46382"},{"@type":"ListItem","position":3,"name":"Iniettore a GNC GPL Barracuda"}]},{"@type":"WebSite","@id":"https:\/\/recambiosecogas.com\/it\/#website","url":"https:\/\/recambiosecogas.com\/it\/","name":"Recambios EcoGas","description":"Recambios Multimarca para sistemas de GLP\/GNC\/GNL\/Hidr\u00f3geno","publisher":{"@id":"https:\/\/recambiosecogas.com\/it\/#organization"},"alternateName":"Recambios Autogas GLP","potentialAction":[{"@type":"SearchAction","target":{"@type":"EntryPoint","urlTemplate":"https:\/\/recambiosecogas.com\/it\/?s={search_term_string}"},"query-input":{"@type":"PropertyValueSpecification","valueRequired":true,"valueName":"search_term_string"}}],"inLanguage":"it-IT"},{"@type":["Organization","Place"],"@id":"https:\/\/recambiosecogas.com\/it\/#organization","name":"Recambios EcoGas","alternateName":"Tienda Online GLP Espa\u00f1a","url":"https:\/\/recambiosecogas.com\/it\/","logo":{"@id":"https:\/\/recambiosecogas.com\/it\/producto\/barracuda-inyector-glp-gnc\/#local-main-organization-logo"},"image":{"@id":"https:\/\/recambiosecogas.com\/it\/producto\/barracuda-inyector-glp-gnc\/#local-main-organization-logo"},"sameAs":["https:\/\/www.facebook.com\/profile.php?id=100062419705358","https:\/\/www.instagram.com\/segimon_automocio"],"description":"Recambios EcoGas \u2013 Venta y distribuci\u00f3n de sistemas GLP y GNC en Espa\u00f1a y Portugal. Env\u00edos 24 h, soporte t\u00e9cnico a talleres y distribuidores.","hasMerchantReturnPolicy":{"@type":"MerchantReturnPolicy","merchantReturnLink":"https:\/\/recambiosecogas.com\/politicas-privacidad\/"},"address":{"@id":"https:\/\/recambiosecogas.com\/it\/producto\/barracuda-inyector-glp-gnc\/#local-main-place-address"},"telephone":["616250633"],"contactPoint":{"@type":"ContactPoint","email":"export@recambiosecogas.com"},"openingHoursSpecification":[{"@type":"OpeningHoursSpecification","dayOfWeek":["Monday","Tuesday","Wednesday","Thursday","Friday","Saturday","Sunday"],"opens":"09:00","closes":"17:00"}],"email":"info@recambiosecogas.com","faxNumber":"SEGIMON AUTOMOCION SL","vatID":"ESB19819861","globalLocationNumber":"938 616 339"},{"@type":"PostalAddress","@id":"https:\/\/recambiosecogas.com\/it\/producto\/barracuda-inyector-glp-gnc\/#local-main-place-address","streetAddress":"cami antic de vic, 29 (Nave 3), Pol\u00edgono Industrial Congost","addressLocality":"CORRO D`AVALL","postalCode":"08520","addressRegion":"Barcelona","addressCountry":"ES"},{"@type":"ImageObject","inLanguage":"it-IT","@id":"https:\/\/recambiosecogas.com\/it\/producto\/barracuda-inyector-glp-gnc\/#local-main-organization-logo","url":"https:\/\/recambiosecogas.com\/wp-content\/uploads\/2024\/11\/cropped-RECAMBIOS-GLP-png.webp","contentUrl":"https:\/\/recambiosecogas.com\/wp-content\/uploads\/2024\/11\/cropped-RECAMBIOS-GLP-png.webp","width":512,"height":512,"caption":"Recambios EcoGas"}]},"product_price_amount":"39.99","product_price_currency":"EUR","og_availability":"backorder","product_availability":"available for order","product_retailer_item_id":"105685A","product_condition":"new","geo.placename":"CORRO D`AVALL","geo.region":"Spagna"},"uagb_featured_image_src":{"full":["https:\/\/recambiosecogas.com\/wp-content\/uploads\/2024\/12\/Barracuda-inyector-GLP-GNC-png.webp",1000,1000,false],"thumbnail":["https:\/\/recambiosecogas.com\/wp-content\/uploads\/2024\/12\/Barracuda-inyector-GLP-GNC-150x150.webp",150,150,true],"medium":["https:\/\/recambiosecogas.com\/wp-content\/uploads\/2024\/12\/Barracuda-inyector-GLP-GNC-300x300.webp",300,300,true],"medium_large":["https:\/\/recambiosecogas.com\/wp-content\/uploads\/2024\/12\/Barracuda-inyector-GLP-GNC-768x768.webp",768,768,true],"large":["https:\/\/recambiosecogas.com\/wp-content\/uploads\/2024\/12\/Barracuda-inyector-GLP-GNC-png.webp",1000,1000,false],"1536x1536":["https:\/\/recambiosecogas.com\/wp-content\/uploads\/2024\/12\/Barracuda-inyector-GLP-GNC-png.webp",1000,1000,false],"2048x2048":["https:\/\/recambiosecogas.com\/wp-content\/uploads\/2024\/12\/Barracuda-inyector-GLP-GNC-png.webp",1000,1000,false],"woocommerce_archive_thumbnail":["https:\/\/recambiosecogas.com\/wp-content\/uploads\/2024\/12\/Barracuda-inyector-GLP-GNC-png.webp",1000,1000,false],"woocommerce_thumbnail":["https:\/\/recambiosecogas.com\/wp-content\/uploads\/2024\/12\/Barracuda-inyector-GLP-GNC-png-300x300.webp",300,300,true],"woocommerce_single":["https:\/\/recambiosecogas.com\/wp-content\/uploads\/2024\/12\/Barracuda-inyector-GLP-GNC-png.webp",1000,1000,false],"woocommerce_gallery_thumbnail":["https:\/\/recambiosecogas.com\/wp-content\/uploads\/2024\/12\/Barracuda-inyector-GLP-GNC-png.webp",1000,1000,false],"dgwt-wcas-product-suggestion":["https:\/\/recambiosecogas.com\/wp-content\/uploads\/2024\/12\/Barracuda-inyector-GLP-GNC-png-64x64.webp",64,64,true]},"uagb_author_info":{"display_name":"Fran - Soporte T\u00e9cnico","author_link":"https:\/\/recambiosecogas.com\/it\/author\/"},"uagb_comment_info":0,"uagb_excerpt":"Iniettore GNC Barracuda di alte prestazioni, con dosaggio preciso, risposta rapida e lunga durata operativa.","_links":{"self":[{"href":"https:\/\/recambiosecogas.com\/it\/wp-json\/wp\/v2\/product\/48580","targetHints":{"allow":["GET"]}}],"collection":[{"href":"https:\/\/recambiosecogas.com\/it\/wp-json\/wp\/v2\/product"}],"about":[{"href":"https:\/\/recambiosecogas.com\/it\/wp-json\/wp\/v2\/types\/product"}],"replies":[{"embeddable":true,"href":"https:\/\/recambiosecogas.com\/it\/wp-json\/wp\/v2\/comments?post=48580"}],"wp:featuredmedia":[{"embeddable":true,"href":"https:\/\/recambiosecogas.com\/it\/wp-json\/wp\/v2\/media\/9326"}],"wp:attachment":[{"href":"https:\/\/recambiosecogas.com\/it\/wp-json\/wp\/v2\/media?parent=48580"}],"wp:term":[{"taxonomy":"product_brand","embeddable":true,"href":"https:\/\/recambiosecogas.com\/it\/wp-json\/wp\/v2\/product_brand?post=48580"},{"taxonomy":"product_cat","embeddable":true,"href":"https:\/\/recambiosecogas.com\/it\/wp-json\/wp\/v2\/product_cat?post=48580"},{"taxonomy":"product_tag","embeddable":true,"href":"https:\/\/recambiosecogas.com\/it\/wp-json\/wp\/v2\/product_tag?post=48580"}],"curies":[{"name":"wp","href":"https:\/\/api.w.org\/{rel}","templated":true}]}}