{"id":48545,"date":"2024-12-09T09:14:25","date_gmt":"2024-12-09T09:14:25","guid":{"rendered":"https:\/\/recambiosecogas.com\/producto\/keihin-kn9-inyector-52-63-73-82cc\/"},"modified":"2026-04-15T11:50:34","modified_gmt":"2026-04-15T10:50:34","slug":"keihin-kn9-inyector-52-63-73-82cc","status":"publish","type":"product","link":"https:\/\/recambiosecogas.com\/it\/producto\/keihin-kn9-inyector-52-63-73-82cc\/","title":{"rendered":"Iniettore Keihin KN9 52\/63\/73\/82cc"},"content":{"rendered":"<h1 data-start=\"272\" data-end=\"317\">Iniettore Keihin KN9 per sistemi a GPL e CNG<\/h1>\n<p data-start=\"319\" data-end=\"592\"><strong data-start=\"322\" data-end=\"345\">L&#8217;iniettore Keihin KN9<\/strong> \u00e8 un componente ad alta precisione progettato per sistemi di iniezione <strong data-start=\"424\" data-end=\"437\">di gas GPL e CNG<\/strong>. \u00c8 disponibile in diverse portate <strong data-start=\"477\" data-end=\"499\">52, 63, 73 e 82 cc<\/strong>, il che permette di adattarla con precisione a motori di diverse potenze e configurazioni. <\/p>\n<p data-start=\"594\" data-end=\"774\">Questo iniettore \u00e8 ampiamente utilizzato in installazioni professionali che richiedono dosaggio stabile di gas, risposta rapida e un funzionamento affidabile a lungo termine.<\/p>\n<h2 data-start=\"776\" data-end=\"827\">Iniettore di gas Keihin per iniezione sequenziale<\/h2>\n<p data-start=\"829\" data-end=\"1121\">Il modello KN9 \u00e8 integrato in sistemi di iniezione sequenziale che impiegano iniettori singoli di Keihin. Grazie alla variet\u00e0 di portate disponibili, \u00e8 possibile selezionare la versione pi\u00f9 adatta alle esigenze del motore, migliorando la combustione e l&#8217;efficienza complessiva del sistema. <\/p>\n<p data-start=\"1123\" data-end=\"1251\">Inoltre, il suo design garantisce un&#8217;iniezione omogenea tra i cilindri, il che si traduce in un funzionamento pi\u00f9 fluido del motore.<\/p>\n<h2 data-start=\"1253\" data-end=\"1300\">Precisione del flusso e funzionamento stabile<\/h2>\n<p data-start=\"1302\" data-end=\"1595\">Questo iniettore di gas Keihin \u00e8 realizzato con materiali di alta qualit\u00e0, che gli permettono di funzionare stabilmente sotto variazioni di pressione e temperatura. Di conseguenza, l&#8217;usura del sistema di iniezione si riduce e le prestazioni costanti vengono mantenute anche in condizioni difficili. <\/p>\n<p data-start=\"1597\" data-end=\"1716\">Inoltre, la sua lunga durata operativa la rende una scelta affidabile sia per le sostituzioni che per le nuove installazioni.<\/p>\n<h3 data-start=\"1718\" data-end=\"1749\">Caratteristiche principali<\/h3>\n<ul data-start=\"1750\" data-end=\"1957\">\n<li data-start=\"1750\" data-end=\"1778\">\n<p data-start=\"1752\" data-end=\"1778\">Iniettore Keihin originale<\/p>\n<\/li>\n<li data-start=\"1779\" data-end=\"1825\">\n<p data-start=\"1781\" data-end=\"1825\">Portate disponibili: 52 \/ 63 \/ 73 \/ 82 cc<\/p>\n<\/li>\n<li data-start=\"1826\" data-end=\"1854\">\n<p data-start=\"1828\" data-end=\"1854\">Compatibile con GPL e CNG<\/p>\n<\/li>\n<li data-start=\"1855\" data-end=\"1887\">\n<p data-start=\"1857\" data-end=\"1887\">Dosaggio preciso del gas<\/p>\n<\/li>\n<li data-start=\"1888\" data-end=\"1919\">\n<p data-start=\"1890\" data-end=\"1919\">Risposta rapida e uniforme<\/p>\n<\/li>\n<li data-start=\"1920\" data-end=\"1957\">\n<p data-start=\"1922\" data-end=\"1957\">Alta affidabilit\u00e0 in uso continuo<\/p>\n<\/li>\n<\/ul>\n<h3 data-start=\"1959\" data-end=\"1988\">Specifiche tecniche<\/h3>\n<div class=\"TyagGW_tableContainer\">\n<div class=\"group TyagGW_tableWrapper flex flex-col-reverse w-fit\" tabindex=\"-1\">\n<table class=\"w-fit min-w-(--thread-content-width)\" data-start=\"1990\" data-end=\"2294\">\n<thead data-start=\"1990\" data-end=\"2018\">\n<tr data-start=\"1990\" data-end=\"2018\">\n<th data-start=\"1990\" data-end=\"2007\" data-col-size=\"sm\">Caratteristiche<\/th>\n<th data-start=\"2007\" data-end=\"2018\" data-col-size=\"sm\">Dettagli<\/th>\n<\/tr>\n<\/thead>\n<tbody data-start=\"2046\" data-end=\"2294\">\n<tr data-start=\"2046\" data-end=\"2076\">\n<td data-start=\"2046\" data-end=\"2057\" data-col-size=\"sm\">Prodotto<\/td>\n<td data-start=\"2057\" data-end=\"2076\" data-col-size=\"sm\">Iniettore di gas<\/td>\n<\/tr>\n<tr data-start=\"2077\" data-end=\"2095\">\n<td data-start=\"2077\" data-end=\"2085\" data-col-size=\"sm\">Marchio<\/td>\n<td data-start=\"2085\" data-end=\"2095\" data-col-size=\"sm\">Keihin<\/td>\n<\/tr>\n<tr data-start=\"2096\" data-end=\"2112\">\n<td data-start=\"2096\" data-end=\"2105\" data-col-size=\"sm\">Modello<\/td>\n<td data-start=\"2105\" data-end=\"2112\" data-col-size=\"sm\">KN9<\/td>\n<\/tr>\n<tr data-start=\"2113\" data-end=\"2146\">\n<td data-start=\"2113\" data-end=\"2122\" data-col-size=\"sm\">Portata<\/td>\n<td data-start=\"2122\" data-end=\"2146\" data-col-size=\"sm\">52 \/ 63 \/ 73 \/ 82 cc<\/td>\n<\/tr>\n<tr data-start=\"2147\" data-end=\"2174\">\n<td data-start=\"2147\" data-end=\"2161\" data-col-size=\"sm\">Carburante<\/td>\n<td data-start=\"2161\" data-end=\"2174\" data-col-size=\"sm\">GPL \/ GNC<\/td>\n<\/tr>\n<tr data-start=\"2175\" data-end=\"2217\">\nTipo <\/p>\n<td data-start=\"2175\" data-end=\"2193\" data-col-size=\"sm\">di sistema<\/td>\n<td data-start=\"2193\" data-end=\"2217\" data-col-size=\"sm\">Iniezione sequenziale<\/td>\n<\/tr>\n<tr data-start=\"2218\" data-end=\"2258\">\n<td data-start=\"2218\" data-end=\"2231\" data-col-size=\"sm\">Applicazione<\/td>\n<td data-start=\"2231\" data-end=\"2258\" data-col-size=\"sm\">Iniettori singoli<\/td>\n<\/tr>\n<tr data-start=\"2259\" data-end=\"2294\">\n<td data-start=\"2259\" data-end=\"2265\" data-col-size=\"sm\">Applicazione<\/td>\n<td data-start=\"2265\" data-end=\"2294\" data-col-size=\"sm\">Sostituzione o installazione<\/td>\n<\/tr>\n<\/tbody>\n<\/table>\n<\/div>\n<\/div>\n<h3 data-start=\"2296\" data-end=\"2314\">Compatibilit\u00e0<\/h3>\n<ul data-start=\"2315\" data-end=\"2418\">\n<li data-start=\"2315\" data-end=\"2366\">\n<p data-start=\"2317\" data-end=\"2366\">Sistemi di iniezione GPL con tecnologia Keihin<\/p>\n<\/li>\n<li data-start=\"2367\" data-end=\"2418\">\n<p data-start=\"2369\" data-end=\"2418\">Sistemi di iniezione a CNG con iniettori Keihin<\/p>\n<\/li>\n<\/ul>\n","protected":false},"excerpt":{"rendered":"<p data-start=\"2349\" data-end=\"2486\">Iniettore Keihin KN9 per sistemi a GPL e CNG, disponibile nelle versioni 52, 63, 73 e 82 cc, con alta precisione e affidabilit\u00e0 per l&#8217;iniezione sequenziale.<\/p>\n<h3 data-start=\"2488\" data-end=\"2495\"><\/h3>\n","protected":false},"featured_media":9902,"comment_status":"open","ping_status":"closed","template":"","meta":{"_uag_custom_page_level_css":""},"product_brand":[],"product_cat":[2121,2122,2154,2409],"product_tag":[],"class_list":{"0":"post-48545","1":"product","2":"type-product","3":"status-publish","4":"has-post-thumbnail","6":"product_cat-inyectores-menu","7":"product_cat-inyectores-rail","8":"product_cat-inyectores-individuales","9":"product_cat-keihin","11":"first","12":"onbackorder","13":"taxable","14":"shipping-taxable","15":"purchasable","16":"product-type-variable"},"ct_brands":[],"yoast_head":"<!-- This site is optimized with the Yoast SEO Premium plugin v27.5 (Yoast SEO v27.6) - https:\/\/yoast.com\/product\/yoast-seo-premium-wordpress\/ -->\n<title>Iniettore Keihin KN9 52\/63\/73\/82cc |%Recambios EcoGas<\/title>\n<meta name=\"description\" content=\"Iniettore Keihin KN9 per sistemi a GPL e CNG. Disponibile nelle versioni 52, 63, 73 e 82 cc, con dosaggio preciso e alta durata.\" \/>\n<meta name=\"robots\" content=\"index, follow, max-snippet:-1, max-image-preview:large, max-video-preview:-1\" \/>\n<link rel=\"canonical\" href=\"https:\/\/recambiosecogas.com\/it\/producto\/keihin-kn9-inyector-52-63-73-82cc\/\" \/>\n<meta property=\"og:locale\" content=\"it_IT\" \/>\n<meta property=\"og:type\" content=\"article\" \/>\n<meta property=\"og:title\" content=\"Iniettore Keihin KN9 52\/63\/73\/82cc\" \/>\n<meta property=\"og:description\" content=\"Iniettore Keihin KN9 per sistemi a GPL e CNG. Disponibile nelle versioni 52, 63, 73 e 82 cc, con dosaggio preciso e alta durata.\" \/>\n<meta property=\"og:url\" content=\"https:\/\/recambiosecogas.com\/it\/producto\/keihin-kn9-inyector-52-63-73-82cc\/\" \/>\n<meta property=\"og:site_name\" content=\"Recambios EcoGas\" \/>\n<meta property=\"article:publisher\" content=\"https:\/\/www.facebook.com\/profile.php?id=100062419705358\" \/>\n<meta property=\"article:modified_time\" content=\"2026-04-15T10:50:34+00:00\" \/>\n<meta property=\"og:image\" content=\"https:\/\/recambiosecogas.com\/wp-content\/uploads\/2024\/12\/Keihin-KN9-inyector-52-cc-png.webp\" \/>\n\t<meta property=\"og:image:width\" content=\"1000\" \/>\n\t<meta property=\"og:image:height\" content=\"1000\" \/>\n\t<meta property=\"og:image:type\" content=\"image\/png\" \/>\n<meta name=\"twitter:card\" content=\"summary_large_image\" \/>\n<meta name=\"twitter:label1\" content=\"Disponibilit\u00e0\" \/>\n\t<meta name=\"twitter:data1\" content=\"Su ordinazione\" \/>\n<script type=\"application\/ld+json\" class=\"yoast-schema-graph\">{\"@context\":\"https:\\\/\\\/schema.org\",\"@graph\":[{\"@type\":\"WebPage\",\"@id\":\"https:\\\/\\\/recambiosecogas.com\\\/it\\\/producto\\\/keihin-kn9-inyector-52-63-73-82cc\\\/\",\"url\":\"https:\\\/\\\/recambiosecogas.com\\\/it\\\/producto\\\/keihin-kn9-inyector-52-63-73-82cc\\\/\",\"name\":\"Iniettore Keihin KN9 52\\\/63\\\/73\\\/82cc |%Recambios EcoGas\",\"isPartOf\":{\"@id\":\"https:\\\/\\\/recambiosecogas.com\\\/it\\\/#website\"},\"primaryImageOfPage\":{\"@id\":\"https:\\\/\\\/recambiosecogas.com\\\/it\\\/producto\\\/keihin-kn9-inyector-52-63-73-82cc\\\/#primaryimage\"},\"image\":{\"@id\":\"https:\\\/\\\/recambiosecogas.com\\\/it\\\/producto\\\/keihin-kn9-inyector-52-63-73-82cc\\\/#primaryimage\"},\"thumbnailUrl\":\"https:\\\/\\\/recambiosecogas.com\\\/wp-content\\\/uploads\\\/2024\\\/12\\\/Keihin-KN9-inyector-52-cc-png.webp\",\"datePublished\":\"2024-12-09T09:14:25+00:00\",\"dateModified\":\"2026-04-15T10:50:34+00:00\",\"description\":\"Iniettore Keihin KN9 per sistemi a GPL e CNG. Disponibile nelle versioni 52, 63, 73 e 82 cc, con dosaggio preciso e alta durata.\",\"breadcrumb\":{\"@id\":\"https:\\\/\\\/recambiosecogas.com\\\/it\\\/producto\\\/keihin-kn9-inyector-52-63-73-82cc\\\/#breadcrumb\"},\"inLanguage\":\"it-IT\",\"potentialAction\":[{\"@type\":\"ReadAction\",\"target\":[\"https:\\\/\\\/recambiosecogas.com\\\/it\\\/producto\\\/keihin-kn9-inyector-52-63-73-82cc\\\/\"]}]},{\"@type\":\"ImageObject\",\"inLanguage\":\"it-IT\",\"@id\":\"https:\\\/\\\/recambiosecogas.com\\\/it\\\/producto\\\/keihin-kn9-inyector-52-63-73-82cc\\\/#primaryimage\",\"url\":\"https:\\\/\\\/recambiosecogas.com\\\/wp-content\\\/uploads\\\/2024\\\/12\\\/Keihin-KN9-inyector-52-cc-png.webp\",\"contentUrl\":\"https:\\\/\\\/recambiosecogas.com\\\/wp-content\\\/uploads\\\/2024\\\/12\\\/Keihin-KN9-inyector-52-cc-png.webp\",\"width\":1000,\"height\":1000},{\"@type\":\"BreadcrumbList\",\"@id\":\"https:\\\/\\\/recambiosecogas.com\\\/it\\\/producto\\\/keihin-kn9-inyector-52-63-73-82cc\\\/#breadcrumb\",\"itemListElement\":[{\"@type\":\"ListItem\",\"position\":1,\"name\":\"Portada\",\"item\":\"https:\\\/\\\/recambiosecogas.com\\\/it\\\/\"},{\"@type\":\"ListItem\",\"position\":2,\"name\":\"Negozio\",\"item\":\"https:\\\/\\\/recambiosecogas.com\\\/it\\\/?page_id=46382\"},{\"@type\":\"ListItem\",\"position\":3,\"name\":\"Iniettore Keihin KN9 52\\\/63\\\/73\\\/82cc\"}]},{\"@type\":\"WebSite\",\"@id\":\"https:\\\/\\\/recambiosecogas.com\\\/it\\\/#website\",\"url\":\"https:\\\/\\\/recambiosecogas.com\\\/it\\\/\",\"name\":\"Recambios EcoGas\",\"description\":\"Recambios Multimarca para sistemas de GLP\\\/GNC\\\/GNL\\\/Hidr\u00f3geno\",\"publisher\":{\"@id\":\"https:\\\/\\\/recambiosecogas.com\\\/it\\\/#organization\"},\"alternateName\":\"Recambios Autogas GLP\",\"potentialAction\":[{\"@type\":\"SearchAction\",\"target\":{\"@type\":\"EntryPoint\",\"urlTemplate\":\"https:\\\/\\\/recambiosecogas.com\\\/it\\\/?s={search_term_string}\"},\"query-input\":{\"@type\":\"PropertyValueSpecification\",\"valueRequired\":true,\"valueName\":\"search_term_string\"}}],\"inLanguage\":\"it-IT\"},{\"@type\":[\"Organization\",\"Place\"],\"@id\":\"https:\\\/\\\/recambiosecogas.com\\\/it\\\/#organization\",\"name\":\"Recambios EcoGas\",\"alternateName\":\"Tienda Online GLP Espa\u00f1a\",\"url\":\"https:\\\/\\\/recambiosecogas.com\\\/it\\\/\",\"logo\":{\"@id\":\"https:\\\/\\\/recambiosecogas.com\\\/it\\\/producto\\\/keihin-kn9-inyector-52-63-73-82cc\\\/#local-main-organization-logo\"},\"image\":{\"@id\":\"https:\\\/\\\/recambiosecogas.com\\\/it\\\/producto\\\/keihin-kn9-inyector-52-63-73-82cc\\\/#local-main-organization-logo\"},\"sameAs\":[\"https:\\\/\\\/www.facebook.com\\\/profile.php?id=100062419705358\",\"https:\\\/\\\/www.instagram.com\\\/segimon_automocio\"],\"description\":\"Recambios EcoGas \u2013 Venta y distribuci\u00f3n de sistemas GLP y GNC en Espa\u00f1a y Portugal. Env\u00edos 24 h, soporte t\u00e9cnico a talleres y distribuidores.\",\"hasMerchantReturnPolicy\":{\"@type\":\"MerchantReturnPolicy\",\"merchantReturnLink\":\"https:\\\/\\\/recambiosecogas.com\\\/politicas-privacidad\\\/\"},\"address\":{\"@id\":\"https:\\\/\\\/recambiosecogas.com\\\/it\\\/producto\\\/keihin-kn9-inyector-52-63-73-82cc\\\/#local-main-place-address\"},\"telephone\":[\"616250633\"],\"contactPoint\":{\"@type\":\"ContactPoint\",\"email\":\"export@recambiosecogas.com\"},\"openingHoursSpecification\":[{\"@type\":\"OpeningHoursSpecification\",\"dayOfWeek\":[\"Monday\",\"Tuesday\",\"Wednesday\",\"Thursday\",\"Friday\",\"Saturday\",\"Sunday\"],\"opens\":\"09:00\",\"closes\":\"17:00\"}],\"email\":\"info@recambiosecogas.com\",\"faxNumber\":\"SEGIMON AUTOMOCION SL\",\"vatID\":\"ESB19819861\",\"globalLocationNumber\":\"938 616 339\"},{\"@type\":\"PostalAddress\",\"@id\":\"https:\\\/\\\/recambiosecogas.com\\\/it\\\/producto\\\/keihin-kn9-inyector-52-63-73-82cc\\\/#local-main-place-address\",\"streetAddress\":\"cami antic de vic, 29 (Nave 3), Pol\u00edgono Industrial Congost\",\"addressLocality\":\"CORRO D`AVALL\",\"postalCode\":\"08520\",\"addressRegion\":\"Barcelona\",\"addressCountry\":\"ES\"},{\"@type\":\"ImageObject\",\"inLanguage\":\"it-IT\",\"@id\":\"https:\\\/\\\/recambiosecogas.com\\\/it\\\/producto\\\/keihin-kn9-inyector-52-63-73-82cc\\\/#local-main-organization-logo\",\"url\":\"https:\\\/\\\/recambiosecogas.com\\\/wp-content\\\/uploads\\\/2024\\\/11\\\/cropped-RECAMBIOS-GLP-png.webp\",\"contentUrl\":\"https:\\\/\\\/recambiosecogas.com\\\/wp-content\\\/uploads\\\/2024\\\/11\\\/cropped-RECAMBIOS-GLP-png.webp\",\"width\":512,\"height\":512,\"caption\":\"Recambios EcoGas\"}]}<\/script>\n<meta property=\"og:availability\" content=\"backorder\" \/>\n<meta property=\"product:availability\" content=\"available for order\" \/>\n<meta property=\"product:retailer_item_id\" content=\"KN9105618\" \/>\n<meta property=\"product:condition\" content=\"new\" \/>\n<meta name=\"geo.placename\" content=\"CORRO D`AVALL\" \/>\n<meta name=\"geo.region\" content=\"Spagna\" \/>\n<!-- \/ Yoast SEO Premium plugin. -->","yoast_head_json":{"title":"Iniettore Keihin KN9 52\/63\/73\/82cc |%Recambios EcoGas","description":"Iniettore Keihin KN9 per sistemi a GPL e CNG. Disponibile nelle versioni 52, 63, 73 e 82 cc, con dosaggio preciso e alta durata.","robots":{"index":"index","follow":"follow","max-snippet":"max-snippet:-1","max-image-preview":"max-image-preview:large","max-video-preview":"max-video-preview:-1"},"canonical":"https:\/\/recambiosecogas.com\/it\/producto\/keihin-kn9-inyector-52-63-73-82cc\/","og_locale":"it_IT","og_type":"article","og_title":"Iniettore Keihin KN9 52\/63\/73\/82cc","og_description":"Iniettore Keihin KN9 per sistemi a GPL e CNG. Disponibile nelle versioni 52, 63, 73 e 82 cc, con dosaggio preciso e alta durata.","og_url":"https:\/\/recambiosecogas.com\/it\/producto\/keihin-kn9-inyector-52-63-73-82cc\/","og_site_name":"Recambios EcoGas","article_publisher":"https:\/\/www.facebook.com\/profile.php?id=100062419705358","article_modified_time":"2026-04-15T10:50:34+00:00","og_image":[{"width":1000,"height":1000,"url":"https:\/\/recambiosecogas.com\/wp-content\/uploads\/2024\/12\/Keihin-KN9-inyector-52-cc-png.webp","type":"image\/png"}],"twitter_card":"summary_large_image","twitter_misc":{"Disponibilit\u00e0":"Su ordinazione"},"schema":{"@context":"https:\/\/schema.org","@graph":[{"@type":"WebPage","@id":"https:\/\/recambiosecogas.com\/it\/producto\/keihin-kn9-inyector-52-63-73-82cc\/","url":"https:\/\/recambiosecogas.com\/it\/producto\/keihin-kn9-inyector-52-63-73-82cc\/","name":"Iniettore Keihin KN9 52\/63\/73\/82cc |%Recambios EcoGas","isPartOf":{"@id":"https:\/\/recambiosecogas.com\/it\/#website"},"primaryImageOfPage":{"@id":"https:\/\/recambiosecogas.com\/it\/producto\/keihin-kn9-inyector-52-63-73-82cc\/#primaryimage"},"image":{"@id":"https:\/\/recambiosecogas.com\/it\/producto\/keihin-kn9-inyector-52-63-73-82cc\/#primaryimage"},"thumbnailUrl":"https:\/\/recambiosecogas.com\/wp-content\/uploads\/2024\/12\/Keihin-KN9-inyector-52-cc-png.webp","datePublished":"2024-12-09T09:14:25+00:00","dateModified":"2026-04-15T10:50:34+00:00","description":"Iniettore Keihin KN9 per sistemi a GPL e CNG. Disponibile nelle versioni 52, 63, 73 e 82 cc, con dosaggio preciso e alta durata.","breadcrumb":{"@id":"https:\/\/recambiosecogas.com\/it\/producto\/keihin-kn9-inyector-52-63-73-82cc\/#breadcrumb"},"inLanguage":"it-IT","potentialAction":[{"@type":"ReadAction","target":["https:\/\/recambiosecogas.com\/it\/producto\/keihin-kn9-inyector-52-63-73-82cc\/"]}]},{"@type":"ImageObject","inLanguage":"it-IT","@id":"https:\/\/recambiosecogas.com\/it\/producto\/keihin-kn9-inyector-52-63-73-82cc\/#primaryimage","url":"https:\/\/recambiosecogas.com\/wp-content\/uploads\/2024\/12\/Keihin-KN9-inyector-52-cc-png.webp","contentUrl":"https:\/\/recambiosecogas.com\/wp-content\/uploads\/2024\/12\/Keihin-KN9-inyector-52-cc-png.webp","width":1000,"height":1000},{"@type":"BreadcrumbList","@id":"https:\/\/recambiosecogas.com\/it\/producto\/keihin-kn9-inyector-52-63-73-82cc\/#breadcrumb","itemListElement":[{"@type":"ListItem","position":1,"name":"Portada","item":"https:\/\/recambiosecogas.com\/it\/"},{"@type":"ListItem","position":2,"name":"Negozio","item":"https:\/\/recambiosecogas.com\/it\/?page_id=46382"},{"@type":"ListItem","position":3,"name":"Iniettore Keihin KN9 52\/63\/73\/82cc"}]},{"@type":"WebSite","@id":"https:\/\/recambiosecogas.com\/it\/#website","url":"https:\/\/recambiosecogas.com\/it\/","name":"Recambios EcoGas","description":"Recambios Multimarca para sistemas de GLP\/GNC\/GNL\/Hidr\u00f3geno","publisher":{"@id":"https:\/\/recambiosecogas.com\/it\/#organization"},"alternateName":"Recambios Autogas GLP","potentialAction":[{"@type":"SearchAction","target":{"@type":"EntryPoint","urlTemplate":"https:\/\/recambiosecogas.com\/it\/?s={search_term_string}"},"query-input":{"@type":"PropertyValueSpecification","valueRequired":true,"valueName":"search_term_string"}}],"inLanguage":"it-IT"},{"@type":["Organization","Place"],"@id":"https:\/\/recambiosecogas.com\/it\/#organization","name":"Recambios EcoGas","alternateName":"Tienda Online GLP Espa\u00f1a","url":"https:\/\/recambiosecogas.com\/it\/","logo":{"@id":"https:\/\/recambiosecogas.com\/it\/producto\/keihin-kn9-inyector-52-63-73-82cc\/#local-main-organization-logo"},"image":{"@id":"https:\/\/recambiosecogas.com\/it\/producto\/keihin-kn9-inyector-52-63-73-82cc\/#local-main-organization-logo"},"sameAs":["https:\/\/www.facebook.com\/profile.php?id=100062419705358","https:\/\/www.instagram.com\/segimon_automocio"],"description":"Recambios EcoGas \u2013 Venta y distribuci\u00f3n de sistemas GLP y GNC en Espa\u00f1a y Portugal. Env\u00edos 24 h, soporte t\u00e9cnico a talleres y distribuidores.","hasMerchantReturnPolicy":{"@type":"MerchantReturnPolicy","merchantReturnLink":"https:\/\/recambiosecogas.com\/politicas-privacidad\/"},"address":{"@id":"https:\/\/recambiosecogas.com\/it\/producto\/keihin-kn9-inyector-52-63-73-82cc\/#local-main-place-address"},"telephone":["616250633"],"contactPoint":{"@type":"ContactPoint","email":"export@recambiosecogas.com"},"openingHoursSpecification":[{"@type":"OpeningHoursSpecification","dayOfWeek":["Monday","Tuesday","Wednesday","Thursday","Friday","Saturday","Sunday"],"opens":"09:00","closes":"17:00"}],"email":"info@recambiosecogas.com","faxNumber":"SEGIMON AUTOMOCION SL","vatID":"ESB19819861","globalLocationNumber":"938 616 339"},{"@type":"PostalAddress","@id":"https:\/\/recambiosecogas.com\/it\/producto\/keihin-kn9-inyector-52-63-73-82cc\/#local-main-place-address","streetAddress":"cami antic de vic, 29 (Nave 3), Pol\u00edgono Industrial Congost","addressLocality":"CORRO D`AVALL","postalCode":"08520","addressRegion":"Barcelona","addressCountry":"ES"},{"@type":"ImageObject","inLanguage":"it-IT","@id":"https:\/\/recambiosecogas.com\/it\/producto\/keihin-kn9-inyector-52-63-73-82cc\/#local-main-organization-logo","url":"https:\/\/recambiosecogas.com\/wp-content\/uploads\/2024\/11\/cropped-RECAMBIOS-GLP-png.webp","contentUrl":"https:\/\/recambiosecogas.com\/wp-content\/uploads\/2024\/11\/cropped-RECAMBIOS-GLP-png.webp","width":512,"height":512,"caption":"Recambios EcoGas"}]},"og_availability":"backorder","product_availability":"available for order","product_retailer_item_id":"KN9105618","product_condition":"new","geo.placename":"CORRO D`AVALL","geo.region":"Spagna"},"uagb_featured_image_src":{"full":["https:\/\/recambiosecogas.com\/wp-content\/uploads\/2024\/12\/Keihin-KN9-inyector-52-cc-png.webp",1000,1000,false],"thumbnail":["https:\/\/recambiosecogas.com\/wp-content\/uploads\/2024\/12\/Keihin-KN9-inyector-52-cc-150x150.webp",150,150,true],"medium":["https:\/\/recambiosecogas.com\/wp-content\/uploads\/2024\/12\/Keihin-KN9-inyector-52-cc-300x300.webp",300,300,true],"medium_large":["https:\/\/recambiosecogas.com\/wp-content\/uploads\/2024\/12\/Keihin-KN9-inyector-52-cc-768x768.webp",768,768,true],"large":["https:\/\/recambiosecogas.com\/wp-content\/uploads\/2024\/12\/Keihin-KN9-inyector-52-cc-png.webp",1000,1000,false],"1536x1536":["https:\/\/recambiosecogas.com\/wp-content\/uploads\/2024\/12\/Keihin-KN9-inyector-52-cc-png.webp",1000,1000,false],"2048x2048":["https:\/\/recambiosecogas.com\/wp-content\/uploads\/2024\/12\/Keihin-KN9-inyector-52-cc-png.webp",1000,1000,false],"woocommerce_archive_thumbnail":["https:\/\/recambiosecogas.com\/wp-content\/uploads\/2024\/12\/Keihin-KN9-inyector-52-cc-png.webp",1000,1000,false],"woocommerce_thumbnail":["https:\/\/recambiosecogas.com\/wp-content\/uploads\/2024\/12\/Keihin-KN9-inyector-52-cc-png-300x300.webp",300,300,true],"woocommerce_single":["https:\/\/recambiosecogas.com\/wp-content\/uploads\/2024\/12\/Keihin-KN9-inyector-52-cc-png.webp",1000,1000,false],"woocommerce_gallery_thumbnail":["https:\/\/recambiosecogas.com\/wp-content\/uploads\/2024\/12\/Keihin-KN9-inyector-52-cc-png.webp",1000,1000,false],"dgwt-wcas-product-suggestion":["https:\/\/recambiosecogas.com\/wp-content\/uploads\/2024\/12\/Keihin-KN9-inyector-52-cc-png-64x64.webp",64,64,true]},"uagb_author_info":{"display_name":"Fran - Soporte T\u00e9cnico","author_link":"https:\/\/recambiosecogas.com\/it\/author\/"},"uagb_comment_info":0,"uagb_excerpt":"Iniettore Keihin KN9 per sistemi a GPL e CNG, disponibile nelle versioni 52, 63, 73 e 82 cc, con alta precisione e affidabilit\u00e0 per l'iniezione sequenziale.","_links":{"self":[{"href":"https:\/\/recambiosecogas.com\/it\/wp-json\/wp\/v2\/product\/48545","targetHints":{"allow":["GET"]}}],"collection":[{"href":"https:\/\/recambiosecogas.com\/it\/wp-json\/wp\/v2\/product"}],"about":[{"href":"https:\/\/recambiosecogas.com\/it\/wp-json\/wp\/v2\/types\/product"}],"replies":[{"embeddable":true,"href":"https:\/\/recambiosecogas.com\/it\/wp-json\/wp\/v2\/comments?post=48545"}],"wp:featuredmedia":[{"embeddable":true,"href":"https:\/\/recambiosecogas.com\/it\/wp-json\/wp\/v2\/media\/9902"}],"wp:attachment":[{"href":"https:\/\/recambiosecogas.com\/it\/wp-json\/wp\/v2\/media?parent=48545"}],"wp:term":[{"taxonomy":"product_brand","embeddable":true,"href":"https:\/\/recambiosecogas.com\/it\/wp-json\/wp\/v2\/product_brand?post=48545"},{"taxonomy":"product_cat","embeddable":true,"href":"https:\/\/recambiosecogas.com\/it\/wp-json\/wp\/v2\/product_cat?post=48545"},{"taxonomy":"product_tag","embeddable":true,"href":"https:\/\/recambiosecogas.com\/it\/wp-json\/wp\/v2\/product_tag?post=48545"}],"curies":[{"name":"wp","href":"https:\/\/api.w.org\/{rel}","templated":true}]}}