{"id":48515,"date":"2024-12-23T14:31:46","date_gmt":"2024-12-23T14:31:46","guid":{"rendered":"https:\/\/recambiosecogas.com\/producto\/rail-de-inyeccion-3-cilindros-inyectores-individuales-acw-03-ac-stag\/"},"modified":"2026-04-15T11:50:01","modified_gmt":"2026-04-15T10:50:01","slug":"rail-de-inyeccion-3-cilindros-inyectores-individuales-acw-03-ac-stag","status":"publish","type":"product","link":"https:\/\/recambiosecogas.com\/it\/producto\/rail-de-inyeccion-3-cilindros-inyectores-individuales-acw-03-ac-stag\/","title":{"rendered":"Binario di iniezione 3 cilindri Iniettori singoli ACW-03 AC STAG"},"content":{"rendered":"<h3 data-start=\"159\" data-end=\"229\">Binario di iniezione 3 cilindri Iniettori singoli ACW-03 AC STAG<\/h3>\n<p class=\"\" data-start=\"231\" data-end=\"881\">La rotaia ACW-03 AC STAG per iniezione a 3 cilindri \u00e8 una soluzione tecnica ad alta precisione per sistemi di iniezione di gas GPL e CNG. Progettata da AC STAG, un punto di riferimento nella tecnologia autogas, questa rotaia incorpora iniettori individuali ACW-03 che garantiscono un controllo preciso del flusso di gas, consentendo una combustione pi\u00f9 efficiente e pulita. \u00c8 ideale sia per nuove installazioni che per aggiornamenti dei sistemi esistenti nei motori a 3 cilindri, e si adatta a una vasta gamma di marchi di veicoli come Audi, BMW, Ford, Mercedes-Benz, Peugeot, Renault, Volkswagen, Toyota, Nissan, Kia, Hyundai, Fiat, tra molti altri.  <\/p>\n<p class=\"\" data-start=\"883\" data-end=\"1216\">Il suo design robusto garantisce una lunga durata operativa, anche in condizioni difficili. Ogni iniettore ACW-03 opera in modo indipendente, migliorando l&#8217;efficienza complessiva del sistema a gas e consentendo una regolazione pi\u00f9 fine per ogni cilindro. Inoltre, le dimensioni compatte facilitano un&#8217;installazione rapida senza la necessit\u00e0 di modifiche complesse.  <\/p>\n<p class=\"\" data-start=\"1218\" data-end=\"1418\">Questa rotaia di iniezione migliora il consumo di carburante, riduce le emissioni inquinanti e mantiene prestazioni stabili del motore, contribuendo a una guida pi\u00f9 economica ed ecologica.<\/p>\n<h4 data-start=\"1420\" data-end=\"1448\">Caratteristiche tecniche &#8211;<\/h4>\n<div class=\"pointer-events-none relative left-[50%]! flex w-[100cqw] translate-x-[-50%] justify-center *:pointer-events-auto\">\n<div class=\"tableContainer horzScrollShadows\">\n<table class=\"min-w-full\" data-start=\"1450\" data-end=\"2368\">\n<thead data-start=\"1450\" data-end=\"1563\">\n<tr data-start=\"1450\" data-end=\"1563\">\n<th data-start=\"1450\" data-end=\"1499\"><strong data-start=\"1452\" data-end=\"1464\">Prodotto<\/strong><\/th>\n<th data-start=\"1499\" data-end=\"1563\"><strong data-start=\"1501\" data-end=\"1551\">Railla di iniezione AC-03 AC STAG \u2013 3 cilindri<\/strong><\/th>\n<\/tr>\n<\/thead>\n<tbody data-start=\"1679\" data-end=\"2368\">\n<tr data-start=\"1679\" data-end=\"1793\">\n<td class=\"max-w-[calc(var(--thread-content-max-width)*2\/3)]\" data-start=\"1679\" data-end=\"1728\">Tipo di iniettori<\/td>\n<td class=\"max-w-[calc(var(--thread-content-max-width)*2\/3)]\" data-start=\"1728\" data-end=\"1793\">ACW-03 Iniettori Singoli<\/td>\n<\/tr>\n<tr data-start=\"1794\" data-end=\"1908\">\n<td class=\"max-w-[calc(var(--thread-content-max-width)*2\/3)]\" data-start=\"1794\" data-end=\"1843\">Applicazione<\/td>\n<td class=\"max-w-[calc(var(--thread-content-max-width)*2\/3)]\" data-start=\"1843\" data-end=\"1908\">Sistemi di iniezione LPG\/CNG<\/td>\n<\/tr>\n<tr data-start=\"1909\" data-end=\"2023\">\n<td class=\"max-w-[calc(var(--thread-content-max-width)*2\/3)]\" data-start=\"1909\" data-end=\"1958\">Numero di cilindri<\/td>\n<td class=\"max-w-[calc(var(--thread-content-max-width)*2\/3)]\" data-start=\"1958\" data-end=\"2023\">3<\/td>\n<\/tr>\n<tr data-start=\"2024\" data-end=\"2138\">\n<td class=\"max-w-[calc(var(--thread-content-max-width)*2\/3)]\" data-start=\"2024\" data-end=\"2073\">Connettori<\/td>\n<td class=\"max-w-[calc(var(--thread-content-max-width)*2\/3)]\" data-start=\"2073\" data-end=\"2138\">Tipo AMP<\/td>\n<\/tr>\n<tr data-start=\"2139\" data-end=\"2253\">\n<td class=\"max-w-[calc(var(--thread-content-max-width)*2\/3)]\" data-start=\"2139\" data-end=\"2188\">Materiali<\/td>\n<td class=\"max-w-[calc(var(--thread-content-max-width)*2\/3)]\" data-start=\"2188\" data-end=\"2253\">Alta resistenza e durata<\/td>\n<\/tr>\n<tr data-start=\"2254\" data-end=\"2368\">\n<td class=\"max-w-[calc(var(--thread-content-max-width)*2\/3)]\" data-start=\"2254\" data-end=\"2303\">Compatibilit\u00e0<\/td>\n<td class=\"max-w-[calc(var(--thread-content-max-width)*2\/3)] min-w-[calc(var(--thread-content-max-width)\/3)]\" data-start=\"2303\" data-end=\"2368\">Ampia gamma di marche e modelli di veicoli<\/td>\n<\/tr>\n<\/tbody>\n<\/table>\n<p><a href=\"https:\/\/recambiosecogas.com\/it\/categoria-producto\/inyectores-menu\/inyectores-rail\/\">Il nostro catalogo di iniettori.<\/a><\/p>\n<p><a href=\"https:\/\/segimonautomocio.com\/\">Cambia i tuoi iniettori nel nostro laboratorio specializzato.<\/a><\/p>\n<\/div>\n<\/div>\n","protected":false},"excerpt":{"rendered":"<p>Binario di iniezione 3 cilindri Iniettori singoli ACW-03 AC STAG La rotaia ACW-03 AC STAG per iniezione a 3 cilindri \u00e8 una soluzione tecnica ad alta precisione per sistemi di iniezione di gas GPL e CNG. Progettata da AC STAG, un punto di riferimento nella tecnologia autogas, questa rotaia incorpora iniettori individuali ACW-03 che garantiscono [&hellip;]<\/p>\n","protected":false},"featured_media":5566,"comment_status":"open","ping_status":"closed","template":"","meta":{"_uag_custom_page_level_css":""},"product_brand":[],"product_cat":[2365,2121,2122,2154],"product_tag":[],"class_list":{"0":"post-48515","1":"product","2":"type-product","3":"status-publish","4":"has-post-thumbnail","6":"product_cat-ac-stag","7":"product_cat-inyectores-menu","8":"product_cat-inyectores-rail","9":"product_cat-inyectores-individuales","11":"first","12":"onbackorder","13":"taxable","14":"shipping-taxable","15":"purchasable","16":"product-type-simple"},"ct_brands":[],"yoast_head":"<!-- This site is optimized with the Yoast SEO Premium plugin v27.5 (Yoast SEO v27.5) - https:\/\/yoast.com\/product\/yoast-seo-premium-wordpress\/ -->\n<title>Binario di iniezione 3 cilindri Iniettori singoli ACW-03 AC STAG | Recambios EcoGas | Sistemas GLP y GNC<\/title>\n<meta name=\"description\" content=\"ACW-03 ACW-03 RAIL DI INIEZIONE AC STAG Iniezione precisa ed efficiente per sistemi di gas GPL e CNG. ACQUISTA ONLINE, SPEDIZIONE DISPONIBILE\" \/>\n<meta name=\"robots\" content=\"index, follow, max-snippet:-1, max-image-preview:large, max-video-preview:-1\" \/>\n<link rel=\"canonical\" href=\"https:\/\/recambiosecogas.com\/it\/producto\/rail-de-inyeccion-3-cilindros-inyectores-individuales-acw-03-ac-stag\/\" \/>\n<meta property=\"og:locale\" content=\"it_IT\" \/>\n<meta property=\"og:type\" content=\"article\" \/>\n<meta property=\"og:title\" content=\"Binario di iniezione 3 cilindri Iniettori singoli ACW-03 AC STAG\" \/>\n<meta property=\"og:description\" content=\"ACW-03 ACW-03 RAIL DI INIEZIONE AC STAG Iniezione precisa ed efficiente per sistemi di gas GPL e CNG. ACQUISTA ONLINE, SPEDIZIONE DISPONIBILE\" \/>\n<meta property=\"og:url\" content=\"https:\/\/recambiosecogas.com\/it\/producto\/rail-de-inyeccion-3-cilindros-inyectores-individuales-acw-03-ac-stag\/\" \/>\n<meta property=\"og:site_name\" content=\"Recambios EcoGas\" \/>\n<meta property=\"article:publisher\" content=\"https:\/\/www.facebook.com\/profile.php?id=100062419705358\" \/>\n<meta property=\"article:modified_time\" content=\"2026-04-15T10:50:01+00:00\" \/>\n<meta property=\"og:image\" content=\"https:\/\/recambiosecogas.com\/wp-content\/uploads\/2024\/10\/3-1.webp\" \/>\n\t<meta property=\"og:image:width\" content=\"1080\" \/>\n\t<meta property=\"og:image:height\" content=\"1080\" \/>\n\t<meta property=\"og:image:type\" content=\"image\/jpeg\" \/>\n<meta name=\"twitter:card\" content=\"summary_large_image\" \/>\n<meta name=\"twitter:label1\" content=\"Prezzo\" \/>\n\t<meta name=\"twitter:data1\" content=\"104,00&nbsp;&euro; (Sin IVA: 85,95&nbsp;&euro;)\" \/>\n\t<meta name=\"twitter:label2\" content=\"Disponibilit\u00e0\" \/>\n\t<meta name=\"twitter:data2\" content=\"Su ordinazione\" \/>\n<script type=\"application\/ld+json\" class=\"yoast-schema-graph\">{\"@context\":\"https:\\\/\\\/schema.org\",\"@graph\":[{\"@type\":\"WebPage\",\"@id\":\"https:\\\/\\\/recambiosecogas.com\\\/it\\\/producto\\\/rail-de-inyeccion-3-cilindros-inyectores-individuales-acw-03-ac-stag\\\/\",\"url\":\"https:\\\/\\\/recambiosecogas.com\\\/it\\\/producto\\\/rail-de-inyeccion-3-cilindros-inyectores-individuales-acw-03-ac-stag\\\/\",\"name\":\"Binario di iniezione 3 cilindri Iniettori singoli ACW-03 AC STAG | Recambios EcoGas | Sistemas GLP y GNC\",\"isPartOf\":{\"@id\":\"https:\\\/\\\/recambiosecogas.com\\\/it\\\/#website\"},\"primaryImageOfPage\":{\"@id\":\"https:\\\/\\\/recambiosecogas.com\\\/it\\\/producto\\\/rail-de-inyeccion-3-cilindros-inyectores-individuales-acw-03-ac-stag\\\/#primaryimage\"},\"image\":{\"@id\":\"https:\\\/\\\/recambiosecogas.com\\\/it\\\/producto\\\/rail-de-inyeccion-3-cilindros-inyectores-individuales-acw-03-ac-stag\\\/#primaryimage\"},\"thumbnailUrl\":\"https:\\\/\\\/recambiosecogas.com\\\/wp-content\\\/uploads\\\/2024\\\/10\\\/3-1.webp\",\"datePublished\":\"2024-12-23T14:31:46+00:00\",\"dateModified\":\"2026-04-15T10:50:01+00:00\",\"description\":\"ACW-03 ACW-03 RAIL DI INIEZIONE AC STAG Iniezione precisa ed efficiente per sistemi di gas GPL e CNG. ACQUISTA ONLINE, SPEDIZIONE DISPONIBILE\",\"breadcrumb\":{\"@id\":\"https:\\\/\\\/recambiosecogas.com\\\/it\\\/producto\\\/rail-de-inyeccion-3-cilindros-inyectores-individuales-acw-03-ac-stag\\\/#breadcrumb\"},\"inLanguage\":\"it-IT\",\"potentialAction\":[{\"@type\":\"ReadAction\",\"target\":[\"https:\\\/\\\/recambiosecogas.com\\\/it\\\/producto\\\/rail-de-inyeccion-3-cilindros-inyectores-individuales-acw-03-ac-stag\\\/\"]}]},{\"@type\":\"ImageObject\",\"inLanguage\":\"it-IT\",\"@id\":\"https:\\\/\\\/recambiosecogas.com\\\/it\\\/producto\\\/rail-de-inyeccion-3-cilindros-inyectores-individuales-acw-03-ac-stag\\\/#primaryimage\",\"url\":\"https:\\\/\\\/recambiosecogas.com\\\/wp-content\\\/uploads\\\/2024\\\/10\\\/3-1.webp\",\"contentUrl\":\"https:\\\/\\\/recambiosecogas.com\\\/wp-content\\\/uploads\\\/2024\\\/10\\\/3-1.webp\",\"width\":1080,\"height\":1080},{\"@type\":\"BreadcrumbList\",\"@id\":\"https:\\\/\\\/recambiosecogas.com\\\/it\\\/producto\\\/rail-de-inyeccion-3-cilindros-inyectores-individuales-acw-03-ac-stag\\\/#breadcrumb\",\"itemListElement\":[{\"@type\":\"ListItem\",\"position\":1,\"name\":\"Portada\",\"item\":\"https:\\\/\\\/recambiosecogas.com\\\/it\\\/\"},{\"@type\":\"ListItem\",\"position\":2,\"name\":\"Negozio\",\"item\":\"https:\\\/\\\/recambiosecogas.com\\\/it\\\/?page_id=46382\"},{\"@type\":\"ListItem\",\"position\":3,\"name\":\"Binario di iniezione 3 cilindri Iniettori singoli ACW-03 AC STAG\"}]},{\"@type\":\"WebSite\",\"@id\":\"https:\\\/\\\/recambiosecogas.com\\\/it\\\/#website\",\"url\":\"https:\\\/\\\/recambiosecogas.com\\\/it\\\/\",\"name\":\"Recambios EcoGas\",\"description\":\"Recambios Multimarca para sistemas de GLP\\\/GNC\\\/GNL\\\/Hidr\u00f3geno\",\"publisher\":{\"@id\":\"https:\\\/\\\/recambiosecogas.com\\\/it\\\/#organization\"},\"alternateName\":\"Recambios Autogas GLP\",\"potentialAction\":[{\"@type\":\"SearchAction\",\"target\":{\"@type\":\"EntryPoint\",\"urlTemplate\":\"https:\\\/\\\/recambiosecogas.com\\\/it\\\/?s={search_term_string}\"},\"query-input\":{\"@type\":\"PropertyValueSpecification\",\"valueRequired\":true,\"valueName\":\"search_term_string\"}}],\"inLanguage\":\"it-IT\"},{\"@type\":[\"Organization\",\"Place\"],\"@id\":\"https:\\\/\\\/recambiosecogas.com\\\/it\\\/#organization\",\"name\":\"Recambios EcoGas\",\"alternateName\":\"Tienda Online GLP Espa\u00f1a\",\"url\":\"https:\\\/\\\/recambiosecogas.com\\\/it\\\/\",\"logo\":{\"@id\":\"https:\\\/\\\/recambiosecogas.com\\\/it\\\/producto\\\/rail-de-inyeccion-3-cilindros-inyectores-individuales-acw-03-ac-stag\\\/#local-main-organization-logo\"},\"image\":{\"@id\":\"https:\\\/\\\/recambiosecogas.com\\\/it\\\/producto\\\/rail-de-inyeccion-3-cilindros-inyectores-individuales-acw-03-ac-stag\\\/#local-main-organization-logo\"},\"sameAs\":[\"https:\\\/\\\/www.facebook.com\\\/profile.php?id=100062419705358\",\"https:\\\/\\\/www.instagram.com\\\/segimon_automocio\"],\"description\":\"Recambios EcoGas \u2013 Venta y distribuci\u00f3n de sistemas GLP y GNC en Espa\u00f1a y Portugal. Env\u00edos 24 h, soporte t\u00e9cnico a talleres y distribuidores.\",\"hasMerchantReturnPolicy\":{\"@type\":\"MerchantReturnPolicy\",\"merchantReturnLink\":\"https:\\\/\\\/recambiosecogas.com\\\/politicas-privacidad\\\/\"},\"address\":{\"@id\":\"https:\\\/\\\/recambiosecogas.com\\\/it\\\/producto\\\/rail-de-inyeccion-3-cilindros-inyectores-individuales-acw-03-ac-stag\\\/#local-main-place-address\"},\"telephone\":[\"616250633\"],\"contactPoint\":{\"@type\":\"ContactPoint\",\"email\":\"export@recambiosecogas.com\"},\"openingHoursSpecification\":[{\"@type\":\"OpeningHoursSpecification\",\"dayOfWeek\":[\"Monday\",\"Tuesday\",\"Wednesday\",\"Thursday\",\"Friday\",\"Saturday\",\"Sunday\"],\"opens\":\"09:00\",\"closes\":\"17:00\"}],\"email\":\"info@recambiosecogas.com\",\"faxNumber\":\"SEGIMON AUTOMOCION SL\",\"vatID\":\"ESB19819861\",\"globalLocationNumber\":\"938 616 339\"},{\"@type\":\"PostalAddress\",\"@id\":\"https:\\\/\\\/recambiosecogas.com\\\/it\\\/producto\\\/rail-de-inyeccion-3-cilindros-inyectores-individuales-acw-03-ac-stag\\\/#local-main-place-address\",\"streetAddress\":\"cami antic de vic, 29 (Nave 3), Pol\u00edgono Industrial Congost\",\"addressLocality\":\"CORRO D`AVALL\",\"postalCode\":\"08520\",\"addressRegion\":\"Barcelona\",\"addressCountry\":\"ES\"},{\"@type\":\"ImageObject\",\"inLanguage\":\"it-IT\",\"@id\":\"https:\\\/\\\/recambiosecogas.com\\\/it\\\/producto\\\/rail-de-inyeccion-3-cilindros-inyectores-individuales-acw-03-ac-stag\\\/#local-main-organization-logo\",\"url\":\"https:\\\/\\\/recambiosecogas.com\\\/wp-content\\\/uploads\\\/2024\\\/11\\\/cropped-RECAMBIOS-GLP-png.webp\",\"contentUrl\":\"https:\\\/\\\/recambiosecogas.com\\\/wp-content\\\/uploads\\\/2024\\\/11\\\/cropped-RECAMBIOS-GLP-png.webp\",\"width\":512,\"height\":512,\"caption\":\"Recambios EcoGas\"}]}<\/script>\n<meta property=\"product:price:amount\" content=\"104.00\" \/>\n<meta property=\"product:price:currency\" content=\"EUR\" \/>\n<meta property=\"og:availability\" content=\"backorder\" \/>\n<meta property=\"product:availability\" content=\"available for order\" \/>\n<meta property=\"product:retailer_item_id\" content=\"3807\" \/>\n<meta property=\"product:condition\" content=\"new\" \/>\n<meta name=\"geo.placename\" content=\"CORRO D`AVALL\" \/>\n<meta name=\"geo.region\" content=\"Spagna\" \/>\n<!-- \/ Yoast SEO Premium plugin. -->","yoast_head_json":{"title":"Binario di iniezione 3 cilindri Iniettori singoli ACW-03 AC STAG | Recambios EcoGas | Sistemas GLP y GNC","description":"ACW-03 ACW-03 RAIL DI INIEZIONE AC STAG Iniezione precisa ed efficiente per sistemi di gas GPL e CNG. ACQUISTA ONLINE, SPEDIZIONE DISPONIBILE","robots":{"index":"index","follow":"follow","max-snippet":"max-snippet:-1","max-image-preview":"max-image-preview:large","max-video-preview":"max-video-preview:-1"},"canonical":"https:\/\/recambiosecogas.com\/it\/producto\/rail-de-inyeccion-3-cilindros-inyectores-individuales-acw-03-ac-stag\/","og_locale":"it_IT","og_type":"article","og_title":"Binario di iniezione 3 cilindri Iniettori singoli ACW-03 AC STAG","og_description":"ACW-03 ACW-03 RAIL DI INIEZIONE AC STAG Iniezione precisa ed efficiente per sistemi di gas GPL e CNG. ACQUISTA ONLINE, SPEDIZIONE DISPONIBILE","og_url":"https:\/\/recambiosecogas.com\/it\/producto\/rail-de-inyeccion-3-cilindros-inyectores-individuales-acw-03-ac-stag\/","og_site_name":"Recambios EcoGas","article_publisher":"https:\/\/www.facebook.com\/profile.php?id=100062419705358","article_modified_time":"2026-04-15T10:50:01+00:00","og_image":[{"width":1080,"height":1080,"url":"https:\/\/recambiosecogas.com\/wp-content\/uploads\/2024\/10\/3-1.webp","type":"image\/jpeg"}],"twitter_card":"summary_large_image","twitter_misc":{"Prezzo":"104,00&nbsp;&euro; (Sin IVA: 85,95&nbsp;&euro;)","Disponibilit\u00e0":"Su ordinazione"},"schema":{"@context":"https:\/\/schema.org","@graph":[{"@type":"WebPage","@id":"https:\/\/recambiosecogas.com\/it\/producto\/rail-de-inyeccion-3-cilindros-inyectores-individuales-acw-03-ac-stag\/","url":"https:\/\/recambiosecogas.com\/it\/producto\/rail-de-inyeccion-3-cilindros-inyectores-individuales-acw-03-ac-stag\/","name":"Binario di iniezione 3 cilindri Iniettori singoli ACW-03 AC STAG | Recambios EcoGas | Sistemas GLP y GNC","isPartOf":{"@id":"https:\/\/recambiosecogas.com\/it\/#website"},"primaryImageOfPage":{"@id":"https:\/\/recambiosecogas.com\/it\/producto\/rail-de-inyeccion-3-cilindros-inyectores-individuales-acw-03-ac-stag\/#primaryimage"},"image":{"@id":"https:\/\/recambiosecogas.com\/it\/producto\/rail-de-inyeccion-3-cilindros-inyectores-individuales-acw-03-ac-stag\/#primaryimage"},"thumbnailUrl":"https:\/\/recambiosecogas.com\/wp-content\/uploads\/2024\/10\/3-1.webp","datePublished":"2024-12-23T14:31:46+00:00","dateModified":"2026-04-15T10:50:01+00:00","description":"ACW-03 ACW-03 RAIL DI INIEZIONE AC STAG Iniezione precisa ed efficiente per sistemi di gas GPL e CNG. ACQUISTA ONLINE, SPEDIZIONE DISPONIBILE","breadcrumb":{"@id":"https:\/\/recambiosecogas.com\/it\/producto\/rail-de-inyeccion-3-cilindros-inyectores-individuales-acw-03-ac-stag\/#breadcrumb"},"inLanguage":"it-IT","potentialAction":[{"@type":"ReadAction","target":["https:\/\/recambiosecogas.com\/it\/producto\/rail-de-inyeccion-3-cilindros-inyectores-individuales-acw-03-ac-stag\/"]}]},{"@type":"ImageObject","inLanguage":"it-IT","@id":"https:\/\/recambiosecogas.com\/it\/producto\/rail-de-inyeccion-3-cilindros-inyectores-individuales-acw-03-ac-stag\/#primaryimage","url":"https:\/\/recambiosecogas.com\/wp-content\/uploads\/2024\/10\/3-1.webp","contentUrl":"https:\/\/recambiosecogas.com\/wp-content\/uploads\/2024\/10\/3-1.webp","width":1080,"height":1080},{"@type":"BreadcrumbList","@id":"https:\/\/recambiosecogas.com\/it\/producto\/rail-de-inyeccion-3-cilindros-inyectores-individuales-acw-03-ac-stag\/#breadcrumb","itemListElement":[{"@type":"ListItem","position":1,"name":"Portada","item":"https:\/\/recambiosecogas.com\/it\/"},{"@type":"ListItem","position":2,"name":"Negozio","item":"https:\/\/recambiosecogas.com\/it\/?page_id=46382"},{"@type":"ListItem","position":3,"name":"Binario di iniezione 3 cilindri Iniettori singoli ACW-03 AC STAG"}]},{"@type":"WebSite","@id":"https:\/\/recambiosecogas.com\/it\/#website","url":"https:\/\/recambiosecogas.com\/it\/","name":"Recambios EcoGas","description":"Recambios Multimarca para sistemas de GLP\/GNC\/GNL\/Hidr\u00f3geno","publisher":{"@id":"https:\/\/recambiosecogas.com\/it\/#organization"},"alternateName":"Recambios Autogas GLP","potentialAction":[{"@type":"SearchAction","target":{"@type":"EntryPoint","urlTemplate":"https:\/\/recambiosecogas.com\/it\/?s={search_term_string}"},"query-input":{"@type":"PropertyValueSpecification","valueRequired":true,"valueName":"search_term_string"}}],"inLanguage":"it-IT"},{"@type":["Organization","Place"],"@id":"https:\/\/recambiosecogas.com\/it\/#organization","name":"Recambios EcoGas","alternateName":"Tienda Online GLP Espa\u00f1a","url":"https:\/\/recambiosecogas.com\/it\/","logo":{"@id":"https:\/\/recambiosecogas.com\/it\/producto\/rail-de-inyeccion-3-cilindros-inyectores-individuales-acw-03-ac-stag\/#local-main-organization-logo"},"image":{"@id":"https:\/\/recambiosecogas.com\/it\/producto\/rail-de-inyeccion-3-cilindros-inyectores-individuales-acw-03-ac-stag\/#local-main-organization-logo"},"sameAs":["https:\/\/www.facebook.com\/profile.php?id=100062419705358","https:\/\/www.instagram.com\/segimon_automocio"],"description":"Recambios EcoGas \u2013 Venta y distribuci\u00f3n de sistemas GLP y GNC en Espa\u00f1a y Portugal. Env\u00edos 24 h, soporte t\u00e9cnico a talleres y distribuidores.","hasMerchantReturnPolicy":{"@type":"MerchantReturnPolicy","merchantReturnLink":"https:\/\/recambiosecogas.com\/politicas-privacidad\/"},"address":{"@id":"https:\/\/recambiosecogas.com\/it\/producto\/rail-de-inyeccion-3-cilindros-inyectores-individuales-acw-03-ac-stag\/#local-main-place-address"},"telephone":["616250633"],"contactPoint":{"@type":"ContactPoint","email":"export@recambiosecogas.com"},"openingHoursSpecification":[{"@type":"OpeningHoursSpecification","dayOfWeek":["Monday","Tuesday","Wednesday","Thursday","Friday","Saturday","Sunday"],"opens":"09:00","closes":"17:00"}],"email":"info@recambiosecogas.com","faxNumber":"SEGIMON AUTOMOCION SL","vatID":"ESB19819861","globalLocationNumber":"938 616 339"},{"@type":"PostalAddress","@id":"https:\/\/recambiosecogas.com\/it\/producto\/rail-de-inyeccion-3-cilindros-inyectores-individuales-acw-03-ac-stag\/#local-main-place-address","streetAddress":"cami antic de vic, 29 (Nave 3), Pol\u00edgono Industrial Congost","addressLocality":"CORRO D`AVALL","postalCode":"08520","addressRegion":"Barcelona","addressCountry":"ES"},{"@type":"ImageObject","inLanguage":"it-IT","@id":"https:\/\/recambiosecogas.com\/it\/producto\/rail-de-inyeccion-3-cilindros-inyectores-individuales-acw-03-ac-stag\/#local-main-organization-logo","url":"https:\/\/recambiosecogas.com\/wp-content\/uploads\/2024\/11\/cropped-RECAMBIOS-GLP-png.webp","contentUrl":"https:\/\/recambiosecogas.com\/wp-content\/uploads\/2024\/11\/cropped-RECAMBIOS-GLP-png.webp","width":512,"height":512,"caption":"Recambios EcoGas"}]},"product_price_amount":"104.00","product_price_currency":"EUR","og_availability":"backorder","product_availability":"available for order","product_retailer_item_id":"3807","product_condition":"new","geo.placename":"CORRO D`AVALL","geo.region":"Spagna"},"uagb_featured_image_src":{"full":["https:\/\/recambiosecogas.com\/wp-content\/uploads\/2024\/10\/3-1.webp",1080,1080,false],"thumbnail":["https:\/\/recambiosecogas.com\/wp-content\/uploads\/2024\/10\/3-1-150x150.jpg",150,150,true],"medium":["https:\/\/recambiosecogas.com\/wp-content\/uploads\/2024\/10\/3-1-300x300.jpg",300,300,true],"medium_large":["https:\/\/recambiosecogas.com\/wp-content\/uploads\/2024\/10\/3-1-768x768.jpg",768,768,true],"large":["https:\/\/recambiosecogas.com\/wp-content\/uploads\/2024\/10\/3-1-1000x1000.jpg",1000,1000,true],"1536x1536":["https:\/\/recambiosecogas.com\/wp-content\/uploads\/2024\/10\/3-1.webp",1080,1080,false],"2048x2048":["https:\/\/recambiosecogas.com\/wp-content\/uploads\/2024\/10\/3-1.webp",1080,1080,false],"woocommerce_archive_thumbnail":["https:\/\/recambiosecogas.com\/wp-content\/uploads\/2024\/10\/3-1-1000x1000.webp",1000,1000,true],"woocommerce_thumbnail":["https:\/\/recambiosecogas.com\/wp-content\/uploads\/2024\/10\/3-1-300x300.webp",300,300,true],"woocommerce_single":["https:\/\/recambiosecogas.com\/wp-content\/uploads\/2024\/10\/3-1-1000x1000.webp",1000,1000,true],"woocommerce_gallery_thumbnail":["https:\/\/recambiosecogas.com\/wp-content\/uploads\/2024\/10\/3-1-1000x1000.webp",1000,1000,true],"dgwt-wcas-product-suggestion":["https:\/\/recambiosecogas.com\/wp-content\/uploads\/2024\/10\/3-1-64x64.webp",64,64,true]},"uagb_author_info":{"display_name":"Fran - Soporte T\u00e9cnico","author_link":"https:\/\/recambiosecogas.com\/it\/author\/"},"uagb_comment_info":0,"uagb_excerpt":"Binario di iniezione 3 cilindri Iniettori singoli ACW-03 AC STAG La rotaia ACW-03 AC STAG per iniezione a 3 cilindri \u00e8 una soluzione tecnica ad alta precisione per sistemi di iniezione di gas GPL e CNG. Progettata da AC STAG, un punto di riferimento nella tecnologia autogas, questa rotaia incorpora iniettori individuali ACW-03 che garantiscono&hellip;","_links":{"self":[{"href":"https:\/\/recambiosecogas.com\/it\/wp-json\/wp\/v2\/product\/48515","targetHints":{"allow":["GET"]}}],"collection":[{"href":"https:\/\/recambiosecogas.com\/it\/wp-json\/wp\/v2\/product"}],"about":[{"href":"https:\/\/recambiosecogas.com\/it\/wp-json\/wp\/v2\/types\/product"}],"replies":[{"embeddable":true,"href":"https:\/\/recambiosecogas.com\/it\/wp-json\/wp\/v2\/comments?post=48515"}],"wp:featuredmedia":[{"embeddable":true,"href":"https:\/\/recambiosecogas.com\/it\/wp-json\/wp\/v2\/media\/5566"}],"wp:attachment":[{"href":"https:\/\/recambiosecogas.com\/it\/wp-json\/wp\/v2\/media?parent=48515"}],"wp:term":[{"taxonomy":"product_brand","embeddable":true,"href":"https:\/\/recambiosecogas.com\/it\/wp-json\/wp\/v2\/product_brand?post=48515"},{"taxonomy":"product_cat","embeddable":true,"href":"https:\/\/recambiosecogas.com\/it\/wp-json\/wp\/v2\/product_cat?post=48515"},{"taxonomy":"product_tag","embeddable":true,"href":"https:\/\/recambiosecogas.com\/it\/wp-json\/wp\/v2\/product_tag?post=48515"}],"curies":[{"name":"wp","href":"https:\/\/api.w.org\/{rel}","templated":true}]}}