{"id":48510,"date":"2024-12-23T14:31:46","date_gmt":"2024-12-23T14:31:46","guid":{"rendered":"https:\/\/recambiosecogas.com\/producto\/inyector-individual-acw-03-ac-stag-unidad\/"},"modified":"2026-04-15T11:49:59","modified_gmt":"2026-04-15T10:49:59","slug":"inyector-individual-acw-03-ac-stag-unidad","status":"publish","type":"product","link":"https:\/\/recambiosecogas.com\/it\/producto\/inyector-individual-acw-03-ac-stag-unidad\/","title":{"rendered":"ACW-03 AC STAG Iniettore Singolo | GPL  GNC"},"content":{"rendered":"<h3 style=\"text-align: center;\" data-start=\"160\" data-end=\"208\">ACW-03 AC STAG Iniettore Singolo | GPL  GNC<\/h3>\n<p class=\"\" data-start=\"210\" data-end=\"606\">L&#8217;iniettore singolo <strong data-start=\"233\" data-end=\"251\">ACW-03 AC STAG<\/strong> \u00e8 una soluzione ad alta precisione per sistemi a gas GPL e GNC. Realizzato con tecnologia avanzata e materiali di alta qualit\u00e0, questo componente \u00e8 ideale per mantenere o aggiornare il sistema di iniezione con totale affidabilit\u00e0. Il suo design compatto consente una facile installazione e adattabilit\u00e0 a molteplici configurazioni, anche in spazi ristretti.  <\/p>\n<p class=\"\" data-start=\"608\" data-end=\"980\">Grazie alla sua robusta costruzione, l&#8217;iniettore <strong data-start=\"655\" data-end=\"665\">ACW-03<\/strong> garantisce una dosaggio esatta del gas, il che si traduce in combustione efficiente, riduzione delle emissioni inquinanti e un migliore utilizzo del carburante. Questo iniettore \u00e8 appositamente progettato per funzionare in condizioni impegnative, offrendo un funzionamento stabile e duraturo nel tempo. <\/p>\n<p class=\"\" data-start=\"982\" data-end=\"1308\">Questo modello \u00e8 compatibile con veicoli a 2, 3 o 4 cilindri dotati di sistemi di iniezione STAG e di altri marchi equivalenti. I veicoli compatibili includono marchi noti come Fiat, Audi, BMW, Ford, Mercedes-Benz, Peugeot, Renault, Volkswagen, Toyota, Nissan, Kia, Hyundai, tra molti altri. <\/p>\n<p class=\"\" data-start=\"1310\" data-end=\"1674\">Inoltre, l&#8217;iniettore AC STAG include una configurazione unica dei connettori, che consente un posizionamento variabile e un&#8217;integrazione fluida con sensori di temperatura e pressione. Il sistema consente l&#8217;orientamento su entrambi i lati, facilitando cos\u00ec l&#8217;installazione e la manutenzione. Senza dubbio, un&#8217;opzione affidabile per qualsiasi professionista o utente esperto del motore.  <\/p>\n<hr class=\"\" data-start=\"1676\" data-end=\"1679\">\n<h4>Caratteristiche tecniche<\/h4>\n<div class=\"pointer-events-none relative left-[50%]! flex w-[100cqw] translate-x-[-50%] justify-center *:pointer-events-auto\">\n<div class=\"tableContainer horzScrollShadows\">\n<table class=\"min-w-full\" data-start=\"1711\" data-end=\"2589\">\n<thead data-start=\"1711\" data-end=\"1790\">\n<tr data-start=\"1711\" data-end=\"1790\">\n<th data-start=\"1711\" data-end=\"1745\">Specifiche<\/th>\n<th data-start=\"1745\" data-end=\"1790\">Dettagli<\/th>\n<\/tr>\n<\/thead>\n<tbody data-start=\"1870\" data-end=\"2589\">\n<tr data-start=\"1870\" data-end=\"1949\">\n<td class=\"max-w-[calc(var(--thread-content-max-width)*2\/3)]\" data-start=\"1870\" data-end=\"1903\">Modello<\/td>\n<td class=\"max-w-[calc(var(--thread-content-max-width)*2\/3)]\" data-start=\"1903\" data-end=\"1949\">ACW-03<\/td>\n<\/tr>\n<tr data-start=\"1950\" data-end=\"2029\">\n<td class=\"max-w-[calc(var(--thread-content-max-width)*2\/3)]\" data-start=\"1950\" data-end=\"1983\">Tipo<\/td>\n<td class=\"max-w-[calc(var(--thread-content-max-width)*2\/3)]\" data-start=\"1983\" data-end=\"2029\">Iniettore singolo<\/td>\n<\/tr>\n<tr data-start=\"2030\" data-end=\"2109\">\n<td class=\"max-w-[calc(var(--thread-content-max-width)*2\/3)]\" data-start=\"2030\" data-end=\"2063\">Applicazione<\/td>\n<td class=\"max-w-[calc(var(--thread-content-max-width)*2\/3)]\" data-start=\"2063\" data-end=\"2109\">GPL \/ GNC<\/td>\n<\/tr>\n<tr data-start=\"2110\" data-end=\"2189\">\n<td class=\"max-w-[calc(var(--thread-content-max-width)*2\/3)]\" data-start=\"2110\" data-end=\"2143\">Compatibile con<\/td>\n<td class=\"max-w-[calc(var(--thread-content-max-width)*2\/3)]\" data-start=\"2143\" data-end=\"2189\">STAG, AC, Sistemi Universali<\/td>\n<\/tr>\n<tr data-start=\"2190\" data-end=\"2269\">\n<td class=\"max-w-[calc(var(--thread-content-max-width)*2\/3)]\" data-start=\"2190\" data-end=\"2223\">Connettore<\/td>\n<td class=\"max-w-[calc(var(--thread-content-max-width)*2\/3)]\" data-start=\"2223\" data-end=\"2269\">AMP \/ configurabile a 360\u00b0<\/td>\n<\/tr>\n<tr data-start=\"2270\" data-end=\"2349\">\n<td class=\"max-w-[calc(var(--thread-content-max-width)*2\/3)]\" data-start=\"2270\" data-end=\"2303\">Numero di cilindri<\/td>\n<td class=\"max-w-[calc(var(--thread-content-max-width)*2\/3)]\" data-start=\"2303\" data-end=\"2349\">Compatibile con motori a 2, 3 e 4 cilindri<\/td>\n<\/tr>\n<tr data-start=\"2350\" data-end=\"2429\">\n<td class=\"max-w-[calc(var(--thread-content-max-width)*2\/3)]\" data-start=\"2350\" data-end=\"2383\">Sensore incluso<\/td>\n<td class=\"max-w-[calc(var(--thread-content-max-width)*2\/3)]\" data-start=\"2383\" data-end=\"2429\">Sensore integrato di temperatura e pressione<\/td>\n<\/tr>\n<tr data-start=\"2430\" data-end=\"2509\">\n<td class=\"max-w-[calc(var(--thread-content-max-width)*2\/3)]\" data-start=\"2430\" data-end=\"2463\">Materiale<\/td>\n<td class=\"max-w-[calc(var(--thread-content-max-width)*2\/3)]\" data-start=\"2463\" data-end=\"2509\">Alta resistenza e precisione tecnica<\/td>\n<\/tr>\n<tr data-start=\"2510\" data-end=\"2589\">\n<td class=\"max-w-[calc(var(--thread-content-max-width)*2\/3)]\" data-start=\"2510\" data-end=\"2543\">Montaggio<\/td>\n<td class=\"max-w-[calc(var(--thread-content-max-width)*2\/3)]\" data-start=\"2543\" data-end=\"2589\">Posizionamento universale \/ flessibile<\/td>\n<\/tr>\n<\/tbody>\n<\/table>\n<p>ACW-03 AC STAG iniettore singolo per sistemi a GPL e CNG. Precisione, efficienza e compatibilit\u00e0 con veicoli a 2, 3 e 4 cilindri. Acquista online su EcoGas Spare Parts.  <\/p>\n<p><a href=\"https:\/\/recambiosecogas.com\/it\/categoria-producto\/inyectores-menu\/inyectores-rail\/\">Il nostro catalogo di iniettori.<\/a><\/p>\n<p><a href=\"https:\/\/segimonautomocio.com\/\">Cambia i tuoi iniettori nel nostro laboratorio specializzato.<\/a><\/p>\n<\/div>\n<\/div>\n","protected":false},"excerpt":{"rendered":"<p>Iniettore AC Stag W03: adattabile a qualsiasi motore, incluso il turbo. Prestazioni eccezionali, design preciso e leggero. Ottima dissipazione del calore. Versatile e stabile in varie condizioni. Parole chiave: iniettore, AC Stag W03, motore, turbo, prestazioni, progettazione, dissipazione del calore, stabilit\u00e0    <\/p>\n","protected":false},"featured_media":5568,"comment_status":"open","ping_status":"closed","template":"","meta":{"_uag_custom_page_level_css":""},"product_brand":[],"product_cat":[2365,2121,2122,2154],"product_tag":[],"class_list":{"0":"post-48510","1":"product","2":"type-product","3":"status-publish","4":"has-post-thumbnail","6":"product_cat-ac-stag","7":"product_cat-inyectores-menu","8":"product_cat-inyectores-rail","9":"product_cat-inyectores-individuales","11":"first","12":"onbackorder","13":"taxable","14":"shipping-taxable","15":"purchasable","16":"product-type-simple"},"ct_brands":[],"yoast_head":"<!-- This site is optimized with the Yoast SEO Premium plugin v27.5 (Yoast SEO v27.6) - https:\/\/yoast.com\/product\/yoast-seo-premium-wordpress\/ -->\n<title>ACW-03 AC STAG Iniettore Singolo | GPL GNC | Recambios EcoGas | Sistemas GLP y GNC<\/title>\n<meta name=\"description\" content=\"ACW-03 AC STAG INJECTOR compatibile con veicoli come Audi, BMW, Ford, Mercedes e altri. ACQUISTA ONLINE, SPEDIZIONE IN TUTTA EUROPA\" \/>\n<meta name=\"robots\" content=\"index, follow, max-snippet:-1, max-image-preview:large, max-video-preview:-1\" \/>\n<link rel=\"canonical\" href=\"https:\/\/recambiosecogas.com\/it\/producto\/inyector-individual-acw-03-ac-stag-unidad\/\" \/>\n<meta property=\"og:locale\" content=\"it_IT\" \/>\n<meta property=\"og:type\" content=\"article\" \/>\n<meta property=\"og:title\" content=\"ACW-03 AC STAG Iniettore Singolo | GPL GNC\" \/>\n<meta property=\"og:description\" content=\"ACW-03 AC STAG INJECTOR compatibile con veicoli come Audi, BMW, Ford, Mercedes e altri. ACQUISTA ONLINE, SPEDIZIONE IN TUTTA EUROPA\" \/>\n<meta property=\"og:url\" content=\"https:\/\/recambiosecogas.com\/it\/producto\/inyector-individual-acw-03-ac-stag-unidad\/\" \/>\n<meta property=\"og:site_name\" content=\"Recambios EcoGas\" \/>\n<meta property=\"article:publisher\" content=\"https:\/\/www.facebook.com\/profile.php?id=100062419705358\" \/>\n<meta property=\"article:modified_time\" content=\"2026-04-15T10:49:59+00:00\" \/>\n<meta property=\"og:image\" content=\"https:\/\/recambiosecogas.com\/wp-content\/uploads\/2024\/10\/4-1.webp\" \/>\n\t<meta property=\"og:image:width\" content=\"1080\" \/>\n\t<meta property=\"og:image:height\" content=\"1080\" \/>\n\t<meta property=\"og:image:type\" content=\"image\/jpeg\" \/>\n<meta name=\"twitter:card\" content=\"summary_large_image\" \/>\n<meta name=\"twitter:label1\" content=\"Prezzo\" \/>\n\t<meta name=\"twitter:data1\" content=\"40,00&nbsp;&euro; (Sin IVA: 33,06&nbsp;&euro;)\" \/>\n\t<meta name=\"twitter:label2\" content=\"Disponibilit\u00e0\" \/>\n\t<meta name=\"twitter:data2\" content=\"Su ordinazione\" \/>\n<script type=\"application\/ld+json\" class=\"yoast-schema-graph\">{\"@context\":\"https:\\\/\\\/schema.org\",\"@graph\":[{\"@type\":\"WebPage\",\"@id\":\"https:\\\/\\\/recambiosecogas.com\\\/it\\\/producto\\\/inyector-individual-acw-03-ac-stag-unidad\\\/\",\"url\":\"https:\\\/\\\/recambiosecogas.com\\\/it\\\/producto\\\/inyector-individual-acw-03-ac-stag-unidad\\\/\",\"name\":\"ACW-03 AC STAG Iniettore Singolo | GPL GNC | Recambios EcoGas | Sistemas GLP y GNC\",\"isPartOf\":{\"@id\":\"https:\\\/\\\/recambiosecogas.com\\\/it\\\/#website\"},\"primaryImageOfPage\":{\"@id\":\"https:\\\/\\\/recambiosecogas.com\\\/it\\\/producto\\\/inyector-individual-acw-03-ac-stag-unidad\\\/#primaryimage\"},\"image\":{\"@id\":\"https:\\\/\\\/recambiosecogas.com\\\/it\\\/producto\\\/inyector-individual-acw-03-ac-stag-unidad\\\/#primaryimage\"},\"thumbnailUrl\":\"https:\\\/\\\/recambiosecogas.com\\\/wp-content\\\/uploads\\\/2024\\\/10\\\/4-1.webp\",\"datePublished\":\"2024-12-23T14:31:46+00:00\",\"dateModified\":\"2026-04-15T10:49:59+00:00\",\"description\":\"ACW-03 AC STAG INJECTOR compatibile con veicoli come Audi, BMW, Ford, Mercedes e altri. ACQUISTA ONLINE, SPEDIZIONE IN TUTTA EUROPA\",\"breadcrumb\":{\"@id\":\"https:\\\/\\\/recambiosecogas.com\\\/it\\\/producto\\\/inyector-individual-acw-03-ac-stag-unidad\\\/#breadcrumb\"},\"inLanguage\":\"it-IT\",\"potentialAction\":[{\"@type\":\"ReadAction\",\"target\":[\"https:\\\/\\\/recambiosecogas.com\\\/it\\\/producto\\\/inyector-individual-acw-03-ac-stag-unidad\\\/\"]}]},{\"@type\":\"ImageObject\",\"inLanguage\":\"it-IT\",\"@id\":\"https:\\\/\\\/recambiosecogas.com\\\/it\\\/producto\\\/inyector-individual-acw-03-ac-stag-unidad\\\/#primaryimage\",\"url\":\"https:\\\/\\\/recambiosecogas.com\\\/wp-content\\\/uploads\\\/2024\\\/10\\\/4-1.webp\",\"contentUrl\":\"https:\\\/\\\/recambiosecogas.com\\\/wp-content\\\/uploads\\\/2024\\\/10\\\/4-1.webp\",\"width\":1080,\"height\":1080},{\"@type\":\"BreadcrumbList\",\"@id\":\"https:\\\/\\\/recambiosecogas.com\\\/it\\\/producto\\\/inyector-individual-acw-03-ac-stag-unidad\\\/#breadcrumb\",\"itemListElement\":[{\"@type\":\"ListItem\",\"position\":1,\"name\":\"Portada\",\"item\":\"https:\\\/\\\/recambiosecogas.com\\\/it\\\/\"},{\"@type\":\"ListItem\",\"position\":2,\"name\":\"Negozio\",\"item\":\"https:\\\/\\\/recambiosecogas.com\\\/it\\\/?page_id=46382\"},{\"@type\":\"ListItem\",\"position\":3,\"name\":\"ACW-03 AC STAG Iniettore Singolo | GPL GNC\"}]},{\"@type\":\"WebSite\",\"@id\":\"https:\\\/\\\/recambiosecogas.com\\\/it\\\/#website\",\"url\":\"https:\\\/\\\/recambiosecogas.com\\\/it\\\/\",\"name\":\"Recambios EcoGas\",\"description\":\"Recambios Multimarca para sistemas de GLP\\\/GNC\\\/GNL\\\/Hidr\u00f3geno\",\"publisher\":{\"@id\":\"https:\\\/\\\/recambiosecogas.com\\\/it\\\/#organization\"},\"alternateName\":\"Recambios Autogas GLP\",\"potentialAction\":[{\"@type\":\"SearchAction\",\"target\":{\"@type\":\"EntryPoint\",\"urlTemplate\":\"https:\\\/\\\/recambiosecogas.com\\\/it\\\/?s={search_term_string}\"},\"query-input\":{\"@type\":\"PropertyValueSpecification\",\"valueRequired\":true,\"valueName\":\"search_term_string\"}}],\"inLanguage\":\"it-IT\"},{\"@type\":[\"Organization\",\"Place\"],\"@id\":\"https:\\\/\\\/recambiosecogas.com\\\/it\\\/#organization\",\"name\":\"Recambios EcoGas\",\"alternateName\":\"Tienda Online GLP Espa\u00f1a\",\"url\":\"https:\\\/\\\/recambiosecogas.com\\\/it\\\/\",\"logo\":{\"@id\":\"https:\\\/\\\/recambiosecogas.com\\\/it\\\/producto\\\/inyector-individual-acw-03-ac-stag-unidad\\\/#local-main-organization-logo\"},\"image\":{\"@id\":\"https:\\\/\\\/recambiosecogas.com\\\/it\\\/producto\\\/inyector-individual-acw-03-ac-stag-unidad\\\/#local-main-organization-logo\"},\"sameAs\":[\"https:\\\/\\\/www.facebook.com\\\/profile.php?id=100062419705358\",\"https:\\\/\\\/www.instagram.com\\\/segimon_automocio\"],\"description\":\"Recambios EcoGas \u2013 Venta y distribuci\u00f3n de sistemas GLP y GNC en Espa\u00f1a y Portugal. Env\u00edos 24 h, soporte t\u00e9cnico a talleres y distribuidores.\",\"hasMerchantReturnPolicy\":{\"@type\":\"MerchantReturnPolicy\",\"merchantReturnLink\":\"https:\\\/\\\/recambiosecogas.com\\\/politicas-privacidad\\\/\"},\"address\":{\"@id\":\"https:\\\/\\\/recambiosecogas.com\\\/it\\\/producto\\\/inyector-individual-acw-03-ac-stag-unidad\\\/#local-main-place-address\"},\"telephone\":[\"616250633\"],\"contactPoint\":{\"@type\":\"ContactPoint\",\"email\":\"export@recambiosecogas.com\"},\"openingHoursSpecification\":[{\"@type\":\"OpeningHoursSpecification\",\"dayOfWeek\":[\"Monday\",\"Tuesday\",\"Wednesday\",\"Thursday\",\"Friday\",\"Saturday\",\"Sunday\"],\"opens\":\"09:00\",\"closes\":\"17:00\"}],\"email\":\"info@recambiosecogas.com\",\"faxNumber\":\"SEGIMON AUTOMOCION SL\",\"vatID\":\"ESB19819861\",\"globalLocationNumber\":\"938 616 339\"},{\"@type\":\"PostalAddress\",\"@id\":\"https:\\\/\\\/recambiosecogas.com\\\/it\\\/producto\\\/inyector-individual-acw-03-ac-stag-unidad\\\/#local-main-place-address\",\"streetAddress\":\"cami antic de vic, 29 (Nave 3), Pol\u00edgono Industrial Congost\",\"addressLocality\":\"CORRO D`AVALL\",\"postalCode\":\"08520\",\"addressRegion\":\"Barcelona\",\"addressCountry\":\"ES\"},{\"@type\":\"ImageObject\",\"inLanguage\":\"it-IT\",\"@id\":\"https:\\\/\\\/recambiosecogas.com\\\/it\\\/producto\\\/inyector-individual-acw-03-ac-stag-unidad\\\/#local-main-organization-logo\",\"url\":\"https:\\\/\\\/recambiosecogas.com\\\/wp-content\\\/uploads\\\/2024\\\/11\\\/cropped-RECAMBIOS-GLP-png.webp\",\"contentUrl\":\"https:\\\/\\\/recambiosecogas.com\\\/wp-content\\\/uploads\\\/2024\\\/11\\\/cropped-RECAMBIOS-GLP-png.webp\",\"width\":512,\"height\":512,\"caption\":\"Recambios EcoGas\"}]}<\/script>\n<meta property=\"product:price:amount\" content=\"40.00\" \/>\n<meta property=\"product:price:currency\" content=\"EUR\" \/>\n<meta property=\"og:availability\" content=\"backorder\" \/>\n<meta property=\"product:availability\" content=\"available for order\" \/>\n<meta property=\"product:condition\" content=\"new\" \/>\n<meta name=\"geo.placename\" content=\"CORRO D`AVALL\" \/>\n<meta name=\"geo.region\" content=\"Spagna\" \/>\n<!-- \/ Yoast SEO Premium plugin. -->","yoast_head_json":{"title":"ACW-03 AC STAG Iniettore Singolo | GPL GNC | Recambios EcoGas | Sistemas GLP y GNC","description":"ACW-03 AC STAG INJECTOR compatibile con veicoli come Audi, BMW, Ford, Mercedes e altri. ACQUISTA ONLINE, SPEDIZIONE IN TUTTA EUROPA","robots":{"index":"index","follow":"follow","max-snippet":"max-snippet:-1","max-image-preview":"max-image-preview:large","max-video-preview":"max-video-preview:-1"},"canonical":"https:\/\/recambiosecogas.com\/it\/producto\/inyector-individual-acw-03-ac-stag-unidad\/","og_locale":"it_IT","og_type":"article","og_title":"ACW-03 AC STAG Iniettore Singolo | GPL GNC","og_description":"ACW-03 AC STAG INJECTOR compatibile con veicoli come Audi, BMW, Ford, Mercedes e altri. ACQUISTA ONLINE, SPEDIZIONE IN TUTTA EUROPA","og_url":"https:\/\/recambiosecogas.com\/it\/producto\/inyector-individual-acw-03-ac-stag-unidad\/","og_site_name":"Recambios EcoGas","article_publisher":"https:\/\/www.facebook.com\/profile.php?id=100062419705358","article_modified_time":"2026-04-15T10:49:59+00:00","og_image":[{"width":1080,"height":1080,"url":"https:\/\/recambiosecogas.com\/wp-content\/uploads\/2024\/10\/4-1.webp","type":"image\/jpeg"}],"twitter_card":"summary_large_image","twitter_misc":{"Prezzo":"40,00&nbsp;&euro; (Sin IVA: 33,06&nbsp;&euro;)","Disponibilit\u00e0":"Su ordinazione"},"schema":{"@context":"https:\/\/schema.org","@graph":[{"@type":"WebPage","@id":"https:\/\/recambiosecogas.com\/it\/producto\/inyector-individual-acw-03-ac-stag-unidad\/","url":"https:\/\/recambiosecogas.com\/it\/producto\/inyector-individual-acw-03-ac-stag-unidad\/","name":"ACW-03 AC STAG Iniettore Singolo | GPL GNC | Recambios EcoGas | Sistemas GLP y GNC","isPartOf":{"@id":"https:\/\/recambiosecogas.com\/it\/#website"},"primaryImageOfPage":{"@id":"https:\/\/recambiosecogas.com\/it\/producto\/inyector-individual-acw-03-ac-stag-unidad\/#primaryimage"},"image":{"@id":"https:\/\/recambiosecogas.com\/it\/producto\/inyector-individual-acw-03-ac-stag-unidad\/#primaryimage"},"thumbnailUrl":"https:\/\/recambiosecogas.com\/wp-content\/uploads\/2024\/10\/4-1.webp","datePublished":"2024-12-23T14:31:46+00:00","dateModified":"2026-04-15T10:49:59+00:00","description":"ACW-03 AC STAG INJECTOR compatibile con veicoli come Audi, BMW, Ford, Mercedes e altri. ACQUISTA ONLINE, SPEDIZIONE IN TUTTA EUROPA","breadcrumb":{"@id":"https:\/\/recambiosecogas.com\/it\/producto\/inyector-individual-acw-03-ac-stag-unidad\/#breadcrumb"},"inLanguage":"it-IT","potentialAction":[{"@type":"ReadAction","target":["https:\/\/recambiosecogas.com\/it\/producto\/inyector-individual-acw-03-ac-stag-unidad\/"]}]},{"@type":"ImageObject","inLanguage":"it-IT","@id":"https:\/\/recambiosecogas.com\/it\/producto\/inyector-individual-acw-03-ac-stag-unidad\/#primaryimage","url":"https:\/\/recambiosecogas.com\/wp-content\/uploads\/2024\/10\/4-1.webp","contentUrl":"https:\/\/recambiosecogas.com\/wp-content\/uploads\/2024\/10\/4-1.webp","width":1080,"height":1080},{"@type":"BreadcrumbList","@id":"https:\/\/recambiosecogas.com\/it\/producto\/inyector-individual-acw-03-ac-stag-unidad\/#breadcrumb","itemListElement":[{"@type":"ListItem","position":1,"name":"Portada","item":"https:\/\/recambiosecogas.com\/it\/"},{"@type":"ListItem","position":2,"name":"Negozio","item":"https:\/\/recambiosecogas.com\/it\/?page_id=46382"},{"@type":"ListItem","position":3,"name":"ACW-03 AC STAG Iniettore Singolo | GPL GNC"}]},{"@type":"WebSite","@id":"https:\/\/recambiosecogas.com\/it\/#website","url":"https:\/\/recambiosecogas.com\/it\/","name":"Recambios EcoGas","description":"Recambios Multimarca para sistemas de GLP\/GNC\/GNL\/Hidr\u00f3geno","publisher":{"@id":"https:\/\/recambiosecogas.com\/it\/#organization"},"alternateName":"Recambios Autogas GLP","potentialAction":[{"@type":"SearchAction","target":{"@type":"EntryPoint","urlTemplate":"https:\/\/recambiosecogas.com\/it\/?s={search_term_string}"},"query-input":{"@type":"PropertyValueSpecification","valueRequired":true,"valueName":"search_term_string"}}],"inLanguage":"it-IT"},{"@type":["Organization","Place"],"@id":"https:\/\/recambiosecogas.com\/it\/#organization","name":"Recambios EcoGas","alternateName":"Tienda Online GLP Espa\u00f1a","url":"https:\/\/recambiosecogas.com\/it\/","logo":{"@id":"https:\/\/recambiosecogas.com\/it\/producto\/inyector-individual-acw-03-ac-stag-unidad\/#local-main-organization-logo"},"image":{"@id":"https:\/\/recambiosecogas.com\/it\/producto\/inyector-individual-acw-03-ac-stag-unidad\/#local-main-organization-logo"},"sameAs":["https:\/\/www.facebook.com\/profile.php?id=100062419705358","https:\/\/www.instagram.com\/segimon_automocio"],"description":"Recambios EcoGas \u2013 Venta y distribuci\u00f3n de sistemas GLP y GNC en Espa\u00f1a y Portugal. Env\u00edos 24 h, soporte t\u00e9cnico a talleres y distribuidores.","hasMerchantReturnPolicy":{"@type":"MerchantReturnPolicy","merchantReturnLink":"https:\/\/recambiosecogas.com\/politicas-privacidad\/"},"address":{"@id":"https:\/\/recambiosecogas.com\/it\/producto\/inyector-individual-acw-03-ac-stag-unidad\/#local-main-place-address"},"telephone":["616250633"],"contactPoint":{"@type":"ContactPoint","email":"export@recambiosecogas.com"},"openingHoursSpecification":[{"@type":"OpeningHoursSpecification","dayOfWeek":["Monday","Tuesday","Wednesday","Thursday","Friday","Saturday","Sunday"],"opens":"09:00","closes":"17:00"}],"email":"info@recambiosecogas.com","faxNumber":"SEGIMON AUTOMOCION SL","vatID":"ESB19819861","globalLocationNumber":"938 616 339"},{"@type":"PostalAddress","@id":"https:\/\/recambiosecogas.com\/it\/producto\/inyector-individual-acw-03-ac-stag-unidad\/#local-main-place-address","streetAddress":"cami antic de vic, 29 (Nave 3), Pol\u00edgono Industrial Congost","addressLocality":"CORRO D`AVALL","postalCode":"08520","addressRegion":"Barcelona","addressCountry":"ES"},{"@type":"ImageObject","inLanguage":"it-IT","@id":"https:\/\/recambiosecogas.com\/it\/producto\/inyector-individual-acw-03-ac-stag-unidad\/#local-main-organization-logo","url":"https:\/\/recambiosecogas.com\/wp-content\/uploads\/2024\/11\/cropped-RECAMBIOS-GLP-png.webp","contentUrl":"https:\/\/recambiosecogas.com\/wp-content\/uploads\/2024\/11\/cropped-RECAMBIOS-GLP-png.webp","width":512,"height":512,"caption":"Recambios EcoGas"}]},"product_price_amount":"40.00","product_price_currency":"EUR","og_availability":"backorder","product_availability":"available for order","product_condition":"new","geo.placename":"CORRO D`AVALL","geo.region":"Spagna"},"uagb_featured_image_src":{"full":["https:\/\/recambiosecogas.com\/wp-content\/uploads\/2024\/10\/4-1.webp",1080,1080,false],"thumbnail":["https:\/\/recambiosecogas.com\/wp-content\/uploads\/2024\/10\/4-1-150x150.jpg",150,150,true],"medium":["https:\/\/recambiosecogas.com\/wp-content\/uploads\/2024\/10\/4-1-300x300.jpg",300,300,true],"medium_large":["https:\/\/recambiosecogas.com\/wp-content\/uploads\/2024\/10\/4-1-768x768.jpg",768,768,true],"large":["https:\/\/recambiosecogas.com\/wp-content\/uploads\/2024\/10\/4-1-1000x1000.jpg",1000,1000,true],"1536x1536":["https:\/\/recambiosecogas.com\/wp-content\/uploads\/2024\/10\/4-1.webp",1080,1080,false],"2048x2048":["https:\/\/recambiosecogas.com\/wp-content\/uploads\/2024\/10\/4-1.webp",1080,1080,false],"woocommerce_archive_thumbnail":["https:\/\/recambiosecogas.com\/wp-content\/uploads\/2024\/10\/4-1-1000x1000.webp",1000,1000,true],"woocommerce_thumbnail":["https:\/\/recambiosecogas.com\/wp-content\/uploads\/2024\/10\/4-1-300x300.webp",300,300,true],"woocommerce_single":["https:\/\/recambiosecogas.com\/wp-content\/uploads\/2024\/10\/4-1-1000x1000.webp",1000,1000,true],"woocommerce_gallery_thumbnail":["https:\/\/recambiosecogas.com\/wp-content\/uploads\/2024\/10\/4-1-1000x1000.webp",1000,1000,true],"dgwt-wcas-product-suggestion":["https:\/\/recambiosecogas.com\/wp-content\/uploads\/2024\/10\/4-1-64x64.webp",64,64,true]},"uagb_author_info":{"display_name":"Fran - Soporte T\u00e9cnico","author_link":"https:\/\/recambiosecogas.com\/it\/author\/"},"uagb_comment_info":0,"uagb_excerpt":"Iniettore AC Stag W03: adattabile a qualsiasi motore, incluso il turbo. Prestazioni eccezionali, design preciso e leggero. Ottima dissipazione del calore. Versatile e stabile in varie condizioni. Parole chiave: iniettore, AC Stag W03, motore, turbo, prestazioni, progettazione, dissipazione del calore, stabilit\u00e0","_links":{"self":[{"href":"https:\/\/recambiosecogas.com\/it\/wp-json\/wp\/v2\/product\/48510","targetHints":{"allow":["GET"]}}],"collection":[{"href":"https:\/\/recambiosecogas.com\/it\/wp-json\/wp\/v2\/product"}],"about":[{"href":"https:\/\/recambiosecogas.com\/it\/wp-json\/wp\/v2\/types\/product"}],"replies":[{"embeddable":true,"href":"https:\/\/recambiosecogas.com\/it\/wp-json\/wp\/v2\/comments?post=48510"}],"wp:featuredmedia":[{"embeddable":true,"href":"https:\/\/recambiosecogas.com\/it\/wp-json\/wp\/v2\/media\/5568"}],"wp:attachment":[{"href":"https:\/\/recambiosecogas.com\/it\/wp-json\/wp\/v2\/media?parent=48510"}],"wp:term":[{"taxonomy":"product_brand","embeddable":true,"href":"https:\/\/recambiosecogas.com\/it\/wp-json\/wp\/v2\/product_brand?post=48510"},{"taxonomy":"product_cat","embeddable":true,"href":"https:\/\/recambiosecogas.com\/it\/wp-json\/wp\/v2\/product_cat?post=48510"},{"taxonomy":"product_tag","embeddable":true,"href":"https:\/\/recambiosecogas.com\/it\/wp-json\/wp\/v2\/product_tag?post=48510"}],"curies":[{"name":"wp","href":"https:\/\/api.w.org\/{rel}","templated":true}]}}