{"id":48495,"date":"2024-12-23T14:31:45","date_gmt":"2024-12-23T14:31:45","guid":{"rendered":"https:\/\/recambiosecogas.com\/producto\/rail-de-inyeccion-3-cyl-hana-h2000-a-europegas-inyectores-incorporados\/"},"modified":"2026-04-15T11:49:50","modified_gmt":"2026-04-15T10:49:50","slug":"rail-de-inyeccion-3-cyl-hana-h2000-a-europegas-inyectores-incorporados","status":"publish","type":"product","link":"https:\/\/recambiosecogas.com\/it\/producto\/rail-de-inyeccion-3-cyl-hana-h2000-a-europegas-inyectores-incorporados\/","title":{"rendered":"ROTAIA DI INIEZIONE 3 CYL HANA H2000 A+ EUROPEGAS (INIETTORI INTEGRATI)"},"content":{"rendered":"<h1 data-start=\"134\" data-end=\"204\">Binario di iniezione HANA H2000 A+ a 3 cilindri con iniettori Europegas<\/h1>\n<p data-start=\"206\" data-end=\"540\">La <strong data-start=\"209\" data-end=\"259\">rotaia di iniezione HANA H2000 A+ a 3 cilindri<\/strong> con iniettori integrati \u00e8 un insieme ad alte prestazioni progettato per sistemi di iniezione <strong data-start=\"359\" data-end=\"366\">a GPL<\/strong> in motori a tre cilindri. Distribuito da <strong data-start=\"413\" data-end=\"426\">Europegas<\/strong>, questo binario integra iniettori HANA riconosciuti per la loro precisione, rapidit\u00e0 di risposta e affidabilit\u00e0 a lungo termine. <\/p>\n<p data-start=\"542\" data-end=\"709\">Grazie al suo design ottimizzato, questo insieme consente una distribuzione uniforme del gas, migliorando l&#8217;efficienza del motore e contribuendo a una combustione pi\u00f9 pulita.<\/p>\n<h2 data-start=\"711\" data-end=\"769\">Railla di iniezione HANA per sistemi a 3 cilindri a GPL<\/h2>\n<p data-start=\"771\" data-end=\"1065\">Questa rotaia di iniezione \u00e8 preparata per sistemi di iniezione sequenziale, assicurando che ogni cilindro riceva la quantit\u00e0 esatta di GPL in ogni ciclo di esercizio. Di conseguenza, le prestazioni stabili del motore e una risposta fluida sono mantenute in tutte le condizioni di guida. <\/p>\n<p data-start=\"1067\" data-end=\"1204\">Inoltre, includendo gli iniettori gi\u00e0 assemblati, l&#8217;installazione \u00e8 semplificata e garantisce la piena compatibilit\u00e0 tra i componenti.<\/p>\n<h2 data-start=\"1206\" data-end=\"1255\">Precisione dell&#8217;iniezione e funzionamento affidabile<\/h2>\n<p data-start=\"1257\" data-end=\"1475\">La rotaia HANA H2000 A+ per 3 cilindri impressiona per la sua stabilit\u00e0 anche in caso di improvvisi variazioni di carico o temperatura. Questo riduce l&#8217;usura del sistema a gas e prolunga la vita operativa dei componenti. <\/p>\n<p data-start=\"1477\" data-end=\"1627\">Inoltre, la sua struttura robusta lo rende una soluzione adatta sia per nuove conversioni che per sostituzioni nei sistemi esistenti.<\/p>\n<h3 data-start=\"1629\" data-end=\"1660\">Caratteristiche principali<\/h3>\n<ul data-start=\"1661\" data-end=\"1903\">\n<li data-start=\"1661\" data-end=\"1699\">\n<p data-start=\"1663\" data-end=\"1699\">Rail di iniezione per 3 cilindri<\/p>\n<\/li>\n<li data-start=\"1700\" data-end=\"1741\">\n<p data-start=\"1702\" data-end=\"1741\">Iniettori HANA H2000 A+ integrati<\/p>\n<\/li>\n<li data-start=\"1742\" data-end=\"1773\">\n<p data-start=\"1744\" data-end=\"1773\">Compatibile con i sistemi a GPL<\/p>\n<\/li>\n<li data-start=\"1774\" data-end=\"1817\">\n<p data-start=\"1776\" data-end=\"1817\">Distribuzione precisa e uniforme del gas<\/p>\n<\/li>\n<li data-start=\"1818\" data-end=\"1853\">\n<p data-start=\"1820\" data-end=\"1853\">Funzionamento stabile e affidabile<\/p>\n<\/li>\n<li data-start=\"1854\" data-end=\"1903\">\n<p data-start=\"1856\" data-end=\"1903\">Installazione semplice in sistemi sequenziali<\/p>\n<\/li>\n<\/ul>\n<h3 data-start=\"1905\" data-end=\"1934\">Specifiche tecniche<\/h3>\n<div class=\"TyagGW_tableContainer\">\n<div class=\"group TyagGW_tableWrapper flex flex-col-reverse w-fit\" tabindex=\"-1\">\n<table class=\"w-fit min-w-(--thread-content-width)\" data-start=\"1936\" data-end=\"2255\">\n<thead data-start=\"1936\" data-end=\"1964\">\n<tr data-start=\"1936\" data-end=\"1964\">\n<th data-start=\"1936\" data-end=\"1953\" data-col-size=\"sm\">Caratteristiche<\/th>\n<th data-start=\"1953\" data-end=\"1964\" data-col-size=\"sm\">Dettagli<\/th>\n<\/tr>\n<\/thead>\n<tbody data-start=\"1992\" data-end=\"2255\">\n<tr data-start=\"1992\" data-end=\"2031\">\n<td data-start=\"1992\" data-end=\"2003\" data-col-size=\"sm\">Prodotto<\/td>\n<td data-start=\"2003\" data-end=\"2031\" data-col-size=\"sm\">Guida di iniezione di gas<\/td>\n<\/tr>\n<tr data-start=\"2032\" data-end=\"2048\">\n<td data-start=\"2032\" data-end=\"2040\" data-col-size=\"sm\">Marchio<\/td>\n<td data-start=\"2040\" data-end=\"2048\" data-col-size=\"sm\">HANA<\/td>\n<\/tr>\n<tr data-start=\"2049\" data-end=\"2077\">\n<td data-start=\"2049\" data-end=\"2064\" data-col-size=\"sm\">Distribuzione<\/td>\n<td data-start=\"2064\" data-end=\"2077\" data-col-size=\"sm\">Europegas<\/td>\n<\/tr>\n<tr data-start=\"2078\" data-end=\"2099\">\n<td data-start=\"2078\" data-end=\"2087\" data-col-size=\"sm\">Modello<\/td>\n<td data-start=\"2087\" data-end=\"2099\" data-col-size=\"sm\">H2000 A+<\/td>\n<\/tr>\n<tr data-start=\"2100\" data-end=\"2123\">\n<td data-start=\"2100\" data-end=\"2118\" data-col-size=\"sm\">N. di cilindri<\/td>\n<td data-start=\"2118\" data-end=\"2123\" data-col-size=\"sm\">3<\/td>\n<\/tr>\n<tr data-start=\"2124\" data-end=\"2153\">\n<td data-start=\"2124\" data-end=\"2147\" data-col-size=\"sm\">Iniettori inclusi<\/td>\n<td data-start=\"2147\" data-end=\"2153\" data-col-size=\"sm\">S\u00ec<\/td>\n<\/tr>\n<tr data-start=\"2154\" data-end=\"2175\">\n<td data-start=\"2154\" data-end=\"2168\" data-col-size=\"sm\">Carburante<\/td>\n<td data-start=\"2168\" data-end=\"2175\" data-col-size=\"sm\">GPL<\/td>\n<\/tr>\n<tr data-start=\"2176\" data-end=\"2218\">\nTipo <\/p>\n<td data-start=\"2176\" data-end=\"2194\" data-col-size=\"sm\">di sistema<\/td>\n<td data-start=\"2194\" data-end=\"2218\" data-col-size=\"sm\">Iniezione sequenziale<\/td>\n<\/tr>\n<tr data-start=\"2219\" data-end=\"2255\">\n<td data-start=\"2219\" data-end=\"2232\" data-col-size=\"sm\">Applicazione<\/td>\n<td data-start=\"2232\" data-end=\"2255\" data-col-size=\"sm\">Sistemi a gas GPL<\/td>\n<\/tr>\n<\/tbody>\n<\/table>\n<\/div>\n<\/div>\n<h3 data-start=\"2257\" data-end=\"2275\">Compatibilit\u00e0<\/h3>\n<ul data-start=\"2276\" data-end=\"2370\">\n<li data-start=\"2276\" data-end=\"2320\">\n<p data-start=\"2278\" data-end=\"2320\">Sistemi di iniezione a 3 cilindri di GPL<\/p>\n<\/li>\n<li data-start=\"2321\" data-end=\"2370\">\n<p data-start=\"2323\" data-end=\"2370\">Installazioni con tecnologia HANA \/ Europegas<\/p>\n<\/li>\n<\/ul>\n","protected":false},"excerpt":{"rendered":"<p data-start=\"2394\" data-end=\"2533\">Railla iniezione HANA H2000 A+ per 3 cilindri con iniettori integrati, ideale per sistemi a GPL che richiedono precisione e affidabilit\u00e0.<\/p>\n<h3 data-start=\"2535\" data-end=\"2542\"><\/h3>\n","protected":false},"featured_media":5564,"comment_status":"open","ping_status":"closed","template":"","meta":{"_uag_custom_page_level_css":""},"product_brand":[],"product_cat":[2391,2121,2122,2124],"product_tag":[],"class_list":{"0":"post-48495","1":"product","2":"type-product","3":"status-publish","4":"has-post-thumbnail","6":"product_cat-europegas","7":"product_cat-inyectores-menu","8":"product_cat-inyectores-rail","9":"product_cat-rail-riel-rampa-inyectora","11":"first","12":"onbackorder","13":"taxable","14":"shipping-taxable","15":"purchasable","16":"product-type-simple"},"ct_brands":[],"yoast_head":"<!-- This site is optimized with the Yoast SEO Premium plugin v27.5 (Yoast SEO v27.5) - https:\/\/yoast.com\/product\/yoast-seo-premium-wordpress\/ -->\n<title>HANA H2000 A+ 3 cilindri rotaia di iniezione LPG %sepsitename%%<\/title>\n<meta name=\"description\" content=\"Guida di iniezione HANA H2000 A+ a 3 cilindri con iniettori integrati per sistemi a GPL. Distribuzione precisa e alte prestazioni.\" \/>\n<meta name=\"robots\" content=\"index, follow, max-snippet:-1, max-image-preview:large, max-video-preview:-1\" \/>\n<link rel=\"canonical\" href=\"https:\/\/recambiosecogas.com\/it\/producto\/rail-de-inyeccion-3-cyl-hana-h2000-a-europegas-inyectores-incorporados\/\" \/>\n<meta property=\"og:locale\" content=\"it_IT\" \/>\n<meta property=\"og:type\" content=\"article\" \/>\n<meta property=\"og:title\" content=\"ROTAIA DI INIEZIONE 3 CYL HANA H2000 A+ EUROPEGAS (INIETTORI INTEGRATI)\" \/>\n<meta property=\"og:description\" content=\"Guida di iniezione HANA H2000 A+ a 3 cilindri con iniettori integrati per sistemi a GPL. Distribuzione precisa e alte prestazioni.\" \/>\n<meta property=\"og:url\" content=\"https:\/\/recambiosecogas.com\/it\/producto\/rail-de-inyeccion-3-cyl-hana-h2000-a-europegas-inyectores-incorporados\/\" \/>\n<meta property=\"og:site_name\" content=\"Recambios EcoGas\" \/>\n<meta property=\"article:publisher\" content=\"https:\/\/www.facebook.com\/profile.php?id=100062419705358\" \/>\n<meta property=\"article:modified_time\" content=\"2026-04-15T10:49:50+00:00\" \/>\n<meta property=\"og:image\" content=\"https:\/\/recambiosecogas.com\/wp-content\/uploads\/2024\/10\/2-1.webp\" \/>\n\t<meta property=\"og:image:width\" content=\"1080\" \/>\n\t<meta property=\"og:image:height\" content=\"1080\" \/>\n\t<meta property=\"og:image:type\" content=\"image\/jpeg\" \/>\n<meta name=\"twitter:card\" content=\"summary_large_image\" \/>\n<meta name=\"twitter:label1\" content=\"Prezzo\" \/>\n\t<meta name=\"twitter:data1\" content=\"170,67&nbsp;&euro; (Sin IVA: 141,05&nbsp;&euro;)\" \/>\n\t<meta name=\"twitter:label2\" content=\"Disponibilit\u00e0\" \/>\n\t<meta name=\"twitter:data2\" content=\"Su ordinazione\" \/>\n<script type=\"application\/ld+json\" class=\"yoast-schema-graph\">{\"@context\":\"https:\\\/\\\/schema.org\",\"@graph\":[{\"@type\":\"WebPage\",\"@id\":\"https:\\\/\\\/recambiosecogas.com\\\/it\\\/producto\\\/rail-de-inyeccion-3-cyl-hana-h2000-a-europegas-inyectores-incorporados\\\/\",\"url\":\"https:\\\/\\\/recambiosecogas.com\\\/it\\\/producto\\\/rail-de-inyeccion-3-cyl-hana-h2000-a-europegas-inyectores-incorporados\\\/\",\"name\":\"HANA H2000 A+ 3 cilindri rotaia di iniezione LPG %sepsitename%%\",\"isPartOf\":{\"@id\":\"https:\\\/\\\/recambiosecogas.com\\\/it\\\/#website\"},\"primaryImageOfPage\":{\"@id\":\"https:\\\/\\\/recambiosecogas.com\\\/it\\\/producto\\\/rail-de-inyeccion-3-cyl-hana-h2000-a-europegas-inyectores-incorporados\\\/#primaryimage\"},\"image\":{\"@id\":\"https:\\\/\\\/recambiosecogas.com\\\/it\\\/producto\\\/rail-de-inyeccion-3-cyl-hana-h2000-a-europegas-inyectores-incorporados\\\/#primaryimage\"},\"thumbnailUrl\":\"https:\\\/\\\/recambiosecogas.com\\\/wp-content\\\/uploads\\\/2024\\\/10\\\/2-1.webp\",\"datePublished\":\"2024-12-23T14:31:45+00:00\",\"dateModified\":\"2026-04-15T10:49:50+00:00\",\"description\":\"Guida di iniezione HANA H2000 A+ a 3 cilindri con iniettori integrati per sistemi a GPL. Distribuzione precisa e alte prestazioni.\",\"breadcrumb\":{\"@id\":\"https:\\\/\\\/recambiosecogas.com\\\/it\\\/producto\\\/rail-de-inyeccion-3-cyl-hana-h2000-a-europegas-inyectores-incorporados\\\/#breadcrumb\"},\"inLanguage\":\"it-IT\",\"potentialAction\":[{\"@type\":\"ReadAction\",\"target\":[\"https:\\\/\\\/recambiosecogas.com\\\/it\\\/producto\\\/rail-de-inyeccion-3-cyl-hana-h2000-a-europegas-inyectores-incorporados\\\/\"]}]},{\"@type\":\"ImageObject\",\"inLanguage\":\"it-IT\",\"@id\":\"https:\\\/\\\/recambiosecogas.com\\\/it\\\/producto\\\/rail-de-inyeccion-3-cyl-hana-h2000-a-europegas-inyectores-incorporados\\\/#primaryimage\",\"url\":\"https:\\\/\\\/recambiosecogas.com\\\/wp-content\\\/uploads\\\/2024\\\/10\\\/2-1.webp\",\"contentUrl\":\"https:\\\/\\\/recambiosecogas.com\\\/wp-content\\\/uploads\\\/2024\\\/10\\\/2-1.webp\",\"width\":1080,\"height\":1080},{\"@type\":\"BreadcrumbList\",\"@id\":\"https:\\\/\\\/recambiosecogas.com\\\/it\\\/producto\\\/rail-de-inyeccion-3-cyl-hana-h2000-a-europegas-inyectores-incorporados\\\/#breadcrumb\",\"itemListElement\":[{\"@type\":\"ListItem\",\"position\":1,\"name\":\"Portada\",\"item\":\"https:\\\/\\\/recambiosecogas.com\\\/it\\\/\"},{\"@type\":\"ListItem\",\"position\":2,\"name\":\"Negozio\",\"item\":\"https:\\\/\\\/recambiosecogas.com\\\/it\\\/?page_id=46382\"},{\"@type\":\"ListItem\",\"position\":3,\"name\":\"ROTAIA DI INIEZIONE 3 CYL HANA H2000 A+ EUROPEGAS (INIETTORI INTEGRATI)\"}]},{\"@type\":\"WebSite\",\"@id\":\"https:\\\/\\\/recambiosecogas.com\\\/it\\\/#website\",\"url\":\"https:\\\/\\\/recambiosecogas.com\\\/it\\\/\",\"name\":\"Recambios EcoGas\",\"description\":\"Recambios Multimarca para sistemas de GLP\\\/GNC\\\/GNL\\\/Hidr\u00f3geno\",\"publisher\":{\"@id\":\"https:\\\/\\\/recambiosecogas.com\\\/it\\\/#organization\"},\"alternateName\":\"Recambios Autogas GLP\",\"potentialAction\":[{\"@type\":\"SearchAction\",\"target\":{\"@type\":\"EntryPoint\",\"urlTemplate\":\"https:\\\/\\\/recambiosecogas.com\\\/it\\\/?s={search_term_string}\"},\"query-input\":{\"@type\":\"PropertyValueSpecification\",\"valueRequired\":true,\"valueName\":\"search_term_string\"}}],\"inLanguage\":\"it-IT\"},{\"@type\":[\"Organization\",\"Place\"],\"@id\":\"https:\\\/\\\/recambiosecogas.com\\\/it\\\/#organization\",\"name\":\"Recambios EcoGas\",\"alternateName\":\"Tienda Online GLP Espa\u00f1a\",\"url\":\"https:\\\/\\\/recambiosecogas.com\\\/it\\\/\",\"logo\":{\"@id\":\"https:\\\/\\\/recambiosecogas.com\\\/it\\\/producto\\\/rail-de-inyeccion-3-cyl-hana-h2000-a-europegas-inyectores-incorporados\\\/#local-main-organization-logo\"},\"image\":{\"@id\":\"https:\\\/\\\/recambiosecogas.com\\\/it\\\/producto\\\/rail-de-inyeccion-3-cyl-hana-h2000-a-europegas-inyectores-incorporados\\\/#local-main-organization-logo\"},\"sameAs\":[\"https:\\\/\\\/www.facebook.com\\\/profile.php?id=100062419705358\",\"https:\\\/\\\/www.instagram.com\\\/segimon_automocio\"],\"description\":\"Recambios EcoGas \u2013 Venta y distribuci\u00f3n de sistemas GLP y GNC en Espa\u00f1a y Portugal. Env\u00edos 24 h, soporte t\u00e9cnico a talleres y distribuidores.\",\"hasMerchantReturnPolicy\":{\"@type\":\"MerchantReturnPolicy\",\"merchantReturnLink\":\"https:\\\/\\\/recambiosecogas.com\\\/politicas-privacidad\\\/\"},\"address\":{\"@id\":\"https:\\\/\\\/recambiosecogas.com\\\/it\\\/producto\\\/rail-de-inyeccion-3-cyl-hana-h2000-a-europegas-inyectores-incorporados\\\/#local-main-place-address\"},\"telephone\":[\"616250633\"],\"contactPoint\":{\"@type\":\"ContactPoint\",\"email\":\"export@recambiosecogas.com\"},\"openingHoursSpecification\":[{\"@type\":\"OpeningHoursSpecification\",\"dayOfWeek\":[\"Monday\",\"Tuesday\",\"Wednesday\",\"Thursday\",\"Friday\",\"Saturday\",\"Sunday\"],\"opens\":\"09:00\",\"closes\":\"17:00\"}],\"email\":\"info@recambiosecogas.com\",\"faxNumber\":\"SEGIMON AUTOMOCION SL\",\"vatID\":\"ESB19819861\",\"globalLocationNumber\":\"938 616 339\"},{\"@type\":\"PostalAddress\",\"@id\":\"https:\\\/\\\/recambiosecogas.com\\\/it\\\/producto\\\/rail-de-inyeccion-3-cyl-hana-h2000-a-europegas-inyectores-incorporados\\\/#local-main-place-address\",\"streetAddress\":\"cami antic de vic, 29 (Nave 3), Pol\u00edgono Industrial Congost\",\"addressLocality\":\"CORRO D`AVALL\",\"postalCode\":\"08520\",\"addressRegion\":\"Barcelona\",\"addressCountry\":\"ES\"},{\"@type\":\"ImageObject\",\"inLanguage\":\"it-IT\",\"@id\":\"https:\\\/\\\/recambiosecogas.com\\\/it\\\/producto\\\/rail-de-inyeccion-3-cyl-hana-h2000-a-europegas-inyectores-incorporados\\\/#local-main-organization-logo\",\"url\":\"https:\\\/\\\/recambiosecogas.com\\\/wp-content\\\/uploads\\\/2024\\\/11\\\/cropped-RECAMBIOS-GLP-png.webp\",\"contentUrl\":\"https:\\\/\\\/recambiosecogas.com\\\/wp-content\\\/uploads\\\/2024\\\/11\\\/cropped-RECAMBIOS-GLP-png.webp\",\"width\":512,\"height\":512,\"caption\":\"Recambios EcoGas\"}]}<\/script>\n<meta property=\"product:price:amount\" content=\"170.67\" \/>\n<meta property=\"product:price:currency\" content=\"EUR\" \/>\n<meta property=\"og:availability\" content=\"backorder\" \/>\n<meta property=\"product:availability\" content=\"available for order\" \/>\n<meta property=\"product:retailer_item_id\" content=\"3527\" \/>\n<meta property=\"product:condition\" content=\"new\" \/>\n<meta name=\"geo.placename\" content=\"CORRO D`AVALL\" \/>\n<meta name=\"geo.region\" content=\"Spagna\" \/>\n<!-- \/ Yoast SEO Premium plugin. -->","yoast_head_json":{"title":"HANA H2000 A+ 3 cilindri rotaia di iniezione LPG %sepsitename%%","description":"Guida di iniezione HANA H2000 A+ a 3 cilindri con iniettori integrati per sistemi a GPL. Distribuzione precisa e alte prestazioni.","robots":{"index":"index","follow":"follow","max-snippet":"max-snippet:-1","max-image-preview":"max-image-preview:large","max-video-preview":"max-video-preview:-1"},"canonical":"https:\/\/recambiosecogas.com\/it\/producto\/rail-de-inyeccion-3-cyl-hana-h2000-a-europegas-inyectores-incorporados\/","og_locale":"it_IT","og_type":"article","og_title":"ROTAIA DI INIEZIONE 3 CYL HANA H2000 A+ EUROPEGAS (INIETTORI INTEGRATI)","og_description":"Guida di iniezione HANA H2000 A+ a 3 cilindri con iniettori integrati per sistemi a GPL. Distribuzione precisa e alte prestazioni.","og_url":"https:\/\/recambiosecogas.com\/it\/producto\/rail-de-inyeccion-3-cyl-hana-h2000-a-europegas-inyectores-incorporados\/","og_site_name":"Recambios EcoGas","article_publisher":"https:\/\/www.facebook.com\/profile.php?id=100062419705358","article_modified_time":"2026-04-15T10:49:50+00:00","og_image":[{"width":1080,"height":1080,"url":"https:\/\/recambiosecogas.com\/wp-content\/uploads\/2024\/10\/2-1.webp","type":"image\/jpeg"}],"twitter_card":"summary_large_image","twitter_misc":{"Prezzo":"170,67&nbsp;&euro; (Sin IVA: 141,05&nbsp;&euro;)","Disponibilit\u00e0":"Su ordinazione"},"schema":{"@context":"https:\/\/schema.org","@graph":[{"@type":"WebPage","@id":"https:\/\/recambiosecogas.com\/it\/producto\/rail-de-inyeccion-3-cyl-hana-h2000-a-europegas-inyectores-incorporados\/","url":"https:\/\/recambiosecogas.com\/it\/producto\/rail-de-inyeccion-3-cyl-hana-h2000-a-europegas-inyectores-incorporados\/","name":"HANA H2000 A+ 3 cilindri rotaia di iniezione LPG %sepsitename%%","isPartOf":{"@id":"https:\/\/recambiosecogas.com\/it\/#website"},"primaryImageOfPage":{"@id":"https:\/\/recambiosecogas.com\/it\/producto\/rail-de-inyeccion-3-cyl-hana-h2000-a-europegas-inyectores-incorporados\/#primaryimage"},"image":{"@id":"https:\/\/recambiosecogas.com\/it\/producto\/rail-de-inyeccion-3-cyl-hana-h2000-a-europegas-inyectores-incorporados\/#primaryimage"},"thumbnailUrl":"https:\/\/recambiosecogas.com\/wp-content\/uploads\/2024\/10\/2-1.webp","datePublished":"2024-12-23T14:31:45+00:00","dateModified":"2026-04-15T10:49:50+00:00","description":"Guida di iniezione HANA H2000 A+ a 3 cilindri con iniettori integrati per sistemi a GPL. Distribuzione precisa e alte prestazioni.","breadcrumb":{"@id":"https:\/\/recambiosecogas.com\/it\/producto\/rail-de-inyeccion-3-cyl-hana-h2000-a-europegas-inyectores-incorporados\/#breadcrumb"},"inLanguage":"it-IT","potentialAction":[{"@type":"ReadAction","target":["https:\/\/recambiosecogas.com\/it\/producto\/rail-de-inyeccion-3-cyl-hana-h2000-a-europegas-inyectores-incorporados\/"]}]},{"@type":"ImageObject","inLanguage":"it-IT","@id":"https:\/\/recambiosecogas.com\/it\/producto\/rail-de-inyeccion-3-cyl-hana-h2000-a-europegas-inyectores-incorporados\/#primaryimage","url":"https:\/\/recambiosecogas.com\/wp-content\/uploads\/2024\/10\/2-1.webp","contentUrl":"https:\/\/recambiosecogas.com\/wp-content\/uploads\/2024\/10\/2-1.webp","width":1080,"height":1080},{"@type":"BreadcrumbList","@id":"https:\/\/recambiosecogas.com\/it\/producto\/rail-de-inyeccion-3-cyl-hana-h2000-a-europegas-inyectores-incorporados\/#breadcrumb","itemListElement":[{"@type":"ListItem","position":1,"name":"Portada","item":"https:\/\/recambiosecogas.com\/it\/"},{"@type":"ListItem","position":2,"name":"Negozio","item":"https:\/\/recambiosecogas.com\/it\/?page_id=46382"},{"@type":"ListItem","position":3,"name":"ROTAIA DI INIEZIONE 3 CYL HANA H2000 A+ EUROPEGAS (INIETTORI INTEGRATI)"}]},{"@type":"WebSite","@id":"https:\/\/recambiosecogas.com\/it\/#website","url":"https:\/\/recambiosecogas.com\/it\/","name":"Recambios EcoGas","description":"Recambios Multimarca para sistemas de GLP\/GNC\/GNL\/Hidr\u00f3geno","publisher":{"@id":"https:\/\/recambiosecogas.com\/it\/#organization"},"alternateName":"Recambios Autogas GLP","potentialAction":[{"@type":"SearchAction","target":{"@type":"EntryPoint","urlTemplate":"https:\/\/recambiosecogas.com\/it\/?s={search_term_string}"},"query-input":{"@type":"PropertyValueSpecification","valueRequired":true,"valueName":"search_term_string"}}],"inLanguage":"it-IT"},{"@type":["Organization","Place"],"@id":"https:\/\/recambiosecogas.com\/it\/#organization","name":"Recambios EcoGas","alternateName":"Tienda Online GLP Espa\u00f1a","url":"https:\/\/recambiosecogas.com\/it\/","logo":{"@id":"https:\/\/recambiosecogas.com\/it\/producto\/rail-de-inyeccion-3-cyl-hana-h2000-a-europegas-inyectores-incorporados\/#local-main-organization-logo"},"image":{"@id":"https:\/\/recambiosecogas.com\/it\/producto\/rail-de-inyeccion-3-cyl-hana-h2000-a-europegas-inyectores-incorporados\/#local-main-organization-logo"},"sameAs":["https:\/\/www.facebook.com\/profile.php?id=100062419705358","https:\/\/www.instagram.com\/segimon_automocio"],"description":"Recambios EcoGas \u2013 Venta y distribuci\u00f3n de sistemas GLP y GNC en Espa\u00f1a y Portugal. Env\u00edos 24 h, soporte t\u00e9cnico a talleres y distribuidores.","hasMerchantReturnPolicy":{"@type":"MerchantReturnPolicy","merchantReturnLink":"https:\/\/recambiosecogas.com\/politicas-privacidad\/"},"address":{"@id":"https:\/\/recambiosecogas.com\/it\/producto\/rail-de-inyeccion-3-cyl-hana-h2000-a-europegas-inyectores-incorporados\/#local-main-place-address"},"telephone":["616250633"],"contactPoint":{"@type":"ContactPoint","email":"export@recambiosecogas.com"},"openingHoursSpecification":[{"@type":"OpeningHoursSpecification","dayOfWeek":["Monday","Tuesday","Wednesday","Thursday","Friday","Saturday","Sunday"],"opens":"09:00","closes":"17:00"}],"email":"info@recambiosecogas.com","faxNumber":"SEGIMON AUTOMOCION SL","vatID":"ESB19819861","globalLocationNumber":"938 616 339"},{"@type":"PostalAddress","@id":"https:\/\/recambiosecogas.com\/it\/producto\/rail-de-inyeccion-3-cyl-hana-h2000-a-europegas-inyectores-incorporados\/#local-main-place-address","streetAddress":"cami antic de vic, 29 (Nave 3), Pol\u00edgono Industrial Congost","addressLocality":"CORRO D`AVALL","postalCode":"08520","addressRegion":"Barcelona","addressCountry":"ES"},{"@type":"ImageObject","inLanguage":"it-IT","@id":"https:\/\/recambiosecogas.com\/it\/producto\/rail-de-inyeccion-3-cyl-hana-h2000-a-europegas-inyectores-incorporados\/#local-main-organization-logo","url":"https:\/\/recambiosecogas.com\/wp-content\/uploads\/2024\/11\/cropped-RECAMBIOS-GLP-png.webp","contentUrl":"https:\/\/recambiosecogas.com\/wp-content\/uploads\/2024\/11\/cropped-RECAMBIOS-GLP-png.webp","width":512,"height":512,"caption":"Recambios EcoGas"}]},"product_price_amount":"170.67","product_price_currency":"EUR","og_availability":"backorder","product_availability":"available for order","product_retailer_item_id":"3527","product_condition":"new","geo.placename":"CORRO D`AVALL","geo.region":"Spagna"},"uagb_featured_image_src":{"full":["https:\/\/recambiosecogas.com\/wp-content\/uploads\/2024\/10\/2-1.webp",1080,1080,false],"thumbnail":["https:\/\/recambiosecogas.com\/wp-content\/uploads\/2024\/10\/2-1-150x150.jpg",150,150,true],"medium":["https:\/\/recambiosecogas.com\/wp-content\/uploads\/2024\/10\/2-1-300x300.jpg",300,300,true],"medium_large":["https:\/\/recambiosecogas.com\/wp-content\/uploads\/2024\/10\/2-1-768x768.jpg",768,768,true],"large":["https:\/\/recambiosecogas.com\/wp-content\/uploads\/2024\/10\/2-1-1000x1000.jpg",1000,1000,true],"1536x1536":["https:\/\/recambiosecogas.com\/wp-content\/uploads\/2024\/10\/2-1.webp",1080,1080,false],"2048x2048":["https:\/\/recambiosecogas.com\/wp-content\/uploads\/2024\/10\/2-1.webp",1080,1080,false],"woocommerce_archive_thumbnail":["https:\/\/recambiosecogas.com\/wp-content\/uploads\/2024\/10\/2-1-1000x1000.webp",1000,1000,true],"woocommerce_thumbnail":["https:\/\/recambiosecogas.com\/wp-content\/uploads\/2024\/10\/2-1-300x300.webp",300,300,true],"woocommerce_single":["https:\/\/recambiosecogas.com\/wp-content\/uploads\/2024\/10\/2-1-1000x1000.webp",1000,1000,true],"woocommerce_gallery_thumbnail":["https:\/\/recambiosecogas.com\/wp-content\/uploads\/2024\/10\/2-1-1000x1000.webp",1000,1000,true],"dgwt-wcas-product-suggestion":["https:\/\/recambiosecogas.com\/wp-content\/uploads\/2024\/10\/2-1-64x64.webp",64,64,true]},"uagb_author_info":{"display_name":"Fran - Soporte T\u00e9cnico","author_link":"https:\/\/recambiosecogas.com\/it\/author\/"},"uagb_comment_info":0,"uagb_excerpt":"Railla iniezione HANA H2000 A+ per 3 cilindri con iniettori integrati, ideale per sistemi a GPL che richiedono precisione e affidabilit\u00e0.","_links":{"self":[{"href":"https:\/\/recambiosecogas.com\/it\/wp-json\/wp\/v2\/product\/48495","targetHints":{"allow":["GET"]}}],"collection":[{"href":"https:\/\/recambiosecogas.com\/it\/wp-json\/wp\/v2\/product"}],"about":[{"href":"https:\/\/recambiosecogas.com\/it\/wp-json\/wp\/v2\/types\/product"}],"replies":[{"embeddable":true,"href":"https:\/\/recambiosecogas.com\/it\/wp-json\/wp\/v2\/comments?post=48495"}],"wp:featuredmedia":[{"embeddable":true,"href":"https:\/\/recambiosecogas.com\/it\/wp-json\/wp\/v2\/media\/5564"}],"wp:attachment":[{"href":"https:\/\/recambiosecogas.com\/it\/wp-json\/wp\/v2\/media?parent=48495"}],"wp:term":[{"taxonomy":"product_brand","embeddable":true,"href":"https:\/\/recambiosecogas.com\/it\/wp-json\/wp\/v2\/product_brand?post=48495"},{"taxonomy":"product_cat","embeddable":true,"href":"https:\/\/recambiosecogas.com\/it\/wp-json\/wp\/v2\/product_cat?post=48495"},{"taxonomy":"product_tag","embeddable":true,"href":"https:\/\/recambiosecogas.com\/it\/wp-json\/wp\/v2\/product_tag?post=48495"}],"curies":[{"name":"wp","href":"https:\/\/api.w.org\/{rel}","templated":true}]}}