{"id":48461,"date":"2024-12-09T15:38:10","date_gmt":"2024-12-09T15:38:10","guid":{"rendered":"https:\/\/recambiosecogas.com\/producto\/gfi-inyector-glp-gnc\/"},"modified":"2026-04-15T11:49:41","modified_gmt":"2026-04-15T10:49:41","slug":"gfi-inyector-glp-gnc","status":"publish","type":"product","link":"https:\/\/recambiosecogas.com\/it\/producto\/gfi-inyector-glp-gnc\/","title":{"rendered":"Iniettore GFI LPG\/CNG"},"content":{"rendered":"<h3 data-start=\"154\" data-end=\"241\"><strong data-start=\"156\" data-end=\"241\">Iniettore GFI LPG\/CNG \u2013 E4 67R-010186 \/ E4 110R-000105<\/strong><\/h3>\n<p class=\"\" data-start=\"243\" data-end=\"592\">L&#8217;iniettore GFI per GPL e GNC \u00e8 un punto di riferimento in termini di precisione, durata ed efficienza nei sistemi a gas alternativi. Originariamente incorporato nei veicoli Citro\u00ebn e Subaru con sistemi GFI, SGI ed EZ Tech, questo componente \u00e8 uno dei pi\u00f9 apprezzati per la sua affidabilit\u00e0 a lungo termine e il funzionamento silenzioso grazie alla tecnologia del diaframma. <\/p>\n<p class=\"\" data-start=\"594\" data-end=\"961\">Disponibile in due misure (2,25 mm e 2,75 mm), si adatta a veicoli con diverse potenze per cilindro, permettendo configurazioni precise in base alle prestazioni del motore. Prodotto secondo elevati standard di qualit\u00e0, offre una durata fino a 150.000 km senza necessit\u00e0 di manutenzione, rendendolo una scelta ideale per installazioni OEM e aftermarket. <\/p>\n<p class=\"\" data-start=\"963\" data-end=\"1172\"><strong data-start=\"963\" data-end=\"1022\">Compatibile con una vasta gamma di veicoli a GPL e CNG<\/strong>, inclusi quelli equipaggiati con sistemi Landirenzo, GFI, Prins, Vialle, Lovato e altri. Adatto per installazioni personalizzate o come sostituzione diretta. <\/p>\n<hr class=\"\" data-start=\"1174\" data-end=\"1177\">\n<h4 data-start=\"1179\" data-end=\"1210\"><strong data-start=\"1182\" data-end=\"1210\">Caratteristiche tecniche<\/strong><\/h4>\n<div class=\"pointer-events-none relative left-[50%]! flex w-[100cqw] translate-x-[-50%] justify-center *:pointer-events-auto\">\n<div class=\"tableContainer horzScrollShadows\">\n<table class=\"min-w-full\" data-start=\"1212\" data-end=\"1800\">\n<thead data-start=\"1212\" data-end=\"1356\">\n<tr data-start=\"1212\" data-end=\"1356\">\n<th data-start=\"1212\" data-end=\"1225\"><strong data-start=\"1214\" data-end=\"1224\">Dimensioni<\/strong><\/th>\n<th data-start=\"1225\" data-end=\"1265\"><strong data-start=\"1227\" data-end=\"1246\">Uso consigliato<\/strong><\/th>\n<th data-start=\"1265\" data-end=\"1293\"><strong data-start=\"1267\" data-end=\"1292\">Potenza per cilindro<\/strong><\/th>\n<th data-start=\"1293\" data-end=\"1315\"><strong data-start=\"1295\" data-end=\"1313\">Numero di produttore<\/strong><\/th>\n<th data-start=\"1315\" data-end=\"1356\"><strong data-start=\"1317\" data-end=\"1333\">Approvazione<\/strong><\/th>\n<\/tr>\n<\/thead>\n<tbody data-start=\"1505\" data-end=\"1800\">\n<tr data-start=\"1505\" data-end=\"1652\">\n<td class=\"max-w-[calc(var(--thread-content-max-width)*2\/3)]\" data-start=\"1505\" data-end=\"1518\">2,25 mm<\/td>\n<td class=\"max-w-[calc(var(--thread-content-max-width)*2\/3)]\" data-start=\"1518\" data-end=\"1558\">Veicoli fino a 35 kW per cilindro<\/td>\n<td class=\"max-w-[calc(var(--thread-content-max-width)*2\/3)]\" data-start=\"1558\" data-end=\"1587\">\u2264 35 kW<\/td>\n<td class=\"max-w-[calc(var(--thread-content-max-width)*2\/3)]\" data-start=\"1587\" data-end=\"1610\">300000-003<\/td>\n<td class=\"max-w-[calc(var(--thread-content-max-width)*2\/3)]\" data-start=\"1610\" data-end=\"1652\">E4 67R-010186 \/ E4 110R-000105<\/td>\n<\/tr>\n<tr data-start=\"1653\" data-end=\"1800\">\n<td class=\"max-w-[calc(var(--thread-content-max-width)*2\/3)]\" data-start=\"1653\" data-end=\"1666\">2,75 mm<\/td>\n<td class=\"max-w-[calc(var(--thread-content-max-width)*2\/3)]\" data-start=\"1666\" data-end=\"1706\">Veicoli con pi\u00f9 di 35 kW\/cilindro<\/td>\n<td class=\"max-w-[calc(var(--thread-content-max-width)*2\/3)]\" data-start=\"1706\" data-end=\"1735\">&gt;  35 kW<\/td>\n<td class=\"max-w-[calc(var(--thread-content-max-width)*2\/3)]\" data-start=\"1735\" data-end=\"1758\">300000-005<\/td>\n<td class=\"max-w-[calc(var(--thread-content-max-width)*2\/3)]\" data-start=\"1758\" data-end=\"1800\">E4 67R-010186 \/ E4 110R-000105<\/td>\n<\/tr>\n<\/tbody>\n<\/table>\n<p><a href=\"https:\/\/recambiosecogas.com\/it\/categoria-producto\/inyectores-menu\/inyectores-rail\/\">Il nostro catalogo di iniettori.<\/a><\/p>\n<p><a href=\"https:\/\/segimonautomocio.com\/\">Cambia i tuoi iniettori nel nostro laboratorio specializzato.<\/a><\/p>\n<\/div>\n<\/div>\n","protected":false},"excerpt":{"rendered":"<p><strong>Numero di approvazione<\/strong>:<\/p>\n<p> Iniettori: E13 67R &#8211; 010234<br \/>\nMontaggio binari: E13 67R &#8211; 010233<\/p>\n","protected":false},"featured_media":11272,"comment_status":"open","ping_status":"closed","template":"","meta":{"_uag_custom_page_level_css":""},"product_brand":[],"product_cat":[2436,2403,2121,2122,2372,2124],"product_tag":[],"class_list":{"0":"post-48461","1":"product","2":"type-product","3":"status-publish","4":"has-post-thumbnail","6":"product_cat-gfi","7":"product_cat-iniettori-a-gnc","8":"product_cat-inyectores-menu","9":"product_cat-inyectores-rail","10":"product_cat-prodotti-a-gng","11":"product_cat-rail-riel-rampa-inyectora","12":"product_shipping_class-prodotti-pesanti","14":"first","15":"onbackorder","16":"taxable","17":"shipping-taxable","18":"purchasable","19":"product-type-variable"},"ct_brands":[],"yoast_head":"<!-- This site is optimized with the Yoast SEO Premium plugin v27.5 (Yoast SEO v27.5) - https:\/\/yoast.com\/product\/yoast-seo-premium-wordpress\/ -->\n<title>Iniettore GFI LPG\/CNG | Recambios EcoGas | Sistemas GLP y GNC<\/title>\n<meta name=\"description\" content=\"Iniettore originale GFI\/GC LPG\/CNG. Compatibile con Subaru e Citro\u00ebn. Massima precisione e durata operativa di 150.000 km. Ideale per sistemi OEM.\" \/>\n<meta name=\"robots\" content=\"index, follow, max-snippet:-1, max-image-preview:large, max-video-preview:-1\" \/>\n<link rel=\"canonical\" href=\"https:\/\/recambiosecogas.com\/it\/producto\/gfi-inyector-glp-gnc\/\" \/>\n<meta property=\"og:locale\" content=\"it_IT\" \/>\n<meta property=\"og:type\" content=\"article\" \/>\n<meta property=\"og:title\" content=\"Iniettore GFI LPG\/CNG\" \/>\n<meta property=\"og:description\" content=\"Iniettore originale GFI\/GC LPG\/CNG. Compatibile con Subaru e Citro\u00ebn. Massima precisione e durata operativa di 150.000 km. Ideale per sistemi OEM.\" \/>\n<meta property=\"og:url\" content=\"https:\/\/recambiosecogas.com\/it\/producto\/gfi-inyector-glp-gnc\/\" \/>\n<meta property=\"og:site_name\" content=\"Recambios EcoGas\" \/>\n<meta property=\"article:publisher\" content=\"https:\/\/www.facebook.com\/profile.php?id=100062419705358\" \/>\n<meta property=\"article:modified_time\" content=\"2026-04-15T10:49:41+00:00\" \/>\n<meta property=\"og:image\" content=\"https:\/\/recambiosecogas.com\/wp-content\/uploads\/2024\/12\/GFI-inyector-GLP-GNC-png.webp\" \/>\n\t<meta property=\"og:image:width\" content=\"1000\" \/>\n\t<meta property=\"og:image:height\" content=\"1000\" \/>\n\t<meta property=\"og:image:type\" content=\"image\/png\" \/>\n<meta name=\"twitter:card\" content=\"summary_large_image\" \/>\n<meta name=\"twitter:label1\" content=\"Disponibilit\u00e0\" \/>\n\t<meta name=\"twitter:data1\" content=\"Su ordinazione\" \/>\n<script type=\"application\/ld+json\" class=\"yoast-schema-graph\">{\"@context\":\"https:\\\/\\\/schema.org\",\"@graph\":[{\"@type\":\"WebPage\",\"@id\":\"https:\\\/\\\/recambiosecogas.com\\\/it\\\/producto\\\/gfi-inyector-glp-gnc\\\/\",\"url\":\"https:\\\/\\\/recambiosecogas.com\\\/it\\\/producto\\\/gfi-inyector-glp-gnc\\\/\",\"name\":\"Iniettore GFI LPG\\\/CNG | Recambios EcoGas | Sistemas GLP y GNC\",\"isPartOf\":{\"@id\":\"https:\\\/\\\/recambiosecogas.com\\\/it\\\/#website\"},\"primaryImageOfPage\":{\"@id\":\"https:\\\/\\\/recambiosecogas.com\\\/it\\\/producto\\\/gfi-inyector-glp-gnc\\\/#primaryimage\"},\"image\":{\"@id\":\"https:\\\/\\\/recambiosecogas.com\\\/it\\\/producto\\\/gfi-inyector-glp-gnc\\\/#primaryimage\"},\"thumbnailUrl\":\"https:\\\/\\\/recambiosecogas.com\\\/wp-content\\\/uploads\\\/2024\\\/12\\\/GFI-inyector-GLP-GNC-png.webp\",\"datePublished\":\"2024-12-09T15:38:10+00:00\",\"dateModified\":\"2026-04-15T10:49:41+00:00\",\"description\":\"Iniettore originale GFI\\\/GC LPG\\\/CNG. Compatibile con Subaru e Citro\u00ebn. Massima precisione e durata operativa di 150.000 km. Ideale per sistemi OEM.\",\"breadcrumb\":{\"@id\":\"https:\\\/\\\/recambiosecogas.com\\\/it\\\/producto\\\/gfi-inyector-glp-gnc\\\/#breadcrumb\"},\"inLanguage\":\"it-IT\",\"potentialAction\":[{\"@type\":\"ReadAction\",\"target\":[\"https:\\\/\\\/recambiosecogas.com\\\/it\\\/producto\\\/gfi-inyector-glp-gnc\\\/\"]}]},{\"@type\":\"ImageObject\",\"inLanguage\":\"it-IT\",\"@id\":\"https:\\\/\\\/recambiosecogas.com\\\/it\\\/producto\\\/gfi-inyector-glp-gnc\\\/#primaryimage\",\"url\":\"https:\\\/\\\/recambiosecogas.com\\\/wp-content\\\/uploads\\\/2024\\\/12\\\/GFI-inyector-GLP-GNC-png.webp\",\"contentUrl\":\"https:\\\/\\\/recambiosecogas.com\\\/wp-content\\\/uploads\\\/2024\\\/12\\\/GFI-inyector-GLP-GNC-png.webp\",\"width\":1000,\"height\":1000},{\"@type\":\"BreadcrumbList\",\"@id\":\"https:\\\/\\\/recambiosecogas.com\\\/it\\\/producto\\\/gfi-inyector-glp-gnc\\\/#breadcrumb\",\"itemListElement\":[{\"@type\":\"ListItem\",\"position\":1,\"name\":\"Portada\",\"item\":\"https:\\\/\\\/recambiosecogas.com\\\/it\\\/\"},{\"@type\":\"ListItem\",\"position\":2,\"name\":\"Negozio\",\"item\":\"https:\\\/\\\/recambiosecogas.com\\\/it\\\/?page_id=46382\"},{\"@type\":\"ListItem\",\"position\":3,\"name\":\"Iniettore GFI LPG\\\/CNG\"}]},{\"@type\":\"WebSite\",\"@id\":\"https:\\\/\\\/recambiosecogas.com\\\/it\\\/#website\",\"url\":\"https:\\\/\\\/recambiosecogas.com\\\/it\\\/\",\"name\":\"Recambios EcoGas\",\"description\":\"Recambios Multimarca para sistemas de GLP\\\/GNC\\\/GNL\\\/Hidr\u00f3geno\",\"publisher\":{\"@id\":\"https:\\\/\\\/recambiosecogas.com\\\/it\\\/#organization\"},\"alternateName\":\"Recambios Autogas GLP\",\"potentialAction\":[{\"@type\":\"SearchAction\",\"target\":{\"@type\":\"EntryPoint\",\"urlTemplate\":\"https:\\\/\\\/recambiosecogas.com\\\/it\\\/?s={search_term_string}\"},\"query-input\":{\"@type\":\"PropertyValueSpecification\",\"valueRequired\":true,\"valueName\":\"search_term_string\"}}],\"inLanguage\":\"it-IT\"},{\"@type\":[\"Organization\",\"Place\"],\"@id\":\"https:\\\/\\\/recambiosecogas.com\\\/it\\\/#organization\",\"name\":\"Recambios EcoGas\",\"alternateName\":\"Tienda Online GLP Espa\u00f1a\",\"url\":\"https:\\\/\\\/recambiosecogas.com\\\/it\\\/\",\"logo\":{\"@id\":\"https:\\\/\\\/recambiosecogas.com\\\/it\\\/producto\\\/gfi-inyector-glp-gnc\\\/#local-main-organization-logo\"},\"image\":{\"@id\":\"https:\\\/\\\/recambiosecogas.com\\\/it\\\/producto\\\/gfi-inyector-glp-gnc\\\/#local-main-organization-logo\"},\"sameAs\":[\"https:\\\/\\\/www.facebook.com\\\/profile.php?id=100062419705358\",\"https:\\\/\\\/www.instagram.com\\\/segimon_automocio\"],\"description\":\"Recambios EcoGas \u2013 Venta y distribuci\u00f3n de sistemas GLP y GNC en Espa\u00f1a y Portugal. Env\u00edos 24 h, soporte t\u00e9cnico a talleres y distribuidores.\",\"hasMerchantReturnPolicy\":{\"@type\":\"MerchantReturnPolicy\",\"merchantReturnLink\":\"https:\\\/\\\/recambiosecogas.com\\\/politicas-privacidad\\\/\"},\"address\":{\"@id\":\"https:\\\/\\\/recambiosecogas.com\\\/it\\\/producto\\\/gfi-inyector-glp-gnc\\\/#local-main-place-address\"},\"telephone\":[\"616250633\"],\"contactPoint\":{\"@type\":\"ContactPoint\",\"email\":\"export@recambiosecogas.com\"},\"openingHoursSpecification\":[{\"@type\":\"OpeningHoursSpecification\",\"dayOfWeek\":[\"Monday\",\"Tuesday\",\"Wednesday\",\"Thursday\",\"Friday\",\"Saturday\",\"Sunday\"],\"opens\":\"09:00\",\"closes\":\"17:00\"}],\"email\":\"info@recambiosecogas.com\",\"faxNumber\":\"SEGIMON AUTOMOCION SL\",\"vatID\":\"ESB19819861\",\"globalLocationNumber\":\"938 616 339\"},{\"@type\":\"PostalAddress\",\"@id\":\"https:\\\/\\\/recambiosecogas.com\\\/it\\\/producto\\\/gfi-inyector-glp-gnc\\\/#local-main-place-address\",\"streetAddress\":\"cami antic de vic, 29 (Nave 3), Pol\u00edgono Industrial Congost\",\"addressLocality\":\"CORRO D`AVALL\",\"postalCode\":\"08520\",\"addressRegion\":\"Barcelona\",\"addressCountry\":\"ES\"},{\"@type\":\"ImageObject\",\"inLanguage\":\"it-IT\",\"@id\":\"https:\\\/\\\/recambiosecogas.com\\\/it\\\/producto\\\/gfi-inyector-glp-gnc\\\/#local-main-organization-logo\",\"url\":\"https:\\\/\\\/recambiosecogas.com\\\/wp-content\\\/uploads\\\/2024\\\/11\\\/cropped-RECAMBIOS-GLP-png.webp\",\"contentUrl\":\"https:\\\/\\\/recambiosecogas.com\\\/wp-content\\\/uploads\\\/2024\\\/11\\\/cropped-RECAMBIOS-GLP-png.webp\",\"width\":512,\"height\":512,\"caption\":\"Recambios EcoGas\"}]}<\/script>\n<meta property=\"og:availability\" content=\"backorder\" \/>\n<meta property=\"product:availability\" content=\"available for order\" \/>\n<meta property=\"product:retailer_item_id\" content=\"109356\" \/>\n<meta property=\"product:condition\" content=\"new\" \/>\n<meta name=\"geo.placename\" content=\"CORRO D`AVALL\" \/>\n<meta name=\"geo.region\" content=\"Spagna\" \/>\n<!-- \/ Yoast SEO Premium plugin. -->","yoast_head_json":{"title":"Iniettore GFI LPG\/CNG | Recambios EcoGas | Sistemas GLP y GNC","description":"Iniettore originale GFI\/GC LPG\/CNG. Compatibile con Subaru e Citro\u00ebn. Massima precisione e durata operativa di 150.000 km. Ideale per sistemi OEM.","robots":{"index":"index","follow":"follow","max-snippet":"max-snippet:-1","max-image-preview":"max-image-preview:large","max-video-preview":"max-video-preview:-1"},"canonical":"https:\/\/recambiosecogas.com\/it\/producto\/gfi-inyector-glp-gnc\/","og_locale":"it_IT","og_type":"article","og_title":"Iniettore GFI LPG\/CNG","og_description":"Iniettore originale GFI\/GC LPG\/CNG. Compatibile con Subaru e Citro\u00ebn. Massima precisione e durata operativa di 150.000 km. Ideale per sistemi OEM.","og_url":"https:\/\/recambiosecogas.com\/it\/producto\/gfi-inyector-glp-gnc\/","og_site_name":"Recambios EcoGas","article_publisher":"https:\/\/www.facebook.com\/profile.php?id=100062419705358","article_modified_time":"2026-04-15T10:49:41+00:00","og_image":[{"width":1000,"height":1000,"url":"https:\/\/recambiosecogas.com\/wp-content\/uploads\/2024\/12\/GFI-inyector-GLP-GNC-png.webp","type":"image\/png"}],"twitter_card":"summary_large_image","twitter_misc":{"Disponibilit\u00e0":"Su ordinazione"},"schema":{"@context":"https:\/\/schema.org","@graph":[{"@type":"WebPage","@id":"https:\/\/recambiosecogas.com\/it\/producto\/gfi-inyector-glp-gnc\/","url":"https:\/\/recambiosecogas.com\/it\/producto\/gfi-inyector-glp-gnc\/","name":"Iniettore GFI LPG\/CNG | Recambios EcoGas | Sistemas GLP y GNC","isPartOf":{"@id":"https:\/\/recambiosecogas.com\/it\/#website"},"primaryImageOfPage":{"@id":"https:\/\/recambiosecogas.com\/it\/producto\/gfi-inyector-glp-gnc\/#primaryimage"},"image":{"@id":"https:\/\/recambiosecogas.com\/it\/producto\/gfi-inyector-glp-gnc\/#primaryimage"},"thumbnailUrl":"https:\/\/recambiosecogas.com\/wp-content\/uploads\/2024\/12\/GFI-inyector-GLP-GNC-png.webp","datePublished":"2024-12-09T15:38:10+00:00","dateModified":"2026-04-15T10:49:41+00:00","description":"Iniettore originale GFI\/GC LPG\/CNG. Compatibile con Subaru e Citro\u00ebn. Massima precisione e durata operativa di 150.000 km. Ideale per sistemi OEM.","breadcrumb":{"@id":"https:\/\/recambiosecogas.com\/it\/producto\/gfi-inyector-glp-gnc\/#breadcrumb"},"inLanguage":"it-IT","potentialAction":[{"@type":"ReadAction","target":["https:\/\/recambiosecogas.com\/it\/producto\/gfi-inyector-glp-gnc\/"]}]},{"@type":"ImageObject","inLanguage":"it-IT","@id":"https:\/\/recambiosecogas.com\/it\/producto\/gfi-inyector-glp-gnc\/#primaryimage","url":"https:\/\/recambiosecogas.com\/wp-content\/uploads\/2024\/12\/GFI-inyector-GLP-GNC-png.webp","contentUrl":"https:\/\/recambiosecogas.com\/wp-content\/uploads\/2024\/12\/GFI-inyector-GLP-GNC-png.webp","width":1000,"height":1000},{"@type":"BreadcrumbList","@id":"https:\/\/recambiosecogas.com\/it\/producto\/gfi-inyector-glp-gnc\/#breadcrumb","itemListElement":[{"@type":"ListItem","position":1,"name":"Portada","item":"https:\/\/recambiosecogas.com\/it\/"},{"@type":"ListItem","position":2,"name":"Negozio","item":"https:\/\/recambiosecogas.com\/it\/?page_id=46382"},{"@type":"ListItem","position":3,"name":"Iniettore GFI LPG\/CNG"}]},{"@type":"WebSite","@id":"https:\/\/recambiosecogas.com\/it\/#website","url":"https:\/\/recambiosecogas.com\/it\/","name":"Recambios EcoGas","description":"Recambios Multimarca para sistemas de GLP\/GNC\/GNL\/Hidr\u00f3geno","publisher":{"@id":"https:\/\/recambiosecogas.com\/it\/#organization"},"alternateName":"Recambios Autogas GLP","potentialAction":[{"@type":"SearchAction","target":{"@type":"EntryPoint","urlTemplate":"https:\/\/recambiosecogas.com\/it\/?s={search_term_string}"},"query-input":{"@type":"PropertyValueSpecification","valueRequired":true,"valueName":"search_term_string"}}],"inLanguage":"it-IT"},{"@type":["Organization","Place"],"@id":"https:\/\/recambiosecogas.com\/it\/#organization","name":"Recambios EcoGas","alternateName":"Tienda Online GLP Espa\u00f1a","url":"https:\/\/recambiosecogas.com\/it\/","logo":{"@id":"https:\/\/recambiosecogas.com\/it\/producto\/gfi-inyector-glp-gnc\/#local-main-organization-logo"},"image":{"@id":"https:\/\/recambiosecogas.com\/it\/producto\/gfi-inyector-glp-gnc\/#local-main-organization-logo"},"sameAs":["https:\/\/www.facebook.com\/profile.php?id=100062419705358","https:\/\/www.instagram.com\/segimon_automocio"],"description":"Recambios EcoGas \u2013 Venta y distribuci\u00f3n de sistemas GLP y GNC en Espa\u00f1a y Portugal. Env\u00edos 24 h, soporte t\u00e9cnico a talleres y distribuidores.","hasMerchantReturnPolicy":{"@type":"MerchantReturnPolicy","merchantReturnLink":"https:\/\/recambiosecogas.com\/politicas-privacidad\/"},"address":{"@id":"https:\/\/recambiosecogas.com\/it\/producto\/gfi-inyector-glp-gnc\/#local-main-place-address"},"telephone":["616250633"],"contactPoint":{"@type":"ContactPoint","email":"export@recambiosecogas.com"},"openingHoursSpecification":[{"@type":"OpeningHoursSpecification","dayOfWeek":["Monday","Tuesday","Wednesday","Thursday","Friday","Saturday","Sunday"],"opens":"09:00","closes":"17:00"}],"email":"info@recambiosecogas.com","faxNumber":"SEGIMON AUTOMOCION SL","vatID":"ESB19819861","globalLocationNumber":"938 616 339"},{"@type":"PostalAddress","@id":"https:\/\/recambiosecogas.com\/it\/producto\/gfi-inyector-glp-gnc\/#local-main-place-address","streetAddress":"cami antic de vic, 29 (Nave 3), Pol\u00edgono Industrial Congost","addressLocality":"CORRO D`AVALL","postalCode":"08520","addressRegion":"Barcelona","addressCountry":"ES"},{"@type":"ImageObject","inLanguage":"it-IT","@id":"https:\/\/recambiosecogas.com\/it\/producto\/gfi-inyector-glp-gnc\/#local-main-organization-logo","url":"https:\/\/recambiosecogas.com\/wp-content\/uploads\/2024\/11\/cropped-RECAMBIOS-GLP-png.webp","contentUrl":"https:\/\/recambiosecogas.com\/wp-content\/uploads\/2024\/11\/cropped-RECAMBIOS-GLP-png.webp","width":512,"height":512,"caption":"Recambios EcoGas"}]},"og_availability":"backorder","product_availability":"available for order","product_retailer_item_id":"109356","product_condition":"new","geo.placename":"CORRO D`AVALL","geo.region":"Spagna"},"uagb_featured_image_src":{"full":["https:\/\/recambiosecogas.com\/wp-content\/uploads\/2024\/12\/GFI-inyector-GLP-GNC-png.webp",1000,1000,false],"thumbnail":["https:\/\/recambiosecogas.com\/wp-content\/uploads\/2024\/12\/GFI-inyector-GLP-GNC-150x150.webp",150,150,true],"medium":["https:\/\/recambiosecogas.com\/wp-content\/uploads\/2024\/12\/GFI-inyector-GLP-GNC-300x300.webp",300,300,true],"medium_large":["https:\/\/recambiosecogas.com\/wp-content\/uploads\/2024\/12\/GFI-inyector-GLP-GNC-768x768.webp",768,768,true],"large":["https:\/\/recambiosecogas.com\/wp-content\/uploads\/2024\/12\/GFI-inyector-GLP-GNC-png.webp",1000,1000,false],"1536x1536":["https:\/\/recambiosecogas.com\/wp-content\/uploads\/2024\/12\/GFI-inyector-GLP-GNC-png.webp",1000,1000,false],"2048x2048":["https:\/\/recambiosecogas.com\/wp-content\/uploads\/2024\/12\/GFI-inyector-GLP-GNC-png.webp",1000,1000,false],"woocommerce_archive_thumbnail":["https:\/\/recambiosecogas.com\/wp-content\/uploads\/2024\/12\/GFI-inyector-GLP-GNC-png.webp",1000,1000,false],"woocommerce_thumbnail":["https:\/\/recambiosecogas.com\/wp-content\/uploads\/2024\/12\/GFI-inyector-GLP-GNC-png-300x300.webp",300,300,true],"woocommerce_single":["https:\/\/recambiosecogas.com\/wp-content\/uploads\/2024\/12\/GFI-inyector-GLP-GNC-png.webp",1000,1000,false],"woocommerce_gallery_thumbnail":["https:\/\/recambiosecogas.com\/wp-content\/uploads\/2024\/12\/GFI-inyector-GLP-GNC-png.webp",1000,1000,false],"dgwt-wcas-product-suggestion":["https:\/\/recambiosecogas.com\/wp-content\/uploads\/2024\/12\/GFI-inyector-GLP-GNC-png-64x64.webp",64,64,true]},"uagb_author_info":{"display_name":"Fran - Soporte T\u00e9cnico","author_link":"https:\/\/recambiosecogas.com\/it\/author\/"},"uagb_comment_info":0,"uagb_excerpt":"Numero di approvazione: Iniettori: E13 67R - 010234 Montaggio binari: E13 67R - 010233","_links":{"self":[{"href":"https:\/\/recambiosecogas.com\/it\/wp-json\/wp\/v2\/product\/48461","targetHints":{"allow":["GET"]}}],"collection":[{"href":"https:\/\/recambiosecogas.com\/it\/wp-json\/wp\/v2\/product"}],"about":[{"href":"https:\/\/recambiosecogas.com\/it\/wp-json\/wp\/v2\/types\/product"}],"replies":[{"embeddable":true,"href":"https:\/\/recambiosecogas.com\/it\/wp-json\/wp\/v2\/comments?post=48461"}],"wp:featuredmedia":[{"embeddable":true,"href":"https:\/\/recambiosecogas.com\/it\/wp-json\/wp\/v2\/media\/11272"}],"wp:attachment":[{"href":"https:\/\/recambiosecogas.com\/it\/wp-json\/wp\/v2\/media?parent=48461"}],"wp:term":[{"taxonomy":"product_brand","embeddable":true,"href":"https:\/\/recambiosecogas.com\/it\/wp-json\/wp\/v2\/product_brand?post=48461"},{"taxonomy":"product_cat","embeddable":true,"href":"https:\/\/recambiosecogas.com\/it\/wp-json\/wp\/v2\/product_cat?post=48461"},{"taxonomy":"product_tag","embeddable":true,"href":"https:\/\/recambiosecogas.com\/it\/wp-json\/wp\/v2\/product_tag?post=48461"}],"curies":[{"name":"wp","href":"https:\/\/api.w.org\/{rel}","templated":true}]}}