{"id":48362,"date":"2024-12-09T14:01:58","date_gmt":"2024-12-09T14:01:58","guid":{"rendered":"https:\/\/recambiosecogas.com\/producto\/landi-renzo-med-inyector-glp-gnc-4-cilindros-antiguo-diseno-de-4-agujeros\/"},"modified":"2026-05-05T11:09:33","modified_gmt":"2026-05-05T10:09:33","slug":"landi-renzo-med-inyector-glp-gnc-4-cilindros-antiguo-diseno-de-4-agujeros","status":"publish","type":"product","link":"https:\/\/recambiosecogas.com\/it\/producto\/landi-renzo-med-inyector-glp-gnc-4-cilindros-antiguo-diseno-de-4-agujeros\/","title":{"rendered":"Landi Renzo MED MED LPG CNG iniettore 4 cilindri con sensore (nuova versione a 12 fori)"},"content":{"rendered":"<h3 data-start=\"0\" data-end=\"92\">Landi Renzo MED LPG\/CNG iniettore a 4 cilindri con sensore \u2013 (12 fori)<\/h3>\n<p data-start=\"94\" data-end=\"601\">L&#8217;iniettore Landi Renzo MED LPG\/CNG a 4 cilindri, nella sua versione moderna con <strong data-start=\"186\" data-end=\"202\">12 fori<\/strong>, \u00e8 progettato per sistemi <strong data-start=\"248\" data-end=\"261\">di iniezione a GPL e CNG<\/strong> in veicoli ad alte prestazioni. Questa versione incorpora <strong data-start=\"319\" data-end=\"351\">un sensore di pressione da 3,5 bar<\/strong> ed \u00e8 particolarmente adatta ai sistemi Lovato, GFI e Landi Renzo. Grazie al miglioramento della geometria dell&#8217;uscita del gas, offre <strong data-start=\"492\" data-end=\"516\">un&#8217;atomizzazione pi\u00f9 fine<\/strong>, una migliore miscelazione aria\/gas e, di conseguenza, una combustione pi\u00f9 pulita ed efficiente.  <\/p>\n<p data-start=\"603\" data-end=\"948\">Questo modello <strong data-start=\"615\" data-end=\"664\">sostituisce la vecchia versione a 4 fori<\/strong>, quindi \u00e8 obbligatorio sostituire tutti gli iniettori su rotaia quando si passa a questa versione a 12 fori. Il nuovo design permette anche di identificare facilmente il modello dal <strong data-start=\"856\" data-end=\"876\">colore del<\/strong> tappo iniettore, facilitando l&#8217;installazione e la compatibilit\u00e0. <\/p>\n<p data-start=\"950\" data-end=\"1220\">La versione <strong data-start=\"961\" data-end=\"972\">GI25-80<\/strong> in viola \u00e8 adatta a una maggiore potenza dei cilindri, ideale per veicoli con maggiori esigenze di prestazioni. \u00c8 la scelta preferita nei <strong data-start=\"1142\" data-end=\"1182\">sistemi di iniezione a 4 cilindri<\/strong> che richiedono precisione e affidabilit\u00e0. <\/p>\n<hr class=\"\" data-start=\"1222\" data-end=\"1225\">\n<h4 data-start=\"1227\" data-end=\"1256\">Caratteristiche tecniche<\/h4>\n<div class=\"pointer-events-none relative left-[50%]! flex w-[100cqw] translate-x-[-50%] justify-center *:pointer-events-auto\">\n<div class=\"tableContainer horzScrollShadows\">\n<table class=\"min-w-full\" data-start=\"1258\" data-end=\"2165\">\n<thead data-start=\"1258\" data-end=\"1348\">\n<tr data-start=\"1258\" data-end=\"1348\">\n<th data-start=\"1258\" data-end=\"1288\">Parametro<\/th>\n<th data-start=\"1288\" data-end=\"1348\">Dettagli<\/th>\n<\/tr>\n<\/thead>\n<tbody data-start=\"1440\" data-end=\"2165\">\n<tr data-start=\"1440\" data-end=\"1530\">\n<td class=\"max-w-[calc(var(--thread-content-max-width)*2\/3)]\" data-start=\"1440\" data-end=\"1469\">Applicazione<\/td>\n<td class=\"max-w-[calc(var(--thread-content-max-width)*2\/3)]\" data-start=\"1469\" data-end=\"1530\">GPL \/ GNC \u2013 4 cilindri<\/td>\n<\/tr>\n<tr data-start=\"1531\" data-end=\"1621\">\n<td class=\"max-w-[calc(var(--thread-content-max-width)*2\/3)]\" data-start=\"1531\" data-end=\"1560\">Versione<\/td>\n<td class=\"max-w-[calc(var(--thread-content-max-width)*2\/3)]\" data-start=\"1560\" data-end=\"1621\">12 buche \u2013 GI25-80 viola<\/td>\n<\/tr>\n<tr data-start=\"1622\" data-end=\"1712\">\n<td class=\"max-w-[calc(var(--thread-content-max-width)*2\/3)]\" data-start=\"1622\" data-end=\"1651\">Sensore<\/td>\n<td class=\"max-w-[calc(var(--thread-content-max-width)*2\/3)]\" data-start=\"1651\" data-end=\"1712\">Pressione inclusa 3,5 bar<\/td>\n<\/tr>\n<tr data-start=\"1713\" data-end=\"1803\">\n<td class=\"max-w-[calc(var(--thread-content-max-width)*2\/3)]\" data-start=\"1713\" data-end=\"1742\">Plug<\/td>\n<td class=\"max-w-[calc(var(--thread-content-max-width)*2\/3)]\" data-start=\"1742\" data-end=\"1803\">AMP\/Bosch<\/td>\n<\/tr>\n<tr data-start=\"1804\" data-end=\"1893\">\n<td class=\"max-w-[calc(var(--thread-content-max-width)*2\/3)]\" data-start=\"1804\" data-end=\"1833\">Compatibilit\u00e0<\/td>\n<td class=\"max-w-[calc(var(--thread-content-max-width)*2\/3)]\" data-start=\"1833\" data-end=\"1893\">Sistemi Lovato \/ GFI \/ Landi Renzo<\/td>\n<\/tr>\n<tr data-start=\"1894\" data-end=\"1984\">\n<td class=\"max-w-[calc(var(--thread-content-max-width)*2\/3)]\" data-start=\"1894\" data-end=\"1923\">Approvazione dell&#8217;iniettore<\/td>\n<td class=\"max-w-[calc(var(--thread-content-max-width)*2\/3)]\" data-start=\"1923\" data-end=\"1984\">E13 67R \u2013 010234<\/td>\n<\/tr>\n<tr data-start=\"1985\" data-end=\"2075\">\n<td class=\"max-w-[calc(var(--thread-content-max-width)*2\/3)]\" data-start=\"1985\" data-end=\"2014\">Approvazione ferroviaria<\/td>\n<td class=\"max-w-[calc(var(--thread-content-max-width)*2\/3)]\" data-start=\"2014\" data-end=\"2075\">E13 67R \u2013 010233<\/td>\n<\/tr>\n<tr data-start=\"2076\" data-end=\"2165\">\n<td class=\"max-w-[calc(var(--thread-content-max-width)*2\/3)]\" data-start=\"2076\" data-end=\"2105\">Sostituzione necessaria<\/td>\n<td class=\"max-w-[calc(var(--thread-content-max-width)*2\/3)]\" data-start=\"2105\" data-end=\"2165\">S\u00ec, dalla vecchia versione a 4 buchi<\/td>\n<\/tr>\n<\/tbody>\n<\/table>\n<p><a href=\"https:\/\/recambiosecogas.com\/it\/categoria-producto\/inyectores-menu\/inyectores-rail\/\">Il nostro catalogo di iniettori.<\/a><\/p>\n<p><a href=\"https:\/\/segimonautomocio.com\/\">Cambia i tuoi iniettori nel nostro laboratorio specializzato.<\/a><\/p>\n<\/div>\n<\/div>\n","protected":false},"excerpt":{"rendered":"<h4>Dati tecnici<\/h4>\n<p><strong>Numero di approvazione<\/strong><br \/>\n<strong>Iniettori<\/strong>: E13 67R &#8211; 010234<br \/>\n<strong>Supporto per la rotaia<\/strong>: E13 67R &#8211; 010233<\/p>\n","protected":false},"featured_media":48365,"comment_status":"open","ping_status":"closed","template":"","meta":{"_uag_custom_page_level_css":""},"product_brand":[],"product_cat":[2121,2122,2123,2124],"product_tag":[2431,2432],"class_list":{"0":"post-48362","1":"product","2":"type-product","3":"status-publish","4":"has-post-thumbnail","6":"product_cat-inyectores-menu","7":"product_cat-inyectores-rail","8":"product_cat-landirenzo","9":"product_cat-rail-riel-rampa-inyectora","10":"product_tag-gi25-80","11":"product_tag-violet","13":"first","14":"onbackorder","15":"taxable","16":"shipping-taxable","17":"purchasable","18":"product-type-variable"},"ct_brands":[],"yoast_head":"<!-- This site is optimized with the Yoast SEO Premium plugin v27.5 (Yoast SEO v27.5) - https:\/\/yoast.com\/product\/yoast-seo-premium-wordpress\/ -->\n<title>Landi Renzo MED MED LPG CNG iniettore 4 cilindri con sensore (nuova versione a 12 fori) | Recambios EcoGas | Sistemas GLP y GNC<\/title>\n<meta name=\"description\" content=\"Landi Renzo MED MED LPG\/CNG iniettore a 4 cilindri con sensore di pressione. Versione a 12 fori per motori a 4 cilindri. Acquista online\" \/>\n<meta name=\"robots\" content=\"index, follow, max-snippet:-1, max-image-preview:large, max-video-preview:-1\" \/>\n<link rel=\"canonical\" href=\"https:\/\/recambiosecogas.com\/it\/producto\/landi-renzo-med-inyector-glp-gnc-4-cilindros-antiguo-diseno-de-4-agujeros\/\" \/>\n<meta property=\"og:locale\" content=\"it_IT\" \/>\n<meta property=\"og:type\" content=\"article\" \/>\n<meta property=\"og:title\" content=\"Landi Renzo MED MED LPG CNG iniettore 4 cilindri con sensore (nuova versione a 12 fori)\" \/>\n<meta property=\"og:description\" content=\"Landi Renzo MED MED LPG\/CNG iniettore a 4 cilindri con sensore di pressione. Versione a 12 fori per motori a 4 cilindri. Acquista online\" \/>\n<meta property=\"og:url\" content=\"https:\/\/recambiosecogas.com\/it\/producto\/landi-renzo-med-inyector-glp-gnc-4-cilindros-antiguo-diseno-de-4-agujeros\/\" \/>\n<meta property=\"og:site_name\" content=\"Recambios EcoGas\" \/>\n<meta property=\"article:publisher\" content=\"https:\/\/www.facebook.com\/profile.php?id=100062419705358\" \/>\n<meta property=\"article:modified_time\" content=\"2026-05-05T10:09:33+00:00\" \/>\n<meta property=\"og:image\" content=\"https:\/\/recambiosecogas.com\/wp-content\/uploads\/2024\/12\/Landi-Renzo-MED-inyector-GLP-GNV-4-cilindros-con-sensor-nueva-version-de-12-agujeros-1-png.webp\" \/>\n\t<meta property=\"og:image:width\" content=\"1000\" \/>\n\t<meta property=\"og:image:height\" content=\"1000\" \/>\n\t<meta property=\"og:image:type\" content=\"image\/png\" \/>\n<meta name=\"twitter:card\" content=\"summary_large_image\" \/>\n<meta name=\"twitter:label1\" content=\"Disponibilit\u00e0\" \/>\n\t<meta name=\"twitter:data1\" content=\"Su ordinazione\" \/>\n<script type=\"application\/ld+json\" class=\"yoast-schema-graph\">{\"@context\":\"https:\\\/\\\/schema.org\",\"@graph\":[{\"@type\":\"WebPage\",\"@id\":\"https:\\\/\\\/recambiosecogas.com\\\/it\\\/producto\\\/landi-renzo-med-inyector-glp-gnc-4-cilindros-antiguo-diseno-de-4-agujeros\\\/\",\"url\":\"https:\\\/\\\/recambiosecogas.com\\\/it\\\/producto\\\/landi-renzo-med-inyector-glp-gnc-4-cilindros-antiguo-diseno-de-4-agujeros\\\/\",\"name\":\"Landi Renzo MED MED LPG CNG iniettore 4 cilindri con sensore (nuova versione a 12 fori) | Recambios EcoGas | Sistemas GLP y GNC\",\"isPartOf\":{\"@id\":\"https:\\\/\\\/recambiosecogas.com\\\/it\\\/#website\"},\"primaryImageOfPage\":{\"@id\":\"https:\\\/\\\/recambiosecogas.com\\\/it\\\/producto\\\/landi-renzo-med-inyector-glp-gnc-4-cilindros-antiguo-diseno-de-4-agujeros\\\/#primaryimage\"},\"image\":{\"@id\":\"https:\\\/\\\/recambiosecogas.com\\\/it\\\/producto\\\/landi-renzo-med-inyector-glp-gnc-4-cilindros-antiguo-diseno-de-4-agujeros\\\/#primaryimage\"},\"thumbnailUrl\":\"https:\\\/\\\/recambiosecogas.com\\\/wp-content\\\/uploads\\\/2024\\\/12\\\/Landi-Renzo-MED-inyector-GLP-GNV-4-cilindros-con-sensor-nueva-version-de-12-agujeros-1-png.webp\",\"datePublished\":\"2024-12-09T14:01:58+00:00\",\"dateModified\":\"2026-05-05T10:09:33+00:00\",\"description\":\"Landi Renzo MED MED LPG\\\/CNG iniettore a 4 cilindri con sensore di pressione. Versione a 12 fori per motori a 4 cilindri. Acquista online\",\"breadcrumb\":{\"@id\":\"https:\\\/\\\/recambiosecogas.com\\\/it\\\/producto\\\/landi-renzo-med-inyector-glp-gnc-4-cilindros-antiguo-diseno-de-4-agujeros\\\/#breadcrumb\"},\"inLanguage\":\"it-IT\",\"potentialAction\":[{\"@type\":\"ReadAction\",\"target\":[\"https:\\\/\\\/recambiosecogas.com\\\/it\\\/producto\\\/landi-renzo-med-inyector-glp-gnc-4-cilindros-antiguo-diseno-de-4-agujeros\\\/\"]}]},{\"@type\":\"ImageObject\",\"inLanguage\":\"it-IT\",\"@id\":\"https:\\\/\\\/recambiosecogas.com\\\/it\\\/producto\\\/landi-renzo-med-inyector-glp-gnc-4-cilindros-antiguo-diseno-de-4-agujeros\\\/#primaryimage\",\"url\":\"https:\\\/\\\/recambiosecogas.com\\\/wp-content\\\/uploads\\\/2024\\\/12\\\/Landi-Renzo-MED-inyector-GLP-GNV-4-cilindros-con-sensor-nueva-version-de-12-agujeros-1-png.webp\",\"contentUrl\":\"https:\\\/\\\/recambiosecogas.com\\\/wp-content\\\/uploads\\\/2024\\\/12\\\/Landi-Renzo-MED-inyector-GLP-GNV-4-cilindros-con-sensor-nueva-version-de-12-agujeros-1-png.webp\",\"width\":1000,\"height\":1000},{\"@type\":\"BreadcrumbList\",\"@id\":\"https:\\\/\\\/recambiosecogas.com\\\/it\\\/producto\\\/landi-renzo-med-inyector-glp-gnc-4-cilindros-antiguo-diseno-de-4-agujeros\\\/#breadcrumb\",\"itemListElement\":[{\"@type\":\"ListItem\",\"position\":1,\"name\":\"Portada\",\"item\":\"https:\\\/\\\/recambiosecogas.com\\\/it\\\/\"},{\"@type\":\"ListItem\",\"position\":2,\"name\":\"Negozio\",\"item\":\"https:\\\/\\\/recambiosecogas.com\\\/it\\\/?page_id=46382\"},{\"@type\":\"ListItem\",\"position\":3,\"name\":\"Landi Renzo MED MED LPG CNG iniettore 4 cilindri con sensore (nuova versione a 12 fori)\"}]},{\"@type\":\"WebSite\",\"@id\":\"https:\\\/\\\/recambiosecogas.com\\\/it\\\/#website\",\"url\":\"https:\\\/\\\/recambiosecogas.com\\\/it\\\/\",\"name\":\"Recambios EcoGas\",\"description\":\"Recambios Multimarca para sistemas de GLP\\\/GNC\\\/GNL\\\/Hidr\u00f3geno\",\"publisher\":{\"@id\":\"https:\\\/\\\/recambiosecogas.com\\\/it\\\/#organization\"},\"alternateName\":\"Recambios Autogas GLP\",\"potentialAction\":[{\"@type\":\"SearchAction\",\"target\":{\"@type\":\"EntryPoint\",\"urlTemplate\":\"https:\\\/\\\/recambiosecogas.com\\\/it\\\/?s={search_term_string}\"},\"query-input\":{\"@type\":\"PropertyValueSpecification\",\"valueRequired\":true,\"valueName\":\"search_term_string\"}}],\"inLanguage\":\"it-IT\"},{\"@type\":[\"Organization\",\"Place\"],\"@id\":\"https:\\\/\\\/recambiosecogas.com\\\/it\\\/#organization\",\"name\":\"Recambios EcoGas\",\"alternateName\":\"Tienda Online GLP Espa\u00f1a\",\"url\":\"https:\\\/\\\/recambiosecogas.com\\\/it\\\/\",\"logo\":{\"@id\":\"https:\\\/\\\/recambiosecogas.com\\\/it\\\/producto\\\/landi-renzo-med-inyector-glp-gnc-4-cilindros-antiguo-diseno-de-4-agujeros\\\/#local-main-organization-logo\"},\"image\":{\"@id\":\"https:\\\/\\\/recambiosecogas.com\\\/it\\\/producto\\\/landi-renzo-med-inyector-glp-gnc-4-cilindros-antiguo-diseno-de-4-agujeros\\\/#local-main-organization-logo\"},\"sameAs\":[\"https:\\\/\\\/www.facebook.com\\\/profile.php?id=100062419705358\",\"https:\\\/\\\/www.instagram.com\\\/segimon_automocio\"],\"description\":\"Recambios EcoGas \u2013 Venta y distribuci\u00f3n de sistemas GLP y GNC en Espa\u00f1a y Portugal. Env\u00edos 24 h, soporte t\u00e9cnico a talleres y distribuidores.\",\"hasMerchantReturnPolicy\":{\"@type\":\"MerchantReturnPolicy\",\"merchantReturnLink\":\"https:\\\/\\\/recambiosecogas.com\\\/politicas-privacidad\\\/\"},\"address\":{\"@id\":\"https:\\\/\\\/recambiosecogas.com\\\/it\\\/producto\\\/landi-renzo-med-inyector-glp-gnc-4-cilindros-antiguo-diseno-de-4-agujeros\\\/#local-main-place-address\"},\"telephone\":[\"616250633\"],\"contactPoint\":{\"@type\":\"ContactPoint\",\"email\":\"export@recambiosecogas.com\"},\"openingHoursSpecification\":[{\"@type\":\"OpeningHoursSpecification\",\"dayOfWeek\":[\"Monday\",\"Tuesday\",\"Wednesday\",\"Thursday\",\"Friday\",\"Saturday\",\"Sunday\"],\"opens\":\"09:00\",\"closes\":\"17:00\"}],\"email\":\"info@recambiosecogas.com\",\"faxNumber\":\"SEGIMON AUTOMOCION SL\",\"vatID\":\"ESB19819861\",\"globalLocationNumber\":\"938 616 339\"},{\"@type\":\"PostalAddress\",\"@id\":\"https:\\\/\\\/recambiosecogas.com\\\/it\\\/producto\\\/landi-renzo-med-inyector-glp-gnc-4-cilindros-antiguo-diseno-de-4-agujeros\\\/#local-main-place-address\",\"streetAddress\":\"cami antic de vic, 29 (Nave 3), Pol\u00edgono Industrial Congost\",\"addressLocality\":\"CORRO D`AVALL\",\"postalCode\":\"08520\",\"addressRegion\":\"Barcelona\",\"addressCountry\":\"ES\"},{\"@type\":\"ImageObject\",\"inLanguage\":\"it-IT\",\"@id\":\"https:\\\/\\\/recambiosecogas.com\\\/it\\\/producto\\\/landi-renzo-med-inyector-glp-gnc-4-cilindros-antiguo-diseno-de-4-agujeros\\\/#local-main-organization-logo\",\"url\":\"https:\\\/\\\/recambiosecogas.com\\\/wp-content\\\/uploads\\\/2024\\\/11\\\/cropped-RECAMBIOS-GLP-png.webp\",\"contentUrl\":\"https:\\\/\\\/recambiosecogas.com\\\/wp-content\\\/uploads\\\/2024\\\/11\\\/cropped-RECAMBIOS-GLP-png.webp\",\"width\":512,\"height\":512,\"caption\":\"Recambios EcoGas\"}]}<\/script>\n<meta property=\"og:availability\" content=\"backorder\" \/>\n<meta property=\"product:availability\" content=\"available for order\" \/>\n<meta property=\"product:retailer_item_id\" content=\"109220\" \/>\n<meta property=\"product:condition\" content=\"new\" \/>\n<meta name=\"geo.placename\" content=\"CORRO D`AVALL\" \/>\n<meta name=\"geo.region\" content=\"Spagna\" \/>\n<!-- \/ Yoast SEO Premium plugin. -->","yoast_head_json":{"title":"Landi Renzo MED MED LPG CNG iniettore 4 cilindri con sensore (nuova versione a 12 fori) | Recambios EcoGas | Sistemas GLP y GNC","description":"Landi Renzo MED MED LPG\/CNG iniettore a 4 cilindri con sensore di pressione. Versione a 12 fori per motori a 4 cilindri. Acquista online","robots":{"index":"index","follow":"follow","max-snippet":"max-snippet:-1","max-image-preview":"max-image-preview:large","max-video-preview":"max-video-preview:-1"},"canonical":"https:\/\/recambiosecogas.com\/it\/producto\/landi-renzo-med-inyector-glp-gnc-4-cilindros-antiguo-diseno-de-4-agujeros\/","og_locale":"it_IT","og_type":"article","og_title":"Landi Renzo MED MED LPG CNG iniettore 4 cilindri con sensore (nuova versione a 12 fori)","og_description":"Landi Renzo MED MED LPG\/CNG iniettore a 4 cilindri con sensore di pressione. Versione a 12 fori per motori a 4 cilindri. Acquista online","og_url":"https:\/\/recambiosecogas.com\/it\/producto\/landi-renzo-med-inyector-glp-gnc-4-cilindros-antiguo-diseno-de-4-agujeros\/","og_site_name":"Recambios EcoGas","article_publisher":"https:\/\/www.facebook.com\/profile.php?id=100062419705358","article_modified_time":"2026-05-05T10:09:33+00:00","og_image":[{"width":1000,"height":1000,"url":"https:\/\/recambiosecogas.com\/wp-content\/uploads\/2024\/12\/Landi-Renzo-MED-inyector-GLP-GNV-4-cilindros-con-sensor-nueva-version-de-12-agujeros-1-png.webp","type":"image\/png"}],"twitter_card":"summary_large_image","twitter_misc":{"Disponibilit\u00e0":"Su ordinazione"},"schema":{"@context":"https:\/\/schema.org","@graph":[{"@type":"WebPage","@id":"https:\/\/recambiosecogas.com\/it\/producto\/landi-renzo-med-inyector-glp-gnc-4-cilindros-antiguo-diseno-de-4-agujeros\/","url":"https:\/\/recambiosecogas.com\/it\/producto\/landi-renzo-med-inyector-glp-gnc-4-cilindros-antiguo-diseno-de-4-agujeros\/","name":"Landi Renzo MED MED LPG CNG iniettore 4 cilindri con sensore (nuova versione a 12 fori) | Recambios EcoGas | Sistemas GLP y GNC","isPartOf":{"@id":"https:\/\/recambiosecogas.com\/it\/#website"},"primaryImageOfPage":{"@id":"https:\/\/recambiosecogas.com\/it\/producto\/landi-renzo-med-inyector-glp-gnc-4-cilindros-antiguo-diseno-de-4-agujeros\/#primaryimage"},"image":{"@id":"https:\/\/recambiosecogas.com\/it\/producto\/landi-renzo-med-inyector-glp-gnc-4-cilindros-antiguo-diseno-de-4-agujeros\/#primaryimage"},"thumbnailUrl":"https:\/\/recambiosecogas.com\/wp-content\/uploads\/2024\/12\/Landi-Renzo-MED-inyector-GLP-GNV-4-cilindros-con-sensor-nueva-version-de-12-agujeros-1-png.webp","datePublished":"2024-12-09T14:01:58+00:00","dateModified":"2026-05-05T10:09:33+00:00","description":"Landi Renzo MED MED LPG\/CNG iniettore a 4 cilindri con sensore di pressione. Versione a 12 fori per motori a 4 cilindri. Acquista online","breadcrumb":{"@id":"https:\/\/recambiosecogas.com\/it\/producto\/landi-renzo-med-inyector-glp-gnc-4-cilindros-antiguo-diseno-de-4-agujeros\/#breadcrumb"},"inLanguage":"it-IT","potentialAction":[{"@type":"ReadAction","target":["https:\/\/recambiosecogas.com\/it\/producto\/landi-renzo-med-inyector-glp-gnc-4-cilindros-antiguo-diseno-de-4-agujeros\/"]}]},{"@type":"ImageObject","inLanguage":"it-IT","@id":"https:\/\/recambiosecogas.com\/it\/producto\/landi-renzo-med-inyector-glp-gnc-4-cilindros-antiguo-diseno-de-4-agujeros\/#primaryimage","url":"https:\/\/recambiosecogas.com\/wp-content\/uploads\/2024\/12\/Landi-Renzo-MED-inyector-GLP-GNV-4-cilindros-con-sensor-nueva-version-de-12-agujeros-1-png.webp","contentUrl":"https:\/\/recambiosecogas.com\/wp-content\/uploads\/2024\/12\/Landi-Renzo-MED-inyector-GLP-GNV-4-cilindros-con-sensor-nueva-version-de-12-agujeros-1-png.webp","width":1000,"height":1000},{"@type":"BreadcrumbList","@id":"https:\/\/recambiosecogas.com\/it\/producto\/landi-renzo-med-inyector-glp-gnc-4-cilindros-antiguo-diseno-de-4-agujeros\/#breadcrumb","itemListElement":[{"@type":"ListItem","position":1,"name":"Portada","item":"https:\/\/recambiosecogas.com\/it\/"},{"@type":"ListItem","position":2,"name":"Negozio","item":"https:\/\/recambiosecogas.com\/it\/?page_id=46382"},{"@type":"ListItem","position":3,"name":"Landi Renzo MED MED LPG CNG iniettore 4 cilindri con sensore (nuova versione a 12 fori)"}]},{"@type":"WebSite","@id":"https:\/\/recambiosecogas.com\/it\/#website","url":"https:\/\/recambiosecogas.com\/it\/","name":"Recambios EcoGas","description":"Recambios Multimarca para sistemas de GLP\/GNC\/GNL\/Hidr\u00f3geno","publisher":{"@id":"https:\/\/recambiosecogas.com\/it\/#organization"},"alternateName":"Recambios Autogas GLP","potentialAction":[{"@type":"SearchAction","target":{"@type":"EntryPoint","urlTemplate":"https:\/\/recambiosecogas.com\/it\/?s={search_term_string}"},"query-input":{"@type":"PropertyValueSpecification","valueRequired":true,"valueName":"search_term_string"}}],"inLanguage":"it-IT"},{"@type":["Organization","Place"],"@id":"https:\/\/recambiosecogas.com\/it\/#organization","name":"Recambios EcoGas","alternateName":"Tienda Online GLP Espa\u00f1a","url":"https:\/\/recambiosecogas.com\/it\/","logo":{"@id":"https:\/\/recambiosecogas.com\/it\/producto\/landi-renzo-med-inyector-glp-gnc-4-cilindros-antiguo-diseno-de-4-agujeros\/#local-main-organization-logo"},"image":{"@id":"https:\/\/recambiosecogas.com\/it\/producto\/landi-renzo-med-inyector-glp-gnc-4-cilindros-antiguo-diseno-de-4-agujeros\/#local-main-organization-logo"},"sameAs":["https:\/\/www.facebook.com\/profile.php?id=100062419705358","https:\/\/www.instagram.com\/segimon_automocio"],"description":"Recambios EcoGas \u2013 Venta y distribuci\u00f3n de sistemas GLP y GNC en Espa\u00f1a y Portugal. Env\u00edos 24 h, soporte t\u00e9cnico a talleres y distribuidores.","hasMerchantReturnPolicy":{"@type":"MerchantReturnPolicy","merchantReturnLink":"https:\/\/recambiosecogas.com\/politicas-privacidad\/"},"address":{"@id":"https:\/\/recambiosecogas.com\/it\/producto\/landi-renzo-med-inyector-glp-gnc-4-cilindros-antiguo-diseno-de-4-agujeros\/#local-main-place-address"},"telephone":["616250633"],"contactPoint":{"@type":"ContactPoint","email":"export@recambiosecogas.com"},"openingHoursSpecification":[{"@type":"OpeningHoursSpecification","dayOfWeek":["Monday","Tuesday","Wednesday","Thursday","Friday","Saturday","Sunday"],"opens":"09:00","closes":"17:00"}],"email":"info@recambiosecogas.com","faxNumber":"SEGIMON AUTOMOCION SL","vatID":"ESB19819861","globalLocationNumber":"938 616 339"},{"@type":"PostalAddress","@id":"https:\/\/recambiosecogas.com\/it\/producto\/landi-renzo-med-inyector-glp-gnc-4-cilindros-antiguo-diseno-de-4-agujeros\/#local-main-place-address","streetAddress":"cami antic de vic, 29 (Nave 3), Pol\u00edgono Industrial Congost","addressLocality":"CORRO D`AVALL","postalCode":"08520","addressRegion":"Barcelona","addressCountry":"ES"},{"@type":"ImageObject","inLanguage":"it-IT","@id":"https:\/\/recambiosecogas.com\/it\/producto\/landi-renzo-med-inyector-glp-gnc-4-cilindros-antiguo-diseno-de-4-agujeros\/#local-main-organization-logo","url":"https:\/\/recambiosecogas.com\/wp-content\/uploads\/2024\/11\/cropped-RECAMBIOS-GLP-png.webp","contentUrl":"https:\/\/recambiosecogas.com\/wp-content\/uploads\/2024\/11\/cropped-RECAMBIOS-GLP-png.webp","width":512,"height":512,"caption":"Recambios EcoGas"}]},"og_availability":"backorder","product_availability":"available for order","product_retailer_item_id":"109220","product_condition":"new","geo.placename":"CORRO D`AVALL","geo.region":"Spagna"},"uagb_featured_image_src":{"full":["https:\/\/recambiosecogas.com\/wp-content\/uploads\/2024\/12\/Landi-Renzo-MED-inyector-GLP-GNV-4-cilindros-con-sensor-nueva-version-de-12-agujeros-1-png.webp",1000,1000,false],"thumbnail":["https:\/\/recambiosecogas.com\/wp-content\/uploads\/2024\/12\/Landi-Renzo-MED-inyector-GLP-GNV-4-cilindros-con-sensor-nueva-version-de-12-agujeros-1-150x150.webp",150,150,true],"medium":["https:\/\/recambiosecogas.com\/wp-content\/uploads\/2024\/12\/Landi-Renzo-MED-inyector-GLP-GNV-4-cilindros-con-sensor-nueva-version-de-12-agujeros-1-300x300.webp",300,300,true],"medium_large":["https:\/\/recambiosecogas.com\/wp-content\/uploads\/2024\/12\/Landi-Renzo-MED-inyector-GLP-GNV-4-cilindros-con-sensor-nueva-version-de-12-agujeros-1-768x768.webp",768,768,true],"large":["https:\/\/recambiosecogas.com\/wp-content\/uploads\/2024\/12\/Landi-Renzo-MED-inyector-GLP-GNV-4-cilindros-con-sensor-nueva-version-de-12-agujeros-1-png.webp",1000,1000,false],"1536x1536":["https:\/\/recambiosecogas.com\/wp-content\/uploads\/2024\/12\/Landi-Renzo-MED-inyector-GLP-GNV-4-cilindros-con-sensor-nueva-version-de-12-agujeros-1-png.webp",1000,1000,false],"2048x2048":["https:\/\/recambiosecogas.com\/wp-content\/uploads\/2024\/12\/Landi-Renzo-MED-inyector-GLP-GNV-4-cilindros-con-sensor-nueva-version-de-12-agujeros-1-png.webp",1000,1000,false],"woocommerce_archive_thumbnail":["https:\/\/recambiosecogas.com\/wp-content\/uploads\/2024\/12\/Landi-Renzo-MED-inyector-GLP-GNV-4-cilindros-con-sensor-nueva-version-de-12-agujeros-1-png.webp",1000,1000,false],"woocommerce_thumbnail":["https:\/\/recambiosecogas.com\/wp-content\/uploads\/2024\/12\/Landi-Renzo-MED-inyector-GLP-GNV-4-cilindros-con-sensor-nueva-version-de-12-agujeros-1-png-300x300.webp",300,300,true],"woocommerce_single":["https:\/\/recambiosecogas.com\/wp-content\/uploads\/2024\/12\/Landi-Renzo-MED-inyector-GLP-GNV-4-cilindros-con-sensor-nueva-version-de-12-agujeros-1-png.webp",1000,1000,false],"woocommerce_gallery_thumbnail":["https:\/\/recambiosecogas.com\/wp-content\/uploads\/2024\/12\/Landi-Renzo-MED-inyector-GLP-GNV-4-cilindros-con-sensor-nueva-version-de-12-agujeros-1-png.webp",1000,1000,false],"dgwt-wcas-product-suggestion":["https:\/\/recambiosecogas.com\/wp-content\/uploads\/2024\/12\/Landi-Renzo-MED-inyector-GLP-GNV-4-cilindros-con-sensor-nueva-version-de-12-agujeros-1-png-64x64.webp",64,64,true]},"uagb_author_info":{"display_name":"Fran - Soporte T\u00e9cnico","author_link":"https:\/\/recambiosecogas.com\/it\/author\/"},"uagb_comment_info":0,"uagb_excerpt":"Dati tecnici Numero di approvazione Iniettori: E13 67R - 010234 Supporto per la rotaia: E13 67R - 010233","_links":{"self":[{"href":"https:\/\/recambiosecogas.com\/it\/wp-json\/wp\/v2\/product\/48362","targetHints":{"allow":["GET"]}}],"collection":[{"href":"https:\/\/recambiosecogas.com\/it\/wp-json\/wp\/v2\/product"}],"about":[{"href":"https:\/\/recambiosecogas.com\/it\/wp-json\/wp\/v2\/types\/product"}],"replies":[{"embeddable":true,"href":"https:\/\/recambiosecogas.com\/it\/wp-json\/wp\/v2\/comments?post=48362"}],"wp:featuredmedia":[{"embeddable":true,"href":"https:\/\/recambiosecogas.com\/it\/wp-json\/wp\/v2\/media\/48365"}],"wp:attachment":[{"href":"https:\/\/recambiosecogas.com\/it\/wp-json\/wp\/v2\/media?parent=48362"}],"wp:term":[{"taxonomy":"product_brand","embeddable":true,"href":"https:\/\/recambiosecogas.com\/it\/wp-json\/wp\/v2\/product_brand?post=48362"},{"taxonomy":"product_cat","embeddable":true,"href":"https:\/\/recambiosecogas.com\/it\/wp-json\/wp\/v2\/product_cat?post=48362"},{"taxonomy":"product_tag","embeddable":true,"href":"https:\/\/recambiosecogas.com\/it\/wp-json\/wp\/v2\/product_tag?post=48362"}],"curies":[{"name":"wp","href":"https:\/\/api.w.org\/{rel}","templated":true}]}}