{"id":47948,"date":"2024-12-09T09:46:26","date_gmt":"2024-12-09T09:46:26","guid":{"rendered":"https:\/\/recambiosecogas.com\/producto\/landi-renzo-girs12-rampa-de-inyeccion-de-3-cilindros-s-verde-con-sensor-de-55-bar\/"},"modified":"2026-04-15T11:46:48","modified_gmt":"2026-04-15T10:46:48","slug":"landi-renzo-girs12-rampa-de-inyeccion-de-3-cilindros-s-verde-con-sensor-de-55-bar","status":"publish","type":"product","link":"https:\/\/recambiosecogas.com\/it\/producto\/landi-renzo-girs12-rampa-de-inyeccion-de-3-cilindros-s-verde-con-sensor-de-55-bar\/","title":{"rendered":"Landi Renzo GIRS12 3 cilindri a rampa di iniezione S (verde) con sensore da 5,5 bar"},"content":{"rendered":"<h3 style=\"text-align: center;\" data-start=\"84\" data-end=\"172\">Landi Renzo GIRS12 3 cilindri a rampa di iniezione S (verde) con sensore da 5,5 bar<\/h3>\n<p data-start=\"174\" data-end=\"574\">La rampa di iniezione Landi Renzo GIRS12 a 3 cilindri in versione S (verde) \u00e8 dotata di un sensore di pressione da 5,5 bar ed \u00e8 appositamente progettata per l&#8217;uso su veicoli a GPL e CNG di media potenza. Questo modello \u00e8 frequentemente utilizzato in veicoli OEM come quelli del gruppo Renault e Dacia, offrendo una perfetta integrazione con i sistemi di iniezione Landi Renzo di ultima generazione. <\/p>\n<p data-start=\"576\" data-end=\"1036\">La tecnologia GIRS12 di Landi Renzo rappresenta l&#8217;evoluzione in precisione, durata ed efficienza nella gestione dei gas. Questa versione S \u00e8 ideale per cilindri che operano tra 19 e 22 KW, garantendo una consegna accurata del carburante e riducendo significativamente consumi ed emissioni. L&#8217;inclusione del sensore di pressione da 5,5 bar offre un controllo pi\u00f9 preciso del dosaggio del gas, ottimizzando le prestazioni del motore in ogni momento.  <\/p>\n<p data-start=\"1038\" data-end=\"1341\">Realizzato con materiali di alta qualit\u00e0 e con un design robusto, questo iniettore a 3 cilindri garantisce una lunga durata operativa e un funzionamento affidabile in qualsiasi condizione. \u00c8 ideale sia per sistemi di conversione sia per la manutenzione e la sostituzione di veicoli che gi\u00e0 funzionano con GPL o GNC. <\/p>\n<hr class=\"\" data-start=\"1343\" data-end=\"1346\">\n<p data-start=\"1348\" data-end=\"1376\"><strong data-start=\"1348\" data-end=\"1376\">Caratteristiche tecniche &#8211;  <\/strong><\/p>\n<div class=\"pointer-events-none relative left-[50%]! flex w-[100cqw] translate-x-[-50%] justify-center *:pointer-events-auto\">\n<div class=\"tableContainer horzScrollShadows group relative\">\n<p>&nbsp;<\/p>\n<table class=\"min-w-full\" data-start=\"1378\" data-end=\"2124\">\n<thead data-start=\"1378\" data-end=\"1461\">\n<tr data-start=\"1378\" data-end=\"1461\">\n<th data-start=\"1378\" data-end=\"1412\">Caratteristiche<\/th>\n<th data-start=\"1412\" data-end=\"1461\">Specifiche<\/th>\n<\/tr>\n<\/thead>\n<tbody data-start=\"1545\" data-end=\"2124\">\n<tr data-start=\"1545\" data-end=\"1627\">\n<td class=\"max-w-[calc(var(--thread-content-max-width)*2\/3)]\" data-start=\"1545\" data-end=\"1578\">Versione<\/td>\n<td class=\"max-w-[calc(var(--thread-content-max-width)*2\/3)]\" data-start=\"1578\" data-end=\"1627\">GIRS12 S (verde)<\/td>\n<\/tr>\n<tr data-start=\"1628\" data-end=\"1710\">\n<td class=\"max-w-[calc(var(--thread-content-max-width)*2\/3)]\" data-start=\"1628\" data-end=\"1661\">Numero di cilindri<\/td>\n<td class=\"max-w-[calc(var(--thread-content-max-width)*2\/3)]\" data-start=\"1661\" data-end=\"1710\">3<\/td>\n<\/tr>\n<tr data-start=\"1711\" data-end=\"1793\">\n<td class=\"max-w-[calc(var(--thread-content-max-width)*2\/3)]\" data-start=\"1711\" data-end=\"1744\">Con sensore di pressione<\/td>\n<td class=\"max-w-[calc(var(--thread-content-max-width)*2\/3)]\" data-start=\"1744\" data-end=\"1793\">S\u00ec (5,5 bar)<\/td>\n<\/tr>\n<tr data-start=\"1794\" data-end=\"1876\">\n<td class=\"max-w-[calc(var(--thread-content-max-width)*2\/3)]\" data-start=\"1794\" data-end=\"1827\">Compatibile con<\/td>\n<td class=\"max-w-[calc(var(--thread-content-max-width)*2\/3)]\" data-start=\"1827\" data-end=\"1876\">Dacia, Renault, OEM Systems<\/td>\n<\/tr>\n<tr data-start=\"1877\" data-end=\"1959\">\nTipo <\/p>\n<td class=\"max-w-[calc(var(--thread-content-max-width)*2\/3)]\" data-start=\"1877\" data-end=\"1910\">di gas<\/td>\n<td class=\"max-w-[calc(var(--thread-content-max-width)*2\/3)]\" data-start=\"1910\" data-end=\"1959\">GPL \/ GNC<\/td>\n<\/tr>\n<tr data-start=\"1960\" data-end=\"2041\">\nPotenza raccomandata <\/p>\n<td class=\"max-w-[calc(var(--thread-content-max-width)*2\/3)]\" data-start=\"1960\" data-end=\"1996\">per cilindro<\/td>\n<td class=\"max-w-[calc(var(--thread-content-max-width)*2\/3)]\" data-start=\"1996\" data-end=\"2041\">19 &#8211; 22 KW<\/td>\n<\/tr>\n<tr data-start=\"2042\" data-end=\"2124\">\n<td class=\"max-w-[calc(var(--thread-content-max-width)*2\/3)]\" data-start=\"2042\" data-end=\"2075\">Numero di parte Landi Renzo<\/td>\n<td class=\"max-w-[calc(var(--thread-content-max-width)*2\/3)]\" data-start=\"2075\" data-end=\"2124\">238000132<\/td>\n<\/tr>\n<\/tbody>\n<\/table>\n<p><a href=\"https:\/\/recambiosecogas.com\/it\/categoria-producto\/inyectores-menu\/inyectores-rail\/\">Il nostro catalogo di iniettori.<\/a><\/p>\n<p><a href=\"https:\/\/segimonautomocio.com\/\">Cambia i tuoi iniettori nel nostro laboratorio specializzato.<\/a><\/p>\n<\/div>\n<\/div>\n","protected":false},"excerpt":{"rendered":"<p>LANDI RENZO<\/p>\n","protected":false},"featured_media":43682,"comment_status":"open","ping_status":"closed","template":"","meta":{"_uag_custom_page_level_css":""},"product_brand":[],"product_cat":[2122,2123,2124],"product_tag":[2407,2405,2406],"class_list":{"0":"post-47948","1":"product","2":"type-product","3":"status-publish","4":"has-post-thumbnail","6":"product_cat-inyectores-rail","7":"product_cat-landirenzo","8":"product_cat-rail-riel-rampa-inyectora","9":"product_tag-girs12","10":"product_tag-iniezione-a-3-cilindri","11":"product_tag-sensore-di-pressione-incluso","13":"first","14":"onbackorder","15":"taxable","16":"shipping-taxable","17":"purchasable","18":"product-type-simple"},"ct_brands":[],"yoast_head":"<!-- This site is optimized with the Yoast SEO Premium plugin v27.5 (Yoast SEO v27.6) - https:\/\/yoast.com\/product\/yoast-seo-premium-wordpress\/ -->\n<title>Landi Renzo GIRS12 3 cilindri a rampa di iniezione S (verde) con sensore da 5,5 bar | Recambios EcoGas | Sistemas GLP y GNC<\/title>\n<meta name=\"description\" content=\"Rampa di iniezione S a 3 cilindri Landi Renzo GIRS12 (verde) con sensore da 5,5 bar per sistemi a GPL e CNG. Ideale per Dacia e Renault. Alta precisione e affidabilit\u00e0.\" \/>\n<meta name=\"robots\" content=\"index, follow, max-snippet:-1, max-image-preview:large, max-video-preview:-1\" \/>\n<link rel=\"canonical\" href=\"https:\/\/recambiosecogas.com\/it\/producto\/landi-renzo-girs12-rampa-de-inyeccion-de-3-cilindros-s-verde-con-sensor-de-55-bar\/\" \/>\n<meta property=\"og:locale\" content=\"it_IT\" \/>\n<meta property=\"og:type\" content=\"article\" \/>\n<meta property=\"og:title\" content=\"Landi Renzo GIRS12 3 cilindri a rampa di iniezione S (verde) con sensore da 5,5 bar\" \/>\n<meta property=\"og:description\" content=\"Rampa di iniezione S a 3 cilindri Landi Renzo GIRS12 (verde) con sensore da 5,5 bar per sistemi a GPL e CNG. Ideale per Dacia e Renault. Alta precisione e affidabilit\u00e0.\" \/>\n<meta property=\"og:url\" content=\"https:\/\/recambiosecogas.com\/it\/producto\/landi-renzo-girs12-rampa-de-inyeccion-de-3-cilindros-s-verde-con-sensor-de-55-bar\/\" \/>\n<meta property=\"og:site_name\" content=\"Recambios EcoGas\" \/>\n<meta property=\"article:publisher\" content=\"https:\/\/www.facebook.com\/profile.php?id=100062419705358\" \/>\n<meta property=\"article:modified_time\" content=\"2026-04-15T10:46:48+00:00\" \/>\n<meta property=\"og:image\" content=\"https:\/\/recambiosecogas.com\/wp-content\/uploads\/2024\/12\/landi-renzo-verde.webp\" \/>\n\t<meta property=\"og:image:width\" content=\"1000\" \/>\n\t<meta property=\"og:image:height\" content=\"1000\" \/>\n\t<meta property=\"og:image:type\" content=\"image\/png\" \/>\n<meta name=\"twitter:card\" content=\"summary_large_image\" \/>\n<meta name=\"twitter:label1\" content=\"Prezzo\" \/>\n\t<meta name=\"twitter:data1\" content=\"206,45&nbsp;&euro; (Sin IVA: 170,62&nbsp;&euro;)\" \/>\n\t<meta name=\"twitter:label2\" content=\"Disponibilit\u00e0\" \/>\n\t<meta name=\"twitter:data2\" content=\"Su ordinazione\" \/>\n<script type=\"application\/ld+json\" class=\"yoast-schema-graph\">{\"@context\":\"https:\\\/\\\/schema.org\",\"@graph\":[{\"@type\":\"WebPage\",\"@id\":\"https:\\\/\\\/recambiosecogas.com\\\/it\\\/producto\\\/landi-renzo-girs12-rampa-de-inyeccion-de-3-cilindros-s-verde-con-sensor-de-55-bar\\\/\",\"url\":\"https:\\\/\\\/recambiosecogas.com\\\/it\\\/producto\\\/landi-renzo-girs12-rampa-de-inyeccion-de-3-cilindros-s-verde-con-sensor-de-55-bar\\\/\",\"name\":\"Landi Renzo GIRS12 3 cilindri a rampa di iniezione S (verde) con sensore da 5,5 bar | Recambios EcoGas | Sistemas GLP y GNC\",\"isPartOf\":{\"@id\":\"https:\\\/\\\/recambiosecogas.com\\\/it\\\/#website\"},\"primaryImageOfPage\":{\"@id\":\"https:\\\/\\\/recambiosecogas.com\\\/it\\\/producto\\\/landi-renzo-girs12-rampa-de-inyeccion-de-3-cilindros-s-verde-con-sensor-de-55-bar\\\/#primaryimage\"},\"image\":{\"@id\":\"https:\\\/\\\/recambiosecogas.com\\\/it\\\/producto\\\/landi-renzo-girs12-rampa-de-inyeccion-de-3-cilindros-s-verde-con-sensor-de-55-bar\\\/#primaryimage\"},\"thumbnailUrl\":\"https:\\\/\\\/recambiosecogas.com\\\/wp-content\\\/uploads\\\/2024\\\/12\\\/landi-renzo-verde.webp\",\"datePublished\":\"2024-12-09T09:46:26+00:00\",\"dateModified\":\"2026-04-15T10:46:48+00:00\",\"description\":\"Rampa di iniezione S a 3 cilindri Landi Renzo GIRS12 (verde) con sensore da 5,5 bar per sistemi a GPL e CNG. Ideale per Dacia e Renault. Alta precisione e affidabilit\u00e0.\",\"breadcrumb\":{\"@id\":\"https:\\\/\\\/recambiosecogas.com\\\/it\\\/producto\\\/landi-renzo-girs12-rampa-de-inyeccion-de-3-cilindros-s-verde-con-sensor-de-55-bar\\\/#breadcrumb\"},\"inLanguage\":\"it-IT\",\"potentialAction\":[{\"@type\":\"ReadAction\",\"target\":[\"https:\\\/\\\/recambiosecogas.com\\\/it\\\/producto\\\/landi-renzo-girs12-rampa-de-inyeccion-de-3-cilindros-s-verde-con-sensor-de-55-bar\\\/\"]}]},{\"@type\":\"ImageObject\",\"inLanguage\":\"it-IT\",\"@id\":\"https:\\\/\\\/recambiosecogas.com\\\/it\\\/producto\\\/landi-renzo-girs12-rampa-de-inyeccion-de-3-cilindros-s-verde-con-sensor-de-55-bar\\\/#primaryimage\",\"url\":\"https:\\\/\\\/recambiosecogas.com\\\/wp-content\\\/uploads\\\/2024\\\/12\\\/landi-renzo-verde.webp\",\"contentUrl\":\"https:\\\/\\\/recambiosecogas.com\\\/wp-content\\\/uploads\\\/2024\\\/12\\\/landi-renzo-verde.webp\",\"width\":1000,\"height\":1000},{\"@type\":\"BreadcrumbList\",\"@id\":\"https:\\\/\\\/recambiosecogas.com\\\/it\\\/producto\\\/landi-renzo-girs12-rampa-de-inyeccion-de-3-cilindros-s-verde-con-sensor-de-55-bar\\\/#breadcrumb\",\"itemListElement\":[{\"@type\":\"ListItem\",\"position\":1,\"name\":\"Portada\",\"item\":\"https:\\\/\\\/recambiosecogas.com\\\/it\\\/\"},{\"@type\":\"ListItem\",\"position\":2,\"name\":\"Negozio\",\"item\":\"https:\\\/\\\/recambiosecogas.com\\\/it\\\/?page_id=46382\"},{\"@type\":\"ListItem\",\"position\":3,\"name\":\"Landi Renzo GIRS12 3 cilindri a rampa di iniezione S (verde) con sensore da 5,5 bar\"}]},{\"@type\":\"WebSite\",\"@id\":\"https:\\\/\\\/recambiosecogas.com\\\/it\\\/#website\",\"url\":\"https:\\\/\\\/recambiosecogas.com\\\/it\\\/\",\"name\":\"Recambios EcoGas\",\"description\":\"Recambios Multimarca para sistemas de GLP\\\/GNC\\\/GNL\\\/Hidr\u00f3geno\",\"publisher\":{\"@id\":\"https:\\\/\\\/recambiosecogas.com\\\/it\\\/#organization\"},\"alternateName\":\"Recambios Autogas GLP\",\"potentialAction\":[{\"@type\":\"SearchAction\",\"target\":{\"@type\":\"EntryPoint\",\"urlTemplate\":\"https:\\\/\\\/recambiosecogas.com\\\/it\\\/?s={search_term_string}\"},\"query-input\":{\"@type\":\"PropertyValueSpecification\",\"valueRequired\":true,\"valueName\":\"search_term_string\"}}],\"inLanguage\":\"it-IT\"},{\"@type\":[\"Organization\",\"Place\"],\"@id\":\"https:\\\/\\\/recambiosecogas.com\\\/it\\\/#organization\",\"name\":\"Recambios EcoGas\",\"alternateName\":\"Tienda Online GLP Espa\u00f1a\",\"url\":\"https:\\\/\\\/recambiosecogas.com\\\/it\\\/\",\"logo\":{\"@id\":\"https:\\\/\\\/recambiosecogas.com\\\/it\\\/producto\\\/landi-renzo-girs12-rampa-de-inyeccion-de-3-cilindros-s-verde-con-sensor-de-55-bar\\\/#local-main-organization-logo\"},\"image\":{\"@id\":\"https:\\\/\\\/recambiosecogas.com\\\/it\\\/producto\\\/landi-renzo-girs12-rampa-de-inyeccion-de-3-cilindros-s-verde-con-sensor-de-55-bar\\\/#local-main-organization-logo\"},\"sameAs\":[\"https:\\\/\\\/www.facebook.com\\\/profile.php?id=100062419705358\",\"https:\\\/\\\/www.instagram.com\\\/segimon_automocio\"],\"description\":\"Recambios EcoGas \u2013 Venta y distribuci\u00f3n de sistemas GLP y GNC en Espa\u00f1a y Portugal. Env\u00edos 24 h, soporte t\u00e9cnico a talleres y distribuidores.\",\"hasMerchantReturnPolicy\":{\"@type\":\"MerchantReturnPolicy\",\"merchantReturnLink\":\"https:\\\/\\\/recambiosecogas.com\\\/politicas-privacidad\\\/\"},\"address\":{\"@id\":\"https:\\\/\\\/recambiosecogas.com\\\/it\\\/producto\\\/landi-renzo-girs12-rampa-de-inyeccion-de-3-cilindros-s-verde-con-sensor-de-55-bar\\\/#local-main-place-address\"},\"telephone\":[\"616250633\"],\"contactPoint\":{\"@type\":\"ContactPoint\",\"email\":\"export@recambiosecogas.com\"},\"openingHoursSpecification\":[{\"@type\":\"OpeningHoursSpecification\",\"dayOfWeek\":[\"Monday\",\"Tuesday\",\"Wednesday\",\"Thursday\",\"Friday\",\"Saturday\",\"Sunday\"],\"opens\":\"09:00\",\"closes\":\"17:00\"}],\"email\":\"info@recambiosecogas.com\",\"faxNumber\":\"SEGIMON AUTOMOCION SL\",\"vatID\":\"ESB19819861\",\"globalLocationNumber\":\"938 616 339\"},{\"@type\":\"PostalAddress\",\"@id\":\"https:\\\/\\\/recambiosecogas.com\\\/it\\\/producto\\\/landi-renzo-girs12-rampa-de-inyeccion-de-3-cilindros-s-verde-con-sensor-de-55-bar\\\/#local-main-place-address\",\"streetAddress\":\"cami antic de vic, 29 (Nave 3), Pol\u00edgono Industrial Congost\",\"addressLocality\":\"CORRO D`AVALL\",\"postalCode\":\"08520\",\"addressRegion\":\"Barcelona\",\"addressCountry\":\"ES\"},{\"@type\":\"ImageObject\",\"inLanguage\":\"it-IT\",\"@id\":\"https:\\\/\\\/recambiosecogas.com\\\/it\\\/producto\\\/landi-renzo-girs12-rampa-de-inyeccion-de-3-cilindros-s-verde-con-sensor-de-55-bar\\\/#local-main-organization-logo\",\"url\":\"https:\\\/\\\/recambiosecogas.com\\\/wp-content\\\/uploads\\\/2024\\\/11\\\/cropped-RECAMBIOS-GLP-png.webp\",\"contentUrl\":\"https:\\\/\\\/recambiosecogas.com\\\/wp-content\\\/uploads\\\/2024\\\/11\\\/cropped-RECAMBIOS-GLP-png.webp\",\"width\":512,\"height\":512,\"caption\":\"Recambios EcoGas\"}]}<\/script>\n<meta property=\"product:price:amount\" content=\"206.45\" \/>\n<meta property=\"product:price:currency\" content=\"EUR\" \/>\n<meta property=\"og:availability\" content=\"backorder\" \/>\n<meta property=\"product:availability\" content=\"available for order\" \/>\n<meta property=\"product:retailer_item_id\" content=\"124649A\" \/>\n<meta property=\"product:condition\" content=\"new\" \/>\n<meta name=\"geo.placename\" content=\"CORRO D`AVALL\" \/>\n<meta name=\"geo.region\" content=\"Spagna\" \/>\n<!-- \/ Yoast SEO Premium plugin. -->","yoast_head_json":{"title":"Landi Renzo GIRS12 3 cilindri a rampa di iniezione S (verde) con sensore da 5,5 bar | Recambios EcoGas | Sistemas GLP y GNC","description":"Rampa di iniezione S a 3 cilindri Landi Renzo GIRS12 (verde) con sensore da 5,5 bar per sistemi a GPL e CNG. Ideale per Dacia e Renault. Alta precisione e affidabilit\u00e0.","robots":{"index":"index","follow":"follow","max-snippet":"max-snippet:-1","max-image-preview":"max-image-preview:large","max-video-preview":"max-video-preview:-1"},"canonical":"https:\/\/recambiosecogas.com\/it\/producto\/landi-renzo-girs12-rampa-de-inyeccion-de-3-cilindros-s-verde-con-sensor-de-55-bar\/","og_locale":"it_IT","og_type":"article","og_title":"Landi Renzo GIRS12 3 cilindri a rampa di iniezione S (verde) con sensore da 5,5 bar","og_description":"Rampa di iniezione S a 3 cilindri Landi Renzo GIRS12 (verde) con sensore da 5,5 bar per sistemi a GPL e CNG. Ideale per Dacia e Renault. Alta precisione e affidabilit\u00e0.","og_url":"https:\/\/recambiosecogas.com\/it\/producto\/landi-renzo-girs12-rampa-de-inyeccion-de-3-cilindros-s-verde-con-sensor-de-55-bar\/","og_site_name":"Recambios EcoGas","article_publisher":"https:\/\/www.facebook.com\/profile.php?id=100062419705358","article_modified_time":"2026-04-15T10:46:48+00:00","og_image":[{"width":1000,"height":1000,"url":"https:\/\/recambiosecogas.com\/wp-content\/uploads\/2024\/12\/landi-renzo-verde.webp","type":"image\/png"}],"twitter_card":"summary_large_image","twitter_misc":{"Prezzo":"206,45&nbsp;&euro; (Sin IVA: 170,62&nbsp;&euro;)","Disponibilit\u00e0":"Su ordinazione"},"schema":{"@context":"https:\/\/schema.org","@graph":[{"@type":"WebPage","@id":"https:\/\/recambiosecogas.com\/it\/producto\/landi-renzo-girs12-rampa-de-inyeccion-de-3-cilindros-s-verde-con-sensor-de-55-bar\/","url":"https:\/\/recambiosecogas.com\/it\/producto\/landi-renzo-girs12-rampa-de-inyeccion-de-3-cilindros-s-verde-con-sensor-de-55-bar\/","name":"Landi Renzo GIRS12 3 cilindri a rampa di iniezione S (verde) con sensore da 5,5 bar | Recambios EcoGas | Sistemas GLP y GNC","isPartOf":{"@id":"https:\/\/recambiosecogas.com\/it\/#website"},"primaryImageOfPage":{"@id":"https:\/\/recambiosecogas.com\/it\/producto\/landi-renzo-girs12-rampa-de-inyeccion-de-3-cilindros-s-verde-con-sensor-de-55-bar\/#primaryimage"},"image":{"@id":"https:\/\/recambiosecogas.com\/it\/producto\/landi-renzo-girs12-rampa-de-inyeccion-de-3-cilindros-s-verde-con-sensor-de-55-bar\/#primaryimage"},"thumbnailUrl":"https:\/\/recambiosecogas.com\/wp-content\/uploads\/2024\/12\/landi-renzo-verde.webp","datePublished":"2024-12-09T09:46:26+00:00","dateModified":"2026-04-15T10:46:48+00:00","description":"Rampa di iniezione S a 3 cilindri Landi Renzo GIRS12 (verde) con sensore da 5,5 bar per sistemi a GPL e CNG. Ideale per Dacia e Renault. Alta precisione e affidabilit\u00e0.","breadcrumb":{"@id":"https:\/\/recambiosecogas.com\/it\/producto\/landi-renzo-girs12-rampa-de-inyeccion-de-3-cilindros-s-verde-con-sensor-de-55-bar\/#breadcrumb"},"inLanguage":"it-IT","potentialAction":[{"@type":"ReadAction","target":["https:\/\/recambiosecogas.com\/it\/producto\/landi-renzo-girs12-rampa-de-inyeccion-de-3-cilindros-s-verde-con-sensor-de-55-bar\/"]}]},{"@type":"ImageObject","inLanguage":"it-IT","@id":"https:\/\/recambiosecogas.com\/it\/producto\/landi-renzo-girs12-rampa-de-inyeccion-de-3-cilindros-s-verde-con-sensor-de-55-bar\/#primaryimage","url":"https:\/\/recambiosecogas.com\/wp-content\/uploads\/2024\/12\/landi-renzo-verde.webp","contentUrl":"https:\/\/recambiosecogas.com\/wp-content\/uploads\/2024\/12\/landi-renzo-verde.webp","width":1000,"height":1000},{"@type":"BreadcrumbList","@id":"https:\/\/recambiosecogas.com\/it\/producto\/landi-renzo-girs12-rampa-de-inyeccion-de-3-cilindros-s-verde-con-sensor-de-55-bar\/#breadcrumb","itemListElement":[{"@type":"ListItem","position":1,"name":"Portada","item":"https:\/\/recambiosecogas.com\/it\/"},{"@type":"ListItem","position":2,"name":"Negozio","item":"https:\/\/recambiosecogas.com\/it\/?page_id=46382"},{"@type":"ListItem","position":3,"name":"Landi Renzo GIRS12 3 cilindri a rampa di iniezione S (verde) con sensore da 5,5 bar"}]},{"@type":"WebSite","@id":"https:\/\/recambiosecogas.com\/it\/#website","url":"https:\/\/recambiosecogas.com\/it\/","name":"Recambios EcoGas","description":"Recambios Multimarca para sistemas de GLP\/GNC\/GNL\/Hidr\u00f3geno","publisher":{"@id":"https:\/\/recambiosecogas.com\/it\/#organization"},"alternateName":"Recambios Autogas GLP","potentialAction":[{"@type":"SearchAction","target":{"@type":"EntryPoint","urlTemplate":"https:\/\/recambiosecogas.com\/it\/?s={search_term_string}"},"query-input":{"@type":"PropertyValueSpecification","valueRequired":true,"valueName":"search_term_string"}}],"inLanguage":"it-IT"},{"@type":["Organization","Place"],"@id":"https:\/\/recambiosecogas.com\/it\/#organization","name":"Recambios EcoGas","alternateName":"Tienda Online GLP Espa\u00f1a","url":"https:\/\/recambiosecogas.com\/it\/","logo":{"@id":"https:\/\/recambiosecogas.com\/it\/producto\/landi-renzo-girs12-rampa-de-inyeccion-de-3-cilindros-s-verde-con-sensor-de-55-bar\/#local-main-organization-logo"},"image":{"@id":"https:\/\/recambiosecogas.com\/it\/producto\/landi-renzo-girs12-rampa-de-inyeccion-de-3-cilindros-s-verde-con-sensor-de-55-bar\/#local-main-organization-logo"},"sameAs":["https:\/\/www.facebook.com\/profile.php?id=100062419705358","https:\/\/www.instagram.com\/segimon_automocio"],"description":"Recambios EcoGas \u2013 Venta y distribuci\u00f3n de sistemas GLP y GNC en Espa\u00f1a y Portugal. Env\u00edos 24 h, soporte t\u00e9cnico a talleres y distribuidores.","hasMerchantReturnPolicy":{"@type":"MerchantReturnPolicy","merchantReturnLink":"https:\/\/recambiosecogas.com\/politicas-privacidad\/"},"address":{"@id":"https:\/\/recambiosecogas.com\/it\/producto\/landi-renzo-girs12-rampa-de-inyeccion-de-3-cilindros-s-verde-con-sensor-de-55-bar\/#local-main-place-address"},"telephone":["616250633"],"contactPoint":{"@type":"ContactPoint","email":"export@recambiosecogas.com"},"openingHoursSpecification":[{"@type":"OpeningHoursSpecification","dayOfWeek":["Monday","Tuesday","Wednesday","Thursday","Friday","Saturday","Sunday"],"opens":"09:00","closes":"17:00"}],"email":"info@recambiosecogas.com","faxNumber":"SEGIMON AUTOMOCION SL","vatID":"ESB19819861","globalLocationNumber":"938 616 339"},{"@type":"PostalAddress","@id":"https:\/\/recambiosecogas.com\/it\/producto\/landi-renzo-girs12-rampa-de-inyeccion-de-3-cilindros-s-verde-con-sensor-de-55-bar\/#local-main-place-address","streetAddress":"cami antic de vic, 29 (Nave 3), Pol\u00edgono Industrial Congost","addressLocality":"CORRO D`AVALL","postalCode":"08520","addressRegion":"Barcelona","addressCountry":"ES"},{"@type":"ImageObject","inLanguage":"it-IT","@id":"https:\/\/recambiosecogas.com\/it\/producto\/landi-renzo-girs12-rampa-de-inyeccion-de-3-cilindros-s-verde-con-sensor-de-55-bar\/#local-main-organization-logo","url":"https:\/\/recambiosecogas.com\/wp-content\/uploads\/2024\/11\/cropped-RECAMBIOS-GLP-png.webp","contentUrl":"https:\/\/recambiosecogas.com\/wp-content\/uploads\/2024\/11\/cropped-RECAMBIOS-GLP-png.webp","width":512,"height":512,"caption":"Recambios EcoGas"}]},"product_price_amount":"206.45","product_price_currency":"EUR","og_availability":"backorder","product_availability":"available for order","product_retailer_item_id":"124649A","product_condition":"new","geo.placename":"CORRO D`AVALL","geo.region":"Spagna"},"uagb_featured_image_src":{"full":["https:\/\/recambiosecogas.com\/wp-content\/uploads\/2024\/12\/landi-renzo-verde.webp",1000,1000,false],"thumbnail":["https:\/\/recambiosecogas.com\/wp-content\/uploads\/2024\/12\/landi-renzo-verde-150x150.webp",150,150,true],"medium":["https:\/\/recambiosecogas.com\/wp-content\/uploads\/2024\/12\/landi-renzo-verde-300x300.webp",300,300,true],"medium_large":["https:\/\/recambiosecogas.com\/wp-content\/uploads\/2024\/12\/landi-renzo-verde-768x768.webp",768,768,true],"large":["https:\/\/recambiosecogas.com\/wp-content\/uploads\/2024\/12\/landi-renzo-verde.webp",1000,1000,false],"1536x1536":["https:\/\/recambiosecogas.com\/wp-content\/uploads\/2024\/12\/landi-renzo-verde.webp",1000,1000,false],"2048x2048":["https:\/\/recambiosecogas.com\/wp-content\/uploads\/2024\/12\/landi-renzo-verde.webp",1000,1000,false],"woocommerce_archive_thumbnail":["https:\/\/recambiosecogas.com\/wp-content\/uploads\/2024\/12\/landi-renzo-verde.webp",1000,1000,false],"woocommerce_thumbnail":["https:\/\/recambiosecogas.com\/wp-content\/uploads\/2024\/12\/landi-renzo-verde-300x300.webp",300,300,true],"woocommerce_single":["https:\/\/recambiosecogas.com\/wp-content\/uploads\/2024\/12\/landi-renzo-verde.webp",1000,1000,false],"woocommerce_gallery_thumbnail":["https:\/\/recambiosecogas.com\/wp-content\/uploads\/2024\/12\/landi-renzo-verde.webp",1000,1000,false],"dgwt-wcas-product-suggestion":["https:\/\/recambiosecogas.com\/wp-content\/uploads\/2024\/12\/landi-renzo-verde-64x64.webp",64,64,true]},"uagb_author_info":{"display_name":"Fran - Soporte T\u00e9cnico","author_link":"https:\/\/recambiosecogas.com\/it\/author\/"},"uagb_comment_info":0,"uagb_excerpt":"LANDI RENZO","_links":{"self":[{"href":"https:\/\/recambiosecogas.com\/it\/wp-json\/wp\/v2\/product\/47948","targetHints":{"allow":["GET"]}}],"collection":[{"href":"https:\/\/recambiosecogas.com\/it\/wp-json\/wp\/v2\/product"}],"about":[{"href":"https:\/\/recambiosecogas.com\/it\/wp-json\/wp\/v2\/types\/product"}],"replies":[{"embeddable":true,"href":"https:\/\/recambiosecogas.com\/it\/wp-json\/wp\/v2\/comments?post=47948"}],"wp:featuredmedia":[{"embeddable":true,"href":"https:\/\/recambiosecogas.com\/it\/wp-json\/wp\/v2\/media\/43682"}],"wp:attachment":[{"href":"https:\/\/recambiosecogas.com\/it\/wp-json\/wp\/v2\/media?parent=47948"}],"wp:term":[{"taxonomy":"product_brand","embeddable":true,"href":"https:\/\/recambiosecogas.com\/it\/wp-json\/wp\/v2\/product_brand?post=47948"},{"taxonomy":"product_cat","embeddable":true,"href":"https:\/\/recambiosecogas.com\/it\/wp-json\/wp\/v2\/product_cat?post=47948"},{"taxonomy":"product_tag","embeddable":true,"href":"https:\/\/recambiosecogas.com\/it\/wp-json\/wp\/v2\/product_tag?post=47948"}],"curies":[{"name":"wp","href":"https:\/\/api.w.org\/{rel}","templated":true}]}}