{"id":47857,"date":"2024-12-03T19:05:47","date_gmt":"2024-12-03T18:05:47","guid":{"rendered":"https:\/\/recambiosecogas.com\/producto\/filtro-alta-presion-g-12-para-cilindros-glp\/"},"modified":"2026-04-09T10:38:03","modified_gmt":"2026-04-09T09:38:03","slug":"filtro-alta-presion-g-12-para-cilindros-glp","status":"publish","type":"product","link":"https:\/\/recambiosecogas.com\/it\/producto\/filtro-alta-presion-g-12-para-cilindros-glp\/","title":{"rendered":"Filtro ad alta pressione G.12 per bombole di GPL"},"content":{"rendered":"<h3 class=\"\" data-start=\"252\" data-end=\"332\"><strong data-start=\"256\" data-end=\"332\">G.12 Filtro ad alta pressione per bombole di GPL \u2013 collegamento diretto al cilindro<\/strong><\/h3>\n<p class=\"\" data-start=\"334\" data-end=\"700\">Il <strong data-start=\"337\" data-end=\"372\">filtro GPL ad alta pressione G.12<\/strong> \u00e8 progettato per <strong data-start=\"410\" data-end=\"430\">installazioni con bombole di gas<\/strong> o <strong data-start=\"433\" data-end=\"460\">bombole di scambio<\/strong>, offrendo una protezione efficace nella linea di carico prima che il gas entri nel sistema. Questo filtro si collega direttamente alla <strong data-start=\"592\" data-end=\"634\">valvola di riempimento del cilindro (G.12)<\/strong> ed \u00e8 ideale per serbatoi o bottiglie con un unico corpo valvola. <span style=\"color: #ffffff;\">\u00a9Ricambi EcoGas<\/span> <\/p>\n<p class=\"\" data-start=\"702\" data-end=\"992\">Realizzato con <strong data-start=\"716\" data-end=\"750\">un involucro in alluminio resistente<\/strong> e dotato <strong data-start=\"766\" data-end=\"832\">di una cartuccia CF-110 in bronzo sinterizzato (sostituibile e lavabile),<\/strong> questo filtro consente un uso ripetuto e una filtrazione fino a <strong data-start=\"896\" data-end=\"909\">70 micron<\/strong>, proteggendo valvole, tubi e il riduttore contro impurit\u00e0 solide di GPL. <span style=\"color: #ffffff;\">\u00a9Ricambi EcoGas<\/span><\/p>\n<p class=\"\" data-start=\"994\" data-end=\"1200\">Ha pi\u00f9 versioni a seconda del tipo di bocca di caricamento: <strong data-start=\"1057\" data-end=\"1103\">Italian Dish, ACME, Bayonet o Scart<\/strong>, e fori di uscita <strong data-start=\"1136\" data-end=\"1151\">filettati M10 o W21.8<\/strong>. \u00c8 <strong data-start=\"1158\" data-end=\"1199\">approvato secondo lo standard ECE R67<\/strong>. <span style=\"color: #ffffff;\">\u00a9Ricambi EcoGas<\/span> <\/p>\n<hr class=\"\" data-start=\"1202\" data-end=\"1205\">\n<h3 class=\"\" data-start=\"1207\" data-end=\"1279\"><strong data-start=\"1211\" data-end=\"1279\">Caratteristiche tecniche \u2013 Filtro ad alta pressione G.12 per bombole di GPL<\/strong><\/h3>\n<div class=\"overflow-x-auto contain-inline-size\">\n<table data-start=\"1281\" data-end=\"2265\">\n<thead data-start=\"1281\" data-end=\"1370\">\n<tr data-start=\"1281\" data-end=\"1370\">\n<th data-start=\"1281\" data-end=\"1310\">Specifiche<\/th>\n<th data-start=\"1310\" data-end=\"1370\">Dettagli<\/th>\n<\/tr>\n<\/thead>\n<tbody data-start=\"1460\" data-end=\"2265\">\n<tr data-start=\"1460\" data-end=\"1548\">\n<td><strong data-start=\"1462\" data-end=\"1480\">Tipo di filtro<\/strong><\/td>\n<td>Fase liquida \u2013 Alta pressione<\/td>\n<\/tr>\n<tr data-start=\"1549\" data-end=\"1637\">\n<td><strong data-start=\"1551\" data-end=\"1565\">Applicazione<\/strong><\/td>\n<td>Collegamento diretto al cilindro di GPL \/ valvola G.12<\/td>\n<\/tr>\n<tr data-start=\"1638\" data-end=\"1726\">\n<td><strong data-start=\"1640\" data-end=\"1662\">Cartuccia filtro<\/strong><\/td>\n<td>CF-110 (bronzo sinterizzato, 70\u03bc, lavabile e sostituibile)<\/td>\n<\/tr>\n<tr data-start=\"1727\" data-end=\"1816\">\n<td><strong data-start=\"1729\" data-end=\"1752\">Materiale della carrozzeria<\/strong><\/td>\n<td>Alluminio<\/td>\n<\/tr>\n<tr data-start=\"1817\" data-end=\"1906\">\n<td><strong data-start=\"1819\" data-end=\"1837\">Pressione massima<\/strong><\/td>\n<td>3000 kPa<\/td>\n<\/tr>\n<tr data-start=\"1907\" data-end=\"1996\">\n<p>Temperatura <\/p>\n<td><strong data-start=\"1909\" data-end=\"1935\">di lavoro<\/strong><\/td>\n<td>\u201320\u00b0C a 120\u00b0C<\/td>\n<\/tr>\n<tr data-start=\"1997\" data-end=\"2085\">\n<td><strong data-start=\"1999\" data-end=\"2023\">Versioni d&#8217;ingresso<\/strong><\/td>\n<td>Piatto italiano, ACME, Baionetta, Scart<\/td>\n<\/tr>\n<tr data-start=\"2086\" data-end=\"2175\">\n<td><strong data-start=\"2088\" data-end=\"2111\">Versioni di uscita<\/strong><\/td>\n<td>M10, W21.8<\/td>\n<\/tr>\n<tr data-start=\"2176\" data-end=\"2265\">\n<td><strong data-start=\"2178\" data-end=\"2194\">Approvazione<\/strong><\/td>\n<td>E20-67R-010957<\/td>\n<\/tr>\n<\/tbody>\n<\/table>\n<\/div>\n<blockquote data-start=\"2267\" data-end=\"2452\">\n<p class=\"\" data-start=\"2269\" data-end=\"2452\"><em><strong>Raccomandato per l&#8217;uso in bombole di GPL con valvola a corpo singolo o applicazioni portatili. Controlla e pulisci la cartuccia ogni 15.000 \u2013 20.000 km o ogni ciclo di caricamento. <span style=\"color: #ffffff;\">\u00a9Ricambi EcoGas<\/span><\/strong><\/em><\/p>\n<\/blockquote>\n<p><a href=\"https:\/\/recambiosecogas.com\/it\/categoria-producto\/filtros\/\">ACQUISTA PI\u00d9 PRODOTTI ONLINE NEL NOSTRO NEGOZIO<\/a><\/p>\n<p><a href=\"http:\/\/www.segimonautomocio.com\/\">CONVERTITE IN LPG NEL NOSTRO OFFICINO UFFICIALE DI INSTALLAZIONE, MAGGIORI INFORMAZIONI SUL SITO WEB DEL NOSTRO WORKSHOP<\/a><\/p>\n<p>Il filtro ad alta pressione G.12 \u00e8 essenziale per garantire un approvvigionamento sicuro ed efficiente di gas nei sistemi Autogas. Il suo robusto design e capacit\u00e0 di filtrazione proteggono i componenti del sistema, prevenendo danni dovuti a impurit\u00e0. Ideale per chi cerca prestazioni ottimali nell&#8217;installazione del gas, questo filtro garantisce che il gas arrivi pulito e privo di contaminanti, prolungando cos\u00ec la vita di altri componenti come il riduttore e le valvole. Inoltre, la sua facile manutenzione e sostituzione delle cartucce la rendono una scelta pratica e affidabile per qualsiasi utilizzatore di GPL.   <\/p>\n","protected":false},"excerpt":{"rendered":"<p>G.12 Filtro ad alta pressione per bombole di GPL \u2013 collegamento diretto al cilindro Il filtro GPL ad alta pressione G.12 \u00e8 progettato per installazioni con bombole di gas o bombole di scambio, offrendo una protezione efficace nella linea di carico prima che il gas entri nel sistema. Questo filtro si collega direttamente alla valvola [&hellip;]<\/p>\n","protected":false},"featured_media":47859,"comment_status":"open","ping_status":"closed","template":"","meta":{"googlesitekit_rrm_CAowud7EDA:productID":"","_uag_custom_page_level_css":""},"product_brand":[],"product_cat":[2183,2394,2357,2392,2142,2162],"product_tag":[],"class_list":{"0":"post-47857","1":"product","2":"type-product","3":"status-publish","4":"has-post-thumbnail","6":"product_cat-accesorios-repostar","7":"product_cat-distributori-e-filtri-a-gas-camper","8":"product_cat-fase-liquida","9":"product_cat-filtro-a-tubo-del-gas","10":"product_cat-filtros","11":"product_cat-repostar","13":"first","14":"onbackorder","15":"sale","16":"taxable","17":"shipping-taxable","18":"purchasable","19":"product-type-simple"},"ct_brands":[],"yoast_head":"<!-- This site is optimized with the Yoast SEO Premium plugin v27.4 (Yoast SEO v27.5) - https:\/\/yoast.com\/product\/yoast-seo-premium-wordpress\/ -->\n<title>G.12 Filtro ad alta pressione per cilindri di GPL | Pezzi di ricambio Ecogas<\/title>\n<meta name=\"description\" content=\"Filtro GLP ad alta pressione G.12 per cilindri. Collegamento diretto alla valvola. Cartuccia CF-110 sostituibile. Approvato 67R-010957.\" \/>\n<meta name=\"robots\" content=\"index, follow, max-snippet:-1, max-image-preview:large, max-video-preview:-1\" \/>\n<link rel=\"canonical\" href=\"https:\/\/recambiosecogas.com\/it\/producto\/filtro-alta-presion-g-12-para-cilindros-glp\/\" \/>\n<meta property=\"og:locale\" content=\"it_IT\" \/>\n<meta property=\"og:type\" content=\"article\" \/>\n<meta property=\"og:title\" content=\"Filtro ad alta pressione G.12 per bombole di GPL\" \/>\n<meta property=\"og:description\" content=\"Filtro GLP ad alta pressione G.12 per cilindri. Collegamento diretto alla valvola. Cartuccia CF-110 sostituibile. Approvato 67R-010957.\" \/>\n<meta property=\"og:url\" content=\"https:\/\/recambiosecogas.com\/it\/producto\/filtro-alta-presion-g-12-para-cilindros-glp\/\" \/>\n<meta property=\"og:site_name\" content=\"Recambios EcoGas\" \/>\n<meta property=\"article:publisher\" content=\"https:\/\/www.facebook.com\/profile.php?id=100062419705358\" \/>\n<meta property=\"article:modified_time\" content=\"2026-04-09T09:38:03+00:00\" \/>\n<meta property=\"og:image\" content=\"https:\/\/recambiosecogas.com\/wp-content\/uploads\/2024\/12\/Filtro-para-cilindro-GLP-de-alta-presion-G.12-png.webp\" \/>\n\t<meta property=\"og:image:width\" content=\"1000\" \/>\n\t<meta property=\"og:image:height\" content=\"1000\" \/>\n\t<meta property=\"og:image:type\" content=\"image\/png\" \/>\n<meta name=\"twitter:card\" content=\"summary_large_image\" \/>\n<meta name=\"twitter:label1\" content=\"Prezzo\" \/>\n\t<meta name=\"twitter:data1\" content=\"54,93&nbsp;&euro; (Sin IVA: 45,40&nbsp;&euro;)\" \/>\n\t<meta name=\"twitter:label2\" content=\"Disponibilit\u00e0\" \/>\n\t<meta name=\"twitter:data2\" content=\"Su ordinazione\" \/>\n<script type=\"application\/ld+json\" class=\"yoast-schema-graph\">{\"@context\":\"https:\\\/\\\/schema.org\",\"@graph\":[{\"@type\":\"WebPage\",\"@id\":\"https:\\\/\\\/recambiosecogas.com\\\/it\\\/producto\\\/filtro-alta-presion-g-12-para-cilindros-glp\\\/\",\"url\":\"https:\\\/\\\/recambiosecogas.com\\\/it\\\/producto\\\/filtro-alta-presion-g-12-para-cilindros-glp\\\/\",\"name\":\"G.12 Filtro ad alta pressione per cilindri di GPL | Pezzi di ricambio Ecogas\",\"isPartOf\":{\"@id\":\"https:\\\/\\\/recambiosecogas.com\\\/it\\\/#website\"},\"primaryImageOfPage\":{\"@id\":\"https:\\\/\\\/recambiosecogas.com\\\/it\\\/producto\\\/filtro-alta-presion-g-12-para-cilindros-glp\\\/#primaryimage\"},\"image\":{\"@id\":\"https:\\\/\\\/recambiosecogas.com\\\/it\\\/producto\\\/filtro-alta-presion-g-12-para-cilindros-glp\\\/#primaryimage\"},\"thumbnailUrl\":\"https:\\\/\\\/recambiosecogas.com\\\/wp-content\\\/uploads\\\/2024\\\/12\\\/Filtro-para-cilindro-GLP-de-alta-presion-G.12-png.webp\",\"datePublished\":\"2024-12-03T18:05:47+00:00\",\"dateModified\":\"2026-04-09T09:38:03+00:00\",\"description\":\"Filtro GLP ad alta pressione G.12 per cilindri. Collegamento diretto alla valvola. Cartuccia CF-110 sostituibile. Approvato 67R-010957.\",\"breadcrumb\":{\"@id\":\"https:\\\/\\\/recambiosecogas.com\\\/it\\\/producto\\\/filtro-alta-presion-g-12-para-cilindros-glp\\\/#breadcrumb\"},\"inLanguage\":\"it-IT\",\"potentialAction\":[{\"@type\":\"ReadAction\",\"target\":[\"https:\\\/\\\/recambiosecogas.com\\\/it\\\/producto\\\/filtro-alta-presion-g-12-para-cilindros-glp\\\/\"]}]},{\"@type\":\"ImageObject\",\"inLanguage\":\"it-IT\",\"@id\":\"https:\\\/\\\/recambiosecogas.com\\\/it\\\/producto\\\/filtro-alta-presion-g-12-para-cilindros-glp\\\/#primaryimage\",\"url\":\"https:\\\/\\\/recambiosecogas.com\\\/wp-content\\\/uploads\\\/2024\\\/12\\\/Filtro-para-cilindro-GLP-de-alta-presion-G.12-png.webp\",\"contentUrl\":\"https:\\\/\\\/recambiosecogas.com\\\/wp-content\\\/uploads\\\/2024\\\/12\\\/Filtro-para-cilindro-GLP-de-alta-presion-G.12-png.webp\",\"width\":1000,\"height\":1000},{\"@type\":\"BreadcrumbList\",\"@id\":\"https:\\\/\\\/recambiosecogas.com\\\/it\\\/producto\\\/filtro-alta-presion-g-12-para-cilindros-glp\\\/#breadcrumb\",\"itemListElement\":[{\"@type\":\"ListItem\",\"position\":1,\"name\":\"Portada\",\"item\":\"https:\\\/\\\/recambiosecogas.com\\\/it\\\/\"},{\"@type\":\"ListItem\",\"position\":2,\"name\":\"Negozio\",\"item\":\"https:\\\/\\\/recambiosecogas.com\\\/it\\\/?page_id=46382\"},{\"@type\":\"ListItem\",\"position\":3,\"name\":\"Filtro ad alta pressione G.12 per bombole di GPL\"}]},{\"@type\":\"WebSite\",\"@id\":\"https:\\\/\\\/recambiosecogas.com\\\/it\\\/#website\",\"url\":\"https:\\\/\\\/recambiosecogas.com\\\/it\\\/\",\"name\":\"Recambios EcoGas\",\"description\":\"Recambios Multimarca para sistemas de GLP\\\/GNC\\\/GNL\\\/Hidr\u00f3geno\",\"publisher\":{\"@id\":\"https:\\\/\\\/recambiosecogas.com\\\/it\\\/#organization\"},\"alternateName\":\"Recambios Autogas GLP\",\"potentialAction\":[{\"@type\":\"SearchAction\",\"target\":{\"@type\":\"EntryPoint\",\"urlTemplate\":\"https:\\\/\\\/recambiosecogas.com\\\/it\\\/?s={search_term_string}\"},\"query-input\":{\"@type\":\"PropertyValueSpecification\",\"valueRequired\":true,\"valueName\":\"search_term_string\"}}],\"inLanguage\":\"it-IT\"},{\"@type\":[\"Organization\",\"Place\"],\"@id\":\"https:\\\/\\\/recambiosecogas.com\\\/it\\\/#organization\",\"name\":\"Recambios EcoGas\",\"alternateName\":\"Tienda Online GLP Espa\u00f1a\",\"url\":\"https:\\\/\\\/recambiosecogas.com\\\/it\\\/\",\"logo\":{\"@id\":\"https:\\\/\\\/recambiosecogas.com\\\/it\\\/producto\\\/filtro-alta-presion-g-12-para-cilindros-glp\\\/#local-main-organization-logo\"},\"image\":{\"@id\":\"https:\\\/\\\/recambiosecogas.com\\\/it\\\/producto\\\/filtro-alta-presion-g-12-para-cilindros-glp\\\/#local-main-organization-logo\"},\"sameAs\":[\"https:\\\/\\\/www.facebook.com\\\/profile.php?id=100062419705358\",\"https:\\\/\\\/www.instagram.com\\\/segimon_automocio\"],\"description\":\"Recambios EcoGas \u2013 Venta y distribuci\u00f3n de sistemas GLP y GNC en Espa\u00f1a y Portugal. Env\u00edos 24 h, soporte t\u00e9cnico a talleres y distribuidores.\",\"hasMerchantReturnPolicy\":{\"@type\":\"MerchantReturnPolicy\",\"merchantReturnLink\":\"https:\\\/\\\/recambiosecogas.com\\\/politicas-privacidad\\\/\"},\"address\":{\"@id\":\"https:\\\/\\\/recambiosecogas.com\\\/it\\\/producto\\\/filtro-alta-presion-g-12-para-cilindros-glp\\\/#local-main-place-address\"},\"telephone\":[\"616250633\"],\"contactPoint\":{\"@type\":\"ContactPoint\",\"email\":\"export@recambiosecogas.com\"},\"openingHoursSpecification\":[{\"@type\":\"OpeningHoursSpecification\",\"dayOfWeek\":[\"Monday\",\"Tuesday\",\"Wednesday\",\"Thursday\",\"Friday\",\"Saturday\",\"Sunday\"],\"opens\":\"09:00\",\"closes\":\"17:00\"}],\"email\":\"info@recambiosecogas.com\",\"faxNumber\":\"SEGIMON AUTOMOCION SL\",\"vatID\":\"ESB19819861\",\"globalLocationNumber\":\"938 616 339\"},{\"@type\":\"PostalAddress\",\"@id\":\"https:\\\/\\\/recambiosecogas.com\\\/it\\\/producto\\\/filtro-alta-presion-g-12-para-cilindros-glp\\\/#local-main-place-address\",\"streetAddress\":\"cami antic de vic, 29 (Nave 3), Pol\u00edgono Industrial Congost\",\"addressLocality\":\"CORRO D`AVALL\",\"postalCode\":\"08520\",\"addressRegion\":\"Barcelona\",\"addressCountry\":\"ES\"},{\"@type\":\"ImageObject\",\"inLanguage\":\"it-IT\",\"@id\":\"https:\\\/\\\/recambiosecogas.com\\\/it\\\/producto\\\/filtro-alta-presion-g-12-para-cilindros-glp\\\/#local-main-organization-logo\",\"url\":\"https:\\\/\\\/recambiosecogas.com\\\/wp-content\\\/uploads\\\/2024\\\/11\\\/cropped-RECAMBIOS-GLP-png.webp\",\"contentUrl\":\"https:\\\/\\\/recambiosecogas.com\\\/wp-content\\\/uploads\\\/2024\\\/11\\\/cropped-RECAMBIOS-GLP-png.webp\",\"width\":512,\"height\":512,\"caption\":\"Recambios EcoGas\"}]}<\/script>\n<meta property=\"product:price:amount\" content=\"54.93\" \/>\n<meta property=\"product:price:currency\" content=\"EUR\" \/>\n<meta property=\"og:availability\" content=\"backorder\" \/>\n<meta property=\"product:availability\" content=\"available for order\" \/>\n<meta property=\"product:retailer_item_id\" content=\"105801\" \/>\n<meta property=\"product:condition\" content=\"new\" \/>\n<meta name=\"geo.placename\" content=\"CORRO D`AVALL\" \/>\n<meta name=\"geo.region\" content=\"Spagna\" \/>\n<!-- \/ Yoast SEO Premium plugin. -->","yoast_head_json":{"title":"G.12 Filtro ad alta pressione per cilindri di GPL | Pezzi di ricambio Ecogas","description":"Filtro GLP ad alta pressione G.12 per cilindri. Collegamento diretto alla valvola. Cartuccia CF-110 sostituibile. Approvato 67R-010957.","robots":{"index":"index","follow":"follow","max-snippet":"max-snippet:-1","max-image-preview":"max-image-preview:large","max-video-preview":"max-video-preview:-1"},"canonical":"https:\/\/recambiosecogas.com\/it\/producto\/filtro-alta-presion-g-12-para-cilindros-glp\/","og_locale":"it_IT","og_type":"article","og_title":"Filtro ad alta pressione G.12 per bombole di GPL","og_description":"Filtro GLP ad alta pressione G.12 per cilindri. Collegamento diretto alla valvola. Cartuccia CF-110 sostituibile. Approvato 67R-010957.","og_url":"https:\/\/recambiosecogas.com\/it\/producto\/filtro-alta-presion-g-12-para-cilindros-glp\/","og_site_name":"Recambios EcoGas","article_publisher":"https:\/\/www.facebook.com\/profile.php?id=100062419705358","article_modified_time":"2026-04-09T09:38:03+00:00","og_image":[{"width":1000,"height":1000,"url":"https:\/\/recambiosecogas.com\/wp-content\/uploads\/2024\/12\/Filtro-para-cilindro-GLP-de-alta-presion-G.12-png.webp","type":"image\/png"}],"twitter_card":"summary_large_image","twitter_misc":{"Prezzo":"54,93&nbsp;&euro; (Sin IVA: 45,40&nbsp;&euro;)","Disponibilit\u00e0":"Su ordinazione"},"schema":{"@context":"https:\/\/schema.org","@graph":[{"@type":"WebPage","@id":"https:\/\/recambiosecogas.com\/it\/producto\/filtro-alta-presion-g-12-para-cilindros-glp\/","url":"https:\/\/recambiosecogas.com\/it\/producto\/filtro-alta-presion-g-12-para-cilindros-glp\/","name":"G.12 Filtro ad alta pressione per cilindri di GPL | Pezzi di ricambio Ecogas","isPartOf":{"@id":"https:\/\/recambiosecogas.com\/it\/#website"},"primaryImageOfPage":{"@id":"https:\/\/recambiosecogas.com\/it\/producto\/filtro-alta-presion-g-12-para-cilindros-glp\/#primaryimage"},"image":{"@id":"https:\/\/recambiosecogas.com\/it\/producto\/filtro-alta-presion-g-12-para-cilindros-glp\/#primaryimage"},"thumbnailUrl":"https:\/\/recambiosecogas.com\/wp-content\/uploads\/2024\/12\/Filtro-para-cilindro-GLP-de-alta-presion-G.12-png.webp","datePublished":"2024-12-03T18:05:47+00:00","dateModified":"2026-04-09T09:38:03+00:00","description":"Filtro GLP ad alta pressione G.12 per cilindri. Collegamento diretto alla valvola. Cartuccia CF-110 sostituibile. Approvato 67R-010957.","breadcrumb":{"@id":"https:\/\/recambiosecogas.com\/it\/producto\/filtro-alta-presion-g-12-para-cilindros-glp\/#breadcrumb"},"inLanguage":"it-IT","potentialAction":[{"@type":"ReadAction","target":["https:\/\/recambiosecogas.com\/it\/producto\/filtro-alta-presion-g-12-para-cilindros-glp\/"]}]},{"@type":"ImageObject","inLanguage":"it-IT","@id":"https:\/\/recambiosecogas.com\/it\/producto\/filtro-alta-presion-g-12-para-cilindros-glp\/#primaryimage","url":"https:\/\/recambiosecogas.com\/wp-content\/uploads\/2024\/12\/Filtro-para-cilindro-GLP-de-alta-presion-G.12-png.webp","contentUrl":"https:\/\/recambiosecogas.com\/wp-content\/uploads\/2024\/12\/Filtro-para-cilindro-GLP-de-alta-presion-G.12-png.webp","width":1000,"height":1000},{"@type":"BreadcrumbList","@id":"https:\/\/recambiosecogas.com\/it\/producto\/filtro-alta-presion-g-12-para-cilindros-glp\/#breadcrumb","itemListElement":[{"@type":"ListItem","position":1,"name":"Portada","item":"https:\/\/recambiosecogas.com\/it\/"},{"@type":"ListItem","position":2,"name":"Negozio","item":"https:\/\/recambiosecogas.com\/it\/?page_id=46382"},{"@type":"ListItem","position":3,"name":"Filtro ad alta pressione G.12 per bombole di GPL"}]},{"@type":"WebSite","@id":"https:\/\/recambiosecogas.com\/it\/#website","url":"https:\/\/recambiosecogas.com\/it\/","name":"Recambios EcoGas","description":"Recambios Multimarca para sistemas de GLP\/GNC\/GNL\/Hidr\u00f3geno","publisher":{"@id":"https:\/\/recambiosecogas.com\/it\/#organization"},"alternateName":"Recambios Autogas GLP","potentialAction":[{"@type":"SearchAction","target":{"@type":"EntryPoint","urlTemplate":"https:\/\/recambiosecogas.com\/it\/?s={search_term_string}"},"query-input":{"@type":"PropertyValueSpecification","valueRequired":true,"valueName":"search_term_string"}}],"inLanguage":"it-IT"},{"@type":["Organization","Place"],"@id":"https:\/\/recambiosecogas.com\/it\/#organization","name":"Recambios EcoGas","alternateName":"Tienda Online GLP Espa\u00f1a","url":"https:\/\/recambiosecogas.com\/it\/","logo":{"@id":"https:\/\/recambiosecogas.com\/it\/producto\/filtro-alta-presion-g-12-para-cilindros-glp\/#local-main-organization-logo"},"image":{"@id":"https:\/\/recambiosecogas.com\/it\/producto\/filtro-alta-presion-g-12-para-cilindros-glp\/#local-main-organization-logo"},"sameAs":["https:\/\/www.facebook.com\/profile.php?id=100062419705358","https:\/\/www.instagram.com\/segimon_automocio"],"description":"Recambios EcoGas \u2013 Venta y distribuci\u00f3n de sistemas GLP y GNC en Espa\u00f1a y Portugal. Env\u00edos 24 h, soporte t\u00e9cnico a talleres y distribuidores.","hasMerchantReturnPolicy":{"@type":"MerchantReturnPolicy","merchantReturnLink":"https:\/\/recambiosecogas.com\/politicas-privacidad\/"},"address":{"@id":"https:\/\/recambiosecogas.com\/it\/producto\/filtro-alta-presion-g-12-para-cilindros-glp\/#local-main-place-address"},"telephone":["616250633"],"contactPoint":{"@type":"ContactPoint","email":"export@recambiosecogas.com"},"openingHoursSpecification":[{"@type":"OpeningHoursSpecification","dayOfWeek":["Monday","Tuesday","Wednesday","Thursday","Friday","Saturday","Sunday"],"opens":"09:00","closes":"17:00"}],"email":"info@recambiosecogas.com","faxNumber":"SEGIMON AUTOMOCION SL","vatID":"ESB19819861","globalLocationNumber":"938 616 339"},{"@type":"PostalAddress","@id":"https:\/\/recambiosecogas.com\/it\/producto\/filtro-alta-presion-g-12-para-cilindros-glp\/#local-main-place-address","streetAddress":"cami antic de vic, 29 (Nave 3), Pol\u00edgono Industrial Congost","addressLocality":"CORRO D`AVALL","postalCode":"08520","addressRegion":"Barcelona","addressCountry":"ES"},{"@type":"ImageObject","inLanguage":"it-IT","@id":"https:\/\/recambiosecogas.com\/it\/producto\/filtro-alta-presion-g-12-para-cilindros-glp\/#local-main-organization-logo","url":"https:\/\/recambiosecogas.com\/wp-content\/uploads\/2024\/11\/cropped-RECAMBIOS-GLP-png.webp","contentUrl":"https:\/\/recambiosecogas.com\/wp-content\/uploads\/2024\/11\/cropped-RECAMBIOS-GLP-png.webp","width":512,"height":512,"caption":"Recambios EcoGas"}]},"product_price_amount":"54.93","product_price_currency":"EUR","og_availability":"backorder","product_availability":"available for order","product_retailer_item_id":"105801","product_condition":"new","geo.placename":"CORRO D`AVALL","geo.region":"Spagna"},"uagb_featured_image_src":{"full":["https:\/\/recambiosecogas.com\/wp-content\/uploads\/2024\/12\/Filtro-para-cilindro-GLP-de-alta-presion-G.12-png.webp",1000,1000,false],"thumbnail":["https:\/\/recambiosecogas.com\/wp-content\/uploads\/2024\/12\/Filtro-para-cilindro-GLP-de-alta-presion-G.12-150x150.webp",150,150,true],"medium":["https:\/\/recambiosecogas.com\/wp-content\/uploads\/2024\/12\/Filtro-para-cilindro-GLP-de-alta-presion-G.12-300x300.webp",300,300,true],"medium_large":["https:\/\/recambiosecogas.com\/wp-content\/uploads\/2024\/12\/Filtro-para-cilindro-GLP-de-alta-presion-G.12-768x768.webp",768,768,true],"large":["https:\/\/recambiosecogas.com\/wp-content\/uploads\/2024\/12\/Filtro-para-cilindro-GLP-de-alta-presion-G.12-png.webp",1000,1000,false],"1536x1536":["https:\/\/recambiosecogas.com\/wp-content\/uploads\/2024\/12\/Filtro-para-cilindro-GLP-de-alta-presion-G.12-png.webp",1000,1000,false],"2048x2048":["https:\/\/recambiosecogas.com\/wp-content\/uploads\/2024\/12\/Filtro-para-cilindro-GLP-de-alta-presion-G.12-png.webp",1000,1000,false],"woocommerce_archive_thumbnail":["https:\/\/recambiosecogas.com\/wp-content\/uploads\/2024\/12\/Filtro-para-cilindro-GLP-de-alta-presion-G.12-png.webp",1000,1000,false],"woocommerce_thumbnail":["https:\/\/recambiosecogas.com\/wp-content\/uploads\/2024\/12\/Filtro-para-cilindro-GLP-de-alta-presion-G.12-png-300x300.webp",300,300,true],"woocommerce_single":["https:\/\/recambiosecogas.com\/wp-content\/uploads\/2024\/12\/Filtro-para-cilindro-GLP-de-alta-presion-G.12-png.webp",1000,1000,false],"woocommerce_gallery_thumbnail":["https:\/\/recambiosecogas.com\/wp-content\/uploads\/2024\/12\/Filtro-para-cilindro-GLP-de-alta-presion-G.12-png.webp",1000,1000,false],"dgwt-wcas-product-suggestion":["https:\/\/recambiosecogas.com\/wp-content\/uploads\/2024\/12\/Filtro-para-cilindro-GLP-de-alta-presion-G.12-png-64x64.webp",64,64,true]},"uagb_author_info":{"display_name":"Fran - Soporte T\u00e9cnico","author_link":"https:\/\/recambiosecogas.com\/it\/author\/"},"uagb_comment_info":0,"uagb_excerpt":"G.12 Filtro ad alta pressione per bombole di GPL \u2013 collegamento diretto al cilindro Il filtro GPL ad alta pressione G.12 \u00e8 progettato per installazioni con bombole di gas o bombole di scambio, offrendo una protezione efficace nella linea di carico prima che il gas entri nel sistema. Questo filtro si collega direttamente alla valvola&hellip;","_links":{"self":[{"href":"https:\/\/recambiosecogas.com\/it\/wp-json\/wp\/v2\/product\/47857","targetHints":{"allow":["GET"]}}],"collection":[{"href":"https:\/\/recambiosecogas.com\/it\/wp-json\/wp\/v2\/product"}],"about":[{"href":"https:\/\/recambiosecogas.com\/it\/wp-json\/wp\/v2\/types\/product"}],"replies":[{"embeddable":true,"href":"https:\/\/recambiosecogas.com\/it\/wp-json\/wp\/v2\/comments?post=47857"}],"wp:featuredmedia":[{"embeddable":true,"href":"https:\/\/recambiosecogas.com\/it\/wp-json\/wp\/v2\/media\/47859"}],"wp:attachment":[{"href":"https:\/\/recambiosecogas.com\/it\/wp-json\/wp\/v2\/media?parent=47857"}],"wp:term":[{"taxonomy":"product_brand","embeddable":true,"href":"https:\/\/recambiosecogas.com\/it\/wp-json\/wp\/v2\/product_brand?post=47857"},{"taxonomy":"product_cat","embeddable":true,"href":"https:\/\/recambiosecogas.com\/it\/wp-json\/wp\/v2\/product_cat?post=47857"},{"taxonomy":"product_tag","embeddable":true,"href":"https:\/\/recambiosecogas.com\/it\/wp-json\/wp\/v2\/product_tag?post=47857"}],"curies":[{"name":"wp","href":"https:\/\/api.w.org\/{rel}","templated":true}]}}