{"id":47779,"date":"2024-12-19T12:09:47","date_gmt":"2024-12-19T11:09:47","guid":{"rendered":"https:\/\/recambiosecogas.com\/producto\/cartucho-de-filtros-de-poliester-para-filtro-de-gas-med-fase-gaseosa-2\/"},"modified":"2026-04-08T11:21:45","modified_gmt":"2026-04-08T10:21:45","slug":"cartucho-de-filtros-de-poliester-para-filtro-de-gas-med-fase-gaseosa-2","status":"publish","type":"product","link":"https:\/\/recambiosecogas.com\/it\/producto\/cartucho-de-filtros-de-poliester-para-filtro-de-gas-med-fase-gaseosa-2\/","title":{"rendered":"Sostituzione dei filtri in poliestere in fase gassa MED"},"content":{"rendered":"<h2>Sostituzione dei filtri in poliestere in fase gassa MED<\/h2>\n<table>\n<tbody>\n<tr>\n<td>Materiale<\/td>\n<td>Altezza in mm (h)<\/td>\n<td>Diametro esterno (D)<\/td>\n<td>Diametro interno (d)<\/td>\n<td>Valvole di chiusura<\/td>\n<td>Vaporizzatore<\/td>\n<td>Sistemi<\/td>\n<td>Riferimenti<\/td>\n<\/tr>\n<tr>\n<td>Metallo + Poliestere<\/td>\n<td>50,0<\/td>\n<td>42,0<\/td>\n<td>17,0<\/td>\n<td>&#8211;<\/td>\n<td>&#8211;<\/td>\n<td>Landi Renzo (Omegas)<\/td>\n<td>FL-375, Fiat 71753999, 71754829, UFI 4600800, Sofima S600G, Renault 169195019R<\/td>\n<\/tr>\n<\/tbody>\n<\/table>\n<h4><strong>Dati tecnici<\/strong><\/h4>\n<ul>\n<li><strong>Materiale<\/strong>: Metallo + Poliestere<\/li>\n<li><strong>Altezza<\/strong>: 50 mm<\/li>\n<li><strong>Diametro esterno<\/strong>: 42 mm<\/li>\n<li><strong>Diametro interno<\/strong>: 17 mm<\/li>\n<li><strong>Compatibilit\u00e0<\/strong>: <strong>Landi Renzo Systems (Omegas)<\/strong><\/li>\n<li><strong>Riferimenti equivalenti<\/strong>:\n<ul>\n<li>FL-375<\/li>\n<li>Fiat 71753999, 71754829<\/li>\n<li>UFI 4600800<\/li>\n<li>Sofima S600G<\/li>\n<li>Renault 169195019R<\/li>\n<\/ul>\n<\/li>\n<\/ul>\n<p><strong>La MED \u00e8<\/strong> un componente chiave per la filtrazione nei <strong>sistemi di iniezione di GPL e CNG<\/strong>, progettata per trattenere particelle e impurit\u00e0 nella fase gassa del gas e proteggere il sistema di iniezione. Realizzato in una combinazione di <strong>metallo e poliestere<\/strong>, questo filtro offre alta resistenza ed efficienza di filtrazione, prolungando la vita degli iniettori e garantendo prestazioni ottimali del motore. <\/p>\n<p>Questa ricarica \u00e8 <strong>compatibile con i sistemi Landi Renzo (Omega)<\/strong> e ha misure precise per garantire una calzata perfetta: <strong>altezza di 50 mm, diametro esterno di 42 mm e diametro interno di 17 mm<\/strong>. La sua installazione \u00e8 semplice ed \u00e8 un elemento fondamentale nella manutenzione preventiva dei veicoli convertiti al GPL. <\/p>\n<p>Sostituire periodicamente il filtro in fase a gas aiuta a evitare intasamenti nel sistema di iniezione, migliora l&#8217;efficienza della combustione e ottimizza il consumo di carburante, garantendo il corretto funzionamento del veicolo.<\/p>\n<h4><strong>Caratteristiche e vantaggi<\/strong><\/h4>\n<ul>\n<li><strong>Materiale di alta qualit\u00e0<\/strong>: Costruzione in <strong>metallo e poliestere<\/strong> per durabilit\u00e0 e prestazioni.<\/li>\n<li><strong>Compatibilit\u00e0 del sistema Landi Renzo (Omegas<\/strong>): Progettata per offrire un adattamento perfetto su questi sistemi.<\/li>\n<li><strong>Misure precise<\/strong>: <strong>altezza: 50 mm, diametro esterno: 42 mm, diametro interno: 17 mm<\/strong>.<\/li>\n<li><strong>Ottimizzazione delle prestazioni del motore<\/strong>: mantiene una combustione pulita ed efficiente, riducendo il consumo di carburante.<\/li>\n<\/ul>\n<p><a href=\"https:\/\/recambiosecogas.com\/it\/categoria-producto\/filtros\/\">ACQUISTA PI\u00d9 PRODOTTI ONLINE NEL NOSTRO NEGOZIO<\/a><\/p>\n<p><a href=\"http:\/\/WWW.SEGIMONAUTOMOCIO.COM\">CONVERTITE IN LPG NEL NOSTRO OFFICINO UFFICIALE DI INSTALLAZIONE, MAGGIORI INFORMAZIONI SUL SITO WEB DEL NOSTRO WORKSHOP<\/a><\/p>\n","protected":false},"excerpt":{"rendered":"<p>Filtro in poliestere in fase gassa MED, progettato per i sistemi GPL Landi Renzo. Migliora la filtrazione e prolunga la vita degli ugelli. <\/p>\n","protected":false},"featured_media":14052,"comment_status":"open","ping_status":"closed","template":"","meta":{"_uag_custom_page_level_css":""},"product_brand":[],"product_cat":[2141,2142,2125,2212,2182],"product_tag":[],"class_list":{"0":"post-47779","1":"product","2":"type-product","3":"status-publish","4":"has-post-thumbnail","6":"product_cat-fase-gaseosa","7":"product_cat-filtros","8":"product_cat-recambios-oem","9":"product_cat-recambios-oem-fiat","10":"product_cat-recambios-oem-renault","12":"first","13":"onbackorder","14":"taxable","15":"shipping-taxable","16":"purchasable","17":"product-type-simple"},"ct_brands":[],"yoast_head":"<!-- This site is optimized with the Yoast SEO Premium plugin v27.5 (Yoast SEO v27.5) - https:\/\/yoast.com\/product\/yoast-seo-premium-wordpress\/ -->\n<title>Filtro in poliestere in fase gassa MED | Pezzi di ricambio Ecogas<\/title>\n<meta name=\"description\" content=\"Filtro in poliestere in fase gassa MED, progettato per i sistemi GPL Landi Renzo. Migliora la filtrazione e prolunga la vita degli ugelli.\" \/>\n<meta name=\"robots\" content=\"index, follow, max-snippet:-1, max-image-preview:large, max-video-preview:-1\" \/>\n<link rel=\"canonical\" href=\"https:\/\/recambiosecogas.com\/it\/producto\/cartucho-de-filtros-de-poliester-para-filtro-de-gas-med-fase-gaseosa-2\/\" \/>\n<meta property=\"og:locale\" content=\"it_IT\" \/>\n<meta property=\"og:type\" content=\"article\" \/>\n<meta property=\"og:title\" content=\"Sostituzione dei filtri in poliestere in fase gassa MED\" \/>\n<meta property=\"og:description\" content=\"Filtro in poliestere in fase gassa MED, progettato per i sistemi GPL Landi Renzo. Migliora la filtrazione e prolunga la vita degli ugelli.\" \/>\n<meta property=\"og:url\" content=\"https:\/\/recambiosecogas.com\/it\/producto\/cartucho-de-filtros-de-poliester-para-filtro-de-gas-med-fase-gaseosa-2\/\" \/>\n<meta property=\"og:site_name\" content=\"Recambios EcoGas\" \/>\n<meta property=\"article:publisher\" content=\"https:\/\/www.facebook.com\/profile.php?id=100062419705358\" \/>\n<meta property=\"article:modified_time\" content=\"2026-04-08T10:21:45+00:00\" \/>\n<meta property=\"og:image\" content=\"https:\/\/recambiosecogas.com\/wp-content\/uploads\/2024\/12\/Cartucho-de-filtros-de-poliester-para-filtro-de-gas-Valtek-fase-gaseosa-1-png.webp\" \/>\n\t<meta property=\"og:image:width\" content=\"1000\" \/>\n\t<meta property=\"og:image:height\" content=\"1000\" \/>\n\t<meta property=\"og:image:type\" content=\"image\/png\" \/>\n<meta name=\"twitter:card\" content=\"summary_large_image\" \/>\n<meta name=\"twitter:label1\" content=\"Prezzo\" \/>\n\t<meta name=\"twitter:data1\" content=\"5,00&nbsp;&euro; (Sin IVA: 4,13&nbsp;&euro;)\" \/>\n\t<meta name=\"twitter:label2\" content=\"Disponibilit\u00e0\" \/>\n\t<meta name=\"twitter:data2\" content=\"Su ordinazione\" \/>\n<script type=\"application\/ld+json\" class=\"yoast-schema-graph\">{\"@context\":\"https:\\\/\\\/schema.org\",\"@graph\":[{\"@type\":\"WebPage\",\"@id\":\"https:\\\/\\\/recambiosecogas.com\\\/it\\\/producto\\\/cartucho-de-filtros-de-poliester-para-filtro-de-gas-med-fase-gaseosa-2\\\/\",\"url\":\"https:\\\/\\\/recambiosecogas.com\\\/it\\\/producto\\\/cartucho-de-filtros-de-poliester-para-filtro-de-gas-med-fase-gaseosa-2\\\/\",\"name\":\"Filtro in poliestere in fase gassa MED | Pezzi di ricambio Ecogas\",\"isPartOf\":{\"@id\":\"https:\\\/\\\/recambiosecogas.com\\\/it\\\/#website\"},\"primaryImageOfPage\":{\"@id\":\"https:\\\/\\\/recambiosecogas.com\\\/it\\\/producto\\\/cartucho-de-filtros-de-poliester-para-filtro-de-gas-med-fase-gaseosa-2\\\/#primaryimage\"},\"image\":{\"@id\":\"https:\\\/\\\/recambiosecogas.com\\\/it\\\/producto\\\/cartucho-de-filtros-de-poliester-para-filtro-de-gas-med-fase-gaseosa-2\\\/#primaryimage\"},\"thumbnailUrl\":\"https:\\\/\\\/recambiosecogas.com\\\/wp-content\\\/uploads\\\/2024\\\/12\\\/Cartucho-de-filtros-de-poliester-para-filtro-de-gas-Valtek-fase-gaseosa-1-png.webp\",\"datePublished\":\"2024-12-19T11:09:47+00:00\",\"dateModified\":\"2026-04-08T10:21:45+00:00\",\"description\":\"Filtro in poliestere in fase gassa MED, progettato per i sistemi GPL Landi Renzo. Migliora la filtrazione e prolunga la vita degli ugelli.\",\"breadcrumb\":{\"@id\":\"https:\\\/\\\/recambiosecogas.com\\\/it\\\/producto\\\/cartucho-de-filtros-de-poliester-para-filtro-de-gas-med-fase-gaseosa-2\\\/#breadcrumb\"},\"inLanguage\":\"it-IT\",\"potentialAction\":[{\"@type\":\"ReadAction\",\"target\":[\"https:\\\/\\\/recambiosecogas.com\\\/it\\\/producto\\\/cartucho-de-filtros-de-poliester-para-filtro-de-gas-med-fase-gaseosa-2\\\/\"]}]},{\"@type\":\"ImageObject\",\"inLanguage\":\"it-IT\",\"@id\":\"https:\\\/\\\/recambiosecogas.com\\\/it\\\/producto\\\/cartucho-de-filtros-de-poliester-para-filtro-de-gas-med-fase-gaseosa-2\\\/#primaryimage\",\"url\":\"https:\\\/\\\/recambiosecogas.com\\\/wp-content\\\/uploads\\\/2024\\\/12\\\/Cartucho-de-filtros-de-poliester-para-filtro-de-gas-Valtek-fase-gaseosa-1-png.webp\",\"contentUrl\":\"https:\\\/\\\/recambiosecogas.com\\\/wp-content\\\/uploads\\\/2024\\\/12\\\/Cartucho-de-filtros-de-poliester-para-filtro-de-gas-Valtek-fase-gaseosa-1-png.webp\",\"width\":1000,\"height\":1000},{\"@type\":\"BreadcrumbList\",\"@id\":\"https:\\\/\\\/recambiosecogas.com\\\/it\\\/producto\\\/cartucho-de-filtros-de-poliester-para-filtro-de-gas-med-fase-gaseosa-2\\\/#breadcrumb\",\"itemListElement\":[{\"@type\":\"ListItem\",\"position\":1,\"name\":\"Portada\",\"item\":\"https:\\\/\\\/recambiosecogas.com\\\/it\\\/\"},{\"@type\":\"ListItem\",\"position\":2,\"name\":\"Negozio\",\"item\":\"https:\\\/\\\/recambiosecogas.com\\\/it\\\/?page_id=46382\"},{\"@type\":\"ListItem\",\"position\":3,\"name\":\"Sostituzione dei filtri in poliestere in fase gassa MED\"}]},{\"@type\":\"WebSite\",\"@id\":\"https:\\\/\\\/recambiosecogas.com\\\/it\\\/#website\",\"url\":\"https:\\\/\\\/recambiosecogas.com\\\/it\\\/\",\"name\":\"Recambios EcoGas\",\"description\":\"Recambios Multimarca para sistemas de GLP\\\/GNC\\\/GNL\\\/Hidr\u00f3geno\",\"publisher\":{\"@id\":\"https:\\\/\\\/recambiosecogas.com\\\/it\\\/#organization\"},\"alternateName\":\"Recambios Autogas GLP\",\"potentialAction\":[{\"@type\":\"SearchAction\",\"target\":{\"@type\":\"EntryPoint\",\"urlTemplate\":\"https:\\\/\\\/recambiosecogas.com\\\/it\\\/?s={search_term_string}\"},\"query-input\":{\"@type\":\"PropertyValueSpecification\",\"valueRequired\":true,\"valueName\":\"search_term_string\"}}],\"inLanguage\":\"it-IT\"},{\"@type\":[\"Organization\",\"Place\"],\"@id\":\"https:\\\/\\\/recambiosecogas.com\\\/it\\\/#organization\",\"name\":\"Recambios EcoGas\",\"alternateName\":\"Tienda Online GLP Espa\u00f1a\",\"url\":\"https:\\\/\\\/recambiosecogas.com\\\/it\\\/\",\"logo\":{\"@id\":\"https:\\\/\\\/recambiosecogas.com\\\/it\\\/producto\\\/cartucho-de-filtros-de-poliester-para-filtro-de-gas-med-fase-gaseosa-2\\\/#local-main-organization-logo\"},\"image\":{\"@id\":\"https:\\\/\\\/recambiosecogas.com\\\/it\\\/producto\\\/cartucho-de-filtros-de-poliester-para-filtro-de-gas-med-fase-gaseosa-2\\\/#local-main-organization-logo\"},\"sameAs\":[\"https:\\\/\\\/www.facebook.com\\\/profile.php?id=100062419705358\",\"https:\\\/\\\/www.instagram.com\\\/segimon_automocio\"],\"description\":\"Recambios EcoGas \u2013 Venta y distribuci\u00f3n de sistemas GLP y GNC en Espa\u00f1a y Portugal. Env\u00edos 24 h, soporte t\u00e9cnico a talleres y distribuidores.\",\"hasMerchantReturnPolicy\":{\"@type\":\"MerchantReturnPolicy\",\"merchantReturnLink\":\"https:\\\/\\\/recambiosecogas.com\\\/politicas-privacidad\\\/\"},\"address\":{\"@id\":\"https:\\\/\\\/recambiosecogas.com\\\/it\\\/producto\\\/cartucho-de-filtros-de-poliester-para-filtro-de-gas-med-fase-gaseosa-2\\\/#local-main-place-address\"},\"telephone\":[\"616250633\"],\"contactPoint\":{\"@type\":\"ContactPoint\",\"email\":\"export@recambiosecogas.com\"},\"openingHoursSpecification\":[{\"@type\":\"OpeningHoursSpecification\",\"dayOfWeek\":[\"Monday\",\"Tuesday\",\"Wednesday\",\"Thursday\",\"Friday\",\"Saturday\",\"Sunday\"],\"opens\":\"09:00\",\"closes\":\"17:00\"}],\"email\":\"info@recambiosecogas.com\",\"faxNumber\":\"SEGIMON AUTOMOCION SL\",\"vatID\":\"ESB19819861\",\"globalLocationNumber\":\"938 616 339\"},{\"@type\":\"PostalAddress\",\"@id\":\"https:\\\/\\\/recambiosecogas.com\\\/it\\\/producto\\\/cartucho-de-filtros-de-poliester-para-filtro-de-gas-med-fase-gaseosa-2\\\/#local-main-place-address\",\"streetAddress\":\"cami antic de vic, 29 (Nave 3), Pol\u00edgono Industrial Congost\",\"addressLocality\":\"CORRO D`AVALL\",\"postalCode\":\"08520\",\"addressRegion\":\"Barcelona\",\"addressCountry\":\"ES\"},{\"@type\":\"ImageObject\",\"inLanguage\":\"it-IT\",\"@id\":\"https:\\\/\\\/recambiosecogas.com\\\/it\\\/producto\\\/cartucho-de-filtros-de-poliester-para-filtro-de-gas-med-fase-gaseosa-2\\\/#local-main-organization-logo\",\"url\":\"https:\\\/\\\/recambiosecogas.com\\\/wp-content\\\/uploads\\\/2024\\\/11\\\/cropped-RECAMBIOS-GLP-png.webp\",\"contentUrl\":\"https:\\\/\\\/recambiosecogas.com\\\/wp-content\\\/uploads\\\/2024\\\/11\\\/cropped-RECAMBIOS-GLP-png.webp\",\"width\":512,\"height\":512,\"caption\":\"Recambios EcoGas\"}]}<\/script>\n<meta property=\"product:price:amount\" content=\"5.00\" \/>\n<meta property=\"product:price:currency\" content=\"EUR\" \/>\n<meta property=\"og:availability\" content=\"backorder\" \/>\n<meta property=\"product:availability\" content=\"available for order\" \/>\n<meta property=\"product:retailer_item_id\" content=\"105220P\" \/>\n<meta property=\"product:condition\" content=\"new\" \/>\n<meta name=\"geo.placename\" content=\"CORRO D`AVALL\" \/>\n<meta name=\"geo.region\" content=\"Spagna\" \/>\n<!-- \/ Yoast SEO Premium plugin. -->","yoast_head_json":{"title":"Filtro in poliestere in fase gassa MED | Pezzi di ricambio Ecogas","description":"Filtro in poliestere in fase gassa MED, progettato per i sistemi GPL Landi Renzo. Migliora la filtrazione e prolunga la vita degli ugelli.","robots":{"index":"index","follow":"follow","max-snippet":"max-snippet:-1","max-image-preview":"max-image-preview:large","max-video-preview":"max-video-preview:-1"},"canonical":"https:\/\/recambiosecogas.com\/it\/producto\/cartucho-de-filtros-de-poliester-para-filtro-de-gas-med-fase-gaseosa-2\/","og_locale":"it_IT","og_type":"article","og_title":"Sostituzione dei filtri in poliestere in fase gassa MED","og_description":"Filtro in poliestere in fase gassa MED, progettato per i sistemi GPL Landi Renzo. Migliora la filtrazione e prolunga la vita degli ugelli.","og_url":"https:\/\/recambiosecogas.com\/it\/producto\/cartucho-de-filtros-de-poliester-para-filtro-de-gas-med-fase-gaseosa-2\/","og_site_name":"Recambios EcoGas","article_publisher":"https:\/\/www.facebook.com\/profile.php?id=100062419705358","article_modified_time":"2026-04-08T10:21:45+00:00","og_image":[{"width":1000,"height":1000,"url":"https:\/\/recambiosecogas.com\/wp-content\/uploads\/2024\/12\/Cartucho-de-filtros-de-poliester-para-filtro-de-gas-Valtek-fase-gaseosa-1-png.webp","type":"image\/png"}],"twitter_card":"summary_large_image","twitter_misc":{"Prezzo":"5,00&nbsp;&euro; (Sin IVA: 4,13&nbsp;&euro;)","Disponibilit\u00e0":"Su ordinazione"},"schema":{"@context":"https:\/\/schema.org","@graph":[{"@type":"WebPage","@id":"https:\/\/recambiosecogas.com\/it\/producto\/cartucho-de-filtros-de-poliester-para-filtro-de-gas-med-fase-gaseosa-2\/","url":"https:\/\/recambiosecogas.com\/it\/producto\/cartucho-de-filtros-de-poliester-para-filtro-de-gas-med-fase-gaseosa-2\/","name":"Filtro in poliestere in fase gassa MED | Pezzi di ricambio Ecogas","isPartOf":{"@id":"https:\/\/recambiosecogas.com\/it\/#website"},"primaryImageOfPage":{"@id":"https:\/\/recambiosecogas.com\/it\/producto\/cartucho-de-filtros-de-poliester-para-filtro-de-gas-med-fase-gaseosa-2\/#primaryimage"},"image":{"@id":"https:\/\/recambiosecogas.com\/it\/producto\/cartucho-de-filtros-de-poliester-para-filtro-de-gas-med-fase-gaseosa-2\/#primaryimage"},"thumbnailUrl":"https:\/\/recambiosecogas.com\/wp-content\/uploads\/2024\/12\/Cartucho-de-filtros-de-poliester-para-filtro-de-gas-Valtek-fase-gaseosa-1-png.webp","datePublished":"2024-12-19T11:09:47+00:00","dateModified":"2026-04-08T10:21:45+00:00","description":"Filtro in poliestere in fase gassa MED, progettato per i sistemi GPL Landi Renzo. Migliora la filtrazione e prolunga la vita degli ugelli.","breadcrumb":{"@id":"https:\/\/recambiosecogas.com\/it\/producto\/cartucho-de-filtros-de-poliester-para-filtro-de-gas-med-fase-gaseosa-2\/#breadcrumb"},"inLanguage":"it-IT","potentialAction":[{"@type":"ReadAction","target":["https:\/\/recambiosecogas.com\/it\/producto\/cartucho-de-filtros-de-poliester-para-filtro-de-gas-med-fase-gaseosa-2\/"]}]},{"@type":"ImageObject","inLanguage":"it-IT","@id":"https:\/\/recambiosecogas.com\/it\/producto\/cartucho-de-filtros-de-poliester-para-filtro-de-gas-med-fase-gaseosa-2\/#primaryimage","url":"https:\/\/recambiosecogas.com\/wp-content\/uploads\/2024\/12\/Cartucho-de-filtros-de-poliester-para-filtro-de-gas-Valtek-fase-gaseosa-1-png.webp","contentUrl":"https:\/\/recambiosecogas.com\/wp-content\/uploads\/2024\/12\/Cartucho-de-filtros-de-poliester-para-filtro-de-gas-Valtek-fase-gaseosa-1-png.webp","width":1000,"height":1000},{"@type":"BreadcrumbList","@id":"https:\/\/recambiosecogas.com\/it\/producto\/cartucho-de-filtros-de-poliester-para-filtro-de-gas-med-fase-gaseosa-2\/#breadcrumb","itemListElement":[{"@type":"ListItem","position":1,"name":"Portada","item":"https:\/\/recambiosecogas.com\/it\/"},{"@type":"ListItem","position":2,"name":"Negozio","item":"https:\/\/recambiosecogas.com\/it\/?page_id=46382"},{"@type":"ListItem","position":3,"name":"Sostituzione dei filtri in poliestere in fase gassa MED"}]},{"@type":"WebSite","@id":"https:\/\/recambiosecogas.com\/it\/#website","url":"https:\/\/recambiosecogas.com\/it\/","name":"Recambios EcoGas","description":"Recambios Multimarca para sistemas de GLP\/GNC\/GNL\/Hidr\u00f3geno","publisher":{"@id":"https:\/\/recambiosecogas.com\/it\/#organization"},"alternateName":"Recambios Autogas GLP","potentialAction":[{"@type":"SearchAction","target":{"@type":"EntryPoint","urlTemplate":"https:\/\/recambiosecogas.com\/it\/?s={search_term_string}"},"query-input":{"@type":"PropertyValueSpecification","valueRequired":true,"valueName":"search_term_string"}}],"inLanguage":"it-IT"},{"@type":["Organization","Place"],"@id":"https:\/\/recambiosecogas.com\/it\/#organization","name":"Recambios EcoGas","alternateName":"Tienda Online GLP Espa\u00f1a","url":"https:\/\/recambiosecogas.com\/it\/","logo":{"@id":"https:\/\/recambiosecogas.com\/it\/producto\/cartucho-de-filtros-de-poliester-para-filtro-de-gas-med-fase-gaseosa-2\/#local-main-organization-logo"},"image":{"@id":"https:\/\/recambiosecogas.com\/it\/producto\/cartucho-de-filtros-de-poliester-para-filtro-de-gas-med-fase-gaseosa-2\/#local-main-organization-logo"},"sameAs":["https:\/\/www.facebook.com\/profile.php?id=100062419705358","https:\/\/www.instagram.com\/segimon_automocio"],"description":"Recambios EcoGas \u2013 Venta y distribuci\u00f3n de sistemas GLP y GNC en Espa\u00f1a y Portugal. Env\u00edos 24 h, soporte t\u00e9cnico a talleres y distribuidores.","hasMerchantReturnPolicy":{"@type":"MerchantReturnPolicy","merchantReturnLink":"https:\/\/recambiosecogas.com\/politicas-privacidad\/"},"address":{"@id":"https:\/\/recambiosecogas.com\/it\/producto\/cartucho-de-filtros-de-poliester-para-filtro-de-gas-med-fase-gaseosa-2\/#local-main-place-address"},"telephone":["616250633"],"contactPoint":{"@type":"ContactPoint","email":"export@recambiosecogas.com"},"openingHoursSpecification":[{"@type":"OpeningHoursSpecification","dayOfWeek":["Monday","Tuesday","Wednesday","Thursday","Friday","Saturday","Sunday"],"opens":"09:00","closes":"17:00"}],"email":"info@recambiosecogas.com","faxNumber":"SEGIMON AUTOMOCION SL","vatID":"ESB19819861","globalLocationNumber":"938 616 339"},{"@type":"PostalAddress","@id":"https:\/\/recambiosecogas.com\/it\/producto\/cartucho-de-filtros-de-poliester-para-filtro-de-gas-med-fase-gaseosa-2\/#local-main-place-address","streetAddress":"cami antic de vic, 29 (Nave 3), Pol\u00edgono Industrial Congost","addressLocality":"CORRO D`AVALL","postalCode":"08520","addressRegion":"Barcelona","addressCountry":"ES"},{"@type":"ImageObject","inLanguage":"it-IT","@id":"https:\/\/recambiosecogas.com\/it\/producto\/cartucho-de-filtros-de-poliester-para-filtro-de-gas-med-fase-gaseosa-2\/#local-main-organization-logo","url":"https:\/\/recambiosecogas.com\/wp-content\/uploads\/2024\/11\/cropped-RECAMBIOS-GLP-png.webp","contentUrl":"https:\/\/recambiosecogas.com\/wp-content\/uploads\/2024\/11\/cropped-RECAMBIOS-GLP-png.webp","width":512,"height":512,"caption":"Recambios EcoGas"}]},"product_price_amount":"5.00","product_price_currency":"EUR","og_availability":"backorder","product_availability":"available for order","product_retailer_item_id":"105220P","product_condition":"new","geo.placename":"CORRO D`AVALL","geo.region":"Spagna"},"uagb_featured_image_src":{"full":["https:\/\/recambiosecogas.com\/wp-content\/uploads\/2024\/12\/Cartucho-de-filtros-de-poliester-para-filtro-de-gas-Valtek-fase-gaseosa-1-png.webp",1000,1000,false],"thumbnail":["https:\/\/recambiosecogas.com\/wp-content\/uploads\/2024\/12\/Cartucho-de-filtros-de-poliester-para-filtro-de-gas-Valtek-fase-gaseosa-1-150x150.webp",150,150,true],"medium":["https:\/\/recambiosecogas.com\/wp-content\/uploads\/2024\/12\/Cartucho-de-filtros-de-poliester-para-filtro-de-gas-Valtek-fase-gaseosa-1-300x300.webp",300,300,true],"medium_large":["https:\/\/recambiosecogas.com\/wp-content\/uploads\/2024\/12\/Cartucho-de-filtros-de-poliester-para-filtro-de-gas-Valtek-fase-gaseosa-1-768x768.webp",768,768,true],"large":["https:\/\/recambiosecogas.com\/wp-content\/uploads\/2024\/12\/Cartucho-de-filtros-de-poliester-para-filtro-de-gas-Valtek-fase-gaseosa-1-png.webp",1000,1000,false],"1536x1536":["https:\/\/recambiosecogas.com\/wp-content\/uploads\/2024\/12\/Cartucho-de-filtros-de-poliester-para-filtro-de-gas-Valtek-fase-gaseosa-1-png.webp",1000,1000,false],"2048x2048":["https:\/\/recambiosecogas.com\/wp-content\/uploads\/2024\/12\/Cartucho-de-filtros-de-poliester-para-filtro-de-gas-Valtek-fase-gaseosa-1-png.webp",1000,1000,false],"woocommerce_archive_thumbnail":["https:\/\/recambiosecogas.com\/wp-content\/uploads\/2024\/12\/Cartucho-de-filtros-de-poliester-para-filtro-de-gas-Valtek-fase-gaseosa-1-png.webp",1000,1000,false],"woocommerce_thumbnail":["https:\/\/recambiosecogas.com\/wp-content\/uploads\/2024\/12\/Cartucho-de-filtros-de-poliester-para-filtro-de-gas-Valtek-fase-gaseosa-1-300x300.webp",300,300,true],"woocommerce_single":["https:\/\/recambiosecogas.com\/wp-content\/uploads\/2024\/12\/Cartucho-de-filtros-de-poliester-para-filtro-de-gas-Valtek-fase-gaseosa-1-png.webp",1000,1000,false],"woocommerce_gallery_thumbnail":["https:\/\/recambiosecogas.com\/wp-content\/uploads\/2024\/12\/Cartucho-de-filtros-de-poliester-para-filtro-de-gas-Valtek-fase-gaseosa-1-png.webp",1000,1000,false],"dgwt-wcas-product-suggestion":["https:\/\/recambiosecogas.com\/wp-content\/uploads\/2024\/12\/Cartucho-de-filtros-de-poliester-para-filtro-de-gas-Valtek-fase-gaseosa-1-64x64.webp",64,64,true]},"uagb_author_info":{"display_name":"Fran - Soporte T\u00e9cnico","author_link":"https:\/\/recambiosecogas.com\/it\/author\/"},"uagb_comment_info":0,"uagb_excerpt":"Filtro in poliestere in fase gassa MED, progettato per i sistemi GPL Landi Renzo. Migliora la filtrazione e prolunga la vita degli ugelli.","_links":{"self":[{"href":"https:\/\/recambiosecogas.com\/it\/wp-json\/wp\/v2\/product\/47779","targetHints":{"allow":["GET"]}}],"collection":[{"href":"https:\/\/recambiosecogas.com\/it\/wp-json\/wp\/v2\/product"}],"about":[{"href":"https:\/\/recambiosecogas.com\/it\/wp-json\/wp\/v2\/types\/product"}],"replies":[{"embeddable":true,"href":"https:\/\/recambiosecogas.com\/it\/wp-json\/wp\/v2\/comments?post=47779"}],"wp:featuredmedia":[{"embeddable":true,"href":"https:\/\/recambiosecogas.com\/it\/wp-json\/wp\/v2\/media\/14052"}],"wp:attachment":[{"href":"https:\/\/recambiosecogas.com\/it\/wp-json\/wp\/v2\/media?parent=47779"}],"wp:term":[{"taxonomy":"product_brand","embeddable":true,"href":"https:\/\/recambiosecogas.com\/it\/wp-json\/wp\/v2\/product_brand?post=47779"},{"taxonomy":"product_cat","embeddable":true,"href":"https:\/\/recambiosecogas.com\/it\/wp-json\/wp\/v2\/product_cat?post=47779"},{"taxonomy":"product_tag","embeddable":true,"href":"https:\/\/recambiosecogas.com\/it\/wp-json\/wp\/v2\/product_tag?post=47779"}],"curies":[{"name":"wp","href":"https:\/\/api.w.org\/{rel}","templated":true}]}}