{"id":47673,"date":"2024-12-19T11:09:48","date_gmt":"2024-12-19T11:09:48","guid":{"rendered":"https:\/\/recambiosecogas.com\/producto\/europegas-cartucho-de-filtros-de-poliester-incl-empaques-fase-gaseosa\/"},"modified":"2026-04-08T11:21:09","modified_gmt":"2026-04-08T10:21:09","slug":"europegas-cartucho-de-filtros-de-poliester-incl-empaques-fase-gaseosa","status":"publish","type":"product","link":"https:\/\/recambiosecogas.com\/it\/producto\/europegas-cartucho-de-filtros-de-poliester-incl-empaques-fase-gaseosa\/","title":{"rendered":"Europegas Sostituzione della fase gassa in poliestere inclusi gli O-ring | Filtro LPG\/CNG"},"content":{"rendered":"<h3 data-start=\"2163\" data-end=\"2233\">Filtro in fase gassosa in poliestere GPL\/GNC Europegas con anelli O<\/h3>\n<p data-start=\"2235\" data-end=\"2579\">Il <strong data-start=\"2238\" data-end=\"2303\">filtro in fase gassa Europegas in poliestere con O-ring<\/strong> \u00e8 un sostituto progettato per garantire un <strong data-start=\"2347\" data-end=\"2372\">flusso pulito e sicuro<\/strong> nei sistemi di iniezione <strong data-start=\"2398\" data-end=\"2411\">di GPL e CNG<\/strong>. La sua costruzione in metallo e poliestere consente <strong data-start=\"2462\" data-end=\"2495\">un&#8217;efficace ritenzione delle impurit\u00e0<\/strong>, proteggendo iniettori, valvole e altri componenti sensibili del sistema a gas. <\/p>\n<p data-start=\"2581\" data-end=\"2735\">Include <strong data-start=\"2589\" data-end=\"2607\">gli O-ring<\/strong>, che facilitano un&#8217;installazione rapida e garantiscono una corretta tenuta, prevenendo perdite e mantenendo l&#8217;integrit\u00e0 del circuito.<\/p>\n<h4 data-start=\"2737\" data-end=\"2776\">Funzione del filtro in fase gassa<\/h4>\n<p data-start=\"2777\" data-end=\"2873\">Questa sostituzione viene <strong data-start=\"2802\" data-end=\"2840\">installata prima della rotaia o degli iniettori<\/strong>, agendo come barriera contro:<\/p>\n<ul data-start=\"2874\" data-end=\"2954\">\n<li data-start=\"2874\" data-end=\"2883\">\n<p data-start=\"2876\" data-end=\"2883\">Powder<\/p>\n<\/li>\n<li data-start=\"2884\" data-end=\"2895\">\n<p data-start=\"2886\" data-end=\"2895\">Umidit\u00e0<\/p>\n<\/li>\n<li data-start=\"2896\" data-end=\"2916\">\n<p data-start=\"2898\" data-end=\"2916\">Rifiuti solidi<\/p>\n<\/li>\n<li data-start=\"2917\" data-end=\"2954\">\n<p data-start=\"2919\" data-end=\"2954\">Particolato nel GPL o GNC<\/p>\n<\/li>\n<\/ul>\n<p data-start=\"2956\" data-end=\"3042\">Questo permette un funzionamento del sistema pi\u00f9 stabile e riduce l&#8217;usura prematura.<\/p>\n<h4 data-start=\"3044\" data-end=\"3076\">Caratteristiche principali<\/h4>\n<ul data-start=\"3077\" data-end=\"3277\">\n<li data-start=\"3077\" data-end=\"3136\">\n<p data-start=\"3079\" data-end=\"3136\">Filtrazione efficiente utilizzando poliestere di alta qualit\u00e0<\/p>\n<\/li>\n<li data-start=\"3137\" data-end=\"3167\">\n<p data-start=\"3139\" data-end=\"3167\">Corpo metallico robusto<\/p>\n<\/li>\n<li data-start=\"3168\" data-end=\"3219\">\n<p data-start=\"3170\" data-end=\"3219\">Include O-ring per una tenuta perfetta<\/p>\n<\/li>\n<li data-start=\"3220\" data-end=\"3244\">\n<p data-start=\"3222\" data-end=\"3244\">Installazione semplice<\/p>\n<\/li>\n<li data-start=\"3245\" data-end=\"3277\">\n<p data-start=\"3247\" data-end=\"3277\">Adatto per sistemi a GPL e GNC<\/p>\n<\/li>\n<\/ul>\n<h4 data-start=\"3279\" data-end=\"3291\">Misurazioni<\/h4>\n<ul data-start=\"3292\" data-end=\"3367\">\n<li data-start=\"3292\" data-end=\"3309\">\n<p data-start=\"3294\" data-end=\"3309\">Altezza: 54 mm<\/p>\n<\/li>\n<li data-start=\"3310\" data-end=\"3338\">\n<p data-start=\"3312\" data-end=\"3338\">Diametro esterno: 42 mm<\/p>\n<\/li>\n<li data-start=\"3339\" data-end=\"3367\">\n<p data-start=\"3341\" data-end=\"3367\">Diametro interno: 17 mm<\/p>\n<\/li>\n<\/ul>\n<h4 data-start=\"3369\" data-end=\"3388\">Compatibilit\u00e0<\/h4>\n<p data-start=\"3389\" data-end=\"3587\">Compatibile con molteplici sistemi LPG\/CNG, tra cui:<br \/>\n AG (Zenit, Sirocco), Landi (LSI), Zavoli (Alisei), Stag, Bedini (ECOgeo 3000), e-Gas (iniezione MCE), MotorGas (NewEco DR1), Stargass Polaris.<\/p>\n<h4 data-start=\"3589\" data-end=\"3618\">Riferimenti equivalenti<\/h4>\n<p data-start=\"3619\" data-end=\"3691\">XF301 \u00b7 Matrix F30015L \u00b7 Parker 1014010136 \u00b7 UFI 4600700 \u00b7 Sofima S6007G<\/p>\n<h4 data-start=\"3693\" data-end=\"3723\">Applicazioni consigliate<\/h4>\n<ul data-start=\"3724\" data-end=\"3840\">\n<li data-start=\"3724\" data-end=\"3771\">\n<p data-start=\"3726\" data-end=\"3771\">Manutenzione regolare dei sistemi GPL\/CNG<\/p>\n<\/li>\n<li data-start=\"3772\" data-end=\"3808\">\n<p data-start=\"3774\" data-end=\"3808\">Sostituzione dei filtri saturi<\/p>\n<\/li>\n<li data-start=\"3809\" data-end=\"3840\">\n<p data-start=\"3811\" data-end=\"3840\">Uso professionale nei laboratori<\/p>\n<\/li>\n<\/ul>\n<p data-start=\"3842\" data-end=\"3928\">Una <strong data-start=\"3845\" data-end=\"3876\">sostituzione economica e affidabile<\/strong> per mantenere il sistema a gas pulito e protetto.<\/p>\n","protected":false},"excerpt":{"rendered":"<p data-start=\"4046\" data-end=\"4238\">Filtro a gas in fase GPL\/CNG Europegas realizzato in poliestere con anelli O-ring inclusi. Protegge iniettori e componenti del sistema a gas. Compatibile con pi\u00f9 sistemi.  <\/p>\n","protected":false},"featured_media":47675,"comment_status":"open","ping_status":"closed","template":"","meta":{"_uag_custom_page_level_css":""},"product_brand":[],"product_cat":[2141,2142],"product_tag":[],"class_list":{"0":"post-47673","1":"product","2":"type-product","3":"status-publish","4":"has-post-thumbnail","6":"product_cat-fase-gaseosa","7":"product_cat-filtros","9":"first","10":"instock","11":"taxable","12":"shipping-taxable","13":"purchasable","14":"product-type-simple"},"ct_brands":[],"yoast_head":"<!-- This site is optimized with the Yoast SEO Premium plugin v27.5 (Yoast SEO v27.5) - https:\/\/yoast.com\/product\/yoast-seo-premium-wordpress\/ -->\n<title>Filtro in fase gassosa Europegas GPL\/CNG poliestere |<\/title>\n<meta name=\"description\" content=\"Filtro in fase gassa Europegas GPL\/GNC con poliestere e O-ring inclusi. Sostituzione economica per proteggere iniettori e sistemi a gas.\" \/>\n<meta name=\"robots\" content=\"index, follow, max-snippet:-1, max-image-preview:large, max-video-preview:-1\" \/>\n<link rel=\"canonical\" href=\"https:\/\/recambiosecogas.com\/it\/producto\/europegas-cartucho-de-filtros-de-poliester-incl-empaques-fase-gaseosa\/\" \/>\n<meta property=\"og:locale\" content=\"it_IT\" \/>\n<meta property=\"og:type\" content=\"article\" \/>\n<meta property=\"og:title\" content=\"Europegas Sostituzione della fase gassa in poliestere inclusi gli O-ring | Filtro LPG\/CNG\" \/>\n<meta property=\"og:description\" content=\"Filtro in fase gassa Europegas GPL\/GNC con poliestere e O-ring inclusi. Sostituzione economica per proteggere iniettori e sistemi a gas.\" \/>\n<meta property=\"og:url\" content=\"https:\/\/recambiosecogas.com\/it\/producto\/europegas-cartucho-de-filtros-de-poliester-incl-empaques-fase-gaseosa\/\" \/>\n<meta property=\"og:site_name\" content=\"Recambios EcoGas\" \/>\n<meta property=\"article:publisher\" content=\"https:\/\/www.facebook.com\/profile.php?id=100062419705358\" \/>\n<meta property=\"article:modified_time\" content=\"2026-04-08T10:21:09+00:00\" \/>\n<meta property=\"og:image\" content=\"https:\/\/recambiosecogas.com\/wp-content\/uploads\/2024\/12\/europegas-junta-filtro.webp\" \/>\n\t<meta property=\"og:image:width\" content=\"1000\" \/>\n\t<meta property=\"og:image:height\" content=\"1000\" \/>\n\t<meta property=\"og:image:type\" content=\"image\/png\" \/>\n<meta name=\"twitter:card\" content=\"summary_large_image\" \/>\n<meta name=\"twitter:label1\" content=\"Prezzo\" \/>\n\t<meta name=\"twitter:data1\" content=\"5,50&nbsp;&euro; (Sin IVA: 4,55&nbsp;&euro;)\" \/>\n\t<meta name=\"twitter:label2\" content=\"Disponibilit\u00e0\" \/>\n\t<meta name=\"twitter:data2\" content=\"In stock\" \/>\n<script type=\"application\/ld+json\" class=\"yoast-schema-graph\">{\"@context\":\"https:\\\/\\\/schema.org\",\"@graph\":[{\"@type\":\"WebPage\",\"@id\":\"https:\\\/\\\/recambiosecogas.com\\\/it\\\/producto\\\/europegas-cartucho-de-filtros-de-poliester-incl-empaques-fase-gaseosa\\\/\",\"url\":\"https:\\\/\\\/recambiosecogas.com\\\/it\\\/producto\\\/europegas-cartucho-de-filtros-de-poliester-incl-empaques-fase-gaseosa\\\/\",\"name\":\"Filtro in fase gassosa Europegas GPL\\\/CNG poliestere |\",\"isPartOf\":{\"@id\":\"https:\\\/\\\/recambiosecogas.com\\\/it\\\/#website\"},\"primaryImageOfPage\":{\"@id\":\"https:\\\/\\\/recambiosecogas.com\\\/it\\\/producto\\\/europegas-cartucho-de-filtros-de-poliester-incl-empaques-fase-gaseosa\\\/#primaryimage\"},\"image\":{\"@id\":\"https:\\\/\\\/recambiosecogas.com\\\/it\\\/producto\\\/europegas-cartucho-de-filtros-de-poliester-incl-empaques-fase-gaseosa\\\/#primaryimage\"},\"thumbnailUrl\":\"https:\\\/\\\/recambiosecogas.com\\\/wp-content\\\/uploads\\\/2024\\\/12\\\/europegas-junta-filtro.webp\",\"datePublished\":\"2024-12-19T11:09:48+00:00\",\"dateModified\":\"2026-04-08T10:21:09+00:00\",\"description\":\"Filtro in fase gassa Europegas GPL\\\/GNC con poliestere e O-ring inclusi. Sostituzione economica per proteggere iniettori e sistemi a gas.\",\"breadcrumb\":{\"@id\":\"https:\\\/\\\/recambiosecogas.com\\\/it\\\/producto\\\/europegas-cartucho-de-filtros-de-poliester-incl-empaques-fase-gaseosa\\\/#breadcrumb\"},\"inLanguage\":\"it-IT\",\"potentialAction\":[{\"@type\":\"ReadAction\",\"target\":[\"https:\\\/\\\/recambiosecogas.com\\\/it\\\/producto\\\/europegas-cartucho-de-filtros-de-poliester-incl-empaques-fase-gaseosa\\\/\"]}]},{\"@type\":\"ImageObject\",\"inLanguage\":\"it-IT\",\"@id\":\"https:\\\/\\\/recambiosecogas.com\\\/it\\\/producto\\\/europegas-cartucho-de-filtros-de-poliester-incl-empaques-fase-gaseosa\\\/#primaryimage\",\"url\":\"https:\\\/\\\/recambiosecogas.com\\\/wp-content\\\/uploads\\\/2024\\\/12\\\/europegas-junta-filtro.webp\",\"contentUrl\":\"https:\\\/\\\/recambiosecogas.com\\\/wp-content\\\/uploads\\\/2024\\\/12\\\/europegas-junta-filtro.webp\",\"width\":1000,\"height\":1000},{\"@type\":\"BreadcrumbList\",\"@id\":\"https:\\\/\\\/recambiosecogas.com\\\/it\\\/producto\\\/europegas-cartucho-de-filtros-de-poliester-incl-empaques-fase-gaseosa\\\/#breadcrumb\",\"itemListElement\":[{\"@type\":\"ListItem\",\"position\":1,\"name\":\"Portada\",\"item\":\"https:\\\/\\\/recambiosecogas.com\\\/it\\\/\"},{\"@type\":\"ListItem\",\"position\":2,\"name\":\"Negozio\",\"item\":\"https:\\\/\\\/recambiosecogas.com\\\/it\\\/?page_id=46382\"},{\"@type\":\"ListItem\",\"position\":3,\"name\":\"Europegas Sostituzione della fase gassa in poliestere inclusi gli O-ring | Filtro LPG\\\/CNG\"}]},{\"@type\":\"WebSite\",\"@id\":\"https:\\\/\\\/recambiosecogas.com\\\/it\\\/#website\",\"url\":\"https:\\\/\\\/recambiosecogas.com\\\/it\\\/\",\"name\":\"Recambios EcoGas\",\"description\":\"Recambios Multimarca para sistemas de GLP\\\/GNC\\\/GNL\\\/Hidr\u00f3geno\",\"publisher\":{\"@id\":\"https:\\\/\\\/recambiosecogas.com\\\/it\\\/#organization\"},\"alternateName\":\"Recambios Autogas GLP\",\"potentialAction\":[{\"@type\":\"SearchAction\",\"target\":{\"@type\":\"EntryPoint\",\"urlTemplate\":\"https:\\\/\\\/recambiosecogas.com\\\/it\\\/?s={search_term_string}\"},\"query-input\":{\"@type\":\"PropertyValueSpecification\",\"valueRequired\":true,\"valueName\":\"search_term_string\"}}],\"inLanguage\":\"it-IT\"},{\"@type\":[\"Organization\",\"Place\"],\"@id\":\"https:\\\/\\\/recambiosecogas.com\\\/it\\\/#organization\",\"name\":\"Recambios EcoGas\",\"alternateName\":\"Tienda Online GLP Espa\u00f1a\",\"url\":\"https:\\\/\\\/recambiosecogas.com\\\/it\\\/\",\"logo\":{\"@id\":\"https:\\\/\\\/recambiosecogas.com\\\/it\\\/producto\\\/europegas-cartucho-de-filtros-de-poliester-incl-empaques-fase-gaseosa\\\/#local-main-organization-logo\"},\"image\":{\"@id\":\"https:\\\/\\\/recambiosecogas.com\\\/it\\\/producto\\\/europegas-cartucho-de-filtros-de-poliester-incl-empaques-fase-gaseosa\\\/#local-main-organization-logo\"},\"sameAs\":[\"https:\\\/\\\/www.facebook.com\\\/profile.php?id=100062419705358\",\"https:\\\/\\\/www.instagram.com\\\/segimon_automocio\"],\"description\":\"Recambios EcoGas \u2013 Venta y distribuci\u00f3n de sistemas GLP y GNC en Espa\u00f1a y Portugal. Env\u00edos 24 h, soporte t\u00e9cnico a talleres y distribuidores.\",\"hasMerchantReturnPolicy\":{\"@type\":\"MerchantReturnPolicy\",\"merchantReturnLink\":\"https:\\\/\\\/recambiosecogas.com\\\/politicas-privacidad\\\/\"},\"address\":{\"@id\":\"https:\\\/\\\/recambiosecogas.com\\\/it\\\/producto\\\/europegas-cartucho-de-filtros-de-poliester-incl-empaques-fase-gaseosa\\\/#local-main-place-address\"},\"telephone\":[\"616250633\"],\"contactPoint\":{\"@type\":\"ContactPoint\",\"email\":\"export@recambiosecogas.com\"},\"openingHoursSpecification\":[{\"@type\":\"OpeningHoursSpecification\",\"dayOfWeek\":[\"Monday\",\"Tuesday\",\"Wednesday\",\"Thursday\",\"Friday\",\"Saturday\",\"Sunday\"],\"opens\":\"09:00\",\"closes\":\"17:00\"}],\"email\":\"info@recambiosecogas.com\",\"faxNumber\":\"SEGIMON AUTOMOCION SL\",\"vatID\":\"ESB19819861\",\"globalLocationNumber\":\"938 616 339\"},{\"@type\":\"PostalAddress\",\"@id\":\"https:\\\/\\\/recambiosecogas.com\\\/it\\\/producto\\\/europegas-cartucho-de-filtros-de-poliester-incl-empaques-fase-gaseosa\\\/#local-main-place-address\",\"streetAddress\":\"cami antic de vic, 29 (Nave 3), Pol\u00edgono Industrial Congost\",\"addressLocality\":\"CORRO D`AVALL\",\"postalCode\":\"08520\",\"addressRegion\":\"Barcelona\",\"addressCountry\":\"ES\"},{\"@type\":\"ImageObject\",\"inLanguage\":\"it-IT\",\"@id\":\"https:\\\/\\\/recambiosecogas.com\\\/it\\\/producto\\\/europegas-cartucho-de-filtros-de-poliester-incl-empaques-fase-gaseosa\\\/#local-main-organization-logo\",\"url\":\"https:\\\/\\\/recambiosecogas.com\\\/wp-content\\\/uploads\\\/2024\\\/11\\\/cropped-RECAMBIOS-GLP-png.webp\",\"contentUrl\":\"https:\\\/\\\/recambiosecogas.com\\\/wp-content\\\/uploads\\\/2024\\\/11\\\/cropped-RECAMBIOS-GLP-png.webp\",\"width\":512,\"height\":512,\"caption\":\"Recambios EcoGas\"}]}<\/script>\n<meta property=\"product:price:amount\" content=\"5.50\" \/>\n<meta property=\"product:price:currency\" content=\"EUR\" \/>\n<meta property=\"og:availability\" content=\"instock\" \/>\n<meta property=\"product:availability\" content=\"instock\" \/>\n<meta property=\"product:retailer_item_id\" content=\"108036\" \/>\n<meta property=\"product:condition\" content=\"new\" \/>\n<meta name=\"geo.placename\" content=\"CORRO D`AVALL\" \/>\n<meta name=\"geo.region\" content=\"Spagna\" \/>\n<!-- \/ Yoast SEO Premium plugin. -->","yoast_head_json":{"title":"Filtro in fase gassosa Europegas GPL\/CNG poliestere |","description":"Filtro in fase gassa Europegas GPL\/GNC con poliestere e O-ring inclusi. Sostituzione economica per proteggere iniettori e sistemi a gas.","robots":{"index":"index","follow":"follow","max-snippet":"max-snippet:-1","max-image-preview":"max-image-preview:large","max-video-preview":"max-video-preview:-1"},"canonical":"https:\/\/recambiosecogas.com\/it\/producto\/europegas-cartucho-de-filtros-de-poliester-incl-empaques-fase-gaseosa\/","og_locale":"it_IT","og_type":"article","og_title":"Europegas Sostituzione della fase gassa in poliestere inclusi gli O-ring | Filtro LPG\/CNG","og_description":"Filtro in fase gassa Europegas GPL\/GNC con poliestere e O-ring inclusi. Sostituzione economica per proteggere iniettori e sistemi a gas.","og_url":"https:\/\/recambiosecogas.com\/it\/producto\/europegas-cartucho-de-filtros-de-poliester-incl-empaques-fase-gaseosa\/","og_site_name":"Recambios EcoGas","article_publisher":"https:\/\/www.facebook.com\/profile.php?id=100062419705358","article_modified_time":"2026-04-08T10:21:09+00:00","og_image":[{"width":1000,"height":1000,"url":"https:\/\/recambiosecogas.com\/wp-content\/uploads\/2024\/12\/europegas-junta-filtro.webp","type":"image\/png"}],"twitter_card":"summary_large_image","twitter_misc":{"Prezzo":"5,50&nbsp;&euro; (Sin IVA: 4,55&nbsp;&euro;)","Disponibilit\u00e0":"In stock"},"schema":{"@context":"https:\/\/schema.org","@graph":[{"@type":"WebPage","@id":"https:\/\/recambiosecogas.com\/it\/producto\/europegas-cartucho-de-filtros-de-poliester-incl-empaques-fase-gaseosa\/","url":"https:\/\/recambiosecogas.com\/it\/producto\/europegas-cartucho-de-filtros-de-poliester-incl-empaques-fase-gaseosa\/","name":"Filtro in fase gassosa Europegas GPL\/CNG poliestere |","isPartOf":{"@id":"https:\/\/recambiosecogas.com\/it\/#website"},"primaryImageOfPage":{"@id":"https:\/\/recambiosecogas.com\/it\/producto\/europegas-cartucho-de-filtros-de-poliester-incl-empaques-fase-gaseosa\/#primaryimage"},"image":{"@id":"https:\/\/recambiosecogas.com\/it\/producto\/europegas-cartucho-de-filtros-de-poliester-incl-empaques-fase-gaseosa\/#primaryimage"},"thumbnailUrl":"https:\/\/recambiosecogas.com\/wp-content\/uploads\/2024\/12\/europegas-junta-filtro.webp","datePublished":"2024-12-19T11:09:48+00:00","dateModified":"2026-04-08T10:21:09+00:00","description":"Filtro in fase gassa Europegas GPL\/GNC con poliestere e O-ring inclusi. Sostituzione economica per proteggere iniettori e sistemi a gas.","breadcrumb":{"@id":"https:\/\/recambiosecogas.com\/it\/producto\/europegas-cartucho-de-filtros-de-poliester-incl-empaques-fase-gaseosa\/#breadcrumb"},"inLanguage":"it-IT","potentialAction":[{"@type":"ReadAction","target":["https:\/\/recambiosecogas.com\/it\/producto\/europegas-cartucho-de-filtros-de-poliester-incl-empaques-fase-gaseosa\/"]}]},{"@type":"ImageObject","inLanguage":"it-IT","@id":"https:\/\/recambiosecogas.com\/it\/producto\/europegas-cartucho-de-filtros-de-poliester-incl-empaques-fase-gaseosa\/#primaryimage","url":"https:\/\/recambiosecogas.com\/wp-content\/uploads\/2024\/12\/europegas-junta-filtro.webp","contentUrl":"https:\/\/recambiosecogas.com\/wp-content\/uploads\/2024\/12\/europegas-junta-filtro.webp","width":1000,"height":1000},{"@type":"BreadcrumbList","@id":"https:\/\/recambiosecogas.com\/it\/producto\/europegas-cartucho-de-filtros-de-poliester-incl-empaques-fase-gaseosa\/#breadcrumb","itemListElement":[{"@type":"ListItem","position":1,"name":"Portada","item":"https:\/\/recambiosecogas.com\/it\/"},{"@type":"ListItem","position":2,"name":"Negozio","item":"https:\/\/recambiosecogas.com\/it\/?page_id=46382"},{"@type":"ListItem","position":3,"name":"Europegas Sostituzione della fase gassa in poliestere inclusi gli O-ring | Filtro LPG\/CNG"}]},{"@type":"WebSite","@id":"https:\/\/recambiosecogas.com\/it\/#website","url":"https:\/\/recambiosecogas.com\/it\/","name":"Recambios EcoGas","description":"Recambios Multimarca para sistemas de GLP\/GNC\/GNL\/Hidr\u00f3geno","publisher":{"@id":"https:\/\/recambiosecogas.com\/it\/#organization"},"alternateName":"Recambios Autogas GLP","potentialAction":[{"@type":"SearchAction","target":{"@type":"EntryPoint","urlTemplate":"https:\/\/recambiosecogas.com\/it\/?s={search_term_string}"},"query-input":{"@type":"PropertyValueSpecification","valueRequired":true,"valueName":"search_term_string"}}],"inLanguage":"it-IT"},{"@type":["Organization","Place"],"@id":"https:\/\/recambiosecogas.com\/it\/#organization","name":"Recambios EcoGas","alternateName":"Tienda Online GLP Espa\u00f1a","url":"https:\/\/recambiosecogas.com\/it\/","logo":{"@id":"https:\/\/recambiosecogas.com\/it\/producto\/europegas-cartucho-de-filtros-de-poliester-incl-empaques-fase-gaseosa\/#local-main-organization-logo"},"image":{"@id":"https:\/\/recambiosecogas.com\/it\/producto\/europegas-cartucho-de-filtros-de-poliester-incl-empaques-fase-gaseosa\/#local-main-organization-logo"},"sameAs":["https:\/\/www.facebook.com\/profile.php?id=100062419705358","https:\/\/www.instagram.com\/segimon_automocio"],"description":"Recambios EcoGas \u2013 Venta y distribuci\u00f3n de sistemas GLP y GNC en Espa\u00f1a y Portugal. Env\u00edos 24 h, soporte t\u00e9cnico a talleres y distribuidores.","hasMerchantReturnPolicy":{"@type":"MerchantReturnPolicy","merchantReturnLink":"https:\/\/recambiosecogas.com\/politicas-privacidad\/"},"address":{"@id":"https:\/\/recambiosecogas.com\/it\/producto\/europegas-cartucho-de-filtros-de-poliester-incl-empaques-fase-gaseosa\/#local-main-place-address"},"telephone":["616250633"],"contactPoint":{"@type":"ContactPoint","email":"export@recambiosecogas.com"},"openingHoursSpecification":[{"@type":"OpeningHoursSpecification","dayOfWeek":["Monday","Tuesday","Wednesday","Thursday","Friday","Saturday","Sunday"],"opens":"09:00","closes":"17:00"}],"email":"info@recambiosecogas.com","faxNumber":"SEGIMON AUTOMOCION SL","vatID":"ESB19819861","globalLocationNumber":"938 616 339"},{"@type":"PostalAddress","@id":"https:\/\/recambiosecogas.com\/it\/producto\/europegas-cartucho-de-filtros-de-poliester-incl-empaques-fase-gaseosa\/#local-main-place-address","streetAddress":"cami antic de vic, 29 (Nave 3), Pol\u00edgono Industrial Congost","addressLocality":"CORRO D`AVALL","postalCode":"08520","addressRegion":"Barcelona","addressCountry":"ES"},{"@type":"ImageObject","inLanguage":"it-IT","@id":"https:\/\/recambiosecogas.com\/it\/producto\/europegas-cartucho-de-filtros-de-poliester-incl-empaques-fase-gaseosa\/#local-main-organization-logo","url":"https:\/\/recambiosecogas.com\/wp-content\/uploads\/2024\/11\/cropped-RECAMBIOS-GLP-png.webp","contentUrl":"https:\/\/recambiosecogas.com\/wp-content\/uploads\/2024\/11\/cropped-RECAMBIOS-GLP-png.webp","width":512,"height":512,"caption":"Recambios EcoGas"}]},"product_price_amount":"5.50","product_price_currency":"EUR","og_availability":"instock","product_availability":"instock","product_retailer_item_id":"108036","product_condition":"new","geo.placename":"CORRO D`AVALL","geo.region":"Spagna"},"uagb_featured_image_src":{"full":["https:\/\/recambiosecogas.com\/wp-content\/uploads\/2024\/12\/europegas-junta-filtro.webp",1000,1000,false],"thumbnail":["https:\/\/recambiosecogas.com\/wp-content\/uploads\/2024\/12\/europegas-junta-filtro-150x150.webp",150,150,true],"medium":["https:\/\/recambiosecogas.com\/wp-content\/uploads\/2024\/12\/europegas-junta-filtro-300x300.webp",300,300,true],"medium_large":["https:\/\/recambiosecogas.com\/wp-content\/uploads\/2024\/12\/europegas-junta-filtro-768x768.webp",768,768,true],"large":["https:\/\/recambiosecogas.com\/wp-content\/uploads\/2024\/12\/europegas-junta-filtro.webp",1000,1000,false],"1536x1536":["https:\/\/recambiosecogas.com\/wp-content\/uploads\/2024\/12\/europegas-junta-filtro.webp",1000,1000,false],"2048x2048":["https:\/\/recambiosecogas.com\/wp-content\/uploads\/2024\/12\/europegas-junta-filtro.webp",1000,1000,false],"woocommerce_archive_thumbnail":["https:\/\/recambiosecogas.com\/wp-content\/uploads\/2024\/12\/europegas-junta-filtro.webp",1000,1000,false],"woocommerce_thumbnail":["https:\/\/recambiosecogas.com\/wp-content\/uploads\/2024\/12\/europegas-junta-filtro-300x300.webp",300,300,true],"woocommerce_single":["https:\/\/recambiosecogas.com\/wp-content\/uploads\/2024\/12\/europegas-junta-filtro.webp",1000,1000,false],"woocommerce_gallery_thumbnail":["https:\/\/recambiosecogas.com\/wp-content\/uploads\/2024\/12\/europegas-junta-filtro.webp",1000,1000,false],"dgwt-wcas-product-suggestion":["https:\/\/recambiosecogas.com\/wp-content\/uploads\/2024\/12\/europegas-junta-filtro-64x64.webp",64,64,true]},"uagb_author_info":{"display_name":"Fran - Soporte T\u00e9cnico","author_link":"https:\/\/recambiosecogas.com\/it\/author\/"},"uagb_comment_info":0,"uagb_excerpt":"Filtro a gas in fase GPL\/CNG Europegas realizzato in poliestere con anelli O-ring inclusi. Protegge iniettori e componenti del sistema a gas. Compatibile con pi\u00f9 sistemi.","_links":{"self":[{"href":"https:\/\/recambiosecogas.com\/it\/wp-json\/wp\/v2\/product\/47673","targetHints":{"allow":["GET"]}}],"collection":[{"href":"https:\/\/recambiosecogas.com\/it\/wp-json\/wp\/v2\/product"}],"about":[{"href":"https:\/\/recambiosecogas.com\/it\/wp-json\/wp\/v2\/types\/product"}],"replies":[{"embeddable":true,"href":"https:\/\/recambiosecogas.com\/it\/wp-json\/wp\/v2\/comments?post=47673"}],"wp:featuredmedia":[{"embeddable":true,"href":"https:\/\/recambiosecogas.com\/it\/wp-json\/wp\/v2\/media\/47675"}],"wp:attachment":[{"href":"https:\/\/recambiosecogas.com\/it\/wp-json\/wp\/v2\/media?parent=47673"}],"wp:term":[{"taxonomy":"product_brand","embeddable":true,"href":"https:\/\/recambiosecogas.com\/it\/wp-json\/wp\/v2\/product_brand?post=47673"},{"taxonomy":"product_cat","embeddable":true,"href":"https:\/\/recambiosecogas.com\/it\/wp-json\/wp\/v2\/product_cat?post=47673"},{"taxonomy":"product_tag","embeddable":true,"href":"https:\/\/recambiosecogas.com\/it\/wp-json\/wp\/v2\/product_tag?post=47673"}],"curies":[{"name":"wp","href":"https:\/\/api.w.org\/{rel}","templated":true}]}}