{"id":47572,"date":"2025-01-14T10:29:20","date_gmt":"2025-01-14T10:29:20","guid":{"rendered":"https:\/\/recambiosecogas.com\/producto\/zavoli-filtro-fase-gaseosa\/"},"modified":"2026-04-08T11:04:25","modified_gmt":"2026-04-08T10:04:25","slug":"zavoli-filtro-fase-gaseosa","status":"publish","type":"product","link":"https:\/\/recambiosecogas.com\/it\/producto\/zavoli-filtro-fase-gaseosa\/","title":{"rendered":"Filtro in fase gassa Zavoli"},"content":{"rendered":"<h1 data-start=\"230\" data-end=\"258\">Filtro in fase gassa Zavoli<\/h1>\n<p data-start=\"260\" data-end=\"473\">Questo filtro per i sistemi a GPL Zavoli \u00e8 progettato per rimuovere le impurit\u00e0 dal gas una volta vaporizzato, aiutando a mantenere il sistema di iniezione in condizioni ottimali e a proteggere i componenti pi\u00f9 sensibili.<\/p>\n<p data-start=\"475\" data-end=\"729\">La sua funzione principale \u00e8 garantire un flusso pulito e costante di gas agli iniettori, contribuendo a una combustione pi\u00f9 efficiente e a un funzionamento stabile del motore. \u00c8 un sostituto comune nella manutenzione periodica delle installazioni di GPL. <\/p>\n<p data-start=\"731\" data-end=\"886\">Grazie al suo design compatto, consente una facile installazione nella linea del gas, essendo adatta sia per controlli sostitutivi che preventivi.<\/p>\n<hr data-start=\"888\" data-end=\"891\">\n<h2 data-start=\"893\" data-end=\"943\">Filtrazione in fase gassa per sistemi Zavoli<\/h2>\n<p data-start=\"945\" data-end=\"1151\">Il filtro in fase gassosa Zavoli agisce come elemento protettivo contro residui e particelle presenti nel gas, riducendo il rischio di ostruzione e prolungando la durata operativa del sistema di iniezione.<\/p>\n<hr data-start=\"1153\" data-end=\"1156\">\n<h3 data-start=\"1158\" data-end=\"1191\">Caratteristiche principali<\/h3>\n<ul data-start=\"1192\" data-end=\"1377\">\n<li data-start=\"1192\" data-end=\"1230\">\n<p data-start=\"1194\" data-end=\"1230\">Filtrazione gassa in fase gassa<\/p>\n<\/li>\n<li data-start=\"1231\" data-end=\"1274\">\n<p data-start=\"1233\" data-end=\"1274\">Protezione del sistema di iniezione a GPL<\/p>\n<\/li>\n<li data-start=\"1275\" data-end=\"1299\">\n<p data-start=\"1277\" data-end=\"1299\">Flusso di gas stabile<\/p>\n<\/li>\n<li data-start=\"1300\" data-end=\"1333\">\n<p data-start=\"1302\" data-end=\"1333\">Installazione rapida e semplice<\/p>\n<\/li>\n<li data-start=\"1334\" data-end=\"1377\">\n<p data-start=\"1336\" data-end=\"1377\">Ricambio compatibile con i sistemi Zavoli<\/p>\n<\/li>\n<\/ul>\n<hr data-start=\"1379\" data-end=\"1382\">\n<h3 data-start=\"1384\" data-end=\"1415\">Specifiche tecniche<\/h3>\n<div class=\"TyagGW_tableContainer\">\n<div class=\"group TyagGW_tableWrapper flex flex-col-reverse w-fit\" tabindex=\"-1\">\n<table class=\"w-fit min-w-(--thread-content-width)\" data-start=\"1417\" data-end=\"1653\">\n<thead data-start=\"1417\" data-end=\"1445\">\n<tr data-start=\"1417\" data-end=\"1445\">\n<th data-start=\"1417\" data-end=\"1434\" data-col-size=\"sm\">Caratteristiche<\/th>\n<th data-start=\"1434\" data-end=\"1445\" data-col-size=\"sm\">Dettagli<\/th>\n<\/tr>\n<\/thead>\n<tbody data-start=\"1473\" data-end=\"1653\">\n<tr data-start=\"1473\" data-end=\"1498\">\n<td data-start=\"1473\" data-end=\"1484\" data-col-size=\"sm\">Prodotto<\/td>\n<td data-start=\"1484\" data-end=\"1498\" data-col-size=\"sm\">Filtro GPL<\/td>\n<\/tr>\n<tr data-start=\"1499\" data-end=\"1517\">\n<td data-start=\"1499\" data-end=\"1507\" data-col-size=\"sm\">Marchio<\/td>\n<td data-start=\"1507\" data-end=\"1517\" data-col-size=\"sm\">Zavoli<\/td>\n<\/tr>\n<tr data-start=\"1518\" data-end=\"1550\">\n<td data-start=\"1518\" data-end=\"1539\" data-col-size=\"sm\">Fase di filtrazione<\/td>\n<td data-start=\"1539\" data-end=\"1550\" data-col-size=\"sm\">Soda<\/td>\n<\/tr>\n<tr data-start=\"1551\" data-end=\"1572\">\n<td data-start=\"1551\" data-end=\"1565\" data-col-size=\"sm\">Carburante<\/td>\n<td data-start=\"1565\" data-end=\"1572\" data-col-size=\"sm\">GPL<\/td>\n<\/tr>\n<tr data-start=\"1573\" data-end=\"1615\">\n<td data-start=\"1573\" data-end=\"1586\" data-col-size=\"sm\">Applicazione<\/td>\n<td data-start=\"1586\" data-end=\"1615\" data-col-size=\"sm\">Sistemi di iniezione a GPL<\/td>\n<\/tr>\n<tr data-start=\"1616\" data-end=\"1653\">\n<td data-start=\"1616\" data-end=\"1626\" data-col-size=\"sm\">Funzione<\/td>\n<td data-start=\"1626\" data-end=\"1653\" data-col-size=\"sm\">Filtrazione e protezione<\/td>\n<\/tr>\n<\/tbody>\n<\/table>\n<\/div>\n<\/div>\n<hr data-start=\"1655\" data-end=\"1658\">\n<h3 data-start=\"1660\" data-end=\"1680\">Compatibilit\u00e0<\/h3>\n<ul data-start=\"1681\" data-end=\"1774\">\n<li data-start=\"1681\" data-end=\"1704\">\n<p data-start=\"1683\" data-end=\"1704\">Sistemi Zavoli LPG<\/p>\n<\/li>\n<li data-start=\"1705\" data-end=\"1742\">\n<p data-start=\"1707\" data-end=\"1742\">Impianti di GPL in fase gassa<\/p>\n<\/li>\n<li data-start=\"1743\" data-end=\"1774\">\n<p data-start=\"1745\" data-end=\"1774\">Veicoli convertiti al GPL<\/p>\n<\/li>\n<\/ul>\n<hr data-start=\"1776\" data-end=\"1779\">\n<h3 data-start=\"1781\" data-end=\"1807\">Domande Frequenti<\/h3>\n<p data-start=\"1809\" data-end=\"1953\"><strong data-start=\"1809\" data-end=\"1850\">Quando dovrebbe essere sostituito questo filtro?<\/strong><br data-start=\"1850\" data-end=\"1853\">Si raccomanda di cambiarlo ogni 15.000 \u2013 20.000 km o secondo le istruzioni del produttore del sistema.<\/p>\n<p data-start=\"1955\" data-end=\"2093\"><strong data-start=\"1955\" data-end=\"2001\">\u00c8 necessario usare una ricarica specifica?<\/strong><br data-start=\"2001\" data-end=\"2004\">L&#8217;uso di filtri compatibili garantisce una corretta filtrazione ed evita problemi di regolazione.<\/p>\n","protected":false},"excerpt":{"rendered":"<p data-start=\"2234\" data-end=\"2358\">Filtro in fase gassosa Zavoli per sistemi a GPL, progettato per proteggere gli iniettori e mantenere un flusso di gas pulito e stabile.<\/p>\n","protected":false},"featured_media":14183,"comment_status":"open","ping_status":"closed","template":"","meta":{"_uag_custom_page_level_css":""},"product_brand":[],"product_cat":[2141,2142,2374],"product_tag":[],"class_list":{"0":"post-47572","1":"product","2":"type-product","3":"status-publish","4":"has-post-thumbnail","6":"product_cat-fase-gaseosa","7":"product_cat-filtros","8":"product_cat-zavoli","10":"first","11":"onbackorder","12":"taxable","13":"shipping-taxable","14":"purchasable","15":"product-type-simple"},"ct_brands":[],"yoast_head":"<!-- This site is optimized with the Yoast SEO Premium plugin v27.5 (Yoast SEO v27.5) - https:\/\/yoast.com\/product\/yoast-seo-premium-wordpress\/ -->\n<title>Filtro in fase gassa Zavoli | Recambios EcoGas | Sistemas GLP y GNC<\/title>\n<meta name=\"description\" content=\"Filtro in fase gassa Zavoli per sistemi a GPL. Protegge gli iniettori, migliora la combustione e garantisce un&#039;efficace filtrazione del gas.\" \/>\n<meta name=\"robots\" content=\"index, follow, max-snippet:-1, max-image-preview:large, max-video-preview:-1\" \/>\n<link rel=\"canonical\" href=\"https:\/\/recambiosecogas.com\/it\/producto\/zavoli-filtro-fase-gaseosa\/\" \/>\n<meta property=\"og:locale\" content=\"it_IT\" \/>\n<meta property=\"og:type\" content=\"article\" \/>\n<meta property=\"og:title\" content=\"Filtro in fase gassa Zavoli\" \/>\n<meta property=\"og:description\" content=\"Filtro in fase gassa Zavoli per sistemi a GPL. Protegge gli iniettori, migliora la combustione e garantisce un&#039;efficace filtrazione del gas.\" \/>\n<meta property=\"og:url\" content=\"https:\/\/recambiosecogas.com\/it\/producto\/zavoli-filtro-fase-gaseosa\/\" \/>\n<meta property=\"og:site_name\" content=\"Recambios EcoGas\" \/>\n<meta property=\"article:publisher\" content=\"https:\/\/www.facebook.com\/profile.php?id=100062419705358\" \/>\n<meta property=\"article:modified_time\" content=\"2026-04-08T10:04:25+00:00\" \/>\n<meta property=\"og:image\" content=\"https:\/\/recambiosecogas.com\/wp-content\/uploads\/2025\/01\/ZAVOLI-FILTRO-GASEOSO-png.webp\" \/>\n\t<meta property=\"og:image:width\" content=\"1000\" \/>\n\t<meta property=\"og:image:height\" content=\"1000\" \/>\n\t<meta property=\"og:image:type\" content=\"image\/png\" \/>\n<meta name=\"twitter:card\" content=\"summary_large_image\" \/>\n<meta name=\"twitter:label1\" content=\"Prezzo\" \/>\n\t<meta name=\"twitter:data1\" content=\"18,54&nbsp;&euro; (Sin IVA: 15,32&nbsp;&euro;)\" \/>\n\t<meta name=\"twitter:label2\" content=\"Disponibilit\u00e0\" \/>\n\t<meta name=\"twitter:data2\" content=\"Su ordinazione\" \/>\n<script type=\"application\/ld+json\" class=\"yoast-schema-graph\">{\"@context\":\"https:\\\/\\\/schema.org\",\"@graph\":[{\"@type\":\"WebPage\",\"@id\":\"https:\\\/\\\/recambiosecogas.com\\\/it\\\/producto\\\/zavoli-filtro-fase-gaseosa\\\/\",\"url\":\"https:\\\/\\\/recambiosecogas.com\\\/it\\\/producto\\\/zavoli-filtro-fase-gaseosa\\\/\",\"name\":\"Filtro in fase gassa Zavoli | Recambios EcoGas | Sistemas GLP y GNC\",\"isPartOf\":{\"@id\":\"https:\\\/\\\/recambiosecogas.com\\\/it\\\/#website\"},\"primaryImageOfPage\":{\"@id\":\"https:\\\/\\\/recambiosecogas.com\\\/it\\\/producto\\\/zavoli-filtro-fase-gaseosa\\\/#primaryimage\"},\"image\":{\"@id\":\"https:\\\/\\\/recambiosecogas.com\\\/it\\\/producto\\\/zavoli-filtro-fase-gaseosa\\\/#primaryimage\"},\"thumbnailUrl\":\"https:\\\/\\\/recambiosecogas.com\\\/wp-content\\\/uploads\\\/2025\\\/01\\\/ZAVOLI-FILTRO-GASEOSO-png.webp\",\"datePublished\":\"2025-01-14T10:29:20+00:00\",\"dateModified\":\"2026-04-08T10:04:25+00:00\",\"description\":\"Filtro in fase gassa Zavoli per sistemi a GPL. Protegge gli iniettori, migliora la combustione e garantisce un'efficace filtrazione del gas.\",\"breadcrumb\":{\"@id\":\"https:\\\/\\\/recambiosecogas.com\\\/it\\\/producto\\\/zavoli-filtro-fase-gaseosa\\\/#breadcrumb\"},\"inLanguage\":\"it-IT\",\"potentialAction\":[{\"@type\":\"ReadAction\",\"target\":[\"https:\\\/\\\/recambiosecogas.com\\\/it\\\/producto\\\/zavoli-filtro-fase-gaseosa\\\/\"]}]},{\"@type\":\"ImageObject\",\"inLanguage\":\"it-IT\",\"@id\":\"https:\\\/\\\/recambiosecogas.com\\\/it\\\/producto\\\/zavoli-filtro-fase-gaseosa\\\/#primaryimage\",\"url\":\"https:\\\/\\\/recambiosecogas.com\\\/wp-content\\\/uploads\\\/2025\\\/01\\\/ZAVOLI-FILTRO-GASEOSO-png.webp\",\"contentUrl\":\"https:\\\/\\\/recambiosecogas.com\\\/wp-content\\\/uploads\\\/2025\\\/01\\\/ZAVOLI-FILTRO-GASEOSO-png.webp\",\"width\":1000,\"height\":1000},{\"@type\":\"BreadcrumbList\",\"@id\":\"https:\\\/\\\/recambiosecogas.com\\\/it\\\/producto\\\/zavoli-filtro-fase-gaseosa\\\/#breadcrumb\",\"itemListElement\":[{\"@type\":\"ListItem\",\"position\":1,\"name\":\"Portada\",\"item\":\"https:\\\/\\\/recambiosecogas.com\\\/it\\\/\"},{\"@type\":\"ListItem\",\"position\":2,\"name\":\"Negozio\",\"item\":\"https:\\\/\\\/recambiosecogas.com\\\/it\\\/?page_id=46382\"},{\"@type\":\"ListItem\",\"position\":3,\"name\":\"Filtro in fase gassa Zavoli\"}]},{\"@type\":\"WebSite\",\"@id\":\"https:\\\/\\\/recambiosecogas.com\\\/it\\\/#website\",\"url\":\"https:\\\/\\\/recambiosecogas.com\\\/it\\\/\",\"name\":\"Recambios EcoGas\",\"description\":\"Recambios Multimarca para sistemas de GLP\\\/GNC\\\/GNL\\\/Hidr\u00f3geno\",\"publisher\":{\"@id\":\"https:\\\/\\\/recambiosecogas.com\\\/it\\\/#organization\"},\"alternateName\":\"Recambios Autogas GLP\",\"potentialAction\":[{\"@type\":\"SearchAction\",\"target\":{\"@type\":\"EntryPoint\",\"urlTemplate\":\"https:\\\/\\\/recambiosecogas.com\\\/it\\\/?s={search_term_string}\"},\"query-input\":{\"@type\":\"PropertyValueSpecification\",\"valueRequired\":true,\"valueName\":\"search_term_string\"}}],\"inLanguage\":\"it-IT\"},{\"@type\":[\"Organization\",\"Place\"],\"@id\":\"https:\\\/\\\/recambiosecogas.com\\\/it\\\/#organization\",\"name\":\"Recambios EcoGas\",\"alternateName\":\"Tienda Online GLP Espa\u00f1a\",\"url\":\"https:\\\/\\\/recambiosecogas.com\\\/it\\\/\",\"logo\":{\"@id\":\"https:\\\/\\\/recambiosecogas.com\\\/it\\\/producto\\\/zavoli-filtro-fase-gaseosa\\\/#local-main-organization-logo\"},\"image\":{\"@id\":\"https:\\\/\\\/recambiosecogas.com\\\/it\\\/producto\\\/zavoli-filtro-fase-gaseosa\\\/#local-main-organization-logo\"},\"sameAs\":[\"https:\\\/\\\/www.facebook.com\\\/profile.php?id=100062419705358\",\"https:\\\/\\\/www.instagram.com\\\/segimon_automocio\"],\"description\":\"Recambios EcoGas \u2013 Venta y distribuci\u00f3n de sistemas GLP y GNC en Espa\u00f1a y Portugal. Env\u00edos 24 h, soporte t\u00e9cnico a talleres y distribuidores.\",\"hasMerchantReturnPolicy\":{\"@type\":\"MerchantReturnPolicy\",\"merchantReturnLink\":\"https:\\\/\\\/recambiosecogas.com\\\/politicas-privacidad\\\/\"},\"address\":{\"@id\":\"https:\\\/\\\/recambiosecogas.com\\\/it\\\/producto\\\/zavoli-filtro-fase-gaseosa\\\/#local-main-place-address\"},\"telephone\":[\"616250633\"],\"contactPoint\":{\"@type\":\"ContactPoint\",\"email\":\"export@recambiosecogas.com\"},\"openingHoursSpecification\":[{\"@type\":\"OpeningHoursSpecification\",\"dayOfWeek\":[\"Monday\",\"Tuesday\",\"Wednesday\",\"Thursday\",\"Friday\",\"Saturday\",\"Sunday\"],\"opens\":\"09:00\",\"closes\":\"17:00\"}],\"email\":\"info@recambiosecogas.com\",\"faxNumber\":\"SEGIMON AUTOMOCION SL\",\"vatID\":\"ESB19819861\",\"globalLocationNumber\":\"938 616 339\"},{\"@type\":\"PostalAddress\",\"@id\":\"https:\\\/\\\/recambiosecogas.com\\\/it\\\/producto\\\/zavoli-filtro-fase-gaseosa\\\/#local-main-place-address\",\"streetAddress\":\"cami antic de vic, 29 (Nave 3), Pol\u00edgono Industrial Congost\",\"addressLocality\":\"CORRO D`AVALL\",\"postalCode\":\"08520\",\"addressRegion\":\"Barcelona\",\"addressCountry\":\"ES\"},{\"@type\":\"ImageObject\",\"inLanguage\":\"it-IT\",\"@id\":\"https:\\\/\\\/recambiosecogas.com\\\/it\\\/producto\\\/zavoli-filtro-fase-gaseosa\\\/#local-main-organization-logo\",\"url\":\"https:\\\/\\\/recambiosecogas.com\\\/wp-content\\\/uploads\\\/2024\\\/11\\\/cropped-RECAMBIOS-GLP-png.webp\",\"contentUrl\":\"https:\\\/\\\/recambiosecogas.com\\\/wp-content\\\/uploads\\\/2024\\\/11\\\/cropped-RECAMBIOS-GLP-png.webp\",\"width\":512,\"height\":512,\"caption\":\"Recambios EcoGas\"}]}<\/script>\n<meta property=\"product:price:amount\" content=\"18.54\" \/>\n<meta property=\"product:price:currency\" content=\"EUR\" \/>\n<meta property=\"og:availability\" content=\"backorder\" \/>\n<meta property=\"product:availability\" content=\"available for order\" \/>\n<meta property=\"product:retailer_item_id\" content=\"ZA3016\" \/>\n<meta property=\"product:condition\" content=\"new\" \/>\n<meta name=\"geo.placename\" content=\"CORRO D`AVALL\" \/>\n<meta name=\"geo.region\" content=\"Spagna\" \/>\n<!-- \/ Yoast SEO Premium plugin. -->","yoast_head_json":{"title":"Filtro in fase gassa Zavoli | Recambios EcoGas | Sistemas GLP y GNC","description":"Filtro in fase gassa Zavoli per sistemi a GPL. Protegge gli iniettori, migliora la combustione e garantisce un'efficace filtrazione del gas.","robots":{"index":"index","follow":"follow","max-snippet":"max-snippet:-1","max-image-preview":"max-image-preview:large","max-video-preview":"max-video-preview:-1"},"canonical":"https:\/\/recambiosecogas.com\/it\/producto\/zavoli-filtro-fase-gaseosa\/","og_locale":"it_IT","og_type":"article","og_title":"Filtro in fase gassa Zavoli","og_description":"Filtro in fase gassa Zavoli per sistemi a GPL. Protegge gli iniettori, migliora la combustione e garantisce un'efficace filtrazione del gas.","og_url":"https:\/\/recambiosecogas.com\/it\/producto\/zavoli-filtro-fase-gaseosa\/","og_site_name":"Recambios EcoGas","article_publisher":"https:\/\/www.facebook.com\/profile.php?id=100062419705358","article_modified_time":"2026-04-08T10:04:25+00:00","og_image":[{"width":1000,"height":1000,"url":"https:\/\/recambiosecogas.com\/wp-content\/uploads\/2025\/01\/ZAVOLI-FILTRO-GASEOSO-png.webp","type":"image\/png"}],"twitter_card":"summary_large_image","twitter_misc":{"Prezzo":"18,54&nbsp;&euro; (Sin IVA: 15,32&nbsp;&euro;)","Disponibilit\u00e0":"Su ordinazione"},"schema":{"@context":"https:\/\/schema.org","@graph":[{"@type":"WebPage","@id":"https:\/\/recambiosecogas.com\/it\/producto\/zavoli-filtro-fase-gaseosa\/","url":"https:\/\/recambiosecogas.com\/it\/producto\/zavoli-filtro-fase-gaseosa\/","name":"Filtro in fase gassa Zavoli | Recambios EcoGas | Sistemas GLP y GNC","isPartOf":{"@id":"https:\/\/recambiosecogas.com\/it\/#website"},"primaryImageOfPage":{"@id":"https:\/\/recambiosecogas.com\/it\/producto\/zavoli-filtro-fase-gaseosa\/#primaryimage"},"image":{"@id":"https:\/\/recambiosecogas.com\/it\/producto\/zavoli-filtro-fase-gaseosa\/#primaryimage"},"thumbnailUrl":"https:\/\/recambiosecogas.com\/wp-content\/uploads\/2025\/01\/ZAVOLI-FILTRO-GASEOSO-png.webp","datePublished":"2025-01-14T10:29:20+00:00","dateModified":"2026-04-08T10:04:25+00:00","description":"Filtro in fase gassa Zavoli per sistemi a GPL. Protegge gli iniettori, migliora la combustione e garantisce un'efficace filtrazione del gas.","breadcrumb":{"@id":"https:\/\/recambiosecogas.com\/it\/producto\/zavoli-filtro-fase-gaseosa\/#breadcrumb"},"inLanguage":"it-IT","potentialAction":[{"@type":"ReadAction","target":["https:\/\/recambiosecogas.com\/it\/producto\/zavoli-filtro-fase-gaseosa\/"]}]},{"@type":"ImageObject","inLanguage":"it-IT","@id":"https:\/\/recambiosecogas.com\/it\/producto\/zavoli-filtro-fase-gaseosa\/#primaryimage","url":"https:\/\/recambiosecogas.com\/wp-content\/uploads\/2025\/01\/ZAVOLI-FILTRO-GASEOSO-png.webp","contentUrl":"https:\/\/recambiosecogas.com\/wp-content\/uploads\/2025\/01\/ZAVOLI-FILTRO-GASEOSO-png.webp","width":1000,"height":1000},{"@type":"BreadcrumbList","@id":"https:\/\/recambiosecogas.com\/it\/producto\/zavoli-filtro-fase-gaseosa\/#breadcrumb","itemListElement":[{"@type":"ListItem","position":1,"name":"Portada","item":"https:\/\/recambiosecogas.com\/it\/"},{"@type":"ListItem","position":2,"name":"Negozio","item":"https:\/\/recambiosecogas.com\/it\/?page_id=46382"},{"@type":"ListItem","position":3,"name":"Filtro in fase gassa Zavoli"}]},{"@type":"WebSite","@id":"https:\/\/recambiosecogas.com\/it\/#website","url":"https:\/\/recambiosecogas.com\/it\/","name":"Recambios EcoGas","description":"Recambios Multimarca para sistemas de GLP\/GNC\/GNL\/Hidr\u00f3geno","publisher":{"@id":"https:\/\/recambiosecogas.com\/it\/#organization"},"alternateName":"Recambios Autogas GLP","potentialAction":[{"@type":"SearchAction","target":{"@type":"EntryPoint","urlTemplate":"https:\/\/recambiosecogas.com\/it\/?s={search_term_string}"},"query-input":{"@type":"PropertyValueSpecification","valueRequired":true,"valueName":"search_term_string"}}],"inLanguage":"it-IT"},{"@type":["Organization","Place"],"@id":"https:\/\/recambiosecogas.com\/it\/#organization","name":"Recambios EcoGas","alternateName":"Tienda Online GLP Espa\u00f1a","url":"https:\/\/recambiosecogas.com\/it\/","logo":{"@id":"https:\/\/recambiosecogas.com\/it\/producto\/zavoli-filtro-fase-gaseosa\/#local-main-organization-logo"},"image":{"@id":"https:\/\/recambiosecogas.com\/it\/producto\/zavoli-filtro-fase-gaseosa\/#local-main-organization-logo"},"sameAs":["https:\/\/www.facebook.com\/profile.php?id=100062419705358","https:\/\/www.instagram.com\/segimon_automocio"],"description":"Recambios EcoGas \u2013 Venta y distribuci\u00f3n de sistemas GLP y GNC en Espa\u00f1a y Portugal. Env\u00edos 24 h, soporte t\u00e9cnico a talleres y distribuidores.","hasMerchantReturnPolicy":{"@type":"MerchantReturnPolicy","merchantReturnLink":"https:\/\/recambiosecogas.com\/politicas-privacidad\/"},"address":{"@id":"https:\/\/recambiosecogas.com\/it\/producto\/zavoli-filtro-fase-gaseosa\/#local-main-place-address"},"telephone":["616250633"],"contactPoint":{"@type":"ContactPoint","email":"export@recambiosecogas.com"},"openingHoursSpecification":[{"@type":"OpeningHoursSpecification","dayOfWeek":["Monday","Tuesday","Wednesday","Thursday","Friday","Saturday","Sunday"],"opens":"09:00","closes":"17:00"}],"email":"info@recambiosecogas.com","faxNumber":"SEGIMON AUTOMOCION SL","vatID":"ESB19819861","globalLocationNumber":"938 616 339"},{"@type":"PostalAddress","@id":"https:\/\/recambiosecogas.com\/it\/producto\/zavoli-filtro-fase-gaseosa\/#local-main-place-address","streetAddress":"cami antic de vic, 29 (Nave 3), Pol\u00edgono Industrial Congost","addressLocality":"CORRO D`AVALL","postalCode":"08520","addressRegion":"Barcelona","addressCountry":"ES"},{"@type":"ImageObject","inLanguage":"it-IT","@id":"https:\/\/recambiosecogas.com\/it\/producto\/zavoli-filtro-fase-gaseosa\/#local-main-organization-logo","url":"https:\/\/recambiosecogas.com\/wp-content\/uploads\/2024\/11\/cropped-RECAMBIOS-GLP-png.webp","contentUrl":"https:\/\/recambiosecogas.com\/wp-content\/uploads\/2024\/11\/cropped-RECAMBIOS-GLP-png.webp","width":512,"height":512,"caption":"Recambios EcoGas"}]},"product_price_amount":"18.54","product_price_currency":"EUR","og_availability":"backorder","product_availability":"available for order","product_retailer_item_id":"ZA3016","product_condition":"new","geo.placename":"CORRO D`AVALL","geo.region":"Spagna"},"uagb_featured_image_src":{"full":["https:\/\/recambiosecogas.com\/wp-content\/uploads\/2025\/01\/ZAVOLI-FILTRO-GASEOSO-png.webp",1000,1000,false],"thumbnail":["https:\/\/recambiosecogas.com\/wp-content\/uploads\/2025\/01\/ZAVOLI-FILTRO-GASEOSO-150x150.webp",150,150,true],"medium":["https:\/\/recambiosecogas.com\/wp-content\/uploads\/2025\/01\/ZAVOLI-FILTRO-GASEOSO-300x300.webp",300,300,true],"medium_large":["https:\/\/recambiosecogas.com\/wp-content\/uploads\/2025\/01\/ZAVOLI-FILTRO-GASEOSO-768x768.webp",768,768,true],"large":["https:\/\/recambiosecogas.com\/wp-content\/uploads\/2025\/01\/ZAVOLI-FILTRO-GASEOSO-png.webp",1000,1000,false],"1536x1536":["https:\/\/recambiosecogas.com\/wp-content\/uploads\/2025\/01\/ZAVOLI-FILTRO-GASEOSO-png.webp",1000,1000,false],"2048x2048":["https:\/\/recambiosecogas.com\/wp-content\/uploads\/2025\/01\/ZAVOLI-FILTRO-GASEOSO-png.webp",1000,1000,false],"woocommerce_archive_thumbnail":["https:\/\/recambiosecogas.com\/wp-content\/uploads\/2025\/01\/ZAVOLI-FILTRO-GASEOSO-png.webp",1000,1000,false],"woocommerce_thumbnail":["https:\/\/recambiosecogas.com\/wp-content\/uploads\/2025\/01\/ZAVOLI-FILTRO-GASEOSO-300x300.webp",300,300,true],"woocommerce_single":["https:\/\/recambiosecogas.com\/wp-content\/uploads\/2025\/01\/ZAVOLI-FILTRO-GASEOSO-png.webp",1000,1000,false],"woocommerce_gallery_thumbnail":["https:\/\/recambiosecogas.com\/wp-content\/uploads\/2025\/01\/ZAVOLI-FILTRO-GASEOSO-png.webp",1000,1000,false],"dgwt-wcas-product-suggestion":["https:\/\/recambiosecogas.com\/wp-content\/uploads\/2025\/01\/ZAVOLI-FILTRO-GASEOSO-64x64.webp",64,64,true]},"uagb_author_info":{"display_name":"Fran - Soporte T\u00e9cnico","author_link":"https:\/\/recambiosecogas.com\/it\/author\/"},"uagb_comment_info":0,"uagb_excerpt":"Filtro in fase gassosa Zavoli per sistemi a GPL, progettato per proteggere gli iniettori e mantenere un flusso di gas pulito e stabile.","_links":{"self":[{"href":"https:\/\/recambiosecogas.com\/it\/wp-json\/wp\/v2\/product\/47572","targetHints":{"allow":["GET"]}}],"collection":[{"href":"https:\/\/recambiosecogas.com\/it\/wp-json\/wp\/v2\/product"}],"about":[{"href":"https:\/\/recambiosecogas.com\/it\/wp-json\/wp\/v2\/types\/product"}],"replies":[{"embeddable":true,"href":"https:\/\/recambiosecogas.com\/it\/wp-json\/wp\/v2\/comments?post=47572"}],"wp:featuredmedia":[{"embeddable":true,"href":"https:\/\/recambiosecogas.com\/it\/wp-json\/wp\/v2\/media\/14183"}],"wp:attachment":[{"href":"https:\/\/recambiosecogas.com\/it\/wp-json\/wp\/v2\/media?parent=47572"}],"wp:term":[{"taxonomy":"product_brand","embeddable":true,"href":"https:\/\/recambiosecogas.com\/it\/wp-json\/wp\/v2\/product_brand?post=47572"},{"taxonomy":"product_cat","embeddable":true,"href":"https:\/\/recambiosecogas.com\/it\/wp-json\/wp\/v2\/product_cat?post=47572"},{"taxonomy":"product_tag","embeddable":true,"href":"https:\/\/recambiosecogas.com\/it\/wp-json\/wp\/v2\/product_tag?post=47572"}],"curies":[{"name":"wp","href":"https:\/\/api.w.org\/{rel}","templated":true}]}}