{"id":47566,"date":"2024-12-23T14:31:41","date_gmt":"2024-12-23T14:31:41","guid":{"rendered":"https:\/\/recambiosecogas.com\/producto\/filtro-europegas-fase-liquida\/"},"modified":"2026-04-08T11:04:21","modified_gmt":"2026-04-08T10:04:21","slug":"filtro-europegas-fase-liquida","status":"publish","type":"product","link":"https:\/\/recambiosecogas.com\/it\/producto\/filtro-europegas-fase-liquida\/","title":{"rendered":"FILTRO IN FASE LIQUIDA EUROPEGAS"},"content":{"rendered":"<p>Il <strong>filtro in fase liquida Europegas<\/strong> \u00e8 un componente essenziale per i sistemi autogas (GPL) e CNG, progettato per catturare impurit\u00e0 e contaminanti nella fase liquida, garantendo un funzionamento fluido ed efficiente del motore. Compatibile con una vasta gamma di veicoli, tra cui Opel, Dacia, Mercedes, Fiat, Renault, Peugeot e altri. <\/p>\n<p>Sostituisci regolarmente il filtro per mantenere il tuo impianto a GPL in condizioni ottimali ed evitare problemi di prestazioni.<\/p>\n<p>Prodotto da Europegas, un marchio riconosciuto per la sua alta qualit\u00e0 e affidabilit\u00e0, questo filtro garantisce la rimozione efficiente di impurit\u00e0 e particelle nella fase liquida del carburante, garantendo un funzionamento fluido e sicuro del sistema di iniezione.<\/p>\n<h2><strong>Caratteristiche principali<\/strong><\/h2>\n<p>&nbsp;<\/p>\n<ul>\n<li><strong>Alta efficienza di filtrazione:<\/strong>\n<ul>\n<li>Progettato per rimuovere particelle e contaminanti nella fase liquida di GPL e GNC, proteggendo iniettori e altri componenti del sistema da danni e usura prematura.<\/li>\n<\/ul>\n<\/li>\n<li><strong>Costruzione durevole:<\/strong>\n<ul>\n<li>Realizzati con materiali di alta qualit\u00e0 che garantiscono una lunga durata operativa e resistenza a condizioni operative estreme, garantendo una protezione affidabile nel tempo.<\/li>\n<\/ul>\n<\/li>\n<li><strong>Compatibilit\u00e0 universale:<\/strong>\n<ul>\n<li>Compatibile con una vasta gamma di sistemi autogas, facilitando l&#8217;integrazione in diverse configurazioni di veicoli.<\/li>\n<\/ul>\n<\/li>\n<li><strong>Installazione e manutenzione facili:<\/strong>\n<ul>\n<li>Progettato per un&#8217;installazione rapida e semplice, il filtro consente anche una manutenzione senza complicazioni, risparmiando tempo e fatica a tecnici e utenti.<\/li>\n<\/ul>\n<\/li>\n<li><strong>Prestazioni costanti:<\/strong>\n<ul>\n<li>Mantiene un flusso costante e senza ostacoli di carburante, garantendo prestazioni ottimali del motore e una migliore efficienza nei consumi.<\/li>\n<\/ul>\n<\/li>\n<\/ul>\n<h3><strong>Vantaggi dell&#8217;acquisto di un filtro in fase liquida Europegas<\/strong><\/h3>\n<p>&nbsp;<\/p>\n<ul>\n<li><strong>Protezione del sistema di iniezione:<\/strong>\n<ul>\n<li>Prolunga la vita degli iniettori e di altri componenti critici impedendo che le impurit\u00e0 del combustibile causino danni.<\/li>\n<\/ul>\n<\/li>\n<li><strong>Prestazioni del motore migliorato:<\/strong>\n<ul>\n<li>Garantisce una combustione pulita ed efficiente, con un miglioramento delle prestazioni del motore e di una maggiore efficienza nei consumi.<\/li>\n<\/ul>\n<\/li>\n<li><strong>Costi di manutenzione ridotti:<\/strong>\n<ul>\n<li>Mantenendo il sistema di iniezione privo di contaminanti, si riducono le frequenti riparazioni e manutenzione, risparmiando costi nel lungo periodo.<\/li>\n<\/ul>\n<\/li>\n<li><strong>Affidabilit\u00e0 e sicurezza:<\/strong>\n<ul>\n<li>Garantisce un funzionamento sicuro e affidabile del sistema autogas, riducendo al minimo il rischio di guasti e problemi legati alla qualit\u00e0 del carburante.<\/li>\n<\/ul>\n<\/li>\n<\/ul>\n<h4><strong>Applicazioni<\/strong><\/h4>\n<p>&nbsp;<\/p>\n<p>Il <strong>Filtro in Fase Liquida Europegas<\/strong> \u00e8 ideale per veicoli dotati di sistemi autogas (GPL e GNC), inclusi automobili, furgoni e altri veicoli commerciali. \u00c8 particolarmente utile in applicazioni in cui la qualit\u00e0 del carburante pu\u00f2 variare e \u00e8 necessaria una protezione aggiuntiva per il sistema di iniezione. <\/p>\n<p>Assicurati le prestazioni e la durabilit\u00e0 del tuo sistema autogas con il <strong>Filtro a Fase Liquida Europegas<\/strong>. Affidati<span style=\"font-size: 16px; font-style: normal; font-weight: 400;\">al Filtro a Fase Liquida EuropeGas per garantire maggiore efficienza e prolungare la vita del<\/span><span style=\"font-size: 16px;\">motore. <\/span>  <\/p>\n<p><span style=\"font-size: 16px;\">Effettua il tuo ordine oggi stesso e sperimenta la differenza di qualit\u00e0 e protezione che solo Europegas pu\u00f2 offrire.<\/span><\/p>\n<p>E se hai bisogno di altri prodotti a GPL puoi visitare la sezione: <a href=\"https:\/\/segimonautomocio.com\/categoria-producto\/auto-gas-glp\/\">Prodotti a GPL<\/a><\/p>\n","protected":false},"excerpt":{"rendered":"<p>KIT DI SOSTITUZIONE FILTRO LPG IN FASE LIQUIDA PREMO\/SUPREMO EUROPEGAS<\/p>\n","protected":false},"featured_media":47567,"comment_status":"open","ping_status":"closed","template":"","meta":{"_uag_custom_page_level_css":""},"product_brand":[],"product_cat":[2391,2357,2142],"product_tag":[],"class_list":{"0":"post-47566","1":"product","2":"type-product","3":"status-publish","4":"has-post-thumbnail","6":"product_cat-europegas","7":"product_cat-fase-liquida","8":"product_cat-filtros","10":"first","11":"instock","12":"taxable","13":"shipping-taxable","14":"purchasable","15":"product-type-simple"},"ct_brands":[],"yoast_head":"<!-- This site is optimized with the Yoast SEO Premium plugin v27.5 (Yoast SEO v27.5) - https:\/\/yoast.com\/product\/yoast-seo-premium-wordpress\/ -->\n<title>FILTRO IN FASE LIQUIDA EUROPEGAS | Recambios EcoGas | Sistemas GLP y GNC<\/title>\n<meta name=\"description\" content=\"Filtro a fase liquida Europegas di alta qualit\u00e0 compatibile con marchi automobilistici come: Opel, Dacia, Mercedes, Fiat, Renault, Peugeot e altri.\" \/>\n<meta name=\"robots\" content=\"index, follow, max-snippet:-1, max-image-preview:large, max-video-preview:-1\" \/>\n<link rel=\"canonical\" href=\"https:\/\/recambiosecogas.com\/it\/producto\/filtro-europegas-fase-liquida\/\" \/>\n<meta property=\"og:locale\" content=\"it_IT\" \/>\n<meta property=\"og:type\" content=\"article\" \/>\n<meta property=\"og:title\" content=\"FILTRO IN FASE LIQUIDA EUROPEGAS\" \/>\n<meta property=\"og:description\" content=\"Filtro a fase liquida Europegas di alta qualit\u00e0 compatibile con marchi automobilistici come: Opel, Dacia, Mercedes, Fiat, Renault, Peugeot e altri.\" \/>\n<meta property=\"og:url\" content=\"https:\/\/recambiosecogas.com\/it\/producto\/filtro-europegas-fase-liquida\/\" \/>\n<meta property=\"og:site_name\" content=\"Recambios EcoGas\" \/>\n<meta property=\"article:publisher\" content=\"https:\/\/www.facebook.com\/profile.php?id=100062419705358\" \/>\n<meta property=\"article:modified_time\" content=\"2026-04-08T10:04:21+00:00\" \/>\n<meta property=\"og:image\" content=\"https:\/\/recambiosecogas.com\/wp-content\/uploads\/2024\/12\/FILTRO-EUROPEGAS-LIQUIDA-png.webp\" \/>\n\t<meta property=\"og:image:width\" content=\"1000\" \/>\n\t<meta property=\"og:image:height\" content=\"1000\" \/>\n\t<meta property=\"og:image:type\" content=\"image\/png\" \/>\n<meta name=\"twitter:card\" content=\"summary_large_image\" \/>\n<meta name=\"twitter:label1\" content=\"Prezzo\" \/>\n\t<meta name=\"twitter:data1\" content=\"12,93&nbsp;&euro; (Sin IVA: 10,69&nbsp;&euro;)\" \/>\n\t<meta name=\"twitter:label2\" content=\"Disponibilit\u00e0\" \/>\n\t<meta name=\"twitter:data2\" content=\"In stock\" \/>\n<script type=\"application\/ld+json\" class=\"yoast-schema-graph\">{\"@context\":\"https:\\\/\\\/schema.org\",\"@graph\":[{\"@type\":\"WebPage\",\"@id\":\"https:\\\/\\\/recambiosecogas.com\\\/it\\\/producto\\\/filtro-europegas-fase-liquida\\\/\",\"url\":\"https:\\\/\\\/recambiosecogas.com\\\/it\\\/producto\\\/filtro-europegas-fase-liquida\\\/\",\"name\":\"FILTRO IN FASE LIQUIDA EUROPEGAS | Recambios EcoGas | Sistemas GLP y GNC\",\"isPartOf\":{\"@id\":\"https:\\\/\\\/recambiosecogas.com\\\/it\\\/#website\"},\"primaryImageOfPage\":{\"@id\":\"https:\\\/\\\/recambiosecogas.com\\\/it\\\/producto\\\/filtro-europegas-fase-liquida\\\/#primaryimage\"},\"image\":{\"@id\":\"https:\\\/\\\/recambiosecogas.com\\\/it\\\/producto\\\/filtro-europegas-fase-liquida\\\/#primaryimage\"},\"thumbnailUrl\":\"https:\\\/\\\/recambiosecogas.com\\\/wp-content\\\/uploads\\\/2024\\\/12\\\/FILTRO-EUROPEGAS-LIQUIDA-png.webp\",\"datePublished\":\"2024-12-23T14:31:41+00:00\",\"dateModified\":\"2026-04-08T10:04:21+00:00\",\"description\":\"Filtro a fase liquida Europegas di alta qualit\u00e0 compatibile con marchi automobilistici come: Opel, Dacia, Mercedes, Fiat, Renault, Peugeot e altri.\",\"breadcrumb\":{\"@id\":\"https:\\\/\\\/recambiosecogas.com\\\/it\\\/producto\\\/filtro-europegas-fase-liquida\\\/#breadcrumb\"},\"inLanguage\":\"it-IT\",\"potentialAction\":[{\"@type\":\"ReadAction\",\"target\":[\"https:\\\/\\\/recambiosecogas.com\\\/it\\\/producto\\\/filtro-europegas-fase-liquida\\\/\"]}]},{\"@type\":\"ImageObject\",\"inLanguage\":\"it-IT\",\"@id\":\"https:\\\/\\\/recambiosecogas.com\\\/it\\\/producto\\\/filtro-europegas-fase-liquida\\\/#primaryimage\",\"url\":\"https:\\\/\\\/recambiosecogas.com\\\/wp-content\\\/uploads\\\/2024\\\/12\\\/FILTRO-EUROPEGAS-LIQUIDA-png.webp\",\"contentUrl\":\"https:\\\/\\\/recambiosecogas.com\\\/wp-content\\\/uploads\\\/2024\\\/12\\\/FILTRO-EUROPEGAS-LIQUIDA-png.webp\",\"width\":1000,\"height\":1000},{\"@type\":\"BreadcrumbList\",\"@id\":\"https:\\\/\\\/recambiosecogas.com\\\/it\\\/producto\\\/filtro-europegas-fase-liquida\\\/#breadcrumb\",\"itemListElement\":[{\"@type\":\"ListItem\",\"position\":1,\"name\":\"Portada\",\"item\":\"https:\\\/\\\/recambiosecogas.com\\\/it\\\/\"},{\"@type\":\"ListItem\",\"position\":2,\"name\":\"Negozio\",\"item\":\"https:\\\/\\\/recambiosecogas.com\\\/it\\\/?page_id=46382\"},{\"@type\":\"ListItem\",\"position\":3,\"name\":\"FILTRO IN FASE LIQUIDA EUROPEGAS\"}]},{\"@type\":\"WebSite\",\"@id\":\"https:\\\/\\\/recambiosecogas.com\\\/it\\\/#website\",\"url\":\"https:\\\/\\\/recambiosecogas.com\\\/it\\\/\",\"name\":\"Recambios EcoGas\",\"description\":\"Recambios Multimarca para sistemas de GLP\\\/GNC\\\/GNL\\\/Hidr\u00f3geno\",\"publisher\":{\"@id\":\"https:\\\/\\\/recambiosecogas.com\\\/it\\\/#organization\"},\"alternateName\":\"Recambios Autogas GLP\",\"potentialAction\":[{\"@type\":\"SearchAction\",\"target\":{\"@type\":\"EntryPoint\",\"urlTemplate\":\"https:\\\/\\\/recambiosecogas.com\\\/it\\\/?s={search_term_string}\"},\"query-input\":{\"@type\":\"PropertyValueSpecification\",\"valueRequired\":true,\"valueName\":\"search_term_string\"}}],\"inLanguage\":\"it-IT\"},{\"@type\":[\"Organization\",\"Place\"],\"@id\":\"https:\\\/\\\/recambiosecogas.com\\\/it\\\/#organization\",\"name\":\"Recambios EcoGas\",\"alternateName\":\"Tienda Online GLP Espa\u00f1a\",\"url\":\"https:\\\/\\\/recambiosecogas.com\\\/it\\\/\",\"logo\":{\"@id\":\"https:\\\/\\\/recambiosecogas.com\\\/it\\\/producto\\\/filtro-europegas-fase-liquida\\\/#local-main-organization-logo\"},\"image\":{\"@id\":\"https:\\\/\\\/recambiosecogas.com\\\/it\\\/producto\\\/filtro-europegas-fase-liquida\\\/#local-main-organization-logo\"},\"sameAs\":[\"https:\\\/\\\/www.facebook.com\\\/profile.php?id=100062419705358\",\"https:\\\/\\\/www.instagram.com\\\/segimon_automocio\"],\"description\":\"Recambios EcoGas \u2013 Venta y distribuci\u00f3n de sistemas GLP y GNC en Espa\u00f1a y Portugal. Env\u00edos 24 h, soporte t\u00e9cnico a talleres y distribuidores.\",\"hasMerchantReturnPolicy\":{\"@type\":\"MerchantReturnPolicy\",\"merchantReturnLink\":\"https:\\\/\\\/recambiosecogas.com\\\/politicas-privacidad\\\/\"},\"address\":{\"@id\":\"https:\\\/\\\/recambiosecogas.com\\\/it\\\/producto\\\/filtro-europegas-fase-liquida\\\/#local-main-place-address\"},\"telephone\":[\"616250633\"],\"contactPoint\":{\"@type\":\"ContactPoint\",\"email\":\"export@recambiosecogas.com\"},\"openingHoursSpecification\":[{\"@type\":\"OpeningHoursSpecification\",\"dayOfWeek\":[\"Monday\",\"Tuesday\",\"Wednesday\",\"Thursday\",\"Friday\",\"Saturday\",\"Sunday\"],\"opens\":\"09:00\",\"closes\":\"17:00\"}],\"email\":\"info@recambiosecogas.com\",\"faxNumber\":\"SEGIMON AUTOMOCION SL\",\"vatID\":\"ESB19819861\",\"globalLocationNumber\":\"938 616 339\"},{\"@type\":\"PostalAddress\",\"@id\":\"https:\\\/\\\/recambiosecogas.com\\\/it\\\/producto\\\/filtro-europegas-fase-liquida\\\/#local-main-place-address\",\"streetAddress\":\"cami antic de vic, 29 (Nave 3), Pol\u00edgono Industrial Congost\",\"addressLocality\":\"CORRO D`AVALL\",\"postalCode\":\"08520\",\"addressRegion\":\"Barcelona\",\"addressCountry\":\"ES\"},{\"@type\":\"ImageObject\",\"inLanguage\":\"it-IT\",\"@id\":\"https:\\\/\\\/recambiosecogas.com\\\/it\\\/producto\\\/filtro-europegas-fase-liquida\\\/#local-main-organization-logo\",\"url\":\"https:\\\/\\\/recambiosecogas.com\\\/wp-content\\\/uploads\\\/2024\\\/11\\\/cropped-RECAMBIOS-GLP-png.webp\",\"contentUrl\":\"https:\\\/\\\/recambiosecogas.com\\\/wp-content\\\/uploads\\\/2024\\\/11\\\/cropped-RECAMBIOS-GLP-png.webp\",\"width\":512,\"height\":512,\"caption\":\"Recambios EcoGas\"}]}<\/script>\n<meta property=\"product:price:amount\" content=\"12.93\" \/>\n<meta property=\"product:price:currency\" content=\"EUR\" \/>\n<meta property=\"og:availability\" content=\"instock\" \/>\n<meta property=\"product:availability\" content=\"instock\" \/>\n<meta property=\"product:retailer_item_id\" content=\"3019\" \/>\n<meta property=\"product:condition\" content=\"new\" \/>\n<meta name=\"geo.placename\" content=\"CORRO D`AVALL\" \/>\n<meta name=\"geo.region\" content=\"Spagna\" \/>\n<!-- \/ Yoast SEO Premium plugin. -->","yoast_head_json":{"title":"FILTRO IN FASE LIQUIDA EUROPEGAS | Recambios EcoGas | Sistemas GLP y GNC","description":"Filtro a fase liquida Europegas di alta qualit\u00e0 compatibile con marchi automobilistici come: Opel, Dacia, Mercedes, Fiat, Renault, Peugeot e altri.","robots":{"index":"index","follow":"follow","max-snippet":"max-snippet:-1","max-image-preview":"max-image-preview:large","max-video-preview":"max-video-preview:-1"},"canonical":"https:\/\/recambiosecogas.com\/it\/producto\/filtro-europegas-fase-liquida\/","og_locale":"it_IT","og_type":"article","og_title":"FILTRO IN FASE LIQUIDA EUROPEGAS","og_description":"Filtro a fase liquida Europegas di alta qualit\u00e0 compatibile con marchi automobilistici come: Opel, Dacia, Mercedes, Fiat, Renault, Peugeot e altri.","og_url":"https:\/\/recambiosecogas.com\/it\/producto\/filtro-europegas-fase-liquida\/","og_site_name":"Recambios EcoGas","article_publisher":"https:\/\/www.facebook.com\/profile.php?id=100062419705358","article_modified_time":"2026-04-08T10:04:21+00:00","og_image":[{"width":1000,"height":1000,"url":"https:\/\/recambiosecogas.com\/wp-content\/uploads\/2024\/12\/FILTRO-EUROPEGAS-LIQUIDA-png.webp","type":"image\/png"}],"twitter_card":"summary_large_image","twitter_misc":{"Prezzo":"12,93&nbsp;&euro; (Sin IVA: 10,69&nbsp;&euro;)","Disponibilit\u00e0":"In stock"},"schema":{"@context":"https:\/\/schema.org","@graph":[{"@type":"WebPage","@id":"https:\/\/recambiosecogas.com\/it\/producto\/filtro-europegas-fase-liquida\/","url":"https:\/\/recambiosecogas.com\/it\/producto\/filtro-europegas-fase-liquida\/","name":"FILTRO IN FASE LIQUIDA EUROPEGAS | Recambios EcoGas | Sistemas GLP y GNC","isPartOf":{"@id":"https:\/\/recambiosecogas.com\/it\/#website"},"primaryImageOfPage":{"@id":"https:\/\/recambiosecogas.com\/it\/producto\/filtro-europegas-fase-liquida\/#primaryimage"},"image":{"@id":"https:\/\/recambiosecogas.com\/it\/producto\/filtro-europegas-fase-liquida\/#primaryimage"},"thumbnailUrl":"https:\/\/recambiosecogas.com\/wp-content\/uploads\/2024\/12\/FILTRO-EUROPEGAS-LIQUIDA-png.webp","datePublished":"2024-12-23T14:31:41+00:00","dateModified":"2026-04-08T10:04:21+00:00","description":"Filtro a fase liquida Europegas di alta qualit\u00e0 compatibile con marchi automobilistici come: Opel, Dacia, Mercedes, Fiat, Renault, Peugeot e altri.","breadcrumb":{"@id":"https:\/\/recambiosecogas.com\/it\/producto\/filtro-europegas-fase-liquida\/#breadcrumb"},"inLanguage":"it-IT","potentialAction":[{"@type":"ReadAction","target":["https:\/\/recambiosecogas.com\/it\/producto\/filtro-europegas-fase-liquida\/"]}]},{"@type":"ImageObject","inLanguage":"it-IT","@id":"https:\/\/recambiosecogas.com\/it\/producto\/filtro-europegas-fase-liquida\/#primaryimage","url":"https:\/\/recambiosecogas.com\/wp-content\/uploads\/2024\/12\/FILTRO-EUROPEGAS-LIQUIDA-png.webp","contentUrl":"https:\/\/recambiosecogas.com\/wp-content\/uploads\/2024\/12\/FILTRO-EUROPEGAS-LIQUIDA-png.webp","width":1000,"height":1000},{"@type":"BreadcrumbList","@id":"https:\/\/recambiosecogas.com\/it\/producto\/filtro-europegas-fase-liquida\/#breadcrumb","itemListElement":[{"@type":"ListItem","position":1,"name":"Portada","item":"https:\/\/recambiosecogas.com\/it\/"},{"@type":"ListItem","position":2,"name":"Negozio","item":"https:\/\/recambiosecogas.com\/it\/?page_id=46382"},{"@type":"ListItem","position":3,"name":"FILTRO IN FASE LIQUIDA EUROPEGAS"}]},{"@type":"WebSite","@id":"https:\/\/recambiosecogas.com\/it\/#website","url":"https:\/\/recambiosecogas.com\/it\/","name":"Recambios EcoGas","description":"Recambios Multimarca para sistemas de GLP\/GNC\/GNL\/Hidr\u00f3geno","publisher":{"@id":"https:\/\/recambiosecogas.com\/it\/#organization"},"alternateName":"Recambios Autogas GLP","potentialAction":[{"@type":"SearchAction","target":{"@type":"EntryPoint","urlTemplate":"https:\/\/recambiosecogas.com\/it\/?s={search_term_string}"},"query-input":{"@type":"PropertyValueSpecification","valueRequired":true,"valueName":"search_term_string"}}],"inLanguage":"it-IT"},{"@type":["Organization","Place"],"@id":"https:\/\/recambiosecogas.com\/it\/#organization","name":"Recambios EcoGas","alternateName":"Tienda Online GLP Espa\u00f1a","url":"https:\/\/recambiosecogas.com\/it\/","logo":{"@id":"https:\/\/recambiosecogas.com\/it\/producto\/filtro-europegas-fase-liquida\/#local-main-organization-logo"},"image":{"@id":"https:\/\/recambiosecogas.com\/it\/producto\/filtro-europegas-fase-liquida\/#local-main-organization-logo"},"sameAs":["https:\/\/www.facebook.com\/profile.php?id=100062419705358","https:\/\/www.instagram.com\/segimon_automocio"],"description":"Recambios EcoGas \u2013 Venta y distribuci\u00f3n de sistemas GLP y GNC en Espa\u00f1a y Portugal. Env\u00edos 24 h, soporte t\u00e9cnico a talleres y distribuidores.","hasMerchantReturnPolicy":{"@type":"MerchantReturnPolicy","merchantReturnLink":"https:\/\/recambiosecogas.com\/politicas-privacidad\/"},"address":{"@id":"https:\/\/recambiosecogas.com\/it\/producto\/filtro-europegas-fase-liquida\/#local-main-place-address"},"telephone":["616250633"],"contactPoint":{"@type":"ContactPoint","email":"export@recambiosecogas.com"},"openingHoursSpecification":[{"@type":"OpeningHoursSpecification","dayOfWeek":["Monday","Tuesday","Wednesday","Thursday","Friday","Saturday","Sunday"],"opens":"09:00","closes":"17:00"}],"email":"info@recambiosecogas.com","faxNumber":"SEGIMON AUTOMOCION SL","vatID":"ESB19819861","globalLocationNumber":"938 616 339"},{"@type":"PostalAddress","@id":"https:\/\/recambiosecogas.com\/it\/producto\/filtro-europegas-fase-liquida\/#local-main-place-address","streetAddress":"cami antic de vic, 29 (Nave 3), Pol\u00edgono Industrial Congost","addressLocality":"CORRO D`AVALL","postalCode":"08520","addressRegion":"Barcelona","addressCountry":"ES"},{"@type":"ImageObject","inLanguage":"it-IT","@id":"https:\/\/recambiosecogas.com\/it\/producto\/filtro-europegas-fase-liquida\/#local-main-organization-logo","url":"https:\/\/recambiosecogas.com\/wp-content\/uploads\/2024\/11\/cropped-RECAMBIOS-GLP-png.webp","contentUrl":"https:\/\/recambiosecogas.com\/wp-content\/uploads\/2024\/11\/cropped-RECAMBIOS-GLP-png.webp","width":512,"height":512,"caption":"Recambios EcoGas"}]},"product_price_amount":"12.93","product_price_currency":"EUR","og_availability":"instock","product_availability":"instock","product_retailer_item_id":"3019","product_condition":"new","geo.placename":"CORRO D`AVALL","geo.region":"Spagna"},"uagb_featured_image_src":{"full":["https:\/\/recambiosecogas.com\/wp-content\/uploads\/2024\/12\/FILTRO-EUROPEGAS-LIQUIDA-png.webp",1000,1000,false],"thumbnail":["https:\/\/recambiosecogas.com\/wp-content\/uploads\/2024\/12\/FILTRO-EUROPEGAS-LIQUIDA-150x150.webp",150,150,true],"medium":["https:\/\/recambiosecogas.com\/wp-content\/uploads\/2024\/12\/FILTRO-EUROPEGAS-LIQUIDA-300x300.webp",300,300,true],"medium_large":["https:\/\/recambiosecogas.com\/wp-content\/uploads\/2024\/12\/FILTRO-EUROPEGAS-LIQUIDA-768x768.webp",768,768,true],"large":["https:\/\/recambiosecogas.com\/wp-content\/uploads\/2024\/12\/FILTRO-EUROPEGAS-LIQUIDA-png.webp",1000,1000,false],"1536x1536":["https:\/\/recambiosecogas.com\/wp-content\/uploads\/2024\/12\/FILTRO-EUROPEGAS-LIQUIDA-png.webp",1000,1000,false],"2048x2048":["https:\/\/recambiosecogas.com\/wp-content\/uploads\/2024\/12\/FILTRO-EUROPEGAS-LIQUIDA-png.webp",1000,1000,false],"woocommerce_archive_thumbnail":["https:\/\/recambiosecogas.com\/wp-content\/uploads\/2024\/12\/FILTRO-EUROPEGAS-LIQUIDA-png.webp",1000,1000,false],"woocommerce_thumbnail":["https:\/\/recambiosecogas.com\/wp-content\/uploads\/2024\/12\/FILTRO-EUROPEGAS-LIQUIDA-300x300.webp",300,300,true],"woocommerce_single":["https:\/\/recambiosecogas.com\/wp-content\/uploads\/2024\/12\/FILTRO-EUROPEGAS-LIQUIDA-png.webp",1000,1000,false],"woocommerce_gallery_thumbnail":["https:\/\/recambiosecogas.com\/wp-content\/uploads\/2024\/12\/FILTRO-EUROPEGAS-LIQUIDA-png.webp",1000,1000,false],"dgwt-wcas-product-suggestion":["https:\/\/recambiosecogas.com\/wp-content\/uploads\/2024\/12\/FILTRO-EUROPEGAS-LIQUIDA-64x64.webp",64,64,true]},"uagb_author_info":{"display_name":"Fran - Soporte T\u00e9cnico","author_link":"https:\/\/recambiosecogas.com\/it\/author\/"},"uagb_comment_info":0,"uagb_excerpt":"KIT DI SOSTITUZIONE FILTRO LPG IN FASE LIQUIDA PREMO\/SUPREMO EUROPEGAS","_links":{"self":[{"href":"https:\/\/recambiosecogas.com\/it\/wp-json\/wp\/v2\/product\/47566","targetHints":{"allow":["GET"]}}],"collection":[{"href":"https:\/\/recambiosecogas.com\/it\/wp-json\/wp\/v2\/product"}],"about":[{"href":"https:\/\/recambiosecogas.com\/it\/wp-json\/wp\/v2\/types\/product"}],"replies":[{"embeddable":true,"href":"https:\/\/recambiosecogas.com\/it\/wp-json\/wp\/v2\/comments?post=47566"}],"wp:featuredmedia":[{"embeddable":true,"href":"https:\/\/recambiosecogas.com\/it\/wp-json\/wp\/v2\/media\/47567"}],"wp:attachment":[{"href":"https:\/\/recambiosecogas.com\/it\/wp-json\/wp\/v2\/media?parent=47566"}],"wp:term":[{"taxonomy":"product_brand","embeddable":true,"href":"https:\/\/recambiosecogas.com\/it\/wp-json\/wp\/v2\/product_brand?post=47566"},{"taxonomy":"product_cat","embeddable":true,"href":"https:\/\/recambiosecogas.com\/it\/wp-json\/wp\/v2\/product_cat?post=47566"},{"taxonomy":"product_tag","embeddable":true,"href":"https:\/\/recambiosecogas.com\/it\/wp-json\/wp\/v2\/product_tag?post=47566"}],"curies":[{"name":"wp","href":"https:\/\/api.w.org\/{rel}","templated":true}]}}