{"id":47546,"date":"2024-12-23T14:32:30","date_gmt":"2024-12-23T14:32:30","guid":{"rendered":"https:\/\/recambiosecogas.com\/producto\/filtro-glp-landi-renzo-14x14mm-aluminio\/"},"modified":"2026-04-08T11:04:02","modified_gmt":"2026-04-08T10:04:02","slug":"filtro-glp-landi-renzo-14x14mm-aluminio","status":"publish","type":"product","link":"https:\/\/recambiosecogas.com\/it\/producto\/filtro-glp-landi-renzo-14x14mm-aluminio\/","title":{"rendered":"Filtro LPG Landi Renzo 14x14mm &#8211; alluminio"},"content":{"rendered":"<h2 class=\"h1 product-detail-name\" style=\"text-align: center;\">Filtro LPG Landi Renzo MED FL-ONE &#8211; Dimensione 14x14mm &#8211; Alluminio<\/h2>\n<p>&nbsp;<\/p>\n<p>Il <strong>filtro LPG Landi Renzo MED FL-ONE &#8211; Dimensione 14x14mm &#8211; L&#8217;alluminio<\/strong> \u00e8 un componente essenziale per proteggere il sistema di iniezione a GPL del tuo veicolo. Questo filtro di alta qualit\u00e0 \u00e8 progettato per rimuovere le impurit\u00e0 dal gas nelle sue fasi liquide e gassose. Garantisce inoltre un flusso pulito e costante di carburante. Realizzato in alluminio resistente e con una dimensione di 14x14mm, questo filtro \u00e8 ideale per l&#8217;uso nei sistemi Landi Renzo ed \u00e8 compatibile con una vasta gamma di marchi di veicoli, come Audi, BMW, Ford, Mercedes-Benz, Peugeot, Renault, Volkswagen, Toyota, Nissan, Kia, Hyundai, Fiat e molti altri. Il suo design compatto e la facilit\u00e0 di installazione lo rendono la scelta perfetta per mantenere prestazioni ed efficienza del motore.    <\/p>\n<h3><strong>Caratteristiche:<\/strong><\/h3>\n<ul>\n<li><strong>Filtrazione ad alta efficienza:<\/strong> Rimuove particelle e contaminanti dal gas in entrambe le fasi, garantendo una combustione pulita e proteggendo gli iniettori del sistema gassoso.<\/li>\n<li><strong>Realizzati in alluminio resistente:<\/strong> La sua carrozzeria in alluminio garantisce una lunga durata e prestazioni costanti anche in condizioni difficili.<\/li>\n<li><strong>Dimensione 14x14mm:<\/strong> Progettazione ottimizzata per facilit\u00e0 l&#8217;installazione nei sistemi a gas Landi Renzo e in altre configurazioni simili.<\/li>\n<li><strong>Compatibilit\u00e0 universale:<\/strong> Compatibile con i sistemi di iniezione a gas GPL in una vasta gamma di marchi come Audi, BMW, Ford, Mercedes-Benz, Peugeot, Renault, Volkswagen, Toyota, Nissan, Kia, Hyundai, Fiat e altri.<\/li>\n<li><strong>Installazione semplice:<\/strong> Progettazione compatta e semplice che facilita la manutenzione regolare del sistema a gas.<\/li>\n<\/ul>\n<h3><strong>Benefici:<\/strong><\/h3>\n<ul>\n<li><strong>Protezione del sistema di iniezione:<\/strong> Prolunga la vita degli iniettori e di altri componenti critici, riducendo il rischio di guasti e riparazioni costose.<\/li>\n<li><strong>Prestazioni ottimizzate:<\/strong> Garantisce un flusso pulito e costante di benzina, migliorando l&#8217;efficienza del motore e la potenza del veicolo.<\/li>\n<li><strong>Manutenzione preventiva:<\/strong> Minimizza l&#8217;accumulo di impurit\u00e0 e riduce la necessit\u00e0 di manutenzione frequente del sistema.<\/li>\n<li><strong>Durata affidabile:<\/strong> Realizzati con materiali di alta qualit\u00e0, garantendo prestazioni durature in varie condizioni d&#8217;uso.<\/li>\n<\/ul>\n<p><strong>Acquista ora il filtro LPG Landi Renzo MED FL-ONE &#8211; Dimensione 14x14mm &#8211; alluminio e garantisce una filtrazione efficiente e una protezione ottimale per il tuo sistema di iniezione di gas GPL. Compatibile con una vasta gamma di veicoli di marchi riconosciuti. <\/strong><\/p>\n<p style=\"text-align: center;\">ACQUISTA <a href=\"https:\/\/segimonautomocio.com\/categoria-producto\/productos-por-marca\/landirenzo\/\">ALTRI PRODOTTI LANDI RENZO<\/a><\/p>\n","protected":false},"excerpt":{"rendered":"<div>\n<h5 class=\"h1 product-detail-name\" style=\"text-align: center;\">Filtro LPG Landi Renzo MED FL-ONE &#8211; Dimensione 14x14mm &#8211; Alluminio<\/h5>\n<\/div>\n<div><\/div>\n<div><strong>Omologazione:<\/strong> E13 67R-010278 &#8211; 110R-000099<\/div>\n<div><strong>Tipo e variante:<\/strong> FL-ONE 14\/14 mm<\/div>\n<div><strong>Connessioni:<\/strong> Ingresso e uscita di \u00d814 mm<\/div>\n<div><strong>Tipo di filtro a GPL:<\/strong> Scartare dopo l&#8217;uso<\/div>\n<div><strong>Tipo di filtraggio:<\/strong> Paraffina per elemento filtro<\/div>\n<div><strong>Periodo di sostituzione:<\/strong> massimo 20.000 km<\/div>\n<div><strong>Dimensioni:<\/strong> \u00d850 mm &#8211; Lunghezza 58mm &#8211; Lunghezza totale: 100mm<\/div>\n<div><strong>Classe di pressione:<\/strong> 67R-01 Classe 2 (max. 4,5 bar)<\/div>\n<div><strong>Materiale:<\/strong> Alluminio<\/div>\n<div><strong>Sistemi a gas:<\/strong> Landi Omegas (Diretto) \/ Eurogas Omegas 2.0 \/ Landi LSI \/ Vogels VGI VDI<\/div>\n<p><strong>ATTENZIONE!<\/strong>  Per tubi del gas con diametro interno di 14 mm (&#8220;DN14&#8221; o &#8220;ID=14&#8221; sui tubi del gas)<\/p>\n","protected":false},"featured_media":12363,"comment_status":"open","ping_status":"closed","template":"","meta":{"_uag_custom_page_level_css":""},"product_brand":[],"product_cat":[2141,2142,2123],"product_tag":[2389],"class_list":{"0":"post-47546","1":"product","2":"type-product","3":"status-publish","4":"has-post-thumbnail","6":"product_cat-fase-gaseosa","7":"product_cat-filtros","8":"product_cat-landirenzo","9":"product_tag-14x14mm","11":"first","12":"instock","13":"taxable","14":"shipping-taxable","15":"purchasable","16":"product-type-simple"},"ct_brands":[],"yoast_head":"<!-- This site is optimized with the Yoast SEO Premium plugin v27.5 (Yoast SEO v27.5) - https:\/\/yoast.com\/product\/yoast-seo-premium-wordpress\/ -->\n<title>Filtro LPG Landi Renzo 14x14mm - alluminio | Recambios EcoGas | Sistemas GLP y GNC<\/title>\n<meta name=\"description\" content=\"Filtro LPG Landi Renzo 14x14mm, protegge gli iniettori e migliora l&#039;efficienza del motore. ACQUISTA ONLINE, SPEDIZIONI IN TUTTA EUROPA.\" \/>\n<meta name=\"robots\" content=\"index, follow, max-snippet:-1, max-image-preview:large, max-video-preview:-1\" \/>\n<link rel=\"canonical\" href=\"https:\/\/recambiosecogas.com\/it\/producto\/filtro-glp-landi-renzo-14x14mm-aluminio\/\" \/>\n<meta property=\"og:locale\" content=\"it_IT\" \/>\n<meta property=\"og:type\" content=\"article\" \/>\n<meta property=\"og:title\" content=\"Filtro LPG Landi Renzo 14x14mm - alluminio\" \/>\n<meta property=\"og:description\" content=\"Filtro LPG Landi Renzo 14x14mm, protegge gli iniettori e migliora l&#039;efficienza del motore. ACQUISTA ONLINE, SPEDIZIONI IN TUTTA EUROPA.\" \/>\n<meta property=\"og:url\" content=\"https:\/\/recambiosecogas.com\/it\/producto\/filtro-glp-landi-renzo-14x14mm-aluminio\/\" \/>\n<meta property=\"og:site_name\" content=\"Recambios EcoGas\" \/>\n<meta property=\"article:publisher\" content=\"https:\/\/www.facebook.com\/profile.php?id=100062419705358\" \/>\n<meta property=\"article:modified_time\" content=\"2026-04-08T10:04:02+00:00\" \/>\n<meta property=\"og:image\" content=\"https:\/\/recambiosecogas.com\/wp-content\/uploads\/2024\/12\/LPG-Filter-Landi-Renzo-MED-FL-ONE-Size-14x14mm-Aluminium-png.webp\" \/>\n\t<meta property=\"og:image:width\" content=\"1000\" \/>\n\t<meta property=\"og:image:height\" content=\"1000\" \/>\n\t<meta property=\"og:image:type\" content=\"image\/png\" \/>\n<meta name=\"twitter:card\" content=\"summary_large_image\" \/>\n<meta name=\"twitter:label1\" content=\"Prezzo\" \/>\n\t<meta name=\"twitter:data1\" content=\"42,90&nbsp;&euro; (Sin IVA: 35,45&nbsp;&euro;)\" \/>\n\t<meta name=\"twitter:label2\" content=\"Disponibilit\u00e0\" \/>\n\t<meta name=\"twitter:data2\" content=\"In stock\" \/>\n<script type=\"application\/ld+json\" class=\"yoast-schema-graph\">{\"@context\":\"https:\\\/\\\/schema.org\",\"@graph\":[{\"@type\":\"WebPage\",\"@id\":\"https:\\\/\\\/recambiosecogas.com\\\/it\\\/producto\\\/filtro-glp-landi-renzo-14x14mm-aluminio\\\/\",\"url\":\"https:\\\/\\\/recambiosecogas.com\\\/it\\\/producto\\\/filtro-glp-landi-renzo-14x14mm-aluminio\\\/\",\"name\":\"Filtro LPG Landi Renzo 14x14mm - alluminio | Recambios EcoGas | Sistemas GLP y GNC\",\"isPartOf\":{\"@id\":\"https:\\\/\\\/recambiosecogas.com\\\/it\\\/#website\"},\"primaryImageOfPage\":{\"@id\":\"https:\\\/\\\/recambiosecogas.com\\\/it\\\/producto\\\/filtro-glp-landi-renzo-14x14mm-aluminio\\\/#primaryimage\"},\"image\":{\"@id\":\"https:\\\/\\\/recambiosecogas.com\\\/it\\\/producto\\\/filtro-glp-landi-renzo-14x14mm-aluminio\\\/#primaryimage\"},\"thumbnailUrl\":\"https:\\\/\\\/recambiosecogas.com\\\/wp-content\\\/uploads\\\/2024\\\/12\\\/LPG-Filter-Landi-Renzo-MED-FL-ONE-Size-14x14mm-Aluminium-png.webp\",\"datePublished\":\"2024-12-23T14:32:30+00:00\",\"dateModified\":\"2026-04-08T10:04:02+00:00\",\"description\":\"Filtro LPG Landi Renzo 14x14mm, protegge gli iniettori e migliora l'efficienza del motore. ACQUISTA ONLINE, SPEDIZIONI IN TUTTA EUROPA.\",\"breadcrumb\":{\"@id\":\"https:\\\/\\\/recambiosecogas.com\\\/it\\\/producto\\\/filtro-glp-landi-renzo-14x14mm-aluminio\\\/#breadcrumb\"},\"inLanguage\":\"it-IT\",\"potentialAction\":[{\"@type\":\"ReadAction\",\"target\":[\"https:\\\/\\\/recambiosecogas.com\\\/it\\\/producto\\\/filtro-glp-landi-renzo-14x14mm-aluminio\\\/\"]}]},{\"@type\":\"ImageObject\",\"inLanguage\":\"it-IT\",\"@id\":\"https:\\\/\\\/recambiosecogas.com\\\/it\\\/producto\\\/filtro-glp-landi-renzo-14x14mm-aluminio\\\/#primaryimage\",\"url\":\"https:\\\/\\\/recambiosecogas.com\\\/wp-content\\\/uploads\\\/2024\\\/12\\\/LPG-Filter-Landi-Renzo-MED-FL-ONE-Size-14x14mm-Aluminium-png.webp\",\"contentUrl\":\"https:\\\/\\\/recambiosecogas.com\\\/wp-content\\\/uploads\\\/2024\\\/12\\\/LPG-Filter-Landi-Renzo-MED-FL-ONE-Size-14x14mm-Aluminium-png.webp\",\"width\":1000,\"height\":1000,\"caption\":\"Filtro GLP Landi Renzo 14x14mm\"},{\"@type\":\"BreadcrumbList\",\"@id\":\"https:\\\/\\\/recambiosecogas.com\\\/it\\\/producto\\\/filtro-glp-landi-renzo-14x14mm-aluminio\\\/#breadcrumb\",\"itemListElement\":[{\"@type\":\"ListItem\",\"position\":1,\"name\":\"Portada\",\"item\":\"https:\\\/\\\/recambiosecogas.com\\\/it\\\/\"},{\"@type\":\"ListItem\",\"position\":2,\"name\":\"Negozio\",\"item\":\"https:\\\/\\\/recambiosecogas.com\\\/it\\\/?page_id=46382\"},{\"@type\":\"ListItem\",\"position\":3,\"name\":\"Filtro LPG Landi Renzo 14x14mm &#8211; alluminio\"}]},{\"@type\":\"WebSite\",\"@id\":\"https:\\\/\\\/recambiosecogas.com\\\/it\\\/#website\",\"url\":\"https:\\\/\\\/recambiosecogas.com\\\/it\\\/\",\"name\":\"Recambios EcoGas\",\"description\":\"Recambios Multimarca para sistemas de GLP\\\/GNC\\\/GNL\\\/Hidr\u00f3geno\",\"publisher\":{\"@id\":\"https:\\\/\\\/recambiosecogas.com\\\/it\\\/#organization\"},\"alternateName\":\"Recambios Autogas GLP\",\"potentialAction\":[{\"@type\":\"SearchAction\",\"target\":{\"@type\":\"EntryPoint\",\"urlTemplate\":\"https:\\\/\\\/recambiosecogas.com\\\/it\\\/?s={search_term_string}\"},\"query-input\":{\"@type\":\"PropertyValueSpecification\",\"valueRequired\":true,\"valueName\":\"search_term_string\"}}],\"inLanguage\":\"it-IT\"},{\"@type\":[\"Organization\",\"Place\"],\"@id\":\"https:\\\/\\\/recambiosecogas.com\\\/it\\\/#organization\",\"name\":\"Recambios EcoGas\",\"alternateName\":\"Tienda Online GLP Espa\u00f1a\",\"url\":\"https:\\\/\\\/recambiosecogas.com\\\/it\\\/\",\"logo\":{\"@id\":\"https:\\\/\\\/recambiosecogas.com\\\/it\\\/producto\\\/filtro-glp-landi-renzo-14x14mm-aluminio\\\/#local-main-organization-logo\"},\"image\":{\"@id\":\"https:\\\/\\\/recambiosecogas.com\\\/it\\\/producto\\\/filtro-glp-landi-renzo-14x14mm-aluminio\\\/#local-main-organization-logo\"},\"sameAs\":[\"https:\\\/\\\/www.facebook.com\\\/profile.php?id=100062419705358\",\"https:\\\/\\\/www.instagram.com\\\/segimon_automocio\"],\"description\":\"Recambios EcoGas \u2013 Venta y distribuci\u00f3n de sistemas GLP y GNC en Espa\u00f1a y Portugal. Env\u00edos 24 h, soporte t\u00e9cnico a talleres y distribuidores.\",\"hasMerchantReturnPolicy\":{\"@type\":\"MerchantReturnPolicy\",\"merchantReturnLink\":\"https:\\\/\\\/recambiosecogas.com\\\/politicas-privacidad\\\/\"},\"address\":{\"@id\":\"https:\\\/\\\/recambiosecogas.com\\\/it\\\/producto\\\/filtro-glp-landi-renzo-14x14mm-aluminio\\\/#local-main-place-address\"},\"telephone\":[\"616250633\"],\"contactPoint\":{\"@type\":\"ContactPoint\",\"email\":\"export@recambiosecogas.com\"},\"openingHoursSpecification\":[{\"@type\":\"OpeningHoursSpecification\",\"dayOfWeek\":[\"Monday\",\"Tuesday\",\"Wednesday\",\"Thursday\",\"Friday\",\"Saturday\",\"Sunday\"],\"opens\":\"09:00\",\"closes\":\"17:00\"}],\"email\":\"info@recambiosecogas.com\",\"faxNumber\":\"SEGIMON AUTOMOCION SL\",\"vatID\":\"ESB19819861\",\"globalLocationNumber\":\"938 616 339\"},{\"@type\":\"PostalAddress\",\"@id\":\"https:\\\/\\\/recambiosecogas.com\\\/it\\\/producto\\\/filtro-glp-landi-renzo-14x14mm-aluminio\\\/#local-main-place-address\",\"streetAddress\":\"cami antic de vic, 29 (Nave 3), Pol\u00edgono Industrial Congost\",\"addressLocality\":\"CORRO D`AVALL\",\"postalCode\":\"08520\",\"addressRegion\":\"Barcelona\",\"addressCountry\":\"ES\"},{\"@type\":\"ImageObject\",\"inLanguage\":\"it-IT\",\"@id\":\"https:\\\/\\\/recambiosecogas.com\\\/it\\\/producto\\\/filtro-glp-landi-renzo-14x14mm-aluminio\\\/#local-main-organization-logo\",\"url\":\"https:\\\/\\\/recambiosecogas.com\\\/wp-content\\\/uploads\\\/2024\\\/11\\\/cropped-RECAMBIOS-GLP-png.webp\",\"contentUrl\":\"https:\\\/\\\/recambiosecogas.com\\\/wp-content\\\/uploads\\\/2024\\\/11\\\/cropped-RECAMBIOS-GLP-png.webp\",\"width\":512,\"height\":512,\"caption\":\"Recambios EcoGas\"}]}<\/script>\n<meta property=\"product:price:amount\" content=\"42.90\" \/>\n<meta property=\"product:price:currency\" content=\"EUR\" \/>\n<meta property=\"og:availability\" content=\"instock\" \/>\n<meta property=\"product:availability\" content=\"instock\" \/>\n<meta property=\"product:retailer_item_id\" content=\"161037000\" \/>\n<meta property=\"product:condition\" content=\"new\" \/>\n<meta name=\"geo.placename\" content=\"CORRO D`AVALL\" \/>\n<meta name=\"geo.region\" content=\"Spagna\" \/>\n<!-- \/ Yoast SEO Premium plugin. -->","yoast_head_json":{"title":"Filtro LPG Landi Renzo 14x14mm - alluminio | Recambios EcoGas | Sistemas GLP y GNC","description":"Filtro LPG Landi Renzo 14x14mm, protegge gli iniettori e migliora l'efficienza del motore. ACQUISTA ONLINE, SPEDIZIONI IN TUTTA EUROPA.","robots":{"index":"index","follow":"follow","max-snippet":"max-snippet:-1","max-image-preview":"max-image-preview:large","max-video-preview":"max-video-preview:-1"},"canonical":"https:\/\/recambiosecogas.com\/it\/producto\/filtro-glp-landi-renzo-14x14mm-aluminio\/","og_locale":"it_IT","og_type":"article","og_title":"Filtro LPG Landi Renzo 14x14mm - alluminio","og_description":"Filtro LPG Landi Renzo 14x14mm, protegge gli iniettori e migliora l'efficienza del motore. ACQUISTA ONLINE, SPEDIZIONI IN TUTTA EUROPA.","og_url":"https:\/\/recambiosecogas.com\/it\/producto\/filtro-glp-landi-renzo-14x14mm-aluminio\/","og_site_name":"Recambios EcoGas","article_publisher":"https:\/\/www.facebook.com\/profile.php?id=100062419705358","article_modified_time":"2026-04-08T10:04:02+00:00","og_image":[{"width":1000,"height":1000,"url":"https:\/\/recambiosecogas.com\/wp-content\/uploads\/2024\/12\/LPG-Filter-Landi-Renzo-MED-FL-ONE-Size-14x14mm-Aluminium-png.webp","type":"image\/png"}],"twitter_card":"summary_large_image","twitter_misc":{"Prezzo":"42,90&nbsp;&euro; (Sin IVA: 35,45&nbsp;&euro;)","Disponibilit\u00e0":"In stock"},"schema":{"@context":"https:\/\/schema.org","@graph":[{"@type":"WebPage","@id":"https:\/\/recambiosecogas.com\/it\/producto\/filtro-glp-landi-renzo-14x14mm-aluminio\/","url":"https:\/\/recambiosecogas.com\/it\/producto\/filtro-glp-landi-renzo-14x14mm-aluminio\/","name":"Filtro LPG Landi Renzo 14x14mm - alluminio | Recambios EcoGas | Sistemas GLP y GNC","isPartOf":{"@id":"https:\/\/recambiosecogas.com\/it\/#website"},"primaryImageOfPage":{"@id":"https:\/\/recambiosecogas.com\/it\/producto\/filtro-glp-landi-renzo-14x14mm-aluminio\/#primaryimage"},"image":{"@id":"https:\/\/recambiosecogas.com\/it\/producto\/filtro-glp-landi-renzo-14x14mm-aluminio\/#primaryimage"},"thumbnailUrl":"https:\/\/recambiosecogas.com\/wp-content\/uploads\/2024\/12\/LPG-Filter-Landi-Renzo-MED-FL-ONE-Size-14x14mm-Aluminium-png.webp","datePublished":"2024-12-23T14:32:30+00:00","dateModified":"2026-04-08T10:04:02+00:00","description":"Filtro LPG Landi Renzo 14x14mm, protegge gli iniettori e migliora l'efficienza del motore. ACQUISTA ONLINE, SPEDIZIONI IN TUTTA EUROPA.","breadcrumb":{"@id":"https:\/\/recambiosecogas.com\/it\/producto\/filtro-glp-landi-renzo-14x14mm-aluminio\/#breadcrumb"},"inLanguage":"it-IT","potentialAction":[{"@type":"ReadAction","target":["https:\/\/recambiosecogas.com\/it\/producto\/filtro-glp-landi-renzo-14x14mm-aluminio\/"]}]},{"@type":"ImageObject","inLanguage":"it-IT","@id":"https:\/\/recambiosecogas.com\/it\/producto\/filtro-glp-landi-renzo-14x14mm-aluminio\/#primaryimage","url":"https:\/\/recambiosecogas.com\/wp-content\/uploads\/2024\/12\/LPG-Filter-Landi-Renzo-MED-FL-ONE-Size-14x14mm-Aluminium-png.webp","contentUrl":"https:\/\/recambiosecogas.com\/wp-content\/uploads\/2024\/12\/LPG-Filter-Landi-Renzo-MED-FL-ONE-Size-14x14mm-Aluminium-png.webp","width":1000,"height":1000,"caption":"Filtro GLP Landi Renzo 14x14mm"},{"@type":"BreadcrumbList","@id":"https:\/\/recambiosecogas.com\/it\/producto\/filtro-glp-landi-renzo-14x14mm-aluminio\/#breadcrumb","itemListElement":[{"@type":"ListItem","position":1,"name":"Portada","item":"https:\/\/recambiosecogas.com\/it\/"},{"@type":"ListItem","position":2,"name":"Negozio","item":"https:\/\/recambiosecogas.com\/it\/?page_id=46382"},{"@type":"ListItem","position":3,"name":"Filtro LPG Landi Renzo 14x14mm &#8211; alluminio"}]},{"@type":"WebSite","@id":"https:\/\/recambiosecogas.com\/it\/#website","url":"https:\/\/recambiosecogas.com\/it\/","name":"Recambios EcoGas","description":"Recambios Multimarca para sistemas de GLP\/GNC\/GNL\/Hidr\u00f3geno","publisher":{"@id":"https:\/\/recambiosecogas.com\/it\/#organization"},"alternateName":"Recambios Autogas GLP","potentialAction":[{"@type":"SearchAction","target":{"@type":"EntryPoint","urlTemplate":"https:\/\/recambiosecogas.com\/it\/?s={search_term_string}"},"query-input":{"@type":"PropertyValueSpecification","valueRequired":true,"valueName":"search_term_string"}}],"inLanguage":"it-IT"},{"@type":["Organization","Place"],"@id":"https:\/\/recambiosecogas.com\/it\/#organization","name":"Recambios EcoGas","alternateName":"Tienda Online GLP Espa\u00f1a","url":"https:\/\/recambiosecogas.com\/it\/","logo":{"@id":"https:\/\/recambiosecogas.com\/it\/producto\/filtro-glp-landi-renzo-14x14mm-aluminio\/#local-main-organization-logo"},"image":{"@id":"https:\/\/recambiosecogas.com\/it\/producto\/filtro-glp-landi-renzo-14x14mm-aluminio\/#local-main-organization-logo"},"sameAs":["https:\/\/www.facebook.com\/profile.php?id=100062419705358","https:\/\/www.instagram.com\/segimon_automocio"],"description":"Recambios EcoGas \u2013 Venta y distribuci\u00f3n de sistemas GLP y GNC en Espa\u00f1a y Portugal. Env\u00edos 24 h, soporte t\u00e9cnico a talleres y distribuidores.","hasMerchantReturnPolicy":{"@type":"MerchantReturnPolicy","merchantReturnLink":"https:\/\/recambiosecogas.com\/politicas-privacidad\/"},"address":{"@id":"https:\/\/recambiosecogas.com\/it\/producto\/filtro-glp-landi-renzo-14x14mm-aluminio\/#local-main-place-address"},"telephone":["616250633"],"contactPoint":{"@type":"ContactPoint","email":"export@recambiosecogas.com"},"openingHoursSpecification":[{"@type":"OpeningHoursSpecification","dayOfWeek":["Monday","Tuesday","Wednesday","Thursday","Friday","Saturday","Sunday"],"opens":"09:00","closes":"17:00"}],"email":"info@recambiosecogas.com","faxNumber":"SEGIMON AUTOMOCION SL","vatID":"ESB19819861","globalLocationNumber":"938 616 339"},{"@type":"PostalAddress","@id":"https:\/\/recambiosecogas.com\/it\/producto\/filtro-glp-landi-renzo-14x14mm-aluminio\/#local-main-place-address","streetAddress":"cami antic de vic, 29 (Nave 3), Pol\u00edgono Industrial Congost","addressLocality":"CORRO D`AVALL","postalCode":"08520","addressRegion":"Barcelona","addressCountry":"ES"},{"@type":"ImageObject","inLanguage":"it-IT","@id":"https:\/\/recambiosecogas.com\/it\/producto\/filtro-glp-landi-renzo-14x14mm-aluminio\/#local-main-organization-logo","url":"https:\/\/recambiosecogas.com\/wp-content\/uploads\/2024\/11\/cropped-RECAMBIOS-GLP-png.webp","contentUrl":"https:\/\/recambiosecogas.com\/wp-content\/uploads\/2024\/11\/cropped-RECAMBIOS-GLP-png.webp","width":512,"height":512,"caption":"Recambios EcoGas"}]},"product_price_amount":"42.90","product_price_currency":"EUR","og_availability":"instock","product_availability":"instock","product_retailer_item_id":"161037000","product_condition":"new","geo.placename":"CORRO D`AVALL","geo.region":"Spagna"},"uagb_featured_image_src":{"full":["https:\/\/recambiosecogas.com\/wp-content\/uploads\/2024\/12\/LPG-Filter-Landi-Renzo-MED-FL-ONE-Size-14x14mm-Aluminium-png.webp",1000,1000,false],"thumbnail":["https:\/\/recambiosecogas.com\/wp-content\/uploads\/2024\/12\/LPG-Filter-Landi-Renzo-MED-FL-ONE-Size-14x14mm-Aluminium-150x150.webp",150,150,true],"medium":["https:\/\/recambiosecogas.com\/wp-content\/uploads\/2024\/12\/LPG-Filter-Landi-Renzo-MED-FL-ONE-Size-14x14mm-Aluminium-300x300.webp",300,300,true],"medium_large":["https:\/\/recambiosecogas.com\/wp-content\/uploads\/2024\/12\/LPG-Filter-Landi-Renzo-MED-FL-ONE-Size-14x14mm-Aluminium-768x768.webp",768,768,true],"large":["https:\/\/recambiosecogas.com\/wp-content\/uploads\/2024\/12\/LPG-Filter-Landi-Renzo-MED-FL-ONE-Size-14x14mm-Aluminium-png.webp",1000,1000,false],"1536x1536":["https:\/\/recambiosecogas.com\/wp-content\/uploads\/2024\/12\/LPG-Filter-Landi-Renzo-MED-FL-ONE-Size-14x14mm-Aluminium-png.webp",1000,1000,false],"2048x2048":["https:\/\/recambiosecogas.com\/wp-content\/uploads\/2024\/12\/LPG-Filter-Landi-Renzo-MED-FL-ONE-Size-14x14mm-Aluminium-png.webp",1000,1000,false],"woocommerce_archive_thumbnail":["https:\/\/recambiosecogas.com\/wp-content\/uploads\/2024\/12\/LPG-Filter-Landi-Renzo-MED-FL-ONE-Size-14x14mm-Aluminium-png.webp",1000,1000,false],"woocommerce_thumbnail":["https:\/\/recambiosecogas.com\/wp-content\/uploads\/2024\/12\/LPG-Filter-Landi-Renzo-MED-FL-ONE-Size-14x14mm-Aluminium-300x300.webp",300,300,true],"woocommerce_single":["https:\/\/recambiosecogas.com\/wp-content\/uploads\/2024\/12\/LPG-Filter-Landi-Renzo-MED-FL-ONE-Size-14x14mm-Aluminium-png.webp",1000,1000,false],"woocommerce_gallery_thumbnail":["https:\/\/recambiosecogas.com\/wp-content\/uploads\/2024\/12\/LPG-Filter-Landi-Renzo-MED-FL-ONE-Size-14x14mm-Aluminium-png.webp",1000,1000,false],"dgwt-wcas-product-suggestion":["https:\/\/recambiosecogas.com\/wp-content\/uploads\/2024\/12\/LPG-Filter-Landi-Renzo-MED-FL-ONE-Size-14x14mm-Aluminium-64x64.webp",64,64,true]},"uagb_author_info":{"display_name":"Fran - Soporte T\u00e9cnico","author_link":"https:\/\/recambiosecogas.com\/it\/author\/"},"uagb_comment_info":0,"uagb_excerpt":"Filtro LPG Landi Renzo MED FL-ONE - Dimensione 14x14mm - Alluminio Omologazione: E13 67R-010278 - 110R-000099 Tipo e variante: FL-ONE 14\/14 mm Connessioni: Ingresso e uscita di \u00d814 mm Tipo di filtro a GPL: Scartare dopo l'uso Tipo di filtraggio: Paraffina per elemento filtro Periodo di sostituzione: massimo 20.000 km Dimensioni: \u00d850 mm - Lunghezza&hellip;","_links":{"self":[{"href":"https:\/\/recambiosecogas.com\/it\/wp-json\/wp\/v2\/product\/47546","targetHints":{"allow":["GET"]}}],"collection":[{"href":"https:\/\/recambiosecogas.com\/it\/wp-json\/wp\/v2\/product"}],"about":[{"href":"https:\/\/recambiosecogas.com\/it\/wp-json\/wp\/v2\/types\/product"}],"replies":[{"embeddable":true,"href":"https:\/\/recambiosecogas.com\/it\/wp-json\/wp\/v2\/comments?post=47546"}],"wp:featuredmedia":[{"embeddable":true,"href":"https:\/\/recambiosecogas.com\/it\/wp-json\/wp\/v2\/media\/12363"}],"wp:attachment":[{"href":"https:\/\/recambiosecogas.com\/it\/wp-json\/wp\/v2\/media?parent=47546"}],"wp:term":[{"taxonomy":"product_brand","embeddable":true,"href":"https:\/\/recambiosecogas.com\/it\/wp-json\/wp\/v2\/product_brand?post=47546"},{"taxonomy":"product_cat","embeddable":true,"href":"https:\/\/recambiosecogas.com\/it\/wp-json\/wp\/v2\/product_cat?post=47546"},{"taxonomy":"product_tag","embeddable":true,"href":"https:\/\/recambiosecogas.com\/it\/wp-json\/wp\/v2\/product_tag?post=47546"}],"curies":[{"name":"wp","href":"https:\/\/api.w.org\/{rel}","templated":true}]}}