{"id":47506,"date":"2024-10-19T13:52:11","date_gmt":"2024-10-19T13:52:11","guid":{"rendered":"https:\/\/recambiosecogas.com\/producto\/tomasetto-kit-de-reparacion-del-reductor-at09-nordic\/"},"modified":"2026-04-08T11:03:45","modified_gmt":"2026-04-08T10:03:45","slug":"tomasetto-kit-de-reparacion-del-reductor-at09-nordic","status":"publish","type":"product","link":"https:\/\/recambiosecogas.com\/it\/producto\/tomasetto-kit-de-reparacion-del-reductor-at09-nordic\/","title":{"rendered":"Kit di riparazione riduttore Nordic Tomasetto AT09"},"content":{"rendered":"<h1 data-start=\"165\" data-end=\"219\">Kit di riparazione riduttore di GPL Nordic Tomasetto AT09<\/h1>\n<p data-start=\"221\" data-end=\"550\">Il <strong data-start=\"224\" data-end=\"280\">kit di riparazione del riduttore di GPL Nordic Tomasetto AT09<\/strong> \u00e8 progettato per la manutenzione e la ricondizionazione del vaporizzatore Nordic AT09 nei sistemi Autogas. Questo insieme consente di sostituire i componenti interni di usura del cambio, ripristinando la stabilit\u00e0 della pressione e il corretto funzionamento del sistema. <\/p>\n<p data-start=\"552\" data-end=\"686\">\u00c8 una soluzione adatta per la manutenzione preventiva o correttiva in impianti a GPL equipaggiati con cambio Tomasetto AT09 Nordic.<\/p>\n<hr data-start=\"688\" data-end=\"691\">\n<h2 data-start=\"693\" data-end=\"754\">Componenti di manutenzione del vaporizzatore nordico AT09<\/h2>\n<div class=\"TyagGW_tableContainer\">\n<div class=\"group TyagGW_tableWrapper flex flex-col-reverse w-fit\" tabindex=\"-1\">\n<table class=\"w-fit min-w-(--thread-content-width)\" data-start=\"756\" data-end=\"1036\">\n<thead data-start=\"756\" data-end=\"791\">\n<tr data-start=\"756\" data-end=\"791\">\n<th class=\"\" data-start=\"756\" data-end=\"773\" data-col-size=\"sm\">Caratteristiche<\/th>\n<th class=\"\" data-start=\"773\" data-end=\"791\" data-col-size=\"sm\">Specifiche<\/th>\n<\/tr>\n<\/thead>\n<tbody data-start=\"826\" data-end=\"1036\">\n<tr data-start=\"826\" data-end=\"858\">\n<td data-start=\"826\" data-end=\"837\" data-col-size=\"sm\">Prodotto<\/td>\n<td data-start=\"837\" data-end=\"858\" data-col-size=\"sm\">Kit di riparazione<\/td>\n<\/tr>\n<tr data-start=\"859\" data-end=\"880\">\n<td data-start=\"859\" data-end=\"867\" data-col-size=\"sm\">Marchio<\/td>\n<td data-start=\"867\" data-end=\"880\" data-col-size=\"sm\">Tomasetto<\/td>\n<\/tr>\n<tr data-start=\"881\" data-end=\"916\">\n<td data-start=\"881\" data-end=\"901\" data-col-size=\"sm\">Modello compatibile<\/td>\n<td data-start=\"901\" data-end=\"916\" data-col-size=\"sm\">AT09 Nordic<\/td>\n<\/tr>\n<tr data-start=\"917\" data-end=\"960\">\n<td data-start=\"917\" data-end=\"930\" data-col-size=\"sm\">Applicazione<\/td>\n<td data-start=\"930\" data-end=\"960\" data-col-size=\"sm\">Riduttore di GPL \/ Vaporizzatore<\/td>\n<\/tr>\n<tr data-start=\"961\" data-end=\"1006\">\n<td data-start=\"961\" data-end=\"967\" data-col-size=\"sm\">Applicazione<\/td>\n<td data-start=\"967\" data-end=\"1006\" data-col-size=\"sm\">Manutenzione e ristrutturazione<\/td>\n<\/tr>\n<tr data-start=\"1007\" data-end=\"1036\">\n<td data-start=\"1007\" data-end=\"1021\" data-col-size=\"sm\">Installazione<\/td>\n<td data-start=\"1021\" data-end=\"1036\" data-col-size=\"sm\">Professionistico<\/td>\n<\/tr>\n<\/tbody>\n<\/table>\n<\/div>\n<\/div>\n<hr data-start=\"1038\" data-end=\"1041\">\n<h2 data-start=\"1043\" data-end=\"1091\">Compatibilit\u00e0 con i sistemi Tomasetto Autogas<\/h2>\n<p data-start=\"1093\" data-end=\"1175\">Compatibile con i cambi Nordic modello AT09 di Tomasetto installati nei sistemi a GPL.<\/p>\n<p data-start=\"1177\" data-end=\"1273\">Prima dell&#8217;intervento, verifica la versione esatta del vaporizzatore e le condizioni generali del sistema.<\/p>\n<hr data-start=\"1275\" data-end=\"1278\">\n<h2 data-start=\"1280\" data-end=\"1300\">Vantaggi tecnici<\/h2>\n<ul data-start=\"1302\" data-end=\"1526\">\n<li data-start=\"1302\" data-end=\"1349\">\n<p data-start=\"1304\" data-end=\"1349\">Permette di ripristinare la stabilit\u00e0 alla pressione<\/p>\n<\/li>\n<li data-start=\"1350\" data-end=\"1399\">\n<p data-start=\"1352\" data-end=\"1399\">Sostituzione degli elementi di usura interna<\/p>\n<\/li>\n<li data-start=\"1400\" data-end=\"1442\">\n<p data-start=\"1402\" data-end=\"1442\">Soluzione per la manutenzione preventiva<\/p>\n<\/li>\n<li data-start=\"1443\" data-end=\"1484\">\n<p data-start=\"1445\" data-end=\"1484\">Compatibile con la piattaforma nordica AT09<\/p>\n<\/li>\n<li data-start=\"1485\" data-end=\"1526\">\n<p data-start=\"1487\" data-end=\"1526\">Pezzi di ricambio specifici per sistemi a GPL<\/p>\n<\/li>\n<\/ul>\n<hr data-start=\"1528\" data-end=\"1531\">\n<h2 data-start=\"1533\" data-end=\"1579\">Quando usare questo kit di manutenzione?<\/h2>\n<p data-start=\"1581\" data-end=\"1638\">La sua installazione \u00e8 consigliata quando il cambio presenta:<\/p>\n<ul data-start=\"1640\" data-end=\"1750\">\n<li data-start=\"1640\" data-end=\"1666\">\n<p data-start=\"1642\" data-end=\"1666\">Variazioni di pressione<\/p>\n<\/li>\n<li data-start=\"1667\" data-end=\"1688\">\n<p data-start=\"1669\" data-end=\"1688\">Minimo instabile<\/p>\n<\/li>\n<li data-start=\"1689\" data-end=\"1715\">\n<p data-start=\"1691\" data-end=\"1715\">Perdita di prestazioni<\/p>\n<\/li>\n<li data-start=\"1716\" data-end=\"1750\">\n<p data-start=\"1718\" data-end=\"1750\">Usura di membrane o sigilli<\/p>\n<\/li>\n<\/ul>\n<p data-start=\"1752\" data-end=\"1822\">La manutenzione regolare aiuta a prolungare la vita del sistema.<\/p>\n<hr data-start=\"1824\" data-end=\"1827\">\n<h2 data-start=\"1829\" data-end=\"1835\">Domande frequenti<\/h2>\n<p data-start=\"1837\" data-end=\"1954\"><strong data-start=\"1837\" data-end=\"1878\">A cosa serve questo kit nordico AT09?<\/strong><br data-start=\"1878\" data-end=\"1881\">Permette di ricondizionare il cambio sostituendo i componenti interni.<\/p>\n<p data-start=\"1956\" data-end=\"2044\"><strong data-start=\"1956\" data-end=\"2000\">\u00c8 valido per altri modelli Tomasetto?<\/strong><br data-start=\"2000\" data-end=\"2003\">No, \u00e8 destinato al modello AT09 Nordic.<\/p>\n<p data-start=\"2046\" data-end=\"2150\"><strong data-start=\"2046\" data-end=\"2084\">Richiede un&#8217;installazione professionale?<\/strong><br data-start=\"2084\" data-end=\"2087\">S\u00ec, si consiglia l&#8217;assemblaggio da parte di un tecnico specializzato in Autogas.<\/p>\n","protected":false},"excerpt":{"rendered":"<p data-start=\"2654\" data-end=\"2735\">Kit di manutenzione per riduttore Nordic Tomasetto AT09 nei sistemi a GPL Autogas.<\/p>\n","protected":false},"featured_media":4948,"comment_status":"open","ping_status":"closed","template":"","meta":{"_uag_custom_page_level_css":""},"product_brand":[],"product_cat":[2135,2144,2136,2194],"product_tag":[],"class_list":{"0":"post-47506","1":"product","2":"type-product","3":"status-publish","4":"has-post-thumbnail","6":"product_cat-juegos-de-reparacion-glp","7":"product_cat-productos-por-marca","8":"product_cat-reguladores-de-presion","9":"product_cat-tomaseto-achile","11":"first","12":"onbackorder","13":"taxable","14":"shipping-taxable","15":"purchasable","16":"product-type-simple"},"ct_brands":[],"yoast_head":"<!-- This site is optimized with the Yoast SEO Premium plugin v27.5 (Yoast SEO v27.6) - https:\/\/yoast.com\/product\/yoast-seo-premium-wordpress\/ -->\n<title>Kit di riparazione riduttore Nordic Tomasetto AT09 | Recambios EcoGas | Sistemas GLP y GNC<\/title>\n<meta name=\"description\" content=\"Tomasetto AT09 Kit di riparazione riduttore di GPL nordico per la manutenzione dei vaporizzatori nei sistemi Autogas.\" \/>\n<meta name=\"robots\" content=\"index, follow, max-snippet:-1, max-image-preview:large, max-video-preview:-1\" \/>\n<link rel=\"canonical\" href=\"https:\/\/recambiosecogas.com\/it\/producto\/tomasetto-kit-de-reparacion-del-reductor-at09-nordic\/\" \/>\n<meta property=\"og:locale\" content=\"it_IT\" \/>\n<meta property=\"og:type\" content=\"article\" \/>\n<meta property=\"og:title\" content=\"Kit di riparazione riduttore Nordic Tomasetto AT09\" \/>\n<meta property=\"og:description\" content=\"Tomasetto AT09 Kit di riparazione riduttore di GPL nordico per la manutenzione dei vaporizzatori nei sistemi Autogas.\" \/>\n<meta property=\"og:url\" content=\"https:\/\/recambiosecogas.com\/it\/producto\/tomasetto-kit-de-reparacion-del-reductor-at09-nordic\/\" \/>\n<meta property=\"og:site_name\" content=\"Recambios EcoGas\" \/>\n<meta property=\"article:publisher\" content=\"https:\/\/www.facebook.com\/profile.php?id=100062419705358\" \/>\n<meta property=\"article:modified_time\" content=\"2026-04-08T10:03:45+00:00\" \/>\n<meta property=\"og:image\" content=\"https:\/\/recambiosecogas.com\/wp-content\/uploads\/2024\/10\/Tomasetto-kit-de-reparacion-del-reductor-AT09-Nordic-1-png.webp\" \/>\n\t<meta property=\"og:image:width\" content=\"1000\" \/>\n\t<meta property=\"og:image:height\" content=\"1000\" \/>\n\t<meta property=\"og:image:type\" content=\"image\/png\" \/>\n<meta name=\"twitter:card\" content=\"summary_large_image\" \/>\n<meta name=\"twitter:label1\" content=\"Prezzo\" \/>\n\t<meta name=\"twitter:data1\" content=\"19,06&nbsp;&euro; (Sin IVA: 15,75&nbsp;&euro;)\" \/>\n\t<meta name=\"twitter:label2\" content=\"Disponibilit\u00e0\" \/>\n\t<meta name=\"twitter:data2\" content=\"Su ordinazione\" \/>\n<script type=\"application\/ld+json\" class=\"yoast-schema-graph\">{\"@context\":\"https:\\\/\\\/schema.org\",\"@graph\":[{\"@type\":\"WebPage\",\"@id\":\"https:\\\/\\\/recambiosecogas.com\\\/it\\\/producto\\\/tomasetto-kit-de-reparacion-del-reductor-at09-nordic\\\/\",\"url\":\"https:\\\/\\\/recambiosecogas.com\\\/it\\\/producto\\\/tomasetto-kit-de-reparacion-del-reductor-at09-nordic\\\/\",\"name\":\"Kit di riparazione riduttore Nordic Tomasetto AT09 | Recambios EcoGas | Sistemas GLP y GNC\",\"isPartOf\":{\"@id\":\"https:\\\/\\\/recambiosecogas.com\\\/it\\\/#website\"},\"primaryImageOfPage\":{\"@id\":\"https:\\\/\\\/recambiosecogas.com\\\/it\\\/producto\\\/tomasetto-kit-de-reparacion-del-reductor-at09-nordic\\\/#primaryimage\"},\"image\":{\"@id\":\"https:\\\/\\\/recambiosecogas.com\\\/it\\\/producto\\\/tomasetto-kit-de-reparacion-del-reductor-at09-nordic\\\/#primaryimage\"},\"thumbnailUrl\":\"https:\\\/\\\/recambiosecogas.com\\\/wp-content\\\/uploads\\\/2024\\\/10\\\/Tomasetto-kit-de-reparacion-del-reductor-AT09-Nordic-1-png.webp\",\"datePublished\":\"2024-10-19T13:52:11+00:00\",\"dateModified\":\"2026-04-08T10:03:45+00:00\",\"description\":\"Tomasetto AT09 Kit di riparazione riduttore di GPL nordico per la manutenzione dei vaporizzatori nei sistemi Autogas.\",\"breadcrumb\":{\"@id\":\"https:\\\/\\\/recambiosecogas.com\\\/it\\\/producto\\\/tomasetto-kit-de-reparacion-del-reductor-at09-nordic\\\/#breadcrumb\"},\"inLanguage\":\"it-IT\",\"potentialAction\":[{\"@type\":\"ReadAction\",\"target\":[\"https:\\\/\\\/recambiosecogas.com\\\/it\\\/producto\\\/tomasetto-kit-de-reparacion-del-reductor-at09-nordic\\\/\"]}]},{\"@type\":\"ImageObject\",\"inLanguage\":\"it-IT\",\"@id\":\"https:\\\/\\\/recambiosecogas.com\\\/it\\\/producto\\\/tomasetto-kit-de-reparacion-del-reductor-at09-nordic\\\/#primaryimage\",\"url\":\"https:\\\/\\\/recambiosecogas.com\\\/wp-content\\\/uploads\\\/2024\\\/10\\\/Tomasetto-kit-de-reparacion-del-reductor-AT09-Nordic-1-png.webp\",\"contentUrl\":\"https:\\\/\\\/recambiosecogas.com\\\/wp-content\\\/uploads\\\/2024\\\/10\\\/Tomasetto-kit-de-reparacion-del-reductor-AT09-Nordic-1-png.webp\",\"width\":1000,\"height\":1000},{\"@type\":\"BreadcrumbList\",\"@id\":\"https:\\\/\\\/recambiosecogas.com\\\/it\\\/producto\\\/tomasetto-kit-de-reparacion-del-reductor-at09-nordic\\\/#breadcrumb\",\"itemListElement\":[{\"@type\":\"ListItem\",\"position\":1,\"name\":\"Portada\",\"item\":\"https:\\\/\\\/recambiosecogas.com\\\/it\\\/\"},{\"@type\":\"ListItem\",\"position\":2,\"name\":\"Negozio\",\"item\":\"https:\\\/\\\/recambiosecogas.com\\\/it\\\/?page_id=46382\"},{\"@type\":\"ListItem\",\"position\":3,\"name\":\"Kit di riparazione riduttore Nordic Tomasetto AT09\"}]},{\"@type\":\"WebSite\",\"@id\":\"https:\\\/\\\/recambiosecogas.com\\\/it\\\/#website\",\"url\":\"https:\\\/\\\/recambiosecogas.com\\\/it\\\/\",\"name\":\"Recambios EcoGas\",\"description\":\"Recambios Multimarca para sistemas de GLP\\\/GNC\\\/GNL\\\/Hidr\u00f3geno\",\"publisher\":{\"@id\":\"https:\\\/\\\/recambiosecogas.com\\\/it\\\/#organization\"},\"alternateName\":\"Recambios Autogas GLP\",\"potentialAction\":[{\"@type\":\"SearchAction\",\"target\":{\"@type\":\"EntryPoint\",\"urlTemplate\":\"https:\\\/\\\/recambiosecogas.com\\\/it\\\/?s={search_term_string}\"},\"query-input\":{\"@type\":\"PropertyValueSpecification\",\"valueRequired\":true,\"valueName\":\"search_term_string\"}}],\"inLanguage\":\"it-IT\"},{\"@type\":[\"Organization\",\"Place\"],\"@id\":\"https:\\\/\\\/recambiosecogas.com\\\/it\\\/#organization\",\"name\":\"Recambios EcoGas\",\"alternateName\":\"Tienda Online GLP Espa\u00f1a\",\"url\":\"https:\\\/\\\/recambiosecogas.com\\\/it\\\/\",\"logo\":{\"@id\":\"https:\\\/\\\/recambiosecogas.com\\\/it\\\/producto\\\/tomasetto-kit-de-reparacion-del-reductor-at09-nordic\\\/#local-main-organization-logo\"},\"image\":{\"@id\":\"https:\\\/\\\/recambiosecogas.com\\\/it\\\/producto\\\/tomasetto-kit-de-reparacion-del-reductor-at09-nordic\\\/#local-main-organization-logo\"},\"sameAs\":[\"https:\\\/\\\/www.facebook.com\\\/profile.php?id=100062419705358\",\"https:\\\/\\\/www.instagram.com\\\/segimon_automocio\"],\"description\":\"Recambios EcoGas \u2013 Venta y distribuci\u00f3n de sistemas GLP y GNC en Espa\u00f1a y Portugal. Env\u00edos 24 h, soporte t\u00e9cnico a talleres y distribuidores.\",\"hasMerchantReturnPolicy\":{\"@type\":\"MerchantReturnPolicy\",\"merchantReturnLink\":\"https:\\\/\\\/recambiosecogas.com\\\/politicas-privacidad\\\/\"},\"address\":{\"@id\":\"https:\\\/\\\/recambiosecogas.com\\\/it\\\/producto\\\/tomasetto-kit-de-reparacion-del-reductor-at09-nordic\\\/#local-main-place-address\"},\"telephone\":[\"616250633\"],\"contactPoint\":{\"@type\":\"ContactPoint\",\"email\":\"export@recambiosecogas.com\"},\"openingHoursSpecification\":[{\"@type\":\"OpeningHoursSpecification\",\"dayOfWeek\":[\"Monday\",\"Tuesday\",\"Wednesday\",\"Thursday\",\"Friday\",\"Saturday\",\"Sunday\"],\"opens\":\"09:00\",\"closes\":\"17:00\"}],\"email\":\"info@recambiosecogas.com\",\"faxNumber\":\"SEGIMON AUTOMOCION SL\",\"vatID\":\"ESB19819861\",\"globalLocationNumber\":\"938 616 339\"},{\"@type\":\"PostalAddress\",\"@id\":\"https:\\\/\\\/recambiosecogas.com\\\/it\\\/producto\\\/tomasetto-kit-de-reparacion-del-reductor-at09-nordic\\\/#local-main-place-address\",\"streetAddress\":\"cami antic de vic, 29 (Nave 3), Pol\u00edgono Industrial Congost\",\"addressLocality\":\"CORRO D`AVALL\",\"postalCode\":\"08520\",\"addressRegion\":\"Barcelona\",\"addressCountry\":\"ES\"},{\"@type\":\"ImageObject\",\"inLanguage\":\"it-IT\",\"@id\":\"https:\\\/\\\/recambiosecogas.com\\\/it\\\/producto\\\/tomasetto-kit-de-reparacion-del-reductor-at09-nordic\\\/#local-main-organization-logo\",\"url\":\"https:\\\/\\\/recambiosecogas.com\\\/wp-content\\\/uploads\\\/2024\\\/11\\\/cropped-RECAMBIOS-GLP-png.webp\",\"contentUrl\":\"https:\\\/\\\/recambiosecogas.com\\\/wp-content\\\/uploads\\\/2024\\\/11\\\/cropped-RECAMBIOS-GLP-png.webp\",\"width\":512,\"height\":512,\"caption\":\"Recambios EcoGas\"}]}<\/script>\n<meta property=\"product:price:amount\" content=\"19.06\" \/>\n<meta property=\"product:price:currency\" content=\"EUR\" \/>\n<meta property=\"og:availability\" content=\"backorder\" \/>\n<meta property=\"product:availability\" content=\"available for order\" \/>\n<meta property=\"product:retailer_item_id\" content=\"107464\" \/>\n<meta property=\"product:condition\" content=\"new\" \/>\n<meta name=\"geo.placename\" content=\"CORRO D`AVALL\" \/>\n<meta name=\"geo.region\" content=\"Spagna\" \/>\n<!-- \/ Yoast SEO Premium plugin. -->","yoast_head_json":{"title":"Kit di riparazione riduttore Nordic Tomasetto AT09 | Recambios EcoGas | Sistemas GLP y GNC","description":"Tomasetto AT09 Kit di riparazione riduttore di GPL nordico per la manutenzione dei vaporizzatori nei sistemi Autogas.","robots":{"index":"index","follow":"follow","max-snippet":"max-snippet:-1","max-image-preview":"max-image-preview:large","max-video-preview":"max-video-preview:-1"},"canonical":"https:\/\/recambiosecogas.com\/it\/producto\/tomasetto-kit-de-reparacion-del-reductor-at09-nordic\/","og_locale":"it_IT","og_type":"article","og_title":"Kit di riparazione riduttore Nordic Tomasetto AT09","og_description":"Tomasetto AT09 Kit di riparazione riduttore di GPL nordico per la manutenzione dei vaporizzatori nei sistemi Autogas.","og_url":"https:\/\/recambiosecogas.com\/it\/producto\/tomasetto-kit-de-reparacion-del-reductor-at09-nordic\/","og_site_name":"Recambios EcoGas","article_publisher":"https:\/\/www.facebook.com\/profile.php?id=100062419705358","article_modified_time":"2026-04-08T10:03:45+00:00","og_image":[{"width":1000,"height":1000,"url":"https:\/\/recambiosecogas.com\/wp-content\/uploads\/2024\/10\/Tomasetto-kit-de-reparacion-del-reductor-AT09-Nordic-1-png.webp","type":"image\/png"}],"twitter_card":"summary_large_image","twitter_misc":{"Prezzo":"19,06&nbsp;&euro; (Sin IVA: 15,75&nbsp;&euro;)","Disponibilit\u00e0":"Su ordinazione"},"schema":{"@context":"https:\/\/schema.org","@graph":[{"@type":"WebPage","@id":"https:\/\/recambiosecogas.com\/it\/producto\/tomasetto-kit-de-reparacion-del-reductor-at09-nordic\/","url":"https:\/\/recambiosecogas.com\/it\/producto\/tomasetto-kit-de-reparacion-del-reductor-at09-nordic\/","name":"Kit di riparazione riduttore Nordic Tomasetto AT09 | Recambios EcoGas | Sistemas GLP y GNC","isPartOf":{"@id":"https:\/\/recambiosecogas.com\/it\/#website"},"primaryImageOfPage":{"@id":"https:\/\/recambiosecogas.com\/it\/producto\/tomasetto-kit-de-reparacion-del-reductor-at09-nordic\/#primaryimage"},"image":{"@id":"https:\/\/recambiosecogas.com\/it\/producto\/tomasetto-kit-de-reparacion-del-reductor-at09-nordic\/#primaryimage"},"thumbnailUrl":"https:\/\/recambiosecogas.com\/wp-content\/uploads\/2024\/10\/Tomasetto-kit-de-reparacion-del-reductor-AT09-Nordic-1-png.webp","datePublished":"2024-10-19T13:52:11+00:00","dateModified":"2026-04-08T10:03:45+00:00","description":"Tomasetto AT09 Kit di riparazione riduttore di GPL nordico per la manutenzione dei vaporizzatori nei sistemi Autogas.","breadcrumb":{"@id":"https:\/\/recambiosecogas.com\/it\/producto\/tomasetto-kit-de-reparacion-del-reductor-at09-nordic\/#breadcrumb"},"inLanguage":"it-IT","potentialAction":[{"@type":"ReadAction","target":["https:\/\/recambiosecogas.com\/it\/producto\/tomasetto-kit-de-reparacion-del-reductor-at09-nordic\/"]}]},{"@type":"ImageObject","inLanguage":"it-IT","@id":"https:\/\/recambiosecogas.com\/it\/producto\/tomasetto-kit-de-reparacion-del-reductor-at09-nordic\/#primaryimage","url":"https:\/\/recambiosecogas.com\/wp-content\/uploads\/2024\/10\/Tomasetto-kit-de-reparacion-del-reductor-AT09-Nordic-1-png.webp","contentUrl":"https:\/\/recambiosecogas.com\/wp-content\/uploads\/2024\/10\/Tomasetto-kit-de-reparacion-del-reductor-AT09-Nordic-1-png.webp","width":1000,"height":1000},{"@type":"BreadcrumbList","@id":"https:\/\/recambiosecogas.com\/it\/producto\/tomasetto-kit-de-reparacion-del-reductor-at09-nordic\/#breadcrumb","itemListElement":[{"@type":"ListItem","position":1,"name":"Portada","item":"https:\/\/recambiosecogas.com\/it\/"},{"@type":"ListItem","position":2,"name":"Negozio","item":"https:\/\/recambiosecogas.com\/it\/?page_id=46382"},{"@type":"ListItem","position":3,"name":"Kit di riparazione riduttore Nordic Tomasetto AT09"}]},{"@type":"WebSite","@id":"https:\/\/recambiosecogas.com\/it\/#website","url":"https:\/\/recambiosecogas.com\/it\/","name":"Recambios EcoGas","description":"Recambios Multimarca para sistemas de GLP\/GNC\/GNL\/Hidr\u00f3geno","publisher":{"@id":"https:\/\/recambiosecogas.com\/it\/#organization"},"alternateName":"Recambios Autogas GLP","potentialAction":[{"@type":"SearchAction","target":{"@type":"EntryPoint","urlTemplate":"https:\/\/recambiosecogas.com\/it\/?s={search_term_string}"},"query-input":{"@type":"PropertyValueSpecification","valueRequired":true,"valueName":"search_term_string"}}],"inLanguage":"it-IT"},{"@type":["Organization","Place"],"@id":"https:\/\/recambiosecogas.com\/it\/#organization","name":"Recambios EcoGas","alternateName":"Tienda Online GLP Espa\u00f1a","url":"https:\/\/recambiosecogas.com\/it\/","logo":{"@id":"https:\/\/recambiosecogas.com\/it\/producto\/tomasetto-kit-de-reparacion-del-reductor-at09-nordic\/#local-main-organization-logo"},"image":{"@id":"https:\/\/recambiosecogas.com\/it\/producto\/tomasetto-kit-de-reparacion-del-reductor-at09-nordic\/#local-main-organization-logo"},"sameAs":["https:\/\/www.facebook.com\/profile.php?id=100062419705358","https:\/\/www.instagram.com\/segimon_automocio"],"description":"Recambios EcoGas \u2013 Venta y distribuci\u00f3n de sistemas GLP y GNC en Espa\u00f1a y Portugal. Env\u00edos 24 h, soporte t\u00e9cnico a talleres y distribuidores.","hasMerchantReturnPolicy":{"@type":"MerchantReturnPolicy","merchantReturnLink":"https:\/\/recambiosecogas.com\/politicas-privacidad\/"},"address":{"@id":"https:\/\/recambiosecogas.com\/it\/producto\/tomasetto-kit-de-reparacion-del-reductor-at09-nordic\/#local-main-place-address"},"telephone":["616250633"],"contactPoint":{"@type":"ContactPoint","email":"export@recambiosecogas.com"},"openingHoursSpecification":[{"@type":"OpeningHoursSpecification","dayOfWeek":["Monday","Tuesday","Wednesday","Thursday","Friday","Saturday","Sunday"],"opens":"09:00","closes":"17:00"}],"email":"info@recambiosecogas.com","faxNumber":"SEGIMON AUTOMOCION SL","vatID":"ESB19819861","globalLocationNumber":"938 616 339"},{"@type":"PostalAddress","@id":"https:\/\/recambiosecogas.com\/it\/producto\/tomasetto-kit-de-reparacion-del-reductor-at09-nordic\/#local-main-place-address","streetAddress":"cami antic de vic, 29 (Nave 3), Pol\u00edgono Industrial Congost","addressLocality":"CORRO D`AVALL","postalCode":"08520","addressRegion":"Barcelona","addressCountry":"ES"},{"@type":"ImageObject","inLanguage":"it-IT","@id":"https:\/\/recambiosecogas.com\/it\/producto\/tomasetto-kit-de-reparacion-del-reductor-at09-nordic\/#local-main-organization-logo","url":"https:\/\/recambiosecogas.com\/wp-content\/uploads\/2024\/11\/cropped-RECAMBIOS-GLP-png.webp","contentUrl":"https:\/\/recambiosecogas.com\/wp-content\/uploads\/2024\/11\/cropped-RECAMBIOS-GLP-png.webp","width":512,"height":512,"caption":"Recambios EcoGas"}]},"product_price_amount":"19.06","product_price_currency":"EUR","og_availability":"backorder","product_availability":"available for order","product_retailer_item_id":"107464","product_condition":"new","geo.placename":"CORRO D`AVALL","geo.region":"Spagna"},"uagb_featured_image_src":{"full":["https:\/\/recambiosecogas.com\/wp-content\/uploads\/2024\/10\/Tomasetto-kit-de-reparacion-del-reductor-AT09-Nordic-1-png.webp",1000,1000,false],"thumbnail":["https:\/\/recambiosecogas.com\/wp-content\/uploads\/2024\/10\/Tomasetto-kit-de-reparacion-del-reductor-AT09-Nordic-1-png-150x150.webp",150,150,true],"medium":["https:\/\/recambiosecogas.com\/wp-content\/uploads\/2024\/10\/Tomasetto-kit-de-reparacion-del-reductor-AT09-Nordic-1-300x300.webp",300,300,true],"medium_large":["https:\/\/recambiosecogas.com\/wp-content\/uploads\/2024\/10\/Tomasetto-kit-de-reparacion-del-reductor-AT09-Nordic-1-png-768x768.webp",768,768,true],"large":["https:\/\/recambiosecogas.com\/wp-content\/uploads\/2024\/10\/Tomasetto-kit-de-reparacion-del-reductor-AT09-Nordic-1-png.webp",1000,1000,false],"1536x1536":["https:\/\/recambiosecogas.com\/wp-content\/uploads\/2024\/10\/Tomasetto-kit-de-reparacion-del-reductor-AT09-Nordic-1-png.webp",1000,1000,false],"2048x2048":["https:\/\/recambiosecogas.com\/wp-content\/uploads\/2024\/10\/Tomasetto-kit-de-reparacion-del-reductor-AT09-Nordic-1-png.webp",1000,1000,false],"woocommerce_archive_thumbnail":["https:\/\/recambiosecogas.com\/wp-content\/uploads\/2024\/10\/Tomasetto-kit-de-reparacion-del-reductor-AT09-Nordic-1-png.webp",1000,1000,false],"woocommerce_thumbnail":["https:\/\/recambiosecogas.com\/wp-content\/uploads\/2024\/10\/Tomasetto-kit-de-reparacion-del-reductor-AT09-Nordic-1-png-300x300.webp",300,300,true],"woocommerce_single":["https:\/\/recambiosecogas.com\/wp-content\/uploads\/2024\/10\/Tomasetto-kit-de-reparacion-del-reductor-AT09-Nordic-1-png.webp",1000,1000,false],"woocommerce_gallery_thumbnail":["https:\/\/recambiosecogas.com\/wp-content\/uploads\/2024\/10\/Tomasetto-kit-de-reparacion-del-reductor-AT09-Nordic-1-png.webp",1000,1000,false],"dgwt-wcas-product-suggestion":["https:\/\/recambiosecogas.com\/wp-content\/uploads\/2024\/10\/Tomasetto-kit-de-reparacion-del-reductor-AT09-Nordic-1-png-64x64.webp",64,64,true]},"uagb_author_info":{"display_name":"Fran - Soporte T\u00e9cnico","author_link":"https:\/\/recambiosecogas.com\/it\/author\/"},"uagb_comment_info":0,"uagb_excerpt":"Kit di manutenzione per riduttore Nordic Tomasetto AT09 nei sistemi a GPL Autogas.","_links":{"self":[{"href":"https:\/\/recambiosecogas.com\/it\/wp-json\/wp\/v2\/product\/47506","targetHints":{"allow":["GET"]}}],"collection":[{"href":"https:\/\/recambiosecogas.com\/it\/wp-json\/wp\/v2\/product"}],"about":[{"href":"https:\/\/recambiosecogas.com\/it\/wp-json\/wp\/v2\/types\/product"}],"replies":[{"embeddable":true,"href":"https:\/\/recambiosecogas.com\/it\/wp-json\/wp\/v2\/comments?post=47506"}],"wp:featuredmedia":[{"embeddable":true,"href":"https:\/\/recambiosecogas.com\/it\/wp-json\/wp\/v2\/media\/4948"}],"wp:attachment":[{"href":"https:\/\/recambiosecogas.com\/it\/wp-json\/wp\/v2\/media?parent=47506"}],"wp:term":[{"taxonomy":"product_brand","embeddable":true,"href":"https:\/\/recambiosecogas.com\/it\/wp-json\/wp\/v2\/product_brand?post=47506"},{"taxonomy":"product_cat","embeddable":true,"href":"https:\/\/recambiosecogas.com\/it\/wp-json\/wp\/v2\/product_cat?post=47506"},{"taxonomy":"product_tag","embeddable":true,"href":"https:\/\/recambiosecogas.com\/it\/wp-json\/wp\/v2\/product_tag?post=47506"}],"curies":[{"name":"wp","href":"https:\/\/api.w.org\/{rel}","templated":true}]}}