{"id":47491,"date":"2024-10-19T13:52:03","date_gmt":"2024-10-19T13:52:03","guid":{"rendered":"https:\/\/recambiosecogas.com\/producto\/kit-de-reparacion-del-reductor-prins-vsi-bcde\/"},"modified":"2026-04-08T11:03:41","modified_gmt":"2026-04-08T10:03:41","slug":"kit-de-reparacion-del-reductor-prins-vsi-bcde","status":"publish","type":"product","link":"https:\/\/recambiosecogas.com\/it\/producto\/kit-de-reparacion-del-reductor-prins-vsi-bcde\/","title":{"rendered":"Kit di riparazione Prins VSI Reducer (B+C+D+E)"},"content":{"rendered":"<h1 data-start=\"163\" data-end=\"210\">Kit di riparazione riduttore PRINS VSI B C D E LPG<\/h1>\n<p data-start=\"212\" data-end=\"539\">Il <strong data-start=\"215\" data-end=\"264\">kit di riparazione del cambio Prins VSI B C D E LPG \u00e8<\/strong> progettato per la manutenzione dei riduttori Prins VSI identificati con le versioni B, C, D ed E. Questo insieme consente la sostituzione di componenti interni soggetti a usura, contribuendo a ripristinare la stabilit\u00e0 della pressione e il corretto funzionamento del sistema.<\/p>\n<p data-start=\"541\" data-end=\"640\">Si tratta di una soluzione specifica per le unit\u00e0 di ingranaggi Prins VSI corrispondenti a queste varianti di versione.<\/p>\n<hr data-start=\"642\" data-end=\"645\">\n<h2 data-start=\"647\" data-end=\"692\">Manutenzione del cambio Prins VSI (B\u2013E)<\/h2>\n<div class=\"TyagGW_tableContainer\">\n<div class=\"group TyagGW_tableWrapper flex flex-col-reverse w-fit\" tabindex=\"-1\">\n<table class=\"w-fit min-w-(--thread-content-width)\" data-start=\"694\" data-end=\"944\">\n<thead data-start=\"694\" data-end=\"729\">\n<tr data-start=\"694\" data-end=\"729\">\n<th class=\"\" data-start=\"694\" data-end=\"711\" data-col-size=\"sm\">Caratteristiche<\/th>\n<th class=\"\" data-start=\"711\" data-end=\"729\" data-col-size=\"sm\">Specifiche<\/th>\n<\/tr>\n<\/thead>\n<tbody data-start=\"766\" data-end=\"944\">\n<tr data-start=\"766\" data-end=\"798\">\n<td data-start=\"766\" data-end=\"777\" data-col-size=\"sm\">Prodotto<\/td>\n<td data-start=\"777\" data-end=\"798\" data-col-size=\"sm\">Kit di riparazione<\/td>\n<\/tr>\n<tr data-start=\"799\" data-end=\"816\">\n<td data-start=\"799\" data-end=\"807\" data-col-size=\"sm\">Marchio<\/td>\n<td data-start=\"807\" data-end=\"816\" data-col-size=\"sm\">Prins<\/td>\n<\/tr>\n<tr data-start=\"817\" data-end=\"834\">\n<td data-start=\"817\" data-end=\"827\" data-col-size=\"sm\">Sistema<\/td>\n<td data-start=\"827\" data-end=\"834\" data-col-size=\"sm\">VSI<\/td>\n<\/tr>\n<tr data-start=\"835\" data-end=\"876\">\n<td data-start=\"835\" data-end=\"859\" data-col-size=\"sm\">Versioni supportate<\/td>\n<td data-start=\"859\" data-end=\"876\" data-col-size=\"sm\">B\/C\/D\/E<\/td>\n<\/tr>\n<tr data-start=\"877\" data-end=\"902\">\n<td data-start=\"877\" data-end=\"890\" data-col-size=\"sm\">Applicazione<\/td>\n<td data-start=\"890\" data-end=\"902\" data-col-size=\"sm\">Riduttore<\/td>\n<\/tr>\n<tr data-start=\"903\" data-end=\"944\">\n<td data-start=\"903\" data-end=\"917\" data-col-size=\"sm\">Installazione<\/td>\n<td data-start=\"917\" data-end=\"944\" data-col-size=\"sm\">Professionisti consigliati<\/td>\n<\/tr>\n<\/tbody>\n<\/table>\n<\/div>\n<\/div>\n<hr data-start=\"946\" data-end=\"949\">\n<h2 data-start=\"951\" data-end=\"997\">Compatibilit\u00e0 con il kit di riparazione Prins VSI<\/h2>\n<p data-start=\"999\" data-end=\"1057\">Compatibile con i cambi Prins VSI versioni B, C, D ed E.<\/p>\n<p data-start=\"1059\" data-end=\"1176\">Prima dell&#8217;installazione, verifica la lettera della versione indicata sul cambio per garantire la corretta compatibilit\u00e0.<\/p>\n<hr data-start=\"1178\" data-end=\"1181\">\n<h2 data-start=\"1183\" data-end=\"1229\">Vantaggi della manutenzione del cambio VSI<\/h2>\n<ul data-start=\"1231\" data-end=\"1441\">\n<li data-start=\"1231\" data-end=\"1277\">\n<p data-start=\"1233\" data-end=\"1277\">Sostituzione di membrane e guarnizioni interne<\/p>\n<\/li>\n<li data-start=\"1278\" data-end=\"1323\">\n<p data-start=\"1280\" data-end=\"1323\">Recupero della stabilit\u00e0 della pressione<\/p>\n<\/li>\n<li data-start=\"1324\" data-end=\"1366\">\n<p data-start=\"1326\" data-end=\"1366\">Compatibile con pi\u00f9 versioni VSI<\/p>\n<\/li>\n<li data-start=\"1367\" data-end=\"1409\">\n<p data-start=\"1369\" data-end=\"1409\">Migliora la risposta del sistema gassoso<\/p>\n<\/li>\n<li data-start=\"1410\" data-end=\"1441\">\n<p data-start=\"1412\" data-end=\"1441\">Pezzo di ricambio tecnico specifico<\/p>\n<\/li>\n<\/ul>\n<hr data-start=\"1443\" data-end=\"1446\">\n<h2 data-start=\"1448\" data-end=\"1494\">Quando sostituire i componenti interni?<\/h2>\n<p data-start=\"1496\" data-end=\"1547\">Si consiglia di usare questo kit quando viene rilevati:<\/p>\n<ul data-start=\"1549\" data-end=\"1643\">\n<li data-start=\"1549\" data-end=\"1575\">\n<p data-start=\"1551\" data-end=\"1575\">Variazioni di pressione<\/p>\n<\/li>\n<li data-start=\"1576\" data-end=\"1597\">\n<p data-start=\"1578\" data-end=\"1597\">Minimo instabile<\/p>\n<\/li>\n<li data-start=\"1598\" data-end=\"1616\">\n<p data-start=\"1600\" data-end=\"1616\">Perdite interne<\/p>\n<\/li>\n<li data-start=\"1617\" data-end=\"1643\">\n<p data-start=\"1619\" data-end=\"1643\">Perdita di prestazioni<\/p>\n<\/li>\n<\/ul>\n<p data-start=\"1645\" data-end=\"1758\">La manutenzione regolare aiuta a prolungare la vita dell&#8217;unit\u00e0 di ingranaggi e a mantenere un funzionamento stabile.<\/p>\n<hr data-start=\"1760\" data-end=\"1763\">\n<h2 data-start=\"1765\" data-end=\"1771\">Domande frequenti<\/h2>\n<p data-start=\"1773\" data-end=\"1928\"><strong data-start=\"1773\" data-end=\"1842\">A cosa serve il kit di riparazione riduttore PRINS VSI B C D E LPG?<\/strong><br data-start=\"1842\" data-end=\"1845\">Permette di ricondizionare il cambio sostituendo gli elementi di usura interni.<\/p>\n<p data-start=\"1930\" data-end=\"2035\"><strong data-start=\"1930\" data-end=\"1974\">\u00c8 valido per altre versioni del VSI?<\/strong><br data-start=\"1974\" data-end=\"1977\">No, \u00e8 destinato solo alle versioni B, C, D ed E.<\/p>\n<p data-start=\"2037\" data-end=\"2130\"><strong data-start=\"2037\" data-end=\"2075\">Richiede un&#8217;installazione professionale?<\/strong><br data-start=\"2075\" data-end=\"2078\">S\u00ec, \u00e8 consigliato l&#8217;assemblaggio da parte di un tecnico specializzato.<\/p>\n","protected":false},"excerpt":{"rendered":"<p data-start=\"2559\" data-end=\"2623\">Kit di riparazione per riduttori Prins VSI versioni B, C, D ed E.<\/p>\n","protected":false},"featured_media":5013,"comment_status":"open","ping_status":"closed","template":"","meta":{"googlesitekit_rrm_CAowud7EDA:productID":"","_uag_custom_page_level_css":""},"product_brand":[],"product_cat":[2135,2387,2144,2136],"product_tag":[],"class_list":{"0":"post-47491","1":"product","2":"type-product","3":"status-publish","4":"has-post-thumbnail","6":"product_cat-juegos-de-reparacion-glp","7":"product_cat-prins","8":"product_cat-productos-por-marca","9":"product_cat-reguladores-de-presion","11":"first","12":"onbackorder","13":"taxable","14":"shipping-taxable","15":"purchasable","16":"product-type-simple"},"ct_brands":[],"yoast_head":"<!-- This site is optimized with the Yoast SEO Premium plugin v27.4 (Yoast SEO v27.4) - https:\/\/yoast.com\/product\/yoast-seo-premium-wordpress\/ -->\n<title>Kit di riparazione Prins VSI Reducer (B+C+D+E) |%Recambios EcoGas<\/title>\n<meta name=\"description\" content=\"Kit di riparazione riduttore PRINS VSI B C D E LPG per manutenzione e recupero della pressione.\" \/>\n<meta name=\"robots\" content=\"index, follow, max-snippet:-1, max-image-preview:large, max-video-preview:-1\" \/>\n<link rel=\"canonical\" href=\"https:\/\/recambiosecogas.com\/it\/producto\/kit-de-reparacion-del-reductor-prins-vsi-bcde\/\" \/>\n<meta property=\"og:locale\" content=\"it_IT\" \/>\n<meta property=\"og:type\" content=\"article\" \/>\n<meta property=\"og:title\" content=\"Kit di riparazione Prins VSI Reducer (B+C+D+E)\" \/>\n<meta property=\"og:description\" content=\"Kit di riparazione riduttore PRINS VSI B C D E LPG per manutenzione e recupero della pressione.\" \/>\n<meta property=\"og:url\" content=\"https:\/\/recambiosecogas.com\/it\/producto\/kit-de-reparacion-del-reductor-prins-vsi-bcde\/\" \/>\n<meta property=\"og:site_name\" content=\"Recambios EcoGas\" \/>\n<meta property=\"article:publisher\" content=\"https:\/\/www.facebook.com\/profile.php?id=100062419705358\" \/>\n<meta property=\"article:modified_time\" content=\"2026-04-08T10:03:41+00:00\" \/>\n<meta property=\"og:image\" content=\"https:\/\/recambiosecogas.com\/wp-content\/uploads\/2024\/10\/Kit-de-reparacion-para-reductor-Prins-VSI-BCDE-LA-OTRA-VERSION-png.webp\" \/>\n\t<meta property=\"og:image:width\" content=\"1000\" \/>\n\t<meta property=\"og:image:height\" content=\"1000\" \/>\n\t<meta property=\"og:image:type\" content=\"image\/png\" \/>\n<meta name=\"twitter:card\" content=\"summary_large_image\" \/>\n<meta name=\"twitter:label1\" content=\"Prezzo\" \/>\n\t<meta name=\"twitter:data1\" content=\"19,18&nbsp;&euro; (IVA incl.: 23,21&nbsp;&euro;)\" \/>\n\t<meta name=\"twitter:label2\" content=\"Disponibilit\u00e0\" \/>\n\t<meta name=\"twitter:data2\" content=\"Su ordinazione\" \/>\n<script type=\"application\/ld+json\" class=\"yoast-schema-graph\">{\"@context\":\"https:\\\/\\\/schema.org\",\"@graph\":[{\"@type\":\"WebPage\",\"@id\":\"https:\\\/\\\/recambiosecogas.com\\\/it\\\/producto\\\/kit-de-reparacion-del-reductor-prins-vsi-bcde\\\/\",\"url\":\"https:\\\/\\\/recambiosecogas.com\\\/it\\\/producto\\\/kit-de-reparacion-del-reductor-prins-vsi-bcde\\\/\",\"name\":\"Kit di riparazione Prins VSI Reducer (B+C+D+E) |%Recambios EcoGas\",\"isPartOf\":{\"@id\":\"https:\\\/\\\/recambiosecogas.com\\\/it\\\/#website\"},\"primaryImageOfPage\":{\"@id\":\"https:\\\/\\\/recambiosecogas.com\\\/it\\\/producto\\\/kit-de-reparacion-del-reductor-prins-vsi-bcde\\\/#primaryimage\"},\"image\":{\"@id\":\"https:\\\/\\\/recambiosecogas.com\\\/it\\\/producto\\\/kit-de-reparacion-del-reductor-prins-vsi-bcde\\\/#primaryimage\"},\"thumbnailUrl\":\"https:\\\/\\\/recambiosecogas.com\\\/wp-content\\\/uploads\\\/2024\\\/10\\\/Kit-de-reparacion-para-reductor-Prins-VSI-BCDE-LA-OTRA-VERSION-png.webp\",\"datePublished\":\"2024-10-19T13:52:03+00:00\",\"dateModified\":\"2026-04-08T10:03:41+00:00\",\"description\":\"Kit di riparazione riduttore PRINS VSI B C D E LPG per manutenzione e recupero della pressione.\",\"breadcrumb\":{\"@id\":\"https:\\\/\\\/recambiosecogas.com\\\/it\\\/producto\\\/kit-de-reparacion-del-reductor-prins-vsi-bcde\\\/#breadcrumb\"},\"inLanguage\":\"it-IT\",\"potentialAction\":[{\"@type\":\"ReadAction\",\"target\":[\"https:\\\/\\\/recambiosecogas.com\\\/it\\\/producto\\\/kit-de-reparacion-del-reductor-prins-vsi-bcde\\\/\"]}]},{\"@type\":\"ImageObject\",\"inLanguage\":\"it-IT\",\"@id\":\"https:\\\/\\\/recambiosecogas.com\\\/it\\\/producto\\\/kit-de-reparacion-del-reductor-prins-vsi-bcde\\\/#primaryimage\",\"url\":\"https:\\\/\\\/recambiosecogas.com\\\/wp-content\\\/uploads\\\/2024\\\/10\\\/Kit-de-reparacion-para-reductor-Prins-VSI-BCDE-LA-OTRA-VERSION-png.webp\",\"contentUrl\":\"https:\\\/\\\/recambiosecogas.com\\\/wp-content\\\/uploads\\\/2024\\\/10\\\/Kit-de-reparacion-para-reductor-Prins-VSI-BCDE-LA-OTRA-VERSION-png.webp\",\"width\":1000,\"height\":1000},{\"@type\":\"BreadcrumbList\",\"@id\":\"https:\\\/\\\/recambiosecogas.com\\\/it\\\/producto\\\/kit-de-reparacion-del-reductor-prins-vsi-bcde\\\/#breadcrumb\",\"itemListElement\":[{\"@type\":\"ListItem\",\"position\":1,\"name\":\"Portada\",\"item\":\"https:\\\/\\\/recambiosecogas.com\\\/it\\\/\"},{\"@type\":\"ListItem\",\"position\":2,\"name\":\"Negozio\",\"item\":\"https:\\\/\\\/recambiosecogas.com\\\/it\\\/?page_id=46382\"},{\"@type\":\"ListItem\",\"position\":3,\"name\":\"Kit di riparazione Prins VSI Reducer (B+C+D+E)\"}]},{\"@type\":\"WebSite\",\"@id\":\"https:\\\/\\\/recambiosecogas.com\\\/it\\\/#website\",\"url\":\"https:\\\/\\\/recambiosecogas.com\\\/it\\\/\",\"name\":\"Recambios EcoGas\",\"description\":\"Recambios Multimarca para sistemas de GLP\\\/GNC\\\/GNL\\\/Hidr\u00f3geno\",\"publisher\":{\"@id\":\"https:\\\/\\\/recambiosecogas.com\\\/it\\\/#organization\"},\"alternateName\":\"Recambios Autogas GLP\",\"potentialAction\":[{\"@type\":\"SearchAction\",\"target\":{\"@type\":\"EntryPoint\",\"urlTemplate\":\"https:\\\/\\\/recambiosecogas.com\\\/it\\\/?s={search_term_string}\"},\"query-input\":{\"@type\":\"PropertyValueSpecification\",\"valueRequired\":true,\"valueName\":\"search_term_string\"}}],\"inLanguage\":\"it-IT\"},{\"@type\":[\"Organization\",\"Place\"],\"@id\":\"https:\\\/\\\/recambiosecogas.com\\\/it\\\/#organization\",\"name\":\"Recambios EcoGas\",\"alternateName\":\"Tienda Online GLP Espa\u00f1a\",\"url\":\"https:\\\/\\\/recambiosecogas.com\\\/it\\\/\",\"logo\":{\"@id\":\"https:\\\/\\\/recambiosecogas.com\\\/it\\\/producto\\\/kit-de-reparacion-del-reductor-prins-vsi-bcde\\\/#local-main-organization-logo\"},\"image\":{\"@id\":\"https:\\\/\\\/recambiosecogas.com\\\/it\\\/producto\\\/kit-de-reparacion-del-reductor-prins-vsi-bcde\\\/#local-main-organization-logo\"},\"sameAs\":[\"https:\\\/\\\/www.facebook.com\\\/profile.php?id=100062419705358\",\"https:\\\/\\\/www.instagram.com\\\/segimon_automocio\"],\"description\":\"Recambios EcoGas \u2013 Venta y distribuci\u00f3n de sistemas GLP y GNC en Espa\u00f1a y Portugal. Env\u00edos 24 h, soporte t\u00e9cnico a talleres y distribuidores.\",\"hasMerchantReturnPolicy\":{\"@type\":\"MerchantReturnPolicy\",\"merchantReturnLink\":\"https:\\\/\\\/recambiosecogas.com\\\/politicas-privacidad\\\/\"},\"address\":{\"@id\":\"https:\\\/\\\/recambiosecogas.com\\\/it\\\/producto\\\/kit-de-reparacion-del-reductor-prins-vsi-bcde\\\/#local-main-place-address\"},\"telephone\":[\"616250633\"],\"contactPoint\":{\"@type\":\"ContactPoint\",\"email\":\"export@recambiosecogas.com\"},\"openingHoursSpecification\":[{\"@type\":\"OpeningHoursSpecification\",\"dayOfWeek\":[\"Monday\",\"Tuesday\",\"Wednesday\",\"Thursday\",\"Friday\",\"Saturday\",\"Sunday\"],\"opens\":\"09:00\",\"closes\":\"17:00\"}],\"email\":\"info@recambiosecogas.com\",\"faxNumber\":\"SEGIMON AUTOMOCION SL\",\"vatID\":\"ESB19819861\",\"globalLocationNumber\":\"938 616 339\"},{\"@type\":\"PostalAddress\",\"@id\":\"https:\\\/\\\/recambiosecogas.com\\\/it\\\/producto\\\/kit-de-reparacion-del-reductor-prins-vsi-bcde\\\/#local-main-place-address\",\"streetAddress\":\"cami antic de vic, 29 (Nave 3), Pol\u00edgono Industrial Congost\",\"addressLocality\":\"CORRO D`AVALL\",\"postalCode\":\"08520\",\"addressRegion\":\"Barcelona\",\"addressCountry\":\"ES\"},{\"@type\":\"ImageObject\",\"inLanguage\":\"it-IT\",\"@id\":\"https:\\\/\\\/recambiosecogas.com\\\/it\\\/producto\\\/kit-de-reparacion-del-reductor-prins-vsi-bcde\\\/#local-main-organization-logo\",\"url\":\"https:\\\/\\\/recambiosecogas.com\\\/wp-content\\\/uploads\\\/2024\\\/11\\\/cropped-RECAMBIOS-GLP-png.webp\",\"contentUrl\":\"https:\\\/\\\/recambiosecogas.com\\\/wp-content\\\/uploads\\\/2024\\\/11\\\/cropped-RECAMBIOS-GLP-png.webp\",\"width\":512,\"height\":512,\"caption\":\"Recambios EcoGas\"}]}<\/script>\n<meta property=\"product:price:amount\" content=\"19.18\" \/>\n<meta property=\"product:price:currency\" content=\"EUR\" \/>\n<meta property=\"og:availability\" content=\"backorder\" \/>\n<meta property=\"product:availability\" content=\"available for order\" \/>\n<meta property=\"product:retailer_item_id\" content=\"101199\" \/>\n<meta property=\"product:condition\" content=\"new\" \/>\n<meta name=\"geo.placename\" content=\"CORRO D`AVALL\" \/>\n<meta name=\"geo.region\" content=\"Spagna\" \/>\n<!-- \/ Yoast SEO Premium plugin. -->","yoast_head_json":{"title":"Kit di riparazione Prins VSI Reducer (B+C+D+E) |%Recambios EcoGas","description":"Kit di riparazione riduttore PRINS VSI B C D E LPG per manutenzione e recupero della pressione.","robots":{"index":"index","follow":"follow","max-snippet":"max-snippet:-1","max-image-preview":"max-image-preview:large","max-video-preview":"max-video-preview:-1"},"canonical":"https:\/\/recambiosecogas.com\/it\/producto\/kit-de-reparacion-del-reductor-prins-vsi-bcde\/","og_locale":"it_IT","og_type":"article","og_title":"Kit di riparazione Prins VSI Reducer (B+C+D+E)","og_description":"Kit di riparazione riduttore PRINS VSI B C D E LPG per manutenzione e recupero della pressione.","og_url":"https:\/\/recambiosecogas.com\/it\/producto\/kit-de-reparacion-del-reductor-prins-vsi-bcde\/","og_site_name":"Recambios EcoGas","article_publisher":"https:\/\/www.facebook.com\/profile.php?id=100062419705358","article_modified_time":"2026-04-08T10:03:41+00:00","og_image":[{"width":1000,"height":1000,"url":"https:\/\/recambiosecogas.com\/wp-content\/uploads\/2024\/10\/Kit-de-reparacion-para-reductor-Prins-VSI-BCDE-LA-OTRA-VERSION-png.webp","type":"image\/png"}],"twitter_card":"summary_large_image","twitter_misc":{"Prezzo":"19,18&nbsp;&euro; (IVA incl.: 23,21&nbsp;&euro;)","Disponibilit\u00e0":"Su ordinazione"},"schema":{"@context":"https:\/\/schema.org","@graph":[{"@type":"WebPage","@id":"https:\/\/recambiosecogas.com\/it\/producto\/kit-de-reparacion-del-reductor-prins-vsi-bcde\/","url":"https:\/\/recambiosecogas.com\/it\/producto\/kit-de-reparacion-del-reductor-prins-vsi-bcde\/","name":"Kit di riparazione Prins VSI Reducer (B+C+D+E) |%Recambios EcoGas","isPartOf":{"@id":"https:\/\/recambiosecogas.com\/it\/#website"},"primaryImageOfPage":{"@id":"https:\/\/recambiosecogas.com\/it\/producto\/kit-de-reparacion-del-reductor-prins-vsi-bcde\/#primaryimage"},"image":{"@id":"https:\/\/recambiosecogas.com\/it\/producto\/kit-de-reparacion-del-reductor-prins-vsi-bcde\/#primaryimage"},"thumbnailUrl":"https:\/\/recambiosecogas.com\/wp-content\/uploads\/2024\/10\/Kit-de-reparacion-para-reductor-Prins-VSI-BCDE-LA-OTRA-VERSION-png.webp","datePublished":"2024-10-19T13:52:03+00:00","dateModified":"2026-04-08T10:03:41+00:00","description":"Kit di riparazione riduttore PRINS VSI B C D E LPG per manutenzione e recupero della pressione.","breadcrumb":{"@id":"https:\/\/recambiosecogas.com\/it\/producto\/kit-de-reparacion-del-reductor-prins-vsi-bcde\/#breadcrumb"},"inLanguage":"it-IT","potentialAction":[{"@type":"ReadAction","target":["https:\/\/recambiosecogas.com\/it\/producto\/kit-de-reparacion-del-reductor-prins-vsi-bcde\/"]}]},{"@type":"ImageObject","inLanguage":"it-IT","@id":"https:\/\/recambiosecogas.com\/it\/producto\/kit-de-reparacion-del-reductor-prins-vsi-bcde\/#primaryimage","url":"https:\/\/recambiosecogas.com\/wp-content\/uploads\/2024\/10\/Kit-de-reparacion-para-reductor-Prins-VSI-BCDE-LA-OTRA-VERSION-png.webp","contentUrl":"https:\/\/recambiosecogas.com\/wp-content\/uploads\/2024\/10\/Kit-de-reparacion-para-reductor-Prins-VSI-BCDE-LA-OTRA-VERSION-png.webp","width":1000,"height":1000},{"@type":"BreadcrumbList","@id":"https:\/\/recambiosecogas.com\/it\/producto\/kit-de-reparacion-del-reductor-prins-vsi-bcde\/#breadcrumb","itemListElement":[{"@type":"ListItem","position":1,"name":"Portada","item":"https:\/\/recambiosecogas.com\/it\/"},{"@type":"ListItem","position":2,"name":"Negozio","item":"https:\/\/recambiosecogas.com\/it\/?page_id=46382"},{"@type":"ListItem","position":3,"name":"Kit di riparazione Prins VSI Reducer (B+C+D+E)"}]},{"@type":"WebSite","@id":"https:\/\/recambiosecogas.com\/it\/#website","url":"https:\/\/recambiosecogas.com\/it\/","name":"Recambios EcoGas","description":"Recambios Multimarca para sistemas de GLP\/GNC\/GNL\/Hidr\u00f3geno","publisher":{"@id":"https:\/\/recambiosecogas.com\/it\/#organization"},"alternateName":"Recambios Autogas GLP","potentialAction":[{"@type":"SearchAction","target":{"@type":"EntryPoint","urlTemplate":"https:\/\/recambiosecogas.com\/it\/?s={search_term_string}"},"query-input":{"@type":"PropertyValueSpecification","valueRequired":true,"valueName":"search_term_string"}}],"inLanguage":"it-IT"},{"@type":["Organization","Place"],"@id":"https:\/\/recambiosecogas.com\/it\/#organization","name":"Recambios EcoGas","alternateName":"Tienda Online GLP Espa\u00f1a","url":"https:\/\/recambiosecogas.com\/it\/","logo":{"@id":"https:\/\/recambiosecogas.com\/it\/producto\/kit-de-reparacion-del-reductor-prins-vsi-bcde\/#local-main-organization-logo"},"image":{"@id":"https:\/\/recambiosecogas.com\/it\/producto\/kit-de-reparacion-del-reductor-prins-vsi-bcde\/#local-main-organization-logo"},"sameAs":["https:\/\/www.facebook.com\/profile.php?id=100062419705358","https:\/\/www.instagram.com\/segimon_automocio"],"description":"Recambios EcoGas \u2013 Venta y distribuci\u00f3n de sistemas GLP y GNC en Espa\u00f1a y Portugal. Env\u00edos 24 h, soporte t\u00e9cnico a talleres y distribuidores.","hasMerchantReturnPolicy":{"@type":"MerchantReturnPolicy","merchantReturnLink":"https:\/\/recambiosecogas.com\/politicas-privacidad\/"},"address":{"@id":"https:\/\/recambiosecogas.com\/it\/producto\/kit-de-reparacion-del-reductor-prins-vsi-bcde\/#local-main-place-address"},"telephone":["616250633"],"contactPoint":{"@type":"ContactPoint","email":"export@recambiosecogas.com"},"openingHoursSpecification":[{"@type":"OpeningHoursSpecification","dayOfWeek":["Monday","Tuesday","Wednesday","Thursday","Friday","Saturday","Sunday"],"opens":"09:00","closes":"17:00"}],"email":"info@recambiosecogas.com","faxNumber":"SEGIMON AUTOMOCION SL","vatID":"ESB19819861","globalLocationNumber":"938 616 339"},{"@type":"PostalAddress","@id":"https:\/\/recambiosecogas.com\/it\/producto\/kit-de-reparacion-del-reductor-prins-vsi-bcde\/#local-main-place-address","streetAddress":"cami antic de vic, 29 (Nave 3), Pol\u00edgono Industrial Congost","addressLocality":"CORRO D`AVALL","postalCode":"08520","addressRegion":"Barcelona","addressCountry":"ES"},{"@type":"ImageObject","inLanguage":"it-IT","@id":"https:\/\/recambiosecogas.com\/it\/producto\/kit-de-reparacion-del-reductor-prins-vsi-bcde\/#local-main-organization-logo","url":"https:\/\/recambiosecogas.com\/wp-content\/uploads\/2024\/11\/cropped-RECAMBIOS-GLP-png.webp","contentUrl":"https:\/\/recambiosecogas.com\/wp-content\/uploads\/2024\/11\/cropped-RECAMBIOS-GLP-png.webp","width":512,"height":512,"caption":"Recambios EcoGas"}]},"product_price_amount":"19.18","product_price_currency":"EUR","og_availability":"backorder","product_availability":"available for order","product_retailer_item_id":"101199","product_condition":"new","geo.placename":"CORRO D`AVALL","geo.region":"Spagna"},"uagb_featured_image_src":{"full":["https:\/\/recambiosecogas.com\/wp-content\/uploads\/2024\/10\/Kit-de-reparacion-para-reductor-Prins-VSI-BCDE-LA-OTRA-VERSION-png.webp",1000,1000,false],"thumbnail":["https:\/\/recambiosecogas.com\/wp-content\/uploads\/2024\/10\/Kit-de-reparacion-para-reductor-Prins-VSI-BCDE-LA-OTRA-VERSION-png-150x150.webp",150,150,true],"medium":["https:\/\/recambiosecogas.com\/wp-content\/uploads\/2024\/10\/Kit-de-reparacion-para-reductor-Prins-VSI-BCDE-LA-OTRA-VERSION-300x300.webp",300,300,true],"medium_large":["https:\/\/recambiosecogas.com\/wp-content\/uploads\/2024\/10\/Kit-de-reparacion-para-reductor-Prins-VSI-BCDE-LA-OTRA-VERSION-png-768x768.webp",768,768,true],"large":["https:\/\/recambiosecogas.com\/wp-content\/uploads\/2024\/10\/Kit-de-reparacion-para-reductor-Prins-VSI-BCDE-LA-OTRA-VERSION-png.webp",1000,1000,false],"1536x1536":["https:\/\/recambiosecogas.com\/wp-content\/uploads\/2024\/10\/Kit-de-reparacion-para-reductor-Prins-VSI-BCDE-LA-OTRA-VERSION-png.webp",1000,1000,false],"2048x2048":["https:\/\/recambiosecogas.com\/wp-content\/uploads\/2024\/10\/Kit-de-reparacion-para-reductor-Prins-VSI-BCDE-LA-OTRA-VERSION-png.webp",1000,1000,false],"woocommerce_archive_thumbnail":["https:\/\/recambiosecogas.com\/wp-content\/uploads\/2024\/10\/Kit-de-reparacion-para-reductor-Prins-VSI-BCDE-LA-OTRA-VERSION-png.webp",1000,1000,false],"woocommerce_thumbnail":["https:\/\/recambiosecogas.com\/wp-content\/uploads\/2024\/10\/Kit-de-reparacion-para-reductor-Prins-VSI-BCDE-LA-OTRA-VERSION-png-300x300.webp",300,300,true],"woocommerce_single":["https:\/\/recambiosecogas.com\/wp-content\/uploads\/2024\/10\/Kit-de-reparacion-para-reductor-Prins-VSI-BCDE-LA-OTRA-VERSION-png.webp",1000,1000,false],"woocommerce_gallery_thumbnail":["https:\/\/recambiosecogas.com\/wp-content\/uploads\/2024\/10\/Kit-de-reparacion-para-reductor-Prins-VSI-BCDE-LA-OTRA-VERSION-png.webp",1000,1000,false],"dgwt-wcas-product-suggestion":["https:\/\/recambiosecogas.com\/wp-content\/uploads\/2024\/10\/Kit-de-reparacion-para-reductor-Prins-VSI-BCDE-LA-OTRA-VERSION-png-64x64.webp",64,64,true]},"uagb_author_info":{"display_name":"Fran - Soporte T\u00e9cnico","author_link":"https:\/\/recambiosecogas.com\/it\/author\/"},"uagb_comment_info":0,"uagb_excerpt":"Kit di riparazione per riduttori Prins VSI versioni B, C, D ed E.","_links":{"self":[{"href":"https:\/\/recambiosecogas.com\/it\/wp-json\/wp\/v2\/product\/47491","targetHints":{"allow":["GET"]}}],"collection":[{"href":"https:\/\/recambiosecogas.com\/it\/wp-json\/wp\/v2\/product"}],"about":[{"href":"https:\/\/recambiosecogas.com\/it\/wp-json\/wp\/v2\/types\/product"}],"replies":[{"embeddable":true,"href":"https:\/\/recambiosecogas.com\/it\/wp-json\/wp\/v2\/comments?post=47491"}],"wp:featuredmedia":[{"embeddable":true,"href":"https:\/\/recambiosecogas.com\/it\/wp-json\/wp\/v2\/media\/5013"}],"wp:attachment":[{"href":"https:\/\/recambiosecogas.com\/it\/wp-json\/wp\/v2\/media?parent=47491"}],"wp:term":[{"taxonomy":"product_brand","embeddable":true,"href":"https:\/\/recambiosecogas.com\/it\/wp-json\/wp\/v2\/product_brand?post=47491"},{"taxonomy":"product_cat","embeddable":true,"href":"https:\/\/recambiosecogas.com\/it\/wp-json\/wp\/v2\/product_cat?post=47491"},{"taxonomy":"product_tag","embeddable":true,"href":"https:\/\/recambiosecogas.com\/it\/wp-json\/wp\/v2\/product_tag?post=47491"}],"curies":[{"name":"wp","href":"https:\/\/api.w.org\/{rel}","templated":true}]}}