{"id":47481,"date":"2024-10-19T14:52:08","date_gmt":"2024-10-19T13:52:08","guid":{"rendered":"https:\/\/recambiosecogas.com\/producto\/kit-de-reparacion-del-reductor-tartarini-rp-g05\/"},"modified":"2026-04-08T11:03:27","modified_gmt":"2026-04-08T10:03:27","slug":"kit-de-reparacion-del-reductor-tartarini-rp-g05","status":"publish","type":"product","link":"https:\/\/recambiosecogas.com\/it\/producto\/kit-de-reparacion-del-reductor-tartarini-rp-g05\/","title":{"rendered":"Kit di riparazione unit\u00e0 di ingranaggi Tartarini RP\/G05"},"content":{"rendered":"<h1 data-start=\"161\" data-end=\"207\">Kit di riparazione riduttore di GPL Tartarini RP G05<\/h1>\n<p data-start=\"209\" data-end=\"545\">Il <strong data-start=\"212\" data-end=\"260\">kit di riparazione riduttore di GPL Tartarini RP G05<\/strong> \u00e8 progettato per la manutenzione e il ricondizionamento del vaporizzatore Tartarini RP\/G05 nei sistemi Autogas. Questo insieme consente la sostituzione dei componenti interni soggetti a usura, ripristinando la stabilit\u00e0 della pressione e il corretto funzionamento del sistema gassoso. <\/p>\n<p data-start=\"547\" data-end=\"669\">\u00c8 una soluzione adatta per la manutenzione preventiva o correttiva nelle installazioni a GPL dotate del cambio RP G05.<\/p>\n<hr data-start=\"671\" data-end=\"674\">\n<h2 data-start=\"676\" data-end=\"725\">Manutenzione del vaporizzatore Tartarini RP G05<\/h2>\n<div class=\"TyagGW_tableContainer\">\n<div class=\"group TyagGW_tableWrapper flex flex-col-reverse w-fit\" tabindex=\"-1\">\n<table class=\"w-fit min-w-(--thread-content-width)\" data-start=\"727\" data-end=\"1004\">\n<thead data-start=\"727\" data-end=\"762\">\n<tr data-start=\"727\" data-end=\"762\">\n<th class=\"\" data-start=\"727\" data-end=\"744\" data-col-size=\"sm\">Caratteristiche<\/th>\n<th class=\"\" data-start=\"744\" data-end=\"762\" data-col-size=\"sm\">Specifiche<\/th>\n<\/tr>\n<\/thead>\n<tbody data-start=\"799\" data-end=\"1004\">\n<tr data-start=\"799\" data-end=\"831\">\n<td data-start=\"799\" data-end=\"810\" data-col-size=\"sm\">Prodotto<\/td>\n<td data-start=\"810\" data-end=\"831\" data-col-size=\"sm\">Kit di riparazione<\/td>\n<\/tr>\n<tr data-start=\"832\" data-end=\"853\">\n<td data-start=\"832\" data-end=\"840\" data-col-size=\"sm\">Marchio<\/td>\n<td data-start=\"840\" data-end=\"853\" data-col-size=\"sm\">Tartarini<\/td>\n<\/tr>\n<tr data-start=\"854\" data-end=\"886\">\n<td data-start=\"854\" data-end=\"874\" data-col-size=\"sm\">Modello compatibile<\/td>\n<td data-start=\"874\" data-end=\"886\" data-col-size=\"sm\">RP \/ G05<\/td>\n<\/tr>\n<tr data-start=\"887\" data-end=\"930\">\n<td data-start=\"887\" data-end=\"900\" data-col-size=\"sm\">Applicazione<\/td>\n<td data-start=\"900\" data-end=\"930\" data-col-size=\"sm\">Riduttore di GPL \/ Vaporizzatore<\/td>\n<\/tr>\n<tr data-start=\"931\" data-end=\"962\">\n<td data-start=\"931\" data-end=\"937\" data-col-size=\"sm\">Applicazione<\/td>\n<td data-start=\"937\" data-end=\"962\" data-col-size=\"sm\">Manutenzione tecnica<\/td>\n<\/tr>\n<tr data-start=\"963\" data-end=\"1004\">\n<td data-start=\"963\" data-end=\"977\" data-col-size=\"sm\">Installazione<\/td>\n<td data-start=\"977\" data-end=\"1004\" data-col-size=\"sm\">Professionisti consigliati<\/td>\n<\/tr>\n<\/tbody>\n<\/table>\n<\/div>\n<\/div>\n<hr data-start=\"1006\" data-end=\"1009\">\n<h2 data-start=\"1011\" data-end=\"1061\">Compatibilit\u00e0 del kit di riparazione LPG Tartarini<\/h2>\n<p data-start=\"1063\" data-end=\"1148\">Compatibile con i cambi Tartarini RP\/G05 installati nei sistemi a GPL Autogas.<\/p>\n<p data-start=\"1150\" data-end=\"1270\">Prima dell&#8217;installazione, verifica la versione esatta del riduttore e la configurazione del sistema per garantire la compatibilit\u00e0.<\/p>\n<hr data-start=\"1272\" data-end=\"1275\">\n<h2 data-start=\"1277\" data-end=\"1326\">Vantaggi della manutenzione del cambio RP G05<\/h2>\n<ul data-start=\"1328\" data-end=\"1543\">\n<li data-start=\"1328\" data-end=\"1374\">\n<p data-start=\"1330\" data-end=\"1374\">Sostituzione di membrane e guarnizioni interne<\/p>\n<\/li>\n<li data-start=\"1375\" data-end=\"1420\">\n<p data-start=\"1377\" data-end=\"1420\">Recupero della stabilit\u00e0 della pressione<\/p>\n<\/li>\n<li data-start=\"1421\" data-end=\"1461\">\n<p data-start=\"1423\" data-end=\"1461\">Progettato specificamente per RP\/G05<\/p>\n<\/li>\n<li data-start=\"1462\" data-end=\"1504\">\n<p data-start=\"1464\" data-end=\"1504\">Migliora la risposta del sistema gassoso<\/p>\n<\/li>\n<li data-start=\"1505\" data-end=\"1543\">\n<p data-start=\"1507\" data-end=\"1543\">Pezzi di ricambio tecnici per sistemi a GPL<\/p>\n<\/li>\n<\/ul>\n<hr data-start=\"1545\" data-end=\"1548\">\n<h2 data-start=\"1550\" data-end=\"1596\">Quando usare questo kit di manutenzione?<\/h2>\n<p data-start=\"1598\" data-end=\"1647\">Si consiglia di installare il kit quando vengono rilevati i seguenti sintomi:<\/p>\n<ul data-start=\"1649\" data-end=\"1753\">\n<li data-start=\"1649\" data-end=\"1675\">\n<p data-start=\"1651\" data-end=\"1675\">Variazioni di pressione<\/p>\n<\/li>\n<li data-start=\"1676\" data-end=\"1697\">\n<p data-start=\"1678\" data-end=\"1697\">Minimo instabile<\/p>\n<\/li>\n<li data-start=\"1698\" data-end=\"1716\">\n<p data-start=\"1700\" data-end=\"1716\">Perdite interne<\/p>\n<\/li>\n<li data-start=\"1717\" data-end=\"1753\">\n<p data-start=\"1719\" data-end=\"1753\">Usura dei componenti interni<\/p>\n<\/li>\n<\/ul>\n<p data-start=\"1755\" data-end=\"1883\">La manutenzione regolare aiuta a prolungare la vita del cambio e a mantenere un funzionamento stabile del sistema Autogas.<\/p>\n<hr data-start=\"1885\" data-end=\"1888\">\n<h2 data-start=\"1890\" data-end=\"1896\">Domande frequenti<\/h2>\n<p data-start=\"1898\" data-end=\"2057\"><strong data-start=\"1898\" data-end=\"1966\">A cosa serve il kit di riparazione del riduttore di GPL Tartarini RP G05?<\/strong><br data-start=\"1966\" data-end=\"1969\">Permette di ricondizionare il vaporizzatore sostituendo i componenti interni di usura.<\/p>\n<p data-start=\"2059\" data-end=\"2142\"><strong data-start=\"2059\" data-end=\"2103\">\u00c8 valido per altri modelli Tartarini?<\/strong><br data-start=\"2103\" data-end=\"2106\">No, \u00e8 destinato al modello RP\/G05.<\/p>\n<p data-start=\"2144\" data-end=\"2257\"><strong data-start=\"2144\" data-end=\"2182\">Richiede un&#8217;installazione professionale?<\/strong><br data-start=\"2182\" data-end=\"2185\">S\u00ec, si consiglia l&#8217;assemblaggio da parte di un tecnico specializzato in sistemi Autogas.<\/p>\n<p>Il kit di riparazione riduttore di GPL Tartarini RP G05 \u00e8 essenziale per mantenere l&#8217;efficienza del tuo sistema Autogas. Sostituendo componenti usurate, non solo si garantisce un funzionamento ottimale, ma si evitano anche problemi costosi in futuro. Ideale per chi cerca una manutenzione proattiva, questo kit \u00e8 la soluzione perfetta per ripristinare pressione e prestazioni del carburante, garantendo la sicurezza e l&#8217;efficacia del sistema di carburante.  <\/p>\n","protected":false},"excerpt":{"rendered":"<p data-start=\"2710\" data-end=\"2783\">Kit di riparazione per cambio Tartarini RP G05<\/p>\n","protected":false},"featured_media":4964,"comment_status":"open","ping_status":"closed","template":"","meta":{"_uag_custom_page_level_css":""},"product_brand":[],"product_cat":[2135,2136,2371],"product_tag":[],"class_list":{"0":"post-47481","1":"product","2":"type-product","3":"status-publish","4":"has-post-thumbnail","6":"product_cat-juegos-de-reparacion-glp","7":"product_cat-reguladores-de-presion","8":"product_cat-tartarini","10":"first","11":"onbackorder","12":"taxable","13":"shipping-taxable","14":"purchasable","15":"product-type-simple"},"ct_brands":[],"yoast_head":"<!-- This site is optimized with the Yoast SEO Premium plugin v27.5 (Yoast SEO v27.6) - https:\/\/yoast.com\/product\/yoast-seo-premium-wordpress\/ -->\n<title>Kit riduttore di GPL Tartarini RP G05 | Pezzi di ricambio Ecogas<\/title>\n<meta name=\"description\" content=\"Kit di riparazione per il cambio a GPL Tartarini RP G05, essenziale per la manutenzione dei sistemi Autogas e la stabilit\u00e0 della pressione.\" \/>\n<meta name=\"robots\" content=\"index, follow, max-snippet:-1, max-image-preview:large, max-video-preview:-1\" \/>\n<link rel=\"canonical\" href=\"https:\/\/recambiosecogas.com\/it\/producto\/kit-de-reparacion-del-reductor-tartarini-rp-g05\/\" \/>\n<meta property=\"og:locale\" content=\"it_IT\" \/>\n<meta property=\"og:type\" content=\"article\" \/>\n<meta property=\"og:title\" content=\"Kit di riparazione unit\u00e0 di ingranaggi Tartarini RP\/G05\" \/>\n<meta property=\"og:description\" content=\"Kit di riparazione per il cambio a GPL Tartarini RP G05, essenziale per la manutenzione dei sistemi Autogas e la stabilit\u00e0 della pressione.\" \/>\n<meta property=\"og:url\" content=\"https:\/\/recambiosecogas.com\/it\/producto\/kit-de-reparacion-del-reductor-tartarini-rp-g05\/\" \/>\n<meta property=\"og:site_name\" content=\"Recambios EcoGas\" \/>\n<meta property=\"article:publisher\" content=\"https:\/\/www.facebook.com\/profile.php?id=100062419705358\" \/>\n<meta property=\"article:modified_time\" content=\"2026-04-08T10:03:27+00:00\" \/>\n<meta property=\"og:image\" content=\"https:\/\/recambiosecogas.com\/wp-content\/uploads\/2024\/10\/Kit-de-reparacion-del-reductor-Tartarini-RP-G05-png.webp\" \/>\n\t<meta property=\"og:image:width\" content=\"1000\" \/>\n\t<meta property=\"og:image:height\" content=\"1000\" \/>\n\t<meta property=\"og:image:type\" content=\"image\/png\" \/>\n<meta name=\"twitter:card\" content=\"summary_large_image\" \/>\n<meta name=\"twitter:label1\" content=\"Prezzo\" \/>\n\t<meta name=\"twitter:data1\" content=\"23,66&nbsp;&euro; (Sin IVA: 19,55&nbsp;&euro;)\" \/>\n\t<meta name=\"twitter:label2\" content=\"Disponibilit\u00e0\" \/>\n\t<meta name=\"twitter:data2\" content=\"Su ordinazione\" \/>\n<script type=\"application\/ld+json\" class=\"yoast-schema-graph\">{\"@context\":\"https:\\\/\\\/schema.org\",\"@graph\":[{\"@type\":\"WebPage\",\"@id\":\"https:\\\/\\\/recambiosecogas.com\\\/it\\\/producto\\\/kit-de-reparacion-del-reductor-tartarini-rp-g05\\\/\",\"url\":\"https:\\\/\\\/recambiosecogas.com\\\/it\\\/producto\\\/kit-de-reparacion-del-reductor-tartarini-rp-g05\\\/\",\"name\":\"Kit riduttore di GPL Tartarini RP G05 | Pezzi di ricambio Ecogas\",\"isPartOf\":{\"@id\":\"https:\\\/\\\/recambiosecogas.com\\\/it\\\/#website\"},\"primaryImageOfPage\":{\"@id\":\"https:\\\/\\\/recambiosecogas.com\\\/it\\\/producto\\\/kit-de-reparacion-del-reductor-tartarini-rp-g05\\\/#primaryimage\"},\"image\":{\"@id\":\"https:\\\/\\\/recambiosecogas.com\\\/it\\\/producto\\\/kit-de-reparacion-del-reductor-tartarini-rp-g05\\\/#primaryimage\"},\"thumbnailUrl\":\"https:\\\/\\\/recambiosecogas.com\\\/wp-content\\\/uploads\\\/2024\\\/10\\\/Kit-de-reparacion-del-reductor-Tartarini-RP-G05-png.webp\",\"datePublished\":\"2024-10-19T13:52:08+00:00\",\"dateModified\":\"2026-04-08T10:03:27+00:00\",\"description\":\"Kit di riparazione per il cambio a GPL Tartarini RP G05, essenziale per la manutenzione dei sistemi Autogas e la stabilit\u00e0 della pressione.\",\"breadcrumb\":{\"@id\":\"https:\\\/\\\/recambiosecogas.com\\\/it\\\/producto\\\/kit-de-reparacion-del-reductor-tartarini-rp-g05\\\/#breadcrumb\"},\"inLanguage\":\"it-IT\",\"potentialAction\":[{\"@type\":\"ReadAction\",\"target\":[\"https:\\\/\\\/recambiosecogas.com\\\/it\\\/producto\\\/kit-de-reparacion-del-reductor-tartarini-rp-g05\\\/\"]}]},{\"@type\":\"ImageObject\",\"inLanguage\":\"it-IT\",\"@id\":\"https:\\\/\\\/recambiosecogas.com\\\/it\\\/producto\\\/kit-de-reparacion-del-reductor-tartarini-rp-g05\\\/#primaryimage\",\"url\":\"https:\\\/\\\/recambiosecogas.com\\\/wp-content\\\/uploads\\\/2024\\\/10\\\/Kit-de-reparacion-del-reductor-Tartarini-RP-G05-png.webp\",\"contentUrl\":\"https:\\\/\\\/recambiosecogas.com\\\/wp-content\\\/uploads\\\/2024\\\/10\\\/Kit-de-reparacion-del-reductor-Tartarini-RP-G05-png.webp\",\"width\":1000,\"height\":1000},{\"@type\":\"BreadcrumbList\",\"@id\":\"https:\\\/\\\/recambiosecogas.com\\\/it\\\/producto\\\/kit-de-reparacion-del-reductor-tartarini-rp-g05\\\/#breadcrumb\",\"itemListElement\":[{\"@type\":\"ListItem\",\"position\":1,\"name\":\"Portada\",\"item\":\"https:\\\/\\\/recambiosecogas.com\\\/it\\\/\"},{\"@type\":\"ListItem\",\"position\":2,\"name\":\"Negozio\",\"item\":\"https:\\\/\\\/recambiosecogas.com\\\/it\\\/?page_id=46382\"},{\"@type\":\"ListItem\",\"position\":3,\"name\":\"Kit di riparazione unit\u00e0 di ingranaggi Tartarini RP\\\/G05\"}]},{\"@type\":\"WebSite\",\"@id\":\"https:\\\/\\\/recambiosecogas.com\\\/it\\\/#website\",\"url\":\"https:\\\/\\\/recambiosecogas.com\\\/it\\\/\",\"name\":\"Recambios EcoGas\",\"description\":\"Recambios Multimarca para sistemas de GLP\\\/GNC\\\/GNL\\\/Hidr\u00f3geno\",\"publisher\":{\"@id\":\"https:\\\/\\\/recambiosecogas.com\\\/it\\\/#organization\"},\"alternateName\":\"Recambios Autogas GLP\",\"potentialAction\":[{\"@type\":\"SearchAction\",\"target\":{\"@type\":\"EntryPoint\",\"urlTemplate\":\"https:\\\/\\\/recambiosecogas.com\\\/it\\\/?s={search_term_string}\"},\"query-input\":{\"@type\":\"PropertyValueSpecification\",\"valueRequired\":true,\"valueName\":\"search_term_string\"}}],\"inLanguage\":\"it-IT\"},{\"@type\":[\"Organization\",\"Place\"],\"@id\":\"https:\\\/\\\/recambiosecogas.com\\\/it\\\/#organization\",\"name\":\"Recambios EcoGas\",\"alternateName\":\"Tienda Online GLP Espa\u00f1a\",\"url\":\"https:\\\/\\\/recambiosecogas.com\\\/it\\\/\",\"logo\":{\"@id\":\"https:\\\/\\\/recambiosecogas.com\\\/it\\\/producto\\\/kit-de-reparacion-del-reductor-tartarini-rp-g05\\\/#local-main-organization-logo\"},\"image\":{\"@id\":\"https:\\\/\\\/recambiosecogas.com\\\/it\\\/producto\\\/kit-de-reparacion-del-reductor-tartarini-rp-g05\\\/#local-main-organization-logo\"},\"sameAs\":[\"https:\\\/\\\/www.facebook.com\\\/profile.php?id=100062419705358\",\"https:\\\/\\\/www.instagram.com\\\/segimon_automocio\"],\"description\":\"Recambios EcoGas \u2013 Venta y distribuci\u00f3n de sistemas GLP y GNC en Espa\u00f1a y Portugal. Env\u00edos 24 h, soporte t\u00e9cnico a talleres y distribuidores.\",\"hasMerchantReturnPolicy\":{\"@type\":\"MerchantReturnPolicy\",\"merchantReturnLink\":\"https:\\\/\\\/recambiosecogas.com\\\/politicas-privacidad\\\/\"},\"address\":{\"@id\":\"https:\\\/\\\/recambiosecogas.com\\\/it\\\/producto\\\/kit-de-reparacion-del-reductor-tartarini-rp-g05\\\/#local-main-place-address\"},\"telephone\":[\"616250633\"],\"contactPoint\":{\"@type\":\"ContactPoint\",\"email\":\"export@recambiosecogas.com\"},\"openingHoursSpecification\":[{\"@type\":\"OpeningHoursSpecification\",\"dayOfWeek\":[\"Monday\",\"Tuesday\",\"Wednesday\",\"Thursday\",\"Friday\",\"Saturday\",\"Sunday\"],\"opens\":\"09:00\",\"closes\":\"17:00\"}],\"email\":\"info@recambiosecogas.com\",\"faxNumber\":\"SEGIMON AUTOMOCION SL\",\"vatID\":\"ESB19819861\",\"globalLocationNumber\":\"938 616 339\"},{\"@type\":\"PostalAddress\",\"@id\":\"https:\\\/\\\/recambiosecogas.com\\\/it\\\/producto\\\/kit-de-reparacion-del-reductor-tartarini-rp-g05\\\/#local-main-place-address\",\"streetAddress\":\"cami antic de vic, 29 (Nave 3), Pol\u00edgono Industrial Congost\",\"addressLocality\":\"CORRO D`AVALL\",\"postalCode\":\"08520\",\"addressRegion\":\"Barcelona\",\"addressCountry\":\"ES\"},{\"@type\":\"ImageObject\",\"inLanguage\":\"it-IT\",\"@id\":\"https:\\\/\\\/recambiosecogas.com\\\/it\\\/producto\\\/kit-de-reparacion-del-reductor-tartarini-rp-g05\\\/#local-main-organization-logo\",\"url\":\"https:\\\/\\\/recambiosecogas.com\\\/wp-content\\\/uploads\\\/2024\\\/11\\\/cropped-RECAMBIOS-GLP-png.webp\",\"contentUrl\":\"https:\\\/\\\/recambiosecogas.com\\\/wp-content\\\/uploads\\\/2024\\\/11\\\/cropped-RECAMBIOS-GLP-png.webp\",\"width\":512,\"height\":512,\"caption\":\"Recambios EcoGas\"}]}<\/script>\n<meta property=\"product:price:amount\" content=\"23.66\" \/>\n<meta property=\"product:price:currency\" content=\"EUR\" \/>\n<meta property=\"og:availability\" content=\"backorder\" \/>\n<meta property=\"product:availability\" content=\"available for order\" \/>\n<meta property=\"product:retailer_item_id\" content=\"104202\" \/>\n<meta property=\"product:condition\" content=\"new\" \/>\n<meta name=\"geo.placename\" content=\"CORRO D`AVALL\" \/>\n<meta name=\"geo.region\" content=\"Spagna\" \/>\n<!-- \/ Yoast SEO Premium plugin. -->","yoast_head_json":{"title":"Kit riduttore di GPL Tartarini RP G05 | Pezzi di ricambio Ecogas","description":"Kit di riparazione per il cambio a GPL Tartarini RP G05, essenziale per la manutenzione dei sistemi Autogas e la stabilit\u00e0 della pressione.","robots":{"index":"index","follow":"follow","max-snippet":"max-snippet:-1","max-image-preview":"max-image-preview:large","max-video-preview":"max-video-preview:-1"},"canonical":"https:\/\/recambiosecogas.com\/it\/producto\/kit-de-reparacion-del-reductor-tartarini-rp-g05\/","og_locale":"it_IT","og_type":"article","og_title":"Kit di riparazione unit\u00e0 di ingranaggi Tartarini RP\/G05","og_description":"Kit di riparazione per il cambio a GPL Tartarini RP G05, essenziale per la manutenzione dei sistemi Autogas e la stabilit\u00e0 della pressione.","og_url":"https:\/\/recambiosecogas.com\/it\/producto\/kit-de-reparacion-del-reductor-tartarini-rp-g05\/","og_site_name":"Recambios EcoGas","article_publisher":"https:\/\/www.facebook.com\/profile.php?id=100062419705358","article_modified_time":"2026-04-08T10:03:27+00:00","og_image":[{"width":1000,"height":1000,"url":"https:\/\/recambiosecogas.com\/wp-content\/uploads\/2024\/10\/Kit-de-reparacion-del-reductor-Tartarini-RP-G05-png.webp","type":"image\/png"}],"twitter_card":"summary_large_image","twitter_misc":{"Prezzo":"23,66&nbsp;&euro; (Sin IVA: 19,55&nbsp;&euro;)","Disponibilit\u00e0":"Su ordinazione"},"schema":{"@context":"https:\/\/schema.org","@graph":[{"@type":"WebPage","@id":"https:\/\/recambiosecogas.com\/it\/producto\/kit-de-reparacion-del-reductor-tartarini-rp-g05\/","url":"https:\/\/recambiosecogas.com\/it\/producto\/kit-de-reparacion-del-reductor-tartarini-rp-g05\/","name":"Kit riduttore di GPL Tartarini RP G05 | Pezzi di ricambio Ecogas","isPartOf":{"@id":"https:\/\/recambiosecogas.com\/it\/#website"},"primaryImageOfPage":{"@id":"https:\/\/recambiosecogas.com\/it\/producto\/kit-de-reparacion-del-reductor-tartarini-rp-g05\/#primaryimage"},"image":{"@id":"https:\/\/recambiosecogas.com\/it\/producto\/kit-de-reparacion-del-reductor-tartarini-rp-g05\/#primaryimage"},"thumbnailUrl":"https:\/\/recambiosecogas.com\/wp-content\/uploads\/2024\/10\/Kit-de-reparacion-del-reductor-Tartarini-RP-G05-png.webp","datePublished":"2024-10-19T13:52:08+00:00","dateModified":"2026-04-08T10:03:27+00:00","description":"Kit di riparazione per il cambio a GPL Tartarini RP G05, essenziale per la manutenzione dei sistemi Autogas e la stabilit\u00e0 della pressione.","breadcrumb":{"@id":"https:\/\/recambiosecogas.com\/it\/producto\/kit-de-reparacion-del-reductor-tartarini-rp-g05\/#breadcrumb"},"inLanguage":"it-IT","potentialAction":[{"@type":"ReadAction","target":["https:\/\/recambiosecogas.com\/it\/producto\/kit-de-reparacion-del-reductor-tartarini-rp-g05\/"]}]},{"@type":"ImageObject","inLanguage":"it-IT","@id":"https:\/\/recambiosecogas.com\/it\/producto\/kit-de-reparacion-del-reductor-tartarini-rp-g05\/#primaryimage","url":"https:\/\/recambiosecogas.com\/wp-content\/uploads\/2024\/10\/Kit-de-reparacion-del-reductor-Tartarini-RP-G05-png.webp","contentUrl":"https:\/\/recambiosecogas.com\/wp-content\/uploads\/2024\/10\/Kit-de-reparacion-del-reductor-Tartarini-RP-G05-png.webp","width":1000,"height":1000},{"@type":"BreadcrumbList","@id":"https:\/\/recambiosecogas.com\/it\/producto\/kit-de-reparacion-del-reductor-tartarini-rp-g05\/#breadcrumb","itemListElement":[{"@type":"ListItem","position":1,"name":"Portada","item":"https:\/\/recambiosecogas.com\/it\/"},{"@type":"ListItem","position":2,"name":"Negozio","item":"https:\/\/recambiosecogas.com\/it\/?page_id=46382"},{"@type":"ListItem","position":3,"name":"Kit di riparazione unit\u00e0 di ingranaggi Tartarini RP\/G05"}]},{"@type":"WebSite","@id":"https:\/\/recambiosecogas.com\/it\/#website","url":"https:\/\/recambiosecogas.com\/it\/","name":"Recambios EcoGas","description":"Recambios Multimarca para sistemas de GLP\/GNC\/GNL\/Hidr\u00f3geno","publisher":{"@id":"https:\/\/recambiosecogas.com\/it\/#organization"},"alternateName":"Recambios Autogas GLP","potentialAction":[{"@type":"SearchAction","target":{"@type":"EntryPoint","urlTemplate":"https:\/\/recambiosecogas.com\/it\/?s={search_term_string}"},"query-input":{"@type":"PropertyValueSpecification","valueRequired":true,"valueName":"search_term_string"}}],"inLanguage":"it-IT"},{"@type":["Organization","Place"],"@id":"https:\/\/recambiosecogas.com\/it\/#organization","name":"Recambios EcoGas","alternateName":"Tienda Online GLP Espa\u00f1a","url":"https:\/\/recambiosecogas.com\/it\/","logo":{"@id":"https:\/\/recambiosecogas.com\/it\/producto\/kit-de-reparacion-del-reductor-tartarini-rp-g05\/#local-main-organization-logo"},"image":{"@id":"https:\/\/recambiosecogas.com\/it\/producto\/kit-de-reparacion-del-reductor-tartarini-rp-g05\/#local-main-organization-logo"},"sameAs":["https:\/\/www.facebook.com\/profile.php?id=100062419705358","https:\/\/www.instagram.com\/segimon_automocio"],"description":"Recambios EcoGas \u2013 Venta y distribuci\u00f3n de sistemas GLP y GNC en Espa\u00f1a y Portugal. Env\u00edos 24 h, soporte t\u00e9cnico a talleres y distribuidores.","hasMerchantReturnPolicy":{"@type":"MerchantReturnPolicy","merchantReturnLink":"https:\/\/recambiosecogas.com\/politicas-privacidad\/"},"address":{"@id":"https:\/\/recambiosecogas.com\/it\/producto\/kit-de-reparacion-del-reductor-tartarini-rp-g05\/#local-main-place-address"},"telephone":["616250633"],"contactPoint":{"@type":"ContactPoint","email":"export@recambiosecogas.com"},"openingHoursSpecification":[{"@type":"OpeningHoursSpecification","dayOfWeek":["Monday","Tuesday","Wednesday","Thursday","Friday","Saturday","Sunday"],"opens":"09:00","closes":"17:00"}],"email":"info@recambiosecogas.com","faxNumber":"SEGIMON AUTOMOCION SL","vatID":"ESB19819861","globalLocationNumber":"938 616 339"},{"@type":"PostalAddress","@id":"https:\/\/recambiosecogas.com\/it\/producto\/kit-de-reparacion-del-reductor-tartarini-rp-g05\/#local-main-place-address","streetAddress":"cami antic de vic, 29 (Nave 3), Pol\u00edgono Industrial Congost","addressLocality":"CORRO D`AVALL","postalCode":"08520","addressRegion":"Barcelona","addressCountry":"ES"},{"@type":"ImageObject","inLanguage":"it-IT","@id":"https:\/\/recambiosecogas.com\/it\/producto\/kit-de-reparacion-del-reductor-tartarini-rp-g05\/#local-main-organization-logo","url":"https:\/\/recambiosecogas.com\/wp-content\/uploads\/2024\/11\/cropped-RECAMBIOS-GLP-png.webp","contentUrl":"https:\/\/recambiosecogas.com\/wp-content\/uploads\/2024\/11\/cropped-RECAMBIOS-GLP-png.webp","width":512,"height":512,"caption":"Recambios EcoGas"}]},"product_price_amount":"23.66","product_price_currency":"EUR","og_availability":"backorder","product_availability":"available for order","product_retailer_item_id":"104202","product_condition":"new","geo.placename":"CORRO D`AVALL","geo.region":"Spagna"},"uagb_featured_image_src":{"full":["https:\/\/recambiosecogas.com\/wp-content\/uploads\/2024\/10\/Kit-de-reparacion-del-reductor-Tartarini-RP-G05-png.webp",1000,1000,false],"thumbnail":["https:\/\/recambiosecogas.com\/wp-content\/uploads\/2024\/10\/Kit-de-reparacion-del-reductor-Tartarini-RP-G05-png-150x150.webp",150,150,true],"medium":["https:\/\/recambiosecogas.com\/wp-content\/uploads\/2024\/10\/Kit-de-reparacion-del-reductor-Tartarini-RP-G05-300x300.webp",300,300,true],"medium_large":["https:\/\/recambiosecogas.com\/wp-content\/uploads\/2024\/10\/Kit-de-reparacion-del-reductor-Tartarini-RP-G05-png-768x768.webp",768,768,true],"large":["https:\/\/recambiosecogas.com\/wp-content\/uploads\/2024\/10\/Kit-de-reparacion-del-reductor-Tartarini-RP-G05-png.webp",1000,1000,false],"1536x1536":["https:\/\/recambiosecogas.com\/wp-content\/uploads\/2024\/10\/Kit-de-reparacion-del-reductor-Tartarini-RP-G05-png.webp",1000,1000,false],"2048x2048":["https:\/\/recambiosecogas.com\/wp-content\/uploads\/2024\/10\/Kit-de-reparacion-del-reductor-Tartarini-RP-G05-png.webp",1000,1000,false],"woocommerce_archive_thumbnail":["https:\/\/recambiosecogas.com\/wp-content\/uploads\/2024\/10\/Kit-de-reparacion-del-reductor-Tartarini-RP-G05-png.webp",1000,1000,false],"woocommerce_thumbnail":["https:\/\/recambiosecogas.com\/wp-content\/uploads\/2024\/10\/Kit-de-reparacion-del-reductor-Tartarini-RP-G05-png-300x300.webp",300,300,true],"woocommerce_single":["https:\/\/recambiosecogas.com\/wp-content\/uploads\/2024\/10\/Kit-de-reparacion-del-reductor-Tartarini-RP-G05-png.webp",1000,1000,false],"woocommerce_gallery_thumbnail":["https:\/\/recambiosecogas.com\/wp-content\/uploads\/2024\/10\/Kit-de-reparacion-del-reductor-Tartarini-RP-G05-png.webp",1000,1000,false],"dgwt-wcas-product-suggestion":["https:\/\/recambiosecogas.com\/wp-content\/uploads\/2024\/10\/Kit-de-reparacion-del-reductor-Tartarini-RP-G05-png-64x64.webp",64,64,true]},"uagb_author_info":{"display_name":"Fran - Soporte T\u00e9cnico","author_link":"https:\/\/recambiosecogas.com\/it\/author\/"},"uagb_comment_info":0,"uagb_excerpt":"Kit di riparazione per cambio Tartarini RP G05","_links":{"self":[{"href":"https:\/\/recambiosecogas.com\/it\/wp-json\/wp\/v2\/product\/47481","targetHints":{"allow":["GET"]}}],"collection":[{"href":"https:\/\/recambiosecogas.com\/it\/wp-json\/wp\/v2\/product"}],"about":[{"href":"https:\/\/recambiosecogas.com\/it\/wp-json\/wp\/v2\/types\/product"}],"replies":[{"embeddable":true,"href":"https:\/\/recambiosecogas.com\/it\/wp-json\/wp\/v2\/comments?post=47481"}],"wp:featuredmedia":[{"embeddable":true,"href":"https:\/\/recambiosecogas.com\/it\/wp-json\/wp\/v2\/media\/4964"}],"wp:attachment":[{"href":"https:\/\/recambiosecogas.com\/it\/wp-json\/wp\/v2\/media?parent=47481"}],"wp:term":[{"taxonomy":"product_brand","embeddable":true,"href":"https:\/\/recambiosecogas.com\/it\/wp-json\/wp\/v2\/product_brand?post=47481"},{"taxonomy":"product_cat","embeddable":true,"href":"https:\/\/recambiosecogas.com\/it\/wp-json\/wp\/v2\/product_cat?post=47481"},{"taxonomy":"product_tag","embeddable":true,"href":"https:\/\/recambiosecogas.com\/it\/wp-json\/wp\/v2\/product_tag?post=47481"}],"curies":[{"name":"wp","href":"https:\/\/api.w.org\/{rel}","templated":true}]}}