{"id":47475,"date":"2024-10-19T14:52:03","date_gmt":"2024-10-19T13:52:03","guid":{"rendered":"https:\/\/recambiosecogas.com\/producto\/omvl-kit-de-reparacion-del-reductor-cpr\/"},"modified":"2026-04-27T09:20:30","modified_gmt":"2026-04-27T08:20:30","slug":"omvl-kit-de-reparacion-del-reductor-cpr","status":"publish","type":"product","link":"https:\/\/recambiosecogas.com\/it\/producto\/omvl-kit-de-reparacion-del-reductor-cpr\/","title":{"rendered":"Kit di riparazione riduttore CPR OMVL"},"content":{"rendered":"<h1 data-start=\"154\" data-end=\"192\">Kit di riparazione riduttori OMVL CPR LPG<\/h1>\n<p data-start=\"194\" data-end=\"500\">Il <strong data-start=\"197\" data-end=\"237\">kit di riparazione riduttore OMVL CPR LPG<\/strong> \u00e8 progettato per la manutenzione e il ricondizionamento del modello OMVL CPR reducer. Questo insieme consente la sostituzione di componenti interni soggetti a usura, aiutando a recuperare la stabilit\u00e0 della pressione e il corretto funzionamento del sistema gassoso. <\/p>\n<p data-start=\"502\" data-end=\"619\">\u00c8 una soluzione adatta per la manutenzione preventiva o correttiva in installazioni dotate di cambi OMVL CPR.<\/p>\n<hr data-start=\"621\" data-end=\"624\">\n<h2 data-start=\"626\" data-end=\"664\">Manutenzione del cambio OMVL CPR<\/h2>\n<div class=\"TyagGW_tableContainer\">\n<div class=\"group TyagGW_tableWrapper flex flex-col-reverse w-fit\" tabindex=\"-1\">\n<table class=\"w-fit min-w-(--thread-content-width)\" data-start=\"666\" data-end=\"915\">\n<thead data-start=\"666\" data-end=\"701\">\n<tr data-start=\"666\" data-end=\"701\">\n<th class=\"\" data-start=\"666\" data-end=\"683\" data-col-size=\"sm\">Caratteristiche<\/th>\n<th class=\"\" data-start=\"683\" data-end=\"701\" data-col-size=\"sm\">Specifiche<\/th>\n<\/tr>\n<\/thead>\n<tbody data-start=\"738\" data-end=\"915\">\n<tr data-start=\"738\" data-end=\"770\">\n<td data-start=\"738\" data-end=\"749\" data-col-size=\"sm\">Prodotto<\/td>\n<td data-start=\"749\" data-end=\"770\" data-col-size=\"sm\">Kit di riparazione<\/td>\n<\/tr>\n<tr data-start=\"771\" data-end=\"787\">\n<td data-start=\"771\" data-end=\"779\" data-col-size=\"sm\">Marchio<\/td>\n<td data-start=\"779\" data-end=\"787\" data-col-size=\"sm\">OMVL<\/td>\n<\/tr>\n<tr data-start=\"788\" data-end=\"815\">\n<td data-start=\"788\" data-end=\"808\" data-col-size=\"sm\">Modello compatibile<\/td>\n<td data-start=\"808\" data-end=\"815\" data-col-size=\"sm\">CPR<\/td>\n<\/tr>\n<tr data-start=\"816\" data-end=\"841\">\n<td data-start=\"816\" data-end=\"829\" data-col-size=\"sm\">Applicazione<\/td>\n<td data-start=\"829\" data-end=\"841\" data-col-size=\"sm\">Riduttore<\/td>\n<\/tr>\n<tr data-start=\"842\" data-end=\"873\">\n<td data-start=\"842\" data-end=\"848\" data-col-size=\"sm\">Applicazione<\/td>\n<td data-start=\"848\" data-end=\"873\" data-col-size=\"sm\">Manutenzione tecnica<\/td>\n<\/tr>\n<tr data-start=\"874\" data-end=\"915\">\n<td data-start=\"874\" data-end=\"888\" data-col-size=\"sm\">Installazione<\/td>\n<td data-start=\"888\" data-end=\"915\" data-col-size=\"sm\">Professionisti consigliati<\/td>\n<\/tr>\n<\/tbody>\n<\/table>\n<\/div>\n<\/div>\n<hr data-start=\"917\" data-end=\"920\">\n<h2 data-start=\"922\" data-end=\"963\">Compatibilit\u00e0 con il kit di riparazione OMVL<\/h2>\n<p data-start=\"965\" data-end=\"1007\">Compatibile con i riduttori modello OMVL CPR.<\/p>\n<p data-start=\"1009\" data-end=\"1134\">Prima dell&#8217;installazione, verifica il modello esatto del cambio per assicurarti la compatibilit\u00e0 con la versione corrispondente.<\/p>\n<hr data-start=\"1136\" data-end=\"1139\">\n<h2 data-start=\"1141\" data-end=\"1187\">Vantaggi della manutenzione dei riduttori CPR<\/h2>\n<ul data-start=\"1189\" data-end=\"1401\">\n<li data-start=\"1189\" data-end=\"1235\">\n<p data-start=\"1191\" data-end=\"1235\">Sostituzione di membrane e guarnizioni interne<\/p>\n<\/li>\n<li data-start=\"1236\" data-end=\"1281\">\n<p data-start=\"1238\" data-end=\"1281\">Recupero della stabilit\u00e0 della pressione<\/p>\n<\/li>\n<li data-start=\"1282\" data-end=\"1326\">\n<p data-start=\"1284\" data-end=\"1326\">Progettato specificamente per il modello CPR<\/p>\n<\/li>\n<li data-start=\"1327\" data-end=\"1369\">\n<p data-start=\"1329\" data-end=\"1369\">Migliora la risposta del sistema gassoso<\/p>\n<\/li>\n<li data-start=\"1370\" data-end=\"1401\">\n<p data-start=\"1372\" data-end=\"1401\">Pezzo di ricambio tecnico specifico<\/p>\n<\/li>\n<\/ul>\n<hr data-start=\"1403\" data-end=\"1406\">\n<h2 data-start=\"1408\" data-end=\"1454\">Quando sostituire i componenti interni?<\/h2>\n<p data-start=\"1456\" data-end=\"1507\">Si consiglia di usare questo kit quando viene rilevati:<\/p>\n<ul data-start=\"1509\" data-end=\"1603\">\n<li data-start=\"1509\" data-end=\"1535\">\n<p data-start=\"1511\" data-end=\"1535\">Variazioni di pressione<\/p>\n<\/li>\n<li data-start=\"1536\" data-end=\"1557\">\n<p data-start=\"1538\" data-end=\"1557\">Minimo instabile<\/p>\n<\/li>\n<li data-start=\"1558\" data-end=\"1576\">\n<p data-start=\"1560\" data-end=\"1576\">Perdite interne<\/p>\n<\/li>\n<li data-start=\"1577\" data-end=\"1603\">\n<p data-start=\"1579\" data-end=\"1603\">Perdita di prestazioni<\/p>\n<\/li>\n<\/ul>\n<p data-start=\"1605\" data-end=\"1718\">La manutenzione regolare aiuta a prolungare la vita dell&#8217;unit\u00e0 di ingranaggi e a mantenere un funzionamento stabile.<\/p>\n<hr data-start=\"1720\" data-end=\"1723\">\n<h2 data-start=\"1725\" data-end=\"1731\">Domande frequenti<\/h2>\n<p data-start=\"1733\" data-end=\"1879\"><strong data-start=\"1733\" data-end=\"1793\">A cosa serve il kit riduttore OMVL CPR LPG riduttore?<\/strong><br data-start=\"1793\" data-end=\"1796\">Permette di ricondizionare il cambio sostituendo gli elementi di usura interni.<\/p>\n<p data-start=\"1881\" data-end=\"1972\"><strong data-start=\"1881\" data-end=\"1920\">\u00c8 valido per altri modelli OMVL?<\/strong><br data-start=\"1920\" data-end=\"1923\">No, \u00e8 specificamente pensato per il modello CPR.<\/p>\n<p data-start=\"1974\" data-end=\"2067\"><strong data-start=\"1974\" data-end=\"2012\">Richiede un&#8217;installazione professionale?<\/strong><br data-start=\"2012\" data-end=\"2015\">S\u00ec, \u00e8 consigliato l&#8217;assemblaggio da parte di un tecnico specializzato.<\/p>\n<p>Questo kit di riparazione \u00e8 essenziale per mantenere le prestazioni ottimali del cambio CPR OMVL, garantendo una conversione efficiente del gas nei sistemi Autogas. Sostituendo componenti usurati si evitano problemi come variazioni di pressione e perdite, migliorando la sicurezza e l&#8217;efficienza del sistema. Ideale per tecnici e officine alla ricerca di soluzioni efficaci per la manutenzione dei sistemi a GPL.  <\/p>\n","protected":false},"excerpt":{"rendered":"<p data-start=\"2463\" data-end=\"2504\">Kit di riparazione per il riduttore OMVL CPR.<\/p>\n","protected":false},"featured_media":5014,"comment_status":"open","ping_status":"closed","template":"","meta":{"_uag_custom_page_level_css":""},"product_brand":[],"product_cat":[2135,2368,2144,2136],"product_tag":[],"class_list":{"0":"post-47475","1":"product","2":"type-product","3":"status-publish","4":"has-post-thumbnail","6":"product_cat-juegos-de-reparacion-glp","7":"product_cat-omvl","8":"product_cat-productos-por-marca","9":"product_cat-reguladores-de-presion","11":"first","12":"instock","13":"taxable","14":"shipping-taxable","15":"purchasable","16":"product-type-simple"},"ct_brands":[],"yoast_head":"<!-- This site is optimized with the Yoast SEO Premium plugin v27.5 (Yoast SEO v27.6) - https:\/\/yoast.com\/product\/yoast-seo-premium-wordpress\/ -->\n<title>Kit di riparazione del riduttore CPR OMVL | Pezzi di ricambio Ecogas<\/title>\n<meta name=\"description\" content=\"Kit di riparazione per il riduttore OMVL CPR, essenziale per mantenere la stabilit\u00e0 della pressione e le prestazioni del sistema a gas.\" \/>\n<meta name=\"robots\" content=\"index, follow, max-snippet:-1, max-image-preview:large, max-video-preview:-1\" \/>\n<link rel=\"canonical\" href=\"https:\/\/recambiosecogas.com\/it\/producto\/omvl-kit-de-reparacion-del-reductor-cpr\/\" \/>\n<meta property=\"og:locale\" content=\"it_IT\" \/>\n<meta property=\"og:type\" content=\"article\" \/>\n<meta property=\"og:title\" content=\"Kit di riparazione riduttore CPR OMVL\" \/>\n<meta property=\"og:description\" content=\"Kit di riparazione per il riduttore OMVL CPR, essenziale per mantenere la stabilit\u00e0 della pressione e le prestazioni del sistema a gas.\" \/>\n<meta property=\"og:url\" content=\"https:\/\/recambiosecogas.com\/it\/producto\/omvl-kit-de-reparacion-del-reductor-cpr\/\" \/>\n<meta property=\"og:site_name\" content=\"Recambios EcoGas\" \/>\n<meta property=\"article:publisher\" content=\"https:\/\/www.facebook.com\/profile.php?id=100062419705358\" \/>\n<meta property=\"article:modified_time\" content=\"2026-04-27T08:20:30+00:00\" \/>\n<meta property=\"og:image\" content=\"https:\/\/recambiosecogas.com\/wp-content\/uploads\/2024\/10\/OMVL-kit-de-reparacion-del-reductor-CPR-1-png.webp\" \/>\n\t<meta property=\"og:image:width\" content=\"1000\" \/>\n\t<meta property=\"og:image:height\" content=\"1000\" \/>\n\t<meta property=\"og:image:type\" content=\"image\/png\" \/>\n<meta name=\"twitter:card\" content=\"summary_large_image\" \/>\n<meta name=\"twitter:label1\" content=\"Prezzo\" \/>\n\t<meta name=\"twitter:data1\" content=\"24,99&nbsp;&euro; (Sin IVA: 20,65&nbsp;&euro;)\" \/>\n\t<meta name=\"twitter:label2\" content=\"Disponibilit\u00e0\" \/>\n\t<meta name=\"twitter:data2\" content=\"In stock\" \/>\n<script type=\"application\/ld+json\" class=\"yoast-schema-graph\">{\"@context\":\"https:\\\/\\\/schema.org\",\"@graph\":[{\"@type\":\"WebPage\",\"@id\":\"https:\\\/\\\/recambiosecogas.com\\\/it\\\/producto\\\/omvl-kit-de-reparacion-del-reductor-cpr\\\/\",\"url\":\"https:\\\/\\\/recambiosecogas.com\\\/it\\\/producto\\\/omvl-kit-de-reparacion-del-reductor-cpr\\\/\",\"name\":\"Kit di riparazione del riduttore CPR OMVL | Pezzi di ricambio Ecogas\",\"isPartOf\":{\"@id\":\"https:\\\/\\\/recambiosecogas.com\\\/it\\\/#website\"},\"primaryImageOfPage\":{\"@id\":\"https:\\\/\\\/recambiosecogas.com\\\/it\\\/producto\\\/omvl-kit-de-reparacion-del-reductor-cpr\\\/#primaryimage\"},\"image\":{\"@id\":\"https:\\\/\\\/recambiosecogas.com\\\/it\\\/producto\\\/omvl-kit-de-reparacion-del-reductor-cpr\\\/#primaryimage\"},\"thumbnailUrl\":\"https:\\\/\\\/recambiosecogas.com\\\/wp-content\\\/uploads\\\/2024\\\/10\\\/OMVL-kit-de-reparacion-del-reductor-CPR-1-png.webp\",\"datePublished\":\"2024-10-19T13:52:03+00:00\",\"dateModified\":\"2026-04-27T08:20:30+00:00\",\"description\":\"Kit di riparazione per il riduttore OMVL CPR, essenziale per mantenere la stabilit\u00e0 della pressione e le prestazioni del sistema a gas.\",\"breadcrumb\":{\"@id\":\"https:\\\/\\\/recambiosecogas.com\\\/it\\\/producto\\\/omvl-kit-de-reparacion-del-reductor-cpr\\\/#breadcrumb\"},\"inLanguage\":\"it-IT\",\"potentialAction\":[{\"@type\":\"ReadAction\",\"target\":[\"https:\\\/\\\/recambiosecogas.com\\\/it\\\/producto\\\/omvl-kit-de-reparacion-del-reductor-cpr\\\/\"]}]},{\"@type\":\"ImageObject\",\"inLanguage\":\"it-IT\",\"@id\":\"https:\\\/\\\/recambiosecogas.com\\\/it\\\/producto\\\/omvl-kit-de-reparacion-del-reductor-cpr\\\/#primaryimage\",\"url\":\"https:\\\/\\\/recambiosecogas.com\\\/wp-content\\\/uploads\\\/2024\\\/10\\\/OMVL-kit-de-reparacion-del-reductor-CPR-1-png.webp\",\"contentUrl\":\"https:\\\/\\\/recambiosecogas.com\\\/wp-content\\\/uploads\\\/2024\\\/10\\\/OMVL-kit-de-reparacion-del-reductor-CPR-1-png.webp\",\"width\":1000,\"height\":1000},{\"@type\":\"BreadcrumbList\",\"@id\":\"https:\\\/\\\/recambiosecogas.com\\\/it\\\/producto\\\/omvl-kit-de-reparacion-del-reductor-cpr\\\/#breadcrumb\",\"itemListElement\":[{\"@type\":\"ListItem\",\"position\":1,\"name\":\"Portada\",\"item\":\"https:\\\/\\\/recambiosecogas.com\\\/it\\\/\"},{\"@type\":\"ListItem\",\"position\":2,\"name\":\"Negozio\",\"item\":\"https:\\\/\\\/recambiosecogas.com\\\/it\\\/?page_id=46382\"},{\"@type\":\"ListItem\",\"position\":3,\"name\":\"Kit di riparazione riduttore CPR OMVL\"}]},{\"@type\":\"WebSite\",\"@id\":\"https:\\\/\\\/recambiosecogas.com\\\/it\\\/#website\",\"url\":\"https:\\\/\\\/recambiosecogas.com\\\/it\\\/\",\"name\":\"Recambios EcoGas\",\"description\":\"Recambios Multimarca para sistemas de GLP\\\/GNC\\\/GNL\\\/Hidr\u00f3geno\",\"publisher\":{\"@id\":\"https:\\\/\\\/recambiosecogas.com\\\/it\\\/#organization\"},\"alternateName\":\"Recambios Autogas GLP\",\"potentialAction\":[{\"@type\":\"SearchAction\",\"target\":{\"@type\":\"EntryPoint\",\"urlTemplate\":\"https:\\\/\\\/recambiosecogas.com\\\/it\\\/?s={search_term_string}\"},\"query-input\":{\"@type\":\"PropertyValueSpecification\",\"valueRequired\":true,\"valueName\":\"search_term_string\"}}],\"inLanguage\":\"it-IT\"},{\"@type\":[\"Organization\",\"Place\"],\"@id\":\"https:\\\/\\\/recambiosecogas.com\\\/it\\\/#organization\",\"name\":\"Recambios EcoGas\",\"alternateName\":\"Tienda Online GLP Espa\u00f1a\",\"url\":\"https:\\\/\\\/recambiosecogas.com\\\/it\\\/\",\"logo\":{\"@id\":\"https:\\\/\\\/recambiosecogas.com\\\/it\\\/producto\\\/omvl-kit-de-reparacion-del-reductor-cpr\\\/#local-main-organization-logo\"},\"image\":{\"@id\":\"https:\\\/\\\/recambiosecogas.com\\\/it\\\/producto\\\/omvl-kit-de-reparacion-del-reductor-cpr\\\/#local-main-organization-logo\"},\"sameAs\":[\"https:\\\/\\\/www.facebook.com\\\/profile.php?id=100062419705358\",\"https:\\\/\\\/www.instagram.com\\\/segimon_automocio\"],\"description\":\"Recambios EcoGas \u2013 Venta y distribuci\u00f3n de sistemas GLP y GNC en Espa\u00f1a y Portugal. Env\u00edos 24 h, soporte t\u00e9cnico a talleres y distribuidores.\",\"hasMerchantReturnPolicy\":{\"@type\":\"MerchantReturnPolicy\",\"merchantReturnLink\":\"https:\\\/\\\/recambiosecogas.com\\\/politicas-privacidad\\\/\"},\"address\":{\"@id\":\"https:\\\/\\\/recambiosecogas.com\\\/it\\\/producto\\\/omvl-kit-de-reparacion-del-reductor-cpr\\\/#local-main-place-address\"},\"telephone\":[\"616250633\"],\"contactPoint\":{\"@type\":\"ContactPoint\",\"email\":\"export@recambiosecogas.com\"},\"openingHoursSpecification\":[{\"@type\":\"OpeningHoursSpecification\",\"dayOfWeek\":[\"Monday\",\"Tuesday\",\"Wednesday\",\"Thursday\",\"Friday\",\"Saturday\",\"Sunday\"],\"opens\":\"09:00\",\"closes\":\"17:00\"}],\"email\":\"info@recambiosecogas.com\",\"faxNumber\":\"SEGIMON AUTOMOCION SL\",\"vatID\":\"ESB19819861\",\"globalLocationNumber\":\"938 616 339\"},{\"@type\":\"PostalAddress\",\"@id\":\"https:\\\/\\\/recambiosecogas.com\\\/it\\\/producto\\\/omvl-kit-de-reparacion-del-reductor-cpr\\\/#local-main-place-address\",\"streetAddress\":\"cami antic de vic, 29 (Nave 3), Pol\u00edgono Industrial Congost\",\"addressLocality\":\"CORRO D`AVALL\",\"postalCode\":\"08520\",\"addressRegion\":\"Barcelona\",\"addressCountry\":\"ES\"},{\"@type\":\"ImageObject\",\"inLanguage\":\"it-IT\",\"@id\":\"https:\\\/\\\/recambiosecogas.com\\\/it\\\/producto\\\/omvl-kit-de-reparacion-del-reductor-cpr\\\/#local-main-organization-logo\",\"url\":\"https:\\\/\\\/recambiosecogas.com\\\/wp-content\\\/uploads\\\/2024\\\/11\\\/cropped-RECAMBIOS-GLP-png.webp\",\"contentUrl\":\"https:\\\/\\\/recambiosecogas.com\\\/wp-content\\\/uploads\\\/2024\\\/11\\\/cropped-RECAMBIOS-GLP-png.webp\",\"width\":512,\"height\":512,\"caption\":\"Recambios EcoGas\"}]}<\/script>\n<meta property=\"product:price:amount\" content=\"24.99\" \/>\n<meta property=\"product:price:currency\" content=\"EUR\" \/>\n<meta property=\"og:availability\" content=\"instock\" \/>\n<meta property=\"product:availability\" content=\"instock\" \/>\n<meta property=\"product:retailer_item_id\" content=\"106371P\" \/>\n<meta property=\"product:condition\" content=\"new\" \/>\n<meta name=\"geo.placename\" content=\"CORRO D`AVALL\" \/>\n<meta name=\"geo.region\" content=\"Spagna\" \/>\n<!-- \/ Yoast SEO Premium plugin. -->","yoast_head_json":{"title":"Kit di riparazione del riduttore CPR OMVL | Pezzi di ricambio Ecogas","description":"Kit di riparazione per il riduttore OMVL CPR, essenziale per mantenere la stabilit\u00e0 della pressione e le prestazioni del sistema a gas.","robots":{"index":"index","follow":"follow","max-snippet":"max-snippet:-1","max-image-preview":"max-image-preview:large","max-video-preview":"max-video-preview:-1"},"canonical":"https:\/\/recambiosecogas.com\/it\/producto\/omvl-kit-de-reparacion-del-reductor-cpr\/","og_locale":"it_IT","og_type":"article","og_title":"Kit di riparazione riduttore CPR OMVL","og_description":"Kit di riparazione per il riduttore OMVL CPR, essenziale per mantenere la stabilit\u00e0 della pressione e le prestazioni del sistema a gas.","og_url":"https:\/\/recambiosecogas.com\/it\/producto\/omvl-kit-de-reparacion-del-reductor-cpr\/","og_site_name":"Recambios EcoGas","article_publisher":"https:\/\/www.facebook.com\/profile.php?id=100062419705358","article_modified_time":"2026-04-27T08:20:30+00:00","og_image":[{"width":1000,"height":1000,"url":"https:\/\/recambiosecogas.com\/wp-content\/uploads\/2024\/10\/OMVL-kit-de-reparacion-del-reductor-CPR-1-png.webp","type":"image\/png"}],"twitter_card":"summary_large_image","twitter_misc":{"Prezzo":"24,99&nbsp;&euro; (Sin IVA: 20,65&nbsp;&euro;)","Disponibilit\u00e0":"In stock"},"schema":{"@context":"https:\/\/schema.org","@graph":[{"@type":"WebPage","@id":"https:\/\/recambiosecogas.com\/it\/producto\/omvl-kit-de-reparacion-del-reductor-cpr\/","url":"https:\/\/recambiosecogas.com\/it\/producto\/omvl-kit-de-reparacion-del-reductor-cpr\/","name":"Kit di riparazione del riduttore CPR OMVL | Pezzi di ricambio Ecogas","isPartOf":{"@id":"https:\/\/recambiosecogas.com\/it\/#website"},"primaryImageOfPage":{"@id":"https:\/\/recambiosecogas.com\/it\/producto\/omvl-kit-de-reparacion-del-reductor-cpr\/#primaryimage"},"image":{"@id":"https:\/\/recambiosecogas.com\/it\/producto\/omvl-kit-de-reparacion-del-reductor-cpr\/#primaryimage"},"thumbnailUrl":"https:\/\/recambiosecogas.com\/wp-content\/uploads\/2024\/10\/OMVL-kit-de-reparacion-del-reductor-CPR-1-png.webp","datePublished":"2024-10-19T13:52:03+00:00","dateModified":"2026-04-27T08:20:30+00:00","description":"Kit di riparazione per il riduttore OMVL CPR, essenziale per mantenere la stabilit\u00e0 della pressione e le prestazioni del sistema a gas.","breadcrumb":{"@id":"https:\/\/recambiosecogas.com\/it\/producto\/omvl-kit-de-reparacion-del-reductor-cpr\/#breadcrumb"},"inLanguage":"it-IT","potentialAction":[{"@type":"ReadAction","target":["https:\/\/recambiosecogas.com\/it\/producto\/omvl-kit-de-reparacion-del-reductor-cpr\/"]}]},{"@type":"ImageObject","inLanguage":"it-IT","@id":"https:\/\/recambiosecogas.com\/it\/producto\/omvl-kit-de-reparacion-del-reductor-cpr\/#primaryimage","url":"https:\/\/recambiosecogas.com\/wp-content\/uploads\/2024\/10\/OMVL-kit-de-reparacion-del-reductor-CPR-1-png.webp","contentUrl":"https:\/\/recambiosecogas.com\/wp-content\/uploads\/2024\/10\/OMVL-kit-de-reparacion-del-reductor-CPR-1-png.webp","width":1000,"height":1000},{"@type":"BreadcrumbList","@id":"https:\/\/recambiosecogas.com\/it\/producto\/omvl-kit-de-reparacion-del-reductor-cpr\/#breadcrumb","itemListElement":[{"@type":"ListItem","position":1,"name":"Portada","item":"https:\/\/recambiosecogas.com\/it\/"},{"@type":"ListItem","position":2,"name":"Negozio","item":"https:\/\/recambiosecogas.com\/it\/?page_id=46382"},{"@type":"ListItem","position":3,"name":"Kit di riparazione riduttore CPR OMVL"}]},{"@type":"WebSite","@id":"https:\/\/recambiosecogas.com\/it\/#website","url":"https:\/\/recambiosecogas.com\/it\/","name":"Recambios EcoGas","description":"Recambios Multimarca para sistemas de GLP\/GNC\/GNL\/Hidr\u00f3geno","publisher":{"@id":"https:\/\/recambiosecogas.com\/it\/#organization"},"alternateName":"Recambios Autogas GLP","potentialAction":[{"@type":"SearchAction","target":{"@type":"EntryPoint","urlTemplate":"https:\/\/recambiosecogas.com\/it\/?s={search_term_string}"},"query-input":{"@type":"PropertyValueSpecification","valueRequired":true,"valueName":"search_term_string"}}],"inLanguage":"it-IT"},{"@type":["Organization","Place"],"@id":"https:\/\/recambiosecogas.com\/it\/#organization","name":"Recambios EcoGas","alternateName":"Tienda Online GLP Espa\u00f1a","url":"https:\/\/recambiosecogas.com\/it\/","logo":{"@id":"https:\/\/recambiosecogas.com\/it\/producto\/omvl-kit-de-reparacion-del-reductor-cpr\/#local-main-organization-logo"},"image":{"@id":"https:\/\/recambiosecogas.com\/it\/producto\/omvl-kit-de-reparacion-del-reductor-cpr\/#local-main-organization-logo"},"sameAs":["https:\/\/www.facebook.com\/profile.php?id=100062419705358","https:\/\/www.instagram.com\/segimon_automocio"],"description":"Recambios EcoGas \u2013 Venta y distribuci\u00f3n de sistemas GLP y GNC en Espa\u00f1a y Portugal. Env\u00edos 24 h, soporte t\u00e9cnico a talleres y distribuidores.","hasMerchantReturnPolicy":{"@type":"MerchantReturnPolicy","merchantReturnLink":"https:\/\/recambiosecogas.com\/politicas-privacidad\/"},"address":{"@id":"https:\/\/recambiosecogas.com\/it\/producto\/omvl-kit-de-reparacion-del-reductor-cpr\/#local-main-place-address"},"telephone":["616250633"],"contactPoint":{"@type":"ContactPoint","email":"export@recambiosecogas.com"},"openingHoursSpecification":[{"@type":"OpeningHoursSpecification","dayOfWeek":["Monday","Tuesday","Wednesday","Thursday","Friday","Saturday","Sunday"],"opens":"09:00","closes":"17:00"}],"email":"info@recambiosecogas.com","faxNumber":"SEGIMON AUTOMOCION SL","vatID":"ESB19819861","globalLocationNumber":"938 616 339"},{"@type":"PostalAddress","@id":"https:\/\/recambiosecogas.com\/it\/producto\/omvl-kit-de-reparacion-del-reductor-cpr\/#local-main-place-address","streetAddress":"cami antic de vic, 29 (Nave 3), Pol\u00edgono Industrial Congost","addressLocality":"CORRO D`AVALL","postalCode":"08520","addressRegion":"Barcelona","addressCountry":"ES"},{"@type":"ImageObject","inLanguage":"it-IT","@id":"https:\/\/recambiosecogas.com\/it\/producto\/omvl-kit-de-reparacion-del-reductor-cpr\/#local-main-organization-logo","url":"https:\/\/recambiosecogas.com\/wp-content\/uploads\/2024\/11\/cropped-RECAMBIOS-GLP-png.webp","contentUrl":"https:\/\/recambiosecogas.com\/wp-content\/uploads\/2024\/11\/cropped-RECAMBIOS-GLP-png.webp","width":512,"height":512,"caption":"Recambios EcoGas"}]},"product_price_amount":"24.99","product_price_currency":"EUR","og_availability":"instock","product_availability":"instock","product_retailer_item_id":"106371P","product_condition":"new","geo.placename":"CORRO D`AVALL","geo.region":"Spagna"},"uagb_featured_image_src":{"full":["https:\/\/recambiosecogas.com\/wp-content\/uploads\/2024\/10\/OMVL-kit-de-reparacion-del-reductor-CPR-1-png.webp",1000,1000,false],"thumbnail":["https:\/\/recambiosecogas.com\/wp-content\/uploads\/2024\/10\/OMVL-kit-de-reparacion-del-reductor-CPR-1-png-150x150.webp",150,150,true],"medium":["https:\/\/recambiosecogas.com\/wp-content\/uploads\/2024\/10\/OMVL-kit-de-reparacion-del-reductor-CPR-1-300x300.webp",300,300,true],"medium_large":["https:\/\/recambiosecogas.com\/wp-content\/uploads\/2024\/10\/OMVL-kit-de-reparacion-del-reductor-CPR-1-png-768x768.webp",768,768,true],"large":["https:\/\/recambiosecogas.com\/wp-content\/uploads\/2024\/10\/OMVL-kit-de-reparacion-del-reductor-CPR-1-png.webp",1000,1000,false],"1536x1536":["https:\/\/recambiosecogas.com\/wp-content\/uploads\/2024\/10\/OMVL-kit-de-reparacion-del-reductor-CPR-1-png.webp",1000,1000,false],"2048x2048":["https:\/\/recambiosecogas.com\/wp-content\/uploads\/2024\/10\/OMVL-kit-de-reparacion-del-reductor-CPR-1-png.webp",1000,1000,false],"woocommerce_archive_thumbnail":["https:\/\/recambiosecogas.com\/wp-content\/uploads\/2024\/10\/OMVL-kit-de-reparacion-del-reductor-CPR-1-png.webp",1000,1000,false],"woocommerce_thumbnail":["https:\/\/recambiosecogas.com\/wp-content\/uploads\/2024\/10\/OMVL-kit-de-reparacion-del-reductor-CPR-1-png-300x300.webp",300,300,true],"woocommerce_single":["https:\/\/recambiosecogas.com\/wp-content\/uploads\/2024\/10\/OMVL-kit-de-reparacion-del-reductor-CPR-1-png.webp",1000,1000,false],"woocommerce_gallery_thumbnail":["https:\/\/recambiosecogas.com\/wp-content\/uploads\/2024\/10\/OMVL-kit-de-reparacion-del-reductor-CPR-1-png.webp",1000,1000,false],"dgwt-wcas-product-suggestion":["https:\/\/recambiosecogas.com\/wp-content\/uploads\/2024\/10\/OMVL-kit-de-reparacion-del-reductor-CPR-1-png-64x64.webp",64,64,true]},"uagb_author_info":{"display_name":"Fran - Soporte T\u00e9cnico","author_link":"https:\/\/recambiosecogas.com\/it\/author\/"},"uagb_comment_info":0,"uagb_excerpt":"Kit di riparazione per il riduttore OMVL CPR.","_links":{"self":[{"href":"https:\/\/recambiosecogas.com\/it\/wp-json\/wp\/v2\/product\/47475","targetHints":{"allow":["GET"]}}],"collection":[{"href":"https:\/\/recambiosecogas.com\/it\/wp-json\/wp\/v2\/product"}],"about":[{"href":"https:\/\/recambiosecogas.com\/it\/wp-json\/wp\/v2\/types\/product"}],"replies":[{"embeddable":true,"href":"https:\/\/recambiosecogas.com\/it\/wp-json\/wp\/v2\/comments?post=47475"}],"wp:featuredmedia":[{"embeddable":true,"href":"https:\/\/recambiosecogas.com\/it\/wp-json\/wp\/v2\/media\/5014"}],"wp:attachment":[{"href":"https:\/\/recambiosecogas.com\/it\/wp-json\/wp\/v2\/media?parent=47475"}],"wp:term":[{"taxonomy":"product_brand","embeddable":true,"href":"https:\/\/recambiosecogas.com\/it\/wp-json\/wp\/v2\/product_brand?post=47475"},{"taxonomy":"product_cat","embeddable":true,"href":"https:\/\/recambiosecogas.com\/it\/wp-json\/wp\/v2\/product_cat?post=47475"},{"taxonomy":"product_tag","embeddable":true,"href":"https:\/\/recambiosecogas.com\/it\/wp-json\/wp\/v2\/product_tag?post=47475"}],"curies":[{"name":"wp","href":"https:\/\/api.w.org\/{rel}","templated":true}]}}