{"id":47472,"date":"2024-10-19T14:52:03","date_gmt":"2024-10-19T13:52:03","guid":{"rendered":"https:\/\/recambiosecogas.com\/producto\/kit-de-reparacion-del-reductor-omvl-reg-76-2\/"},"modified":"2026-04-08T11:03:23","modified_gmt":"2026-04-08T10:03:23","slug":"kit-de-reparacion-del-reductor-omvl-reg-76-2","status":"publish","type":"product","link":"https:\/\/recambiosecogas.com\/it\/producto\/kit-de-reparacion-del-reductor-omvl-reg-76-2\/","title":{"rendered":"Kit di riparazione riduttore OMVL REG 76\/2"},"content":{"rendered":"<h1 data-start=\"159\" data-end=\"202\">Kit di riparazione riduttore di GPL OMVL REG 76\/2<\/h1>\n<p data-start=\"204\" data-end=\"520\">Il <strong data-start=\"207\" data-end=\"252\">kit di riparazione del cambio a GPL OMVL REG 76\/2<\/strong> \u00e8 progettato per la manutenzione e la ricondizionamento del cambio OMVL REG 76\/2. Questo insieme consente la sostituzione di componenti interni soggetti a usura, aiutando a recuperare la stabilit\u00e0 della pressione e il corretto funzionamento del sistema gassoso. <\/p>\n<p data-start=\"522\" data-end=\"644\">\u00c8 una soluzione adatta per la manutenzione preventiva o correttiva in installazioni dotate di cambi OMVL REG 76\/2.<\/p>\n<hr data-start=\"646\" data-end=\"649\">\n<h2 data-start=\"651\" data-end=\"694\">Manutenzione del cambio OMVL REG 76\/2<\/h2>\n<div class=\"TyagGW_tableContainer\">\n<div class=\"group TyagGW_tableWrapper flex flex-col-reverse w-fit\" tabindex=\"-1\">\n<table class=\"w-fit min-w-(--thread-content-width)\" data-start=\"696\" data-end=\"950\">\n<thead data-start=\"696\" data-end=\"731\">\n<tr data-start=\"696\" data-end=\"731\">\n<th class=\"\" data-start=\"696\" data-end=\"713\" data-col-size=\"sm\">Caratteristiche<\/th>\n<th class=\"\" data-start=\"713\" data-end=\"731\" data-col-size=\"sm\">Specifiche<\/th>\n<\/tr>\n<\/thead>\n<tbody data-start=\"768\" data-end=\"950\">\n<tr data-start=\"768\" data-end=\"800\">\n<td data-start=\"768\" data-end=\"779\" data-col-size=\"sm\">Prodotto<\/td>\n<td data-start=\"779\" data-end=\"800\" data-col-size=\"sm\">Kit di riparazione<\/td>\n<\/tr>\n<tr data-start=\"801\" data-end=\"817\">\n<td data-start=\"801\" data-end=\"809\" data-col-size=\"sm\">Marchio<\/td>\n<td data-start=\"809\" data-end=\"817\" data-col-size=\"sm\">OMVL<\/td>\n<\/tr>\n<tr data-start=\"818\" data-end=\"850\">\n<td data-start=\"818\" data-end=\"838\" data-col-size=\"sm\">Modello compatibile<\/td>\n<td data-start=\"838\" data-end=\"850\" data-col-size=\"sm\">REG 76\/2<\/td>\n<\/tr>\n<tr data-start=\"851\" data-end=\"876\">\n<td data-start=\"851\" data-end=\"864\" data-col-size=\"sm\">Applicazione<\/td>\n<td data-start=\"864\" data-end=\"876\" data-col-size=\"sm\">Riduttore<\/td>\n<\/tr>\n<tr data-start=\"877\" data-end=\"908\">\n<td data-start=\"877\" data-end=\"883\" data-col-size=\"sm\">Applicazione<\/td>\n<td data-start=\"883\" data-end=\"908\" data-col-size=\"sm\">Manutenzione tecnica<\/td>\n<\/tr>\n<tr data-start=\"909\" data-end=\"950\">\n<td data-start=\"909\" data-end=\"923\" data-col-size=\"sm\">Installazione<\/td>\n<td data-start=\"923\" data-end=\"950\" data-col-size=\"sm\">Professionisti consigliati<\/td>\n<\/tr>\n<\/tbody>\n<\/table>\n<\/div>\n<\/div>\n<hr data-start=\"952\" data-end=\"955\">\n<h2 data-start=\"957\" data-end=\"998\">Compatibilit\u00e0 con il kit di riparazione OMVL<\/h2>\n<p data-start=\"1000\" data-end=\"1047\">Compatibile con i riduttori OMVL modello REG 76\/2.<\/p>\n<p data-start=\"1049\" data-end=\"1174\">Prima dell&#8217;installazione, verifica il modello esatto del cambio per assicurarti la compatibilit\u00e0 con la versione corrispondente.<\/p>\n<hr data-start=\"1176\" data-end=\"1179\">\n<h2 data-start=\"1181\" data-end=\"1232\">Vantaggi della manutenzione del cambio REG 76\/2<\/h2>\n<ul data-start=\"1234\" data-end=\"1451\">\n<li data-start=\"1234\" data-end=\"1280\">\n<p data-start=\"1236\" data-end=\"1280\">Sostituzione di membrane e guarnizioni interne<\/p>\n<\/li>\n<li data-start=\"1281\" data-end=\"1326\">\n<p data-start=\"1283\" data-end=\"1326\">Recupero della stabilit\u00e0 della pressione<\/p>\n<\/li>\n<li data-start=\"1327\" data-end=\"1376\">\n<p data-start=\"1329\" data-end=\"1376\">Progettato specificamente per il modello REG 76\/2<\/p>\n<\/li>\n<li data-start=\"1377\" data-end=\"1419\">\n<p data-start=\"1379\" data-end=\"1419\">Migliora la risposta del sistema gassoso<\/p>\n<\/li>\n<li data-start=\"1420\" data-end=\"1451\">\n<p data-start=\"1422\" data-end=\"1451\">Pezzo di ricambio tecnico specifico<\/p>\n<\/li>\n<\/ul>\n<hr data-start=\"1453\" data-end=\"1456\">\n<h2 data-start=\"1458\" data-end=\"1504\">Quando sostituire i componenti interni?<\/h2>\n<p data-start=\"1506\" data-end=\"1557\">Si consiglia di usare questo kit quando viene rilevati:<\/p>\n<ul data-start=\"1559\" data-end=\"1653\">\n<li data-start=\"1559\" data-end=\"1585\">\n<p data-start=\"1561\" data-end=\"1585\">Variazioni di pressione<\/p>\n<\/li>\n<li data-start=\"1586\" data-end=\"1607\">\n<p data-start=\"1588\" data-end=\"1607\">Minimo instabile<\/p>\n<\/li>\n<li data-start=\"1608\" data-end=\"1626\">\n<p data-start=\"1610\" data-end=\"1626\">Perdite interne<\/p>\n<\/li>\n<li data-start=\"1627\" data-end=\"1653\">\n<p data-start=\"1629\" data-end=\"1653\">Perdita di prestazioni<\/p>\n<\/li>\n<\/ul>\n<p data-start=\"1655\" data-end=\"1768\">La manutenzione regolare aiuta a prolungare la vita dell&#8217;unit\u00e0 di ingranaggi e a mantenere un funzionamento stabile.<\/p>\n<hr data-start=\"1770\" data-end=\"1773\">\n<h2 data-start=\"1775\" data-end=\"1781\">Domande frequenti<\/h2>\n<p data-start=\"1783\" data-end=\"1934\"><strong data-start=\"1783\" data-end=\"1848\">A cosa serve il kit di riparazione riduttore di GPL OMVL REG 76\/2?<\/strong><br data-start=\"1848\" data-end=\"1851\">Permette di ricondizionare il cambio sostituendo gli elementi di usura interni.<\/p>\n<p data-start=\"1936\" data-end=\"2032\"><strong data-start=\"1936\" data-end=\"1975\">\u00c8 valido per altri modelli OMVL?<\/strong><br data-start=\"1975\" data-end=\"1978\">No, \u00e8 specificamente pensato per il modello REG 76\/2.<\/p>\n<p data-start=\"2034\" data-end=\"2127\"><strong data-start=\"2034\" data-end=\"2072\">Richiede un&#8217;installazione professionale?<\/strong><br data-start=\"2072\" data-end=\"2075\">S\u00ec, \u00e8 consigliato l&#8217;assemblaggio da parte di un tecnico specializzato.<\/p>\n<p>Questo kit di riparazione \u00e8 fondamentale per mantenere l&#8217;efficienza del sistema a gas Autogas, garantendo prestazioni ottimali e una conversione fluida del gas. Utilizzando il kit, i tecnici possono affrontare problemi comuni come perdite o instabilit\u00e0 di pressione, con conseguente maggiore sicurezza ed efficienza nel funzionamento del veicolo. Ideale per chi cerca una manutenzione efficace e per prolungare la vita utile del cambio OMVL REG 76\/2.  <\/p>\n","protected":false},"excerpt":{"rendered":"<p data-start=\"2553\" data-end=\"2599\">Kit di riparazione per il riduttore OMVL REG 76\/2.<\/p>\n","protected":false},"featured_media":5017,"comment_status":"open","ping_status":"closed","template":"","meta":{"_uag_custom_page_level_css":""},"product_brand":[],"product_cat":[2135,2368,2144,2136],"product_tag":[],"class_list":{"0":"post-47472","1":"product","2":"type-product","3":"status-publish","4":"has-post-thumbnail","6":"product_cat-juegos-de-reparacion-glp","7":"product_cat-omvl","8":"product_cat-productos-por-marca","9":"product_cat-reguladores-de-presion","11":"first","12":"onbackorder","13":"taxable","14":"shipping-taxable","15":"purchasable","16":"product-type-simple"},"ct_brands":[],"yoast_head":"<!-- This site is optimized with the Yoast SEO Premium plugin v27.5 (Yoast SEO v27.6) - https:\/\/yoast.com\/product\/yoast-seo-premium-wordpress\/ -->\n<title>Kit di riparazione riduttore OMVL REG 76\/2 | Pezzi di ricambio Ecogas<\/title>\n<meta name=\"description\" content=\"Kit di riparazione per il riduttore OMVL REG 76\/2, essenziale per la manutenzione e il recupero della pressione nei sistemi a gas GPL.\" \/>\n<meta name=\"robots\" content=\"index, follow, max-snippet:-1, max-image-preview:large, max-video-preview:-1\" \/>\n<link rel=\"canonical\" href=\"https:\/\/recambiosecogas.com\/it\/producto\/kit-de-reparacion-del-reductor-omvl-reg-76-2\/\" \/>\n<meta property=\"og:locale\" content=\"it_IT\" \/>\n<meta property=\"og:type\" content=\"article\" \/>\n<meta property=\"og:title\" content=\"Kit di riparazione riduttore OMVL REG 76\/2\" \/>\n<meta property=\"og:description\" content=\"Kit di riparazione per il riduttore OMVL REG 76\/2, essenziale per la manutenzione e il recupero della pressione nei sistemi a gas GPL.\" \/>\n<meta property=\"og:url\" content=\"https:\/\/recambiosecogas.com\/it\/producto\/kit-de-reparacion-del-reductor-omvl-reg-76-2\/\" \/>\n<meta property=\"og:site_name\" content=\"Recambios EcoGas\" \/>\n<meta property=\"article:publisher\" content=\"https:\/\/www.facebook.com\/profile.php?id=100062419705358\" \/>\n<meta property=\"article:modified_time\" content=\"2026-04-08T10:03:23+00:00\" \/>\n<meta property=\"og:image\" content=\"https:\/\/recambiosecogas.com\/wp-content\/uploads\/2024\/10\/Kit-de-reparacion-del-reductor-OMVL-REG-76-2-png.webp\" \/>\n\t<meta property=\"og:image:width\" content=\"1000\" \/>\n\t<meta property=\"og:image:height\" content=\"1000\" \/>\n\t<meta property=\"og:image:type\" content=\"image\/png\" \/>\n<meta name=\"twitter:card\" content=\"summary_large_image\" \/>\n<meta name=\"twitter:label1\" content=\"Prezzo\" \/>\n\t<meta name=\"twitter:data1\" content=\"39,99&nbsp;&euro; (Sin IVA: 33,05&nbsp;&euro;)\" \/>\n\t<meta name=\"twitter:label2\" content=\"Disponibilit\u00e0\" \/>\n\t<meta name=\"twitter:data2\" content=\"Su ordinazione\" \/>\n<script type=\"application\/ld+json\" class=\"yoast-schema-graph\">{\"@context\":\"https:\\\/\\\/schema.org\",\"@graph\":[{\"@type\":\"WebPage\",\"@id\":\"https:\\\/\\\/recambiosecogas.com\\\/it\\\/producto\\\/kit-de-reparacion-del-reductor-omvl-reg-76-2\\\/\",\"url\":\"https:\\\/\\\/recambiosecogas.com\\\/it\\\/producto\\\/kit-de-reparacion-del-reductor-omvl-reg-76-2\\\/\",\"name\":\"Kit di riparazione riduttore OMVL REG 76\\\/2 | Pezzi di ricambio Ecogas\",\"isPartOf\":{\"@id\":\"https:\\\/\\\/recambiosecogas.com\\\/it\\\/#website\"},\"primaryImageOfPage\":{\"@id\":\"https:\\\/\\\/recambiosecogas.com\\\/it\\\/producto\\\/kit-de-reparacion-del-reductor-omvl-reg-76-2\\\/#primaryimage\"},\"image\":{\"@id\":\"https:\\\/\\\/recambiosecogas.com\\\/it\\\/producto\\\/kit-de-reparacion-del-reductor-omvl-reg-76-2\\\/#primaryimage\"},\"thumbnailUrl\":\"https:\\\/\\\/recambiosecogas.com\\\/wp-content\\\/uploads\\\/2024\\\/10\\\/Kit-de-reparacion-del-reductor-OMVL-REG-76-2-png.webp\",\"datePublished\":\"2024-10-19T13:52:03+00:00\",\"dateModified\":\"2026-04-08T10:03:23+00:00\",\"description\":\"Kit di riparazione per il riduttore OMVL REG 76\\\/2, essenziale per la manutenzione e il recupero della pressione nei sistemi a gas GPL.\",\"breadcrumb\":{\"@id\":\"https:\\\/\\\/recambiosecogas.com\\\/it\\\/producto\\\/kit-de-reparacion-del-reductor-omvl-reg-76-2\\\/#breadcrumb\"},\"inLanguage\":\"it-IT\",\"potentialAction\":[{\"@type\":\"ReadAction\",\"target\":[\"https:\\\/\\\/recambiosecogas.com\\\/it\\\/producto\\\/kit-de-reparacion-del-reductor-omvl-reg-76-2\\\/\"]}]},{\"@type\":\"ImageObject\",\"inLanguage\":\"it-IT\",\"@id\":\"https:\\\/\\\/recambiosecogas.com\\\/it\\\/producto\\\/kit-de-reparacion-del-reductor-omvl-reg-76-2\\\/#primaryimage\",\"url\":\"https:\\\/\\\/recambiosecogas.com\\\/wp-content\\\/uploads\\\/2024\\\/10\\\/Kit-de-reparacion-del-reductor-OMVL-REG-76-2-png.webp\",\"contentUrl\":\"https:\\\/\\\/recambiosecogas.com\\\/wp-content\\\/uploads\\\/2024\\\/10\\\/Kit-de-reparacion-del-reductor-OMVL-REG-76-2-png.webp\",\"width\":1000,\"height\":1000},{\"@type\":\"BreadcrumbList\",\"@id\":\"https:\\\/\\\/recambiosecogas.com\\\/it\\\/producto\\\/kit-de-reparacion-del-reductor-omvl-reg-76-2\\\/#breadcrumb\",\"itemListElement\":[{\"@type\":\"ListItem\",\"position\":1,\"name\":\"Portada\",\"item\":\"https:\\\/\\\/recambiosecogas.com\\\/it\\\/\"},{\"@type\":\"ListItem\",\"position\":2,\"name\":\"Negozio\",\"item\":\"https:\\\/\\\/recambiosecogas.com\\\/it\\\/?page_id=46382\"},{\"@type\":\"ListItem\",\"position\":3,\"name\":\"Kit di riparazione riduttore OMVL REG 76\\\/2\"}]},{\"@type\":\"WebSite\",\"@id\":\"https:\\\/\\\/recambiosecogas.com\\\/it\\\/#website\",\"url\":\"https:\\\/\\\/recambiosecogas.com\\\/it\\\/\",\"name\":\"Recambios EcoGas\",\"description\":\"Recambios Multimarca para sistemas de GLP\\\/GNC\\\/GNL\\\/Hidr\u00f3geno\",\"publisher\":{\"@id\":\"https:\\\/\\\/recambiosecogas.com\\\/it\\\/#organization\"},\"alternateName\":\"Recambios Autogas GLP\",\"potentialAction\":[{\"@type\":\"SearchAction\",\"target\":{\"@type\":\"EntryPoint\",\"urlTemplate\":\"https:\\\/\\\/recambiosecogas.com\\\/it\\\/?s={search_term_string}\"},\"query-input\":{\"@type\":\"PropertyValueSpecification\",\"valueRequired\":true,\"valueName\":\"search_term_string\"}}],\"inLanguage\":\"it-IT\"},{\"@type\":[\"Organization\",\"Place\"],\"@id\":\"https:\\\/\\\/recambiosecogas.com\\\/it\\\/#organization\",\"name\":\"Recambios EcoGas\",\"alternateName\":\"Tienda Online GLP Espa\u00f1a\",\"url\":\"https:\\\/\\\/recambiosecogas.com\\\/it\\\/\",\"logo\":{\"@id\":\"https:\\\/\\\/recambiosecogas.com\\\/it\\\/producto\\\/kit-de-reparacion-del-reductor-omvl-reg-76-2\\\/#local-main-organization-logo\"},\"image\":{\"@id\":\"https:\\\/\\\/recambiosecogas.com\\\/it\\\/producto\\\/kit-de-reparacion-del-reductor-omvl-reg-76-2\\\/#local-main-organization-logo\"},\"sameAs\":[\"https:\\\/\\\/www.facebook.com\\\/profile.php?id=100062419705358\",\"https:\\\/\\\/www.instagram.com\\\/segimon_automocio\"],\"description\":\"Recambios EcoGas \u2013 Venta y distribuci\u00f3n de sistemas GLP y GNC en Espa\u00f1a y Portugal. Env\u00edos 24 h, soporte t\u00e9cnico a talleres y distribuidores.\",\"hasMerchantReturnPolicy\":{\"@type\":\"MerchantReturnPolicy\",\"merchantReturnLink\":\"https:\\\/\\\/recambiosecogas.com\\\/politicas-privacidad\\\/\"},\"address\":{\"@id\":\"https:\\\/\\\/recambiosecogas.com\\\/it\\\/producto\\\/kit-de-reparacion-del-reductor-omvl-reg-76-2\\\/#local-main-place-address\"},\"telephone\":[\"616250633\"],\"contactPoint\":{\"@type\":\"ContactPoint\",\"email\":\"export@recambiosecogas.com\"},\"openingHoursSpecification\":[{\"@type\":\"OpeningHoursSpecification\",\"dayOfWeek\":[\"Monday\",\"Tuesday\",\"Wednesday\",\"Thursday\",\"Friday\",\"Saturday\",\"Sunday\"],\"opens\":\"09:00\",\"closes\":\"17:00\"}],\"email\":\"info@recambiosecogas.com\",\"faxNumber\":\"SEGIMON AUTOMOCION SL\",\"vatID\":\"ESB19819861\",\"globalLocationNumber\":\"938 616 339\"},{\"@type\":\"PostalAddress\",\"@id\":\"https:\\\/\\\/recambiosecogas.com\\\/it\\\/producto\\\/kit-de-reparacion-del-reductor-omvl-reg-76-2\\\/#local-main-place-address\",\"streetAddress\":\"cami antic de vic, 29 (Nave 3), Pol\u00edgono Industrial Congost\",\"addressLocality\":\"CORRO D`AVALL\",\"postalCode\":\"08520\",\"addressRegion\":\"Barcelona\",\"addressCountry\":\"ES\"},{\"@type\":\"ImageObject\",\"inLanguage\":\"it-IT\",\"@id\":\"https:\\\/\\\/recambiosecogas.com\\\/it\\\/producto\\\/kit-de-reparacion-del-reductor-omvl-reg-76-2\\\/#local-main-organization-logo\",\"url\":\"https:\\\/\\\/recambiosecogas.com\\\/wp-content\\\/uploads\\\/2024\\\/11\\\/cropped-RECAMBIOS-GLP-png.webp\",\"contentUrl\":\"https:\\\/\\\/recambiosecogas.com\\\/wp-content\\\/uploads\\\/2024\\\/11\\\/cropped-RECAMBIOS-GLP-png.webp\",\"width\":512,\"height\":512,\"caption\":\"Recambios EcoGas\"}]}<\/script>\n<meta property=\"product:price:amount\" content=\"39.99\" \/>\n<meta property=\"product:price:currency\" content=\"EUR\" \/>\n<meta property=\"og:availability\" content=\"backorder\" \/>\n<meta property=\"product:availability\" content=\"available for order\" \/>\n<meta property=\"product:retailer_item_id\" content=\"100924A\" \/>\n<meta property=\"product:condition\" content=\"new\" \/>\n<meta name=\"geo.placename\" content=\"CORRO D`AVALL\" \/>\n<meta name=\"geo.region\" content=\"Spagna\" \/>\n<!-- \/ Yoast SEO Premium plugin. -->","yoast_head_json":{"title":"Kit di riparazione riduttore OMVL REG 76\/2 | Pezzi di ricambio Ecogas","description":"Kit di riparazione per il riduttore OMVL REG 76\/2, essenziale per la manutenzione e il recupero della pressione nei sistemi a gas GPL.","robots":{"index":"index","follow":"follow","max-snippet":"max-snippet:-1","max-image-preview":"max-image-preview:large","max-video-preview":"max-video-preview:-1"},"canonical":"https:\/\/recambiosecogas.com\/it\/producto\/kit-de-reparacion-del-reductor-omvl-reg-76-2\/","og_locale":"it_IT","og_type":"article","og_title":"Kit di riparazione riduttore OMVL REG 76\/2","og_description":"Kit di riparazione per il riduttore OMVL REG 76\/2, essenziale per la manutenzione e il recupero della pressione nei sistemi a gas GPL.","og_url":"https:\/\/recambiosecogas.com\/it\/producto\/kit-de-reparacion-del-reductor-omvl-reg-76-2\/","og_site_name":"Recambios EcoGas","article_publisher":"https:\/\/www.facebook.com\/profile.php?id=100062419705358","article_modified_time":"2026-04-08T10:03:23+00:00","og_image":[{"width":1000,"height":1000,"url":"https:\/\/recambiosecogas.com\/wp-content\/uploads\/2024\/10\/Kit-de-reparacion-del-reductor-OMVL-REG-76-2-png.webp","type":"image\/png"}],"twitter_card":"summary_large_image","twitter_misc":{"Prezzo":"39,99&nbsp;&euro; (Sin IVA: 33,05&nbsp;&euro;)","Disponibilit\u00e0":"Su ordinazione"},"schema":{"@context":"https:\/\/schema.org","@graph":[{"@type":"WebPage","@id":"https:\/\/recambiosecogas.com\/it\/producto\/kit-de-reparacion-del-reductor-omvl-reg-76-2\/","url":"https:\/\/recambiosecogas.com\/it\/producto\/kit-de-reparacion-del-reductor-omvl-reg-76-2\/","name":"Kit di riparazione riduttore OMVL REG 76\/2 | Pezzi di ricambio Ecogas","isPartOf":{"@id":"https:\/\/recambiosecogas.com\/it\/#website"},"primaryImageOfPage":{"@id":"https:\/\/recambiosecogas.com\/it\/producto\/kit-de-reparacion-del-reductor-omvl-reg-76-2\/#primaryimage"},"image":{"@id":"https:\/\/recambiosecogas.com\/it\/producto\/kit-de-reparacion-del-reductor-omvl-reg-76-2\/#primaryimage"},"thumbnailUrl":"https:\/\/recambiosecogas.com\/wp-content\/uploads\/2024\/10\/Kit-de-reparacion-del-reductor-OMVL-REG-76-2-png.webp","datePublished":"2024-10-19T13:52:03+00:00","dateModified":"2026-04-08T10:03:23+00:00","description":"Kit di riparazione per il riduttore OMVL REG 76\/2, essenziale per la manutenzione e il recupero della pressione nei sistemi a gas GPL.","breadcrumb":{"@id":"https:\/\/recambiosecogas.com\/it\/producto\/kit-de-reparacion-del-reductor-omvl-reg-76-2\/#breadcrumb"},"inLanguage":"it-IT","potentialAction":[{"@type":"ReadAction","target":["https:\/\/recambiosecogas.com\/it\/producto\/kit-de-reparacion-del-reductor-omvl-reg-76-2\/"]}]},{"@type":"ImageObject","inLanguage":"it-IT","@id":"https:\/\/recambiosecogas.com\/it\/producto\/kit-de-reparacion-del-reductor-omvl-reg-76-2\/#primaryimage","url":"https:\/\/recambiosecogas.com\/wp-content\/uploads\/2024\/10\/Kit-de-reparacion-del-reductor-OMVL-REG-76-2-png.webp","contentUrl":"https:\/\/recambiosecogas.com\/wp-content\/uploads\/2024\/10\/Kit-de-reparacion-del-reductor-OMVL-REG-76-2-png.webp","width":1000,"height":1000},{"@type":"BreadcrumbList","@id":"https:\/\/recambiosecogas.com\/it\/producto\/kit-de-reparacion-del-reductor-omvl-reg-76-2\/#breadcrumb","itemListElement":[{"@type":"ListItem","position":1,"name":"Portada","item":"https:\/\/recambiosecogas.com\/it\/"},{"@type":"ListItem","position":2,"name":"Negozio","item":"https:\/\/recambiosecogas.com\/it\/?page_id=46382"},{"@type":"ListItem","position":3,"name":"Kit di riparazione riduttore OMVL REG 76\/2"}]},{"@type":"WebSite","@id":"https:\/\/recambiosecogas.com\/it\/#website","url":"https:\/\/recambiosecogas.com\/it\/","name":"Recambios EcoGas","description":"Recambios Multimarca para sistemas de GLP\/GNC\/GNL\/Hidr\u00f3geno","publisher":{"@id":"https:\/\/recambiosecogas.com\/it\/#organization"},"alternateName":"Recambios Autogas GLP","potentialAction":[{"@type":"SearchAction","target":{"@type":"EntryPoint","urlTemplate":"https:\/\/recambiosecogas.com\/it\/?s={search_term_string}"},"query-input":{"@type":"PropertyValueSpecification","valueRequired":true,"valueName":"search_term_string"}}],"inLanguage":"it-IT"},{"@type":["Organization","Place"],"@id":"https:\/\/recambiosecogas.com\/it\/#organization","name":"Recambios EcoGas","alternateName":"Tienda Online GLP Espa\u00f1a","url":"https:\/\/recambiosecogas.com\/it\/","logo":{"@id":"https:\/\/recambiosecogas.com\/it\/producto\/kit-de-reparacion-del-reductor-omvl-reg-76-2\/#local-main-organization-logo"},"image":{"@id":"https:\/\/recambiosecogas.com\/it\/producto\/kit-de-reparacion-del-reductor-omvl-reg-76-2\/#local-main-organization-logo"},"sameAs":["https:\/\/www.facebook.com\/profile.php?id=100062419705358","https:\/\/www.instagram.com\/segimon_automocio"],"description":"Recambios EcoGas \u2013 Venta y distribuci\u00f3n de sistemas GLP y GNC en Espa\u00f1a y Portugal. Env\u00edos 24 h, soporte t\u00e9cnico a talleres y distribuidores.","hasMerchantReturnPolicy":{"@type":"MerchantReturnPolicy","merchantReturnLink":"https:\/\/recambiosecogas.com\/politicas-privacidad\/"},"address":{"@id":"https:\/\/recambiosecogas.com\/it\/producto\/kit-de-reparacion-del-reductor-omvl-reg-76-2\/#local-main-place-address"},"telephone":["616250633"],"contactPoint":{"@type":"ContactPoint","email":"export@recambiosecogas.com"},"openingHoursSpecification":[{"@type":"OpeningHoursSpecification","dayOfWeek":["Monday","Tuesday","Wednesday","Thursday","Friday","Saturday","Sunday"],"opens":"09:00","closes":"17:00"}],"email":"info@recambiosecogas.com","faxNumber":"SEGIMON AUTOMOCION SL","vatID":"ESB19819861","globalLocationNumber":"938 616 339"},{"@type":"PostalAddress","@id":"https:\/\/recambiosecogas.com\/it\/producto\/kit-de-reparacion-del-reductor-omvl-reg-76-2\/#local-main-place-address","streetAddress":"cami antic de vic, 29 (Nave 3), Pol\u00edgono Industrial Congost","addressLocality":"CORRO D`AVALL","postalCode":"08520","addressRegion":"Barcelona","addressCountry":"ES"},{"@type":"ImageObject","inLanguage":"it-IT","@id":"https:\/\/recambiosecogas.com\/it\/producto\/kit-de-reparacion-del-reductor-omvl-reg-76-2\/#local-main-organization-logo","url":"https:\/\/recambiosecogas.com\/wp-content\/uploads\/2024\/11\/cropped-RECAMBIOS-GLP-png.webp","contentUrl":"https:\/\/recambiosecogas.com\/wp-content\/uploads\/2024\/11\/cropped-RECAMBIOS-GLP-png.webp","width":512,"height":512,"caption":"Recambios EcoGas"}]},"product_price_amount":"39.99","product_price_currency":"EUR","og_availability":"backorder","product_availability":"available for order","product_retailer_item_id":"100924A","product_condition":"new","geo.placename":"CORRO D`AVALL","geo.region":"Spagna"},"uagb_featured_image_src":{"full":["https:\/\/recambiosecogas.com\/wp-content\/uploads\/2024\/10\/Kit-de-reparacion-del-reductor-OMVL-REG-76-2-png.webp",1000,1000,false],"thumbnail":["https:\/\/recambiosecogas.com\/wp-content\/uploads\/2024\/10\/Kit-de-reparacion-del-reductor-OMVL-REG-76-2-png-150x150.webp",150,150,true],"medium":["https:\/\/recambiosecogas.com\/wp-content\/uploads\/2024\/10\/Kit-de-reparacion-del-reductor-OMVL-REG-76-2-300x300.webp",300,300,true],"medium_large":["https:\/\/recambiosecogas.com\/wp-content\/uploads\/2024\/10\/Kit-de-reparacion-del-reductor-OMVL-REG-76-2-png-768x768.webp",768,768,true],"large":["https:\/\/recambiosecogas.com\/wp-content\/uploads\/2024\/10\/Kit-de-reparacion-del-reductor-OMVL-REG-76-2-png.webp",1000,1000,false],"1536x1536":["https:\/\/recambiosecogas.com\/wp-content\/uploads\/2024\/10\/Kit-de-reparacion-del-reductor-OMVL-REG-76-2-png.webp",1000,1000,false],"2048x2048":["https:\/\/recambiosecogas.com\/wp-content\/uploads\/2024\/10\/Kit-de-reparacion-del-reductor-OMVL-REG-76-2-png.webp",1000,1000,false],"woocommerce_archive_thumbnail":["https:\/\/recambiosecogas.com\/wp-content\/uploads\/2024\/10\/Kit-de-reparacion-del-reductor-OMVL-REG-76-2-png.webp",1000,1000,false],"woocommerce_thumbnail":["https:\/\/recambiosecogas.com\/wp-content\/uploads\/2024\/10\/Kit-de-reparacion-del-reductor-OMVL-REG-76-2-png-300x300.webp",300,300,true],"woocommerce_single":["https:\/\/recambiosecogas.com\/wp-content\/uploads\/2024\/10\/Kit-de-reparacion-del-reductor-OMVL-REG-76-2-png.webp",1000,1000,false],"woocommerce_gallery_thumbnail":["https:\/\/recambiosecogas.com\/wp-content\/uploads\/2024\/10\/Kit-de-reparacion-del-reductor-OMVL-REG-76-2-png.webp",1000,1000,false],"dgwt-wcas-product-suggestion":["https:\/\/recambiosecogas.com\/wp-content\/uploads\/2024\/10\/Kit-de-reparacion-del-reductor-OMVL-REG-76-2-png-64x64.webp",64,64,true]},"uagb_author_info":{"display_name":"Fran - Soporte T\u00e9cnico","author_link":"https:\/\/recambiosecogas.com\/it\/author\/"},"uagb_comment_info":0,"uagb_excerpt":"Kit di riparazione per il riduttore OMVL REG 76\/2.","_links":{"self":[{"href":"https:\/\/recambiosecogas.com\/it\/wp-json\/wp\/v2\/product\/47472","targetHints":{"allow":["GET"]}}],"collection":[{"href":"https:\/\/recambiosecogas.com\/it\/wp-json\/wp\/v2\/product"}],"about":[{"href":"https:\/\/recambiosecogas.com\/it\/wp-json\/wp\/v2\/types\/product"}],"replies":[{"embeddable":true,"href":"https:\/\/recambiosecogas.com\/it\/wp-json\/wp\/v2\/comments?post=47472"}],"wp:featuredmedia":[{"embeddable":true,"href":"https:\/\/recambiosecogas.com\/it\/wp-json\/wp\/v2\/media\/5017"}],"wp:attachment":[{"href":"https:\/\/recambiosecogas.com\/it\/wp-json\/wp\/v2\/media?parent=47472"}],"wp:term":[{"taxonomy":"product_brand","embeddable":true,"href":"https:\/\/recambiosecogas.com\/it\/wp-json\/wp\/v2\/product_brand?post=47472"},{"taxonomy":"product_cat","embeddable":true,"href":"https:\/\/recambiosecogas.com\/it\/wp-json\/wp\/v2\/product_cat?post=47472"},{"taxonomy":"product_tag","embeddable":true,"href":"https:\/\/recambiosecogas.com\/it\/wp-json\/wp\/v2\/product_tag?post=47472"}],"curies":[{"name":"wp","href":"https:\/\/api.w.org\/{rel}","templated":true}]}}