{"id":47377,"date":"2024-10-19T13:52:00","date_gmt":"2024-10-19T13:52:00","guid":{"rendered":"https:\/\/recambiosecogas.com\/producto\/lovato-kit-de-reparacion-del-reductor-rge220-super-major\/"},"modified":"2026-04-27T09:20:47","modified_gmt":"2026-04-27T08:20:47","slug":"lovato-kit-de-reparacion-del-reductor-rge220-super-major","status":"publish","type":"product","link":"https:\/\/recambiosecogas.com\/it\/producto\/lovato-kit-de-reparacion-del-reductor-rge220-super-major\/","title":{"rendered":"Kit di riparazione riduttore Lovato RGE220 Super Major"},"content":{"rendered":"<h1 data-start=\"167\" data-end=\"218\">Kit di riparazione riduttore Lovato RGE220 Super Major<\/h1>\n<p data-start=\"220\" data-end=\"527\">Il <strong data-start=\"223\" data-end=\"276\">kit di riparazione del riduttore Lovato RGE220 Super Major<\/strong> \u00e8 progettato per la manutenzione del riduttore Lovato RGE220 Super Major. Questo insieme consente la sostituzione di componenti interni soggetti a usura, aiutando a recuperare la stabilit\u00e0 della pressione e il corretto funzionamento del sistema. <\/p>\n<p data-start=\"529\" data-end=\"663\">\u00c8 una soluzione adatta per la manutenzione preventiva o correttiva in installazioni equipaggiate con cambio Lovato RGE220 Super Major.<\/p>\n<hr data-start=\"665\" data-end=\"668\">\n<h2 data-start=\"670\" data-end=\"725\">Manutenzione del cambio Lovato RGE220 Super Major<\/h2>\n<div class=\"TyagGW_tableContainer\">\n<div class=\"group TyagGW_tableWrapper flex flex-col-reverse w-fit\" tabindex=\"-1\">\n<table class=\"w-fit min-w-(--thread-content-width)\" data-start=\"727\" data-end=\"993\">\n<thead data-start=\"727\" data-end=\"762\">\n<tr data-start=\"727\" data-end=\"762\">\n<th class=\"\" data-start=\"727\" data-end=\"744\" data-col-size=\"sm\">Caratteristiche<\/th>\n<th class=\"\" data-start=\"744\" data-end=\"762\" data-col-size=\"sm\">Specifiche<\/th>\n<\/tr>\n<\/thead>\n<tbody data-start=\"799\" data-end=\"993\">\n<tr data-start=\"799\" data-end=\"831\">\n<td data-start=\"799\" data-end=\"810\" data-col-size=\"sm\">Prodotto<\/td>\n<td data-start=\"810\" data-end=\"831\" data-col-size=\"sm\">Kit di riparazione<\/td>\n<\/tr>\n<tr data-start=\"832\" data-end=\"850\">\n<td data-start=\"832\" data-end=\"840\" data-col-size=\"sm\">Marchio<\/td>\n<td data-start=\"840\" data-end=\"850\" data-col-size=\"sm\">Lovato<\/td>\n<\/tr>\n<tr data-start=\"851\" data-end=\"893\">\n<td data-start=\"851\" data-end=\"871\" data-col-size=\"sm\">Modello compatibile<\/td>\n<td data-start=\"871\" data-end=\"893\" data-col-size=\"sm\">RGE220 Super Major<\/td>\n<\/tr>\n<tr data-start=\"894\" data-end=\"919\">\n<td data-start=\"894\" data-end=\"907\" data-col-size=\"sm\">Applicazione<\/td>\n<td data-start=\"907\" data-end=\"919\" data-col-size=\"sm\">Riduttore<\/td>\n<\/tr>\n<tr data-start=\"920\" data-end=\"951\">\n<td data-start=\"920\" data-end=\"926\" data-col-size=\"sm\">Applicazione<\/td>\n<td data-start=\"926\" data-end=\"951\" data-col-size=\"sm\">Manutenzione tecnica<\/td>\n<\/tr>\n<tr data-start=\"952\" data-end=\"993\">\n<td data-start=\"952\" data-end=\"966\" data-col-size=\"sm\">Installazione<\/td>\n<td data-start=\"966\" data-end=\"993\" data-col-size=\"sm\">Professionisti consigliati<\/td>\n<\/tr>\n<\/tbody>\n<\/table>\n<\/div>\n<\/div>\n<hr data-start=\"995\" data-end=\"998\">\n<h2 data-start=\"1000\" data-end=\"1050\">Compatibilit\u00e0 con il kit di riparazione Lovato RGE220<\/h2>\n<p data-start=\"1052\" data-end=\"1111\">Compatibile con riduttori Lovato RGE220 Super Major.<\/p>\n<p data-start=\"1113\" data-end=\"1242\">Prima dell&#8217;installazione, verifica la versione esatta del cambio per assicurarti la compatibilit\u00e0 con il riferimento corrispondente.<\/p>\n<hr data-start=\"1244\" data-end=\"1247\">\n<h2 data-start=\"1249\" data-end=\"1298\">Vantaggi della manutenzione del cambio RGE220<\/h2>\n<ul data-start=\"1300\" data-end=\"1520\">\n<li data-start=\"1300\" data-end=\"1346\">\n<p data-start=\"1302\" data-end=\"1346\">Sostituzione di membrane e guarnizioni interne<\/p>\n<\/li>\n<li data-start=\"1347\" data-end=\"1392\">\n<p data-start=\"1349\" data-end=\"1392\">Recupero della stabilit\u00e0 della pressione<\/p>\n<\/li>\n<li data-start=\"1393\" data-end=\"1452\">\n<p data-start=\"1395\" data-end=\"1452\">Progettato specificamente per il modello RGE220 Super Major<\/p>\n<\/li>\n<li data-start=\"1453\" data-end=\"1488\">\n<p data-start=\"1455\" data-end=\"1488\">Migliora la risposta del sistema<\/p>\n<\/li>\n<li data-start=\"1489\" data-end=\"1520\">\n<p data-start=\"1491\" data-end=\"1520\">Pezzo di ricambio tecnico specifico<\/p>\n<\/li>\n<\/ul>\n<hr data-start=\"1522\" data-end=\"1525\">\n<h2 data-start=\"1527\" data-end=\"1573\">Quando sostituire i componenti interni?<\/h2>\n<p data-start=\"1575\" data-end=\"1626\">Si consiglia di usare questo kit quando viene rilevati:<\/p>\n<ul data-start=\"1628\" data-end=\"1722\">\n<li data-start=\"1628\" data-end=\"1654\">\n<p data-start=\"1630\" data-end=\"1654\">Variazioni di pressione<\/p>\n<\/li>\n<li data-start=\"1655\" data-end=\"1676\">\n<p data-start=\"1657\" data-end=\"1676\">Minimo instabile<\/p>\n<\/li>\n<li data-start=\"1677\" data-end=\"1695\">\n<p data-start=\"1679\" data-end=\"1695\">Perdite interne<\/p>\n<\/li>\n<li data-start=\"1696\" data-end=\"1722\">\n<p data-start=\"1698\" data-end=\"1722\">Perdita di prestazioni<\/p>\n<\/li>\n<\/ul>\n<p data-start=\"1724\" data-end=\"1837\">La manutenzione regolare aiuta a prolungare la vita dell&#8217;unit\u00e0 di ingranaggi e a mantenere un funzionamento stabile.<\/p>\n<hr data-start=\"1839\" data-end=\"1842\">\n<h2 data-start=\"1844\" data-end=\"1850\">Domande frequenti<\/h2>\n<p data-start=\"1852\" data-end=\"2011\"><strong data-start=\"1852\" data-end=\"1925\">A cosa serve il kit riduttore Lovato RGE220 Super Major?<\/strong><br data-start=\"1925\" data-end=\"1928\">Permette di ricondizionare il cambio sostituendo gli elementi di usura interni.<\/p>\n<p data-start=\"2013\" data-end=\"2121\"><strong data-start=\"2013\" data-end=\"2054\">\u00c8 valido per altri modelli Lovato?<\/strong><br data-start=\"2054\" data-end=\"2057\">No, \u00e8 specificamente destinato al modello RGE220 Super Major.<\/p>\n<p data-start=\"2123\" data-end=\"2216\"><strong data-start=\"2123\" data-end=\"2161\">Richiede un&#8217;installazione professionale?<\/strong><br data-start=\"2161\" data-end=\"2164\">S\u00ec, \u00e8 consigliato l&#8217;assemblaggio da parte di un tecnico specializzato.<\/p>\n","protected":false},"excerpt":{"rendered":"<p data-start=\"2657\" data-end=\"2715\">Kit di riparazione per riduttore Lovato RGE220 Super Major.<\/p>\n","protected":false},"featured_media":5046,"comment_status":"open","ping_status":"closed","template":"","meta":{"_uag_custom_page_level_css":""},"product_brand":[],"product_cat":[2135,2367,2144,2136],"product_tag":[],"class_list":{"0":"post-47377","1":"product","2":"type-product","3":"status-publish","4":"has-post-thumbnail","6":"product_cat-juegos-de-reparacion-glp","7":"product_cat-lovato","8":"product_cat-productos-por-marca","9":"product_cat-reguladores-de-presion","11":"first","12":"onbackorder","13":"taxable","14":"shipping-taxable","15":"purchasable","16":"product-type-simple"},"ct_brands":[],"yoast_head":"<!-- This site is optimized with the Yoast SEO Premium plugin v27.5 (Yoast SEO v27.5) - https:\/\/yoast.com\/product\/yoast-seo-premium-wordpress\/ -->\n<title>Kit di riparazione riduttore Lovato RGE220 Super Major |%Recambios EcoGas<\/title>\n<meta name=\"description\" content=\"Kit di riparazione riduttore Lovato RGE220 Super Major per manutenzione e recupero della pressione.\" \/>\n<meta name=\"robots\" content=\"index, follow, max-snippet:-1, max-image-preview:large, max-video-preview:-1\" \/>\n<link rel=\"canonical\" href=\"https:\/\/recambiosecogas.com\/it\/producto\/lovato-kit-de-reparacion-del-reductor-rge220-super-major\/\" \/>\n<meta property=\"og:locale\" content=\"it_IT\" \/>\n<meta property=\"og:type\" content=\"article\" \/>\n<meta property=\"og:title\" content=\"Kit di riparazione riduttore Lovato RGE220 Super Major\" \/>\n<meta property=\"og:description\" content=\"Kit di riparazione riduttore Lovato RGE220 Super Major per manutenzione e recupero della pressione.\" \/>\n<meta property=\"og:url\" content=\"https:\/\/recambiosecogas.com\/it\/producto\/lovato-kit-de-reparacion-del-reductor-rge220-super-major\/\" \/>\n<meta property=\"og:site_name\" content=\"Recambios EcoGas\" \/>\n<meta property=\"article:publisher\" content=\"https:\/\/www.facebook.com\/profile.php?id=100062419705358\" \/>\n<meta property=\"article:modified_time\" content=\"2026-04-27T08:20:47+00:00\" \/>\n<meta property=\"og:image\" content=\"https:\/\/recambiosecogas.com\/wp-content\/uploads\/2024\/10\/Lovato-kit-de-reparacion-del-reductor-RGE220-Super-Major-png.webp\" \/>\n\t<meta property=\"og:image:width\" content=\"1000\" \/>\n\t<meta property=\"og:image:height\" content=\"1000\" \/>\n\t<meta property=\"og:image:type\" content=\"image\/png\" \/>\n<meta name=\"twitter:card\" content=\"summary_large_image\" \/>\n<meta name=\"twitter:label1\" content=\"Prezzo\" \/>\n\t<meta name=\"twitter:data1\" content=\"28,92&nbsp;&euro; (Sin IVA: 23,90&nbsp;&euro;)\" \/>\n\t<meta name=\"twitter:label2\" content=\"Disponibilit\u00e0\" \/>\n\t<meta name=\"twitter:data2\" content=\"Su ordinazione\" \/>\n<script type=\"application\/ld+json\" class=\"yoast-schema-graph\">{\"@context\":\"https:\\\/\\\/schema.org\",\"@graph\":[{\"@type\":\"WebPage\",\"@id\":\"https:\\\/\\\/recambiosecogas.com\\\/it\\\/producto\\\/lovato-kit-de-reparacion-del-reductor-rge220-super-major\\\/\",\"url\":\"https:\\\/\\\/recambiosecogas.com\\\/it\\\/producto\\\/lovato-kit-de-reparacion-del-reductor-rge220-super-major\\\/\",\"name\":\"Kit di riparazione riduttore Lovato RGE220 Super Major |%Recambios EcoGas\",\"isPartOf\":{\"@id\":\"https:\\\/\\\/recambiosecogas.com\\\/it\\\/#website\"},\"primaryImageOfPage\":{\"@id\":\"https:\\\/\\\/recambiosecogas.com\\\/it\\\/producto\\\/lovato-kit-de-reparacion-del-reductor-rge220-super-major\\\/#primaryimage\"},\"image\":{\"@id\":\"https:\\\/\\\/recambiosecogas.com\\\/it\\\/producto\\\/lovato-kit-de-reparacion-del-reductor-rge220-super-major\\\/#primaryimage\"},\"thumbnailUrl\":\"https:\\\/\\\/recambiosecogas.com\\\/wp-content\\\/uploads\\\/2024\\\/10\\\/Lovato-kit-de-reparacion-del-reductor-RGE220-Super-Major-png.webp\",\"datePublished\":\"2024-10-19T13:52:00+00:00\",\"dateModified\":\"2026-04-27T08:20:47+00:00\",\"description\":\"Kit di riparazione riduttore Lovato RGE220 Super Major per manutenzione e recupero della pressione.\",\"breadcrumb\":{\"@id\":\"https:\\\/\\\/recambiosecogas.com\\\/it\\\/producto\\\/lovato-kit-de-reparacion-del-reductor-rge220-super-major\\\/#breadcrumb\"},\"inLanguage\":\"it-IT\",\"potentialAction\":[{\"@type\":\"ReadAction\",\"target\":[\"https:\\\/\\\/recambiosecogas.com\\\/it\\\/producto\\\/lovato-kit-de-reparacion-del-reductor-rge220-super-major\\\/\"]}]},{\"@type\":\"ImageObject\",\"inLanguage\":\"it-IT\",\"@id\":\"https:\\\/\\\/recambiosecogas.com\\\/it\\\/producto\\\/lovato-kit-de-reparacion-del-reductor-rge220-super-major\\\/#primaryimage\",\"url\":\"https:\\\/\\\/recambiosecogas.com\\\/wp-content\\\/uploads\\\/2024\\\/10\\\/Lovato-kit-de-reparacion-del-reductor-RGE220-Super-Major-png.webp\",\"contentUrl\":\"https:\\\/\\\/recambiosecogas.com\\\/wp-content\\\/uploads\\\/2024\\\/10\\\/Lovato-kit-de-reparacion-del-reductor-RGE220-Super-Major-png.webp\",\"width\":1000,\"height\":1000},{\"@type\":\"BreadcrumbList\",\"@id\":\"https:\\\/\\\/recambiosecogas.com\\\/it\\\/producto\\\/lovato-kit-de-reparacion-del-reductor-rge220-super-major\\\/#breadcrumb\",\"itemListElement\":[{\"@type\":\"ListItem\",\"position\":1,\"name\":\"Portada\",\"item\":\"https:\\\/\\\/recambiosecogas.com\\\/it\\\/\"},{\"@type\":\"ListItem\",\"position\":2,\"name\":\"Negozio\",\"item\":\"https:\\\/\\\/recambiosecogas.com\\\/it\\\/?page_id=46382\"},{\"@type\":\"ListItem\",\"position\":3,\"name\":\"Kit di riparazione riduttore Lovato RGE220 Super Major\"}]},{\"@type\":\"WebSite\",\"@id\":\"https:\\\/\\\/recambiosecogas.com\\\/it\\\/#website\",\"url\":\"https:\\\/\\\/recambiosecogas.com\\\/it\\\/\",\"name\":\"Recambios EcoGas\",\"description\":\"Recambios Multimarca para sistemas de GLP\\\/GNC\\\/GNL\\\/Hidr\u00f3geno\",\"publisher\":{\"@id\":\"https:\\\/\\\/recambiosecogas.com\\\/it\\\/#organization\"},\"alternateName\":\"Recambios Autogas GLP\",\"potentialAction\":[{\"@type\":\"SearchAction\",\"target\":{\"@type\":\"EntryPoint\",\"urlTemplate\":\"https:\\\/\\\/recambiosecogas.com\\\/it\\\/?s={search_term_string}\"},\"query-input\":{\"@type\":\"PropertyValueSpecification\",\"valueRequired\":true,\"valueName\":\"search_term_string\"}}],\"inLanguage\":\"it-IT\"},{\"@type\":[\"Organization\",\"Place\"],\"@id\":\"https:\\\/\\\/recambiosecogas.com\\\/it\\\/#organization\",\"name\":\"Recambios EcoGas\",\"alternateName\":\"Tienda Online GLP Espa\u00f1a\",\"url\":\"https:\\\/\\\/recambiosecogas.com\\\/it\\\/\",\"logo\":{\"@id\":\"https:\\\/\\\/recambiosecogas.com\\\/it\\\/producto\\\/lovato-kit-de-reparacion-del-reductor-rge220-super-major\\\/#local-main-organization-logo\"},\"image\":{\"@id\":\"https:\\\/\\\/recambiosecogas.com\\\/it\\\/producto\\\/lovato-kit-de-reparacion-del-reductor-rge220-super-major\\\/#local-main-organization-logo\"},\"sameAs\":[\"https:\\\/\\\/www.facebook.com\\\/profile.php?id=100062419705358\",\"https:\\\/\\\/www.instagram.com\\\/segimon_automocio\"],\"description\":\"Recambios EcoGas \u2013 Venta y distribuci\u00f3n de sistemas GLP y GNC en Espa\u00f1a y Portugal. Env\u00edos 24 h, soporte t\u00e9cnico a talleres y distribuidores.\",\"hasMerchantReturnPolicy\":{\"@type\":\"MerchantReturnPolicy\",\"merchantReturnLink\":\"https:\\\/\\\/recambiosecogas.com\\\/politicas-privacidad\\\/\"},\"address\":{\"@id\":\"https:\\\/\\\/recambiosecogas.com\\\/it\\\/producto\\\/lovato-kit-de-reparacion-del-reductor-rge220-super-major\\\/#local-main-place-address\"},\"telephone\":[\"616250633\"],\"contactPoint\":{\"@type\":\"ContactPoint\",\"email\":\"export@recambiosecogas.com\"},\"openingHoursSpecification\":[{\"@type\":\"OpeningHoursSpecification\",\"dayOfWeek\":[\"Monday\",\"Tuesday\",\"Wednesday\",\"Thursday\",\"Friday\",\"Saturday\",\"Sunday\"],\"opens\":\"09:00\",\"closes\":\"17:00\"}],\"email\":\"info@recambiosecogas.com\",\"faxNumber\":\"SEGIMON AUTOMOCION SL\",\"vatID\":\"ESB19819861\",\"globalLocationNumber\":\"938 616 339\"},{\"@type\":\"PostalAddress\",\"@id\":\"https:\\\/\\\/recambiosecogas.com\\\/it\\\/producto\\\/lovato-kit-de-reparacion-del-reductor-rge220-super-major\\\/#local-main-place-address\",\"streetAddress\":\"cami antic de vic, 29 (Nave 3), Pol\u00edgono Industrial Congost\",\"addressLocality\":\"CORRO D`AVALL\",\"postalCode\":\"08520\",\"addressRegion\":\"Barcelona\",\"addressCountry\":\"ES\"},{\"@type\":\"ImageObject\",\"inLanguage\":\"it-IT\",\"@id\":\"https:\\\/\\\/recambiosecogas.com\\\/it\\\/producto\\\/lovato-kit-de-reparacion-del-reductor-rge220-super-major\\\/#local-main-organization-logo\",\"url\":\"https:\\\/\\\/recambiosecogas.com\\\/wp-content\\\/uploads\\\/2024\\\/11\\\/cropped-RECAMBIOS-GLP-png.webp\",\"contentUrl\":\"https:\\\/\\\/recambiosecogas.com\\\/wp-content\\\/uploads\\\/2024\\\/11\\\/cropped-RECAMBIOS-GLP-png.webp\",\"width\":512,\"height\":512,\"caption\":\"Recambios EcoGas\"}]}<\/script>\n<meta property=\"product:price:amount\" content=\"28.92\" \/>\n<meta property=\"product:price:currency\" content=\"EUR\" \/>\n<meta property=\"og:availability\" content=\"backorder\" \/>\n<meta property=\"product:availability\" content=\"available for order\" \/>\n<meta property=\"product:retailer_item_id\" content=\"102520A\" \/>\n<meta property=\"product:condition\" content=\"new\" \/>\n<meta name=\"geo.placename\" content=\"CORRO D`AVALL\" \/>\n<meta name=\"geo.region\" content=\"Spagna\" \/>\n<!-- \/ Yoast SEO Premium plugin. -->","yoast_head_json":{"title":"Kit di riparazione riduttore Lovato RGE220 Super Major |%Recambios EcoGas","description":"Kit di riparazione riduttore Lovato RGE220 Super Major per manutenzione e recupero della pressione.","robots":{"index":"index","follow":"follow","max-snippet":"max-snippet:-1","max-image-preview":"max-image-preview:large","max-video-preview":"max-video-preview:-1"},"canonical":"https:\/\/recambiosecogas.com\/it\/producto\/lovato-kit-de-reparacion-del-reductor-rge220-super-major\/","og_locale":"it_IT","og_type":"article","og_title":"Kit di riparazione riduttore Lovato RGE220 Super Major","og_description":"Kit di riparazione riduttore Lovato RGE220 Super Major per manutenzione e recupero della pressione.","og_url":"https:\/\/recambiosecogas.com\/it\/producto\/lovato-kit-de-reparacion-del-reductor-rge220-super-major\/","og_site_name":"Recambios EcoGas","article_publisher":"https:\/\/www.facebook.com\/profile.php?id=100062419705358","article_modified_time":"2026-04-27T08:20:47+00:00","og_image":[{"width":1000,"height":1000,"url":"https:\/\/recambiosecogas.com\/wp-content\/uploads\/2024\/10\/Lovato-kit-de-reparacion-del-reductor-RGE220-Super-Major-png.webp","type":"image\/png"}],"twitter_card":"summary_large_image","twitter_misc":{"Prezzo":"28,92&nbsp;&euro; (Sin IVA: 23,90&nbsp;&euro;)","Disponibilit\u00e0":"Su ordinazione"},"schema":{"@context":"https:\/\/schema.org","@graph":[{"@type":"WebPage","@id":"https:\/\/recambiosecogas.com\/it\/producto\/lovato-kit-de-reparacion-del-reductor-rge220-super-major\/","url":"https:\/\/recambiosecogas.com\/it\/producto\/lovato-kit-de-reparacion-del-reductor-rge220-super-major\/","name":"Kit di riparazione riduttore Lovato RGE220 Super Major |%Recambios EcoGas","isPartOf":{"@id":"https:\/\/recambiosecogas.com\/it\/#website"},"primaryImageOfPage":{"@id":"https:\/\/recambiosecogas.com\/it\/producto\/lovato-kit-de-reparacion-del-reductor-rge220-super-major\/#primaryimage"},"image":{"@id":"https:\/\/recambiosecogas.com\/it\/producto\/lovato-kit-de-reparacion-del-reductor-rge220-super-major\/#primaryimage"},"thumbnailUrl":"https:\/\/recambiosecogas.com\/wp-content\/uploads\/2024\/10\/Lovato-kit-de-reparacion-del-reductor-RGE220-Super-Major-png.webp","datePublished":"2024-10-19T13:52:00+00:00","dateModified":"2026-04-27T08:20:47+00:00","description":"Kit di riparazione riduttore Lovato RGE220 Super Major per manutenzione e recupero della pressione.","breadcrumb":{"@id":"https:\/\/recambiosecogas.com\/it\/producto\/lovato-kit-de-reparacion-del-reductor-rge220-super-major\/#breadcrumb"},"inLanguage":"it-IT","potentialAction":[{"@type":"ReadAction","target":["https:\/\/recambiosecogas.com\/it\/producto\/lovato-kit-de-reparacion-del-reductor-rge220-super-major\/"]}]},{"@type":"ImageObject","inLanguage":"it-IT","@id":"https:\/\/recambiosecogas.com\/it\/producto\/lovato-kit-de-reparacion-del-reductor-rge220-super-major\/#primaryimage","url":"https:\/\/recambiosecogas.com\/wp-content\/uploads\/2024\/10\/Lovato-kit-de-reparacion-del-reductor-RGE220-Super-Major-png.webp","contentUrl":"https:\/\/recambiosecogas.com\/wp-content\/uploads\/2024\/10\/Lovato-kit-de-reparacion-del-reductor-RGE220-Super-Major-png.webp","width":1000,"height":1000},{"@type":"BreadcrumbList","@id":"https:\/\/recambiosecogas.com\/it\/producto\/lovato-kit-de-reparacion-del-reductor-rge220-super-major\/#breadcrumb","itemListElement":[{"@type":"ListItem","position":1,"name":"Portada","item":"https:\/\/recambiosecogas.com\/it\/"},{"@type":"ListItem","position":2,"name":"Negozio","item":"https:\/\/recambiosecogas.com\/it\/?page_id=46382"},{"@type":"ListItem","position":3,"name":"Kit di riparazione riduttore Lovato RGE220 Super Major"}]},{"@type":"WebSite","@id":"https:\/\/recambiosecogas.com\/it\/#website","url":"https:\/\/recambiosecogas.com\/it\/","name":"Recambios EcoGas","description":"Recambios Multimarca para sistemas de GLP\/GNC\/GNL\/Hidr\u00f3geno","publisher":{"@id":"https:\/\/recambiosecogas.com\/it\/#organization"},"alternateName":"Recambios Autogas GLP","potentialAction":[{"@type":"SearchAction","target":{"@type":"EntryPoint","urlTemplate":"https:\/\/recambiosecogas.com\/it\/?s={search_term_string}"},"query-input":{"@type":"PropertyValueSpecification","valueRequired":true,"valueName":"search_term_string"}}],"inLanguage":"it-IT"},{"@type":["Organization","Place"],"@id":"https:\/\/recambiosecogas.com\/it\/#organization","name":"Recambios EcoGas","alternateName":"Tienda Online GLP Espa\u00f1a","url":"https:\/\/recambiosecogas.com\/it\/","logo":{"@id":"https:\/\/recambiosecogas.com\/it\/producto\/lovato-kit-de-reparacion-del-reductor-rge220-super-major\/#local-main-organization-logo"},"image":{"@id":"https:\/\/recambiosecogas.com\/it\/producto\/lovato-kit-de-reparacion-del-reductor-rge220-super-major\/#local-main-organization-logo"},"sameAs":["https:\/\/www.facebook.com\/profile.php?id=100062419705358","https:\/\/www.instagram.com\/segimon_automocio"],"description":"Recambios EcoGas \u2013 Venta y distribuci\u00f3n de sistemas GLP y GNC en Espa\u00f1a y Portugal. Env\u00edos 24 h, soporte t\u00e9cnico a talleres y distribuidores.","hasMerchantReturnPolicy":{"@type":"MerchantReturnPolicy","merchantReturnLink":"https:\/\/recambiosecogas.com\/politicas-privacidad\/"},"address":{"@id":"https:\/\/recambiosecogas.com\/it\/producto\/lovato-kit-de-reparacion-del-reductor-rge220-super-major\/#local-main-place-address"},"telephone":["616250633"],"contactPoint":{"@type":"ContactPoint","email":"export@recambiosecogas.com"},"openingHoursSpecification":[{"@type":"OpeningHoursSpecification","dayOfWeek":["Monday","Tuesday","Wednesday","Thursday","Friday","Saturday","Sunday"],"opens":"09:00","closes":"17:00"}],"email":"info@recambiosecogas.com","faxNumber":"SEGIMON AUTOMOCION SL","vatID":"ESB19819861","globalLocationNumber":"938 616 339"},{"@type":"PostalAddress","@id":"https:\/\/recambiosecogas.com\/it\/producto\/lovato-kit-de-reparacion-del-reductor-rge220-super-major\/#local-main-place-address","streetAddress":"cami antic de vic, 29 (Nave 3), Pol\u00edgono Industrial Congost","addressLocality":"CORRO D`AVALL","postalCode":"08520","addressRegion":"Barcelona","addressCountry":"ES"},{"@type":"ImageObject","inLanguage":"it-IT","@id":"https:\/\/recambiosecogas.com\/it\/producto\/lovato-kit-de-reparacion-del-reductor-rge220-super-major\/#local-main-organization-logo","url":"https:\/\/recambiosecogas.com\/wp-content\/uploads\/2024\/11\/cropped-RECAMBIOS-GLP-png.webp","contentUrl":"https:\/\/recambiosecogas.com\/wp-content\/uploads\/2024\/11\/cropped-RECAMBIOS-GLP-png.webp","width":512,"height":512,"caption":"Recambios EcoGas"}]},"product_price_amount":"28.92","product_price_currency":"EUR","og_availability":"backorder","product_availability":"available for order","product_retailer_item_id":"102520A","product_condition":"new","geo.placename":"CORRO D`AVALL","geo.region":"Spagna"},"uagb_featured_image_src":{"full":["https:\/\/recambiosecogas.com\/wp-content\/uploads\/2024\/10\/Lovato-kit-de-reparacion-del-reductor-RGE220-Super-Major-png.webp",1000,1000,false],"thumbnail":["https:\/\/recambiosecogas.com\/wp-content\/uploads\/2024\/10\/Lovato-kit-de-reparacion-del-reductor-RGE220-Super-Major-png-150x150.webp",150,150,true],"medium":["https:\/\/recambiosecogas.com\/wp-content\/uploads\/2024\/10\/Lovato-kit-de-reparacion-del-reductor-RGE220-Super-Major-300x300.webp",300,300,true],"medium_large":["https:\/\/recambiosecogas.com\/wp-content\/uploads\/2024\/10\/Lovato-kit-de-reparacion-del-reductor-RGE220-Super-Major-png-768x768.webp",768,768,true],"large":["https:\/\/recambiosecogas.com\/wp-content\/uploads\/2024\/10\/Lovato-kit-de-reparacion-del-reductor-RGE220-Super-Major-png.webp",1000,1000,false],"1536x1536":["https:\/\/recambiosecogas.com\/wp-content\/uploads\/2024\/10\/Lovato-kit-de-reparacion-del-reductor-RGE220-Super-Major-png.webp",1000,1000,false],"2048x2048":["https:\/\/recambiosecogas.com\/wp-content\/uploads\/2024\/10\/Lovato-kit-de-reparacion-del-reductor-RGE220-Super-Major-png.webp",1000,1000,false],"woocommerce_archive_thumbnail":["https:\/\/recambiosecogas.com\/wp-content\/uploads\/2024\/10\/Lovato-kit-de-reparacion-del-reductor-RGE220-Super-Major-png.webp",1000,1000,false],"woocommerce_thumbnail":["https:\/\/recambiosecogas.com\/wp-content\/uploads\/2024\/10\/Lovato-kit-de-reparacion-del-reductor-RGE220-Super-Major-png-300x300.webp",300,300,true],"woocommerce_single":["https:\/\/recambiosecogas.com\/wp-content\/uploads\/2024\/10\/Lovato-kit-de-reparacion-del-reductor-RGE220-Super-Major-png.webp",1000,1000,false],"woocommerce_gallery_thumbnail":["https:\/\/recambiosecogas.com\/wp-content\/uploads\/2024\/10\/Lovato-kit-de-reparacion-del-reductor-RGE220-Super-Major-png.webp",1000,1000,false],"dgwt-wcas-product-suggestion":["https:\/\/recambiosecogas.com\/wp-content\/uploads\/2024\/10\/Lovato-kit-de-reparacion-del-reductor-RGE220-Super-Major-png-64x64.webp",64,64,true]},"uagb_author_info":{"display_name":"Fran - Soporte T\u00e9cnico","author_link":"https:\/\/recambiosecogas.com\/it\/author\/"},"uagb_comment_info":0,"uagb_excerpt":"Kit di riparazione per riduttore Lovato RGE220 Super Major.","_links":{"self":[{"href":"https:\/\/recambiosecogas.com\/it\/wp-json\/wp\/v2\/product\/47377","targetHints":{"allow":["GET"]}}],"collection":[{"href":"https:\/\/recambiosecogas.com\/it\/wp-json\/wp\/v2\/product"}],"about":[{"href":"https:\/\/recambiosecogas.com\/it\/wp-json\/wp\/v2\/types\/product"}],"replies":[{"embeddable":true,"href":"https:\/\/recambiosecogas.com\/it\/wp-json\/wp\/v2\/comments?post=47377"}],"wp:featuredmedia":[{"embeddable":true,"href":"https:\/\/recambiosecogas.com\/it\/wp-json\/wp\/v2\/media\/5046"}],"wp:attachment":[{"href":"https:\/\/recambiosecogas.com\/it\/wp-json\/wp\/v2\/media?parent=47377"}],"wp:term":[{"taxonomy":"product_brand","embeddable":true,"href":"https:\/\/recambiosecogas.com\/it\/wp-json\/wp\/v2\/product_brand?post=47377"},{"taxonomy":"product_cat","embeddable":true,"href":"https:\/\/recambiosecogas.com\/it\/wp-json\/wp\/v2\/product_cat?post=47377"},{"taxonomy":"product_tag","embeddable":true,"href":"https:\/\/recambiosecogas.com\/it\/wp-json\/wp\/v2\/product_tag?post=47377"}],"curies":[{"name":"wp","href":"https:\/\/api.w.org\/{rel}","templated":true}]}}