{"id":47376,"date":"2024-10-19T13:51:50","date_gmt":"2024-10-19T13:51:50","guid":{"rendered":"https:\/\/recambiosecogas.com\/producto\/magic-iii-kit-de-reparacion-del-reductor-pequeno\/"},"modified":"2026-04-08T11:02:48","modified_gmt":"2026-04-08T10:02:48","slug":"magic-iii-kit-de-reparacion-del-reductor-pequeno","status":"publish","type":"product","link":"https:\/\/recambiosecogas.com\/it\/producto\/magic-iii-kit-de-reparacion-del-reductor-pequeno\/","title":{"rendered":"Kit di riparazione Magic III Reducer (Piccolo)"},"content":{"rendered":"<h1 data-start=\"347\" data-end=\"399\">Kit di riparazione Magic III Reducer (Piccolo)<\/h1>\n<p data-start=\"401\" data-end=\"782\">Il <strong data-start=\"404\" data-end=\"449\">kit di riparazione del cambio Magic III \u00e8<\/strong> progettato per la manutenzione del cambio Magic III nella sua versione piccola, permettendo di sostituire i componenti interni soggetti a usura e di ripristinare la stabilit\u00e0 della pressione del sistema. Questo insieme facilita il ricondizionamento del regolatore e aiuta a mantenere un funzionamento costante nei sistemi a GPL. <\/p>\n<p data-start=\"784\" data-end=\"1123\">Con un uso prolungato, membrane interne e guarnizioni possono deteriorarsi, influenzando la regolazione della pressione e le prestazioni complessive del cambio. La sostituzione preventiva di questi elementi consente di ripristinare le condizioni di funzionamento originali ed evitare irregolarit\u00e0 nell&#8217;approvvigionamento di gas, migliorando l&#8217;affidabilit\u00e0 del sistema. <\/p>\n<hr data-start=\"1125\" data-end=\"1128\">\n<h2 data-start=\"1130\" data-end=\"1189\">Applicazione del kit di riparazione del piccolo riduttore Magic III<\/h2>\n<div class=\"TyagGW_tableContainer\">\n<div class=\"group TyagGW_tableWrapper flex flex-col-reverse w-fit\" tabindex=\"-1\">\n<table class=\"w-fit min-w-(--thread-content-width)\" data-start=\"1191\" data-end=\"1429\">\n<thead data-start=\"1191\" data-end=\"1226\">\n<tr data-start=\"1191\" data-end=\"1226\">\n<th class=\"\" data-start=\"1191\" data-end=\"1208\" data-col-size=\"sm\">Caratteristiche<\/th>\n<th class=\"\" data-start=\"1208\" data-end=\"1226\" data-col-size=\"sm\">Specifiche<\/th>\n<\/tr>\n<\/thead>\n<tbody data-start=\"1263\" data-end=\"1429\">\n<tr data-start=\"1263\" data-end=\"1295\">\n<td data-start=\"1263\" data-end=\"1274\" data-col-size=\"sm\">Prodotto<\/td>\n<td data-start=\"1274\" data-end=\"1295\" data-col-size=\"sm\">Kit di riparazione<\/td>\n<\/tr>\n<tr data-start=\"1296\" data-end=\"1339\">\n<td data-start=\"1296\" data-end=\"1316\" data-col-size=\"sm\">Modello compatibile<\/td>\n<td data-start=\"1316\" data-end=\"1339\" data-col-size=\"sm\">Magic III (piccolo)<\/td>\n<\/tr>\n<tr data-start=\"1340\" data-end=\"1365\">\n<td data-start=\"1340\" data-end=\"1353\" data-col-size=\"sm\">Applicazione<\/td>\n<td data-start=\"1353\" data-end=\"1365\" data-col-size=\"sm\">Riduttore<\/td>\n<\/tr>\n<tr data-start=\"1366\" data-end=\"1387\">\n<td data-start=\"1366\" data-end=\"1380\" data-col-size=\"sm\">Carburante<\/td>\n<td data-start=\"1380\" data-end=\"1387\" data-col-size=\"sm\">GPL<\/td>\n<\/tr>\n<tr data-start=\"1388\" data-end=\"1429\">\n<td data-start=\"1388\" data-end=\"1402\" data-col-size=\"sm\">Installazione<\/td>\n<td data-start=\"1402\" data-end=\"1429\" data-col-size=\"sm\">Professionisti consigliati<\/td>\n<\/tr>\n<\/tbody>\n<\/table>\n<\/div>\n<\/div>\n<hr data-start=\"1431\" data-end=\"1434\">\n<h2 data-start=\"1436\" data-end=\"1484\">Servizio e manutenzione di Magic III<\/h2>\n<p data-start=\"1486\" data-end=\"1533\">Questo kit include gli elementi necessari per:<\/p>\n<ul data-start=\"1535\" data-end=\"1694\">\n<li data-start=\"1535\" data-end=\"1567\">\n<p data-start=\"1537\" data-end=\"1567\">Sostituire le membrane interne<\/p>\n<\/li>\n<li data-start=\"1568\" data-end=\"1605\">\n<p data-start=\"1570\" data-end=\"1605\">Sostituire guarnizioni<\/p>\n<\/li>\n<li data-start=\"1606\" data-end=\"1644\">\n<p data-start=\"1608\" data-end=\"1644\">Ripristinare la regolazione della pressione<\/p>\n<\/li>\n<li data-start=\"1645\" data-end=\"1694\">\n<p data-start=\"1647\" data-end=\"1694\">Mantenere la stabilit\u00e0 operativa del sistema<\/p>\n<\/li>\n<\/ul>\n<p data-start=\"1696\" data-end=\"1849\">Una corretta manutenzione del piccolo cambio Magic III aiuta a prolungarne la durata operativa e a garantire prestazioni affidabili nei sistemi a gas.<\/p>\n<hr data-start=\"1851\" data-end=\"1854\">\n<h2 data-start=\"1856\" data-end=\"1873\">Compatibilit\u00e0<\/h2>\n<p data-start=\"1875\" data-end=\"2014\">Compatibile esclusivamente con i riduttori Magic III versione piccola.<br data-start=\"1942\" data-end=\"1945\">Si consiglia verificare il riferimento esatto prima dell&#8217;installazione.<\/p>\n<hr data-start=\"2016\" data-end=\"2019\">\n<h2 data-start=\"2021\" data-end=\"2027\">Domande frequenti<\/h2>\n<p data-start=\"2029\" data-end=\"2134\"><strong data-start=\"2029\" data-end=\"2058\">A cosa serve questo kit?<\/strong><br data-start=\"2058\" data-end=\"2061\">Permette la manutenzione interna del piccolo cambio Magic III.<\/p>\n<p data-start=\"2136\" data-end=\"2245\"><strong data-start=\"2136\" data-end=\"2176\">\u00c8 valido per altri modelli Magic?<\/strong><br data-start=\"2176\" data-end=\"2179\">\u00c8 specificamente pensato per la versione pi\u00f9 piccola del Magic III.<\/p>\n<p data-start=\"2247\" data-end=\"2340\"><strong data-start=\"2247\" data-end=\"2285\">Richiede un&#8217;installazione professionale?<\/strong><br data-start=\"2285\" data-end=\"2288\">S\u00ec, \u00e8 consigliato l&#8217;assemblaggio da parte di un tecnico specializzato.<\/p>\n","protected":false},"excerpt":{"rendered":"<p>Kit di riparazione Magic III Reducer (Piccolo)<\/p>\n","protected":false},"featured_media":6227,"comment_status":"open","ping_status":"closed","template":"","meta":{"googlesitekit_rrm_CAowud7EDA:productID":"","_uag_custom_page_level_css":""},"product_brand":[],"product_cat":[2135,2136],"product_tag":[],"class_list":{"0":"post-47376","1":"product","2":"type-product","3":"status-publish","4":"has-post-thumbnail","6":"product_cat-juegos-de-reparacion-glp","7":"product_cat-reguladores-de-presion","9":"first","10":"instock","11":"taxable","12":"shipping-taxable","13":"purchasable","14":"product-type-simple"},"ct_brands":[],"yoast_head":"<!-- This site is optimized with the Yoast SEO Premium plugin v27.4 (Yoast SEO v27.4) - https:\/\/yoast.com\/product\/yoast-seo-premium-wordpress\/ -->\n<title>Kit di riparazione Magic III Reducer (Piccolo) |%Recambios EcoGas<\/title>\n<meta name=\"description\" content=\"Kit di riparazione Magic III per piccoli riduttori per manutenzione e recupero stabile della pressione nei sistemi a GPL.\" \/>\n<meta name=\"robots\" content=\"index, follow, max-snippet:-1, max-image-preview:large, max-video-preview:-1\" \/>\n<link rel=\"canonical\" href=\"https:\/\/recambiosecogas.com\/it\/producto\/magic-iii-kit-de-reparacion-del-reductor-pequeno\/\" \/>\n<meta property=\"og:locale\" content=\"it_IT\" \/>\n<meta property=\"og:type\" content=\"article\" \/>\n<meta property=\"og:title\" content=\"Kit di riparazione Magic III Reducer (Piccolo)\" \/>\n<meta property=\"og:description\" content=\"Kit di riparazione Magic III per piccoli riduttori per manutenzione e recupero stabile della pressione nei sistemi a GPL.\" \/>\n<meta property=\"og:url\" content=\"https:\/\/recambiosecogas.com\/it\/producto\/magic-iii-kit-de-reparacion-del-reductor-pequeno\/\" \/>\n<meta property=\"og:site_name\" content=\"Recambios EcoGas\" \/>\n<meta property=\"article:publisher\" content=\"https:\/\/www.facebook.com\/profile.php?id=100062419705358\" \/>\n<meta property=\"article:modified_time\" content=\"2026-04-08T10:02:48+00:00\" \/>\n<meta property=\"og:image\" content=\"https:\/\/recambiosecogas.com\/wp-content\/uploads\/2024\/10\/Magic-III-kit-de-reparacion-del-reductor-pequeno-1-png.webp\" \/>\n\t<meta property=\"og:image:width\" content=\"1000\" \/>\n\t<meta property=\"og:image:height\" content=\"1000\" \/>\n\t<meta property=\"og:image:type\" content=\"image\/png\" \/>\n<meta name=\"twitter:card\" content=\"summary_large_image\" \/>\n<meta name=\"twitter:label1\" content=\"Prezzo\" \/>\n\t<meta name=\"twitter:data1\" content=\"17,04&nbsp;&euro; (IVA incl.: 20,62&nbsp;&euro;)\" \/>\n\t<meta name=\"twitter:label2\" content=\"Disponibilit\u00e0\" \/>\n\t<meta name=\"twitter:data2\" content=\"In stock\" \/>\n<script type=\"application\/ld+json\" class=\"yoast-schema-graph\">{\"@context\":\"https:\\\/\\\/schema.org\",\"@graph\":[{\"@type\":\"WebPage\",\"@id\":\"https:\\\/\\\/recambiosecogas.com\\\/it\\\/producto\\\/magic-iii-kit-de-reparacion-del-reductor-pequeno\\\/\",\"url\":\"https:\\\/\\\/recambiosecogas.com\\\/it\\\/producto\\\/magic-iii-kit-de-reparacion-del-reductor-pequeno\\\/\",\"name\":\"Kit di riparazione Magic III Reducer (Piccolo) |%Recambios EcoGas\",\"isPartOf\":{\"@id\":\"https:\\\/\\\/recambiosecogas.com\\\/it\\\/#website\"},\"primaryImageOfPage\":{\"@id\":\"https:\\\/\\\/recambiosecogas.com\\\/it\\\/producto\\\/magic-iii-kit-de-reparacion-del-reductor-pequeno\\\/#primaryimage\"},\"image\":{\"@id\":\"https:\\\/\\\/recambiosecogas.com\\\/it\\\/producto\\\/magic-iii-kit-de-reparacion-del-reductor-pequeno\\\/#primaryimage\"},\"thumbnailUrl\":\"https:\\\/\\\/recambiosecogas.com\\\/wp-content\\\/uploads\\\/2024\\\/10\\\/Magic-III-kit-de-reparacion-del-reductor-pequeno-1-png.webp\",\"datePublished\":\"2024-10-19T13:51:50+00:00\",\"dateModified\":\"2026-04-08T10:02:48+00:00\",\"description\":\"Kit di riparazione Magic III per piccoli riduttori per manutenzione e recupero stabile della pressione nei sistemi a GPL.\",\"breadcrumb\":{\"@id\":\"https:\\\/\\\/recambiosecogas.com\\\/it\\\/producto\\\/magic-iii-kit-de-reparacion-del-reductor-pequeno\\\/#breadcrumb\"},\"inLanguage\":\"it-IT\",\"potentialAction\":[{\"@type\":\"ReadAction\",\"target\":[\"https:\\\/\\\/recambiosecogas.com\\\/it\\\/producto\\\/magic-iii-kit-de-reparacion-del-reductor-pequeno\\\/\"]}]},{\"@type\":\"ImageObject\",\"inLanguage\":\"it-IT\",\"@id\":\"https:\\\/\\\/recambiosecogas.com\\\/it\\\/producto\\\/magic-iii-kit-de-reparacion-del-reductor-pequeno\\\/#primaryimage\",\"url\":\"https:\\\/\\\/recambiosecogas.com\\\/wp-content\\\/uploads\\\/2024\\\/10\\\/Magic-III-kit-de-reparacion-del-reductor-pequeno-1-png.webp\",\"contentUrl\":\"https:\\\/\\\/recambiosecogas.com\\\/wp-content\\\/uploads\\\/2024\\\/10\\\/Magic-III-kit-de-reparacion-del-reductor-pequeno-1-png.webp\",\"width\":1000,\"height\":1000},{\"@type\":\"BreadcrumbList\",\"@id\":\"https:\\\/\\\/recambiosecogas.com\\\/it\\\/producto\\\/magic-iii-kit-de-reparacion-del-reductor-pequeno\\\/#breadcrumb\",\"itemListElement\":[{\"@type\":\"ListItem\",\"position\":1,\"name\":\"Portada\",\"item\":\"https:\\\/\\\/recambiosecogas.com\\\/it\\\/\"},{\"@type\":\"ListItem\",\"position\":2,\"name\":\"Negozio\",\"item\":\"https:\\\/\\\/recambiosecogas.com\\\/it\\\/?page_id=46382\"},{\"@type\":\"ListItem\",\"position\":3,\"name\":\"Kit di riparazione Magic III Reducer (Piccolo)\"}]},{\"@type\":\"WebSite\",\"@id\":\"https:\\\/\\\/recambiosecogas.com\\\/it\\\/#website\",\"url\":\"https:\\\/\\\/recambiosecogas.com\\\/it\\\/\",\"name\":\"Recambios EcoGas\",\"description\":\"Recambios Multimarca para sistemas de GLP\\\/GNC\\\/GNL\\\/Hidr\u00f3geno\",\"publisher\":{\"@id\":\"https:\\\/\\\/recambiosecogas.com\\\/it\\\/#organization\"},\"alternateName\":\"Recambios Autogas GLP\",\"potentialAction\":[{\"@type\":\"SearchAction\",\"target\":{\"@type\":\"EntryPoint\",\"urlTemplate\":\"https:\\\/\\\/recambiosecogas.com\\\/it\\\/?s={search_term_string}\"},\"query-input\":{\"@type\":\"PropertyValueSpecification\",\"valueRequired\":true,\"valueName\":\"search_term_string\"}}],\"inLanguage\":\"it-IT\"},{\"@type\":[\"Organization\",\"Place\"],\"@id\":\"https:\\\/\\\/recambiosecogas.com\\\/it\\\/#organization\",\"name\":\"Recambios EcoGas\",\"alternateName\":\"Tienda Online GLP Espa\u00f1a\",\"url\":\"https:\\\/\\\/recambiosecogas.com\\\/it\\\/\",\"logo\":{\"@id\":\"https:\\\/\\\/recambiosecogas.com\\\/it\\\/producto\\\/magic-iii-kit-de-reparacion-del-reductor-pequeno\\\/#local-main-organization-logo\"},\"image\":{\"@id\":\"https:\\\/\\\/recambiosecogas.com\\\/it\\\/producto\\\/magic-iii-kit-de-reparacion-del-reductor-pequeno\\\/#local-main-organization-logo\"},\"sameAs\":[\"https:\\\/\\\/www.facebook.com\\\/profile.php?id=100062419705358\",\"https:\\\/\\\/www.instagram.com\\\/segimon_automocio\"],\"description\":\"Recambios EcoGas \u2013 Venta y distribuci\u00f3n de sistemas GLP y GNC en Espa\u00f1a y Portugal. Env\u00edos 24 h, soporte t\u00e9cnico a talleres y distribuidores.\",\"hasMerchantReturnPolicy\":{\"@type\":\"MerchantReturnPolicy\",\"merchantReturnLink\":\"https:\\\/\\\/recambiosecogas.com\\\/politicas-privacidad\\\/\"},\"address\":{\"@id\":\"https:\\\/\\\/recambiosecogas.com\\\/it\\\/producto\\\/magic-iii-kit-de-reparacion-del-reductor-pequeno\\\/#local-main-place-address\"},\"telephone\":[\"616250633\"],\"contactPoint\":{\"@type\":\"ContactPoint\",\"email\":\"export@recambiosecogas.com\"},\"openingHoursSpecification\":[{\"@type\":\"OpeningHoursSpecification\",\"dayOfWeek\":[\"Monday\",\"Tuesday\",\"Wednesday\",\"Thursday\",\"Friday\",\"Saturday\",\"Sunday\"],\"opens\":\"09:00\",\"closes\":\"17:00\"}],\"email\":\"info@recambiosecogas.com\",\"faxNumber\":\"SEGIMON AUTOMOCION SL\",\"vatID\":\"ESB19819861\",\"globalLocationNumber\":\"938 616 339\"},{\"@type\":\"PostalAddress\",\"@id\":\"https:\\\/\\\/recambiosecogas.com\\\/it\\\/producto\\\/magic-iii-kit-de-reparacion-del-reductor-pequeno\\\/#local-main-place-address\",\"streetAddress\":\"cami antic de vic, 29 (Nave 3), Pol\u00edgono Industrial Congost\",\"addressLocality\":\"CORRO D`AVALL\",\"postalCode\":\"08520\",\"addressRegion\":\"Barcelona\",\"addressCountry\":\"ES\"},{\"@type\":\"ImageObject\",\"inLanguage\":\"it-IT\",\"@id\":\"https:\\\/\\\/recambiosecogas.com\\\/it\\\/producto\\\/magic-iii-kit-de-reparacion-del-reductor-pequeno\\\/#local-main-organization-logo\",\"url\":\"https:\\\/\\\/recambiosecogas.com\\\/wp-content\\\/uploads\\\/2024\\\/11\\\/cropped-RECAMBIOS-GLP-png.webp\",\"contentUrl\":\"https:\\\/\\\/recambiosecogas.com\\\/wp-content\\\/uploads\\\/2024\\\/11\\\/cropped-RECAMBIOS-GLP-png.webp\",\"width\":512,\"height\":512,\"caption\":\"Recambios EcoGas\"}]}<\/script>\n<meta property=\"product:price:amount\" content=\"17.04\" \/>\n<meta property=\"product:price:currency\" content=\"EUR\" \/>\n<meta property=\"og:availability\" content=\"instock\" \/>\n<meta property=\"product:availability\" content=\"instock\" \/>\n<meta property=\"product:retailer_item_id\" content=\"104773\" \/>\n<meta property=\"product:condition\" content=\"new\" \/>\n<meta name=\"geo.placename\" content=\"CORRO D`AVALL\" \/>\n<meta name=\"geo.region\" content=\"Spagna\" \/>\n<!-- \/ Yoast SEO Premium plugin. -->","yoast_head_json":{"title":"Kit di riparazione Magic III Reducer (Piccolo) |%Recambios EcoGas","description":"Kit di riparazione Magic III per piccoli riduttori per manutenzione e recupero stabile della pressione nei sistemi a GPL.","robots":{"index":"index","follow":"follow","max-snippet":"max-snippet:-1","max-image-preview":"max-image-preview:large","max-video-preview":"max-video-preview:-1"},"canonical":"https:\/\/recambiosecogas.com\/it\/producto\/magic-iii-kit-de-reparacion-del-reductor-pequeno\/","og_locale":"it_IT","og_type":"article","og_title":"Kit di riparazione Magic III Reducer (Piccolo)","og_description":"Kit di riparazione Magic III per piccoli riduttori per manutenzione e recupero stabile della pressione nei sistemi a GPL.","og_url":"https:\/\/recambiosecogas.com\/it\/producto\/magic-iii-kit-de-reparacion-del-reductor-pequeno\/","og_site_name":"Recambios EcoGas","article_publisher":"https:\/\/www.facebook.com\/profile.php?id=100062419705358","article_modified_time":"2026-04-08T10:02:48+00:00","og_image":[{"width":1000,"height":1000,"url":"https:\/\/recambiosecogas.com\/wp-content\/uploads\/2024\/10\/Magic-III-kit-de-reparacion-del-reductor-pequeno-1-png.webp","type":"image\/png"}],"twitter_card":"summary_large_image","twitter_misc":{"Prezzo":"17,04&nbsp;&euro; (IVA incl.: 20,62&nbsp;&euro;)","Disponibilit\u00e0":"In stock"},"schema":{"@context":"https:\/\/schema.org","@graph":[{"@type":"WebPage","@id":"https:\/\/recambiosecogas.com\/it\/producto\/magic-iii-kit-de-reparacion-del-reductor-pequeno\/","url":"https:\/\/recambiosecogas.com\/it\/producto\/magic-iii-kit-de-reparacion-del-reductor-pequeno\/","name":"Kit di riparazione Magic III Reducer (Piccolo) |%Recambios EcoGas","isPartOf":{"@id":"https:\/\/recambiosecogas.com\/it\/#website"},"primaryImageOfPage":{"@id":"https:\/\/recambiosecogas.com\/it\/producto\/magic-iii-kit-de-reparacion-del-reductor-pequeno\/#primaryimage"},"image":{"@id":"https:\/\/recambiosecogas.com\/it\/producto\/magic-iii-kit-de-reparacion-del-reductor-pequeno\/#primaryimage"},"thumbnailUrl":"https:\/\/recambiosecogas.com\/wp-content\/uploads\/2024\/10\/Magic-III-kit-de-reparacion-del-reductor-pequeno-1-png.webp","datePublished":"2024-10-19T13:51:50+00:00","dateModified":"2026-04-08T10:02:48+00:00","description":"Kit di riparazione Magic III per piccoli riduttori per manutenzione e recupero stabile della pressione nei sistemi a GPL.","breadcrumb":{"@id":"https:\/\/recambiosecogas.com\/it\/producto\/magic-iii-kit-de-reparacion-del-reductor-pequeno\/#breadcrumb"},"inLanguage":"it-IT","potentialAction":[{"@type":"ReadAction","target":["https:\/\/recambiosecogas.com\/it\/producto\/magic-iii-kit-de-reparacion-del-reductor-pequeno\/"]}]},{"@type":"ImageObject","inLanguage":"it-IT","@id":"https:\/\/recambiosecogas.com\/it\/producto\/magic-iii-kit-de-reparacion-del-reductor-pequeno\/#primaryimage","url":"https:\/\/recambiosecogas.com\/wp-content\/uploads\/2024\/10\/Magic-III-kit-de-reparacion-del-reductor-pequeno-1-png.webp","contentUrl":"https:\/\/recambiosecogas.com\/wp-content\/uploads\/2024\/10\/Magic-III-kit-de-reparacion-del-reductor-pequeno-1-png.webp","width":1000,"height":1000},{"@type":"BreadcrumbList","@id":"https:\/\/recambiosecogas.com\/it\/producto\/magic-iii-kit-de-reparacion-del-reductor-pequeno\/#breadcrumb","itemListElement":[{"@type":"ListItem","position":1,"name":"Portada","item":"https:\/\/recambiosecogas.com\/it\/"},{"@type":"ListItem","position":2,"name":"Negozio","item":"https:\/\/recambiosecogas.com\/it\/?page_id=46382"},{"@type":"ListItem","position":3,"name":"Kit di riparazione Magic III Reducer (Piccolo)"}]},{"@type":"WebSite","@id":"https:\/\/recambiosecogas.com\/it\/#website","url":"https:\/\/recambiosecogas.com\/it\/","name":"Recambios EcoGas","description":"Recambios Multimarca para sistemas de GLP\/GNC\/GNL\/Hidr\u00f3geno","publisher":{"@id":"https:\/\/recambiosecogas.com\/it\/#organization"},"alternateName":"Recambios Autogas GLP","potentialAction":[{"@type":"SearchAction","target":{"@type":"EntryPoint","urlTemplate":"https:\/\/recambiosecogas.com\/it\/?s={search_term_string}"},"query-input":{"@type":"PropertyValueSpecification","valueRequired":true,"valueName":"search_term_string"}}],"inLanguage":"it-IT"},{"@type":["Organization","Place"],"@id":"https:\/\/recambiosecogas.com\/it\/#organization","name":"Recambios EcoGas","alternateName":"Tienda Online GLP Espa\u00f1a","url":"https:\/\/recambiosecogas.com\/it\/","logo":{"@id":"https:\/\/recambiosecogas.com\/it\/producto\/magic-iii-kit-de-reparacion-del-reductor-pequeno\/#local-main-organization-logo"},"image":{"@id":"https:\/\/recambiosecogas.com\/it\/producto\/magic-iii-kit-de-reparacion-del-reductor-pequeno\/#local-main-organization-logo"},"sameAs":["https:\/\/www.facebook.com\/profile.php?id=100062419705358","https:\/\/www.instagram.com\/segimon_automocio"],"description":"Recambios EcoGas \u2013 Venta y distribuci\u00f3n de sistemas GLP y GNC en Espa\u00f1a y Portugal. Env\u00edos 24 h, soporte t\u00e9cnico a talleres y distribuidores.","hasMerchantReturnPolicy":{"@type":"MerchantReturnPolicy","merchantReturnLink":"https:\/\/recambiosecogas.com\/politicas-privacidad\/"},"address":{"@id":"https:\/\/recambiosecogas.com\/it\/producto\/magic-iii-kit-de-reparacion-del-reductor-pequeno\/#local-main-place-address"},"telephone":["616250633"],"contactPoint":{"@type":"ContactPoint","email":"export@recambiosecogas.com"},"openingHoursSpecification":[{"@type":"OpeningHoursSpecification","dayOfWeek":["Monday","Tuesday","Wednesday","Thursday","Friday","Saturday","Sunday"],"opens":"09:00","closes":"17:00"}],"email":"info@recambiosecogas.com","faxNumber":"SEGIMON AUTOMOCION SL","vatID":"ESB19819861","globalLocationNumber":"938 616 339"},{"@type":"PostalAddress","@id":"https:\/\/recambiosecogas.com\/it\/producto\/magic-iii-kit-de-reparacion-del-reductor-pequeno\/#local-main-place-address","streetAddress":"cami antic de vic, 29 (Nave 3), Pol\u00edgono Industrial Congost","addressLocality":"CORRO D`AVALL","postalCode":"08520","addressRegion":"Barcelona","addressCountry":"ES"},{"@type":"ImageObject","inLanguage":"it-IT","@id":"https:\/\/recambiosecogas.com\/it\/producto\/magic-iii-kit-de-reparacion-del-reductor-pequeno\/#local-main-organization-logo","url":"https:\/\/recambiosecogas.com\/wp-content\/uploads\/2024\/11\/cropped-RECAMBIOS-GLP-png.webp","contentUrl":"https:\/\/recambiosecogas.com\/wp-content\/uploads\/2024\/11\/cropped-RECAMBIOS-GLP-png.webp","width":512,"height":512,"caption":"Recambios EcoGas"}]},"product_price_amount":"17.04","product_price_currency":"EUR","og_availability":"instock","product_availability":"instock","product_retailer_item_id":"104773","product_condition":"new","geo.placename":"CORRO D`AVALL","geo.region":"Spagna"},"uagb_featured_image_src":{"full":["https:\/\/recambiosecogas.com\/wp-content\/uploads\/2024\/10\/Magic-III-kit-de-reparacion-del-reductor-pequeno-1-png.webp",1000,1000,false],"thumbnail":["https:\/\/recambiosecogas.com\/wp-content\/uploads\/2024\/10\/Magic-III-kit-de-reparacion-del-reductor-pequeno-1-150x150.webp",150,150,true],"medium":["https:\/\/recambiosecogas.com\/wp-content\/uploads\/2024\/10\/Magic-III-kit-de-reparacion-del-reductor-pequeno-1-300x300.webp",300,300,true],"medium_large":["https:\/\/recambiosecogas.com\/wp-content\/uploads\/2024\/10\/Magic-III-kit-de-reparacion-del-reductor-pequeno-1-768x768.webp",768,768,true],"large":["https:\/\/recambiosecogas.com\/wp-content\/uploads\/2024\/10\/Magic-III-kit-de-reparacion-del-reductor-pequeno-1-png.webp",1000,1000,false],"1536x1536":["https:\/\/recambiosecogas.com\/wp-content\/uploads\/2024\/10\/Magic-III-kit-de-reparacion-del-reductor-pequeno-1-png.webp",1000,1000,false],"2048x2048":["https:\/\/recambiosecogas.com\/wp-content\/uploads\/2024\/10\/Magic-III-kit-de-reparacion-del-reductor-pequeno-1-png.webp",1000,1000,false],"woocommerce_archive_thumbnail":["https:\/\/recambiosecogas.com\/wp-content\/uploads\/2024\/10\/Magic-III-kit-de-reparacion-del-reductor-pequeno-1-png.webp",1000,1000,false],"woocommerce_thumbnail":["https:\/\/recambiosecogas.com\/wp-content\/uploads\/2024\/10\/Magic-III-kit-de-reparacion-del-reductor-pequeno-1-png-300x300.webp",300,300,true],"woocommerce_single":["https:\/\/recambiosecogas.com\/wp-content\/uploads\/2024\/10\/Magic-III-kit-de-reparacion-del-reductor-pequeno-1-png.webp",1000,1000,false],"woocommerce_gallery_thumbnail":["https:\/\/recambiosecogas.com\/wp-content\/uploads\/2024\/10\/Magic-III-kit-de-reparacion-del-reductor-pequeno-1-png.webp",1000,1000,false],"dgwt-wcas-product-suggestion":["https:\/\/recambiosecogas.com\/wp-content\/uploads\/2024\/10\/Magic-III-kit-de-reparacion-del-reductor-pequeno-1-png-64x64.webp",64,64,true]},"uagb_author_info":{"display_name":"Fran - Soporte T\u00e9cnico","author_link":"https:\/\/recambiosecogas.com\/it\/author\/"},"uagb_comment_info":0,"uagb_excerpt":"Kit di riparazione Magic III Reducer (Piccolo)","_links":{"self":[{"href":"https:\/\/recambiosecogas.com\/it\/wp-json\/wp\/v2\/product\/47376","targetHints":{"allow":["GET"]}}],"collection":[{"href":"https:\/\/recambiosecogas.com\/it\/wp-json\/wp\/v2\/product"}],"about":[{"href":"https:\/\/recambiosecogas.com\/it\/wp-json\/wp\/v2\/types\/product"}],"replies":[{"embeddable":true,"href":"https:\/\/recambiosecogas.com\/it\/wp-json\/wp\/v2\/comments?post=47376"}],"wp:featuredmedia":[{"embeddable":true,"href":"https:\/\/recambiosecogas.com\/it\/wp-json\/wp\/v2\/media\/6227"}],"wp:attachment":[{"href":"https:\/\/recambiosecogas.com\/it\/wp-json\/wp\/v2\/media?parent=47376"}],"wp:term":[{"taxonomy":"product_brand","embeddable":true,"href":"https:\/\/recambiosecogas.com\/it\/wp-json\/wp\/v2\/product_brand?post=47376"},{"taxonomy":"product_cat","embeddable":true,"href":"https:\/\/recambiosecogas.com\/it\/wp-json\/wp\/v2\/product_cat?post=47376"},{"taxonomy":"product_tag","embeddable":true,"href":"https:\/\/recambiosecogas.com\/it\/wp-json\/wp\/v2\/product_tag?post=47376"}],"curies":[{"name":"wp","href":"https:\/\/api.w.org\/{rel}","templated":true}]}}