{"id":47371,"date":"2024-10-19T13:51:50","date_gmt":"2024-10-19T13:51:50","guid":{"rendered":"https:\/\/recambiosecogas.com\/producto\/impco-kit-de-reparacion-para-el-reductor-de-glp-modelo-l\/"},"modified":"2026-04-08T11:02:47","modified_gmt":"2026-04-08T10:02:47","slug":"impco-kit-de-reparacion-para-el-reductor-de-glp-modelo-l","status":"publish","type":"product","link":"https:\/\/recambiosecogas.com\/it\/producto\/impco-kit-de-reparacion-para-el-reductor-de-glp-modelo-l\/","title":{"rendered":"Kit di riparazione IMPCO per riduttore a GPL modello L"},"content":{"rendered":"<h1 data-start=\"0\" data-end=\"58\">Kit di riparazione IMPCO per riduttore a GPL modello L<\/h1>\n<p data-start=\"60\" data-end=\"439\">Il <strong data-start=\"63\" data-end=\"109\">kit di riparazione riduttore di GPL modello L di IMPCO<\/strong> \u00e8 progettato per la manutenzione del riduttore <em data-start=\"173\" data-end=\"183\">versione<\/em> L di IMPCO, permettendo di sostituire i componenti interni soggetti a usura e di recuperare la stabilit\u00e0 di pressione del sistema. Questo assemblaggio facilita la ricondizionazione del regolatore e aiuta a mantenere un funzionamento costante nei sistemi a gas GPL. <\/p>\n<p data-start=\"441\" data-end=\"804\">Con l&#8217;uso continuo, membrane interne e guarnizioni possono deteriorarsi, influenzando la regolazione della pressione e le prestazioni complessive del cambio. La sostituzione di questi elementi con un kit specifico permette di ripristinare le condizioni di lavoro originali, evitando variazioni di pressione, funzionamento irregolare e possibili interruzioni nella fornitura del gas. <\/p>\n<hr data-start=\"806\" data-end=\"809\">\n<h2 data-start=\"811\" data-end=\"871\">Applicazione del kit di riparazione riduttore di GPL modello L di IMPCO<\/h2>\n<div class=\"TyagGW_tableContainer\">\n<div class=\"group TyagGW_tableWrapper flex flex-col-reverse w-fit\" tabindex=\"-1\">\n<table class=\"w-fit min-w-(--thread-content-width)\" data-start=\"873\" data-end=\"1138\">\n<thead data-start=\"873\" data-end=\"908\">\n<tr data-start=\"873\" data-end=\"908\">\n<th class=\"\" data-start=\"873\" data-end=\"890\" data-col-size=\"sm\">Caratteristiche<\/th>\n<th class=\"\" data-start=\"890\" data-end=\"908\" data-col-size=\"sm\">Specifiche<\/th>\n<\/tr>\n<\/thead>\n<tbody data-start=\"945\" data-end=\"1138\">\n<tr data-start=\"945\" data-end=\"977\">\n<td data-start=\"945\" data-end=\"956\" data-col-size=\"sm\">Prodotto<\/td>\n<td data-start=\"956\" data-end=\"977\" data-col-size=\"sm\">Kit di riparazione<\/td>\n<\/tr>\n<tr data-start=\"978\" data-end=\"995\">\n<td data-start=\"978\" data-end=\"986\" data-col-size=\"sm\">Marchio<\/td>\n<td data-start=\"986\" data-end=\"995\" data-col-size=\"sm\">IMPCO<\/td>\n<\/tr>\n<tr data-start=\"996\" data-end=\"1041\">\n<td data-start=\"996\" data-end=\"1016\" data-col-size=\"sm\">Modello compatibile<\/td>\n<td data-start=\"1016\" data-end=\"1041\" data-col-size=\"sm\">Modello L riduttore di GPL<\/td>\n<\/tr>\n<tr data-start=\"1042\" data-end=\"1074\">\n<td data-start=\"1042\" data-end=\"1055\" data-col-size=\"sm\">Applicazione<\/td>\n<td data-start=\"1055\" data-end=\"1074\" data-col-size=\"sm\">Riduttore di gas<\/td>\n<\/tr>\n<tr data-start=\"1075\" data-end=\"1096\">\n<td data-start=\"1075\" data-end=\"1089\" data-col-size=\"sm\">Carburante<\/td>\n<td data-start=\"1089\" data-end=\"1096\" data-col-size=\"sm\">GPL<\/td>\n<\/tr>\n<tr data-start=\"1097\" data-end=\"1138\">\n<td data-start=\"1097\" data-end=\"1111\" data-col-size=\"sm\">Installazione<\/td>\n<td data-start=\"1111\" data-end=\"1138\" data-col-size=\"sm\">Professionisti consigliati<\/td>\n<\/tr>\n<\/tbody>\n<\/table>\n<\/div>\n<\/div>\n<hr data-start=\"1140\" data-end=\"1143\">\n<h2 data-start=\"1145\" data-end=\"1185\">Servizio e manutenzione del Model L<\/h2>\n<p data-start=\"1187\" data-end=\"1234\">Questo kit include gli elementi necessari per:<\/p>\n<ul data-start=\"1236\" data-end=\"1395\">\n<li data-start=\"1236\" data-end=\"1268\">\n<p data-start=\"1238\" data-end=\"1268\">Sostituire le membrane interne<\/p>\n<\/li>\n<li data-start=\"1269\" data-end=\"1306\">\n<p data-start=\"1271\" data-end=\"1306\">Sostituire guarnizioni<\/p>\n<\/li>\n<li data-start=\"1307\" data-end=\"1345\">\n<p data-start=\"1309\" data-end=\"1345\">Ripristinare la regolazione della pressione<\/p>\n<\/li>\n<li data-start=\"1346\" data-end=\"1395\">\n<p data-start=\"1348\" data-end=\"1395\">Mantenere la stabilit\u00e0 operativa del sistema<\/p>\n<\/li>\n<\/ul>\n<p data-start=\"1397\" data-end=\"1540\">Una corretta manutenzione del cambio IMPCO Model L aiuta a prolungarne la vita utile e a garantire prestazioni affidabili nelle applicazioni a GPL.<\/p>\n<hr data-start=\"1542\" data-end=\"1545\">\n<h2 data-start=\"1547\" data-end=\"1564\">Compatibilit\u00e0<\/h2>\n<p data-start=\"1566\" data-end=\"1696\">Compatibile esclusivamente con cambi <em data-start=\"1613\" data-end=\"1623\">IMPCO modello L<\/em>.<br data-start=\"1624\" data-end=\"1627\">Si consiglia verificare il riferimento esatto prima dell&#8217;installazione.<\/p>\n<hr data-start=\"1698\" data-end=\"1701\">\n<h2 data-start=\"1703\" data-end=\"1709\">Domande frequenti<\/h2>\n<p data-start=\"1711\" data-end=\"1813\"><strong data-start=\"1711\" data-end=\"1740\">A cosa serve questo kit?<\/strong><br data-start=\"1740\" data-end=\"1743\">Consente la manutenzione interna del cambio IMPCO modello L.<\/p>\n<p data-start=\"1815\" data-end=\"1903\"><strong data-start=\"1815\" data-end=\"1855\">\u00c8 valido per altri modelli IMPCO?<\/strong><br data-start=\"1855\" data-end=\"1858\">\u00c8 specificamente pensato per il <em data-start=\"1892\" data-end=\"1902\">modello L<\/em>.<\/p>\n<p data-start=\"1905\" data-end=\"1998\"><strong data-start=\"1905\" data-end=\"1943\">Richiede un&#8217;installazione professionale?<\/strong><br data-start=\"1943\" data-end=\"1946\">S\u00ec, \u00e8 consigliato l&#8217;assemblaggio da parte di un tecnico specializzato.<\/p>\n","protected":false},"excerpt":{"rendered":"<p>Kit di riparazione IMPCO per riduttore a GPL modello L<\/p>\n","protected":false},"featured_media":6231,"comment_status":"open","ping_status":"closed","template":"","meta":{"googlesitekit_rrm_CAowud7EDA:productID":"","_uag_custom_page_level_css":""},"product_brand":[],"product_cat":[2135,2136],"product_tag":[],"class_list":{"0":"post-47371","1":"product","2":"type-product","3":"status-publish","4":"has-post-thumbnail","6":"product_cat-juegos-de-reparacion-glp","7":"product_cat-reguladores-de-presion","9":"first","10":"onbackorder","11":"taxable","12":"shipping-taxable","13":"purchasable","14":"product-type-simple"},"ct_brands":[],"yoast_head":"<!-- This site is optimized with the Yoast SEO Premium plugin v27.4 (Yoast SEO v27.4) - https:\/\/yoast.com\/product\/yoast-seo-premium-wordpress\/ -->\n<title>Kit di riparazione IMPCO per riduttore a GPL modello L |%Recambios EcoGas<\/title>\n<meta name=\"description\" content=\"Kit riduttore di GPL modello L IMPCO per la manutenzione e il recupero di una pressione stabile nei sistemi a gas GPL.\" \/>\n<meta name=\"robots\" content=\"index, follow, max-snippet:-1, max-image-preview:large, max-video-preview:-1\" \/>\n<link rel=\"canonical\" href=\"https:\/\/recambiosecogas.com\/it\/producto\/impco-kit-de-reparacion-para-el-reductor-de-glp-modelo-l\/\" \/>\n<meta property=\"og:locale\" content=\"it_IT\" \/>\n<meta property=\"og:type\" content=\"article\" \/>\n<meta property=\"og:title\" content=\"Kit di riparazione IMPCO per riduttore a GPL modello L\" \/>\n<meta property=\"og:description\" content=\"Kit riduttore di GPL modello L IMPCO per la manutenzione e il recupero di una pressione stabile nei sistemi a gas GPL.\" \/>\n<meta property=\"og:url\" content=\"https:\/\/recambiosecogas.com\/it\/producto\/impco-kit-de-reparacion-para-el-reductor-de-glp-modelo-l\/\" \/>\n<meta property=\"og:site_name\" content=\"Recambios EcoGas\" \/>\n<meta property=\"article:publisher\" content=\"https:\/\/www.facebook.com\/profile.php?id=100062419705358\" \/>\n<meta property=\"article:modified_time\" content=\"2026-04-08T10:02:47+00:00\" \/>\n<meta property=\"og:image\" content=\"https:\/\/recambiosecogas.com\/wp-content\/uploads\/2024\/10\/IMPCO-kit-de-reparacion-para-el-reductor-de-GLP-modelo-L-png.webp\" \/>\n\t<meta property=\"og:image:width\" content=\"1000\" \/>\n\t<meta property=\"og:image:height\" content=\"1000\" \/>\n\t<meta property=\"og:image:type\" content=\"image\/png\" \/>\n<meta name=\"twitter:card\" content=\"summary_large_image\" \/>\n<meta name=\"twitter:label1\" content=\"Prezzo\" \/>\n\t<meta name=\"twitter:data1\" content=\"249,99&nbsp;&euro; (IVA incl.: 302,49&nbsp;&euro;)\" \/>\n\t<meta name=\"twitter:label2\" content=\"Disponibilit\u00e0\" \/>\n\t<meta name=\"twitter:data2\" content=\"Su ordinazione\" \/>\n<script type=\"application\/ld+json\" class=\"yoast-schema-graph\">{\"@context\":\"https:\\\/\\\/schema.org\",\"@graph\":[{\"@type\":\"WebPage\",\"@id\":\"https:\\\/\\\/recambiosecogas.com\\\/it\\\/producto\\\/impco-kit-de-reparacion-para-el-reductor-de-glp-modelo-l\\\/\",\"url\":\"https:\\\/\\\/recambiosecogas.com\\\/it\\\/producto\\\/impco-kit-de-reparacion-para-el-reductor-de-glp-modelo-l\\\/\",\"name\":\"Kit di riparazione IMPCO per riduttore a GPL modello L |%Recambios EcoGas\",\"isPartOf\":{\"@id\":\"https:\\\/\\\/recambiosecogas.com\\\/it\\\/#website\"},\"primaryImageOfPage\":{\"@id\":\"https:\\\/\\\/recambiosecogas.com\\\/it\\\/producto\\\/impco-kit-de-reparacion-para-el-reductor-de-glp-modelo-l\\\/#primaryimage\"},\"image\":{\"@id\":\"https:\\\/\\\/recambiosecogas.com\\\/it\\\/producto\\\/impco-kit-de-reparacion-para-el-reductor-de-glp-modelo-l\\\/#primaryimage\"},\"thumbnailUrl\":\"https:\\\/\\\/recambiosecogas.com\\\/wp-content\\\/uploads\\\/2024\\\/10\\\/IMPCO-kit-de-reparacion-para-el-reductor-de-GLP-modelo-L-png.webp\",\"datePublished\":\"2024-10-19T13:51:50+00:00\",\"dateModified\":\"2026-04-08T10:02:47+00:00\",\"description\":\"Kit riduttore di GPL modello L IMPCO per la manutenzione e il recupero di una pressione stabile nei sistemi a gas GPL.\",\"breadcrumb\":{\"@id\":\"https:\\\/\\\/recambiosecogas.com\\\/it\\\/producto\\\/impco-kit-de-reparacion-para-el-reductor-de-glp-modelo-l\\\/#breadcrumb\"},\"inLanguage\":\"it-IT\",\"potentialAction\":[{\"@type\":\"ReadAction\",\"target\":[\"https:\\\/\\\/recambiosecogas.com\\\/it\\\/producto\\\/impco-kit-de-reparacion-para-el-reductor-de-glp-modelo-l\\\/\"]}]},{\"@type\":\"ImageObject\",\"inLanguage\":\"it-IT\",\"@id\":\"https:\\\/\\\/recambiosecogas.com\\\/it\\\/producto\\\/impco-kit-de-reparacion-para-el-reductor-de-glp-modelo-l\\\/#primaryimage\",\"url\":\"https:\\\/\\\/recambiosecogas.com\\\/wp-content\\\/uploads\\\/2024\\\/10\\\/IMPCO-kit-de-reparacion-para-el-reductor-de-GLP-modelo-L-png.webp\",\"contentUrl\":\"https:\\\/\\\/recambiosecogas.com\\\/wp-content\\\/uploads\\\/2024\\\/10\\\/IMPCO-kit-de-reparacion-para-el-reductor-de-GLP-modelo-L-png.webp\",\"width\":1000,\"height\":1000},{\"@type\":\"BreadcrumbList\",\"@id\":\"https:\\\/\\\/recambiosecogas.com\\\/it\\\/producto\\\/impco-kit-de-reparacion-para-el-reductor-de-glp-modelo-l\\\/#breadcrumb\",\"itemListElement\":[{\"@type\":\"ListItem\",\"position\":1,\"name\":\"Portada\",\"item\":\"https:\\\/\\\/recambiosecogas.com\\\/it\\\/\"},{\"@type\":\"ListItem\",\"position\":2,\"name\":\"Negozio\",\"item\":\"https:\\\/\\\/recambiosecogas.com\\\/it\\\/?page_id=46382\"},{\"@type\":\"ListItem\",\"position\":3,\"name\":\"Kit di riparazione IMPCO per riduttore a GPL modello L\"}]},{\"@type\":\"WebSite\",\"@id\":\"https:\\\/\\\/recambiosecogas.com\\\/it\\\/#website\",\"url\":\"https:\\\/\\\/recambiosecogas.com\\\/it\\\/\",\"name\":\"Recambios EcoGas\",\"description\":\"Recambios Multimarca para sistemas de GLP\\\/GNC\\\/GNL\\\/Hidr\u00f3geno\",\"publisher\":{\"@id\":\"https:\\\/\\\/recambiosecogas.com\\\/it\\\/#organization\"},\"alternateName\":\"Recambios Autogas GLP\",\"potentialAction\":[{\"@type\":\"SearchAction\",\"target\":{\"@type\":\"EntryPoint\",\"urlTemplate\":\"https:\\\/\\\/recambiosecogas.com\\\/it\\\/?s={search_term_string}\"},\"query-input\":{\"@type\":\"PropertyValueSpecification\",\"valueRequired\":true,\"valueName\":\"search_term_string\"}}],\"inLanguage\":\"it-IT\"},{\"@type\":[\"Organization\",\"Place\"],\"@id\":\"https:\\\/\\\/recambiosecogas.com\\\/it\\\/#organization\",\"name\":\"Recambios EcoGas\",\"alternateName\":\"Tienda Online GLP Espa\u00f1a\",\"url\":\"https:\\\/\\\/recambiosecogas.com\\\/it\\\/\",\"logo\":{\"@id\":\"https:\\\/\\\/recambiosecogas.com\\\/it\\\/producto\\\/impco-kit-de-reparacion-para-el-reductor-de-glp-modelo-l\\\/#local-main-organization-logo\"},\"image\":{\"@id\":\"https:\\\/\\\/recambiosecogas.com\\\/it\\\/producto\\\/impco-kit-de-reparacion-para-el-reductor-de-glp-modelo-l\\\/#local-main-organization-logo\"},\"sameAs\":[\"https:\\\/\\\/www.facebook.com\\\/profile.php?id=100062419705358\",\"https:\\\/\\\/www.instagram.com\\\/segimon_automocio\"],\"description\":\"Recambios EcoGas \u2013 Venta y distribuci\u00f3n de sistemas GLP y GNC en Espa\u00f1a y Portugal. Env\u00edos 24 h, soporte t\u00e9cnico a talleres y distribuidores.\",\"hasMerchantReturnPolicy\":{\"@type\":\"MerchantReturnPolicy\",\"merchantReturnLink\":\"https:\\\/\\\/recambiosecogas.com\\\/politicas-privacidad\\\/\"},\"address\":{\"@id\":\"https:\\\/\\\/recambiosecogas.com\\\/it\\\/producto\\\/impco-kit-de-reparacion-para-el-reductor-de-glp-modelo-l\\\/#local-main-place-address\"},\"telephone\":[\"616250633\"],\"contactPoint\":{\"@type\":\"ContactPoint\",\"email\":\"export@recambiosecogas.com\"},\"openingHoursSpecification\":[{\"@type\":\"OpeningHoursSpecification\",\"dayOfWeek\":[\"Monday\",\"Tuesday\",\"Wednesday\",\"Thursday\",\"Friday\",\"Saturday\",\"Sunday\"],\"opens\":\"09:00\",\"closes\":\"17:00\"}],\"email\":\"info@recambiosecogas.com\",\"faxNumber\":\"SEGIMON AUTOMOCION SL\",\"vatID\":\"ESB19819861\",\"globalLocationNumber\":\"938 616 339\"},{\"@type\":\"PostalAddress\",\"@id\":\"https:\\\/\\\/recambiosecogas.com\\\/it\\\/producto\\\/impco-kit-de-reparacion-para-el-reductor-de-glp-modelo-l\\\/#local-main-place-address\",\"streetAddress\":\"cami antic de vic, 29 (Nave 3), Pol\u00edgono Industrial Congost\",\"addressLocality\":\"CORRO D`AVALL\",\"postalCode\":\"08520\",\"addressRegion\":\"Barcelona\",\"addressCountry\":\"ES\"},{\"@type\":\"ImageObject\",\"inLanguage\":\"it-IT\",\"@id\":\"https:\\\/\\\/recambiosecogas.com\\\/it\\\/producto\\\/impco-kit-de-reparacion-para-el-reductor-de-glp-modelo-l\\\/#local-main-organization-logo\",\"url\":\"https:\\\/\\\/recambiosecogas.com\\\/wp-content\\\/uploads\\\/2024\\\/11\\\/cropped-RECAMBIOS-GLP-png.webp\",\"contentUrl\":\"https:\\\/\\\/recambiosecogas.com\\\/wp-content\\\/uploads\\\/2024\\\/11\\\/cropped-RECAMBIOS-GLP-png.webp\",\"width\":512,\"height\":512,\"caption\":\"Recambios EcoGas\"}]}<\/script>\n<meta property=\"product:price:amount\" content=\"249.99\" \/>\n<meta property=\"product:price:currency\" content=\"EUR\" \/>\n<meta property=\"og:availability\" content=\"backorder\" \/>\n<meta property=\"product:availability\" content=\"available for order\" \/>\n<meta property=\"product:retailer_item_id\" content=\"112574A\" \/>\n<meta property=\"product:condition\" content=\"new\" \/>\n<meta name=\"geo.placename\" content=\"CORRO D`AVALL\" \/>\n<meta name=\"geo.region\" content=\"Spagna\" \/>\n<!-- \/ Yoast SEO Premium plugin. -->","yoast_head_json":{"title":"Kit di riparazione IMPCO per riduttore a GPL modello L |%Recambios EcoGas","description":"Kit riduttore di GPL modello L IMPCO per la manutenzione e il recupero di una pressione stabile nei sistemi a gas GPL.","robots":{"index":"index","follow":"follow","max-snippet":"max-snippet:-1","max-image-preview":"max-image-preview:large","max-video-preview":"max-video-preview:-1"},"canonical":"https:\/\/recambiosecogas.com\/it\/producto\/impco-kit-de-reparacion-para-el-reductor-de-glp-modelo-l\/","og_locale":"it_IT","og_type":"article","og_title":"Kit di riparazione IMPCO per riduttore a GPL modello L","og_description":"Kit riduttore di GPL modello L IMPCO per la manutenzione e il recupero di una pressione stabile nei sistemi a gas GPL.","og_url":"https:\/\/recambiosecogas.com\/it\/producto\/impco-kit-de-reparacion-para-el-reductor-de-glp-modelo-l\/","og_site_name":"Recambios EcoGas","article_publisher":"https:\/\/www.facebook.com\/profile.php?id=100062419705358","article_modified_time":"2026-04-08T10:02:47+00:00","og_image":[{"width":1000,"height":1000,"url":"https:\/\/recambiosecogas.com\/wp-content\/uploads\/2024\/10\/IMPCO-kit-de-reparacion-para-el-reductor-de-GLP-modelo-L-png.webp","type":"image\/png"}],"twitter_card":"summary_large_image","twitter_misc":{"Prezzo":"249,99&nbsp;&euro; (IVA incl.: 302,49&nbsp;&euro;)","Disponibilit\u00e0":"Su ordinazione"},"schema":{"@context":"https:\/\/schema.org","@graph":[{"@type":"WebPage","@id":"https:\/\/recambiosecogas.com\/it\/producto\/impco-kit-de-reparacion-para-el-reductor-de-glp-modelo-l\/","url":"https:\/\/recambiosecogas.com\/it\/producto\/impco-kit-de-reparacion-para-el-reductor-de-glp-modelo-l\/","name":"Kit di riparazione IMPCO per riduttore a GPL modello L |%Recambios EcoGas","isPartOf":{"@id":"https:\/\/recambiosecogas.com\/it\/#website"},"primaryImageOfPage":{"@id":"https:\/\/recambiosecogas.com\/it\/producto\/impco-kit-de-reparacion-para-el-reductor-de-glp-modelo-l\/#primaryimage"},"image":{"@id":"https:\/\/recambiosecogas.com\/it\/producto\/impco-kit-de-reparacion-para-el-reductor-de-glp-modelo-l\/#primaryimage"},"thumbnailUrl":"https:\/\/recambiosecogas.com\/wp-content\/uploads\/2024\/10\/IMPCO-kit-de-reparacion-para-el-reductor-de-GLP-modelo-L-png.webp","datePublished":"2024-10-19T13:51:50+00:00","dateModified":"2026-04-08T10:02:47+00:00","description":"Kit riduttore di GPL modello L IMPCO per la manutenzione e il recupero di una pressione stabile nei sistemi a gas GPL.","breadcrumb":{"@id":"https:\/\/recambiosecogas.com\/it\/producto\/impco-kit-de-reparacion-para-el-reductor-de-glp-modelo-l\/#breadcrumb"},"inLanguage":"it-IT","potentialAction":[{"@type":"ReadAction","target":["https:\/\/recambiosecogas.com\/it\/producto\/impco-kit-de-reparacion-para-el-reductor-de-glp-modelo-l\/"]}]},{"@type":"ImageObject","inLanguage":"it-IT","@id":"https:\/\/recambiosecogas.com\/it\/producto\/impco-kit-de-reparacion-para-el-reductor-de-glp-modelo-l\/#primaryimage","url":"https:\/\/recambiosecogas.com\/wp-content\/uploads\/2024\/10\/IMPCO-kit-de-reparacion-para-el-reductor-de-GLP-modelo-L-png.webp","contentUrl":"https:\/\/recambiosecogas.com\/wp-content\/uploads\/2024\/10\/IMPCO-kit-de-reparacion-para-el-reductor-de-GLP-modelo-L-png.webp","width":1000,"height":1000},{"@type":"BreadcrumbList","@id":"https:\/\/recambiosecogas.com\/it\/producto\/impco-kit-de-reparacion-para-el-reductor-de-glp-modelo-l\/#breadcrumb","itemListElement":[{"@type":"ListItem","position":1,"name":"Portada","item":"https:\/\/recambiosecogas.com\/it\/"},{"@type":"ListItem","position":2,"name":"Negozio","item":"https:\/\/recambiosecogas.com\/it\/?page_id=46382"},{"@type":"ListItem","position":3,"name":"Kit di riparazione IMPCO per riduttore a GPL modello L"}]},{"@type":"WebSite","@id":"https:\/\/recambiosecogas.com\/it\/#website","url":"https:\/\/recambiosecogas.com\/it\/","name":"Recambios EcoGas","description":"Recambios Multimarca para sistemas de GLP\/GNC\/GNL\/Hidr\u00f3geno","publisher":{"@id":"https:\/\/recambiosecogas.com\/it\/#organization"},"alternateName":"Recambios Autogas GLP","potentialAction":[{"@type":"SearchAction","target":{"@type":"EntryPoint","urlTemplate":"https:\/\/recambiosecogas.com\/it\/?s={search_term_string}"},"query-input":{"@type":"PropertyValueSpecification","valueRequired":true,"valueName":"search_term_string"}}],"inLanguage":"it-IT"},{"@type":["Organization","Place"],"@id":"https:\/\/recambiosecogas.com\/it\/#organization","name":"Recambios EcoGas","alternateName":"Tienda Online GLP Espa\u00f1a","url":"https:\/\/recambiosecogas.com\/it\/","logo":{"@id":"https:\/\/recambiosecogas.com\/it\/producto\/impco-kit-de-reparacion-para-el-reductor-de-glp-modelo-l\/#local-main-organization-logo"},"image":{"@id":"https:\/\/recambiosecogas.com\/it\/producto\/impco-kit-de-reparacion-para-el-reductor-de-glp-modelo-l\/#local-main-organization-logo"},"sameAs":["https:\/\/www.facebook.com\/profile.php?id=100062419705358","https:\/\/www.instagram.com\/segimon_automocio"],"description":"Recambios EcoGas \u2013 Venta y distribuci\u00f3n de sistemas GLP y GNC en Espa\u00f1a y Portugal. Env\u00edos 24 h, soporte t\u00e9cnico a talleres y distribuidores.","hasMerchantReturnPolicy":{"@type":"MerchantReturnPolicy","merchantReturnLink":"https:\/\/recambiosecogas.com\/politicas-privacidad\/"},"address":{"@id":"https:\/\/recambiosecogas.com\/it\/producto\/impco-kit-de-reparacion-para-el-reductor-de-glp-modelo-l\/#local-main-place-address"},"telephone":["616250633"],"contactPoint":{"@type":"ContactPoint","email":"export@recambiosecogas.com"},"openingHoursSpecification":[{"@type":"OpeningHoursSpecification","dayOfWeek":["Monday","Tuesday","Wednesday","Thursday","Friday","Saturday","Sunday"],"opens":"09:00","closes":"17:00"}],"email":"info@recambiosecogas.com","faxNumber":"SEGIMON AUTOMOCION SL","vatID":"ESB19819861","globalLocationNumber":"938 616 339"},{"@type":"PostalAddress","@id":"https:\/\/recambiosecogas.com\/it\/producto\/impco-kit-de-reparacion-para-el-reductor-de-glp-modelo-l\/#local-main-place-address","streetAddress":"cami antic de vic, 29 (Nave 3), Pol\u00edgono Industrial Congost","addressLocality":"CORRO D`AVALL","postalCode":"08520","addressRegion":"Barcelona","addressCountry":"ES"},{"@type":"ImageObject","inLanguage":"it-IT","@id":"https:\/\/recambiosecogas.com\/it\/producto\/impco-kit-de-reparacion-para-el-reductor-de-glp-modelo-l\/#local-main-organization-logo","url":"https:\/\/recambiosecogas.com\/wp-content\/uploads\/2024\/11\/cropped-RECAMBIOS-GLP-png.webp","contentUrl":"https:\/\/recambiosecogas.com\/wp-content\/uploads\/2024\/11\/cropped-RECAMBIOS-GLP-png.webp","width":512,"height":512,"caption":"Recambios EcoGas"}]},"product_price_amount":"249.99","product_price_currency":"EUR","og_availability":"backorder","product_availability":"available for order","product_retailer_item_id":"112574A","product_condition":"new","geo.placename":"CORRO D`AVALL","geo.region":"Spagna"},"uagb_featured_image_src":{"full":["https:\/\/recambiosecogas.com\/wp-content\/uploads\/2024\/10\/IMPCO-kit-de-reparacion-para-el-reductor-de-GLP-modelo-L-png.webp",1000,1000,false],"thumbnail":["https:\/\/recambiosecogas.com\/wp-content\/uploads\/2024\/10\/IMPCO-kit-de-reparacion-para-el-reductor-de-GLP-modelo-L-150x150.webp",150,150,true],"medium":["https:\/\/recambiosecogas.com\/wp-content\/uploads\/2024\/10\/IMPCO-kit-de-reparacion-para-el-reductor-de-GLP-modelo-L-300x300.webp",300,300,true],"medium_large":["https:\/\/recambiosecogas.com\/wp-content\/uploads\/2024\/10\/IMPCO-kit-de-reparacion-para-el-reductor-de-GLP-modelo-L-768x768.webp",768,768,true],"large":["https:\/\/recambiosecogas.com\/wp-content\/uploads\/2024\/10\/IMPCO-kit-de-reparacion-para-el-reductor-de-GLP-modelo-L-png.webp",1000,1000,false],"1536x1536":["https:\/\/recambiosecogas.com\/wp-content\/uploads\/2024\/10\/IMPCO-kit-de-reparacion-para-el-reductor-de-GLP-modelo-L-png.webp",1000,1000,false],"2048x2048":["https:\/\/recambiosecogas.com\/wp-content\/uploads\/2024\/10\/IMPCO-kit-de-reparacion-para-el-reductor-de-GLP-modelo-L-png.webp",1000,1000,false],"woocommerce_archive_thumbnail":["https:\/\/recambiosecogas.com\/wp-content\/uploads\/2024\/10\/IMPCO-kit-de-reparacion-para-el-reductor-de-GLP-modelo-L-png.webp",1000,1000,false],"woocommerce_thumbnail":["https:\/\/recambiosecogas.com\/wp-content\/uploads\/2024\/10\/IMPCO-kit-de-reparacion-para-el-reductor-de-GLP-modelo-L-png-300x300.webp",300,300,true],"woocommerce_single":["https:\/\/recambiosecogas.com\/wp-content\/uploads\/2024\/10\/IMPCO-kit-de-reparacion-para-el-reductor-de-GLP-modelo-L-png.webp",1000,1000,false],"woocommerce_gallery_thumbnail":["https:\/\/recambiosecogas.com\/wp-content\/uploads\/2024\/10\/IMPCO-kit-de-reparacion-para-el-reductor-de-GLP-modelo-L-png.webp",1000,1000,false],"dgwt-wcas-product-suggestion":["https:\/\/recambiosecogas.com\/wp-content\/uploads\/2024\/10\/IMPCO-kit-de-reparacion-para-el-reductor-de-GLP-modelo-L-png-64x64.webp",64,64,true]},"uagb_author_info":{"display_name":"Fran - Soporte T\u00e9cnico","author_link":"https:\/\/recambiosecogas.com\/it\/author\/"},"uagb_comment_info":0,"uagb_excerpt":"Kit di riparazione IMPCO per riduttore a GPL modello L","_links":{"self":[{"href":"https:\/\/recambiosecogas.com\/it\/wp-json\/wp\/v2\/product\/47371","targetHints":{"allow":["GET"]}}],"collection":[{"href":"https:\/\/recambiosecogas.com\/it\/wp-json\/wp\/v2\/product"}],"about":[{"href":"https:\/\/recambiosecogas.com\/it\/wp-json\/wp\/v2\/types\/product"}],"replies":[{"embeddable":true,"href":"https:\/\/recambiosecogas.com\/it\/wp-json\/wp\/v2\/comments?post=47371"}],"wp:featuredmedia":[{"embeddable":true,"href":"https:\/\/recambiosecogas.com\/it\/wp-json\/wp\/v2\/media\/6231"}],"wp:attachment":[{"href":"https:\/\/recambiosecogas.com\/it\/wp-json\/wp\/v2\/media?parent=47371"}],"wp:term":[{"taxonomy":"product_brand","embeddable":true,"href":"https:\/\/recambiosecogas.com\/it\/wp-json\/wp\/v2\/product_brand?post=47371"},{"taxonomy":"product_cat","embeddable":true,"href":"https:\/\/recambiosecogas.com\/it\/wp-json\/wp\/v2\/product_cat?post=47371"},{"taxonomy":"product_tag","embeddable":true,"href":"https:\/\/recambiosecogas.com\/it\/wp-json\/wp\/v2\/product_tag?post=47371"}],"curies":[{"name":"wp","href":"https:\/\/api.w.org\/{rel}","templated":true}]}}