{"id":47358,"date":"2024-10-19T13:51:47","date_gmt":"2024-10-19T13:51:47","guid":{"rendered":"https:\/\/recambiosecogas.com\/producto\/kit-de-reparacion-del-reductor-emmegas-ml04xj\/"},"modified":"2026-04-08T11:02:40","modified_gmt":"2026-04-08T10:02:40","slug":"kit-de-reparacion-del-reductor-emmegas-ml04xj","status":"publish","type":"product","link":"https:\/\/recambiosecogas.com\/it\/producto\/kit-de-reparacion-del-reductor-emmegas-ml04xj\/","title":{"rendered":"Kit di riparazione riduttori EmmeGas ML04xJ"},"content":{"rendered":"<h1 data-start=\"0\" data-end=\"47\">Kit di riparazione riduttori EmmeGas ML04xJ<\/h1>\n<p data-start=\"49\" data-end=\"430\">Il <strong data-start=\"52\" data-end=\"94\">kit di riparazione riduttore EmmeGas ML04xJ<\/strong> \u00e8 progettato per la <strong data-start=\"117\" data-end=\"169\">manutenzione del riduttore EmmeGas ML04xJ<\/strong>, permettendo la sostituzione di componenti interni soggetti a usura e ripristinando la stabilit\u00e0 di pressione del sistema. Questo assemblaggio facilita il ricondizionamento del regolatore e aiuta a mantenere un funzionamento costante e affidabile nei sistemi a GPL. <\/p>\n<p data-start=\"432\" data-end=\"800\">Con l&#8217;uso continuo, membrane interne e guarnizioni possono deteriorarsi, influenzando la regolazione della pressione e le prestazioni complessive del cambio. La sostituzione preventiva di questi elementi tramite questo kit aiuta a ripristinare le condizioni di lavoro originali ed evitare irregolarit\u00e0 nell&#8217;approvvigionamento del gas, migliorando l&#8217;efficienza del sistema. <\/p>\n<hr data-start=\"802\" data-end=\"805\">\n<h2 data-start=\"807\" data-end=\"863\">Applicazione del kit riduttore EmmeGas ML04xJ<\/h2>\n<div class=\"TyagGW_tableContainer\">\n<div class=\"group TyagGW_tableWrapper flex flex-col-reverse w-fit\" tabindex=\"-1\">\n<table class=\"w-fit min-w-(--thread-content-width)\" data-start=\"865\" data-end=\"1114\">\n<thead data-start=\"865\" data-end=\"900\">\n<tr data-start=\"865\" data-end=\"900\">\n<th class=\"\" data-start=\"865\" data-end=\"882\" data-col-size=\"sm\">Caratteristiche<\/th>\n<th class=\"\" data-start=\"882\" data-end=\"900\" data-col-size=\"sm\">Specifiche<\/th>\n<\/tr>\n<\/thead>\n<tbody data-start=\"937\" data-end=\"1114\">\n<tr data-start=\"937\" data-end=\"969\">\n<td data-start=\"937\" data-end=\"948\" data-col-size=\"sm\">Prodotto<\/td>\n<td data-start=\"948\" data-end=\"969\" data-col-size=\"sm\">Kit di riparazione<\/td>\n<\/tr>\n<tr data-start=\"970\" data-end=\"989\">\n<td data-start=\"970\" data-end=\"978\" data-col-size=\"sm\">Marchio<\/td>\n<td data-start=\"978\" data-end=\"989\" data-col-size=\"sm\">EmmeGas<\/td>\n<\/tr>\n<tr data-start=\"990\" data-end=\"1020\">\n<td data-start=\"990\" data-end=\"1010\" data-col-size=\"sm\">Modello compatibile<\/td>\n<td data-start=\"1010\" data-end=\"1020\" data-col-size=\"sm\">ML04xJ<\/td>\n<\/tr>\n<tr data-start=\"1021\" data-end=\"1050\">\n<td data-start=\"1021\" data-end=\"1034\" data-col-size=\"sm\">Applicazione<\/td>\n<td data-start=\"1034\" data-end=\"1050\" data-col-size=\"sm\">Riduttore di GPL<\/td>\n<\/tr>\n<tr data-start=\"1051\" data-end=\"1072\">\n<td data-start=\"1051\" data-end=\"1065\" data-col-size=\"sm\">Carburante<\/td>\n<td data-start=\"1065\" data-end=\"1072\" data-col-size=\"sm\">GPL<\/td>\n<\/tr>\n<tr data-start=\"1073\" data-end=\"1114\">\n<td data-start=\"1073\" data-end=\"1087\" data-col-size=\"sm\">Installazione<\/td>\n<td data-start=\"1087\" data-end=\"1114\" data-col-size=\"sm\">Professionisti consigliati<\/td>\n<\/tr>\n<\/tbody>\n<\/table>\n<\/div>\n<\/div>\n<hr data-start=\"1116\" data-end=\"1119\">\n<h2 data-start=\"1121\" data-end=\"1168\">Assistenza e manutenzione del cambio ML04xJ<\/h2>\n<p data-start=\"1170\" data-end=\"1217\">Questo kit include gli elementi necessari per:<\/p>\n<ul data-start=\"1219\" data-end=\"1378\">\n<li data-start=\"1219\" data-end=\"1251\">\n<p data-start=\"1221\" data-end=\"1251\">Sostituire le membrane interne<\/p>\n<\/li>\n<li data-start=\"1252\" data-end=\"1289\">\n<p data-start=\"1254\" data-end=\"1289\">Sostituire guarnizioni<\/p>\n<\/li>\n<li data-start=\"1290\" data-end=\"1328\">\n<p data-start=\"1292\" data-end=\"1328\">Ripristinare la regolazione della pressione<\/p>\n<\/li>\n<li data-start=\"1329\" data-end=\"1378\">\n<p data-start=\"1331\" data-end=\"1378\">Mantenere la stabilit\u00e0 operativa del sistema<\/p>\n<\/li>\n<\/ul>\n<p data-start=\"1380\" data-end=\"1531\">Una corretta manutenzione del cambio EmmeGas ML04xJ aiuta a prolungarne la vita utile e a garantire prestazioni stabili nelle applicazioni a gas GPL.<\/p>\n<hr data-start=\"1533\" data-end=\"1536\">\n<h2 data-start=\"1538\" data-end=\"1555\">Compatibilit\u00e0<\/h2>\n<p data-start=\"1557\" data-end=\"1692\">Compatibile esclusivamente con i cambi EmmeGas modello ML04xJ.<br data-start=\"1620\" data-end=\"1623\">Si consiglia verificare il riferimento esatto prima dell&#8217;installazione.<\/p>\n<hr data-start=\"1694\" data-end=\"1697\">\n<h2 data-start=\"1699\" data-end=\"1705\">Domande frequenti<\/h2>\n<p data-start=\"1707\" data-end=\"1809\"><strong data-start=\"1707\" data-end=\"1736\">A cosa serve questo kit?<\/strong><br data-start=\"1736\" data-end=\"1739\">Consente la manutenzione interna del cambio EmmeGas ML04xJ.<\/p>\n<p data-start=\"1811\" data-end=\"1904\"><strong data-start=\"1811\" data-end=\"1853\">\u00c8 valido per altri modelli EmmeGas?<\/strong><br data-start=\"1853\" data-end=\"1856\">\u00c8 specificamente destinato al modello ML04xJ.<\/p>\n<p data-start=\"1906\" data-end=\"1999\"><strong data-start=\"1906\" data-end=\"1944\">Richiede un&#8217;installazione professionale?<\/strong><br data-start=\"1944\" data-end=\"1947\">S\u00ec, \u00e8 consigliato l&#8217;assemblaggio da parte di un tecnico specializzato.<\/p>\n","protected":false},"excerpt":{"rendered":"<p>Kit di riparazione riduttori EmmeGas ML04xJ<\/p>\n","protected":false},"featured_media":6257,"comment_status":"open","ping_status":"closed","template":"","meta":{"googlesitekit_rrm_CAowud7EDA:productID":"","_uag_custom_page_level_css":""},"product_brand":[],"product_cat":[2356,2135,2136],"product_tag":[],"class_list":{"0":"post-47358","1":"product","2":"type-product","3":"status-publish","4":"has-post-thumbnail","6":"product_cat-emmegas","7":"product_cat-juegos-de-reparacion-glp","8":"product_cat-reguladores-de-presion","10":"first","11":"onbackorder","12":"taxable","13":"shipping-taxable","14":"purchasable","15":"product-type-simple"},"ct_brands":[],"yoast_head":"<!-- This site is optimized with the Yoast SEO Premium plugin v27.4 (Yoast SEO v27.4) - https:\/\/yoast.com\/product\/yoast-seo-premium-wordpress\/ -->\n<title>Kit di riparazione riduttori EmmeGas ML04xJ |%Recambios EcoGas<\/title>\n<meta name=\"description\" content=\"Kit di riparazione riduttori EmmeGas ML04xJ per la manutenzione e il recupero di una pressione stabile nei sistemi a GPL.\" \/>\n<meta name=\"robots\" content=\"index, follow, max-snippet:-1, max-image-preview:large, max-video-preview:-1\" \/>\n<link rel=\"canonical\" href=\"https:\/\/recambiosecogas.com\/it\/producto\/kit-de-reparacion-del-reductor-emmegas-ml04xj\/\" \/>\n<meta property=\"og:locale\" content=\"it_IT\" \/>\n<meta property=\"og:type\" content=\"article\" \/>\n<meta property=\"og:title\" content=\"Kit di riparazione riduttori EmmeGas ML04xJ\" \/>\n<meta property=\"og:description\" content=\"Kit di riparazione riduttori EmmeGas ML04xJ per la manutenzione e il recupero di una pressione stabile nei sistemi a GPL.\" \/>\n<meta property=\"og:url\" content=\"https:\/\/recambiosecogas.com\/it\/producto\/kit-de-reparacion-del-reductor-emmegas-ml04xj\/\" \/>\n<meta property=\"og:site_name\" content=\"Recambios EcoGas\" \/>\n<meta property=\"article:publisher\" content=\"https:\/\/www.facebook.com\/profile.php?id=100062419705358\" \/>\n<meta property=\"article:modified_time\" content=\"2026-04-08T10:02:40+00:00\" \/>\n<meta property=\"og:image\" content=\"https:\/\/recambiosecogas.com\/wp-content\/uploads\/2024\/10\/Kit-de-reparacion-del-reductor-EmmeGas-ML04xJ-png.webp\" \/>\n\t<meta property=\"og:image:width\" content=\"1000\" \/>\n\t<meta property=\"og:image:height\" content=\"1000\" \/>\n\t<meta property=\"og:image:type\" content=\"image\/png\" \/>\n<meta name=\"twitter:card\" content=\"summary_large_image\" \/>\n<meta name=\"twitter:label1\" content=\"Prezzo\" \/>\n\t<meta name=\"twitter:data1\" content=\"27,99&nbsp;&euro; (IVA incl.: 33,87&nbsp;&euro;)\" \/>\n\t<meta name=\"twitter:label2\" content=\"Disponibilit\u00e0\" \/>\n\t<meta name=\"twitter:data2\" content=\"Su ordinazione\" \/>\n<script type=\"application\/ld+json\" class=\"yoast-schema-graph\">{\"@context\":\"https:\\\/\\\/schema.org\",\"@graph\":[{\"@type\":\"WebPage\",\"@id\":\"https:\\\/\\\/recambiosecogas.com\\\/it\\\/producto\\\/kit-de-reparacion-del-reductor-emmegas-ml04xj\\\/\",\"url\":\"https:\\\/\\\/recambiosecogas.com\\\/it\\\/producto\\\/kit-de-reparacion-del-reductor-emmegas-ml04xj\\\/\",\"name\":\"Kit di riparazione riduttori EmmeGas ML04xJ |%Recambios EcoGas\",\"isPartOf\":{\"@id\":\"https:\\\/\\\/recambiosecogas.com\\\/it\\\/#website\"},\"primaryImageOfPage\":{\"@id\":\"https:\\\/\\\/recambiosecogas.com\\\/it\\\/producto\\\/kit-de-reparacion-del-reductor-emmegas-ml04xj\\\/#primaryimage\"},\"image\":{\"@id\":\"https:\\\/\\\/recambiosecogas.com\\\/it\\\/producto\\\/kit-de-reparacion-del-reductor-emmegas-ml04xj\\\/#primaryimage\"},\"thumbnailUrl\":\"https:\\\/\\\/recambiosecogas.com\\\/wp-content\\\/uploads\\\/2024\\\/10\\\/Kit-de-reparacion-del-reductor-EmmeGas-ML04xJ-png.webp\",\"datePublished\":\"2024-10-19T13:51:47+00:00\",\"dateModified\":\"2026-04-08T10:02:40+00:00\",\"description\":\"Kit di riparazione riduttori EmmeGas ML04xJ per la manutenzione e il recupero di una pressione stabile nei sistemi a GPL.\",\"breadcrumb\":{\"@id\":\"https:\\\/\\\/recambiosecogas.com\\\/it\\\/producto\\\/kit-de-reparacion-del-reductor-emmegas-ml04xj\\\/#breadcrumb\"},\"inLanguage\":\"it-IT\",\"potentialAction\":[{\"@type\":\"ReadAction\",\"target\":[\"https:\\\/\\\/recambiosecogas.com\\\/it\\\/producto\\\/kit-de-reparacion-del-reductor-emmegas-ml04xj\\\/\"]}]},{\"@type\":\"ImageObject\",\"inLanguage\":\"it-IT\",\"@id\":\"https:\\\/\\\/recambiosecogas.com\\\/it\\\/producto\\\/kit-de-reparacion-del-reductor-emmegas-ml04xj\\\/#primaryimage\",\"url\":\"https:\\\/\\\/recambiosecogas.com\\\/wp-content\\\/uploads\\\/2024\\\/10\\\/Kit-de-reparacion-del-reductor-EmmeGas-ML04xJ-png.webp\",\"contentUrl\":\"https:\\\/\\\/recambiosecogas.com\\\/wp-content\\\/uploads\\\/2024\\\/10\\\/Kit-de-reparacion-del-reductor-EmmeGas-ML04xJ-png.webp\",\"width\":1000,\"height\":1000},{\"@type\":\"BreadcrumbList\",\"@id\":\"https:\\\/\\\/recambiosecogas.com\\\/it\\\/producto\\\/kit-de-reparacion-del-reductor-emmegas-ml04xj\\\/#breadcrumb\",\"itemListElement\":[{\"@type\":\"ListItem\",\"position\":1,\"name\":\"Portada\",\"item\":\"https:\\\/\\\/recambiosecogas.com\\\/it\\\/\"},{\"@type\":\"ListItem\",\"position\":2,\"name\":\"Negozio\",\"item\":\"https:\\\/\\\/recambiosecogas.com\\\/it\\\/?page_id=46382\"},{\"@type\":\"ListItem\",\"position\":3,\"name\":\"Kit di riparazione riduttori EmmeGas ML04xJ\"}]},{\"@type\":\"WebSite\",\"@id\":\"https:\\\/\\\/recambiosecogas.com\\\/it\\\/#website\",\"url\":\"https:\\\/\\\/recambiosecogas.com\\\/it\\\/\",\"name\":\"Recambios EcoGas\",\"description\":\"Recambios Multimarca para sistemas de GLP\\\/GNC\\\/GNL\\\/Hidr\u00f3geno\",\"publisher\":{\"@id\":\"https:\\\/\\\/recambiosecogas.com\\\/it\\\/#organization\"},\"alternateName\":\"Recambios Autogas GLP\",\"potentialAction\":[{\"@type\":\"SearchAction\",\"target\":{\"@type\":\"EntryPoint\",\"urlTemplate\":\"https:\\\/\\\/recambiosecogas.com\\\/it\\\/?s={search_term_string}\"},\"query-input\":{\"@type\":\"PropertyValueSpecification\",\"valueRequired\":true,\"valueName\":\"search_term_string\"}}],\"inLanguage\":\"it-IT\"},{\"@type\":[\"Organization\",\"Place\"],\"@id\":\"https:\\\/\\\/recambiosecogas.com\\\/it\\\/#organization\",\"name\":\"Recambios EcoGas\",\"alternateName\":\"Tienda Online GLP Espa\u00f1a\",\"url\":\"https:\\\/\\\/recambiosecogas.com\\\/it\\\/\",\"logo\":{\"@id\":\"https:\\\/\\\/recambiosecogas.com\\\/it\\\/producto\\\/kit-de-reparacion-del-reductor-emmegas-ml04xj\\\/#local-main-organization-logo\"},\"image\":{\"@id\":\"https:\\\/\\\/recambiosecogas.com\\\/it\\\/producto\\\/kit-de-reparacion-del-reductor-emmegas-ml04xj\\\/#local-main-organization-logo\"},\"sameAs\":[\"https:\\\/\\\/www.facebook.com\\\/profile.php?id=100062419705358\",\"https:\\\/\\\/www.instagram.com\\\/segimon_automocio\"],\"description\":\"Recambios EcoGas \u2013 Venta y distribuci\u00f3n de sistemas GLP y GNC en Espa\u00f1a y Portugal. Env\u00edos 24 h, soporte t\u00e9cnico a talleres y distribuidores.\",\"hasMerchantReturnPolicy\":{\"@type\":\"MerchantReturnPolicy\",\"merchantReturnLink\":\"https:\\\/\\\/recambiosecogas.com\\\/politicas-privacidad\\\/\"},\"address\":{\"@id\":\"https:\\\/\\\/recambiosecogas.com\\\/it\\\/producto\\\/kit-de-reparacion-del-reductor-emmegas-ml04xj\\\/#local-main-place-address\"},\"telephone\":[\"616250633\"],\"contactPoint\":{\"@type\":\"ContactPoint\",\"email\":\"export@recambiosecogas.com\"},\"openingHoursSpecification\":[{\"@type\":\"OpeningHoursSpecification\",\"dayOfWeek\":[\"Monday\",\"Tuesday\",\"Wednesday\",\"Thursday\",\"Friday\",\"Saturday\",\"Sunday\"],\"opens\":\"09:00\",\"closes\":\"17:00\"}],\"email\":\"info@recambiosecogas.com\",\"faxNumber\":\"SEGIMON AUTOMOCION SL\",\"vatID\":\"ESB19819861\",\"globalLocationNumber\":\"938 616 339\"},{\"@type\":\"PostalAddress\",\"@id\":\"https:\\\/\\\/recambiosecogas.com\\\/it\\\/producto\\\/kit-de-reparacion-del-reductor-emmegas-ml04xj\\\/#local-main-place-address\",\"streetAddress\":\"cami antic de vic, 29 (Nave 3), Pol\u00edgono Industrial Congost\",\"addressLocality\":\"CORRO D`AVALL\",\"postalCode\":\"08520\",\"addressRegion\":\"Barcelona\",\"addressCountry\":\"ES\"},{\"@type\":\"ImageObject\",\"inLanguage\":\"it-IT\",\"@id\":\"https:\\\/\\\/recambiosecogas.com\\\/it\\\/producto\\\/kit-de-reparacion-del-reductor-emmegas-ml04xj\\\/#local-main-organization-logo\",\"url\":\"https:\\\/\\\/recambiosecogas.com\\\/wp-content\\\/uploads\\\/2024\\\/11\\\/cropped-RECAMBIOS-GLP-png.webp\",\"contentUrl\":\"https:\\\/\\\/recambiosecogas.com\\\/wp-content\\\/uploads\\\/2024\\\/11\\\/cropped-RECAMBIOS-GLP-png.webp\",\"width\":512,\"height\":512,\"caption\":\"Recambios EcoGas\"}]}<\/script>\n<meta property=\"product:price:amount\" content=\"27.99\" \/>\n<meta property=\"product:price:currency\" content=\"EUR\" \/>\n<meta property=\"og:availability\" content=\"backorder\" \/>\n<meta property=\"product:availability\" content=\"available for order\" \/>\n<meta property=\"product:retailer_item_id\" content=\"101207A\" \/>\n<meta property=\"product:condition\" content=\"new\" \/>\n<meta name=\"geo.placename\" content=\"CORRO D`AVALL\" \/>\n<meta name=\"geo.region\" content=\"Spagna\" \/>\n<!-- \/ Yoast SEO Premium plugin. -->","yoast_head_json":{"title":"Kit di riparazione riduttori EmmeGas ML04xJ |%Recambios EcoGas","description":"Kit di riparazione riduttori EmmeGas ML04xJ per la manutenzione e il recupero di una pressione stabile nei sistemi a GPL.","robots":{"index":"index","follow":"follow","max-snippet":"max-snippet:-1","max-image-preview":"max-image-preview:large","max-video-preview":"max-video-preview:-1"},"canonical":"https:\/\/recambiosecogas.com\/it\/producto\/kit-de-reparacion-del-reductor-emmegas-ml04xj\/","og_locale":"it_IT","og_type":"article","og_title":"Kit di riparazione riduttori EmmeGas ML04xJ","og_description":"Kit di riparazione riduttori EmmeGas ML04xJ per la manutenzione e il recupero di una pressione stabile nei sistemi a GPL.","og_url":"https:\/\/recambiosecogas.com\/it\/producto\/kit-de-reparacion-del-reductor-emmegas-ml04xj\/","og_site_name":"Recambios EcoGas","article_publisher":"https:\/\/www.facebook.com\/profile.php?id=100062419705358","article_modified_time":"2026-04-08T10:02:40+00:00","og_image":[{"width":1000,"height":1000,"url":"https:\/\/recambiosecogas.com\/wp-content\/uploads\/2024\/10\/Kit-de-reparacion-del-reductor-EmmeGas-ML04xJ-png.webp","type":"image\/png"}],"twitter_card":"summary_large_image","twitter_misc":{"Prezzo":"27,99&nbsp;&euro; (IVA incl.: 33,87&nbsp;&euro;)","Disponibilit\u00e0":"Su ordinazione"},"schema":{"@context":"https:\/\/schema.org","@graph":[{"@type":"WebPage","@id":"https:\/\/recambiosecogas.com\/it\/producto\/kit-de-reparacion-del-reductor-emmegas-ml04xj\/","url":"https:\/\/recambiosecogas.com\/it\/producto\/kit-de-reparacion-del-reductor-emmegas-ml04xj\/","name":"Kit di riparazione riduttori EmmeGas ML04xJ |%Recambios EcoGas","isPartOf":{"@id":"https:\/\/recambiosecogas.com\/it\/#website"},"primaryImageOfPage":{"@id":"https:\/\/recambiosecogas.com\/it\/producto\/kit-de-reparacion-del-reductor-emmegas-ml04xj\/#primaryimage"},"image":{"@id":"https:\/\/recambiosecogas.com\/it\/producto\/kit-de-reparacion-del-reductor-emmegas-ml04xj\/#primaryimage"},"thumbnailUrl":"https:\/\/recambiosecogas.com\/wp-content\/uploads\/2024\/10\/Kit-de-reparacion-del-reductor-EmmeGas-ML04xJ-png.webp","datePublished":"2024-10-19T13:51:47+00:00","dateModified":"2026-04-08T10:02:40+00:00","description":"Kit di riparazione riduttori EmmeGas ML04xJ per la manutenzione e il recupero di una pressione stabile nei sistemi a GPL.","breadcrumb":{"@id":"https:\/\/recambiosecogas.com\/it\/producto\/kit-de-reparacion-del-reductor-emmegas-ml04xj\/#breadcrumb"},"inLanguage":"it-IT","potentialAction":[{"@type":"ReadAction","target":["https:\/\/recambiosecogas.com\/it\/producto\/kit-de-reparacion-del-reductor-emmegas-ml04xj\/"]}]},{"@type":"ImageObject","inLanguage":"it-IT","@id":"https:\/\/recambiosecogas.com\/it\/producto\/kit-de-reparacion-del-reductor-emmegas-ml04xj\/#primaryimage","url":"https:\/\/recambiosecogas.com\/wp-content\/uploads\/2024\/10\/Kit-de-reparacion-del-reductor-EmmeGas-ML04xJ-png.webp","contentUrl":"https:\/\/recambiosecogas.com\/wp-content\/uploads\/2024\/10\/Kit-de-reparacion-del-reductor-EmmeGas-ML04xJ-png.webp","width":1000,"height":1000},{"@type":"BreadcrumbList","@id":"https:\/\/recambiosecogas.com\/it\/producto\/kit-de-reparacion-del-reductor-emmegas-ml04xj\/#breadcrumb","itemListElement":[{"@type":"ListItem","position":1,"name":"Portada","item":"https:\/\/recambiosecogas.com\/it\/"},{"@type":"ListItem","position":2,"name":"Negozio","item":"https:\/\/recambiosecogas.com\/it\/?page_id=46382"},{"@type":"ListItem","position":3,"name":"Kit di riparazione riduttori EmmeGas ML04xJ"}]},{"@type":"WebSite","@id":"https:\/\/recambiosecogas.com\/it\/#website","url":"https:\/\/recambiosecogas.com\/it\/","name":"Recambios EcoGas","description":"Recambios Multimarca para sistemas de GLP\/GNC\/GNL\/Hidr\u00f3geno","publisher":{"@id":"https:\/\/recambiosecogas.com\/it\/#organization"},"alternateName":"Recambios Autogas GLP","potentialAction":[{"@type":"SearchAction","target":{"@type":"EntryPoint","urlTemplate":"https:\/\/recambiosecogas.com\/it\/?s={search_term_string}"},"query-input":{"@type":"PropertyValueSpecification","valueRequired":true,"valueName":"search_term_string"}}],"inLanguage":"it-IT"},{"@type":["Organization","Place"],"@id":"https:\/\/recambiosecogas.com\/it\/#organization","name":"Recambios EcoGas","alternateName":"Tienda Online GLP Espa\u00f1a","url":"https:\/\/recambiosecogas.com\/it\/","logo":{"@id":"https:\/\/recambiosecogas.com\/it\/producto\/kit-de-reparacion-del-reductor-emmegas-ml04xj\/#local-main-organization-logo"},"image":{"@id":"https:\/\/recambiosecogas.com\/it\/producto\/kit-de-reparacion-del-reductor-emmegas-ml04xj\/#local-main-organization-logo"},"sameAs":["https:\/\/www.facebook.com\/profile.php?id=100062419705358","https:\/\/www.instagram.com\/segimon_automocio"],"description":"Recambios EcoGas \u2013 Venta y distribuci\u00f3n de sistemas GLP y GNC en Espa\u00f1a y Portugal. Env\u00edos 24 h, soporte t\u00e9cnico a talleres y distribuidores.","hasMerchantReturnPolicy":{"@type":"MerchantReturnPolicy","merchantReturnLink":"https:\/\/recambiosecogas.com\/politicas-privacidad\/"},"address":{"@id":"https:\/\/recambiosecogas.com\/it\/producto\/kit-de-reparacion-del-reductor-emmegas-ml04xj\/#local-main-place-address"},"telephone":["616250633"],"contactPoint":{"@type":"ContactPoint","email":"export@recambiosecogas.com"},"openingHoursSpecification":[{"@type":"OpeningHoursSpecification","dayOfWeek":["Monday","Tuesday","Wednesday","Thursday","Friday","Saturday","Sunday"],"opens":"09:00","closes":"17:00"}],"email":"info@recambiosecogas.com","faxNumber":"SEGIMON AUTOMOCION SL","vatID":"ESB19819861","globalLocationNumber":"938 616 339"},{"@type":"PostalAddress","@id":"https:\/\/recambiosecogas.com\/it\/producto\/kit-de-reparacion-del-reductor-emmegas-ml04xj\/#local-main-place-address","streetAddress":"cami antic de vic, 29 (Nave 3), Pol\u00edgono Industrial Congost","addressLocality":"CORRO D`AVALL","postalCode":"08520","addressRegion":"Barcelona","addressCountry":"ES"},{"@type":"ImageObject","inLanguage":"it-IT","@id":"https:\/\/recambiosecogas.com\/it\/producto\/kit-de-reparacion-del-reductor-emmegas-ml04xj\/#local-main-organization-logo","url":"https:\/\/recambiosecogas.com\/wp-content\/uploads\/2024\/11\/cropped-RECAMBIOS-GLP-png.webp","contentUrl":"https:\/\/recambiosecogas.com\/wp-content\/uploads\/2024\/11\/cropped-RECAMBIOS-GLP-png.webp","width":512,"height":512,"caption":"Recambios EcoGas"}]},"product_price_amount":"27.99","product_price_currency":"EUR","og_availability":"backorder","product_availability":"available for order","product_retailer_item_id":"101207A","product_condition":"new","geo.placename":"CORRO D`AVALL","geo.region":"Spagna"},"uagb_featured_image_src":{"full":["https:\/\/recambiosecogas.com\/wp-content\/uploads\/2024\/10\/Kit-de-reparacion-del-reductor-EmmeGas-ML04xJ-png.webp",1000,1000,false],"thumbnail":["https:\/\/recambiosecogas.com\/wp-content\/uploads\/2024\/10\/Kit-de-reparacion-del-reductor-EmmeGas-ML04xJ-150x150.webp",150,150,true],"medium":["https:\/\/recambiosecogas.com\/wp-content\/uploads\/2024\/10\/Kit-de-reparacion-del-reductor-EmmeGas-ML04xJ-300x300.webp",300,300,true],"medium_large":["https:\/\/recambiosecogas.com\/wp-content\/uploads\/2024\/10\/Kit-de-reparacion-del-reductor-EmmeGas-ML04xJ-768x768.webp",768,768,true],"large":["https:\/\/recambiosecogas.com\/wp-content\/uploads\/2024\/10\/Kit-de-reparacion-del-reductor-EmmeGas-ML04xJ-png.webp",1000,1000,false],"1536x1536":["https:\/\/recambiosecogas.com\/wp-content\/uploads\/2024\/10\/Kit-de-reparacion-del-reductor-EmmeGas-ML04xJ-png.webp",1000,1000,false],"2048x2048":["https:\/\/recambiosecogas.com\/wp-content\/uploads\/2024\/10\/Kit-de-reparacion-del-reductor-EmmeGas-ML04xJ-png.webp",1000,1000,false],"woocommerce_archive_thumbnail":["https:\/\/recambiosecogas.com\/wp-content\/uploads\/2024\/10\/Kit-de-reparacion-del-reductor-EmmeGas-ML04xJ-png.webp",1000,1000,false],"woocommerce_thumbnail":["https:\/\/recambiosecogas.com\/wp-content\/uploads\/2024\/10\/Kit-de-reparacion-del-reductor-EmmeGas-ML04xJ-png-300x300.webp",300,300,true],"woocommerce_single":["https:\/\/recambiosecogas.com\/wp-content\/uploads\/2024\/10\/Kit-de-reparacion-del-reductor-EmmeGas-ML04xJ-png.webp",1000,1000,false],"woocommerce_gallery_thumbnail":["https:\/\/recambiosecogas.com\/wp-content\/uploads\/2024\/10\/Kit-de-reparacion-del-reductor-EmmeGas-ML04xJ-png.webp",1000,1000,false],"dgwt-wcas-product-suggestion":["https:\/\/recambiosecogas.com\/wp-content\/uploads\/2024\/10\/Kit-de-reparacion-del-reductor-EmmeGas-ML04xJ-png-64x64.webp",64,64,true]},"uagb_author_info":{"display_name":"Fran - Soporte T\u00e9cnico","author_link":"https:\/\/recambiosecogas.com\/it\/author\/"},"uagb_comment_info":0,"uagb_excerpt":"Kit di riparazione riduttori EmmeGas ML04xJ","_links":{"self":[{"href":"https:\/\/recambiosecogas.com\/it\/wp-json\/wp\/v2\/product\/47358","targetHints":{"allow":["GET"]}}],"collection":[{"href":"https:\/\/recambiosecogas.com\/it\/wp-json\/wp\/v2\/product"}],"about":[{"href":"https:\/\/recambiosecogas.com\/it\/wp-json\/wp\/v2\/types\/product"}],"replies":[{"embeddable":true,"href":"https:\/\/recambiosecogas.com\/it\/wp-json\/wp\/v2\/comments?post=47358"}],"wp:featuredmedia":[{"embeddable":true,"href":"https:\/\/recambiosecogas.com\/it\/wp-json\/wp\/v2\/media\/6257"}],"wp:attachment":[{"href":"https:\/\/recambiosecogas.com\/it\/wp-json\/wp\/v2\/media?parent=47358"}],"wp:term":[{"taxonomy":"product_brand","embeddable":true,"href":"https:\/\/recambiosecogas.com\/it\/wp-json\/wp\/v2\/product_brand?post=47358"},{"taxonomy":"product_cat","embeddable":true,"href":"https:\/\/recambiosecogas.com\/it\/wp-json\/wp\/v2\/product_cat?post=47358"},{"taxonomy":"product_tag","embeddable":true,"href":"https:\/\/recambiosecogas.com\/it\/wp-json\/wp\/v2\/product_tag?post=47358"}],"curies":[{"name":"wp","href":"https:\/\/api.w.org\/{rel}","templated":true}]}}