{"id":47323,"date":"2024-10-19T13:51:42","date_gmt":"2024-10-19T13:51:42","guid":{"rendered":"https:\/\/recambiosecogas.com\/producto\/kit-de-reparacion-del-reductor-bigas-84\/"},"modified":"2026-04-08T11:02:31","modified_gmt":"2026-04-08T10:02:31","slug":"kit-de-reparacion-del-reductor-bigas-84","status":"publish","type":"product","link":"https:\/\/recambiosecogas.com\/it\/producto\/kit-de-reparacion-del-reductor-bigas-84\/","title":{"rendered":"Kit di riparazione riduttori Bigas 84"},"content":{"rendered":"<h1 data-start=\"0\" data-end=\"41\">Kit di riparazione riduttori Bigas 84<\/h1>\n<p data-start=\"43\" data-end=\"545\">Il <strong data-start=\"46\" data-end=\"82\">kit di riparazione del cambio Bigas 84<\/strong> \u00e8 progettato per la manutenzione del cambio <em data-start=\"132\" data-end=\"149\">modello Bigas 84<\/em> e consente di sostituire i componenti interni soggetti a usura, recuperando cos\u00ec la stabilit\u00e0 di pressione del sistema a GPL. Con l&#8217;uso continuo, membrane e guarnizioni possono deteriorarsi, influenzando la regolazione della pressione e le prestazioni complessive del cambio. Questo kit di manutenzione facilita il ripristino alle condizioni operative originali e prolunga la vita della tua attrezzatura.  <\/p>\n<hr data-start=\"547\" data-end=\"550\">\n<h2 data-start=\"552\" data-end=\"606\">Compatibilit\u00e0 del kit riduttore Bigas 84<\/h2>\n<div class=\"TyagGW_tableContainer\">\n<div class=\"group TyagGW_tableWrapper flex flex-col-reverse w-fit\" tabindex=\"-1\">\n<table class=\"w-fit min-w-(--thread-content-width)\" data-start=\"608\" data-end=\"829\">\n<thead data-start=\"608\" data-end=\"643\">\n<tr data-start=\"608\" data-end=\"643\">\n<th class=\"\" data-start=\"608\" data-end=\"625\" data-col-size=\"sm\">Caratteristiche<\/th>\n<th class=\"\" data-start=\"625\" data-end=\"643\" data-col-size=\"sm\">Specifiche<\/th>\n<\/tr>\n<\/thead>\n<tbody data-start=\"680\" data-end=\"829\">\n<tr data-start=\"680\" data-end=\"712\">\n<td data-start=\"680\" data-end=\"691\" data-col-size=\"sm\">Prodotto<\/td>\n<td data-start=\"691\" data-end=\"712\" data-col-size=\"sm\">Kit di riparazione<\/td>\n<\/tr>\n<tr data-start=\"713\" data-end=\"730\">\n<td data-start=\"713\" data-end=\"721\" data-col-size=\"sm\">Marchio<\/td>\n<td data-start=\"721\" data-end=\"730\" data-col-size=\"sm\">Bigas<\/td>\n<\/tr>\n<tr data-start=\"731\" data-end=\"757\">\n<td data-start=\"731\" data-end=\"751\" data-col-size=\"sm\">Modello compatibile<\/td>\n<td data-start=\"751\" data-end=\"757\" data-col-size=\"sm\">84<\/td>\n<\/tr>\n<tr data-start=\"758\" data-end=\"787\">\n<td data-start=\"758\" data-end=\"771\" data-col-size=\"sm\">Applicazione<\/td>\n<td data-start=\"771\" data-end=\"787\" data-col-size=\"sm\">Riduttore di GPL<\/td>\n<\/tr>\n<tr data-start=\"788\" data-end=\"829\">\n<td data-start=\"788\" data-end=\"802\" data-col-size=\"sm\">Installazione<\/td>\n<td data-start=\"802\" data-end=\"829\" data-col-size=\"sm\">Professionisti consigliati<\/td>\n<\/tr>\n<\/tbody>\n<\/table>\n<\/div>\n<\/div>\n<p data-start=\"831\" data-end=\"1006\">Il kit di riparazione riduttori Bigas 84 \u00e8 esclusivamente compatibile con i riduttori <em data-start=\"911\" data-end=\"928\">modello Bigas 84<\/em>. Prima dell&#8217;installazione, verifica che il cambio corrisponda a questo modello. <\/p>\n<hr data-start=\"1008\" data-end=\"1011\">\n<h2 data-start=\"1013\" data-end=\"1062\">Assistenza e manutenzione del cambio Bigas 84<\/h2>\n<p data-start=\"1064\" data-end=\"1098\">Questo kit di manutenzione permette:<\/p>\n<ul data-start=\"1100\" data-end=\"1259\">\n<li data-start=\"1100\" data-end=\"1132\">\n<p data-start=\"1102\" data-end=\"1132\">Sostituire le membrane interne<\/p>\n<\/li>\n<li data-start=\"1133\" data-end=\"1170\">\n<p data-start=\"1135\" data-end=\"1170\">Sostituire guarnizioni<\/p>\n<\/li>\n<li data-start=\"1171\" data-end=\"1209\">\n<p data-start=\"1173\" data-end=\"1209\">Ripristinare la regolazione della pressione<\/p>\n<\/li>\n<li data-start=\"1210\" data-end=\"1259\">\n<p data-start=\"1212\" data-end=\"1259\">Mantenere la stabilit\u00e0 operativa del sistema<\/p>\n<\/li>\n<\/ul>\n<p data-start=\"1261\" data-end=\"1375\">Una corretta manutenzione aiuta a garantire una fornitura di gas stabile ed efficiente nei sistemi a GPL.<\/p>\n<hr data-start=\"1377\" data-end=\"1380\">\n<h2 data-start=\"1382\" data-end=\"1388\">Domande frequenti<\/h2>\n<p data-start=\"1390\" data-end=\"1493\"><strong data-start=\"1390\" data-end=\"1419\">A cosa serve questo kit?<\/strong><br data-start=\"1419\" data-end=\"1422\">Consente la manutenzione interna del cambio Bigas modello 84.<\/p>\n<p data-start=\"1495\" data-end=\"1590\"><strong data-start=\"1495\" data-end=\"1535\">\u00c8 valido per altri modelli Bigas?<\/strong><br data-start=\"1535\" data-end=\"1538\">\u00c8 specificamente pensato per il cambio Bigas 84.<\/p>\n<p data-start=\"1592\" data-end=\"1699\"><strong data-start=\"1592\" data-end=\"1628\">Dovrebbe essere installato da un professionista?<\/strong><br data-start=\"1628\" data-end=\"1631\">S\u00ec, si consiglia l&#8217;assemblaggio da parte di un tecnico specializzato in sistemi GPL.<\/p>\n","protected":false},"excerpt":{"rendered":"<p>Kit di riparazione riduttori Bigas 84<\/p>\n","protected":false},"featured_media":6298,"comment_status":"open","ping_status":"closed","template":"","meta":{"_uag_custom_page_level_css":""},"product_brand":[],"product_cat":[2361,2135,2144,2136],"product_tag":[],"class_list":{"0":"post-47323","1":"product","2":"type-product","3":"status-publish","4":"has-post-thumbnail","6":"product_cat-bigas","7":"product_cat-juegos-de-reparacion-glp","8":"product_cat-productos-por-marca","9":"product_cat-reguladores-de-presion","11":"first","12":"onbackorder","13":"taxable","14":"shipping-taxable","15":"purchasable","16":"product-type-simple"},"ct_brands":[],"yoast_head":"<!-- This site is optimized with the Yoast SEO Premium plugin v27.5 (Yoast SEO v27.5) - https:\/\/yoast.com\/product\/yoast-seo-premium-wordpress\/ -->\n<title>Kit di riparazione riduttori Bigas 84 | Recambios EcoGas | Sistemas GLP y GNC<\/title>\n<meta name=\"description\" content=\"Kit di riparazione riduttori Bigas 84 per manutenzione e recupero stabile della pressione nei sistemi a GPL.\" \/>\n<meta name=\"robots\" content=\"index, follow, max-snippet:-1, max-image-preview:large, max-video-preview:-1\" \/>\n<link rel=\"canonical\" href=\"https:\/\/recambiosecogas.com\/it\/producto\/kit-de-reparacion-del-reductor-bigas-84\/\" \/>\n<meta property=\"og:locale\" content=\"it_IT\" \/>\n<meta property=\"og:type\" content=\"article\" \/>\n<meta property=\"og:title\" content=\"Kit di riparazione riduttori Bigas 84\" \/>\n<meta property=\"og:description\" content=\"Kit di riparazione riduttori Bigas 84 per manutenzione e recupero stabile della pressione nei sistemi a GPL.\" \/>\n<meta property=\"og:url\" content=\"https:\/\/recambiosecogas.com\/it\/producto\/kit-de-reparacion-del-reductor-bigas-84\/\" \/>\n<meta property=\"og:site_name\" content=\"Recambios EcoGas\" \/>\n<meta property=\"article:publisher\" content=\"https:\/\/www.facebook.com\/profile.php?id=100062419705358\" \/>\n<meta property=\"article:modified_time\" content=\"2026-04-08T10:02:31+00:00\" \/>\n<meta property=\"og:image\" content=\"https:\/\/recambiosecogas.com\/wp-content\/uploads\/2024\/10\/Kit-de-reparacion-del-reductor-Bigas-84-png.webp\" \/>\n\t<meta property=\"og:image:width\" content=\"1000\" \/>\n\t<meta property=\"og:image:height\" content=\"1000\" \/>\n\t<meta property=\"og:image:type\" content=\"image\/png\" \/>\n<meta name=\"twitter:card\" content=\"summary_large_image\" \/>\n<meta name=\"twitter:label1\" content=\"Prezzo\" \/>\n\t<meta name=\"twitter:data1\" content=\"39,99&nbsp;&euro; (Sin IVA: 33,05&nbsp;&euro;)\" \/>\n\t<meta name=\"twitter:label2\" content=\"Disponibilit\u00e0\" \/>\n\t<meta name=\"twitter:data2\" content=\"Su ordinazione\" \/>\n<script type=\"application\/ld+json\" class=\"yoast-schema-graph\">{\"@context\":\"https:\\\/\\\/schema.org\",\"@graph\":[{\"@type\":\"WebPage\",\"@id\":\"https:\\\/\\\/recambiosecogas.com\\\/it\\\/producto\\\/kit-de-reparacion-del-reductor-bigas-84\\\/\",\"url\":\"https:\\\/\\\/recambiosecogas.com\\\/it\\\/producto\\\/kit-de-reparacion-del-reductor-bigas-84\\\/\",\"name\":\"Kit di riparazione riduttori Bigas 84 | Recambios EcoGas | Sistemas GLP y GNC\",\"isPartOf\":{\"@id\":\"https:\\\/\\\/recambiosecogas.com\\\/it\\\/#website\"},\"primaryImageOfPage\":{\"@id\":\"https:\\\/\\\/recambiosecogas.com\\\/it\\\/producto\\\/kit-de-reparacion-del-reductor-bigas-84\\\/#primaryimage\"},\"image\":{\"@id\":\"https:\\\/\\\/recambiosecogas.com\\\/it\\\/producto\\\/kit-de-reparacion-del-reductor-bigas-84\\\/#primaryimage\"},\"thumbnailUrl\":\"https:\\\/\\\/recambiosecogas.com\\\/wp-content\\\/uploads\\\/2024\\\/10\\\/Kit-de-reparacion-del-reductor-Bigas-84-png.webp\",\"datePublished\":\"2024-10-19T13:51:42+00:00\",\"dateModified\":\"2026-04-08T10:02:31+00:00\",\"description\":\"Kit di riparazione riduttori Bigas 84 per manutenzione e recupero stabile della pressione nei sistemi a GPL.\",\"breadcrumb\":{\"@id\":\"https:\\\/\\\/recambiosecogas.com\\\/it\\\/producto\\\/kit-de-reparacion-del-reductor-bigas-84\\\/#breadcrumb\"},\"inLanguage\":\"it-IT\",\"potentialAction\":[{\"@type\":\"ReadAction\",\"target\":[\"https:\\\/\\\/recambiosecogas.com\\\/it\\\/producto\\\/kit-de-reparacion-del-reductor-bigas-84\\\/\"]}]},{\"@type\":\"ImageObject\",\"inLanguage\":\"it-IT\",\"@id\":\"https:\\\/\\\/recambiosecogas.com\\\/it\\\/producto\\\/kit-de-reparacion-del-reductor-bigas-84\\\/#primaryimage\",\"url\":\"https:\\\/\\\/recambiosecogas.com\\\/wp-content\\\/uploads\\\/2024\\\/10\\\/Kit-de-reparacion-del-reductor-Bigas-84-png.webp\",\"contentUrl\":\"https:\\\/\\\/recambiosecogas.com\\\/wp-content\\\/uploads\\\/2024\\\/10\\\/Kit-de-reparacion-del-reductor-Bigas-84-png.webp\",\"width\":1000,\"height\":1000},{\"@type\":\"BreadcrumbList\",\"@id\":\"https:\\\/\\\/recambiosecogas.com\\\/it\\\/producto\\\/kit-de-reparacion-del-reductor-bigas-84\\\/#breadcrumb\",\"itemListElement\":[{\"@type\":\"ListItem\",\"position\":1,\"name\":\"Portada\",\"item\":\"https:\\\/\\\/recambiosecogas.com\\\/it\\\/\"},{\"@type\":\"ListItem\",\"position\":2,\"name\":\"Negozio\",\"item\":\"https:\\\/\\\/recambiosecogas.com\\\/it\\\/?page_id=46382\"},{\"@type\":\"ListItem\",\"position\":3,\"name\":\"Kit di riparazione riduttori Bigas 84\"}]},{\"@type\":\"WebSite\",\"@id\":\"https:\\\/\\\/recambiosecogas.com\\\/it\\\/#website\",\"url\":\"https:\\\/\\\/recambiosecogas.com\\\/it\\\/\",\"name\":\"Recambios EcoGas\",\"description\":\"Recambios Multimarca para sistemas de GLP\\\/GNC\\\/GNL\\\/Hidr\u00f3geno\",\"publisher\":{\"@id\":\"https:\\\/\\\/recambiosecogas.com\\\/it\\\/#organization\"},\"alternateName\":\"Recambios Autogas GLP\",\"potentialAction\":[{\"@type\":\"SearchAction\",\"target\":{\"@type\":\"EntryPoint\",\"urlTemplate\":\"https:\\\/\\\/recambiosecogas.com\\\/it\\\/?s={search_term_string}\"},\"query-input\":{\"@type\":\"PropertyValueSpecification\",\"valueRequired\":true,\"valueName\":\"search_term_string\"}}],\"inLanguage\":\"it-IT\"},{\"@type\":[\"Organization\",\"Place\"],\"@id\":\"https:\\\/\\\/recambiosecogas.com\\\/it\\\/#organization\",\"name\":\"Recambios EcoGas\",\"alternateName\":\"Tienda Online GLP Espa\u00f1a\",\"url\":\"https:\\\/\\\/recambiosecogas.com\\\/it\\\/\",\"logo\":{\"@id\":\"https:\\\/\\\/recambiosecogas.com\\\/it\\\/producto\\\/kit-de-reparacion-del-reductor-bigas-84\\\/#local-main-organization-logo\"},\"image\":{\"@id\":\"https:\\\/\\\/recambiosecogas.com\\\/it\\\/producto\\\/kit-de-reparacion-del-reductor-bigas-84\\\/#local-main-organization-logo\"},\"sameAs\":[\"https:\\\/\\\/www.facebook.com\\\/profile.php?id=100062419705358\",\"https:\\\/\\\/www.instagram.com\\\/segimon_automocio\"],\"description\":\"Recambios EcoGas \u2013 Venta y distribuci\u00f3n de sistemas GLP y GNC en Espa\u00f1a y Portugal. Env\u00edos 24 h, soporte t\u00e9cnico a talleres y distribuidores.\",\"hasMerchantReturnPolicy\":{\"@type\":\"MerchantReturnPolicy\",\"merchantReturnLink\":\"https:\\\/\\\/recambiosecogas.com\\\/politicas-privacidad\\\/\"},\"address\":{\"@id\":\"https:\\\/\\\/recambiosecogas.com\\\/it\\\/producto\\\/kit-de-reparacion-del-reductor-bigas-84\\\/#local-main-place-address\"},\"telephone\":[\"616250633\"],\"contactPoint\":{\"@type\":\"ContactPoint\",\"email\":\"export@recambiosecogas.com\"},\"openingHoursSpecification\":[{\"@type\":\"OpeningHoursSpecification\",\"dayOfWeek\":[\"Monday\",\"Tuesday\",\"Wednesday\",\"Thursday\",\"Friday\",\"Saturday\",\"Sunday\"],\"opens\":\"09:00\",\"closes\":\"17:00\"}],\"email\":\"info@recambiosecogas.com\",\"faxNumber\":\"SEGIMON AUTOMOCION SL\",\"vatID\":\"ESB19819861\",\"globalLocationNumber\":\"938 616 339\"},{\"@type\":\"PostalAddress\",\"@id\":\"https:\\\/\\\/recambiosecogas.com\\\/it\\\/producto\\\/kit-de-reparacion-del-reductor-bigas-84\\\/#local-main-place-address\",\"streetAddress\":\"cami antic de vic, 29 (Nave 3), Pol\u00edgono Industrial Congost\",\"addressLocality\":\"CORRO D`AVALL\",\"postalCode\":\"08520\",\"addressRegion\":\"Barcelona\",\"addressCountry\":\"ES\"},{\"@type\":\"ImageObject\",\"inLanguage\":\"it-IT\",\"@id\":\"https:\\\/\\\/recambiosecogas.com\\\/it\\\/producto\\\/kit-de-reparacion-del-reductor-bigas-84\\\/#local-main-organization-logo\",\"url\":\"https:\\\/\\\/recambiosecogas.com\\\/wp-content\\\/uploads\\\/2024\\\/11\\\/cropped-RECAMBIOS-GLP-png.webp\",\"contentUrl\":\"https:\\\/\\\/recambiosecogas.com\\\/wp-content\\\/uploads\\\/2024\\\/11\\\/cropped-RECAMBIOS-GLP-png.webp\",\"width\":512,\"height\":512,\"caption\":\"Recambios EcoGas\"}]}<\/script>\n<meta property=\"product:price:amount\" content=\"39.99\" \/>\n<meta property=\"product:price:currency\" content=\"EUR\" \/>\n<meta property=\"og:availability\" content=\"backorder\" \/>\n<meta property=\"product:availability\" content=\"available for order\" \/>\n<meta property=\"product:retailer_item_id\" content=\"100913A\" \/>\n<meta property=\"product:condition\" content=\"new\" \/>\n<meta name=\"geo.placename\" content=\"CORRO D`AVALL\" \/>\n<meta name=\"geo.region\" content=\"Spagna\" \/>\n<!-- \/ Yoast SEO Premium plugin. -->","yoast_head_json":{"title":"Kit di riparazione riduttori Bigas 84 | Recambios EcoGas | Sistemas GLP y GNC","description":"Kit di riparazione riduttori Bigas 84 per manutenzione e recupero stabile della pressione nei sistemi a GPL.","robots":{"index":"index","follow":"follow","max-snippet":"max-snippet:-1","max-image-preview":"max-image-preview:large","max-video-preview":"max-video-preview:-1"},"canonical":"https:\/\/recambiosecogas.com\/it\/producto\/kit-de-reparacion-del-reductor-bigas-84\/","og_locale":"it_IT","og_type":"article","og_title":"Kit di riparazione riduttori Bigas 84","og_description":"Kit di riparazione riduttori Bigas 84 per manutenzione e recupero stabile della pressione nei sistemi a GPL.","og_url":"https:\/\/recambiosecogas.com\/it\/producto\/kit-de-reparacion-del-reductor-bigas-84\/","og_site_name":"Recambios EcoGas","article_publisher":"https:\/\/www.facebook.com\/profile.php?id=100062419705358","article_modified_time":"2026-04-08T10:02:31+00:00","og_image":[{"width":1000,"height":1000,"url":"https:\/\/recambiosecogas.com\/wp-content\/uploads\/2024\/10\/Kit-de-reparacion-del-reductor-Bigas-84-png.webp","type":"image\/png"}],"twitter_card":"summary_large_image","twitter_misc":{"Prezzo":"39,99&nbsp;&euro; (Sin IVA: 33,05&nbsp;&euro;)","Disponibilit\u00e0":"Su ordinazione"},"schema":{"@context":"https:\/\/schema.org","@graph":[{"@type":"WebPage","@id":"https:\/\/recambiosecogas.com\/it\/producto\/kit-de-reparacion-del-reductor-bigas-84\/","url":"https:\/\/recambiosecogas.com\/it\/producto\/kit-de-reparacion-del-reductor-bigas-84\/","name":"Kit di riparazione riduttori Bigas 84 | Recambios EcoGas | Sistemas GLP y GNC","isPartOf":{"@id":"https:\/\/recambiosecogas.com\/it\/#website"},"primaryImageOfPage":{"@id":"https:\/\/recambiosecogas.com\/it\/producto\/kit-de-reparacion-del-reductor-bigas-84\/#primaryimage"},"image":{"@id":"https:\/\/recambiosecogas.com\/it\/producto\/kit-de-reparacion-del-reductor-bigas-84\/#primaryimage"},"thumbnailUrl":"https:\/\/recambiosecogas.com\/wp-content\/uploads\/2024\/10\/Kit-de-reparacion-del-reductor-Bigas-84-png.webp","datePublished":"2024-10-19T13:51:42+00:00","dateModified":"2026-04-08T10:02:31+00:00","description":"Kit di riparazione riduttori Bigas 84 per manutenzione e recupero stabile della pressione nei sistemi a GPL.","breadcrumb":{"@id":"https:\/\/recambiosecogas.com\/it\/producto\/kit-de-reparacion-del-reductor-bigas-84\/#breadcrumb"},"inLanguage":"it-IT","potentialAction":[{"@type":"ReadAction","target":["https:\/\/recambiosecogas.com\/it\/producto\/kit-de-reparacion-del-reductor-bigas-84\/"]}]},{"@type":"ImageObject","inLanguage":"it-IT","@id":"https:\/\/recambiosecogas.com\/it\/producto\/kit-de-reparacion-del-reductor-bigas-84\/#primaryimage","url":"https:\/\/recambiosecogas.com\/wp-content\/uploads\/2024\/10\/Kit-de-reparacion-del-reductor-Bigas-84-png.webp","contentUrl":"https:\/\/recambiosecogas.com\/wp-content\/uploads\/2024\/10\/Kit-de-reparacion-del-reductor-Bigas-84-png.webp","width":1000,"height":1000},{"@type":"BreadcrumbList","@id":"https:\/\/recambiosecogas.com\/it\/producto\/kit-de-reparacion-del-reductor-bigas-84\/#breadcrumb","itemListElement":[{"@type":"ListItem","position":1,"name":"Portada","item":"https:\/\/recambiosecogas.com\/it\/"},{"@type":"ListItem","position":2,"name":"Negozio","item":"https:\/\/recambiosecogas.com\/it\/?page_id=46382"},{"@type":"ListItem","position":3,"name":"Kit di riparazione riduttori Bigas 84"}]},{"@type":"WebSite","@id":"https:\/\/recambiosecogas.com\/it\/#website","url":"https:\/\/recambiosecogas.com\/it\/","name":"Recambios EcoGas","description":"Recambios Multimarca para sistemas de GLP\/GNC\/GNL\/Hidr\u00f3geno","publisher":{"@id":"https:\/\/recambiosecogas.com\/it\/#organization"},"alternateName":"Recambios Autogas GLP","potentialAction":[{"@type":"SearchAction","target":{"@type":"EntryPoint","urlTemplate":"https:\/\/recambiosecogas.com\/it\/?s={search_term_string}"},"query-input":{"@type":"PropertyValueSpecification","valueRequired":true,"valueName":"search_term_string"}}],"inLanguage":"it-IT"},{"@type":["Organization","Place"],"@id":"https:\/\/recambiosecogas.com\/it\/#organization","name":"Recambios EcoGas","alternateName":"Tienda Online GLP Espa\u00f1a","url":"https:\/\/recambiosecogas.com\/it\/","logo":{"@id":"https:\/\/recambiosecogas.com\/it\/producto\/kit-de-reparacion-del-reductor-bigas-84\/#local-main-organization-logo"},"image":{"@id":"https:\/\/recambiosecogas.com\/it\/producto\/kit-de-reparacion-del-reductor-bigas-84\/#local-main-organization-logo"},"sameAs":["https:\/\/www.facebook.com\/profile.php?id=100062419705358","https:\/\/www.instagram.com\/segimon_automocio"],"description":"Recambios EcoGas \u2013 Venta y distribuci\u00f3n de sistemas GLP y GNC en Espa\u00f1a y Portugal. Env\u00edos 24 h, soporte t\u00e9cnico a talleres y distribuidores.","hasMerchantReturnPolicy":{"@type":"MerchantReturnPolicy","merchantReturnLink":"https:\/\/recambiosecogas.com\/politicas-privacidad\/"},"address":{"@id":"https:\/\/recambiosecogas.com\/it\/producto\/kit-de-reparacion-del-reductor-bigas-84\/#local-main-place-address"},"telephone":["616250633"],"contactPoint":{"@type":"ContactPoint","email":"export@recambiosecogas.com"},"openingHoursSpecification":[{"@type":"OpeningHoursSpecification","dayOfWeek":["Monday","Tuesday","Wednesday","Thursday","Friday","Saturday","Sunday"],"opens":"09:00","closes":"17:00"}],"email":"info@recambiosecogas.com","faxNumber":"SEGIMON AUTOMOCION SL","vatID":"ESB19819861","globalLocationNumber":"938 616 339"},{"@type":"PostalAddress","@id":"https:\/\/recambiosecogas.com\/it\/producto\/kit-de-reparacion-del-reductor-bigas-84\/#local-main-place-address","streetAddress":"cami antic de vic, 29 (Nave 3), Pol\u00edgono Industrial Congost","addressLocality":"CORRO D`AVALL","postalCode":"08520","addressRegion":"Barcelona","addressCountry":"ES"},{"@type":"ImageObject","inLanguage":"it-IT","@id":"https:\/\/recambiosecogas.com\/it\/producto\/kit-de-reparacion-del-reductor-bigas-84\/#local-main-organization-logo","url":"https:\/\/recambiosecogas.com\/wp-content\/uploads\/2024\/11\/cropped-RECAMBIOS-GLP-png.webp","contentUrl":"https:\/\/recambiosecogas.com\/wp-content\/uploads\/2024\/11\/cropped-RECAMBIOS-GLP-png.webp","width":512,"height":512,"caption":"Recambios EcoGas"}]},"product_price_amount":"39.99","product_price_currency":"EUR","og_availability":"backorder","product_availability":"available for order","product_retailer_item_id":"100913A","product_condition":"new","geo.placename":"CORRO D`AVALL","geo.region":"Spagna"},"uagb_featured_image_src":{"full":["https:\/\/recambiosecogas.com\/wp-content\/uploads\/2024\/10\/Kit-de-reparacion-del-reductor-Bigas-84-png.webp",1000,1000,false],"thumbnail":["https:\/\/recambiosecogas.com\/wp-content\/uploads\/2024\/10\/Kit-de-reparacion-del-reductor-Bigas-84-150x150.webp",150,150,true],"medium":["https:\/\/recambiosecogas.com\/wp-content\/uploads\/2024\/10\/Kit-de-reparacion-del-reductor-Bigas-84-300x300.webp",300,300,true],"medium_large":["https:\/\/recambiosecogas.com\/wp-content\/uploads\/2024\/10\/Kit-de-reparacion-del-reductor-Bigas-84-768x768.webp",768,768,true],"large":["https:\/\/recambiosecogas.com\/wp-content\/uploads\/2024\/10\/Kit-de-reparacion-del-reductor-Bigas-84-png.webp",1000,1000,false],"1536x1536":["https:\/\/recambiosecogas.com\/wp-content\/uploads\/2024\/10\/Kit-de-reparacion-del-reductor-Bigas-84-png.webp",1000,1000,false],"2048x2048":["https:\/\/recambiosecogas.com\/wp-content\/uploads\/2024\/10\/Kit-de-reparacion-del-reductor-Bigas-84-png.webp",1000,1000,false],"woocommerce_archive_thumbnail":["https:\/\/recambiosecogas.com\/wp-content\/uploads\/2024\/10\/Kit-de-reparacion-del-reductor-Bigas-84-png.webp",1000,1000,false],"woocommerce_thumbnail":["https:\/\/recambiosecogas.com\/wp-content\/uploads\/2024\/10\/Kit-de-reparacion-del-reductor-Bigas-84-png-300x300.webp",300,300,true],"woocommerce_single":["https:\/\/recambiosecogas.com\/wp-content\/uploads\/2024\/10\/Kit-de-reparacion-del-reductor-Bigas-84-png.webp",1000,1000,false],"woocommerce_gallery_thumbnail":["https:\/\/recambiosecogas.com\/wp-content\/uploads\/2024\/10\/Kit-de-reparacion-del-reductor-Bigas-84-png.webp",1000,1000,false],"dgwt-wcas-product-suggestion":["https:\/\/recambiosecogas.com\/wp-content\/uploads\/2024\/10\/Kit-de-reparacion-del-reductor-Bigas-84-png-64x64.webp",64,64,true]},"uagb_author_info":{"display_name":"Fran - Soporte T\u00e9cnico","author_link":"https:\/\/recambiosecogas.com\/it\/author\/"},"uagb_comment_info":0,"uagb_excerpt":"Kit di riparazione riduttori Bigas 84","_links":{"self":[{"href":"https:\/\/recambiosecogas.com\/it\/wp-json\/wp\/v2\/product\/47323","targetHints":{"allow":["GET"]}}],"collection":[{"href":"https:\/\/recambiosecogas.com\/it\/wp-json\/wp\/v2\/product"}],"about":[{"href":"https:\/\/recambiosecogas.com\/it\/wp-json\/wp\/v2\/types\/product"}],"replies":[{"embeddable":true,"href":"https:\/\/recambiosecogas.com\/it\/wp-json\/wp\/v2\/comments?post=47323"}],"wp:featuredmedia":[{"embeddable":true,"href":"https:\/\/recambiosecogas.com\/it\/wp-json\/wp\/v2\/media\/6298"}],"wp:attachment":[{"href":"https:\/\/recambiosecogas.com\/it\/wp-json\/wp\/v2\/media?parent=47323"}],"wp:term":[{"taxonomy":"product_brand","embeddable":true,"href":"https:\/\/recambiosecogas.com\/it\/wp-json\/wp\/v2\/product_brand?post=47323"},{"taxonomy":"product_cat","embeddable":true,"href":"https:\/\/recambiosecogas.com\/it\/wp-json\/wp\/v2\/product_cat?post=47323"},{"taxonomy":"product_tag","embeddable":true,"href":"https:\/\/recambiosecogas.com\/it\/wp-json\/wp\/v2\/product_tag?post=47323"}],"curies":[{"name":"wp","href":"https:\/\/api.w.org\/{rel}","templated":true}]}}