{"id":47245,"date":"2024-10-19T13:51:53","date_gmt":"2024-10-19T13:51:53","guid":{"rendered":"https:\/\/recambiosecogas.com\/producto\/kit-de-reparacion-para-reductor-kme-twin-glp\/"},"modified":"2026-04-27T09:18:30","modified_gmt":"2026-04-27T08:18:30","slug":"kit-de-reparacion-para-reductor-kme-twin-glp","status":"publish","type":"product","link":"https:\/\/recambiosecogas.com\/it\/producto\/kit-de-reparacion-para-reductor-kme-twin-glp\/","title":{"rendered":"Kit di riparazione per cambio KME Twin LPG"},"content":{"rendered":"<h1 data-start=\"355\" data-end=\"401\">Kit di riparazione per cambio KME Twin LPG<\/h1>\n<p data-start=\"403\" data-end=\"742\">Il <strong data-start=\"406\" data-end=\"446\">kit di riparazione del riduttore a GPL KME Twin<\/strong> \u00e8 progettato per la manutenzione del modello Twin, permettendo la sostituzione dei componenti interni soggetti all&#8217;usura e il recupero della stabilit\u00e0 di pressione del sistema. Questo insieme facilita il ricondizionamento del regolatore e aiuta a mantenere un funzionamento costante nei sistemi a GPL. <\/p>\n<p data-start=\"744\" data-end=\"1051\">Col tempo, membrane interne e guarnizioni possono deteriorarsi, influenzando la pressione e le prestazioni complessive del cambio. La sostituzione preventiva di questi elementi consente di ripristinare le condizioni di lavoro originali ed evitare variazioni di pressione o funzionamento irregolare. <\/p>\n<hr data-start=\"1053\" data-end=\"1056\">\n<h2 data-start=\"1058\" data-end=\"1112\">Applicazione del kit di riparazione riduttore a GPL KME Twin<\/h2>\n<div class=\"TyagGW_tableContainer\">\n<div class=\"group TyagGW_tableWrapper flex flex-col-reverse w-fit\" tabindex=\"-1\">\n<table class=\"w-fit min-w-(--thread-content-width)\" data-start=\"1114\" data-end=\"1353\">\n<thead data-start=\"1114\" data-end=\"1149\">\n<tr data-start=\"1114\" data-end=\"1149\">\n<th class=\"\" data-start=\"1114\" data-end=\"1131\" data-col-size=\"sm\">Caratteristiche<\/th>\n<th class=\"\" data-start=\"1131\" data-end=\"1149\" data-col-size=\"sm\">Specifiche<\/th>\n<\/tr>\n<\/thead>\n<tbody data-start=\"1186\" data-end=\"1353\">\n<tr data-start=\"1186\" data-end=\"1218\">\n<td data-start=\"1186\" data-end=\"1197\" data-col-size=\"sm\">Prodotto<\/td>\n<td data-start=\"1197\" data-end=\"1218\" data-col-size=\"sm\">Kit di riparazione<\/td>\n<\/tr>\n<tr data-start=\"1219\" data-end=\"1234\">\n<td data-start=\"1219\" data-end=\"1227\" data-col-size=\"sm\">Marchio<\/td>\n<td data-start=\"1227\" data-end=\"1234\" data-col-size=\"sm\">KME<\/td>\n<\/tr>\n<tr data-start=\"1235\" data-end=\"1263\">\n<td data-start=\"1235\" data-end=\"1255\" data-col-size=\"sm\">Modello compatibile<\/td>\n<td data-start=\"1255\" data-end=\"1263\" data-col-size=\"sm\">Gemello<\/td>\n<\/tr>\n<tr data-start=\"1264\" data-end=\"1289\">\n<td data-start=\"1264\" data-end=\"1277\" data-col-size=\"sm\">Applicazione<\/td>\n<td data-start=\"1277\" data-end=\"1289\" data-col-size=\"sm\">Riduttore<\/td>\n<\/tr>\n<tr data-start=\"1290\" data-end=\"1311\">\n<td data-start=\"1290\" data-end=\"1304\" data-col-size=\"sm\">Carburante<\/td>\n<td data-start=\"1304\" data-end=\"1311\" data-col-size=\"sm\">GPL<\/td>\n<\/tr>\n<tr data-start=\"1312\" data-end=\"1353\">\n<td data-start=\"1312\" data-end=\"1326\" data-col-size=\"sm\">Installazione<\/td>\n<td data-start=\"1326\" data-end=\"1353\" data-col-size=\"sm\">Professionisti consigliati<\/td>\n<\/tr>\n<\/tbody>\n<\/table>\n<\/div>\n<\/div>\n<hr data-start=\"1355\" data-end=\"1358\">\n<h2 data-start=\"1360\" data-end=\"1403\">Servizio e manutenzione dei modelli gemelli<\/h2>\n<p data-start=\"1405\" data-end=\"1450\">Il kit include gli elementi necessari per:<\/p>\n<ul data-start=\"1452\" data-end=\"1600\">\n<li data-start=\"1452\" data-end=\"1484\">\n<p data-start=\"1454\" data-end=\"1484\">Sostituire le membrane interne<\/p>\n<\/li>\n<li data-start=\"1485\" data-end=\"1522\">\n<p data-start=\"1487\" data-end=\"1522\">Sostituire guarnizioni<\/p>\n<\/li>\n<li data-start=\"1523\" data-end=\"1560\">\n<p data-start=\"1525\" data-end=\"1560\">Ripristino della pressione di lavoro<\/p>\n<\/li>\n<li data-start=\"1561\" data-end=\"1600\">\n<p data-start=\"1563\" data-end=\"1600\">Mantenere la stabilit\u00e0 del sistema<\/p>\n<\/li>\n<\/ul>\n<p data-start=\"1602\" data-end=\"1735\">Una corretta manutenzione del cambio Twin aiuta a prolungarne la durata operativa e a mantenere prestazioni stabili del sistema a gas.<\/p>\n<hr data-start=\"1737\" data-end=\"1740\">\n<h2 data-start=\"1742\" data-end=\"1759\">Compatibilit\u00e0<\/h2>\n<p data-start=\"1761\" data-end=\"1891\">Compatibile esclusivamente con cambi KME Twin GPL.<br data-start=\"1822\" data-end=\"1825\">Si consiglia di controllare la versione esatta prima dell&#8217;installazione.<\/p>\n<hr data-start=\"1893\" data-end=\"1896\">\n<h2 data-start=\"1898\" data-end=\"1904\">Domande frequenti<\/h2>\n<p data-start=\"1906\" data-end=\"2002\"><strong data-start=\"1906\" data-end=\"1935\">A cosa serve questo kit?<\/strong><br data-start=\"1935\" data-end=\"1938\">Consente la manutenzione interna del cambio KME Twin.<\/p>\n<p data-start=\"2004\" data-end=\"2091\"><strong data-start=\"2004\" data-end=\"2042\">\u00c8 valido per altri modelli KME?<\/strong><br data-start=\"2042\" data-end=\"2045\">\u00c8 specificamente pensato per il modello Twin.<\/p>\n<p data-start=\"2093\" data-end=\"2186\"><strong data-start=\"2093\" data-end=\"2131\">Richiede un&#8217;installazione professionale?<\/strong><br data-start=\"2131\" data-end=\"2134\">S\u00ec, \u00e8 consigliato l&#8217;assemblaggio da parte di un tecnico specializzato.<\/p>\n","protected":false},"excerpt":{"rendered":"<p>Kit di riparazione per cambio KME Twin LPG<\/p>\n","protected":false},"featured_media":5115,"comment_status":"open","ping_status":"closed","template":"","meta":{"_uag_custom_page_level_css":""},"product_brand":[],"product_cat":[2135,2379,2144],"product_tag":[],"class_list":{"0":"post-47245","1":"product","2":"type-product","3":"status-publish","4":"has-post-thumbnail","6":"product_cat-juegos-de-reparacion-glp","7":"product_cat-kme","8":"product_cat-productos-por-marca","10":"first","11":"onbackorder","12":"taxable","13":"shipping-taxable","14":"purchasable","15":"product-type-simple"},"ct_brands":[],"yoast_head":"<!-- This site is optimized with the Yoast SEO Premium plugin v27.5 (Yoast SEO v27.5) - https:\/\/yoast.com\/product\/yoast-seo-premium-wordpress\/ -->\n<title>Kit di riparazione per cambio KME Twin LPG |%Recambios EcoGas<\/title>\n<meta name=\"description\" content=\"Kit di riparazione con riduttori KME Twin LPG per manutenzione e recupero stabile della pressione nei sistemi GPL.\" \/>\n<meta name=\"robots\" content=\"index, follow, max-snippet:-1, max-image-preview:large, max-video-preview:-1\" \/>\n<link rel=\"canonical\" href=\"https:\/\/recambiosecogas.com\/it\/producto\/kit-de-reparacion-para-reductor-kme-twin-glp\/\" \/>\n<meta property=\"og:locale\" content=\"it_IT\" \/>\n<meta property=\"og:type\" content=\"article\" \/>\n<meta property=\"og:title\" content=\"Kit di riparazione per cambio KME Twin LPG\" \/>\n<meta property=\"og:description\" content=\"Kit di riparazione con riduttori KME Twin LPG per manutenzione e recupero stabile della pressione nei sistemi GPL.\" \/>\n<meta property=\"og:url\" content=\"https:\/\/recambiosecogas.com\/it\/producto\/kit-de-reparacion-para-reductor-kme-twin-glp\/\" \/>\n<meta property=\"og:site_name\" content=\"Recambios EcoGas\" \/>\n<meta property=\"article:publisher\" content=\"https:\/\/www.facebook.com\/profile.php?id=100062419705358\" \/>\n<meta property=\"article:modified_time\" content=\"2026-04-27T08:18:30+00:00\" \/>\n<meta property=\"og:image\" content=\"https:\/\/recambiosecogas.com\/wp-content\/uploads\/2024\/10\/Kit-de-reparacion-para-reductor-KME-Twin-GLP-26A-png.webp\" \/>\n\t<meta property=\"og:image:width\" content=\"1000\" \/>\n\t<meta property=\"og:image:height\" content=\"1000\" \/>\n\t<meta property=\"og:image:type\" content=\"image\/png\" \/>\n<meta name=\"twitter:card\" content=\"summary_large_image\" \/>\n<meta name=\"twitter:label1\" content=\"Prezzo\" \/>\n\t<meta name=\"twitter:data1\" content=\"39,99&nbsp;&euro; (Sin IVA: 33,05&nbsp;&euro;)\" \/>\n\t<meta name=\"twitter:label2\" content=\"Disponibilit\u00e0\" \/>\n\t<meta name=\"twitter:data2\" content=\"Su ordinazione\" \/>\n<script type=\"application\/ld+json\" class=\"yoast-schema-graph\">{\"@context\":\"https:\\\/\\\/schema.org\",\"@graph\":[{\"@type\":\"WebPage\",\"@id\":\"https:\\\/\\\/recambiosecogas.com\\\/it\\\/producto\\\/kit-de-reparacion-para-reductor-kme-twin-glp\\\/\",\"url\":\"https:\\\/\\\/recambiosecogas.com\\\/it\\\/producto\\\/kit-de-reparacion-para-reductor-kme-twin-glp\\\/\",\"name\":\"Kit di riparazione per cambio KME Twin LPG |%Recambios EcoGas\",\"isPartOf\":{\"@id\":\"https:\\\/\\\/recambiosecogas.com\\\/it\\\/#website\"},\"primaryImageOfPage\":{\"@id\":\"https:\\\/\\\/recambiosecogas.com\\\/it\\\/producto\\\/kit-de-reparacion-para-reductor-kme-twin-glp\\\/#primaryimage\"},\"image\":{\"@id\":\"https:\\\/\\\/recambiosecogas.com\\\/it\\\/producto\\\/kit-de-reparacion-para-reductor-kme-twin-glp\\\/#primaryimage\"},\"thumbnailUrl\":\"https:\\\/\\\/recambiosecogas.com\\\/wp-content\\\/uploads\\\/2024\\\/10\\\/Kit-de-reparacion-para-reductor-KME-Twin-GLP-26A-png.webp\",\"datePublished\":\"2024-10-19T13:51:53+00:00\",\"dateModified\":\"2026-04-27T08:18:30+00:00\",\"description\":\"Kit di riparazione con riduttori KME Twin LPG per manutenzione e recupero stabile della pressione nei sistemi GPL.\",\"breadcrumb\":{\"@id\":\"https:\\\/\\\/recambiosecogas.com\\\/it\\\/producto\\\/kit-de-reparacion-para-reductor-kme-twin-glp\\\/#breadcrumb\"},\"inLanguage\":\"it-IT\",\"potentialAction\":[{\"@type\":\"ReadAction\",\"target\":[\"https:\\\/\\\/recambiosecogas.com\\\/it\\\/producto\\\/kit-de-reparacion-para-reductor-kme-twin-glp\\\/\"]}]},{\"@type\":\"ImageObject\",\"inLanguage\":\"it-IT\",\"@id\":\"https:\\\/\\\/recambiosecogas.com\\\/it\\\/producto\\\/kit-de-reparacion-para-reductor-kme-twin-glp\\\/#primaryimage\",\"url\":\"https:\\\/\\\/recambiosecogas.com\\\/wp-content\\\/uploads\\\/2024\\\/10\\\/Kit-de-reparacion-para-reductor-KME-Twin-GLP-26A-png.webp\",\"contentUrl\":\"https:\\\/\\\/recambiosecogas.com\\\/wp-content\\\/uploads\\\/2024\\\/10\\\/Kit-de-reparacion-para-reductor-KME-Twin-GLP-26A-png.webp\",\"width\":1000,\"height\":1000},{\"@type\":\"BreadcrumbList\",\"@id\":\"https:\\\/\\\/recambiosecogas.com\\\/it\\\/producto\\\/kit-de-reparacion-para-reductor-kme-twin-glp\\\/#breadcrumb\",\"itemListElement\":[{\"@type\":\"ListItem\",\"position\":1,\"name\":\"Portada\",\"item\":\"https:\\\/\\\/recambiosecogas.com\\\/it\\\/\"},{\"@type\":\"ListItem\",\"position\":2,\"name\":\"Negozio\",\"item\":\"https:\\\/\\\/recambiosecogas.com\\\/it\\\/?page_id=46382\"},{\"@type\":\"ListItem\",\"position\":3,\"name\":\"Kit di riparazione per cambio KME Twin LPG\"}]},{\"@type\":\"WebSite\",\"@id\":\"https:\\\/\\\/recambiosecogas.com\\\/it\\\/#website\",\"url\":\"https:\\\/\\\/recambiosecogas.com\\\/it\\\/\",\"name\":\"Recambios EcoGas\",\"description\":\"Recambios Multimarca para sistemas de GLP\\\/GNC\\\/GNL\\\/Hidr\u00f3geno\",\"publisher\":{\"@id\":\"https:\\\/\\\/recambiosecogas.com\\\/it\\\/#organization\"},\"alternateName\":\"Recambios Autogas GLP\",\"potentialAction\":[{\"@type\":\"SearchAction\",\"target\":{\"@type\":\"EntryPoint\",\"urlTemplate\":\"https:\\\/\\\/recambiosecogas.com\\\/it\\\/?s={search_term_string}\"},\"query-input\":{\"@type\":\"PropertyValueSpecification\",\"valueRequired\":true,\"valueName\":\"search_term_string\"}}],\"inLanguage\":\"it-IT\"},{\"@type\":[\"Organization\",\"Place\"],\"@id\":\"https:\\\/\\\/recambiosecogas.com\\\/it\\\/#organization\",\"name\":\"Recambios EcoGas\",\"alternateName\":\"Tienda Online GLP Espa\u00f1a\",\"url\":\"https:\\\/\\\/recambiosecogas.com\\\/it\\\/\",\"logo\":{\"@id\":\"https:\\\/\\\/recambiosecogas.com\\\/it\\\/producto\\\/kit-de-reparacion-para-reductor-kme-twin-glp\\\/#local-main-organization-logo\"},\"image\":{\"@id\":\"https:\\\/\\\/recambiosecogas.com\\\/it\\\/producto\\\/kit-de-reparacion-para-reductor-kme-twin-glp\\\/#local-main-organization-logo\"},\"sameAs\":[\"https:\\\/\\\/www.facebook.com\\\/profile.php?id=100062419705358\",\"https:\\\/\\\/www.instagram.com\\\/segimon_automocio\"],\"description\":\"Recambios EcoGas \u2013 Venta y distribuci\u00f3n de sistemas GLP y GNC en Espa\u00f1a y Portugal. Env\u00edos 24 h, soporte t\u00e9cnico a talleres y distribuidores.\",\"hasMerchantReturnPolicy\":{\"@type\":\"MerchantReturnPolicy\",\"merchantReturnLink\":\"https:\\\/\\\/recambiosecogas.com\\\/politicas-privacidad\\\/\"},\"address\":{\"@id\":\"https:\\\/\\\/recambiosecogas.com\\\/it\\\/producto\\\/kit-de-reparacion-para-reductor-kme-twin-glp\\\/#local-main-place-address\"},\"telephone\":[\"616250633\"],\"contactPoint\":{\"@type\":\"ContactPoint\",\"email\":\"export@recambiosecogas.com\"},\"openingHoursSpecification\":[{\"@type\":\"OpeningHoursSpecification\",\"dayOfWeek\":[\"Monday\",\"Tuesday\",\"Wednesday\",\"Thursday\",\"Friday\",\"Saturday\",\"Sunday\"],\"opens\":\"09:00\",\"closes\":\"17:00\"}],\"email\":\"info@recambiosecogas.com\",\"faxNumber\":\"SEGIMON AUTOMOCION SL\",\"vatID\":\"ESB19819861\",\"globalLocationNumber\":\"938 616 339\"},{\"@type\":\"PostalAddress\",\"@id\":\"https:\\\/\\\/recambiosecogas.com\\\/it\\\/producto\\\/kit-de-reparacion-para-reductor-kme-twin-glp\\\/#local-main-place-address\",\"streetAddress\":\"cami antic de vic, 29 (Nave 3), Pol\u00edgono Industrial Congost\",\"addressLocality\":\"CORRO D`AVALL\",\"postalCode\":\"08520\",\"addressRegion\":\"Barcelona\",\"addressCountry\":\"ES\"},{\"@type\":\"ImageObject\",\"inLanguage\":\"it-IT\",\"@id\":\"https:\\\/\\\/recambiosecogas.com\\\/it\\\/producto\\\/kit-de-reparacion-para-reductor-kme-twin-glp\\\/#local-main-organization-logo\",\"url\":\"https:\\\/\\\/recambiosecogas.com\\\/wp-content\\\/uploads\\\/2024\\\/11\\\/cropped-RECAMBIOS-GLP-png.webp\",\"contentUrl\":\"https:\\\/\\\/recambiosecogas.com\\\/wp-content\\\/uploads\\\/2024\\\/11\\\/cropped-RECAMBIOS-GLP-png.webp\",\"width\":512,\"height\":512,\"caption\":\"Recambios EcoGas\"}]}<\/script>\n<meta property=\"product:price:amount\" content=\"39.99\" \/>\n<meta property=\"product:price:currency\" content=\"EUR\" \/>\n<meta property=\"og:availability\" content=\"backorder\" \/>\n<meta property=\"product:availability\" content=\"available for order\" \/>\n<meta property=\"product:retailer_item_id\" content=\"116826A\" \/>\n<meta property=\"product:condition\" content=\"new\" \/>\n<meta name=\"geo.placename\" content=\"CORRO D`AVALL\" \/>\n<meta name=\"geo.region\" content=\"Spagna\" \/>\n<!-- \/ Yoast SEO Premium plugin. -->","yoast_head_json":{"title":"Kit di riparazione per cambio KME Twin LPG |%Recambios EcoGas","description":"Kit di riparazione con riduttori KME Twin LPG per manutenzione e recupero stabile della pressione nei sistemi GPL.","robots":{"index":"index","follow":"follow","max-snippet":"max-snippet:-1","max-image-preview":"max-image-preview:large","max-video-preview":"max-video-preview:-1"},"canonical":"https:\/\/recambiosecogas.com\/it\/producto\/kit-de-reparacion-para-reductor-kme-twin-glp\/","og_locale":"it_IT","og_type":"article","og_title":"Kit di riparazione per cambio KME Twin LPG","og_description":"Kit di riparazione con riduttori KME Twin LPG per manutenzione e recupero stabile della pressione nei sistemi GPL.","og_url":"https:\/\/recambiosecogas.com\/it\/producto\/kit-de-reparacion-para-reductor-kme-twin-glp\/","og_site_name":"Recambios EcoGas","article_publisher":"https:\/\/www.facebook.com\/profile.php?id=100062419705358","article_modified_time":"2026-04-27T08:18:30+00:00","og_image":[{"width":1000,"height":1000,"url":"https:\/\/recambiosecogas.com\/wp-content\/uploads\/2024\/10\/Kit-de-reparacion-para-reductor-KME-Twin-GLP-26A-png.webp","type":"image\/png"}],"twitter_card":"summary_large_image","twitter_misc":{"Prezzo":"39,99&nbsp;&euro; (Sin IVA: 33,05&nbsp;&euro;)","Disponibilit\u00e0":"Su ordinazione"},"schema":{"@context":"https:\/\/schema.org","@graph":[{"@type":"WebPage","@id":"https:\/\/recambiosecogas.com\/it\/producto\/kit-de-reparacion-para-reductor-kme-twin-glp\/","url":"https:\/\/recambiosecogas.com\/it\/producto\/kit-de-reparacion-para-reductor-kme-twin-glp\/","name":"Kit di riparazione per cambio KME Twin LPG |%Recambios EcoGas","isPartOf":{"@id":"https:\/\/recambiosecogas.com\/it\/#website"},"primaryImageOfPage":{"@id":"https:\/\/recambiosecogas.com\/it\/producto\/kit-de-reparacion-para-reductor-kme-twin-glp\/#primaryimage"},"image":{"@id":"https:\/\/recambiosecogas.com\/it\/producto\/kit-de-reparacion-para-reductor-kme-twin-glp\/#primaryimage"},"thumbnailUrl":"https:\/\/recambiosecogas.com\/wp-content\/uploads\/2024\/10\/Kit-de-reparacion-para-reductor-KME-Twin-GLP-26A-png.webp","datePublished":"2024-10-19T13:51:53+00:00","dateModified":"2026-04-27T08:18:30+00:00","description":"Kit di riparazione con riduttori KME Twin LPG per manutenzione e recupero stabile della pressione nei sistemi GPL.","breadcrumb":{"@id":"https:\/\/recambiosecogas.com\/it\/producto\/kit-de-reparacion-para-reductor-kme-twin-glp\/#breadcrumb"},"inLanguage":"it-IT","potentialAction":[{"@type":"ReadAction","target":["https:\/\/recambiosecogas.com\/it\/producto\/kit-de-reparacion-para-reductor-kme-twin-glp\/"]}]},{"@type":"ImageObject","inLanguage":"it-IT","@id":"https:\/\/recambiosecogas.com\/it\/producto\/kit-de-reparacion-para-reductor-kme-twin-glp\/#primaryimage","url":"https:\/\/recambiosecogas.com\/wp-content\/uploads\/2024\/10\/Kit-de-reparacion-para-reductor-KME-Twin-GLP-26A-png.webp","contentUrl":"https:\/\/recambiosecogas.com\/wp-content\/uploads\/2024\/10\/Kit-de-reparacion-para-reductor-KME-Twin-GLP-26A-png.webp","width":1000,"height":1000},{"@type":"BreadcrumbList","@id":"https:\/\/recambiosecogas.com\/it\/producto\/kit-de-reparacion-para-reductor-kme-twin-glp\/#breadcrumb","itemListElement":[{"@type":"ListItem","position":1,"name":"Portada","item":"https:\/\/recambiosecogas.com\/it\/"},{"@type":"ListItem","position":2,"name":"Negozio","item":"https:\/\/recambiosecogas.com\/it\/?page_id=46382"},{"@type":"ListItem","position":3,"name":"Kit di riparazione per cambio KME Twin LPG"}]},{"@type":"WebSite","@id":"https:\/\/recambiosecogas.com\/it\/#website","url":"https:\/\/recambiosecogas.com\/it\/","name":"Recambios EcoGas","description":"Recambios Multimarca para sistemas de GLP\/GNC\/GNL\/Hidr\u00f3geno","publisher":{"@id":"https:\/\/recambiosecogas.com\/it\/#organization"},"alternateName":"Recambios Autogas GLP","potentialAction":[{"@type":"SearchAction","target":{"@type":"EntryPoint","urlTemplate":"https:\/\/recambiosecogas.com\/it\/?s={search_term_string}"},"query-input":{"@type":"PropertyValueSpecification","valueRequired":true,"valueName":"search_term_string"}}],"inLanguage":"it-IT"},{"@type":["Organization","Place"],"@id":"https:\/\/recambiosecogas.com\/it\/#organization","name":"Recambios EcoGas","alternateName":"Tienda Online GLP Espa\u00f1a","url":"https:\/\/recambiosecogas.com\/it\/","logo":{"@id":"https:\/\/recambiosecogas.com\/it\/producto\/kit-de-reparacion-para-reductor-kme-twin-glp\/#local-main-organization-logo"},"image":{"@id":"https:\/\/recambiosecogas.com\/it\/producto\/kit-de-reparacion-para-reductor-kme-twin-glp\/#local-main-organization-logo"},"sameAs":["https:\/\/www.facebook.com\/profile.php?id=100062419705358","https:\/\/www.instagram.com\/segimon_automocio"],"description":"Recambios EcoGas \u2013 Venta y distribuci\u00f3n de sistemas GLP y GNC en Espa\u00f1a y Portugal. Env\u00edos 24 h, soporte t\u00e9cnico a talleres y distribuidores.","hasMerchantReturnPolicy":{"@type":"MerchantReturnPolicy","merchantReturnLink":"https:\/\/recambiosecogas.com\/politicas-privacidad\/"},"address":{"@id":"https:\/\/recambiosecogas.com\/it\/producto\/kit-de-reparacion-para-reductor-kme-twin-glp\/#local-main-place-address"},"telephone":["616250633"],"contactPoint":{"@type":"ContactPoint","email":"export@recambiosecogas.com"},"openingHoursSpecification":[{"@type":"OpeningHoursSpecification","dayOfWeek":["Monday","Tuesday","Wednesday","Thursday","Friday","Saturday","Sunday"],"opens":"09:00","closes":"17:00"}],"email":"info@recambiosecogas.com","faxNumber":"SEGIMON AUTOMOCION SL","vatID":"ESB19819861","globalLocationNumber":"938 616 339"},{"@type":"PostalAddress","@id":"https:\/\/recambiosecogas.com\/it\/producto\/kit-de-reparacion-para-reductor-kme-twin-glp\/#local-main-place-address","streetAddress":"cami antic de vic, 29 (Nave 3), Pol\u00edgono Industrial Congost","addressLocality":"CORRO D`AVALL","postalCode":"08520","addressRegion":"Barcelona","addressCountry":"ES"},{"@type":"ImageObject","inLanguage":"it-IT","@id":"https:\/\/recambiosecogas.com\/it\/producto\/kit-de-reparacion-para-reductor-kme-twin-glp\/#local-main-organization-logo","url":"https:\/\/recambiosecogas.com\/wp-content\/uploads\/2024\/11\/cropped-RECAMBIOS-GLP-png.webp","contentUrl":"https:\/\/recambiosecogas.com\/wp-content\/uploads\/2024\/11\/cropped-RECAMBIOS-GLP-png.webp","width":512,"height":512,"caption":"Recambios EcoGas"}]},"product_price_amount":"39.99","product_price_currency":"EUR","og_availability":"backorder","product_availability":"available for order","product_retailer_item_id":"116826A","product_condition":"new","geo.placename":"CORRO D`AVALL","geo.region":"Spagna"},"uagb_featured_image_src":{"full":["https:\/\/recambiosecogas.com\/wp-content\/uploads\/2024\/10\/Kit-de-reparacion-para-reductor-KME-Twin-GLP-26A-png.webp",1000,1000,false],"thumbnail":["https:\/\/recambiosecogas.com\/wp-content\/uploads\/2024\/10\/Kit-de-reparacion-para-reductor-KME-Twin-GLP-26A-png-150x150.webp",150,150,true],"medium":["https:\/\/recambiosecogas.com\/wp-content\/uploads\/2024\/10\/Kit-de-reparacion-para-reductor-KME-Twin-GLP-26A-300x300.webp",300,300,true],"medium_large":["https:\/\/recambiosecogas.com\/wp-content\/uploads\/2024\/10\/Kit-de-reparacion-para-reductor-KME-Twin-GLP-26A-png-768x768.webp",768,768,true],"large":["https:\/\/recambiosecogas.com\/wp-content\/uploads\/2024\/10\/Kit-de-reparacion-para-reductor-KME-Twin-GLP-26A-png.webp",1000,1000,false],"1536x1536":["https:\/\/recambiosecogas.com\/wp-content\/uploads\/2024\/10\/Kit-de-reparacion-para-reductor-KME-Twin-GLP-26A-png.webp",1000,1000,false],"2048x2048":["https:\/\/recambiosecogas.com\/wp-content\/uploads\/2024\/10\/Kit-de-reparacion-para-reductor-KME-Twin-GLP-26A-png.webp",1000,1000,false],"woocommerce_archive_thumbnail":["https:\/\/recambiosecogas.com\/wp-content\/uploads\/2024\/10\/Kit-de-reparacion-para-reductor-KME-Twin-GLP-26A-png.webp",1000,1000,false],"woocommerce_thumbnail":["https:\/\/recambiosecogas.com\/wp-content\/uploads\/2024\/10\/Kit-de-reparacion-para-reductor-KME-Twin-GLP-26A-png-300x300.webp",300,300,true],"woocommerce_single":["https:\/\/recambiosecogas.com\/wp-content\/uploads\/2024\/10\/Kit-de-reparacion-para-reductor-KME-Twin-GLP-26A-png.webp",1000,1000,false],"woocommerce_gallery_thumbnail":["https:\/\/recambiosecogas.com\/wp-content\/uploads\/2024\/10\/Kit-de-reparacion-para-reductor-KME-Twin-GLP-26A-png.webp",1000,1000,false],"dgwt-wcas-product-suggestion":["https:\/\/recambiosecogas.com\/wp-content\/uploads\/2024\/10\/Kit-de-reparacion-para-reductor-KME-Twin-GLP-26A-png-64x64.webp",64,64,true]},"uagb_author_info":{"display_name":"Fran - Soporte T\u00e9cnico","author_link":"https:\/\/recambiosecogas.com\/it\/author\/"},"uagb_comment_info":0,"uagb_excerpt":"Kit di riparazione per cambio KME Twin LPG","_links":{"self":[{"href":"https:\/\/recambiosecogas.com\/it\/wp-json\/wp\/v2\/product\/47245","targetHints":{"allow":["GET"]}}],"collection":[{"href":"https:\/\/recambiosecogas.com\/it\/wp-json\/wp\/v2\/product"}],"about":[{"href":"https:\/\/recambiosecogas.com\/it\/wp-json\/wp\/v2\/types\/product"}],"replies":[{"embeddable":true,"href":"https:\/\/recambiosecogas.com\/it\/wp-json\/wp\/v2\/comments?post=47245"}],"wp:featuredmedia":[{"embeddable":true,"href":"https:\/\/recambiosecogas.com\/it\/wp-json\/wp\/v2\/media\/5115"}],"wp:attachment":[{"href":"https:\/\/recambiosecogas.com\/it\/wp-json\/wp\/v2\/media?parent=47245"}],"wp:term":[{"taxonomy":"product_brand","embeddable":true,"href":"https:\/\/recambiosecogas.com\/it\/wp-json\/wp\/v2\/product_brand?post=47245"},{"taxonomy":"product_cat","embeddable":true,"href":"https:\/\/recambiosecogas.com\/it\/wp-json\/wp\/v2\/product_cat?post=47245"},{"taxonomy":"product_tag","embeddable":true,"href":"https:\/\/recambiosecogas.com\/it\/wp-json\/wp\/v2\/product_tag?post=47245"}],"curies":[{"name":"wp","href":"https:\/\/api.w.org\/{rel}","templated":true}]}}