{"id":47235,"date":"2024-10-19T13:51:44","date_gmt":"2024-10-19T13:51:44","guid":{"rendered":"https:\/\/recambiosecogas.com\/producto\/brc-kit-de-reparacion-del-reductor-genius-mb-desde-mj07\/"},"modified":"2026-04-27T09:17:42","modified_gmt":"2026-04-27T08:17:42","slug":"brc-kit-de-reparacion-del-reductor-genius-mb-desde-mj07","status":"publish","type":"product","link":"https:\/\/recambiosecogas.com\/it\/producto\/brc-kit-de-reparacion-del-reductor-genius-mb-desde-mj07\/","title":{"rendered":"Kit di riparazione cambio BRC Genius MB (da MJ07)"},"content":{"rendered":"<h1 data-start=\"0\" data-end=\"59\">Kit di riparazione cambio BRC Genius MB (da MJ07)<\/h1>\n<p data-start=\"61\" data-end=\"310\">Il <strong data-start=\"64\" data-end=\"110\">kit di riparazione riduttore BRC Genius MB MJ07<\/strong> \u00e8 destinato alla manutenzione del riduttore BRC Genius MB prodotto in MJ07. Consente la sostituzione dei componenti interni soggetti a usura e il ripristino della stabilit\u00e0 della pressione del sistema GPL. <\/p>\n<p data-start=\"312\" data-end=\"610\">Con l&#8217;uso continuato, membrane interne e guarnizioni possono deteriorarsi, influenzando la regolamentazione e le prestazioni complessive dell&#8217;apparecchiatura. Questo kit specifico per la versione MJ07 facilita la riqualificazione dell&#8217;assemblaggio interno del cambio e aiuta a mantenere una fornitura di gas stabile. <\/p>\n<hr data-start=\"612\" data-end=\"615\">\n<h2 data-start=\"617\" data-end=\"659\">Supporto Genius MB da MJ07<\/h2>\n<div class=\"TyagGW_tableContainer\">\n<div class=\"group TyagGW_tableWrapper flex flex-col-reverse w-fit\" tabindex=\"-1\">\n<table class=\"w-fit min-w-(--thread-content-width)\" data-start=\"661\" data-end=\"901\">\n<thead data-start=\"661\" data-end=\"696\">\n<tr data-start=\"661\" data-end=\"696\">\n<th class=\"\" data-start=\"661\" data-end=\"678\" data-col-size=\"sm\">Caratteristiche<\/th>\n<th class=\"\" data-start=\"678\" data-end=\"696\" data-col-size=\"sm\">Specifiche<\/th>\n<\/tr>\n<\/thead>\n<tbody data-start=\"733\" data-end=\"901\">\n<tr data-start=\"733\" data-end=\"765\">\n<td data-start=\"733\" data-end=\"744\" data-col-size=\"sm\">Prodotto<\/td>\n<td data-start=\"744\" data-end=\"765\" data-col-size=\"sm\">Kit di riparazione<\/td>\n<\/tr>\n<tr data-start=\"766\" data-end=\"781\">\n<td data-start=\"766\" data-end=\"774\" data-col-size=\"sm\">Marchio<\/td>\n<td data-start=\"774\" data-end=\"781\" data-col-size=\"sm\">BRC<\/td>\n<\/tr>\n<tr data-start=\"782\" data-end=\"804\">\n<td data-start=\"782\" data-end=\"791\" data-col-size=\"sm\">Modello<\/td>\n<td data-start=\"791\" data-end=\"804\" data-col-size=\"sm\">Genius MB<\/td>\n<\/tr>\n<tr data-start=\"805\" data-end=\"829\">\n<td data-start=\"805\" data-end=\"815\" data-col-size=\"sm\">Versione<\/td>\n<td data-start=\"815\" data-end=\"829\" data-col-size=\"sm\">Da MJ07<\/td>\n<\/tr>\n<tr data-start=\"830\" data-end=\"859\">\n<td data-start=\"830\" data-end=\"843\" data-col-size=\"sm\">Applicazione<\/td>\n<td data-start=\"843\" data-end=\"859\" data-col-size=\"sm\">Riduttore di GPL<\/td>\n<\/tr>\n<tr data-start=\"860\" data-end=\"901\">\n<td data-start=\"860\" data-end=\"874\" data-col-size=\"sm\">Installazione<\/td>\n<td data-start=\"874\" data-end=\"901\" data-col-size=\"sm\">Professionisti consigliati<\/td>\n<\/tr>\n<\/tbody>\n<\/table>\n<\/div>\n<\/div>\n<hr data-start=\"903\" data-end=\"906\">\n<h2 data-start=\"908\" data-end=\"948\">Servizio e manutenzione del cambio<\/h2>\n<p data-start=\"950\" data-end=\"996\">Questo kit consente interventi come:<\/p>\n<ul data-start=\"998\" data-end=\"1166\">\n<li data-start=\"998\" data-end=\"1035\">\n<p data-start=\"1000\" data-end=\"1035\">Sostituzione delle membrane interne<\/p>\n<\/li>\n<li data-start=\"1036\" data-end=\"1075\">\n<p data-start=\"1038\" data-end=\"1075\">Sostituzione delle guarnizioni di guarnizione<\/p>\n<\/li>\n<li data-start=\"1076\" data-end=\"1120\">\n<p data-start=\"1078\" data-end=\"1120\">Ripristino della regolazione della pressione<\/p>\n<\/li>\n<li data-start=\"1121\" data-end=\"1166\">\n<p data-start=\"1123\" data-end=\"1166\">Mantenimento della stabilit\u00e0 operativa<\/p>\n<\/li>\n<\/ul>\n<p data-start=\"1168\" data-end=\"1330\">La manutenzione regolare del cambio Genius MB da MJ07 aiuta a prolungare la vita dell&#8217;attrezzatura e a garantire il corretto funzionamento del sistema GPL.<\/p>\n<hr data-start=\"1332\" data-end=\"1335\">\n<h2 data-start=\"1337\" data-end=\"1355\">Raccomandazioni<\/h2>\n<p data-start=\"1357\" data-end=\"1505\">Compatibile esclusivamente con i cambi BRC Genius MB di MJ07.<br data-start=\"1423\" data-end=\"1426\">\u00c8 consigliabile verificare l&#8217;ID modello prima dell&#8217;installazione.<\/p>\n<hr data-start=\"1507\" data-end=\"1510\">\n<h2 data-start=\"1512\" data-end=\"1518\">Domande frequenti<\/h2>\n<p data-start=\"1520\" data-end=\"1612\"><strong data-start=\"1520\" data-end=\"1560\">\u00c8 valido per qualsiasi MB Genius?<\/strong><br data-start=\"1560\" data-end=\"1563\">\u00c8 destinato alle versioni prodotte da MJ07.<\/p>\n<p data-start=\"1614\" data-end=\"1724\"><strong data-start=\"1614\" data-end=\"1649\">\u00c8 adatto ai modelli pi\u00f9 vecchi?<\/strong><br data-start=\"1649\" data-end=\"1652\">No, va confermato che il cambio corrisponde alla versione indicata.<\/p>\n<p data-start=\"1726\" data-end=\"1833\"><strong data-start=\"1726\" data-end=\"1762\">Dovrebbe essere installato da un professionista?<\/strong><br data-start=\"1762\" data-end=\"1765\">S\u00ec, si consiglia l&#8217;assemblaggio da parte di un tecnico specializzato in sistemi GPL.<\/p>\n","protected":false},"excerpt":{"rendered":"<p>Kit di riparazione cambio BRC Genius MB (da MJ07)<\/p>\n","protected":false},"featured_media":6281,"comment_status":"open","ping_status":"closed","template":"","meta":{"_uag_custom_page_level_css":""},"product_brand":[],"product_cat":[2346,2135,2136],"product_tag":[],"class_list":{"0":"post-47235","1":"product","2":"type-product","3":"status-publish","4":"has-post-thumbnail","6":"product_cat-brc","7":"product_cat-juegos-de-reparacion-glp","8":"product_cat-reguladores-de-presion","10":"first","11":"instock","12":"taxable","13":"shipping-taxable","14":"purchasable","15":"product-type-simple"},"ct_brands":[],"yoast_head":"<!-- This site is optimized with the Yoast SEO Premium plugin v27.5 (Yoast SEO v27.5) - https:\/\/yoast.com\/product\/yoast-seo-premium-wordpress\/ -->\n<title>BRC Genius MB MJ07 reducer repair kit | Recambios EcoGas<\/title>\n<meta name=\"description\" content=\"Kit di riparazione del riduttore BRC Genius MB MJ07 per la manutenzione del riduttore da MJ07 e il recupero stabile della pressione nei sistemi a GPL.\" \/>\n<meta name=\"robots\" content=\"index, follow, max-snippet:-1, max-image-preview:large, max-video-preview:-1\" \/>\n<link rel=\"canonical\" href=\"https:\/\/recambiosecogas.com\/it\/producto\/brc-kit-de-reparacion-del-reductor-genius-mb-desde-mj07\/\" \/>\n<meta property=\"og:locale\" content=\"it_IT\" \/>\n<meta property=\"og:type\" content=\"article\" \/>\n<meta property=\"og:title\" content=\"Kit di riparazione cambio BRC Genius MB (da MJ07)\" \/>\n<meta property=\"og:description\" content=\"Kit di riparazione del riduttore BRC Genius MB MJ07 per la manutenzione del riduttore da MJ07 e il recupero stabile della pressione nei sistemi a GPL.\" \/>\n<meta property=\"og:url\" content=\"https:\/\/recambiosecogas.com\/it\/producto\/brc-kit-de-reparacion-del-reductor-genius-mb-desde-mj07\/\" \/>\n<meta property=\"og:site_name\" content=\"Recambios EcoGas\" \/>\n<meta property=\"article:publisher\" content=\"https:\/\/www.facebook.com\/profile.php?id=100062419705358\" \/>\n<meta property=\"article:modified_time\" content=\"2026-04-27T08:17:42+00:00\" \/>\n<meta property=\"og:image\" content=\"https:\/\/recambiosecogas.com\/wp-content\/uploads\/2024\/10\/BRC-kit-de-reparacion-del-reductor-Genius-MB-desde-MJ07-png.webp\" \/>\n\t<meta property=\"og:image:width\" content=\"1000\" \/>\n\t<meta property=\"og:image:height\" content=\"1000\" \/>\n\t<meta property=\"og:image:type\" content=\"image\/png\" \/>\n<meta name=\"twitter:card\" content=\"summary_large_image\" \/>\n<meta name=\"twitter:label1\" content=\"Prezzo\" \/>\n\t<meta name=\"twitter:data1\" content=\"15,29&nbsp;&euro; (Sin IVA: 12,64&nbsp;&euro;)\" \/>\n\t<meta name=\"twitter:label2\" content=\"Disponibilit\u00e0\" \/>\n\t<meta name=\"twitter:data2\" content=\"In stock\" \/>\n<script type=\"application\/ld+json\" class=\"yoast-schema-graph\">{\"@context\":\"https:\\\/\\\/schema.org\",\"@graph\":[{\"@type\":\"WebPage\",\"@id\":\"https:\\\/\\\/recambiosecogas.com\\\/it\\\/producto\\\/brc-kit-de-reparacion-del-reductor-genius-mb-desde-mj07\\\/\",\"url\":\"https:\\\/\\\/recambiosecogas.com\\\/it\\\/producto\\\/brc-kit-de-reparacion-del-reductor-genius-mb-desde-mj07\\\/\",\"name\":\"BRC Genius MB MJ07 reducer repair kit | Recambios EcoGas\",\"isPartOf\":{\"@id\":\"https:\\\/\\\/recambiosecogas.com\\\/it\\\/#website\"},\"primaryImageOfPage\":{\"@id\":\"https:\\\/\\\/recambiosecogas.com\\\/it\\\/producto\\\/brc-kit-de-reparacion-del-reductor-genius-mb-desde-mj07\\\/#primaryimage\"},\"image\":{\"@id\":\"https:\\\/\\\/recambiosecogas.com\\\/it\\\/producto\\\/brc-kit-de-reparacion-del-reductor-genius-mb-desde-mj07\\\/#primaryimage\"},\"thumbnailUrl\":\"https:\\\/\\\/recambiosecogas.com\\\/wp-content\\\/uploads\\\/2024\\\/10\\\/BRC-kit-de-reparacion-del-reductor-Genius-MB-desde-MJ07-png.webp\",\"datePublished\":\"2024-10-19T13:51:44+00:00\",\"dateModified\":\"2026-04-27T08:17:42+00:00\",\"description\":\"Kit di riparazione del riduttore BRC Genius MB MJ07 per la manutenzione del riduttore da MJ07 e il recupero stabile della pressione nei sistemi a GPL.\",\"breadcrumb\":{\"@id\":\"https:\\\/\\\/recambiosecogas.com\\\/it\\\/producto\\\/brc-kit-de-reparacion-del-reductor-genius-mb-desde-mj07\\\/#breadcrumb\"},\"inLanguage\":\"it-IT\",\"potentialAction\":[{\"@type\":\"ReadAction\",\"target\":[\"https:\\\/\\\/recambiosecogas.com\\\/it\\\/producto\\\/brc-kit-de-reparacion-del-reductor-genius-mb-desde-mj07\\\/\"]}]},{\"@type\":\"ImageObject\",\"inLanguage\":\"it-IT\",\"@id\":\"https:\\\/\\\/recambiosecogas.com\\\/it\\\/producto\\\/brc-kit-de-reparacion-del-reductor-genius-mb-desde-mj07\\\/#primaryimage\",\"url\":\"https:\\\/\\\/recambiosecogas.com\\\/wp-content\\\/uploads\\\/2024\\\/10\\\/BRC-kit-de-reparacion-del-reductor-Genius-MB-desde-MJ07-png.webp\",\"contentUrl\":\"https:\\\/\\\/recambiosecogas.com\\\/wp-content\\\/uploads\\\/2024\\\/10\\\/BRC-kit-de-reparacion-del-reductor-Genius-MB-desde-MJ07-png.webp\",\"width\":1000,\"height\":1000},{\"@type\":\"BreadcrumbList\",\"@id\":\"https:\\\/\\\/recambiosecogas.com\\\/it\\\/producto\\\/brc-kit-de-reparacion-del-reductor-genius-mb-desde-mj07\\\/#breadcrumb\",\"itemListElement\":[{\"@type\":\"ListItem\",\"position\":1,\"name\":\"Portada\",\"item\":\"https:\\\/\\\/recambiosecogas.com\\\/it\\\/\"},{\"@type\":\"ListItem\",\"position\":2,\"name\":\"Negozio\",\"item\":\"https:\\\/\\\/recambiosecogas.com\\\/it\\\/?page_id=46382\"},{\"@type\":\"ListItem\",\"position\":3,\"name\":\"Kit di riparazione cambio BRC Genius MB (da MJ07)\"}]},{\"@type\":\"WebSite\",\"@id\":\"https:\\\/\\\/recambiosecogas.com\\\/it\\\/#website\",\"url\":\"https:\\\/\\\/recambiosecogas.com\\\/it\\\/\",\"name\":\"Recambios EcoGas\",\"description\":\"Recambios Multimarca para sistemas de GLP\\\/GNC\\\/GNL\\\/Hidr\u00f3geno\",\"publisher\":{\"@id\":\"https:\\\/\\\/recambiosecogas.com\\\/it\\\/#organization\"},\"alternateName\":\"Recambios Autogas GLP\",\"potentialAction\":[{\"@type\":\"SearchAction\",\"target\":{\"@type\":\"EntryPoint\",\"urlTemplate\":\"https:\\\/\\\/recambiosecogas.com\\\/it\\\/?s={search_term_string}\"},\"query-input\":{\"@type\":\"PropertyValueSpecification\",\"valueRequired\":true,\"valueName\":\"search_term_string\"}}],\"inLanguage\":\"it-IT\"},{\"@type\":[\"Organization\",\"Place\"],\"@id\":\"https:\\\/\\\/recambiosecogas.com\\\/it\\\/#organization\",\"name\":\"Recambios EcoGas\",\"alternateName\":\"Tienda Online GLP Espa\u00f1a\",\"url\":\"https:\\\/\\\/recambiosecogas.com\\\/it\\\/\",\"logo\":{\"@id\":\"https:\\\/\\\/recambiosecogas.com\\\/it\\\/producto\\\/brc-kit-de-reparacion-del-reductor-genius-mb-desde-mj07\\\/#local-main-organization-logo\"},\"image\":{\"@id\":\"https:\\\/\\\/recambiosecogas.com\\\/it\\\/producto\\\/brc-kit-de-reparacion-del-reductor-genius-mb-desde-mj07\\\/#local-main-organization-logo\"},\"sameAs\":[\"https:\\\/\\\/www.facebook.com\\\/profile.php?id=100062419705358\",\"https:\\\/\\\/www.instagram.com\\\/segimon_automocio\"],\"description\":\"Recambios EcoGas \u2013 Venta y distribuci\u00f3n de sistemas GLP y GNC en Espa\u00f1a y Portugal. Env\u00edos 24 h, soporte t\u00e9cnico a talleres y distribuidores.\",\"hasMerchantReturnPolicy\":{\"@type\":\"MerchantReturnPolicy\",\"merchantReturnLink\":\"https:\\\/\\\/recambiosecogas.com\\\/politicas-privacidad\\\/\"},\"address\":{\"@id\":\"https:\\\/\\\/recambiosecogas.com\\\/it\\\/producto\\\/brc-kit-de-reparacion-del-reductor-genius-mb-desde-mj07\\\/#local-main-place-address\"},\"telephone\":[\"616250633\"],\"contactPoint\":{\"@type\":\"ContactPoint\",\"email\":\"export@recambiosecogas.com\"},\"openingHoursSpecification\":[{\"@type\":\"OpeningHoursSpecification\",\"dayOfWeek\":[\"Monday\",\"Tuesday\",\"Wednesday\",\"Thursday\",\"Friday\",\"Saturday\",\"Sunday\"],\"opens\":\"09:00\",\"closes\":\"17:00\"}],\"email\":\"info@recambiosecogas.com\",\"faxNumber\":\"SEGIMON AUTOMOCION SL\",\"vatID\":\"ESB19819861\",\"globalLocationNumber\":\"938 616 339\"},{\"@type\":\"PostalAddress\",\"@id\":\"https:\\\/\\\/recambiosecogas.com\\\/it\\\/producto\\\/brc-kit-de-reparacion-del-reductor-genius-mb-desde-mj07\\\/#local-main-place-address\",\"streetAddress\":\"cami antic de vic, 29 (Nave 3), Pol\u00edgono Industrial Congost\",\"addressLocality\":\"CORRO D`AVALL\",\"postalCode\":\"08520\",\"addressRegion\":\"Barcelona\",\"addressCountry\":\"ES\"},{\"@type\":\"ImageObject\",\"inLanguage\":\"it-IT\",\"@id\":\"https:\\\/\\\/recambiosecogas.com\\\/it\\\/producto\\\/brc-kit-de-reparacion-del-reductor-genius-mb-desde-mj07\\\/#local-main-organization-logo\",\"url\":\"https:\\\/\\\/recambiosecogas.com\\\/wp-content\\\/uploads\\\/2024\\\/11\\\/cropped-RECAMBIOS-GLP-png.webp\",\"contentUrl\":\"https:\\\/\\\/recambiosecogas.com\\\/wp-content\\\/uploads\\\/2024\\\/11\\\/cropped-RECAMBIOS-GLP-png.webp\",\"width\":512,\"height\":512,\"caption\":\"Recambios EcoGas\"}]}<\/script>\n<meta property=\"product:price:amount\" content=\"15.29\" \/>\n<meta property=\"product:price:currency\" content=\"EUR\" \/>\n<meta property=\"og:availability\" content=\"instock\" \/>\n<meta property=\"product:availability\" content=\"instock\" \/>\n<meta property=\"product:retailer_item_id\" content=\"100387\" \/>\n<meta property=\"product:condition\" content=\"new\" \/>\n<meta name=\"geo.placename\" content=\"CORRO D`AVALL\" \/>\n<meta name=\"geo.region\" content=\"Spagna\" \/>\n<!-- \/ Yoast SEO Premium plugin. -->","yoast_head_json":{"title":"BRC Genius MB MJ07 reducer repair kit | Recambios EcoGas","description":"Kit di riparazione del riduttore BRC Genius MB MJ07 per la manutenzione del riduttore da MJ07 e il recupero stabile della pressione nei sistemi a GPL.","robots":{"index":"index","follow":"follow","max-snippet":"max-snippet:-1","max-image-preview":"max-image-preview:large","max-video-preview":"max-video-preview:-1"},"canonical":"https:\/\/recambiosecogas.com\/it\/producto\/brc-kit-de-reparacion-del-reductor-genius-mb-desde-mj07\/","og_locale":"it_IT","og_type":"article","og_title":"Kit di riparazione cambio BRC Genius MB (da MJ07)","og_description":"Kit di riparazione del riduttore BRC Genius MB MJ07 per la manutenzione del riduttore da MJ07 e il recupero stabile della pressione nei sistemi a GPL.","og_url":"https:\/\/recambiosecogas.com\/it\/producto\/brc-kit-de-reparacion-del-reductor-genius-mb-desde-mj07\/","og_site_name":"Recambios EcoGas","article_publisher":"https:\/\/www.facebook.com\/profile.php?id=100062419705358","article_modified_time":"2026-04-27T08:17:42+00:00","og_image":[{"width":1000,"height":1000,"url":"https:\/\/recambiosecogas.com\/wp-content\/uploads\/2024\/10\/BRC-kit-de-reparacion-del-reductor-Genius-MB-desde-MJ07-png.webp","type":"image\/png"}],"twitter_card":"summary_large_image","twitter_misc":{"Prezzo":"15,29&nbsp;&euro; (Sin IVA: 12,64&nbsp;&euro;)","Disponibilit\u00e0":"In stock"},"schema":{"@context":"https:\/\/schema.org","@graph":[{"@type":"WebPage","@id":"https:\/\/recambiosecogas.com\/it\/producto\/brc-kit-de-reparacion-del-reductor-genius-mb-desde-mj07\/","url":"https:\/\/recambiosecogas.com\/it\/producto\/brc-kit-de-reparacion-del-reductor-genius-mb-desde-mj07\/","name":"BRC Genius MB MJ07 reducer repair kit | Recambios EcoGas","isPartOf":{"@id":"https:\/\/recambiosecogas.com\/it\/#website"},"primaryImageOfPage":{"@id":"https:\/\/recambiosecogas.com\/it\/producto\/brc-kit-de-reparacion-del-reductor-genius-mb-desde-mj07\/#primaryimage"},"image":{"@id":"https:\/\/recambiosecogas.com\/it\/producto\/brc-kit-de-reparacion-del-reductor-genius-mb-desde-mj07\/#primaryimage"},"thumbnailUrl":"https:\/\/recambiosecogas.com\/wp-content\/uploads\/2024\/10\/BRC-kit-de-reparacion-del-reductor-Genius-MB-desde-MJ07-png.webp","datePublished":"2024-10-19T13:51:44+00:00","dateModified":"2026-04-27T08:17:42+00:00","description":"Kit di riparazione del riduttore BRC Genius MB MJ07 per la manutenzione del riduttore da MJ07 e il recupero stabile della pressione nei sistemi a GPL.","breadcrumb":{"@id":"https:\/\/recambiosecogas.com\/it\/producto\/brc-kit-de-reparacion-del-reductor-genius-mb-desde-mj07\/#breadcrumb"},"inLanguage":"it-IT","potentialAction":[{"@type":"ReadAction","target":["https:\/\/recambiosecogas.com\/it\/producto\/brc-kit-de-reparacion-del-reductor-genius-mb-desde-mj07\/"]}]},{"@type":"ImageObject","inLanguage":"it-IT","@id":"https:\/\/recambiosecogas.com\/it\/producto\/brc-kit-de-reparacion-del-reductor-genius-mb-desde-mj07\/#primaryimage","url":"https:\/\/recambiosecogas.com\/wp-content\/uploads\/2024\/10\/BRC-kit-de-reparacion-del-reductor-Genius-MB-desde-MJ07-png.webp","contentUrl":"https:\/\/recambiosecogas.com\/wp-content\/uploads\/2024\/10\/BRC-kit-de-reparacion-del-reductor-Genius-MB-desde-MJ07-png.webp","width":1000,"height":1000},{"@type":"BreadcrumbList","@id":"https:\/\/recambiosecogas.com\/it\/producto\/brc-kit-de-reparacion-del-reductor-genius-mb-desde-mj07\/#breadcrumb","itemListElement":[{"@type":"ListItem","position":1,"name":"Portada","item":"https:\/\/recambiosecogas.com\/it\/"},{"@type":"ListItem","position":2,"name":"Negozio","item":"https:\/\/recambiosecogas.com\/it\/?page_id=46382"},{"@type":"ListItem","position":3,"name":"Kit di riparazione cambio BRC Genius MB (da MJ07)"}]},{"@type":"WebSite","@id":"https:\/\/recambiosecogas.com\/it\/#website","url":"https:\/\/recambiosecogas.com\/it\/","name":"Recambios EcoGas","description":"Recambios Multimarca para sistemas de GLP\/GNC\/GNL\/Hidr\u00f3geno","publisher":{"@id":"https:\/\/recambiosecogas.com\/it\/#organization"},"alternateName":"Recambios Autogas GLP","potentialAction":[{"@type":"SearchAction","target":{"@type":"EntryPoint","urlTemplate":"https:\/\/recambiosecogas.com\/it\/?s={search_term_string}"},"query-input":{"@type":"PropertyValueSpecification","valueRequired":true,"valueName":"search_term_string"}}],"inLanguage":"it-IT"},{"@type":["Organization","Place"],"@id":"https:\/\/recambiosecogas.com\/it\/#organization","name":"Recambios EcoGas","alternateName":"Tienda Online GLP Espa\u00f1a","url":"https:\/\/recambiosecogas.com\/it\/","logo":{"@id":"https:\/\/recambiosecogas.com\/it\/producto\/brc-kit-de-reparacion-del-reductor-genius-mb-desde-mj07\/#local-main-organization-logo"},"image":{"@id":"https:\/\/recambiosecogas.com\/it\/producto\/brc-kit-de-reparacion-del-reductor-genius-mb-desde-mj07\/#local-main-organization-logo"},"sameAs":["https:\/\/www.facebook.com\/profile.php?id=100062419705358","https:\/\/www.instagram.com\/segimon_automocio"],"description":"Recambios EcoGas \u2013 Venta y distribuci\u00f3n de sistemas GLP y GNC en Espa\u00f1a y Portugal. Env\u00edos 24 h, soporte t\u00e9cnico a talleres y distribuidores.","hasMerchantReturnPolicy":{"@type":"MerchantReturnPolicy","merchantReturnLink":"https:\/\/recambiosecogas.com\/politicas-privacidad\/"},"address":{"@id":"https:\/\/recambiosecogas.com\/it\/producto\/brc-kit-de-reparacion-del-reductor-genius-mb-desde-mj07\/#local-main-place-address"},"telephone":["616250633"],"contactPoint":{"@type":"ContactPoint","email":"export@recambiosecogas.com"},"openingHoursSpecification":[{"@type":"OpeningHoursSpecification","dayOfWeek":["Monday","Tuesday","Wednesday","Thursday","Friday","Saturday","Sunday"],"opens":"09:00","closes":"17:00"}],"email":"info@recambiosecogas.com","faxNumber":"SEGIMON AUTOMOCION SL","vatID":"ESB19819861","globalLocationNumber":"938 616 339"},{"@type":"PostalAddress","@id":"https:\/\/recambiosecogas.com\/it\/producto\/brc-kit-de-reparacion-del-reductor-genius-mb-desde-mj07\/#local-main-place-address","streetAddress":"cami antic de vic, 29 (Nave 3), Pol\u00edgono Industrial Congost","addressLocality":"CORRO D`AVALL","postalCode":"08520","addressRegion":"Barcelona","addressCountry":"ES"},{"@type":"ImageObject","inLanguage":"it-IT","@id":"https:\/\/recambiosecogas.com\/it\/producto\/brc-kit-de-reparacion-del-reductor-genius-mb-desde-mj07\/#local-main-organization-logo","url":"https:\/\/recambiosecogas.com\/wp-content\/uploads\/2024\/11\/cropped-RECAMBIOS-GLP-png.webp","contentUrl":"https:\/\/recambiosecogas.com\/wp-content\/uploads\/2024\/11\/cropped-RECAMBIOS-GLP-png.webp","width":512,"height":512,"caption":"Recambios EcoGas"}]},"product_price_amount":"15.29","product_price_currency":"EUR","og_availability":"instock","product_availability":"instock","product_retailer_item_id":"100387","product_condition":"new","geo.placename":"CORRO D`AVALL","geo.region":"Spagna"},"uagb_featured_image_src":{"full":["https:\/\/recambiosecogas.com\/wp-content\/uploads\/2024\/10\/BRC-kit-de-reparacion-del-reductor-Genius-MB-desde-MJ07-png.webp",1000,1000,false],"thumbnail":["https:\/\/recambiosecogas.com\/wp-content\/uploads\/2024\/10\/BRC-kit-de-reparacion-del-reductor-Genius-MB-desde-MJ07-150x150.webp",150,150,true],"medium":["https:\/\/recambiosecogas.com\/wp-content\/uploads\/2024\/10\/BRC-kit-de-reparacion-del-reductor-Genius-MB-desde-MJ07-300x300.webp",300,300,true],"medium_large":["https:\/\/recambiosecogas.com\/wp-content\/uploads\/2024\/10\/BRC-kit-de-reparacion-del-reductor-Genius-MB-desde-MJ07-768x768.webp",768,768,true],"large":["https:\/\/recambiosecogas.com\/wp-content\/uploads\/2024\/10\/BRC-kit-de-reparacion-del-reductor-Genius-MB-desde-MJ07-png.webp",1000,1000,false],"1536x1536":["https:\/\/recambiosecogas.com\/wp-content\/uploads\/2024\/10\/BRC-kit-de-reparacion-del-reductor-Genius-MB-desde-MJ07-png.webp",1000,1000,false],"2048x2048":["https:\/\/recambiosecogas.com\/wp-content\/uploads\/2024\/10\/BRC-kit-de-reparacion-del-reductor-Genius-MB-desde-MJ07-png.webp",1000,1000,false],"woocommerce_archive_thumbnail":["https:\/\/recambiosecogas.com\/wp-content\/uploads\/2024\/10\/BRC-kit-de-reparacion-del-reductor-Genius-MB-desde-MJ07-png.webp",1000,1000,false],"woocommerce_thumbnail":["https:\/\/recambiosecogas.com\/wp-content\/uploads\/2024\/10\/BRC-kit-de-reparacion-del-reductor-Genius-MB-desde-MJ07-png-300x300.webp",300,300,true],"woocommerce_single":["https:\/\/recambiosecogas.com\/wp-content\/uploads\/2024\/10\/BRC-kit-de-reparacion-del-reductor-Genius-MB-desde-MJ07-png.webp",1000,1000,false],"woocommerce_gallery_thumbnail":["https:\/\/recambiosecogas.com\/wp-content\/uploads\/2024\/10\/BRC-kit-de-reparacion-del-reductor-Genius-MB-desde-MJ07-png.webp",1000,1000,false],"dgwt-wcas-product-suggestion":["https:\/\/recambiosecogas.com\/wp-content\/uploads\/2024\/10\/BRC-kit-de-reparacion-del-reductor-Genius-MB-desde-MJ07-png-64x64.webp",64,64,true]},"uagb_author_info":{"display_name":"Fran - Soporte T\u00e9cnico","author_link":"https:\/\/recambiosecogas.com\/it\/author\/"},"uagb_comment_info":0,"uagb_excerpt":"Kit di riparazione cambio BRC Genius MB (da MJ07)","_links":{"self":[{"href":"https:\/\/recambiosecogas.com\/it\/wp-json\/wp\/v2\/product\/47235","targetHints":{"allow":["GET"]}}],"collection":[{"href":"https:\/\/recambiosecogas.com\/it\/wp-json\/wp\/v2\/product"}],"about":[{"href":"https:\/\/recambiosecogas.com\/it\/wp-json\/wp\/v2\/types\/product"}],"replies":[{"embeddable":true,"href":"https:\/\/recambiosecogas.com\/it\/wp-json\/wp\/v2\/comments?post=47235"}],"wp:featuredmedia":[{"embeddable":true,"href":"https:\/\/recambiosecogas.com\/it\/wp-json\/wp\/v2\/media\/6281"}],"wp:attachment":[{"href":"https:\/\/recambiosecogas.com\/it\/wp-json\/wp\/v2\/media?parent=47235"}],"wp:term":[{"taxonomy":"product_brand","embeddable":true,"href":"https:\/\/recambiosecogas.com\/it\/wp-json\/wp\/v2\/product_brand?post=47235"},{"taxonomy":"product_cat","embeddable":true,"href":"https:\/\/recambiosecogas.com\/it\/wp-json\/wp\/v2\/product_cat?post=47235"},{"taxonomy":"product_tag","embeddable":true,"href":"https:\/\/recambiosecogas.com\/it\/wp-json\/wp\/v2\/product_tag?post=47235"}],"curies":[{"name":"wp","href":"https:\/\/api.w.org\/{rel}","templated":true}]}}