{"id":47223,"date":"2024-10-19T13:51:41","date_gmt":"2024-10-19T13:51:41","guid":{"rendered":"https:\/\/recambiosecogas.com\/producto\/kit-de-reparacion-para-evaporador-de-glp-bigas-ri21\/"},"modified":"2026-04-08T11:01:45","modified_gmt":"2026-04-08T10:01:45","slug":"kit-de-reparacion-para-evaporador-de-glp-bigas-ri21","status":"publish","type":"product","link":"https:\/\/recambiosecogas.com\/it\/producto\/kit-de-reparacion-para-evaporador-de-glp-bigas-ri21\/","title":{"rendered":"Kit di riparazione evaporatore a GPL Bigas RI21"},"content":{"rendered":"<h1 data-start=\"0\" data-end=\"53\">Kit di riparazione evaporatore a GPL Bigas RI21<\/h1>\n<p data-start=\"55\" data-end=\"629\">Il <strong data-start=\"58\" data-end=\"102\">kit di riparazione evaporatore a GPL Bigas RI21<\/strong> \u00e8 progettato per la manutenzione <strong data-start=\"143\" data-end=\"186\">dell&#8217;evaporatore a gas GPL Bigas RI21<\/strong>, permettendo di sostituire i componenti interni che si consumano con l&#8217;uso e recuperare la corretta conversione da gas liquido a gas gassoso. Col tempo, gli elementi interni dell&#8217;evaporatore possono deteriorarsi, influenzando l&#8217;efficienza termica e la fornitura di gas al sistema. Questo kit di manutenzione aiuta a ripristinare le condizioni operative originali, migliorando l&#8217;affidabilit\u00e0 e prolungando la vita dell&#8217;attrezzatura.  <\/p>\n<hr data-start=\"631\" data-end=\"634\">\n<h2 data-start=\"636\" data-end=\"694\">Applicazione del kit di riparazione evaporatore a GPL Bigas RI21<\/h2>\n<div class=\"TyagGW_tableContainer\">\n<div class=\"group TyagGW_tableWrapper flex flex-col-reverse w-fit\" tabindex=\"-1\">\n<table class=\"w-fit min-w-(--thread-content-width)\" data-start=\"696\" data-end=\"976\">\n<thead data-start=\"696\" data-end=\"731\">\n<tr data-start=\"696\" data-end=\"731\">\n<th class=\"\" data-start=\"696\" data-end=\"713\" data-col-size=\"sm\">Caratteristiche<\/th>\n<th class=\"\" data-start=\"713\" data-end=\"731\" data-col-size=\"sm\">Specifiche<\/th>\n<\/tr>\n<\/thead>\n<tbody data-start=\"768\" data-end=\"976\">\n<tr data-start=\"768\" data-end=\"800\">\n<td data-start=\"768\" data-end=\"779\" data-col-size=\"sm\">Prodotto<\/td>\n<td data-start=\"779\" data-end=\"800\" data-col-size=\"sm\">Kit di riparazione<\/td>\n<\/tr>\n<tr data-start=\"801\" data-end=\"818\">\n<td data-start=\"801\" data-end=\"809\" data-col-size=\"sm\">Marchio<\/td>\n<td data-start=\"809\" data-end=\"818\" data-col-size=\"sm\">Bigas<\/td>\n<\/tr>\n<tr data-start=\"819\" data-end=\"847\">\n<td data-start=\"819\" data-end=\"839\" data-col-size=\"sm\">Modello compatibile<\/td>\n<td data-start=\"839\" data-end=\"847\" data-col-size=\"sm\">RI21<\/td>\n<\/tr>\n<tr data-start=\"848\" data-end=\"879\">\n<td data-start=\"848\" data-end=\"861\" data-col-size=\"sm\">Applicazione<\/td>\n<td data-start=\"861\" data-end=\"879\" data-col-size=\"sm\">Evaporatore a GPL<\/td>\n<\/tr>\n<tr data-start=\"880\" data-end=\"927\">\n<td data-start=\"880\" data-end=\"894\" data-col-size=\"sm\">Carburante<\/td>\n<td data-start=\"894\" data-end=\"927\" data-col-size=\"sm\">Gas di Petrolio Liquefatto (GPL)<\/td>\n<\/tr>\n<tr data-start=\"928\" data-end=\"976\">\n<td data-start=\"928\" data-end=\"942\" data-col-size=\"sm\">Installazione<\/td>\n<td data-start=\"942\" data-end=\"976\" data-col-size=\"sm\">Richiede un tecnico specializzato<\/td>\n<\/tr>\n<\/tbody>\n<\/table>\n<\/div>\n<\/div>\n<p data-start=\"978\" data-end=\"1147\">Questo kit \u00e8 esclusivamente compatibile con gli evaporatori a GPL modello Bigas RI21. Pertanto, verifica che l&#8217;evaporatore corrisponda a questo modello prima dell&#8217;installazione. <\/p>\n<hr data-start=\"1149\" data-end=\"1152\">\n<h2 data-start=\"1154\" data-end=\"1193\">Cosa include il kit e quando usarlo?<\/h2>\n<p data-start=\"1195\" data-end=\"1362\">Il kit di riparazione dell&#8217;evaporatore a GPL Bigas RI21 di solito include guarnizioni, guarnizioni e membrane necessarie per la riparazione interna dell&#8217;evaporatore. \u00c8 consigliato per l&#8217;uso quando: <\/p>\n<ul data-start=\"1364\" data-end=\"1584\">\n<li data-start=\"1364\" data-end=\"1416\">\n<p data-start=\"1366\" data-end=\"1416\">L&#8217;evaporatore perde sia internamente che esternamente<\/p>\n<\/li>\n<li data-start=\"1417\" data-end=\"1465\">\n<p data-start=\"1419\" data-end=\"1465\">Si registra una diminuzione della pressione o del flusso del gas<\/p>\n<\/li>\n<li data-start=\"1466\" data-end=\"1528\">\n<p data-start=\"1468\" data-end=\"1528\">Il motore mostra irregolarit\u00e0 dovute a una scarsa fornitura di gas<\/p>\n<\/li>\n<li data-start=\"1529\" data-end=\"1584\">\n<p data-start=\"1531\" data-end=\"1584\">La manutenzione preventiva viene effettuata sui sistemi a GPL<\/p>\n<\/li>\n<\/ul>\n<p data-start=\"1586\" data-end=\"1713\">Inoltre, sostituire le parti usurate \u00e8 utile per prevenire guasti gravi e mantenere una conversione efficiente del gas.<\/p>\n<hr data-start=\"1715\" data-end=\"1718\">\n<h2 data-start=\"1720\" data-end=\"1762\">Manutenzione dell&#8217;evaporatore Bigas RI21<\/h2>\n<p data-start=\"1764\" data-end=\"1819\">La manutenzione regolare con questo kit permette:<\/p>\n<ul data-start=\"1821\" data-end=\"1994\">\n<li data-start=\"1821\" data-end=\"1855\">\n<p data-start=\"1823\" data-end=\"1855\">Sostituire le giunture deteriorate<\/p>\n<\/li>\n<li data-start=\"1856\" data-end=\"1892\">\n<p data-start=\"1858\" data-end=\"1892\">Ripristinare i sigilli del sigillo<\/p>\n<\/li>\n<li data-start=\"1893\" data-end=\"1947\">\n<p data-start=\"1895\" data-end=\"1947\">Assicura il corretto passaggio dal gas liquido a quello gassoso<\/p>\n<\/li>\n<li data-start=\"1948\" data-end=\"1994\">\n<p data-start=\"1950\" data-end=\"1994\">Mantenere l&#8217;efficienza termica del sistema<\/p>\n<\/li>\n<\/ul>\n<p data-start=\"1996\" data-end=\"2124\">Un evaporatore ben mantenuto contribuisce a una combustione pi\u00f9 efficiente e a un apporto di gas stabile al sistema di iniezione.<\/p>\n<hr data-start=\"2126\" data-end=\"2129\">\n<h2 data-start=\"2131\" data-end=\"2137\">Domande frequenti<\/h2>\n<p data-start=\"2139\" data-end=\"2337\"><strong data-start=\"2139\" data-end=\"2181\">Qual \u00e8 la funzione di un evaporatore a GPL?<\/strong><br data-start=\"2181\" data-end=\"2184\">Converte il gas liquefatto in fase liquida in gas in fase gassosa tramite trasferimento termico, garantendo un apporto adeguato al sistema di iniezione.<\/p>\n<p data-start=\"2339\" data-end=\"2514\"><strong data-start=\"2339\" data-end=\"2388\">Quando dovrebbe essere cambiato il kit di riparazione?<\/strong><br data-start=\"2388\" data-end=\"2391\">Si raccomanda quando vengono rilevate perdite, una diminuzione del flusso di gas o come parte della manutenzione preventiva programmata.<\/p>\n<p data-start=\"2516\" data-end=\"2693\"><strong data-start=\"2516\" data-end=\"2547\">Posso installarlo da solo?<\/strong><br data-start=\"2547\" data-end=\"2550\">No. Si raccomanda che l&#8217;installazione e la sostituzione dei componenti siano effettuate da un tecnico specializzato in sistemi a GPL per garantire sicurezza ed efficienza. <\/p>\n","protected":false},"excerpt":{"rendered":"<p>Kit di riparazione evaporatore a GPL Bigas RI21<\/p>\n","protected":false},"featured_media":6305,"comment_status":"open","ping_status":"closed","template":"","meta":{"_uag_custom_page_level_css":""},"product_brand":[],"product_cat":[2361,2135],"product_tag":[],"class_list":{"0":"post-47223","1":"product","2":"type-product","3":"status-publish","4":"has-post-thumbnail","6":"product_cat-bigas","7":"product_cat-juegos-de-reparacion-glp","9":"first","10":"onbackorder","11":"taxable","12":"shipping-taxable","13":"purchasable","14":"product-type-simple"},"ct_brands":[],"yoast_head":"<!-- This site is optimized with the Yoast SEO Premium plugin v27.5 (Yoast SEO v27.6) - https:\/\/yoast.com\/product\/yoast-seo-premium-wordpress\/ -->\n<title>Kit di riparazione evaporatore a GPL Bigas RI21 |%Recambios EcoGas<\/title>\n<meta name=\"description\" content=\"Kit di riparazione evaporatore a GPL Bigas RI21 per la manutenzione degli evaporatori e il ripristino dell&#039;efficienza nei sistemi a gas di petrolio liquefatto.\" \/>\n<meta name=\"robots\" content=\"index, follow, max-snippet:-1, max-image-preview:large, max-video-preview:-1\" \/>\n<link rel=\"canonical\" href=\"https:\/\/recambiosecogas.com\/it\/producto\/kit-de-reparacion-para-evaporador-de-glp-bigas-ri21\/\" \/>\n<meta property=\"og:locale\" content=\"it_IT\" \/>\n<meta property=\"og:type\" content=\"article\" \/>\n<meta property=\"og:title\" content=\"Kit di riparazione evaporatore a GPL Bigas RI21\" \/>\n<meta property=\"og:description\" content=\"Kit di riparazione evaporatore a GPL Bigas RI21 per la manutenzione degli evaporatori e il ripristino dell&#039;efficienza nei sistemi a gas di petrolio liquefatto.\" \/>\n<meta property=\"og:url\" content=\"https:\/\/recambiosecogas.com\/it\/producto\/kit-de-reparacion-para-evaporador-de-glp-bigas-ri21\/\" \/>\n<meta property=\"og:site_name\" content=\"Recambios EcoGas\" \/>\n<meta property=\"article:publisher\" content=\"https:\/\/www.facebook.com\/profile.php?id=100062419705358\" \/>\n<meta property=\"article:modified_time\" content=\"2026-04-08T10:01:45+00:00\" \/>\n<meta property=\"og:image\" content=\"https:\/\/recambiosecogas.com\/wp-content\/uploads\/2024\/10\/Kit-de-reparacion-para-evaporador-de-GLP-Bigas-RI21-png.webp\" \/>\n\t<meta property=\"og:image:width\" content=\"1000\" \/>\n\t<meta property=\"og:image:height\" content=\"1000\" \/>\n\t<meta property=\"og:image:type\" content=\"image\/png\" \/>\n<meta name=\"twitter:card\" content=\"summary_large_image\" \/>\n<meta name=\"twitter:label1\" content=\"Prezzo\" \/>\n\t<meta name=\"twitter:data1\" content=\"23,64&nbsp;&euro; (Sin IVA: 19,54&nbsp;&euro;)\" \/>\n\t<meta name=\"twitter:label2\" content=\"Disponibilit\u00e0\" \/>\n\t<meta name=\"twitter:data2\" content=\"Su ordinazione\" \/>\n<script type=\"application\/ld+json\" class=\"yoast-schema-graph\">{\"@context\":\"https:\\\/\\\/schema.org\",\"@graph\":[{\"@type\":\"WebPage\",\"@id\":\"https:\\\/\\\/recambiosecogas.com\\\/it\\\/producto\\\/kit-de-reparacion-para-evaporador-de-glp-bigas-ri21\\\/\",\"url\":\"https:\\\/\\\/recambiosecogas.com\\\/it\\\/producto\\\/kit-de-reparacion-para-evaporador-de-glp-bigas-ri21\\\/\",\"name\":\"Kit di riparazione evaporatore a GPL Bigas RI21 |%Recambios EcoGas\",\"isPartOf\":{\"@id\":\"https:\\\/\\\/recambiosecogas.com\\\/it\\\/#website\"},\"primaryImageOfPage\":{\"@id\":\"https:\\\/\\\/recambiosecogas.com\\\/it\\\/producto\\\/kit-de-reparacion-para-evaporador-de-glp-bigas-ri21\\\/#primaryimage\"},\"image\":{\"@id\":\"https:\\\/\\\/recambiosecogas.com\\\/it\\\/producto\\\/kit-de-reparacion-para-evaporador-de-glp-bigas-ri21\\\/#primaryimage\"},\"thumbnailUrl\":\"https:\\\/\\\/recambiosecogas.com\\\/wp-content\\\/uploads\\\/2024\\\/10\\\/Kit-de-reparacion-para-evaporador-de-GLP-Bigas-RI21-png.webp\",\"datePublished\":\"2024-10-19T13:51:41+00:00\",\"dateModified\":\"2026-04-08T10:01:45+00:00\",\"description\":\"Kit di riparazione evaporatore a GPL Bigas RI21 per la manutenzione degli evaporatori e il ripristino dell'efficienza nei sistemi a gas di petrolio liquefatto.\",\"breadcrumb\":{\"@id\":\"https:\\\/\\\/recambiosecogas.com\\\/it\\\/producto\\\/kit-de-reparacion-para-evaporador-de-glp-bigas-ri21\\\/#breadcrumb\"},\"inLanguage\":\"it-IT\",\"potentialAction\":[{\"@type\":\"ReadAction\",\"target\":[\"https:\\\/\\\/recambiosecogas.com\\\/it\\\/producto\\\/kit-de-reparacion-para-evaporador-de-glp-bigas-ri21\\\/\"]}]},{\"@type\":\"ImageObject\",\"inLanguage\":\"it-IT\",\"@id\":\"https:\\\/\\\/recambiosecogas.com\\\/it\\\/producto\\\/kit-de-reparacion-para-evaporador-de-glp-bigas-ri21\\\/#primaryimage\",\"url\":\"https:\\\/\\\/recambiosecogas.com\\\/wp-content\\\/uploads\\\/2024\\\/10\\\/Kit-de-reparacion-para-evaporador-de-GLP-Bigas-RI21-png.webp\",\"contentUrl\":\"https:\\\/\\\/recambiosecogas.com\\\/wp-content\\\/uploads\\\/2024\\\/10\\\/Kit-de-reparacion-para-evaporador-de-GLP-Bigas-RI21-png.webp\",\"width\":1000,\"height\":1000},{\"@type\":\"BreadcrumbList\",\"@id\":\"https:\\\/\\\/recambiosecogas.com\\\/it\\\/producto\\\/kit-de-reparacion-para-evaporador-de-glp-bigas-ri21\\\/#breadcrumb\",\"itemListElement\":[{\"@type\":\"ListItem\",\"position\":1,\"name\":\"Portada\",\"item\":\"https:\\\/\\\/recambiosecogas.com\\\/it\\\/\"},{\"@type\":\"ListItem\",\"position\":2,\"name\":\"Negozio\",\"item\":\"https:\\\/\\\/recambiosecogas.com\\\/it\\\/?page_id=46382\"},{\"@type\":\"ListItem\",\"position\":3,\"name\":\"Kit di riparazione evaporatore a GPL Bigas RI21\"}]},{\"@type\":\"WebSite\",\"@id\":\"https:\\\/\\\/recambiosecogas.com\\\/it\\\/#website\",\"url\":\"https:\\\/\\\/recambiosecogas.com\\\/it\\\/\",\"name\":\"Recambios EcoGas\",\"description\":\"Recambios Multimarca para sistemas de GLP\\\/GNC\\\/GNL\\\/Hidr\u00f3geno\",\"publisher\":{\"@id\":\"https:\\\/\\\/recambiosecogas.com\\\/it\\\/#organization\"},\"alternateName\":\"Recambios Autogas GLP\",\"potentialAction\":[{\"@type\":\"SearchAction\",\"target\":{\"@type\":\"EntryPoint\",\"urlTemplate\":\"https:\\\/\\\/recambiosecogas.com\\\/it\\\/?s={search_term_string}\"},\"query-input\":{\"@type\":\"PropertyValueSpecification\",\"valueRequired\":true,\"valueName\":\"search_term_string\"}}],\"inLanguage\":\"it-IT\"},{\"@type\":[\"Organization\",\"Place\"],\"@id\":\"https:\\\/\\\/recambiosecogas.com\\\/it\\\/#organization\",\"name\":\"Recambios EcoGas\",\"alternateName\":\"Tienda Online GLP Espa\u00f1a\",\"url\":\"https:\\\/\\\/recambiosecogas.com\\\/it\\\/\",\"logo\":{\"@id\":\"https:\\\/\\\/recambiosecogas.com\\\/it\\\/producto\\\/kit-de-reparacion-para-evaporador-de-glp-bigas-ri21\\\/#local-main-organization-logo\"},\"image\":{\"@id\":\"https:\\\/\\\/recambiosecogas.com\\\/it\\\/producto\\\/kit-de-reparacion-para-evaporador-de-glp-bigas-ri21\\\/#local-main-organization-logo\"},\"sameAs\":[\"https:\\\/\\\/www.facebook.com\\\/profile.php?id=100062419705358\",\"https:\\\/\\\/www.instagram.com\\\/segimon_automocio\"],\"description\":\"Recambios EcoGas \u2013 Venta y distribuci\u00f3n de sistemas GLP y GNC en Espa\u00f1a y Portugal. Env\u00edos 24 h, soporte t\u00e9cnico a talleres y distribuidores.\",\"hasMerchantReturnPolicy\":{\"@type\":\"MerchantReturnPolicy\",\"merchantReturnLink\":\"https:\\\/\\\/recambiosecogas.com\\\/politicas-privacidad\\\/\"},\"address\":{\"@id\":\"https:\\\/\\\/recambiosecogas.com\\\/it\\\/producto\\\/kit-de-reparacion-para-evaporador-de-glp-bigas-ri21\\\/#local-main-place-address\"},\"telephone\":[\"616250633\"],\"contactPoint\":{\"@type\":\"ContactPoint\",\"email\":\"export@recambiosecogas.com\"},\"openingHoursSpecification\":[{\"@type\":\"OpeningHoursSpecification\",\"dayOfWeek\":[\"Monday\",\"Tuesday\",\"Wednesday\",\"Thursday\",\"Friday\",\"Saturday\",\"Sunday\"],\"opens\":\"09:00\",\"closes\":\"17:00\"}],\"email\":\"info@recambiosecogas.com\",\"faxNumber\":\"SEGIMON AUTOMOCION SL\",\"vatID\":\"ESB19819861\",\"globalLocationNumber\":\"938 616 339\"},{\"@type\":\"PostalAddress\",\"@id\":\"https:\\\/\\\/recambiosecogas.com\\\/it\\\/producto\\\/kit-de-reparacion-para-evaporador-de-glp-bigas-ri21\\\/#local-main-place-address\",\"streetAddress\":\"cami antic de vic, 29 (Nave 3), Pol\u00edgono Industrial Congost\",\"addressLocality\":\"CORRO D`AVALL\",\"postalCode\":\"08520\",\"addressRegion\":\"Barcelona\",\"addressCountry\":\"ES\"},{\"@type\":\"ImageObject\",\"inLanguage\":\"it-IT\",\"@id\":\"https:\\\/\\\/recambiosecogas.com\\\/it\\\/producto\\\/kit-de-reparacion-para-evaporador-de-glp-bigas-ri21\\\/#local-main-organization-logo\",\"url\":\"https:\\\/\\\/recambiosecogas.com\\\/wp-content\\\/uploads\\\/2024\\\/11\\\/cropped-RECAMBIOS-GLP-png.webp\",\"contentUrl\":\"https:\\\/\\\/recambiosecogas.com\\\/wp-content\\\/uploads\\\/2024\\\/11\\\/cropped-RECAMBIOS-GLP-png.webp\",\"width\":512,\"height\":512,\"caption\":\"Recambios EcoGas\"}]}<\/script>\n<meta property=\"product:price:amount\" content=\"23.64\" \/>\n<meta property=\"product:price:currency\" content=\"EUR\" \/>\n<meta property=\"og:availability\" content=\"backorder\" \/>\n<meta property=\"product:availability\" content=\"available for order\" \/>\n<meta property=\"product:retailer_item_id\" content=\"116821A\" \/>\n<meta property=\"product:condition\" content=\"new\" \/>\n<meta name=\"geo.placename\" content=\"CORRO D`AVALL\" \/>\n<meta name=\"geo.region\" content=\"Spagna\" \/>\n<!-- \/ Yoast SEO Premium plugin. -->","yoast_head_json":{"title":"Kit di riparazione evaporatore a GPL Bigas RI21 |%Recambios EcoGas","description":"Kit di riparazione evaporatore a GPL Bigas RI21 per la manutenzione degli evaporatori e il ripristino dell'efficienza nei sistemi a gas di petrolio liquefatto.","robots":{"index":"index","follow":"follow","max-snippet":"max-snippet:-1","max-image-preview":"max-image-preview:large","max-video-preview":"max-video-preview:-1"},"canonical":"https:\/\/recambiosecogas.com\/it\/producto\/kit-de-reparacion-para-evaporador-de-glp-bigas-ri21\/","og_locale":"it_IT","og_type":"article","og_title":"Kit di riparazione evaporatore a GPL Bigas RI21","og_description":"Kit di riparazione evaporatore a GPL Bigas RI21 per la manutenzione degli evaporatori e il ripristino dell'efficienza nei sistemi a gas di petrolio liquefatto.","og_url":"https:\/\/recambiosecogas.com\/it\/producto\/kit-de-reparacion-para-evaporador-de-glp-bigas-ri21\/","og_site_name":"Recambios EcoGas","article_publisher":"https:\/\/www.facebook.com\/profile.php?id=100062419705358","article_modified_time":"2026-04-08T10:01:45+00:00","og_image":[{"width":1000,"height":1000,"url":"https:\/\/recambiosecogas.com\/wp-content\/uploads\/2024\/10\/Kit-de-reparacion-para-evaporador-de-GLP-Bigas-RI21-png.webp","type":"image\/png"}],"twitter_card":"summary_large_image","twitter_misc":{"Prezzo":"23,64&nbsp;&euro; (Sin IVA: 19,54&nbsp;&euro;)","Disponibilit\u00e0":"Su ordinazione"},"schema":{"@context":"https:\/\/schema.org","@graph":[{"@type":"WebPage","@id":"https:\/\/recambiosecogas.com\/it\/producto\/kit-de-reparacion-para-evaporador-de-glp-bigas-ri21\/","url":"https:\/\/recambiosecogas.com\/it\/producto\/kit-de-reparacion-para-evaporador-de-glp-bigas-ri21\/","name":"Kit di riparazione evaporatore a GPL Bigas RI21 |%Recambios EcoGas","isPartOf":{"@id":"https:\/\/recambiosecogas.com\/it\/#website"},"primaryImageOfPage":{"@id":"https:\/\/recambiosecogas.com\/it\/producto\/kit-de-reparacion-para-evaporador-de-glp-bigas-ri21\/#primaryimage"},"image":{"@id":"https:\/\/recambiosecogas.com\/it\/producto\/kit-de-reparacion-para-evaporador-de-glp-bigas-ri21\/#primaryimage"},"thumbnailUrl":"https:\/\/recambiosecogas.com\/wp-content\/uploads\/2024\/10\/Kit-de-reparacion-para-evaporador-de-GLP-Bigas-RI21-png.webp","datePublished":"2024-10-19T13:51:41+00:00","dateModified":"2026-04-08T10:01:45+00:00","description":"Kit di riparazione evaporatore a GPL Bigas RI21 per la manutenzione degli evaporatori e il ripristino dell'efficienza nei sistemi a gas di petrolio liquefatto.","breadcrumb":{"@id":"https:\/\/recambiosecogas.com\/it\/producto\/kit-de-reparacion-para-evaporador-de-glp-bigas-ri21\/#breadcrumb"},"inLanguage":"it-IT","potentialAction":[{"@type":"ReadAction","target":["https:\/\/recambiosecogas.com\/it\/producto\/kit-de-reparacion-para-evaporador-de-glp-bigas-ri21\/"]}]},{"@type":"ImageObject","inLanguage":"it-IT","@id":"https:\/\/recambiosecogas.com\/it\/producto\/kit-de-reparacion-para-evaporador-de-glp-bigas-ri21\/#primaryimage","url":"https:\/\/recambiosecogas.com\/wp-content\/uploads\/2024\/10\/Kit-de-reparacion-para-evaporador-de-GLP-Bigas-RI21-png.webp","contentUrl":"https:\/\/recambiosecogas.com\/wp-content\/uploads\/2024\/10\/Kit-de-reparacion-para-evaporador-de-GLP-Bigas-RI21-png.webp","width":1000,"height":1000},{"@type":"BreadcrumbList","@id":"https:\/\/recambiosecogas.com\/it\/producto\/kit-de-reparacion-para-evaporador-de-glp-bigas-ri21\/#breadcrumb","itemListElement":[{"@type":"ListItem","position":1,"name":"Portada","item":"https:\/\/recambiosecogas.com\/it\/"},{"@type":"ListItem","position":2,"name":"Negozio","item":"https:\/\/recambiosecogas.com\/it\/?page_id=46382"},{"@type":"ListItem","position":3,"name":"Kit di riparazione evaporatore a GPL Bigas RI21"}]},{"@type":"WebSite","@id":"https:\/\/recambiosecogas.com\/it\/#website","url":"https:\/\/recambiosecogas.com\/it\/","name":"Recambios EcoGas","description":"Recambios Multimarca para sistemas de GLP\/GNC\/GNL\/Hidr\u00f3geno","publisher":{"@id":"https:\/\/recambiosecogas.com\/it\/#organization"},"alternateName":"Recambios Autogas GLP","potentialAction":[{"@type":"SearchAction","target":{"@type":"EntryPoint","urlTemplate":"https:\/\/recambiosecogas.com\/it\/?s={search_term_string}"},"query-input":{"@type":"PropertyValueSpecification","valueRequired":true,"valueName":"search_term_string"}}],"inLanguage":"it-IT"},{"@type":["Organization","Place"],"@id":"https:\/\/recambiosecogas.com\/it\/#organization","name":"Recambios EcoGas","alternateName":"Tienda Online GLP Espa\u00f1a","url":"https:\/\/recambiosecogas.com\/it\/","logo":{"@id":"https:\/\/recambiosecogas.com\/it\/producto\/kit-de-reparacion-para-evaporador-de-glp-bigas-ri21\/#local-main-organization-logo"},"image":{"@id":"https:\/\/recambiosecogas.com\/it\/producto\/kit-de-reparacion-para-evaporador-de-glp-bigas-ri21\/#local-main-organization-logo"},"sameAs":["https:\/\/www.facebook.com\/profile.php?id=100062419705358","https:\/\/www.instagram.com\/segimon_automocio"],"description":"Recambios EcoGas \u2013 Venta y distribuci\u00f3n de sistemas GLP y GNC en Espa\u00f1a y Portugal. Env\u00edos 24 h, soporte t\u00e9cnico a talleres y distribuidores.","hasMerchantReturnPolicy":{"@type":"MerchantReturnPolicy","merchantReturnLink":"https:\/\/recambiosecogas.com\/politicas-privacidad\/"},"address":{"@id":"https:\/\/recambiosecogas.com\/it\/producto\/kit-de-reparacion-para-evaporador-de-glp-bigas-ri21\/#local-main-place-address"},"telephone":["616250633"],"contactPoint":{"@type":"ContactPoint","email":"export@recambiosecogas.com"},"openingHoursSpecification":[{"@type":"OpeningHoursSpecification","dayOfWeek":["Monday","Tuesday","Wednesday","Thursday","Friday","Saturday","Sunday"],"opens":"09:00","closes":"17:00"}],"email":"info@recambiosecogas.com","faxNumber":"SEGIMON AUTOMOCION SL","vatID":"ESB19819861","globalLocationNumber":"938 616 339"},{"@type":"PostalAddress","@id":"https:\/\/recambiosecogas.com\/it\/producto\/kit-de-reparacion-para-evaporador-de-glp-bigas-ri21\/#local-main-place-address","streetAddress":"cami antic de vic, 29 (Nave 3), Pol\u00edgono Industrial Congost","addressLocality":"CORRO D`AVALL","postalCode":"08520","addressRegion":"Barcelona","addressCountry":"ES"},{"@type":"ImageObject","inLanguage":"it-IT","@id":"https:\/\/recambiosecogas.com\/it\/producto\/kit-de-reparacion-para-evaporador-de-glp-bigas-ri21\/#local-main-organization-logo","url":"https:\/\/recambiosecogas.com\/wp-content\/uploads\/2024\/11\/cropped-RECAMBIOS-GLP-png.webp","contentUrl":"https:\/\/recambiosecogas.com\/wp-content\/uploads\/2024\/11\/cropped-RECAMBIOS-GLP-png.webp","width":512,"height":512,"caption":"Recambios EcoGas"}]},"product_price_amount":"23.64","product_price_currency":"EUR","og_availability":"backorder","product_availability":"available for order","product_retailer_item_id":"116821A","product_condition":"new","geo.placename":"CORRO D`AVALL","geo.region":"Spagna"},"uagb_featured_image_src":{"full":["https:\/\/recambiosecogas.com\/wp-content\/uploads\/2024\/10\/Kit-de-reparacion-para-evaporador-de-GLP-Bigas-RI21-png.webp",1000,1000,false],"thumbnail":["https:\/\/recambiosecogas.com\/wp-content\/uploads\/2024\/10\/Kit-de-reparacion-para-evaporador-de-GLP-Bigas-RI21-150x150.webp",150,150,true],"medium":["https:\/\/recambiosecogas.com\/wp-content\/uploads\/2024\/10\/Kit-de-reparacion-para-evaporador-de-GLP-Bigas-RI21-300x300.webp",300,300,true],"medium_large":["https:\/\/recambiosecogas.com\/wp-content\/uploads\/2024\/10\/Kit-de-reparacion-para-evaporador-de-GLP-Bigas-RI21-768x768.webp",768,768,true],"large":["https:\/\/recambiosecogas.com\/wp-content\/uploads\/2024\/10\/Kit-de-reparacion-para-evaporador-de-GLP-Bigas-RI21-png.webp",1000,1000,false],"1536x1536":["https:\/\/recambiosecogas.com\/wp-content\/uploads\/2024\/10\/Kit-de-reparacion-para-evaporador-de-GLP-Bigas-RI21-png.webp",1000,1000,false],"2048x2048":["https:\/\/recambiosecogas.com\/wp-content\/uploads\/2024\/10\/Kit-de-reparacion-para-evaporador-de-GLP-Bigas-RI21-png.webp",1000,1000,false],"woocommerce_archive_thumbnail":["https:\/\/recambiosecogas.com\/wp-content\/uploads\/2024\/10\/Kit-de-reparacion-para-evaporador-de-GLP-Bigas-RI21-png.webp",1000,1000,false],"woocommerce_thumbnail":["https:\/\/recambiosecogas.com\/wp-content\/uploads\/2024\/10\/Kit-de-reparacion-para-evaporador-de-GLP-Bigas-RI21-png-300x300.webp",300,300,true],"woocommerce_single":["https:\/\/recambiosecogas.com\/wp-content\/uploads\/2024\/10\/Kit-de-reparacion-para-evaporador-de-GLP-Bigas-RI21-png.webp",1000,1000,false],"woocommerce_gallery_thumbnail":["https:\/\/recambiosecogas.com\/wp-content\/uploads\/2024\/10\/Kit-de-reparacion-para-evaporador-de-GLP-Bigas-RI21-png.webp",1000,1000,false],"dgwt-wcas-product-suggestion":["https:\/\/recambiosecogas.com\/wp-content\/uploads\/2024\/10\/Kit-de-reparacion-para-evaporador-de-GLP-Bigas-RI21-png-64x64.webp",64,64,true]},"uagb_author_info":{"display_name":"Fran - Soporte T\u00e9cnico","author_link":"https:\/\/recambiosecogas.com\/it\/author\/"},"uagb_comment_info":0,"uagb_excerpt":"Kit di riparazione evaporatore a GPL Bigas RI21","_links":{"self":[{"href":"https:\/\/recambiosecogas.com\/it\/wp-json\/wp\/v2\/product\/47223","targetHints":{"allow":["GET"]}}],"collection":[{"href":"https:\/\/recambiosecogas.com\/it\/wp-json\/wp\/v2\/product"}],"about":[{"href":"https:\/\/recambiosecogas.com\/it\/wp-json\/wp\/v2\/types\/product"}],"replies":[{"embeddable":true,"href":"https:\/\/recambiosecogas.com\/it\/wp-json\/wp\/v2\/comments?post=47223"}],"wp:featuredmedia":[{"embeddable":true,"href":"https:\/\/recambiosecogas.com\/it\/wp-json\/wp\/v2\/media\/6305"}],"wp:attachment":[{"href":"https:\/\/recambiosecogas.com\/it\/wp-json\/wp\/v2\/media?parent=47223"}],"wp:term":[{"taxonomy":"product_brand","embeddable":true,"href":"https:\/\/recambiosecogas.com\/it\/wp-json\/wp\/v2\/product_brand?post=47223"},{"taxonomy":"product_cat","embeddable":true,"href":"https:\/\/recambiosecogas.com\/it\/wp-json\/wp\/v2\/product_cat?post=47223"},{"taxonomy":"product_tag","embeddable":true,"href":"https:\/\/recambiosecogas.com\/it\/wp-json\/wp\/v2\/product_tag?post=47223"}],"curies":[{"name":"wp","href":"https:\/\/api.w.org\/{rel}","templated":true}]}}