{"id":47198,"date":"2024-10-19T13:51:53","date_gmt":"2024-10-19T13:51:53","guid":{"rendered":"https:\/\/recambiosecogas.com\/producto\/kit-de-reparacion-para-reductor-glp-kme-red-1\/"},"modified":"2026-04-08T11:01:27","modified_gmt":"2026-04-08T10:01:27","slug":"kit-de-reparacion-para-reductor-glp-kme-red-1","status":"publish","type":"product","link":"https:\/\/recambiosecogas.com\/it\/producto\/kit-de-reparacion-para-reductor-glp-kme-red-1\/","title":{"rendered":"Kit di riparazione per GLP REDUCER KME RED 1"},"content":{"rendered":"<h1 data-start=\"355\" data-end=\"402\">Kit di riparazione per GLP REDUCER KME RED 1<\/h1>\n<p data-start=\"404\" data-end=\"755\">Il <strong data-start=\"407\" data-end=\"448\">kit di riparazione riduttore di GPL KME RED 1<\/strong> \u00e8 progettato per la manutenzione del modello RED 1, permettendo la sostituzione dei componenti interni soggetti a usura e il recupero della stabilit\u00e0 di pressione del sistema. Questo insieme facilita il ricondizionamento del regolatore e aiuta a mantenere un funzionamento costante nelle installazioni di GPL. <\/p>\n<p data-start=\"757\" data-end=\"1063\">Con un uso prolungato, le membrane e le guarnizioni interne del cambio possono deteriorarsi, influenzando la pressione nominale e le prestazioni complessive. La sostituzione preventiva di questi elementi consente di ripristinare le condizioni di lavoro originali ed evitare variazioni di pressione o funzionamento irregolare. <\/p>\n<hr data-start=\"1065\" data-end=\"1068\">\n<h2 data-start=\"1070\" data-end=\"1125\">Applicazione del kit di riparazione riduttore GLP KME RED 1<\/h2>\n<div class=\"TyagGW_tableContainer\">\n<div class=\"group TyagGW_tableWrapper flex flex-col-reverse w-fit\" tabindex=\"-1\">\n<table class=\"w-fit min-w-(--thread-content-width)\" data-start=\"1127\" data-end=\"1367\">\n<thead data-start=\"1127\" data-end=\"1162\">\n<tr data-start=\"1127\" data-end=\"1162\">\n<th class=\"\" data-start=\"1127\" data-end=\"1144\" data-col-size=\"sm\">Caratteristiche<\/th>\n<th class=\"\" data-start=\"1144\" data-end=\"1162\" data-col-size=\"sm\">Specifiche<\/th>\n<\/tr>\n<\/thead>\n<tbody data-start=\"1199\" data-end=\"1367\">\n<tr data-start=\"1199\" data-end=\"1231\">\n<td data-start=\"1199\" data-end=\"1210\" data-col-size=\"sm\">Prodotto<\/td>\n<td data-start=\"1210\" data-end=\"1231\" data-col-size=\"sm\">Kit di riparazione<\/td>\n<\/tr>\n<tr data-start=\"1232\" data-end=\"1247\">\n<td data-start=\"1232\" data-end=\"1240\" data-col-size=\"sm\">Marchio<\/td>\n<td data-start=\"1240\" data-end=\"1247\" data-col-size=\"sm\">KME<\/td>\n<\/tr>\n<tr data-start=\"1248\" data-end=\"1277\">\n<td data-start=\"1248\" data-end=\"1268\" data-col-size=\"sm\">Modello compatibile<\/td>\n<td data-start=\"1268\" data-end=\"1277\" data-col-size=\"sm\">NETWORK 1<\/td>\n<\/tr>\n<tr data-start=\"1278\" data-end=\"1303\">\n<td data-start=\"1278\" data-end=\"1291\" data-col-size=\"sm\">Applicazione<\/td>\n<td data-start=\"1291\" data-end=\"1303\" data-col-size=\"sm\">Riduttore<\/td>\n<\/tr>\n<tr data-start=\"1304\" data-end=\"1325\">\n<td data-start=\"1304\" data-end=\"1318\" data-col-size=\"sm\">Carburante<\/td>\n<td data-start=\"1318\" data-end=\"1325\" data-col-size=\"sm\">GPL<\/td>\n<\/tr>\n<tr data-start=\"1326\" data-end=\"1367\">\n<td data-start=\"1326\" data-end=\"1340\" data-col-size=\"sm\">Installazione<\/td>\n<td data-start=\"1340\" data-end=\"1367\" data-col-size=\"sm\">Professionisti consigliati<\/td>\n<\/tr>\n<\/tbody>\n<\/table>\n<\/div>\n<\/div>\n<hr data-start=\"1369\" data-end=\"1372\">\n<h2 data-start=\"1374\" data-end=\"1418\">Servizio e manutenzione del modello RED 1<\/h2>\n<p data-start=\"1420\" data-end=\"1465\">Il kit include gli elementi necessari per:<\/p>\n<ul data-start=\"1467\" data-end=\"1615\">\n<li data-start=\"1467\" data-end=\"1499\">\n<p data-start=\"1469\" data-end=\"1499\">Sostituire le membrane interne<\/p>\n<\/li>\n<li data-start=\"1500\" data-end=\"1537\">\n<p data-start=\"1502\" data-end=\"1537\">Sostituire guarnizioni<\/p>\n<\/li>\n<li data-start=\"1538\" data-end=\"1575\">\n<p data-start=\"1540\" data-end=\"1575\">Ripristino della pressione di lavoro<\/p>\n<\/li>\n<li data-start=\"1576\" data-end=\"1615\">\n<p data-start=\"1578\" data-end=\"1615\">Mantenere la stabilit\u00e0 del sistema<\/p>\n<\/li>\n<\/ul>\n<p data-start=\"1617\" data-end=\"1753\">Una corretta manutenzione dell&#8217;ingranaggio RED 1 aiuta a prolungarne la vita utile e a garantire prestazioni stabili nel sistema a gas.<\/p>\n<hr data-start=\"1755\" data-end=\"1758\">\n<h2 data-start=\"1760\" data-end=\"1777\">Compatibilit\u00e0<\/h2>\n<p data-start=\"1779\" data-end=\"1906\">Compatibile esclusivamente con riduttori KME modello RED 1.<br data-start=\"1837\" data-end=\"1840\">Si consiglia di controllare la versione esatta prima dell&#8217;installazione.<\/p>\n<hr data-start=\"1908\" data-end=\"1911\">\n<h2 data-start=\"1913\" data-end=\"1919\">Domande frequenti<\/h2>\n<p data-start=\"1921\" data-end=\"2018\"><strong data-start=\"1921\" data-end=\"1950\">A cosa serve questo kit?<\/strong><br data-start=\"1950\" data-end=\"1953\">Consente la manutenzione interna del cambio KME RED 1.<\/p>\n<p data-start=\"2020\" data-end=\"2108\"><strong data-start=\"2020\" data-end=\"2058\">\u00c8 valido per altri modelli KME?<\/strong><br data-start=\"2058\" data-end=\"2061\">\u00c8 specificamente pensato per il modello RED 1.<\/p>\n<p data-start=\"2110\" data-end=\"2203\"><strong data-start=\"2110\" data-end=\"2148\">Richiede un&#8217;installazione professionale?<\/strong><br data-start=\"2148\" data-end=\"2151\">S\u00ec, \u00e8 consigliato l&#8217;assemblaggio da parte di un tecnico specializzato.<\/p>\n","protected":false},"excerpt":{"rendered":"<p>Kit di riparazione per GLP REDUCER KME RED 1<\/p>\n","protected":false},"featured_media":5119,"comment_status":"open","ping_status":"closed","template":"","meta":{"_uag_custom_page_level_css":""},"product_brand":[],"product_cat":[2135,2379,2144],"product_tag":[],"class_list":{"0":"post-47198","1":"product","2":"type-product","3":"status-publish","4":"has-post-thumbnail","6":"product_cat-juegos-de-reparacion-glp","7":"product_cat-kme","8":"product_cat-productos-por-marca","10":"first","11":"onbackorder","12":"taxable","13":"shipping-taxable","14":"purchasable","15":"product-type-simple"},"ct_brands":[],"yoast_head":"<!-- This site is optimized with the Yoast SEO Premium plugin v27.5 (Yoast SEO v27.5) - https:\/\/yoast.com\/product\/yoast-seo-premium-wordpress\/ -->\n<title>Kit di riparazione per GLP REDUCER KME RED 1 |%Recambios EcoGas<\/title>\n<meta name=\"description\" content=\"Kit riduttore di GPL KME RED 1 per manutenzione e recupero stabile della pressione nei sistemi a GPL.\" \/>\n<meta name=\"robots\" content=\"index, follow, max-snippet:-1, max-image-preview:large, max-video-preview:-1\" \/>\n<link rel=\"canonical\" href=\"https:\/\/recambiosecogas.com\/it\/producto\/kit-de-reparacion-para-reductor-glp-kme-red-1\/\" \/>\n<meta property=\"og:locale\" content=\"it_IT\" \/>\n<meta property=\"og:type\" content=\"article\" \/>\n<meta property=\"og:title\" content=\"Kit di riparazione per GLP REDUCER KME RED 1\" \/>\n<meta property=\"og:description\" content=\"Kit riduttore di GPL KME RED 1 per manutenzione e recupero stabile della pressione nei sistemi a GPL.\" \/>\n<meta property=\"og:url\" content=\"https:\/\/recambiosecogas.com\/it\/producto\/kit-de-reparacion-para-reductor-glp-kme-red-1\/\" \/>\n<meta property=\"og:site_name\" content=\"Recambios EcoGas\" \/>\n<meta property=\"article:publisher\" content=\"https:\/\/www.facebook.com\/profile.php?id=100062419705358\" \/>\n<meta property=\"article:modified_time\" content=\"2026-04-08T10:01:27+00:00\" \/>\n<meta property=\"og:image\" content=\"https:\/\/recambiosecogas.com\/wp-content\/uploads\/2024\/10\/Reparatursatz-fur-KME-RED-1-LPG-Verdampfer-png.webp\" \/>\n\t<meta property=\"og:image:width\" content=\"1000\" \/>\n\t<meta property=\"og:image:height\" content=\"1000\" \/>\n\t<meta property=\"og:image:type\" content=\"image\/png\" \/>\n<meta name=\"twitter:card\" content=\"summary_large_image\" \/>\n<meta name=\"twitter:label1\" content=\"Prezzo\" \/>\n\t<meta name=\"twitter:data1\" content=\"24,54&nbsp;&euro; (Sin IVA: 20,28&nbsp;&euro;)\" \/>\n\t<meta name=\"twitter:label2\" content=\"Disponibilit\u00e0\" \/>\n\t<meta name=\"twitter:data2\" content=\"Su ordinazione\" \/>\n<script type=\"application\/ld+json\" class=\"yoast-schema-graph\">{\"@context\":\"https:\\\/\\\/schema.org\",\"@graph\":[{\"@type\":\"WebPage\",\"@id\":\"https:\\\/\\\/recambiosecogas.com\\\/it\\\/producto\\\/kit-de-reparacion-para-reductor-glp-kme-red-1\\\/\",\"url\":\"https:\\\/\\\/recambiosecogas.com\\\/it\\\/producto\\\/kit-de-reparacion-para-reductor-glp-kme-red-1\\\/\",\"name\":\"Kit di riparazione per GLP REDUCER KME RED 1 |%Recambios EcoGas\",\"isPartOf\":{\"@id\":\"https:\\\/\\\/recambiosecogas.com\\\/it\\\/#website\"},\"primaryImageOfPage\":{\"@id\":\"https:\\\/\\\/recambiosecogas.com\\\/it\\\/producto\\\/kit-de-reparacion-para-reductor-glp-kme-red-1\\\/#primaryimage\"},\"image\":{\"@id\":\"https:\\\/\\\/recambiosecogas.com\\\/it\\\/producto\\\/kit-de-reparacion-para-reductor-glp-kme-red-1\\\/#primaryimage\"},\"thumbnailUrl\":\"https:\\\/\\\/recambiosecogas.com\\\/wp-content\\\/uploads\\\/2024\\\/10\\\/Reparatursatz-fur-KME-RED-1-LPG-Verdampfer-png.webp\",\"datePublished\":\"2024-10-19T13:51:53+00:00\",\"dateModified\":\"2026-04-08T10:01:27+00:00\",\"description\":\"Kit riduttore di GPL KME RED 1 per manutenzione e recupero stabile della pressione nei sistemi a GPL.\",\"breadcrumb\":{\"@id\":\"https:\\\/\\\/recambiosecogas.com\\\/it\\\/producto\\\/kit-de-reparacion-para-reductor-glp-kme-red-1\\\/#breadcrumb\"},\"inLanguage\":\"it-IT\",\"potentialAction\":[{\"@type\":\"ReadAction\",\"target\":[\"https:\\\/\\\/recambiosecogas.com\\\/it\\\/producto\\\/kit-de-reparacion-para-reductor-glp-kme-red-1\\\/\"]}]},{\"@type\":\"ImageObject\",\"inLanguage\":\"it-IT\",\"@id\":\"https:\\\/\\\/recambiosecogas.com\\\/it\\\/producto\\\/kit-de-reparacion-para-reductor-glp-kme-red-1\\\/#primaryimage\",\"url\":\"https:\\\/\\\/recambiosecogas.com\\\/wp-content\\\/uploads\\\/2024\\\/10\\\/Reparatursatz-fur-KME-RED-1-LPG-Verdampfer-png.webp\",\"contentUrl\":\"https:\\\/\\\/recambiosecogas.com\\\/wp-content\\\/uploads\\\/2024\\\/10\\\/Reparatursatz-fur-KME-RED-1-LPG-Verdampfer-png.webp\",\"width\":1000,\"height\":1000},{\"@type\":\"BreadcrumbList\",\"@id\":\"https:\\\/\\\/recambiosecogas.com\\\/it\\\/producto\\\/kit-de-reparacion-para-reductor-glp-kme-red-1\\\/#breadcrumb\",\"itemListElement\":[{\"@type\":\"ListItem\",\"position\":1,\"name\":\"Portada\",\"item\":\"https:\\\/\\\/recambiosecogas.com\\\/it\\\/\"},{\"@type\":\"ListItem\",\"position\":2,\"name\":\"Negozio\",\"item\":\"https:\\\/\\\/recambiosecogas.com\\\/it\\\/?page_id=46382\"},{\"@type\":\"ListItem\",\"position\":3,\"name\":\"Kit di riparazione per GLP REDUCER KME RED 1\"}]},{\"@type\":\"WebSite\",\"@id\":\"https:\\\/\\\/recambiosecogas.com\\\/it\\\/#website\",\"url\":\"https:\\\/\\\/recambiosecogas.com\\\/it\\\/\",\"name\":\"Recambios EcoGas\",\"description\":\"Recambios Multimarca para sistemas de GLP\\\/GNC\\\/GNL\\\/Hidr\u00f3geno\",\"publisher\":{\"@id\":\"https:\\\/\\\/recambiosecogas.com\\\/it\\\/#organization\"},\"alternateName\":\"Recambios Autogas GLP\",\"potentialAction\":[{\"@type\":\"SearchAction\",\"target\":{\"@type\":\"EntryPoint\",\"urlTemplate\":\"https:\\\/\\\/recambiosecogas.com\\\/it\\\/?s={search_term_string}\"},\"query-input\":{\"@type\":\"PropertyValueSpecification\",\"valueRequired\":true,\"valueName\":\"search_term_string\"}}],\"inLanguage\":\"it-IT\"},{\"@type\":[\"Organization\",\"Place\"],\"@id\":\"https:\\\/\\\/recambiosecogas.com\\\/it\\\/#organization\",\"name\":\"Recambios EcoGas\",\"alternateName\":\"Tienda Online GLP Espa\u00f1a\",\"url\":\"https:\\\/\\\/recambiosecogas.com\\\/it\\\/\",\"logo\":{\"@id\":\"https:\\\/\\\/recambiosecogas.com\\\/it\\\/producto\\\/kit-de-reparacion-para-reductor-glp-kme-red-1\\\/#local-main-organization-logo\"},\"image\":{\"@id\":\"https:\\\/\\\/recambiosecogas.com\\\/it\\\/producto\\\/kit-de-reparacion-para-reductor-glp-kme-red-1\\\/#local-main-organization-logo\"},\"sameAs\":[\"https:\\\/\\\/www.facebook.com\\\/profile.php?id=100062419705358\",\"https:\\\/\\\/www.instagram.com\\\/segimon_automocio\"],\"description\":\"Recambios EcoGas \u2013 Venta y distribuci\u00f3n de sistemas GLP y GNC en Espa\u00f1a y Portugal. Env\u00edos 24 h, soporte t\u00e9cnico a talleres y distribuidores.\",\"hasMerchantReturnPolicy\":{\"@type\":\"MerchantReturnPolicy\",\"merchantReturnLink\":\"https:\\\/\\\/recambiosecogas.com\\\/politicas-privacidad\\\/\"},\"address\":{\"@id\":\"https:\\\/\\\/recambiosecogas.com\\\/it\\\/producto\\\/kit-de-reparacion-para-reductor-glp-kme-red-1\\\/#local-main-place-address\"},\"telephone\":[\"616250633\"],\"contactPoint\":{\"@type\":\"ContactPoint\",\"email\":\"export@recambiosecogas.com\"},\"openingHoursSpecification\":[{\"@type\":\"OpeningHoursSpecification\",\"dayOfWeek\":[\"Monday\",\"Tuesday\",\"Wednesday\",\"Thursday\",\"Friday\",\"Saturday\",\"Sunday\"],\"opens\":\"09:00\",\"closes\":\"17:00\"}],\"email\":\"info@recambiosecogas.com\",\"faxNumber\":\"SEGIMON AUTOMOCION SL\",\"vatID\":\"ESB19819861\",\"globalLocationNumber\":\"938 616 339\"},{\"@type\":\"PostalAddress\",\"@id\":\"https:\\\/\\\/recambiosecogas.com\\\/it\\\/producto\\\/kit-de-reparacion-para-reductor-glp-kme-red-1\\\/#local-main-place-address\",\"streetAddress\":\"cami antic de vic, 29 (Nave 3), Pol\u00edgono Industrial Congost\",\"addressLocality\":\"CORRO D`AVALL\",\"postalCode\":\"08520\",\"addressRegion\":\"Barcelona\",\"addressCountry\":\"ES\"},{\"@type\":\"ImageObject\",\"inLanguage\":\"it-IT\",\"@id\":\"https:\\\/\\\/recambiosecogas.com\\\/it\\\/producto\\\/kit-de-reparacion-para-reductor-glp-kme-red-1\\\/#local-main-organization-logo\",\"url\":\"https:\\\/\\\/recambiosecogas.com\\\/wp-content\\\/uploads\\\/2024\\\/11\\\/cropped-RECAMBIOS-GLP-png.webp\",\"contentUrl\":\"https:\\\/\\\/recambiosecogas.com\\\/wp-content\\\/uploads\\\/2024\\\/11\\\/cropped-RECAMBIOS-GLP-png.webp\",\"width\":512,\"height\":512,\"caption\":\"Recambios EcoGas\"}]}<\/script>\n<meta property=\"product:price:amount\" content=\"24.54\" \/>\n<meta property=\"product:price:currency\" content=\"EUR\" \/>\n<meta property=\"og:availability\" content=\"backorder\" \/>\n<meta property=\"product:availability\" content=\"available for order\" \/>\n<meta property=\"product:retailer_item_id\" content=\"116824A\" \/>\n<meta property=\"product:condition\" content=\"new\" \/>\n<meta name=\"geo.placename\" content=\"CORRO D`AVALL\" \/>\n<meta name=\"geo.region\" content=\"Spagna\" \/>\n<!-- \/ Yoast SEO Premium plugin. -->","yoast_head_json":{"title":"Kit di riparazione per GLP REDUCER KME RED 1 |%Recambios EcoGas","description":"Kit riduttore di GPL KME RED 1 per manutenzione e recupero stabile della pressione nei sistemi a GPL.","robots":{"index":"index","follow":"follow","max-snippet":"max-snippet:-1","max-image-preview":"max-image-preview:large","max-video-preview":"max-video-preview:-1"},"canonical":"https:\/\/recambiosecogas.com\/it\/producto\/kit-de-reparacion-para-reductor-glp-kme-red-1\/","og_locale":"it_IT","og_type":"article","og_title":"Kit di riparazione per GLP REDUCER KME RED 1","og_description":"Kit riduttore di GPL KME RED 1 per manutenzione e recupero stabile della pressione nei sistemi a GPL.","og_url":"https:\/\/recambiosecogas.com\/it\/producto\/kit-de-reparacion-para-reductor-glp-kme-red-1\/","og_site_name":"Recambios EcoGas","article_publisher":"https:\/\/www.facebook.com\/profile.php?id=100062419705358","article_modified_time":"2026-04-08T10:01:27+00:00","og_image":[{"width":1000,"height":1000,"url":"https:\/\/recambiosecogas.com\/wp-content\/uploads\/2024\/10\/Reparatursatz-fur-KME-RED-1-LPG-Verdampfer-png.webp","type":"image\/png"}],"twitter_card":"summary_large_image","twitter_misc":{"Prezzo":"24,54&nbsp;&euro; (Sin IVA: 20,28&nbsp;&euro;)","Disponibilit\u00e0":"Su ordinazione"},"schema":{"@context":"https:\/\/schema.org","@graph":[{"@type":"WebPage","@id":"https:\/\/recambiosecogas.com\/it\/producto\/kit-de-reparacion-para-reductor-glp-kme-red-1\/","url":"https:\/\/recambiosecogas.com\/it\/producto\/kit-de-reparacion-para-reductor-glp-kme-red-1\/","name":"Kit di riparazione per GLP REDUCER KME RED 1 |%Recambios EcoGas","isPartOf":{"@id":"https:\/\/recambiosecogas.com\/it\/#website"},"primaryImageOfPage":{"@id":"https:\/\/recambiosecogas.com\/it\/producto\/kit-de-reparacion-para-reductor-glp-kme-red-1\/#primaryimage"},"image":{"@id":"https:\/\/recambiosecogas.com\/it\/producto\/kit-de-reparacion-para-reductor-glp-kme-red-1\/#primaryimage"},"thumbnailUrl":"https:\/\/recambiosecogas.com\/wp-content\/uploads\/2024\/10\/Reparatursatz-fur-KME-RED-1-LPG-Verdampfer-png.webp","datePublished":"2024-10-19T13:51:53+00:00","dateModified":"2026-04-08T10:01:27+00:00","description":"Kit riduttore di GPL KME RED 1 per manutenzione e recupero stabile della pressione nei sistemi a GPL.","breadcrumb":{"@id":"https:\/\/recambiosecogas.com\/it\/producto\/kit-de-reparacion-para-reductor-glp-kme-red-1\/#breadcrumb"},"inLanguage":"it-IT","potentialAction":[{"@type":"ReadAction","target":["https:\/\/recambiosecogas.com\/it\/producto\/kit-de-reparacion-para-reductor-glp-kme-red-1\/"]}]},{"@type":"ImageObject","inLanguage":"it-IT","@id":"https:\/\/recambiosecogas.com\/it\/producto\/kit-de-reparacion-para-reductor-glp-kme-red-1\/#primaryimage","url":"https:\/\/recambiosecogas.com\/wp-content\/uploads\/2024\/10\/Reparatursatz-fur-KME-RED-1-LPG-Verdampfer-png.webp","contentUrl":"https:\/\/recambiosecogas.com\/wp-content\/uploads\/2024\/10\/Reparatursatz-fur-KME-RED-1-LPG-Verdampfer-png.webp","width":1000,"height":1000},{"@type":"BreadcrumbList","@id":"https:\/\/recambiosecogas.com\/it\/producto\/kit-de-reparacion-para-reductor-glp-kme-red-1\/#breadcrumb","itemListElement":[{"@type":"ListItem","position":1,"name":"Portada","item":"https:\/\/recambiosecogas.com\/it\/"},{"@type":"ListItem","position":2,"name":"Negozio","item":"https:\/\/recambiosecogas.com\/it\/?page_id=46382"},{"@type":"ListItem","position":3,"name":"Kit di riparazione per GLP REDUCER KME RED 1"}]},{"@type":"WebSite","@id":"https:\/\/recambiosecogas.com\/it\/#website","url":"https:\/\/recambiosecogas.com\/it\/","name":"Recambios EcoGas","description":"Recambios Multimarca para sistemas de GLP\/GNC\/GNL\/Hidr\u00f3geno","publisher":{"@id":"https:\/\/recambiosecogas.com\/it\/#organization"},"alternateName":"Recambios Autogas GLP","potentialAction":[{"@type":"SearchAction","target":{"@type":"EntryPoint","urlTemplate":"https:\/\/recambiosecogas.com\/it\/?s={search_term_string}"},"query-input":{"@type":"PropertyValueSpecification","valueRequired":true,"valueName":"search_term_string"}}],"inLanguage":"it-IT"},{"@type":["Organization","Place"],"@id":"https:\/\/recambiosecogas.com\/it\/#organization","name":"Recambios EcoGas","alternateName":"Tienda Online GLP Espa\u00f1a","url":"https:\/\/recambiosecogas.com\/it\/","logo":{"@id":"https:\/\/recambiosecogas.com\/it\/producto\/kit-de-reparacion-para-reductor-glp-kme-red-1\/#local-main-organization-logo"},"image":{"@id":"https:\/\/recambiosecogas.com\/it\/producto\/kit-de-reparacion-para-reductor-glp-kme-red-1\/#local-main-organization-logo"},"sameAs":["https:\/\/www.facebook.com\/profile.php?id=100062419705358","https:\/\/www.instagram.com\/segimon_automocio"],"description":"Recambios EcoGas \u2013 Venta y distribuci\u00f3n de sistemas GLP y GNC en Espa\u00f1a y Portugal. Env\u00edos 24 h, soporte t\u00e9cnico a talleres y distribuidores.","hasMerchantReturnPolicy":{"@type":"MerchantReturnPolicy","merchantReturnLink":"https:\/\/recambiosecogas.com\/politicas-privacidad\/"},"address":{"@id":"https:\/\/recambiosecogas.com\/it\/producto\/kit-de-reparacion-para-reductor-glp-kme-red-1\/#local-main-place-address"},"telephone":["616250633"],"contactPoint":{"@type":"ContactPoint","email":"export@recambiosecogas.com"},"openingHoursSpecification":[{"@type":"OpeningHoursSpecification","dayOfWeek":["Monday","Tuesday","Wednesday","Thursday","Friday","Saturday","Sunday"],"opens":"09:00","closes":"17:00"}],"email":"info@recambiosecogas.com","faxNumber":"SEGIMON AUTOMOCION SL","vatID":"ESB19819861","globalLocationNumber":"938 616 339"},{"@type":"PostalAddress","@id":"https:\/\/recambiosecogas.com\/it\/producto\/kit-de-reparacion-para-reductor-glp-kme-red-1\/#local-main-place-address","streetAddress":"cami antic de vic, 29 (Nave 3), Pol\u00edgono Industrial Congost","addressLocality":"CORRO D`AVALL","postalCode":"08520","addressRegion":"Barcelona","addressCountry":"ES"},{"@type":"ImageObject","inLanguage":"it-IT","@id":"https:\/\/recambiosecogas.com\/it\/producto\/kit-de-reparacion-para-reductor-glp-kme-red-1\/#local-main-organization-logo","url":"https:\/\/recambiosecogas.com\/wp-content\/uploads\/2024\/11\/cropped-RECAMBIOS-GLP-png.webp","contentUrl":"https:\/\/recambiosecogas.com\/wp-content\/uploads\/2024\/11\/cropped-RECAMBIOS-GLP-png.webp","width":512,"height":512,"caption":"Recambios EcoGas"}]},"product_price_amount":"24.54","product_price_currency":"EUR","og_availability":"backorder","product_availability":"available for order","product_retailer_item_id":"116824A","product_condition":"new","geo.placename":"CORRO D`AVALL","geo.region":"Spagna"},"uagb_featured_image_src":{"full":["https:\/\/recambiosecogas.com\/wp-content\/uploads\/2024\/10\/Reparatursatz-fur-KME-RED-1-LPG-Verdampfer-png.webp",1000,1000,false],"thumbnail":["https:\/\/recambiosecogas.com\/wp-content\/uploads\/2024\/10\/Reparatursatz-fur-KME-RED-1-LPG-Verdampfer-png-150x150.webp",150,150,true],"medium":["https:\/\/recambiosecogas.com\/wp-content\/uploads\/2024\/10\/Reparatursatz-fur-KME-RED-1-LPG-Verdampfer-300x300.webp",300,300,true],"medium_large":["https:\/\/recambiosecogas.com\/wp-content\/uploads\/2024\/10\/Reparatursatz-fur-KME-RED-1-LPG-Verdampfer-png-768x768.webp",768,768,true],"large":["https:\/\/recambiosecogas.com\/wp-content\/uploads\/2024\/10\/Reparatursatz-fur-KME-RED-1-LPG-Verdampfer-png.webp",1000,1000,false],"1536x1536":["https:\/\/recambiosecogas.com\/wp-content\/uploads\/2024\/10\/Reparatursatz-fur-KME-RED-1-LPG-Verdampfer-png.webp",1000,1000,false],"2048x2048":["https:\/\/recambiosecogas.com\/wp-content\/uploads\/2024\/10\/Reparatursatz-fur-KME-RED-1-LPG-Verdampfer-png.webp",1000,1000,false],"woocommerce_archive_thumbnail":["https:\/\/recambiosecogas.com\/wp-content\/uploads\/2024\/10\/Reparatursatz-fur-KME-RED-1-LPG-Verdampfer-png.webp",1000,1000,false],"woocommerce_thumbnail":["https:\/\/recambiosecogas.com\/wp-content\/uploads\/2024\/10\/Reparatursatz-fur-KME-RED-1-LPG-Verdampfer-png-300x300.webp",300,300,true],"woocommerce_single":["https:\/\/recambiosecogas.com\/wp-content\/uploads\/2024\/10\/Reparatursatz-fur-KME-RED-1-LPG-Verdampfer-png.webp",1000,1000,false],"woocommerce_gallery_thumbnail":["https:\/\/recambiosecogas.com\/wp-content\/uploads\/2024\/10\/Reparatursatz-fur-KME-RED-1-LPG-Verdampfer-png.webp",1000,1000,false],"dgwt-wcas-product-suggestion":["https:\/\/recambiosecogas.com\/wp-content\/uploads\/2024\/10\/Reparatursatz-fur-KME-RED-1-LPG-Verdampfer-png-64x64.webp",64,64,true]},"uagb_author_info":{"display_name":"Fran - Soporte T\u00e9cnico","author_link":"https:\/\/recambiosecogas.com\/it\/author\/"},"uagb_comment_info":0,"uagb_excerpt":"Kit di riparazione per GLP REDUCER KME RED 1","_links":{"self":[{"href":"https:\/\/recambiosecogas.com\/it\/wp-json\/wp\/v2\/product\/47198","targetHints":{"allow":["GET"]}}],"collection":[{"href":"https:\/\/recambiosecogas.com\/it\/wp-json\/wp\/v2\/product"}],"about":[{"href":"https:\/\/recambiosecogas.com\/it\/wp-json\/wp\/v2\/types\/product"}],"replies":[{"embeddable":true,"href":"https:\/\/recambiosecogas.com\/it\/wp-json\/wp\/v2\/comments?post=47198"}],"wp:featuredmedia":[{"embeddable":true,"href":"https:\/\/recambiosecogas.com\/it\/wp-json\/wp\/v2\/media\/5119"}],"wp:attachment":[{"href":"https:\/\/recambiosecogas.com\/it\/wp-json\/wp\/v2\/media?parent=47198"}],"wp:term":[{"taxonomy":"product_brand","embeddable":true,"href":"https:\/\/recambiosecogas.com\/it\/wp-json\/wp\/v2\/product_brand?post=47198"},{"taxonomy":"product_cat","embeddable":true,"href":"https:\/\/recambiosecogas.com\/it\/wp-json\/wp\/v2\/product_cat?post=47198"},{"taxonomy":"product_tag","embeddable":true,"href":"https:\/\/recambiosecogas.com\/it\/wp-json\/wp\/v2\/product_tag?post=47198"}],"curies":[{"name":"wp","href":"https:\/\/api.w.org\/{rel}","templated":true}]}}