{"id":47161,"date":"2024-10-19T13:51:49","date_gmt":"2024-10-19T13:51:49","guid":{"rendered":"https:\/\/recambiosecogas.com\/producto\/kit-de-reparacion-del-reductor-gfi-sgi-incl-clavija-central\/"},"modified":"2026-04-08T11:01:14","modified_gmt":"2026-04-08T10:01:14","slug":"kit-de-reparacion-del-reductor-gfi-sgi-incl-clavija-central","status":"publish","type":"product","link":"https:\/\/recambiosecogas.com\/it\/producto\/kit-de-reparacion-del-reductor-gfi-sgi-incl-clavija-central\/","title":{"rendered":"Kit di riparazione ingranaggi SGI Gfi inclusa la spina centrale"},"content":{"rendered":"<h1 data-start=\"0\" data-end=\"62\">Kit di riparazione ingranaggi SGI Gfi inclusa la spina centrale<\/h1>\n<p data-start=\"64\" data-end=\"460\">Il <strong data-start=\"67\" data-end=\"123\">kit di riparazione dell&#8217;ingranaggio Gfi SGI, compresa la candela centrale<\/strong> , \u00e8 progettato per la manutenzione del cambio Gfi SGI, compresa la candela centrale, permettendo di sostituire i componenti interni soggetti a usura e di ripristinare la stabilit\u00e0 della pressione del sistema. Questo insieme facilita il ricondizionamento del regolatore e aiuta a mantenere un funzionamento costante nei sistemi a GPL. <\/p>\n<p data-start=\"462\" data-end=\"796\">Con l&#8217;uso continuato, le membrane del riduttore, le guarnizioni interne e il perno centrale possono deteriorarsi, influenzando la regolazione della pressione e le prestazioni complessive del sistema. La sostituzione preventiva di questi elementi consente di ripristinare le condizioni di lavoro originali ed evitare irregolarit\u00e0 nell&#8217;approvvigionamento di gas. <\/p>\n<hr data-start=\"798\" data-end=\"801\">\n<h2 data-start=\"803\" data-end=\"873\">Applicazione del kit di riparazione riduttore SGI Gfi inclusa la spina centrale<\/h2>\n<div class=\"TyagGW_tableContainer\">\n<div class=\"group TyagGW_tableWrapper flex flex-col-reverse w-fit\" tabindex=\"-1\">\n<table class=\"w-fit min-w-(--thread-content-width)\" data-start=\"875\" data-end=\"1147\">\n<thead data-start=\"875\" data-end=\"910\">\n<tr data-start=\"875\" data-end=\"910\">\n<th class=\"\" data-start=\"875\" data-end=\"892\" data-col-size=\"sm\">Caratteristiche<\/th>\n<th class=\"\" data-start=\"892\" data-end=\"910\" data-col-size=\"sm\">Specifiche<\/th>\n<\/tr>\n<\/thead>\n<tbody data-start=\"947\" data-end=\"1147\">\n<tr data-start=\"947\" data-end=\"979\">\n<td data-start=\"947\" data-end=\"958\" data-col-size=\"sm\">Prodotto<\/td>\n<td data-start=\"958\" data-end=\"979\" data-col-size=\"sm\">Kit di riparazione<\/td>\n<\/tr>\n<tr data-start=\"980\" data-end=\"995\">\n<td data-start=\"980\" data-end=\"988\" data-col-size=\"sm\">Marchio<\/td>\n<td data-start=\"988\" data-end=\"995\" data-col-size=\"sm\">Bella partita<\/td>\n<\/tr>\n<tr data-start=\"996\" data-end=\"1023\">\n<td data-start=\"996\" data-end=\"1016\" data-col-size=\"sm\">Modello compatibile<\/td>\n<td data-start=\"1016\" data-end=\"1023\" data-col-size=\"sm\">SGI<\/td>\n<\/tr>\n<tr data-start=\"1024\" data-end=\"1053\">\n<td data-start=\"1024\" data-end=\"1034\" data-col-size=\"sm\">Include<\/td>\n<td data-start=\"1034\" data-end=\"1053\" data-col-size=\"sm\">Birillo centrale<\/td>\n<\/tr>\n<tr data-start=\"1054\" data-end=\"1083\">\n<td data-start=\"1054\" data-end=\"1067\" data-col-size=\"sm\">Applicazione<\/td>\n<td data-start=\"1067\" data-end=\"1083\" data-col-size=\"sm\">Riduttore di GPL<\/td>\n<\/tr>\n<tr data-start=\"1084\" data-end=\"1105\">\n<td data-start=\"1084\" data-end=\"1098\" data-col-size=\"sm\">Carburante<\/td>\n<td data-start=\"1098\" data-end=\"1105\" data-col-size=\"sm\">GPL<\/td>\n<\/tr>\n<tr data-start=\"1106\" data-end=\"1147\">\n<td data-start=\"1106\" data-end=\"1120\" data-col-size=\"sm\">Installazione<\/td>\n<td data-start=\"1120\" data-end=\"1147\" data-col-size=\"sm\">Professionisti consigliati<\/td>\n<\/tr>\n<\/tbody>\n<\/table>\n<\/div>\n<\/div>\n<hr data-start=\"1149\" data-end=\"1152\">\n<h2 data-start=\"1154\" data-end=\"1202\">Manutenzione e manutenzione del cambio Gfi SGI<\/h2>\n<p data-start=\"1204\" data-end=\"1251\">Questo kit include gli elementi necessari per:<\/p>\n<ul data-start=\"1253\" data-end=\"1445\">\n<li data-start=\"1253\" data-end=\"1285\">\n<p data-start=\"1255\" data-end=\"1285\">Sostituire le membrane interne<\/p>\n<\/li>\n<li data-start=\"1286\" data-end=\"1323\">\n<p data-start=\"1288\" data-end=\"1323\">Sostituire guarnizioni<\/p>\n<\/li>\n<li data-start=\"1324\" data-end=\"1356\">\n<p data-start=\"1326\" data-end=\"1356\">Sostituisci la spina centrale<\/p>\n<\/li>\n<li data-start=\"1357\" data-end=\"1395\">\n<p data-start=\"1359\" data-end=\"1395\">Ripristinare la regolazione della pressione<\/p>\n<\/li>\n<li data-start=\"1396\" data-end=\"1445\">\n<p data-start=\"1398\" data-end=\"1445\">Mantenere la stabilit\u00e0 operativa del sistema<\/p>\n<\/li>\n<\/ul>\n<p data-start=\"1447\" data-end=\"1586\">Una corretta manutenzione del cambio Gfi SGI aiuta a prolungarne la durata operativa e a garantire prestazioni affidabili nei sistemi a gas GPL.<\/p>\n<hr data-start=\"1588\" data-end=\"1591\">\n<h2 data-start=\"1593\" data-end=\"1610\">Compatibilit\u00e0<\/h2>\n<p data-start=\"1612\" data-end=\"1788\">Compatibile esclusivamente con riduttori Gfi modello SGI che utilizzano la spina centrale inclusa nel kit.<br data-start=\"1716\" data-end=\"1719\">Si consiglia verificare il riferimento esatto prima dell&#8217;installazione.<\/p>\n<hr data-start=\"1790\" data-end=\"1793\">\n<h2 data-start=\"1795\" data-end=\"1801\">Domande frequenti<\/h2>\n<p data-start=\"1803\" data-end=\"1936\"><strong data-start=\"1803\" data-end=\"1832\">A cosa serve questo kit?<\/strong><br data-start=\"1832\" data-end=\"1835\">Consente la manutenzione interna del cambio Gfi SGI con la sostituzione della candela centrale.<\/p>\n<p data-start=\"1938\" data-end=\"2024\"><strong data-start=\"1938\" data-end=\"1976\">\u00c8 valido per altri modelli GFI?<\/strong><br data-start=\"1976\" data-end=\"1979\">\u00c8 specificamente destinato al modello SGI.<\/p>\n<p data-start=\"2026\" data-end=\"2119\"><strong data-start=\"2026\" data-end=\"2064\">Richiede un&#8217;installazione professionale?<\/strong><br data-start=\"2064\" data-end=\"2067\">S\u00ec, \u00e8 consigliato l&#8217;assemblaggio da parte di un tecnico specializzato.<\/p>\n","protected":false},"excerpt":{"rendered":"<p>Kit di riparazione ingranaggi SGI Gfi inclusa la spina centrale<\/p>\n","protected":false},"featured_media":6235,"comment_status":"open","ping_status":"closed","template":"","meta":{"googlesitekit_rrm_CAowud7EDA:productID":"","_uag_custom_page_level_css":""},"product_brand":[],"product_cat":[2135,2136],"product_tag":[],"class_list":{"0":"post-47161","1":"product","2":"type-product","3":"status-publish","4":"has-post-thumbnail","6":"product_cat-juegos-de-reparacion-glp","7":"product_cat-reguladores-de-presion","9":"first","10":"instock","11":"taxable","12":"shipping-taxable","13":"purchasable","14":"product-type-simple"},"ct_brands":[],"yoast_head":"<!-- This site is optimized with the Yoast SEO Premium plugin v27.4 (Yoast SEO v27.4) - https:\/\/yoast.com\/product\/yoast-seo-premium-wordpress\/ -->\n<title>Kit di riparazione ingranaggi SGI Gfi inclusa la spina centrale |%Recambios EcoGas<\/title>\n<meta name=\"description\" content=\"Il kit di riparazione riduttore SGI Gfi include la spina centrale per la manutenzione e il recupero stabile della pressione nei sistemi a GPL.\" \/>\n<meta name=\"robots\" content=\"index, follow, max-snippet:-1, max-image-preview:large, max-video-preview:-1\" \/>\n<link rel=\"canonical\" href=\"https:\/\/recambiosecogas.com\/it\/producto\/kit-de-reparacion-del-reductor-gfi-sgi-incl-clavija-central\/\" \/>\n<meta property=\"og:locale\" content=\"it_IT\" \/>\n<meta property=\"og:type\" content=\"article\" \/>\n<meta property=\"og:title\" content=\"Kit di riparazione ingranaggi SGI Gfi inclusa la spina centrale\" \/>\n<meta property=\"og:description\" content=\"Il kit di riparazione riduttore SGI Gfi include la spina centrale per la manutenzione e il recupero stabile della pressione nei sistemi a GPL.\" \/>\n<meta property=\"og:url\" content=\"https:\/\/recambiosecogas.com\/it\/producto\/kit-de-reparacion-del-reductor-gfi-sgi-incl-clavija-central\/\" \/>\n<meta property=\"og:site_name\" content=\"Recambios EcoGas\" \/>\n<meta property=\"article:publisher\" content=\"https:\/\/www.facebook.com\/profile.php?id=100062419705358\" \/>\n<meta property=\"article:modified_time\" content=\"2026-04-08T10:01:14+00:00\" \/>\n<meta property=\"og:image\" content=\"https:\/\/recambiosecogas.com\/wp-content\/uploads\/2024\/10\/Kit-de-reparacion-del-reductor-Gfi-SGI-incl.-clavija-central-png.webp\" \/>\n\t<meta property=\"og:image:width\" content=\"1000\" \/>\n\t<meta property=\"og:image:height\" content=\"1000\" \/>\n\t<meta property=\"og:image:type\" content=\"image\/png\" \/>\n<meta name=\"twitter:card\" content=\"summary_large_image\" \/>\n<meta name=\"twitter:label1\" content=\"Prezzo\" \/>\n\t<meta name=\"twitter:data1\" content=\"29,99&nbsp;&euro; (IVA incl.: 36,29&nbsp;&euro;)\" \/>\n\t<meta name=\"twitter:label2\" content=\"Disponibilit\u00e0\" \/>\n\t<meta name=\"twitter:data2\" content=\"In stock\" \/>\n<script type=\"application\/ld+json\" class=\"yoast-schema-graph\">{\"@context\":\"https:\\\/\\\/schema.org\",\"@graph\":[{\"@type\":\"WebPage\",\"@id\":\"https:\\\/\\\/recambiosecogas.com\\\/it\\\/producto\\\/kit-de-reparacion-del-reductor-gfi-sgi-incl-clavija-central\\\/\",\"url\":\"https:\\\/\\\/recambiosecogas.com\\\/it\\\/producto\\\/kit-de-reparacion-del-reductor-gfi-sgi-incl-clavija-central\\\/\",\"name\":\"Kit di riparazione ingranaggi SGI Gfi inclusa la spina centrale |%Recambios EcoGas\",\"isPartOf\":{\"@id\":\"https:\\\/\\\/recambiosecogas.com\\\/it\\\/#website\"},\"primaryImageOfPage\":{\"@id\":\"https:\\\/\\\/recambiosecogas.com\\\/it\\\/producto\\\/kit-de-reparacion-del-reductor-gfi-sgi-incl-clavija-central\\\/#primaryimage\"},\"image\":{\"@id\":\"https:\\\/\\\/recambiosecogas.com\\\/it\\\/producto\\\/kit-de-reparacion-del-reductor-gfi-sgi-incl-clavija-central\\\/#primaryimage\"},\"thumbnailUrl\":\"https:\\\/\\\/recambiosecogas.com\\\/wp-content\\\/uploads\\\/2024\\\/10\\\/Kit-de-reparacion-del-reductor-Gfi-SGI-incl.-clavija-central-png.webp\",\"datePublished\":\"2024-10-19T13:51:49+00:00\",\"dateModified\":\"2026-04-08T10:01:14+00:00\",\"description\":\"Il kit di riparazione riduttore SGI Gfi include la spina centrale per la manutenzione e il recupero stabile della pressione nei sistemi a GPL.\",\"breadcrumb\":{\"@id\":\"https:\\\/\\\/recambiosecogas.com\\\/it\\\/producto\\\/kit-de-reparacion-del-reductor-gfi-sgi-incl-clavija-central\\\/#breadcrumb\"},\"inLanguage\":\"it-IT\",\"potentialAction\":[{\"@type\":\"ReadAction\",\"target\":[\"https:\\\/\\\/recambiosecogas.com\\\/it\\\/producto\\\/kit-de-reparacion-del-reductor-gfi-sgi-incl-clavija-central\\\/\"]}]},{\"@type\":\"ImageObject\",\"inLanguage\":\"it-IT\",\"@id\":\"https:\\\/\\\/recambiosecogas.com\\\/it\\\/producto\\\/kit-de-reparacion-del-reductor-gfi-sgi-incl-clavija-central\\\/#primaryimage\",\"url\":\"https:\\\/\\\/recambiosecogas.com\\\/wp-content\\\/uploads\\\/2024\\\/10\\\/Kit-de-reparacion-del-reductor-Gfi-SGI-incl.-clavija-central-png.webp\",\"contentUrl\":\"https:\\\/\\\/recambiosecogas.com\\\/wp-content\\\/uploads\\\/2024\\\/10\\\/Kit-de-reparacion-del-reductor-Gfi-SGI-incl.-clavija-central-png.webp\",\"width\":1000,\"height\":1000},{\"@type\":\"BreadcrumbList\",\"@id\":\"https:\\\/\\\/recambiosecogas.com\\\/it\\\/producto\\\/kit-de-reparacion-del-reductor-gfi-sgi-incl-clavija-central\\\/#breadcrumb\",\"itemListElement\":[{\"@type\":\"ListItem\",\"position\":1,\"name\":\"Portada\",\"item\":\"https:\\\/\\\/recambiosecogas.com\\\/it\\\/\"},{\"@type\":\"ListItem\",\"position\":2,\"name\":\"Negozio\",\"item\":\"https:\\\/\\\/recambiosecogas.com\\\/it\\\/?page_id=46382\"},{\"@type\":\"ListItem\",\"position\":3,\"name\":\"Kit di riparazione ingranaggi SGI Gfi inclusa la spina centrale\"}]},{\"@type\":\"WebSite\",\"@id\":\"https:\\\/\\\/recambiosecogas.com\\\/it\\\/#website\",\"url\":\"https:\\\/\\\/recambiosecogas.com\\\/it\\\/\",\"name\":\"Recambios EcoGas\",\"description\":\"Recambios Multimarca para sistemas de GLP\\\/GNC\\\/GNL\\\/Hidr\u00f3geno\",\"publisher\":{\"@id\":\"https:\\\/\\\/recambiosecogas.com\\\/it\\\/#organization\"},\"alternateName\":\"Recambios Autogas GLP\",\"potentialAction\":[{\"@type\":\"SearchAction\",\"target\":{\"@type\":\"EntryPoint\",\"urlTemplate\":\"https:\\\/\\\/recambiosecogas.com\\\/it\\\/?s={search_term_string}\"},\"query-input\":{\"@type\":\"PropertyValueSpecification\",\"valueRequired\":true,\"valueName\":\"search_term_string\"}}],\"inLanguage\":\"it-IT\"},{\"@type\":[\"Organization\",\"Place\"],\"@id\":\"https:\\\/\\\/recambiosecogas.com\\\/it\\\/#organization\",\"name\":\"Recambios EcoGas\",\"alternateName\":\"Tienda Online GLP Espa\u00f1a\",\"url\":\"https:\\\/\\\/recambiosecogas.com\\\/it\\\/\",\"logo\":{\"@id\":\"https:\\\/\\\/recambiosecogas.com\\\/it\\\/producto\\\/kit-de-reparacion-del-reductor-gfi-sgi-incl-clavija-central\\\/#local-main-organization-logo\"},\"image\":{\"@id\":\"https:\\\/\\\/recambiosecogas.com\\\/it\\\/producto\\\/kit-de-reparacion-del-reductor-gfi-sgi-incl-clavija-central\\\/#local-main-organization-logo\"},\"sameAs\":[\"https:\\\/\\\/www.facebook.com\\\/profile.php?id=100062419705358\",\"https:\\\/\\\/www.instagram.com\\\/segimon_automocio\"],\"description\":\"Recambios EcoGas \u2013 Venta y distribuci\u00f3n de sistemas GLP y GNC en Espa\u00f1a y Portugal. Env\u00edos 24 h, soporte t\u00e9cnico a talleres y distribuidores.\",\"hasMerchantReturnPolicy\":{\"@type\":\"MerchantReturnPolicy\",\"merchantReturnLink\":\"https:\\\/\\\/recambiosecogas.com\\\/politicas-privacidad\\\/\"},\"address\":{\"@id\":\"https:\\\/\\\/recambiosecogas.com\\\/it\\\/producto\\\/kit-de-reparacion-del-reductor-gfi-sgi-incl-clavija-central\\\/#local-main-place-address\"},\"telephone\":[\"616250633\"],\"contactPoint\":{\"@type\":\"ContactPoint\",\"email\":\"export@recambiosecogas.com\"},\"openingHoursSpecification\":[{\"@type\":\"OpeningHoursSpecification\",\"dayOfWeek\":[\"Monday\",\"Tuesday\",\"Wednesday\",\"Thursday\",\"Friday\",\"Saturday\",\"Sunday\"],\"opens\":\"09:00\",\"closes\":\"17:00\"}],\"email\":\"info@recambiosecogas.com\",\"faxNumber\":\"SEGIMON AUTOMOCION SL\",\"vatID\":\"ESB19819861\",\"globalLocationNumber\":\"938 616 339\"},{\"@type\":\"PostalAddress\",\"@id\":\"https:\\\/\\\/recambiosecogas.com\\\/it\\\/producto\\\/kit-de-reparacion-del-reductor-gfi-sgi-incl-clavija-central\\\/#local-main-place-address\",\"streetAddress\":\"cami antic de vic, 29 (Nave 3), Pol\u00edgono Industrial Congost\",\"addressLocality\":\"CORRO D`AVALL\",\"postalCode\":\"08520\",\"addressRegion\":\"Barcelona\",\"addressCountry\":\"ES\"},{\"@type\":\"ImageObject\",\"inLanguage\":\"it-IT\",\"@id\":\"https:\\\/\\\/recambiosecogas.com\\\/it\\\/producto\\\/kit-de-reparacion-del-reductor-gfi-sgi-incl-clavija-central\\\/#local-main-organization-logo\",\"url\":\"https:\\\/\\\/recambiosecogas.com\\\/wp-content\\\/uploads\\\/2024\\\/11\\\/cropped-RECAMBIOS-GLP-png.webp\",\"contentUrl\":\"https:\\\/\\\/recambiosecogas.com\\\/wp-content\\\/uploads\\\/2024\\\/11\\\/cropped-RECAMBIOS-GLP-png.webp\",\"width\":512,\"height\":512,\"caption\":\"Recambios EcoGas\"}]}<\/script>\n<meta property=\"product:price:amount\" content=\"29.99\" \/>\n<meta property=\"product:price:currency\" content=\"EUR\" \/>\n<meta property=\"og:availability\" content=\"instock\" \/>\n<meta property=\"product:availability\" content=\"instock\" \/>\n<meta property=\"product:retailer_item_id\" content=\"106064\" \/>\n<meta property=\"product:condition\" content=\"new\" \/>\n<meta name=\"geo.placename\" content=\"CORRO D`AVALL\" \/>\n<meta name=\"geo.region\" content=\"Spagna\" \/>\n<!-- \/ Yoast SEO Premium plugin. -->","yoast_head_json":{"title":"Kit di riparazione ingranaggi SGI Gfi inclusa la spina centrale |%Recambios EcoGas","description":"Il kit di riparazione riduttore SGI Gfi include la spina centrale per la manutenzione e il recupero stabile della pressione nei sistemi a GPL.","robots":{"index":"index","follow":"follow","max-snippet":"max-snippet:-1","max-image-preview":"max-image-preview:large","max-video-preview":"max-video-preview:-1"},"canonical":"https:\/\/recambiosecogas.com\/it\/producto\/kit-de-reparacion-del-reductor-gfi-sgi-incl-clavija-central\/","og_locale":"it_IT","og_type":"article","og_title":"Kit di riparazione ingranaggi SGI Gfi inclusa la spina centrale","og_description":"Il kit di riparazione riduttore SGI Gfi include la spina centrale per la manutenzione e il recupero stabile della pressione nei sistemi a GPL.","og_url":"https:\/\/recambiosecogas.com\/it\/producto\/kit-de-reparacion-del-reductor-gfi-sgi-incl-clavija-central\/","og_site_name":"Recambios EcoGas","article_publisher":"https:\/\/www.facebook.com\/profile.php?id=100062419705358","article_modified_time":"2026-04-08T10:01:14+00:00","og_image":[{"width":1000,"height":1000,"url":"https:\/\/recambiosecogas.com\/wp-content\/uploads\/2024\/10\/Kit-de-reparacion-del-reductor-Gfi-SGI-incl.-clavija-central-png.webp","type":"image\/png"}],"twitter_card":"summary_large_image","twitter_misc":{"Prezzo":"29,99&nbsp;&euro; (IVA incl.: 36,29&nbsp;&euro;)","Disponibilit\u00e0":"In stock"},"schema":{"@context":"https:\/\/schema.org","@graph":[{"@type":"WebPage","@id":"https:\/\/recambiosecogas.com\/it\/producto\/kit-de-reparacion-del-reductor-gfi-sgi-incl-clavija-central\/","url":"https:\/\/recambiosecogas.com\/it\/producto\/kit-de-reparacion-del-reductor-gfi-sgi-incl-clavija-central\/","name":"Kit di riparazione ingranaggi SGI Gfi inclusa la spina centrale |%Recambios EcoGas","isPartOf":{"@id":"https:\/\/recambiosecogas.com\/it\/#website"},"primaryImageOfPage":{"@id":"https:\/\/recambiosecogas.com\/it\/producto\/kit-de-reparacion-del-reductor-gfi-sgi-incl-clavija-central\/#primaryimage"},"image":{"@id":"https:\/\/recambiosecogas.com\/it\/producto\/kit-de-reparacion-del-reductor-gfi-sgi-incl-clavija-central\/#primaryimage"},"thumbnailUrl":"https:\/\/recambiosecogas.com\/wp-content\/uploads\/2024\/10\/Kit-de-reparacion-del-reductor-Gfi-SGI-incl.-clavija-central-png.webp","datePublished":"2024-10-19T13:51:49+00:00","dateModified":"2026-04-08T10:01:14+00:00","description":"Il kit di riparazione riduttore SGI Gfi include la spina centrale per la manutenzione e il recupero stabile della pressione nei sistemi a GPL.","breadcrumb":{"@id":"https:\/\/recambiosecogas.com\/it\/producto\/kit-de-reparacion-del-reductor-gfi-sgi-incl-clavija-central\/#breadcrumb"},"inLanguage":"it-IT","potentialAction":[{"@type":"ReadAction","target":["https:\/\/recambiosecogas.com\/it\/producto\/kit-de-reparacion-del-reductor-gfi-sgi-incl-clavija-central\/"]}]},{"@type":"ImageObject","inLanguage":"it-IT","@id":"https:\/\/recambiosecogas.com\/it\/producto\/kit-de-reparacion-del-reductor-gfi-sgi-incl-clavija-central\/#primaryimage","url":"https:\/\/recambiosecogas.com\/wp-content\/uploads\/2024\/10\/Kit-de-reparacion-del-reductor-Gfi-SGI-incl.-clavija-central-png.webp","contentUrl":"https:\/\/recambiosecogas.com\/wp-content\/uploads\/2024\/10\/Kit-de-reparacion-del-reductor-Gfi-SGI-incl.-clavija-central-png.webp","width":1000,"height":1000},{"@type":"BreadcrumbList","@id":"https:\/\/recambiosecogas.com\/it\/producto\/kit-de-reparacion-del-reductor-gfi-sgi-incl-clavija-central\/#breadcrumb","itemListElement":[{"@type":"ListItem","position":1,"name":"Portada","item":"https:\/\/recambiosecogas.com\/it\/"},{"@type":"ListItem","position":2,"name":"Negozio","item":"https:\/\/recambiosecogas.com\/it\/?page_id=46382"},{"@type":"ListItem","position":3,"name":"Kit di riparazione ingranaggi SGI Gfi inclusa la spina centrale"}]},{"@type":"WebSite","@id":"https:\/\/recambiosecogas.com\/it\/#website","url":"https:\/\/recambiosecogas.com\/it\/","name":"Recambios EcoGas","description":"Recambios Multimarca para sistemas de GLP\/GNC\/GNL\/Hidr\u00f3geno","publisher":{"@id":"https:\/\/recambiosecogas.com\/it\/#organization"},"alternateName":"Recambios Autogas GLP","potentialAction":[{"@type":"SearchAction","target":{"@type":"EntryPoint","urlTemplate":"https:\/\/recambiosecogas.com\/it\/?s={search_term_string}"},"query-input":{"@type":"PropertyValueSpecification","valueRequired":true,"valueName":"search_term_string"}}],"inLanguage":"it-IT"},{"@type":["Organization","Place"],"@id":"https:\/\/recambiosecogas.com\/it\/#organization","name":"Recambios EcoGas","alternateName":"Tienda Online GLP Espa\u00f1a","url":"https:\/\/recambiosecogas.com\/it\/","logo":{"@id":"https:\/\/recambiosecogas.com\/it\/producto\/kit-de-reparacion-del-reductor-gfi-sgi-incl-clavija-central\/#local-main-organization-logo"},"image":{"@id":"https:\/\/recambiosecogas.com\/it\/producto\/kit-de-reparacion-del-reductor-gfi-sgi-incl-clavija-central\/#local-main-organization-logo"},"sameAs":["https:\/\/www.facebook.com\/profile.php?id=100062419705358","https:\/\/www.instagram.com\/segimon_automocio"],"description":"Recambios EcoGas \u2013 Venta y distribuci\u00f3n de sistemas GLP y GNC en Espa\u00f1a y Portugal. Env\u00edos 24 h, soporte t\u00e9cnico a talleres y distribuidores.","hasMerchantReturnPolicy":{"@type":"MerchantReturnPolicy","merchantReturnLink":"https:\/\/recambiosecogas.com\/politicas-privacidad\/"},"address":{"@id":"https:\/\/recambiosecogas.com\/it\/producto\/kit-de-reparacion-del-reductor-gfi-sgi-incl-clavija-central\/#local-main-place-address"},"telephone":["616250633"],"contactPoint":{"@type":"ContactPoint","email":"export@recambiosecogas.com"},"openingHoursSpecification":[{"@type":"OpeningHoursSpecification","dayOfWeek":["Monday","Tuesday","Wednesday","Thursday","Friday","Saturday","Sunday"],"opens":"09:00","closes":"17:00"}],"email":"info@recambiosecogas.com","faxNumber":"SEGIMON AUTOMOCION SL","vatID":"ESB19819861","globalLocationNumber":"938 616 339"},{"@type":"PostalAddress","@id":"https:\/\/recambiosecogas.com\/it\/producto\/kit-de-reparacion-del-reductor-gfi-sgi-incl-clavija-central\/#local-main-place-address","streetAddress":"cami antic de vic, 29 (Nave 3), Pol\u00edgono Industrial Congost","addressLocality":"CORRO D`AVALL","postalCode":"08520","addressRegion":"Barcelona","addressCountry":"ES"},{"@type":"ImageObject","inLanguage":"it-IT","@id":"https:\/\/recambiosecogas.com\/it\/producto\/kit-de-reparacion-del-reductor-gfi-sgi-incl-clavija-central\/#local-main-organization-logo","url":"https:\/\/recambiosecogas.com\/wp-content\/uploads\/2024\/11\/cropped-RECAMBIOS-GLP-png.webp","contentUrl":"https:\/\/recambiosecogas.com\/wp-content\/uploads\/2024\/11\/cropped-RECAMBIOS-GLP-png.webp","width":512,"height":512,"caption":"Recambios EcoGas"}]},"product_price_amount":"29.99","product_price_currency":"EUR","og_availability":"instock","product_availability":"instock","product_retailer_item_id":"106064","product_condition":"new","geo.placename":"CORRO D`AVALL","geo.region":"Spagna"},"uagb_featured_image_src":{"full":["https:\/\/recambiosecogas.com\/wp-content\/uploads\/2024\/10\/Kit-de-reparacion-del-reductor-Gfi-SGI-incl.-clavija-central-png.webp",1000,1000,false],"thumbnail":["https:\/\/recambiosecogas.com\/wp-content\/uploads\/2024\/10\/Kit-de-reparacion-del-reductor-Gfi-SGI-incl.-clavija-central-150x150.webp",150,150,true],"medium":["https:\/\/recambiosecogas.com\/wp-content\/uploads\/2024\/10\/Kit-de-reparacion-del-reductor-Gfi-SGI-incl.-clavija-central-300x300.webp",300,300,true],"medium_large":["https:\/\/recambiosecogas.com\/wp-content\/uploads\/2024\/10\/Kit-de-reparacion-del-reductor-Gfi-SGI-incl.-clavija-central-768x768.webp",768,768,true],"large":["https:\/\/recambiosecogas.com\/wp-content\/uploads\/2024\/10\/Kit-de-reparacion-del-reductor-Gfi-SGI-incl.-clavija-central-png.webp",1000,1000,false],"1536x1536":["https:\/\/recambiosecogas.com\/wp-content\/uploads\/2024\/10\/Kit-de-reparacion-del-reductor-Gfi-SGI-incl.-clavija-central-png.webp",1000,1000,false],"2048x2048":["https:\/\/recambiosecogas.com\/wp-content\/uploads\/2024\/10\/Kit-de-reparacion-del-reductor-Gfi-SGI-incl.-clavija-central-png.webp",1000,1000,false],"woocommerce_archive_thumbnail":["https:\/\/recambiosecogas.com\/wp-content\/uploads\/2024\/10\/Kit-de-reparacion-del-reductor-Gfi-SGI-incl.-clavija-central-png.webp",1000,1000,false],"woocommerce_thumbnail":["https:\/\/recambiosecogas.com\/wp-content\/uploads\/2024\/10\/Kit-de-reparacion-del-reductor-Gfi-SGI-incl.-clavija-central-png-300x300.webp",300,300,true],"woocommerce_single":["https:\/\/recambiosecogas.com\/wp-content\/uploads\/2024\/10\/Kit-de-reparacion-del-reductor-Gfi-SGI-incl.-clavija-central-png.webp",1000,1000,false],"woocommerce_gallery_thumbnail":["https:\/\/recambiosecogas.com\/wp-content\/uploads\/2024\/10\/Kit-de-reparacion-del-reductor-Gfi-SGI-incl.-clavija-central-png.webp",1000,1000,false],"dgwt-wcas-product-suggestion":["https:\/\/recambiosecogas.com\/wp-content\/uploads\/2024\/10\/Kit-de-reparacion-del-reductor-Gfi-SGI-incl.-clavija-central-png-64x64.webp",64,64,true]},"uagb_author_info":{"display_name":"Fran - Soporte T\u00e9cnico","author_link":"https:\/\/recambiosecogas.com\/it\/author\/"},"uagb_comment_info":0,"uagb_excerpt":"Kit di riparazione ingranaggi SGI Gfi inclusa la spina centrale","_links":{"self":[{"href":"https:\/\/recambiosecogas.com\/it\/wp-json\/wp\/v2\/product\/47161","targetHints":{"allow":["GET"]}}],"collection":[{"href":"https:\/\/recambiosecogas.com\/it\/wp-json\/wp\/v2\/product"}],"about":[{"href":"https:\/\/recambiosecogas.com\/it\/wp-json\/wp\/v2\/types\/product"}],"replies":[{"embeddable":true,"href":"https:\/\/recambiosecogas.com\/it\/wp-json\/wp\/v2\/comments?post=47161"}],"wp:featuredmedia":[{"embeddable":true,"href":"https:\/\/recambiosecogas.com\/it\/wp-json\/wp\/v2\/media\/6235"}],"wp:attachment":[{"href":"https:\/\/recambiosecogas.com\/it\/wp-json\/wp\/v2\/media?parent=47161"}],"wp:term":[{"taxonomy":"product_brand","embeddable":true,"href":"https:\/\/recambiosecogas.com\/it\/wp-json\/wp\/v2\/product_brand?post=47161"},{"taxonomy":"product_cat","embeddable":true,"href":"https:\/\/recambiosecogas.com\/it\/wp-json\/wp\/v2\/product_cat?post=47161"},{"taxonomy":"product_tag","embeddable":true,"href":"https:\/\/recambiosecogas.com\/it\/wp-json\/wp\/v2\/product_tag?post=47161"}],"curies":[{"name":"wp","href":"https:\/\/api.w.org\/{rel}","templated":true}]}}