{"id":47158,"date":"2024-10-19T13:52:00","date_gmt":"2024-10-19T13:52:00","guid":{"rendered":"https:\/\/recambiosecogas.com\/producto\/kit-de-reparacion-del-reductor-lovato-rg80\/"},"modified":"2026-04-08T11:01:01","modified_gmt":"2026-04-08T10:01:01","slug":"kit-de-reparacion-del-reductor-lovato-rg80","status":"publish","type":"product","link":"https:\/\/recambiosecogas.com\/it\/producto\/kit-de-reparacion-del-reductor-lovato-rg80\/","title":{"rendered":"Kit di riparazione riduttore Lovato RG80"},"content":{"rendered":"<h1 data-start=\"153\" data-end=\"190\">Kit di riparazione riduttore Lovato RG80<\/h1>\n<p data-start=\"192\" data-end=\"471\">Il <strong data-start=\"195\" data-end=\"234\">kit di riparazione del riduttore Lovato RG80<\/strong> \u00e8 progettato per la manutenzione del riduttore Lovato RG80. Questo insieme consente la sostituzione di componenti interni soggetti a usura, aiutando a recuperare la stabilit\u00e0 della pressione e il corretto funzionamento del sistema. <\/p>\n<p data-start=\"473\" data-end=\"593\">\u00c8 una soluzione adatta per la manutenzione preventiva o correttiva in installazioni dotate di cambio Lovato RG80.<\/p>\n<hr data-start=\"595\" data-end=\"598\">\n<h2 data-start=\"600\" data-end=\"641\">Manutenzione del riduttore Lovato RG80<\/h2>\n<div class=\"TyagGW_tableContainer\">\n<div class=\"group TyagGW_tableWrapper flex flex-col-reverse w-fit\" tabindex=\"-1\">\n<table class=\"w-fit min-w-(--thread-content-width)\" data-start=\"643\" data-end=\"895\">\n<thead data-start=\"643\" data-end=\"678\">\n<tr data-start=\"643\" data-end=\"678\">\n<th class=\"\" data-start=\"643\" data-end=\"660\" data-col-size=\"sm\">Caratteristiche<\/th>\n<th class=\"\" data-start=\"660\" data-end=\"678\" data-col-size=\"sm\">Specifiche<\/th>\n<\/tr>\n<\/thead>\n<tbody data-start=\"715\" data-end=\"895\">\n<tr data-start=\"715\" data-end=\"747\">\n<td data-start=\"715\" data-end=\"726\" data-col-size=\"sm\">Prodotto<\/td>\n<td data-start=\"726\" data-end=\"747\" data-col-size=\"sm\">Kit di riparazione<\/td>\n<\/tr>\n<tr data-start=\"748\" data-end=\"766\">\n<td data-start=\"748\" data-end=\"756\" data-col-size=\"sm\">Marchio<\/td>\n<td data-start=\"756\" data-end=\"766\" data-col-size=\"sm\">Lovato<\/td>\n<\/tr>\n<tr data-start=\"767\" data-end=\"795\">\n<td data-start=\"767\" data-end=\"787\" data-col-size=\"sm\">Modello compatibile<\/td>\n<td data-start=\"787\" data-end=\"795\" data-col-size=\"sm\">RG80<\/td>\n<\/tr>\n<tr data-start=\"796\" data-end=\"821\">\n<td data-start=\"796\" data-end=\"809\" data-col-size=\"sm\">Applicazione<\/td>\n<td data-start=\"809\" data-end=\"821\" data-col-size=\"sm\">Riduttore<\/td>\n<\/tr>\n<tr data-start=\"822\" data-end=\"853\">\n<td data-start=\"822\" data-end=\"828\" data-col-size=\"sm\">Applicazione<\/td>\n<td data-start=\"828\" data-end=\"853\" data-col-size=\"sm\">Manutenzione tecnica<\/td>\n<\/tr>\n<tr data-start=\"854\" data-end=\"895\">\n<td data-start=\"854\" data-end=\"868\" data-col-size=\"sm\">Installazione<\/td>\n<td data-start=\"868\" data-end=\"895\" data-col-size=\"sm\">Professionisti consigliati<\/td>\n<\/tr>\n<\/tbody>\n<\/table>\n<\/div>\n<\/div>\n<hr data-start=\"897\" data-end=\"900\">\n<h2 data-start=\"902\" data-end=\"950\">Compatibilit\u00e0 del kit di riparazione Lovato RG80<\/h2>\n<p data-start=\"952\" data-end=\"997\">Compatibile con riduttori Lovato RG80.<\/p>\n<p data-start=\"999\" data-end=\"1128\">Prima dell&#8217;installazione, verifica la versione esatta del cambio per assicurarti la compatibilit\u00e0 con il riferimento corrispondente.<\/p>\n<hr data-start=\"1130\" data-end=\"1133\">\n<h2 data-start=\"1135\" data-end=\"1182\">Vantaggi della manutenzione del cambio RG80<\/h2>\n<ul data-start=\"1184\" data-end=\"1390\">\n<li data-start=\"1184\" data-end=\"1230\">\n<p data-start=\"1186\" data-end=\"1230\">Sostituzione di membrane e guarnizioni interne<\/p>\n<\/li>\n<li data-start=\"1231\" data-end=\"1276\">\n<p data-start=\"1233\" data-end=\"1276\">Recupero della stabilit\u00e0 della pressione<\/p>\n<\/li>\n<li data-start=\"1277\" data-end=\"1322\">\n<p data-start=\"1279\" data-end=\"1322\">Progettato specificamente per il modello RG80<\/p>\n<\/li>\n<li data-start=\"1323\" data-end=\"1358\">\n<p data-start=\"1325\" data-end=\"1358\">Migliora la risposta del sistema<\/p>\n<\/li>\n<li data-start=\"1359\" data-end=\"1390\">\n<p data-start=\"1361\" data-end=\"1390\">Pezzo di ricambio tecnico specifico<\/p>\n<\/li>\n<\/ul>\n<hr data-start=\"1392\" data-end=\"1395\">\n<h2 data-start=\"1397\" data-end=\"1443\">Quando sostituire i componenti interni?<\/h2>\n<p data-start=\"1445\" data-end=\"1496\">Si consiglia di usare questo kit quando viene rilevati:<\/p>\n<ul data-start=\"1498\" data-end=\"1592\">\n<li data-start=\"1498\" data-end=\"1524\">\n<p data-start=\"1500\" data-end=\"1524\">Variazioni di pressione<\/p>\n<\/li>\n<li data-start=\"1525\" data-end=\"1546\">\n<p data-start=\"1527\" data-end=\"1546\">Minimo instabile<\/p>\n<\/li>\n<li data-start=\"1547\" data-end=\"1565\">\n<p data-start=\"1549\" data-end=\"1565\">Perdite interne<\/p>\n<\/li>\n<li data-start=\"1566\" data-end=\"1592\">\n<p data-start=\"1568\" data-end=\"1592\">Perdita di prestazioni<\/p>\n<\/li>\n<\/ul>\n<p data-start=\"1594\" data-end=\"1707\">La manutenzione regolare aiuta a prolungare la vita dell&#8217;unit\u00e0 di ingranaggi e a mantenere un funzionamento stabile.<\/p>\n<hr data-start=\"1709\" data-end=\"1712\">\n<h2 data-start=\"1714\" data-end=\"1720\">Domande frequenti<\/h2>\n<p data-start=\"1722\" data-end=\"1867\"><strong data-start=\"1722\" data-end=\"1781\">A cosa serve il kit riduttore Lovato RG80?<\/strong><br data-start=\"1781\" data-end=\"1784\">Permette di ricondizionare il cambio sostituendo gli elementi di usura interni.<\/p>\n<p data-start=\"1869\" data-end=\"1963\"><strong data-start=\"1869\" data-end=\"1910\">\u00c8 valido per altri modelli Lovato?<\/strong><br data-start=\"1910\" data-end=\"1913\">No, \u00e8 specificamente pensato per il modello RG80.<\/p>\n<p data-start=\"1965\" data-end=\"2058\"><strong data-start=\"1965\" data-end=\"2003\">Richiede un&#8217;installazione professionale?<\/strong><br data-start=\"2003\" data-end=\"2006\">S\u00ec, \u00e8 consigliato l&#8217;assemblaggio da parte di un tecnico specializzato.<\/p>\n","protected":false},"excerpt":{"rendered":"<p data-start=\"2439\" data-end=\"2483\">Kit di riparazione per riduttore Lovato RG80.<\/p>\n","protected":false},"featured_media":5041,"comment_status":"open","ping_status":"closed","template":"","meta":{"_uag_custom_page_level_css":""},"product_brand":[],"product_cat":[2135,2367,2144,2136],"product_tag":[],"class_list":{"0":"post-47158","1":"product","2":"type-product","3":"status-publish","4":"has-post-thumbnail","6":"product_cat-juegos-de-reparacion-glp","7":"product_cat-lovato","8":"product_cat-productos-por-marca","9":"product_cat-reguladores-de-presion","11":"first","12":"onbackorder","13":"taxable","14":"shipping-taxable","15":"purchasable","16":"product-type-simple"},"ct_brands":[],"yoast_head":"<!-- This site is optimized with the Yoast SEO Premium plugin v27.5 (Yoast SEO v27.5) - https:\/\/yoast.com\/product\/yoast-seo-premium-wordpress\/ -->\n<title>Kit di riparazione riduttore Lovato RG80 | Recambios EcoGas | Sistemas GLP y GNC<\/title>\n<meta name=\"description\" content=\"Kit riduttore Lovato RG80 per manutenzione e recupero della pressione.\" \/>\n<meta name=\"robots\" content=\"index, follow, max-snippet:-1, max-image-preview:large, max-video-preview:-1\" \/>\n<link rel=\"canonical\" href=\"https:\/\/recambiosecogas.com\/it\/producto\/kit-de-reparacion-del-reductor-lovato-rg80\/\" \/>\n<meta property=\"og:locale\" content=\"it_IT\" \/>\n<meta property=\"og:type\" content=\"article\" \/>\n<meta property=\"og:title\" content=\"Kit di riparazione riduttore Lovato RG80\" \/>\n<meta property=\"og:description\" content=\"Kit riduttore Lovato RG80 per manutenzione e recupero della pressione.\" \/>\n<meta property=\"og:url\" content=\"https:\/\/recambiosecogas.com\/it\/producto\/kit-de-reparacion-del-reductor-lovato-rg80\/\" \/>\n<meta property=\"og:site_name\" content=\"Recambios EcoGas\" \/>\n<meta property=\"article:publisher\" content=\"https:\/\/www.facebook.com\/profile.php?id=100062419705358\" \/>\n<meta property=\"article:modified_time\" content=\"2026-04-08T10:01:01+00:00\" \/>\n<meta property=\"og:image\" content=\"https:\/\/recambiosecogas.com\/wp-content\/uploads\/2024\/10\/Kit-de-reparacion-del-reductor-Lovato-RG80-png.webp\" \/>\n\t<meta property=\"og:image:width\" content=\"1000\" \/>\n\t<meta property=\"og:image:height\" content=\"1000\" \/>\n\t<meta property=\"og:image:type\" content=\"image\/png\" \/>\n<meta name=\"twitter:card\" content=\"summary_large_image\" \/>\n<meta name=\"twitter:label1\" content=\"Prezzo\" \/>\n\t<meta name=\"twitter:data1\" content=\"34,25&nbsp;&euro; (Sin IVA: 28,31&nbsp;&euro;)\" \/>\n\t<meta name=\"twitter:label2\" content=\"Disponibilit\u00e0\" \/>\n\t<meta name=\"twitter:data2\" content=\"Su ordinazione\" \/>\n<script type=\"application\/ld+json\" class=\"yoast-schema-graph\">{\"@context\":\"https:\\\/\\\/schema.org\",\"@graph\":[{\"@type\":\"WebPage\",\"@id\":\"https:\\\/\\\/recambiosecogas.com\\\/it\\\/producto\\\/kit-de-reparacion-del-reductor-lovato-rg80\\\/\",\"url\":\"https:\\\/\\\/recambiosecogas.com\\\/it\\\/producto\\\/kit-de-reparacion-del-reductor-lovato-rg80\\\/\",\"name\":\"Kit di riparazione riduttore Lovato RG80 | Recambios EcoGas | Sistemas GLP y GNC\",\"isPartOf\":{\"@id\":\"https:\\\/\\\/recambiosecogas.com\\\/it\\\/#website\"},\"primaryImageOfPage\":{\"@id\":\"https:\\\/\\\/recambiosecogas.com\\\/it\\\/producto\\\/kit-de-reparacion-del-reductor-lovato-rg80\\\/#primaryimage\"},\"image\":{\"@id\":\"https:\\\/\\\/recambiosecogas.com\\\/it\\\/producto\\\/kit-de-reparacion-del-reductor-lovato-rg80\\\/#primaryimage\"},\"thumbnailUrl\":\"https:\\\/\\\/recambiosecogas.com\\\/wp-content\\\/uploads\\\/2024\\\/10\\\/Kit-de-reparacion-del-reductor-Lovato-RG80-png.webp\",\"datePublished\":\"2024-10-19T13:52:00+00:00\",\"dateModified\":\"2026-04-08T10:01:01+00:00\",\"description\":\"Kit riduttore Lovato RG80 per manutenzione e recupero della pressione.\",\"breadcrumb\":{\"@id\":\"https:\\\/\\\/recambiosecogas.com\\\/it\\\/producto\\\/kit-de-reparacion-del-reductor-lovato-rg80\\\/#breadcrumb\"},\"inLanguage\":\"it-IT\",\"potentialAction\":[{\"@type\":\"ReadAction\",\"target\":[\"https:\\\/\\\/recambiosecogas.com\\\/it\\\/producto\\\/kit-de-reparacion-del-reductor-lovato-rg80\\\/\"]}]},{\"@type\":\"ImageObject\",\"inLanguage\":\"it-IT\",\"@id\":\"https:\\\/\\\/recambiosecogas.com\\\/it\\\/producto\\\/kit-de-reparacion-del-reductor-lovato-rg80\\\/#primaryimage\",\"url\":\"https:\\\/\\\/recambiosecogas.com\\\/wp-content\\\/uploads\\\/2024\\\/10\\\/Kit-de-reparacion-del-reductor-Lovato-RG80-png.webp\",\"contentUrl\":\"https:\\\/\\\/recambiosecogas.com\\\/wp-content\\\/uploads\\\/2024\\\/10\\\/Kit-de-reparacion-del-reductor-Lovato-RG80-png.webp\",\"width\":1000,\"height\":1000},{\"@type\":\"BreadcrumbList\",\"@id\":\"https:\\\/\\\/recambiosecogas.com\\\/it\\\/producto\\\/kit-de-reparacion-del-reductor-lovato-rg80\\\/#breadcrumb\",\"itemListElement\":[{\"@type\":\"ListItem\",\"position\":1,\"name\":\"Portada\",\"item\":\"https:\\\/\\\/recambiosecogas.com\\\/it\\\/\"},{\"@type\":\"ListItem\",\"position\":2,\"name\":\"Negozio\",\"item\":\"https:\\\/\\\/recambiosecogas.com\\\/it\\\/?page_id=46382\"},{\"@type\":\"ListItem\",\"position\":3,\"name\":\"Kit di riparazione riduttore Lovato RG80\"}]},{\"@type\":\"WebSite\",\"@id\":\"https:\\\/\\\/recambiosecogas.com\\\/it\\\/#website\",\"url\":\"https:\\\/\\\/recambiosecogas.com\\\/it\\\/\",\"name\":\"Recambios EcoGas\",\"description\":\"Recambios Multimarca para sistemas de GLP\\\/GNC\\\/GNL\\\/Hidr\u00f3geno\",\"publisher\":{\"@id\":\"https:\\\/\\\/recambiosecogas.com\\\/it\\\/#organization\"},\"alternateName\":\"Recambios Autogas GLP\",\"potentialAction\":[{\"@type\":\"SearchAction\",\"target\":{\"@type\":\"EntryPoint\",\"urlTemplate\":\"https:\\\/\\\/recambiosecogas.com\\\/it\\\/?s={search_term_string}\"},\"query-input\":{\"@type\":\"PropertyValueSpecification\",\"valueRequired\":true,\"valueName\":\"search_term_string\"}}],\"inLanguage\":\"it-IT\"},{\"@type\":[\"Organization\",\"Place\"],\"@id\":\"https:\\\/\\\/recambiosecogas.com\\\/it\\\/#organization\",\"name\":\"Recambios EcoGas\",\"alternateName\":\"Tienda Online GLP Espa\u00f1a\",\"url\":\"https:\\\/\\\/recambiosecogas.com\\\/it\\\/\",\"logo\":{\"@id\":\"https:\\\/\\\/recambiosecogas.com\\\/it\\\/producto\\\/kit-de-reparacion-del-reductor-lovato-rg80\\\/#local-main-organization-logo\"},\"image\":{\"@id\":\"https:\\\/\\\/recambiosecogas.com\\\/it\\\/producto\\\/kit-de-reparacion-del-reductor-lovato-rg80\\\/#local-main-organization-logo\"},\"sameAs\":[\"https:\\\/\\\/www.facebook.com\\\/profile.php?id=100062419705358\",\"https:\\\/\\\/www.instagram.com\\\/segimon_automocio\"],\"description\":\"Recambios EcoGas \u2013 Venta y distribuci\u00f3n de sistemas GLP y GNC en Espa\u00f1a y Portugal. Env\u00edos 24 h, soporte t\u00e9cnico a talleres y distribuidores.\",\"hasMerchantReturnPolicy\":{\"@type\":\"MerchantReturnPolicy\",\"merchantReturnLink\":\"https:\\\/\\\/recambiosecogas.com\\\/politicas-privacidad\\\/\"},\"address\":{\"@id\":\"https:\\\/\\\/recambiosecogas.com\\\/it\\\/producto\\\/kit-de-reparacion-del-reductor-lovato-rg80\\\/#local-main-place-address\"},\"telephone\":[\"616250633\"],\"contactPoint\":{\"@type\":\"ContactPoint\",\"email\":\"export@recambiosecogas.com\"},\"openingHoursSpecification\":[{\"@type\":\"OpeningHoursSpecification\",\"dayOfWeek\":[\"Monday\",\"Tuesday\",\"Wednesday\",\"Thursday\",\"Friday\",\"Saturday\",\"Sunday\"],\"opens\":\"09:00\",\"closes\":\"17:00\"}],\"email\":\"info@recambiosecogas.com\",\"faxNumber\":\"SEGIMON AUTOMOCION SL\",\"vatID\":\"ESB19819861\",\"globalLocationNumber\":\"938 616 339\"},{\"@type\":\"PostalAddress\",\"@id\":\"https:\\\/\\\/recambiosecogas.com\\\/it\\\/producto\\\/kit-de-reparacion-del-reductor-lovato-rg80\\\/#local-main-place-address\",\"streetAddress\":\"cami antic de vic, 29 (Nave 3), Pol\u00edgono Industrial Congost\",\"addressLocality\":\"CORRO D`AVALL\",\"postalCode\":\"08520\",\"addressRegion\":\"Barcelona\",\"addressCountry\":\"ES\"},{\"@type\":\"ImageObject\",\"inLanguage\":\"it-IT\",\"@id\":\"https:\\\/\\\/recambiosecogas.com\\\/it\\\/producto\\\/kit-de-reparacion-del-reductor-lovato-rg80\\\/#local-main-organization-logo\",\"url\":\"https:\\\/\\\/recambiosecogas.com\\\/wp-content\\\/uploads\\\/2024\\\/11\\\/cropped-RECAMBIOS-GLP-png.webp\",\"contentUrl\":\"https:\\\/\\\/recambiosecogas.com\\\/wp-content\\\/uploads\\\/2024\\\/11\\\/cropped-RECAMBIOS-GLP-png.webp\",\"width\":512,\"height\":512,\"caption\":\"Recambios EcoGas\"}]}<\/script>\n<meta property=\"product:price:amount\" content=\"34.25\" \/>\n<meta property=\"product:price:currency\" content=\"EUR\" \/>\n<meta property=\"og:availability\" content=\"backorder\" \/>\n<meta property=\"product:availability\" content=\"available for order\" \/>\n<meta property=\"product:retailer_item_id\" content=\"100922A\" \/>\n<meta property=\"product:condition\" content=\"new\" \/>\n<meta name=\"geo.placename\" content=\"CORRO D`AVALL\" \/>\n<meta name=\"geo.region\" content=\"Spagna\" \/>\n<!-- \/ Yoast SEO Premium plugin. -->","yoast_head_json":{"title":"Kit di riparazione riduttore Lovato RG80 | Recambios EcoGas | Sistemas GLP y GNC","description":"Kit riduttore Lovato RG80 per manutenzione e recupero della pressione.","robots":{"index":"index","follow":"follow","max-snippet":"max-snippet:-1","max-image-preview":"max-image-preview:large","max-video-preview":"max-video-preview:-1"},"canonical":"https:\/\/recambiosecogas.com\/it\/producto\/kit-de-reparacion-del-reductor-lovato-rg80\/","og_locale":"it_IT","og_type":"article","og_title":"Kit di riparazione riduttore Lovato RG80","og_description":"Kit riduttore Lovato RG80 per manutenzione e recupero della pressione.","og_url":"https:\/\/recambiosecogas.com\/it\/producto\/kit-de-reparacion-del-reductor-lovato-rg80\/","og_site_name":"Recambios EcoGas","article_publisher":"https:\/\/www.facebook.com\/profile.php?id=100062419705358","article_modified_time":"2026-04-08T10:01:01+00:00","og_image":[{"width":1000,"height":1000,"url":"https:\/\/recambiosecogas.com\/wp-content\/uploads\/2024\/10\/Kit-de-reparacion-del-reductor-Lovato-RG80-png.webp","type":"image\/png"}],"twitter_card":"summary_large_image","twitter_misc":{"Prezzo":"34,25&nbsp;&euro; (Sin IVA: 28,31&nbsp;&euro;)","Disponibilit\u00e0":"Su ordinazione"},"schema":{"@context":"https:\/\/schema.org","@graph":[{"@type":"WebPage","@id":"https:\/\/recambiosecogas.com\/it\/producto\/kit-de-reparacion-del-reductor-lovato-rg80\/","url":"https:\/\/recambiosecogas.com\/it\/producto\/kit-de-reparacion-del-reductor-lovato-rg80\/","name":"Kit di riparazione riduttore Lovato RG80 | Recambios EcoGas | Sistemas GLP y GNC","isPartOf":{"@id":"https:\/\/recambiosecogas.com\/it\/#website"},"primaryImageOfPage":{"@id":"https:\/\/recambiosecogas.com\/it\/producto\/kit-de-reparacion-del-reductor-lovato-rg80\/#primaryimage"},"image":{"@id":"https:\/\/recambiosecogas.com\/it\/producto\/kit-de-reparacion-del-reductor-lovato-rg80\/#primaryimage"},"thumbnailUrl":"https:\/\/recambiosecogas.com\/wp-content\/uploads\/2024\/10\/Kit-de-reparacion-del-reductor-Lovato-RG80-png.webp","datePublished":"2024-10-19T13:52:00+00:00","dateModified":"2026-04-08T10:01:01+00:00","description":"Kit riduttore Lovato RG80 per manutenzione e recupero della pressione.","breadcrumb":{"@id":"https:\/\/recambiosecogas.com\/it\/producto\/kit-de-reparacion-del-reductor-lovato-rg80\/#breadcrumb"},"inLanguage":"it-IT","potentialAction":[{"@type":"ReadAction","target":["https:\/\/recambiosecogas.com\/it\/producto\/kit-de-reparacion-del-reductor-lovato-rg80\/"]}]},{"@type":"ImageObject","inLanguage":"it-IT","@id":"https:\/\/recambiosecogas.com\/it\/producto\/kit-de-reparacion-del-reductor-lovato-rg80\/#primaryimage","url":"https:\/\/recambiosecogas.com\/wp-content\/uploads\/2024\/10\/Kit-de-reparacion-del-reductor-Lovato-RG80-png.webp","contentUrl":"https:\/\/recambiosecogas.com\/wp-content\/uploads\/2024\/10\/Kit-de-reparacion-del-reductor-Lovato-RG80-png.webp","width":1000,"height":1000},{"@type":"BreadcrumbList","@id":"https:\/\/recambiosecogas.com\/it\/producto\/kit-de-reparacion-del-reductor-lovato-rg80\/#breadcrumb","itemListElement":[{"@type":"ListItem","position":1,"name":"Portada","item":"https:\/\/recambiosecogas.com\/it\/"},{"@type":"ListItem","position":2,"name":"Negozio","item":"https:\/\/recambiosecogas.com\/it\/?page_id=46382"},{"@type":"ListItem","position":3,"name":"Kit di riparazione riduttore Lovato RG80"}]},{"@type":"WebSite","@id":"https:\/\/recambiosecogas.com\/it\/#website","url":"https:\/\/recambiosecogas.com\/it\/","name":"Recambios EcoGas","description":"Recambios Multimarca para sistemas de GLP\/GNC\/GNL\/Hidr\u00f3geno","publisher":{"@id":"https:\/\/recambiosecogas.com\/it\/#organization"},"alternateName":"Recambios Autogas GLP","potentialAction":[{"@type":"SearchAction","target":{"@type":"EntryPoint","urlTemplate":"https:\/\/recambiosecogas.com\/it\/?s={search_term_string}"},"query-input":{"@type":"PropertyValueSpecification","valueRequired":true,"valueName":"search_term_string"}}],"inLanguage":"it-IT"},{"@type":["Organization","Place"],"@id":"https:\/\/recambiosecogas.com\/it\/#organization","name":"Recambios EcoGas","alternateName":"Tienda Online GLP Espa\u00f1a","url":"https:\/\/recambiosecogas.com\/it\/","logo":{"@id":"https:\/\/recambiosecogas.com\/it\/producto\/kit-de-reparacion-del-reductor-lovato-rg80\/#local-main-organization-logo"},"image":{"@id":"https:\/\/recambiosecogas.com\/it\/producto\/kit-de-reparacion-del-reductor-lovato-rg80\/#local-main-organization-logo"},"sameAs":["https:\/\/www.facebook.com\/profile.php?id=100062419705358","https:\/\/www.instagram.com\/segimon_automocio"],"description":"Recambios EcoGas \u2013 Venta y distribuci\u00f3n de sistemas GLP y GNC en Espa\u00f1a y Portugal. Env\u00edos 24 h, soporte t\u00e9cnico a talleres y distribuidores.","hasMerchantReturnPolicy":{"@type":"MerchantReturnPolicy","merchantReturnLink":"https:\/\/recambiosecogas.com\/politicas-privacidad\/"},"address":{"@id":"https:\/\/recambiosecogas.com\/it\/producto\/kit-de-reparacion-del-reductor-lovato-rg80\/#local-main-place-address"},"telephone":["616250633"],"contactPoint":{"@type":"ContactPoint","email":"export@recambiosecogas.com"},"openingHoursSpecification":[{"@type":"OpeningHoursSpecification","dayOfWeek":["Monday","Tuesday","Wednesday","Thursday","Friday","Saturday","Sunday"],"opens":"09:00","closes":"17:00"}],"email":"info@recambiosecogas.com","faxNumber":"SEGIMON AUTOMOCION SL","vatID":"ESB19819861","globalLocationNumber":"938 616 339"},{"@type":"PostalAddress","@id":"https:\/\/recambiosecogas.com\/it\/producto\/kit-de-reparacion-del-reductor-lovato-rg80\/#local-main-place-address","streetAddress":"cami antic de vic, 29 (Nave 3), Pol\u00edgono Industrial Congost","addressLocality":"CORRO D`AVALL","postalCode":"08520","addressRegion":"Barcelona","addressCountry":"ES"},{"@type":"ImageObject","inLanguage":"it-IT","@id":"https:\/\/recambiosecogas.com\/it\/producto\/kit-de-reparacion-del-reductor-lovato-rg80\/#local-main-organization-logo","url":"https:\/\/recambiosecogas.com\/wp-content\/uploads\/2024\/11\/cropped-RECAMBIOS-GLP-png.webp","contentUrl":"https:\/\/recambiosecogas.com\/wp-content\/uploads\/2024\/11\/cropped-RECAMBIOS-GLP-png.webp","width":512,"height":512,"caption":"Recambios EcoGas"}]},"product_price_amount":"34.25","product_price_currency":"EUR","og_availability":"backorder","product_availability":"available for order","product_retailer_item_id":"100922A","product_condition":"new","geo.placename":"CORRO D`AVALL","geo.region":"Spagna"},"uagb_featured_image_src":{"full":["https:\/\/recambiosecogas.com\/wp-content\/uploads\/2024\/10\/Kit-de-reparacion-del-reductor-Lovato-RG80-png.webp",1000,1000,false],"thumbnail":["https:\/\/recambiosecogas.com\/wp-content\/uploads\/2024\/10\/Kit-de-reparacion-del-reductor-Lovato-RG80-png-150x150.webp",150,150,true],"medium":["https:\/\/recambiosecogas.com\/wp-content\/uploads\/2024\/10\/Kit-de-reparacion-del-reductor-Lovato-RG80-300x300.webp",300,300,true],"medium_large":["https:\/\/recambiosecogas.com\/wp-content\/uploads\/2024\/10\/Kit-de-reparacion-del-reductor-Lovato-RG80-png-768x768.webp",768,768,true],"large":["https:\/\/recambiosecogas.com\/wp-content\/uploads\/2024\/10\/Kit-de-reparacion-del-reductor-Lovato-RG80-png.webp",1000,1000,false],"1536x1536":["https:\/\/recambiosecogas.com\/wp-content\/uploads\/2024\/10\/Kit-de-reparacion-del-reductor-Lovato-RG80-png.webp",1000,1000,false],"2048x2048":["https:\/\/recambiosecogas.com\/wp-content\/uploads\/2024\/10\/Kit-de-reparacion-del-reductor-Lovato-RG80-png.webp",1000,1000,false],"woocommerce_archive_thumbnail":["https:\/\/recambiosecogas.com\/wp-content\/uploads\/2024\/10\/Kit-de-reparacion-del-reductor-Lovato-RG80-png.webp",1000,1000,false],"woocommerce_thumbnail":["https:\/\/recambiosecogas.com\/wp-content\/uploads\/2024\/10\/Kit-de-reparacion-del-reductor-Lovato-RG80-png-300x300.webp",300,300,true],"woocommerce_single":["https:\/\/recambiosecogas.com\/wp-content\/uploads\/2024\/10\/Kit-de-reparacion-del-reductor-Lovato-RG80-png.webp",1000,1000,false],"woocommerce_gallery_thumbnail":["https:\/\/recambiosecogas.com\/wp-content\/uploads\/2024\/10\/Kit-de-reparacion-del-reductor-Lovato-RG80-png.webp",1000,1000,false],"dgwt-wcas-product-suggestion":["https:\/\/recambiosecogas.com\/wp-content\/uploads\/2024\/10\/Kit-de-reparacion-del-reductor-Lovato-RG80-png-64x64.webp",64,64,true]},"uagb_author_info":{"display_name":"Fran - Soporte T\u00e9cnico","author_link":"https:\/\/recambiosecogas.com\/it\/author\/"},"uagb_comment_info":0,"uagb_excerpt":"Kit di riparazione per riduttore Lovato RG80.","_links":{"self":[{"href":"https:\/\/recambiosecogas.com\/it\/wp-json\/wp\/v2\/product\/47158","targetHints":{"allow":["GET"]}}],"collection":[{"href":"https:\/\/recambiosecogas.com\/it\/wp-json\/wp\/v2\/product"}],"about":[{"href":"https:\/\/recambiosecogas.com\/it\/wp-json\/wp\/v2\/types\/product"}],"replies":[{"embeddable":true,"href":"https:\/\/recambiosecogas.com\/it\/wp-json\/wp\/v2\/comments?post=47158"}],"wp:featuredmedia":[{"embeddable":true,"href":"https:\/\/recambiosecogas.com\/it\/wp-json\/wp\/v2\/media\/5041"}],"wp:attachment":[{"href":"https:\/\/recambiosecogas.com\/it\/wp-json\/wp\/v2\/media?parent=47158"}],"wp:term":[{"taxonomy":"product_brand","embeddable":true,"href":"https:\/\/recambiosecogas.com\/it\/wp-json\/wp\/v2\/product_brand?post=47158"},{"taxonomy":"product_cat","embeddable":true,"href":"https:\/\/recambiosecogas.com\/it\/wp-json\/wp\/v2\/product_cat?post=47158"},{"taxonomy":"product_tag","embeddable":true,"href":"https:\/\/recambiosecogas.com\/it\/wp-json\/wp\/v2\/product_tag?post=47158"}],"curies":[{"name":"wp","href":"https:\/\/api.w.org\/{rel}","templated":true}]}}