{"id":47146,"date":"2024-10-19T13:52:10","date_gmt":"2024-10-19T13:52:10","guid":{"rendered":"https:\/\/recambiosecogas.com\/producto\/kit-de-reparacion-del-reductor-tartarini-g-etagas\/"},"modified":"2026-04-08T11:00:46","modified_gmt":"2026-04-08T10:00:46","slug":"kit-de-reparacion-del-reductor-tartarini-g-etagas","status":"publish","type":"product","link":"https:\/\/recambiosecogas.com\/it\/producto\/kit-de-reparacion-del-reductor-tartarini-g-etagas\/","title":{"rendered":"Kit di riparazione cambio Tartarini G\/Etagas"},"content":{"rendered":"<h1 data-start=\"256\" data-end=\"304\">Kit riduttore LPG Tartarini G Etagas<\/h1>\n<p data-start=\"306\" data-end=\"614\">Il <strong data-start=\"309\" data-end=\"359\">kit di riparazione riduttore di GPL Tartarini G Etagas<\/strong> \u00e8 progettato per la manutenzione dei vaporizzatori Tartarini G serie ed Etagas nei sistemi Autogas. Permette la sostituzione di elementi interni soggetti a usura, il recupero della stabilit\u00e0 della pressione e il corretto funzionamento del sistema gassoso. <\/p>\n<p data-start=\"616\" data-end=\"750\">Questo kit di manutenzione \u00e8 una soluzione adatta sia per interventi preventivi che correttivi nei cambi a GPL Tartarini.<\/p>\n<hr data-start=\"752\" data-end=\"755\">\n<h2 data-start=\"757\" data-end=\"815\">Kit di manutenzione per cambio Tartarini G ed Etagas<\/h2>\n<div class=\"TyagGW_tableContainer\">\n<div class=\"group TyagGW_tableWrapper flex flex-col-reverse w-fit\" tabindex=\"-1\">\n<table class=\"w-fit min-w-(--thread-content-width)\" data-start=\"817\" data-end=\"1084\">\n<thead data-start=\"817\" data-end=\"852\">\n<tr data-start=\"817\" data-end=\"852\">\n<th class=\"\" data-start=\"817\" data-end=\"834\" data-col-size=\"sm\">Caratteristiche<\/th>\n<th class=\"\" data-start=\"834\" data-end=\"852\" data-col-size=\"sm\">Specifiche<\/th>\n<\/tr>\n<\/thead>\n<tbody data-start=\"887\" data-end=\"1084\">\n<tr data-start=\"887\" data-end=\"919\">\n<td data-start=\"887\" data-end=\"898\" data-col-size=\"sm\">Prodotto<\/td>\n<td data-start=\"898\" data-end=\"919\" data-col-size=\"sm\">Kit di riparazione<\/td>\n<\/tr>\n<tr data-start=\"920\" data-end=\"941\">\n<td data-start=\"920\" data-end=\"928\" data-col-size=\"sm\">Marchio<\/td>\n<td data-start=\"928\" data-end=\"941\" data-col-size=\"sm\">Tartarini<\/td>\n<\/tr>\n<tr data-start=\"942\" data-end=\"978\">\n<td data-start=\"942\" data-end=\"964\" data-col-size=\"sm\">Modelli supportati<\/td>\n<td data-start=\"964\" data-end=\"978\" data-col-size=\"sm\">G \/ Etagas<\/td>\n<\/tr>\n<tr data-start=\"979\" data-end=\"1022\">\n<td data-start=\"979\" data-end=\"992\" data-col-size=\"sm\">Applicazione<\/td>\n<td data-start=\"992\" data-end=\"1022\" data-col-size=\"sm\">Riduttore di GPL \/ Vaporizzatore<\/td>\n<\/tr>\n<tr data-start=\"1023\" data-end=\"1054\">\n<td data-start=\"1023\" data-end=\"1029\" data-col-size=\"sm\">Applicazione<\/td>\n<td data-start=\"1029\" data-end=\"1054\" data-col-size=\"sm\">Manutenzione tecnica<\/td>\n<\/tr>\n<tr data-start=\"1055\" data-end=\"1084\">\n<td data-start=\"1055\" data-end=\"1069\" data-col-size=\"sm\">Installazione<\/td>\n<td data-start=\"1069\" data-end=\"1084\" data-col-size=\"sm\">Professionistico<\/td>\n<\/tr>\n<\/tbody>\n<\/table>\n<\/div>\n<\/div>\n<hr data-start=\"1086\" data-end=\"1089\">\n<h2 data-start=\"1091\" data-end=\"1141\">Compatibilit\u00e0 del kit di riparazione LPG Tartarini<\/h2>\n<p data-start=\"1143\" data-end=\"1225\">Compatibile con i cambi Tartarini G ed Etagas installati nei sistemi a GPL Autogas.<\/p>\n<p data-start=\"1227\" data-end=\"1313\">Prima di sostituire il vaporizzatore, controlla esattamente il modello e le condizioni del sistema.<\/p>\n<hr data-start=\"1315\" data-end=\"1318\">\n<h2 data-start=\"1320\" data-end=\"1371\">Vantaggi della manutenzione del cambio G Etagas<\/h2>\n<ul data-start=\"1373\" data-end=\"1578\">\n<li data-start=\"1373\" data-end=\"1411\">\n<p data-start=\"1375\" data-end=\"1411\">Riacquisto stabilit\u00e0 alla pressione<\/p>\n<\/li>\n<li data-start=\"1412\" data-end=\"1459\">\n<p data-start=\"1414\" data-end=\"1459\">Sostituisce membrane ed elementi di usura<\/p>\n<\/li>\n<li data-start=\"1460\" data-end=\"1506\">\n<p data-start=\"1462\" data-end=\"1506\">Compatibile con la serie G e i cambi Etaga<\/p>\n<\/li>\n<li data-start=\"1507\" data-end=\"1546\">\n<p data-start=\"1509\" data-end=\"1546\">Migliora la risposta del sistema a GPL<\/p>\n<\/li>\n<li data-start=\"1547\" data-end=\"1578\">\n<p data-start=\"1549\" data-end=\"1578\">Pezzo di ricambio tecnico specifico<\/p>\n<\/li>\n<\/ul>\n<hr data-start=\"1580\" data-end=\"1583\">\n<h2 data-start=\"1585\" data-end=\"1637\">Quando cambiare il kit vaporizzatore Tartarini?<\/h2>\n<p data-start=\"1639\" data-end=\"1686\">Si consiglia di installare il kit quando compaiono i seguenti dati:<\/p>\n<ul data-start=\"1688\" data-end=\"1797\">\n<li data-start=\"1688\" data-end=\"1714\">\n<p data-start=\"1690\" data-end=\"1714\">Variazioni di pressione<\/p>\n<\/li>\n<li data-start=\"1715\" data-end=\"1736\">\n<p data-start=\"1717\" data-end=\"1736\">Minimo instabile<\/p>\n<\/li>\n<li data-start=\"1737\" data-end=\"1763\">\n<p data-start=\"1739\" data-end=\"1763\">Perdita di prestazioni<\/p>\n<\/li>\n<li data-start=\"1764\" data-end=\"1797\">\n<p data-start=\"1766\" data-end=\"1797\">Usura interna del cambio<\/p>\n<\/li>\n<\/ul>\n<p data-start=\"1799\" data-end=\"1877\">La manutenzione regolare del cambio a GPL prolunga la vita utile del sistema.<\/p>\n<hr data-start=\"1879\" data-end=\"1882\">\n<h2 data-start=\"1884\" data-end=\"1890\">Domande frequenti<\/h2>\n<p data-start=\"1892\" data-end=\"2041\"><strong data-start=\"1892\" data-end=\"1962\">A cosa serve il kit riduttore di riduttore di GPL Tartarini G Etagas?<\/strong><br data-start=\"1962\" data-end=\"1965\">Ti permette di ricondizionare il vaporizzatore sostituendo i suoi componenti interni.<\/p>\n<p data-start=\"2043\" data-end=\"2131\"><strong data-start=\"2043\" data-end=\"2087\">\u00c8 valido per altri modelli Tartarini?<\/strong><br data-start=\"2087\" data-end=\"2090\">No, \u00e8 destinato alla serie G e agli Etagas.<\/p>\n<p data-start=\"2133\" data-end=\"2237\"><strong data-start=\"2133\" data-end=\"2171\">Richiede un&#8217;installazione professionale?<\/strong><br data-start=\"2171\" data-end=\"2174\">S\u00ec, si consiglia l&#8217;assemblaggio da parte di un tecnico specializzato in Autogas.<\/p>\n","protected":false},"excerpt":{"rendered":"<p data-start=\"2668\" data-end=\"2750\">Kit di manutenzione per cambi Tartarini G ed Etagas nei sistemi a GPL Autogas.<\/p>\n","protected":false},"featured_media":4954,"comment_status":"open","ping_status":"closed","template":"","meta":{"_uag_custom_page_level_css":""},"product_brand":[],"product_cat":[2135,2372,2136,2371],"product_tag":[],"class_list":{"0":"post-47146","1":"product","2":"type-product","3":"status-publish","4":"has-post-thumbnail","6":"product_cat-juegos-de-reparacion-glp","7":"product_cat-prodotti-a-gng","8":"product_cat-reguladores-de-presion","9":"product_cat-tartarini","11":"first","12":"onbackorder","13":"taxable","14":"shipping-taxable","15":"purchasable","16":"product-type-simple"},"ct_brands":[],"yoast_head":"<!-- This site is optimized with the Yoast SEO Premium plugin v27.5 (Yoast SEO v27.6) - https:\/\/yoast.com\/product\/yoast-seo-premium-wordpress\/ -->\n<title>Kit di riparazione cambio Tartarini G\/Etagas | Recambios EcoGas | Sistemas GLP y GNC<\/title>\n<meta name=\"description\" content=\"Kit di riparazione riduttori di GPL Tartarini G\/Etagas per la manutenzione dei vaporizzatori nei sistemi Autogas.\" \/>\n<meta name=\"robots\" content=\"index, follow, max-snippet:-1, max-image-preview:large, max-video-preview:-1\" \/>\n<link rel=\"canonical\" href=\"https:\/\/recambiosecogas.com\/it\/producto\/kit-de-reparacion-del-reductor-tartarini-g-etagas\/\" \/>\n<meta property=\"og:locale\" content=\"it_IT\" \/>\n<meta property=\"og:type\" content=\"article\" \/>\n<meta property=\"og:title\" content=\"Kit di riparazione cambio Tartarini G\/Etagas\" \/>\n<meta property=\"og:description\" content=\"Kit di riparazione riduttori di GPL Tartarini G\/Etagas per la manutenzione dei vaporizzatori nei sistemi Autogas.\" \/>\n<meta property=\"og:url\" content=\"https:\/\/recambiosecogas.com\/it\/producto\/kit-de-reparacion-del-reductor-tartarini-g-etagas\/\" \/>\n<meta property=\"og:site_name\" content=\"Recambios EcoGas\" \/>\n<meta property=\"article:publisher\" content=\"https:\/\/www.facebook.com\/profile.php?id=100062419705358\" \/>\n<meta property=\"article:modified_time\" content=\"2026-04-08T10:00:46+00:00\" \/>\n<meta property=\"og:image\" content=\"https:\/\/recambiosecogas.com\/wp-content\/uploads\/2024\/10\/Kit-de-reparacion-del-reductor-Tartarini-G-Etagas-png.webp\" \/>\n\t<meta property=\"og:image:width\" content=\"1000\" \/>\n\t<meta property=\"og:image:height\" content=\"1000\" \/>\n\t<meta property=\"og:image:type\" content=\"image\/png\" \/>\n<meta name=\"twitter:card\" content=\"summary_large_image\" \/>\n<meta name=\"twitter:label1\" content=\"Prezzo\" \/>\n\t<meta name=\"twitter:data1\" content=\"24,54&nbsp;&euro; (Sin IVA: 20,28&nbsp;&euro;)\" \/>\n\t<meta name=\"twitter:label2\" content=\"Disponibilit\u00e0\" \/>\n\t<meta name=\"twitter:data2\" content=\"Su ordinazione\" \/>\n<script type=\"application\/ld+json\" class=\"yoast-schema-graph\">{\"@context\":\"https:\\\/\\\/schema.org\",\"@graph\":[{\"@type\":\"WebPage\",\"@id\":\"https:\\\/\\\/recambiosecogas.com\\\/it\\\/producto\\\/kit-de-reparacion-del-reductor-tartarini-g-etagas\\\/\",\"url\":\"https:\\\/\\\/recambiosecogas.com\\\/it\\\/producto\\\/kit-de-reparacion-del-reductor-tartarini-g-etagas\\\/\",\"name\":\"Kit di riparazione cambio Tartarini G\\\/Etagas | Recambios EcoGas | Sistemas GLP y GNC\",\"isPartOf\":{\"@id\":\"https:\\\/\\\/recambiosecogas.com\\\/it\\\/#website\"},\"primaryImageOfPage\":{\"@id\":\"https:\\\/\\\/recambiosecogas.com\\\/it\\\/producto\\\/kit-de-reparacion-del-reductor-tartarini-g-etagas\\\/#primaryimage\"},\"image\":{\"@id\":\"https:\\\/\\\/recambiosecogas.com\\\/it\\\/producto\\\/kit-de-reparacion-del-reductor-tartarini-g-etagas\\\/#primaryimage\"},\"thumbnailUrl\":\"https:\\\/\\\/recambiosecogas.com\\\/wp-content\\\/uploads\\\/2024\\\/10\\\/Kit-de-reparacion-del-reductor-Tartarini-G-Etagas-png.webp\",\"datePublished\":\"2024-10-19T13:52:10+00:00\",\"dateModified\":\"2026-04-08T10:00:46+00:00\",\"description\":\"Kit di riparazione riduttori di GPL Tartarini G\\\/Etagas per la manutenzione dei vaporizzatori nei sistemi Autogas.\",\"breadcrumb\":{\"@id\":\"https:\\\/\\\/recambiosecogas.com\\\/it\\\/producto\\\/kit-de-reparacion-del-reductor-tartarini-g-etagas\\\/#breadcrumb\"},\"inLanguage\":\"it-IT\",\"potentialAction\":[{\"@type\":\"ReadAction\",\"target\":[\"https:\\\/\\\/recambiosecogas.com\\\/it\\\/producto\\\/kit-de-reparacion-del-reductor-tartarini-g-etagas\\\/\"]}]},{\"@type\":\"ImageObject\",\"inLanguage\":\"it-IT\",\"@id\":\"https:\\\/\\\/recambiosecogas.com\\\/it\\\/producto\\\/kit-de-reparacion-del-reductor-tartarini-g-etagas\\\/#primaryimage\",\"url\":\"https:\\\/\\\/recambiosecogas.com\\\/wp-content\\\/uploads\\\/2024\\\/10\\\/Kit-de-reparacion-del-reductor-Tartarini-G-Etagas-png.webp\",\"contentUrl\":\"https:\\\/\\\/recambiosecogas.com\\\/wp-content\\\/uploads\\\/2024\\\/10\\\/Kit-de-reparacion-del-reductor-Tartarini-G-Etagas-png.webp\",\"width\":1000,\"height\":1000},{\"@type\":\"BreadcrumbList\",\"@id\":\"https:\\\/\\\/recambiosecogas.com\\\/it\\\/producto\\\/kit-de-reparacion-del-reductor-tartarini-g-etagas\\\/#breadcrumb\",\"itemListElement\":[{\"@type\":\"ListItem\",\"position\":1,\"name\":\"Portada\",\"item\":\"https:\\\/\\\/recambiosecogas.com\\\/it\\\/\"},{\"@type\":\"ListItem\",\"position\":2,\"name\":\"Negozio\",\"item\":\"https:\\\/\\\/recambiosecogas.com\\\/it\\\/?page_id=46382\"},{\"@type\":\"ListItem\",\"position\":3,\"name\":\"Kit di riparazione cambio Tartarini G\\\/Etagas\"}]},{\"@type\":\"WebSite\",\"@id\":\"https:\\\/\\\/recambiosecogas.com\\\/it\\\/#website\",\"url\":\"https:\\\/\\\/recambiosecogas.com\\\/it\\\/\",\"name\":\"Recambios EcoGas\",\"description\":\"Recambios Multimarca para sistemas de GLP\\\/GNC\\\/GNL\\\/Hidr\u00f3geno\",\"publisher\":{\"@id\":\"https:\\\/\\\/recambiosecogas.com\\\/it\\\/#organization\"},\"alternateName\":\"Recambios Autogas GLP\",\"potentialAction\":[{\"@type\":\"SearchAction\",\"target\":{\"@type\":\"EntryPoint\",\"urlTemplate\":\"https:\\\/\\\/recambiosecogas.com\\\/it\\\/?s={search_term_string}\"},\"query-input\":{\"@type\":\"PropertyValueSpecification\",\"valueRequired\":true,\"valueName\":\"search_term_string\"}}],\"inLanguage\":\"it-IT\"},{\"@type\":[\"Organization\",\"Place\"],\"@id\":\"https:\\\/\\\/recambiosecogas.com\\\/it\\\/#organization\",\"name\":\"Recambios EcoGas\",\"alternateName\":\"Tienda Online GLP Espa\u00f1a\",\"url\":\"https:\\\/\\\/recambiosecogas.com\\\/it\\\/\",\"logo\":{\"@id\":\"https:\\\/\\\/recambiosecogas.com\\\/it\\\/producto\\\/kit-de-reparacion-del-reductor-tartarini-g-etagas\\\/#local-main-organization-logo\"},\"image\":{\"@id\":\"https:\\\/\\\/recambiosecogas.com\\\/it\\\/producto\\\/kit-de-reparacion-del-reductor-tartarini-g-etagas\\\/#local-main-organization-logo\"},\"sameAs\":[\"https:\\\/\\\/www.facebook.com\\\/profile.php?id=100062419705358\",\"https:\\\/\\\/www.instagram.com\\\/segimon_automocio\"],\"description\":\"Recambios EcoGas \u2013 Venta y distribuci\u00f3n de sistemas GLP y GNC en Espa\u00f1a y Portugal. Env\u00edos 24 h, soporte t\u00e9cnico a talleres y distribuidores.\",\"hasMerchantReturnPolicy\":{\"@type\":\"MerchantReturnPolicy\",\"merchantReturnLink\":\"https:\\\/\\\/recambiosecogas.com\\\/politicas-privacidad\\\/\"},\"address\":{\"@id\":\"https:\\\/\\\/recambiosecogas.com\\\/it\\\/producto\\\/kit-de-reparacion-del-reductor-tartarini-g-etagas\\\/#local-main-place-address\"},\"telephone\":[\"616250633\"],\"contactPoint\":{\"@type\":\"ContactPoint\",\"email\":\"export@recambiosecogas.com\"},\"openingHoursSpecification\":[{\"@type\":\"OpeningHoursSpecification\",\"dayOfWeek\":[\"Monday\",\"Tuesday\",\"Wednesday\",\"Thursday\",\"Friday\",\"Saturday\",\"Sunday\"],\"opens\":\"09:00\",\"closes\":\"17:00\"}],\"email\":\"info@recambiosecogas.com\",\"faxNumber\":\"SEGIMON AUTOMOCION SL\",\"vatID\":\"ESB19819861\",\"globalLocationNumber\":\"938 616 339\"},{\"@type\":\"PostalAddress\",\"@id\":\"https:\\\/\\\/recambiosecogas.com\\\/it\\\/producto\\\/kit-de-reparacion-del-reductor-tartarini-g-etagas\\\/#local-main-place-address\",\"streetAddress\":\"cami antic de vic, 29 (Nave 3), Pol\u00edgono Industrial Congost\",\"addressLocality\":\"CORRO D`AVALL\",\"postalCode\":\"08520\",\"addressRegion\":\"Barcelona\",\"addressCountry\":\"ES\"},{\"@type\":\"ImageObject\",\"inLanguage\":\"it-IT\",\"@id\":\"https:\\\/\\\/recambiosecogas.com\\\/it\\\/producto\\\/kit-de-reparacion-del-reductor-tartarini-g-etagas\\\/#local-main-organization-logo\",\"url\":\"https:\\\/\\\/recambiosecogas.com\\\/wp-content\\\/uploads\\\/2024\\\/11\\\/cropped-RECAMBIOS-GLP-png.webp\",\"contentUrl\":\"https:\\\/\\\/recambiosecogas.com\\\/wp-content\\\/uploads\\\/2024\\\/11\\\/cropped-RECAMBIOS-GLP-png.webp\",\"width\":512,\"height\":512,\"caption\":\"Recambios EcoGas\"}]}<\/script>\n<meta property=\"product:price:amount\" content=\"24.54\" \/>\n<meta property=\"product:price:currency\" content=\"EUR\" \/>\n<meta property=\"og:availability\" content=\"backorder\" \/>\n<meta property=\"product:availability\" content=\"available for order\" \/>\n<meta property=\"product:retailer_item_id\" content=\"101205A\" \/>\n<meta property=\"product:condition\" content=\"new\" \/>\n<meta name=\"geo.placename\" content=\"CORRO D`AVALL\" \/>\n<meta name=\"geo.region\" content=\"Spagna\" \/>\n<!-- \/ Yoast SEO Premium plugin. -->","yoast_head_json":{"title":"Kit di riparazione cambio Tartarini G\/Etagas | Recambios EcoGas | Sistemas GLP y GNC","description":"Kit di riparazione riduttori di GPL Tartarini G\/Etagas per la manutenzione dei vaporizzatori nei sistemi Autogas.","robots":{"index":"index","follow":"follow","max-snippet":"max-snippet:-1","max-image-preview":"max-image-preview:large","max-video-preview":"max-video-preview:-1"},"canonical":"https:\/\/recambiosecogas.com\/it\/producto\/kit-de-reparacion-del-reductor-tartarini-g-etagas\/","og_locale":"it_IT","og_type":"article","og_title":"Kit di riparazione cambio Tartarini G\/Etagas","og_description":"Kit di riparazione riduttori di GPL Tartarini G\/Etagas per la manutenzione dei vaporizzatori nei sistemi Autogas.","og_url":"https:\/\/recambiosecogas.com\/it\/producto\/kit-de-reparacion-del-reductor-tartarini-g-etagas\/","og_site_name":"Recambios EcoGas","article_publisher":"https:\/\/www.facebook.com\/profile.php?id=100062419705358","article_modified_time":"2026-04-08T10:00:46+00:00","og_image":[{"width":1000,"height":1000,"url":"https:\/\/recambiosecogas.com\/wp-content\/uploads\/2024\/10\/Kit-de-reparacion-del-reductor-Tartarini-G-Etagas-png.webp","type":"image\/png"}],"twitter_card":"summary_large_image","twitter_misc":{"Prezzo":"24,54&nbsp;&euro; (Sin IVA: 20,28&nbsp;&euro;)","Disponibilit\u00e0":"Su ordinazione"},"schema":{"@context":"https:\/\/schema.org","@graph":[{"@type":"WebPage","@id":"https:\/\/recambiosecogas.com\/it\/producto\/kit-de-reparacion-del-reductor-tartarini-g-etagas\/","url":"https:\/\/recambiosecogas.com\/it\/producto\/kit-de-reparacion-del-reductor-tartarini-g-etagas\/","name":"Kit di riparazione cambio Tartarini G\/Etagas | Recambios EcoGas | Sistemas GLP y GNC","isPartOf":{"@id":"https:\/\/recambiosecogas.com\/it\/#website"},"primaryImageOfPage":{"@id":"https:\/\/recambiosecogas.com\/it\/producto\/kit-de-reparacion-del-reductor-tartarini-g-etagas\/#primaryimage"},"image":{"@id":"https:\/\/recambiosecogas.com\/it\/producto\/kit-de-reparacion-del-reductor-tartarini-g-etagas\/#primaryimage"},"thumbnailUrl":"https:\/\/recambiosecogas.com\/wp-content\/uploads\/2024\/10\/Kit-de-reparacion-del-reductor-Tartarini-G-Etagas-png.webp","datePublished":"2024-10-19T13:52:10+00:00","dateModified":"2026-04-08T10:00:46+00:00","description":"Kit di riparazione riduttori di GPL Tartarini G\/Etagas per la manutenzione dei vaporizzatori nei sistemi Autogas.","breadcrumb":{"@id":"https:\/\/recambiosecogas.com\/it\/producto\/kit-de-reparacion-del-reductor-tartarini-g-etagas\/#breadcrumb"},"inLanguage":"it-IT","potentialAction":[{"@type":"ReadAction","target":["https:\/\/recambiosecogas.com\/it\/producto\/kit-de-reparacion-del-reductor-tartarini-g-etagas\/"]}]},{"@type":"ImageObject","inLanguage":"it-IT","@id":"https:\/\/recambiosecogas.com\/it\/producto\/kit-de-reparacion-del-reductor-tartarini-g-etagas\/#primaryimage","url":"https:\/\/recambiosecogas.com\/wp-content\/uploads\/2024\/10\/Kit-de-reparacion-del-reductor-Tartarini-G-Etagas-png.webp","contentUrl":"https:\/\/recambiosecogas.com\/wp-content\/uploads\/2024\/10\/Kit-de-reparacion-del-reductor-Tartarini-G-Etagas-png.webp","width":1000,"height":1000},{"@type":"BreadcrumbList","@id":"https:\/\/recambiosecogas.com\/it\/producto\/kit-de-reparacion-del-reductor-tartarini-g-etagas\/#breadcrumb","itemListElement":[{"@type":"ListItem","position":1,"name":"Portada","item":"https:\/\/recambiosecogas.com\/it\/"},{"@type":"ListItem","position":2,"name":"Negozio","item":"https:\/\/recambiosecogas.com\/it\/?page_id=46382"},{"@type":"ListItem","position":3,"name":"Kit di riparazione cambio Tartarini G\/Etagas"}]},{"@type":"WebSite","@id":"https:\/\/recambiosecogas.com\/it\/#website","url":"https:\/\/recambiosecogas.com\/it\/","name":"Recambios EcoGas","description":"Recambios Multimarca para sistemas de GLP\/GNC\/GNL\/Hidr\u00f3geno","publisher":{"@id":"https:\/\/recambiosecogas.com\/it\/#organization"},"alternateName":"Recambios Autogas GLP","potentialAction":[{"@type":"SearchAction","target":{"@type":"EntryPoint","urlTemplate":"https:\/\/recambiosecogas.com\/it\/?s={search_term_string}"},"query-input":{"@type":"PropertyValueSpecification","valueRequired":true,"valueName":"search_term_string"}}],"inLanguage":"it-IT"},{"@type":["Organization","Place"],"@id":"https:\/\/recambiosecogas.com\/it\/#organization","name":"Recambios EcoGas","alternateName":"Tienda Online GLP Espa\u00f1a","url":"https:\/\/recambiosecogas.com\/it\/","logo":{"@id":"https:\/\/recambiosecogas.com\/it\/producto\/kit-de-reparacion-del-reductor-tartarini-g-etagas\/#local-main-organization-logo"},"image":{"@id":"https:\/\/recambiosecogas.com\/it\/producto\/kit-de-reparacion-del-reductor-tartarini-g-etagas\/#local-main-organization-logo"},"sameAs":["https:\/\/www.facebook.com\/profile.php?id=100062419705358","https:\/\/www.instagram.com\/segimon_automocio"],"description":"Recambios EcoGas \u2013 Venta y distribuci\u00f3n de sistemas GLP y GNC en Espa\u00f1a y Portugal. Env\u00edos 24 h, soporte t\u00e9cnico a talleres y distribuidores.","hasMerchantReturnPolicy":{"@type":"MerchantReturnPolicy","merchantReturnLink":"https:\/\/recambiosecogas.com\/politicas-privacidad\/"},"address":{"@id":"https:\/\/recambiosecogas.com\/it\/producto\/kit-de-reparacion-del-reductor-tartarini-g-etagas\/#local-main-place-address"},"telephone":["616250633"],"contactPoint":{"@type":"ContactPoint","email":"export@recambiosecogas.com"},"openingHoursSpecification":[{"@type":"OpeningHoursSpecification","dayOfWeek":["Monday","Tuesday","Wednesday","Thursday","Friday","Saturday","Sunday"],"opens":"09:00","closes":"17:00"}],"email":"info@recambiosecogas.com","faxNumber":"SEGIMON AUTOMOCION SL","vatID":"ESB19819861","globalLocationNumber":"938 616 339"},{"@type":"PostalAddress","@id":"https:\/\/recambiosecogas.com\/it\/producto\/kit-de-reparacion-del-reductor-tartarini-g-etagas\/#local-main-place-address","streetAddress":"cami antic de vic, 29 (Nave 3), Pol\u00edgono Industrial Congost","addressLocality":"CORRO D`AVALL","postalCode":"08520","addressRegion":"Barcelona","addressCountry":"ES"},{"@type":"ImageObject","inLanguage":"it-IT","@id":"https:\/\/recambiosecogas.com\/it\/producto\/kit-de-reparacion-del-reductor-tartarini-g-etagas\/#local-main-organization-logo","url":"https:\/\/recambiosecogas.com\/wp-content\/uploads\/2024\/11\/cropped-RECAMBIOS-GLP-png.webp","contentUrl":"https:\/\/recambiosecogas.com\/wp-content\/uploads\/2024\/11\/cropped-RECAMBIOS-GLP-png.webp","width":512,"height":512,"caption":"Recambios EcoGas"}]},"product_price_amount":"24.54","product_price_currency":"EUR","og_availability":"backorder","product_availability":"available for order","product_retailer_item_id":"101205A","product_condition":"new","geo.placename":"CORRO D`AVALL","geo.region":"Spagna"},"uagb_featured_image_src":{"full":["https:\/\/recambiosecogas.com\/wp-content\/uploads\/2024\/10\/Kit-de-reparacion-del-reductor-Tartarini-G-Etagas-png.webp",1000,1000,false],"thumbnail":["https:\/\/recambiosecogas.com\/wp-content\/uploads\/2024\/10\/Kit-de-reparacion-del-reductor-Tartarini-G-Etagas-png-150x150.webp",150,150,true],"medium":["https:\/\/recambiosecogas.com\/wp-content\/uploads\/2024\/10\/Kit-de-reparacion-del-reductor-Tartarini-G-Etagas-300x300.webp",300,300,true],"medium_large":["https:\/\/recambiosecogas.com\/wp-content\/uploads\/2024\/10\/Kit-de-reparacion-del-reductor-Tartarini-G-Etagas-png-768x768.webp",768,768,true],"large":["https:\/\/recambiosecogas.com\/wp-content\/uploads\/2024\/10\/Kit-de-reparacion-del-reductor-Tartarini-G-Etagas-png.webp",1000,1000,false],"1536x1536":["https:\/\/recambiosecogas.com\/wp-content\/uploads\/2024\/10\/Kit-de-reparacion-del-reductor-Tartarini-G-Etagas-png.webp",1000,1000,false],"2048x2048":["https:\/\/recambiosecogas.com\/wp-content\/uploads\/2024\/10\/Kit-de-reparacion-del-reductor-Tartarini-G-Etagas-png.webp",1000,1000,false],"woocommerce_archive_thumbnail":["https:\/\/recambiosecogas.com\/wp-content\/uploads\/2024\/10\/Kit-de-reparacion-del-reductor-Tartarini-G-Etagas-png.webp",1000,1000,false],"woocommerce_thumbnail":["https:\/\/recambiosecogas.com\/wp-content\/uploads\/2024\/10\/Kit-de-reparacion-del-reductor-Tartarini-G-Etagas-png-300x300.webp",300,300,true],"woocommerce_single":["https:\/\/recambiosecogas.com\/wp-content\/uploads\/2024\/10\/Kit-de-reparacion-del-reductor-Tartarini-G-Etagas-png.webp",1000,1000,false],"woocommerce_gallery_thumbnail":["https:\/\/recambiosecogas.com\/wp-content\/uploads\/2024\/10\/Kit-de-reparacion-del-reductor-Tartarini-G-Etagas-png.webp",1000,1000,false],"dgwt-wcas-product-suggestion":["https:\/\/recambiosecogas.com\/wp-content\/uploads\/2024\/10\/Kit-de-reparacion-del-reductor-Tartarini-G-Etagas-png-64x64.webp",64,64,true]},"uagb_author_info":{"display_name":"Fran - Soporte T\u00e9cnico","author_link":"https:\/\/recambiosecogas.com\/it\/author\/"},"uagb_comment_info":0,"uagb_excerpt":"Kit di manutenzione per cambi Tartarini G ed Etagas nei sistemi a GPL Autogas.","_links":{"self":[{"href":"https:\/\/recambiosecogas.com\/it\/wp-json\/wp\/v2\/product\/47146","targetHints":{"allow":["GET"]}}],"collection":[{"href":"https:\/\/recambiosecogas.com\/it\/wp-json\/wp\/v2\/product"}],"about":[{"href":"https:\/\/recambiosecogas.com\/it\/wp-json\/wp\/v2\/types\/product"}],"replies":[{"embeddable":true,"href":"https:\/\/recambiosecogas.com\/it\/wp-json\/wp\/v2\/comments?post=47146"}],"wp:featuredmedia":[{"embeddable":true,"href":"https:\/\/recambiosecogas.com\/it\/wp-json\/wp\/v2\/media\/4954"}],"wp:attachment":[{"href":"https:\/\/recambiosecogas.com\/it\/wp-json\/wp\/v2\/media?parent=47146"}],"wp:term":[{"taxonomy":"product_brand","embeddable":true,"href":"https:\/\/recambiosecogas.com\/it\/wp-json\/wp\/v2\/product_brand?post=47146"},{"taxonomy":"product_cat","embeddable":true,"href":"https:\/\/recambiosecogas.com\/it\/wp-json\/wp\/v2\/product_cat?post=47146"},{"taxonomy":"product_tag","embeddable":true,"href":"https:\/\/recambiosecogas.com\/it\/wp-json\/wp\/v2\/product_tag?post=47146"}],"curies":[{"name":"wp","href":"https:\/\/api.w.org\/{rel}","templated":true}]}}