{"id":47134,"date":"2024-10-19T13:52:11","date_gmt":"2024-10-19T13:52:11","guid":{"rendered":"https:\/\/recambiosecogas.com\/producto\/tomasetto-kit-de-reparacion-de-reductores-at13-antartic-standard-super\/"},"modified":"2026-04-08T11:00:31","modified_gmt":"2026-04-08T10:00:31","slug":"tomasetto-kit-de-reparacion-de-reductores-at13-antartic-standard-super","status":"publish","type":"product","link":"https:\/\/recambiosecogas.com\/it\/producto\/tomasetto-kit-de-reparacion-de-reductores-at13-antartic-standard-super\/","title":{"rendered":"Kit di riparazione standard antartico Tomasetto AT13 + Super riduttore"},"content":{"rendered":"<h1 data-start=\"186\" data-end=\"261\">Kit di riparazione cambio Tomasetto AT13 Antarctic Standard e Super LPG<\/h1>\n<p data-start=\"263\" data-end=\"657\">Il <strong data-start=\"266\" data-end=\"343\">kit di riparazione del riduttore di GPL Standard e Super Tomasetto AT13<\/strong> \u00e8 progettato per la manutenzione e il ricondizionamento dei vaporizzatori AT13 Antarctic nelle loro versioni Standard e Super all&#8217;interno dei sistemi Autogas. Questo insieme consente la sostituzione di componenti interni soggetti a usura, ripristinando la stabilit\u00e0 della pressione e il corretto funzionamento del sistema. <\/p>\n<p data-start=\"659\" data-end=\"797\">\u00c8 una soluzione adatta per la manutenzione preventiva o correttiva in installazioni GPL equipaggiate con cambi Tomasetto AT13 Antartide.<\/p>\n<hr data-start=\"799\" data-end=\"802\">\n<h2 data-start=\"804\" data-end=\"856\">Componenti per la manutenzione dei cambi AT13<\/h2>\n<div class=\"TyagGW_tableContainer\">\n<div class=\"group TyagGW_tableWrapper flex flex-col-reverse w-fit\" tabindex=\"-1\">\n<table class=\"w-fit min-w-(--thread-content-width)\" data-start=\"858\" data-end=\"1159\">\n<thead data-start=\"858\" data-end=\"893\">\n<tr data-start=\"858\" data-end=\"893\">\n<th class=\"\" data-start=\"858\" data-end=\"875\" data-col-size=\"sm\">Caratteristiche<\/th>\n<th class=\"\" data-start=\"875\" data-end=\"893\" data-col-size=\"sm\">Specifiche<\/th>\n<\/tr>\n<\/thead>\n<tbody data-start=\"928\" data-end=\"1159\">\n<tr data-start=\"928\" data-end=\"960\">\n<td data-start=\"928\" data-end=\"939\" data-col-size=\"sm\">Prodotto<\/td>\n<td data-start=\"939\" data-end=\"960\" data-col-size=\"sm\">Kit di riparazione<\/td>\n<\/tr>\n<tr data-start=\"961\" data-end=\"982\">\n<td data-start=\"961\" data-end=\"969\" data-col-size=\"sm\">Marchio<\/td>\n<td data-start=\"969\" data-end=\"982\" data-col-size=\"sm\">Tomasetto<\/td>\n<\/tr>\n<tr data-start=\"983\" data-end=\"1039\">\n<td data-start=\"983\" data-end=\"1005\" data-col-size=\"sm\">Modelli supportati<\/td>\n<td data-start=\"1005\" data-end=\"1039\" data-col-size=\"sm\">AT13 Standard \/ Super Antarctico<\/td>\n<\/tr>\n<tr data-start=\"1040\" data-end=\"1083\">\n<td data-start=\"1040\" data-end=\"1053\" data-col-size=\"sm\">Applicazione<\/td>\n<td data-start=\"1053\" data-end=\"1083\" data-col-size=\"sm\">Riduttore di GPL \/ Vaporizzatore<\/td>\n<\/tr>\n<tr data-start=\"1084\" data-end=\"1129\">\n<td data-start=\"1084\" data-end=\"1090\" data-col-size=\"sm\">Applicazione<\/td>\n<td data-start=\"1090\" data-end=\"1129\" data-col-size=\"sm\">Manutenzione e ristrutturazione<\/td>\n<\/tr>\n<tr data-start=\"1130\" data-end=\"1159\">\n<td data-start=\"1130\" data-end=\"1144\" data-col-size=\"sm\">Installazione<\/td>\n<td data-start=\"1144\" data-end=\"1159\" data-col-size=\"sm\">Professionistico<\/td>\n<\/tr>\n<\/tbody>\n<\/table>\n<\/div>\n<\/div>\n<hr data-start=\"1161\" data-end=\"1164\">\n<h2 data-start=\"1166\" data-end=\"1214\">Compatibilit\u00e0 con i sistemi Tomasetto Autogas<\/h2>\n<p data-start=\"1216\" data-end=\"1330\">Compatibile con i cambi Tomasetto modello AT13 Antarctic nelle versioni Standard e Super installate nei sistemi a GPL.<\/p>\n<p data-start=\"1332\" data-end=\"1428\">Prima dell&#8217;intervento, verifica la versione esatta del vaporizzatore e le condizioni generali del sistema.<\/p>\n<hr data-start=\"1430\" data-end=\"1433\">\n<h2 data-start=\"1435\" data-end=\"1455\">Vantaggi tecnici<\/h2>\n<ul data-start=\"1457\" data-end=\"1683\">\n<li data-start=\"1457\" data-end=\"1504\">\n<p data-start=\"1459\" data-end=\"1504\">Permette di ripristinare la stabilit\u00e0 alla pressione<\/p>\n<\/li>\n<li data-start=\"1505\" data-end=\"1554\">\n<p data-start=\"1507\" data-end=\"1554\">Sostituzione degli elementi di usura interna<\/p>\n<\/li>\n<li data-start=\"1555\" data-end=\"1598\">\n<p data-start=\"1557\" data-end=\"1598\">Compatibile con la piattaforma antartica AT13<\/p>\n<\/li>\n<li data-start=\"1599\" data-end=\"1641\">\n<p data-start=\"1601\" data-end=\"1641\">Soluzione per la manutenzione preventiva<\/p>\n<\/li>\n<li data-start=\"1642\" data-end=\"1683\">\n<p data-start=\"1644\" data-end=\"1683\">Pezzi di ricambio specifici per sistemi a GPL<\/p>\n<\/li>\n<\/ul>\n<hr data-start=\"1685\" data-end=\"1688\">\n<h2 data-start=\"1690\" data-end=\"1736\">Quando usare questo kit di manutenzione?<\/h2>\n<p data-start=\"1738\" data-end=\"1795\">La sua installazione \u00e8 consigliata quando il cambio presenta:<\/p>\n<ul data-start=\"1797\" data-end=\"1907\">\n<li data-start=\"1797\" data-end=\"1823\">\n<p data-start=\"1799\" data-end=\"1823\">Variazioni di pressione<\/p>\n<\/li>\n<li data-start=\"1824\" data-end=\"1845\">\n<p data-start=\"1826\" data-end=\"1845\">Minimo instabile<\/p>\n<\/li>\n<li data-start=\"1846\" data-end=\"1872\">\n<p data-start=\"1848\" data-end=\"1872\">Perdita di prestazioni<\/p>\n<\/li>\n<li data-start=\"1873\" data-end=\"1907\">\n<p data-start=\"1875\" data-end=\"1907\">Usura di membrane o sigilli<\/p>\n<\/li>\n<\/ul>\n<p data-start=\"1909\" data-end=\"1984\">La manutenzione regolare aiuta a prolungare la vita del sistema.<\/p>\n<hr data-start=\"1986\" data-end=\"1989\">\n<h2 data-start=\"1991\" data-end=\"1997\">Domande frequenti<\/h2>\n<p data-start=\"1999\" data-end=\"2138\"><strong data-start=\"1999\" data-end=\"2042\">A cosa serve questo kit antartico AT13?<\/strong><br data-start=\"2042\" data-end=\"2045\">Permette di ricondizionare i cambi Standard e Super sostituendo i componenti interni.<\/p>\n<p data-start=\"2140\" data-end=\"2253\"><strong data-start=\"2140\" data-end=\"2184\">\u00c8 valido per altri modelli Tomasetto?<\/strong><br data-start=\"2184\" data-end=\"2187\">No, \u00e8 destinato alle versioni Standard e Super AT13 Antarctic.<\/p>\n<p data-start=\"2255\" data-end=\"2359\"><strong data-start=\"2255\" data-end=\"2293\">Richiede un&#8217;installazione professionale?<\/strong><br data-start=\"2293\" data-end=\"2296\">S\u00ec, si consiglia l&#8217;assemblaggio da parte di un tecnico specializzato in Autogas.<\/p>\n","protected":false},"excerpt":{"rendered":"<p data-start=\"2904\" data-end=\"3006\">Kit di manutenzione per i cambi standard e Super Antarctic Tomasetto AT13 nei sistemi a GPL Autogas.<\/p>\n","protected":false},"featured_media":4947,"comment_status":"open","ping_status":"closed","template":"","meta":{"_uag_custom_page_level_css":""},"product_brand":[],"product_cat":[2135,2144,2136,2194],"product_tag":[],"class_list":{"0":"post-47134","1":"product","2":"type-product","3":"status-publish","4":"has-post-thumbnail","6":"product_cat-juegos-de-reparacion-glp","7":"product_cat-productos-por-marca","8":"product_cat-reguladores-de-presion","9":"product_cat-tomaseto-achile","11":"first","12":"instock","13":"taxable","14":"shipping-taxable","15":"purchasable","16":"product-type-simple"},"ct_brands":[],"yoast_head":"<!-- This site is optimized with the Yoast SEO Premium plugin v27.5 (Yoast SEO v27.6) - https:\/\/yoast.com\/product\/yoast-seo-premium-wordpress\/ -->\n<title>Kit di riparazione standard antartico Tomasetto AT13 + Super riduttore | Recambios EcoGas | Sistemas GLP y GNC<\/title>\n<meta name=\"description\" content=\"Kit di riparazione per riduttori di GPL Standard e Super GPL Tomasetto AT13 per la manutenzione dei vaporizzatori nei sistemi Autogas.\" \/>\n<meta name=\"robots\" content=\"index, follow, max-snippet:-1, max-image-preview:large, max-video-preview:-1\" \/>\n<link rel=\"canonical\" href=\"https:\/\/recambiosecogas.com\/it\/producto\/tomasetto-kit-de-reparacion-de-reductores-at13-antartic-standard-super\/\" \/>\n<meta property=\"og:locale\" content=\"it_IT\" \/>\n<meta property=\"og:type\" content=\"article\" \/>\n<meta property=\"og:title\" content=\"Kit di riparazione standard antartico Tomasetto AT13 + Super riduttore\" \/>\n<meta property=\"og:description\" content=\"Kit di riparazione per riduttori di GPL Standard e Super GPL Tomasetto AT13 per la manutenzione dei vaporizzatori nei sistemi Autogas.\" \/>\n<meta property=\"og:url\" content=\"https:\/\/recambiosecogas.com\/it\/producto\/tomasetto-kit-de-reparacion-de-reductores-at13-antartic-standard-super\/\" \/>\n<meta property=\"og:site_name\" content=\"Recambios EcoGas\" \/>\n<meta property=\"article:publisher\" content=\"https:\/\/www.facebook.com\/profile.php?id=100062419705358\" \/>\n<meta property=\"article:modified_time\" content=\"2026-04-08T10:00:31+00:00\" \/>\n<meta property=\"og:image\" content=\"https:\/\/recambiosecogas.com\/wp-content\/uploads\/2024\/10\/Tomasetto-kit-de-reparacion-de-reductores-AT13-Antartic-Standard-Super-png.webp\" \/>\n\t<meta property=\"og:image:width\" content=\"1000\" \/>\n\t<meta property=\"og:image:height\" content=\"1000\" \/>\n\t<meta property=\"og:image:type\" content=\"image\/png\" \/>\n<meta name=\"twitter:card\" content=\"summary_large_image\" \/>\n<meta name=\"twitter:label1\" content=\"Prezzo\" \/>\n\t<meta name=\"twitter:data1\" content=\"34,19&nbsp;&euro; (Sin IVA: 28,26&nbsp;&euro;)\" \/>\n\t<meta name=\"twitter:label2\" content=\"Disponibilit\u00e0\" \/>\n\t<meta name=\"twitter:data2\" content=\"In stock\" \/>\n<script type=\"application\/ld+json\" class=\"yoast-schema-graph\">{\"@context\":\"https:\\\/\\\/schema.org\",\"@graph\":[{\"@type\":\"WebPage\",\"@id\":\"https:\\\/\\\/recambiosecogas.com\\\/it\\\/producto\\\/tomasetto-kit-de-reparacion-de-reductores-at13-antartic-standard-super\\\/\",\"url\":\"https:\\\/\\\/recambiosecogas.com\\\/it\\\/producto\\\/tomasetto-kit-de-reparacion-de-reductores-at13-antartic-standard-super\\\/\",\"name\":\"Kit di riparazione standard antartico Tomasetto AT13 + Super riduttore | Recambios EcoGas | Sistemas GLP y GNC\",\"isPartOf\":{\"@id\":\"https:\\\/\\\/recambiosecogas.com\\\/it\\\/#website\"},\"primaryImageOfPage\":{\"@id\":\"https:\\\/\\\/recambiosecogas.com\\\/it\\\/producto\\\/tomasetto-kit-de-reparacion-de-reductores-at13-antartic-standard-super\\\/#primaryimage\"},\"image\":{\"@id\":\"https:\\\/\\\/recambiosecogas.com\\\/it\\\/producto\\\/tomasetto-kit-de-reparacion-de-reductores-at13-antartic-standard-super\\\/#primaryimage\"},\"thumbnailUrl\":\"https:\\\/\\\/recambiosecogas.com\\\/wp-content\\\/uploads\\\/2024\\\/10\\\/Tomasetto-kit-de-reparacion-de-reductores-AT13-Antartic-Standard-Super-png.webp\",\"datePublished\":\"2024-10-19T13:52:11+00:00\",\"dateModified\":\"2026-04-08T10:00:31+00:00\",\"description\":\"Kit di riparazione per riduttori di GPL Standard e Super GPL Tomasetto AT13 per la manutenzione dei vaporizzatori nei sistemi Autogas.\",\"breadcrumb\":{\"@id\":\"https:\\\/\\\/recambiosecogas.com\\\/it\\\/producto\\\/tomasetto-kit-de-reparacion-de-reductores-at13-antartic-standard-super\\\/#breadcrumb\"},\"inLanguage\":\"it-IT\",\"potentialAction\":[{\"@type\":\"ReadAction\",\"target\":[\"https:\\\/\\\/recambiosecogas.com\\\/it\\\/producto\\\/tomasetto-kit-de-reparacion-de-reductores-at13-antartic-standard-super\\\/\"]}]},{\"@type\":\"ImageObject\",\"inLanguage\":\"it-IT\",\"@id\":\"https:\\\/\\\/recambiosecogas.com\\\/it\\\/producto\\\/tomasetto-kit-de-reparacion-de-reductores-at13-antartic-standard-super\\\/#primaryimage\",\"url\":\"https:\\\/\\\/recambiosecogas.com\\\/wp-content\\\/uploads\\\/2024\\\/10\\\/Tomasetto-kit-de-reparacion-de-reductores-AT13-Antartic-Standard-Super-png.webp\",\"contentUrl\":\"https:\\\/\\\/recambiosecogas.com\\\/wp-content\\\/uploads\\\/2024\\\/10\\\/Tomasetto-kit-de-reparacion-de-reductores-AT13-Antartic-Standard-Super-png.webp\",\"width\":1000,\"height\":1000},{\"@type\":\"BreadcrumbList\",\"@id\":\"https:\\\/\\\/recambiosecogas.com\\\/it\\\/producto\\\/tomasetto-kit-de-reparacion-de-reductores-at13-antartic-standard-super\\\/#breadcrumb\",\"itemListElement\":[{\"@type\":\"ListItem\",\"position\":1,\"name\":\"Portada\",\"item\":\"https:\\\/\\\/recambiosecogas.com\\\/it\\\/\"},{\"@type\":\"ListItem\",\"position\":2,\"name\":\"Negozio\",\"item\":\"https:\\\/\\\/recambiosecogas.com\\\/it\\\/?page_id=46382\"},{\"@type\":\"ListItem\",\"position\":3,\"name\":\"Kit di riparazione standard antartico Tomasetto AT13 + Super riduttore\"}]},{\"@type\":\"WebSite\",\"@id\":\"https:\\\/\\\/recambiosecogas.com\\\/it\\\/#website\",\"url\":\"https:\\\/\\\/recambiosecogas.com\\\/it\\\/\",\"name\":\"Recambios EcoGas\",\"description\":\"Recambios Multimarca para sistemas de GLP\\\/GNC\\\/GNL\\\/Hidr\u00f3geno\",\"publisher\":{\"@id\":\"https:\\\/\\\/recambiosecogas.com\\\/it\\\/#organization\"},\"alternateName\":\"Recambios Autogas GLP\",\"potentialAction\":[{\"@type\":\"SearchAction\",\"target\":{\"@type\":\"EntryPoint\",\"urlTemplate\":\"https:\\\/\\\/recambiosecogas.com\\\/it\\\/?s={search_term_string}\"},\"query-input\":{\"@type\":\"PropertyValueSpecification\",\"valueRequired\":true,\"valueName\":\"search_term_string\"}}],\"inLanguage\":\"it-IT\"},{\"@type\":[\"Organization\",\"Place\"],\"@id\":\"https:\\\/\\\/recambiosecogas.com\\\/it\\\/#organization\",\"name\":\"Recambios EcoGas\",\"alternateName\":\"Tienda Online GLP Espa\u00f1a\",\"url\":\"https:\\\/\\\/recambiosecogas.com\\\/it\\\/\",\"logo\":{\"@id\":\"https:\\\/\\\/recambiosecogas.com\\\/it\\\/producto\\\/tomasetto-kit-de-reparacion-de-reductores-at13-antartic-standard-super\\\/#local-main-organization-logo\"},\"image\":{\"@id\":\"https:\\\/\\\/recambiosecogas.com\\\/it\\\/producto\\\/tomasetto-kit-de-reparacion-de-reductores-at13-antartic-standard-super\\\/#local-main-organization-logo\"},\"sameAs\":[\"https:\\\/\\\/www.facebook.com\\\/profile.php?id=100062419705358\",\"https:\\\/\\\/www.instagram.com\\\/segimon_automocio\"],\"description\":\"Recambios EcoGas \u2013 Venta y distribuci\u00f3n de sistemas GLP y GNC en Espa\u00f1a y Portugal. Env\u00edos 24 h, soporte t\u00e9cnico a talleres y distribuidores.\",\"hasMerchantReturnPolicy\":{\"@type\":\"MerchantReturnPolicy\",\"merchantReturnLink\":\"https:\\\/\\\/recambiosecogas.com\\\/politicas-privacidad\\\/\"},\"address\":{\"@id\":\"https:\\\/\\\/recambiosecogas.com\\\/it\\\/producto\\\/tomasetto-kit-de-reparacion-de-reductores-at13-antartic-standard-super\\\/#local-main-place-address\"},\"telephone\":[\"616250633\"],\"contactPoint\":{\"@type\":\"ContactPoint\",\"email\":\"export@recambiosecogas.com\"},\"openingHoursSpecification\":[{\"@type\":\"OpeningHoursSpecification\",\"dayOfWeek\":[\"Monday\",\"Tuesday\",\"Wednesday\",\"Thursday\",\"Friday\",\"Saturday\",\"Sunday\"],\"opens\":\"09:00\",\"closes\":\"17:00\"}],\"email\":\"info@recambiosecogas.com\",\"faxNumber\":\"SEGIMON AUTOMOCION SL\",\"vatID\":\"ESB19819861\",\"globalLocationNumber\":\"938 616 339\"},{\"@type\":\"PostalAddress\",\"@id\":\"https:\\\/\\\/recambiosecogas.com\\\/it\\\/producto\\\/tomasetto-kit-de-reparacion-de-reductores-at13-antartic-standard-super\\\/#local-main-place-address\",\"streetAddress\":\"cami antic de vic, 29 (Nave 3), Pol\u00edgono Industrial Congost\",\"addressLocality\":\"CORRO D`AVALL\",\"postalCode\":\"08520\",\"addressRegion\":\"Barcelona\",\"addressCountry\":\"ES\"},{\"@type\":\"ImageObject\",\"inLanguage\":\"it-IT\",\"@id\":\"https:\\\/\\\/recambiosecogas.com\\\/it\\\/producto\\\/tomasetto-kit-de-reparacion-de-reductores-at13-antartic-standard-super\\\/#local-main-organization-logo\",\"url\":\"https:\\\/\\\/recambiosecogas.com\\\/wp-content\\\/uploads\\\/2024\\\/11\\\/cropped-RECAMBIOS-GLP-png.webp\",\"contentUrl\":\"https:\\\/\\\/recambiosecogas.com\\\/wp-content\\\/uploads\\\/2024\\\/11\\\/cropped-RECAMBIOS-GLP-png.webp\",\"width\":512,\"height\":512,\"caption\":\"Recambios EcoGas\"}]}<\/script>\n<meta property=\"product:price:amount\" content=\"34.19\" \/>\n<meta property=\"product:price:currency\" content=\"EUR\" \/>\n<meta property=\"og:availability\" content=\"instock\" \/>\n<meta property=\"product:availability\" content=\"instock\" \/>\n<meta property=\"product:retailer_item_id\" content=\"104779\" \/>\n<meta property=\"product:condition\" content=\"new\" \/>\n<meta name=\"geo.placename\" content=\"CORRO D`AVALL\" \/>\n<meta name=\"geo.region\" content=\"Spagna\" \/>\n<!-- \/ Yoast SEO Premium plugin. -->","yoast_head_json":{"title":"Kit di riparazione standard antartico Tomasetto AT13 + Super riduttore | Recambios EcoGas | Sistemas GLP y GNC","description":"Kit di riparazione per riduttori di GPL Standard e Super GPL Tomasetto AT13 per la manutenzione dei vaporizzatori nei sistemi Autogas.","robots":{"index":"index","follow":"follow","max-snippet":"max-snippet:-1","max-image-preview":"max-image-preview:large","max-video-preview":"max-video-preview:-1"},"canonical":"https:\/\/recambiosecogas.com\/it\/producto\/tomasetto-kit-de-reparacion-de-reductores-at13-antartic-standard-super\/","og_locale":"it_IT","og_type":"article","og_title":"Kit di riparazione standard antartico Tomasetto AT13 + Super riduttore","og_description":"Kit di riparazione per riduttori di GPL Standard e Super GPL Tomasetto AT13 per la manutenzione dei vaporizzatori nei sistemi Autogas.","og_url":"https:\/\/recambiosecogas.com\/it\/producto\/tomasetto-kit-de-reparacion-de-reductores-at13-antartic-standard-super\/","og_site_name":"Recambios EcoGas","article_publisher":"https:\/\/www.facebook.com\/profile.php?id=100062419705358","article_modified_time":"2026-04-08T10:00:31+00:00","og_image":[{"width":1000,"height":1000,"url":"https:\/\/recambiosecogas.com\/wp-content\/uploads\/2024\/10\/Tomasetto-kit-de-reparacion-de-reductores-AT13-Antartic-Standard-Super-png.webp","type":"image\/png"}],"twitter_card":"summary_large_image","twitter_misc":{"Prezzo":"34,19&nbsp;&euro; (Sin IVA: 28,26&nbsp;&euro;)","Disponibilit\u00e0":"In stock"},"schema":{"@context":"https:\/\/schema.org","@graph":[{"@type":"WebPage","@id":"https:\/\/recambiosecogas.com\/it\/producto\/tomasetto-kit-de-reparacion-de-reductores-at13-antartic-standard-super\/","url":"https:\/\/recambiosecogas.com\/it\/producto\/tomasetto-kit-de-reparacion-de-reductores-at13-antartic-standard-super\/","name":"Kit di riparazione standard antartico Tomasetto AT13 + Super riduttore | Recambios EcoGas | Sistemas GLP y GNC","isPartOf":{"@id":"https:\/\/recambiosecogas.com\/it\/#website"},"primaryImageOfPage":{"@id":"https:\/\/recambiosecogas.com\/it\/producto\/tomasetto-kit-de-reparacion-de-reductores-at13-antartic-standard-super\/#primaryimage"},"image":{"@id":"https:\/\/recambiosecogas.com\/it\/producto\/tomasetto-kit-de-reparacion-de-reductores-at13-antartic-standard-super\/#primaryimage"},"thumbnailUrl":"https:\/\/recambiosecogas.com\/wp-content\/uploads\/2024\/10\/Tomasetto-kit-de-reparacion-de-reductores-AT13-Antartic-Standard-Super-png.webp","datePublished":"2024-10-19T13:52:11+00:00","dateModified":"2026-04-08T10:00:31+00:00","description":"Kit di riparazione per riduttori di GPL Standard e Super GPL Tomasetto AT13 per la manutenzione dei vaporizzatori nei sistemi Autogas.","breadcrumb":{"@id":"https:\/\/recambiosecogas.com\/it\/producto\/tomasetto-kit-de-reparacion-de-reductores-at13-antartic-standard-super\/#breadcrumb"},"inLanguage":"it-IT","potentialAction":[{"@type":"ReadAction","target":["https:\/\/recambiosecogas.com\/it\/producto\/tomasetto-kit-de-reparacion-de-reductores-at13-antartic-standard-super\/"]}]},{"@type":"ImageObject","inLanguage":"it-IT","@id":"https:\/\/recambiosecogas.com\/it\/producto\/tomasetto-kit-de-reparacion-de-reductores-at13-antartic-standard-super\/#primaryimage","url":"https:\/\/recambiosecogas.com\/wp-content\/uploads\/2024\/10\/Tomasetto-kit-de-reparacion-de-reductores-AT13-Antartic-Standard-Super-png.webp","contentUrl":"https:\/\/recambiosecogas.com\/wp-content\/uploads\/2024\/10\/Tomasetto-kit-de-reparacion-de-reductores-AT13-Antartic-Standard-Super-png.webp","width":1000,"height":1000},{"@type":"BreadcrumbList","@id":"https:\/\/recambiosecogas.com\/it\/producto\/tomasetto-kit-de-reparacion-de-reductores-at13-antartic-standard-super\/#breadcrumb","itemListElement":[{"@type":"ListItem","position":1,"name":"Portada","item":"https:\/\/recambiosecogas.com\/it\/"},{"@type":"ListItem","position":2,"name":"Negozio","item":"https:\/\/recambiosecogas.com\/it\/?page_id=46382"},{"@type":"ListItem","position":3,"name":"Kit di riparazione standard antartico Tomasetto AT13 + Super riduttore"}]},{"@type":"WebSite","@id":"https:\/\/recambiosecogas.com\/it\/#website","url":"https:\/\/recambiosecogas.com\/it\/","name":"Recambios EcoGas","description":"Recambios Multimarca para sistemas de GLP\/GNC\/GNL\/Hidr\u00f3geno","publisher":{"@id":"https:\/\/recambiosecogas.com\/it\/#organization"},"alternateName":"Recambios Autogas GLP","potentialAction":[{"@type":"SearchAction","target":{"@type":"EntryPoint","urlTemplate":"https:\/\/recambiosecogas.com\/it\/?s={search_term_string}"},"query-input":{"@type":"PropertyValueSpecification","valueRequired":true,"valueName":"search_term_string"}}],"inLanguage":"it-IT"},{"@type":["Organization","Place"],"@id":"https:\/\/recambiosecogas.com\/it\/#organization","name":"Recambios EcoGas","alternateName":"Tienda Online GLP Espa\u00f1a","url":"https:\/\/recambiosecogas.com\/it\/","logo":{"@id":"https:\/\/recambiosecogas.com\/it\/producto\/tomasetto-kit-de-reparacion-de-reductores-at13-antartic-standard-super\/#local-main-organization-logo"},"image":{"@id":"https:\/\/recambiosecogas.com\/it\/producto\/tomasetto-kit-de-reparacion-de-reductores-at13-antartic-standard-super\/#local-main-organization-logo"},"sameAs":["https:\/\/www.facebook.com\/profile.php?id=100062419705358","https:\/\/www.instagram.com\/segimon_automocio"],"description":"Recambios EcoGas \u2013 Venta y distribuci\u00f3n de sistemas GLP y GNC en Espa\u00f1a y Portugal. Env\u00edos 24 h, soporte t\u00e9cnico a talleres y distribuidores.","hasMerchantReturnPolicy":{"@type":"MerchantReturnPolicy","merchantReturnLink":"https:\/\/recambiosecogas.com\/politicas-privacidad\/"},"address":{"@id":"https:\/\/recambiosecogas.com\/it\/producto\/tomasetto-kit-de-reparacion-de-reductores-at13-antartic-standard-super\/#local-main-place-address"},"telephone":["616250633"],"contactPoint":{"@type":"ContactPoint","email":"export@recambiosecogas.com"},"openingHoursSpecification":[{"@type":"OpeningHoursSpecification","dayOfWeek":["Monday","Tuesday","Wednesday","Thursday","Friday","Saturday","Sunday"],"opens":"09:00","closes":"17:00"}],"email":"info@recambiosecogas.com","faxNumber":"SEGIMON AUTOMOCION SL","vatID":"ESB19819861","globalLocationNumber":"938 616 339"},{"@type":"PostalAddress","@id":"https:\/\/recambiosecogas.com\/it\/producto\/tomasetto-kit-de-reparacion-de-reductores-at13-antartic-standard-super\/#local-main-place-address","streetAddress":"cami antic de vic, 29 (Nave 3), Pol\u00edgono Industrial Congost","addressLocality":"CORRO D`AVALL","postalCode":"08520","addressRegion":"Barcelona","addressCountry":"ES"},{"@type":"ImageObject","inLanguage":"it-IT","@id":"https:\/\/recambiosecogas.com\/it\/producto\/tomasetto-kit-de-reparacion-de-reductores-at13-antartic-standard-super\/#local-main-organization-logo","url":"https:\/\/recambiosecogas.com\/wp-content\/uploads\/2024\/11\/cropped-RECAMBIOS-GLP-png.webp","contentUrl":"https:\/\/recambiosecogas.com\/wp-content\/uploads\/2024\/11\/cropped-RECAMBIOS-GLP-png.webp","width":512,"height":512,"caption":"Recambios EcoGas"}]},"product_price_amount":"34.19","product_price_currency":"EUR","og_availability":"instock","product_availability":"instock","product_retailer_item_id":"104779","product_condition":"new","geo.placename":"CORRO D`AVALL","geo.region":"Spagna"},"uagb_featured_image_src":{"full":["https:\/\/recambiosecogas.com\/wp-content\/uploads\/2024\/10\/Tomasetto-kit-de-reparacion-de-reductores-AT13-Antartic-Standard-Super-png.webp",1000,1000,false],"thumbnail":["https:\/\/recambiosecogas.com\/wp-content\/uploads\/2024\/10\/Tomasetto-kit-de-reparacion-de-reductores-AT13-Antartic-Standard-Super-png-150x150.webp",150,150,true],"medium":["https:\/\/recambiosecogas.com\/wp-content\/uploads\/2024\/10\/Tomasetto-kit-de-reparacion-de-reductores-AT13-Antartic-Standard-Super-300x300.webp",300,300,true],"medium_large":["https:\/\/recambiosecogas.com\/wp-content\/uploads\/2024\/10\/Tomasetto-kit-de-reparacion-de-reductores-AT13-Antartic-Standard-Super-png-768x768.webp",768,768,true],"large":["https:\/\/recambiosecogas.com\/wp-content\/uploads\/2024\/10\/Tomasetto-kit-de-reparacion-de-reductores-AT13-Antartic-Standard-Super-png.webp",1000,1000,false],"1536x1536":["https:\/\/recambiosecogas.com\/wp-content\/uploads\/2024\/10\/Tomasetto-kit-de-reparacion-de-reductores-AT13-Antartic-Standard-Super-png.webp",1000,1000,false],"2048x2048":["https:\/\/recambiosecogas.com\/wp-content\/uploads\/2024\/10\/Tomasetto-kit-de-reparacion-de-reductores-AT13-Antartic-Standard-Super-png.webp",1000,1000,false],"woocommerce_archive_thumbnail":["https:\/\/recambiosecogas.com\/wp-content\/uploads\/2024\/10\/Tomasetto-kit-de-reparacion-de-reductores-AT13-Antartic-Standard-Super-png.webp",1000,1000,false],"woocommerce_thumbnail":["https:\/\/recambiosecogas.com\/wp-content\/uploads\/2024\/10\/Tomasetto-kit-de-reparacion-de-reductores-AT13-Antartic-Standard-Super-png-300x300.webp",300,300,true],"woocommerce_single":["https:\/\/recambiosecogas.com\/wp-content\/uploads\/2024\/10\/Tomasetto-kit-de-reparacion-de-reductores-AT13-Antartic-Standard-Super-png.webp",1000,1000,false],"woocommerce_gallery_thumbnail":["https:\/\/recambiosecogas.com\/wp-content\/uploads\/2024\/10\/Tomasetto-kit-de-reparacion-de-reductores-AT13-Antartic-Standard-Super-png.webp",1000,1000,false],"dgwt-wcas-product-suggestion":["https:\/\/recambiosecogas.com\/wp-content\/uploads\/2024\/10\/Tomasetto-kit-de-reparacion-de-reductores-AT13-Antartic-Standard-Super-png-64x64.webp",64,64,true]},"uagb_author_info":{"display_name":"Fran - Soporte T\u00e9cnico","author_link":"https:\/\/recambiosecogas.com\/it\/author\/"},"uagb_comment_info":0,"uagb_excerpt":"Kit di manutenzione per i cambi standard e Super Antarctic Tomasetto AT13 nei sistemi a GPL Autogas.","_links":{"self":[{"href":"https:\/\/recambiosecogas.com\/it\/wp-json\/wp\/v2\/product\/47134","targetHints":{"allow":["GET"]}}],"collection":[{"href":"https:\/\/recambiosecogas.com\/it\/wp-json\/wp\/v2\/product"}],"about":[{"href":"https:\/\/recambiosecogas.com\/it\/wp-json\/wp\/v2\/types\/product"}],"replies":[{"embeddable":true,"href":"https:\/\/recambiosecogas.com\/it\/wp-json\/wp\/v2\/comments?post=47134"}],"wp:featuredmedia":[{"embeddable":true,"href":"https:\/\/recambiosecogas.com\/it\/wp-json\/wp\/v2\/media\/4947"}],"wp:attachment":[{"href":"https:\/\/recambiosecogas.com\/it\/wp-json\/wp\/v2\/media?parent=47134"}],"wp:term":[{"taxonomy":"product_brand","embeddable":true,"href":"https:\/\/recambiosecogas.com\/it\/wp-json\/wp\/v2\/product_brand?post=47134"},{"taxonomy":"product_cat","embeddable":true,"href":"https:\/\/recambiosecogas.com\/it\/wp-json\/wp\/v2\/product_cat?post=47134"},{"taxonomy":"product_tag","embeddable":true,"href":"https:\/\/recambiosecogas.com\/it\/wp-json\/wp\/v2\/product_tag?post=47134"}],"curies":[{"name":"wp","href":"https:\/\/api.w.org\/{rel}","templated":true}]}}