{"id":47131,"date":"2024-10-19T13:52:00","date_gmt":"2024-10-19T13:52:00","guid":{"rendered":"https:\/\/recambiosecogas.com\/producto\/lovato-kit-de-reparacion-de-reductores-al-vacio-rg80-rgv090\/"},"modified":"2026-04-27T09:20:48","modified_gmt":"2026-04-27T08:20:48","slug":"lovato-kit-de-reparacion-de-reductores-al-vacio-rg80-rgv090","status":"publish","type":"product","link":"https:\/\/recambiosecogas.com\/it\/producto\/lovato-kit-de-reparacion-de-reductores-al-vacio-rg80-rgv090\/","title":{"rendered":"Kit di riparazione riduttore di aspirapolvere Lovato RG80, RGV090"},"content":{"rendered":"<h1 data-start=\"168\" data-end=\"220\">Kit di riparazione riduttore di vuoto Lovato RG80 RGV090<\/h1>\n<p data-start=\"222\" data-end=\"536\">Il <strong data-start=\"225\" data-end=\"279\">kit di riparazione riduttore di vuoto Lovato RG80 RGV090<\/strong> \u00e8 progettato per la manutenzione dei modelli riduttori di vuoto Lovato RG80 e RGV090. Questo insieme consente la sostituzione di componenti interni soggetti a usura, aiutando a recuperare la stabilit\u00e0 della pressione e il corretto funzionamento del sistema. <\/p>\n<p data-start=\"538\" data-end=\"697\">\u00c8 una soluzione adatta per la manutenzione preventiva o correttiva in installazioni dotate di cambi a vuoto Lovato RG80 o RGV090.<\/p>\n<hr data-start=\"699\" data-end=\"702\">\n<h2 data-start=\"704\" data-end=\"750\">Manutenzione dei cambi a vuoto Lovato<\/h2>\n<div class=\"TyagGW_tableContainer\">\n<div class=\"group TyagGW_tableWrapper flex flex-col-reverse w-fit\" tabindex=\"-1\">\n<table class=\"w-fit min-w-(--thread-content-width)\" data-start=\"752\" data-end=\"1014\">\n<thead data-start=\"752\" data-end=\"787\">\n<tr data-start=\"752\" data-end=\"787\">\n<th class=\"\" data-start=\"752\" data-end=\"769\" data-col-size=\"sm\">Caratteristiche<\/th>\n<th class=\"\" data-start=\"769\" data-end=\"787\" data-col-size=\"sm\">Specifiche<\/th>\n<\/tr>\n<\/thead>\n<tbody data-start=\"824\" data-end=\"1014\">\n<tr data-start=\"824\" data-end=\"856\">\n<td data-start=\"824\" data-end=\"835\" data-col-size=\"sm\">Prodotto<\/td>\n<td data-start=\"835\" data-end=\"856\" data-col-size=\"sm\">Kit di riparazione<\/td>\n<\/tr>\n<tr data-start=\"857\" data-end=\"875\">\n<td data-start=\"857\" data-end=\"865\" data-col-size=\"sm\">Marchio<\/td>\n<td data-start=\"865\" data-end=\"875\" data-col-size=\"sm\">Lovato<\/td>\n<\/tr>\n<tr data-start=\"876\" data-end=\"915\">\n<td data-start=\"876\" data-end=\"898\" data-col-size=\"sm\">Modelli supportati<\/td>\n<td data-start=\"898\" data-end=\"915\" data-col-size=\"sm\">RG80 \/ RGV090<\/td>\n<\/tr>\n<tr data-start=\"916\" data-end=\"946\">\n<td data-start=\"916\" data-end=\"923\" data-col-size=\"sm\">Tipo<\/td>\n<td data-start=\"923\" data-end=\"946\" data-col-size=\"sm\">Riduttori di vuoto<\/td>\n<\/tr>\n<tr data-start=\"947\" data-end=\"972\">\n<td data-start=\"947\" data-end=\"960\" data-col-size=\"sm\">Applicazione<\/td>\n<td data-start=\"960\" data-end=\"972\" data-col-size=\"sm\">Riduttore<\/td>\n<\/tr>\n<tr data-start=\"973\" data-end=\"1014\">\n<td data-start=\"973\" data-end=\"987\" data-col-size=\"sm\">Installazione<\/td>\n<td data-start=\"987\" data-end=\"1014\" data-col-size=\"sm\">Professionisti consigliati<\/td>\n<\/tr>\n<\/tbody>\n<\/table>\n<\/div>\n<\/div>\n<hr data-start=\"1016\" data-end=\"1019\">\n<h2 data-start=\"1021\" data-end=\"1076\">Compatibilit\u00e0 del kit di riparazione Lovato RG80 RGV090<\/h2>\n<p data-start=\"1078\" data-end=\"1142\">Compatibile con i modelli riduttori di vuoto Lovato RG80 e RGV090.<\/p>\n<p data-start=\"1144\" data-end=\"1247\">Prima dell&#8217;installazione, verifica il modello esatto del cambio per assicurarti la corretta compatibilit\u00e0.<\/p>\n<hr data-start=\"1249\" data-end=\"1252\">\n<h2 data-start=\"1254\" data-end=\"1306\">Vantaggi della manutenzione dei riduttori a vuoto<\/h2>\n<ul data-start=\"1308\" data-end=\"1508\">\n<li data-start=\"1308\" data-end=\"1354\">\n<p data-start=\"1310\" data-end=\"1354\">Sostituzione di membrane e guarnizioni interne<\/p>\n<\/li>\n<li data-start=\"1355\" data-end=\"1400\">\n<p data-start=\"1357\" data-end=\"1400\">Recupero della stabilit\u00e0 della pressione<\/p>\n<\/li>\n<li data-start=\"1401\" data-end=\"1440\">\n<p data-start=\"1403\" data-end=\"1440\">Progettato per i modelli RG80 e RGV090<\/p>\n<\/li>\n<li data-start=\"1441\" data-end=\"1476\">\n<p data-start=\"1443\" data-end=\"1476\">Migliora la risposta del sistema<\/p>\n<\/li>\n<li data-start=\"1477\" data-end=\"1508\">\n<p data-start=\"1479\" data-end=\"1508\">Pezzo di ricambio tecnico specifico<\/p>\n<\/li>\n<\/ul>\n<hr data-start=\"1510\" data-end=\"1513\">\n<h2 data-start=\"1515\" data-end=\"1561\">Quando sostituire i componenti interni?<\/h2>\n<p data-start=\"1563\" data-end=\"1614\">Si consiglia di usare questo kit quando viene rilevati:<\/p>\n<ul data-start=\"1616\" data-end=\"1723\">\n<li data-start=\"1616\" data-end=\"1642\">\n<p data-start=\"1618\" data-end=\"1642\">Variazioni di pressione<\/p>\n<\/li>\n<li data-start=\"1643\" data-end=\"1664\">\n<p data-start=\"1645\" data-end=\"1664\">Minimo instabile<\/p>\n<\/li>\n<li data-start=\"1665\" data-end=\"1691\">\n<p data-start=\"1667\" data-end=\"1691\">Perdita di prestazioni<\/p>\n<\/li>\n<li data-start=\"1692\" data-end=\"1723\">\n<p data-start=\"1694\" data-end=\"1723\">Usura dovuta a un uso prolungato<\/p>\n<\/li>\n<\/ul>\n<p data-start=\"1725\" data-end=\"1838\">La manutenzione regolare aiuta a prolungare la vita dell&#8217;unit\u00e0 di ingranaggi e a mantenere un funzionamento stabile.<\/p>\n<hr data-start=\"1840\" data-end=\"1843\">\n<h2 data-start=\"1845\" data-end=\"1851\">Domande frequenti<\/h2>\n<p data-start=\"1853\" data-end=\"2016\"><strong data-start=\"1853\" data-end=\"1927\">A cosa serve il kit riduttore di vuoto Lovato RGV090?<\/strong><br data-start=\"1927\" data-end=\"1930\">Permette di ricondizionare i cambi sostituendo gli elementi di usura interni.<\/p>\n<p data-start=\"2018\" data-end=\"2122\"><strong data-start=\"2018\" data-end=\"2059\">\u00c8 valido per altri modelli Lovato?<\/strong><br data-start=\"2059\" data-end=\"2062\">No, \u00e8 specificamente pensato per aspirapolvere RG80 e RGV090.<\/p>\n<p data-start=\"2124\" data-end=\"2217\"><strong data-start=\"2124\" data-end=\"2162\">Richiede un&#8217;installazione professionale?<\/strong><br data-start=\"2162\" data-end=\"2165\">S\u00ec, \u00e8 consigliato l&#8217;assemblaggio da parte di un tecnico specializzato.<\/p>\n","protected":false},"excerpt":{"rendered":"<p data-start=\"2660\" data-end=\"2724\">Kit di riparazione per riduttori di vuoto Lovato RG80 e RGV090.<\/p>\n","protected":false},"featured_media":5039,"comment_status":"open","ping_status":"closed","template":"","meta":{"_uag_custom_page_level_css":""},"product_brand":[],"product_cat":[2135,2367,2144,2136],"product_tag":[],"class_list":{"0":"post-47131","1":"product","2":"type-product","3":"status-publish","4":"has-post-thumbnail","6":"product_cat-juegos-de-reparacion-glp","7":"product_cat-lovato","8":"product_cat-productos-por-marca","9":"product_cat-reguladores-de-presion","11":"first","12":"onbackorder","13":"taxable","14":"shipping-taxable","15":"purchasable","16":"product-type-simple"},"ct_brands":[],"yoast_head":"<!-- This site is optimized with the Yoast SEO Premium plugin v27.5 (Yoast SEO v27.5) - https:\/\/yoast.com\/product\/yoast-seo-premium-wordpress\/ -->\n<title>Kit di riparazione riduttore di aspirapolvere Lovato RG80, RGV090 | Recambios EcoGas | Sistemas GLP y GNC<\/title>\n<meta name=\"description\" content=\"Kit di riparazione riduttore di vuoto Lovato RG80 RGV090 per manutenzione e recupero della pressione.\" \/>\n<meta name=\"robots\" content=\"index, follow, max-snippet:-1, max-image-preview:large, max-video-preview:-1\" \/>\n<link rel=\"canonical\" href=\"https:\/\/recambiosecogas.com\/it\/producto\/lovato-kit-de-reparacion-de-reductores-al-vacio-rg80-rgv090\/\" \/>\n<meta property=\"og:locale\" content=\"it_IT\" \/>\n<meta property=\"og:type\" content=\"article\" \/>\n<meta property=\"og:title\" content=\"Kit di riparazione riduttore di aspirapolvere Lovato RG80, RGV090\" \/>\n<meta property=\"og:description\" content=\"Kit di riparazione riduttore di vuoto Lovato RG80 RGV090 per manutenzione e recupero della pressione.\" \/>\n<meta property=\"og:url\" content=\"https:\/\/recambiosecogas.com\/it\/producto\/lovato-kit-de-reparacion-de-reductores-al-vacio-rg80-rgv090\/\" \/>\n<meta property=\"og:site_name\" content=\"Recambios EcoGas\" \/>\n<meta property=\"article:publisher\" content=\"https:\/\/www.facebook.com\/profile.php?id=100062419705358\" \/>\n<meta property=\"article:modified_time\" content=\"2026-04-27T08:20:48+00:00\" \/>\n<meta property=\"og:image\" content=\"https:\/\/recambiosecogas.com\/wp-content\/uploads\/2024\/10\/Lovato-kit-de-reparacion-de-reductores-al-vacio-RG80-RGV090-png.webp\" \/>\n\t<meta property=\"og:image:width\" content=\"1000\" \/>\n\t<meta property=\"og:image:height\" content=\"1000\" \/>\n\t<meta property=\"og:image:type\" content=\"image\/png\" \/>\n<meta name=\"twitter:card\" content=\"summary_large_image\" \/>\n<meta name=\"twitter:label1\" content=\"Prezzo\" \/>\n\t<meta name=\"twitter:data1\" content=\"20,65&nbsp;&euro; (Sin IVA: 17,07&nbsp;&euro;)\" \/>\n\t<meta name=\"twitter:label2\" content=\"Disponibilit\u00e0\" \/>\n\t<meta name=\"twitter:data2\" content=\"Su ordinazione\" \/>\n<script type=\"application\/ld+json\" class=\"yoast-schema-graph\">{\"@context\":\"https:\\\/\\\/schema.org\",\"@graph\":[{\"@type\":\"WebPage\",\"@id\":\"https:\\\/\\\/recambiosecogas.com\\\/it\\\/producto\\\/lovato-kit-de-reparacion-de-reductores-al-vacio-rg80-rgv090\\\/\",\"url\":\"https:\\\/\\\/recambiosecogas.com\\\/it\\\/producto\\\/lovato-kit-de-reparacion-de-reductores-al-vacio-rg80-rgv090\\\/\",\"name\":\"Kit di riparazione riduttore di aspirapolvere Lovato RG80, RGV090 | Recambios EcoGas | Sistemas GLP y GNC\",\"isPartOf\":{\"@id\":\"https:\\\/\\\/recambiosecogas.com\\\/it\\\/#website\"},\"primaryImageOfPage\":{\"@id\":\"https:\\\/\\\/recambiosecogas.com\\\/it\\\/producto\\\/lovato-kit-de-reparacion-de-reductores-al-vacio-rg80-rgv090\\\/#primaryimage\"},\"image\":{\"@id\":\"https:\\\/\\\/recambiosecogas.com\\\/it\\\/producto\\\/lovato-kit-de-reparacion-de-reductores-al-vacio-rg80-rgv090\\\/#primaryimage\"},\"thumbnailUrl\":\"https:\\\/\\\/recambiosecogas.com\\\/wp-content\\\/uploads\\\/2024\\\/10\\\/Lovato-kit-de-reparacion-de-reductores-al-vacio-RG80-RGV090-png.webp\",\"datePublished\":\"2024-10-19T13:52:00+00:00\",\"dateModified\":\"2026-04-27T08:20:48+00:00\",\"description\":\"Kit di riparazione riduttore di vuoto Lovato RG80 RGV090 per manutenzione e recupero della pressione.\",\"breadcrumb\":{\"@id\":\"https:\\\/\\\/recambiosecogas.com\\\/it\\\/producto\\\/lovato-kit-de-reparacion-de-reductores-al-vacio-rg80-rgv090\\\/#breadcrumb\"},\"inLanguage\":\"it-IT\",\"potentialAction\":[{\"@type\":\"ReadAction\",\"target\":[\"https:\\\/\\\/recambiosecogas.com\\\/it\\\/producto\\\/lovato-kit-de-reparacion-de-reductores-al-vacio-rg80-rgv090\\\/\"]}]},{\"@type\":\"ImageObject\",\"inLanguage\":\"it-IT\",\"@id\":\"https:\\\/\\\/recambiosecogas.com\\\/it\\\/producto\\\/lovato-kit-de-reparacion-de-reductores-al-vacio-rg80-rgv090\\\/#primaryimage\",\"url\":\"https:\\\/\\\/recambiosecogas.com\\\/wp-content\\\/uploads\\\/2024\\\/10\\\/Lovato-kit-de-reparacion-de-reductores-al-vacio-RG80-RGV090-png.webp\",\"contentUrl\":\"https:\\\/\\\/recambiosecogas.com\\\/wp-content\\\/uploads\\\/2024\\\/10\\\/Lovato-kit-de-reparacion-de-reductores-al-vacio-RG80-RGV090-png.webp\",\"width\":1000,\"height\":1000},{\"@type\":\"BreadcrumbList\",\"@id\":\"https:\\\/\\\/recambiosecogas.com\\\/it\\\/producto\\\/lovato-kit-de-reparacion-de-reductores-al-vacio-rg80-rgv090\\\/#breadcrumb\",\"itemListElement\":[{\"@type\":\"ListItem\",\"position\":1,\"name\":\"Portada\",\"item\":\"https:\\\/\\\/recambiosecogas.com\\\/it\\\/\"},{\"@type\":\"ListItem\",\"position\":2,\"name\":\"Negozio\",\"item\":\"https:\\\/\\\/recambiosecogas.com\\\/it\\\/?page_id=46382\"},{\"@type\":\"ListItem\",\"position\":3,\"name\":\"Kit di riparazione riduttore di aspirapolvere Lovato RG80, RGV090\"}]},{\"@type\":\"WebSite\",\"@id\":\"https:\\\/\\\/recambiosecogas.com\\\/it\\\/#website\",\"url\":\"https:\\\/\\\/recambiosecogas.com\\\/it\\\/\",\"name\":\"Recambios EcoGas\",\"description\":\"Recambios Multimarca para sistemas de GLP\\\/GNC\\\/GNL\\\/Hidr\u00f3geno\",\"publisher\":{\"@id\":\"https:\\\/\\\/recambiosecogas.com\\\/it\\\/#organization\"},\"alternateName\":\"Recambios Autogas GLP\",\"potentialAction\":[{\"@type\":\"SearchAction\",\"target\":{\"@type\":\"EntryPoint\",\"urlTemplate\":\"https:\\\/\\\/recambiosecogas.com\\\/it\\\/?s={search_term_string}\"},\"query-input\":{\"@type\":\"PropertyValueSpecification\",\"valueRequired\":true,\"valueName\":\"search_term_string\"}}],\"inLanguage\":\"it-IT\"},{\"@type\":[\"Organization\",\"Place\"],\"@id\":\"https:\\\/\\\/recambiosecogas.com\\\/it\\\/#organization\",\"name\":\"Recambios EcoGas\",\"alternateName\":\"Tienda Online GLP Espa\u00f1a\",\"url\":\"https:\\\/\\\/recambiosecogas.com\\\/it\\\/\",\"logo\":{\"@id\":\"https:\\\/\\\/recambiosecogas.com\\\/it\\\/producto\\\/lovato-kit-de-reparacion-de-reductores-al-vacio-rg80-rgv090\\\/#local-main-organization-logo\"},\"image\":{\"@id\":\"https:\\\/\\\/recambiosecogas.com\\\/it\\\/producto\\\/lovato-kit-de-reparacion-de-reductores-al-vacio-rg80-rgv090\\\/#local-main-organization-logo\"},\"sameAs\":[\"https:\\\/\\\/www.facebook.com\\\/profile.php?id=100062419705358\",\"https:\\\/\\\/www.instagram.com\\\/segimon_automocio\"],\"description\":\"Recambios EcoGas \u2013 Venta y distribuci\u00f3n de sistemas GLP y GNC en Espa\u00f1a y Portugal. Env\u00edos 24 h, soporte t\u00e9cnico a talleres y distribuidores.\",\"hasMerchantReturnPolicy\":{\"@type\":\"MerchantReturnPolicy\",\"merchantReturnLink\":\"https:\\\/\\\/recambiosecogas.com\\\/politicas-privacidad\\\/\"},\"address\":{\"@id\":\"https:\\\/\\\/recambiosecogas.com\\\/it\\\/producto\\\/lovato-kit-de-reparacion-de-reductores-al-vacio-rg80-rgv090\\\/#local-main-place-address\"},\"telephone\":[\"616250633\"],\"contactPoint\":{\"@type\":\"ContactPoint\",\"email\":\"export@recambiosecogas.com\"},\"openingHoursSpecification\":[{\"@type\":\"OpeningHoursSpecification\",\"dayOfWeek\":[\"Monday\",\"Tuesday\",\"Wednesday\",\"Thursday\",\"Friday\",\"Saturday\",\"Sunday\"],\"opens\":\"09:00\",\"closes\":\"17:00\"}],\"email\":\"info@recambiosecogas.com\",\"faxNumber\":\"SEGIMON AUTOMOCION SL\",\"vatID\":\"ESB19819861\",\"globalLocationNumber\":\"938 616 339\"},{\"@type\":\"PostalAddress\",\"@id\":\"https:\\\/\\\/recambiosecogas.com\\\/it\\\/producto\\\/lovato-kit-de-reparacion-de-reductores-al-vacio-rg80-rgv090\\\/#local-main-place-address\",\"streetAddress\":\"cami antic de vic, 29 (Nave 3), Pol\u00edgono Industrial Congost\",\"addressLocality\":\"CORRO D`AVALL\",\"postalCode\":\"08520\",\"addressRegion\":\"Barcelona\",\"addressCountry\":\"ES\"},{\"@type\":\"ImageObject\",\"inLanguage\":\"it-IT\",\"@id\":\"https:\\\/\\\/recambiosecogas.com\\\/it\\\/producto\\\/lovato-kit-de-reparacion-de-reductores-al-vacio-rg80-rgv090\\\/#local-main-organization-logo\",\"url\":\"https:\\\/\\\/recambiosecogas.com\\\/wp-content\\\/uploads\\\/2024\\\/11\\\/cropped-RECAMBIOS-GLP-png.webp\",\"contentUrl\":\"https:\\\/\\\/recambiosecogas.com\\\/wp-content\\\/uploads\\\/2024\\\/11\\\/cropped-RECAMBIOS-GLP-png.webp\",\"width\":512,\"height\":512,\"caption\":\"Recambios EcoGas\"}]}<\/script>\n<meta property=\"product:price:amount\" content=\"20.65\" \/>\n<meta property=\"product:price:currency\" content=\"EUR\" \/>\n<meta property=\"og:availability\" content=\"backorder\" \/>\n<meta property=\"product:availability\" content=\"available for order\" \/>\n<meta property=\"product:retailer_item_id\" content=\"102519\" \/>\n<meta property=\"product:condition\" content=\"new\" \/>\n<meta name=\"geo.placename\" content=\"CORRO D`AVALL\" \/>\n<meta name=\"geo.region\" content=\"Spagna\" \/>\n<!-- \/ Yoast SEO Premium plugin. -->","yoast_head_json":{"title":"Kit di riparazione riduttore di aspirapolvere Lovato RG80, RGV090 | Recambios EcoGas | Sistemas GLP y GNC","description":"Kit di riparazione riduttore di vuoto Lovato RG80 RGV090 per manutenzione e recupero della pressione.","robots":{"index":"index","follow":"follow","max-snippet":"max-snippet:-1","max-image-preview":"max-image-preview:large","max-video-preview":"max-video-preview:-1"},"canonical":"https:\/\/recambiosecogas.com\/it\/producto\/lovato-kit-de-reparacion-de-reductores-al-vacio-rg80-rgv090\/","og_locale":"it_IT","og_type":"article","og_title":"Kit di riparazione riduttore di aspirapolvere Lovato RG80, RGV090","og_description":"Kit di riparazione riduttore di vuoto Lovato RG80 RGV090 per manutenzione e recupero della pressione.","og_url":"https:\/\/recambiosecogas.com\/it\/producto\/lovato-kit-de-reparacion-de-reductores-al-vacio-rg80-rgv090\/","og_site_name":"Recambios EcoGas","article_publisher":"https:\/\/www.facebook.com\/profile.php?id=100062419705358","article_modified_time":"2026-04-27T08:20:48+00:00","og_image":[{"width":1000,"height":1000,"url":"https:\/\/recambiosecogas.com\/wp-content\/uploads\/2024\/10\/Lovato-kit-de-reparacion-de-reductores-al-vacio-RG80-RGV090-png.webp","type":"image\/png"}],"twitter_card":"summary_large_image","twitter_misc":{"Prezzo":"20,65&nbsp;&euro; (Sin IVA: 17,07&nbsp;&euro;)","Disponibilit\u00e0":"Su ordinazione"},"schema":{"@context":"https:\/\/schema.org","@graph":[{"@type":"WebPage","@id":"https:\/\/recambiosecogas.com\/it\/producto\/lovato-kit-de-reparacion-de-reductores-al-vacio-rg80-rgv090\/","url":"https:\/\/recambiosecogas.com\/it\/producto\/lovato-kit-de-reparacion-de-reductores-al-vacio-rg80-rgv090\/","name":"Kit di riparazione riduttore di aspirapolvere Lovato RG80, RGV090 | Recambios EcoGas | Sistemas GLP y GNC","isPartOf":{"@id":"https:\/\/recambiosecogas.com\/it\/#website"},"primaryImageOfPage":{"@id":"https:\/\/recambiosecogas.com\/it\/producto\/lovato-kit-de-reparacion-de-reductores-al-vacio-rg80-rgv090\/#primaryimage"},"image":{"@id":"https:\/\/recambiosecogas.com\/it\/producto\/lovato-kit-de-reparacion-de-reductores-al-vacio-rg80-rgv090\/#primaryimage"},"thumbnailUrl":"https:\/\/recambiosecogas.com\/wp-content\/uploads\/2024\/10\/Lovato-kit-de-reparacion-de-reductores-al-vacio-RG80-RGV090-png.webp","datePublished":"2024-10-19T13:52:00+00:00","dateModified":"2026-04-27T08:20:48+00:00","description":"Kit di riparazione riduttore di vuoto Lovato RG80 RGV090 per manutenzione e recupero della pressione.","breadcrumb":{"@id":"https:\/\/recambiosecogas.com\/it\/producto\/lovato-kit-de-reparacion-de-reductores-al-vacio-rg80-rgv090\/#breadcrumb"},"inLanguage":"it-IT","potentialAction":[{"@type":"ReadAction","target":["https:\/\/recambiosecogas.com\/it\/producto\/lovato-kit-de-reparacion-de-reductores-al-vacio-rg80-rgv090\/"]}]},{"@type":"ImageObject","inLanguage":"it-IT","@id":"https:\/\/recambiosecogas.com\/it\/producto\/lovato-kit-de-reparacion-de-reductores-al-vacio-rg80-rgv090\/#primaryimage","url":"https:\/\/recambiosecogas.com\/wp-content\/uploads\/2024\/10\/Lovato-kit-de-reparacion-de-reductores-al-vacio-RG80-RGV090-png.webp","contentUrl":"https:\/\/recambiosecogas.com\/wp-content\/uploads\/2024\/10\/Lovato-kit-de-reparacion-de-reductores-al-vacio-RG80-RGV090-png.webp","width":1000,"height":1000},{"@type":"BreadcrumbList","@id":"https:\/\/recambiosecogas.com\/it\/producto\/lovato-kit-de-reparacion-de-reductores-al-vacio-rg80-rgv090\/#breadcrumb","itemListElement":[{"@type":"ListItem","position":1,"name":"Portada","item":"https:\/\/recambiosecogas.com\/it\/"},{"@type":"ListItem","position":2,"name":"Negozio","item":"https:\/\/recambiosecogas.com\/it\/?page_id=46382"},{"@type":"ListItem","position":3,"name":"Kit di riparazione riduttore di aspirapolvere Lovato RG80, RGV090"}]},{"@type":"WebSite","@id":"https:\/\/recambiosecogas.com\/it\/#website","url":"https:\/\/recambiosecogas.com\/it\/","name":"Recambios EcoGas","description":"Recambios Multimarca para sistemas de GLP\/GNC\/GNL\/Hidr\u00f3geno","publisher":{"@id":"https:\/\/recambiosecogas.com\/it\/#organization"},"alternateName":"Recambios Autogas GLP","potentialAction":[{"@type":"SearchAction","target":{"@type":"EntryPoint","urlTemplate":"https:\/\/recambiosecogas.com\/it\/?s={search_term_string}"},"query-input":{"@type":"PropertyValueSpecification","valueRequired":true,"valueName":"search_term_string"}}],"inLanguage":"it-IT"},{"@type":["Organization","Place"],"@id":"https:\/\/recambiosecogas.com\/it\/#organization","name":"Recambios EcoGas","alternateName":"Tienda Online GLP Espa\u00f1a","url":"https:\/\/recambiosecogas.com\/it\/","logo":{"@id":"https:\/\/recambiosecogas.com\/it\/producto\/lovato-kit-de-reparacion-de-reductores-al-vacio-rg80-rgv090\/#local-main-organization-logo"},"image":{"@id":"https:\/\/recambiosecogas.com\/it\/producto\/lovato-kit-de-reparacion-de-reductores-al-vacio-rg80-rgv090\/#local-main-organization-logo"},"sameAs":["https:\/\/www.facebook.com\/profile.php?id=100062419705358","https:\/\/www.instagram.com\/segimon_automocio"],"description":"Recambios EcoGas \u2013 Venta y distribuci\u00f3n de sistemas GLP y GNC en Espa\u00f1a y Portugal. Env\u00edos 24 h, soporte t\u00e9cnico a talleres y distribuidores.","hasMerchantReturnPolicy":{"@type":"MerchantReturnPolicy","merchantReturnLink":"https:\/\/recambiosecogas.com\/politicas-privacidad\/"},"address":{"@id":"https:\/\/recambiosecogas.com\/it\/producto\/lovato-kit-de-reparacion-de-reductores-al-vacio-rg80-rgv090\/#local-main-place-address"},"telephone":["616250633"],"contactPoint":{"@type":"ContactPoint","email":"export@recambiosecogas.com"},"openingHoursSpecification":[{"@type":"OpeningHoursSpecification","dayOfWeek":["Monday","Tuesday","Wednesday","Thursday","Friday","Saturday","Sunday"],"opens":"09:00","closes":"17:00"}],"email":"info@recambiosecogas.com","faxNumber":"SEGIMON AUTOMOCION SL","vatID":"ESB19819861","globalLocationNumber":"938 616 339"},{"@type":"PostalAddress","@id":"https:\/\/recambiosecogas.com\/it\/producto\/lovato-kit-de-reparacion-de-reductores-al-vacio-rg80-rgv090\/#local-main-place-address","streetAddress":"cami antic de vic, 29 (Nave 3), Pol\u00edgono Industrial Congost","addressLocality":"CORRO D`AVALL","postalCode":"08520","addressRegion":"Barcelona","addressCountry":"ES"},{"@type":"ImageObject","inLanguage":"it-IT","@id":"https:\/\/recambiosecogas.com\/it\/producto\/lovato-kit-de-reparacion-de-reductores-al-vacio-rg80-rgv090\/#local-main-organization-logo","url":"https:\/\/recambiosecogas.com\/wp-content\/uploads\/2024\/11\/cropped-RECAMBIOS-GLP-png.webp","contentUrl":"https:\/\/recambiosecogas.com\/wp-content\/uploads\/2024\/11\/cropped-RECAMBIOS-GLP-png.webp","width":512,"height":512,"caption":"Recambios EcoGas"}]},"product_price_amount":"20.65","product_price_currency":"EUR","og_availability":"backorder","product_availability":"available for order","product_retailer_item_id":"102519","product_condition":"new","geo.placename":"CORRO D`AVALL","geo.region":"Spagna"},"uagb_featured_image_src":{"full":["https:\/\/recambiosecogas.com\/wp-content\/uploads\/2024\/10\/Lovato-kit-de-reparacion-de-reductores-al-vacio-RG80-RGV090-png.webp",1000,1000,false],"thumbnail":["https:\/\/recambiosecogas.com\/wp-content\/uploads\/2024\/10\/Lovato-kit-de-reparacion-de-reductores-al-vacio-RG80-RGV090-png-150x150.webp",150,150,true],"medium":["https:\/\/recambiosecogas.com\/wp-content\/uploads\/2024\/10\/Lovato-kit-de-reparacion-de-reductores-al-vacio-RG80-RGV090-300x300.webp",300,300,true],"medium_large":["https:\/\/recambiosecogas.com\/wp-content\/uploads\/2024\/10\/Lovato-kit-de-reparacion-de-reductores-al-vacio-RG80-RGV090-png-768x768.webp",768,768,true],"large":["https:\/\/recambiosecogas.com\/wp-content\/uploads\/2024\/10\/Lovato-kit-de-reparacion-de-reductores-al-vacio-RG80-RGV090-png.webp",1000,1000,false],"1536x1536":["https:\/\/recambiosecogas.com\/wp-content\/uploads\/2024\/10\/Lovato-kit-de-reparacion-de-reductores-al-vacio-RG80-RGV090-png.webp",1000,1000,false],"2048x2048":["https:\/\/recambiosecogas.com\/wp-content\/uploads\/2024\/10\/Lovato-kit-de-reparacion-de-reductores-al-vacio-RG80-RGV090-png.webp",1000,1000,false],"woocommerce_archive_thumbnail":["https:\/\/recambiosecogas.com\/wp-content\/uploads\/2024\/10\/Lovato-kit-de-reparacion-de-reductores-al-vacio-RG80-RGV090-png.webp",1000,1000,false],"woocommerce_thumbnail":["https:\/\/recambiosecogas.com\/wp-content\/uploads\/2024\/10\/Lovato-kit-de-reparacion-de-reductores-al-vacio-RG80-RGV090-png-300x300.webp",300,300,true],"woocommerce_single":["https:\/\/recambiosecogas.com\/wp-content\/uploads\/2024\/10\/Lovato-kit-de-reparacion-de-reductores-al-vacio-RG80-RGV090-png.webp",1000,1000,false],"woocommerce_gallery_thumbnail":["https:\/\/recambiosecogas.com\/wp-content\/uploads\/2024\/10\/Lovato-kit-de-reparacion-de-reductores-al-vacio-RG80-RGV090-png.webp",1000,1000,false],"dgwt-wcas-product-suggestion":["https:\/\/recambiosecogas.com\/wp-content\/uploads\/2024\/10\/Lovato-kit-de-reparacion-de-reductores-al-vacio-RG80-RGV090-png-64x64.webp",64,64,true]},"uagb_author_info":{"display_name":"Fran - Soporte T\u00e9cnico","author_link":"https:\/\/recambiosecogas.com\/it\/author\/"},"uagb_comment_info":0,"uagb_excerpt":"Kit di riparazione per riduttori di vuoto Lovato RG80 e RGV090.","_links":{"self":[{"href":"https:\/\/recambiosecogas.com\/it\/wp-json\/wp\/v2\/product\/47131","targetHints":{"allow":["GET"]}}],"collection":[{"href":"https:\/\/recambiosecogas.com\/it\/wp-json\/wp\/v2\/product"}],"about":[{"href":"https:\/\/recambiosecogas.com\/it\/wp-json\/wp\/v2\/types\/product"}],"replies":[{"embeddable":true,"href":"https:\/\/recambiosecogas.com\/it\/wp-json\/wp\/v2\/comments?post=47131"}],"wp:featuredmedia":[{"embeddable":true,"href":"https:\/\/recambiosecogas.com\/it\/wp-json\/wp\/v2\/media\/5039"}],"wp:attachment":[{"href":"https:\/\/recambiosecogas.com\/it\/wp-json\/wp\/v2\/media?parent=47131"}],"wp:term":[{"taxonomy":"product_brand","embeddable":true,"href":"https:\/\/recambiosecogas.com\/it\/wp-json\/wp\/v2\/product_brand?post=47131"},{"taxonomy":"product_cat","embeddable":true,"href":"https:\/\/recambiosecogas.com\/it\/wp-json\/wp\/v2\/product_cat?post=47131"},{"taxonomy":"product_tag","embeddable":true,"href":"https:\/\/recambiosecogas.com\/it\/wp-json\/wp\/v2\/product_tag?post=47131"}],"curies":[{"name":"wp","href":"https:\/\/api.w.org\/{rel}","templated":true}]}}