{"id":47126,"date":"2024-10-19T13:51:59","date_gmt":"2024-10-19T13:51:59","guid":{"rendered":"https:\/\/recambiosecogas.com\/producto\/kit-de-reparacion-del-reductor-lovato-rgj\/"},"modified":"2026-04-27T09:19:20","modified_gmt":"2026-04-27T08:19:20","slug":"kit-de-reparacion-del-reductor-lovato-rgj","status":"publish","type":"product","link":"https:\/\/recambiosecogas.com\/it\/producto\/kit-de-reparacion-del-reductor-lovato-rgj\/","title":{"rendered":"Kit di riparazione riduttore Lovato RGJ"},"content":{"rendered":"<h1 data-start=\"152\" data-end=\"188\">Kit di riparazione riduttore Lovato RGJ<\/h1>\n<p data-start=\"190\" data-end=\"489\">Il <strong data-start=\"193\" data-end=\"231\">kit di riparazione riduttore Lovato RGJ<\/strong> \u00e8 progettato per la manutenzione e il ricondizionamento del modello riduttore Lovato RGJ. Questo insieme consente la sostituzione di componenti interni soggetti a usura, aiutando a recuperare la stabilit\u00e0 della pressione e il corretto funzionamento del sistema. <\/p>\n<p data-start=\"491\" data-end=\"610\">\u00c8 una soluzione adatta per la manutenzione preventiva o correttiva in installazioni dotate di riduttori Lovato RGJ.<\/p>\n<hr data-start=\"612\" data-end=\"615\">\n<h2 data-start=\"617\" data-end=\"657\">Manutenzione del cambio Lovato RGJ<\/h2>\n<div class=\"TyagGW_tableContainer\">\n<div class=\"group TyagGW_tableWrapper flex flex-col-reverse w-fit\" tabindex=\"-1\">\n<table class=\"w-fit min-w-(--thread-content-width)\" data-start=\"659\" data-end=\"910\">\n<thead data-start=\"659\" data-end=\"694\">\n<tr data-start=\"659\" data-end=\"694\">\n<th class=\"\" data-start=\"659\" data-end=\"676\" data-col-size=\"sm\">Caratteristiche<\/th>\n<th class=\"\" data-start=\"676\" data-end=\"694\" data-col-size=\"sm\">Specifiche<\/th>\n<\/tr>\n<\/thead>\n<tbody data-start=\"731\" data-end=\"910\">\n<tr data-start=\"731\" data-end=\"763\">\n<td data-start=\"731\" data-end=\"742\" data-col-size=\"sm\">Prodotto<\/td>\n<td data-start=\"742\" data-end=\"763\" data-col-size=\"sm\">Kit di riparazione<\/td>\n<\/tr>\n<tr data-start=\"764\" data-end=\"782\">\n<td data-start=\"764\" data-end=\"772\" data-col-size=\"sm\">Marchio<\/td>\n<td data-start=\"772\" data-end=\"782\" data-col-size=\"sm\">Lovato<\/td>\n<\/tr>\n<tr data-start=\"783\" data-end=\"810\">\n<td data-start=\"783\" data-end=\"803\" data-col-size=\"sm\">Modello compatibile<\/td>\n<td data-start=\"803\" data-end=\"810\" data-col-size=\"sm\">RGJ<\/td>\n<\/tr>\n<tr data-start=\"811\" data-end=\"836\">\n<td data-start=\"811\" data-end=\"824\" data-col-size=\"sm\">Applicazione<\/td>\n<td data-start=\"824\" data-end=\"836\" data-col-size=\"sm\">Riduttore<\/td>\n<\/tr>\n<tr data-start=\"837\" data-end=\"868\">\n<td data-start=\"837\" data-end=\"843\" data-col-size=\"sm\">Applicazione<\/td>\n<td data-start=\"843\" data-end=\"868\" data-col-size=\"sm\">Manutenzione tecnica<\/td>\n<\/tr>\n<tr data-start=\"869\" data-end=\"910\">\n<td data-start=\"869\" data-end=\"883\" data-col-size=\"sm\">Installazione<\/td>\n<td data-start=\"883\" data-end=\"910\" data-col-size=\"sm\">Professionisti consigliati<\/td>\n<\/tr>\n<\/tbody>\n<\/table>\n<\/div>\n<\/div>\n<hr data-start=\"912\" data-end=\"915\">\n<h2 data-start=\"917\" data-end=\"964\">Compatibilit\u00e0 con il kit di riparazione Lovato RGJ<\/h2>\n<p data-start=\"966\" data-end=\"1010\">Compatibile con riduttori modello Lovato RGJ.<\/p>\n<p data-start=\"1012\" data-end=\"1116\">Prima dell&#8217;installazione, verifica la versione esatta del cambio per assicurarti la corretta compatibilit\u00e0.<\/p>\n<hr data-start=\"1118\" data-end=\"1121\">\n<h2 data-start=\"1123\" data-end=\"1169\">Vantaggi della manutenzione del cambio RGJ<\/h2>\n<ul data-start=\"1171\" data-end=\"1376\">\n<li data-start=\"1171\" data-end=\"1217\">\n<p data-start=\"1173\" data-end=\"1217\">Sostituzione di membrane e guarnizioni interne<\/p>\n<\/li>\n<li data-start=\"1218\" data-end=\"1263\">\n<p data-start=\"1220\" data-end=\"1263\">Recupero della stabilit\u00e0 della pressione<\/p>\n<\/li>\n<li data-start=\"1264\" data-end=\"1308\">\n<p data-start=\"1266\" data-end=\"1308\">Progettato specificamente per il modello RGJ<\/p>\n<\/li>\n<li data-start=\"1309\" data-end=\"1344\">\n<p data-start=\"1311\" data-end=\"1344\">Migliora la risposta del sistema<\/p>\n<\/li>\n<li data-start=\"1345\" data-end=\"1376\">\n<p data-start=\"1347\" data-end=\"1376\">Pezzo di ricambio tecnico specifico<\/p>\n<\/li>\n<\/ul>\n<hr data-start=\"1378\" data-end=\"1381\">\n<h2 data-start=\"1383\" data-end=\"1429\">Quando sostituire i componenti interni?<\/h2>\n<p data-start=\"1431\" data-end=\"1482\">Si consiglia di usare questo kit quando viene rilevati:<\/p>\n<ul data-start=\"1484\" data-end=\"1578\">\n<li data-start=\"1484\" data-end=\"1510\">\n<p data-start=\"1486\" data-end=\"1510\">Variazioni di pressione<\/p>\n<\/li>\n<li data-start=\"1511\" data-end=\"1532\">\n<p data-start=\"1513\" data-end=\"1532\">Minimo instabile<\/p>\n<\/li>\n<li data-start=\"1533\" data-end=\"1551\">\n<p data-start=\"1535\" data-end=\"1551\">Perdite interne<\/p>\n<\/li>\n<li data-start=\"1552\" data-end=\"1578\">\n<p data-start=\"1554\" data-end=\"1578\">Perdita di prestazioni<\/p>\n<\/li>\n<\/ul>\n<p data-start=\"1580\" data-end=\"1693\">La manutenzione regolare aiuta a prolungare la vita dell&#8217;unit\u00e0 di ingranaggi e a mantenere un funzionamento stabile.<\/p>\n<hr data-start=\"1695\" data-end=\"1698\">\n<h2 data-start=\"1700\" data-end=\"1706\">Domande frequenti<\/h2>\n<p data-start=\"1708\" data-end=\"1852\"><strong data-start=\"1708\" data-end=\"1766\">A cosa serve il kit di riparazione riduttore Lovato RGJ?<\/strong><br data-start=\"1766\" data-end=\"1769\">Permette di ricondizionare il cambio sostituendo gli elementi di usura interni.<\/p>\n<p data-start=\"1854\" data-end=\"1979\"><strong data-start=\"1854\" data-end=\"1898\">\u00c8 valido per tutte le versioni RGJ?<\/strong><br data-start=\"1898\" data-end=\"1901\">Si consiglia di controllare la versione specifica del cambio prima dell&#8217;acquisto.<\/p>\n<p data-start=\"1981\" data-end=\"2074\"><strong data-start=\"1981\" data-end=\"2019\">Richiede un&#8217;installazione professionale?<\/strong><br data-start=\"2019\" data-end=\"2022\">S\u00ec, \u00e8 consigliato l&#8217;assemblaggio da parte di un tecnico specializzato.<\/p>\n","protected":false},"excerpt":{"rendered":"<p data-start=\"2449\" data-end=\"2492\">Kit di riparazione per riduttore Lovato RGJ.<\/p>\n","protected":false},"featured_media":5052,"comment_status":"open","ping_status":"closed","template":"","meta":{"_uag_custom_page_level_css":""},"product_brand":[],"product_cat":[2135,2367,2136],"product_tag":[],"class_list":{"0":"post-47126","1":"product","2":"type-product","3":"status-publish","4":"has-post-thumbnail","6":"product_cat-juegos-de-reparacion-glp","7":"product_cat-lovato","8":"product_cat-reguladores-de-presion","10":"first","11":"onbackorder","12":"taxable","13":"shipping-taxable","14":"purchasable","15":"product-type-simple"},"ct_brands":[],"yoast_head":"<!-- This site is optimized with the Yoast SEO Premium plugin v27.5 (Yoast SEO v27.5) - https:\/\/yoast.com\/product\/yoast-seo-premium-wordpress\/ -->\n<title>Kit di riparazione riduttore Lovato RGJ | Recambios EcoGas | Sistemas GLP y GNC<\/title>\n<meta name=\"description\" content=\"Kit di riparazione riduttore Lovato RGJ per manutenzione e recupero della pressione.\" \/>\n<meta name=\"robots\" content=\"index, follow, max-snippet:-1, max-image-preview:large, max-video-preview:-1\" \/>\n<link rel=\"canonical\" href=\"https:\/\/recambiosecogas.com\/it\/producto\/kit-de-reparacion-del-reductor-lovato-rgj\/\" \/>\n<meta property=\"og:locale\" content=\"it_IT\" \/>\n<meta property=\"og:type\" content=\"article\" \/>\n<meta property=\"og:title\" content=\"Kit di riparazione riduttore Lovato RGJ\" \/>\n<meta property=\"og:description\" content=\"Kit di riparazione riduttore Lovato RGJ per manutenzione e recupero della pressione.\" \/>\n<meta property=\"og:url\" content=\"https:\/\/recambiosecogas.com\/it\/producto\/kit-de-reparacion-del-reductor-lovato-rgj\/\" \/>\n<meta property=\"og:site_name\" content=\"Recambios EcoGas\" \/>\n<meta property=\"article:publisher\" content=\"https:\/\/www.facebook.com\/profile.php?id=100062419705358\" \/>\n<meta property=\"article:modified_time\" content=\"2026-04-27T08:19:20+00:00\" \/>\n<meta property=\"og:image\" content=\"https:\/\/recambiosecogas.com\/wp-content\/uploads\/2024\/10\/Kit-de-reparacion-del-reductor-Lovato-RGJ-0-png.webp\" \/>\n\t<meta property=\"og:image:width\" content=\"1000\" \/>\n\t<meta property=\"og:image:height\" content=\"1000\" \/>\n\t<meta property=\"og:image:type\" content=\"image\/png\" \/>\n<meta name=\"twitter:card\" content=\"summary_large_image\" \/>\n<meta name=\"twitter:label1\" content=\"Prezzo\" \/>\n\t<meta name=\"twitter:data1\" content=\"23,13&nbsp;&euro; (Sin IVA: 19,12&nbsp;&euro;)\" \/>\n\t<meta name=\"twitter:label2\" content=\"Disponibilit\u00e0\" \/>\n\t<meta name=\"twitter:data2\" content=\"Su ordinazione\" \/>\n<script type=\"application\/ld+json\" class=\"yoast-schema-graph\">{\"@context\":\"https:\\\/\\\/schema.org\",\"@graph\":[{\"@type\":\"WebPage\",\"@id\":\"https:\\\/\\\/recambiosecogas.com\\\/it\\\/producto\\\/kit-de-reparacion-del-reductor-lovato-rgj\\\/\",\"url\":\"https:\\\/\\\/recambiosecogas.com\\\/it\\\/producto\\\/kit-de-reparacion-del-reductor-lovato-rgj\\\/\",\"name\":\"Kit di riparazione riduttore Lovato RGJ | Recambios EcoGas | Sistemas GLP y GNC\",\"isPartOf\":{\"@id\":\"https:\\\/\\\/recambiosecogas.com\\\/it\\\/#website\"},\"primaryImageOfPage\":{\"@id\":\"https:\\\/\\\/recambiosecogas.com\\\/it\\\/producto\\\/kit-de-reparacion-del-reductor-lovato-rgj\\\/#primaryimage\"},\"image\":{\"@id\":\"https:\\\/\\\/recambiosecogas.com\\\/it\\\/producto\\\/kit-de-reparacion-del-reductor-lovato-rgj\\\/#primaryimage\"},\"thumbnailUrl\":\"https:\\\/\\\/recambiosecogas.com\\\/wp-content\\\/uploads\\\/2024\\\/10\\\/Kit-de-reparacion-del-reductor-Lovato-RGJ-0-png.webp\",\"datePublished\":\"2024-10-19T13:51:59+00:00\",\"dateModified\":\"2026-04-27T08:19:20+00:00\",\"description\":\"Kit di riparazione riduttore Lovato RGJ per manutenzione e recupero della pressione.\",\"breadcrumb\":{\"@id\":\"https:\\\/\\\/recambiosecogas.com\\\/it\\\/producto\\\/kit-de-reparacion-del-reductor-lovato-rgj\\\/#breadcrumb\"},\"inLanguage\":\"it-IT\",\"potentialAction\":[{\"@type\":\"ReadAction\",\"target\":[\"https:\\\/\\\/recambiosecogas.com\\\/it\\\/producto\\\/kit-de-reparacion-del-reductor-lovato-rgj\\\/\"]}]},{\"@type\":\"ImageObject\",\"inLanguage\":\"it-IT\",\"@id\":\"https:\\\/\\\/recambiosecogas.com\\\/it\\\/producto\\\/kit-de-reparacion-del-reductor-lovato-rgj\\\/#primaryimage\",\"url\":\"https:\\\/\\\/recambiosecogas.com\\\/wp-content\\\/uploads\\\/2024\\\/10\\\/Kit-de-reparacion-del-reductor-Lovato-RGJ-0-png.webp\",\"contentUrl\":\"https:\\\/\\\/recambiosecogas.com\\\/wp-content\\\/uploads\\\/2024\\\/10\\\/Kit-de-reparacion-del-reductor-Lovato-RGJ-0-png.webp\",\"width\":1000,\"height\":1000},{\"@type\":\"BreadcrumbList\",\"@id\":\"https:\\\/\\\/recambiosecogas.com\\\/it\\\/producto\\\/kit-de-reparacion-del-reductor-lovato-rgj\\\/#breadcrumb\",\"itemListElement\":[{\"@type\":\"ListItem\",\"position\":1,\"name\":\"Portada\",\"item\":\"https:\\\/\\\/recambiosecogas.com\\\/it\\\/\"},{\"@type\":\"ListItem\",\"position\":2,\"name\":\"Negozio\",\"item\":\"https:\\\/\\\/recambiosecogas.com\\\/it\\\/?page_id=46382\"},{\"@type\":\"ListItem\",\"position\":3,\"name\":\"Kit di riparazione riduttore Lovato RGJ\"}]},{\"@type\":\"WebSite\",\"@id\":\"https:\\\/\\\/recambiosecogas.com\\\/it\\\/#website\",\"url\":\"https:\\\/\\\/recambiosecogas.com\\\/it\\\/\",\"name\":\"Recambios EcoGas\",\"description\":\"Recambios Multimarca para sistemas de GLP\\\/GNC\\\/GNL\\\/Hidr\u00f3geno\",\"publisher\":{\"@id\":\"https:\\\/\\\/recambiosecogas.com\\\/it\\\/#organization\"},\"alternateName\":\"Recambios Autogas GLP\",\"potentialAction\":[{\"@type\":\"SearchAction\",\"target\":{\"@type\":\"EntryPoint\",\"urlTemplate\":\"https:\\\/\\\/recambiosecogas.com\\\/it\\\/?s={search_term_string}\"},\"query-input\":{\"@type\":\"PropertyValueSpecification\",\"valueRequired\":true,\"valueName\":\"search_term_string\"}}],\"inLanguage\":\"it-IT\"},{\"@type\":[\"Organization\",\"Place\"],\"@id\":\"https:\\\/\\\/recambiosecogas.com\\\/it\\\/#organization\",\"name\":\"Recambios EcoGas\",\"alternateName\":\"Tienda Online GLP Espa\u00f1a\",\"url\":\"https:\\\/\\\/recambiosecogas.com\\\/it\\\/\",\"logo\":{\"@id\":\"https:\\\/\\\/recambiosecogas.com\\\/it\\\/producto\\\/kit-de-reparacion-del-reductor-lovato-rgj\\\/#local-main-organization-logo\"},\"image\":{\"@id\":\"https:\\\/\\\/recambiosecogas.com\\\/it\\\/producto\\\/kit-de-reparacion-del-reductor-lovato-rgj\\\/#local-main-organization-logo\"},\"sameAs\":[\"https:\\\/\\\/www.facebook.com\\\/profile.php?id=100062419705358\",\"https:\\\/\\\/www.instagram.com\\\/segimon_automocio\"],\"description\":\"Recambios EcoGas \u2013 Venta y distribuci\u00f3n de sistemas GLP y GNC en Espa\u00f1a y Portugal. Env\u00edos 24 h, soporte t\u00e9cnico a talleres y distribuidores.\",\"hasMerchantReturnPolicy\":{\"@type\":\"MerchantReturnPolicy\",\"merchantReturnLink\":\"https:\\\/\\\/recambiosecogas.com\\\/politicas-privacidad\\\/\"},\"address\":{\"@id\":\"https:\\\/\\\/recambiosecogas.com\\\/it\\\/producto\\\/kit-de-reparacion-del-reductor-lovato-rgj\\\/#local-main-place-address\"},\"telephone\":[\"616250633\"],\"contactPoint\":{\"@type\":\"ContactPoint\",\"email\":\"export@recambiosecogas.com\"},\"openingHoursSpecification\":[{\"@type\":\"OpeningHoursSpecification\",\"dayOfWeek\":[\"Monday\",\"Tuesday\",\"Wednesday\",\"Thursday\",\"Friday\",\"Saturday\",\"Sunday\"],\"opens\":\"09:00\",\"closes\":\"17:00\"}],\"email\":\"info@recambiosecogas.com\",\"faxNumber\":\"SEGIMON AUTOMOCION SL\",\"vatID\":\"ESB19819861\",\"globalLocationNumber\":\"938 616 339\"},{\"@type\":\"PostalAddress\",\"@id\":\"https:\\\/\\\/recambiosecogas.com\\\/it\\\/producto\\\/kit-de-reparacion-del-reductor-lovato-rgj\\\/#local-main-place-address\",\"streetAddress\":\"cami antic de vic, 29 (Nave 3), Pol\u00edgono Industrial Congost\",\"addressLocality\":\"CORRO D`AVALL\",\"postalCode\":\"08520\",\"addressRegion\":\"Barcelona\",\"addressCountry\":\"ES\"},{\"@type\":\"ImageObject\",\"inLanguage\":\"it-IT\",\"@id\":\"https:\\\/\\\/recambiosecogas.com\\\/it\\\/producto\\\/kit-de-reparacion-del-reductor-lovato-rgj\\\/#local-main-organization-logo\",\"url\":\"https:\\\/\\\/recambiosecogas.com\\\/wp-content\\\/uploads\\\/2024\\\/11\\\/cropped-RECAMBIOS-GLP-png.webp\",\"contentUrl\":\"https:\\\/\\\/recambiosecogas.com\\\/wp-content\\\/uploads\\\/2024\\\/11\\\/cropped-RECAMBIOS-GLP-png.webp\",\"width\":512,\"height\":512,\"caption\":\"Recambios EcoGas\"}]}<\/script>\n<meta property=\"product:price:amount\" content=\"23.13\" \/>\n<meta property=\"product:price:currency\" content=\"EUR\" \/>\n<meta property=\"og:availability\" content=\"backorder\" \/>\n<meta property=\"product:availability\" content=\"available for order\" \/>\n<meta property=\"product:retailer_item_id\" content=\"101222A\" \/>\n<meta property=\"product:condition\" content=\"new\" \/>\n<meta name=\"geo.placename\" content=\"CORRO D`AVALL\" \/>\n<meta name=\"geo.region\" content=\"Spagna\" \/>\n<!-- \/ Yoast SEO Premium plugin. -->","yoast_head_json":{"title":"Kit di riparazione riduttore Lovato RGJ | Recambios EcoGas | Sistemas GLP y GNC","description":"Kit di riparazione riduttore Lovato RGJ per manutenzione e recupero della pressione.","robots":{"index":"index","follow":"follow","max-snippet":"max-snippet:-1","max-image-preview":"max-image-preview:large","max-video-preview":"max-video-preview:-1"},"canonical":"https:\/\/recambiosecogas.com\/it\/producto\/kit-de-reparacion-del-reductor-lovato-rgj\/","og_locale":"it_IT","og_type":"article","og_title":"Kit di riparazione riduttore Lovato RGJ","og_description":"Kit di riparazione riduttore Lovato RGJ per manutenzione e recupero della pressione.","og_url":"https:\/\/recambiosecogas.com\/it\/producto\/kit-de-reparacion-del-reductor-lovato-rgj\/","og_site_name":"Recambios EcoGas","article_publisher":"https:\/\/www.facebook.com\/profile.php?id=100062419705358","article_modified_time":"2026-04-27T08:19:20+00:00","og_image":[{"width":1000,"height":1000,"url":"https:\/\/recambiosecogas.com\/wp-content\/uploads\/2024\/10\/Kit-de-reparacion-del-reductor-Lovato-RGJ-0-png.webp","type":"image\/png"}],"twitter_card":"summary_large_image","twitter_misc":{"Prezzo":"23,13&nbsp;&euro; (Sin IVA: 19,12&nbsp;&euro;)","Disponibilit\u00e0":"Su ordinazione"},"schema":{"@context":"https:\/\/schema.org","@graph":[{"@type":"WebPage","@id":"https:\/\/recambiosecogas.com\/it\/producto\/kit-de-reparacion-del-reductor-lovato-rgj\/","url":"https:\/\/recambiosecogas.com\/it\/producto\/kit-de-reparacion-del-reductor-lovato-rgj\/","name":"Kit di riparazione riduttore Lovato RGJ | Recambios EcoGas | Sistemas GLP y GNC","isPartOf":{"@id":"https:\/\/recambiosecogas.com\/it\/#website"},"primaryImageOfPage":{"@id":"https:\/\/recambiosecogas.com\/it\/producto\/kit-de-reparacion-del-reductor-lovato-rgj\/#primaryimage"},"image":{"@id":"https:\/\/recambiosecogas.com\/it\/producto\/kit-de-reparacion-del-reductor-lovato-rgj\/#primaryimage"},"thumbnailUrl":"https:\/\/recambiosecogas.com\/wp-content\/uploads\/2024\/10\/Kit-de-reparacion-del-reductor-Lovato-RGJ-0-png.webp","datePublished":"2024-10-19T13:51:59+00:00","dateModified":"2026-04-27T08:19:20+00:00","description":"Kit di riparazione riduttore Lovato RGJ per manutenzione e recupero della pressione.","breadcrumb":{"@id":"https:\/\/recambiosecogas.com\/it\/producto\/kit-de-reparacion-del-reductor-lovato-rgj\/#breadcrumb"},"inLanguage":"it-IT","potentialAction":[{"@type":"ReadAction","target":["https:\/\/recambiosecogas.com\/it\/producto\/kit-de-reparacion-del-reductor-lovato-rgj\/"]}]},{"@type":"ImageObject","inLanguage":"it-IT","@id":"https:\/\/recambiosecogas.com\/it\/producto\/kit-de-reparacion-del-reductor-lovato-rgj\/#primaryimage","url":"https:\/\/recambiosecogas.com\/wp-content\/uploads\/2024\/10\/Kit-de-reparacion-del-reductor-Lovato-RGJ-0-png.webp","contentUrl":"https:\/\/recambiosecogas.com\/wp-content\/uploads\/2024\/10\/Kit-de-reparacion-del-reductor-Lovato-RGJ-0-png.webp","width":1000,"height":1000},{"@type":"BreadcrumbList","@id":"https:\/\/recambiosecogas.com\/it\/producto\/kit-de-reparacion-del-reductor-lovato-rgj\/#breadcrumb","itemListElement":[{"@type":"ListItem","position":1,"name":"Portada","item":"https:\/\/recambiosecogas.com\/it\/"},{"@type":"ListItem","position":2,"name":"Negozio","item":"https:\/\/recambiosecogas.com\/it\/?page_id=46382"},{"@type":"ListItem","position":3,"name":"Kit di riparazione riduttore Lovato RGJ"}]},{"@type":"WebSite","@id":"https:\/\/recambiosecogas.com\/it\/#website","url":"https:\/\/recambiosecogas.com\/it\/","name":"Recambios EcoGas","description":"Recambios Multimarca para sistemas de GLP\/GNC\/GNL\/Hidr\u00f3geno","publisher":{"@id":"https:\/\/recambiosecogas.com\/it\/#organization"},"alternateName":"Recambios Autogas GLP","potentialAction":[{"@type":"SearchAction","target":{"@type":"EntryPoint","urlTemplate":"https:\/\/recambiosecogas.com\/it\/?s={search_term_string}"},"query-input":{"@type":"PropertyValueSpecification","valueRequired":true,"valueName":"search_term_string"}}],"inLanguage":"it-IT"},{"@type":["Organization","Place"],"@id":"https:\/\/recambiosecogas.com\/it\/#organization","name":"Recambios EcoGas","alternateName":"Tienda Online GLP Espa\u00f1a","url":"https:\/\/recambiosecogas.com\/it\/","logo":{"@id":"https:\/\/recambiosecogas.com\/it\/producto\/kit-de-reparacion-del-reductor-lovato-rgj\/#local-main-organization-logo"},"image":{"@id":"https:\/\/recambiosecogas.com\/it\/producto\/kit-de-reparacion-del-reductor-lovato-rgj\/#local-main-organization-logo"},"sameAs":["https:\/\/www.facebook.com\/profile.php?id=100062419705358","https:\/\/www.instagram.com\/segimon_automocio"],"description":"Recambios EcoGas \u2013 Venta y distribuci\u00f3n de sistemas GLP y GNC en Espa\u00f1a y Portugal. Env\u00edos 24 h, soporte t\u00e9cnico a talleres y distribuidores.","hasMerchantReturnPolicy":{"@type":"MerchantReturnPolicy","merchantReturnLink":"https:\/\/recambiosecogas.com\/politicas-privacidad\/"},"address":{"@id":"https:\/\/recambiosecogas.com\/it\/producto\/kit-de-reparacion-del-reductor-lovato-rgj\/#local-main-place-address"},"telephone":["616250633"],"contactPoint":{"@type":"ContactPoint","email":"export@recambiosecogas.com"},"openingHoursSpecification":[{"@type":"OpeningHoursSpecification","dayOfWeek":["Monday","Tuesday","Wednesday","Thursday","Friday","Saturday","Sunday"],"opens":"09:00","closes":"17:00"}],"email":"info@recambiosecogas.com","faxNumber":"SEGIMON AUTOMOCION SL","vatID":"ESB19819861","globalLocationNumber":"938 616 339"},{"@type":"PostalAddress","@id":"https:\/\/recambiosecogas.com\/it\/producto\/kit-de-reparacion-del-reductor-lovato-rgj\/#local-main-place-address","streetAddress":"cami antic de vic, 29 (Nave 3), Pol\u00edgono Industrial Congost","addressLocality":"CORRO D`AVALL","postalCode":"08520","addressRegion":"Barcelona","addressCountry":"ES"},{"@type":"ImageObject","inLanguage":"it-IT","@id":"https:\/\/recambiosecogas.com\/it\/producto\/kit-de-reparacion-del-reductor-lovato-rgj\/#local-main-organization-logo","url":"https:\/\/recambiosecogas.com\/wp-content\/uploads\/2024\/11\/cropped-RECAMBIOS-GLP-png.webp","contentUrl":"https:\/\/recambiosecogas.com\/wp-content\/uploads\/2024\/11\/cropped-RECAMBIOS-GLP-png.webp","width":512,"height":512,"caption":"Recambios EcoGas"}]},"product_price_amount":"23.13","product_price_currency":"EUR","og_availability":"backorder","product_availability":"available for order","product_retailer_item_id":"101222A","product_condition":"new","geo.placename":"CORRO D`AVALL","geo.region":"Spagna"},"uagb_featured_image_src":{"full":["https:\/\/recambiosecogas.com\/wp-content\/uploads\/2024\/10\/Kit-de-reparacion-del-reductor-Lovato-RGJ-0-png.webp",1000,1000,false],"thumbnail":["https:\/\/recambiosecogas.com\/wp-content\/uploads\/2024\/10\/Kit-de-reparacion-del-reductor-Lovato-RGJ-0-png-150x150.webp",150,150,true],"medium":["https:\/\/recambiosecogas.com\/wp-content\/uploads\/2024\/10\/Kit-de-reparacion-del-reductor-Lovato-RGJ-0-300x300.webp",300,300,true],"medium_large":["https:\/\/recambiosecogas.com\/wp-content\/uploads\/2024\/10\/Kit-de-reparacion-del-reductor-Lovato-RGJ-0-png-768x768.webp",768,768,true],"large":["https:\/\/recambiosecogas.com\/wp-content\/uploads\/2024\/10\/Kit-de-reparacion-del-reductor-Lovato-RGJ-0-png.webp",1000,1000,false],"1536x1536":["https:\/\/recambiosecogas.com\/wp-content\/uploads\/2024\/10\/Kit-de-reparacion-del-reductor-Lovato-RGJ-0-png.webp",1000,1000,false],"2048x2048":["https:\/\/recambiosecogas.com\/wp-content\/uploads\/2024\/10\/Kit-de-reparacion-del-reductor-Lovato-RGJ-0-png.webp",1000,1000,false],"woocommerce_archive_thumbnail":["https:\/\/recambiosecogas.com\/wp-content\/uploads\/2024\/10\/Kit-de-reparacion-del-reductor-Lovato-RGJ-0-png.webp",1000,1000,false],"woocommerce_thumbnail":["https:\/\/recambiosecogas.com\/wp-content\/uploads\/2024\/10\/Kit-de-reparacion-del-reductor-Lovato-RGJ-0-png-300x300.webp",300,300,true],"woocommerce_single":["https:\/\/recambiosecogas.com\/wp-content\/uploads\/2024\/10\/Kit-de-reparacion-del-reductor-Lovato-RGJ-0-png.webp",1000,1000,false],"woocommerce_gallery_thumbnail":["https:\/\/recambiosecogas.com\/wp-content\/uploads\/2024\/10\/Kit-de-reparacion-del-reductor-Lovato-RGJ-0-png.webp",1000,1000,false],"dgwt-wcas-product-suggestion":["https:\/\/recambiosecogas.com\/wp-content\/uploads\/2024\/10\/Kit-de-reparacion-del-reductor-Lovato-RGJ-0-png-64x64.webp",64,64,true]},"uagb_author_info":{"display_name":"Fran - Soporte T\u00e9cnico","author_link":"https:\/\/recambiosecogas.com\/it\/author\/"},"uagb_comment_info":0,"uagb_excerpt":"Kit di riparazione per riduttore Lovato RGJ.","_links":{"self":[{"href":"https:\/\/recambiosecogas.com\/it\/wp-json\/wp\/v2\/product\/47126","targetHints":{"allow":["GET"]}}],"collection":[{"href":"https:\/\/recambiosecogas.com\/it\/wp-json\/wp\/v2\/product"}],"about":[{"href":"https:\/\/recambiosecogas.com\/it\/wp-json\/wp\/v2\/types\/product"}],"replies":[{"embeddable":true,"href":"https:\/\/recambiosecogas.com\/it\/wp-json\/wp\/v2\/comments?post=47126"}],"wp:featuredmedia":[{"embeddable":true,"href":"https:\/\/recambiosecogas.com\/it\/wp-json\/wp\/v2\/media\/5052"}],"wp:attachment":[{"href":"https:\/\/recambiosecogas.com\/it\/wp-json\/wp\/v2\/media?parent=47126"}],"wp:term":[{"taxonomy":"product_brand","embeddable":true,"href":"https:\/\/recambiosecogas.com\/it\/wp-json\/wp\/v2\/product_brand?post=47126"},{"taxonomy":"product_cat","embeddable":true,"href":"https:\/\/recambiosecogas.com\/it\/wp-json\/wp\/v2\/product_cat?post=47126"},{"taxonomy":"product_tag","embeddable":true,"href":"https:\/\/recambiosecogas.com\/it\/wp-json\/wp\/v2\/product_tag?post=47126"}],"curies":[{"name":"wp","href":"https:\/\/api.w.org\/{rel}","templated":true}]}}